{"id":3978,"date":"2025-05-24T22:25:02","date_gmt":"2025-05-24T14:25:02","guid":{"rendered":"https:\/\/led.amasly.com\/?page_id=3978"},"modified":"2026-01-18T14:08:15","modified_gmt":"2026-01-18T06:08:15","slug":"gia-den-tuyen-tinh-chong-chay-no","status":"publish","type":"page","link":"https:\/\/led.amasly.com\/vi\/gia-nhe\/gia-den-tuyen-tinh-chong-chay-no\/","title":{"rendered":"Gi\u00e1 \u0111\u00e8n tuy\u1ebfn t\u00ednh ch\u1ed1ng ch\u00e1y n\u1ed5"},"content":{"rendered":"<div class=\"wp-block-uagb-container uagb-block-27bae773 alignfull uagb-is-root-container\"><div class=\"uagb-container-inner-blocks-wrap\"><\/div><\/div>\n\n\n\n<h1 class=\"wp-block-heading has-text-align-center\"><strong>Gi\u00e1 \u0111\u00e8n tuy\u1ebfn t\u00ednh ch\u1ed1ng ch\u00e1y n\u1ed5<\/strong><\/h1>\n\n\n\n<p>\u0110\u00e8n d\u1ea3i ch\u1ed1ng ch\u00e1y n\u1ed5 Amasly \u0111\u01b0\u1ee3c xu\u1ea5t kh\u1ea9u \u0111\u1ebfn t\u1ea5t c\u1ea3 c\u00e1c ch\u00e2u l\u1ee5c tr\u00ean th\u1ebf gi\u1edbi, h\u01a1n 60 qu\u1ed1c gia, v\u1edbi \u0111\u1ea7y \u0111\u1ee7 ch\u1ee9ng nh\u1eadn s\u1ea3n ph\u1ea9m v\u00e0 \u0111\u1ea3m b\u1ea3o ch\u1ea5t l\u01b0\u1ee3ng.<\/p>\n\n\n\n<h2 class=\"wp-block-heading\"><strong>Amasly<\/strong> <strong><strong>\u0110\u1eb7c \u0111i\u1ec3m c\u1ee7a \u0111\u00e8n tuy\u1ebfn t\u00ednh ch\u1ed1ng ch\u00e1y n\u1ed5<\/strong><\/strong><\/h2>\n\n\n\n<p>Tu\u1ed5i th\u1ecd cao: C\u00e1c b\u1ed9 ph\u1eadn k\u1ebft c\u1ea5u c\u1ee7a \u0111\u00e8n \u0111\u01b0\u1ee3c l\u00e0m t\u1eeb nh\u00f4m ch\u1ed1ng \u0103n m\u00f2n, b\u1ec1 m\u1eb7t \u0111\u01b0\u1ee3c anot h\u00f3a v\u00e0 sau \u0111\u00f3 ph\u1ee7 b\u1eb1ng b\u1ed9t nh\u1ef1a ch\u1ed1ng \u0103n m\u00f2n ngo\u00e0i tr\u1eddi, c\u00f2n gi\u00e1 \u0111\u1ee1 v\u00e0 \u1ed1c v\u00edt \u0111\u01b0\u1ee3c l\u00e0m t\u1eeb th\u00e9p kh\u00f4ng g\u1ec9 SUS304, c\u00f3 th\u1ec3 s\u1eed d\u1ee5ng l\u00e2u d\u00e0i trong m\u00f4i tr\u01b0\u1eddng ven bi\u1ec3n;<\/p>\n\n\n\n<p>\u0110\u00e8n \u0111\u01b0\u1ee3c thi\u1ebft k\u1ebf v\u1edbi c\u1ea5u tr\u00fac k\u00edn ho\u00e0n to\u00e0n, kh\u00f4ng c\u00f3 khe h\u1edf, kh\u00f4ng bi\u1ebfn d\u1ea1ng, c\u00f3 th\u1ec3 s\u1eed d\u1ee5ng l\u00e2u d\u00e0i trong m\u00f4i tr\u01b0\u1eddng l\u00e0m vi\u1ec7c ngo\u00e0i tr\u1eddi kh\u1eafc nghi\u1ec7t m\u00e0 kh\u00f4ng b\u1ecb \u1ea3nh h\u01b0\u1edfng b\u1edfi n\u01b0\u1edbc, c\u00f4n tr\u00f9ng hay tro b\u1ee5i.;<\/p>\n\n\n\n<p>\u0110\u00e8n \u0111\u01b0\u1ee3c thi\u1ebft k\u1ebf v\u1edbi c\u1ea5u tr\u00fac ch\u1ed1ng rung \u0111\u1ed9ng cao, k\u1ebft n\u1ed1i \u0111\u00e0n h\u1ed3i ch\u1ed1ng l\u1ecfng l\u1ebbo, c\u00f3 th\u1ec3 \u0111\u01b0\u1ee3c s\u1eed d\u1ee5ng trong c\u00e1c khu v\u1ef1c c\u00f3 rung \u0111\u1ed9ng m\u1ea1nh trong th\u1eddi gian d\u00e0i;<\/p>\n\n\n\n<p>\u00c1nh s\u00e1ng linh ho\u1ea1t, kh\u00f4ng ch\u00f3i, kh\u00f4ng g\u00e2y h\u1ea1i t\u1eeb \u00e1nh s\u00e1ng xanh, \u0111\u1eb7c bi\u1ec7t ph\u00f9 h\u1ee3p cho vi\u1ec7c chi\u1ebfu s\u00e1ng trong th\u1eddi gian d\u00e0i \u1edf c\u00e1c m\u00f4i tr\u01b0\u1eddng c\u00f3 kh\u00f4ng gian h\u1eb9p n\u01a1i con ng\u01b0\u1eddi l\u00e0m vi\u1ec7c;<\/p>\n\n\n\n<p>V\u1ecf che truy\u1ec1n s\u00e1ng \u0111\u01b0\u1ee3c l\u00e0m t\u1eeb v\u1eadt li\u1ec7u khu\u1ebfch t\u00e1n kh\u00f4ng kim lo\u1ea1i ch\u1ea5t l\u01b0\u1ee3ng cao, c\u00f3 th\u1ec3 ch\u1ecbu \u0111\u01b0\u1ee3c m\u00f4i tr\u01b0\u1eddng tia c\u1ef1c t\u00edm m\u1ea1nh ngo\u00e0i tr\u1eddi trong th\u1eddi gian d\u00e0i m\u00e0 kh\u00f4ng b\u1ecb \u1ed1 v\u00e0ng, gi\u00f2n ho\u1eb7c n\u1ee9t v\u1ee1;<\/p>\n\n\n\n<p>\u0110\u00e8n c\u00f3 c\u1ea5p \u0111\u1ed9 b\u1ea3o v\u1ec7 IP67, ph\u00f9 h\u1ee3p v\u1edbi m\u1ecdi m\u00f4i tr\u01b0\u1eddng trong nh\u00e0 v\u00e0 ngo\u00e0i tr\u1eddi, bao g\u1ed3m c\u00e1t, b\u1ee5i, m\u01b0a, s\u01b0\u01a1ng m\u00f9, s\u00f3ng m\u1ea1nh v\u00e0 m\u00f4i tr\u01b0\u1eddng ng\u00e2m n\u01b0\u1edbc t\u1ea1m th\u1eddi.;<\/p>\n\n\n\n<p>C\u00e1c ph\u01b0\u01a1ng ph\u00e1p l\u1eafp \u0111\u1eb7t linh ho\u1ea1t v\u00e0 \u0111a d\u1ea1ng c\u00f9ng v\u1edbi c\u00e1c giao di\u1ec7n t\u01b0\u01a1ng th\u00edch, c\u00f3 th\u1ec3 \u00e1p d\u1ee5ng r\u1ed9ng r\u00e3i cho nhi\u1ec1u t\u00ecnh hu\u1ed1ng l\u1eafp \u0111\u1eb7t kh\u00e1c nhau;<\/p>\n\n\n\n<p>\u0110\u00e8n v\u00e0 \u0111\u00e8n l\u1ed3ng c\u00f3 th\u1ec3 \u0111\u01b0\u1ee3c t\u00f9y ch\u1ec9nh theo ti\u00eau chu\u1ea9n ch\u1ed1ng \u0103n m\u00f2n cao nh\u1ea5t cho m\u00f4i tr\u01b0\u1eddng bi\u1ec3n, gi\u00e1 \u0111\u1ee1 v\u00e0 \u1ed1c v\u00edt \u0111\u01b0\u1ee3c l\u00e0m t\u1eeb v\u1eadt li\u1ec7u th\u00e9p kh\u00f4ng g\u1ec9 SUS316L, c\u00f3 th\u1ec3 \u00e1p d\u1ee5ng cho m\u00f4i tr\u01b0\u1eddng ho\u1ea1t \u0111\u1ed9ng ngo\u00e0i kh\u01a1i l\u00e2u d\u00e0i;<\/p>\n\n\n\n<p>Thi\u1ebft k\u1ebf h\u1ed9p n\u1ed1i \u0111\u1ed9c l\u1eadp, thu\u1eadn ti\u1ec7n cho vi\u1ec7c \u0111i d\u00e2y, c\u00f3 th\u1ec3 s\u1eed d\u1ee5ng song song v\u1edbi nhi\u1ec1u \u0111\u00e8n, gi\u00fap gi\u1ea3m chi ph\u00ed l\u1eafp \u0111\u1eb7t h\u1ed9p n\u1ed1i.<\/p>\n\n\n\n<h2 class=\"wp-block-heading\"><strong>C\u00e0i \u0111\u1eb7t<\/strong><\/h2>\n\n\n\n<p>\u0110\u01b0\u1ee3c s\u1eed d\u1ee5ng r\u1ed9ng r\u00e3i trong ph\u00f2ng \u0111i\u1ec1u khi\u1ec3n hi\u1ec7n tr\u01b0\u1eddng, v\u0103n ph\u00f2ng hi\u1ec7n tr\u01b0\u1eddng, ph\u00f2ng pin, khu v\u1ef1c amoniac l\u1ecfng, l\u1ed1i \u0111i c\u1ee7a th\u00e1p ch\u01b0ng c\u1ea5t, l\u1ed1i \u0111i c\u1ee7a b\u1ec3 ch\u1ee9a d\u1ea7u, l\u1ed1i \u0111i c\u1ee7a n\u1ec1n t\u1ea3ng, nh\u00e0 kho van b\u01a1m, \u0111\u01b0\u1eddng \u1ed1ng d\u1ecdc theo tuy\u1ebfn, c\u00e1c c\u1ed9t th\u00e1p c\u1ee7a c\u1ea3ng h\u00f3a ch\u1ea5t nguy hi\u1ec3m v\u00e0 c\u00e1c khu v\u1ef1c chi\u1ebfu s\u00e1ng kh\u00e1c;<\/p>\n\n\n\n<p>Ph\u00f9 h\u1ee3p cho c\u00e1c khu v\u1ef1c c\u00f3 m\u1ee9c \u0111\u1ed9 b\u1ea3o v\u1ec7 cao ch\u1ed1ng \u1ea9m \u01b0\u1edbt v\u00e0 \u0103n m\u00f2n;<\/p>\n\n\n\n<p>Ph\u00f9 h\u1ee3p cho c\u00e1c khu v\u1ef1c c\u00f3 kh\u00ed n\u1ed5 lo\u1ea1i 1 v\u00e0 lo\u1ea1i 2;<\/p>\n\n\n\n<p>Ph\u00f9 h\u1ee3p v\u1edbi m\u00f4i tr\u01b0\u1eddng kh\u00ed n\u1ed5 lo\u1ea1i IIA, IIB, IIC;<\/p>\n\n\n\n<p>Ph\u00f9 h\u1ee3p v\u1edbi nh\u00f3m nhi\u1ec7t \u0111\u1ed9 T1 \u0111\u1ebfn T6.<\/p>\n\n\n\n<h2 class=\"wp-block-heading\"><strong>Gi\u00e1 \u0111\u00e8n tuy\u1ebfn t\u00ednh ch\u1ed1ng ch\u00e1y n\u1ed5 Amasly<\/strong><\/h2>\n\n\n\n<div class=\"wp-block-uagb-image uagb-block-87c4869a wp-block-uagb-image--layout-default wp-block-uagb-image--effect-static wp-block-uagb-image--align-none\"><figure class=\"wp-block-uagb-image__figure\"><img decoding=\"async\" srcset=\"https:\/\/led.amasly.com\/wp-content\/uploads\/2025\/05\/Explosion-proof-linear-lights.jpg ,https:\/\/led.amasly.com\/wp-content\/uploads\/2025\/05\/Explosion-proof-linear-lights.jpg 780w, https:\/\/led.amasly.com\/wp-content\/uploads\/2025\/05\/Explosion-proof-linear-lights.jpg 360w\" sizes=\"auto, (max-width: 480px) 150px\" src=\"https:\/\/led.amasly.com\/wp-content\/uploads\/2025\/05\/Explosion-proof-linear-lights.jpg\" alt=\"\u0110\u00e8n tuy\u1ebfn t\u00ednh ch\u1ed1ng ch\u00e1y n\u1ed5, Gi\u00e1 \u0111\u00e8n tuy\u1ebfn t\u00ednh ch\u1ed1ng ch\u00e1y n\u1ed5\" class=\"uag-image-3979\" width=\"800\" height=\"800\" title=\"\u0110\u00e8n tuy\u1ebfn t\u00ednh ch\u1ed1ng ch\u00e1y n\u1ed5\" loading=\"lazy\" role=\"img\"\/><\/figure><\/div>\n\n\n\n<figure class=\"wp-block-table\"><table class=\"has-fixed-layout\"><tbody><tr><td>M\u00f4 h\u00ecnh<\/td><td>C\u00f4ng su\u1ea5t<\/td><td>Cho \u0111\u1ebfn khi Gi\u00e1\/USD<\/td><\/tr><tr><td>BAD61<\/td><td>20W<\/td><td>$39.19<\/td><\/tr><tr><td>BAD61<\/td><td>30W<\/td><td>$39.19<\/td><\/tr><tr><td>BAD61<\/td><td>40W<\/td><td>$56.17<\/td><\/tr><tr><td>BAD61<\/td><td>50W<\/td><td>$56.17<\/td><\/tr><\/tbody><\/table><\/figure>\n\n\n\n<h2 class=\"wp-block-heading\"><strong>C\u00e2u h\u1ecfi th\u01b0\u1eddng g\u1eb7p v\u1ec1 Amasly Light<\/strong><\/h2>\n\n\n\n<p><strong>Q1. T\u00f4i c\u00f3 th\u1ec3 \u0111\u1eb7t h\u00e0ng m\u1eabu cho \u0111\u00e8n LED kh\u00f4ng?<\/strong><strong><\/strong><\/p>\n\n\n\n<p>A: V\u00e2ng, ch\u00fang t\u00f4i ch\u1ea5p nh\u1eadn \u0111\u01a1n h\u00e0ng m\u1eabu \u0111\u1ec3 ki\u1ec3m tra v\u00e0 \u0111\u00e1nh gi\u00e1 ch\u1ea5t l\u01b0\u1ee3ng. C\u00e1c m\u1eabu h\u1ed7n h\u1ee3p c\u0169ng \u0111\u01b0\u1ee3c ch\u1ea5p nh\u1eadn.<\/p>\n\n\n\n<p><strong>Q2. Th\u1eddi gian giao h\u00e0ng l\u00e0 bao l\u00e2u?<\/strong><strong><\/strong><\/p>\n\n\n\n<p>A: M\u1eabu c\u1ea7n 3-5 ng\u00e0y, th\u1eddi gian s\u1ea3n xu\u1ea5t h\u00e0ng lo\u1ea1t c\u1ea7n 1-2 tu\u1ea7n.<\/p>\n\n\n\n<p><strong>C\u00e2u 3. Qu\u00fd c\u00f4ng ty c\u00f3 gi\u1edbi h\u1ea1n s\u1ed1 l\u01b0\u1ee3ng \u0111\u1eb7t h\u00e0ng t\u1ed1i thi\u1ec3u (MOQ) cho \u0111\u01a1n h\u00e0ng \u0111\u00e8n LED kh\u00f4ng?<\/strong><strong><\/strong><\/p>\n\n\n\n<p>A: S\u1ed1 l\u01b0\u1ee3ng \u0111\u1eb7t h\u00e0ng t\u1ed1i thi\u1ec3u (MOQ) th\u1ea5p, ch\u1ec9 1 s\u1ea3n ph\u1ea9m, c\u00f3 s\u1eb5n \u0111\u1ec3 ki\u1ec3m tra m\u1eabu.<\/p>\n\n\n\n<p><strong>C\u00e2u 4. Qu\u00fd c\u00f4ng ty v\u1eadn chuy\u1ec3n h\u00e0ng h\u00f3a nh\u01b0 th\u1ebf n\u00e0o v\u00e0 th\u1eddi gian giao h\u00e0ng m\u1ea5t bao l\u00e2u?<\/strong><strong><\/strong><\/p>\n\n\n\n<p>A: Ch\u00fang t\u00f4i th\u01b0\u1eddng v\u1eadn chuy\u1ec3n b\u1eb1ng <a href=\"https:\/\/www.dhl.com\" rel=\"nofollow noopener\" target=\"_blank\">DHL<\/a>, UPS, FedEx ho\u1eb7c TNT. Th\u1eddi gian giao h\u00e0ng th\u01b0\u1eddng m\u1ea5t 3-5 ng\u00e0y. V\u1eadn chuy\u1ec3n h\u00e0ng kh\u00f4ng v\u00e0 \u0111\u01b0\u1eddng bi\u1ec3n c\u0169ng l\u00e0 l\u1ef1a ch\u1ecdn kh\u1ea3 thi.<\/p>\n\n\n\n<p><strong>C\u00e2u 5. L\u00e0m th\u1ebf n\u00e0o \u0111\u1ec3 \u0111\u1eb7t h\u00e0ng \u0111\u00e8n LED?<\/strong><strong><\/strong><\/p>\n\n\n\n<p>A:<\/p>\n\n\n\n<p>Tr\u01b0\u1edbc ti\u00ean, xin vui l\u00f2ng cho ch\u00fang t\u00f4i bi\u1ebft y\u00eau c\u1ea7u ho\u1eb7c \u0111\u01a1n \u0111\u0103ng k\u00fd c\u1ee7a qu\u00fd v\u1ecb.<\/p>\n\n\n\n<p>Th\u1ee9 hai, ch\u00fang t\u00f4i s\u1ebd b\u00e1o gi\u00e1 theo y\u00eau c\u1ea7u c\u1ee7a qu\u00fd kh\u00e1ch ho\u1eb7c theo \u0111\u1ec1 xu\u1ea5t c\u1ee7a ch\u00fang t\u00f4i.<\/p>\n\n\n\n<p>Th\u1ee9 ba, kh\u00e1ch h\u00e0ng x\u00e1c nh\u1eadn m\u1eabu v\u00e0 \u0111\u1eb7t c\u1ecdc cho \u0111\u01a1n h\u00e0ng ch\u00ednh th\u1ee9c.<\/p>\n\n\n\n<p>Th\u1ee9 t\u01b0, ch\u00fang t\u00f4i s\u1eafp x\u1ebfp qu\u00e1 tr\u00ecnh s\u1ea3n xu\u1ea5t.<\/p>\n\n\n\n<p><strong>Q6. C\u00f3 \u0111\u01b0\u1ee3c ph\u00e9p in t\u00e0i li\u1ec7u c\u1ee7a t\u00f4i kh\u00f4ng? <\/strong><strong>LOGO<\/strong><strong>&nbsp;V\u1ec1 s\u1ea3n ph\u1ea9m \u0111\u00e8n LED?<\/strong><strong><\/strong><\/p>\n\n\n\n<p>A: V\u00e2ng. Xin vui l\u00f2ng th\u00f4ng b\u00e1o cho ch\u00fang t\u00f4i m\u1ed9t c\u00e1ch ch\u00ednh th\u1ee9c tr\u01b0\u1edbc khi b\u1eaft \u0111\u1ea7u s\u1ea3n xu\u1ea5t v\u00e0 x\u00e1c nh\u1eadn thi\u1ebft k\u1ebf d\u1ef1a tr\u00ean m\u1eabu c\u1ee7a ch\u00fang t\u00f4i tr\u01b0\u1edbc ti\u00ean.<\/p>\n\n\n\n<p><strong>C\u00e2u h\u1ecfi 7: Qu\u00fd c\u00f4ng ty c\u00f3 cung c\u1ea5p b\u1ea3o h\u00e0nh cho s\u1ea3n ph\u1ea9m kh\u00f4ng?<\/strong><strong><\/strong><\/p>\n\n\n\n<p>A: V\u00e2ng, ch\u00fang t\u00f4i cung c\u1ea5p b\u1ea3o h\u00e0nh t\u1eeb 2 \u0111\u1ebfn 5 n\u0103m cho c\u00e1c s\u1ea3n ph\u1ea9m c\u1ee7a m\u00ecnh.<\/p>\n\n\n\n<p><strong>C\u00e2u 8: C\u00e1ch x\u1eed l\u00fd s\u1ea3n ph\u1ea9m l\u1ed7i?<\/strong><strong><\/strong><\/p>\n\n\n\n<p>A:<\/p>\n\n\n\n<p>Th\u1ee9 nh\u1ea5t, s\u1ea3n ph\u1ea9m c\u1ee7a ch\u00fang t\u00f4i \u0111\u01b0\u1ee3c s\u1ea3n xu\u1ea5t theo h\u1ec7 th\u1ed1ng ki\u1ec3m so\u00e1t ch\u1ea5t l\u01b0\u1ee3ng nghi\u00eam ng\u1eb7t v\u00e0 t\u1ef7 l\u1ec7 s\u1ea3n ph\u1ea9m l\u1ed7i s\u1ebd d\u01b0\u1edbi 0.2%.<\/p>\n\n\n\n<p>Th\u1ee9 hai, trong th\u1eddi gian b\u1ea3o h\u00e0nh, ch\u00fang t\u00f4i s\u1ebd cung c\u1ea5p linh ki\u1ec7n \u0111\u1ec3 thay th\u1ebf linh ki\u1ec7n h\u01b0 h\u1ecfng. \u0110\u1ed1i v\u1edbi \u0111\u01a1n h\u00e0ng s\u1ed1 l\u01b0\u1ee3ng l\u1edbn, ch\u00fang t\u00f4i s\u1ebd cung c\u1ea5p tr\u01b0\u1edbc c\u00e1c linh ki\u1ec7n d\u1ec5 h\u01b0 h\u1ecfng, ho\u1eb7c ch\u00fang t\u00f4i c\u00f3 th\u1ec3 th\u1ea3o lu\u1eadn c\u00e1c gi\u1ea3i ph\u00e1p bao g\u1ed3m vi\u1ec7c thu h\u1ed3i s\u1ea3n ph\u1ea9m d\u1ef1a tr\u00ean t\u00ecnh h\u00ecnh th\u1ef1c t\u1ebf.<\/p>\n\n\n\n<p><strong>C\u00e2u h\u1ecfi 9: Ch\u00fang ta c\u00f3 th\u1ec3 s\u1ea3n xu\u1ea5t \u0111\u00e8n ch\u1ed1ng ch\u00e1y n\u1ed5 \u0111i\u1ec7n \u00e1p th\u1ea5p v\u1edbi \u0111i\u1ec7n \u00e1p AC\/DC l\u00e0 12V, 24V, 36V ho\u1eb7c 48V kh\u00f4ng? <\/strong><\/p>\n\n\n\n<p>Amasly c\u00f3 th\u1ec3 \u0111\u01b0\u1ee3c s\u1eed d\u1ee5ng l\u00e0m \u0111\u00e8n ch\u1ed1ng ch\u00e1y n\u1ed5 cho c\u1ea3 \u0111i\u1ec7n \u00e1p th\u1ea5p v\u00e0 cao \u2013 AC\/DC 12V, 24V, 36V, 48V, AC 85-265V, AC 380V. <\/p>\n\n\n\n<p><strong>C\u00e2u h\u1ecfi 10: C\u00f3 th\u1ec3 l\u1eafp th\u00eam pin d\u1ef1 ph\u00f2ng cho \u0111\u00e8n b\u00e1o \u0111\u1ed9ng Explosion Poof Lights kh\u00f4ng? <\/strong><\/p>\n\n\n\n<p>\u0110\u00e8n ch\u1ed1ng ch\u00e1y n\u1ed5 Amasly c\u00f3 th\u1ec3 \u0111\u01b0\u1ee3c trang b\u1ecb pin lithium d\u1ef1 ph\u00f2ng. Th\u1eddi gian ho\u1ea1t \u0111\u1ed9ng d\u1ef1 ph\u00f2ng l\u00e0 90 ph\u00fat, 120 ph\u00fat ho\u1eb7c 180 ph\u00fat. <\/p>\n\n\n\n<p><strong>C\u00e2u h\u1ecfi 11: \u0110\u00e8n ch\u1ed1ng ch\u00e1y n\u1ed5 Amasly c\u00f3 th\u1ec3 \u0111\u01b0\u1ee3c t\u00f9y ch\u1ec9nh th\u00e0nh s\u1ea3n ph\u1ea9m OEM kh\u00f4ng? <\/strong><\/p>\n\n\n\n<p>\u0110\u00e8n ch\u1ed1ng ch\u00e1y n\u1ed5 Amasly c\u00f3 th\u1ec3 \u0111\u01b0\u1ee3c t\u00f9y ch\u1ec9nh theo y\u00eau c\u1ea7u c\u1ee7a kh\u00e1ch h\u00e0ng cho c\u1ea3 \u0111\u00e8n v\u00e0 h\u1ed9p \u0111\u1ef1ng.<\/p>\n\n\n\n<div class=\"wp-block-uagb-container uagb-block-c7d898dd alignfull uagb-is-root-container\"><div class=\"uagb-container-inner-blocks-wrap\"><\/div><\/div>\n\n\n\n<h2 class=\"wp-block-heading\">S\u1ea3n ph\u1ea9m li\u00ean quan<\/h2>\n\n\n\n<div class=\"wp-block-uagb-container uagb-block-66e4defc alignfull uagb-is-root-container\"><div class=\"uagb-container-inner-blocks-wrap\">\n<div class=\"wp-block-uagb-container uagb-block-a42945f9\">\n<div class=\"wp-block-uagb-image uagb-block-7296296b wp-block-uagb-image--layout-default wp-block-uagb-image--effect-static wp-block-uagb-image--align-none\"><figure class=\"wp-block-uagb-image__figure\"><a class=\"\" href=\"https:\/\/led.amasly.com\/vi\/san-pham\/\" target=\"\" rel=\"noopener\"><img decoding=\"async\" srcset=\"https:\/\/led.amasly.com\/wp-content\/uploads\/2024\/09\/Explosion-proof-high-bay-lights.png ,https:\/\/led.amasly.com\/wp-content\/uploads\/2024\/09\/Explosion-proof-high-bay-lights.png 780w, https:\/\/led.amasly.com\/wp-content\/uploads\/2024\/09\/Explosion-proof-high-bay-lights.png 360w\" sizes=\"auto, (max-width: 480px) 150px\" src=\"https:\/\/led.amasly.com\/wp-content\/uploads\/2024\/09\/Explosion-proof-high-bay-lights.png\" alt=\"\" class=\"uag-image-1495\" width=\"300\" height=\"300\" title=\"\u0110\u00e8n chi\u1ebfu s\u00e1ng ch\u1ed1ng ch\u00e1y n\u1ed5 cho khu v\u1ef1c tr\u1ea7n cao\" loading=\"lazy\" role=\"img\"><\/a><\/figure><\/div>\n<\/div>\n\n\n\n<div class=\"wp-block-uagb-container uagb-block-4d3efde5\">\n<div class=\"wp-block-uagb-image uagb-block-c9e90797 wp-block-uagb-image--layout-default wp-block-uagb-image--effect-static wp-block-uagb-image--align-none\"><figure class=\"wp-block-uagb-image__figure\"><a class=\"\" href=\"https:\/\/led.amasly.com\/vi\/san-pham\/\" target=\"\" rel=\"noopener\"><img decoding=\"async\" srcset=\"https:\/\/led.amasly.com\/wp-content\/uploads\/2024\/07\/LED-tri-proof-lights2.png ,https:\/\/led.amasly.com\/wp-content\/uploads\/2024\/07\/LED-tri-proof-lights2.png 780w, https:\/\/led.amasly.com\/wp-content\/uploads\/2024\/07\/LED-tri-proof-lights2.png 360w\" sizes=\"auto, (max-width: 480px) 150px\" src=\"https:\/\/led.amasly.com\/wp-content\/uploads\/2024\/07\/LED-tri-proof-lights2.png\" alt=\"\" class=\"uag-image-1132\" width=\"300\" height=\"300\" title=\"\u0110\u00e8n LED ch\u1ed1ng n\u01b0\u1edbc ba chi\u1ec1u 2\" loading=\"lazy\" role=\"img\"><\/a><\/figure><\/div>\n<\/div>\n\n\n\n<div class=\"wp-block-uagb-container uagb-block-11c2578b\">\n<div class=\"wp-block-uagb-image uagb-block-6e8883aa wp-block-uagb-image--layout-default wp-block-uagb-image--effect-static wp-block-uagb-image--align-none\"><figure class=\"wp-block-uagb-image__figure\"><a class=\"\" href=\"https:\/\/led.amasly.com\/vi\/san-pham\/\" target=\"\" rel=\"noopener\"><img decoding=\"async\" srcset=\"https:\/\/led.amasly.com\/wp-content\/uploads\/2024\/09\/LED-Explosion-Proof-Gas-Station-Light.png ,https:\/\/led.amasly.com\/wp-content\/uploads\/2024\/09\/LED-Explosion-Proof-Gas-Station-Light.png 780w, https:\/\/led.amasly.com\/wp-content\/uploads\/2024\/09\/LED-Explosion-Proof-Gas-Station-Light.png 360w\" sizes=\"auto, (max-width: 480px) 150px\" src=\"https:\/\/led.amasly.com\/wp-content\/uploads\/2024\/09\/LED-Explosion-Proof-Gas-Station-Light.png\" alt=\"\" class=\"uag-image-1501\" width=\"300\" height=\"300\" title=\"\u0110\u00e8n LED ch\u1ed1ng ch\u00e1y n\u1ed5 cho tr\u1ea1m x\u0103ng\" loading=\"lazy\" role=\"img\"><\/a><\/figure><\/div>\n<\/div>\n<\/div><\/div>\n\n\n\n<div class=\"wp-block-uagb-container uagb-block-548945b5 alignfull uagb-is-root-container\"><div class=\"uagb-container-inner-blocks-wrap\">\n<div class=\"wp-block-uagb-container uagb-block-967755d5\">\n<h4 class=\"wp-block-heading has-text-align-center\"><a href=\"https:\/\/led.amasly.com\/vi\/san-pham\/\">\u0110\u00e8n LED ch\u1ed1ng ch\u00e1y n\u1ed5<\/a><\/h4>\n<\/div>\n\n\n\n<div class=\"wp-block-uagb-container uagb-block-9bc52fc2\">\n<h4 class=\"wp-block-heading has-text-align-center\"><a href=\"https:\/\/led.amasly.com\/vi\/san-pham\/\">\u0110\u00e8n LED ch\u1ed1ng n\u01b0\u1edbc, ch\u1ed1ng b\u1ee5i v\u00e0 ch\u1ed1ng va \u0111\u1eadp<\/a><\/h4>\n<\/div>\n\n\n\n<div class=\"wp-block-uagb-container uagb-block-8ffa0a23\">\n<h4 class=\"wp-block-heading has-text-align-center\"><a href=\"https:\/\/led.amasly.com\/vi\/san-pham\/\">\u0110\u00e8n chi\u1ebfu s\u00e1ng ch\u1ed1ng ch\u00e1y n\u1ed5 cho tr\u1ea1m x\u0103ng<\/a><\/h4>\n<\/div>\n<\/div><\/div>\n\n\n\n<div class=\"wp-block-uagb-container uagb-block-29499fe0 alignfull uagb-is-root-container\"><div class=\"uagb-container-inner-blocks-wrap\">\n<div class=\"wp-block-uagb-container uagb-block-777ee1c7\">\n<div class=\"wp-block-uagb-image uagb-block-2e9a1851 wp-block-uagb-image--layout-default wp-block-uagb-image--effect-static wp-block-uagb-image--align-none\"><figure class=\"wp-block-uagb-image__figure\"><a class=\"\" href=\"https:\/\/led.amasly.com\/vi\/san-pham\/\" target=\"\" rel=\"noopener\"><img decoding=\"async\" srcset=\"https:\/\/led.amasly.com\/wp-content\/uploads\/2024\/10\/50W-100W-150W-200W-300W-LED-Flood-Light.jpg ,https:\/\/led.amasly.com\/wp-content\/uploads\/2024\/10\/50W-100W-150W-200W-300W-LED-Flood-Light.jpg 780w, https:\/\/led.amasly.com\/wp-content\/uploads\/2024\/10\/50W-100W-150W-200W-300W-LED-Flood-Light.jpg 360w\" sizes=\"auto, (max-width: 480px) 150px\" src=\"https:\/\/led.amasly.com\/wp-content\/uploads\/2024\/10\/50W-100W-150W-200W-300W-LED-Flood-Light.jpg\" alt=\"\" class=\"uag-image-1526\" width=\"300\" height=\"300\" title=\"\u0110\u00e8n LED chi\u1ebfu s\u00e1ng r\u1ed9ng 50W, 100W, 150W, 200W, 300W\" loading=\"lazy\" role=\"img\"><\/a><\/figure><\/div>\n<\/div>\n\n\n\n<div class=\"wp-block-uagb-container uagb-block-af8c8683\">\n<div class=\"wp-block-uagb-image uagb-block-67947854 wp-block-uagb-image--layout-default wp-block-uagb-image--effect-static wp-block-uagb-image--align-none\"><figure class=\"wp-block-uagb-image__figure\"><a class=\"\" href=\"https:\/\/led.amasly.com\/vi\/san-pham\/\" target=\"\" rel=\"noopener\"><img decoding=\"async\" srcset=\"https:\/\/led.amasly.com\/wp-content\/uploads\/2024\/07\/led-tri-proof-light.png ,https:\/\/led.amasly.com\/wp-content\/uploads\/2024\/07\/led-tri-proof-light.png 780w, https:\/\/led.amasly.com\/wp-content\/uploads\/2024\/07\/led-tri-proof-light.png 360w\" sizes=\"auto, (max-width: 480px) 150px\" src=\"https:\/\/led.amasly.com\/wp-content\/uploads\/2024\/07\/led-tri-proof-light.png\" alt=\"\" class=\"uag-image-1130\" width=\"300\" height=\"300\" title=\"\u0110\u00e8n LED ch\u1ed1ng n\u01b0\u1edbc\" loading=\"lazy\" role=\"img\"><\/a><\/figure><\/div>\n<\/div>\n\n\n\n<div class=\"wp-block-uagb-container uagb-block-0fdfdd58\">\n<div class=\"wp-block-uagb-image uagb-block-1187d32d wp-block-uagb-image--layout-default wp-block-uagb-image--effect-static wp-block-uagb-image--align-none\"><figure class=\"wp-block-uagb-image__figure\"><a class=\"\" href=\"https:\/\/led.amasly.com\/vi\/san-pham\/\" target=\"\" rel=\"noopener\"><img decoding=\"async\" srcset=\"https:\/\/led.amasly.com\/wp-content\/uploads\/2024\/07\/LED-street-light.jpg ,https:\/\/led.amasly.com\/wp-content\/uploads\/2024\/07\/LED-street-light.jpg 780w, https:\/\/led.amasly.com\/wp-content\/uploads\/2024\/07\/LED-street-light.jpg 360w\" sizes=\"auto, (max-width: 480px) 150px\" src=\"https:\/\/led.amasly.com\/wp-content\/uploads\/2024\/07\/LED-street-light.jpg\" alt=\"\" class=\"uag-image-1145\" width=\"300\" height=\"300\" title=\"\u0110\u00e8n \u0111\u01b0\u1eddng LED\" loading=\"lazy\" role=\"img\"><\/a><\/figure><\/div>\n<\/div>\n<\/div><\/div>\n\n\n\n<div class=\"wp-block-uagb-container uagb-block-6a60882c alignfull uagb-is-root-container\"><div class=\"uagb-container-inner-blocks-wrap\">\n<div class=\"wp-block-uagb-container uagb-block-f1e91a35\">\n<h4 class=\"wp-block-heading has-text-align-center\"><a href=\"https:\/\/led.amasly.com\/vi\/san-pham\/\">\u0110\u00e8n LED chi\u1ebfu s\u00e1ng r\u1ed9ng<\/a><\/h4>\n<\/div>\n\n\n\n<div class=\"wp-block-uagb-container uagb-block-165bfa58\">\n<h4 class=\"wp-block-heading has-text-align-center\"><a href=\"https:\/\/led.amasly.com\/vi\/san-pham\/\">\u0110\u00e8n \u1ed1ng LED ch\u1ed1ng n\u01b0\u1edbc, ch\u1ed1ng b\u1ee5i v\u00e0 ch\u1ed1ng va \u0111\u1eadp<\/a><\/h4>\n<\/div>\n\n\n\n<div class=\"wp-block-uagb-container uagb-block-f6096e3b\">\n<h4 class=\"wp-block-heading has-text-align-center\"><a href=\"https:\/\/led.amasly.com\/vi\/san-pham\/\">\u0110\u00e8n \u0111\u01b0\u1eddng LED<\/a><\/h4>\n<\/div>\n<\/div><\/div>\n\n\n\n<div class=\"wp-block-uagb-container uagb-block-99c0e0a5 alignfull uagb-is-root-container\"><div class=\"uagb-container-inner-blocks-wrap\"><\/div><\/div>\n\n\n\n<p><\/p>","protected":false},"excerpt":{"rendered":"<p>Explosion proof linear lights price Amasly Explosion Proof Strip Lights are exported to all continents of the world, more than 60 countries, with complete product certifications and quality assurance. Amasly Explosion proof linear lights features Long life so fThe structural parts of the lamps are made of anticorrosive aluminum, the surface is anodized and then [&hellip;]<\/p>\n","protected":false},"author":1,"featured_media":0,"parent":2869,"menu_order":0,"comment_status":"closed","ping_status":"closed","template":"","meta":{"_uag_custom_page_level_css":"","site-sidebar-layout":"no-sidebar","site-content-layout":"","ast-site-content-layout":"default","site-content-style":"default","site-sidebar-style":"default","ast-global-header-display":"","ast-banner-title-visibility":"","ast-main-header-display":"","ast-hfb-above-header-display":"","ast-hfb-below-header-display":"","ast-hfb-mobile-header-display":"","site-post-title":"disabled","ast-breadcrumbs-content":"","ast-featured-img":"","footer-sml-layout":"","ast-disable-related-posts":"","theme-transparent-header-meta":"enabled","adv-header-id-meta":"","stick-header-meta":"","header-above-stick-meta":"","header-main-stick-meta":"","header-below-stick-meta":"","astra-migrate-meta-layouts":"set","ast-page-background-enabled":"default","ast-page-background-meta":{"desktop":{"background-color":"var(--ast-global-color-4)","background-image":"","background-repeat":"repeat","background-position":"center center","background-size":"auto","background-attachment":"scroll","background-type":"","background-media":"","overlay-type":"","overlay-color":"","overlay-opacity":"","overlay-gradient":""},"tablet":{"background-color":"","background-image":"","background-repeat":"repeat","background-position":"center center","background-size":"auto","background-attachment":"scroll","background-type":"","background-media":"","overlay-type":"","overlay-color":"","overlay-opacity":"","overlay-gradient":""},"mobile":{"background-color":"","background-image":"","background-repeat":"repeat","background-position":"center center","background-size":"auto","background-attachment":"scroll","background-type":"","background-media":"","overlay-type":"","overlay-color":"","overlay-opacity":"","overlay-gradient":""}},"ast-content-background-meta":{"desktop":{"background-color":"var(--ast-global-color-5)","background-image":"","background-repeat":"repeat","background-position":"center center","background-size":"auto","background-attachment":"scroll","background-type":"","background-media":"","overlay-type":"","overlay-color":"","overlay-opacity":"","overlay-gradient":""},"tablet":{"background-color":"var(--ast-global-color-5)","background-image":"","background-repeat":"repeat","background-position":"center center","background-size":"auto","background-attachment":"scroll","background-type":"","background-media":"","overlay-type":"","overlay-color":"","overlay-opacity":"","overlay-gradient":""},"mobile":{"background-color":"var(--ast-global-color-5)","background-image":"","background-repeat":"repeat","background-position":"center center","background-size":"auto","background-attachment":"scroll","background-type":"","background-media":"","overlay-type":"","overlay-color":"","overlay-opacity":"","overlay-gradient":""}},"footnotes":""},"class_list":["post-3978","page","type-page","status-publish","hentry"],"uagb_featured_image_src":{"full":false,"thumbnail":false,"medium":false,"medium_large":false,"large":false,"1536x1536":false,"2048x2048":false,"trp-custom-language-flag":false},"uagb_author_info":{"display_name":"Joe","author_link":"https:\/\/led.amasly.com\/vi\/author\/jacklin\/"},"uagb_comment_info":0,"uagb_excerpt":"Explosion proof linear lights price Amasly Explosion Proof Strip Lights are exported to all continents of the world, more than 60 countries, with complete product certifications and quality assurance. Amasly Explosion proof linear lights features Long life so fThe structural parts of the lamps are made of anticorrosive aluminum, the surface is anodized and then&hellip;","_links":{"self":[{"href":"https:\/\/led.amasly.com\/vi\/wp-json\/wp\/v2\/pages\/3978","targetHints":{"allow":["GET"]}}],"collection":[{"href":"https:\/\/led.amasly.com\/vi\/wp-json\/wp\/v2\/pages"}],"about":[{"href":"https:\/\/led.amasly.com\/vi\/wp-json\/wp\/v2\/types\/page"}],"author":[{"embeddable":true,"href":"https:\/\/led.amasly.com\/vi\/wp-json\/wp\/v2\/users\/1"}],"replies":[{"embeddable":true,"href":"https:\/\/led.amasly.com\/vi\/wp-json\/wp\/v2\/comments?post=3978"}],"version-history":[{"count":3,"href":"https:\/\/led.amasly.com\/vi\/wp-json\/wp\/v2\/pages\/3978\/revisions"}],"predecessor-version":[{"id":4491,"href":"https:\/\/led.amasly.com\/vi\/wp-json\/wp\/v2\/pages\/3978\/revisions\/4491"}],"up":[{"embeddable":true,"href":"https:\/\/led.amasly.com\/vi\/wp-json\/wp\/v2\/pages\/2869"}],"wp:attachment":[{"href":"https:\/\/led.amasly.com\/vi\/wp-json\/wp\/v2\/media?parent=3978"}],"curies":[{"name":"wp","href":"https:\/\/api.w.org\/{rel}","templated":true}]}}