{"id":3200,"date":"2025-04-30T22:13:48","date_gmt":"2025-04-30T14:13:48","guid":{"rendered":"https:\/\/led.amasly.com\/?page_id=3200"},"modified":"2025-04-30T22:13:54","modified_gmt":"2025-04-30T14:13:54","slug":"thermal-power-plant-safety-lighting-solutions-key-area-design-lighting-fixture-selection-guide","status":"publish","type":"page","link":"https:\/\/led.amasly.com\/vi\/knowledge\/explosion-proof-products-knowledge\/thermal-power-plant-safety-lighting-solutions-key-area-design-lighting-fixture-selection-guide\/","title":{"rendered":"Gi\u1ea3i ph\u00e1p chi\u1ebfu s\u00e1ng an to\u00e0n cho nh\u00e0 m\u00e1y nhi\u1ec7t \u0111i\u1ec7n: H\u01b0\u1edbng d\u1eabn thi\u1ebft k\u1ebf khu v\u1ef1c ch\u00ednh v\u00e0 l\u1ef1a ch\u1ecdn thi\u1ebft b\u1ecb chi\u1ebfu s\u00e1ng"},"content":{"rendered":"<div class=\"wp-block-uagb-container uagb-block-27bae773 alignfull uagb-is-root-container\"><div class=\"uagb-container-inner-blocks-wrap\"><\/div><\/div>\n\n\n\n<h1 class=\"wp-block-heading has-text-align-center\">Ti\u00eau chu\u1ea9n thi\u1ebft k\u1ebf h\u1ec7 th\u1ed1ng chi\u1ebfu s\u00e1ng c\u00f4ng nghi\u1ec7p cho nh\u00e0 m\u00e1y nhi\u1ec7t \u0111i\u1ec7n<\/h1>\n\n\n\n<p>Nh\u01b0 l\u00e0 c\u00e1c c\u01a1 s\u1edf h\u1ea1 t\u1ea7ng ch\u00ednh trong s\u1ea3n xu\u1ea5t n\u0103ng l\u01b0\u1ee3ng, nh\u00e0 m\u00e1y nhi\u1ec7t \u0111i\u1ec7n \u0111\u00f2i h\u1ecfi h\u1ec7 th\u1ed1ng chi\u1ebfu s\u00e1ng c\u00f3 \u1ea3nh h\u01b0\u1edfng tr\u1ef1c ti\u1ebfp \u0111\u1ebfn hi\u1ec7u qu\u1ea3 b\u1ea3o tr\u00ec thi\u1ebft b\u1ecb v\u00e0 an to\u00e0n cho nh\u00e2n vi\u00ean. B\u00e0i vi\u1ebft n\u00e0y cung c\u1ea5p ph\u00e2n t\u00edch chi ti\u1ebft v\u1ec1 c\u00e1c y\u00eau c\u1ea7u chi\u1ebfu s\u00e1ng cho c\u00e1c khu v\u1ef1c quan tr\u1ecdng trong nh\u00e0 m\u00e1y \u0111i\u1ec7n, c\u00f9ng v\u1edbi c\u00e1c gi\u1ea3i ph\u00e1p chuy\u00ean nghi\u1ec7p tu\u00e2n th\u1ee7 c\u00e1c ti\u00eau chu\u1ea9n an to\u00e0n qu\u1ed1c t\u1ebf.<\/p>\n\n\n\n<div class=\"wp-block-uagb-image uagb-block-78e8fa3e wp-block-uagb-image--layout-default wp-block-uagb-image--effect-static wp-block-uagb-image--align-none\"><figure class=\"wp-block-uagb-image__figure\"><img decoding=\"async\" srcset=\"https:\/\/led.amasly.com\/wp-content\/uploads\/2025\/04\/Thermal-power-plant-lighting-system-case-study-1024x647.jpg ,https:\/\/led.amasly.com\/wp-content\/uploads\/2025\/04\/Thermal-power-plant-lighting-system-case-study.jpg 780w, https:\/\/led.amasly.com\/wp-content\/uploads\/2025\/04\/Thermal-power-plant-lighting-system-case-study.jpg 360w\" sizes=\"auto, (max-width: 480px) 150px\" src=\"https:\/\/led.amasly.com\/wp-content\/uploads\/2025\/04\/Thermal-power-plant-lighting-system-case-study-1024x647.jpg\" alt=\"\" class=\"uag-image-3201\" width=\"1080\" height=\"682\" title=\"Nghi\u00ean c\u1ee9u tr\u01b0\u1eddng h\u1ee3p h\u1ec7 th\u1ed1ng chi\u1ebfu s\u00e1ng nh\u00e0 m\u00e1y nhi\u1ec7t \u0111i\u1ec7n\" loading=\"lazy\" role=\"img\"><\/figure><\/div>\n\n\n\n<h2 class=\"wp-block-heading\">Nguy\u00ean t\u1eafc thi\u1ebft k\u1ebf c\u01a1 b\u1ea3n cho h\u1ec7 th\u1ed1ng chi\u1ebfu s\u00e1ng c\u1ee7a nh\u00e0 m\u00e1y nhi\u1ec7t \u0111i\u1ec7n<\/h2>\n\n\n\n<ol start=\"1\" class=\"wp-block-list\">\n<li><strong>Thi\u1ebft k\u1ebf an to\u00e0n h\u00e0ng \u0111\u1ea7u<\/strong>T\u1ea5t c\u1ea3 c\u00e1c thi\u1ebft b\u1ecb ph\u1ea3i \u0111\u00e1p \u1ee9ng c\u00e1c ch\u1ee9ng nh\u1eadn ch\u1ed1ng ch\u00e1y n\u1ed5 v\u00e0 bao g\u1ed3m b\u1ea3o v\u1ec7 ch\u1ed1ng s\u1ed1c.<\/li>\n\n\n\n<li><strong>Kh\u1ea3 n\u0103ng th\u00edch \u1ee9ng v\u1edbi m\u00f4i tr\u01b0\u1eddng<\/strong>Ch\u1ee9ng nh\u1eadn IP65\/WF2 \u0111\u1ec3 ch\u1ed1ng b\u1ee5i than, \u0111\u1ed9 \u1ea9m v\u00e0 \u0103n m\u00f2n h\u00f3a h\u1ecdc.<\/li>\n\n\n\n<li><strong>Ki\u1ec3m so\u00e1t n\u0103ng l\u01b0\u1ee3ng th\u00f4ng minh<\/strong>C\u1ea3m bi\u1ebfn \u00e1nh s\u00e1ng t\u00edch h\u1ee3p + b\u1ed9 h\u1eb9n gi\u1edd cho qu\u1ea3n l\u00fd n\u0103ng l\u01b0\u1ee3ng th\u00f4ng minh.<\/li>\n\n\n\n<li><strong>T\u1ed1i \u01b0u h\u00f3a c\u00f4ng th\u00e1i h\u1ecdc<\/strong>C\u00f4ng ngh\u1ec7 ch\u1ed1ng ch\u00f3i UGR&lt;19 gi\u00fap lo\u1ea1i b\u1ecf nguy c\u01a1 m\u1ec7t m\u1ecfi th\u1ecb gi\u00e1c.<\/li>\n<\/ol>\n\n\n\n<h2 class=\"wp-block-heading\">Th\u00f4ng s\u1ed1 k\u1ef9 thu\u1eadt cho gi\u1ea3i ph\u00e1p chi\u1ebfu s\u00e1ng khu v\u1ef1c ch\u00ednh<\/h2>\n\n\n\n<figure class=\"wp-block-table\"><table class=\"has-fixed-layout\"><thead><tr><th>T\u00ean khu v\u1ef1c<\/th><th>\u0110\u1ed9 r\u1ecdi (lx)<\/th><th>M\u1ee9c \u0111\u1ed9 b\u1ea3o v\u1ec7<\/th><th>Ch\u1ec9 s\u1ed1 ch\u1ed1ng ch\u00e1y n\u1ed5<\/th><th>Lo\u1ea1i thi\u1ebft b\u1ecb \u0111\u01b0\u1ee3c khuy\u1ebfn ngh\u1ecb<\/th><th>H\u01b0\u1edbng d\u1eabn c\u00e0i \u0111\u1eb7t<\/th><\/tr><\/thead><tbody><tr><td>S\u00e0n ph\u00f2ng tua-bin<\/td><td>300-500<\/td><td>IP66<\/td><td>ExdIIBT4<\/td><td>\u0110\u00e8n LED chi\u1ebfu s\u00e1ng cao \u00e1p<\/td><td>Chi\u1ec1u cao 5m v\u1edbi g\u00f3c nghi\u00eang 30\u00b0 khi l\u1eafp \u0111\u1eb7t<\/td><\/tr><tr><td>Khu v\u1ef1c k\u1ebft c\u1ea5u l\u00f2 h\u01a1i<\/td><td>500-750<\/td><td>IP67<\/td><td>ExdIICT6<\/td><td>\u0110\u00e8n pha ch\u1ed1ng rung<\/td><td>2m tr\u00ean c\u00e1c b\u1ec7 thi\u1ebft b\u1ecb<\/td><\/tr><tr><td>H\u1ec7 th\u1ed1ng v\u1eadn chuy\u1ec3n than<\/td><td>200-300<\/td><td>IP68<\/td><td>ExiaIICT6<\/td><td>\u0110\u00e8n ch\u1ed1ng b\u1ee5i v\u00e0 ch\u1ed1ng ch\u00e1y n\u1ed5<\/td><td>L\u1eafp \u0111\u1eb7t \u0111\u1ed1i x\u1ee9ng d\u1ecdc theo b\u0103ng t\u1ea3i<\/td><\/tr><tr><td>X\u1eed l\u00fd n\u01b0\u1edbc b\u1eb1ng h\u00f3a ch\u1ea5t<\/td><td>300-500<\/td><td>IP65<\/td><td>\u2013<\/td><td>Ch\u1ed1ng \u0103n m\u00f2n, ch\u1ed1ng n\u01b0\u1edbc, ch\u1ed1ng b\u1ee5i<\/td><td>1,8 m\u00e9t theo chi\u1ec1u ngang so v\u1edbi b\u1ec1 m\u1eb7t l\u00e0m vi\u1ec7c<\/td><\/tr><tr><td>\u0110\u01b0\u1eddng trong khu v\u1ef1c tr\u1ed3ng tr\u1ecdt<\/td><td>20-30<\/td><td>IP65<\/td><td>\u2013<\/td><td>\u0110\u00e8n \u0111\u01b0\u1eddng n\u0103ng l\u01b0\u1ee3ng m\u1eb7t tr\u1eddi<\/td><td>Kho\u1ea3ng c\u00e1ch 15m, b\u1ed1 tr\u00ed hai b\u00ean xen k\u1ebd<\/td><\/tr><\/tbody><\/table><\/figure>\n\n\n\n<h3 class=\"wp-block-heading\">\u1ee8ng d\u1ee5ng c\u00f4ng ngh\u1ec7 chi\u1ebfu s\u00e1ng ti\u00ean ti\u1ebfn<\/h3>\n\n\n\n<ol start=\"1\" class=\"wp-block-list\">\n<li><strong>H\u1ec7 th\u1ed1ng \u0111i\u1ec1u ch\u1ec9nh \u0111\u1ed9 s\u00e1ng th\u00f4ng minh<\/strong>: H\u1ec7 th\u1ed1ng \u0111i\u1ec1u khi\u1ec3n k\u1ef9 thu\u1eadt s\u1ed1 DALI trong ph\u00f2ng \u0111i\u1ec1u khi\u1ec3n trung t\u00e2m \u0111\u1ec3 chuy\u1ec3n \u0111\u1ed5i ch\u1ebf \u0111\u1ed9 c\u1ea3nh.<\/li>\n\n\n\n<li><strong>H\u1ec7 th\u1ed1ng chi\u1ebfu s\u00e1ng kh\u1ea9n c\u1ea5p<\/strong>H\u1ec7 th\u1ed1ng LED \u0111\u01b0\u1ee3c h\u1ed7 tr\u1ee3 b\u1edfi pin LiFePO4 v\u1edbi th\u1eddi gian ho\u1ea1t \u0111\u1ed9ng 90 ph\u00fat.<\/li>\n\n\n\n<li><strong>T\u00edch h\u1ee3p h\u00ecnh \u1ea3nh nhi\u1ec7t<\/strong>C\u1ea3m bi\u1ebfn h\u1ed3ng ngo\u1ea1i \u0111\u1ec3 theo d\u00f5i nhi\u1ec7t \u0111\u1ed9 thi\u1ebft b\u1ecb theo th\u1eddi gian th\u1ef1c.<\/li>\n<\/ol>\n\n\n\n<h2 class=\"wp-block-heading\">5 Ti\u00eau ch\u00ed quan tr\u1ecdng trong vi\u1ec7c l\u1ef1a ch\u1ecdn thi\u1ebft b\u1ecb<\/h2>\n\n\n\n<ol start=\"1\" class=\"wp-block-list\">\n<li><strong>T\u01b0\u01a1ng th\u00edch v\u1edbi d\u1ea3i \u0111i\u1ec7n \u00e1p r\u1ed9ng<\/strong>D\u1ea3i \u0111i\u1ec7n \u00e1p \u0111\u1ea7u v\u00e0o AC 85-265V \u0111\u1ec3 \u0111\u1ea3m b\u1ea3o kh\u1ea3 n\u0103ng ch\u1ecbu \u0111\u1ef1ng dao \u0111\u1ed9ng \u0111i\u1ec7n \u00e1p.<\/li>\n\n\n\n<li><strong>Qu\u1ea3n l\u00fd nhi\u1ec7t<\/strong>Nhi\u1ec7t \u0111\u1ed9 c\u1ee7a b\u1ed9 t\u1ea3n nhi\u1ec7t \u226460\u00b0C \u0111\u1ec3 \u0111\u1ea3m b\u1ea3o t\u00ednh \u1ed5n \u0111\u1ecbnh l\u00e2u d\u00e0i.<\/li>\n\n\n\n<li><strong>Ph\u00e2n ph\u1ed1i quang h\u1ecdc<\/strong>\u0110\u01b0\u1eddng cong quang ph\u1ed5 Batwing cho \u0111\u1ed9 \u0111\u1ed3ng \u0111\u1ec1u c\u1ee7a \u0111\u1ed9 chi\u1ebfu s\u00e1ng theo chi\u1ec1u d\u1ecdc.<\/li>\n\n\n\n<li><strong>Kh\u1ea3 n\u0103ng ch\u1ed1ng rung<\/strong>Ch\u1ee9ng nh\u1eadn IEC 61373 Lo\u1ea1i B v\u1ec1 \u0111\u1ed9 b\u1ec1n c\u01a1 h\u1ecdc.<\/li>\n\n\n\n<li><strong>D\u1ec5 d\u00e0ng b\u1ea3o tr\u00ec<\/strong>Thi\u1ebft k\u1ebf m\u00f4-\u0111un cho ph\u00e9p thay th\u1ebf linh ki\u1ec7n tr\u1ef1c ti\u1ebfp.<\/li>\n<\/ol>\n\n\n\n<h3 class=\"wp-block-heading\">\u00a0Khuy\u1ebfn ngh\u1ecb l\u1eafp \u0111\u1eb7t chuy\u00ean nghi\u1ec7p<\/h3>\n\n\n\n<ul class=\"wp-block-list\">\n<li>S\u1eed d\u1ee5ng t\u1ef7 l\u1ec7 chi\u1ec1u cao so v\u1edbi kho\u1ea3ng c\u00e1ch 1:1,5 tr\u00ean c\u00e1c n\u1ec1n t\u1ea3ng tuabin \u0111\u1ec3 lo\u1ea1i b\u1ecf b\u00f3ng c\u1ee7a thi\u1ebft b\u1ecb.<\/li>\n\n\n\n<li>\u0110i\u1ec1u ch\u1ec9nh c\u00e1c gi\u00e1 \u0111\u1ee1 b\u0103ng t\u1ea3i than sao cho g\u00f3c nghi\u00eang 15\u00b0 so v\u1edbi h\u01b0\u1edbng c\u1ee7a b\u0103ng t\u1ea3i \u0111\u1ec3 ng\u0103n ng\u1eeba t\u00edch t\u1ee5 b\u1ee5i.<\/li>\n\n\n\n<li>C\u00f4ng c\u1ee5 c\u00e2n b\u1eb1ng laser \u0111\u1ec3 \u0111\u1ea3m b\u1ea3o sai s\u1ed1 c\u00e2n b\u1eb1ng ngang \u22643mm.<\/li>\n\n\n\n<li>Tri\u1ec3n khai c\u00e1c m\u1ea1ch d\u1ef1 ph\u00f2ng N+1 trong c\u00e1c khu v\u1ef1c quan tr\u1ecdng.<\/li>\n<\/ul>\n\n\n\n<div class=\"wp-block-uagb-image uagb-block-67144447 wp-block-uagb-image--layout-default wp-block-uagb-image--effect-static wp-block-uagb-image--align-none\"><figure class=\"wp-block-uagb-image__figure\"><img decoding=\"async\" srcset=\"https:\/\/led.amasly.com\/wp-content\/uploads\/2025\/04\/Thermal-power-plant-lighting.jpg ,https:\/\/led.amasly.com\/wp-content\/uploads\/2025\/04\/Thermal-power-plant-lighting.jpg 780w, https:\/\/led.amasly.com\/wp-content\/uploads\/2025\/04\/Thermal-power-plant-lighting.jpg 360w\" sizes=\"auto, (max-width: 480px) 150px\" src=\"https:\/\/led.amasly.com\/wp-content\/uploads\/2025\/04\/Thermal-power-plant-lighting.jpg\" alt=\"\" class=\"uag-image-3202\" width=\"640\" height=\"434\" title=\"H\u1ec7 th\u1ed1ng chi\u1ebfu s\u00e1ng nh\u00e0 m\u00e1y nhi\u1ec7t \u0111i\u1ec7n\" loading=\"lazy\" role=\"img\"><\/figure><\/div>\n\n\n\n<h2 class=\"wp-block-heading\">Tu\u00e2n th\u1ee7 Ti\u00eau chu\u1ea9n Qu\u1ed1c t\u1ebf<\/h2>\n\n\n\n<ul class=\"wp-block-list\">\n<li>\u0110\u1ed9 chi\u1ebfu s\u00e1ng: Ti\u00eau chu\u1ea9n chi\u1ebfu s\u00e1ng c\u00f4ng nghi\u1ec7p EN 12464-1<\/li>\n\n\n\n<li>An to\u00e0n n\u1ed5: <a href=\"http:\/\/www.iecex-certs.com\/\" rel=\"nofollow noopener\" target=\"_blank\">Ch\u1ee9ng nh\u1eadn k\u00e9p ATEX\/IECEx<\/a><\/li>\n\n\n\n<li>EMC: Tu\u00e2n th\u1ee7 ti\u00eau chu\u1ea9n EN 55015 v\u1ec1 b\u1ee9c x\u1ea1<\/li>\n\n\n\n<li>M\u00f4i tr\u01b0\u1eddng: Tu\u00e2n th\u1ee7 Ch\u1ec9 th\u1ecb RoHS 2.0<\/li>\n<\/ul>\n\n\n\n<h2 class=\"wp-block-heading\">Xu h\u01b0\u1edbng chi\u1ebfu s\u00e1ng b\u1ec1n v\u1eefng<\/h2>\n\n\n\n<ol start=\"1\" class=\"wp-block-list\">\n<li>H\u1ec7 th\u1ed1ng \u0111i\u1ec7n m\u1eb7t tr\u1eddi k\u1ebft h\u1ee3p l\u01b0\u1edbi \u0111i\u1ec7n<\/li>\n\n\n\n<li>H\u1ec7 th\u1ed1ng \u0111i\u1ec1u khi\u1ec3n th\u00f4ng minh kh\u00f4ng d\u00e2y LORAWAN<\/li>\n\n\n\n<li>L\u1edbp ph\u1ee7 nano t\u1ef1 l\u00e0m s\u1ea1ch<\/li>\n\n\n\n<li>Qu\u1ea3n l\u00fd chi\u1ebfu s\u00e1ng d\u1ef1a tr\u00ean b\u1ea3o tr\u00ec d\u1ef1 \u0111o\u00e1n<\/li>\n<\/ol>\n\n\n\n<h2 class=\"wp-block-heading has-text-align-left\"><strong>K\u1ebft lu\u1eadn:<\/strong><\/h2>\n\n\n\n<p class=\"has-text-align-left\">Thi\u1ebft k\u1ebf chi\u1ebfu s\u00e1ng khoa h\u1ecdc gi\u00fap n\u00e2ng cao hi\u1ec7u qu\u1ea3 b\u1ea3o tr\u00ec nh\u00e0 m\u00e1y l\u00ean 30% v\u00e0 gi\u1ea3m tai n\u1ea1n \u0111i\u1ec7n xu\u1ed1ng 50%. B\u1eb1ng c\u00e1ch \u00e1p d\u1ee5ng c\u00e1c gi\u1ea3i ph\u00e1p tu\u00e2n th\u1ee7 ti\u00eau chu\u1ea9n IEC k\u1ebft h\u1ee3p v\u1edbi h\u1ec7 th\u1ed1ng \u0111i\u1ec1u khi\u1ec3n th\u00f4ng minh, c\u00e1c nh\u00e0 m\u00e1y nhi\u1ec7t \u0111i\u1ec7n c\u00f3 th\u1ec3 x\u00e2y d\u1ef1ng h\u1ec7 th\u1ed1ng chi\u1ebfu s\u00e1ng an to\u00e0n h\u01a1n, hi\u1ec7u qu\u1ea3 h\u01a1n v\u00e0 ti\u1ebft ki\u1ec7m n\u0103ng l\u01b0\u1ee3ng. Vi\u1ec7c \u0111\u00e1nh gi\u00e1 \u0111\u1ecbnh k\u1ef3 h\u1ec7 th\u1ed1ng v\u00e0 n\u00e2ng c\u1ea5p l\u00ean c\u00e1c thi\u1ebft b\u1ecb chi\u1ebfu s\u00e1ng ti\u1ebft ki\u1ec7m n\u0103ng l\u01b0\u1ee3ng \u0111\u01b0\u1ee3c khuy\u1ebfn ngh\u1ecb m\u1ea1nh m\u1ebd.\u00a0<\/p>\n\n\n\n<div class=\"wp-block-uagb-container uagb-block-c7d898dd alignfull uagb-is-root-container\"><div class=\"uagb-container-inner-blocks-wrap\"><\/div><\/div>\n\n\n\n<h2 class=\"wp-block-heading\">S\u1ea3n ph\u1ea9m li\u00ean quan<\/h2>\n\n\n\n<div class=\"wp-block-uagb-container uagb-block-66e4defc alignfull uagb-is-root-container\"><div class=\"uagb-container-inner-blocks-wrap\">\n<div class=\"wp-block-uagb-container uagb-block-a42945f9\">\n<div class=\"wp-block-uagb-image uagb-block-7296296b wp-block-uagb-image--layout-default wp-block-uagb-image--effect-static wp-block-uagb-image--align-none\"><figure class=\"wp-block-uagb-image__figure\"><a class=\"\" href=\"https:\/\/led.amasly.com\/vi\/products\/\" target=\"\" rel=\"noopener\"><img decoding=\"async\" srcset=\"https:\/\/led.amasly.com\/wp-content\/uploads\/2024\/09\/Explosion-proof-high-bay-lights.png ,https:\/\/led.amasly.com\/wp-content\/uploads\/2024\/09\/Explosion-proof-high-bay-lights.png 780w, https:\/\/led.amasly.com\/wp-content\/uploads\/2024\/09\/Explosion-proof-high-bay-lights.png 360w\" sizes=\"auto, (max-width: 480px) 150px\" src=\"https:\/\/led.amasly.com\/wp-content\/uploads\/2024\/09\/Explosion-proof-high-bay-lights.png\" alt=\"\" class=\"uag-image-1495\" width=\"300\" height=\"300\" title=\"\u0110\u00e8n chi\u1ebfu s\u00e1ng ch\u1ed1ng ch\u00e1y n\u1ed5 cho khu v\u1ef1c tr\u1ea7n cao\" loading=\"lazy\" role=\"img\"><\/a><\/figure><\/div>\n<\/div>\n\n\n\n<div class=\"wp-block-uagb-container uagb-block-4d3efde5\">\n<div class=\"wp-block-uagb-image uagb-block-c9e90797 wp-block-uagb-image--layout-default wp-block-uagb-image--effect-static wp-block-uagb-image--align-none\"><figure class=\"wp-block-uagb-image__figure\"><a class=\"\" href=\"https:\/\/led.amasly.com\/vi\/products\/\" target=\"\" rel=\"noopener\"><img decoding=\"async\" srcset=\"https:\/\/led.amasly.com\/wp-content\/uploads\/2024\/07\/LED-tri-proof-lights2.png ,https:\/\/led.amasly.com\/wp-content\/uploads\/2024\/07\/LED-tri-proof-lights2.png 780w, https:\/\/led.amasly.com\/wp-content\/uploads\/2024\/07\/LED-tri-proof-lights2.png 360w\" sizes=\"auto, (max-width: 480px) 150px\" src=\"https:\/\/led.amasly.com\/wp-content\/uploads\/2024\/07\/LED-tri-proof-lights2.png\" alt=\"\" class=\"uag-image-1132\" width=\"300\" height=\"300\" title=\"\u0110\u00e8n LED ch\u1ed1ng n\u01b0\u1edbc ba chi\u1ec1u 2\" loading=\"lazy\" role=\"img\"><\/a><\/figure><\/div>\n<\/div>\n\n\n\n<div class=\"wp-block-uagb-container uagb-block-11c2578b\">\n<div class=\"wp-block-uagb-image uagb-block-6e8883aa wp-block-uagb-image--layout-default wp-block-uagb-image--effect-static wp-block-uagb-image--align-none\"><figure class=\"wp-block-uagb-image__figure\"><a class=\"\" href=\"https:\/\/led.amasly.com\/vi\/products\/\" target=\"\" rel=\"noopener\"><img decoding=\"async\" srcset=\"https:\/\/led.amasly.com\/wp-content\/uploads\/2024\/09\/LED-Explosion-Proof-Gas-Station-Light.png ,https:\/\/led.amasly.com\/wp-content\/uploads\/2024\/09\/LED-Explosion-Proof-Gas-Station-Light.png 780w, https:\/\/led.amasly.com\/wp-content\/uploads\/2024\/09\/LED-Explosion-Proof-Gas-Station-Light.png 360w\" sizes=\"auto, (max-width: 480px) 150px\" src=\"https:\/\/led.amasly.com\/wp-content\/uploads\/2024\/09\/LED-Explosion-Proof-Gas-Station-Light.png\" alt=\"\" class=\"uag-image-1501\" width=\"300\" height=\"300\" title=\"\u0110\u00e8n LED ch\u1ed1ng ch\u00e1y n\u1ed5 cho tr\u1ea1m x\u0103ng\" loading=\"lazy\" role=\"img\"><\/a><\/figure><\/div>\n<\/div>\n<\/div><\/div>\n\n\n\n<div class=\"wp-block-uagb-container uagb-block-548945b5 alignfull uagb-is-root-container\"><div class=\"uagb-container-inner-blocks-wrap\">\n<div class=\"wp-block-uagb-container uagb-block-967755d5\">\n<h4 class=\"wp-block-heading has-text-align-center\"><a href=\"https:\/\/led.amasly.com\/vi\/products\/\">\u0110\u00e8n LED ch\u1ed1ng ch\u00e1y n\u1ed5<\/a><\/h4>\n<\/div>\n\n\n\n<div class=\"wp-block-uagb-container uagb-block-9bc52fc2\">\n<h4 class=\"wp-block-heading has-text-align-center\"><a href=\"https:\/\/led.amasly.com\/vi\/products\/\">\u0110\u00e8n LED ch\u1ed1ng n\u01b0\u1edbc, ch\u1ed1ng b\u1ee5i v\u00e0 ch\u1ed1ng va \u0111\u1eadp<\/a><\/h4>\n<\/div>\n\n\n\n<div class=\"wp-block-uagb-container uagb-block-8ffa0a23\">\n<h4 class=\"wp-block-heading has-text-align-center\"><a href=\"https:\/\/led.amasly.com\/vi\/products\/\">\u0110\u00e8n chi\u1ebfu s\u00e1ng ch\u1ed1ng ch\u00e1y n\u1ed5 cho tr\u1ea1m x\u0103ng<\/a><\/h4>\n<\/div>\n<\/div><\/div>\n\n\n\n<div class=\"wp-block-uagb-container uagb-block-29499fe0 alignfull uagb-is-root-container\"><div class=\"uagb-container-inner-blocks-wrap\">\n<div class=\"wp-block-uagb-container uagb-block-777ee1c7\">\n<div class=\"wp-block-uagb-image uagb-block-2e9a1851 wp-block-uagb-image--layout-default wp-block-uagb-image--effect-static wp-block-uagb-image--align-none\"><figure class=\"wp-block-uagb-image__figure\"><a class=\"\" href=\"https:\/\/led.amasly.com\/vi\/products\/\" target=\"\" rel=\"noopener\"><img decoding=\"async\" srcset=\"https:\/\/led.amasly.com\/wp-content\/uploads\/2024\/10\/50W-100W-150W-200W-300W-LED-Flood-Light.jpg ,https:\/\/led.amasly.com\/wp-content\/uploads\/2024\/10\/50W-100W-150W-200W-300W-LED-Flood-Light.jpg 780w, https:\/\/led.amasly.com\/wp-content\/uploads\/2024\/10\/50W-100W-150W-200W-300W-LED-Flood-Light.jpg 360w\" sizes=\"auto, (max-width: 480px) 150px\" src=\"https:\/\/led.amasly.com\/wp-content\/uploads\/2024\/10\/50W-100W-150W-200W-300W-LED-Flood-Light.jpg\" alt=\"\" class=\"uag-image-1526\" width=\"300\" height=\"300\" title=\"\u0110\u00e8n LED chi\u1ebfu s\u00e1ng r\u1ed9ng 50W, 100W, 150W, 200W, 300W\" loading=\"lazy\" role=\"img\"><\/a><\/figure><\/div>\n<\/div>\n\n\n\n<div class=\"wp-block-uagb-container uagb-block-af8c8683\">\n<div class=\"wp-block-uagb-image uagb-block-67947854 wp-block-uagb-image--layout-default wp-block-uagb-image--effect-static wp-block-uagb-image--align-none\"><figure class=\"wp-block-uagb-image__figure\"><a class=\"\" href=\"https:\/\/led.amasly.com\/vi\/products\/\" target=\"\" rel=\"noopener\"><img decoding=\"async\" srcset=\"https:\/\/led.amasly.com\/wp-content\/uploads\/2024\/07\/led-tri-proof-light.png ,https:\/\/led.amasly.com\/wp-content\/uploads\/2024\/07\/led-tri-proof-light.png 780w, https:\/\/led.amasly.com\/wp-content\/uploads\/2024\/07\/led-tri-proof-light.png 360w\" sizes=\"auto, (max-width: 480px) 150px\" src=\"https:\/\/led.amasly.com\/wp-content\/uploads\/2024\/07\/led-tri-proof-light.png\" alt=\"\" class=\"uag-image-1130\" width=\"300\" height=\"300\" title=\"\u0110\u00e8n LED ch\u1ed1ng n\u01b0\u1edbc\" loading=\"lazy\" role=\"img\"><\/a><\/figure><\/div>\n<\/div>\n\n\n\n<div class=\"wp-block-uagb-container uagb-block-0fdfdd58\">\n<div class=\"wp-block-uagb-image uagb-block-1187d32d wp-block-uagb-image--layout-default wp-block-uagb-image--effect-static wp-block-uagb-image--align-none\"><figure class=\"wp-block-uagb-image__figure\"><a class=\"\" href=\"https:\/\/led.amasly.com\/vi\/products\/\" target=\"\" rel=\"noopener\"><img decoding=\"async\" srcset=\"https:\/\/led.amasly.com\/wp-content\/uploads\/2024\/07\/LED-street-light.jpg ,https:\/\/led.amasly.com\/wp-content\/uploads\/2024\/07\/LED-street-light.jpg 780w, https:\/\/led.amasly.com\/wp-content\/uploads\/2024\/07\/LED-street-light.jpg 360w\" sizes=\"auto, (max-width: 480px) 150px\" src=\"https:\/\/led.amasly.com\/wp-content\/uploads\/2024\/07\/LED-street-light.jpg\" alt=\"\" class=\"uag-image-1145\" width=\"300\" height=\"300\" title=\"\u0110\u00e8n \u0111\u01b0\u1eddng LED\" loading=\"lazy\" role=\"img\"><\/a><\/figure><\/div>\n<\/div>\n<\/div><\/div>\n\n\n\n<div class=\"wp-block-uagb-container uagb-block-6a60882c alignfull uagb-is-root-container\"><div class=\"uagb-container-inner-blocks-wrap\">\n<div class=\"wp-block-uagb-container uagb-block-f1e91a35\">\n<h4 class=\"wp-block-heading has-text-align-center\"><a href=\"https:\/\/led.amasly.com\/vi\/products\/\">\u0110\u00e8n LED chi\u1ebfu s\u00e1ng r\u1ed9ng<\/a><\/h4>\n<\/div>\n\n\n\n<div class=\"wp-block-uagb-container uagb-block-165bfa58\">\n<h4 class=\"wp-block-heading has-text-align-center\"><a href=\"https:\/\/led.amasly.com\/vi\/products\/\">\u0110\u00e8n \u1ed1ng LED ch\u1ed1ng n\u01b0\u1edbc, ch\u1ed1ng b\u1ee5i v\u00e0 ch\u1ed1ng va \u0111\u1eadp<\/a><\/h4>\n<\/div>\n\n\n\n<div class=\"wp-block-uagb-container uagb-block-f6096e3b\">\n<h4 class=\"wp-block-heading has-text-align-center\"><a href=\"https:\/\/led.amasly.com\/vi\/products\/\">\u0110\u00e8n \u0111\u01b0\u1eddng LED<\/a><\/h4>\n<\/div>\n<\/div><\/div>\n\n\n\n<div class=\"wp-block-uagb-container uagb-block-99c0e0a5 alignfull uagb-is-root-container\"><div class=\"uagb-container-inner-blocks-wrap\"><\/div><\/div>\n\n\n\n<p><\/p>","protected":false},"excerpt":{"rendered":"<p>Industrial Lighting System Design Standards for Thermal Power Plants As core facilities for energy production, thermal power plants require lighting systems that directly impact equipment maintenance efficiency and personnel safety. This article provides an in-depth analysis of lighting requirements for critical areas in power plants, along with professional solutions compliant with international safety standards. Core [&hellip;]<\/p>\n","protected":false},"author":1,"featured_media":0,"parent":2374,"menu_order":0,"comment_status":"closed","ping_status":"closed","template":"","meta":{"_uag_custom_page_level_css":"","site-sidebar-layout":"no-sidebar","site-content-layout":"","ast-site-content-layout":"default","site-content-style":"default","site-sidebar-style":"default","ast-global-header-display":"","ast-banner-title-visibility":"","ast-main-header-display":"","ast-hfb-above-header-display":"","ast-hfb-below-header-display":"","ast-hfb-mobile-header-display":"","site-post-title":"disabled","ast-breadcrumbs-content":"","ast-featured-img":"","footer-sml-layout":"","ast-disable-related-posts":"","theme-transparent-header-meta":"enabled","adv-header-id-meta":"","stick-header-meta":"","header-above-stick-meta":"","header-main-stick-meta":"","header-below-stick-meta":"","astra-migrate-meta-layouts":"set","ast-page-background-enabled":"default","ast-page-background-meta":{"desktop":{"background-color":"var(--ast-global-color-4)","background-image":"","background-repeat":"repeat","background-position":"center center","background-size":"auto","background-attachment":"scroll","background-type":"","background-media":"","overlay-type":"","overlay-color":"","overlay-opacity":"","overlay-gradient":""},"tablet":{"background-color":"","background-image":"","background-repeat":"repeat","background-position":"center center","background-size":"auto","background-attachment":"scroll","background-type":"","background-media":"","overlay-type":"","overlay-color":"","overlay-opacity":"","overlay-gradient":""},"mobile":{"background-color":"","background-image":"","background-repeat":"repeat","background-position":"center center","background-size":"auto","background-attachment":"scroll","background-type":"","background-media":"","overlay-type":"","overlay-color":"","overlay-opacity":"","overlay-gradient":""}},"ast-content-background-meta":{"desktop":{"background-color":"var(--ast-global-color-5)","background-image":"","background-repeat":"repeat","background-position":"center center","background-size":"auto","background-attachment":"scroll","background-type":"","background-media":"","overlay-type":"","overlay-color":"","overlay-opacity":"","overlay-gradient":""},"tablet":{"background-color":"var(--ast-global-color-5)","background-image":"","background-repeat":"repeat","background-position":"center center","background-size":"auto","background-attachment":"scroll","background-type":"","background-media":"","overlay-type":"","overlay-color":"","overlay-opacity":"","overlay-gradient":""},"mobile":{"background-color":"var(--ast-global-color-5)","background-image":"","background-repeat":"repeat","background-position":"center center","background-size":"auto","background-attachment":"scroll","background-type":"","background-media":"","overlay-type":"","overlay-color":"","overlay-opacity":"","overlay-gradient":""}},"footnotes":""},"class_list":["post-3200","page","type-page","status-publish","hentry"],"uagb_featured_image_src":{"full":false,"thumbnail":false,"medium":false,"medium_large":false,"large":false,"1536x1536":false,"2048x2048":false,"trp-custom-language-flag":false},"uagb_author_info":{"display_name":"Joe","author_link":"https:\/\/led.amasly.com\/vi\/author\/jacklin\/"},"uagb_comment_info":0,"uagb_excerpt":"Industrial Lighting System Design Standards for Thermal Power Plants As core facilities for energy production, thermal power plants require lighting systems that directly impact equipment maintenance efficiency and personnel safety. This article provides an in-depth analysis of lighting requirements for critical areas in power plants, along with professional solutions compliant with international safety standards. Core&hellip;","_links":{"self":[{"href":"https:\/\/led.amasly.com\/vi\/wp-json\/wp\/v2\/pages\/3200","targetHints":{"allow":["GET"]}}],"collection":[{"href":"https:\/\/led.amasly.com\/vi\/wp-json\/wp\/v2\/pages"}],"about":[{"href":"https:\/\/led.amasly.com\/vi\/wp-json\/wp\/v2\/types\/page"}],"author":[{"embeddable":true,"href":"https:\/\/led.amasly.com\/vi\/wp-json\/wp\/v2\/users\/1"}],"replies":[{"embeddable":true,"href":"https:\/\/led.amasly.com\/vi\/wp-json\/wp\/v2\/comments?post=3200"}],"version-history":[{"count":1,"href":"https:\/\/led.amasly.com\/vi\/wp-json\/wp\/v2\/pages\/3200\/revisions"}],"predecessor-version":[{"id":3203,"href":"https:\/\/led.amasly.com\/vi\/wp-json\/wp\/v2\/pages\/3200\/revisions\/3203"}],"up":[{"embeddable":true,"href":"https:\/\/led.amasly.com\/vi\/wp-json\/wp\/v2\/pages\/2374"}],"wp:attachment":[{"href":"https:\/\/led.amasly.com\/vi\/wp-json\/wp\/v2\/media?parent=3200"}],"curies":[{"name":"wp","href":"https:\/\/api.w.org\/{rel}","templated":true}]}}