{"id":3198,"date":"2025-04-29T22:16:35","date_gmt":"2025-04-29T14:16:35","guid":{"rendered":"https:\/\/led.amasly.com\/?page_id=3198"},"modified":"2025-04-29T22:16:40","modified_gmt":"2025-04-29T14:16:40","slug":"industrial-lighting-system-optimization-for-waste-to-power-plant-corrosion-resistant-led-selection-guide","status":"publish","type":"page","link":"https:\/\/led.amasly.com\/vi\/knowledge\/explosion-proof-products-knowledge\/industrial-lighting-system-optimization-for-waste-to-power-plant-corrosion-resistant-led-selection-guide\/","title":{"rendered":"T\u1ed1i \u01b0u h\u00f3a h\u1ec7 th\u1ed1ng chi\u1ebfu s\u00e1ng c\u00f4ng nghi\u1ec7p cho nh\u00e0 m\u00e1y \u0111i\u1ec7n t\u1eeb ch\u1ea5t th\u1ea3i: H\u01b0\u1edbng d\u1eabn l\u1ef1a ch\u1ecdn \u0111\u00e8n LED ch\u1ed1ng \u0103n m\u00f2n"},"content":{"rendered":"<div class=\"wp-block-uagb-container uagb-block-27bae773 alignfull uagb-is-root-container\"><div class=\"uagb-container-inner-blocks-wrap\"><\/div><\/div>\n\n\n\n<h1 class=\"wp-block-heading has-text-align-center\">T\u1ed1i \u01b0u h\u00f3a h\u1ec7 th\u1ed1ng chi\u1ebfu s\u00e1ng c\u00f4ng nghi\u1ec7p cho nh\u00e0 m\u00e1y \u0111i\u1ec7n t\u1eeb ch\u1ea5t th\u1ea3i: H\u01b0\u1edbng d\u1eabn l\u1ef1a ch\u1ecdn \u0111\u00e8n LED ch\u1ed1ng \u0103n m\u00f2n<\/h1>\n\n\n\n<h2 class=\"wp-block-heading\">Gi\u00e1 tr\u1ecb chi\u1ebfn l\u01b0\u1ee3c c\u1ee7a chi\u1ebfu s\u00e1ng c\u00f4ng nghi\u1ec7p trong s\u1ea3n xu\u1ea5t \u0111i\u1ec7n t\u1eeb \u0111\u1ed1t r\u00e1c th\u1ea3i<\/h2>\n\n\n\n<p>D\u01b0\u1edbi m\u1ee5c ti\u00eau k\u00e9p v\u1ec1 carbon, c\u00e1c nh\u00e0 m\u00e1y chuy\u1ec3n \u0111\u1ed5i r\u00e1c th\u1ea3i th\u00e0nh n\u0103ng l\u01b0\u1ee3ng \u0111\u00e3 tr\u1edf th\u00e0nh c\u01a1 s\u1edf h\u1ea1 t\u1ea7ng \u0111\u00f4 th\u1ecb quan tr\u1ecdng, n\u01a1i qu\u1ea3n l\u00fd hi\u1ec7u qu\u1ea3 n\u0103ng l\u01b0\u1ee3ng hi\u1ec7n \u0111ang thu h\u00fat s\u1ef1 ch\u00fa \u00fd c\u1ee7a ng\u00e0nh c\u00f4ng nghi\u1ec7p. Th\u1ed1ng k\u00ea cho th\u1ea5y h\u1ec7 th\u1ed1ng chi\u1ebfu s\u00e1ng c\u00f4ng nghi\u1ec7p chi\u1ebfm 12%-15% trong t\u1ed5ng ti\u00eau th\u1ee5 \u0111i\u1ec7n n\u0103ng, v\u1edbi vi\u1ec7c thay th\u1ebf thi\u1ebft b\u1ecb do \u0103n m\u00f2n l\u00e0m t\u0103ng chi ph\u00ed h\u00e0ng n\u0103m l\u00ean 37%. Do \u0111\u00f3, vi\u1ec7c tri\u1ec3n khai c\u00e1c gi\u1ea3i ph\u00e1p LED ch\u1ed1ng \u0103n m\u00f2n hi\u1ec7u su\u1ea5t cao \u0111\u00e3 tr\u1edf th\u00e0nh y\u1ebfu t\u1ed1 then ch\u1ed1t cho vi\u1ec7c t\u1ed1i \u01b0u h\u00f3a ho\u1ea1t \u0111\u1ed9ng.<\/p>\n\n\n\n<h2 class=\"wp-block-heading\">Ph\u00e2n t\u00edch m\u00f4i tr\u01b0\u1eddng c\u1ee7a h\u1ec7 th\u1ed1ng chi\u1ebfu s\u00e1ng nh\u00e0 m\u00e1y \u0111i\u1ec7n th\u1ea3i<\/h2>\n\n\n\n<h3 class=\"wp-block-heading\">Th\u00e1ch th\u1ee9c v\u1eadn h\u00e0nh \u0111\u1eb7c th\u00f9<\/h3>\n\n\n\n<ul class=\"wp-block-list\">\n<li>Corrosion h\u00f3a h\u1ecdc: N\u1ed3ng \u0111\u1ed9 H2S\/NH3 \u0111\u1ea1t 200-500 ppm<\/li>\n\n\n\n<li>Dao \u0111\u1ed9ng nhi\u1ec7t \u0111\u1ed9: C\u00e1c v\u00f9ng l\u00f2 h\u01a1i \u1edf 60\u2103 \u00b1 10\u2103<\/li>\n\n\n\n<li>\u00d4 nhi\u1ec5m h\u1ea1t b\u1ee5i: N\u1ed3ng \u0111\u1ed9 PM2.5 v\u01b0\u1ee3t qu\u00e1 300\u03bcg\/m\u00b3 trong c\u00e1c nh\u00e0 m\u00e1y l\u1ecdc b\u1ee5i b\u1eb1ng t\u00fai l\u1ecdc.<\/li>\n\n\n\n<li>Dao \u0111\u1ed9ng c\u01a1 h\u1ecdc: Dao \u0111\u1ed9ng c\u1ee7a thi\u1ebft b\u1ecb t\u1ea7n s\u1ed1 th\u1ea5p t\u1eeb 5-15Hz<\/li>\n<\/ul>\n\n\n\n<h3 class=\"wp-block-heading\">B\u1ea3ng th\u00f4ng s\u1ed1 k\u1ef9 thu\u1eadt<\/h3>\n\n\n\n<figure class=\"wp-block-table\"><table class=\"has-fixed-layout\"><thead><tr><th>Tham s\u1ed1<\/th><th>Y\u00eau c\u1ea7u<\/th><th>Ti\u00eau chu\u1ea9n<\/th><\/tr><\/thead><tbody><tr><td>Ch\u1ec9 s\u1ed1 ch\u1ed1ng n\u01b0\u1edbc v\u00e0 b\u1ee5i<\/td><td>IP66\/IP67<\/td><td><a href=\"http:\/\/www.iecex-certs.com\/\" rel=\"nofollow noopener\" target=\"_blank\">Ti\u00eau chu\u1ea9n IEC 60529<\/a><\/td><\/tr><tr><td>L\u1edbp \u0103n m\u00f2n<\/td><td>WF2 (1200 gi\u1edd phun mu\u1ed1i)<\/td><td>Ti\u00eau chu\u1ea9n ISO 9227<\/td><\/tr><tr><td>Kh\u1ea3 n\u0103ng ch\u1ed1ng rung<\/td><td>5-50 Hz\/3 Grms<\/td><td>Ti\u00eau chu\u1ea9n IEC 60068-2-6<\/td><\/tr><tr><td>Ch\u1ed1ng ch\u00e1y n\u1ed5<\/td><td>Ex d IIB T4 Gb<\/td><td>Ti\u00eau chu\u1ea9n IEC 60079<\/td><\/tr><\/tbody><\/table><\/figure>\n\n\n\n<h2 class=\"wp-block-heading\">Gi\u1ea3i ph\u00e1p chi\u1ebfu s\u00e1ng theo khu v\u1ef1c<\/h2>\n\n\n\n<h3 class=\"wp-block-heading\">1. H\u1ec7 th\u1ed1ng chi\u1ebfu s\u00e1ng nh\u00e0 m\u00e1y ph\u00e1t \u0111i\u1ec7n tuabin<\/h3>\n\n\n\n<p><strong>M\u00f4i tr\u01b0\u1eddng<\/strong>Chi\u1ec1u cao tr\u1ea7n 15m, n\u1ed3ng \u0111\u1ed9 h\u1ed7n h\u1ee3p d\u1ea7u-kh\u00ed t\u1eeb 0,8 \u0111\u1ebfn 1,2 mg\/m\u00b3.<br><strong>Gi\u1ea3i ph\u00e1p<\/strong>\u0110\u00e8n LED ch\u1ed1ng ch\u00e1y n\u1ed5 Amasly BAD Series<\/p>\n\n\n\n<ul class=\"wp-block-list\">\n<li>V\u1ecf \u0111\u00fac b\u1eb1ng th\u00e9p kh\u00f4ng g\u1ec9 304<\/li>\n\n\n\n<li>B\u1ed9 \u0111i\u1ec1u khi\u1ec3n d\u00f2ng \u0111i\u1ec7n li\u00ean t\u1ee5c th\u00f4ng minh t\u00edch h\u1ee3p<\/li>\n\n\n\n<li>Hi\u1ec7u su\u1ea5t 140 lumen\/watt, tu\u1ed5i th\u1ecd 50.000 gi\u1edd<\/li>\n\n\n\n<li>Thi\u1ebft k\u1ebf m\u00f4-\u0111un c\u00f3 th\u1ec3 \u0111i\u1ec1u ch\u1ec9nh t\u1eeb 0 \u0111\u1ebfn 90 \u0111\u1ed9<\/li>\n<\/ul>\n\n\n\n<h3 class=\"wp-block-heading\">2. H\u1ec7 th\u1ed1ng chi\u1ebfu s\u00e1ng khu v\u1ef1c l\u00f2 h\u01a1i<\/h3>\n\n\n\n<p><strong>Th\u00e1ch th\u1ee9c<\/strong>: 50kW\/m\u00b2 b\u1ee9c x\u1ea1 nhi\u1ec7t, Nguy c\u01a1 n\u1ed5 b\u1ee5i c\u1ea5p St1<br><strong>S\u00e1ng t\u1ea1o<\/strong>Bi\u1ebfn th\u1ec3 BAD ch\u1ecbu nhi\u1ec7t \u0111\u1ed9 cao<\/p>\n\n\n\n<ul class=\"wp-block-list\">\n<li>Mi\u1ebfng \u0111\u1ec7m nhi\u1ec7t ti\u00eau chu\u1ea9n h\u00e0ng kh\u00f4ng v\u0169 tr\u1ee5<\/li>\n\n\n\n<li>K\u00ednh c\u01b0\u1eddng l\u1ef1c hai l\u1edbp<\/li>\n\n\n\n<li>M\u1ea1ch b\u00f9 nhi\u1ec7t \u0111\u1ed9 (-40\u2103~+85\u2103)<\/li>\n\n\n\n<li>Tu\u00e2n th\u1ee7 ch\u1ee9ng nh\u1eadn ATEX<\/li>\n<\/ul>\n\n\n\n<h3 class=\"wp-block-heading\">3. H\u1ec7 th\u1ed1ng chi\u1ebfu s\u00e1ng x\u1eed l\u00fd kh\u00ed th\u1ea3i<\/h3>\n\n\n\n<p><strong>B\u1ea3o v\u1ec7 ch\u1ed1ng \u0103n m\u00f2n<\/strong>C\u00f4ng ngh\u1ec7 ba l\u1edbp b\u1ea3o v\u1ec7 BAT Series<\/p>\n\n\n\n<ul class=\"wp-block-list\">\n<li>L\u1edbp ph\u1ee7 nano (B\u1eb1ng s\u00e1ng ch\u1ebf: ZL202010XXXXXX.X)<\/li>\n\n\n\n<li>Ph\u1edbt PTFE ch\u1ed1ng axit<\/li>\n\n\n\n<li>C\u1ea5u tr\u00fac l\u01b0\u1edbi t\u1ed5 ong ch\u1ed1ng b\u1ee5i<\/li>\n\n\n\n<li>5000K CCT \u0111\u1ec3 \u0111\u1ea3m b\u1ea3o \u0111\u1ed9 r\u00f5 n\u00e9t trong qu\u00e1 tr\u00ecnh ki\u1ec3m tra<\/li>\n<\/ul>\n\n\n\n<h3 class=\"wp-block-heading\">4. Trung t\u00e2m \u0111i\u1ec1u khi\u1ec3n chi\u1ebfu s\u00e1ng<\/h3>\n\n\n\n<p><strong>Y\u00eau c\u1ea7u<\/strong>: UGR85, \u0111\u1ed9 chi\u1ebfu s\u00e1ng 500 lux<br><strong>Tri\u1ec3n khai<\/strong>\u0110\u00e8n LED l\u01b0\u1edbi \u00e2m tr\u1ea7n<\/p>\n\n\n\n<ul class=\"wp-block-list\">\n<li>C\u00f4ng ngh\u1ec7 d\u1eabn s\u00e1ng b\u1eb1ng vi l\u0103ng k\u00ednh<\/li>\n\n\n\n<li>\u0110i\u1ec1u ch\u1ec9nh \u0111\u1ed9 s\u00e1ng th\u00f4ng minh (0-10V\/DALI)<\/li>\n\n\n\n<li>Tu\u00e2n th\u1ee7 ti\u00eau chu\u1ea9n EMI Class B<\/li>\n\n\n\n<li>THD &lt; 15%<\/li>\n<\/ul>\n\n\n\n<h2 class=\"wp-block-heading\">Ph\u00e2n t\u00edch hi\u1ec7u qu\u1ea3 n\u0103ng l\u01b0\u1ee3ng<\/h2>\n\n\n\n<p>D\u1eef li\u1ec7u hi\u1ec7u su\u1ea5t t\u1eeb vi\u1ec7c n\u00e2ng c\u1ea5p nh\u00e0 m\u00e1y 2\u00d7750 t\u1ea5n\/ng\u00e0y:<\/p>\n\n\n\n<figure class=\"wp-block-table\"><table class=\"has-fixed-layout\"><thead><tr><th>\u0110\u01a1n v\u1ecb \u0111o l\u01b0\u1eddng<\/th><th>Tr\u01b0\u1edbc khi n\u00e2ng c\u1ea5p<\/th><th>Sau khi n\u00e2ng c\u1ea5p<\/th><th>C\u1ea3i thi\u1ec7n<\/th><\/tr><\/thead><tbody><tr><td>Ti\u00eau th\u1ee5 h\u00e0ng n\u0103m<\/td><td>286.000 kWh<\/td><td>158.000 kWh<\/td><td>44.7%<\/td><\/tr><tr><td>T\u1ea7n su\u1ea5t b\u1ea3o tr\u00ec<\/td><td>6 l\u1ea7n\/n\u0103m<\/td><td>0,5\/n\u0103m<\/td><td>91.7%<\/td><\/tr><tr><td>Gi\u1ea3m thi\u1ec3u CO2<\/td><td>\u2013<\/td><td>102 t\u1ea5n<\/td><td>\u2013<\/td><\/tr><\/tbody><\/table><\/figure>\n\n\n\n<h2 class=\"wp-block-heading\">Xu h\u01b0\u1edbng ng\u00e0nh<\/h2>\n\n\n\n<ol start=\"1\" class=\"wp-block-list\">\n<li>H\u1ec7 th\u1ed1ng \u0111i\u1ec1u khi\u1ec3n chi\u1ebfu s\u00e1ng th\u00f4ng minh t\u00edch h\u1ee3p DCS<\/li>\n\n\n\n<li>H\u1ec7 th\u1ed1ng k\u1ebft h\u1ee3p l\u01b0u tr\u1eef n\u0103ng l\u01b0\u1ee3ng m\u1eb7t tr\u1eddi v\u00e0 chi\u1ebfu s\u00e1ng<\/li>\n\n\n\n<li>D\u1ef1 \u0111o\u00e1n tu\u1ed5i th\u1ecd d\u1ef1a tr\u00ean m\u00f4 h\u00ecnh s\u1ed1<\/li>\n\n\n\n<li>C\u00e1c n\u1ec1n t\u1ea3ng qu\u1ea3n l\u00fd c\u01a1 s\u1edf v\u1eadt ch\u1ea5t t\u00edch h\u1ee3p IoT<\/li>\n<\/ol>\n\n\n\n<p class=\"has-text-align-left\"><strong>T\u01b0 v\u1ea5n k\u1ef9 thu\u1eadt<\/strong>Y\u00eau c\u1ea7u \u0111\u1ea7y \u0111\u1ee7 t\u00e0i li\u1ec7u ch\u1ee9ng nh\u1eadn IECEx v\u00e0 b\u00e1o c\u00e1o duy tr\u00ec \u0111\u1ed9 s\u00e1ng TM-21 \u0111\u1ec3 \u0111\u1ea3m b\u1ea3o tu\u00e2n th\u1ee7 tu\u1ed5i th\u1ecd L70 trong qu\u00e1 tr\u00ecnh l\u1ef1a ch\u1ecdn \u0111\u00e8n LED.<\/p>\n\n\n\n<div class=\"wp-block-uagb-container uagb-block-c7d898dd alignfull uagb-is-root-container\"><div class=\"uagb-container-inner-blocks-wrap\"><\/div><\/div>\n\n\n\n<h2 class=\"wp-block-heading\">S\u1ea3n ph\u1ea9m li\u00ean quan<\/h2>\n\n\n\n<div class=\"wp-block-uagb-container uagb-block-66e4defc alignfull uagb-is-root-container\"><div class=\"uagb-container-inner-blocks-wrap\">\n<div class=\"wp-block-uagb-container uagb-block-a42945f9\">\n<div class=\"wp-block-uagb-image uagb-block-7296296b wp-block-uagb-image--layout-default wp-block-uagb-image--effect-static wp-block-uagb-image--align-none\"><figure class=\"wp-block-uagb-image__figure\"><a class=\"\" href=\"https:\/\/led.amasly.com\/vi\/products\/\" target=\"\" rel=\"noopener\"><img decoding=\"async\" srcset=\"https:\/\/led.amasly.com\/wp-content\/uploads\/2024\/09\/Explosion-proof-high-bay-lights.png ,https:\/\/led.amasly.com\/wp-content\/uploads\/2024\/09\/Explosion-proof-high-bay-lights.png 780w, https:\/\/led.amasly.com\/wp-content\/uploads\/2024\/09\/Explosion-proof-high-bay-lights.png 360w\" sizes=\"auto, (max-width: 480px) 150px\" src=\"https:\/\/led.amasly.com\/wp-content\/uploads\/2024\/09\/Explosion-proof-high-bay-lights.png\" alt=\"\" class=\"uag-image-1495\" width=\"300\" height=\"300\" title=\"\u0110\u00e8n chi\u1ebfu s\u00e1ng ch\u1ed1ng ch\u00e1y n\u1ed5 cho khu v\u1ef1c tr\u1ea7n cao\" loading=\"lazy\" role=\"img\"><\/a><\/figure><\/div>\n<\/div>\n\n\n\n<div class=\"wp-block-uagb-container uagb-block-4d3efde5\">\n<div class=\"wp-block-uagb-image uagb-block-c9e90797 wp-block-uagb-image--layout-default wp-block-uagb-image--effect-static wp-block-uagb-image--align-none\"><figure class=\"wp-block-uagb-image__figure\"><a class=\"\" href=\"https:\/\/led.amasly.com\/vi\/products\/\" target=\"\" rel=\"noopener\"><img decoding=\"async\" srcset=\"https:\/\/led.amasly.com\/wp-content\/uploads\/2024\/07\/LED-tri-proof-lights2.png ,https:\/\/led.amasly.com\/wp-content\/uploads\/2024\/07\/LED-tri-proof-lights2.png 780w, https:\/\/led.amasly.com\/wp-content\/uploads\/2024\/07\/LED-tri-proof-lights2.png 360w\" sizes=\"auto, (max-width: 480px) 150px\" src=\"https:\/\/led.amasly.com\/wp-content\/uploads\/2024\/07\/LED-tri-proof-lights2.png\" alt=\"\" class=\"uag-image-1132\" width=\"300\" height=\"300\" title=\"\u0110\u00e8n LED ch\u1ed1ng n\u01b0\u1edbc ba chi\u1ec1u 2\" loading=\"lazy\" role=\"img\"><\/a><\/figure><\/div>\n<\/div>\n\n\n\n<div class=\"wp-block-uagb-container uagb-block-11c2578b\">\n<div class=\"wp-block-uagb-image uagb-block-6e8883aa wp-block-uagb-image--layout-default wp-block-uagb-image--effect-static wp-block-uagb-image--align-none\"><figure class=\"wp-block-uagb-image__figure\"><a class=\"\" href=\"https:\/\/led.amasly.com\/vi\/products\/\" target=\"\" rel=\"noopener\"><img decoding=\"async\" srcset=\"https:\/\/led.amasly.com\/wp-content\/uploads\/2024\/09\/LED-Explosion-Proof-Gas-Station-Light.png ,https:\/\/led.amasly.com\/wp-content\/uploads\/2024\/09\/LED-Explosion-Proof-Gas-Station-Light.png 780w, https:\/\/led.amasly.com\/wp-content\/uploads\/2024\/09\/LED-Explosion-Proof-Gas-Station-Light.png 360w\" sizes=\"auto, (max-width: 480px) 150px\" src=\"https:\/\/led.amasly.com\/wp-content\/uploads\/2024\/09\/LED-Explosion-Proof-Gas-Station-Light.png\" alt=\"\" class=\"uag-image-1501\" width=\"300\" height=\"300\" title=\"\u0110\u00e8n LED ch\u1ed1ng ch\u00e1y n\u1ed5 cho tr\u1ea1m x\u0103ng\" loading=\"lazy\" role=\"img\"><\/a><\/figure><\/div>\n<\/div>\n<\/div><\/div>\n\n\n\n<div class=\"wp-block-uagb-container uagb-block-548945b5 alignfull uagb-is-root-container\"><div class=\"uagb-container-inner-blocks-wrap\">\n<div class=\"wp-block-uagb-container uagb-block-967755d5\">\n<h4 class=\"wp-block-heading has-text-align-center\"><a href=\"https:\/\/led.amasly.com\/vi\/products\/\">\u0110\u00e8n LED ch\u1ed1ng ch\u00e1y n\u1ed5<\/a><\/h4>\n<\/div>\n\n\n\n<div class=\"wp-block-uagb-container uagb-block-9bc52fc2\">\n<h4 class=\"wp-block-heading has-text-align-center\"><a href=\"https:\/\/led.amasly.com\/vi\/products\/\">\u0110\u00e8n LED ch\u1ed1ng n\u01b0\u1edbc, ch\u1ed1ng b\u1ee5i v\u00e0 ch\u1ed1ng va \u0111\u1eadp<\/a><\/h4>\n<\/div>\n\n\n\n<div class=\"wp-block-uagb-container uagb-block-8ffa0a23\">\n<h4 class=\"wp-block-heading has-text-align-center\"><a href=\"https:\/\/led.amasly.com\/vi\/products\/\">\u0110\u00e8n chi\u1ebfu s\u00e1ng ch\u1ed1ng ch\u00e1y n\u1ed5 cho tr\u1ea1m x\u0103ng<\/a><\/h4>\n<\/div>\n<\/div><\/div>\n\n\n\n<div class=\"wp-block-uagb-container uagb-block-29499fe0 alignfull uagb-is-root-container\"><div class=\"uagb-container-inner-blocks-wrap\">\n<div class=\"wp-block-uagb-container uagb-block-777ee1c7\">\n<div class=\"wp-block-uagb-image uagb-block-2e9a1851 wp-block-uagb-image--layout-default wp-block-uagb-image--effect-static wp-block-uagb-image--align-none\"><figure class=\"wp-block-uagb-image__figure\"><a class=\"\" href=\"https:\/\/led.amasly.com\/vi\/products\/\" target=\"\" rel=\"noopener\"><img decoding=\"async\" srcset=\"https:\/\/led.amasly.com\/wp-content\/uploads\/2024\/10\/50W-100W-150W-200W-300W-LED-Flood-Light.jpg ,https:\/\/led.amasly.com\/wp-content\/uploads\/2024\/10\/50W-100W-150W-200W-300W-LED-Flood-Light.jpg 780w, https:\/\/led.amasly.com\/wp-content\/uploads\/2024\/10\/50W-100W-150W-200W-300W-LED-Flood-Light.jpg 360w\" sizes=\"auto, (max-width: 480px) 150px\" src=\"https:\/\/led.amasly.com\/wp-content\/uploads\/2024\/10\/50W-100W-150W-200W-300W-LED-Flood-Light.jpg\" alt=\"\" class=\"uag-image-1526\" width=\"300\" height=\"300\" title=\"\u0110\u00e8n LED chi\u1ebfu s\u00e1ng r\u1ed9ng 50W, 100W, 150W, 200W, 300W\" loading=\"lazy\" role=\"img\"><\/a><\/figure><\/div>\n<\/div>\n\n\n\n<div class=\"wp-block-uagb-container uagb-block-af8c8683\">\n<div class=\"wp-block-uagb-image uagb-block-67947854 wp-block-uagb-image--layout-default wp-block-uagb-image--effect-static wp-block-uagb-image--align-none\"><figure class=\"wp-block-uagb-image__figure\"><a class=\"\" href=\"https:\/\/led.amasly.com\/vi\/products\/\" target=\"\" rel=\"noopener\"><img decoding=\"async\" srcset=\"https:\/\/led.amasly.com\/wp-content\/uploads\/2024\/07\/led-tri-proof-light.png ,https:\/\/led.amasly.com\/wp-content\/uploads\/2024\/07\/led-tri-proof-light.png 780w, https:\/\/led.amasly.com\/wp-content\/uploads\/2024\/07\/led-tri-proof-light.png 360w\" sizes=\"auto, (max-width: 480px) 150px\" src=\"https:\/\/led.amasly.com\/wp-content\/uploads\/2024\/07\/led-tri-proof-light.png\" alt=\"\" class=\"uag-image-1130\" width=\"300\" height=\"300\" title=\"\u0110\u00e8n LED ch\u1ed1ng n\u01b0\u1edbc\" loading=\"lazy\" role=\"img\"><\/a><\/figure><\/div>\n<\/div>\n\n\n\n<div class=\"wp-block-uagb-container uagb-block-0fdfdd58\">\n<div class=\"wp-block-uagb-image uagb-block-1187d32d wp-block-uagb-image--layout-default wp-block-uagb-image--effect-static wp-block-uagb-image--align-none\"><figure class=\"wp-block-uagb-image__figure\"><a class=\"\" href=\"https:\/\/led.amasly.com\/vi\/products\/\" target=\"\" rel=\"noopener\"><img decoding=\"async\" srcset=\"https:\/\/led.amasly.com\/wp-content\/uploads\/2024\/07\/LED-street-light.jpg ,https:\/\/led.amasly.com\/wp-content\/uploads\/2024\/07\/LED-street-light.jpg 780w, https:\/\/led.amasly.com\/wp-content\/uploads\/2024\/07\/LED-street-light.jpg 360w\" sizes=\"auto, (max-width: 480px) 150px\" src=\"https:\/\/led.amasly.com\/wp-content\/uploads\/2024\/07\/LED-street-light.jpg\" alt=\"\" class=\"uag-image-1145\" width=\"300\" height=\"300\" title=\"\u0110\u00e8n \u0111\u01b0\u1eddng LED\" loading=\"lazy\" role=\"img\"><\/a><\/figure><\/div>\n<\/div>\n<\/div><\/div>\n\n\n\n<div class=\"wp-block-uagb-container uagb-block-6a60882c alignfull uagb-is-root-container\"><div class=\"uagb-container-inner-blocks-wrap\">\n<div class=\"wp-block-uagb-container uagb-block-f1e91a35\">\n<h4 class=\"wp-block-heading has-text-align-center\"><a href=\"https:\/\/led.amasly.com\/vi\/products\/\">\u0110\u00e8n LED chi\u1ebfu s\u00e1ng r\u1ed9ng<\/a><\/h4>\n<\/div>\n\n\n\n<div class=\"wp-block-uagb-container uagb-block-165bfa58\">\n<h4 class=\"wp-block-heading has-text-align-center\"><a href=\"https:\/\/led.amasly.com\/vi\/products\/\">\u0110\u00e8n \u1ed1ng LED ch\u1ed1ng n\u01b0\u1edbc, ch\u1ed1ng b\u1ee5i v\u00e0 ch\u1ed1ng va \u0111\u1eadp<\/a><\/h4>\n<\/div>\n\n\n\n<div class=\"wp-block-uagb-container uagb-block-f6096e3b\">\n<h4 class=\"wp-block-heading has-text-align-center\"><a href=\"https:\/\/led.amasly.com\/vi\/products\/\">\u0110\u00e8n \u0111\u01b0\u1eddng LED<\/a><\/h4>\n<\/div>\n<\/div><\/div>\n\n\n\n<div class=\"wp-block-uagb-container uagb-block-99c0e0a5 alignfull uagb-is-root-container\"><div class=\"uagb-container-inner-blocks-wrap\"><\/div><\/div>\n\n\n\n<p><\/p>","protected":false},"excerpt":{"rendered":"<p>Industrial Lighting System Optimization for Waste-to-Power Plant: Corrosion-Resistant LED Selection Guide Strategic Value of Industrial Lighting in Waste Incineration Power Generation Under the Dual Carbon Goals, waste-to-energy plants have become critical urban infrastructure, where energy efficiency management now commands industry attention. Statistics show industrial lighting systems account for 12%-15% of total power consumption, with corrosion-induced [&hellip;]<\/p>\n","protected":false},"author":1,"featured_media":0,"parent":2374,"menu_order":0,"comment_status":"closed","ping_status":"closed","template":"","meta":{"_uag_custom_page_level_css":"","site-sidebar-layout":"no-sidebar","site-content-layout":"","ast-site-content-layout":"default","site-content-style":"default","site-sidebar-style":"default","ast-global-header-display":"","ast-banner-title-visibility":"","ast-main-header-display":"","ast-hfb-above-header-display":"","ast-hfb-below-header-display":"","ast-hfb-mobile-header-display":"","site-post-title":"disabled","ast-breadcrumbs-content":"","ast-featured-img":"","footer-sml-layout":"","ast-disable-related-posts":"","theme-transparent-header-meta":"enabled","adv-header-id-meta":"","stick-header-meta":"","header-above-stick-meta":"","header-main-stick-meta":"","header-below-stick-meta":"","astra-migrate-meta-layouts":"set","ast-page-background-enabled":"default","ast-page-background-meta":{"desktop":{"background-color":"var(--ast-global-color-4)","background-image":"","background-repeat":"repeat","background-position":"center center","background-size":"auto","background-attachment":"scroll","background-type":"","background-media":"","overlay-type":"","overlay-color":"","overlay-opacity":"","overlay-gradient":""},"tablet":{"background-color":"","background-image":"","background-repeat":"repeat","background-position":"center center","background-size":"auto","background-attachment":"scroll","background-type":"","background-media":"","overlay-type":"","overlay-color":"","overlay-opacity":"","overlay-gradient":""},"mobile":{"background-color":"","background-image":"","background-repeat":"repeat","background-position":"center center","background-size":"auto","background-attachment":"scroll","background-type":"","background-media":"","overlay-type":"","overlay-color":"","overlay-opacity":"","overlay-gradient":""}},"ast-content-background-meta":{"desktop":{"background-color":"var(--ast-global-color-5)","background-image":"","background-repeat":"repeat","background-position":"center center","background-size":"auto","background-attachment":"scroll","background-type":"","background-media":"","overlay-type":"","overlay-color":"","overlay-opacity":"","overlay-gradient":""},"tablet":{"background-color":"var(--ast-global-color-5)","background-image":"","background-repeat":"repeat","background-position":"center center","background-size":"auto","background-attachment":"scroll","background-type":"","background-media":"","overlay-type":"","overlay-color":"","overlay-opacity":"","overlay-gradient":""},"mobile":{"background-color":"var(--ast-global-color-5)","background-image":"","background-repeat":"repeat","background-position":"center center","background-size":"auto","background-attachment":"scroll","background-type":"","background-media":"","overlay-type":"","overlay-color":"","overlay-opacity":"","overlay-gradient":""}},"footnotes":""},"class_list":["post-3198","page","type-page","status-publish","hentry"],"uagb_featured_image_src":{"full":false,"thumbnail":false,"medium":false,"medium_large":false,"large":false,"1536x1536":false,"2048x2048":false,"trp-custom-language-flag":false},"uagb_author_info":{"display_name":"Joe","author_link":"https:\/\/led.amasly.com\/vi\/author\/jacklin\/"},"uagb_comment_info":0,"uagb_excerpt":"Industrial Lighting System Optimization for Waste-to-Power Plant: Corrosion-Resistant LED Selection Guide Strategic Value of Industrial Lighting in Waste Incineration Power Generation Under the Dual Carbon Goals, waste-to-energy plants have become critical urban infrastructure, where energy efficiency management now commands industry attention. Statistics show industrial lighting systems account for 12%-15% of total power consumption, with corrosion-induced&hellip;","_links":{"self":[{"href":"https:\/\/led.amasly.com\/vi\/wp-json\/wp\/v2\/pages\/3198","targetHints":{"allow":["GET"]}}],"collection":[{"href":"https:\/\/led.amasly.com\/vi\/wp-json\/wp\/v2\/pages"}],"about":[{"href":"https:\/\/led.amasly.com\/vi\/wp-json\/wp\/v2\/types\/page"}],"author":[{"embeddable":true,"href":"https:\/\/led.amasly.com\/vi\/wp-json\/wp\/v2\/users\/1"}],"replies":[{"embeddable":true,"href":"https:\/\/led.amasly.com\/vi\/wp-json\/wp\/v2\/comments?post=3198"}],"version-history":[{"count":1,"href":"https:\/\/led.amasly.com\/vi\/wp-json\/wp\/v2\/pages\/3198\/revisions"}],"predecessor-version":[{"id":3199,"href":"https:\/\/led.amasly.com\/vi\/wp-json\/wp\/v2\/pages\/3198\/revisions\/3199"}],"up":[{"embeddable":true,"href":"https:\/\/led.amasly.com\/vi\/wp-json\/wp\/v2\/pages\/2374"}],"wp:attachment":[{"href":"https:\/\/led.amasly.com\/vi\/wp-json\/wp\/v2\/media?parent=3198"}],"curies":[{"name":"wp","href":"https:\/\/api.w.org\/{rel}","templated":true}]}}