{"id":3174,"date":"2025-04-23T20:53:47","date_gmt":"2025-04-23T12:53:47","guid":{"rendered":"https:\/\/led.amasly.com\/?page_id=3174"},"modified":"2025-04-23T20:53:52","modified_gmt":"2025-04-23T12:53:52","slug":"explosion-proof-electrical-lighting-systems-for-coating-lines-safety-technologies","status":"publish","type":"page","link":"https:\/\/led.amasly.com\/vi\/knowledge\/explosion-proof-products-knowledge\/explosion-proof-electrical-lighting-systems-for-coating-lines-safety-technologies\/","title":{"rendered":"H\u1ec7 th\u1ed1ng chi\u1ebfu s\u00e1ng \u0111i\u1ec7n ch\u1ed1ng ch\u00e1y n\u1ed5 cho d\u00e2y chuy\u1ec1n s\u01a1n: C\u00f4ng ngh\u1ec7 an to\u00e0n"},"content":{"rendered":"<div class=\"wp-block-uagb-container uagb-block-27bae773 alignfull uagb-is-root-container\"><div class=\"uagb-container-inner-blocks-wrap\"><\/div><\/div>\n\n\n\n<h1 class=\"wp-block-heading has-text-align-center\">Thi\u1ebft k\u1ebf v\u00e0 tri\u1ec3n khai h\u1ec7 th\u1ed1ng chi\u1ebfu s\u00e1ng \u0111i\u1ec7n ch\u1ed1ng ch\u00e1y n\u1ed5 <\/h1>\n\n\n\n<div class=\"wp-block-uagb-image uagb-block-da1360b5 wp-block-uagb-image--layout-default wp-block-uagb-image--effect-static wp-block-uagb-image--align-none\"><figure class=\"wp-block-uagb-image__figure\"><a class=\"\" href=\"https:\/\/led.amasly.com\/vi\/products\/\" target=\"\" rel=\"noopener\"><img decoding=\"async\" srcset=\"https:\/\/led.amasly.com\/wp-content\/uploads\/2025\/01\/LED-explosion-proof-flood-lights.png ,https:\/\/led.amasly.com\/wp-content\/uploads\/2025\/01\/LED-explosion-proof-flood-lights.png 780w, https:\/\/led.amasly.com\/wp-content\/uploads\/2025\/01\/LED-explosion-proof-flood-lights.png 360w\" sizes=\"auto, (max-width: 480px) 150px\" src=\"https:\/\/led.amasly.com\/wp-content\/uploads\/2025\/01\/LED-explosion-proof-flood-lights.png\" alt=\"\" class=\"uag-image-1675\" width=\"1004\" height=\"308\" title=\"\u0110\u00e8n chi\u1ebfu s\u00e1ng ch\u1ed1ng ch\u00e1y n\u1ed5 LED\" loading=\"lazy\" role=\"img\"><\/a><\/figure><\/div>\n\n\n\n<h2 class=\"wp-block-heading\"><strong>Ti\u00eau chu\u1ea9n thi\u1ebft k\u1ebf chi\u1ebfu s\u00e1ng \u0111i\u1ec7n v\u00e0 ch\u1ed1ng ch\u00e1y n\u1ed5<\/strong><\/h2>\n\n\n\n<p><strong>C\u00e1c ch\u1ec9 s\u1ed1 ch\u00ednh:<\/strong><\/p>\n\n\n\n<ul class=\"wp-block-list\">\n<li>\u0110\u00e1nh gi\u00e1 m\u1ee9c \u0111\u1ed9 ch\u1ed1ng ch\u00e1y n\u1ed5 c\u1ee7a thi\u1ebft b\u1ecb: IP65+<\/li>\n\n\n\n<li>\u0110\u1ed9 chi\u1ebfu s\u00e1ng: \u2265300 lux (khu v\u1ef1c l\u00e0m vi\u1ec7c), \u2265150 lux (l\u1ed1i \u0111i)<\/li>\n\n\n\n<li>Th\u1eddi gian ho\u1ea1t \u0111\u1ed9ng c\u1ee7a h\u1ec7 th\u1ed1ng chi\u1ebfu s\u00e1ng kh\u1ea9n c\u1ea5p: \u226590 ph\u00fat<\/li>\n<\/ul>\n\n\n\n<figure class=\"wp-block-table\"><table class=\"has-fixed-layout\"><thead><tr><th>Lo\u1ea1i thi\u1ebft b\u1ecb<\/th><th>Ch\u1ec9 s\u1ed1 ch\u1ed1ng ch\u00e1y n\u1ed5<\/th><th>T\u1ea7n su\u1ea5t ki\u1ec3m tra<\/th><\/tr><\/thead><tbody><tr><td>\u0110\u00e8n ch\u00ednh c\u1ee7a x\u01b0\u1edfng<\/td><td><a href=\"http:\/\/www.iecex-certs.com\/\" rel=\"nofollow noopener\" target=\"_blank\">Ex d IIB T4<\/a><\/td><td>Qu\u00fd<\/td><\/tr><tr><td>\u00c1nh s\u00e1ng trong ph\u00f2ng tr\u1ed9n<\/td><td>C\u1ef1u sinh vi\u00ean Khoa IIB, Kh\u00f3a T6<\/td><td>Ki\u1ec3m tra tr\u1ef1c quan h\u00e0ng th\u00e1ng<\/td><\/tr><tr><td>\u00c1nh s\u00e1ng kh\u1ea9n c\u1ea5p<\/td><td>IP68 + Ch\u1ed1ng rung<\/td><td>Ki\u1ec3m tra \u0111\u1ecbnh k\u1ef3 hai l\u1ea7n m\u1ed9t n\u0103m<\/td><\/tr><\/tbody><\/table><\/figure>\n\n\n\n<p><strong>H\u01b0\u1edbng d\u1eabn th\u1ef1c hi\u1ec7n:<\/strong><\/p>\n\n\n\n<ol start=\"1\" class=\"wp-block-list\">\n<li>S\u1eed d\u1ee5ng \u0111\u00e8n LED ch\u1ed1ng ch\u00e1y n\u1ed5 (c\u00f4ng su\u1ea5t \u2264100W, nhi\u1ec7t \u0111\u1ed9 m\u00e0u 4000-5000K)<\/li>\n\n\n\n<li>L\u1eafp \u0111\u1eb7t c\u00e1c thi\u1ebft b\u1ecb b\u1ea3o v\u1ec7 ch\u1ed1ng r\u00f2 r\u1ec9 \u0111\u1ed9c l\u1eadp (d\u00f2ng \u0111i\u1ec7n ng\u1eaft \u226430mA)<\/li>\n\n\n\n<li>\u0110i\u1ec7n tr\u1edf ti\u1ebfp \u0111\u1ea5t \u22644\u03a9 cho t\u1ea5t c\u1ea3 c\u00e1c thi\u1ebft b\u1ecb.<\/li>\n<\/ol>\n\n\n\n<h2 class=\"wp-block-heading\"><strong>H\u1ec7 th\u1ed1ng chi\u1ebfu s\u00e1ng \u0111i\u1ec7n + H\u1ec7 th\u1ed1ng \u0111i\u1ec1u khi\u1ec3n th\u00f4ng minh<\/strong><\/h2>\n\n\n\n<p><strong>Gi\u1ea3i ph\u00e1p t\u00edch h\u1ee3p:<\/strong><\/p>\n\n\n\n<ol start=\"1\" class=\"wp-block-list\">\n<li>C\u1ea3m bi\u1ebfn \u00e1nh s\u00e1ng t\u1ef1 \u0111\u1ed9ng \u0111i\u1ec1u ch\u1ec9nh \u0111\u1ed9 s\u00e1ng (\u0111i\u1ec1u ch\u1ec9nh \u0111\u1ed9 s\u00e1ng t\u1eeb 30 \u0111\u1ebfn 100%)<\/li>\n\n\n\n<li>C\u1ea3nh b\u00e1o \u0111\u00e8n nh\u00e1y k\u00edch ho\u1ea1t b\u1edfi VOC (k\u00edch ho\u1ea1t t\u1ea1i 25% LEL)<\/li>\n\n\n\n<li>Theo d\u00f5i th\u1eddi gian th\u1ef1c:\n<ul class=\"wp-block-list\">\n<li>C\u1ea3nh b\u00e1o nhi\u1ec7t \u0111\u1ed9 (gi\u1edbi h\u1ea1n \u226460\u00b0C\/140\u00b0F)<\/li>\n\n\n\n<li>Gi\u00e1m s\u00e1t t\u1ea3i m\u1ea1ch (gi\u1edbi h\u1ea1n an to\u00e0n \u226480%)<\/li>\n<\/ul>\n<\/li>\n<\/ol>\n\n\n\n<p><strong>C\u00e1c quy tr\u00ecnh kh\u1ea9n c\u1ea5p:<\/strong><\/p>\n\n\n\n<ul class=\"wp-block-list\">\n<li>Bi\u1ec3n b\u00e1o tho\u00e1t hi\u1ec3m th\u00f4ng minh c\u00f3 \u0111\u1ed9 s\u00e1ng \u22655 cd\/m\u00b2<\/li>\n\n\n\n<li>C\u00f2i b\u00e1o \u0111\u1ed9ng ch\u1ed1ng n\u1ed5 (\u226585 dB)<\/li>\n\n\n\n<li>Th\u1eddi gian k\u00edch ho\u1ea1t \u0111\u00e8n chi\u1ebfu s\u00e1ng kh\u1ea9n c\u1ea5p \u22640,5 gi\u00e2y<\/li>\n<\/ul>\n\n\n\n<h2 class=\"wp-block-heading\"><strong>Th\u00f4ng s\u1ed1 k\u1ef9 thu\u1eadt l\u1eafp \u0111\u1eb7t<\/strong><\/h2>\n\n\n\n<p><strong>Y\u00eau c\u1ea7u an to\u00e0n:<\/strong><\/p>\n\n\n\n<ol start=\"1\" class=\"wp-block-list\">\n<li>Chi\u1ec1u cao l\u1eafp \u0111\u1eb7t: 2,5-3,5m (8,2-11,5ft) so v\u1edbi m\u1eb7t s\u00e0n<\/li>\n\n\n\n<li>H\u1ed9p n\u1ed1i ch\u1ed1ng ch\u00e1y n\u1ed5 b\u1eb1ng \u0111\u1ed3ng (IP54+)<\/li>\n\n\n\n<li>\u1ed0ng th\u00e9p m\u1ea1 k\u1ebdm (b\u00e1n k\u00ednh u\u1ed1n \u22656 l\u1ea7n \u0111\u01b0\u1eddng k\u00ednh)<\/li>\n<\/ol>\n\n\n\n<p><strong>Tu\u00e2n th\u1ee7 nghi\u00eam ng\u1eb7t:<\/strong><\/p>\n\n\n\n<ul class=\"wp-block-list\">\n<li>Kho\u1ea3ng c\u00e1ch 300mm gi\u1eefa c\u00e1c d\u00e2y \u0111i\u1ec7n chi\u1ebfu s\u00e1ng v\u00e0 d\u00e2y \u0111i\u1ec7n ngu\u1ed3n.<\/li>\n\n\n\n<li>M\u00f4-men xo\u1eafn \u0111\u1ea7u cu\u1ed1i: \u22640,8 N\u00b7m \u0111\u1ed1i v\u1edbi d\u00e2y c\u00f3 ti\u1ebft di\u1ec7n 2,5 mm\u00b2<\/li>\n\n\n\n<li>H\u1ec7 s\u1ed1 an to\u00e0n c\u1ee7a h\u1ec7 th\u1ed1ng treo \u22655 l\u1ea7n tr\u1ecdng l\u01b0\u1ee3ng c\u1ee7a thi\u1ebft b\u1ecb c\u1ed1 \u0111\u1ecbnh<\/li>\n<\/ul>\n\n\n\n<h2 class=\"wp-block-heading\"><strong>Qu\u1ea3n l\u00fd chi\u1ebfu s\u00e1ng \u0111i\u1ec7n v\u00e0 b\u1ea3o tr\u00ec<\/strong><\/h2>\n\n\n\n<p><strong>C\u00e1c chi\u1ebfn l\u01b0\u1ee3c ph\u00f2ng ng\u1eeba:<\/strong><\/p>\n\n\n\n<ol start=\"1\" class=\"wp-block-list\">\n<li>B\u1ea3n \u0111\u1ed3 chi\u1ebfu s\u00e1ng (\u0111i\u1ec3m ki\u1ec3m tra c\u00e1ch nhau 10m\/33ft)<\/li>\n\n\n\n<li>H\u1ec7 th\u1ed1ng b\u1ea3o tr\u00ec ba c\u1ea5p:\n<ul class=\"wp-block-list\">\n<li>V\u1ec7 sinh\/ki\u1ec3m tra h\u00e0ng ng\u00e0y<\/li>\n\n\n\n<li>Ki\u1ec3m tra ch\u1ee9c n\u0103ng h\u00e0ng th\u00e1ng<\/li>\n\n\n\n<li>Ch\u1ee9ng nh\u1eadn ch\u1ed1ng ch\u00e1y n\u1ed5 h\u00e0ng n\u0103m<\/li>\n<\/ul>\n<\/li>\n<\/ol>\n\n\n\n<p><strong>Ph\u1ea3n h\u1ed3i l\u1ed7i:<\/strong><\/p>\n\n\n\n<ol start=\"1\" class=\"wp-block-list\">\n<li>K\u00edch ho\u1ea1t \u0111\u00e8n d\u1ef1 ph\u00f2ng ngay l\u1eadp t\u1ee9c.<\/li>\n\n\n\n<li>S\u1eed d\u1ee5ng \u0111\u00e8n ki\u1ec3m tra s\u1ef1 c\u1ed1 ch\u1ed1ng ch\u00e1y n\u1ed5 24V<\/li>\n\n\n\n<li>Ch\u1ee9ng nh\u1eadn l\u1ea1i ATEX sau khi s\u1eeda ch\u1eefa<\/li>\n<\/ol>\n\n\n\n<h2 class=\"wp-block-heading\"><strong>Chi\u1ebfu s\u00e1ng \u0111i\u1ec7n + C\u00f4ng ngh\u1ec7 s\u00e1ng t\u1ea1o<\/strong><\/h2>\n\n\n\n<p><strong>T\u00edch h\u1ee3p IoT:<\/strong><\/p>\n\n\n\n<ol start=\"1\" class=\"wp-block-list\">\n<li>C\u00e1c n\u1ec1n t\u1ea3ng chi\u1ebfu s\u00e1ng th\u00f4ng minh d\u1ef1a tr\u00ean \u0111\u00e1m m\u00e2y:\n<ul class=\"wp-block-list\">\n<li>Theo d\u00f5i n\u0103ng l\u01b0\u1ee3ng (\u0111\u1ed9 ch\u00ednh x\u00e1c \u00b12%)<\/li>\n\n\n\n<li>B\u1ea3o tr\u00ec d\u1ef1 \u0111o\u00e1n (m\u00f4 h\u00ecnh d\u1eef li\u1ec7u 3000 gi\u1edd)<\/li>\n<\/ul>\n<\/li>\n\n\n\n<li>B\u1ed9 \u0111i\u1ec1u khi\u1ec3n kh\u00f4ng d\u00e2y an to\u00e0n n\u1ed9i t\u1ea1i (ph\u1ea1m vi 50m+)<\/li>\n<\/ol>\n\n\n\n<p><strong>Gi\u1ea3i ph\u00e1p n\u00e2ng cao:<\/strong><\/p>\n\n\n\n<p class=\"has-text-align-left\">H\u1ec7 th\u1ed1ng kh\u1ea9n c\u1ea5p d\u1eabn \u0111\u01b0\u1eddng b\u1eb1ng laser (t\u1ea7m nh\u00ecn tr\u00ean 100m)<\/p>\n\n\n\n<p>L\u1edbp ph\u1ee7 quang h\u1ecdc t\u1ef1 l\u00e0m s\u1ea1ch (15% t\u0103ng c\u01b0\u1eddng \u0111\u1ed9 trong su\u1ed1t)<\/p>\n\n\n\n<p>C\u00e1c m\u00f4-\u0111un nhi\u1ec7t graphene (gi\u1ea3m nhi\u1ec7t \u0111\u1ed9 8-10\u00b0C)<\/p>\n\n\n\n<div class=\"wp-block-uagb-container uagb-block-c7d898dd alignfull uagb-is-root-container\"><div class=\"uagb-container-inner-blocks-wrap\"><\/div><\/div>\n\n\n\n<h2 class=\"wp-block-heading\">S\u1ea3n ph\u1ea9m li\u00ean quan<\/h2>\n\n\n\n<div class=\"wp-block-uagb-container uagb-block-66e4defc alignfull uagb-is-root-container\"><div class=\"uagb-container-inner-blocks-wrap\">\n<div class=\"wp-block-uagb-container uagb-block-a42945f9\">\n<div class=\"wp-block-uagb-image uagb-block-7296296b wp-block-uagb-image--layout-default wp-block-uagb-image--effect-static wp-block-uagb-image--align-none\"><figure class=\"wp-block-uagb-image__figure\"><a class=\"\" href=\"https:\/\/led.amasly.com\/vi\/products\/\" target=\"\" rel=\"noopener\"><img decoding=\"async\" srcset=\"https:\/\/led.amasly.com\/wp-content\/uploads\/2024\/09\/Explosion-proof-high-bay-lights.png ,https:\/\/led.amasly.com\/wp-content\/uploads\/2024\/09\/Explosion-proof-high-bay-lights.png 780w, https:\/\/led.amasly.com\/wp-content\/uploads\/2024\/09\/Explosion-proof-high-bay-lights.png 360w\" sizes=\"auto, (max-width: 480px) 150px\" src=\"https:\/\/led.amasly.com\/wp-content\/uploads\/2024\/09\/Explosion-proof-high-bay-lights.png\" alt=\"\" class=\"uag-image-1495\" width=\"300\" height=\"300\" title=\"\u0110\u00e8n chi\u1ebfu s\u00e1ng ch\u1ed1ng ch\u00e1y n\u1ed5 cho khu v\u1ef1c tr\u1ea7n cao\" loading=\"lazy\" role=\"img\"><\/a><\/figure><\/div>\n<\/div>\n\n\n\n<div class=\"wp-block-uagb-container uagb-block-4d3efde5\">\n<div class=\"wp-block-uagb-image uagb-block-c9e90797 wp-block-uagb-image--layout-default wp-block-uagb-image--effect-static wp-block-uagb-image--align-none\"><figure class=\"wp-block-uagb-image__figure\"><a class=\"\" href=\"https:\/\/led.amasly.com\/vi\/products\/\" target=\"\" rel=\"noopener\"><img decoding=\"async\" srcset=\"https:\/\/led.amasly.com\/wp-content\/uploads\/2024\/07\/LED-tri-proof-lights2.png ,https:\/\/led.amasly.com\/wp-content\/uploads\/2024\/07\/LED-tri-proof-lights2.png 780w, https:\/\/led.amasly.com\/wp-content\/uploads\/2024\/07\/LED-tri-proof-lights2.png 360w\" sizes=\"auto, (max-width: 480px) 150px\" src=\"https:\/\/led.amasly.com\/wp-content\/uploads\/2024\/07\/LED-tri-proof-lights2.png\" alt=\"\" class=\"uag-image-1132\" width=\"300\" height=\"300\" title=\"\u0110\u00e8n LED ch\u1ed1ng n\u01b0\u1edbc ba chi\u1ec1u 2\" loading=\"lazy\" role=\"img\"><\/a><\/figure><\/div>\n<\/div>\n\n\n\n<div class=\"wp-block-uagb-container uagb-block-11c2578b\">\n<div class=\"wp-block-uagb-image uagb-block-6e8883aa wp-block-uagb-image--layout-default wp-block-uagb-image--effect-static wp-block-uagb-image--align-none\"><figure class=\"wp-block-uagb-image__figure\"><a class=\"\" href=\"https:\/\/led.amasly.com\/vi\/products\/\" target=\"\" rel=\"noopener\"><img decoding=\"async\" srcset=\"https:\/\/led.amasly.com\/wp-content\/uploads\/2024\/09\/LED-Explosion-Proof-Gas-Station-Light.png ,https:\/\/led.amasly.com\/wp-content\/uploads\/2024\/09\/LED-Explosion-Proof-Gas-Station-Light.png 780w, https:\/\/led.amasly.com\/wp-content\/uploads\/2024\/09\/LED-Explosion-Proof-Gas-Station-Light.png 360w\" sizes=\"auto, (max-width: 480px) 150px\" src=\"https:\/\/led.amasly.com\/wp-content\/uploads\/2024\/09\/LED-Explosion-Proof-Gas-Station-Light.png\" alt=\"\" class=\"uag-image-1501\" width=\"300\" height=\"300\" title=\"\u0110\u00e8n LED ch\u1ed1ng ch\u00e1y n\u1ed5 cho tr\u1ea1m x\u0103ng\" loading=\"lazy\" role=\"img\"><\/a><\/figure><\/div>\n<\/div>\n<\/div><\/div>\n\n\n\n<div class=\"wp-block-uagb-container uagb-block-548945b5 alignfull uagb-is-root-container\"><div class=\"uagb-container-inner-blocks-wrap\">\n<div class=\"wp-block-uagb-container uagb-block-967755d5\">\n<h4 class=\"wp-block-heading has-text-align-center\"><a href=\"https:\/\/led.amasly.com\/vi\/products\/\">\u0110\u00e8n LED ch\u1ed1ng ch\u00e1y n\u1ed5<\/a><\/h4>\n<\/div>\n\n\n\n<div class=\"wp-block-uagb-container uagb-block-9bc52fc2\">\n<h4 class=\"wp-block-heading has-text-align-center\"><a href=\"https:\/\/led.amasly.com\/vi\/products\/\">\u0110\u00e8n LED ch\u1ed1ng n\u01b0\u1edbc, ch\u1ed1ng b\u1ee5i v\u00e0 ch\u1ed1ng va \u0111\u1eadp<\/a><\/h4>\n<\/div>\n\n\n\n<div class=\"wp-block-uagb-container uagb-block-8ffa0a23\">\n<h4 class=\"wp-block-heading has-text-align-center\"><a href=\"https:\/\/led.amasly.com\/vi\/products\/\">\u0110\u00e8n chi\u1ebfu s\u00e1ng ch\u1ed1ng ch\u00e1y n\u1ed5 cho tr\u1ea1m x\u0103ng<\/a><\/h4>\n<\/div>\n<\/div><\/div>\n\n\n\n<div class=\"wp-block-uagb-container uagb-block-29499fe0 alignfull uagb-is-root-container\"><div class=\"uagb-container-inner-blocks-wrap\">\n<div class=\"wp-block-uagb-container uagb-block-777ee1c7\">\n<div class=\"wp-block-uagb-image uagb-block-2e9a1851 wp-block-uagb-image--layout-default wp-block-uagb-image--effect-static wp-block-uagb-image--align-none\"><figure class=\"wp-block-uagb-image__figure\"><a class=\"\" href=\"https:\/\/led.amasly.com\/vi\/products\/\" target=\"\" rel=\"noopener\"><img decoding=\"async\" srcset=\"https:\/\/led.amasly.com\/wp-content\/uploads\/2024\/10\/50W-100W-150W-200W-300W-LED-Flood-Light.jpg ,https:\/\/led.amasly.com\/wp-content\/uploads\/2024\/10\/50W-100W-150W-200W-300W-LED-Flood-Light.jpg 780w, https:\/\/led.amasly.com\/wp-content\/uploads\/2024\/10\/50W-100W-150W-200W-300W-LED-Flood-Light.jpg 360w\" sizes=\"auto, (max-width: 480px) 150px\" src=\"https:\/\/led.amasly.com\/wp-content\/uploads\/2024\/10\/50W-100W-150W-200W-300W-LED-Flood-Light.jpg\" alt=\"\" class=\"uag-image-1526\" width=\"300\" height=\"300\" title=\"\u0110\u00e8n LED chi\u1ebfu s\u00e1ng r\u1ed9ng 50W, 100W, 150W, 200W, 300W\" loading=\"lazy\" role=\"img\"><\/a><\/figure><\/div>\n<\/div>\n\n\n\n<div class=\"wp-block-uagb-container uagb-block-af8c8683\">\n<div class=\"wp-block-uagb-image uagb-block-67947854 wp-block-uagb-image--layout-default wp-block-uagb-image--effect-static wp-block-uagb-image--align-none\"><figure class=\"wp-block-uagb-image__figure\"><a class=\"\" href=\"https:\/\/led.amasly.com\/vi\/products\/\" target=\"\" rel=\"noopener\"><img decoding=\"async\" srcset=\"https:\/\/led.amasly.com\/wp-content\/uploads\/2024\/07\/led-tri-proof-light.png ,https:\/\/led.amasly.com\/wp-content\/uploads\/2024\/07\/led-tri-proof-light.png 780w, https:\/\/led.amasly.com\/wp-content\/uploads\/2024\/07\/led-tri-proof-light.png 360w\" sizes=\"auto, (max-width: 480px) 150px\" src=\"https:\/\/led.amasly.com\/wp-content\/uploads\/2024\/07\/led-tri-proof-light.png\" alt=\"\" class=\"uag-image-1130\" width=\"300\" height=\"300\" title=\"\u0110\u00e8n LED ch\u1ed1ng n\u01b0\u1edbc\" loading=\"lazy\" role=\"img\"><\/a><\/figure><\/div>\n<\/div>\n\n\n\n<div class=\"wp-block-uagb-container uagb-block-0fdfdd58\">\n<div class=\"wp-block-uagb-image uagb-block-1187d32d wp-block-uagb-image--layout-default wp-block-uagb-image--effect-static wp-block-uagb-image--align-none\"><figure class=\"wp-block-uagb-image__figure\"><a class=\"\" href=\"https:\/\/led.amasly.com\/vi\/products\/\" target=\"\" rel=\"noopener\"><img decoding=\"async\" srcset=\"https:\/\/led.amasly.com\/wp-content\/uploads\/2024\/07\/LED-street-light.jpg ,https:\/\/led.amasly.com\/wp-content\/uploads\/2024\/07\/LED-street-light.jpg 780w, https:\/\/led.amasly.com\/wp-content\/uploads\/2024\/07\/LED-street-light.jpg 360w\" sizes=\"auto, (max-width: 480px) 150px\" src=\"https:\/\/led.amasly.com\/wp-content\/uploads\/2024\/07\/LED-street-light.jpg\" alt=\"\" class=\"uag-image-1145\" width=\"300\" height=\"300\" title=\"\u0110\u00e8n \u0111\u01b0\u1eddng LED\" loading=\"lazy\" role=\"img\"><\/a><\/figure><\/div>\n<\/div>\n<\/div><\/div>\n\n\n\n<div class=\"wp-block-uagb-container uagb-block-6a60882c alignfull uagb-is-root-container\"><div class=\"uagb-container-inner-blocks-wrap\">\n<div class=\"wp-block-uagb-container uagb-block-f1e91a35\">\n<h4 class=\"wp-block-heading has-text-align-center\"><a href=\"https:\/\/led.amasly.com\/vi\/products\/\">\u0110\u00e8n LED chi\u1ebfu s\u00e1ng r\u1ed9ng<\/a><\/h4>\n<\/div>\n\n\n\n<div class=\"wp-block-uagb-container uagb-block-165bfa58\">\n<h4 class=\"wp-block-heading has-text-align-center\"><a href=\"https:\/\/led.amasly.com\/vi\/products\/\">\u0110\u00e8n \u1ed1ng LED ch\u1ed1ng n\u01b0\u1edbc, ch\u1ed1ng b\u1ee5i v\u00e0 ch\u1ed1ng va \u0111\u1eadp<\/a><\/h4>\n<\/div>\n\n\n\n<div class=\"wp-block-uagb-container uagb-block-f6096e3b\">\n<h4 class=\"wp-block-heading has-text-align-center\"><a href=\"https:\/\/led.amasly.com\/vi\/products\/\">\u0110\u00e8n \u0111\u01b0\u1eddng LED<\/a><\/h4>\n<\/div>\n<\/div><\/div>\n\n\n\n<div class=\"wp-block-uagb-container uagb-block-99c0e0a5 alignfull uagb-is-root-container\"><div class=\"uagb-container-inner-blocks-wrap\"><\/div><\/div>\n\n\n\n<p><\/p>","protected":false},"excerpt":{"rendered":"<p>Design and Implementation of Explosion-Proof Electrical Lighting Systems Electrical Lighting + Explosion-Proof Design Standards Key Metrics: Equipment Type Explosion-Proof Rating Inspection Frequency Main Workshop Lights Ex d IIB T4 Quarterly Mixing Room Lighting Ex de IIB T6 Monthly Visual Check Emergency Lighting IP68 + Vibration-proof Biannual Testing Implementation Guidelines: Electrical Lighting + Smart Control Systems [&hellip;]<\/p>\n","protected":false},"author":1,"featured_media":0,"parent":2374,"menu_order":0,"comment_status":"closed","ping_status":"closed","template":"","meta":{"_uag_custom_page_level_css":"","site-sidebar-layout":"no-sidebar","site-content-layout":"","ast-site-content-layout":"default","site-content-style":"default","site-sidebar-style":"default","ast-global-header-display":"","ast-banner-title-visibility":"","ast-main-header-display":"","ast-hfb-above-header-display":"","ast-hfb-below-header-display":"","ast-hfb-mobile-header-display":"","site-post-title":"disabled","ast-breadcrumbs-content":"","ast-featured-img":"","footer-sml-layout":"","ast-disable-related-posts":"","theme-transparent-header-meta":"enabled","adv-header-id-meta":"","stick-header-meta":"","header-above-stick-meta":"","header-main-stick-meta":"","header-below-stick-meta":"","astra-migrate-meta-layouts":"set","ast-page-background-enabled":"default","ast-page-background-meta":{"desktop":{"background-color":"var(--ast-global-color-4)","background-image":"","background-repeat":"repeat","background-position":"center center","background-size":"auto","background-attachment":"scroll","background-type":"","background-media":"","overlay-type":"","overlay-color":"","overlay-opacity":"","overlay-gradient":""},"tablet":{"background-color":"","background-image":"","background-repeat":"repeat","background-position":"center center","background-size":"auto","background-attachment":"scroll","background-type":"","background-media":"","overlay-type":"","overlay-color":"","overlay-opacity":"","overlay-gradient":""},"mobile":{"background-color":"","background-image":"","background-repeat":"repeat","background-position":"center center","background-size":"auto","background-attachment":"scroll","background-type":"","background-media":"","overlay-type":"","overlay-color":"","overlay-opacity":"","overlay-gradient":""}},"ast-content-background-meta":{"desktop":{"background-color":"var(--ast-global-color-5)","background-image":"","background-repeat":"repeat","background-position":"center center","background-size":"auto","background-attachment":"scroll","background-type":"","background-media":"","overlay-type":"","overlay-color":"","overlay-opacity":"","overlay-gradient":""},"tablet":{"background-color":"var(--ast-global-color-5)","background-image":"","background-repeat":"repeat","background-position":"center center","background-size":"auto","background-attachment":"scroll","background-type":"","background-media":"","overlay-type":"","overlay-color":"","overlay-opacity":"","overlay-gradient":""},"mobile":{"background-color":"var(--ast-global-color-5)","background-image":"","background-repeat":"repeat","background-position":"center center","background-size":"auto","background-attachment":"scroll","background-type":"","background-media":"","overlay-type":"","overlay-color":"","overlay-opacity":"","overlay-gradient":""}},"footnotes":""},"class_list":["post-3174","page","type-page","status-publish","hentry"],"uagb_featured_image_src":{"full":false,"thumbnail":false,"medium":false,"medium_large":false,"large":false,"1536x1536":false,"2048x2048":false,"trp-custom-language-flag":false},"uagb_author_info":{"display_name":"Joe","author_link":"https:\/\/led.amasly.com\/vi\/author\/jacklin\/"},"uagb_comment_info":0,"uagb_excerpt":"Design and Implementation of Explosion-Proof Electrical Lighting Systems Electrical Lighting + Explosion-Proof Design Standards Key Metrics: Equipment Type Explosion-Proof Rating Inspection Frequency Main Workshop Lights Ex d IIB T4 Quarterly Mixing Room Lighting Ex de IIB T6 Monthly Visual Check Emergency Lighting IP68 + Vibration-proof Biannual Testing Implementation Guidelines: Electrical Lighting + Smart Control Systems&hellip;","_links":{"self":[{"href":"https:\/\/led.amasly.com\/vi\/wp-json\/wp\/v2\/pages\/3174","targetHints":{"allow":["GET"]}}],"collection":[{"href":"https:\/\/led.amasly.com\/vi\/wp-json\/wp\/v2\/pages"}],"about":[{"href":"https:\/\/led.amasly.com\/vi\/wp-json\/wp\/v2\/types\/page"}],"author":[{"embeddable":true,"href":"https:\/\/led.amasly.com\/vi\/wp-json\/wp\/v2\/users\/1"}],"replies":[{"embeddable":true,"href":"https:\/\/led.amasly.com\/vi\/wp-json\/wp\/v2\/comments?post=3174"}],"version-history":[{"count":1,"href":"https:\/\/led.amasly.com\/vi\/wp-json\/wp\/v2\/pages\/3174\/revisions"}],"predecessor-version":[{"id":3176,"href":"https:\/\/led.amasly.com\/vi\/wp-json\/wp\/v2\/pages\/3174\/revisions\/3176"}],"up":[{"embeddable":true,"href":"https:\/\/led.amasly.com\/vi\/wp-json\/wp\/v2\/pages\/2374"}],"wp:attachment":[{"href":"https:\/\/led.amasly.com\/vi\/wp-json\/wp\/v2\/media?parent=3174"}],"curies":[{"name":"wp","href":"https:\/\/api.w.org\/{rel}","templated":true}]}}