{"id":3032,"date":"2025-04-11T15:19:25","date_gmt":"2025-04-11T07:19:25","guid":{"rendered":"https:\/\/led.amasly.com\/?page_id=3032"},"modified":"2025-04-11T15:19:33","modified_gmt":"2025-04-11T07:19:33","slug":"are-led-lights-fireproof-understanding-safety-standards-and-design-features","status":"publish","type":"page","link":"https:\/\/led.amasly.com\/vi\/knowledge\/explosion-proof-products-knowledge\/are-led-lights-fireproof-understanding-safety-standards-and-design-features\/","title":{"rendered":"\u0110\u00e8n LED c\u00f3 ch\u1ed1ng ch\u00e1y kh\u00f4ng? Hi\u1ec3u v\u1ec1 ti\u00eau chu\u1ea9n an to\u00e0n v\u00e0 c\u00e1c t\u00ednh n\u0103ng thi\u1ebft k\u1ebf"},"content":{"rendered":"<div class=\"wp-block-uagb-container uagb-block-27bae773 alignfull uagb-is-root-container\"><div class=\"uagb-container-inner-blocks-wrap\"><\/div><\/div>\n\n\n\n<h2 class=\"wp-block-heading has-text-align-left\"><strong>\u0110\u00e8n LED c\u00f3 ch\u1ed1ng ch\u00e1y kh\u00f4ng? Hi\u1ec3u v\u1ec1 ti\u00eau chu\u1ea9n an to\u00e0n v\u00e0 c\u00e1c t\u00ednh n\u0103ng thi\u1ebft k\u1ebf<\/strong><strong><\/strong><\/h2>\n\n\n\n<div class=\"wp-block-uagb-image uagb-block-da1360b5 wp-block-uagb-image--layout-default wp-block-uagb-image--effect-static wp-block-uagb-image--align-none\"><figure class=\"wp-block-uagb-image__figure\"><a class=\"\" href=\"https:\/\/led.amasly.com\/vi\/products\/\" target=\"\" rel=\"noopener\"><img decoding=\"async\" srcset=\"https:\/\/led.amasly.com\/wp-content\/uploads\/2025\/01\/LED-explosion-proof-flood-lights.png ,https:\/\/led.amasly.com\/wp-content\/uploads\/2025\/01\/LED-explosion-proof-flood-lights.png 780w, https:\/\/led.amasly.com\/wp-content\/uploads\/2025\/01\/LED-explosion-proof-flood-lights.png 360w\" sizes=\"auto, (max-width: 480px) 150px\" src=\"https:\/\/led.amasly.com\/wp-content\/uploads\/2025\/01\/LED-explosion-proof-flood-lights.png\" alt=\"\" class=\"uag-image-1675\" width=\"1004\" height=\"308\" title=\"\u0110\u00e8n chi\u1ebfu s\u00e1ng ch\u1ed1ng ch\u00e1y n\u1ed5 LED\" loading=\"lazy\" role=\"img\"><\/a><\/figure><\/div>\n\n\n\n<p>\u0110\u00e8n LED \u0111\u00e3 c\u00e1ch m\u1ea1ng h\u00f3a kh\u00f4ng gian c\u00f4ng nghi\u1ec7p v\u00e0 th\u01b0\u01a1ng m\u1ea1i nh\u1edd hi\u1ec7u su\u1ea5t n\u0103ng l\u01b0\u1ee3ng cao v\u00e0 tu\u1ed5i th\u1ecd d\u00e0i. Tuy nhi\u00ean, khi ho\u1ea1t \u0111\u1ed9ng trong m\u00f4i tr\u01b0\u1eddng c\u00f3 nguy c\u01a1 cao, m\u1ed9t c\u00e2u h\u1ecfi quan tr\u1ecdng n\u1ea3y sinh:&nbsp;<strong>\u0110\u00e8n LED c\u00f3 b\u1ea3n ch\u1ea5t ch\u1ed1ng ch\u00e1y kh\u00f4ng?<\/strong>&nbsp;C\u00e2u tr\u1ea3 l\u1eddi n\u1eb1m \u1edf s\u1ef1 t\u01b0\u01a1ng t\u00e1c gi\u1eefa c\u00f4ng ngh\u1ec7, thi\u1ebft k\u1ebf v\u00e0 ch\u1ee9ng nh\u1eadn. B\u00e0i vi\u1ebft n\u00e0y t\u00ecm hi\u1ec3u c\u00e1ch \u0111\u00e8n LED ch\u1ed1ng ch\u00e1y \u0111\u01b0\u1ee3c thi\u1ebft k\u1ebf, ch\u1ee9ng nh\u1eadn v\u00e0 tri\u1ec3n khai \u0111\u1ec3 \u0111\u00e1p \u1ee9ng c\u00e1c y\u00eau c\u1ea7u an to\u00e0n nghi\u00eam ng\u1eb7t.<\/p>\n\n\n\n<h3 class=\"wp-block-heading\"><strong>1. C\u00f4ng ngh\u1ec7 LED v\u00e0 An to\u00e0n ph\u00f2ng ch\u00e1y: \u01afu \u0111i\u1ec3m n\u1ed9i t\u1ea1i<\/strong><strong><\/strong><\/h3>\n\n\n\n<p>\u0110\u00e8n LED an to\u00e0n h\u01a1n so v\u1edbi c\u00e1c ngu\u1ed3n s\u00e1ng truy\u1ec1n th\u1ed1ng nh\u01b0 \u0111\u00e8n s\u1ee3i \u0111\u1ed1t ho\u1eb7c \u0111\u00e8n halogen. L\u01b0\u1ee3ng nhi\u1ec7t ph\u00e1t ra th\u1ea5p c\u1ee7a \u0111\u00e8n LED gi\u00fap gi\u1ea3m nguy c\u01a1 qu\u00e1 nhi\u1ec7t, m\u1ed9t nguy\u00ean nh\u00e2n ph\u1ed5 bi\u1ebfn g\u00e2y ra h\u1ecfa ho\u1ea1n \u0111i\u1ec7n. Kh\u00e1c v\u1edbi \u0111\u00e8n s\u1ee3i \u0111\u1ed1t, v\u1ed1n chuy\u1ec3n \u0111\u1ed5i 90% n\u0103ng l\u01b0\u1ee3ng th\u00e0nh nhi\u1ec7t, \u0111\u00e8n LED ho\u1ea1t \u0111\u1ed9ng \u1edf nhi\u1ec7t \u0111\u1ed9 th\u1ea5p h\u01a1n nhi\u1ec1u, t\u1eeb \u0111\u00f3 gi\u1ea3m thi\u1ec3u nguy c\u01a1 ch\u00e1y n\u1ed5 do nhi\u1ec7t.<\/p>\n\n\n\n<p>Tuy nhi\u00ean,&nbsp;<strong>\u201cCh\u1ed1ng ch\u00e1y\u201d kh\u00f4ng ph\u1ea3i l\u00e0 \u0111\u1eb7c t\u00ednh m\u1eb7c \u0111\u1ecbnh c\u1ee7a \u0111\u00e8n LED.<\/strong>. M\u1eb7c d\u00f9 c\u00e1c \u0111i-\u1ed1t t\u1ef1 th\u00e2n t\u1ea1o ra \u00edt nhi\u1ec7t, kh\u1ea3 n\u0103ng ch\u1ed1ng ch\u00e1y c\u1ee7a to\u00e0n b\u1ed9 thi\u1ebft b\u1ecb ph\u1ee5 thu\u1ed9c v\u00e0o v\u1eadt li\u1ec7u, c\u1ea5u tr\u00fac v\u00e0 tu\u00e2n th\u1ee7 c\u00e1c ti\u00eau chu\u1ea9n an to\u00e0n. V\u00ed d\u1ee5, c\u00e1c b\u00f3ng \u0111\u00e8n LED ti\u00eau chu\u1ea9n trong v\u1ecf nh\u1ef1a c\u00f3 th\u1ec3 kh\u00f4ng ch\u1ecbu \u0111\u01b0\u1ee3c nhi\u1ec7t \u0111\u1ed9 c\u1ef1c cao ho\u1eb7c c\u00f3 l\u1ed7i b\u00ean trong, trong khi c\u00e1c b\u00f3ng \u0111\u00e8n LED ch\u1ed1ng ch\u00e1y c\u1ea5p c\u00f4ng nghi\u1ec7p \u0111\u01b0\u1ee3c thi\u1ebft k\u1ebf \u0111\u1ec3 \u0111\u1ed1i ph\u00f3 v\u1edbi nh\u1eefng th\u00e1ch th\u1ee9c n\u00e0y.<\/p>\n\n\n\n<h3 class=\"wp-block-heading\"><strong>2. C\u00e1c y\u1ebfu t\u1ed1 thi\u1ebft k\u1ebf ch\u1ed1ng ch\u00e1y quan tr\u1ecdng trong h\u1ec7 th\u1ed1ng chi\u1ebfu s\u00e1ng LED c\u00f4ng nghi\u1ec7p<\/strong><strong><\/strong><\/h3>\n\n\n\n<h4 class=\"wp-block-heading\"><strong>V\u1eadt li\u1ec7u ch\u1ed1ng ch\u00e1y<\/strong><strong><\/strong><\/h4>\n\n\n\n<p>\u0110\u00e8n LED ch\u1ed1ng ch\u00e1y th\u1eadt s\u1ef1 s\u1eed d\u1ee5ng v\u1eadt li\u1ec7u kh\u00f4ng ch\u00e1y \u0111\u1ec3 ng\u0103n ch\u1eb7n s\u1ef1 b\u1eaft l\u1eeda v\u00e0 ki\u1ec3m so\u00e1t c\u00e1c s\u1ef1 c\u1ed1 ti\u1ec1m \u1ea9n:<\/p>\n\n\n\n<p><strong>V\u1ecf b\u1ecdc<\/strong>Nh\u00f4m \u0111\u00fac ho\u1eb7c th\u00e9p kh\u00f4ng g\u1ec9 c\u00f3 kh\u1ea3 n\u0103ng ch\u1ed1ng \u0103n m\u00f2n v\u00e0 t\u1ea3n nhi\u1ec7t hi\u1ec7u qu\u1ea3, \u0111i\u1ec1u n\u00e0y \u0111\u1eb7c bi\u1ec7t quan tr\u1ecdng trong c\u00e1c m\u00f4i tr\u01b0\u1eddng nh\u01b0 nh\u00e0 m\u00e1y h\u00f3a ch\u1ea5t ho\u1eb7c nh\u00e0 m\u00e1y l\u1ecdc d\u1ea7u.<\/p>\n\n\n\n<p><strong>Th\u1ea5u k\u00ednh<\/strong>K\u00ednh c\u01b0\u1eddng l\u1ef1c ho\u1eb7c polycarbonate c\u00f3 kh\u1ea3 n\u0103ng ch\u1ed1ng va \u0111\u1eadp v\u00e0 ng\u0103n ng\u1eeba v\u1ee1 v\u1ee5n trong \u0111i\u1ec1u ki\u1ec7n stress nhi\u1ec7t.<\/p>\n\n\n\n<p><strong>Con d\u1ea5u<\/strong>: C\u00e1c gio\u0103ng n\u00e9n v\u00e0 d\u00e2y d\u1eabn \u0111\u01b0\u1ee3c b\u1ecbt k\u00edn b\u1eb1ng epoxy \u0111\u1ea1t ti\u00eau chu\u1ea9n IP66\/IP68, ng\u0103n ch\u1eb7n b\u1ee5i, \u0111\u1ed9 \u1ea9m v\u00e0 kh\u00ed d\u1ec5 ch\u00e1y x\u00e2m nh\u1eadp v\u00e0o thi\u1ebft b\u1ecb.<\/p>\n\n\n\n<h4 class=\"wp-block-heading\"><strong>H\u1ec7 th\u1ed1ng qu\u1ea3n l\u00fd nhi\u1ec7t<\/strong><strong><\/strong><\/h4>\n\n\n\n<p>Ngay c\u1ea3 khi c\u00f3 c\u00f4ng su\u1ea5t nhi\u1ec7t th\u1ea5p, \u0111\u00e8n LED c\u00f4ng nghi\u1ec7p v\u1eabn t\u00edch h\u1ee3p b\u1ed9 t\u1ea3n nhi\u1ec7t v\u00e0 thi\u1ebft k\u1ebf th\u00f4ng gi\u00f3 \u0111\u1ec3 duy tr\u00ec nhi\u1ec7t \u0111\u1ed9 \u1ed5n \u0111\u1ecbnh. V\u00ed d\u1ee5, v\u1ecf nh\u00f4m h\u1ee3p kim c\u00f3 c\u00e1nh t\u1ea3n nhi\u1ec7t gi\u00fap t\u0103ng c\u01b0\u1eddng l\u01b0u l\u01b0\u1ee3ng kh\u00f4ng kh\u00ed, ng\u0103n ch\u1eb7n c\u00e1c \u0111i\u1ec3m n\u00f3ng c\u00f3 th\u1ec3 l\u00e0m h\u1ecfng linh ki\u1ec7n ho\u1eb7c g\u00e2y ch\u00e1y c\u00e1c v\u1eadt li\u1ec7u xung quanh.<\/p>\n\n\n\n<h4 class=\"wp-block-heading\"><strong>K\u1ef9 thu\u1eadt ki\u1ec3m so\u00e1t tia l\u1eeda<\/strong><strong><\/strong><\/h4>\n\n\n\n<p>\u0110\u00e8n LED ch\u1ed1ng ch\u00e1y \u0111\u01b0\u1ee3c thi\u1ebft k\u1ebf \u0111\u1ec3 c\u00e1ch ly c\u00e1c s\u1ef1 c\u1ed1 \u0111i\u1ec7n b\u00ean trong:<\/p>\n\n\n\n<p><strong>Kho\u1ea3ng tr\u1ed1ng \u0111\u01b0\u1eddng l\u1eeda<\/strong>C\u00e1c \u0111\u01b0\u1eddng may \u0111\u01b0\u1ee3c gia c\u00f4ng ch\u00ednh x\u00e1c gi\u00fap l\u00e0m m\u00e1t kh\u00ed tho\u00e1t ra \u1edf nhi\u1ec7t \u0111\u1ed9 d\u01b0\u1edbi ng\u01b0\u1ee1ng ch\u00e1y.<\/p>\n\n\n\n<p><strong>B\u1ea3o v\u1ec7 ch\u1ed1ng s\u00e9t<\/strong>C\u00e1c b\u1ed9 \u1ee9c ch\u1ebf t\u00edch h\u1ee3p gi\u00fap ng\u0103n ch\u1eb7n c\u00e1c \u0111\u1ec9nh \u0111i\u1ec7n \u00e1p, m\u1ed9t nguy\u00ean nh\u00e2n ph\u1ed5 bi\u1ebfn g\u00e2y ra h\u1ecfa ho\u1ea1n \u0111i\u1ec7n.<\/p>\n\n\n\n<h3 class=\"wp-block-heading\"><strong>3. Ch\u1ee9ng nh\u1eadn v\u00e0 ki\u1ec3m tra cho \u0111\u00e8n LED ch\u1ed1ng ch\u00e1y<\/strong><strong><\/strong><\/h3>\n\n\n\n<p>H\u1ec7 th\u1ed1ng chi\u1ebfu s\u00e1ng ch\u1ed1ng ch\u00e1y ph\u1ea3i tu\u00e2n th\u1ee7 c\u00e1c ti\u00eau chu\u1ea9n qu\u1ed1c t\u1ebf nghi\u00eam ng\u1eb7t \u0111\u1ec3 \u0111\u1ea3m b\u1ea3o \u0111\u1ed9 tin c\u1eady trong c\u00e1c khu v\u1ef1c nguy hi\u1ec3m:<\/p>\n\n\n\n<p><a href=\"http:\/\/www.iecex-certs.com\/\" rel=\"nofollow noopener\" target=\"_blank\"><strong>ATEX\/IECEx<\/strong>:<\/a> B\u1eaft bu\u1ed9c trong Li\u00ean minh Ch\u00e2u \u00c2u (EU) v\u00e0 tr\u00ean ph\u1ea1m vi qu\u1ed1c t\u1ebf khi s\u1eed d\u1ee5ng trong m\u00f4i tr\u01b0\u1eddng c\u00f3 nguy c\u01a1 n\u1ed5 (v\u00ed d\u1ee5: Khu v\u1ef1c 1 cho kh\u00ed gas, Khu v\u1ef1c 21 cho b\u1ee5i).<\/p>\n\n\n\n<p><strong><a href=\"http:\/\/www.ul.com\" rel=\"nofollow noopener\" target=\"_blank\">Ti\u00eau chu\u1ea9n UL 844<\/a><\/strong>Ch\u1ee9ng nh\u1eadn B\u1eafc M\u1ef9 cho \u0111\u00e8n LED trong c\u00e1c khu v\u1ef1c thu\u1ed9c L\u1edbp I (kh\u00ed d\u1ec5 ch\u00e1y) v\u00e0 L\u1edbp II (b\u1ee5i d\u1ec5 ch\u00e1y).<\/p>\n\n\n\n<p><strong>\u0110\u00e1nh gi\u00e1 IK10<\/strong>\u0110\u1ea3m b\u1ea3o kh\u1ea3 n\u0103ng ch\u1ecbu va \u0111\u1eadp c\u01a1 h\u1ecdc, \u0111\u1eb7c bi\u1ec7t quan tr\u1ecdng t\u1ea1i c\u00e1c c\u00f4ng tr\u01b0\u1eddng khai th\u00e1c m\u1ecf ho\u1eb7c x\u00e2y d\u1ef1ng.<\/p>\n\n\n\n<p>Ki\u1ec3m tra b\u1edfi b\u00ean th\u1ee9 ba m\u00f4 ph\u1ecfng c\u00e1c t\u00ecnh hu\u1ed1ng x\u1ea5u nh\u1ea5t, ch\u1eb3ng h\u1ea1n nh\u01b0 ti\u1ebfp x\u00fac c\u00e1c thi\u1ebft b\u1ecb v\u1edbi h\u1ed7n h\u1ee3p methane-kh\u00f4ng kh\u00ed d\u1ec5 ch\u00e1y ho\u1eb7c ho\u1ea1t \u0111\u1ed9ng \u1edf nhi\u1ec7t \u0111\u1ed9 t\u1eeb -40\u00b0C \u0111\u1ebfn 60\u00b0C.<\/p>\n\n\n\n<h3 class=\"wp-block-heading\"><strong>4. C\u00e1c \u1ee9ng d\u1ee5ng y\u00eau c\u1ea7u gi\u1ea3i ph\u00e1p LED ch\u1ed1ng ch\u00e1y<\/strong><strong><\/strong><\/h3>\n\n\n\n<p>\u0110\u00e8n LED ch\u1ed1ng ch\u00e1y l\u00e0 y\u00eau c\u1ea7u b\u1eaft bu\u1ed9c trong c\u00e1c ng\u00e0nh c\u00f4ng nghi\u1ec7p c\u00f3 s\u1ef1 hi\u1ec7n di\u1ec7n c\u1ee7a c\u00e1c ch\u1ea5t d\u1ec5 ch\u00e1y:<\/p>\n\n\n\n<p><strong>D\u1ea7u kh\u00ed<\/strong>C\u00e1c gi\u00e0n khoan v\u00e0 nh\u00e0 m\u00e1y l\u1ecdc d\u1ea7u ngo\u00e0i kh\u01a1i s\u1eed d\u1ee5ng \u0111\u00e8n LED ch\u1ed1ng \u0103n m\u00f2n, \u0111\u1ea1t ti\u00eau chu\u1ea9n Exd IICT6, \u0111\u1ec3 x\u1eed l\u00fd hydro sunfua v\u00e0 metan.<\/p>\n\n\n\n<p><strong>D\u01b0\u1ee3c ph\u1ea9m<\/strong>C\u00e1c thi\u1ebft b\u1ecb ch\u1ed1ng b\u1ee5i (IP65+) ng\u0103n ch\u1eb7n s\u1ef1 ch\u00e1y c\u1ee7a b\u1ed9t d\u1ec5 ch\u00e1y trong c\u00e1c khu v\u1ef1c s\u1ea3n xu\u1ea5t API.<\/p>\n\n\n\n<p><strong>X\u1eed l\u00fd n\u01b0\u1edbc th\u1ea3i<\/strong>\u0110\u00e8n LED \u0111\u1ea1t ti\u00eau chu\u1ea9n IP68 ch\u1ecbu \u0111\u01b0\u1ee3c \u0111\u1ed9 \u1ea9m v\u00e0 methane trong b\u1ec3 ph\u00e2n h\u1ee7y n\u01b0\u1edbc th\u1ea3i.<\/p>\n\n\n\n<p><strong>Khai th\u00e1c<\/strong>Thi\u1ebft k\u1ebf ch\u1ecbu va \u0111\u1eadp tu\u00e2n th\u1ee7 ti\u00eau chu\u1ea9n MSHA ch\u1ecbu \u0111\u01b0\u1ee3c s\u1eadp tr\u1ea7n v\u00e0 b\u1ee5i than.<\/p>\n\n\n\n<h3 class=\"wp-block-heading\"><strong>5. C\u00e1c th\u1ef1c h\u00e0nh t\u1ed1t nh\u1ea5t v\u1ec1 b\u1ea3o tr\u00ec v\u00e0 tu\u00e2n th\u1ee7<\/strong><strong><\/strong><\/h3>\n\n\n\n<p>\u0110\u1ec3 duy tr\u00ec t\u00ednh to\u00e0n v\u1eb9n ch\u1ed1ng ch\u00e1y:<\/p>\n\n\n\n<p><strong>Ki\u1ec3m tra \u0111\u1ecbnh k\u1ef3<\/strong>Ki\u1ec3m tra c\u00e1c mi\u1ebfng \u0111\u1ec7m, \u1ed1ng k\u00ednh v\u00e0 d\u00e2y \u0111i\u1ec7n xem c\u00f3 h\u01b0 h\u1ecfng kh\u00f4ng. C\u00e1c mi\u1ebfng \u0111\u1ec7m b\u1ecb h\u01b0 h\u1ecfng c\u00f3 th\u1ec3 cho ph\u00e9p kh\u00ed d\u1ec5 ch\u00e1y x\u00e2m nh\u1eadp.<\/p>\n\n\n\n<p><strong>C\u1eadp nh\u1eadt ch\u1ee9ng nh\u1eadn<\/strong>: Lu\u00f4n tu\u00e2n th\u1ee7 c\u00e1c ti\u00eau chu\u1ea9n \u0111ang \u0111\u01b0\u1ee3c c\u1eadp nh\u1eadt nh\u01b0 NEC 2023, v\u1ed1n si\u1ebft ch\u1eb7t c\u00e1c y\u00eau c\u1ea7u \u0111\u1ed1i v\u1edbi c\u00e1c khu v\u1ef1c nguy hi\u1ec3m.<\/p>\n\n\n\n<p class=\"has-text-align-left\"><strong>Gi\u00e1m s\u00e1t th\u00f4ng minh<\/strong>C\u00e1c \u0111\u00e8n LED t\u00edch h\u1ee3p IoT c\u00f3 th\u1ec3 theo d\u00f5i nhi\u1ec7t \u0111\u1ed9 v\u00e0 t\u00ednh to\u00e0n v\u1eb9n c\u1ee7a l\u1edbp ni\u00eam phong, c\u1ea3nh b\u00e1o cho c\u00e1c \u0111\u1ed9i ng\u0169 v\u1ec1 c\u00e1c r\u1ee7i ro tr\u01b0\u1edbc khi s\u1ef1 c\u1ed1 x\u1ea3y ra.<\/p>\n\n\n\n<div class=\"wp-block-uagb-container uagb-block-c7d898dd alignfull uagb-is-root-container\"><div class=\"uagb-container-inner-blocks-wrap\"><\/div><\/div>\n\n\n\n<h2 class=\"wp-block-heading\">S\u1ea3n ph\u1ea9m li\u00ean quan<\/h2>\n\n\n\n<div class=\"wp-block-uagb-container uagb-block-66e4defc alignfull uagb-is-root-container\"><div class=\"uagb-container-inner-blocks-wrap\">\n<div class=\"wp-block-uagb-container uagb-block-a42945f9\">\n<div class=\"wp-block-uagb-image uagb-block-7296296b wp-block-uagb-image--layout-default wp-block-uagb-image--effect-static wp-block-uagb-image--align-none\"><figure class=\"wp-block-uagb-image__figure\"><a class=\"\" href=\"https:\/\/led.amasly.com\/vi\/products\/\" target=\"\" rel=\"noopener\"><img decoding=\"async\" srcset=\"https:\/\/led.amasly.com\/wp-content\/uploads\/2024\/09\/Explosion-proof-high-bay-lights.png ,https:\/\/led.amasly.com\/wp-content\/uploads\/2024\/09\/Explosion-proof-high-bay-lights.png 780w, https:\/\/led.amasly.com\/wp-content\/uploads\/2024\/09\/Explosion-proof-high-bay-lights.png 360w\" sizes=\"auto, (max-width: 480px) 150px\" src=\"https:\/\/led.amasly.com\/wp-content\/uploads\/2024\/09\/Explosion-proof-high-bay-lights.png\" alt=\"\" class=\"uag-image-1495\" width=\"300\" height=\"300\" title=\"\u0110\u00e8n chi\u1ebfu s\u00e1ng ch\u1ed1ng ch\u00e1y n\u1ed5 cho khu v\u1ef1c tr\u1ea7n cao\" loading=\"lazy\" role=\"img\"><\/a><\/figure><\/div>\n<\/div>\n\n\n\n<div class=\"wp-block-uagb-container uagb-block-4d3efde5\">\n<div class=\"wp-block-uagb-image uagb-block-c9e90797 wp-block-uagb-image--layout-default wp-block-uagb-image--effect-static wp-block-uagb-image--align-none\"><figure class=\"wp-block-uagb-image__figure\"><a class=\"\" href=\"https:\/\/led.amasly.com\/vi\/products\/\" target=\"\" rel=\"noopener\"><img decoding=\"async\" srcset=\"https:\/\/led.amasly.com\/wp-content\/uploads\/2024\/07\/LED-tri-proof-lights2.png ,https:\/\/led.amasly.com\/wp-content\/uploads\/2024\/07\/LED-tri-proof-lights2.png 780w, https:\/\/led.amasly.com\/wp-content\/uploads\/2024\/07\/LED-tri-proof-lights2.png 360w\" sizes=\"auto, (max-width: 480px) 150px\" src=\"https:\/\/led.amasly.com\/wp-content\/uploads\/2024\/07\/LED-tri-proof-lights2.png\" alt=\"\" class=\"uag-image-1132\" width=\"300\" height=\"300\" title=\"\u0110\u00e8n LED ch\u1ed1ng n\u01b0\u1edbc ba chi\u1ec1u 2\" loading=\"lazy\" role=\"img\"><\/a><\/figure><\/div>\n<\/div>\n\n\n\n<div class=\"wp-block-uagb-container uagb-block-11c2578b\">\n<div class=\"wp-block-uagb-image uagb-block-6e8883aa wp-block-uagb-image--layout-default wp-block-uagb-image--effect-static wp-block-uagb-image--align-none\"><figure class=\"wp-block-uagb-image__figure\"><a class=\"\" href=\"https:\/\/led.amasly.com\/vi\/products\/\" target=\"\" rel=\"noopener\"><img decoding=\"async\" srcset=\"https:\/\/led.amasly.com\/wp-content\/uploads\/2024\/09\/LED-Explosion-Proof-Gas-Station-Light.png ,https:\/\/led.amasly.com\/wp-content\/uploads\/2024\/09\/LED-Explosion-Proof-Gas-Station-Light.png 780w, https:\/\/led.amasly.com\/wp-content\/uploads\/2024\/09\/LED-Explosion-Proof-Gas-Station-Light.png 360w\" sizes=\"auto, (max-width: 480px) 150px\" src=\"https:\/\/led.amasly.com\/wp-content\/uploads\/2024\/09\/LED-Explosion-Proof-Gas-Station-Light.png\" alt=\"\" class=\"uag-image-1501\" width=\"300\" height=\"300\" title=\"\u0110\u00e8n LED ch\u1ed1ng ch\u00e1y n\u1ed5 cho tr\u1ea1m x\u0103ng\" loading=\"lazy\" role=\"img\"><\/a><\/figure><\/div>\n<\/div>\n<\/div><\/div>\n\n\n\n<div class=\"wp-block-uagb-container uagb-block-548945b5 alignfull uagb-is-root-container\"><div class=\"uagb-container-inner-blocks-wrap\">\n<div class=\"wp-block-uagb-container uagb-block-967755d5\">\n<h4 class=\"wp-block-heading has-text-align-center\"><a href=\"https:\/\/led.amasly.com\/vi\/products\/\">\u0110\u00e8n LED ch\u1ed1ng ch\u00e1y n\u1ed5<\/a><\/h4>\n<\/div>\n\n\n\n<div class=\"wp-block-uagb-container uagb-block-9bc52fc2\">\n<h4 class=\"wp-block-heading has-text-align-center\"><a href=\"https:\/\/led.amasly.com\/vi\/products\/\">\u0110\u00e8n LED ch\u1ed1ng n\u01b0\u1edbc, ch\u1ed1ng b\u1ee5i v\u00e0 ch\u1ed1ng va \u0111\u1eadp<\/a><\/h4>\n<\/div>\n\n\n\n<div class=\"wp-block-uagb-container uagb-block-8ffa0a23\">\n<h4 class=\"wp-block-heading has-text-align-center\"><a href=\"https:\/\/led.amasly.com\/vi\/products\/\">\u0110\u00e8n chi\u1ebfu s\u00e1ng ch\u1ed1ng ch\u00e1y n\u1ed5 cho tr\u1ea1m x\u0103ng<\/a><\/h4>\n<\/div>\n<\/div><\/div>\n\n\n\n<div class=\"wp-block-uagb-container uagb-block-29499fe0 alignfull uagb-is-root-container\"><div class=\"uagb-container-inner-blocks-wrap\">\n<div class=\"wp-block-uagb-container uagb-block-777ee1c7\">\n<div class=\"wp-block-uagb-image uagb-block-2e9a1851 wp-block-uagb-image--layout-default wp-block-uagb-image--effect-static wp-block-uagb-image--align-none\"><figure class=\"wp-block-uagb-image__figure\"><a class=\"\" href=\"https:\/\/led.amasly.com\/vi\/products\/\" target=\"\" rel=\"noopener\"><img decoding=\"async\" srcset=\"https:\/\/led.amasly.com\/wp-content\/uploads\/2024\/10\/50W-100W-150W-200W-300W-LED-Flood-Light.jpg ,https:\/\/led.amasly.com\/wp-content\/uploads\/2024\/10\/50W-100W-150W-200W-300W-LED-Flood-Light.jpg 780w, https:\/\/led.amasly.com\/wp-content\/uploads\/2024\/10\/50W-100W-150W-200W-300W-LED-Flood-Light.jpg 360w\" sizes=\"auto, (max-width: 480px) 150px\" src=\"https:\/\/led.amasly.com\/wp-content\/uploads\/2024\/10\/50W-100W-150W-200W-300W-LED-Flood-Light.jpg\" alt=\"\" class=\"uag-image-1526\" width=\"300\" height=\"300\" title=\"\u0110\u00e8n LED chi\u1ebfu s\u00e1ng r\u1ed9ng 50W, 100W, 150W, 200W, 300W\" loading=\"lazy\" role=\"img\"><\/a><\/figure><\/div>\n<\/div>\n\n\n\n<div class=\"wp-block-uagb-container uagb-block-af8c8683\">\n<div class=\"wp-block-uagb-image uagb-block-67947854 wp-block-uagb-image--layout-default wp-block-uagb-image--effect-static wp-block-uagb-image--align-none\"><figure class=\"wp-block-uagb-image__figure\"><a class=\"\" href=\"https:\/\/led.amasly.com\/vi\/products\/\" target=\"\" rel=\"noopener\"><img decoding=\"async\" srcset=\"https:\/\/led.amasly.com\/wp-content\/uploads\/2024\/07\/led-tri-proof-light.png ,https:\/\/led.amasly.com\/wp-content\/uploads\/2024\/07\/led-tri-proof-light.png 780w, https:\/\/led.amasly.com\/wp-content\/uploads\/2024\/07\/led-tri-proof-light.png 360w\" sizes=\"auto, (max-width: 480px) 150px\" src=\"https:\/\/led.amasly.com\/wp-content\/uploads\/2024\/07\/led-tri-proof-light.png\" alt=\"\" class=\"uag-image-1130\" width=\"300\" height=\"300\" title=\"\u0110\u00e8n LED ch\u1ed1ng n\u01b0\u1edbc\" loading=\"lazy\" role=\"img\"><\/a><\/figure><\/div>\n<\/div>\n\n\n\n<div class=\"wp-block-uagb-container uagb-block-0fdfdd58\">\n<div class=\"wp-block-uagb-image uagb-block-1187d32d wp-block-uagb-image--layout-default wp-block-uagb-image--effect-static wp-block-uagb-image--align-none\"><figure class=\"wp-block-uagb-image__figure\"><a class=\"\" href=\"https:\/\/led.amasly.com\/vi\/products\/\" target=\"\" rel=\"noopener\"><img decoding=\"async\" srcset=\"https:\/\/led.amasly.com\/wp-content\/uploads\/2024\/07\/LED-street-light.jpg ,https:\/\/led.amasly.com\/wp-content\/uploads\/2024\/07\/LED-street-light.jpg 780w, https:\/\/led.amasly.com\/wp-content\/uploads\/2024\/07\/LED-street-light.jpg 360w\" sizes=\"auto, (max-width: 480px) 150px\" src=\"https:\/\/led.amasly.com\/wp-content\/uploads\/2024\/07\/LED-street-light.jpg\" alt=\"\" class=\"uag-image-1145\" width=\"300\" height=\"300\" title=\"\u0110\u00e8n \u0111\u01b0\u1eddng LED\" loading=\"lazy\" role=\"img\"><\/a><\/figure><\/div>\n<\/div>\n<\/div><\/div>\n\n\n\n<div class=\"wp-block-uagb-container uagb-block-6a60882c alignfull uagb-is-root-container\"><div class=\"uagb-container-inner-blocks-wrap\">\n<div class=\"wp-block-uagb-container uagb-block-f1e91a35\">\n<h4 class=\"wp-block-heading has-text-align-center\"><a href=\"https:\/\/led.amasly.com\/vi\/products\/\">\u0110\u00e8n LED chi\u1ebfu s\u00e1ng r\u1ed9ng<\/a><\/h4>\n<\/div>\n\n\n\n<div class=\"wp-block-uagb-container uagb-block-165bfa58\">\n<h4 class=\"wp-block-heading has-text-align-center\"><a href=\"https:\/\/led.amasly.com\/vi\/products\/\">\u0110\u00e8n \u1ed1ng LED ch\u1ed1ng n\u01b0\u1edbc, ch\u1ed1ng b\u1ee5i v\u00e0 ch\u1ed1ng va \u0111\u1eadp<\/a><\/h4>\n<\/div>\n\n\n\n<div class=\"wp-block-uagb-container uagb-block-f6096e3b\">\n<h4 class=\"wp-block-heading has-text-align-center\"><a href=\"https:\/\/led.amasly.com\/vi\/products\/\">\u0110\u00e8n \u0111\u01b0\u1eddng LED<\/a><\/h4>\n<\/div>\n<\/div><\/div>\n\n\n\n<div class=\"wp-block-uagb-container uagb-block-99c0e0a5 alignfull uagb-is-root-container\"><div class=\"uagb-container-inner-blocks-wrap\"><\/div><\/div>\n\n\n\n<p><\/p>","protected":false},"excerpt":{"rendered":"<p>Are LED Lights Fireproof? Understanding Safety Standards and Design Features LED lighting has revolutionized industrial and commercial spaces with its energy efficiency and longevity. However, when operating in high-risk environments, a critical question arises:&nbsp;Are LED lights inherently fireproof?&nbsp;The answer lies in the interplay of technology, design, and certification. This article explores how fireproof LED lighting [&hellip;]<\/p>\n","protected":false},"author":1,"featured_media":0,"parent":2374,"menu_order":0,"comment_status":"closed","ping_status":"closed","template":"","meta":{"_uag_custom_page_level_css":"","site-sidebar-layout":"no-sidebar","site-content-layout":"","ast-site-content-layout":"default","site-content-style":"default","site-sidebar-style":"default","ast-global-header-display":"","ast-banner-title-visibility":"","ast-main-header-display":"","ast-hfb-above-header-display":"","ast-hfb-below-header-display":"","ast-hfb-mobile-header-display":"","site-post-title":"disabled","ast-breadcrumbs-content":"","ast-featured-img":"","footer-sml-layout":"","ast-disable-related-posts":"","theme-transparent-header-meta":"enabled","adv-header-id-meta":"","stick-header-meta":"","header-above-stick-meta":"","header-main-stick-meta":"","header-below-stick-meta":"","astra-migrate-meta-layouts":"set","ast-page-background-enabled":"default","ast-page-background-meta":{"desktop":{"background-color":"var(--ast-global-color-4)","background-image":"","background-repeat":"repeat","background-position":"center center","background-size":"auto","background-attachment":"scroll","background-type":"","background-media":"","overlay-type":"","overlay-color":"","overlay-opacity":"","overlay-gradient":""},"tablet":{"background-color":"","background-image":"","background-repeat":"repeat","background-position":"center center","background-size":"auto","background-attachment":"scroll","background-type":"","background-media":"","overlay-type":"","overlay-color":"","overlay-opacity":"","overlay-gradient":""},"mobile":{"background-color":"","background-image":"","background-repeat":"repeat","background-position":"center center","background-size":"auto","background-attachment":"scroll","background-type":"","background-media":"","overlay-type":"","overlay-color":"","overlay-opacity":"","overlay-gradient":""}},"ast-content-background-meta":{"desktop":{"background-color":"var(--ast-global-color-5)","background-image":"","background-repeat":"repeat","background-position":"center center","background-size":"auto","background-attachment":"scroll","background-type":"","background-media":"","overlay-type":"","overlay-color":"","overlay-opacity":"","overlay-gradient":""},"tablet":{"background-color":"var(--ast-global-color-5)","background-image":"","background-repeat":"repeat","background-position":"center center","background-size":"auto","background-attachment":"scroll","background-type":"","background-media":"","overlay-type":"","overlay-color":"","overlay-opacity":"","overlay-gradient":""},"mobile":{"background-color":"var(--ast-global-color-5)","background-image":"","background-repeat":"repeat","background-position":"center center","background-size":"auto","background-attachment":"scroll","background-type":"","background-media":"","overlay-type":"","overlay-color":"","overlay-opacity":"","overlay-gradient":""}},"footnotes":""},"class_list":["post-3032","page","type-page","status-publish","hentry"],"uagb_featured_image_src":{"full":false,"thumbnail":false,"medium":false,"medium_large":false,"large":false,"1536x1536":false,"2048x2048":false,"trp-custom-language-flag":false},"uagb_author_info":{"display_name":"Joe","author_link":"https:\/\/led.amasly.com\/vi\/author\/jacklin\/"},"uagb_comment_info":0,"uagb_excerpt":"Are LED Lights Fireproof? Understanding Safety Standards and Design Features LED lighting has revolutionized industrial and commercial spaces with its energy efficiency and longevity. However, when operating in high-risk environments, a critical question arises:&nbsp;Are LED lights inherently fireproof?&nbsp;The answer lies in the interplay of technology, design, and certification. This article explores how fireproof LED lighting&hellip;","_links":{"self":[{"href":"https:\/\/led.amasly.com\/vi\/wp-json\/wp\/v2\/pages\/3032","targetHints":{"allow":["GET"]}}],"collection":[{"href":"https:\/\/led.amasly.com\/vi\/wp-json\/wp\/v2\/pages"}],"about":[{"href":"https:\/\/led.amasly.com\/vi\/wp-json\/wp\/v2\/types\/page"}],"author":[{"embeddable":true,"href":"https:\/\/led.amasly.com\/vi\/wp-json\/wp\/v2\/users\/1"}],"replies":[{"embeddable":true,"href":"https:\/\/led.amasly.com\/vi\/wp-json\/wp\/v2\/comments?post=3032"}],"version-history":[{"count":1,"href":"https:\/\/led.amasly.com\/vi\/wp-json\/wp\/v2\/pages\/3032\/revisions"}],"predecessor-version":[{"id":3036,"href":"https:\/\/led.amasly.com\/vi\/wp-json\/wp\/v2\/pages\/3032\/revisions\/3036"}],"up":[{"embeddable":true,"href":"https:\/\/led.amasly.com\/vi\/wp-json\/wp\/v2\/pages\/2374"}],"wp:attachment":[{"href":"https:\/\/led.amasly.com\/vi\/wp-json\/wp\/v2\/media?parent=3032"}],"curies":[{"name":"wp","href":"https:\/\/api.w.org\/{rel}","templated":true}]}}