{"id":2966,"date":"2025-04-08T20:53:14","date_gmt":"2025-04-08T12:53:14","guid":{"rendered":"https:\/\/led.amasly.com\/?page_id=2966"},"modified":"2025-04-08T20:53:20","modified_gmt":"2025-04-08T12:53:20","slug":"what-materials-are-explosion-proof","status":"publish","type":"page","link":"https:\/\/led.amasly.com\/vi\/knowledge\/explosion-proof-products-knowledge\/what-materials-are-explosion-proof\/","title":{"rendered":"Nh\u1eefng v\u1eadt li\u1ec7u n\u00e0o c\u00f3 kh\u1ea3 n\u0103ng ch\u1ed1ng n\u1ed5?"},"content":{"rendered":"<div class=\"wp-block-uagb-container uagb-block-27bae773 alignfull uagb-is-root-container\"><div class=\"uagb-container-inner-blocks-wrap\"><\/div><\/div>\n\n\n\n<h2 class=\"wp-block-heading has-text-align-center\"><strong>Nh\u1eefng v\u1eadt li\u1ec7u n\u00e0o c\u00f3 kh\u1ea3 n\u0103ng ch\u1ed1ng n\u1ed5?<\/strong><strong><\/strong><\/h2>\n\n\n\n<div class=\"wp-block-uagb-image uagb-block-da1360b5 wp-block-uagb-image--layout-default wp-block-uagb-image--effect-static wp-block-uagb-image--align-none\"><figure class=\"wp-block-uagb-image__figure\"><a class=\"\" href=\"https:\/\/led.amasly.com\/vi\/\" target=\"\" rel=\"noopener\"><img decoding=\"async\" srcset=\"https:\/\/led.amasly.com\/wp-content\/uploads\/2025\/01\/LED-explosion-proof-flood-lights.png ,https:\/\/led.amasly.com\/wp-content\/uploads\/2025\/01\/LED-explosion-proof-flood-lights.png 780w, https:\/\/led.amasly.com\/wp-content\/uploads\/2025\/01\/LED-explosion-proof-flood-lights.png 360w\" sizes=\"auto, (max-width: 480px) 150px\" src=\"https:\/\/led.amasly.com\/wp-content\/uploads\/2025\/01\/LED-explosion-proof-flood-lights.png\" alt=\"\" class=\"uag-image-1675\" width=\"1004\" height=\"308\" title=\"\u0110\u00e8n chi\u1ebfu s\u00e1ng ch\u1ed1ng ch\u00e1y n\u1ed5 LED\" loading=\"lazy\" role=\"img\"><\/a><\/figure><\/div>\n\n\n\n<p>V\u1eadt li\u1ec7u ch\u1ed1ng n\u1ed5 l\u00e0 m\u1ed9t lo\u1ea1i v\u1eadt li\u1ec7u chuy\u00ean d\u1ee5ng c\u00f3 kh\u1ea3 n\u0103ng ch\u1ecbu \u0111\u01b0\u1ee3c t\u00e1c \u0111\u1ed9ng c\u1ee7a n\u1ed5 v\u00e0 l\u1eeda. Ch\u00fang \u0111\u01b0\u1ee3c s\u1eed d\u1ee5ng r\u1ed9ng r\u00e3i trong c\u00e1c ng\u00e0nh c\u00f4ng nghi\u1ec7p nh\u01b0 h\u00f3a d\u1ea7u, khai th\u00e1c m\u1ecf, x\u00e2y d\u1ef1ng v\u00e0 c\u00e1c l\u0129nh v\u1ef1c kh\u00e1c, nh\u1eb1m b\u1ea3o v\u1ec7 an to\u00e0n cho nh\u00e2n vi\u00ean v\u00e0 thi\u1ebft b\u1ecb.<\/p>\n\n\n\n<p>C\u00e1c lo\u1ea1i v\u1eadt li\u1ec7u ch\u1ed1ng ch\u00e1y n\u1ed5 kh\u00e1c nhau c\u00f3 \u0111\u1eb7c t\u00ednh v\u00e0 ph\u1ea1m vi \u1ee9ng d\u1ee5ng kh\u00e1c nhau, do \u0111\u00f3 vi\u1ec7c l\u1ef1a ch\u1ecdn v\u1eadt li\u1ec7u ch\u1ed1ng ch\u00e1y n\u1ed5 c\u1ea7n \u0111\u01b0\u1ee3c xem x\u00e9t d\u1ef1a tr\u00ean \u0111i\u1ec1u ki\u1ec7n m\u00f4i tr\u01b0\u1eddng v\u00e0 nhu c\u1ea7u s\u1eed d\u1ee5ng c\u1ee5 th\u1ec3.<\/p>\n\n\n\n<h2 class=\"wp-block-heading\"><strong>C\u00e1c v\u1eadt li\u1ec7u ch\u1ed1ng ch\u00e1y n\u1ed5 th\u00f4ng d\u1ee5ng bao g\u1ed3m: <\/strong><strong><\/strong><\/h2>\n\n\n\n<p>1. V\u1eadt li\u1ec7u kim lo\u1ea1i: ch\u1eb3ng h\u1ea1n nh\u01b0 t\u1ea5m th\u00e9p, t\u1ea5m nh\u00f4m, v.v. Nh\u1eefng v\u1eadt li\u1ec7u n\u00e0y c\u00f3 \u0111\u1ed9 b\u1ec1n cao v\u00e0 \u0111\u1ed9 d\u1ebbo dai t\u1ed1t, c\u00f3 th\u1ec3 ch\u1ed1ng l\u1ea1i hi\u1ec7u qu\u1ea3 t\u00e1c \u0111\u1ed9ng v\u00e0 ng\u1ecdn l\u1eeda do v\u1ee5 n\u1ed5 g\u00e2y ra. Trong m\u00f4i tr\u01b0\u1eddng n\u1ed5, ch\u00fang c\u00f3 th\u1ec3 b\u1ea3o v\u1ec7 k\u1ebft c\u1ea5u v\u00e0 nh\u00e2n vi\u00ean kh\u1ecfi h\u01b0 h\u1ecfng v\u00e0 th\u01b0\u01a1ng t\u00edch.<\/p>\n\n\n\n<p>Ngo\u00e0i ra, m\u1ed9t s\u1ed1 lo\u1ea1i v\u1eadt li\u1ec7u kim lo\u1ea1i chuy\u00ean d\u1ee5ng c\u00f3 th\u1ec3 \u0111\u01b0\u1ee3c s\u1eed d\u1ee5ng \u0111\u1ec3 s\u1ea3n xu\u1ea5t c\u00e1c b\u1ed9 ph\u1eadn ch\u00ednh c\u1ee7a thi\u1ebft b\u1ecb v\u00e0 thi\u1ebft b\u1ecb ch\u1ed1ng ch\u00e1y n\u1ed5.<\/p>\n\n\n\n<p>2. V\u1eadt li\u1ec7u composite polymer: \u0110\u00e2y l\u00e0 lo\u1ea1i v\u1eadt li\u1ec7u ch\u1ed1ng n\u1ed5 \u0111\u1eb7c bi\u1ec7t, c\u00f3 kh\u1ea3 n\u0103ng ch\u1ed1ng ch\u00e1y v\u00e0 ch\u1ed1ng m\u00e0i m\u00f2n.<\/p>\n\n\n\n<p>C\u00e1c v\u1eadt li\u1ec7u n\u00e0y c\u00f3 kh\u1ea3 n\u0103ng h\u1ea5p th\u1ee5 l\u01b0\u1ee3ng l\u1edbn n\u0103ng l\u01b0\u1ee3ng v\u00e0 gi\u1ea3i ph\u00f3ng nhi\u1ec7t nhanh ch\u00f3ng khi b\u1ecb va ch\u1ea1m, t\u1eeb \u0111\u00f3 gi\u1ea3m thi\u1ec3u thi\u1ec7t h\u1ea1i do v\u1ee5 n\u1ed5 g\u00e2y ra cho m\u00f4i tr\u01b0\u1eddng xung quanh. \u0110\u01b0\u1ee3c s\u1eed d\u1ee5ng r\u1ed9ng r\u00e3i trong c\u00e1c ng\u00e0nh c\u00f4ng nghi\u1ec7p h\u00f3a d\u1ea7u, khai th\u00e1c m\u1ecf v\u00e0 c\u00e1c l\u0129nh v\u1ef1c kh\u00e1c.<\/p>\n\n\n\n<p>3. V\u1eadt li\u1ec7u g\u1ed1m s\u1ee9: V\u1eadt li\u1ec7u g\u1ed1m s\u1ee9 c\u00f3 \u0111\u1ed9 \u1ed5n \u0111\u1ecbnh nhi\u1ec7t cao v\u00e0 t\u00ednh c\u00e1ch \u0111i\u1ec7n t\u1ed1t, c\u00f3 kh\u1ea3 n\u0103ng ch\u1ecbu \u0111\u01b0\u1ee3c nhi\u1ec7t \u0111\u1ed9 cao v\u00e0 \u00e1p su\u1ea5t cao do v\u1ee5 n\u1ed5 t\u1ea1o ra. Do \u0111\u00f3, g\u1ed1m s\u1ee9 c\u0169ng \u0111\u01b0\u1ee3c s\u1eed d\u1ee5ng r\u1ed9ng r\u00e3i trong s\u1ea3n xu\u1ea5t thi\u1ebft b\u1ecb v\u00e0 thi\u1ebft b\u1ecb ch\u1ed1ng n\u1ed5. Ngo\u00e0i ra, v\u1eadt li\u1ec7u g\u1ed1m s\u1ee9 c\u00f3 t\u00ednh \u1ed5n \u0111\u1ecbnh h\u00f3a h\u1ecdc v\u00e0 c\u00f3 th\u1ec3 ch\u1ed1ng l\u1ea1i s\u1ef1 \u0103n m\u00f2n c\u1ee7a c\u00e1c ch\u1ea5t h\u00f3a h\u1ecdc kh\u00e1c nhau.<\/p>\n\n\n\n<p>4. V\u1eadt li\u1ec7u ph\u1ee7 \u0111\u1eb7c bi\u1ec7t v\u00e0 v\u1eadt li\u1ec7u ch\u1ed1ng ch\u00e1y: c\u00e1c v\u1eadt li\u1ec7u n\u00e0y ch\u1ee7 y\u1ebfu bao g\u1ed3m s\u01a1n ch\u1ed1ng n\u1ed5, s\u01a1n ch\u1ed1ng ch\u00e1y, v.v., c\u00f3 kh\u1ea3 n\u0103ng ch\u1ed1ng ch\u00e1y v\u00e0 ch\u1ed1ng n\u1ed5 t\u1ed1t.<\/p>\n\n\n\n<p>Ch\u00fang c\u00f3 th\u1ec3 \u0111\u01b0\u1ee3c \u00e1p d\u1ee5ng l\u00ean b\u1ec1 m\u1eb7t c\u1ee7a thi\u1ebft b\u1ecb v\u00e0 c\u00f4ng tr\u00ecnh \u0111\u1ec3 cung c\u1ea5p m\u1ed9t l\u1edbp b\u1ea3o v\u1ec7 b\u1ed5 sung ch\u1ed1ng l\u1ea1i c\u00e1c h\u01b0 h\u1ecfng th\u00eam do h\u1ecfa ho\u1ea1n v\u00e0 n\u1ed5 g\u00e2y ra.<\/p>\n\n\n\n<h2 class=\"wp-block-heading\"><strong>C\u00e1c v\u1eadt li\u1ec7u n\u00e0o \u0111\u01b0\u1ee3c s\u1eed d\u1ee5ng \u0111\u1ec3 ch\u1ebf t\u1ea1o v\u1ecf b\u1ea3o v\u1ec7 ch\u1ed1ng n\u1ed5 cho s\u1ea3n ph\u1ea9m?<\/strong><strong><\/strong><\/h2>\n\n\n\n<p>C\u00f3 b\u1ed1n lo\u1ea1i v\u1eadt li\u1ec7u ph\u1ed5 bi\u1ebfn \u0111\u01b0\u1ee3c s\u1eed d\u1ee5ng trong v\u1ecf b\u1ea3o v\u1ec7 ch\u1ed1ng n\u1ed5 l\u00e0 th\u00e9p kh\u00f4ng g\u1ec9, th\u00e9p carbon, h\u1ee3p kim nh\u00f4m v\u00e0 nh\u1ef1a k\u1ef9 thu\u1eadt. M\u1ed7i lo\u1ea1i v\u1eadt li\u1ec7u \u0111\u01b0\u1ee3c s\u1eed d\u1ee5ng cho c\u00e1c m\u1ee5c \u0111\u00edch kh\u00e1c nhau, v\u00e0 s\u1ef1 kh\u00e1c bi\u1ec7t v\u1ec1 ngo\u1ea1i h\u00ecnh gi\u1eefa ch\u00fang c\u0169ng r\u1ea5t l\u1edbn.<\/p>\n\n\n\n<h3 class=\"wp-block-heading\"><strong>1<\/strong><strong>.<\/strong><strong>&nbsp;V\u1eadt li\u1ec7u h\u1ee3p kim nh\u00f4m <\/strong><strong><\/strong><\/h3>\n\n\n\n<p>V\u1ecf m\u00e1y \u0111\u01b0\u1ee3c l\u00e0m t\u1eeb v\u1eadt li\u1ec7u h\u1ee3p kim nh\u00f4m ch\u1ea5t l\u01b0\u1ee3ng cao. H\u1ee3p kim nh\u00f4m l\u00e0 m\u1ed9t lo\u1ea1i v\u1eadt li\u1ec7u k\u1ebft c\u1ea5u kim lo\u1ea1i kh\u00f4ng ch\u1ee9a s\u1eaft, c\u00f3 \u1ee9ng d\u1ee5ng r\u1ed9ng r\u00e3i trong c\u00f4ng nghi\u1ec7p, v\u1edbi c\u00e1c \u0111\u1eb7c t\u00ednh nh\u01b0 \u0111\u1ed9 b\u1ec1n cao, m\u1eadt \u0111\u1ed9 th\u1ea5p, \u0111\u1ed9 c\u1ee9ng t\u1ed1t, \u0111\u1ed9 d\u1ebbo cao, kh\u1ea3 n\u0103ng d\u1eabn \u0111i\u1ec7n v\u00e0 d\u1eabn nhi\u1ec7t t\u1ed1t.<\/p>\n\n\n\n<h3 class=\"wp-block-heading\">2.&nbsp;<strong>V\u1eadt li\u1ec7u th\u00e9p kh\u00f4ng g\u1ec9 304 <\/strong><strong><\/strong><\/h3>\n\n\n\n<p>C\u00f2n \u0111\u01b0\u1ee3c g\u1ecdi l\u00e0 th\u00e9p kh\u00f4ng g\u1ec9 18\/8, l\u00e0 m\u1ed9t lo\u1ea1i v\u1eadt li\u1ec7u th\u00e9p kh\u00f4ng g\u1ec9 ph\u1ed5 bi\u1ebfn. V\u1eadt li\u1ec7u n\u00e0y c\u00f3 \u0111\u1ed9 b\u1ec1n cao v\u00e0 \u0111\u1eb7c t\u00ednh ch\u1ed1ng n\u1ed5 t\u1ed1t.<\/p>\n\n\n\n<h3 class=\"wp-block-heading\"><strong>3<\/strong><strong>.<\/strong><strong>&nbsp;V\u1eadt li\u1ec7u th\u00e9p carbon <\/strong><strong><\/strong><\/h3>\n\n\n\n<p>C\u00f2n \u0111\u01b0\u1ee3c g\u1ecdi l\u00e0 th\u00e9p carbon, th\u00e0nh ph\u1ea7n c\u1ee7a n\u00f3 bao g\u1ed3m silic, mangan, l\u01b0u hu\u1ef3nh, ph\u1ed1t pho, nh\u01b0ng h\u00e0m l\u01b0\u1ee3ng c\u1ee7a c\u00e1c nguy\u00ean t\u1ed1 n\u00e0y l\u00e0 r\u1ea5t nh\u1ecf. Th\u00e9p carbon c\u00f3 \u0111\u1ed9 c\u1ee9ng cao, th\u00f4ng th\u01b0\u1eddng h\u00e0m l\u01b0\u1ee3ng carbon c\u00e0ng cao th\u00ec \u0111\u1ed9 c\u1ee9ng v\u00e0 \u0111\u1ed9 b\u1ec1n c\u00e0ng l\u1edbn. V\u1eadt li\u1ec7u n\u00e0y c\u00f3 kh\u1ea3 n\u0103ng ch\u1ecbu va \u0111\u1eadp t\u1ed1t.<\/p>\n\n\n\n<h3 class=\"wp-block-heading\"><strong>4<\/strong><strong>.<\/strong><strong>&nbsp;Nh\u1ef1a k\u1ef9 thu\u1eadt <\/strong><strong><\/strong><\/h3>\n\n\n\n<p class=\"has-text-align-left\">Lo\u1ea1i nh\u1ef1a n\u00e0y kh\u00e1c v\u1edbi nh\u1ef1a th\u00f4ng th\u01b0\u1eddng, \u0111\u01b0\u1ee3c l\u00e0m t\u1eeb v\u1eadt li\u1ec7u k\u1ef9 thu\u1eadt v\u00e0 c\u00e1c v\u1eadt li\u1ec7u nh\u1ef1a kh\u00e1c, c\u00f3 hi\u1ec7u su\u1ea5t t\u1ed5ng th\u1ec3 t\u1ed1t h\u01a1n, \u0111\u1ed9 c\u1ee9ng cao, \u0111\u1ed9 b\u1ec1n cao, \u0111\u1ed3ng th\u1eddi c\u00f3 kh\u1ea3 n\u0103ng ch\u1ecbu nhi\u1ec7t v\u00e0 c\u00e1ch \u0111i\u1ec7n t\u1ed1t, ph\u00f9 h\u1ee3p \u0111\u1ec3 s\u1eed d\u1ee5ng trong m\u00f4i tr\u01b0\u1eddng h\u00f3a h\u1ecdc ho\u1eb7c v\u1eadt l\u00fd kh\u1eafc nghi\u1ec7t.<\/p>\n\n\n\n<div class=\"wp-block-uagb-container uagb-block-c7d898dd alignfull uagb-is-root-container\"><div class=\"uagb-container-inner-blocks-wrap\"><\/div><\/div>\n\n\n\n<h2 class=\"wp-block-heading\">S\u1ea3n ph\u1ea9m li\u00ean quan<\/h2>\n\n\n\n<div class=\"wp-block-uagb-container uagb-block-66e4defc alignfull uagb-is-root-container\"><div class=\"uagb-container-inner-blocks-wrap\">\n<div class=\"wp-block-uagb-container uagb-block-a42945f9\">\n<div class=\"wp-block-uagb-image uagb-block-7296296b wp-block-uagb-image--layout-default wp-block-uagb-image--effect-static wp-block-uagb-image--align-none\"><figure class=\"wp-block-uagb-image__figure\"><a class=\"\" href=\"https:\/\/led.amasly.com\/vi\/products\/\" target=\"\" rel=\"noopener\"><img decoding=\"async\" srcset=\"https:\/\/led.amasly.com\/wp-content\/uploads\/2024\/09\/Explosion-proof-high-bay-lights.png ,https:\/\/led.amasly.com\/wp-content\/uploads\/2024\/09\/Explosion-proof-high-bay-lights.png 780w, https:\/\/led.amasly.com\/wp-content\/uploads\/2024\/09\/Explosion-proof-high-bay-lights.png 360w\" sizes=\"auto, (max-width: 480px) 150px\" src=\"https:\/\/led.amasly.com\/wp-content\/uploads\/2024\/09\/Explosion-proof-high-bay-lights.png\" alt=\"\" class=\"uag-image-1495\" width=\"300\" height=\"300\" title=\"\u0110\u00e8n chi\u1ebfu s\u00e1ng ch\u1ed1ng ch\u00e1y n\u1ed5 cho khu v\u1ef1c tr\u1ea7n cao\" loading=\"lazy\" role=\"img\"><\/a><\/figure><\/div>\n<\/div>\n\n\n\n<div class=\"wp-block-uagb-container uagb-block-4d3efde5\">\n<div class=\"wp-block-uagb-image uagb-block-c9e90797 wp-block-uagb-image--layout-default wp-block-uagb-image--effect-static wp-block-uagb-image--align-none\"><figure class=\"wp-block-uagb-image__figure\"><a class=\"\" href=\"https:\/\/led.amasly.com\/vi\/products\/\" target=\"\" rel=\"noopener\"><img decoding=\"async\" srcset=\"https:\/\/led.amasly.com\/wp-content\/uploads\/2024\/07\/LED-tri-proof-lights2.png ,https:\/\/led.amasly.com\/wp-content\/uploads\/2024\/07\/LED-tri-proof-lights2.png 780w, https:\/\/led.amasly.com\/wp-content\/uploads\/2024\/07\/LED-tri-proof-lights2.png 360w\" sizes=\"auto, (max-width: 480px) 150px\" src=\"https:\/\/led.amasly.com\/wp-content\/uploads\/2024\/07\/LED-tri-proof-lights2.png\" alt=\"\" class=\"uag-image-1132\" width=\"300\" height=\"300\" title=\"\u0110\u00e8n LED ch\u1ed1ng n\u01b0\u1edbc ba chi\u1ec1u 2\" loading=\"lazy\" role=\"img\"><\/a><\/figure><\/div>\n<\/div>\n\n\n\n<div class=\"wp-block-uagb-container uagb-block-11c2578b\">\n<div class=\"wp-block-uagb-image uagb-block-6e8883aa wp-block-uagb-image--layout-default wp-block-uagb-image--effect-static wp-block-uagb-image--align-none\"><figure class=\"wp-block-uagb-image__figure\"><a class=\"\" href=\"https:\/\/led.amasly.com\/vi\/products\/\" target=\"\" rel=\"noopener\"><img decoding=\"async\" srcset=\"https:\/\/led.amasly.com\/wp-content\/uploads\/2024\/09\/LED-Explosion-Proof-Gas-Station-Light.png ,https:\/\/led.amasly.com\/wp-content\/uploads\/2024\/09\/LED-Explosion-Proof-Gas-Station-Light.png 780w, https:\/\/led.amasly.com\/wp-content\/uploads\/2024\/09\/LED-Explosion-Proof-Gas-Station-Light.png 360w\" sizes=\"auto, (max-width: 480px) 150px\" src=\"https:\/\/led.amasly.com\/wp-content\/uploads\/2024\/09\/LED-Explosion-Proof-Gas-Station-Light.png\" alt=\"\" class=\"uag-image-1501\" width=\"300\" height=\"300\" title=\"\u0110\u00e8n LED ch\u1ed1ng ch\u00e1y n\u1ed5 cho tr\u1ea1m x\u0103ng\" loading=\"lazy\" role=\"img\"><\/a><\/figure><\/div>\n<\/div>\n<\/div><\/div>\n\n\n\n<div class=\"wp-block-uagb-container uagb-block-548945b5 alignfull uagb-is-root-container\"><div class=\"uagb-container-inner-blocks-wrap\">\n<div class=\"wp-block-uagb-container uagb-block-967755d5\">\n<h4 class=\"wp-block-heading has-text-align-center\"><a href=\"https:\/\/led.amasly.com\/vi\/products\/\">\u0110\u00e8n LED ch\u1ed1ng ch\u00e1y n\u1ed5<\/a><\/h4>\n<\/div>\n\n\n\n<div class=\"wp-block-uagb-container uagb-block-9bc52fc2\">\n<h4 class=\"wp-block-heading has-text-align-center\"><a href=\"https:\/\/led.amasly.com\/vi\/products\/\">\u0110\u00e8n LED ch\u1ed1ng n\u01b0\u1edbc, ch\u1ed1ng b\u1ee5i v\u00e0 ch\u1ed1ng va \u0111\u1eadp<\/a><\/h4>\n<\/div>\n\n\n\n<div class=\"wp-block-uagb-container uagb-block-8ffa0a23\">\n<h4 class=\"wp-block-heading has-text-align-center\"><a href=\"https:\/\/led.amasly.com\/vi\/products\/\">\u0110\u00e8n chi\u1ebfu s\u00e1ng ch\u1ed1ng ch\u00e1y n\u1ed5 cho tr\u1ea1m x\u0103ng<\/a><\/h4>\n<\/div>\n<\/div><\/div>\n\n\n\n<div class=\"wp-block-uagb-container uagb-block-29499fe0 alignfull uagb-is-root-container\"><div class=\"uagb-container-inner-blocks-wrap\">\n<div class=\"wp-block-uagb-container uagb-block-777ee1c7\">\n<div class=\"wp-block-uagb-image uagb-block-2e9a1851 wp-block-uagb-image--layout-default wp-block-uagb-image--effect-static wp-block-uagb-image--align-none\"><figure class=\"wp-block-uagb-image__figure\"><a class=\"\" href=\"https:\/\/led.amasly.com\/vi\/products\/\" target=\"\" rel=\"noopener\"><img decoding=\"async\" srcset=\"https:\/\/led.amasly.com\/wp-content\/uploads\/2024\/10\/50W-100W-150W-200W-300W-LED-Flood-Light.jpg ,https:\/\/led.amasly.com\/wp-content\/uploads\/2024\/10\/50W-100W-150W-200W-300W-LED-Flood-Light.jpg 780w, https:\/\/led.amasly.com\/wp-content\/uploads\/2024\/10\/50W-100W-150W-200W-300W-LED-Flood-Light.jpg 360w\" sizes=\"auto, (max-width: 480px) 150px\" src=\"https:\/\/led.amasly.com\/wp-content\/uploads\/2024\/10\/50W-100W-150W-200W-300W-LED-Flood-Light.jpg\" alt=\"\" class=\"uag-image-1526\" width=\"300\" height=\"300\" title=\"\u0110\u00e8n LED chi\u1ebfu s\u00e1ng r\u1ed9ng 50W, 100W, 150W, 200W, 300W\" loading=\"lazy\" role=\"img\"><\/a><\/figure><\/div>\n<\/div>\n\n\n\n<div class=\"wp-block-uagb-container uagb-block-af8c8683\">\n<div class=\"wp-block-uagb-image uagb-block-67947854 wp-block-uagb-image--layout-default wp-block-uagb-image--effect-static wp-block-uagb-image--align-none\"><figure class=\"wp-block-uagb-image__figure\"><a class=\"\" href=\"https:\/\/led.amasly.com\/vi\/products\/\" target=\"\" rel=\"noopener\"><img decoding=\"async\" srcset=\"https:\/\/led.amasly.com\/wp-content\/uploads\/2024\/07\/led-tri-proof-light.png ,https:\/\/led.amasly.com\/wp-content\/uploads\/2024\/07\/led-tri-proof-light.png 780w, https:\/\/led.amasly.com\/wp-content\/uploads\/2024\/07\/led-tri-proof-light.png 360w\" sizes=\"auto, (max-width: 480px) 150px\" src=\"https:\/\/led.amasly.com\/wp-content\/uploads\/2024\/07\/led-tri-proof-light.png\" alt=\"\" class=\"uag-image-1130\" width=\"300\" height=\"300\" title=\"\u0110\u00e8n LED ch\u1ed1ng n\u01b0\u1edbc\" loading=\"lazy\" role=\"img\"><\/a><\/figure><\/div>\n<\/div>\n\n\n\n<div class=\"wp-block-uagb-container uagb-block-0fdfdd58\">\n<div class=\"wp-block-uagb-image uagb-block-1187d32d wp-block-uagb-image--layout-default wp-block-uagb-image--effect-static wp-block-uagb-image--align-none\"><figure class=\"wp-block-uagb-image__figure\"><a class=\"\" href=\"https:\/\/led.amasly.com\/vi\/products\/\" target=\"\" rel=\"noopener\"><img decoding=\"async\" srcset=\"https:\/\/led.amasly.com\/wp-content\/uploads\/2024\/07\/LED-street-light.jpg ,https:\/\/led.amasly.com\/wp-content\/uploads\/2024\/07\/LED-street-light.jpg 780w, https:\/\/led.amasly.com\/wp-content\/uploads\/2024\/07\/LED-street-light.jpg 360w\" sizes=\"auto, (max-width: 480px) 150px\" src=\"https:\/\/led.amasly.com\/wp-content\/uploads\/2024\/07\/LED-street-light.jpg\" alt=\"\" class=\"uag-image-1145\" width=\"300\" height=\"300\" title=\"\u0110\u00e8n \u0111\u01b0\u1eddng LED\" loading=\"lazy\" role=\"img\"><\/a><\/figure><\/div>\n<\/div>\n<\/div><\/div>\n\n\n\n<div class=\"wp-block-uagb-container uagb-block-6a60882c alignfull uagb-is-root-container\"><div class=\"uagb-container-inner-blocks-wrap\">\n<div class=\"wp-block-uagb-container uagb-block-f1e91a35\">\n<h4 class=\"wp-block-heading has-text-align-center\"><a href=\"https:\/\/led.amasly.com\/vi\/products\/\">\u0110\u00e8n LED chi\u1ebfu s\u00e1ng r\u1ed9ng<\/a><\/h4>\n<\/div>\n\n\n\n<div class=\"wp-block-uagb-container uagb-block-165bfa58\">\n<h4 class=\"wp-block-heading has-text-align-center\"><a href=\"https:\/\/led.amasly.com\/vi\/products\/\">\u0110\u00e8n \u1ed1ng LED ch\u1ed1ng n\u01b0\u1edbc, ch\u1ed1ng b\u1ee5i v\u00e0 ch\u1ed1ng va \u0111\u1eadp<\/a><\/h4>\n<\/div>\n\n\n\n<div class=\"wp-block-uagb-container uagb-block-f6096e3b\">\n<h4 class=\"wp-block-heading has-text-align-center\"><a href=\"https:\/\/led.amasly.com\/vi\/products\/\">\u0110\u00e8n \u0111\u01b0\u1eddng LED<\/a><\/h4>\n<\/div>\n<\/div><\/div>\n\n\n\n<div class=\"wp-block-uagb-container uagb-block-99c0e0a5 alignfull uagb-is-root-container\"><div class=\"uagb-container-inner-blocks-wrap\"><\/div><\/div>\n\n\n\n<p><\/p>","protected":false},"excerpt":{"rendered":"<p>What materials are explosion proof? Explosion-proof materials are a class of specialized materials capable of resisting explosive impact and flame. They are widely used in petrochemical, mining, construction and other fields, designed to protect the safety of personnel and equipment. Different types of explosion-proof materials have different characteristics and application scenarios, so the choice of [&hellip;]<\/p>\n","protected":false},"author":1,"featured_media":0,"parent":2374,"menu_order":0,"comment_status":"closed","ping_status":"closed","template":"","meta":{"_uag_custom_page_level_css":"","site-sidebar-layout":"no-sidebar","site-content-layout":"","ast-site-content-layout":"default","site-content-style":"default","site-sidebar-style":"default","ast-global-header-display":"","ast-banner-title-visibility":"","ast-main-header-display":"","ast-hfb-above-header-display":"","ast-hfb-below-header-display":"","ast-hfb-mobile-header-display":"","site-post-title":"disabled","ast-breadcrumbs-content":"","ast-featured-img":"","footer-sml-layout":"","ast-disable-related-posts":"","theme-transparent-header-meta":"enabled","adv-header-id-meta":"","stick-header-meta":"","header-above-stick-meta":"","header-main-stick-meta":"","header-below-stick-meta":"","astra-migrate-meta-layouts":"set","ast-page-background-enabled":"default","ast-page-background-meta":{"desktop":{"background-color":"var(--ast-global-color-4)","background-image":"","background-repeat":"repeat","background-position":"center center","background-size":"auto","background-attachment":"scroll","background-type":"","background-media":"","overlay-type":"","overlay-color":"","overlay-opacity":"","overlay-gradient":""},"tablet":{"background-color":"","background-image":"","background-repeat":"repeat","background-position":"center center","background-size":"auto","background-attachment":"scroll","background-type":"","background-media":"","overlay-type":"","overlay-color":"","overlay-opacity":"","overlay-gradient":""},"mobile":{"background-color":"","background-image":"","background-repeat":"repeat","background-position":"center center","background-size":"auto","background-attachment":"scroll","background-type":"","background-media":"","overlay-type":"","overlay-color":"","overlay-opacity":"","overlay-gradient":""}},"ast-content-background-meta":{"desktop":{"background-color":"var(--ast-global-color-5)","background-image":"","background-repeat":"repeat","background-position":"center center","background-size":"auto","background-attachment":"scroll","background-type":"","background-media":"","overlay-type":"","overlay-color":"","overlay-opacity":"","overlay-gradient":""},"tablet":{"background-color":"var(--ast-global-color-5)","background-image":"","background-repeat":"repeat","background-position":"center center","background-size":"auto","background-attachment":"scroll","background-type":"","background-media":"","overlay-type":"","overlay-color":"","overlay-opacity":"","overlay-gradient":""},"mobile":{"background-color":"var(--ast-global-color-5)","background-image":"","background-repeat":"repeat","background-position":"center center","background-size":"auto","background-attachment":"scroll","background-type":"","background-media":"","overlay-type":"","overlay-color":"","overlay-opacity":"","overlay-gradient":""}},"footnotes":""},"class_list":["post-2966","page","type-page","status-publish","hentry"],"uagb_featured_image_src":{"full":false,"thumbnail":false,"medium":false,"medium_large":false,"large":false,"1536x1536":false,"2048x2048":false,"trp-custom-language-flag":false},"uagb_author_info":{"display_name":"Joe","author_link":"https:\/\/led.amasly.com\/vi\/author\/jacklin\/"},"uagb_comment_info":0,"uagb_excerpt":"What materials are explosion proof? Explosion-proof materials are a class of specialized materials capable of resisting explosive impact and flame. They are widely used in petrochemical, mining, construction and other fields, designed to protect the safety of personnel and equipment. Different types of explosion-proof materials have different characteristics and application scenarios, so the choice of&hellip;","_links":{"self":[{"href":"https:\/\/led.amasly.com\/vi\/wp-json\/wp\/v2\/pages\/2966","targetHints":{"allow":["GET"]}}],"collection":[{"href":"https:\/\/led.amasly.com\/vi\/wp-json\/wp\/v2\/pages"}],"about":[{"href":"https:\/\/led.amasly.com\/vi\/wp-json\/wp\/v2\/types\/page"}],"author":[{"embeddable":true,"href":"https:\/\/led.amasly.com\/vi\/wp-json\/wp\/v2\/users\/1"}],"replies":[{"embeddable":true,"href":"https:\/\/led.amasly.com\/vi\/wp-json\/wp\/v2\/comments?post=2966"}],"version-history":[{"count":1,"href":"https:\/\/led.amasly.com\/vi\/wp-json\/wp\/v2\/pages\/2966\/revisions"}],"predecessor-version":[{"id":2980,"href":"https:\/\/led.amasly.com\/vi\/wp-json\/wp\/v2\/pages\/2966\/revisions\/2980"}],"up":[{"embeddable":true,"href":"https:\/\/led.amasly.com\/vi\/wp-json\/wp\/v2\/pages\/2374"}],"wp:attachment":[{"href":"https:\/\/led.amasly.com\/vi\/wp-json\/wp\/v2\/media?parent=2966"}],"curies":[{"name":"wp","href":"https:\/\/api.w.org\/{rel}","templated":true}]}}