{"id":2722,"date":"2025-03-26T21:27:30","date_gmt":"2025-03-26T13:27:30","guid":{"rendered":"https:\/\/led.amasly.com\/?page_id=2722"},"modified":"2025-03-26T21:27:36","modified_gmt":"2025-03-26T13:27:36","slug":"led-explosion-proof-t8-light-in-the-power-plant-lighting-in-the-core-applications-safety-explosion-proof-and-high-durability-lighting-comprehensive-analysis","status":"publish","type":"page","link":"https:\/\/led.amasly.com\/vi\/knowledge\/explosion-proof-products-knowledge\/led-explosion-proof-t8-light-in-the-power-plant-lighting-in-the-core-applications-safety-explosion-proof-and-high-durability-lighting-comprehensive-analysis\/","title":{"rendered":"\u0110\u00e8n LED ch\u1ed1ng ch\u00e1y n\u1ed5 T8 trong h\u1ec7 th\u1ed1ng chi\u1ebfu s\u00e1ng nh\u00e0 m\u00e1y \u0111i\u1ec7n \u2013 Ph\u00e2n t\u00edch to\u00e0n di\u1ec7n v\u1ec1 chi\u1ebfu s\u00e1ng an to\u00e0n ch\u1ed1ng ch\u00e1y n\u1ed5 v\u00e0 \u0111\u1ed9 b\u1ec1n cao trong c\u00e1c \u1ee9ng d\u1ee5ng ch\u00ednh."},"content":{"rendered":"\n<div class=\"wp-block-uagb-container uagb-block-27bae773 alignfull uagb-is-root-container\"><div class=\"uagb-container-inner-blocks-wrap\"><\/div><\/div>\n\n\n\n<h2 class=\"wp-block-heading has-text-align-left\"><strong>LED explosion proof t8 light<\/strong><strong>&nbsp;in the power plant lighting in the core applications &#8211; safety explosion-proof and high durability lighting comprehensive analysis<\/strong><strong><\/strong><\/h2>\n\n\n\n<p>LED explosion proof t8 light&nbsp;supplies explosion-proof, high-temperature and corrosion-resistant lighting solutions for power plants to ensure safe production in gas and dust environments. Explore its technical advantages, selection guidelines and intelligent upgrade momentum.<\/p>\n\n\n\n<div class=\"wp-block-uagb-image uagb-block-b32e1aa4 wp-block-uagb-image--layout-default wp-block-uagb-image--effect-static wp-block-uagb-image--align-none\"><figure class=\"wp-block-uagb-image__figure\"><a class=\"\" href=\"https:\/\/led.amasly.com\/products\/\" target=\"\" rel=\"noopener\"><img decoding=\"async\" srcset=\"https:\/\/led.amasly.com\/wp-content\/uploads\/2025\/01\/LED-explosion-proof-linear-lights.png ,https:\/\/led.amasly.com\/wp-content\/uploads\/2025\/01\/LED-explosion-proof-linear-lights.png 780w, https:\/\/led.amasly.com\/wp-content\/uploads\/2025\/01\/LED-explosion-proof-linear-lights.png 360w\" sizes=\"auto, (max-width: 480px) 150px\" src=\"https:\/\/led.amasly.com\/wp-content\/uploads\/2025\/01\/LED-explosion-proof-linear-lights.png\" alt=\"36W explosion proof light\" class=\"uag-image-1676\" width=\"1004\" height=\"294\" title=\"36W explosion proof light\" loading=\"lazy\" role=\"img\"\/><\/a><\/figure><\/div>\n\n\n\n<h2 class=\"wp-block-heading\"><strong>First<\/strong><strong>.<\/strong><strong>&nbsp;the special challenges of power plant lighting and explosion-proof needs<\/strong><strong><\/strong><\/h2>\n\n\n\n<p>Power plants involve gas turbines, boilers, chemical processing and other high-risk areas, the presence of methane, hydrogen, coal dust and other flammable and explosive media, while facing high temperatures, humidity, corrosive gases and other complex environments. LED explosion proof t8 light&nbsp;approves professional design to meet the following core requirements:<\/p>\n\n\n\n<p>1. explosion-proof safety: gas leakage or dust accumulation probably triggered an explosion, the need for lamps and lanterns approved by the explosion-proof certification to eliminate the risk of electrical sparks.<\/p>\n\n\n\n<p>2. High temperature resistance and heat dissipation performance: boiler room and other regional temperatures up to 50 \u2103 or more, the lamps and lanterns need to efficiently dissipate heat to avoid overheating failure.<\/p>\n\n\n\n<p>3. Dust and waterproof and corrosion resistance: chemical workshop acid and alkali steam, coal conveyor system dust requires IP66\/IP67 protection and corrosion-resistant materials.<\/p>\n\n\n\n<p>4. High brightness and long life: equipment maintenance, instrumentation monitoring needs high color rendering light source, and need to reduce frequent maintenance.<\/p>\n\n\n\n<p>LED explosion proof t8 light&nbsp;with its explosion-proof structure, weather resistance and high luminous efficacy, into a power plant safety lighting program of choice.<\/p>\n\n\n\n<h2 class=\"wp-block-heading\"><strong>Second. <\/strong><strong>LED explosion proof t8 light<\/strong><strong>&nbsp;technical advantages of analysis<\/strong><strong><\/strong><\/h2>\n\n\n\n<h3 class=\"wp-block-heading\"><strong>1. Explosion-proof certification and safety design<\/strong><strong><\/strong><\/h3>\n\n\n\n<p>LED explosion proof t8 lamp\u00a0is approved by <a href=\"http:\/\/www.iecex-certs.com\/\" rel=\"nofollow noopener\" target=\"_blank\">GB 3836, ATEX Zone 1\/Zone 2<\/a> certification, adopts explosion-proof shell [Ex d] and safety-increasing [Ex e] composite design, the internal circuit is completely isolated from the explosive environment, and it can be safely used in gas turbine area, hydrogen storage station and other high-risk areas.<\/p>\n\n\n\n<h3 class=\"wp-block-heading\"><strong>2. High temperature resistance and efficient heat dissipation<\/strong><strong><\/strong><\/h3>\n\n\n\n<p>The lamp body adopts die-casting aluminum shell and heat dissipation fins design, the surface temperature is controlled below 80 \u2103 [in line with T4 temperature group], to avoid ignition of combustible gases. Part of the model built-in intelligent temperature control module, high temperature environment automatically adjust the power to stabilize the operation.<\/p>\n\n\n\n<h3 class=\"wp-block-heading\"><strong>3. Dustproof, waterproof and corrosion-resistant performance<\/strong><strong><\/strong><\/h3>\n\n\n\n<p>IP66\/IP67 protection level can resist high-pressure water spray and dust intrusion. 316L stainless steel or fluorocarbon coating is used on the surface to resist acid and alkali vapor corrosion, which extends the life of the luminaire to more than 50,000 hours.<\/p>\n\n\n\n<h3 class=\"wp-block-heading\"><strong>4. Energy efficiency and light quality<\/strong><strong><\/strong><\/h3>\n\n\n\n<p>LED light source light efficiency up to 130lm \/ W, compared with traditional high-pressure sodium lamps, energy saving 60%, color rendering index Ra&gt;85, accurate reproduction of equipment color and instrumentation readings, reducing the risk of misuse.<\/p>\n\n\n\n<h2 class=\"wp-block-heading\"><strong>Third, <\/strong><strong>LED explosion proof t8 light<\/strong><strong>&nbsp;in the power plant core application scenarios<\/strong><strong><\/strong><\/h2>\n\n\n\n<h3 class=\"wp-block-heading\"><strong>1. Gas turbine and combined cycle area<\/strong><strong><\/strong><\/h3>\n\n\n\n<p>This area has high risk of methane and hydrogen leakage, the LED explosion proof t8 lamp\u00a0design can eliminate the hidden danger of electric sparks, and the high brightness illumination ensures the efficiency of equipment inspection and troubleshooting.<\/p>\n\n\n\n<h3 class=\"wp-block-heading\"><strong>2. boiler room and steam piping area<\/strong><strong><\/strong><\/h3>\n\n\n\n<p>Under the high temperature environment, the lamps and lanterns temperature resistance and heat dissipation design to ensure stable operation, wide beam angle [120 \u00b0] to cover the narrow pipeline area, reduce the dead angle of lighting.<\/p>\n\n\n\n<h3 class=\"wp-block-heading\"><strong>3. Coal transportation system and fly ash handling area<\/strong><strong><\/strong><\/h3>\n\n\n\n<p>The accumulation of coal dust is easy to cause an explosion, the dustproof sealing [IP66] and self-cleaning surface design of the luminaire reduces the adhesion of dust and reduces the frequency of maintenance.<\/p>\n\n\n\n<h3 class=\"wp-block-heading\"><strong>4. chemical water treatment workshop<\/strong><strong><\/strong><\/h3>\n\n\n\n<p>Acid and alkali steam corrosive, LED explosion proof t8 light&nbsp;corrosion-resistant materials and modular structure can be high-speed replacement of damaged parts, reduce downtime losses.<\/p>\n\n\n\n<h2 class=\"wp-block-heading\"><strong>Fourth, how to choose the appropriate power plant <\/strong><strong>LED explosion proof t8 light<\/strong><strong>?<\/strong><strong><\/strong><\/h2>\n\n\n\n<p>1. Explosion-proof grade matching: According to the regional hazardous level [such as Zone 1\/Zone 2] to choose Ex d IIC T4 or Ex e IIB certified lamps and lanterns. 2.<\/p>\n\n\n\n<p>2. Temperature resistance and protection level: high temperature areas need to choose T4 and above temperature group, chemical area recommended IP67 protection + 316L stainless steel material.<\/p>\n\n\n\n<p>3. luminous efficiency and beam angle: advocate illuminance \u2265 500 Lux, beam angle \u2265 120 \u00b0, covering a large area of the work area.<\/p>\n\n\n\n<p>4. Supplier qualification: Priority is given to manufacturers with ISO 9001 certification and explosion-proof equipment production qualification to supply customized solutions.<\/p>\n\n\n\n<h2 class=\"wp-block-heading\"><strong>Fifth<\/strong><strong>. Explosion-proof long strip light intelligent upgrade and power plant energy efficiency improvement<\/strong><strong><\/strong><\/h2>\n\n\n\n<p>Driven by Industry 4.0, LED explosion proof t8 light&nbsp;is being integrated into intelligent technology:<\/p>\n\n\n\n<p>1. Intelligent dimming system: linkage of environmental sensors, according to the concentration of natural gas or light intensity to automatically adjust the brightness, energy saving rate of up to 40%.<\/p>\n\n\n\n<p>2. Remote monitoring and warning: Approve the IoT platform to monitor the status of lamps and lanterns in real time, predict failures and push maintenance reminders.<\/p>\n\n\n\n<p>3. Energy management integration: docking with power plant BMS system, analyzing lighting energy consumption data, helping green power plant certification.<\/p>\n\n\n\n<h2 class=\"wp-block-heading\"><strong>Sixth. <\/strong><strong>Case sharing: <\/strong><strong>LED explosion proof t8 light<\/strong><strong>&nbsp;in a thermal power plant in South China application results<\/strong><strong><\/strong><\/h2>\n\n\n\n<p>A large thermal power plant after the full replacement of LED explosion proof t8 light:<\/p>\n\n\n\n<p>Safety enhancement: zero lighting-related safety accidents in the gas area;<\/p>\n\n\n\n<p>Reduced energy consumption: annual savings of 280,000 yuan in electricity costs, carbon emission reductions of 120 tons;<\/p>\n\n\n\n<p>Improved maintenance efficiency: lamp replacement cycle from 8 months to 6 years, labor costs down 50%.<\/p>\n\n\n\n<h2 class=\"wp-block-heading\"><strong>Seven<\/strong><strong>th<\/strong><strong>, conclusion: <\/strong><strong>LED explosion proof t8 light<\/strong><strong>&nbsp;&#8211; power plant safety operation lighting protection<\/strong><strong><\/strong><\/h2>\n\n\n\n<p>Power plant high-risk environment requires lighting equipment both explosion-proof security and environmental adaptability. LED explosion proof t8 light&nbsp;approved technological innovation and scenario-based design, for gas, high temperature, corrosive areas to provide reliable lighting support, help companies implement safe production and sustainable development intentions.<\/p>\n\n\n\n<p class=\"has-text-align-left\">Contact our technical team today for customized solutions for power plants!<\/p>\n\n\n\n<div class=\"wp-block-uagb-container uagb-block-c7d898dd alignfull uagb-is-root-container\"><div class=\"uagb-container-inner-blocks-wrap\"><\/div><\/div>\n\n\n\n<h2 class=\"wp-block-heading\">Related Products<\/h2>\n\n\n\n<div class=\"wp-block-uagb-container uagb-block-66e4defc alignfull uagb-is-root-container\"><div class=\"uagb-container-inner-blocks-wrap\">\n<div class=\"wp-block-uagb-container uagb-block-a42945f9\">\n<div class=\"wp-block-uagb-image uagb-block-7296296b wp-block-uagb-image--layout-default wp-block-uagb-image--effect-static wp-block-uagb-image--align-none\"><figure class=\"wp-block-uagb-image__figure\"><a class=\"\" href=\"https:\/\/led.amasly.com\/products\/\" target=\"\" rel=\"noopener\"><img decoding=\"async\" srcset=\"https:\/\/led.amasly.com\/wp-content\/uploads\/2024\/09\/Explosion-proof-high-bay-lights.png ,https:\/\/led.amasly.com\/wp-content\/uploads\/2024\/09\/Explosion-proof-high-bay-lights.png 780w, https:\/\/led.amasly.com\/wp-content\/uploads\/2024\/09\/Explosion-proof-high-bay-lights.png 360w\" sizes=\"auto, (max-width: 480px) 150px\" src=\"https:\/\/led.amasly.com\/wp-content\/uploads\/2024\/09\/Explosion-proof-high-bay-lights.png\" alt=\"\" class=\"uag-image-1495\" width=\"300\" height=\"300\" title=\"Explosion proof high bay lights\" loading=\"lazy\" role=\"img\"><\/a><\/figure><\/div>\n<\/div>\n\n\n\n<div class=\"wp-block-uagb-container uagb-block-4d3efde5\">\n<div class=\"wp-block-uagb-image uagb-block-c9e90797 wp-block-uagb-image--layout-default wp-block-uagb-image--effect-static wp-block-uagb-image--align-none\"><figure class=\"wp-block-uagb-image__figure\"><a class=\"\" href=\"https:\/\/led.amasly.com\/products\/\" target=\"\" rel=\"noopener\"><img decoding=\"async\" srcset=\"https:\/\/led.amasly.com\/wp-content\/uploads\/2024\/07\/LED-tri-proof-lights2.png ,https:\/\/led.amasly.com\/wp-content\/uploads\/2024\/07\/LED-tri-proof-lights2.png 780w, https:\/\/led.amasly.com\/wp-content\/uploads\/2024\/07\/LED-tri-proof-lights2.png 360w\" sizes=\"auto, (max-width: 480px) 150px\" src=\"https:\/\/led.amasly.com\/wp-content\/uploads\/2024\/07\/LED-tri-proof-lights2.png\" alt=\"\" class=\"uag-image-1132\" width=\"300\" height=\"300\" title=\"LED-tri-proof-lights2\" loading=\"lazy\" role=\"img\"><\/a><\/figure><\/div>\n<\/div>\n\n\n\n<div class=\"wp-block-uagb-container uagb-block-11c2578b\">\n<div class=\"wp-block-uagb-image uagb-block-6e8883aa wp-block-uagb-image--layout-default wp-block-uagb-image--effect-static wp-block-uagb-image--align-none\"><figure class=\"wp-block-uagb-image__figure\"><a class=\"\" href=\"https:\/\/led.amasly.com\/products\/\" target=\"\" rel=\"noopener\"><img decoding=\"async\" srcset=\"https:\/\/led.amasly.com\/wp-content\/uploads\/2024\/09\/LED-Explosion-Proof-Gas-Station-Light.png ,https:\/\/led.amasly.com\/wp-content\/uploads\/2024\/09\/LED-Explosion-Proof-Gas-Station-Light.png 780w, https:\/\/led.amasly.com\/wp-content\/uploads\/2024\/09\/LED-Explosion-Proof-Gas-Station-Light.png 360w\" sizes=\"auto, (max-width: 480px) 150px\" src=\"https:\/\/led.amasly.com\/wp-content\/uploads\/2024\/09\/LED-Explosion-Proof-Gas-Station-Light.png\" alt=\"\" class=\"uag-image-1501\" width=\"300\" height=\"300\" title=\"LED Explosion Proof Gas Station Light\" loading=\"lazy\" role=\"img\"><\/a><\/figure><\/div>\n<\/div>\n<\/div><\/div>\n\n\n\n<div class=\"wp-block-uagb-container uagb-block-548945b5 alignfull uagb-is-root-container\"><div class=\"uagb-container-inner-blocks-wrap\">\n<div class=\"wp-block-uagb-container uagb-block-967755d5\">\n<h4 class=\"wp-block-heading has-text-align-center\"><a href=\"https:\/\/led.amasly.com\/products\/\">LED Explosion Proof Lights<\/a><\/h4>\n<\/div>\n\n\n\n<div class=\"wp-block-uagb-container uagb-block-9bc52fc2\">\n<h4 class=\"wp-block-heading has-text-align-center\"><a href=\"https:\/\/led.amasly.com\/products\/\">LED Tri-Proof Lights<\/a><\/h4>\n<\/div>\n\n\n\n<div class=\"wp-block-uagb-container uagb-block-8ffa0a23\">\n<h4 class=\"wp-block-heading has-text-align-center\"><a href=\"https:\/\/led.amasly.com\/products\/\">Explosion Proof Gas Station Lights<\/a><\/h4>\n<\/div>\n<\/div><\/div>\n\n\n\n<div class=\"wp-block-uagb-container uagb-block-29499fe0 alignfull uagb-is-root-container\"><div class=\"uagb-container-inner-blocks-wrap\">\n<div class=\"wp-block-uagb-container uagb-block-777ee1c7\">\n<div class=\"wp-block-uagb-image uagb-block-2e9a1851 wp-block-uagb-image--layout-default wp-block-uagb-image--effect-static wp-block-uagb-image--align-none\"><figure class=\"wp-block-uagb-image__figure\"><a class=\"\" href=\"https:\/\/led.amasly.com\/products\/\" target=\"\" rel=\"noopener\"><img decoding=\"async\" srcset=\"https:\/\/led.amasly.com\/wp-content\/uploads\/2024\/10\/50W-100W-150W-200W-300W-LED-Flood-Light.jpg ,https:\/\/led.amasly.com\/wp-content\/uploads\/2024\/10\/50W-100W-150W-200W-300W-LED-Flood-Light.jpg 780w, https:\/\/led.amasly.com\/wp-content\/uploads\/2024\/10\/50W-100W-150W-200W-300W-LED-Flood-Light.jpg 360w\" sizes=\"auto, (max-width: 480px) 150px\" src=\"https:\/\/led.amasly.com\/wp-content\/uploads\/2024\/10\/50W-100W-150W-200W-300W-LED-Flood-Light.jpg\" alt=\"\" class=\"uag-image-1526\" width=\"300\" height=\"300\" title=\"50W 100W 150W 200W 300W LED Flood Light\" loading=\"lazy\" role=\"img\"><\/a><\/figure><\/div>\n<\/div>\n\n\n\n<div class=\"wp-block-uagb-container uagb-block-af8c8683\">\n<div class=\"wp-block-uagb-image uagb-block-67947854 wp-block-uagb-image--layout-default wp-block-uagb-image--effect-static wp-block-uagb-image--align-none\"><figure class=\"wp-block-uagb-image__figure\"><a class=\"\" href=\"https:\/\/led.amasly.com\/products\/\" target=\"\" rel=\"noopener\"><img decoding=\"async\" srcset=\"https:\/\/led.amasly.com\/wp-content\/uploads\/2024\/07\/led-tri-proof-light.png ,https:\/\/led.amasly.com\/wp-content\/uploads\/2024\/07\/led-tri-proof-light.png 780w, https:\/\/led.amasly.com\/wp-content\/uploads\/2024\/07\/led-tri-proof-light.png 360w\" sizes=\"auto, (max-width: 480px) 150px\" src=\"https:\/\/led.amasly.com\/wp-content\/uploads\/2024\/07\/led-tri-proof-light.png\" alt=\"\" class=\"uag-image-1130\" width=\"300\" height=\"300\" title=\"led-tri-proof-light\" loading=\"lazy\" role=\"img\"><\/a><\/figure><\/div>\n<\/div>\n\n\n\n<div class=\"wp-block-uagb-container uagb-block-0fdfdd58\">\n<div class=\"wp-block-uagb-image uagb-block-1187d32d wp-block-uagb-image--layout-default wp-block-uagb-image--effect-static wp-block-uagb-image--align-none\"><figure class=\"wp-block-uagb-image__figure\"><a class=\"\" href=\"https:\/\/led.amasly.com\/products\/\" target=\"\" rel=\"noopener\"><img decoding=\"async\" srcset=\"https:\/\/led.amasly.com\/wp-content\/uploads\/2024\/07\/LED-street-light.jpg ,https:\/\/led.amasly.com\/wp-content\/uploads\/2024\/07\/LED-street-light.jpg 780w, https:\/\/led.amasly.com\/wp-content\/uploads\/2024\/07\/LED-street-light.jpg 360w\" sizes=\"auto, (max-width: 480px) 150px\" src=\"https:\/\/led.amasly.com\/wp-content\/uploads\/2024\/07\/LED-street-light.jpg\" alt=\"\" class=\"uag-image-1145\" width=\"300\" height=\"300\" title=\"LED-street-light\" loading=\"lazy\" role=\"img\"><\/a><\/figure><\/div>\n<\/div>\n<\/div><\/div>\n\n\n\n<div class=\"wp-block-uagb-container uagb-block-6a60882c alignfull uagb-is-root-container\"><div class=\"uagb-container-inner-blocks-wrap\">\n<div class=\"wp-block-uagb-container uagb-block-f1e91a35\">\n<h4 class=\"wp-block-heading has-text-align-center\"><a href=\"https:\/\/led.amasly.com\/products\/\">LED Flood Lights<\/a><\/h4>\n<\/div>\n\n\n\n<div class=\"wp-block-uagb-container uagb-block-165bfa58\">\n<h4 class=\"wp-block-heading has-text-align-center\"><a href=\"https:\/\/led.amasly.com\/products\/\">LED Tri-Proof Tube Lights<\/a><\/h4>\n<\/div>\n\n\n\n<div class=\"wp-block-uagb-container uagb-block-f6096e3b\">\n<h4 class=\"wp-block-heading has-text-align-center\"><a href=\"https:\/\/led.amasly.com\/products\/\">LED Street Lights<\/a><\/h4>\n<\/div>\n<\/div><\/div>\n\n\n\n<div class=\"wp-block-uagb-container uagb-block-99c0e0a5 alignfull uagb-is-root-container\"><div class=\"uagb-container-inner-blocks-wrap\"><\/div><\/div>\n\n\n\n<p><\/p>\n","protected":false},"excerpt":{"rendered":"<p>LED explosion proof t8 light&nbsp;in the power plant lighting in the core applications &#8211; safety explosion-proof and high durability lighting comprehensive analysis LED explosion proof t8 light&nbsp;supplies explosion-proof, high-temperature and corrosion-resistant lighting solutions for power plants to ensure safe production in gas and dust environments. Explore its technical advantages, selection guidelines and intelligent upgrade momentum. [&hellip;]<\/p>\n","protected":false},"author":1,"featured_media":0,"parent":2374,"menu_order":0,"comment_status":"closed","ping_status":"closed","template":"","meta":{"_uag_custom_page_level_css":"","site-sidebar-layout":"no-sidebar","site-content-layout":"","ast-site-content-layout":"default","site-content-style":"default","site-sidebar-style":"default","ast-global-header-display":"","ast-banner-title-visibility":"","ast-main-header-display":"","ast-hfb-above-header-display":"","ast-hfb-below-header-display":"","ast-hfb-mobile-header-display":"","site-post-title":"disabled","ast-breadcrumbs-content":"","ast-featured-img":"","footer-sml-layout":"","ast-disable-related-posts":"","theme-transparent-header-meta":"enabled","adv-header-id-meta":"","stick-header-meta":"","header-above-stick-meta":"","header-main-stick-meta":"","header-below-stick-meta":"","astra-migrate-meta-layouts":"set","ast-page-background-enabled":"default","ast-page-background-meta":{"desktop":{"background-color":"var(--ast-global-color-4)","background-image":"","background-repeat":"repeat","background-position":"center center","background-size":"auto","background-attachment":"scroll","background-type":"","background-media":"","overlay-type":"","overlay-color":"","overlay-opacity":"","overlay-gradient":""},"tablet":{"background-color":"","background-image":"","background-repeat":"repeat","background-position":"center center","background-size":"auto","background-attachment":"scroll","background-type":"","background-media":"","overlay-type":"","overlay-color":"","overlay-opacity":"","overlay-gradient":""},"mobile":{"background-color":"","background-image":"","background-repeat":"repeat","background-position":"center center","background-size":"auto","background-attachment":"scroll","background-type":"","background-media":"","overlay-type":"","overlay-color":"","overlay-opacity":"","overlay-gradient":""}},"ast-content-background-meta":{"desktop":{"background-color":"var(--ast-global-color-5)","background-image":"","background-repeat":"repeat","background-position":"center center","background-size":"auto","background-attachment":"scroll","background-type":"","background-media":"","overlay-type":"","overlay-color":"","overlay-opacity":"","overlay-gradient":""},"tablet":{"background-color":"var(--ast-global-color-5)","background-image":"","background-repeat":"repeat","background-position":"center center","background-size":"auto","background-attachment":"scroll","background-type":"","background-media":"","overlay-type":"","overlay-color":"","overlay-opacity":"","overlay-gradient":""},"mobile":{"background-color":"var(--ast-global-color-5)","background-image":"","background-repeat":"repeat","background-position":"center center","background-size":"auto","background-attachment":"scroll","background-type":"","background-media":"","overlay-type":"","overlay-color":"","overlay-opacity":"","overlay-gradient":""}},"footnotes":""},"class_list":["post-2722","page","type-page","status-publish","hentry"],"uagb_featured_image_src":{"full":false,"thumbnail":false,"medium":false,"medium_large":false,"large":false,"1536x1536":false,"2048x2048":false,"trp-custom-language-flag":false},"uagb_author_info":{"display_name":"Joe","author_link":"https:\/\/led.amasly.com\/vi\/author\/jacklin\/"},"uagb_comment_info":0,"uagb_excerpt":"LED explosion proof t8 light&nbsp;in the power plant lighting in the core applications &#8211; safety explosion-proof and high durability lighting comprehensive analysis LED explosion proof t8 light&nbsp;supplies explosion-proof, high-temperature and corrosion-resistant lighting solutions for power plants to ensure safe production in gas and dust environments. Explore its technical advantages, selection guidelines and intelligent upgrade momentum.&hellip;","_links":{"self":[{"href":"https:\/\/led.amasly.com\/vi\/wp-json\/wp\/v2\/pages\/2722","targetHints":{"allow":["GET"]}}],"collection":[{"href":"https:\/\/led.amasly.com\/vi\/wp-json\/wp\/v2\/pages"}],"about":[{"href":"https:\/\/led.amasly.com\/vi\/wp-json\/wp\/v2\/types\/page"}],"author":[{"embeddable":true,"href":"https:\/\/led.amasly.com\/vi\/wp-json\/wp\/v2\/users\/1"}],"replies":[{"embeddable":true,"href":"https:\/\/led.amasly.com\/vi\/wp-json\/wp\/v2\/comments?post=2722"}],"version-history":[{"count":1,"href":"https:\/\/led.amasly.com\/vi\/wp-json\/wp\/v2\/pages\/2722\/revisions"}],"predecessor-version":[{"id":2725,"href":"https:\/\/led.amasly.com\/vi\/wp-json\/wp\/v2\/pages\/2722\/revisions\/2725"}],"up":[{"embeddable":true,"href":"https:\/\/led.amasly.com\/vi\/wp-json\/wp\/v2\/pages\/2374"}],"wp:attachment":[{"href":"https:\/\/led.amasly.com\/vi\/wp-json\/wp\/v2\/media?parent=2722"}],"curies":[{"name":"wp","href":"https:\/\/api.w.org\/{rel}","templated":true}]}}