{"id":2429,"date":"2025-03-11T20:02:55","date_gmt":"2025-03-11T12:02:55","guid":{"rendered":"https:\/\/led.amasly.com\/?page_id=2429"},"modified":"2025-03-12T20:58:57","modified_gmt":"2025-03-12T12:58:57","slug":"tormin-led-explosion-proof-light-technological-innovation-and-market-game-force-in-depth-analysis","status":"publish","type":"page","link":"https:\/\/led.amasly.com\/vi\/knowledge\/explosion-proof-products-knowledge\/tormin-led-explosion-proof-light-technological-innovation-and-market-game-force-in-depth-analysis\/","title":{"rendered":"\u0110\u00e8n ch\u1ed1ng ch\u00e1y n\u1ed5 TORMIN: Ph\u00e2n t\u00edch s\u00e2u v\u1ec1 s\u1ef1 \u0111\u1ed5i m\u1edbi c\u00f4ng ngh\u1ec7 v\u00e0 s\u1ee9c m\u1ea1nh c\u1ea1nh tranh tr\u00ean th\u1ecb tr\u01b0\u1eddng"},"content":{"rendered":"\n<div class=\"wp-block-uagb-container uagb-block-27bae773 alignfull uagb-is-root-container\"><div class=\"uagb-container-inner-blocks-wrap\"><\/div><\/div>\n\n\n\n<h2 class=\"wp-block-heading has-text-align-left\"><strong><a href=\"http:\/\/www.tormin.com\" rel=\"nofollow noopener\" target=\"_blank\">TORMIN led explosion proof light<\/a>: Technological innovation and market game force in-depth analysis<\/strong><\/h2>\n\n\n\n<h2 class=\"wp-block-heading\"><strong>I. Introduction<\/strong><strong><\/strong><\/h2>\n\n\n\n<p>As the core equipment of industrial safety lighting, led explosion proof light&nbsp;play an irreplaceable role in high-risk fields such as petroleum, chemical industry, mining, etc. TORMIN, as a leading brand in China&#8217;s industrial lighting field, occupies a key position in the led explosion proof light&nbsp;market by virtue of its technological research and development strength and strict quality control system. This report combines TORMIN product characteristics, technical standards and industry development momentum, its led explosion proof light&nbsp;technology advantages, application scenarios and market game force to implement a systematic analysis, for industry users, investors to provide reference basis.<\/p>\n\n\n\n<h2 class=\"wp-block-heading\"><strong>II.<\/strong><strong>&nbsp;TORMIN brand background and core advantages<\/strong><strong><\/strong><\/h2>\n\n\n\n<h3 class=\"wp-block-heading\"><strong>1. Company Profile<\/strong><strong><\/strong><\/h3>\n\n\n\n<p>Ltd. [TORMIN] was founded in 2003, headquartered in Wenzhou City, Zhejiang Province, is a national high-tech enterprises, specializing in industrial lighting equipment development, production and sales. Its products cover petroleum, chemical, electric power, mining and other high-risk areas, and approved ISO9001 quality management system, ISO14001 environmental management system, OHSAS18001 occupational health and safety management system certification4.<\/p>\n\n\n\n<h3 class=\"wp-block-heading\"><strong>2. Technical certifications and qualifications<\/strong><strong><\/strong><\/h3>\n\n\n\n<p>TORMIN led explosion proof light&nbsp;are approved by a number of international authoritative certificates, including China National Center for Quality Supervision and Inspection of Explosion-Proof Electrical Products, European ATEX explosion-proof certification, IECEx international explosion-proof certification, as well as CE, ROHS; to ensure that the products are compliant with the global market and safety4.<\/p>\n\n\n\n<h3 class=\"wp-block-heading\"><strong>3. Core gaming advantages<\/strong><strong><\/strong><\/h3>\n\n\n\n<p>Technological innovation: TORMIN holds a strong R&amp;D team, which develops adaptable and high stability led explosion proof light&nbsp;for the harsh environments of explosive gases, dust, high temperature, high humidity and so on. Intelligent design: some of the products help remote dimming, fault warning and other functions, to enhance the maintainability of equipment, user experience 4. international layout: approved ATEX, IECEx certification, the products have successfully entered Europe, the Middle East and other international markets, the brand appeal continues to expand. 7.<\/p>\n\n\n\n<h2 class=\"wp-block-heading\"><strong>III.<\/strong><strong>&nbsp;TORMIN <\/strong><strong>led explosion proof light<\/strong><strong>&nbsp;technical characteristics<\/strong><strong><\/strong><\/h2>\n\n\n\n<h3 class=\"wp-block-heading\"><strong>1. Light source and energy efficiency design<\/strong><strong><\/strong><\/h3>\n\n\n\n<p>High-efficiency LED technology: the use of high-efficiency LED light source, luminous efficacy \u2265 100lm \/ W, far more than the traditional metal halide lamps 60%, while the power factor is up to 0.99, significantly reducing energy consumption 56. long life and low maintenance: LED life of up to 60,000 hours or more, with the help of high-speed replacement of the light source design, reducing downtime for maintenance time. 69.<\/p>\n\n\n\n<h3 class=\"wp-block-heading\"><strong>2. Explosion-proof and protective structure<\/strong><strong><\/strong><\/h3>\n\n\n\n<p>Multiple explosion-proof design: the product covers \u2161C explosion-proof structure [for the highest level of explosive gas environment], and the use of explosion-proof [Exd], increased safety [Exe] and other explosion-proof pattern, to adapt to the needs of different hazardous zones.86. High protection level: the enclosure protection level up to IP66\/IP68, waterproof, dustproof performance is excellent, suitable for mines, chemical factories, and other extreme environments.48. Material Improvements High protection grade: The shell is made of high-strength aluminum alloy or stainless steel, and the surface is treated with anti-corrosive electrostatic spraying, which has outstanding impact resistance and corrosion resistance68.<\/p>\n\n\n\n<h3 class=\"wp-block-heading\"><strong>3. Heat dissipation and optical system<\/strong><strong><\/strong><\/h3>\n\n\n\n<p>Intelligent heat dissipation technology: Approved fin heat dissipation structure and thermal conductive coating design effectively control the internal temperature of the luminaire, avoiding overheating and causing potential safety hazards.28 Professional optical design: Adoption of the secondary light distribution system ensures uniform beam distribution and a light transmission rate of more than 95%, and at the same time reduces the glare and improves the comfort of the lighting.<\/p>\n\n\n\n<h3 class=\"wp-block-heading\"><strong>4. Intelligent and Modularized Innovation<\/strong><strong><\/strong><\/h3>\n\n\n\n<p>Modular structure: some products adopt power supply and light source sub-cavity design, which is easy to install and maintain, and at the same time, improve the explosion-proof performance.8 Intelligent control function: support remote dimming, fault monitoring and other functions, to meet the demand for intelligent equipment in the stage of Industry 4.0. 4.<\/p>\n\n\n\n<h2 class=\"wp-block-heading\"><strong>IV.<\/strong><strong>&nbsp;the application scene and industry adaptability<\/strong><strong><\/strong><\/h2>\n\n\n\n<p>TORMIN led explosion proof light&nbsp;with its technical characteristics, in the following areas is particularly outstanding:<\/p>\n\n\n\n<p>Oil and gas industry: suitable for flammable gas environment [such as drilling platforms, refineries], its \u2161 C explosion-proof design, corrosion-resistant materials can cope with high salt spray, hydrogen sulfide and other corrosive media.48 Mining and tunneling: IP68 protection level, anti-vibration design, to ensure that the equipment in the humid and dusty environment stable operation.89 Chemical and pharmaceutical fields: stainless steel material is easy to clean, in line with hygiene guidelines, while meeting the explosion-proof and anti-vibration guidelines, while meeting the intelligent needs of equipment in the stage of 4.0. chemical and pharmaceutical fields: stainless steel material is easy to clean and meets the hygiene standard, and at the same time meets the needs of explosion-proof and dust-proof.<\/p>\n\n\n\n<h2 class=\"wp-block-heading\"><strong>V. Market Games and Challenges<\/strong><strong><\/strong><\/h2>\n\n\n\n<h3 class=\"wp-block-heading\"><strong>1. Analysis of the advantages of the game<\/strong><strong><\/strong><\/h3>\n\n\n\n<p>Cost-effective advantages: Compared with Philips and other international brands, TORMIN products maintain the same performance and more price game.7 Localized service: Relying on the advantages of China&#8217;s supply chain, the supply of high-speed response to after-sales support, and enhance customer adhesion.4 2.<\/p>\n\n\n\n<h2 class=\"wp-block-heading\"><strong>2. Facing the primary challenges<\/strong><strong><\/strong><\/h2>\n\n\n\n<p>International brand squeeze: Hubbell, Eaton and other international companies approve the technical barriers to seize the high-end market7. Quality regulation pressure: some SMEs disrupt the market with low-priced and poor-quality products, and we need to strengthen the channel management and brand publicity4.<\/p>\n\n\n\n<h2 class=\"wp-block-heading\"><strong>VI. Future development momentum and strategic proposition<\/strong><strong><\/strong><\/h2>\n\n\n\n<h3 class=\"wp-block-heading\"><strong>1. Direction of technological upgrading<\/strong><strong><\/strong><\/h3>\n\n\n\n<p>Intelligent integration: combined with the Internet of Things technology, the development of intelligent led explosion proof light&nbsp;system with the help of energy consumption monitoring, environmental awareness7. Material lightweight: explore new materials such as carbon fiber, improve thermal efficiency and reduce transportation costs5.<\/p>\n\n\n\n<h3 class=\"wp-block-heading\"><strong>2. Market Expansion Strategy<\/strong><strong><\/strong><\/h3>\n\n\n\n<p>Deep ploughing emerging markets: seize the demand of countries along the \u201cBelt and Road\u201d in the field of energy and infrastructure lighting, and expand the share of overseas market.7 Differentiated product lines: develop customized solutions for specific fields (such as marine platforms and biopharmaceuticals) to enhance the added value.<\/p>\n\n\n\n<h2 class=\"wp-block-heading\"><strong>Conclusion<\/strong><strong><\/strong><\/h2>\n\n\n\n<p class=\"has-text-align-left\">TORMIN led explosion proof light&nbsp;with technological innovation as the core, approved high-efficiency LED technology, multiple explosion-proof design, intelligent features, in the industrial lighting market, showing a strong game. In the future, the approval of continuous improvement of product performance, expanding the international market, TORMIN is expected to further consolidate its position in the industry, into the global explosion-proof lighting field benchmark brand.<\/p>\n\n\n\n<div class=\"wp-block-uagb-container uagb-block-c7d898dd alignfull uagb-is-root-container\"><div class=\"uagb-container-inner-blocks-wrap\"><\/div><\/div>\n\n\n\n<h2 class=\"wp-block-heading\">Related Products<\/h2>\n\n\n\n<div class=\"wp-block-uagb-container uagb-block-66e4defc alignfull uagb-is-root-container\"><div class=\"uagb-container-inner-blocks-wrap\">\n<div class=\"wp-block-uagb-container uagb-block-a42945f9\">\n<div class=\"wp-block-uagb-image uagb-block-7296296b wp-block-uagb-image--layout-default wp-block-uagb-image--effect-static wp-block-uagb-image--align-none\"><figure class=\"wp-block-uagb-image__figure\"><a class=\"\" href=\"https:\/\/led.amasly.com\/products\/\" target=\"\" rel=\"noopener\"><img decoding=\"async\" srcset=\"https:\/\/led.amasly.com\/wp-content\/uploads\/2024\/09\/Explosion-proof-high-bay-lights.png ,https:\/\/led.amasly.com\/wp-content\/uploads\/2024\/09\/Explosion-proof-high-bay-lights.png 780w, https:\/\/led.amasly.com\/wp-content\/uploads\/2024\/09\/Explosion-proof-high-bay-lights.png 360w\" sizes=\"auto, (max-width: 480px) 150px\" src=\"https:\/\/led.amasly.com\/wp-content\/uploads\/2024\/09\/Explosion-proof-high-bay-lights.png\" alt=\"\" class=\"uag-image-1495\" width=\"300\" height=\"300\" title=\"Explosion proof high bay lights\" loading=\"lazy\" role=\"img\"><\/a><\/figure><\/div>\n<\/div>\n\n\n\n<div class=\"wp-block-uagb-container uagb-block-4d3efde5\">\n<div class=\"wp-block-uagb-image uagb-block-c9e90797 wp-block-uagb-image--layout-default wp-block-uagb-image--effect-static wp-block-uagb-image--align-none\"><figure class=\"wp-block-uagb-image__figure\"><a class=\"\" href=\"https:\/\/led.amasly.com\/products\/\" target=\"\" rel=\"noopener\"><img decoding=\"async\" srcset=\"https:\/\/led.amasly.com\/wp-content\/uploads\/2024\/07\/LED-tri-proof-lights2.png ,https:\/\/led.amasly.com\/wp-content\/uploads\/2024\/07\/LED-tri-proof-lights2.png 780w, https:\/\/led.amasly.com\/wp-content\/uploads\/2024\/07\/LED-tri-proof-lights2.png 360w\" sizes=\"auto, (max-width: 480px) 150px\" src=\"https:\/\/led.amasly.com\/wp-content\/uploads\/2024\/07\/LED-tri-proof-lights2.png\" alt=\"\" class=\"uag-image-1132\" width=\"300\" height=\"300\" title=\"LED-tri-proof-lights2\" loading=\"lazy\" role=\"img\"><\/a><\/figure><\/div>\n<\/div>\n\n\n\n<div class=\"wp-block-uagb-container uagb-block-11c2578b\">\n<div class=\"wp-block-uagb-image uagb-block-6e8883aa wp-block-uagb-image--layout-default wp-block-uagb-image--effect-static wp-block-uagb-image--align-none\"><figure class=\"wp-block-uagb-image__figure\"><a class=\"\" href=\"https:\/\/led.amasly.com\/products\/\" target=\"\" rel=\"noopener\"><img decoding=\"async\" srcset=\"https:\/\/led.amasly.com\/wp-content\/uploads\/2024\/09\/LED-Explosion-Proof-Gas-Station-Light.png ,https:\/\/led.amasly.com\/wp-content\/uploads\/2024\/09\/LED-Explosion-Proof-Gas-Station-Light.png 780w, https:\/\/led.amasly.com\/wp-content\/uploads\/2024\/09\/LED-Explosion-Proof-Gas-Station-Light.png 360w\" sizes=\"auto, (max-width: 480px) 150px\" src=\"https:\/\/led.amasly.com\/wp-content\/uploads\/2024\/09\/LED-Explosion-Proof-Gas-Station-Light.png\" alt=\"\" class=\"uag-image-1501\" width=\"300\" height=\"300\" title=\"LED Explosion Proof Gas Station Light\" loading=\"lazy\" role=\"img\"><\/a><\/figure><\/div>\n<\/div>\n<\/div><\/div>\n\n\n\n<div class=\"wp-block-uagb-container uagb-block-548945b5 alignfull uagb-is-root-container\"><div class=\"uagb-container-inner-blocks-wrap\">\n<div class=\"wp-block-uagb-container uagb-block-967755d5\">\n<h4 class=\"wp-block-heading has-text-align-center\"><a href=\"https:\/\/led.amasly.com\/products\/\">LED Explosion Proof Lights<\/a><\/h4>\n<\/div>\n\n\n\n<div class=\"wp-block-uagb-container uagb-block-9bc52fc2\">\n<h4 class=\"wp-block-heading has-text-align-center\"><a href=\"https:\/\/led.amasly.com\/products\/\">LED Tri-Proof Lights<\/a><\/h4>\n<\/div>\n\n\n\n<div class=\"wp-block-uagb-container uagb-block-8ffa0a23\">\n<h4 class=\"wp-block-heading has-text-align-center\"><a href=\"https:\/\/led.amasly.com\/products\/\">Explosion Proof Gas Station Lights<\/a><\/h4>\n<\/div>\n<\/div><\/div>\n\n\n\n<div class=\"wp-block-uagb-container uagb-block-29499fe0 alignfull uagb-is-root-container\"><div class=\"uagb-container-inner-blocks-wrap\">\n<div class=\"wp-block-uagb-container uagb-block-777ee1c7\">\n<div class=\"wp-block-uagb-image uagb-block-2e9a1851 wp-block-uagb-image--layout-default wp-block-uagb-image--effect-static wp-block-uagb-image--align-none\"><figure class=\"wp-block-uagb-image__figure\"><a class=\"\" href=\"https:\/\/led.amasly.com\/products\/\" target=\"\" rel=\"noopener\"><img decoding=\"async\" srcset=\"https:\/\/led.amasly.com\/wp-content\/uploads\/2024\/10\/50W-100W-150W-200W-300W-LED-Flood-Light.jpg ,https:\/\/led.amasly.com\/wp-content\/uploads\/2024\/10\/50W-100W-150W-200W-300W-LED-Flood-Light.jpg 780w, https:\/\/led.amasly.com\/wp-content\/uploads\/2024\/10\/50W-100W-150W-200W-300W-LED-Flood-Light.jpg 360w\" sizes=\"auto, (max-width: 480px) 150px\" src=\"https:\/\/led.amasly.com\/wp-content\/uploads\/2024\/10\/50W-100W-150W-200W-300W-LED-Flood-Light.jpg\" alt=\"\" class=\"uag-image-1526\" width=\"300\" height=\"300\" title=\"50W 100W 150W 200W 300W LED Flood Light\" loading=\"lazy\" role=\"img\"><\/a><\/figure><\/div>\n<\/div>\n\n\n\n<div class=\"wp-block-uagb-container uagb-block-af8c8683\">\n<div class=\"wp-block-uagb-image uagb-block-67947854 wp-block-uagb-image--layout-default wp-block-uagb-image--effect-static wp-block-uagb-image--align-none\"><figure class=\"wp-block-uagb-image__figure\"><a class=\"\" href=\"https:\/\/led.amasly.com\/products\/\" target=\"\" rel=\"noopener\"><img decoding=\"async\" srcset=\"https:\/\/led.amasly.com\/wp-content\/uploads\/2024\/07\/led-tri-proof-light.png ,https:\/\/led.amasly.com\/wp-content\/uploads\/2024\/07\/led-tri-proof-light.png 780w, https:\/\/led.amasly.com\/wp-content\/uploads\/2024\/07\/led-tri-proof-light.png 360w\" sizes=\"auto, (max-width: 480px) 150px\" src=\"https:\/\/led.amasly.com\/wp-content\/uploads\/2024\/07\/led-tri-proof-light.png\" alt=\"\" class=\"uag-image-1130\" width=\"300\" height=\"300\" title=\"led-tri-proof-light\" loading=\"lazy\" role=\"img\"><\/a><\/figure><\/div>\n<\/div>\n\n\n\n<div class=\"wp-block-uagb-container uagb-block-0fdfdd58\">\n<div class=\"wp-block-uagb-image uagb-block-1187d32d wp-block-uagb-image--layout-default wp-block-uagb-image--effect-static wp-block-uagb-image--align-none\"><figure class=\"wp-block-uagb-image__figure\"><a class=\"\" href=\"https:\/\/led.amasly.com\/products\/\" target=\"\" rel=\"noopener\"><img decoding=\"async\" srcset=\"https:\/\/led.amasly.com\/wp-content\/uploads\/2024\/07\/LED-street-light.jpg ,https:\/\/led.amasly.com\/wp-content\/uploads\/2024\/07\/LED-street-light.jpg 780w, https:\/\/led.amasly.com\/wp-content\/uploads\/2024\/07\/LED-street-light.jpg 360w\" sizes=\"auto, (max-width: 480px) 150px\" src=\"https:\/\/led.amasly.com\/wp-content\/uploads\/2024\/07\/LED-street-light.jpg\" alt=\"\" class=\"uag-image-1145\" width=\"300\" height=\"300\" title=\"LED-street-light\" loading=\"lazy\" role=\"img\"><\/a><\/figure><\/div>\n<\/div>\n<\/div><\/div>\n\n\n\n<div class=\"wp-block-uagb-container uagb-block-6a60882c alignfull uagb-is-root-container\"><div class=\"uagb-container-inner-blocks-wrap\">\n<div class=\"wp-block-uagb-container uagb-block-f1e91a35\">\n<h4 class=\"wp-block-heading has-text-align-center\"><a href=\"https:\/\/led.amasly.com\/products\/\">LED Flood Lights<\/a><\/h4>\n<\/div>\n\n\n\n<div class=\"wp-block-uagb-container uagb-block-165bfa58\">\n<h4 class=\"wp-block-heading has-text-align-center\"><a href=\"https:\/\/led.amasly.com\/products\/\">LED Tri-Proof Tube Lights<\/a><\/h4>\n<\/div>\n\n\n\n<div class=\"wp-block-uagb-container uagb-block-f6096e3b\">\n<h4 class=\"wp-block-heading has-text-align-center\"><a href=\"https:\/\/led.amasly.com\/products\/\">LED Street Lights<\/a><\/h4>\n<\/div>\n<\/div><\/div>\n\n\n\n<div class=\"wp-block-uagb-container uagb-block-99c0e0a5 alignfull uagb-is-root-container\"><div class=\"uagb-container-inner-blocks-wrap\"><\/div><\/div>\n\n\n\n<p><\/p>\n","protected":false},"excerpt":{"rendered":"<p>TORMIN led explosion proof light: Technological innovation and market game force in-depth analysis I. Introduction As the core equipment of industrial safety lighting, led explosion proof light&nbsp;play an irreplaceable role in high-risk fields such as petroleum, chemical industry, mining, etc. TORMIN, as a leading brand in China&#8217;s industrial lighting field, occupies a key position in [&hellip;]<\/p>\n","protected":false},"author":1,"featured_media":0,"parent":2374,"menu_order":0,"comment_status":"closed","ping_status":"closed","template":"","meta":{"_uag_custom_page_level_css":"","site-sidebar-layout":"no-sidebar","site-content-layout":"","ast-site-content-layout":"default","site-content-style":"default","site-sidebar-style":"default","ast-global-header-display":"","ast-banner-title-visibility":"","ast-main-header-display":"","ast-hfb-above-header-display":"","ast-hfb-below-header-display":"","ast-hfb-mobile-header-display":"","site-post-title":"disabled","ast-breadcrumbs-content":"","ast-featured-img":"","footer-sml-layout":"","ast-disable-related-posts":"","theme-transparent-header-meta":"enabled","adv-header-id-meta":"","stick-header-meta":"","header-above-stick-meta":"","header-main-stick-meta":"","header-below-stick-meta":"","astra-migrate-meta-layouts":"set","ast-page-background-enabled":"default","ast-page-background-meta":{"desktop":{"background-color":"var(--ast-global-color-4)","background-image":"","background-repeat":"repeat","background-position":"center center","background-size":"auto","background-attachment":"scroll","background-type":"","background-media":"","overlay-type":"","overlay-color":"","overlay-opacity":"","overlay-gradient":""},"tablet":{"background-color":"","background-image":"","background-repeat":"repeat","background-position":"center center","background-size":"auto","background-attachment":"scroll","background-type":"","background-media":"","overlay-type":"","overlay-color":"","overlay-opacity":"","overlay-gradient":""},"mobile":{"background-color":"","background-image":"","background-repeat":"repeat","background-position":"center center","background-size":"auto","background-attachment":"scroll","background-type":"","background-media":"","overlay-type":"","overlay-color":"","overlay-opacity":"","overlay-gradient":""}},"ast-content-background-meta":{"desktop":{"background-color":"var(--ast-global-color-5)","background-image":"","background-repeat":"repeat","background-position":"center center","background-size":"auto","background-attachment":"scroll","background-type":"","background-media":"","overlay-type":"","overlay-color":"","overlay-opacity":"","overlay-gradient":""},"tablet":{"background-color":"var(--ast-global-color-5)","background-image":"","background-repeat":"repeat","background-position":"center center","background-size":"auto","background-attachment":"scroll","background-type":"","background-media":"","overlay-type":"","overlay-color":"","overlay-opacity":"","overlay-gradient":""},"mobile":{"background-color":"var(--ast-global-color-5)","background-image":"","background-repeat":"repeat","background-position":"center center","background-size":"auto","background-attachment":"scroll","background-type":"","background-media":"","overlay-type":"","overlay-color":"","overlay-opacity":"","overlay-gradient":""}},"footnotes":""},"class_list":["post-2429","page","type-page","status-publish","hentry"],"uagb_featured_image_src":{"full":false,"thumbnail":false,"medium":false,"medium_large":false,"large":false,"1536x1536":false,"2048x2048":false,"trp-custom-language-flag":false},"uagb_author_info":{"display_name":"Joe","author_link":"https:\/\/led.amasly.com\/vi\/author\/jacklin\/"},"uagb_comment_info":0,"uagb_excerpt":"TORMIN led explosion proof light: Technological innovation and market game force in-depth analysis I. Introduction As the core equipment of industrial safety lighting, led explosion proof light&nbsp;play an irreplaceable role in high-risk fields such as petroleum, chemical industry, mining, etc. TORMIN, as a leading brand in China&#8217;s industrial lighting field, occupies a key position in&hellip;","_links":{"self":[{"href":"https:\/\/led.amasly.com\/vi\/wp-json\/wp\/v2\/pages\/2429","targetHints":{"allow":["GET"]}}],"collection":[{"href":"https:\/\/led.amasly.com\/vi\/wp-json\/wp\/v2\/pages"}],"about":[{"href":"https:\/\/led.amasly.com\/vi\/wp-json\/wp\/v2\/types\/page"}],"author":[{"embeddable":true,"href":"https:\/\/led.amasly.com\/vi\/wp-json\/wp\/v2\/users\/1"}],"replies":[{"embeddable":true,"href":"https:\/\/led.amasly.com\/vi\/wp-json\/wp\/v2\/comments?post=2429"}],"version-history":[{"count":1,"href":"https:\/\/led.amasly.com\/vi\/wp-json\/wp\/v2\/pages\/2429\/revisions"}],"predecessor-version":[{"id":2430,"href":"https:\/\/led.amasly.com\/vi\/wp-json\/wp\/v2\/pages\/2429\/revisions\/2430"}],"up":[{"embeddable":true,"href":"https:\/\/led.amasly.com\/vi\/wp-json\/wp\/v2\/pages\/2374"}],"wp:attachment":[{"href":"https:\/\/led.amasly.com\/vi\/wp-json\/wp\/v2\/media?parent=2429"}],"curies":[{"name":"wp","href":"https:\/\/api.w.org\/{rel}","templated":true}]}}