{"id":2251,"date":"2025-03-05T22:08:19","date_gmt":"2025-03-05T14:08:19","guid":{"rendered":"https:\/\/led.amasly.com\/?page_id=2251"},"modified":"2026-01-22T13:15:51","modified_gmt":"2026-01-22T05:15:51","slug":"outdoor-emergency-lighting-solutions","status":"publish","type":"page","link":"https:\/\/led.amasly.com\/vi\/solutions\/outdoor-emergency-lighting-solutions\/","title":{"rendered":"Gi\u1ea3i ph\u00e1p chi\u1ebfu s\u00e1ng kh\u1ea9n c\u1ea5p ngo\u00e0i tr\u1eddi"},"content":{"rendered":"<div class=\"wp-block-uagb-container uagb-block-27bae773 alignfull uagb-is-root-container\"><div class=\"uagb-container-inner-blocks-wrap\"><\/div><\/div>\n\n\n\n<h1 class=\"wp-block-heading has-text-align-center\">T\u00ecnh hu\u1ed1ng kh\u1ea9n c\u1ea5p ngo\u00e0i tr\u1eddi<strong> Gi\u1ea3i ph\u00e1p chi\u1ebfu s\u00e1ng<\/strong><\/h1>\n\n\n\n<h2 class=\"wp-block-heading\"><strong>Gi\u1ea3i ph\u00e1p chi\u1ebfu s\u00e1ng kh\u1ea9n c\u1ea5p ngo\u00e0i tr\u1eddi Gi\u1edbi thi\u1ec7u:<\/strong> <\/h2>\n\n\n\n<p>Thi\u1ebft b\u1ecb chi\u1ebfu s\u00e1ng kh\u1ea9n c\u1ea5p l\u00e0 m\u1ed9t lo\u1ea1i thi\u1ebft b\u1ecb quan tr\u1ecdng trong vi\u1ec7c x\u1eed l\u00fd t\u00ecnh hu\u1ed1ng kh\u1ea9n c\u1ea5p, bao g\u1ed3m thi\u1ebft k\u1ebf ch\u01b0\u01a1ng tr\u00ecnh chi\u1ebfu s\u00e1ng kh\u1ea9n c\u1ea5p, \u0111\u00e0o t\u1ea1o k\u1ef9 n\u0103ng s\u1eed d\u1ee5ng thi\u1ebft b\u1ecb chi\u1ebfu s\u00e1ng kh\u1ea9n c\u1ea5p h\u00e0ng ng\u00e0y, v\u00e0 nghi\u00ean c\u1ee9u ph\u00e1t tri\u1ec3n thi\u1ebft b\u1ecb chi\u1ebfu s\u00e1ng kh\u1ea9n c\u1ea5p \u0111\u1ec3 th\u00edch \u1ee9ng v\u1edbi m\u00f4i tr\u01b0\u1eddng. Nh\u1eefng y\u1ebfu t\u1ed1 n\u00e0y \u0111\u1ec1u c\u00f3 vai tr\u00f2 quan tr\u1ecdng trong vi\u1ec7c x\u1eed l\u00fd c\u00e1c s\u1ef1 c\u1ed1 kh\u1ea9n c\u1ea5p li\u00ean quan \u0111\u1ebfn thi\u1ebft b\u1ecb chi\u1ebfu s\u00e1ng kh\u1ea9n c\u1ea5p.<\/p>\n\n\n\n<div class=\"wp-block-uagb-image uagb-block-c351aead wp-block-uagb-image--layout-default wp-block-uagb-image--effect-static wp-block-uagb-image--align-none\"><figure class=\"wp-block-uagb-image__figure\"><a class=\"\" href=\"https:\/\/led.amasly.com\/vi\/products\/\" target=\"\" rel=\"noopener\"><img decoding=\"async\" srcset=\"https:\/\/led.amasly.com\/wp-content\/uploads\/2025\/03\/\u56fe\u72471-4.png 625w, https:\/\/led.amasly.com\/wp-content\/uploads\/2025\/03\/\u56fe\u72471-4-250x300.png 250w, https:\/\/led.amasly.com\/wp-content\/uploads\/2025\/03\/\u56fe\u72471-4-10x12.png 10w\" sizes=\"auto, (max-width: 480px) 150px\" src=\"https:\/\/led.amasly.com\/wp-content\/uploads\/2025\/03\/\u56fe\u72471-4.png\" alt=\"\" class=\"uag-image-2259\" width=\"625\" height=\"751\" title=\"H\u00ecnh 1\" loading=\"lazy\" role=\"img\"><\/a><\/figure><\/div>\n\n\n\n<p>Nhi\u1ec7m v\u1ee5 quan tr\u1ecdng nh\u1ea5t sau th\u1ea3m h\u1ecda l\u00e0 nhanh ch\u00f3ng c\u1ee9u h\u1ed9 v\u00e0 \u0111\u1ea3m b\u1ea3o an to\u00e0n t\u00ednh m\u1ea1ng, \u0111i\u1ec1u n\u00e0y kh\u00f4ng ch\u1ec9 l\u00e0 tr\u00e1ch nhi\u1ec7m c\u1ee7a \u0111\u1ed9i c\u1ee9u h\u1ed9 m\u00e0 c\u00f2n l\u00e0 s\u1ee9 m\u1ec7nh \u0111\u01b0\u1ee3c c\u1ed9ng \u0111\u1ed3ng giao ph\u00f3. C\u1ee9u h\u1ed9 c\u00e0ng s\u1edbm c\u00e0ng t\u1ed1t l\u00e0 \u01b0u ti\u00ean h\u00e0ng \u0111\u1ea7u, do \u0111\u00f3 vi\u1ec7c c\u1ee9u h\u1ed9 ban ng\u00e0y l\u00e0 kh\u00f4ng th\u1ec3 tr\u00e1nh kh\u1ecfi. V\u00e0o ban \u0111\u00eam, n\u1ebfu kh\u00f4ng c\u00f3 h\u1ec7 th\u1ed1ng chi\u1ebfu s\u00e1ng kh\u1ea9n c\u1ea5p hi\u1ec7u qu\u1ea3 l\u00e0m \u0111\u1ea3m b\u1ea3o, ch\u1eafc ch\u1eafn s\u1ebd \u1ea3nh h\u01b0\u1edfng \u0111\u1ebfn hi\u1ec7u qu\u1ea3 c\u1ee9u h\u1ed9.<\/p>\n\n\n\n<p>Do h\u1eadu qu\u1ea3 c\u1ee7a c\u00e1c th\u1ea3m h\u1ecda thi\u00ean nhi\u00ean g\u00e2y ra b\u1edfi s\u1ef1 c\u1ed1 m\u1ea5t \u0111i\u1ec7n c\u1ee5c b\u1ed9, trong qu\u00e1 tr\u00ecnh c\u1ee9u h\u1ed9 v\u00e0 t\u00e1i \u0111\u1ecbnh c\u01b0 cho n\u1ea1n nh\u00e2n, vi\u1ec7c kh\u00f4i ph\u1ee5c ngay l\u1eadp t\u1ee9c h\u1ec7 th\u1ed1ng \u0111i\u1ec7n b\u1ecb h\u01b0 h\u1ecfng t\u1ea1i \u0111\u1ecba ph\u01b0\u01a1ng l\u00e0 c\u1ea7n thi\u1ebft. \u00c1nh s\u00e1ng t\u1ea1i hi\u1ec7n tr\u01b0\u1eddng c\u1ea7n c\u00f3 \u0111\u1ed9 s\u00e1ng cao, ph\u1ea1m vi chi\u1ebfu s\u00e1ng r\u1ed9ng, v\u00e0 trong tr\u01b0\u1eddng h\u1ee3p kh\u00f4ng c\u00f3 ngu\u1ed3n \u0111i\u1ec7n l\u01b0\u1edbi, c\u1ea7n s\u1eed d\u1ee5ng c\u00e1c lo\u1ea1i \u0111\u00e8n v\u00e0 \u0111\u00e8n l\u1ed3ng t\u1ef1 cung c\u1ea5p n\u0103ng l\u01b0\u1ee3ng \u0111\u1ec3 \u0111\u00e1p \u1ee9ng nhu c\u1ea7u s\u1eeda ch\u1eefa t\u1ea1i hi\u1ec7n tr\u01b0\u1eddng.<\/p>\n\n\n\n<div class=\"wp-block-uagb-image uagb-block-ae571b06 wp-block-uagb-image--layout-default wp-block-uagb-image--effect-static wp-block-uagb-image--align-none\"><figure class=\"wp-block-uagb-image__figure\"><img decoding=\"async\" srcset=\"https:\/\/led.amasly.com\/wp-content\/uploads\/2025\/03\/\u56fe\u72472-2.png ,https:\/\/led.amasly.com\/wp-content\/uploads\/2025\/03\/\u56fe\u72472-2.png 780w, https:\/\/led.amasly.com\/wp-content\/uploads\/2025\/03\/\u56fe\u72472-2.png 360w\" sizes=\"auto, (max-width: 480px) 150px\" src=\"https:\/\/led.amasly.com\/wp-content\/uploads\/2025\/03\/\u56fe\u72472-2.png\" alt=\"Outdoor Emergency Lighting Solutions: \" class=\"uag-image-2260\" width=\"759\" height=\"525\" title=\"Gi\u1ea3i ph\u00e1p chi\u1ebfu s\u00e1ng kh\u1ea9n c\u1ea5p ngo\u00e0i tr\u1eddi: \" loading=\"lazy\" role=\"img\"\/><\/figure><\/div>\n\n\n\n<h2 class=\"wp-block-heading\"><strong>Gi\u1ea3i ph\u00e1p chi\u1ebfu s\u00e1ng kh\u1ea9n c\u1ea5p ngo\u00e0i tr\u1eddi<\/strong>: <strong>C\u00e1c t\u00ednh n\u0103ng chi\u1ebfu s\u00e1ng cho nhu c\u1ea7u kh\u1ea9n c\u1ea5p<\/strong><\/h2>\n\n\n\n<p>Gi\u1ea3i ph\u00e1p chi\u1ebfu s\u00e1ng c\u1ee7a ch\u00fang t\u00f4i c\u00f3 th\u1ec3 mang l\u1ea1i gi\u00e1 tr\u1ecb nh\u01b0 m\u1ed9t d\u1ecbch v\u1ee5 ph\u1ee5 tr\u1ee3 trong m\u00f4i tr\u01b0\u1eddng \u1ee9ng ph\u00f3 kh\u1ea9n c\u1ea5p c\u1ee7a qu\u00fd v\u1ecb. D\u01b0\u1edbi \u0111\u00e2y l\u00e0 m\u1ed9t s\u1ed1 nhu c\u1ea7u kh\u1ea9n c\u1ea5p kh\u00e1c nhau, ch\u1eb3ng h\u1ea1n nh\u01b0 h\u1ed7 tr\u1ee3 x\u00e3 h\u1ed9i, t\u00e1i \u0111\u1ecbnh c\u01b0, kh\u00f4i ph\u1ee5c ngu\u1ed3n \u0111i\u1ec7n v\u00e0 b\u1ea3o v\u1ec7 quy\u1ec1n l\u1ef1c ch\u00ednh tr\u1ecb. D\u01b0\u1edbi \u0111\u00e2y l\u00e0 m\u00f4 t\u1ea3 chi ti\u1ebft v\u1ec1 c\u00e1c gi\u1ea3i ph\u00e1p v\u00e0 \u01b0u \u0111i\u1ec3m c\u1ee7a thi\u1ebft b\u1ecb chi\u1ebfu s\u00e1ng c\u1ee7a ch\u00fang t\u00f4i.<\/p>\n\n\n\n<h3 class=\"wp-block-heading\"><strong>Gi\u1ea3i ph\u00e1p chi\u1ebfu s\u00e1ng kh\u1ea9n c\u1ea5p ngo\u00e0i tr\u1eddi<\/strong>: <strong>C\u1ee9u tr\u1ee3 x\u00e3 h\u1ed9i<\/strong><\/h3>\n\n\n\n<p>H\u00e3y \u0111\u1ed1i m\u1eb7t v\u1edbi kh\u00f3 kh\u0103n v\u00e0 nguy hi\u1ec3m, d\u00e1m nh\u1eadn tr\u00e1ch nhi\u1ec7m. \u00c1nh s\u00e1ng l\u00e0 y\u1ebfu t\u1ed1 kh\u00f4ng th\u1ec3 thi\u1ebfu trong c\u00e1c ho\u1ea1t \u0111\u1ed9ng c\u1ee9u h\u1ed9 kh\u1ea9n c\u1ea5p ban \u0111\u00eam, \u0111\u01b0\u1ee3c giao ph\u00f3 s\u1ee9 m\u1ec7nh thi\u00eang li\u00eang, do \u0111\u00f3 y\u00eau c\u1ea7u v\u1ec1 \u00e1nh s\u00e1ng c\u1ee9u h\u1ed9 kh\u1ea9n c\u1ea5p c\u1ee7a \u0111\u00e8n v\u00e0 \u0111\u00e8n l\u1ed3ng c\u1ee7a ch\u00fang t\u00f4i ph\u1ea3i c\u00f3 \u0111\u1ed9 s\u00e1ng cao, d\u1ec5 mang theo, v\u00e0 c\u00f3 th\u1ec3 s\u1eed d\u1ee5ng li\u00ean t\u1ee5c trong th\u1eddi gian d\u00e0i \u0111\u1ec3 \u0111\u00e1p \u1ee9ng nhu c\u1ea7u c\u1ee7a c\u00e1c m\u00f4i tr\u01b0\u1eddng c\u1ee9u h\u1ed9 kh\u00e1c nhau.<\/p>\n\n\n\n<h3 class=\"wp-block-heading\"><strong>Gi\u1ea3i ph\u00e1p chi\u1ebfu s\u00e1ng kh\u1ea9n c\u1ea5p ngo\u00e0i tr\u1eddi<\/strong>: <strong>\u0110\u1ecbnh c\u01b0 l\u1ea1i cho n\u1ea1n nh\u00e2n thi\u00ean tai<\/strong><\/h3>\n\n\n\n<p>T\u1ea1i khu v\u1ef1c c\u1ee9u tr\u1ee3, khu t\u00e1i \u0111\u1ecbnh c\u01b0 sau th\u1ea3m h\u1ecda \u0111\u01b0\u1ee3c thi\u1ebft k\u1ebf \u0111\u1ec3 cung c\u1ea5p m\u1ed9t khu v\u1ef1c t\u1eadp trung cho n\u1ea1n nh\u00e2n sinh ho\u1ea1t, ngh\u1ec9 ng\u01a1i v\u00e0 \u0103n u\u1ed1ng. Khu v\u1ef1c n\u00e0y \u0111\u1eb7c tr\u01b0ng b\u1edfi l\u01b0\u1ee3ng ng\u01b0\u1eddi qua l\u1ea1i l\u1edbn, nhu c\u1ea7u v\u1ec1 m\u00f4i tr\u01b0\u1eddng y\u00ean t\u0129nh v\u00e0o ban \u0111\u00eam, \u0111\u00e8n v\u00e0 \u0111\u00e8n l\u1ed3ng c\u1ea7n ph\u1ea3i s\u00e1ng v\u00e0 s\u1eed d\u1ee5ng pin, nh\u1eb1m gi\u1ea3m thi\u1ec3u t\u00e1c h\u1ea1i do ti\u1ebfng \u1ed3n g\u00e2y ra.<\/p>\n\n\n\n<div class=\"wp-block-uagb-image uagb-block-a93357d5 wp-block-uagb-image--layout-default wp-block-uagb-image--effect-static wp-block-uagb-image--align-none\"><figure class=\"wp-block-uagb-image__figure\"><a class=\"\" href=\"https:\/\/led.amasly.com\/vi\/products\/\" target=\"\" rel=\"noopener\"><img decoding=\"async\" srcset=\"https:\/\/led.amasly.com\/wp-content\/uploads\/2025\/03\/\u56fe\u72473-2.png ,https:\/\/led.amasly.com\/wp-content\/uploads\/2025\/03\/\u56fe\u72473-2.png 780w, https:\/\/led.amasly.com\/wp-content\/uploads\/2025\/03\/\u56fe\u72473-2.png 360w\" sizes=\"auto, (max-width: 480px) 150px\" src=\"https:\/\/led.amasly.com\/wp-content\/uploads\/2025\/03\/\u56fe\u72473-2.png\" alt=\"\" class=\"uag-image-2261\" width=\"760\" height=\"462\" title=\"H\u00ecnh \u1ea3nh 3\" loading=\"lazy\" role=\"img\"><\/a><\/figure><\/div>\n\n\n\n<h3 class=\"wp-block-heading\"><strong>Gi\u1ea3i ph\u00e1p chi\u1ebfu s\u00e1ng kh\u1ea9n c\u1ea5p ngo\u00e0i tr\u1eddi<\/strong>: <strong>Kh\u00f4i ph\u1ee5c ngu\u1ed3n \u0111i\u1ec7n<\/strong><\/h3>\n\n\n\n<p>Do c\u00e1c th\u1ea3m h\u1ecda thi\u00ean nhi\u00ean g\u00e2y ra b\u1edfi s\u1ef1 c\u1ed1 m\u1ea5t \u0111i\u1ec7n c\u1ee5c b\u1ed9, trong qu\u00e1 tr\u00ecnh c\u1ee9u h\u1ed9 v\u00e0 t\u00e1i \u0111\u1ecbnh c\u01b0 cho n\u1ea1n nh\u00e2n, vi\u1ec7c kh\u00f4i ph\u1ee5c ngay l\u1eadp t\u1ee9c h\u1ec7 th\u1ed1ng \u0111i\u1ec7n b\u1ecb h\u01b0 h\u1ecfng t\u1ea1i \u0111\u1ecba ph\u01b0\u01a1ng l\u00e0 c\u1ea7n thi\u1ebft. H\u1ec7 th\u1ed1ng chi\u1ebfu s\u00e1ng t\u1ea1i hi\u1ec7n tr\u01b0\u1eddng c\u1ea7n c\u00f3 \u0111\u1ed9 s\u00e1ng cao, ph\u1ea1m vi chi\u1ebfu s\u00e1ng r\u1ed9ng, v\u00e0 trong tr\u01b0\u1eddng h\u1ee3p kh\u00f4ng c\u00f3 ngu\u1ed3n \u0111i\u1ec7n l\u01b0\u1edbi, c\u1ea7n c\u00f3 th\u1ec3 s\u1eed d\u1ee5ng c\u00e1c lo\u1ea1i \u0111\u00e8n v\u00e0 \u0111\u00e8n l\u1ed3ng t\u1ef1 cung c\u1ea5p n\u0103ng l\u01b0\u1ee3ng \u0111\u1ec3 \u0111\u00e1p \u1ee9ng nhu c\u1ea7u s\u1eeda ch\u1eefa kh\u1ea9n c\u1ea5p t\u1ea1i hi\u1ec7n tr\u01b0\u1eddng.<\/p>\n\n\n\n<h3 class=\"wp-block-heading\"><strong>Gi\u1ea3i ph\u00e1p chi\u1ebfu s\u00e1ng kh\u1ea9n c\u1ea5p ngo\u00e0i tr\u1eddi<\/strong>: <strong>B\u1ea3o v\u1ec7 ngu\u1ed3n \u0111i\u1ec7n cho c\u00e1c s\u1ef1 ki\u1ec7n l\u1edbn<\/strong><\/h3>\n\n\n\n<p>Ngu\u1ed3n \u0111i\u1ec7n cho c\u00e1c s\u1ef1 ki\u1ec7n quan tr\u1ecdng nh\u1eb1m \u0111\u1ea3m b\u1ea3o c\u00e1c cu\u1ed9c h\u1ecdp quan tr\u1ecdng, s\u1ef1 ki\u1ec7n l\u1edbn \u0111\u01b0\u1ee3c cung c\u1ea5p ngu\u1ed3n \u0111i\u1ec7n an to\u00e0n v\u00e0 \u1ed5n \u0111\u1ecbnh. Trong b\u1ed1i c\u1ea3nh ban \u0111\u00eam, h\u1ec7 th\u1ed1ng chi\u1ebfu s\u00e1ng c\u1ea7n \u0111\u00f3ng vai tr\u00f2 quan tr\u1ecdng trong c\u00f4ng t\u00e1c ch\u1ed1ng kh\u1ee7ng b\u1ed1 v\u00e0 an ninh, \u0111\u00f2i h\u1ecfi \u0111\u1ed9 s\u00e1ng cao v\u00e0 ph\u1ea1m vi chi\u1ebfu s\u00e1ng r\u1ed9ng, nh\u1eb1m duy tr\u00ec an ninh t\u1ea1i hi\u1ec7n tr\u01b0\u1eddng.<\/p>\n\n\n\n<p>Ti\u00eau chu\u1ea9n: <a href=\"http:\/\/www.iec.com\" rel=\"nofollow noopener\" target=\"_blank\">Ti\u00eau chu\u1ea9n IEC 60598<\/a><\/p>\n\n\n\n<div class=\"wp-block-uagb-container uagb-block-c7d898dd alignfull uagb-is-root-container\"><div class=\"uagb-container-inner-blocks-wrap\"><\/div><\/div>\n\n\n\n<h2 class=\"wp-block-heading\">S\u1ea3n ph\u1ea9m li\u00ean quan<\/h2>\n\n\n\n<div class=\"wp-block-uagb-container uagb-block-66e4defc alignfull uagb-is-root-container\"><div class=\"uagb-container-inner-blocks-wrap\">\n<div class=\"wp-block-uagb-container uagb-block-a42945f9\">\n<div class=\"wp-block-uagb-image uagb-block-7296296b wp-block-uagb-image--layout-default wp-block-uagb-image--effect-static wp-block-uagb-image--align-none\"><figure class=\"wp-block-uagb-image__figure\"><a class=\"\" href=\"https:\/\/led.amasly.com\/vi\/products\/\" target=\"\" rel=\"noopener\"><img decoding=\"async\" srcset=\"https:\/\/led.amasly.com\/wp-content\/uploads\/2024\/09\/Explosion-proof-high-bay-lights.png ,https:\/\/led.amasly.com\/wp-content\/uploads\/2024\/09\/Explosion-proof-high-bay-lights.png 780w, https:\/\/led.amasly.com\/wp-content\/uploads\/2024\/09\/Explosion-proof-high-bay-lights.png 360w\" sizes=\"auto, (max-width: 480px) 150px\" src=\"https:\/\/led.amasly.com\/wp-content\/uploads\/2024\/09\/Explosion-proof-high-bay-lights.png\" alt=\"\" class=\"uag-image-1495\" width=\"300\" height=\"300\" title=\"\u0110\u00e8n chi\u1ebfu s\u00e1ng ch\u1ed1ng ch\u00e1y n\u1ed5 cho khu v\u1ef1c tr\u1ea7n cao\" loading=\"lazy\" role=\"img\"><\/a><\/figure><\/div>\n<\/div>\n\n\n\n<div class=\"wp-block-uagb-container uagb-block-4d3efde5\">\n<div class=\"wp-block-uagb-image uagb-block-c9e90797 wp-block-uagb-image--layout-default wp-block-uagb-image--effect-static wp-block-uagb-image--align-none\"><figure class=\"wp-block-uagb-image__figure\"><a class=\"\" href=\"https:\/\/led.amasly.com\/vi\/products\/\" target=\"\" rel=\"noopener\"><img decoding=\"async\" srcset=\"https:\/\/led.amasly.com\/wp-content\/uploads\/2024\/07\/LED-tri-proof-lights2.png ,https:\/\/led.amasly.com\/wp-content\/uploads\/2024\/07\/LED-tri-proof-lights2.png 780w, https:\/\/led.amasly.com\/wp-content\/uploads\/2024\/07\/LED-tri-proof-lights2.png 360w\" sizes=\"auto, (max-width: 480px) 150px\" src=\"https:\/\/led.amasly.com\/wp-content\/uploads\/2024\/07\/LED-tri-proof-lights2.png\" alt=\"\" class=\"uag-image-1132\" width=\"300\" height=\"300\" title=\"\u0110\u00e8n LED ch\u1ed1ng n\u01b0\u1edbc ba chi\u1ec1u 2\" loading=\"lazy\" role=\"img\"><\/a><\/figure><\/div>\n<\/div>\n\n\n\n<div class=\"wp-block-uagb-container uagb-block-11c2578b\">\n<div class=\"wp-block-uagb-image uagb-block-6e8883aa wp-block-uagb-image--layout-default wp-block-uagb-image--effect-static wp-block-uagb-image--align-none\"><figure class=\"wp-block-uagb-image__figure\"><a class=\"\" href=\"https:\/\/led.amasly.com\/vi\/products\/\" target=\"\" rel=\"noopener\"><img decoding=\"async\" srcset=\"https:\/\/led.amasly.com\/wp-content\/uploads\/2024\/09\/LED-Explosion-Proof-Gas-Station-Light.png ,https:\/\/led.amasly.com\/wp-content\/uploads\/2024\/09\/LED-Explosion-Proof-Gas-Station-Light.png 780w, https:\/\/led.amasly.com\/wp-content\/uploads\/2024\/09\/LED-Explosion-Proof-Gas-Station-Light.png 360w\" sizes=\"auto, (max-width: 480px) 150px\" src=\"https:\/\/led.amasly.com\/wp-content\/uploads\/2024\/09\/LED-Explosion-Proof-Gas-Station-Light.png\" alt=\"\" class=\"uag-image-1501\" width=\"300\" height=\"300\" title=\"\u0110\u00e8n LED ch\u1ed1ng ch\u00e1y n\u1ed5 cho tr\u1ea1m x\u0103ng\" loading=\"lazy\" role=\"img\"><\/a><\/figure><\/div>\n<\/div>\n<\/div><\/div>\n\n\n\n<div class=\"wp-block-uagb-container uagb-block-548945b5 alignfull uagb-is-root-container\"><div class=\"uagb-container-inner-blocks-wrap\">\n<div class=\"wp-block-uagb-container uagb-block-967755d5\">\n<h4 class=\"wp-block-heading has-text-align-center\"><a href=\"https:\/\/led.amasly.com\/vi\/products\/\">\u0110\u00e8n LED ch\u1ed1ng ch\u00e1y n\u1ed5<\/a><\/h4>\n<\/div>\n\n\n\n<div class=\"wp-block-uagb-container uagb-block-9bc52fc2\">\n<h4 class=\"wp-block-heading has-text-align-center\"><a href=\"https:\/\/led.amasly.com\/vi\/products\/\">\u0110\u00e8n LED ch\u1ed1ng n\u01b0\u1edbc, ch\u1ed1ng b\u1ee5i v\u00e0 ch\u1ed1ng va \u0111\u1eadp<\/a><\/h4>\n<\/div>\n\n\n\n<div class=\"wp-block-uagb-container uagb-block-8ffa0a23\">\n<h4 class=\"wp-block-heading has-text-align-center\"><a href=\"https:\/\/led.amasly.com\/vi\/products\/\">\u0110\u00e8n chi\u1ebfu s\u00e1ng ch\u1ed1ng ch\u00e1y n\u1ed5 cho tr\u1ea1m x\u0103ng<\/a><\/h4>\n<\/div>\n<\/div><\/div>\n\n\n\n<div class=\"wp-block-uagb-container uagb-block-29499fe0 alignfull uagb-is-root-container\"><div class=\"uagb-container-inner-blocks-wrap\">\n<div class=\"wp-block-uagb-container uagb-block-777ee1c7\">\n<div class=\"wp-block-uagb-image uagb-block-2e9a1851 wp-block-uagb-image--layout-default wp-block-uagb-image--effect-static wp-block-uagb-image--align-none\"><figure class=\"wp-block-uagb-image__figure\"><a class=\"\" href=\"https:\/\/led.amasly.com\/vi\/products\/\" target=\"\" rel=\"noopener\"><img decoding=\"async\" srcset=\"https:\/\/led.amasly.com\/wp-content\/uploads\/2024\/10\/50W-100W-150W-200W-300W-LED-Flood-Light.jpg ,https:\/\/led.amasly.com\/wp-content\/uploads\/2024\/10\/50W-100W-150W-200W-300W-LED-Flood-Light.jpg 780w, https:\/\/led.amasly.com\/wp-content\/uploads\/2024\/10\/50W-100W-150W-200W-300W-LED-Flood-Light.jpg 360w\" sizes=\"auto, (max-width: 480px) 150px\" src=\"https:\/\/led.amasly.com\/wp-content\/uploads\/2024\/10\/50W-100W-150W-200W-300W-LED-Flood-Light.jpg\" alt=\"\" class=\"uag-image-1526\" width=\"300\" height=\"300\" title=\"\u0110\u00e8n LED chi\u1ebfu s\u00e1ng r\u1ed9ng 50W, 100W, 150W, 200W, 300W\" loading=\"lazy\" role=\"img\"><\/a><\/figure><\/div>\n<\/div>\n\n\n\n<div class=\"wp-block-uagb-container uagb-block-af8c8683\">\n<div class=\"wp-block-uagb-image uagb-block-67947854 wp-block-uagb-image--layout-default wp-block-uagb-image--effect-static wp-block-uagb-image--align-none\"><figure class=\"wp-block-uagb-image__figure\"><a class=\"\" href=\"https:\/\/led.amasly.com\/vi\/products\/\" target=\"\" rel=\"noopener\"><img decoding=\"async\" srcset=\"https:\/\/led.amasly.com\/wp-content\/uploads\/2024\/07\/led-tri-proof-light.png ,https:\/\/led.amasly.com\/wp-content\/uploads\/2024\/07\/led-tri-proof-light.png 780w, https:\/\/led.amasly.com\/wp-content\/uploads\/2024\/07\/led-tri-proof-light.png 360w\" sizes=\"auto, (max-width: 480px) 150px\" src=\"https:\/\/led.amasly.com\/wp-content\/uploads\/2024\/07\/led-tri-proof-light.png\" alt=\"\" class=\"uag-image-1130\" width=\"300\" height=\"300\" title=\"\u0110\u00e8n LED ch\u1ed1ng n\u01b0\u1edbc\" loading=\"lazy\" role=\"img\"><\/a><\/figure><\/div>\n<\/div>\n\n\n\n<div class=\"wp-block-uagb-container uagb-block-0fdfdd58\">\n<div class=\"wp-block-uagb-image uagb-block-1187d32d wp-block-uagb-image--layout-default wp-block-uagb-image--effect-static wp-block-uagb-image--align-none\"><figure class=\"wp-block-uagb-image__figure\"><a class=\"\" href=\"https:\/\/led.amasly.com\/vi\/products\/\" target=\"\" rel=\"noopener\"><img decoding=\"async\" srcset=\"https:\/\/led.amasly.com\/wp-content\/uploads\/2024\/07\/LED-street-light.jpg ,https:\/\/led.amasly.com\/wp-content\/uploads\/2024\/07\/LED-street-light.jpg 780w, https:\/\/led.amasly.com\/wp-content\/uploads\/2024\/07\/LED-street-light.jpg 360w\" sizes=\"auto, (max-width: 480px) 150px\" src=\"https:\/\/led.amasly.com\/wp-content\/uploads\/2024\/07\/LED-street-light.jpg\" alt=\"\" class=\"uag-image-1145\" width=\"300\" height=\"300\" title=\"\u0110\u00e8n \u0111\u01b0\u1eddng LED\" loading=\"lazy\" role=\"img\"><\/a><\/figure><\/div>\n<\/div>\n<\/div><\/div>\n\n\n\n<div class=\"wp-block-uagb-container uagb-block-6a60882c alignfull uagb-is-root-container\"><div class=\"uagb-container-inner-blocks-wrap\">\n<div class=\"wp-block-uagb-container uagb-block-f1e91a35\">\n<h4 class=\"wp-block-heading has-text-align-center\"><a href=\"https:\/\/led.amasly.com\/vi\/products\/\">\u0110\u00e8n LED chi\u1ebfu s\u00e1ng r\u1ed9ng<\/a><\/h4>\n<\/div>\n\n\n\n<div class=\"wp-block-uagb-container uagb-block-165bfa58\">\n<h4 class=\"wp-block-heading has-text-align-center\"><a href=\"https:\/\/led.amasly.com\/vi\/products\/\">\u0110\u00e8n \u1ed1ng LED ch\u1ed1ng n\u01b0\u1edbc, ch\u1ed1ng b\u1ee5i v\u00e0 ch\u1ed1ng va \u0111\u1eadp<\/a><\/h4>\n<\/div>\n\n\n\n<div class=\"wp-block-uagb-container uagb-block-f6096e3b\">\n<h4 class=\"wp-block-heading has-text-align-center\"><a href=\"https:\/\/led.amasly.com\/vi\/products\/\">\u0110\u00e8n \u0111\u01b0\u1eddng LED<\/a><\/h4>\n<\/div>\n<\/div><\/div>\n\n\n\n<div class=\"wp-block-uagb-container uagb-block-99c0e0a5 alignfull uagb-is-root-container\"><div class=\"uagb-container-inner-blocks-wrap\"><\/div><\/div>","protected":false},"excerpt":{"rendered":"<p>Outdoor Emergency Lighting Solutions Outdoor Emergency Lighting Solutions Introduce: Emergency lighting equipment as a power emergency disposal in an essential kind of equipment, the scene of emergency lighting program design, daily emergency lighting equipment skills training, adapt to the environment of emergency lighting equipment research and development are related to the emergency lighting equipment in [&hellip;]<\/p>\n","protected":false},"author":1,"featured_media":0,"parent":1808,"menu_order":0,"comment_status":"closed","ping_status":"closed","template":"","meta":{"_uag_custom_page_level_css":"","site-sidebar-layout":"no-sidebar","site-content-layout":"","ast-site-content-layout":"default","site-content-style":"default","site-sidebar-style":"default","ast-global-header-display":"","ast-banner-title-visibility":"","ast-main-header-display":"","ast-hfb-above-header-display":"","ast-hfb-below-header-display":"","ast-hfb-mobile-header-display":"","site-post-title":"disabled","ast-breadcrumbs-content":"","ast-featured-img":"","footer-sml-layout":"","ast-disable-related-posts":"","theme-transparent-header-meta":"enabled","adv-header-id-meta":"","stick-header-meta":"","header-above-stick-meta":"","header-main-stick-meta":"","header-below-stick-meta":"","astra-migrate-meta-layouts":"set","ast-page-background-enabled":"default","ast-page-background-meta":{"desktop":{"background-color":"var(--ast-global-color-4)","background-image":"","background-repeat":"repeat","background-position":"center center","background-size":"auto","background-attachment":"scroll","background-type":"","background-media":"","overlay-type":"","overlay-color":"","overlay-opacity":"","overlay-gradient":""},"tablet":{"background-color":"","background-image":"","background-repeat":"repeat","background-position":"center center","background-size":"auto","background-attachment":"scroll","background-type":"","background-media":"","overlay-type":"","overlay-color":"","overlay-opacity":"","overlay-gradient":""},"mobile":{"background-color":"","background-image":"","background-repeat":"repeat","background-position":"center center","background-size":"auto","background-attachment":"scroll","background-type":"","background-media":"","overlay-type":"","overlay-color":"","overlay-opacity":"","overlay-gradient":""}},"ast-content-background-meta":{"desktop":{"background-color":"var(--ast-global-color-5)","background-image":"","background-repeat":"repeat","background-position":"center center","background-size":"auto","background-attachment":"scroll","background-type":"","background-media":"","overlay-type":"","overlay-color":"","overlay-opacity":"","overlay-gradient":""},"tablet":{"background-color":"var(--ast-global-color-5)","background-image":"","background-repeat":"repeat","background-position":"center center","background-size":"auto","background-attachment":"scroll","background-type":"","background-media":"","overlay-type":"","overlay-color":"","overlay-opacity":"","overlay-gradient":""},"mobile":{"background-color":"var(--ast-global-color-5)","background-image":"","background-repeat":"repeat","background-position":"center center","background-size":"auto","background-attachment":"scroll","background-type":"","background-media":"","overlay-type":"","overlay-color":"","overlay-opacity":"","overlay-gradient":""}},"footnotes":""},"class_list":["post-2251","page","type-page","status-publish","hentry"],"uagb_featured_image_src":{"full":false,"thumbnail":false,"medium":false,"medium_large":false,"large":false,"1536x1536":false,"2048x2048":false,"trp-custom-language-flag":false},"uagb_author_info":{"display_name":"Joe","author_link":"https:\/\/led.amasly.com\/vi\/author\/jacklin\/"},"uagb_comment_info":0,"uagb_excerpt":"Outdoor Emergency Lighting Solutions Outdoor Emergency Lighting Solutions Introduce: Emergency lighting equipment as a power emergency disposal in an essential kind of equipment, the scene of emergency lighting program design, daily emergency lighting equipment skills training, adapt to the environment of emergency lighting equipment research and development are related to the emergency lighting equipment in&hellip;","_links":{"self":[{"href":"https:\/\/led.amasly.com\/vi\/wp-json\/wp\/v2\/pages\/2251","targetHints":{"allow":["GET"]}}],"collection":[{"href":"https:\/\/led.amasly.com\/vi\/wp-json\/wp\/v2\/pages"}],"about":[{"href":"https:\/\/led.amasly.com\/vi\/wp-json\/wp\/v2\/types\/page"}],"author":[{"embeddable":true,"href":"https:\/\/led.amasly.com\/vi\/wp-json\/wp\/v2\/users\/1"}],"replies":[{"embeddable":true,"href":"https:\/\/led.amasly.com\/vi\/wp-json\/wp\/v2\/comments?post=2251"}],"version-history":[{"count":2,"href":"https:\/\/led.amasly.com\/vi\/wp-json\/wp\/v2\/pages\/2251\/revisions"}],"predecessor-version":[{"id":4580,"href":"https:\/\/led.amasly.com\/vi\/wp-json\/wp\/v2\/pages\/2251\/revisions\/4580"}],"up":[{"embeddable":true,"href":"https:\/\/led.amasly.com\/vi\/wp-json\/wp\/v2\/pages\/1808"}],"wp:attachment":[{"href":"https:\/\/led.amasly.com\/vi\/wp-json\/wp\/v2\/media?parent=2251"}],"curies":[{"name":"wp","href":"https:\/\/api.w.org\/{rel}","templated":true}]}}