{"id":1710,"date":"2025-01-16T22:01:52","date_gmt":"2025-01-16T14:01:52","guid":{"rendered":"https:\/\/led.amasly.com\/?page_id=1710"},"modified":"2026-01-18T10:30:54","modified_gmt":"2026-01-18T02:30:54","slug":"baj21","status":"publish","type":"page","link":"https:\/\/led.amasly.com\/vi\/products\/explosion-proof-lights\/baj21\/","title":{"rendered":"\u0110\u00e8n tho\u00e1t hi\u1ec3m ch\u1ed1ng ch\u00e1y n\u1ed5 BAJ21 LED"},"content":{"rendered":"<h2 class=\"wp-block-heading\"><\/h2>\n\n\n\n<p><\/p>\n\n\n\n<h2 class=\"wp-block-heading\"><\/h2>\n\n\n\n<h2 class=\"wp-block-heading\"><\/h2>\n\n\n\n<p><\/p>\n\n\n\n<div class=\"wp-block-uagb-container uagb-block-e407eb08 alignfull uagb-is-root-container\"><div class=\"uagb-container-inner-blocks-wrap\">\n<div class=\"wp-block-uagb-info-box uagb-block-7c0a134c uagb-infobox__content-wrap  uagb-infobox-icon-above-title uagb-infobox-image-valign-top wp-block-uagb-info-box--has-margin\"><div class=\"uagb-infobox-margin-wrapper\"><div class=\"uagb-ifb-content\"><div class=\"uagb-ifb-title-wrap\"><\/div><\/div><\/div><\/div>\n<\/div><\/div>\n\n\n\n<p><\/p>\n\n\n\n<p><\/p>\n\n\n\n<h2 class=\"wp-block-heading\"><\/h2>\n\n\n\n<h1 class=\"wp-block-heading has-text-align-center\">\u0110\u00e8n tho\u00e1t hi\u1ec3m ch\u1ed1ng ch\u00e1y n\u1ed5 LED<\/h1>\n\n\n\n<div class=\"wp-block-uagb-container uagb-block-5d28ec94 default uagb-is-root-container\">\n<div class=\"wp-block-uagb-container uagb-block-462981e6\">\n<div class=\"wp-block-uagb-container uagb-block-6f08c8e4 alignfull uagb-is-root-container\"><div class=\"uagb-container-inner-blocks-wrap\">\n<div class=\"wp-block-uagb-container uagb-block-b229cb92\">\n<h3 class=\"wp-block-heading\">N\u1ed9i dung<\/h3>\n\n\n\n<div class=\"wp-block-buttons is-layout-flex wp-container-core-buttons-is-layout-45b20515 wp-block-buttons-is-layout-flex\">\n<div class=\"wp-block-button\"><a class=\"wp-block-button__link wp-element-button\" href=\"https:\/\/led.amasly.com\/vi\/products\/explosion-proof-lights\/\">\u0110\u00e8n ch\u1ed1ng ch\u00e1y n\u1ed5<\/a><\/div>\n\n\n\n<div class=\"wp-block-button is-style-fill\"><a class=\"wp-block-button__link wp-element-button\" href=\"https:\/\/led.amasly.com\/vi\/products\/ex-proof-electrical-appliance\/\">Thi\u1ebft b\u1ecb \u0111i\u1ec7n ch\u1ed1ng ch\u00e1y n\u1ed5<\/a><\/div>\n\n\n\n<div class=\"wp-block-button\"><a class=\"wp-block-button__link wp-element-button\" href=\"https:\/\/led.amasly.com\/vi\/products\/led-tri-proof-light-2\/\">\u0110\u00e8n LED ch\u1ed1ng ch\u1eadp m\u1ea1ch<\/a><\/div>\n\n\n\n<div class=\"wp-block-button\"><a class=\"wp-block-button__link wp-element-button\" href=\"https:\/\/led.amasly.com\/vi\/products\/led-high-bay-light\/\">\u0110\u00e8n LED chi\u1ebfu s\u00e1ng cao \u00e1p<\/a><\/div>\n\n\n\n<div class=\"wp-block-button\"><a class=\"wp-block-button__link wp-element-button\" href=\"https:\/\/led.amasly.com\/vi\/products\/led-flood-lights\/\">\u0110\u00e8n LED chi\u1ebfu s\u00e1ng r\u1ed9ng<\/a><\/div>\n\n\n\n<div class=\"wp-block-button\"><a class=\"wp-block-button__link wp-element-button\" href=\"https:\/\/led.amasly.com\/vi\/products\/led-street-lights\/\">\u0110\u00e8n \u0111\u01b0\u1eddng LED<\/a><\/div>\n\n\n\n<div class=\"wp-block-button\"><a class=\"wp-block-button__link wp-element-button\" href=\"https:\/\/led.amasly.com\/vi\/products\/solar-lights\/\">\u0110\u00e8n LED n\u0103ng l\u01b0\u1ee3ng m\u1eb7t tr\u1eddi<\/a><\/div>\n<\/div>\n\n\n\n<h4 class=\"wp-block-heading\"><\/h4>\n\n\n\n<h4 class=\"wp-block-heading\">Li\u00ean h\u1ec7<\/h4>\n\n\n\n<ul class=\"wp-block-list\">\n<li>Email: sales01@amasly.com<strong> <\/strong>      <\/li>\n\n\n\n<li>\u0110i\u1ec7n tho\u1ea1i di \u0111\u1ed9ng:<strong> <\/strong>+86 13732643699                   <\/li>\n<\/ul>\n<\/div>\n\n\n\n<div class=\"wp-block-columns is-layout-flex wp-container-core-columns-is-layout-28f84493 wp-block-columns-is-layout-flex\">\n<div class=\"wp-block-column is-layout-flow wp-block-column-is-layout-flow\" style=\"flex-basis:100%\">\n<div class=\"wp-block-uagb-container uagb-block-064256a4\">\n<div class=\"wp-block-columns is-layout-flex wp-container-core-columns-is-layout-28f84493 wp-block-columns-is-layout-flex\">\n<div class=\"wp-block-column is-layout-flow wp-block-column-is-layout-flow\" style=\"flex-basis:100%\">\n<div class=\"wp-block-columns is-layout-flex wp-container-core-columns-is-layout-28f84493 wp-block-columns-is-layout-flex\">\n<div class=\"wp-block-column is-layout-flow wp-block-column-is-layout-flow\">\n<div class=\"wp-block-uagb-image uagb-block-f7623661 wp-block-uagb-image--layout-default wp-block-uagb-image--effect-static wp-block-uagb-image--align-none\"><figure class=\"wp-block-uagb-image__figure\"><img decoding=\"async\" srcset=\"https:\/\/led.amasly.com\/wp-content\/uploads\/2025\/10\/Explosion-proof-exit-light-2.png ,https:\/\/led.amasly.com\/wp-content\/uploads\/2025\/10\/Explosion-proof-exit-light-2.png 780w, https:\/\/led.amasly.com\/wp-content\/uploads\/2025\/10\/Explosion-proof-exit-light-2.png 360w\" sizes=\"auto, (max-width: 480px) 150px\" src=\"https:\/\/led.amasly.com\/wp-content\/uploads\/2025\/10\/Explosion-proof-exit-light-2.png\" alt=\"LED Explosion proof exit lights\" class=\"uag-image-4253\" width=\"300\" height=\"300\" title=\"\u0110\u00e8n tho\u00e1t hi\u1ec3m ch\u1ed1ng ch\u00e1y n\u1ed5 LED\" loading=\"lazy\" role=\"img\"\/><\/figure><\/div>\n<\/div>\n\n\n\n<div class=\"wp-block-column is-layout-flow wp-block-column-is-layout-flow\">\n<p>Ph\u1ea1m vi \u00e1p d\u1ee5ng<\/p>\n\n\n\n<p>1. \u0110\u01b0\u1ee3c s\u1eed d\u1ee5ng r\u1ed9ng r\u00e3i trong c\u00e1c l\u0129nh v\u1ef1c khai th\u00e1c d\u1ea7u m\u1ecf, l\u1ecdc d\u1ea7u, h\u00f3a ch\u1ea5t, qu\u00e2n s\u1ef1 v\u00e0 c\u00e1c khu v\u1ef1c m\u00f4i tr\u01b0\u1eddng nguy hi\u1ec3m kh\u00e1c c\u1ee7a nh\u00e0 m\u00e1y v\u00e0 chi\u1ebfu s\u00e1ng \u0111\u01b0\u1eddng ph\u1ed1.<\/p>\n\n\n\n<p>2. Ph\u00f9 h\u1ee3p v\u1edbi m\u00f4i tr\u01b0\u1eddng \u00e1p su\u1ea5t gi\u00f3, t\u1ed1c \u0111\u1ed9 gi\u00f3 ven bi\u1ec3n, s\u00f4ng v\u00e0 c\u00e1c khu v\u1ef1c kh\u00e1c;<\/p>\n\n\n\n<p>3. Ph\u00f9 h\u1ee3p v\u1edbi m\u00f4i tr\u01b0\u1eddng kh\u00ed n\u1ed5 \u1edf c\u00e1c khu v\u1ef1c Zone 1 v\u00e0 Zone 2.;<\/p>\n\n\n\n<p>4. Ph\u00f9 h\u1ee3p v\u1edbi m\u00f4i tr\u01b0\u1eddng c\u00f3 b\u1ee5i d\u1ec5 ch\u00e1y \u1edf khu v\u1ef1c 21 v\u00e0 22.;<\/p>\n\n\n\n<p>5. Ph\u00f9 h\u1ee3p v\u1edbi m\u00f4i tr\u01b0\u1eddng kh\u00ed n\u1ed5 lo\u1ea1i IIA, IIB, IIC. L\u1edbp I, Nh\u00f3m 2, Nh\u00f3m A, B, C, D.<\/p>\n<\/div>\n<\/div>\n<\/div>\n<\/div>\n\n\n\n<div class=\"wp-block-uagb-container uagb-block-201e76d4\">\n<figure class=\"wp-block-table\"><table><tbody><tr><td>Moel<\/td><td>C\u00f4ng su\u1ea5t<\/td><td>C\u1ef1u Mark<\/td><td>T\u1ef7 l\u1ec7 IP<\/td><td>Hi\u1ec7u su\u1ea5t \u00e1nh s\u00e1ng<\/td><td>\u0110i\u1ec7n \u00e1p<\/td><td>CCT<\/td><td>PF<\/td><\/tr><tr><td>BAJ21<\/td><td>3W 5W 9W<\/td><td><a href=\"http:\/\/www.iecex-certs.com\/\" rel=\"nofollow noopener\" target=\"_blank\">Ex d IIC T6<\/a><\/td><td>IP66<\/td><td>120 lumen tr\u00ean watt<\/td><td>AC 85-265 V<\/td><td>3000K-6500K<\/td><td>&gt;0,97<\/td><\/tr><\/tbody><\/table><\/figure>\n\n\n\n<div class=\"wp-block-uagb-image uagb-block-0867b09d wp-block-uagb-image--layout-default wp-block-uagb-image--effect-static wp-block-uagb-image--align-none\"><figure class=\"wp-block-uagb-image__figure\"><img decoding=\"async\" srcset=\"https:\/\/led.amasly.com\/wp-content\/uploads\/2025\/01\/LED-Explosion-Proof-Exit-Light.png ,https:\/\/led.amasly.com\/wp-content\/uploads\/2025\/01\/LED-Explosion-Proof-Exit-Light.png 780w, https:\/\/led.amasly.com\/wp-content\/uploads\/2025\/01\/LED-Explosion-Proof-Exit-Light.png 360w\" sizes=\"auto, (max-width: 480px) 150px\" src=\"https:\/\/led.amasly.com\/wp-content\/uploads\/2025\/01\/LED-Explosion-Proof-Exit-Light.png\" alt=\"\" class=\"uag-image-1711\" width=\"678\" height=\"642\" title=\"\u0110\u00e8n tho\u00e1t hi\u1ec3m ch\u1ed1ng ch\u00e1y n\u1ed5 LED\" loading=\"lazy\" role=\"img\"><\/figure><\/div>\n<\/div>\n<\/div>\n<\/div>\n<\/div>\n<\/div><\/div>\n<\/div>\n<\/div>\n\n\n\n<h2 class=\"wp-block-heading\">S\u1ea3n ph\u1ea9m li\u00ean quan<\/h2>\n\n\n\n<div class=\"wp-block-uagb-container uagb-block-66e4defc alignfull uagb-is-root-container\"><div class=\"uagb-container-inner-blocks-wrap\">\n<div class=\"wp-block-uagb-container uagb-block-a42945f9\">\n<div class=\"wp-block-uagb-image uagb-block-7296296b wp-block-uagb-image--layout-default wp-block-uagb-image--effect-static wp-block-uagb-image--align-none\"><figure class=\"wp-block-uagb-image__figure\"><a class=\"\" href=\"https:\/\/led.amasly.com\/vi\/products\/explosion-proof-lights\/\" target=\"\" rel=\"noopener\"><img decoding=\"async\" srcset=\"https:\/\/led.amasly.com\/wp-content\/uploads\/2024\/09\/Explosion-proof-high-bay-lights.png ,https:\/\/led.amasly.com\/wp-content\/uploads\/2024\/09\/Explosion-proof-high-bay-lights.png 780w, https:\/\/led.amasly.com\/wp-content\/uploads\/2024\/09\/Explosion-proof-high-bay-lights.png 360w\" sizes=\"auto, (max-width: 480px) 150px\" src=\"https:\/\/led.amasly.com\/wp-content\/uploads\/2024\/09\/Explosion-proof-high-bay-lights.png\" alt=\"\" class=\"uag-image-1495\" width=\"300\" height=\"300\" title=\"\u0110\u00e8n chi\u1ebfu s\u00e1ng ch\u1ed1ng ch\u00e1y n\u1ed5 cho khu v\u1ef1c tr\u1ea7n cao\" loading=\"lazy\" role=\"img\"><\/a><\/figure><\/div>\n<\/div>\n\n\n\n<div class=\"wp-block-uagb-container uagb-block-4d3efde5\">\n<div class=\"wp-block-uagb-image uagb-block-c9e90797 wp-block-uagb-image--layout-default wp-block-uagb-image--effect-static wp-block-uagb-image--align-none\"><figure class=\"wp-block-uagb-image__figure\"><a class=\"\" href=\"https:\/\/led.amasly.com\/vi\/products\/ex-proof-electrical-appliance\/\" target=\"\" rel=\"noopener\"><img decoding=\"async\" srcset=\"https:\/\/led.amasly.com\/wp-content\/uploads\/2025\/01\/Explosion-proof-axial-flow-fan.jpg ,https:\/\/led.amasly.com\/wp-content\/uploads\/2025\/01\/Explosion-proof-axial-flow-fan.jpg 780w, https:\/\/led.amasly.com\/wp-content\/uploads\/2025\/01\/Explosion-proof-axial-flow-fan.jpg 360w\" sizes=\"auto, (max-width: 480px) 150px\" src=\"https:\/\/led.amasly.com\/wp-content\/uploads\/2025\/01\/Explosion-proof-axial-flow-fan.jpg\" alt=\"Ex-Proof Electrical Appliance\" class=\"uag-image-1767\" width=\"300\" height=\"300\" title=\"Qu\u1ea1t l\u01b0u l\u01b0\u1ee3ng tr\u1ee5c ch\u1ed1ng ch\u00e1y n\u1ed5\" loading=\"lazy\" role=\"img\"\/><\/a><\/figure><\/div>\n<\/div>\n\n\n\n<div class=\"wp-block-uagb-container uagb-block-11c2578b\">\n<div class=\"wp-block-uagb-image uagb-block-6e8883aa wp-block-uagb-image--layout-default wp-block-uagb-image--effect-static wp-block-uagb-image--align-none\"><figure class=\"wp-block-uagb-image__figure\"><a class=\"\" href=\"https:\/\/led.amasly.com\/vi\/products\/explosion-proof-lights\/\" target=\"\" rel=\"noopener\"><img decoding=\"async\" srcset=\"https:\/\/led.amasly.com\/wp-content\/uploads\/2024\/09\/LED-Explosion-Proof-Gas-Station-Light.png ,https:\/\/led.amasly.com\/wp-content\/uploads\/2024\/09\/LED-Explosion-Proof-Gas-Station-Light.png 780w, https:\/\/led.amasly.com\/wp-content\/uploads\/2024\/09\/LED-Explosion-Proof-Gas-Station-Light.png 360w\" sizes=\"auto, (max-width: 480px) 150px\" src=\"https:\/\/led.amasly.com\/wp-content\/uploads\/2024\/09\/LED-Explosion-Proof-Gas-Station-Light.png\" alt=\"\" class=\"uag-image-1501\" width=\"300\" height=\"300\" title=\"\u0110\u00e8n LED ch\u1ed1ng ch\u00e1y n\u1ed5 cho tr\u1ea1m x\u0103ng\" loading=\"lazy\" role=\"img\"><\/a><\/figure><\/div>\n<\/div>\n<\/div><\/div>\n\n\n\n<div class=\"wp-block-uagb-container uagb-block-548945b5 alignfull uagb-is-root-container\"><div class=\"uagb-container-inner-blocks-wrap\">\n<div class=\"wp-block-uagb-container uagb-block-967755d5\">\n<h4 class=\"wp-block-heading has-text-align-center\"><a href=\"https:\/\/led.amasly.com\/vi\/products\/explosion-proof-lights\/\">\u0110\u00e8n LED ch\u1ed1ng ch\u00e1y n\u1ed5<\/a><\/h4>\n<\/div>\n\n\n\n<div class=\"wp-block-uagb-container uagb-block-9bc52fc2\">\n<h4 class=\"wp-block-heading has-text-align-center\"><a href=\"https:\/\/led.amasly.com\/vi\/products\/ex-proof-electrical-appliance\/\">Thi\u1ebft b\u1ecb \u0111i\u1ec7n ch\u1ed1ng ch\u00e1y n\u1ed5<\/a><\/h4>\n<\/div>\n\n\n\n<div class=\"wp-block-uagb-container uagb-block-8ffa0a23\">\n<h4 class=\"wp-block-heading has-text-align-center\"><a href=\"https:\/\/led.amasly.com\/vi\/products\/explosion-proof-lights\/\">\u0110\u00e8n chi\u1ebfu s\u00e1ng ch\u1ed1ng ch\u00e1y n\u1ed5 cho tr\u1ea1m x\u0103ng<\/a><\/h4>\n<\/div>\n<\/div><\/div>\n\n\n\n<div class=\"wp-block-uagb-container uagb-block-29499fe0 alignfull uagb-is-root-container\"><div class=\"uagb-container-inner-blocks-wrap\">\n<div class=\"wp-block-uagb-container uagb-block-777ee1c7\">\n<div class=\"wp-block-uagb-image uagb-block-2e9a1851 wp-block-uagb-image--layout-default wp-block-uagb-image--effect-static wp-block-uagb-image--align-none\"><figure class=\"wp-block-uagb-image__figure\"><a class=\"\" href=\"https:\/\/led.amasly.com\/vi\/products\/led-flood-lights\/\" target=\"\" rel=\"noopener\"><img decoding=\"async\" srcset=\"https:\/\/led.amasly.com\/wp-content\/uploads\/2024\/10\/50W-100W-150W-200W-300W-LED-Flood-Light.jpg ,https:\/\/led.amasly.com\/wp-content\/uploads\/2024\/10\/50W-100W-150W-200W-300W-LED-Flood-Light.jpg 780w, https:\/\/led.amasly.com\/wp-content\/uploads\/2024\/10\/50W-100W-150W-200W-300W-LED-Flood-Light.jpg 360w\" sizes=\"auto, (max-width: 480px) 150px\" src=\"https:\/\/led.amasly.com\/wp-content\/uploads\/2024\/10\/50W-100W-150W-200W-300W-LED-Flood-Light.jpg\" alt=\"\" class=\"uag-image-1526\" width=\"300\" height=\"300\" title=\"\u0110\u00e8n LED chi\u1ebfu s\u00e1ng r\u1ed9ng 50W, 100W, 150W, 200W, 300W\" loading=\"lazy\" role=\"img\"><\/a><\/figure><\/div>\n<\/div>\n\n\n\n<div class=\"wp-block-uagb-container uagb-block-af8c8683\">\n<div class=\"wp-block-uagb-image uagb-block-67947854 wp-block-uagb-image--layout-default wp-block-uagb-image--effect-static wp-block-uagb-image--align-none\"><figure class=\"wp-block-uagb-image__figure\"><a class=\"\" href=\"https:\/\/led.amasly.com\/vi\/products\/led-high-bay-light\/\" target=\"\" rel=\"noopener\"><img decoding=\"async\" srcset=\"https:\/\/led.amasly.com\/wp-content\/uploads\/2025\/05\/high-bay-light.webp ,https:\/\/led.amasly.com\/wp-content\/uploads\/2025\/05\/high-bay-light.webp 780w, https:\/\/led.amasly.com\/wp-content\/uploads\/2025\/05\/high-bay-light.webp 360w\" sizes=\"auto, (max-width: 480px) 150px\" src=\"https:\/\/led.amasly.com\/wp-content\/uploads\/2025\/05\/high-bay-light.webp\" alt=\"\" class=\"uag-image-3954\" width=\"300\" height=\"300\" title=\"\u0110\u00e8n chi\u1ebfu s\u00e1ng cao \u00e1p\" loading=\"lazy\" role=\"img\"><\/a><\/figure><\/div>\n<\/div>\n\n\n\n<div class=\"wp-block-uagb-container uagb-block-0fdfdd58\">\n<div class=\"wp-block-uagb-image uagb-block-1187d32d wp-block-uagb-image--layout-default wp-block-uagb-image--effect-static wp-block-uagb-image--align-none\"><figure class=\"wp-block-uagb-image__figure\"><a class=\"\" href=\"https:\/\/led.amasly.com\/vi\/products\/\" target=\"\" rel=\"noopener\"><img decoding=\"async\" srcset=\"https:\/\/led.amasly.com\/wp-content\/uploads\/2024\/07\/LED-street-light.jpg ,https:\/\/led.amasly.com\/wp-content\/uploads\/2024\/07\/LED-street-light.jpg 780w, https:\/\/led.amasly.com\/wp-content\/uploads\/2024\/07\/LED-street-light.jpg 360w\" sizes=\"auto, (max-width: 480px) 150px\" src=\"https:\/\/led.amasly.com\/wp-content\/uploads\/2024\/07\/LED-street-light.jpg\" alt=\"\" class=\"uag-image-1145\" width=\"300\" height=\"300\" title=\"\u0110\u00e8n \u0111\u01b0\u1eddng LED\" loading=\"lazy\" role=\"img\"><\/a><\/figure><\/div>\n<\/div>\n<\/div><\/div>\n\n\n\n<div class=\"wp-block-uagb-container uagb-block-6a60882c alignfull uagb-is-root-container\"><div class=\"uagb-container-inner-blocks-wrap\">\n<div class=\"wp-block-uagb-container uagb-block-f1e91a35\">\n<h4 class=\"wp-block-heading has-text-align-center\"><a href=\"https:\/\/led.amasly.com\/vi\/products\/led-flood-lights\/\">\u0110\u00e8n LED chi\u1ebfu s\u00e1ng r\u1ed9ng<\/a><\/h4>\n<\/div>\n\n\n\n<div class=\"wp-block-uagb-container uagb-block-165bfa58\">\n<h4 class=\"wp-block-heading has-text-align-center\"><a href=\"https:\/\/led.amasly.com\/vi\/products\/led-high-bay-light\/\">\u0110\u00e8n LED chi\u1ebfu s\u00e1ng cao \u00e1p<\/a><\/h4>\n<\/div>\n\n\n\n<div class=\"wp-block-uagb-container uagb-block-f6096e3b\">\n<h4 class=\"wp-block-heading has-text-align-center\"><a href=\"https:\/\/led.amasly.com\/vi\/products\/https:\/\/led.amasly.com\/products\/led-street-lights\/\">\u0110\u00e8n \u0111\u01b0\u1eddng LED<\/a><\/h4>\n<\/div>\n<\/div><\/div>\n\n\n\n<div class=\"wp-block-uagb-container uagb-block-99c0e0a5 alignfull uagb-is-root-container\"><div class=\"uagb-container-inner-blocks-wrap\"><\/div><\/div>","protected":false},"excerpt":{"rendered":"<p>LED Explosion Proof Exit Lights Content Contact Scope of application 1. widely used in oil mining, oil refining, chemical, military and other dangerous environmental places of the factory and road lighting 2. suitable for coastal, river and other wind pressure, wind speed environment; 3. suitable for thousands of explosive gas environment of zone 1, zone [&hellip;]<\/p>\n","protected":false},"author":1,"featured_media":0,"parent":1156,"menu_order":3,"comment_status":"closed","ping_status":"closed","template":"","meta":{"_uag_custom_page_level_css":"","site-sidebar-layout":"no-sidebar","site-content-layout":"","ast-site-content-layout":"default","site-content-style":"default","site-sidebar-style":"default","ast-global-header-display":"","ast-banner-title-visibility":"","ast-main-header-display":"","ast-hfb-above-header-display":"","ast-hfb-below-header-display":"","ast-hfb-mobile-header-display":"","site-post-title":"disabled","ast-breadcrumbs-content":"","ast-featured-img":"","footer-sml-layout":"","ast-disable-related-posts":"","theme-transparent-header-meta":"enabled","adv-header-id-meta":"","stick-header-meta":"","header-above-stick-meta":"","header-main-stick-meta":"","header-below-stick-meta":"","astra-migrate-meta-layouts":"set","ast-page-background-enabled":"default","ast-page-background-meta":{"desktop":{"background-color":"var(--ast-global-color-4)","background-image":"","background-repeat":"repeat","background-position":"center center","background-size":"auto","background-attachment":"scroll","background-type":"","background-media":"","overlay-type":"","overlay-color":"","overlay-opacity":"","overlay-gradient":""},"tablet":{"background-color":"","background-image":"","background-repeat":"repeat","background-position":"center center","background-size":"auto","background-attachment":"scroll","background-type":"","background-media":"","overlay-type":"","overlay-color":"","overlay-opacity":"","overlay-gradient":""},"mobile":{"background-color":"","background-image":"","background-repeat":"repeat","background-position":"center center","background-size":"auto","background-attachment":"scroll","background-type":"","background-media":"","overlay-type":"","overlay-color":"","overlay-opacity":"","overlay-gradient":""}},"ast-content-background-meta":{"desktop":{"background-color":"var(--ast-global-color-5)","background-image":"","background-repeat":"repeat","background-position":"center center","background-size":"auto","background-attachment":"scroll","background-type":"","background-media":"","overlay-type":"","overlay-color":"","overlay-opacity":"","overlay-gradient":""},"tablet":{"background-color":"var(--ast-global-color-5)","background-image":"","background-repeat":"repeat","background-position":"center center","background-size":"auto","background-attachment":"scroll","background-type":"","background-media":"","overlay-type":"","overlay-color":"","overlay-opacity":"","overlay-gradient":""},"mobile":{"background-color":"var(--ast-global-color-5)","background-image":"","background-repeat":"repeat","background-position":"center center","background-size":"auto","background-attachment":"scroll","background-type":"","background-media":"","overlay-type":"","overlay-color":"","overlay-opacity":"","overlay-gradient":""}},"footnotes":"[]"},"class_list":["post-1710","page","type-page","status-publish","hentry"],"uagb_featured_image_src":{"full":false,"thumbnail":false,"medium":false,"medium_large":false,"large":false,"1536x1536":false,"2048x2048":false,"trp-custom-language-flag":false},"uagb_author_info":{"display_name":"Joe","author_link":"https:\/\/led.amasly.com\/vi\/author\/jacklin\/"},"uagb_comment_info":0,"uagb_excerpt":"LED Explosion Proof Exit Lights Content Contact Scope of application 1. widely used in oil mining, oil refining, chemical, military and other dangerous environmental places of the factory and road lighting 2. suitable for coastal, river and other wind pressure, wind speed environment; 3. suitable for thousands of explosive gas environment of zone 1, zone&hellip;","_links":{"self":[{"href":"https:\/\/led.amasly.com\/vi\/wp-json\/wp\/v2\/pages\/1710","targetHints":{"allow":["GET"]}}],"collection":[{"href":"https:\/\/led.amasly.com\/vi\/wp-json\/wp\/v2\/pages"}],"about":[{"href":"https:\/\/led.amasly.com\/vi\/wp-json\/wp\/v2\/types\/page"}],"author":[{"embeddable":true,"href":"https:\/\/led.amasly.com\/vi\/wp-json\/wp\/v2\/users\/1"}],"replies":[{"embeddable":true,"href":"https:\/\/led.amasly.com\/vi\/wp-json\/wp\/v2\/comments?post=1710"}],"version-history":[{"count":5,"href":"https:\/\/led.amasly.com\/vi\/wp-json\/wp\/v2\/pages\/1710\/revisions"}],"predecessor-version":[{"id":4476,"href":"https:\/\/led.amasly.com\/vi\/wp-json\/wp\/v2\/pages\/1710\/revisions\/4476"}],"up":[{"embeddable":true,"href":"https:\/\/led.amasly.com\/vi\/wp-json\/wp\/v2\/pages\/1156"}],"wp:attachment":[{"href":"https:\/\/led.amasly.com\/vi\/wp-json\/wp\/v2\/media?parent=1710"}],"curies":[{"name":"wp","href":"https:\/\/api.w.org\/{rel}","templated":true}]}}