{"id":4196,"date":"2025-12-12T23:35:27","date_gmt":"2025-12-12T15:35:27","guid":{"rendered":"https:\/\/led.amasly.com\/?page_id=4196"},"modified":"2026-01-24T21:13:36","modified_gmt":"2026-01-24T13:13:36","slug":"how-to-choose-the-right-led-flood-lights-these-5-key-points-you-must-know","status":"publish","type":"page","link":"https:\/\/led.amasly.com\/tr\/knowledge\/outdoor-light-knowledge\/how-to-choose-the-right-led-flood-lights-these-5-key-points-you-must-know\/","title":{"rendered":"Do\u011fru LED Sel I\u015f\u0131klar\u0131 Nas\u0131l Se\u00e7ilir? Bilmeniz Gereken 5 \u00d6nemli Nokta!"},"content":{"rendered":"<div class=\"wp-block-uagb-container uagb-block-27bae773 alignfull uagb-is-root-container\"><div class=\"uagb-container-inner-blocks-wrap\"><\/div><\/div>\n\n\n\n<h1 class=\"wp-block-heading has-text-align-center\"><strong>Do\u011fru LED Sel I\u015f\u0131klar\u0131 Nas\u0131l Se\u00e7ilir? Bilmeniz Gereken 5 \u00d6nemli Nokta!<\/strong><\/h1>\n\n\n\n<p>LED sel \u0131\u015f\u0131klar\u0131, y\u00fcksek verimlilik ve enerji tasarrufu i\u00e7in en iyi se\u00e7imdir. Be\u015f temel fakt\u00f6r hassas karar verme s\u00fcrecinize rehberlik eder: Senaryolar i\u00e7in g\u00fc\u00e7 e\u015fle\u015ftirmesi, y\u00fcksek \u0131\u015f\u0131k verimlili\u011fi ve d\u00fc\u015f\u00fck elektrik maliyetleri sa\u011flar; Renk s\u0131cakl\u0131\u011f\u0131 ve CRI ambiyans\u0131 \u015fekillendirir; IP korumas\u0131 ortamlara uyum sa\u011flar; Is\u0131 da\u011f\u0131tma tasar\u0131m\u0131 uzun \u00f6m\u00fcr sa\u011flar; Ak\u0131ll\u0131 kontrol esnek enerji tasarrufu sa\u011flar. Sertifikal\u0131 \u00fcr\u00fcnleri se\u00e7in ve sat\u0131\u015f sonras\u0131 hizmete \u00f6ncelik verin. Amasly Lighting, g\u00fcvenli ve verimli ayd\u0131nlatma \u00e7\u00f6z\u00fcmleri olu\u015fturman\u0131za yard\u0131mc\u0131 olur.<\/p>\n\n\n\n<p>Modern ticari ve peyzaj ayd\u0131nlatmas\u0131nda LED projekt\u00f6rler, enerji verimlili\u011fi, uzun kullan\u0131m \u00f6mr\u00fc ve istikrarl\u0131 \u0131\u015f\u0131k \u00e7\u0131k\u0131\u015f\u0131 nedeniyle binalar, mekanlar ve d\u0131\u015f mekan peyzajlar\u0131 i\u00e7in tercih edilen \u00e7\u00f6z\u00fcm haline gelmi\u015ftir. Bununla birlikte, piyasadaki \u00e7ok \u00e7e\u015fitli LED projekt\u00f6r \u00fcr\u00fcnleri ile en uygun modeli nas\u0131l se\u00e7ersiniz? A\u015fa\u011f\u0131daki be\u015f temel fakt\u00f6r bilin\u00e7li bir karar vermenize yard\u0131mc\u0131 olacakt\u0131r.<\/p>\n\n\n\n<figure class=\"wp-block-image aligncenter size-large\"><a href=\"https:\/\/led.amasly.com\/tr\/\"><img decoding=\"async\" width=\"1024\" height=\"412\" src=\"https:\/\/led.amasly.com\/wp-content\/uploads\/2025\/11\/FLood-lights-1024x412.png\" alt=\"LED FLood lights\" class=\"wp-image-4332\" title=\"\" srcset=\"https:\/\/led.amasly.com\/wp-content\/uploads\/2025\/11\/FLood-lights-1024x412.png 1024w, https:\/\/led.amasly.com\/wp-content\/uploads\/2025\/11\/FLood-lights-300x121.png 300w, https:\/\/led.amasly.com\/wp-content\/uploads\/2025\/11\/FLood-lights-768x309.png 768w, https:\/\/led.amasly.com\/wp-content\/uploads\/2025\/11\/FLood-lights-1536x617.png 1536w, https:\/\/led.amasly.com\/wp-content\/uploads\/2025\/11\/FLood-lights-18x7.png 18w, https:\/\/led.amasly.com\/wp-content\/uploads\/2025\/11\/FLood-lights.png 1610w\" sizes=\"(max-width: 1024px) 100vw, 1024px\" \/><\/a><\/figure>\n\n\n\n<h2 class=\"wp-block-heading\"><strong>I. Ayd\u0131nlatma Gereksinimlerini Tan\u0131mlay\u0131n: G\u00fc\u00e7 ve I\u015f\u0131k Verimlili\u011fi<\/strong><strong><\/strong><\/h2>\n\n\n\n<p>Bir LED sel \u0131\u015f\u0131\u011f\u0131n\u0131n g\u00fc\u00e7 derecesi, parlakl\u0131\u011f\u0131n\u0131 ve kapsama alan\u0131n\u0131 belirler. Uygulaman\u0131za g\u00f6re uygun g\u00fcc\u00fc se\u00e7in: k\u00fc\u00e7\u00fck ticari alanlar veya dekoratif peyzaj i\u00e7in 30-50W tercih ederken, b\u00fcy\u00fck binalar veya plazalar 100W veya daha y\u00fcksek g\u00fc\u00e7 gerektirir. Ek olarak, \u00fcr\u00fcn\u00fcn **\u0131\u015f\u0131k etkinli\u011fine (lm\/W)** dikkat edin; daha y\u00fcksek de\u011ferler daha y\u00fcksek enerji verimlili\u011fine i\u015faret eder ve zaman i\u00e7inde elektrik maliyetlerini \u00f6nemli \u00f6l\u00e7\u00fcde azalt\u0131r.<\/p>\n\n\n\n<h2 class=\"wp-block-heading\"><strong>II<\/strong><strong>. Renk S\u0131cakl\u0131\u011f\u0131 ve Renk \u0130\u015fleme \u0130ndeksi: \u0130deal Ortam\u0131n Yarat\u0131lmas\u0131<\/strong><strong><\/strong><\/h2>\n\n\n\n<p>Renk S\u0131cakl\u0131\u011f\u0131 (K), ayd\u0131nlatman\u0131n alg\u0131lanan s\u0131cakl\u0131\u011f\u0131n\u0131 veya so\u011fuklu\u011funu do\u011frudan etkiler. \u00d6rne\u011fin, 3000K s\u0131cak \u0131\u015f\u0131k rahat atmosferler yarat\u0131rken, 5000K beyaz \u0131\u015f\u0131k mimari detaylar\u0131 vurgular. **Renk \u0130\u015fleme Endeksi (Ra)** nesne renk do\u011frulu\u011funu belirler; Ra\u226580 olan \u00fcr\u00fcnler ayd\u0131nlat\u0131lm\u0131\u015f renkleri asl\u0131na sad\u0131k bir \u015fekilde yeniden \u00fcreterek sanat galerileri ve perakende sat\u0131\u015f alanlar\u0131 gibi renk a\u00e7\u0131s\u0131ndan kritik ortamlar i\u00e7in idealdir.<\/p>\n\n\n\n<h2 class=\"wp-block-heading\"><strong>III. Koruma Derecelendirmesi: Karma\u015f\u0131k Ortamlara Uyum Sa\u011flama<\/strong><strong><\/strong><\/h2>\n\n\n\n<p>D\u0131\u015f mekan LED sel \u0131\u015f\u0131klar\u0131 y\u00fcksek koruma dereceleri gerektirir. IP65 temel standartt\u0131r ve su jetlerine ve toza kar\u015f\u0131 diren\u00e7 sa\u011flar; IP66 veya IP67 ya\u011fmurlu veya tozlu b\u00f6lgeler i\u00e7in daha uygundur. Se\u00e7im yaparken, armat\u00fcr\u00fcn \u00f6mr\u00fcn\u00fc k\u0131saltabilecek su giri\u015finden kaynaklanan k\u0131sa devreleri veya korozyonu \u00f6nlemek i\u00e7in kurulum ortam\u0131na (\u00f6r. duvar, zemin, su alt\u0131) g\u00f6re koruma derecesini onaylay\u0131n.<\/p>\n\n\n\n<figure class=\"wp-block-image size-full\"><img decoding=\"async\" width=\"300\" height=\"300\" src=\"https:\/\/led.amasly.com\/wp-content\/uploads\/2025\/12\/LED-flood-ight.jpg\" alt=\"\" class=\"wp-image-4383\" title=\"\" srcset=\"https:\/\/led.amasly.com\/wp-content\/uploads\/2025\/12\/LED-flood-ight.jpg 300w, https:\/\/led.amasly.com\/wp-content\/uploads\/2025\/12\/LED-flood-ight-150x150.jpg 150w, https:\/\/led.amasly.com\/wp-content\/uploads\/2025\/12\/LED-flood-ight-12x12.jpg 12w\" sizes=\"(max-width: 300px) 100vw, 300px\" \/><\/figure>\n\n\n\n<h2 class=\"wp-block-heading\"><strong>IV. Is\u0131 Da\u011f\u0131tma Tasar\u0131m\u0131: Uzun \u00d6m\u00fcrl\u00fcl\u00fc\u011f\u00fcn Anahtar\u0131<\/strong><strong><\/strong><\/h2>\n\n\n\n<p>Bir LED armat\u00fcr\u00fcn\u00fcn \u0131s\u0131 da\u011f\u0131l\u0131m\u0131 do\u011frudan \u00f6mr\u00fcn\u00fc belirler. Birinci s\u0131n\u0131f \u00fcr\u00fcnler genellikle \u0131s\u0131n\u0131n h\u0131zl\u0131 bir \u015fekilde uzakla\u015ft\u0131r\u0131lmas\u0131n\u0131 sa\u011flamak i\u00e7in kanatl\u0131 so\u011futucu yap\u0131lara** sahip **al\u00fcminyum ala\u015f\u0131ml\u0131 muhafazalara sahiptir. Sat\u0131n al\u0131rken, yetersiz so\u011futman\u0131n neden oldu\u011fu h\u0131zland\u0131r\u0131lm\u0131\u015f \u0131\u015f\u0131k bozulmas\u0131n\u0131 \u00f6nlemek i\u00e7in \u00fcr\u00fcn\u00fcn \u0131s\u0131 yayma \u00f6zelliklerini inceleyin veya sayg\u0131n markalar\u0131 tercih edin.<\/p>\n\n\n\n<h2 class=\"wp-block-heading\"><strong>V. Ak\u0131ll\u0131 Kontrol: Esnekli\u011fi Art\u0131rmak<\/strong><strong><\/strong><\/h2>\n\n\n\n<p>IoT geli\u015fmeleriyle birlikte, **karartma\/renk ayar\u0131 ve uzaktan kumanda** \u00f6zellikli LED projekt\u00f6rler yayg\u0131nla\u015f\u0131yor. Kullan\u0131c\u0131lar, mobil uygulamalar veya ak\u0131ll\u0131 sistemler arac\u0131l\u0131\u011f\u0131yla parlakl\u0131\u011f\u0131, renk s\u0131cakl\u0131\u011f\u0131n\u0131 ve hatta \u00f6nceden ayarlanm\u0131\u015f sahne modlar\u0131n\u0131 (\u00f6rne\u011fin, tatil \u0131\u015f\u0131\u011f\u0131 ekranlar\u0131) zahmetsizce ayarlayabilir ve enerji verimlili\u011fini ki\u015fisel ihtiya\u00e7larla dengeleyebilir.<\/p>\n\n\n\n<p class=\"has-text-align-left\">LED projekt\u00f6rlerin performans\u0131 ve kalitesi, ayd\u0131nlatma sonu\u00e7lar\u0131n\u0131 ve yat\u0131r\u0131m getirilerini do\u011frudan etkiler. CCC, CE ve RoHS sertifikal\u0131 \u00fcr\u00fcnlere \u00f6ncelik verin ve markan\u0131n sat\u0131\u015f sonras\u0131 hizmetlerini (\u00f6r. garanti s\u00fcresi, teknik destek) de\u011ferlendirin. \u00d6nde gelen bir LED ayd\u0131nlatma \u00e7\u00f6z\u00fcmleri sa\u011flay\u0131c\u0131s\u0131 olarak Mingshida, g\u00fcvenli, verimli ve estetik a\u00e7\u0131dan ho\u015f ayd\u0131nlatma ortamlar\u0131 olu\u015fturman\u0131za yard\u0131mc\u0131 olmak i\u00e7in \u00f6zelle\u015ftirme se\u00e7enekleriyle birlikte eksiksiz bir uygun maliyetli projekt\u00f6r yelpazesi sunar.<\/p>\n\n\n\n<p>Standart: <a href=\"http:\/\/www.iec.com\" rel=\"nofollow noopener\" target=\"_blank\">IEC60598<\/a><\/p>\n\n\n\n<div class=\"wp-block-uagb-container uagb-block-c7d898dd alignfull uagb-is-root-container\"><div class=\"uagb-container-inner-blocks-wrap\"><\/div><\/div>\n\n\n\n<h2 class=\"wp-block-heading\">\u0130lgili \u00dcr\u00fcnler<\/h2>\n\n\n\n<div class=\"wp-block-uagb-container uagb-block-66e4defc alignfull uagb-is-root-container\"><div class=\"uagb-container-inner-blocks-wrap\">\n<div class=\"wp-block-uagb-container uagb-block-a42945f9\">\n<div class=\"wp-block-uagb-image uagb-block-7296296b wp-block-uagb-image--layout-default wp-block-uagb-image--effect-static wp-block-uagb-image--align-none\"><figure class=\"wp-block-uagb-image__figure\"><a class=\"\" href=\"https:\/\/led.amasly.com\/tr\/products\/\" target=\"\" rel=\"noopener\"><img decoding=\"async\" srcset=\"https:\/\/led.amasly.com\/wp-content\/uploads\/2024\/09\/Explosion-proof-high-bay-lights.png ,https:\/\/led.amasly.com\/wp-content\/uploads\/2024\/09\/Explosion-proof-high-bay-lights.png 780w, https:\/\/led.amasly.com\/wp-content\/uploads\/2024\/09\/Explosion-proof-high-bay-lights.png 360w\" sizes=\"auto, (max-width: 480px) 150px\" src=\"https:\/\/led.amasly.com\/wp-content\/uploads\/2024\/09\/Explosion-proof-high-bay-lights.png\" alt=\"\" class=\"uag-image-1495\" width=\"300\" height=\"300\" title=\"Patlamaya dayan\u0131kl\u0131 y\u00fcksek tavan lambalar\u0131\" loading=\"lazy\" role=\"img\"><\/a><\/figure><\/div>\n<\/div>\n\n\n\n<div class=\"wp-block-uagb-container uagb-block-4d3efde5\">\n<div class=\"wp-block-uagb-image uagb-block-c9e90797 wp-block-uagb-image--layout-default wp-block-uagb-image--effect-static wp-block-uagb-image--align-none\"><figure class=\"wp-block-uagb-image__figure\"><a class=\"\" href=\"https:\/\/led.amasly.com\/tr\/products\/\" target=\"\" rel=\"noopener\"><img decoding=\"async\" srcset=\"https:\/\/led.amasly.com\/wp-content\/uploads\/2024\/07\/LED-tri-proof-lights2.png ,https:\/\/led.amasly.com\/wp-content\/uploads\/2024\/07\/LED-tri-proof-lights2.png 780w, https:\/\/led.amasly.com\/wp-content\/uploads\/2024\/07\/LED-tri-proof-lights2.png 360w\" sizes=\"auto, (max-width: 480px) 150px\" src=\"https:\/\/led.amasly.com\/wp-content\/uploads\/2024\/07\/LED-tri-proof-lights2.png\" alt=\"\" class=\"uag-image-1132\" width=\"300\" height=\"300\" title=\"LED-tri-proof-\u0131\u015f\u0131klar2\" loading=\"lazy\" role=\"img\"><\/a><\/figure><\/div>\n<\/div>\n\n\n\n<div class=\"wp-block-uagb-container uagb-block-11c2578b\">\n<div class=\"wp-block-uagb-image uagb-block-6e8883aa wp-block-uagb-image--layout-default wp-block-uagb-image--effect-static wp-block-uagb-image--align-none\"><figure class=\"wp-block-uagb-image__figure\"><a class=\"\" href=\"https:\/\/led.amasly.com\/tr\/products\/\" target=\"\" rel=\"noopener\"><img decoding=\"async\" srcset=\"https:\/\/led.amasly.com\/wp-content\/uploads\/2024\/09\/LED-Explosion-Proof-Gas-Station-Light.png ,https:\/\/led.amasly.com\/wp-content\/uploads\/2024\/09\/LED-Explosion-Proof-Gas-Station-Light.png 780w, https:\/\/led.amasly.com\/wp-content\/uploads\/2024\/09\/LED-Explosion-Proof-Gas-Station-Light.png 360w\" sizes=\"auto, (max-width: 480px) 150px\" src=\"https:\/\/led.amasly.com\/wp-content\/uploads\/2024\/09\/LED-Explosion-Proof-Gas-Station-Light.png\" alt=\"\" class=\"uag-image-1501\" width=\"300\" height=\"300\" title=\"LED Patlamaya Dayan\u0131kl\u0131 Benzin \u0130stasyonu I\u015f\u0131\u011f\u0131\" loading=\"lazy\" role=\"img\"><\/a><\/figure><\/div>\n<\/div>\n<\/div><\/div>\n\n\n\n<div class=\"wp-block-uagb-container uagb-block-548945b5 alignfull uagb-is-root-container\"><div class=\"uagb-container-inner-blocks-wrap\">\n<div class=\"wp-block-uagb-container uagb-block-967755d5\">\n<h4 class=\"wp-block-heading has-text-align-center\"><a href=\"https:\/\/led.amasly.com\/tr\/products\/\">LED Patlamaya Dayan\u0131kl\u0131 I\u015f\u0131klar<\/a><\/h4>\n<\/div>\n\n\n\n<div class=\"wp-block-uagb-container uagb-block-9bc52fc2\">\n<h4 class=\"wp-block-heading has-text-align-center\"><a href=\"https:\/\/led.amasly.com\/tr\/products\/\">LED Tri-Proof I\u015f\u0131klar<\/a><\/h4>\n<\/div>\n\n\n\n<div class=\"wp-block-uagb-container uagb-block-8ffa0a23\">\n<h4 class=\"wp-block-heading has-text-align-center\"><a href=\"https:\/\/led.amasly.com\/tr\/products\/\">Patlamaya Dayan\u0131kl\u0131 Benzin \u0130stasyonu I\u015f\u0131klar\u0131<\/a><\/h4>\n<\/div>\n<\/div><\/div>\n\n\n\n<div class=\"wp-block-uagb-container uagb-block-29499fe0 alignfull uagb-is-root-container\"><div class=\"uagb-container-inner-blocks-wrap\">\n<div class=\"wp-block-uagb-container uagb-block-777ee1c7\">\n<div class=\"wp-block-uagb-image uagb-block-2e9a1851 wp-block-uagb-image--layout-default wp-block-uagb-image--effect-static wp-block-uagb-image--align-none\"><figure class=\"wp-block-uagb-image__figure\"><a class=\"\" href=\"https:\/\/led.amasly.com\/tr\/products\/\" target=\"\" rel=\"noopener\"><img decoding=\"async\" srcset=\"https:\/\/led.amasly.com\/wp-content\/uploads\/2024\/10\/50W-100W-150W-200W-300W-LED-Flood-Light.jpg ,https:\/\/led.amasly.com\/wp-content\/uploads\/2024\/10\/50W-100W-150W-200W-300W-LED-Flood-Light.jpg 780w, https:\/\/led.amasly.com\/wp-content\/uploads\/2024\/10\/50W-100W-150W-200W-300W-LED-Flood-Light.jpg 360w\" sizes=\"auto, (max-width: 480px) 150px\" src=\"https:\/\/led.amasly.com\/wp-content\/uploads\/2024\/10\/50W-100W-150W-200W-300W-LED-Flood-Light.jpg\" alt=\"\" class=\"uag-image-1526\" width=\"300\" height=\"300\" title=\"50W 100W 150W 200W 300W LED Ta\u015fk\u0131n I\u015f\u0131k\" loading=\"lazy\" role=\"img\"><\/a><\/figure><\/div>\n<\/div>\n\n\n\n<div class=\"wp-block-uagb-container uagb-block-af8c8683\">\n<div class=\"wp-block-uagb-image uagb-block-67947854 wp-block-uagb-image--layout-default wp-block-uagb-image--effect-static wp-block-uagb-image--align-none\"><figure class=\"wp-block-uagb-image__figure\"><a class=\"\" href=\"https:\/\/led.amasly.com\/tr\/products\/\" target=\"\" rel=\"noopener\"><img decoding=\"async\" srcset=\"https:\/\/led.amasly.com\/wp-content\/uploads\/2024\/07\/led-tri-proof-light.png ,https:\/\/led.amasly.com\/wp-content\/uploads\/2024\/07\/led-tri-proof-light.png 780w, https:\/\/led.amasly.com\/wp-content\/uploads\/2024\/07\/led-tri-proof-light.png 360w\" sizes=\"auto, (max-width: 480px) 150px\" src=\"https:\/\/led.amasly.com\/wp-content\/uploads\/2024\/07\/led-tri-proof-light.png\" alt=\"\" class=\"uag-image-1130\" width=\"300\" height=\"300\" title=\"led-tri-proof-\u0131\u015f\u0131k\" loading=\"lazy\" role=\"img\"><\/a><\/figure><\/div>\n<\/div>\n\n\n\n<div class=\"wp-block-uagb-container uagb-block-0fdfdd58\">\n<div class=\"wp-block-uagb-image uagb-block-1187d32d wp-block-uagb-image--layout-default wp-block-uagb-image--effect-static wp-block-uagb-image--align-none\"><figure class=\"wp-block-uagb-image__figure\"><a class=\"\" href=\"https:\/\/led.amasly.com\/tr\/products\/\" target=\"\" rel=\"noopener\"><img decoding=\"async\" srcset=\"https:\/\/led.amasly.com\/wp-content\/uploads\/2024\/07\/LED-street-light.jpg ,https:\/\/led.amasly.com\/wp-content\/uploads\/2024\/07\/LED-street-light.jpg 780w, https:\/\/led.amasly.com\/wp-content\/uploads\/2024\/07\/LED-street-light.jpg 360w\" sizes=\"auto, (max-width: 480px) 150px\" src=\"https:\/\/led.amasly.com\/wp-content\/uploads\/2024\/07\/LED-street-light.jpg\" alt=\"\" class=\"uag-image-1145\" width=\"300\" height=\"300\" title=\"LED-sokak-\u0131\u015f\u0131\u011f\u0131\" loading=\"lazy\" role=\"img\"><\/a><\/figure><\/div>\n<\/div>\n<\/div><\/div>\n\n\n\n<div class=\"wp-block-uagb-container uagb-block-6a60882c alignfull uagb-is-root-container\"><div class=\"uagb-container-inner-blocks-wrap\">\n<div class=\"wp-block-uagb-container uagb-block-f1e91a35\">\n<h4 class=\"wp-block-heading has-text-align-center\"><a href=\"https:\/\/led.amasly.com\/tr\/products\/\">LED Sel I\u015f\u0131klar\u0131<\/a><\/h4>\n<\/div>\n\n\n\n<div class=\"wp-block-uagb-container uagb-block-165bfa58\">\n<h4 class=\"wp-block-heading has-text-align-center\"><a href=\"https:\/\/led.amasly.com\/tr\/products\/\">LED Tri-Proof T\u00fcp I\u015f\u0131klar<\/a><\/h4>\n<\/div>\n\n\n\n<div class=\"wp-block-uagb-container uagb-block-f6096e3b\">\n<h4 class=\"wp-block-heading has-text-align-center\"><a href=\"https:\/\/led.amasly.com\/tr\/products\/\">LED Sokak Lambalar\u0131<\/a><\/h4>\n<\/div>\n<\/div><\/div>\n\n\n\n<div class=\"wp-block-uagb-container uagb-block-99c0e0a5 alignfull uagb-is-root-container\"><div class=\"uagb-container-inner-blocks-wrap\"><\/div><\/div>\n\n\n\n<p><\/p>","protected":false},"excerpt":{"rendered":"<p>How to Choose the Right LED Flood Lights? These 5 Key Points You Must Know! LED flood lights are the top choice for high efficiency and energy savings. Five core factors guide your precise decision-making: Power matching for scenarios delivers high luminous efficacy and low electricity costs; Color temperature and CRI shape ambiance; IP protection [&hellip;]<\/p>\n","protected":false},"author":1,"featured_media":0,"parent":4122,"menu_order":0,"comment_status":"closed","ping_status":"closed","template":"","meta":{"_uag_custom_page_level_css":"","site-sidebar-layout":"no-sidebar","site-content-layout":"","ast-site-content-layout":"default","site-content-style":"default","site-sidebar-style":"default","ast-global-header-display":"","ast-banner-title-visibility":"","ast-main-header-display":"","ast-hfb-above-header-display":"","ast-hfb-below-header-display":"","ast-hfb-mobile-header-display":"","site-post-title":"disabled","ast-breadcrumbs-content":"","ast-featured-img":"","footer-sml-layout":"","ast-disable-related-posts":"","theme-transparent-header-meta":"enabled","adv-header-id-meta":"","stick-header-meta":"","header-above-stick-meta":"","header-main-stick-meta":"","header-below-stick-meta":"","astra-migrate-meta-layouts":"set","ast-page-background-enabled":"default","ast-page-background-meta":{"desktop":{"background-color":"var(--ast-global-color-4)","background-image":"","background-repeat":"repeat","background-position":"center center","background-size":"auto","background-attachment":"scroll","background-type":"","background-media":"","overlay-type":"","overlay-color":"","overlay-opacity":"","overlay-gradient":""},"tablet":{"background-color":"","background-image":"","background-repeat":"repeat","background-position":"center center","background-size":"auto","background-attachment":"scroll","background-type":"","background-media":"","overlay-type":"","overlay-color":"","overlay-opacity":"","overlay-gradient":""},"mobile":{"background-color":"","background-image":"","background-repeat":"repeat","background-position":"center center","background-size":"auto","background-attachment":"scroll","background-type":"","background-media":"","overlay-type":"","overlay-color":"","overlay-opacity":"","overlay-gradient":""}},"ast-content-background-meta":{"desktop":{"background-color":"var(--ast-global-color-5)","background-image":"","background-repeat":"repeat","background-position":"center center","background-size":"auto","background-attachment":"scroll","background-type":"","background-media":"","overlay-type":"","overlay-color":"","overlay-opacity":"","overlay-gradient":""},"tablet":{"background-color":"var(--ast-global-color-5)","background-image":"","background-repeat":"repeat","background-position":"center center","background-size":"auto","background-attachment":"scroll","background-type":"","background-media":"","overlay-type":"","overlay-color":"","overlay-opacity":"","overlay-gradient":""},"mobile":{"background-color":"var(--ast-global-color-5)","background-image":"","background-repeat":"repeat","background-position":"center center","background-size":"auto","background-attachment":"scroll","background-type":"","background-media":"","overlay-type":"","overlay-color":"","overlay-opacity":"","overlay-gradient":""}},"footnotes":""},"class_list":["post-4196","page","type-page","status-publish","hentry"],"uagb_featured_image_src":{"full":false,"thumbnail":false,"medium":false,"medium_large":false,"large":false,"1536x1536":false,"2048x2048":false,"trp-custom-language-flag":false},"uagb_author_info":{"display_name":"Joe","author_link":"https:\/\/led.amasly.com\/tr\/author\/jacklin\/"},"uagb_comment_info":0,"uagb_excerpt":"How to Choose the Right LED Flood Lights? These 5 Key Points You Must Know! LED flood lights are the top choice for high efficiency and energy savings. Five core factors guide your precise decision-making: Power matching for scenarios delivers high luminous efficacy and low electricity costs; Color temperature and CRI shape ambiance; IP protection&hellip;","_links":{"self":[{"href":"https:\/\/led.amasly.com\/tr\/wp-json\/wp\/v2\/pages\/4196","targetHints":{"allow":["GET"]}}],"collection":[{"href":"https:\/\/led.amasly.com\/tr\/wp-json\/wp\/v2\/pages"}],"about":[{"href":"https:\/\/led.amasly.com\/tr\/wp-json\/wp\/v2\/types\/page"}],"author":[{"embeddable":true,"href":"https:\/\/led.amasly.com\/tr\/wp-json\/wp\/v2\/users\/1"}],"replies":[{"embeddable":true,"href":"https:\/\/led.amasly.com\/tr\/wp-json\/wp\/v2\/comments?post=4196"}],"version-history":[{"count":3,"href":"https:\/\/led.amasly.com\/tr\/wp-json\/wp\/v2\/pages\/4196\/revisions"}],"predecessor-version":[{"id":4711,"href":"https:\/\/led.amasly.com\/tr\/wp-json\/wp\/v2\/pages\/4196\/revisions\/4711"}],"up":[{"embeddable":true,"href":"https:\/\/led.amasly.com\/tr\/wp-json\/wp\/v2\/pages\/4122"}],"wp:attachment":[{"href":"https:\/\/led.amasly.com\/tr\/wp-json\/wp\/v2\/media?parent=4196"}],"curies":[{"name":"wp","href":"https:\/\/api.w.org\/{rel}","templated":true}]}}