{"id":4001,"date":"2025-05-28T22:22:23","date_gmt":"2025-05-28T14:22:23","guid":{"rendered":"https:\/\/led.amasly.com\/?page_id=4001"},"modified":"2026-01-18T14:21:05","modified_gmt":"2026-01-18T06:21:05","slug":"explosion-proof-torch-lights-price","status":"publish","type":"page","link":"https:\/\/led.amasly.com\/tr\/light-price\/explosion-proof-torch-lights-price\/","title":{"rendered":"Patlamaya Dayan\u0131kl\u0131 Me\u015fale I\u015f\u0131klar\u0131 Fiyat"},"content":{"rendered":"<div class=\"wp-block-uagb-container uagb-block-27bae773 alignfull uagb-is-root-container\"><div class=\"uagb-container-inner-blocks-wrap\"><\/div><\/div>\n\n\n\n<h1 class=\"wp-block-heading has-text-align-center\"><strong>Amasly<\/strong> <strong>Patlamaya dayan\u0131kl\u0131 tor\u00e7<\/strong> <strong>\u0131\u015f\u0131klar Fiyat<\/strong><\/h1>\n\n\n\n<h2 class=\"wp-block-heading\"><strong>Amasly patlamaya dayan\u0131kl\u0131 el fenerleri<strong> <\/strong><\/strong><\/h2>\n\n\n\n<h3 class=\"wp-block-heading\"><strong>Patlamaya dayan\u0131kl\u0131 ayd\u0131nlatma armat\u00fcr\u00fc<\/strong> <strong>fiyat\u0131 etkileyen fakt\u00f6rler:<\/strong><\/h3>\n\n\n\n<p>Patlamaya dayan\u0131kl\u0131 \u0131\u015f\u0131klar, daha y\u00fcksek tasar\u0131m ve \u00fcretim maliyetleri nedeniyle genellikle normal \u0131\u015f\u0131klardan daha pahal\u0131d\u0131r. Ancak yan\u0131c\u0131 ve patlay\u0131c\u0131 ortamlarda \u00e7al\u0131\u015fmas\u0131 gerekenler i\u00e7in patlamaya dayan\u0131kl\u0131 \u0131\u015f\u0131klar\u0131n kullan\u0131lmas\u0131 yang\u0131n veya patlama riskini b\u00fcy\u00fck \u00f6l\u00e7\u00fcde azaltabilir.<\/p>\n\n\n\n<p>Patlamaya dayan\u0131kl\u0131 \u0131\u015f\u0131k fiyat\u0131, esas olarak malzeme, teknoloji, konfig\u00fcrasyon ve parametreler, kalite sertifikas\u0131, piyasa arz ve talebi, marka ve men\u015fe ve \u00f6zelle\u015ftirme ihtiya\u00e7lar\u0131 dahil olmak \u00fczere \u00e7e\u015fitli fakt\u00f6rlerden etkilenir.<\/p>\n\n\n\n<h2 class=\"wp-block-heading\"><strong>Amasly patlamaya dayan\u0131kl\u0131 el feneri \u00f6zellikleri<\/strong><\/h2>\n\n\n\n<p>G\u00fcvenli ve g\u00fcvenilir: \u00dcr\u00fcn patlamaya dayan\u0131kl\u0131 performansa sahiptir, \u00e7e\u015fitli yan\u0131c\u0131 ve patlay\u0131c\u0131 yerlerde \u00e7al\u0131\u015fabilir.<\/p>\n\n\n\n<p><br>Enerji tasarruflu: LED \u0131\u015f\u0131k kayna\u011f\u0131, y\u00fcksek \u0131\u015f\u0131k verimlili\u011fi, y\u00fcksek renksel geriverim.<\/p>\n\n\n\n<p><br>Ekonomi ve \u00e7evre koruma: Y\u00fcksek enerjili haf\u0131zas\u0131z piller, b\u00fcy\u00fck kapasite, uzun \u00f6m\u00fcr, herhangi bir zamanda \u015farj edilebilir, kullan\u0131m d\u00f6ng\u00fcs\u00fc, d\u00fc\u015f\u00fck kendi kendine de\u015farj oran\u0131, d\u00fc\u015f\u00fck kendi kendine de\u015farj oran\u0131 ve herhangi bir zamanda kullan\u0131labilir. D\u00fc\u015f\u00fck kendi kendine de\u015farj oran\u0131, ekonomik ve \u00e7evre koruma.<\/p>\n\n\n\n<p><br>Ak\u0131ll\u0131 kontrol: darbeli karartma teknolojisi, g\u00fc\u00e7l\u00fc \u0131\u015f\u0131k ve \u00e7al\u0131\u015fma \u0131\u015f\u0131\u011f\u0131 iste\u011fe g\u00f6re d\u00f6n\u00fc\u015ft\u00fcr\u00fclebilir; a\u015f\u0131r\u0131 \u015farj ve k\u0131sa devre korumal\u0131 ak\u0131ll\u0131 \u015farj cihaz\u0131.<\/p>\n\n\n\n<p><br>Ak\u0131ll\u0131 \u015farj cihaz\u0131, a\u015f\u0131r\u0131 \u015farj, k\u0131sa devre korumas\u0131 ve \u015farj g\u00f6r\u00fcnt\u00fcleme cihaz\u0131 ile donat\u0131lm\u0131\u015ft\u0131r, bu da lamban\u0131n \u00f6mr\u00fcn\u00fc uzatabilir.<br>Ak\u0131ll\u0131 \u015farj cihaz\u0131, lambalar\u0131n hizmet \u00f6mr\u00fcn\u00fc uzatabilen a\u015f\u0131r\u0131 \u015farj korumas\u0131 ve k\u0131sa devre korumas\u0131 ve \u015farj g\u00f6r\u00fcnt\u00fcleme cihaz\u0131 ile donat\u0131lm\u0131\u015ft\u0131r.<\/p>\n\n\n\n<p><br>Su ge\u00e7irmez ve d\u00fc\u015fmeyi \u00f6nleyici: Kabuk, \u00fcr\u00fcn\u00fcn \u00e7arp\u0131\u015fma ve darbeye dayanabilmesini sa\u011flamak i\u00e7in ala\u015f\u0131ml\u0131 malzemeden yap\u0131lm\u0131\u015ft\u0131r; \u00e7oklu<br>su ge\u00e7irmez yap\u0131.<\/p>\n\n\n\n<p><br>G\u00fc\u00e7 g\u00f6stergesi: lamban\u0131n ucundaki d\u00f6rt segmentli g\u00fc\u00e7 g\u00f6stergesi, lamban\u0131n g\u00fc\u00e7 durumunu istedi\u011finiz zaman \u00f6\u011frenebilirsiniz; ba\u015fka bir azimut \u0131\u015f\u0131\u011f\u0131 i\u015flevi, elektrik kesintisi durumunda lamba uzun s\u00fcre kullan\u0131labilir.<\/p>\n\n\n\n<p><br>Y\u00f6nlendirme \u0131\u015f\u0131\u011f\u0131 i\u015flevine ek olarak, a\u00e7\u0131k durumda y\u00f6nlendirme \u0131\u015f\u0131\u011f\u0131 her zaman yanar ve \u0131\u015f\u0131k kapat\u0131ld\u0131ktan sonra y\u00f6nlendirme \u0131\u015f\u0131\u011f\u0131 ayn\u0131 anda kapat\u0131l\u0131r.<\/p>\n\n\n\n<p><br>I\u015f\u0131k a\u00e7\u0131kken y\u00f6nlendirme \u0131\u015f\u0131\u011f\u0131 her zaman yanar ve \u0131\u015f\u0131k kapal\u0131yken y\u00f6nlendirme \u0131\u015f\u0131\u011f\u0131 s\u00f6ner.<\/p>\n\n\n\n<p><br>G\u00fc\u00e7l\u00fc parazitlere kar\u015f\u0131 dayan\u0131kl\u0131: bilimsel mod\u00fcl s\u00fcr\u00fcc\u00fc devresinin kullan\u0131m\u0131, titre\u015fim \u00f6nleyici, anti-elektromanyetik parazit yetene\u011fi.<\/p>\n\n\n\n<p><br>Is\u0131 yal\u0131t\u0131m\u0131: LED radyat\u00f6r ve pil, lamban\u0131n stabilitesini art\u0131rmak i\u00e7in etkili bir \u015fekilde izole edilmi\u015ftir.<\/p>\n\n\n\n<p><br>Hafif ve dayan\u0131kl\u0131: lambalar ve fenerler k\u00fc\u00e7\u00fck boyutlu, hafif, kompakt yap\u0131da, hafif ve g\u00fczeldir; elde ta\u015f\u0131nabilir, e\u011filebilir, as\u0131labilir ve di\u011fer ta\u015f\u0131ma t\u00fcrleri olabilir.<\/p>\n\n\n\n<p><br>\u00c7e\u015fitli \u00e7al\u0131\u015fma gereksinimlerini kar\u015f\u0131lamak i\u00e7in elle, e\u011filerek, as\u0131larak vb. ta\u015f\u0131nabilir.<\/p>\n\n\n\n<h2 class=\"wp-block-heading\">Amasly Tan\u0131t\u0131m<\/h2>\n\n\n\n<p>Amasly bir \u00c7in patlamaya dayan\u0131kl\u0131 ayd\u0131nlatma tedarik\u00e7isi olarak, patlamaya dayan\u0131kl\u0131 ayd\u0131nlatma \u00fcr\u00fcnleri \u015funlar\u0131 i\u00e7erir: yuvarlak patlamaya dayan\u0131kl\u0131 \u0131\u015f\u0131klar (Patlamaya Dayan\u0131kl\u0131 Y\u00fcksek Bay I\u015f\u0131klar), kare patlamaya dayan\u0131kl\u0131 \u0131\u015f\u0131klar (Patlamaya Dayan\u0131kl\u0131 Sel I\u015f\u0131klar\u0131), do\u011frusal patlamaya dayan\u0131kl\u0131 \u0131\u015f\u0131klar, patlamaya dayan\u0131kl\u0131 t\u00fcp \u0131\u015f\u0131klar, patlamaya dayan\u0131kl\u0131 g\u00f6sterge \u0131\u015f\u0131klar\u0131, patlamaya dayan\u0131kl\u0131 acil durum \u0131\u015f\u0131klar\u0131, t\u00fcm patlamaya dayan\u0131kl\u0131 \u0131\u015f\u0131klar\u0131m\u0131z ATEX onayl\u0131d\u0131r ve \u00e7ok rekabet\u00e7i bir fiyata sunulmaktad\u0131r.<\/p>\n\n\n\n<p>Amasly Lighting, mekanlar\u0131 yarat\u0131c\u0131l\u0131k, yenilik\u00e7ilik ve s\u00fcrd\u00fcr\u00fclebilirlikle ayd\u0131nlatmaya adanm\u0131\u015f lider bir profesyonel ayd\u0131nlatma \u015firketidir. Kalite, verimlilik ve m\u00fc\u015fteri memnuniyetine odaklanarak, m\u00fc\u015fterilerimizin \u00e7e\u015fitli ihtiya\u00e7lar\u0131n\u0131 kar\u015f\u0131lamak i\u00e7in \u00f6zel olarak tasarlanm\u0131\u015f kapsaml\u0131 bir dizi son teknoloji ayd\u0131nlatma \u00e7\u00f6z\u00fcm\u00fc sunuyoruz.<\/p>\n\n\n\n<p>\u00dcr\u00fcnlerimiz Avrupa ve Amerika Birle\u015fik Devletleri gibi d\u00fcnya \u00e7ap\u0131nda 68 \u00fclkeye ihra\u00e7 edilmi\u015f ve y\u00fcksek kaliteli \u00fcr\u00fcnleriyle d\u00fcnyan\u0131n \u00f6nde gelen ayd\u0131nlatma \u00fcr\u00fcn\u00fc tedarik\u00e7ilerinin takdirini kazanm\u0131\u015ft\u0131r.<\/p>\n\n\n\n<h2 class=\"wp-block-heading\"><strong>Amasly patlamaya dayan\u0131kl\u0131 me\u015fale<\/strong> <strong>\u0131\u015f\u0131klar<\/strong> <strong>fiyat<\/strong><\/h2>\n\n\n\n<div class=\"wp-block-uagb-image uagb-block-b5e91b46 wp-block-uagb-image--layout-default wp-block-uagb-image--effect-static wp-block-uagb-image--align-none\"><figure class=\"wp-block-uagb-image__figure\"><img decoding=\"async\" srcset=\"https:\/\/led.amasly.com\/wp-content\/uploads\/2024\/12\/explosion-proof-flashlights-explosion-proof-mobile-work-lights.jpg ,https:\/\/led.amasly.com\/wp-content\/uploads\/2024\/12\/explosion-proof-flashlights-explosion-proof-mobile-work-lights.jpg 780w, https:\/\/led.amasly.com\/wp-content\/uploads\/2024\/12\/explosion-proof-flashlights-explosion-proof-mobile-work-lights.jpg 360w\" sizes=\"auto, (max-width: 480px) 150px\" src=\"https:\/\/led.amasly.com\/wp-content\/uploads\/2024\/12\/explosion-proof-flashlights-explosion-proof-mobile-work-lights.jpg\" alt=\"Explosion proof torch lights Price\" class=\"uag-image-1584\" width=\"617\" height=\"453\" title=\"patlamaya dayan\u0131kl\u0131 el fenerleri patlamaya dayan\u0131kl\u0131 mobil \u00e7al\u0131\u015fma lambalar\u0131\" loading=\"lazy\" role=\"img\"\/><\/figure><\/div>\n\n\n\n<figure class=\"wp-block-table\"><table class=\"has-fixed-layout\"><tbody><tr><td>7626<\/td><td>3W<\/td><td>$16.25<\/td><\/tr><tr><td>7210<\/td><td>3W<\/td><td>$28.67<\/td><\/tr><tr><td>7102<\/td><td>9W<\/td><td>$37.27<\/td><\/tr><tr><td>6106<\/td><td>30W<\/td><td>$183.83<\/td><\/tr><\/tbody><\/table><\/figure>\n\n\n\n<h2 class=\"wp-block-heading\"><strong>Amasly Light SSS<\/strong><\/h2>\n\n\n\n<p><strong>S1.Led \u0131\u015f\u0131k i\u00e7in \u00f6rnek bir sipari\u015f alabilir miyim?<\/strong><strong><\/strong><\/p>\n\n\n\n<p>C: Evet, kaliteyi test etmek ve kontrol etmek i\u00e7in numune sipari\u015fini memnuniyetle kar\u015f\u0131l\u0131yoruz. Kar\u0131\u015f\u0131k numuneler kabul edilebilir.<\/p>\n\n\n\n<p><strong>S2.Teslim s\u00fcresi ne olacak?<\/strong><strong><\/strong><\/p>\n\n\n\n<p>C: Numune 3-5 g\u00fcne, seri \u00fcretim s\u00fcresi 1-2 haftaya ihtiya\u00e7 duyar.<\/p>\n\n\n\n<p><strong>S3.Led \u0131\u015f\u0131k sipari\u015fi i\u00e7in herhangi bir MOQ s\u0131n\u0131r\u0131n\u0131z var m\u0131?<\/strong><strong><\/strong><\/p>\n\n\n\n<p>C: Numune kontrol\u00fc i\u00e7in d\u00fc\u015f\u00fck MOQ 1 adet mevcuttur.<\/p>\n\n\n\n<p><strong>Q4. Mallar\u0131 nas\u0131l g\u00f6nderiyorsunuz ve ula\u015fmas\u0131 ne kadar s\u00fcr\u00fcyor?<\/strong><strong><\/strong><\/p>\n\n\n\n<p>C: Genellikle \u015fu yolla g\u00f6nderiyoruz <a href=\"https:\/\/www.dhl.com\" rel=\"nofollow noopener\" target=\"_blank\">DHL<\/a>, UPS, FedEx veya TNT. Ula\u015fmas\u0131 genellikle 3-5 g\u00fcn s\u00fcrer. Hava hatt\u0131 ve deniz ta\u015f\u0131mac\u0131l\u0131\u011f\u0131 da iste\u011fe ba\u011fl\u0131d\u0131r.<\/p>\n\n\n\n<p><strong>Q5. Led \u0131\u015f\u0131k sipari\u015fine nas\u0131l devam edilir?<\/strong><strong><\/strong><\/p>\n\n\n\n<p>A:<\/p>\n\n\n\n<p>\u00d6ncelikle gereksinimlerinizi veya ba\u015fvurunuzu bize bildirin.<\/p>\n\n\n\n<p>\u0130kinci olarak, gereksinimlerinize veya \u00f6nerilerimize g\u00f6re teklif veriyoruz.<\/p>\n\n\n\n<p>\u00dc\u00e7\u00fcnc\u00fc olarak, m\u00fc\u015fteri numuneleri onaylar ve resmi sipari\u015f i\u00e7in depozito yat\u0131r\u0131r.<\/p>\n\n\n\n<p>D\u00f6rd\u00fcnc\u00fc olarak, \u00fcretimi d\u00fczenliyoruz.<\/p>\n\n\n\n<p><strong>S6.Benimkini yazd\u0131rmak sorun olur mu <\/strong><strong>LOGO<\/strong><strong>&nbsp;led \u0131\u015f\u0131k \u00fcr\u00fcn\u00fcnde?<\/strong><strong><\/strong><\/p>\n\n\n\n<p>C: Evet, l\u00fctfen \u00fcretimimizden \u00f6nce bizi resmi olarak bilgilendirin ve \u00f6ncelikle \u00f6rne\u011fimize g\u00f6re tasar\u0131m\u0131 onaylay\u0131n.<\/p>\n\n\n\n<p><strong>S7: \u00dcr\u00fcnler i\u00e7in garanti sunuyor musunuz?<\/strong><strong><\/strong><\/p>\n\n\n\n<p>C: Evet, \u00fcr\u00fcnlerimiz i\u00e7in 2-5 y\u0131l garanti sunuyoruz.<\/p>\n\n\n\n<p><strong>S8: Ar\u0131zal\u0131 \u00fcr\u00fcnle nas\u0131l ba\u015fa \u00e7\u0131k\u0131l\u0131r?<\/strong><strong><\/strong><\/p>\n\n\n\n<p>A:<\/p>\n\n\n\n<p>\u00d6ncelikle, \u00fcr\u00fcnlerimiz dinstrict kalite kontrol sistemi \u00fcretmektedir ve kusurlu oran 0.2%'den az olacakt\u0131r.<\/p>\n\n\n\n<p>\u0130kinci olarak, garanti s\u00fcresi boyunca, k\u00f6t\u00fc par\u00e7ay\u0131 de\u011fi\u015ftirmek i\u00e7in par\u00e7alar sa\u011flayaca\u011f\u0131z. Toplu sipari\u015fler i\u00e7in, savunmas\u0131z par\u00e7alar\u0131 \u00f6nceden sa\u011flayaca\u011f\u0131z veya ger\u00e7ek duruma g\u00f6re geri \u00e7a\u011f\u0131rma dahil \u00e7\u00f6z\u00fcmleri tart\u0131\u015fabiliriz.<\/p>\n\n\n\n<p><strong>S9: 12V, 24V, 36V veya 48V AC\/DC voltajlar\u0131nda d\u00fc\u015f\u00fck voltajl\u0131 patlamaya dayan\u0131kl\u0131 lambalar yapabilir miyiz? <\/strong><\/p>\n\n\n\n<p>Amasly hem d\u00fc\u015f\u00fck voltajl\u0131 hem de y\u00fcksek voltajl\u0131 patlamaya dayan\u0131kl\u0131 \u0131\u015f\u0131klar olarak kullan\u0131labilir - AC\/DC 12V, 24V, 36V, 48V, AC 85-265V, AC 380V. <\/p>\n\n\n\n<p><strong>Q10: Explosion Poof Lights acil durum pilleri eklenebilir mi? <\/strong><\/p>\n\n\n\n<p>Amasly patlamaya dayan\u0131kl\u0131 lamba acil durum lityum pilleri ile donat\u0131labilir. Acil durum s\u00fcresi 90 dakika, 120 dakika veya 180 dakikad\u0131r. <\/p>\n\n\n\n<p><strong>S11: Amasly patlamaya dayan\u0131kl\u0131 lamba bir OEM \u00fcr\u00fcn\u00fc olarak \u00f6zelle\u015ftirilebilir mi? <\/strong><\/p>\n\n\n\n<p>Amasly patlamaya dayan\u0131kl\u0131 lambalar, hem lambalar hem de ambalaj kartonlar\u0131 i\u00e7in m\u00fc\u015fteri gereksinimlerine g\u00f6re \u00f6zelle\u015ftirilebilir.<\/p>\n\n\n\n<div class=\"wp-block-uagb-container uagb-block-c7d898dd alignfull uagb-is-root-container\"><div class=\"uagb-container-inner-blocks-wrap\"><\/div><\/div>\n\n\n\n<h2 class=\"wp-block-heading\">\u0130lgili \u00dcr\u00fcnler<\/h2>\n\n\n\n<div class=\"wp-block-uagb-container uagb-block-66e4defc alignfull uagb-is-root-container\"><div class=\"uagb-container-inner-blocks-wrap\">\n<div class=\"wp-block-uagb-container uagb-block-a42945f9\">\n<div class=\"wp-block-uagb-image uagb-block-7296296b wp-block-uagb-image--layout-default wp-block-uagb-image--effect-static wp-block-uagb-image--align-none\"><figure class=\"wp-block-uagb-image__figure\"><a class=\"\" href=\"https:\/\/led.amasly.com\/tr\/products\/\" target=\"\" rel=\"noopener\"><img decoding=\"async\" srcset=\"https:\/\/led.amasly.com\/wp-content\/uploads\/2024\/09\/Explosion-proof-high-bay-lights.png ,https:\/\/led.amasly.com\/wp-content\/uploads\/2024\/09\/Explosion-proof-high-bay-lights.png 780w, https:\/\/led.amasly.com\/wp-content\/uploads\/2024\/09\/Explosion-proof-high-bay-lights.png 360w\" sizes=\"auto, (max-width: 480px) 150px\" src=\"https:\/\/led.amasly.com\/wp-content\/uploads\/2024\/09\/Explosion-proof-high-bay-lights.png\" alt=\"\" class=\"uag-image-1495\" width=\"300\" height=\"300\" title=\"Patlamaya dayan\u0131kl\u0131 y\u00fcksek tavan lambalar\u0131\" loading=\"lazy\" role=\"img\"><\/a><\/figure><\/div>\n<\/div>\n\n\n\n<div class=\"wp-block-uagb-container uagb-block-4d3efde5\">\n<div class=\"wp-block-uagb-image uagb-block-c9e90797 wp-block-uagb-image--layout-default wp-block-uagb-image--effect-static wp-block-uagb-image--align-none\"><figure class=\"wp-block-uagb-image__figure\"><a class=\"\" href=\"https:\/\/led.amasly.com\/tr\/products\/\" target=\"\" rel=\"noopener\"><img decoding=\"async\" srcset=\"https:\/\/led.amasly.com\/wp-content\/uploads\/2024\/07\/LED-tri-proof-lights2.png ,https:\/\/led.amasly.com\/wp-content\/uploads\/2024\/07\/LED-tri-proof-lights2.png 780w, https:\/\/led.amasly.com\/wp-content\/uploads\/2024\/07\/LED-tri-proof-lights2.png 360w\" sizes=\"auto, (max-width: 480px) 150px\" src=\"https:\/\/led.amasly.com\/wp-content\/uploads\/2024\/07\/LED-tri-proof-lights2.png\" alt=\"\" class=\"uag-image-1132\" width=\"300\" height=\"300\" title=\"LED-tri-proof-\u0131\u015f\u0131klar2\" loading=\"lazy\" role=\"img\"><\/a><\/figure><\/div>\n<\/div>\n\n\n\n<div class=\"wp-block-uagb-container uagb-block-11c2578b\">\n<div class=\"wp-block-uagb-image uagb-block-6e8883aa wp-block-uagb-image--layout-default wp-block-uagb-image--effect-static wp-block-uagb-image--align-none\"><figure class=\"wp-block-uagb-image__figure\"><a class=\"\" href=\"https:\/\/led.amasly.com\/tr\/products\/\" target=\"\" rel=\"noopener\"><img decoding=\"async\" srcset=\"https:\/\/led.amasly.com\/wp-content\/uploads\/2024\/09\/LED-Explosion-Proof-Gas-Station-Light.png ,https:\/\/led.amasly.com\/wp-content\/uploads\/2024\/09\/LED-Explosion-Proof-Gas-Station-Light.png 780w, https:\/\/led.amasly.com\/wp-content\/uploads\/2024\/09\/LED-Explosion-Proof-Gas-Station-Light.png 360w\" sizes=\"auto, (max-width: 480px) 150px\" src=\"https:\/\/led.amasly.com\/wp-content\/uploads\/2024\/09\/LED-Explosion-Proof-Gas-Station-Light.png\" alt=\"\" class=\"uag-image-1501\" width=\"300\" height=\"300\" title=\"LED Patlamaya Dayan\u0131kl\u0131 Benzin \u0130stasyonu I\u015f\u0131\u011f\u0131\" loading=\"lazy\" role=\"img\"><\/a><\/figure><\/div>\n<\/div>\n<\/div><\/div>\n\n\n\n<div class=\"wp-block-uagb-container uagb-block-548945b5 alignfull uagb-is-root-container\"><div class=\"uagb-container-inner-blocks-wrap\">\n<div class=\"wp-block-uagb-container uagb-block-967755d5\">\n<h4 class=\"wp-block-heading has-text-align-center\"><a href=\"https:\/\/led.amasly.com\/tr\/products\/\">LED Patlamaya Dayan\u0131kl\u0131 I\u015f\u0131klar<\/a><\/h4>\n<\/div>\n\n\n\n<div class=\"wp-block-uagb-container uagb-block-9bc52fc2\">\n<h4 class=\"wp-block-heading has-text-align-center\"><a href=\"https:\/\/led.amasly.com\/tr\/products\/\">LED Tri-Proof I\u015f\u0131klar<\/a><\/h4>\n<\/div>\n\n\n\n<div class=\"wp-block-uagb-container uagb-block-8ffa0a23\">\n<h4 class=\"wp-block-heading has-text-align-center\"><a href=\"https:\/\/led.amasly.com\/tr\/products\/\">Patlamaya Dayan\u0131kl\u0131 Benzin \u0130stasyonu I\u015f\u0131klar\u0131<\/a><\/h4>\n<\/div>\n<\/div><\/div>\n\n\n\n<div class=\"wp-block-uagb-container uagb-block-29499fe0 alignfull uagb-is-root-container\"><div class=\"uagb-container-inner-blocks-wrap\">\n<div class=\"wp-block-uagb-container uagb-block-777ee1c7\">\n<div class=\"wp-block-uagb-image uagb-block-2e9a1851 wp-block-uagb-image--layout-default wp-block-uagb-image--effect-static wp-block-uagb-image--align-none\"><figure class=\"wp-block-uagb-image__figure\"><a class=\"\" href=\"https:\/\/led.amasly.com\/tr\/products\/\" target=\"\" rel=\"noopener\"><img decoding=\"async\" srcset=\"https:\/\/led.amasly.com\/wp-content\/uploads\/2024\/10\/50W-100W-150W-200W-300W-LED-Flood-Light.jpg ,https:\/\/led.amasly.com\/wp-content\/uploads\/2024\/10\/50W-100W-150W-200W-300W-LED-Flood-Light.jpg 780w, https:\/\/led.amasly.com\/wp-content\/uploads\/2024\/10\/50W-100W-150W-200W-300W-LED-Flood-Light.jpg 360w\" sizes=\"auto, (max-width: 480px) 150px\" src=\"https:\/\/led.amasly.com\/wp-content\/uploads\/2024\/10\/50W-100W-150W-200W-300W-LED-Flood-Light.jpg\" alt=\"\" class=\"uag-image-1526\" width=\"300\" height=\"300\" title=\"50W 100W 150W 200W 300W LED Ta\u015fk\u0131n I\u015f\u0131k\" loading=\"lazy\" role=\"img\"><\/a><\/figure><\/div>\n<\/div>\n\n\n\n<div class=\"wp-block-uagb-container uagb-block-af8c8683\">\n<div class=\"wp-block-uagb-image uagb-block-67947854 wp-block-uagb-image--layout-default wp-block-uagb-image--effect-static wp-block-uagb-image--align-none\"><figure class=\"wp-block-uagb-image__figure\"><a class=\"\" href=\"https:\/\/led.amasly.com\/tr\/products\/\" target=\"\" rel=\"noopener\"><img decoding=\"async\" srcset=\"https:\/\/led.amasly.com\/wp-content\/uploads\/2024\/07\/led-tri-proof-light.png ,https:\/\/led.amasly.com\/wp-content\/uploads\/2024\/07\/led-tri-proof-light.png 780w, https:\/\/led.amasly.com\/wp-content\/uploads\/2024\/07\/led-tri-proof-light.png 360w\" sizes=\"auto, (max-width: 480px) 150px\" src=\"https:\/\/led.amasly.com\/wp-content\/uploads\/2024\/07\/led-tri-proof-light.png\" alt=\"\" class=\"uag-image-1130\" width=\"300\" height=\"300\" title=\"led-tri-proof-\u0131\u015f\u0131k\" loading=\"lazy\" role=\"img\"><\/a><\/figure><\/div>\n<\/div>\n\n\n\n<div class=\"wp-block-uagb-container uagb-block-0fdfdd58\">\n<div class=\"wp-block-uagb-image uagb-block-1187d32d wp-block-uagb-image--layout-default wp-block-uagb-image--effect-static wp-block-uagb-image--align-none\"><figure class=\"wp-block-uagb-image__figure\"><a class=\"\" href=\"https:\/\/led.amasly.com\/tr\/products\/\" target=\"\" rel=\"noopener\"><img decoding=\"async\" srcset=\"https:\/\/led.amasly.com\/wp-content\/uploads\/2024\/07\/LED-street-light.jpg ,https:\/\/led.amasly.com\/wp-content\/uploads\/2024\/07\/LED-street-light.jpg 780w, https:\/\/led.amasly.com\/wp-content\/uploads\/2024\/07\/LED-street-light.jpg 360w\" sizes=\"auto, (max-width: 480px) 150px\" src=\"https:\/\/led.amasly.com\/wp-content\/uploads\/2024\/07\/LED-street-light.jpg\" alt=\"\" class=\"uag-image-1145\" width=\"300\" height=\"300\" title=\"LED-sokak-\u0131\u015f\u0131\u011f\u0131\" loading=\"lazy\" role=\"img\"><\/a><\/figure><\/div>\n<\/div>\n<\/div><\/div>\n\n\n\n<div class=\"wp-block-uagb-container uagb-block-6a60882c alignfull uagb-is-root-container\"><div class=\"uagb-container-inner-blocks-wrap\">\n<div class=\"wp-block-uagb-container uagb-block-f1e91a35\">\n<h4 class=\"wp-block-heading has-text-align-center\"><a href=\"https:\/\/led.amasly.com\/tr\/products\/\">LED Sel I\u015f\u0131klar\u0131<\/a><\/h4>\n<\/div>\n\n\n\n<div class=\"wp-block-uagb-container uagb-block-165bfa58\">\n<h4 class=\"wp-block-heading has-text-align-center\"><a href=\"https:\/\/led.amasly.com\/tr\/products\/\">LED Tri-Proof T\u00fcp I\u015f\u0131klar<\/a><\/h4>\n<\/div>\n\n\n\n<div class=\"wp-block-uagb-container uagb-block-f6096e3b\">\n<h4 class=\"wp-block-heading has-text-align-center\"><a href=\"https:\/\/led.amasly.com\/tr\/products\/\">LED Sokak Lambalar\u0131<\/a><\/h4>\n<\/div>\n<\/div><\/div>\n\n\n\n<div class=\"wp-block-uagb-container uagb-block-99c0e0a5 alignfull uagb-is-root-container\"><div class=\"uagb-container-inner-blocks-wrap\"><\/div><\/div>\n\n\n\n<p><\/p>","protected":false},"excerpt":{"rendered":"<p>Amasly Explosion proof torch lights Price Amasly explosion proof&nbsp;flashlights Explosion proof&nbsp;light&nbsp;fitting price influencing factors: explosion proof&nbsp;lights are usually more expensive than regular lights due to their higher design and production costs. However, for those who need to work in flammable and explosive environments, the use of explosion proof&nbsp;lights can greatly reduce the risk of fire [&hellip;]<\/p>\n","protected":false},"author":1,"featured_media":0,"parent":2869,"menu_order":0,"comment_status":"closed","ping_status":"closed","template":"","meta":{"_uag_custom_page_level_css":"","site-sidebar-layout":"no-sidebar","site-content-layout":"","ast-site-content-layout":"default","site-content-style":"default","site-sidebar-style":"default","ast-global-header-display":"","ast-banner-title-visibility":"","ast-main-header-display":"","ast-hfb-above-header-display":"","ast-hfb-below-header-display":"","ast-hfb-mobile-header-display":"","site-post-title":"disabled","ast-breadcrumbs-content":"","ast-featured-img":"","footer-sml-layout":"","ast-disable-related-posts":"","theme-transparent-header-meta":"enabled","adv-header-id-meta":"","stick-header-meta":"","header-above-stick-meta":"","header-main-stick-meta":"","header-below-stick-meta":"","astra-migrate-meta-layouts":"set","ast-page-background-enabled":"default","ast-page-background-meta":{"desktop":{"background-color":"var(--ast-global-color-4)","background-image":"","background-repeat":"repeat","background-position":"center center","background-size":"auto","background-attachment":"scroll","background-type":"","background-media":"","overlay-type":"","overlay-color":"","overlay-opacity":"","overlay-gradient":""},"tablet":{"background-color":"","background-image":"","background-repeat":"repeat","background-position":"center center","background-size":"auto","background-attachment":"scroll","background-type":"","background-media":"","overlay-type":"","overlay-color":"","overlay-opacity":"","overlay-gradient":""},"mobile":{"background-color":"","background-image":"","background-repeat":"repeat","background-position":"center center","background-size":"auto","background-attachment":"scroll","background-type":"","background-media":"","overlay-type":"","overlay-color":"","overlay-opacity":"","overlay-gradient":""}},"ast-content-background-meta":{"desktop":{"background-color":"var(--ast-global-color-5)","background-image":"","background-repeat":"repeat","background-position":"center center","background-size":"auto","background-attachment":"scroll","background-type":"","background-media":"","overlay-type":"","overlay-color":"","overlay-opacity":"","overlay-gradient":""},"tablet":{"background-color":"var(--ast-global-color-5)","background-image":"","background-repeat":"repeat","background-position":"center center","background-size":"auto","background-attachment":"scroll","background-type":"","background-media":"","overlay-type":"","overlay-color":"","overlay-opacity":"","overlay-gradient":""},"mobile":{"background-color":"var(--ast-global-color-5)","background-image":"","background-repeat":"repeat","background-position":"center center","background-size":"auto","background-attachment":"scroll","background-type":"","background-media":"","overlay-type":"","overlay-color":"","overlay-opacity":"","overlay-gradient":""}},"footnotes":""},"class_list":["post-4001","page","type-page","status-publish","hentry"],"uagb_featured_image_src":{"full":false,"thumbnail":false,"medium":false,"medium_large":false,"large":false,"1536x1536":false,"2048x2048":false,"trp-custom-language-flag":false},"uagb_author_info":{"display_name":"Joe","author_link":"https:\/\/led.amasly.com\/tr\/author\/jacklin\/"},"uagb_comment_info":0,"uagb_excerpt":"Amasly Explosion proof torch lights Price Amasly explosion proof&nbsp;flashlights Explosion proof&nbsp;light&nbsp;fitting price influencing factors: explosion proof&nbsp;lights are usually more expensive than regular lights due to their higher design and production costs. However, for those who need to work in flammable and explosive environments, the use of explosion proof&nbsp;lights can greatly reduce the risk of fire&hellip;","_links":{"self":[{"href":"https:\/\/led.amasly.com\/tr\/wp-json\/wp\/v2\/pages\/4001","targetHints":{"allow":["GET"]}}],"collection":[{"href":"https:\/\/led.amasly.com\/tr\/wp-json\/wp\/v2\/pages"}],"about":[{"href":"https:\/\/led.amasly.com\/tr\/wp-json\/wp\/v2\/types\/page"}],"author":[{"embeddable":true,"href":"https:\/\/led.amasly.com\/tr\/wp-json\/wp\/v2\/users\/1"}],"replies":[{"embeddable":true,"href":"https:\/\/led.amasly.com\/tr\/wp-json\/wp\/v2\/comments?post=4001"}],"version-history":[{"count":2,"href":"https:\/\/led.amasly.com\/tr\/wp-json\/wp\/v2\/pages\/4001\/revisions"}],"predecessor-version":[{"id":4493,"href":"https:\/\/led.amasly.com\/tr\/wp-json\/wp\/v2\/pages\/4001\/revisions\/4493"}],"up":[{"embeddable":true,"href":"https:\/\/led.amasly.com\/tr\/wp-json\/wp\/v2\/pages\/2869"}],"wp:attachment":[{"href":"https:\/\/led.amasly.com\/tr\/wp-json\/wp\/v2\/media?parent=4001"}],"curies":[{"name":"wp","href":"https:\/\/api.w.org\/{rel}","templated":true}]}}