{"id":3231,"date":"2025-05-09T22:26:03","date_gmt":"2025-05-09T14:26:03","guid":{"rendered":"https:\/\/led.amasly.com\/?page_id=3231"},"modified":"2025-05-09T22:26:09","modified_gmt":"2025-05-09T14:26:09","slug":"ki%cc%87myasal-tesi%cc%87sler-patlamalari-nasil-onleyebi%cc%87li%cc%87r-uygulanmasi-gereken-5-kri%cc%87ti%cc%87k-onlem","status":"publish","type":"page","link":"https:\/\/led.amasly.com\/tr\/bilgi\/patlamaya-dayanikli-urunler-bilgisi\/ki%cc%87myasal-tesi%cc%87sler-patlamalari-nasil-onleyebi%cc%87li%cc%87r-uygulanmasi-gereken-5-kri%cc%87ti%cc%87k-onlem\/","title":{"rendered":"Kimya Tesisleri Patlamalar\u0131 Nas\u0131l \u00d6nleyebilir? Uygulanmas\u0131 Gereken 5 Kritik \u00d6nlem!"},"content":{"rendered":"<div class=\"wp-block-uagb-container uagb-block-27bae773 alignfull uagb-is-root-container\"><div class=\"uagb-container-inner-blocks-wrap\"><\/div><\/div>\n\n\n\n<h1 class=\"wp-block-heading has-text-align-center\"><strong>Kimya Tesisleri Patlamalar\u0131 Nas\u0131l \u00d6nleyebilir? Uygulanmas\u0131 Gereken 5 Kritik \u00d6nlem!<\/strong><\/h1>\n\n\n\n<div class=\"wp-block-uagb-image uagb-block-da1360b5 wp-block-uagb-image--layout-default wp-block-uagb-image--effect-static wp-block-uagb-image--align-none\"><figure class=\"wp-block-uagb-image__figure\"><a class=\"\" href=\"https:\/\/led.amasly.com\/tr\/\" target=\"\" rel=\"noopener\"><img decoding=\"async\" srcset=\"https:\/\/led.amasly.com\/wp-content\/uploads\/2025\/05\/Explosion-proof-of-chemical-plants.jpg ,https:\/\/led.amasly.com\/wp-content\/uploads\/2025\/05\/Explosion-proof-of-chemical-plants.jpg 780w, https:\/\/led.amasly.com\/wp-content\/uploads\/2025\/05\/Explosion-proof-of-chemical-plants.jpg 360w\" sizes=\"auto, (max-width: 480px) 150px\" src=\"https:\/\/led.amasly.com\/wp-content\/uploads\/2025\/05\/Explosion-proof-of-chemical-plants.jpg\" alt=\"\" class=\"uag-image-3232\" width=\"1004\" height=\"308\" title=\"Kimyasal tesislerin patlamaya dayan\u0131kl\u0131 olmas\u0131\" loading=\"lazy\" role=\"img\"><\/a><\/figure><\/div>\n\n\n\n<p>Son y\u0131llarda kimya tesislerinde s\u0131k s\u0131k meydana gelen patlamalar kamuoyunda endi\u015felere yol a\u00e7m\u0131\u015ft\u0131r: Bu tesisler kamu g\u00fcvenli\u011fi i\u00e7in neden bu kadar kal\u0131c\u0131 bir tehdit olu\u015fturuyor? Patlamalar k\u00f6kten nas\u0131l \u00f6nlenebilir? A\u015fa\u011f\u0131da, kimya i\u015fletmelerinin patlama risklerini azaltmalar\u0131 i\u00e7in be\u015f temel strateji yer almaktad\u0131r.<\/p>\n\n\n\n<hr class=\"wp-block-separator has-alpha-channel-opacity\"\/>\n\n\n\n<h2 class=\"wp-block-heading\"><strong>1. Kimyasal tesislerin patlamaya dayan\u0131kl\u0131 olmas\u0131<\/strong>: <strong>Ate\u015fleme Kaynaklar\u0131n\u0131 Kontrol Edin ve Ortadan Kald\u0131r\u0131n<\/strong><\/h2>\n\n\n\n<h4 class=\"wp-block-heading\"><strong>(1) A\u00e7\u0131k Alevler<\/strong><\/h4>\n\n\n\n<p>End\u00fcstriyel ortamlardaki a\u00e7\u0131k alevler \u00f6ncelikle \u0131s\u0131tma, bak\u0131m ve di\u011fer operasyonel yang\u0131n kaynaklar\u0131n\u0131 i\u00e7erir.<\/p>\n\n\n\n<ul class=\"wp-block-list\">\n<li>Yan\u0131c\u0131 maddeleri \u0131s\u0131tmak i\u00e7in a\u00e7\u0131k alev yerine buhar veya di\u011fer \u0131s\u0131 transfer ortamlar\u0131n\u0131 kullan\u0131n. A\u00e7\u0131k alev ka\u00e7\u0131n\u0131lmazsa, ekipman\u0131n s\u0131k\u0131ca kapat\u0131ld\u0131\u011f\u0131ndan ve yanma odalar\u0131n\u0131n i\u015fleme \u00fcnitelerinden izole edildi\u011finden emin olun.<\/li>\n\n\n\n<li>Yang\u0131n veya patlamaya e\u011filimli alanlarda kaynak yapmay\u0131 en aza indirin. Kaynak sahalar\u0131 ile yan\u0131c\u0131 ekipman aras\u0131nda g\u00fcvenli bir mesafe b\u0131rak\u0131n. Yan\u0131c\u0131 maddeler i\u00e7eren ekipman veya boru hatlar\u0131nda s\u0131cak \u00e7al\u0131\u015fma (\u00f6rn. kaynak) i\u00e7in izolasyon, temizleme, temizleme ve gaz testi gibi protokolleri kesinlikle uygulay\u0131n.<\/li>\n\n\n\n<li>Uygun f\u0131r\u0131n yanmas\u0131, yeterli baca y\u00fcksekli\u011fi sa\u011flayarak ve egzoz borular\u0131na k\u0131v\u0131lc\u0131m \u00f6nleyiciler takarak bacalardan veya ara\u00e7 egzozlar\u0131ndan k\u0131v\u0131lc\u0131m \u00e7\u0131kmas\u0131n\u0131 \u00f6nleyin.<\/li>\n<\/ul>\n\n\n\n<h4 class=\"wp-block-heading\"><strong>(2) S\u00fcrt\u00fcnme ve Darbe<\/strong><\/h4>\n\n\n\n<p>Makine s\u00fcrt\u00fcnmesi, metal \u00e7arp\u0131\u015fmalar\u0131 veya betona \u00e7arpan aletlerden \u00e7\u0131kan k\u0131v\u0131lc\u0131mlar yan\u0131c\u0131 malzemeleri tutu\u015fturabilir. Etki azaltma \u00f6nlemleri \u015funlar\u0131 i\u00e7erir:<\/p>\n\n\n\n<ul class=\"wp-block-list\">\n<li>S\u00fcrt\u00fcnmeyi azaltmak ve yan\u0131c\u0131 kal\u0131nt\u0131lar\u0131 gidermek i\u00e7in yataklar\u0131 d\u00fczenli olarak ya\u011flay\u0131n.<\/li>\n\n\n\n<li>Tehlikeli alanlarda d\u00f6nen par\u00e7alar i\u00e7in k\u0131v\u0131lc\u0131m \u00e7\u0131karmayan malzemeler (\u00f6rn. bak\u0131r ala\u015f\u0131mlar\u0131) kullan\u0131n. Hammaddelerdeki metal kal\u0131nt\u0131lar\u0131n\u0131 temizlemek i\u00e7in manyetik ay\u0131r\u0131c\u0131lar kurun.<\/li>\n\n\n\n<li>Gaz t\u00fcplerini veya yan\u0131c\u0131 s\u0131v\u0131 kaplar\u0131n\u0131 nazik\u00e7e tutun. Y\u00fcksek riskli b\u00f6lgelerde \u00e7ivili ayakkab\u0131lar\u0131 yasaklay\u0131n ve k\u0131v\u0131lc\u0131ma dayan\u0131kl\u0131 zemin kullan\u0131n.<\/li>\n<\/ul>\n\n\n\n<div class=\"wp-block-uagb-image uagb-block-104b9dbc wp-block-uagb-image--layout-default wp-block-uagb-image--effect-static wp-block-uagb-image--align-none\"><figure class=\"wp-block-uagb-image__figure\"><img decoding=\"async\" srcset=\"https:\/\/led.amasly.com\/wp-content\/uploads\/2025\/05\/Chemical-plant-1024x1024.jpg ,https:\/\/led.amasly.com\/wp-content\/uploads\/2025\/05\/Chemical-plant.jpg 780w, https:\/\/led.amasly.com\/wp-content\/uploads\/2025\/05\/Chemical-plant.jpg 360w\" sizes=\"auto, (max-width: 480px) 150px\" src=\"https:\/\/led.amasly.com\/wp-content\/uploads\/2025\/05\/Chemical-plant-1024x1024.jpg\" alt=\"\" class=\"uag-image-3233\" width=\"1080\" height=\"1080\" title=\"Kimyasal tesis\" loading=\"lazy\" role=\"img\"><\/figure><\/div>\n\n\n\n<h4 class=\"wp-block-heading\"><strong>(3) Elektrik K\u0131v\u0131lc\u0131mlar\u0131<\/strong><\/h4>\n\n\n\n<p>Elektrik k\u0131v\u0131lc\u0131mlar\u0131 patlamalar\u0131n \u00f6nemli bir nedenidir. Risk s\u0131n\u0131fland\u0131rmalar\u0131na ve malzeme \u00f6zelliklerine ba\u011fl\u0131 olarak tehlikeli alanlarda patlamaya dayan\u0131kl\u0131, s\u0131zd\u0131rmaz veya izole edilmi\u015f elektrik sistemleri uygulay\u0131n.<\/p>\n\n\n\n<p>Patlamaya dayan\u0131kl\u0131 elektrikli ekipmanlar\u0131n se\u00e7imi ve di\u011fer hususlar a\u015fa\u011f\u0131dakilere uygun olarak yap\u0131lmal\u0131d\u0131r <a href=\"http:\/\/www.iecex-certs.com\/\" rel=\"nofollow noopener\" target=\"_blank\">ilgili standartlar EN60079.<\/a><\/p>\n\n\n\n<h4 class=\"wp-block-heading\"><strong>(4) Di\u011fer Ate\u015fleme Kaynaklar\u0131<\/strong><\/h4>\n\n\n\n<p>Elektrostatik de\u015farj, y\u0131ld\u0131r\u0131m \u00e7arpmas\u0131 ve yan\u0131c\u0131 maddeler ile s\u0131cak y\u00fczeyler aras\u0131ndaki temas\u0131 ele al\u0131n. Y\u00fcksek s\u0131cakl\u0131ktaki ekipman ve boru hatlar\u0131n\u0131 yal\u0131t\u0131n.<\/p>\n\n\n\n<hr class=\"wp-block-separator has-alpha-channel-opacity\"\/>\n\n\n\n<h3 class=\"wp-block-heading\"><strong>2. Tehlikeli Maddelerin G\u00fcvenli Kullan\u0131m\u0131<\/strong><\/h3>\n\n\n\n<ul class=\"wp-block-list\">\n<li>M\u00fcmk\u00fcn olan yerlerde y\u00fcksek derecede tehlikeli malzemeleri daha g\u00fcvenli alternatiflerle de\u011fi\u015ftirin.<\/li>\n\n\n\n<li>Kendili\u011finden tutu\u015fan maddeleri (\u00f6rn. ya\u011flar, su ile tepkimeye giren kimyasallar) izole edin veya stabilize edin. Uyumsuz malzemeleri kar\u0131\u015ft\u0131rmaktan ka\u00e7\u0131n\u0131n (\u00f6rn. oksitleyiciler ile yan\u0131c\u0131 maddeler).<\/li>\n\n\n\n<li>Karars\u0131z malzemeleri stabilizat\u00f6rlerle (\u00f6rn. hidrojen siyan\u00fcr i\u00e7in s\u00fclf\u00fcrik asit, akrilonitril i\u00e7in hidrokinon) depolay\u0131n.<\/li>\n\n\n\n<li>Peroksit olu\u015fumunu \u00f6nlemek i\u00e7in \u0131\u015f\u0131\u011fa duyarl\u0131 s\u0131v\u0131lar (\u00f6rn. eterler) i\u00e7in koyu renkli cam veya metal kaplar kullan\u0131n.<\/li>\n\n\n\n<li>Muhafaza sistemleri tasarlayarak s\u0131v\u0131 d\u00f6k\u00fclme risklerini hesaba kat\u0131n.<\/li>\n<\/ul>\n\n\n\n<hr class=\"wp-block-separator has-alpha-channel-opacity\"\/>\n\n\n\n<h3 class=\"wp-block-heading\"><strong>3. Kimyasal tesislerin patlamaya dayan\u0131kl\u0131 olmas\u0131<\/strong>: <strong>Proses Parametresi G\u00fcvenlik Kontrolleri<\/strong><\/h3>\n\n\n\n<h4 class=\"wp-block-heading\"><strong>(1) S\u0131cakl\u0131k Kontrol\u00fc<\/strong><\/h4>\n\n\n\n<p>Ka\u00e7ak reaksiyonlar\u0131 veya ayr\u0131\u015fmay\u0131 \u00f6nlemek i\u00e7in optimum reaksiyon s\u0131cakl\u0131klar\u0131n\u0131 koruyun.<\/p>\n\n\n\n<h4 class=\"wp-block-heading\"><strong>(2) Bas\u0131n\u00e7 Kontrol\u00fc<\/strong><\/h4>\n\n\n\n<p>Bas\u0131n\u00e7 dalgalanmalar\u0131n\u0131 izleyin ve g\u00fcvenilir g\u00fcvenlik cihazlar\u0131 (\u00f6rn. tahliye vanalar\u0131) kurun. Sistemler aras\u0131nda gaz \u00e7apraz kontaminasyonunu \u00f6nleyin.<\/p>\n\n\n\n<h4 class=\"wp-block-heading\"><strong>(3) Malzeme Besleme<\/strong><\/h4>\n\n\n\n<ul class=\"wp-block-list\">\n<li>Termal ka\u00e7aklar\u0131 \u00f6nlemek i\u00e7in besleme h\u0131zlar\u0131n\u0131 d\u00fczenleyin.<\/li>\n\n\n\n<li>Reaktan oranlar\u0131n\u0131 ve besleme s\u0131ralar\u0131n\u0131 s\u0131k\u0131 bir \u015fekilde kontrol edin (\u00f6rne\u011fin, HCl sentezinde klordan \u00f6nce hidrojen). Hatalar\u0131 \u00f6nlemek i\u00e7in kilitli valfler uygulay\u0131n.<\/li>\n\n\n\n<li>Tehlikeli yan reaksiyonlardan ka\u00e7\u0131nmak i\u00e7in hammadde safl\u0131\u011f\u0131n\u0131 sa\u011flay\u0131n.<\/li>\n<\/ul>\n\n\n\n<h4 class=\"wp-block-heading\"><strong>(4) S\u0131z\u0131nt\u0131 \u00d6nleme<\/strong><\/h4>\n\n\n\n<p>Valf bak\u0131m\u0131, \u00e7ift valf sistemleri ve a\u00e7\u0131k etiketleme yoluyla i\u00e7\/d\u0131\u015f s\u0131z\u0131nt\u0131lar\u0131 giderin. A\u015f\u0131r\u0131 dolumu ve yanl\u0131\u015f \u00e7al\u0131\u015fmay\u0131 \u00f6nleyin.<\/p>\n\n\n\n<h4 class=\"wp-block-heading\"><strong>(5) Acil Durum Kapatma Protokolleri<\/strong><\/h4>\n\n\n\n<p>Personeli elektrik\/\u015febeke ar\u0131zalar\u0131 konusunda e\u011fitin. Tatbikatlar yap\u0131n ve acil durum planlar\u0131 haz\u0131rlay\u0131n.<\/p>\n\n\n\n<hr class=\"wp-block-separator has-alpha-channel-opacity\"\/>\n\n\n\n<h3 class=\"wp-block-heading\"><strong>4. Sistem S\u0131zd\u0131rmazl\u0131\u011f\u0131 ve \u0130nertleme<\/strong><\/h3>\n\n\n\n<h4 class=\"wp-block-heading\"><strong>(1) S\u0131zd\u0131rmazl\u0131k<\/strong><\/h4>\n\n\n\n<p>Flan\u015flar ve diki\u015fsiz borular \u00fczerinde kaynakl\u0131 ba\u011flant\u0131lar kullanarak s\u0131z\u0131nt\u0131lar\u0131 en aza indirin. Vakum sistemleri i\u00e7in, inert gaz temizleme ile hava giri\u015fini \u00f6nleyin.<\/p>\n\n\n\n<h4 class=\"wp-block-heading\"><strong>(2) \u0130nertleme<\/strong><\/h4>\n\n\n\n<p>Yanmay\u0131 bast\u0131rmak i\u00e7in oksijeni inert gazlarla (\u00f6rn. nitrojen) de\u011fi\u015ftirin. Gaz ak\u0131\u015f\u0131n\u0131, bas\u0131nc\u0131 ve oksijen seviyelerini izleyin.<\/p>\n\n\n\n<hr class=\"wp-block-separator has-alpha-channel-opacity\"\/>\n\n\n\n<h3 class=\"wp-block-heading\"><strong>5. Havaland\u0131rma<\/strong><\/h3>\n\n\n\n<ul class=\"wp-block-list\">\n<li>Yan\u0131c\u0131 gazlar i\u00e7eren havay\u0131 devridaim ettirmekten ka\u00e7\u0131n\u0131n. Egzoz ve emme sistemlerini ay\u0131r\u0131n.<\/li>\n\n\n\n<li>K\u0131v\u0131lc\u0131ma dayan\u0131kl\u0131 fanlar ve kanallar kullan\u0131n. Havaland\u0131rma borular\u0131n\u0131 g\u00fcvenlik duvarlar\u0131ndan ge\u00e7irmekten ka\u00e7\u0131n\u0131n.<\/li>\n<\/ul>\n\n\n\n<hr class=\"wp-block-separator has-alpha-channel-opacity\"\/>\n\n\n\n<p class=\"has-text-align-left\">Bu \u00f6nlemleri titizlikle uygulayarak - ate\u015fleme kaynaklar\u0131n\u0131 kontrol ederek, tehlikeli maddeleri y\u00f6neterek, proses parametrelerini optimize ederek, sistem b\u00fct\u00fcnl\u00fc\u011f\u00fcn\u00fc sa\u011flayarak ve uygun havaland\u0131rmay\u0131 s\u00fcrd\u00fcrerek - kimya tesisleri patlama risklerini \u00f6nemli \u00f6l\u00e7\u00fcde azaltabilir ve hem \u00e7al\u0131\u015fanlar\u0131 hem de topluluklar\u0131 koruyabilir.<\/p>\n\n\n\n<div class=\"wp-block-uagb-container uagb-block-c7d898dd alignfull uagb-is-root-container\"><div class=\"uagb-container-inner-blocks-wrap\"><\/div><\/div>\n\n\n\n<h2 class=\"wp-block-heading\">\u0130lgili \u00dcr\u00fcnler<\/h2>\n\n\n\n<div class=\"wp-block-uagb-container uagb-block-66e4defc alignfull uagb-is-root-container\"><div class=\"uagb-container-inner-blocks-wrap\">\n<div class=\"wp-block-uagb-container uagb-block-a42945f9\">\n<div class=\"wp-block-uagb-image uagb-block-7296296b wp-block-uagb-image--layout-default wp-block-uagb-image--effect-static wp-block-uagb-image--align-none\"><figure class=\"wp-block-uagb-image__figure\"><a class=\"\" href=\"https:\/\/led.amasly.com\/tr\/urunler\/\" target=\"\" rel=\"noopener\"><img decoding=\"async\" srcset=\"https:\/\/led.amasly.com\/wp-content\/uploads\/2024\/09\/Explosion-proof-high-bay-lights.png ,https:\/\/led.amasly.com\/wp-content\/uploads\/2024\/09\/Explosion-proof-high-bay-lights.png 780w, https:\/\/led.amasly.com\/wp-content\/uploads\/2024\/09\/Explosion-proof-high-bay-lights.png 360w\" sizes=\"auto, (max-width: 480px) 150px\" src=\"https:\/\/led.amasly.com\/wp-content\/uploads\/2024\/09\/Explosion-proof-high-bay-lights.png\" alt=\"\" class=\"uag-image-1495\" width=\"300\" height=\"300\" title=\"Patlamaya dayan\u0131kl\u0131 y\u00fcksek tavan lambalar\u0131\" loading=\"lazy\" role=\"img\"><\/a><\/figure><\/div>\n<\/div>\n\n\n\n<div class=\"wp-block-uagb-container uagb-block-4d3efde5\">\n<div class=\"wp-block-uagb-image uagb-block-c9e90797 wp-block-uagb-image--layout-default wp-block-uagb-image--effect-static wp-block-uagb-image--align-none\"><figure class=\"wp-block-uagb-image__figure\"><a class=\"\" href=\"https:\/\/led.amasly.com\/tr\/urunler\/\" target=\"\" rel=\"noopener\"><img decoding=\"async\" srcset=\"https:\/\/led.amasly.com\/wp-content\/uploads\/2024\/07\/LED-tri-proof-lights2.png ,https:\/\/led.amasly.com\/wp-content\/uploads\/2024\/07\/LED-tri-proof-lights2.png 780w, https:\/\/led.amasly.com\/wp-content\/uploads\/2024\/07\/LED-tri-proof-lights2.png 360w\" sizes=\"auto, (max-width: 480px) 150px\" src=\"https:\/\/led.amasly.com\/wp-content\/uploads\/2024\/07\/LED-tri-proof-lights2.png\" alt=\"\" class=\"uag-image-1132\" width=\"300\" height=\"300\" title=\"LED-tri-proof-\u0131\u015f\u0131klar2\" loading=\"lazy\" role=\"img\"><\/a><\/figure><\/div>\n<\/div>\n\n\n\n<div class=\"wp-block-uagb-container uagb-block-11c2578b\">\n<div class=\"wp-block-uagb-image uagb-block-6e8883aa wp-block-uagb-image--layout-default wp-block-uagb-image--effect-static wp-block-uagb-image--align-none\"><figure class=\"wp-block-uagb-image__figure\"><a class=\"\" href=\"https:\/\/led.amasly.com\/tr\/urunler\/\" target=\"\" rel=\"noopener\"><img decoding=\"async\" srcset=\"https:\/\/led.amasly.com\/wp-content\/uploads\/2024\/09\/LED-Explosion-Proof-Gas-Station-Light.png ,https:\/\/led.amasly.com\/wp-content\/uploads\/2024\/09\/LED-Explosion-Proof-Gas-Station-Light.png 780w, https:\/\/led.amasly.com\/wp-content\/uploads\/2024\/09\/LED-Explosion-Proof-Gas-Station-Light.png 360w\" sizes=\"auto, (max-width: 480px) 150px\" src=\"https:\/\/led.amasly.com\/wp-content\/uploads\/2024\/09\/LED-Explosion-Proof-Gas-Station-Light.png\" alt=\"\" class=\"uag-image-1501\" width=\"300\" height=\"300\" title=\"LED Patlamaya Dayan\u0131kl\u0131 Benzin \u0130stasyonu I\u015f\u0131\u011f\u0131\" loading=\"lazy\" role=\"img\"><\/a><\/figure><\/div>\n<\/div>\n<\/div><\/div>\n\n\n\n<div class=\"wp-block-uagb-container uagb-block-548945b5 alignfull uagb-is-root-container\"><div class=\"uagb-container-inner-blocks-wrap\">\n<div class=\"wp-block-uagb-container uagb-block-967755d5\">\n<h4 class=\"wp-block-heading has-text-align-center\"><a href=\"https:\/\/led.amasly.com\/tr\/urunler\/\">LED Patlamaya Dayan\u0131kl\u0131 I\u015f\u0131klar<\/a><\/h4>\n<\/div>\n\n\n\n<div class=\"wp-block-uagb-container uagb-block-9bc52fc2\">\n<h4 class=\"wp-block-heading has-text-align-center\"><a href=\"https:\/\/led.amasly.com\/tr\/urunler\/\">LED Tri-Proof I\u015f\u0131klar<\/a><\/h4>\n<\/div>\n\n\n\n<div class=\"wp-block-uagb-container uagb-block-8ffa0a23\">\n<h4 class=\"wp-block-heading has-text-align-center\"><a href=\"https:\/\/led.amasly.com\/tr\/urunler\/\">Patlamaya Dayan\u0131kl\u0131 Benzin \u0130stasyonu I\u015f\u0131klar\u0131<\/a><\/h4>\n<\/div>\n<\/div><\/div>\n\n\n\n<div class=\"wp-block-uagb-container uagb-block-29499fe0 alignfull uagb-is-root-container\"><div class=\"uagb-container-inner-blocks-wrap\">\n<div class=\"wp-block-uagb-container uagb-block-777ee1c7\">\n<div class=\"wp-block-uagb-image uagb-block-2e9a1851 wp-block-uagb-image--layout-default wp-block-uagb-image--effect-static wp-block-uagb-image--align-none\"><figure class=\"wp-block-uagb-image__figure\"><a class=\"\" href=\"https:\/\/led.amasly.com\/tr\/urunler\/\" target=\"\" rel=\"noopener\"><img decoding=\"async\" srcset=\"https:\/\/led.amasly.com\/wp-content\/uploads\/2024\/10\/50W-100W-150W-200W-300W-LED-Flood-Light.jpg ,https:\/\/led.amasly.com\/wp-content\/uploads\/2024\/10\/50W-100W-150W-200W-300W-LED-Flood-Light.jpg 780w, https:\/\/led.amasly.com\/wp-content\/uploads\/2024\/10\/50W-100W-150W-200W-300W-LED-Flood-Light.jpg 360w\" sizes=\"auto, (max-width: 480px) 150px\" src=\"https:\/\/led.amasly.com\/wp-content\/uploads\/2024\/10\/50W-100W-150W-200W-300W-LED-Flood-Light.jpg\" alt=\"\" class=\"uag-image-1526\" width=\"300\" height=\"300\" title=\"50W 100W 150W 200W 300W LED Ta\u015fk\u0131n I\u015f\u0131k\" loading=\"lazy\" role=\"img\"><\/a><\/figure><\/div>\n<\/div>\n\n\n\n<div class=\"wp-block-uagb-container uagb-block-af8c8683\">\n<div class=\"wp-block-uagb-image uagb-block-67947854 wp-block-uagb-image--layout-default wp-block-uagb-image--effect-static wp-block-uagb-image--align-none\"><figure class=\"wp-block-uagb-image__figure\"><a class=\"\" href=\"https:\/\/led.amasly.com\/tr\/urunler\/\" target=\"\" rel=\"noopener\"><img decoding=\"async\" srcset=\"https:\/\/led.amasly.com\/wp-content\/uploads\/2024\/07\/led-tri-proof-light.png ,https:\/\/led.amasly.com\/wp-content\/uploads\/2024\/07\/led-tri-proof-light.png 780w, https:\/\/led.amasly.com\/wp-content\/uploads\/2024\/07\/led-tri-proof-light.png 360w\" sizes=\"auto, (max-width: 480px) 150px\" src=\"https:\/\/led.amasly.com\/wp-content\/uploads\/2024\/07\/led-tri-proof-light.png\" alt=\"\" class=\"uag-image-1130\" width=\"300\" height=\"300\" title=\"led-tri-proof-\u0131\u015f\u0131k\" loading=\"lazy\" role=\"img\"><\/a><\/figure><\/div>\n<\/div>\n\n\n\n<div class=\"wp-block-uagb-container uagb-block-0fdfdd58\">\n<div class=\"wp-block-uagb-image uagb-block-1187d32d wp-block-uagb-image--layout-default wp-block-uagb-image--effect-static wp-block-uagb-image--align-none\"><figure class=\"wp-block-uagb-image__figure\"><a class=\"\" href=\"https:\/\/led.amasly.com\/tr\/urunler\/\" target=\"\" rel=\"noopener\"><img decoding=\"async\" srcset=\"https:\/\/led.amasly.com\/wp-content\/uploads\/2024\/07\/LED-street-light.jpg ,https:\/\/led.amasly.com\/wp-content\/uploads\/2024\/07\/LED-street-light.jpg 780w, https:\/\/led.amasly.com\/wp-content\/uploads\/2024\/07\/LED-street-light.jpg 360w\" sizes=\"auto, (max-width: 480px) 150px\" src=\"https:\/\/led.amasly.com\/wp-content\/uploads\/2024\/07\/LED-street-light.jpg\" alt=\"\" class=\"uag-image-1145\" width=\"300\" height=\"300\" title=\"LED-sokak-\u0131\u015f\u0131\u011f\u0131\" loading=\"lazy\" role=\"img\"><\/a><\/figure><\/div>\n<\/div>\n<\/div><\/div>\n\n\n\n<div class=\"wp-block-uagb-container uagb-block-6a60882c alignfull uagb-is-root-container\"><div class=\"uagb-container-inner-blocks-wrap\">\n<div class=\"wp-block-uagb-container uagb-block-f1e91a35\">\n<h4 class=\"wp-block-heading has-text-align-center\"><a href=\"https:\/\/led.amasly.com\/tr\/urunler\/\">LED Sel I\u015f\u0131klar\u0131<\/a><\/h4>\n<\/div>\n\n\n\n<div class=\"wp-block-uagb-container uagb-block-165bfa58\">\n<h4 class=\"wp-block-heading has-text-align-center\"><a href=\"https:\/\/led.amasly.com\/tr\/urunler\/\">LED Tri-Proof T\u00fcp I\u015f\u0131klar<\/a><\/h4>\n<\/div>\n\n\n\n<div class=\"wp-block-uagb-container uagb-block-f6096e3b\">\n<h4 class=\"wp-block-heading has-text-align-center\"><a href=\"https:\/\/led.amasly.com\/tr\/urunler\/\">LED Sokak Lambalar\u0131<\/a><\/h4>\n<\/div>\n<\/div><\/div>\n\n\n\n<div class=\"wp-block-uagb-container uagb-block-99c0e0a5 alignfull uagb-is-root-container\"><div class=\"uagb-container-inner-blocks-wrap\"><\/div><\/div>\n\n\n\n<p><\/p>","protected":false},"excerpt":{"rendered":"<p>How Chemical Plants Can Prevent Explosions? 5 Critical Measures to Implement! In recent years, frequent explosions at chemical plants have raised public concerns: Why do these facilities pose such a persistent threat to public safety? How can explosions be prevented at their root? Below are five essential strategies for chemical enterprises to mitigate explosion risks. [&hellip;]<\/p>\n","protected":false},"author":1,"featured_media":0,"parent":2374,"menu_order":0,"comment_status":"closed","ping_status":"closed","template":"","meta":{"_uag_custom_page_level_css":"","site-sidebar-layout":"no-sidebar","site-content-layout":"","ast-site-content-layout":"default","site-content-style":"default","site-sidebar-style":"default","ast-global-header-display":"","ast-banner-title-visibility":"","ast-main-header-display":"","ast-hfb-above-header-display":"","ast-hfb-below-header-display":"","ast-hfb-mobile-header-display":"","site-post-title":"disabled","ast-breadcrumbs-content":"","ast-featured-img":"","footer-sml-layout":"","ast-disable-related-posts":"","theme-transparent-header-meta":"enabled","adv-header-id-meta":"","stick-header-meta":"","header-above-stick-meta":"","header-main-stick-meta":"","header-below-stick-meta":"","astra-migrate-meta-layouts":"set","ast-page-background-enabled":"default","ast-page-background-meta":{"desktop":{"background-color":"var(--ast-global-color-4)","background-image":"","background-repeat":"repeat","background-position":"center center","background-size":"auto","background-attachment":"scroll","background-type":"","background-media":"","overlay-type":"","overlay-color":"","overlay-opacity":"","overlay-gradient":""},"tablet":{"background-color":"","background-image":"","background-repeat":"repeat","background-position":"center center","background-size":"auto","background-attachment":"scroll","background-type":"","background-media":"","overlay-type":"","overlay-color":"","overlay-opacity":"","overlay-gradient":""},"mobile":{"background-color":"","background-image":"","background-repeat":"repeat","background-position":"center center","background-size":"auto","background-attachment":"scroll","background-type":"","background-media":"","overlay-type":"","overlay-color":"","overlay-opacity":"","overlay-gradient":""}},"ast-content-background-meta":{"desktop":{"background-color":"var(--ast-global-color-5)","background-image":"","background-repeat":"repeat","background-position":"center center","background-size":"auto","background-attachment":"scroll","background-type":"","background-media":"","overlay-type":"","overlay-color":"","overlay-opacity":"","overlay-gradient":""},"tablet":{"background-color":"var(--ast-global-color-5)","background-image":"","background-repeat":"repeat","background-position":"center center","background-size":"auto","background-attachment":"scroll","background-type":"","background-media":"","overlay-type":"","overlay-color":"","overlay-opacity":"","overlay-gradient":""},"mobile":{"background-color":"var(--ast-global-color-5)","background-image":"","background-repeat":"repeat","background-position":"center center","background-size":"auto","background-attachment":"scroll","background-type":"","background-media":"","overlay-type":"","overlay-color":"","overlay-opacity":"","overlay-gradient":""}},"footnotes":""},"class_list":["post-3231","page","type-page","status-publish","hentry"],"uagb_featured_image_src":{"full":false,"thumbnail":false,"medium":false,"medium_large":false,"large":false,"1536x1536":false,"2048x2048":false,"trp-custom-language-flag":false},"uagb_author_info":{"display_name":"Joe","author_link":"https:\/\/led.amasly.com\/tr\/author\/jacklin\/"},"uagb_comment_info":0,"uagb_excerpt":"How Chemical Plants Can Prevent Explosions? 5 Critical Measures to Implement! In recent years, frequent explosions at chemical plants have raised public concerns: Why do these facilities pose such a persistent threat to public safety? How can explosions be prevented at their root? Below are five essential strategies for chemical enterprises to mitigate explosion risks.&hellip;","_links":{"self":[{"href":"https:\/\/led.amasly.com\/tr\/wp-json\/wp\/v2\/pages\/3231","targetHints":{"allow":["GET"]}}],"collection":[{"href":"https:\/\/led.amasly.com\/tr\/wp-json\/wp\/v2\/pages"}],"about":[{"href":"https:\/\/led.amasly.com\/tr\/wp-json\/wp\/v2\/types\/page"}],"author":[{"embeddable":true,"href":"https:\/\/led.amasly.com\/tr\/wp-json\/wp\/v2\/users\/1"}],"replies":[{"embeddable":true,"href":"https:\/\/led.amasly.com\/tr\/wp-json\/wp\/v2\/comments?post=3231"}],"version-history":[{"count":1,"href":"https:\/\/led.amasly.com\/tr\/wp-json\/wp\/v2\/pages\/3231\/revisions"}],"predecessor-version":[{"id":3234,"href":"https:\/\/led.amasly.com\/tr\/wp-json\/wp\/v2\/pages\/3231\/revisions\/3234"}],"up":[{"embeddable":true,"href":"https:\/\/led.amasly.com\/tr\/wp-json\/wp\/v2\/pages\/2374"}],"wp:attachment":[{"href":"https:\/\/led.amasly.com\/tr\/wp-json\/wp\/v2\/media?parent=3231"}],"curies":[{"name":"wp","href":"https:\/\/api.w.org\/{rel}","templated":true}]}}