{"id":3206,"date":"2025-05-04T22:55:16","date_gmt":"2025-05-04T14:55:16","guid":{"rendered":"https:\/\/led.amasly.com\/?page_id=3206"},"modified":"2025-05-04T22:55:22","modified_gmt":"2025-05-04T14:55:22","slug":"tehli%cc%87keli%cc%87-ki%cc%87myasal-depolar-i%cc%87ci%cc%87n-patlamaya-dayanikli-eki%cc%87pman-gerekleri%cc%87","status":"publish","type":"page","link":"https:\/\/led.amasly.com\/tr\/bilgi\/patlamaya-dayanikli-urunler-bilgisi\/tehli%cc%87keli%cc%87-ki%cc%87myasal-depolar-i%cc%87ci%cc%87n-patlamaya-dayanikli-eki%cc%87pman-gerekleri%cc%87\/","title":{"rendered":"Tehlikeli Kimyasal Depolar\u0131 i\u00e7in Patlamaya Dayan\u0131kl\u0131 Ekipman Gereklilikleri"},"content":{"rendered":"<div class=\"wp-block-uagb-container uagb-block-27bae773 alignfull uagb-is-root-container\"><div class=\"uagb-container-inner-blocks-wrap\"><\/div><\/div>\n\n\n\n<h1 class=\"wp-block-heading has-text-align-center\"><strong>Tehlikeli Kimyasal Depolar\u0131 i\u00e7in Patlamaya Dayan\u0131kl\u0131 Ekipman Gereklilikleri<\/strong><\/h1>\n\n\n\n<div class=\"wp-block-uagb-image uagb-block-6bbbfc1c wp-block-uagb-image--layout-default wp-block-uagb-image--effect-static wp-block-uagb-image--align-none\"><figure class=\"wp-block-uagb-image__figure\"><img decoding=\"async\" srcset=\"https:\/\/led.amasly.com\/wp-content\/uploads\/2025\/05\/Explosion-proof-equipment-installation-diagram-1024x698.png ,https:\/\/led.amasly.com\/wp-content\/uploads\/2025\/05\/Explosion-proof-equipment-installation-diagram.png 780w, https:\/\/led.amasly.com\/wp-content\/uploads\/2025\/05\/Explosion-proof-equipment-installation-diagram.png 360w\" sizes=\"auto, (max-width: 480px) 150px\" src=\"https:\/\/led.amasly.com\/wp-content\/uploads\/2025\/05\/Explosion-proof-equipment-installation-diagram-1024x698.png\" alt=\"\" class=\"uag-image-3209\" width=\"1079\" height=\"736\" title=\"Patlamaya dayan\u0131kl\u0131 ekipman kurulum \u015femas\u0131\" loading=\"lazy\" role=\"img\"><\/figure><\/div>\n\n\n\n<p>Tehlikeli kimyasallar, insan sa\u011fl\u0131\u011f\u0131, tesisler ve \u00e7evre i\u00e7in \u00f6nemli riskler olu\u015fturan a\u015f\u0131nd\u0131r\u0131c\u0131, patlay\u0131c\u0131, yan\u0131c\u0131 veya oksitleyici \u00f6zelliklere sahip y\u00fcksek derecede toksik maddeleri ifade eder. Kendilerine \u00f6zg\u00fc fiziksel ve kimyasal \u00f6zellikleri nedeniyle, yanl\u0131\u015f kullan\u0131m, s\u0131z\u0131nt\u0131lar veya patlamalar zehirli dumanlar veya gazlar a\u00e7\u0131\u011fa \u00e7\u0131karabilir. Bu maddeler ayr\u0131ca havay\u0131, suyu ve topra\u011f\u0131 kirleterek uzun vadeli ekolojik hasara neden olabilir. Kirleticiler besin zinciri yoluyla insan v\u00fccuduna da girebilir ve bu da uygun y\u00f6netimin kritik \u00f6neminin alt\u0131n\u0131 \u00e7izer.<\/p>\n\n\n\n<h2 class=\"wp-block-heading\"><strong>\u0130\u015fletmeler Tehlikeli Kimyasal Depolar\u0131n\u0131n G\u00fcvenli Y\u00f6netimini Nas\u0131l Sa\u011flayabilir?<\/strong><\/h2>\n\n\n\n<p>Tehlikeli kimyasal depolar\u0131 patlamaya ve yang\u0131na dayan\u0131kl\u0131 olmal\u0131d\u0131r. A\u015fa\u011f\u0131da, bu t\u00fcr tesisler i\u00e7in g\u00fcvenlik y\u00f6netimi, standartlar ve patlamaya dayan\u0131kl\u0131 ekipman spesifikasyonlar\u0131na ili\u015fkin \u00f6zel gereklilikler yer almaktad\u0131r.<\/p>\n\n\n\n<hr class=\"wp-block-separator has-alpha-channel-opacity\"\/>\n\n\n\n<h2 class=\"wp-block-heading\"><strong>Tehlikeli Kimyasal Depolar\u0131 i\u00e7in G\u00fcvenlik Standartlar\u0131<\/strong><\/h2>\n\n\n\n<ol start=\"1\" class=\"wp-block-list\">\n<li><strong>Patlamaya Dayan\u0131kl\u0131 Tesisler<\/strong>\n<ul class=\"wp-block-list\">\n<li>Yan\u0131c\u0131 veya patlay\u0131c\u0131 kimyasallar\u0131n depoland\u0131\u011f\u0131 depolardaki elektrikli ekipmanlar, g\u00fc\u00e7 da\u011f\u0131t\u0131m hatlar\u0131 ve ta\u015f\u0131ma makineleri patlamaya dayan\u0131kl\u0131 olmal\u0131d\u0131r.<\/li>\n\n\n\n<li>Elektrik kablolar\u0131 i\u00e7in metal borular di\u015fli ba\u011flant\u0131larla g\u00fcvenli bir \u015fekilde sabitlenmelidir. Karma\u015f\u0131k b\u00fck\u00fcmler gerektiren alanlarda patlamaya dayan\u0131kl\u0131 esnek borular kullan\u0131labilir.<\/li>\n<\/ul>\n<\/li>\n\n\n\n<li><strong>Y\u0131ld\u0131r\u0131m ve Statik Elektrik Korumas\u0131<\/strong>\n<ul class=\"wp-block-list\">\n<li>Depo giri\u015flerine topraklanm\u0131\u015f statik de\u015farj cihazlar\u0131 monte edilmelidir.<\/li>\n\n\n\n<li>Havaland\u0131rma fanlar\u0131, metal raflar ve di\u011fer iletken ekipmanlar statik da\u011f\u0131t\u0131c\u0131 topraklamaya sahip olmal\u0131d\u0131r.<\/li>\n\n\n\n<li>Y\u0131ld\u0131r\u0131mdan korunma sistemleri (\u00f6rn. \u00e7ubuklar, \u015feritler, a\u011flar) y\u0131ll\u0131k olarak denetlenmelidir.<\/li>\n<\/ul>\n<\/li>\n\n\n\n<li><strong>Havaland\u0131rma Sistemleri<\/strong>\n<ul class=\"wp-block-list\">\n<li>Yan\u0131c\u0131 s\u0131v\u0131 ve gaz depolar\u0131nda acil durum patlamaya dayan\u0131kl\u0131 havaland\u0131rma sistemleri bulunmal\u0131d\u0131r.<\/li>\n\n\n\n<li>Egzoz kanallar\u0131 metal olmal\u0131 ve emisyonlar\u0131 g\u00fcvenli d\u0131\u015f mekanlara y\u00f6nlendirmelidir.<\/li>\n<\/ul>\n<\/li>\n\n\n\n<li><strong>D\u00f6k\u00fclme \u00d6nleme Tedbirleri<\/strong>\n<ul class=\"wp-block-list\">\n<li>S\u0131v\u0131lar (S\u0131n\u0131f A, B, C) muhafaza bariyerleri, s\u0131z\u0131nt\u0131 \u00f6nleyici havuzlar ve ge\u00e7irimsiz zeminler gerektirir.<\/li>\n\n\n\n<li>Suya reaktif malzemeler nem kontroll\u00fc, kapal\u0131 ve kuru ortamlarda depolanmal\u0131d\u0131r.<\/li>\n<\/ul>\n<\/li>\n\n\n\n<li><strong>\u0130zleme ve Alarm Sistemleri<\/strong>\n<ul class=\"wp-block-list\">\n<li>Yan\u0131c\u0131\/zehirli gazlar i\u00e7in gaz dedekt\u00f6rlerini gaz yo\u011funlu\u011funa uygun y\u00fcksekliklere monte edin.<\/li>\n\n\n\n<li>Alarmlar\u0131 sertifikal\u0131 kurumlar arac\u0131l\u0131\u011f\u0131yla d\u00fczenli olarak test edin ve tehlike b\u00f6lgelerinin tam olarak kapsand\u0131\u011f\u0131ndan emin olun.<\/li>\n<\/ul>\n<\/li>\n\n\n\n<li><strong>\u0130tfaiye Ekipmanlar\u0131<\/strong>\n<ul class=\"wp-block-list\">\n<li>Yang\u0131n s\u00f6nd\u00fcr\u00fcc\u00fcler, engelsiz hidrantlar, sprinklerler ve duman menfezleri zorunludur.<\/li>\n\n\n\n<li>Yang\u0131n s\u00f6nd\u00fcrme maddeleri depolanan kimyasallarla e\u015fle\u015fmelidir:\n<ul class=\"wp-block-list\">\n<li><strong>Yan\u0131c\u0131\/oksitleyici gazlar<\/strong>: Kuru toz, kum.<\/li>\n\n\n\n<li><strong>Yan\u0131c\u0131 s\u0131v\u0131lar<\/strong>: K\u00f6p\u00fck, kuru toz, CO\u2082 (suda \u00e7\u00f6z\u00fcnen s\u0131v\u0131lar alkole dayan\u0131kl\u0131 k\u00f6p\u00fck gerektirir).<\/li>\n\n\n\n<li><strong>Yan\u0131c\u0131 kat\u0131lar<\/strong>: K\u00f6p\u00fck, kuru toz, kum, CO\u2082 veya su sisi.<\/li>\n\n\n\n<li><strong>Kendili\u011finden tutu\u015fan maddeler<\/strong>: Su, kuru toz, kum, CO\u2082.<\/li>\n\n\n\n<li><strong>Suya reaktif malzemeler<\/strong>: Kuru toz, kum.<\/li>\n\n\n\n<li><strong>Oksitleyiciler<\/strong>: Kuru toz, su, CO\u2082.<\/li>\n<\/ul>\n<\/li>\n<\/ul>\n<\/li>\n<\/ol>\n\n\n\n<hr class=\"wp-block-separator has-alpha-channel-opacity\"\/>\n\n\n\n<h2 class=\"wp-block-heading\"><strong>Patlamaya Dayan\u0131kl\u0131 Ekipman \u00d6zellikleri<\/strong><\/h2>\n\n\n\n<h3 class=\"wp-block-heading\"><strong>1. Patlamaya Dayan\u0131kl\u0131 Anahtarlar<\/strong><\/h3>\n\n\n\n<div class=\"wp-block-uagb-image uagb-block-860e52aa wp-block-uagb-image--layout-default wp-block-uagb-image--effect-static wp-block-uagb-image--align-none\"><figure class=\"wp-block-uagb-image__figure\"><img decoding=\"async\" srcset=\"https:\/\/led.amasly.com\/wp-content\/uploads\/2025\/05\/Installation-of-explosion-proof-switches-825x1024.png ,https:\/\/led.amasly.com\/wp-content\/uploads\/2025\/05\/Installation-of-explosion-proof-switches.png 780w, https:\/\/led.amasly.com\/wp-content\/uploads\/2025\/05\/Installation-of-explosion-proof-switches.png 360w\" sizes=\"auto, (max-width: 480px) 150px\" src=\"https:\/\/led.amasly.com\/wp-content\/uploads\/2025\/05\/Installation-of-explosion-proof-switches-825x1024.png\" alt=\"\" class=\"uag-image-3207\" width=\"1080\" height=\"1340\" title=\"Patlamaya dayan\u0131kl\u0131 \u015falterlerin montaj\u0131\" loading=\"lazy\" role=\"img\"><\/figure><\/div>\n\n\n\n<ul class=\"wp-block-list\">\n<li>Standart ev tipi anahtarlar veya da\u011f\u0131t\u0131m kutular\u0131 yasakt\u0131r.<\/li>\n\n\n\n<li><strong>G\u00fcvenlik Standartlar\u0131<\/strong>:\n<ul class=\"wp-block-list\">\n<li>6.1.2.1.1: Ekipman tipi, s\u0131n\u0131f\u0131, grubu, \u00e7evresel ko\u015fullar\u0131 ve i\u015faretleri tasar\u0131m \u00f6zelliklerine uygun olmal\u0131d\u0131r.<\/li>\n\n\n\n<li><strong>Standart Referans<\/strong>:\u00a0<em>Tehlikeli Konumlarda Elektrik Patlamas\u0131na Kar\u015f\u0131 Koruma i\u00e7in G\u00fcvenlik Kodu<\/em>.<\/li>\n<\/ul>\n<\/li>\n<\/ul>\n\n\n\n<h3 class=\"wp-block-heading\"><strong>2. Patlamaya Dayan\u0131kl\u0131 Kablolama<\/strong><\/h3>\n\n\n\n<ul class=\"wp-block-list\">\n<li>Di\u015fli ba\u011flant\u0131lar\u0131 olan galvanizli \u00e7elik borular kullan\u0131n (en az 5 di\u015f tak\u0131l\u0131).<\/li>\n\n\n\n<li>PVC veya per\u00e7inli borular zay\u0131f s\u0131zd\u0131rmazl\u0131k ve d\u00fc\u015f\u00fck mukavemet nedeniyle yasakt\u0131r.<\/li>\n\n\n\n<li><strong>Esnek Patlamaya Dayan\u0131kl\u0131 Kanallar<\/strong>:\n<ul class=\"wp-block-list\">\n<li>Patlamaya dayan\u0131kl\u0131 ekipman\u0131 veya karma\u015f\u0131k dirsekleri ba\u011flay\u0131n.<\/li>\n\n\n\n<li>\u00d6zellikler: Metal di\u015fli u\u00e7lar, kau\u00e7uk d\u0131\u015f katman ve statik da\u011f\u0131l\u0131m i\u00e7in \u00e7elik a\u011f.<\/li>\n\n\n\n<li>Yasaklanm\u0131\u015f alternatifler: Plastik veya balmumu kapl\u0131 t\u00fcpler.<\/li>\n<\/ul>\n<\/li>\n<\/ul>\n\n\n\n<div class=\"wp-block-uagb-image uagb-block-9fdef51a wp-block-uagb-image--layout-default wp-block-uagb-image--effect-static wp-block-uagb-image--align-none\"><figure class=\"wp-block-uagb-image__figure\"><a class=\"\" href=\"https:\/\/led.amasly.com\/tr\/urunler\/\" target=\"\" rel=\"noopener\"><img decoding=\"async\" srcset=\"https:\/\/led.amasly.com\/wp-content\/uploads\/2025\/05\/Installation-of-Explosion-Proof-Flexible-Connecting-Pipe-1024x771.png ,https:\/\/led.amasly.com\/wp-content\/uploads\/2025\/05\/Installation-of-Explosion-Proof-Flexible-Connecting-Pipe.png 780w, https:\/\/led.amasly.com\/wp-content\/uploads\/2025\/05\/Installation-of-Explosion-Proof-Flexible-Connecting-Pipe.png 360w\" sizes=\"auto, (max-width: 480px) 150px\" src=\"https:\/\/led.amasly.com\/wp-content\/uploads\/2025\/05\/Installation-of-Explosion-Proof-Flexible-Connecting-Pipe-1024x771.png\" alt=\"\" class=\"uag-image-3208\" width=\"1080\" height=\"813\" title=\"Patlamaya Dayan\u0131kl\u0131 Esnek Ba\u011flant\u0131 Borusunun Montaj\u0131\" loading=\"lazy\" role=\"img\"><\/a><\/figure><\/div>\n\n\n\n<p><strong>G\u00fcvenlik Standartlar\u0131<\/strong>:<\/p>\n\n\n\n<ul class=\"wp-block-list\">\n<li><strong>Standart 1<\/strong>:\n<ul class=\"wp-block-list\">\n<li>5.4.3: Kanallarda kur\u015fun veya fosfat kapl\u0131 di\u015flere sahip galvanizli \u00e7elik borular kullan\u0131lmal\u0131d\u0131r.<\/li>\n\n\n\n<li><strong>Standart Referans<\/strong>:\u00a0<em>Patlay\u0131c\u0131 Ortamlarda Elektrik Tesisatlar\u0131n\u0131n Tasar\u0131m\u0131 i\u00e7in Kod<\/em>.<\/li>\n<\/ul>\n<\/li>\n\n\n\n<li><strong>Standart 2<\/strong>:\n<ul class=\"wp-block-list\">\n<li>5.3.2: Sadece di\u015fli ba\u011flant\u0131lar; kaynak yasakt\u0131r.<\/li>\n\n\n\n<li>5.3.6: Motor giri\u015flerine, ekipman ba\u011flant\u0131lar\u0131na ve bina genle\u015fme derzlerine esnek kanallar monte edin.<\/li>\n\n\n\n<li><strong>Standart Referans<\/strong>:\u00a0<em>Patlay\u0131c\u0131 ve Yang\u0131n Tehlikesi Olan Ortamlardaki Elektrik Tesisatlar\u0131 i\u00e7in Yap\u0131m ve Kabul Kodu<\/em>.<\/li>\n<\/ul>\n<\/li>\n<\/ul>\n\n\n\n<div class=\"wp-block-uagb-image uagb-block-41192b6b wp-block-uagb-image--layout-default wp-block-uagb-image--effect-static wp-block-uagb-image--align-none\"><figure class=\"wp-block-uagb-image__figure\"><img decoding=\"async\" srcset=\"https:\/\/led.amasly.com\/wp-content\/uploads\/2025\/05\/Explosion-proof-connecting-tube.png ,https:\/\/led.amasly.com\/wp-content\/uploads\/2025\/05\/Explosion-proof-connecting-tube.png 780w, https:\/\/led.amasly.com\/wp-content\/uploads\/2025\/05\/Explosion-proof-connecting-tube.png 360w\" sizes=\"auto, (max-width: 480px) 150px\" src=\"https:\/\/led.amasly.com\/wp-content\/uploads\/2025\/05\/Explosion-proof-connecting-tube.png\" alt=\"\" class=\"uag-image-3210\" width=\"843\" height=\"850\" title=\"Patlamaya dayan\u0131kl\u0131 ba\u011flant\u0131 borusu\" loading=\"lazy\" role=\"img\"><\/figure><\/div>\n\n\n\n<h3 class=\"wp-block-heading\"><strong>3. Patlamaya Dayan\u0131kl\u0131 Ba\u011flant\u0131 Kutular\u0131<\/strong><\/h3>\n\n\n\n<ul class=\"wp-block-list\">\n<li>Borular\u0131 ekipmana ba\u011flamak i\u00e7in kullan\u0131l\u0131r. \u201cEX\u201d sertifikas\u0131 ta\u015f\u0131mal\u0131d\u0131r.<\/li>\n\n\n\n<li>Kullan\u0131lmayan portlar m\u00fch\u00fcrlenmelidir. Terminal ihtiya\u00e7lar\u0131na g\u00f6re kutular\u0131 se\u00e7in (2 yollu, 3 yollu, vb.).<\/li>\n<\/ul>\n\n\n\n<p><strong>G\u00fcvenlik Standartlar\u0131<\/strong>:<\/p>\n\n\n\n<ul class=\"wp-block-list\">\n<li>5.2.1\/5.2.3.5: Tehlikeli alanlardaki kablolar patlamaya dayan\u0131kl\u0131 ba\u011flant\u0131 kutular\u0131 \u00fczerinden ba\u011flanmal\u0131d\u0131r.<\/li>\n\n\n\n<li>5.3.8: Kullan\u0131lmayan portlar\u0131 di\u015fli tapalarla veya bas\u0131n\u00e7 s\u0131zd\u0131rmaz kapaklarla kapat\u0131n.<\/li>\n\n\n\n<li><a href=\"http:\/\/www.iecex-certs.com\/\" rel=\"nofollow noopener\" target=\"_blank\"><strong>Standart Referans<\/strong>:\u00a0<em>Patlay\u0131c\u0131 ve Yang\u0131n Tehlikesi Olan Ortamlardaki Elektrik Tesisatlar\u0131 i\u00e7in Yap\u0131m ve Kabul Kodu<\/em>.<\/a><\/li>\n<\/ul>\n\n\n\n<hr class=\"wp-block-separator has-alpha-channel-opacity\"\/>\n\n\n\n<p class=\"has-text-align-center\">\u0130\u015fletmeler bu standartlara ba\u011fl\u0131 kalarak riskleri azaltabilir, mevzuata uygunlu\u011fu sa\u011flayabilir ve personeli, altyap\u0131y\u0131 ve \u00e7evreyi y\u0131k\u0131c\u0131 olaylardan koruyabilir.<\/p>\n\n\n\n<div class=\"wp-block-uagb-container uagb-block-c7d898dd alignfull uagb-is-root-container\"><div class=\"uagb-container-inner-blocks-wrap\"><\/div><\/div>\n\n\n\n<h2 class=\"wp-block-heading\">\u0130lgili \u00dcr\u00fcnler<\/h2>\n\n\n\n<div class=\"wp-block-uagb-container uagb-block-66e4defc alignfull uagb-is-root-container\"><div class=\"uagb-container-inner-blocks-wrap\">\n<div class=\"wp-block-uagb-container uagb-block-a42945f9\">\n<div class=\"wp-block-uagb-image uagb-block-7296296b wp-block-uagb-image--layout-default wp-block-uagb-image--effect-static wp-block-uagb-image--align-none\"><figure class=\"wp-block-uagb-image__figure\"><a class=\"\" href=\"https:\/\/led.amasly.com\/tr\/urunler\/\" target=\"\" rel=\"noopener\"><img decoding=\"async\" srcset=\"https:\/\/led.amasly.com\/wp-content\/uploads\/2024\/09\/Explosion-proof-high-bay-lights.png ,https:\/\/led.amasly.com\/wp-content\/uploads\/2024\/09\/Explosion-proof-high-bay-lights.png 780w, https:\/\/led.amasly.com\/wp-content\/uploads\/2024\/09\/Explosion-proof-high-bay-lights.png 360w\" sizes=\"auto, (max-width: 480px) 150px\" src=\"https:\/\/led.amasly.com\/wp-content\/uploads\/2024\/09\/Explosion-proof-high-bay-lights.png\" alt=\"\" class=\"uag-image-1495\" width=\"300\" height=\"300\" title=\"Patlamaya dayan\u0131kl\u0131 y\u00fcksek tavan lambalar\u0131\" loading=\"lazy\" role=\"img\"><\/a><\/figure><\/div>\n<\/div>\n\n\n\n<div class=\"wp-block-uagb-container uagb-block-4d3efde5\">\n<div class=\"wp-block-uagb-image uagb-block-c9e90797 wp-block-uagb-image--layout-default wp-block-uagb-image--effect-static wp-block-uagb-image--align-none\"><figure class=\"wp-block-uagb-image__figure\"><a class=\"\" href=\"https:\/\/led.amasly.com\/tr\/urunler\/\" target=\"\" rel=\"noopener\"><img decoding=\"async\" srcset=\"https:\/\/led.amasly.com\/wp-content\/uploads\/2024\/07\/LED-tri-proof-lights2.png ,https:\/\/led.amasly.com\/wp-content\/uploads\/2024\/07\/LED-tri-proof-lights2.png 780w, https:\/\/led.amasly.com\/wp-content\/uploads\/2024\/07\/LED-tri-proof-lights2.png 360w\" sizes=\"auto, (max-width: 480px) 150px\" src=\"https:\/\/led.amasly.com\/wp-content\/uploads\/2024\/07\/LED-tri-proof-lights2.png\" alt=\"\" class=\"uag-image-1132\" width=\"300\" height=\"300\" title=\"LED-tri-proof-\u0131\u015f\u0131klar2\" loading=\"lazy\" role=\"img\"><\/a><\/figure><\/div>\n<\/div>\n\n\n\n<div class=\"wp-block-uagb-container uagb-block-11c2578b\">\n<div class=\"wp-block-uagb-image uagb-block-6e8883aa wp-block-uagb-image--layout-default wp-block-uagb-image--effect-static wp-block-uagb-image--align-none\"><figure class=\"wp-block-uagb-image__figure\"><a class=\"\" href=\"https:\/\/led.amasly.com\/tr\/urunler\/\" target=\"\" rel=\"noopener\"><img decoding=\"async\" srcset=\"https:\/\/led.amasly.com\/wp-content\/uploads\/2024\/09\/LED-Explosion-Proof-Gas-Station-Light.png ,https:\/\/led.amasly.com\/wp-content\/uploads\/2024\/09\/LED-Explosion-Proof-Gas-Station-Light.png 780w, https:\/\/led.amasly.com\/wp-content\/uploads\/2024\/09\/LED-Explosion-Proof-Gas-Station-Light.png 360w\" sizes=\"auto, (max-width: 480px) 150px\" src=\"https:\/\/led.amasly.com\/wp-content\/uploads\/2024\/09\/LED-Explosion-Proof-Gas-Station-Light.png\" alt=\"\" class=\"uag-image-1501\" width=\"300\" height=\"300\" title=\"LED Patlamaya Dayan\u0131kl\u0131 Benzin \u0130stasyonu I\u015f\u0131\u011f\u0131\" loading=\"lazy\" role=\"img\"><\/a><\/figure><\/div>\n<\/div>\n<\/div><\/div>\n\n\n\n<div class=\"wp-block-uagb-container uagb-block-548945b5 alignfull uagb-is-root-container\"><div class=\"uagb-container-inner-blocks-wrap\">\n<div class=\"wp-block-uagb-container uagb-block-967755d5\">\n<h4 class=\"wp-block-heading has-text-align-center\"><a href=\"https:\/\/led.amasly.com\/tr\/urunler\/\">LED Patlamaya Dayan\u0131kl\u0131 I\u015f\u0131klar<\/a><\/h4>\n<\/div>\n\n\n\n<div class=\"wp-block-uagb-container uagb-block-9bc52fc2\">\n<h4 class=\"wp-block-heading has-text-align-center\"><a href=\"https:\/\/led.amasly.com\/tr\/urunler\/\">LED Tri-Proof I\u015f\u0131klar<\/a><\/h4>\n<\/div>\n\n\n\n<div class=\"wp-block-uagb-container uagb-block-8ffa0a23\">\n<h4 class=\"wp-block-heading has-text-align-center\"><a href=\"https:\/\/led.amasly.com\/tr\/urunler\/\">Patlamaya Dayan\u0131kl\u0131 Benzin \u0130stasyonu I\u015f\u0131klar\u0131<\/a><\/h4>\n<\/div>\n<\/div><\/div>\n\n\n\n<div class=\"wp-block-uagb-container uagb-block-29499fe0 alignfull uagb-is-root-container\"><div class=\"uagb-container-inner-blocks-wrap\">\n<div class=\"wp-block-uagb-container uagb-block-777ee1c7\">\n<div class=\"wp-block-uagb-image uagb-block-2e9a1851 wp-block-uagb-image--layout-default wp-block-uagb-image--effect-static wp-block-uagb-image--align-none\"><figure class=\"wp-block-uagb-image__figure\"><a class=\"\" href=\"https:\/\/led.amasly.com\/tr\/urunler\/\" target=\"\" rel=\"noopener\"><img decoding=\"async\" srcset=\"https:\/\/led.amasly.com\/wp-content\/uploads\/2024\/10\/50W-100W-150W-200W-300W-LED-Flood-Light.jpg ,https:\/\/led.amasly.com\/wp-content\/uploads\/2024\/10\/50W-100W-150W-200W-300W-LED-Flood-Light.jpg 780w, https:\/\/led.amasly.com\/wp-content\/uploads\/2024\/10\/50W-100W-150W-200W-300W-LED-Flood-Light.jpg 360w\" sizes=\"auto, (max-width: 480px) 150px\" src=\"https:\/\/led.amasly.com\/wp-content\/uploads\/2024\/10\/50W-100W-150W-200W-300W-LED-Flood-Light.jpg\" alt=\"\" class=\"uag-image-1526\" width=\"300\" height=\"300\" title=\"50W 100W 150W 200W 300W LED Ta\u015fk\u0131n I\u015f\u0131k\" loading=\"lazy\" role=\"img\"><\/a><\/figure><\/div>\n<\/div>\n\n\n\n<div class=\"wp-block-uagb-container uagb-block-af8c8683\">\n<div class=\"wp-block-uagb-image uagb-block-67947854 wp-block-uagb-image--layout-default wp-block-uagb-image--effect-static wp-block-uagb-image--align-none\"><figure class=\"wp-block-uagb-image__figure\"><a class=\"\" href=\"https:\/\/led.amasly.com\/tr\/urunler\/\" target=\"\" rel=\"noopener\"><img decoding=\"async\" srcset=\"https:\/\/led.amasly.com\/wp-content\/uploads\/2024\/07\/led-tri-proof-light.png ,https:\/\/led.amasly.com\/wp-content\/uploads\/2024\/07\/led-tri-proof-light.png 780w, https:\/\/led.amasly.com\/wp-content\/uploads\/2024\/07\/led-tri-proof-light.png 360w\" sizes=\"auto, (max-width: 480px) 150px\" src=\"https:\/\/led.amasly.com\/wp-content\/uploads\/2024\/07\/led-tri-proof-light.png\" alt=\"\" class=\"uag-image-1130\" width=\"300\" height=\"300\" title=\"led-tri-proof-\u0131\u015f\u0131k\" loading=\"lazy\" role=\"img\"><\/a><\/figure><\/div>\n<\/div>\n\n\n\n<div class=\"wp-block-uagb-container uagb-block-0fdfdd58\">\n<div class=\"wp-block-uagb-image uagb-block-1187d32d wp-block-uagb-image--layout-default wp-block-uagb-image--effect-static wp-block-uagb-image--align-none\"><figure class=\"wp-block-uagb-image__figure\"><a class=\"\" href=\"https:\/\/led.amasly.com\/tr\/urunler\/\" target=\"\" rel=\"noopener\"><img decoding=\"async\" srcset=\"https:\/\/led.amasly.com\/wp-content\/uploads\/2024\/07\/LED-street-light.jpg ,https:\/\/led.amasly.com\/wp-content\/uploads\/2024\/07\/LED-street-light.jpg 780w, https:\/\/led.amasly.com\/wp-content\/uploads\/2024\/07\/LED-street-light.jpg 360w\" sizes=\"auto, (max-width: 480px) 150px\" src=\"https:\/\/led.amasly.com\/wp-content\/uploads\/2024\/07\/LED-street-light.jpg\" alt=\"\" class=\"uag-image-1145\" width=\"300\" height=\"300\" title=\"LED-sokak-\u0131\u015f\u0131\u011f\u0131\" loading=\"lazy\" role=\"img\"><\/a><\/figure><\/div>\n<\/div>\n<\/div><\/div>\n\n\n\n<div class=\"wp-block-uagb-container uagb-block-6a60882c alignfull uagb-is-root-container\"><div class=\"uagb-container-inner-blocks-wrap\">\n<div class=\"wp-block-uagb-container uagb-block-f1e91a35\">\n<h4 class=\"wp-block-heading has-text-align-center\"><a href=\"https:\/\/led.amasly.com\/tr\/urunler\/\">LED Sel I\u015f\u0131klar\u0131<\/a><\/h4>\n<\/div>\n\n\n\n<div class=\"wp-block-uagb-container uagb-block-165bfa58\">\n<h4 class=\"wp-block-heading has-text-align-center\"><a href=\"https:\/\/led.amasly.com\/tr\/urunler\/\">LED Tri-Proof T\u00fcp I\u015f\u0131klar<\/a><\/h4>\n<\/div>\n\n\n\n<div class=\"wp-block-uagb-container uagb-block-f6096e3b\">\n<h4 class=\"wp-block-heading has-text-align-center\"><a href=\"https:\/\/led.amasly.com\/tr\/urunler\/\">LED Sokak Lambalar\u0131<\/a><\/h4>\n<\/div>\n<\/div><\/div>\n\n\n\n<div class=\"wp-block-uagb-container uagb-block-99c0e0a5 alignfull uagb-is-root-container\"><div class=\"uagb-container-inner-blocks-wrap\"><\/div><\/div>\n\n\n\n<p><\/p>","protected":false},"excerpt":{"rendered":"<p>Explosion-Proof Equipment Requirements for Hazardous Chemical Warehouses Hazardous chemicals refer to highly toxic substances with corrosive, explosive, combustible, or oxidizing properties that pose significant risks to human health, facilities, and the environment. Due to their unique physical and chemical characteristics, improper handling, leaks, or explosions can release toxic fumes or gases. These substances may also [&hellip;]<\/p>\n","protected":false},"author":1,"featured_media":0,"parent":2374,"menu_order":0,"comment_status":"closed","ping_status":"closed","template":"","meta":{"_uag_custom_page_level_css":"","site-sidebar-layout":"no-sidebar","site-content-layout":"","ast-site-content-layout":"default","site-content-style":"default","site-sidebar-style":"default","ast-global-header-display":"","ast-banner-title-visibility":"","ast-main-header-display":"","ast-hfb-above-header-display":"","ast-hfb-below-header-display":"","ast-hfb-mobile-header-display":"","site-post-title":"disabled","ast-breadcrumbs-content":"","ast-featured-img":"","footer-sml-layout":"","ast-disable-related-posts":"","theme-transparent-header-meta":"enabled","adv-header-id-meta":"","stick-header-meta":"","header-above-stick-meta":"","header-main-stick-meta":"","header-below-stick-meta":"","astra-migrate-meta-layouts":"set","ast-page-background-enabled":"default","ast-page-background-meta":{"desktop":{"background-color":"var(--ast-global-color-4)","background-image":"","background-repeat":"repeat","background-position":"center center","background-size":"auto","background-attachment":"scroll","background-type":"","background-media":"","overlay-type":"","overlay-color":"","overlay-opacity":"","overlay-gradient":""},"tablet":{"background-color":"","background-image":"","background-repeat":"repeat","background-position":"center center","background-size":"auto","background-attachment":"scroll","background-type":"","background-media":"","overlay-type":"","overlay-color":"","overlay-opacity":"","overlay-gradient":""},"mobile":{"background-color":"","background-image":"","background-repeat":"repeat","background-position":"center center","background-size":"auto","background-attachment":"scroll","background-type":"","background-media":"","overlay-type":"","overlay-color":"","overlay-opacity":"","overlay-gradient":""}},"ast-content-background-meta":{"desktop":{"background-color":"var(--ast-global-color-5)","background-image":"","background-repeat":"repeat","background-position":"center center","background-size":"auto","background-attachment":"scroll","background-type":"","background-media":"","overlay-type":"","overlay-color":"","overlay-opacity":"","overlay-gradient":""},"tablet":{"background-color":"var(--ast-global-color-5)","background-image":"","background-repeat":"repeat","background-position":"center center","background-size":"auto","background-attachment":"scroll","background-type":"","background-media":"","overlay-type":"","overlay-color":"","overlay-opacity":"","overlay-gradient":""},"mobile":{"background-color":"var(--ast-global-color-5)","background-image":"","background-repeat":"repeat","background-position":"center center","background-size":"auto","background-attachment":"scroll","background-type":"","background-media":"","overlay-type":"","overlay-color":"","overlay-opacity":"","overlay-gradient":""}},"footnotes":""},"class_list":["post-3206","page","type-page","status-publish","hentry"],"uagb_featured_image_src":{"full":false,"thumbnail":false,"medium":false,"medium_large":false,"large":false,"1536x1536":false,"2048x2048":false,"trp-custom-language-flag":false},"uagb_author_info":{"display_name":"Joe","author_link":"https:\/\/led.amasly.com\/tr\/author\/jacklin\/"},"uagb_comment_info":0,"uagb_excerpt":"Explosion-Proof Equipment Requirements for Hazardous Chemical Warehouses Hazardous chemicals refer to highly toxic substances with corrosive, explosive, combustible, or oxidizing properties that pose significant risks to human health, facilities, and the environment. Due to their unique physical and chemical characteristics, improper handling, leaks, or explosions can release toxic fumes or gases. These substances may also&hellip;","_links":{"self":[{"href":"https:\/\/led.amasly.com\/tr\/wp-json\/wp\/v2\/pages\/3206","targetHints":{"allow":["GET"]}}],"collection":[{"href":"https:\/\/led.amasly.com\/tr\/wp-json\/wp\/v2\/pages"}],"about":[{"href":"https:\/\/led.amasly.com\/tr\/wp-json\/wp\/v2\/types\/page"}],"author":[{"embeddable":true,"href":"https:\/\/led.amasly.com\/tr\/wp-json\/wp\/v2\/users\/1"}],"replies":[{"embeddable":true,"href":"https:\/\/led.amasly.com\/tr\/wp-json\/wp\/v2\/comments?post=3206"}],"version-history":[{"count":1,"href":"https:\/\/led.amasly.com\/tr\/wp-json\/wp\/v2\/pages\/3206\/revisions"}],"predecessor-version":[{"id":3211,"href":"https:\/\/led.amasly.com\/tr\/wp-json\/wp\/v2\/pages\/3206\/revisions\/3211"}],"up":[{"embeddable":true,"href":"https:\/\/led.amasly.com\/tr\/wp-json\/wp\/v2\/pages\/2374"}],"wp:attachment":[{"href":"https:\/\/led.amasly.com\/tr\/wp-json\/wp\/v2\/media?parent=3206"}],"curies":[{"name":"wp","href":"https:\/\/api.w.org\/{rel}","templated":true}]}}