{"id":3177,"date":"2025-04-24T23:20:05","date_gmt":"2025-04-24T15:20:05","guid":{"rendered":"https:\/\/led.amasly.com\/?page_id=3177"},"modified":"2025-04-24T23:20:13","modified_gmt":"2025-04-24T15:20:13","slug":"explosion-proof-spray-booth-systems-industry-trends-technical-solutions-safety-compliance","status":"publish","type":"page","link":"https:\/\/led.amasly.com\/tr\/knowledge\/explosion-proof-products-knowledge\/explosion-proof-spray-booth-systems-industry-trends-technical-solutions-safety-compliance\/","title":{"rendered":"Patlamaya Dayan\u0131kl\u0131 P\u00fcsk\u00fcrtme Kabini Sistemleri: Sekt\u00f6r Trendleri, Teknik \u00c7\u00f6z\u00fcmler ve G\u00fcvenlik Uyumlulu\u011fu"},"content":{"rendered":"<div class=\"wp-block-uagb-container uagb-block-27bae773 alignfull uagb-is-root-container\"><div class=\"uagb-container-inner-blocks-wrap\"><\/div><\/div>\n\n\n\n<h1 class=\"wp-block-heading has-text-align-center\"><strong>Patlamaya Dayan\u0131kl\u0131 P\u00fcsk\u00fcrtme Kabini Sistemleri: Sekt\u00f6r Trendleri, Teknik \u00c7\u00f6z\u00fcmler ve G\u00fcvenlik Uyumlulu\u011fu<\/strong><\/h1>\n\n\n\n<div class=\"wp-block-uagb-image uagb-block-da1360b5 wp-block-uagb-image--layout-default wp-block-uagb-image--effect-static wp-block-uagb-image--align-none\"><figure class=\"wp-block-uagb-image__figure\"><a class=\"\" href=\"https:\/\/led.amasly.com\/tr\/products\/\" target=\"\" rel=\"noopener\"><img decoding=\"async\" srcset=\"https:\/\/led.amasly.com\/wp-content\/uploads\/2025\/01\/LED-explosion-proof-flood-lights.png ,https:\/\/led.amasly.com\/wp-content\/uploads\/2025\/01\/LED-explosion-proof-flood-lights.png 780w, https:\/\/led.amasly.com\/wp-content\/uploads\/2025\/01\/LED-explosion-proof-flood-lights.png 360w\" sizes=\"auto, (max-width: 480px) 150px\" src=\"https:\/\/led.amasly.com\/wp-content\/uploads\/2025\/01\/LED-explosion-proof-flood-lights.png\" alt=\"\" class=\"uag-image-1675\" width=\"1004\" height=\"308\" title=\"LED patlamaya dayan\u0131kl\u0131 sel \u0131\u015f\u0131klar\u0131\" loading=\"lazy\" role=\"img\"><\/a><\/figure><\/div>\n\n\n\n<h2 class=\"wp-block-heading\"><strong>1. Sekt\u00f6r \u0130\u00e7g\u00f6r\u00fcleri ve D\u00fczenleyici Etkenler<\/strong><\/h2>\n\n\n\n<p>\u00c7in gaz alarm\u0131 pazar\u0131 2024 y\u0131l\u0131nda 12 milyar Yen'e ($1,68B) ula\u015f\u0131rken, sprey kabinleri end\u00fcstriyel talebin 18%'sini olu\u015fturdu. 2025 sonras\u0131 i\u00e7in revizyonlar&nbsp;<em>Gaz M\u00fchendisli\u011fi Kodu<\/em>&nbsp;p\u00fcsk\u00fcrtme kabinleri gibi patlamaya e\u011filimli S\u0131n\u0131f II b\u00f6lgeler i\u00e7in 30% daha s\u0131k\u0131 g\u00fcvenlik standartlar\u0131n\u0131 zorunlu k\u0131lacak ve 20% y\u0131ll\u0131k pazar b\u00fcy\u00fcmesini destekleyecektir.<\/p>\n\n\n\n<h2 class=\"wp-block-heading\"><strong>2. \u00c7ekirdek P\u00fcsk\u00fcrtme Kabini<\/strong> <strong>Patlamaya Dayan\u0131kl\u0131 \u00c7\u00f6z\u00fcmler<\/strong><\/h2>\n\n\n\n<h4 class=\"wp-block-heading\"><strong>Anahtar Ekipman<\/strong><\/h4>\n\n\n\n<ul class=\"wp-block-list\">\n<li><strong>Dedekt\u00f6rler<\/strong>: <a href=\"http:\/\/www.iecex-certs.com\/\" rel=\"nofollow noopener\" target=\"_blank\">Exd\u2161CT6 s\u0131n\u0131f\u0131<\/a> katalitik yanma sens\u00f6rleri (0-100% LEL, \u226415s yan\u0131t, &lt;1% yanl\u0131\u015f alarm)<\/li>\n\n\n\n<li><strong>Kontrol\u00f6rler<\/strong>: Fan\/valf entegrasyonu i\u00e7in 4 r\u00f6leli \u00e7\u0131k\u0131\u015f (GB 50493-2009 uyumlu)<\/li>\n\n\n\n<li><strong>Ta\u015f\u0131nabilir Taray\u0131c\u0131lar<\/strong>: K\u0131z\u0131l\u00f6tesi gaz g\u00f6r\u00fcnt\u00fclemeli Hanwei R10 (20m uzaktan alg\u0131lama)<\/li>\n<\/ul>\n\n\n\n<h4 class=\"wp-block-heading\"><strong>Kurulum Standartlar\u0131<\/strong><\/h4>\n\n\n\n<ul class=\"wp-block-list\">\n<li><strong>D\u00fczen<\/strong>: 30m\u00b2 ba\u015f\u0131na 1 dedekt\u00f6r, yerden 0,6-0,8m y\u00fcksekli\u011fe monte edilmi\u015f<\/li>\n\n\n\n<li><strong>Kablolama<\/strong>: B\u00f6lge 1 i\u00e7in MI kablolar\u0131, alev geciktirici CR kau\u00e7uk (GB\/T 18380)<\/li>\n\n\n\n<li><strong>Sertifikasyon<\/strong>: ATEX\/IECEx sertifikal\u0131 yayl\u0131 rondelal\u0131 kontrol kutular\u0131<\/li>\n<\/ul>\n\n\n\n<h2 class=\"wp-block-heading\"><strong>3. Pazar E\u011filimleri ve Yenilikler<\/strong><\/h2>\n\n\n\n<ul class=\"wp-block-list\">\n<li><strong>Rekabet Ortam\u0131<\/strong>: En b\u00fcy\u00fck oyuncular (Hanwei, ErGong) 35% pazar pay\u0131na sahiptir ve IoT\/g\u00fcne\u015f enerjili sistemler i\u00e7in Ar-Ge'ye 8,5% yat\u0131r\u0131m yapmaktad\u0131r.<\/li>\n\n\n\n<li><strong>Teknolojik Bulu\u015flar<\/strong>:\n<ul class=\"wp-block-list\">\n<li>AI + 5G yan\u0131t s\u00fcresini 30 saniyeye, yanl\u0131\u015f alarmlar\u0131 0,5%'ye d\u00fc\u015f\u00fcr\u00fcr<\/li>\n\n\n\n<li>TDLAS ppb d\u00fczeyinde metan tespitine ula\u015ft\u0131<\/li>\n\n\n\n<li>G\u00fcne\u015f enerjisiyle \u00e7al\u0131\u015fan cihazlar enerji kullan\u0131m\u0131n\u0131 60% azaltt\u0131<\/li>\n<\/ul>\n<\/li>\n<\/ul>\n\n\n\n<h2 class=\"wp-block-heading\"><strong>4. Yat\u0131r\u0131m Getirisi ve Risk Azaltma<\/strong><\/h2>\n\n\n\n<ul class=\"wp-block-list\">\n<li><strong>Maliyetler<\/strong>: 100m\u00b2 stant i\u00e7in 28.000 \u00a5 ($3.920), 92% kaza azalmas\u0131, 37% daha d\u00fc\u015f\u00fck sigorta primi<\/li>\n\n\n\n<li><strong>Kaza Maliyetleri<\/strong>: Benzen patlamalar\u0131 ortalama \u00a55M \u00a52.3(700<em>k<\/em>)<em>perincident<\/em>;<em>gasleakscaused<\/em>\u00a52.3<em>B<\/em>2024 y\u0131l\u0131nda (322 milyon) kay\u0131p<\/li>\n<\/ul>\n\n\n\n<h2 class=\"wp-block-heading\"><strong>5. Uyumluluk Temelleri<\/strong><\/h2>\n\n\n\n<p class=\"has-text-align-left\"><strong>Cezalar<\/strong>: Zhejiang otomobil par\u00e7alar\u0131 fabrikas\u0131 uyumsuzluk nedeniyle 2024 y\u0131l\u0131nda 830 bin Yen ($116 bin) para cezas\u0131na \u00e7arpt\u0131r\u0131ld\u0131<\/p>\n\n\n\n<p><strong>Standartlar<\/strong>: AQ3009-2007 patlamaya dayan\u0131kl\u0131 yap\u0131 + GB3836.1 elektrik g\u00fcvenli\u011fi<\/p>\n\n\n\n<p><strong>Denetimler<\/strong>: Ayl\u0131k m\u00fch\u00fcr kontrolleri, \u00fc\u00e7 ayda bir sens\u00f6r kalibrasyonu, y\u0131ll\u0131k \u00fc\u00e7\u00fcnc\u00fc taraf denetimleri<\/p>\n\n\n\n<div class=\"wp-block-uagb-container uagb-block-c7d898dd alignfull uagb-is-root-container\"><div class=\"uagb-container-inner-blocks-wrap\"><\/div><\/div>\n\n\n\n<h2 class=\"wp-block-heading\">\u0130lgili \u00dcr\u00fcnler<\/h2>\n\n\n\n<div class=\"wp-block-uagb-container uagb-block-66e4defc alignfull uagb-is-root-container\"><div class=\"uagb-container-inner-blocks-wrap\">\n<div class=\"wp-block-uagb-container uagb-block-a42945f9\">\n<div class=\"wp-block-uagb-image uagb-block-7296296b wp-block-uagb-image--layout-default wp-block-uagb-image--effect-static wp-block-uagb-image--align-none\"><figure class=\"wp-block-uagb-image__figure\"><a class=\"\" href=\"https:\/\/led.amasly.com\/tr\/products\/\" target=\"\" rel=\"noopener\"><img decoding=\"async\" srcset=\"https:\/\/led.amasly.com\/wp-content\/uploads\/2024\/09\/Explosion-proof-high-bay-lights.png ,https:\/\/led.amasly.com\/wp-content\/uploads\/2024\/09\/Explosion-proof-high-bay-lights.png 780w, https:\/\/led.amasly.com\/wp-content\/uploads\/2024\/09\/Explosion-proof-high-bay-lights.png 360w\" sizes=\"auto, (max-width: 480px) 150px\" src=\"https:\/\/led.amasly.com\/wp-content\/uploads\/2024\/09\/Explosion-proof-high-bay-lights.png\" alt=\"\" class=\"uag-image-1495\" width=\"300\" height=\"300\" title=\"Patlamaya dayan\u0131kl\u0131 y\u00fcksek tavan lambalar\u0131\" loading=\"lazy\" role=\"img\"><\/a><\/figure><\/div>\n<\/div>\n\n\n\n<div class=\"wp-block-uagb-container uagb-block-4d3efde5\">\n<div class=\"wp-block-uagb-image uagb-block-c9e90797 wp-block-uagb-image--layout-default wp-block-uagb-image--effect-static wp-block-uagb-image--align-none\"><figure class=\"wp-block-uagb-image__figure\"><a class=\"\" href=\"https:\/\/led.amasly.com\/tr\/products\/\" target=\"\" rel=\"noopener\"><img decoding=\"async\" srcset=\"https:\/\/led.amasly.com\/wp-content\/uploads\/2024\/07\/LED-tri-proof-lights2.png ,https:\/\/led.amasly.com\/wp-content\/uploads\/2024\/07\/LED-tri-proof-lights2.png 780w, https:\/\/led.amasly.com\/wp-content\/uploads\/2024\/07\/LED-tri-proof-lights2.png 360w\" sizes=\"auto, (max-width: 480px) 150px\" src=\"https:\/\/led.amasly.com\/wp-content\/uploads\/2024\/07\/LED-tri-proof-lights2.png\" alt=\"\" class=\"uag-image-1132\" width=\"300\" height=\"300\" title=\"LED-tri-proof-\u0131\u015f\u0131klar2\" loading=\"lazy\" role=\"img\"><\/a><\/figure><\/div>\n<\/div>\n\n\n\n<div class=\"wp-block-uagb-container uagb-block-11c2578b\">\n<div class=\"wp-block-uagb-image uagb-block-6e8883aa wp-block-uagb-image--layout-default wp-block-uagb-image--effect-static wp-block-uagb-image--align-none\"><figure class=\"wp-block-uagb-image__figure\"><a class=\"\" href=\"https:\/\/led.amasly.com\/tr\/products\/\" target=\"\" rel=\"noopener\"><img decoding=\"async\" srcset=\"https:\/\/led.amasly.com\/wp-content\/uploads\/2024\/09\/LED-Explosion-Proof-Gas-Station-Light.png ,https:\/\/led.amasly.com\/wp-content\/uploads\/2024\/09\/LED-Explosion-Proof-Gas-Station-Light.png 780w, https:\/\/led.amasly.com\/wp-content\/uploads\/2024\/09\/LED-Explosion-Proof-Gas-Station-Light.png 360w\" sizes=\"auto, (max-width: 480px) 150px\" src=\"https:\/\/led.amasly.com\/wp-content\/uploads\/2024\/09\/LED-Explosion-Proof-Gas-Station-Light.png\" alt=\"\" class=\"uag-image-1501\" width=\"300\" height=\"300\" title=\"LED Patlamaya Dayan\u0131kl\u0131 Benzin \u0130stasyonu I\u015f\u0131\u011f\u0131\" loading=\"lazy\" role=\"img\"><\/a><\/figure><\/div>\n<\/div>\n<\/div><\/div>\n\n\n\n<div class=\"wp-block-uagb-container uagb-block-548945b5 alignfull uagb-is-root-container\"><div class=\"uagb-container-inner-blocks-wrap\">\n<div class=\"wp-block-uagb-container uagb-block-967755d5\">\n<h4 class=\"wp-block-heading has-text-align-center\"><a href=\"https:\/\/led.amasly.com\/tr\/products\/\">LED Patlamaya Dayan\u0131kl\u0131 I\u015f\u0131klar<\/a><\/h4>\n<\/div>\n\n\n\n<div class=\"wp-block-uagb-container uagb-block-9bc52fc2\">\n<h4 class=\"wp-block-heading has-text-align-center\"><a href=\"https:\/\/led.amasly.com\/tr\/products\/\">LED Tri-Proof I\u015f\u0131klar<\/a><\/h4>\n<\/div>\n\n\n\n<div class=\"wp-block-uagb-container uagb-block-8ffa0a23\">\n<h4 class=\"wp-block-heading has-text-align-center\"><a href=\"https:\/\/led.amasly.com\/tr\/products\/\">Patlamaya Dayan\u0131kl\u0131 Benzin \u0130stasyonu I\u015f\u0131klar\u0131<\/a><\/h4>\n<\/div>\n<\/div><\/div>\n\n\n\n<div class=\"wp-block-uagb-container uagb-block-29499fe0 alignfull uagb-is-root-container\"><div class=\"uagb-container-inner-blocks-wrap\">\n<div class=\"wp-block-uagb-container uagb-block-777ee1c7\">\n<div class=\"wp-block-uagb-image uagb-block-2e9a1851 wp-block-uagb-image--layout-default wp-block-uagb-image--effect-static wp-block-uagb-image--align-none\"><figure class=\"wp-block-uagb-image__figure\"><a class=\"\" href=\"https:\/\/led.amasly.com\/tr\/products\/\" target=\"\" rel=\"noopener\"><img decoding=\"async\" srcset=\"https:\/\/led.amasly.com\/wp-content\/uploads\/2024\/10\/50W-100W-150W-200W-300W-LED-Flood-Light.jpg ,https:\/\/led.amasly.com\/wp-content\/uploads\/2024\/10\/50W-100W-150W-200W-300W-LED-Flood-Light.jpg 780w, https:\/\/led.amasly.com\/wp-content\/uploads\/2024\/10\/50W-100W-150W-200W-300W-LED-Flood-Light.jpg 360w\" sizes=\"auto, (max-width: 480px) 150px\" src=\"https:\/\/led.amasly.com\/wp-content\/uploads\/2024\/10\/50W-100W-150W-200W-300W-LED-Flood-Light.jpg\" alt=\"\" class=\"uag-image-1526\" width=\"300\" height=\"300\" title=\"50W 100W 150W 200W 300W LED Ta\u015fk\u0131n I\u015f\u0131k\" loading=\"lazy\" role=\"img\"><\/a><\/figure><\/div>\n<\/div>\n\n\n\n<div class=\"wp-block-uagb-container uagb-block-af8c8683\">\n<div class=\"wp-block-uagb-image uagb-block-67947854 wp-block-uagb-image--layout-default wp-block-uagb-image--effect-static wp-block-uagb-image--align-none\"><figure class=\"wp-block-uagb-image__figure\"><a class=\"\" href=\"https:\/\/led.amasly.com\/tr\/products\/\" target=\"\" rel=\"noopener\"><img decoding=\"async\" srcset=\"https:\/\/led.amasly.com\/wp-content\/uploads\/2024\/07\/led-tri-proof-light.png ,https:\/\/led.amasly.com\/wp-content\/uploads\/2024\/07\/led-tri-proof-light.png 780w, https:\/\/led.amasly.com\/wp-content\/uploads\/2024\/07\/led-tri-proof-light.png 360w\" sizes=\"auto, (max-width: 480px) 150px\" src=\"https:\/\/led.amasly.com\/wp-content\/uploads\/2024\/07\/led-tri-proof-light.png\" alt=\"\" class=\"uag-image-1130\" width=\"300\" height=\"300\" title=\"led-tri-proof-\u0131\u015f\u0131k\" loading=\"lazy\" role=\"img\"><\/a><\/figure><\/div>\n<\/div>\n\n\n\n<div class=\"wp-block-uagb-container uagb-block-0fdfdd58\">\n<div class=\"wp-block-uagb-image uagb-block-1187d32d wp-block-uagb-image--layout-default wp-block-uagb-image--effect-static wp-block-uagb-image--align-none\"><figure class=\"wp-block-uagb-image__figure\"><a class=\"\" href=\"https:\/\/led.amasly.com\/tr\/products\/\" target=\"\" rel=\"noopener\"><img decoding=\"async\" srcset=\"https:\/\/led.amasly.com\/wp-content\/uploads\/2024\/07\/LED-street-light.jpg ,https:\/\/led.amasly.com\/wp-content\/uploads\/2024\/07\/LED-street-light.jpg 780w, https:\/\/led.amasly.com\/wp-content\/uploads\/2024\/07\/LED-street-light.jpg 360w\" sizes=\"auto, (max-width: 480px) 150px\" src=\"https:\/\/led.amasly.com\/wp-content\/uploads\/2024\/07\/LED-street-light.jpg\" alt=\"\" class=\"uag-image-1145\" width=\"300\" height=\"300\" title=\"LED-sokak-\u0131\u015f\u0131\u011f\u0131\" loading=\"lazy\" role=\"img\"><\/a><\/figure><\/div>\n<\/div>\n<\/div><\/div>\n\n\n\n<div class=\"wp-block-uagb-container uagb-block-6a60882c alignfull uagb-is-root-container\"><div class=\"uagb-container-inner-blocks-wrap\">\n<div class=\"wp-block-uagb-container uagb-block-f1e91a35\">\n<h4 class=\"wp-block-heading has-text-align-center\"><a href=\"https:\/\/led.amasly.com\/tr\/products\/\">LED Sel I\u015f\u0131klar\u0131<\/a><\/h4>\n<\/div>\n\n\n\n<div class=\"wp-block-uagb-container uagb-block-165bfa58\">\n<h4 class=\"wp-block-heading has-text-align-center\"><a href=\"https:\/\/led.amasly.com\/tr\/products\/\">LED Tri-Proof T\u00fcp I\u015f\u0131klar<\/a><\/h4>\n<\/div>\n\n\n\n<div class=\"wp-block-uagb-container uagb-block-f6096e3b\">\n<h4 class=\"wp-block-heading has-text-align-center\"><a href=\"https:\/\/led.amasly.com\/tr\/products\/\">LED Sokak Lambalar\u0131<\/a><\/h4>\n<\/div>\n<\/div><\/div>\n\n\n\n<div class=\"wp-block-uagb-container uagb-block-99c0e0a5 alignfull uagb-is-root-container\"><div class=\"uagb-container-inner-blocks-wrap\"><\/div><\/div>\n\n\n\n<p><\/p>","protected":false},"excerpt":{"rendered":"<p>Explosion-Proof Spray Booth Systems: Industry Trends, Technical Solutions &amp; Safety Compliance 1. Industry Insights &amp; Regulatory Drivers The Chinese gas alarm market reached \u00a512 billion ($1.68B) in 2024, with spray booths accounting for 18% of industrial demand. Post-2025 revisions to the&nbsp;Gas Engineering Code&nbsp;will mandate 30% stricter safety standards for Class II explosion-prone zones like spray [&hellip;]<\/p>\n","protected":false},"author":1,"featured_media":0,"parent":2374,"menu_order":0,"comment_status":"closed","ping_status":"closed","template":"","meta":{"_uag_custom_page_level_css":"","site-sidebar-layout":"no-sidebar","site-content-layout":"","ast-site-content-layout":"default","site-content-style":"default","site-sidebar-style":"default","ast-global-header-display":"","ast-banner-title-visibility":"","ast-main-header-display":"","ast-hfb-above-header-display":"","ast-hfb-below-header-display":"","ast-hfb-mobile-header-display":"","site-post-title":"disabled","ast-breadcrumbs-content":"","ast-featured-img":"","footer-sml-layout":"","ast-disable-related-posts":"","theme-transparent-header-meta":"enabled","adv-header-id-meta":"","stick-header-meta":"","header-above-stick-meta":"","header-main-stick-meta":"","header-below-stick-meta":"","astra-migrate-meta-layouts":"set","ast-page-background-enabled":"default","ast-page-background-meta":{"desktop":{"background-color":"var(--ast-global-color-4)","background-image":"","background-repeat":"repeat","background-position":"center center","background-size":"auto","background-attachment":"scroll","background-type":"","background-media":"","overlay-type":"","overlay-color":"","overlay-opacity":"","overlay-gradient":""},"tablet":{"background-color":"","background-image":"","background-repeat":"repeat","background-position":"center center","background-size":"auto","background-attachment":"scroll","background-type":"","background-media":"","overlay-type":"","overlay-color":"","overlay-opacity":"","overlay-gradient":""},"mobile":{"background-color":"","background-image":"","background-repeat":"repeat","background-position":"center center","background-size":"auto","background-attachment":"scroll","background-type":"","background-media":"","overlay-type":"","overlay-color":"","overlay-opacity":"","overlay-gradient":""}},"ast-content-background-meta":{"desktop":{"background-color":"var(--ast-global-color-5)","background-image":"","background-repeat":"repeat","background-position":"center center","background-size":"auto","background-attachment":"scroll","background-type":"","background-media":"","overlay-type":"","overlay-color":"","overlay-opacity":"","overlay-gradient":""},"tablet":{"background-color":"var(--ast-global-color-5)","background-image":"","background-repeat":"repeat","background-position":"center center","background-size":"auto","background-attachment":"scroll","background-type":"","background-media":"","overlay-type":"","overlay-color":"","overlay-opacity":"","overlay-gradient":""},"mobile":{"background-color":"var(--ast-global-color-5)","background-image":"","background-repeat":"repeat","background-position":"center center","background-size":"auto","background-attachment":"scroll","background-type":"","background-media":"","overlay-type":"","overlay-color":"","overlay-opacity":"","overlay-gradient":""}},"footnotes":""},"class_list":["post-3177","page","type-page","status-publish","hentry"],"uagb_featured_image_src":{"full":false,"thumbnail":false,"medium":false,"medium_large":false,"large":false,"1536x1536":false,"2048x2048":false,"trp-custom-language-flag":false},"uagb_author_info":{"display_name":"Joe","author_link":"https:\/\/led.amasly.com\/tr\/author\/jacklin\/"},"uagb_comment_info":0,"uagb_excerpt":"Explosion-Proof Spray Booth Systems: Industry Trends, Technical Solutions &amp; Safety Compliance 1. Industry Insights &amp; Regulatory Drivers The Chinese gas alarm market reached \u00a512 billion ($1.68B) in 2024, with spray booths accounting for 18% of industrial demand. Post-2025 revisions to the&nbsp;Gas Engineering Code&nbsp;will mandate 30% stricter safety standards for Class II explosion-prone zones like spray&hellip;","_links":{"self":[{"href":"https:\/\/led.amasly.com\/tr\/wp-json\/wp\/v2\/pages\/3177","targetHints":{"allow":["GET"]}}],"collection":[{"href":"https:\/\/led.amasly.com\/tr\/wp-json\/wp\/v2\/pages"}],"about":[{"href":"https:\/\/led.amasly.com\/tr\/wp-json\/wp\/v2\/types\/page"}],"author":[{"embeddable":true,"href":"https:\/\/led.amasly.com\/tr\/wp-json\/wp\/v2\/users\/1"}],"replies":[{"embeddable":true,"href":"https:\/\/led.amasly.com\/tr\/wp-json\/wp\/v2\/comments?post=3177"}],"version-history":[{"count":1,"href":"https:\/\/led.amasly.com\/tr\/wp-json\/wp\/v2\/pages\/3177\/revisions"}],"predecessor-version":[{"id":3178,"href":"https:\/\/led.amasly.com\/tr\/wp-json\/wp\/v2\/pages\/3177\/revisions\/3178"}],"up":[{"embeddable":true,"href":"https:\/\/led.amasly.com\/tr\/wp-json\/wp\/v2\/pages\/2374"}],"wp:attachment":[{"href":"https:\/\/led.amasly.com\/tr\/wp-json\/wp\/v2\/media?parent=3177"}],"curies":[{"name":"wp","href":"https:\/\/api.w.org\/{rel}","templated":true}]}}