{"id":3060,"date":"2025-04-13T20:24:54","date_gmt":"2025-04-13T12:24:54","guid":{"rendered":"https:\/\/led.amasly.com\/?page_id=3060"},"modified":"2025-04-13T20:25:00","modified_gmt":"2025-04-13T12:25:00","slug":"the-engineering-behind-explosion-proof-fixtures-material-science-meets-flame-arrestor-technology","status":"publish","type":"page","link":"https:\/\/led.amasly.com\/tr\/knowledge\/explosion-proof-products-knowledge\/the-engineering-behind-explosion-proof-fixtures-material-science-meets-flame-arrestor-technology\/","title":{"rendered":"Patlamaya Dayan\u0131kl\u0131 Armat\u00fcrlerin Arkas\u0131ndaki M\u00fchendislik: Malzeme Bilimi Alev Tutucu Teknolojisiyle Bulu\u015fuyor"},"content":{"rendered":"<div class=\"wp-block-uagb-container uagb-block-27bae773 alignfull uagb-is-root-container\"><div class=\"uagb-container-inner-blocks-wrap\"><\/div><\/div>\n\n\n\n<h2 class=\"wp-block-heading has-text-align-center\"><strong>Patlamaya Dayan\u0131kl\u0131 Armat\u00fcrlerin Arkas\u0131ndaki M\u00fchendislik: Malzeme Bilimi Alev Tutucu Teknolojisiyle Bulu\u015fuyor<\/strong><\/h2>\n\n\n\n<div class=\"wp-block-uagb-image uagb-block-da1360b5 wp-block-uagb-image--layout-default wp-block-uagb-image--effect-static wp-block-uagb-image--align-none\"><figure class=\"wp-block-uagb-image__figure\"><a class=\"\" href=\"https:\/\/led.amasly.com\/tr\/products\/\" target=\"\" rel=\"noopener\"><img decoding=\"async\" srcset=\"https:\/\/led.amasly.com\/wp-content\/uploads\/2025\/01\/LED-explosion-proof-flood-lights.png ,https:\/\/led.amasly.com\/wp-content\/uploads\/2025\/01\/LED-explosion-proof-flood-lights.png 780w, https:\/\/led.amasly.com\/wp-content\/uploads\/2025\/01\/LED-explosion-proof-flood-lights.png 360w\" sizes=\"auto, (max-width: 480px) 150px\" src=\"https:\/\/led.amasly.com\/wp-content\/uploads\/2025\/01\/LED-explosion-proof-flood-lights.png\" alt=\"\" class=\"uag-image-1675\" width=\"1004\" height=\"308\" title=\"LED patlamaya dayan\u0131kl\u0131 sel \u0131\u015f\u0131klar\u0131\" loading=\"lazy\" role=\"img\"><\/a><\/figure><\/div>\n\n\n\n<h2 class=\"wp-block-heading\"><strong>Geli\u015fmi\u015f Malzemeler ve Hassas M\u00fchendislik Tehlikeli Alan G\u00fcvenli\u011fini Nas\u0131l Tan\u0131ml\u0131yor?<\/strong><strong><\/strong><\/h2>\n\n\n\n<h3 class=\"wp-block-heading\"><strong>Giri\u015f: Patlamadan Korunman\u0131n \u00c7ift S\u00fctunu<\/strong><strong><\/strong><\/h3>\n\n\n\n<p>Patlamaya dayan\u0131kl\u0131 armat\u00fcrler, petrol ve gaz, madencilik ve kimyasal i\u015fleme gibi u\u00e7ucu atmosferlerin ar\u0131za emniyetli ayd\u0131nlatma \u00e7\u00f6z\u00fcmleri gerektirdi\u011fi sekt\u00f6rlerde kritik \u00f6neme sahiptir.<\/p>\n\n\n\n<p>Bu armat\u00fcrler iki temel m\u00fchendislik ilkesine dayanmaktad\u0131r:&nbsp;<strong>y\u00fcksek performansli malzemeler<\/strong>&nbsp;i\u00e7 patlamalar\u0131 kontrol alt\u0131na almak ve&nbsp;<strong>alev tutucu teknoloji\u0307si\u0307<\/strong>&nbsp;d\u0131\u015f yang\u0131n\u0131n yay\u0131lmas\u0131n\u0131 \u00f6nlemek i\u00e7in.<\/p>\n\n\n\n<p>Bu makale, tehlikeli ortamlarda g\u00fcvenli\u011fi yeniden tan\u0131mlayan yenilikleri vurgulayarak malzeme bilimi ve alev tutucu tasar\u0131m\u0131 aras\u0131ndaki sinerjiyi ara\u015ft\u0131rmaktad\u0131r.<\/p>\n\n\n\n<h3 class=\"wp-block-heading\"><strong>1. Malzeme Bilimi: \u0130lk Savunma Hatt\u0131n\u0131 Olu\u015fturmak<\/strong><strong><\/strong><\/h3>\n\n\n\n<p><strong>A. Bas\u0131n\u00e7l\u0131 Muhafaza i\u00e7in Metal Ala\u015f\u0131mlar\u0131<\/strong><\/p>\n\n\n\n<p><strong>Al\u00fcminyum D\u00f6k\u00fcm ve Paslanmaz \u00c7elik<\/strong>: Y\u00fcksek gerilme mukavemeti (\u22651,5x maksimum patlay\u0131c\u0131 bas\u0131n\u00e7) ve korozyon direnci nedeniyle muhafazalar i\u00e7in yayg\u0131n olarak kullan\u0131l\u0131r. \u00d6rne\u011fin, GUANMN'\u0131n patlamaya dayan\u0131kl\u0131 projekt\u00f6rleri, UL 1203 standartlar\u0131na g\u00f6re test edilmi\u015f d\u00f6kme al\u00fcminyum muhafazalar kullan\u0131r ve tekrarlanan patlamalar s\u0131ras\u0131nda d\u00f6ng\u00fcsel bas\u0131n\u00e7 direnci sa\u011flar.<\/p>\n\n\n\n<p><strong>D\u00f6k\u00fcm Yenilikleri<\/strong>: Silikon katk\u0131l\u0131 hibrit ala\u015f\u0131mlar, tuzlu su korozyonuna maruz kalan a\u00e7\u0131k deniz petrol platformlar\u0131nda yap\u0131sal b\u00fct\u00fcnl\u00fc\u011f\u00fc korurken a\u011f\u0131rl\u0131\u011f\u0131 15% azalt\u0131r.<\/p>\n\n\n\n<p><strong>B. Aleve Dayan\u0131kl\u0131 Polimerler ve Kompozitler<\/strong><\/p>\n\n\n\n<p><strong>Seramik Kapl\u0131 Polikarbonat Lensler<\/strong>: UV radyasyonunu engelleyerek ve harici tutu\u015fmay\u0131 \u00f6nleyerek 30 saniye boyunca 800\u00b0C'ye kadar s\u0131cakl\u0131klara dayan\u0131r. Bu lensler, hidrojen s\u00fclf\u00fcr korozyonunun risk olu\u015fturdu\u011fu LNG tesislerinde kritik \u00f6neme sahiptir.<\/p>\n\n\n\n<p><strong>Halojensiz Polimerler<\/strong>: PPGF30-FR (UL94 V-0 sertifikal\u0131) gibi malzemeler, elektrikli ara\u00e7lardaki ak\u00fc muhafazalar\u0131 i\u00e7in kullan\u0131l\u0131r ve toksik emisyonlar olmadan kendi kendine s\u00f6nme \u00f6zellikleri sunar.<\/p>\n\n\n\n<p><strong>C. S\u0131zd\u0131rmazl\u0131k Teknolojileri<\/strong><\/p>\n\n\n\n<p><strong>\u0130letken Epoksi Contalar<\/strong>: Metan a\u00e7\u0131s\u0131ndan zengin ortamlarda (\u00f6rn. k\u00f6m\u00fcr madenleri) statik k\u0131v\u0131lc\u0131mlar\u0131 \u00f6nlerken kimyasal bozulmaya kar\u015f\u0131 diren\u00e7 g\u00f6sterir. Bu contalar, termal d\u00f6ng\u00fc stresi alt\u0131nda bile IP66 derecelerini korur.<\/p>\n\n\n\n<h3 class=\"wp-block-heading\"><strong>2. Alev Tutucu Teknolojisi: Yang\u0131n S\u00f6nd\u00fcrme i\u00e7in M\u00fchendislik Hassasiyeti<\/strong><strong><\/strong><\/h3>\n\n\n\n<p><strong>A. Alev Yolu Tasar\u0131m\u0131<\/strong><\/p>\n\n\n\n<p><strong>Mikro Bo\u015fluk M\u00fchendisli\u011fi<\/strong>: B\u00f6lge 1 armat\u00fcrlerindeki alev tutucular, ka\u00e7an gazlar\u0131 tutu\u015fma s\u0131cakl\u0131klar\u0131n\u0131n alt\u0131nda so\u011futmak i\u00e7in \u22640,05 mm (EN 60079-1 uyar\u0131nca) bo\u015fluklar gerektirir. \u00d6rne\u011fin, Prolux International'\u0131n LED projekt\u00f6rleri, geleneksel tasar\u0131mlara k\u0131yasla \u0131s\u0131 transferini 40% azaltan seramik alev yollar\u0131 kullan\u0131r.<\/p>\n\n\n\n<p><strong>\u00c7ok Kademeli Tutucular<\/strong>: A\u00e7\u0131k deniz platformlar\u0131, metan ve hidrojen kar\u0131\u015f\u0131mlar\u0131yla ba\u015fa \u00e7\u0131kmak i\u00e7in paslanmaz \u00e7elik a\u011f ve sinterlenmi\u015f bronzu birle\u015ftiren \u00fc\u00e7 katmanl\u0131 tutucular kullan\u0131r.<\/p>\n\n\n\n<p><strong>B. Termal Y\u00f6netim Sistemleri<\/strong><\/p>\n\n\n\n<p><strong>Is\u0131 Emici Entegrasyonu<\/strong>: Al\u00fcminyum kanat\u00e7\u0131klar ve faz de\u011fi\u015ftiren malzemeler, y\u00fcksek g\u00fc\u00e7l\u00fc LED'lerden gelen \u0131s\u0131y\u0131 da\u011f\u0131tarak y\u00fczey s\u0131cakl\u0131klar\u0131n\u0131n B\u00f6l\u00fcm 1 b\u00f6lgelerinde 85\u00b0C'nin alt\u0131nda kalmas\u0131n\u0131 sa\u011flar.<\/p>\n\n\n\n<p><strong>IoT Destekli \u0130zleme<\/strong>: G\u00f6m\u00fcl\u00fc termal sens\u00f6rler kaplama delaminasyonunu veya bas\u0131n\u00e7 ka\u00e7aklar\u0131n\u0131 tespit ederek HART protokolleri arac\u0131l\u0131\u011f\u0131yla uyar\u0131lar\u0131 tetikler.<\/p>\n\n\n\n<p><strong>C. \u00d6rnek Olay \u0130ncelemesi: Petrokimya Tesisi Ar\u0131zalar\u0131<\/strong><\/p>\n\n\n\n<p>2024 y\u0131l\u0131nda Teksas'ta meydana gelen bir olay, standart alt\u0131 tutucular\u0131n risklerinin alt\u0131n\u0131 \u00e7izdi: seramik olmayan bile\u015fenler etanol buhar\u0131na maruz kald\u0131\u011f\u0131nda eriyerek basamakl\u0131 bir yang\u0131na neden oldu. Olay sonras\u0131 yap\u0131lan iyile\u015ftirmeler aras\u0131nda 32 MPa statik bas\u0131nca kadar test edilen nano-seramik kaplamalar da yer al\u0131yordu.<\/p>\n\n\n\n<h3 class=\"wp-block-heading\"><strong>3. Sertifikasyon ve Test: G\u00fcvenlik Do\u011frulamas\u0131<\/strong><strong><\/strong><\/h3>\n\n\n\n<p><strong>A. K\u00fcresel Standartlar<\/strong><\/p>\n\n\n\n<p><strong>ATEX\/IECEx<\/strong>: D\u00f6ng\u00fcsel patlama testleri (\u22655 bas\u0131n\u00e7 d\u00f6ng\u00fcs\u00fc) ve alev yay\u0131lma direnci gerektirir. \u00d6rne\u011fin, QLEX-SLM-250-ATEX armat\u00fcrler, denizcilik s\u0131n\u0131f\u0131 dayan\u0131kl\u0131l\u0131\u011f\u0131 do\u011frulamak i\u00e7in 200 saatlik tuz p\u00fcsk\u00fcrtme testlerine tabi tutulur.<\/p>\n\n\n\n<p><strong>NEC<a href=\"http:\/\/www.ul.com\" rel=\"nofollow noopener\" target=\"_blank\">\/UL<\/a><\/strong>: Tah\u0131l silolar\u0131 gibi hibrit gaz\/toz ortamlar\u0131nda genellikle g\u00f6z ard\u0131 edilen s\u00fcrekli aleve maruz kalma (UL 844) ve toz tutu\u015fma korumas\u0131na (NFPA 70) odaklan\u0131n.<\/p>\n\n\n\n<p><strong>B. \u00dc\u00e7\u00fcnc\u00fc Taraf Do\u011frulamas\u0131<\/strong><\/p>\n\n\n\n<p><strong>Intertek ve CSA<\/strong>: Alev tutucu bo\u015fluk toleranslar\u0131n\u0131n (\u00b10,01 mm) ve 10.000 bas\u0131n\u00e7 d\u00f6ng\u00fcs\u00fc alt\u0131nda malzeme yorgunlu\u011funun titizlikle test edilmesi.<\/p>\n\n\n\n<h3 class=\"wp-block-heading\"><strong>4. End\u00fcstri Uygulamalar\u0131 ve Yenilikler<\/strong><strong><\/strong><\/h3>\n\n\n\n<p><strong>A. Petrol ve Gaz<\/strong><\/p>\n\n\n\n<p><strong>Denizalt\u0131 Ayd\u0131nlatma<\/strong>: Zirkonya alev yollu titanyum muhafazalar, &gt;3.000 metre derinliklerde hidrojen kaynakl\u0131 \u00e7atlamaya kar\u015f\u0131 dayan\u0131kl\u0131d\u0131r.<\/p>\n\n\n\n<p><strong>Rafineri Boru Hatlar\u0131<\/strong>: Bas\u0131n\u00e7 tahliye valflerine sahip patlamaya dayan\u0131kl\u0131 armat\u00fcrler, B\u00f6lge 1 alanlar\u0131ndaki riskleri azalt\u0131r ve 30% ile bak\u0131m maliyetlerini d\u00fc\u015f\u00fcr\u00fcr.<\/p>\n\n\n\n<p><strong>B. Yenilenebilir Enerji<\/strong><\/p>\n\n\n\n<p><strong>Ak\u00fc Depolama Sistemleri<\/strong>: Termal ka\u00e7ak sens\u00f6rleriyle (\u00f6rne\u011fin XUXIN'in gaz dedekt\u00f6rleri) entegre alev tutucular, lityum iyon yang\u0131nlar\u0131n\u0131 0,5 saniye i\u00e7inde s\u00f6nd\u00fcr\u00fcr.<\/p>\n\n\n\n<p><strong>C. Madencilik<\/strong><\/p>\n\n\n\n<p><strong>Ta\u015f\u0131nabilir Armat\u00fcrler<\/strong>: Grafenle geli\u015ftirilmi\u015f tutuculara sahip magnezyum-al\u00fcminyum ala\u015f\u0131ml\u0131 muhafazalar, metan tutu\u015fmas\u0131n\u0131 \u00f6nlerken kaya d\u00fc\u015fmesi etkilerine kar\u015f\u0131 dayan\u0131kl\u0131d\u0131r.<\/p>\n\n\n\n<h3 class=\"wp-block-heading\"><strong>5. Gelecek Trendleri: Ak\u0131ll\u0131 ve S\u00fcrd\u00fcr\u00fclebilir \u00c7\u00f6z\u00fcmler<\/strong><strong><\/strong><\/h3>\n\n\n\n<p><strong>A. Kendi Kendini \u0130yile\u015ftiren Malzemeler<\/strong><\/p>\n\n\n\n<p>Mikrokaps\u00fcllenmi\u015f polimerler termal stresin neden oldu\u011fu \u00e7atlaklar\u0131 otomatik olarak onararak fikst\u00fcr \u00f6mr\u00fcn\u00fc 50% uzat\u0131r.<\/p>\n\n\n\n<p><strong>B. Biyo-Bazl\u0131 Alev Geciktiriciler<\/strong><\/p>\n\n\n\n<p>Lignin t\u00fcrevi katk\u0131 maddeleri, toksik bromlu bile\u015fiklerin yerini alarak AB REACH d\u00fczenlemelerine uyum sa\u011flar.<\/p>\n\n\n\n<p><strong>C. Dijital \u0130kizler<\/strong><\/p>\n\n\n\n<p class=\"has-text-align-left\">Sanal sim\u00fclasyonlar, a\u015f\u0131r\u0131 ko\u015fullar alt\u0131nda (\u00f6rne\u011fin -196\u00b0C kriyojenik maruziyet) tutucu performans\u0131n\u0131 tahmin ederek fiziksel test maliyetlerini 40% azalt\u0131r.<\/p>\n\n\n\n<div class=\"wp-block-uagb-container uagb-block-c7d898dd alignfull uagb-is-root-container\"><div class=\"uagb-container-inner-blocks-wrap\"><\/div><\/div>\n\n\n\n<h2 class=\"wp-block-heading\">\u0130lgili \u00dcr\u00fcnler<\/h2>\n\n\n\n<div class=\"wp-block-uagb-container uagb-block-66e4defc alignfull uagb-is-root-container\"><div class=\"uagb-container-inner-blocks-wrap\">\n<div class=\"wp-block-uagb-container uagb-block-a42945f9\">\n<div class=\"wp-block-uagb-image uagb-block-7296296b wp-block-uagb-image--layout-default wp-block-uagb-image--effect-static wp-block-uagb-image--align-none\"><figure class=\"wp-block-uagb-image__figure\"><a class=\"\" href=\"https:\/\/led.amasly.com\/tr\/products\/\" target=\"\" rel=\"noopener\"><img decoding=\"async\" srcset=\"https:\/\/led.amasly.com\/wp-content\/uploads\/2024\/09\/Explosion-proof-high-bay-lights.png ,https:\/\/led.amasly.com\/wp-content\/uploads\/2024\/09\/Explosion-proof-high-bay-lights.png 780w, https:\/\/led.amasly.com\/wp-content\/uploads\/2024\/09\/Explosion-proof-high-bay-lights.png 360w\" sizes=\"auto, (max-width: 480px) 150px\" src=\"https:\/\/led.amasly.com\/wp-content\/uploads\/2024\/09\/Explosion-proof-high-bay-lights.png\" alt=\"\" class=\"uag-image-1495\" width=\"300\" height=\"300\" title=\"Patlamaya dayan\u0131kl\u0131 y\u00fcksek tavan lambalar\u0131\" loading=\"lazy\" role=\"img\"><\/a><\/figure><\/div>\n<\/div>\n\n\n\n<div class=\"wp-block-uagb-container uagb-block-4d3efde5\">\n<div class=\"wp-block-uagb-image uagb-block-c9e90797 wp-block-uagb-image--layout-default wp-block-uagb-image--effect-static wp-block-uagb-image--align-none\"><figure class=\"wp-block-uagb-image__figure\"><a class=\"\" href=\"https:\/\/led.amasly.com\/tr\/products\/\" target=\"\" rel=\"noopener\"><img decoding=\"async\" srcset=\"https:\/\/led.amasly.com\/wp-content\/uploads\/2024\/07\/LED-tri-proof-lights2.png ,https:\/\/led.amasly.com\/wp-content\/uploads\/2024\/07\/LED-tri-proof-lights2.png 780w, https:\/\/led.amasly.com\/wp-content\/uploads\/2024\/07\/LED-tri-proof-lights2.png 360w\" sizes=\"auto, (max-width: 480px) 150px\" src=\"https:\/\/led.amasly.com\/wp-content\/uploads\/2024\/07\/LED-tri-proof-lights2.png\" alt=\"\" class=\"uag-image-1132\" width=\"300\" height=\"300\" title=\"LED-tri-proof-\u0131\u015f\u0131klar2\" loading=\"lazy\" role=\"img\"><\/a><\/figure><\/div>\n<\/div>\n\n\n\n<div class=\"wp-block-uagb-container uagb-block-11c2578b\">\n<div class=\"wp-block-uagb-image uagb-block-6e8883aa wp-block-uagb-image--layout-default wp-block-uagb-image--effect-static wp-block-uagb-image--align-none\"><figure class=\"wp-block-uagb-image__figure\"><a class=\"\" href=\"https:\/\/led.amasly.com\/tr\/products\/\" target=\"\" rel=\"noopener\"><img decoding=\"async\" srcset=\"https:\/\/led.amasly.com\/wp-content\/uploads\/2024\/09\/LED-Explosion-Proof-Gas-Station-Light.png ,https:\/\/led.amasly.com\/wp-content\/uploads\/2024\/09\/LED-Explosion-Proof-Gas-Station-Light.png 780w, https:\/\/led.amasly.com\/wp-content\/uploads\/2024\/09\/LED-Explosion-Proof-Gas-Station-Light.png 360w\" sizes=\"auto, (max-width: 480px) 150px\" src=\"https:\/\/led.amasly.com\/wp-content\/uploads\/2024\/09\/LED-Explosion-Proof-Gas-Station-Light.png\" alt=\"\" class=\"uag-image-1501\" width=\"300\" height=\"300\" title=\"LED Patlamaya Dayan\u0131kl\u0131 Benzin \u0130stasyonu I\u015f\u0131\u011f\u0131\" loading=\"lazy\" role=\"img\"><\/a><\/figure><\/div>\n<\/div>\n<\/div><\/div>\n\n\n\n<div class=\"wp-block-uagb-container uagb-block-548945b5 alignfull uagb-is-root-container\"><div class=\"uagb-container-inner-blocks-wrap\">\n<div class=\"wp-block-uagb-container uagb-block-967755d5\">\n<h4 class=\"wp-block-heading has-text-align-center\"><a href=\"https:\/\/led.amasly.com\/tr\/products\/\">LED Patlamaya Dayan\u0131kl\u0131 I\u015f\u0131klar<\/a><\/h4>\n<\/div>\n\n\n\n<div class=\"wp-block-uagb-container uagb-block-9bc52fc2\">\n<h4 class=\"wp-block-heading has-text-align-center\"><a href=\"https:\/\/led.amasly.com\/tr\/products\/\">LED Tri-Proof I\u015f\u0131klar<\/a><\/h4>\n<\/div>\n\n\n\n<div class=\"wp-block-uagb-container uagb-block-8ffa0a23\">\n<h4 class=\"wp-block-heading has-text-align-center\"><a href=\"https:\/\/led.amasly.com\/tr\/products\/\">Patlamaya Dayan\u0131kl\u0131 Benzin \u0130stasyonu I\u015f\u0131klar\u0131<\/a><\/h4>\n<\/div>\n<\/div><\/div>\n\n\n\n<div class=\"wp-block-uagb-container uagb-block-29499fe0 alignfull uagb-is-root-container\"><div class=\"uagb-container-inner-blocks-wrap\">\n<div class=\"wp-block-uagb-container uagb-block-777ee1c7\">\n<div class=\"wp-block-uagb-image uagb-block-2e9a1851 wp-block-uagb-image--layout-default wp-block-uagb-image--effect-static wp-block-uagb-image--align-none\"><figure class=\"wp-block-uagb-image__figure\"><a class=\"\" href=\"https:\/\/led.amasly.com\/tr\/products\/\" target=\"\" rel=\"noopener\"><img decoding=\"async\" srcset=\"https:\/\/led.amasly.com\/wp-content\/uploads\/2024\/10\/50W-100W-150W-200W-300W-LED-Flood-Light.jpg ,https:\/\/led.amasly.com\/wp-content\/uploads\/2024\/10\/50W-100W-150W-200W-300W-LED-Flood-Light.jpg 780w, https:\/\/led.amasly.com\/wp-content\/uploads\/2024\/10\/50W-100W-150W-200W-300W-LED-Flood-Light.jpg 360w\" sizes=\"auto, (max-width: 480px) 150px\" src=\"https:\/\/led.amasly.com\/wp-content\/uploads\/2024\/10\/50W-100W-150W-200W-300W-LED-Flood-Light.jpg\" alt=\"\" class=\"uag-image-1526\" width=\"300\" height=\"300\" title=\"50W 100W 150W 200W 300W LED Ta\u015fk\u0131n I\u015f\u0131k\" loading=\"lazy\" role=\"img\"><\/a><\/figure><\/div>\n<\/div>\n\n\n\n<div class=\"wp-block-uagb-container uagb-block-af8c8683\">\n<div class=\"wp-block-uagb-image uagb-block-67947854 wp-block-uagb-image--layout-default wp-block-uagb-image--effect-static wp-block-uagb-image--align-none\"><figure class=\"wp-block-uagb-image__figure\"><a class=\"\" href=\"https:\/\/led.amasly.com\/tr\/products\/\" target=\"\" rel=\"noopener\"><img decoding=\"async\" srcset=\"https:\/\/led.amasly.com\/wp-content\/uploads\/2024\/07\/led-tri-proof-light.png ,https:\/\/led.amasly.com\/wp-content\/uploads\/2024\/07\/led-tri-proof-light.png 780w, https:\/\/led.amasly.com\/wp-content\/uploads\/2024\/07\/led-tri-proof-light.png 360w\" sizes=\"auto, (max-width: 480px) 150px\" src=\"https:\/\/led.amasly.com\/wp-content\/uploads\/2024\/07\/led-tri-proof-light.png\" alt=\"\" class=\"uag-image-1130\" width=\"300\" height=\"300\" title=\"led-tri-proof-\u0131\u015f\u0131k\" loading=\"lazy\" role=\"img\"><\/a><\/figure><\/div>\n<\/div>\n\n\n\n<div class=\"wp-block-uagb-container uagb-block-0fdfdd58\">\n<div class=\"wp-block-uagb-image uagb-block-1187d32d wp-block-uagb-image--layout-default wp-block-uagb-image--effect-static wp-block-uagb-image--align-none\"><figure class=\"wp-block-uagb-image__figure\"><a class=\"\" href=\"https:\/\/led.amasly.com\/tr\/products\/\" target=\"\" rel=\"noopener\"><img decoding=\"async\" srcset=\"https:\/\/led.amasly.com\/wp-content\/uploads\/2024\/07\/LED-street-light.jpg ,https:\/\/led.amasly.com\/wp-content\/uploads\/2024\/07\/LED-street-light.jpg 780w, https:\/\/led.amasly.com\/wp-content\/uploads\/2024\/07\/LED-street-light.jpg 360w\" sizes=\"auto, (max-width: 480px) 150px\" src=\"https:\/\/led.amasly.com\/wp-content\/uploads\/2024\/07\/LED-street-light.jpg\" alt=\"\" class=\"uag-image-1145\" width=\"300\" height=\"300\" title=\"LED-sokak-\u0131\u015f\u0131\u011f\u0131\" loading=\"lazy\" role=\"img\"><\/a><\/figure><\/div>\n<\/div>\n<\/div><\/div>\n\n\n\n<div class=\"wp-block-uagb-container uagb-block-6a60882c alignfull uagb-is-root-container\"><div class=\"uagb-container-inner-blocks-wrap\">\n<div class=\"wp-block-uagb-container uagb-block-f1e91a35\">\n<h4 class=\"wp-block-heading has-text-align-center\"><a href=\"https:\/\/led.amasly.com\/tr\/products\/\">LED Sel I\u015f\u0131klar\u0131<\/a><\/h4>\n<\/div>\n\n\n\n<div class=\"wp-block-uagb-container uagb-block-165bfa58\">\n<h4 class=\"wp-block-heading has-text-align-center\"><a href=\"https:\/\/led.amasly.com\/tr\/products\/\">LED Tri-Proof T\u00fcp I\u015f\u0131klar<\/a><\/h4>\n<\/div>\n\n\n\n<div class=\"wp-block-uagb-container uagb-block-f6096e3b\">\n<h4 class=\"wp-block-heading has-text-align-center\"><a href=\"https:\/\/led.amasly.com\/tr\/products\/\">LED Sokak Lambalar\u0131<\/a><\/h4>\n<\/div>\n<\/div><\/div>\n\n\n\n<div class=\"wp-block-uagb-container uagb-block-99c0e0a5 alignfull uagb-is-root-container\"><div class=\"uagb-container-inner-blocks-wrap\"><\/div><\/div>\n\n\n\n<p><\/p>","protected":false},"excerpt":{"rendered":"<p>The Engineering Behind Explosion Proof Fixtures: Material Science Meets Flame Arrestor Technology How Advanced Materials and Precision Engineering Define Hazardous Area Safety Introduction: The Dual Pillars of Explosion Protection Explosion proof fixtures are critical in industries like oil and gas, mining, and chemical processing, where volatile atmospheres demand fail-safe lighting solutions. These fixtures rely on [&hellip;]<\/p>\n","protected":false},"author":1,"featured_media":0,"parent":2374,"menu_order":0,"comment_status":"closed","ping_status":"closed","template":"","meta":{"_uag_custom_page_level_css":"","site-sidebar-layout":"no-sidebar","site-content-layout":"","ast-site-content-layout":"default","site-content-style":"default","site-sidebar-style":"default","ast-global-header-display":"","ast-banner-title-visibility":"","ast-main-header-display":"","ast-hfb-above-header-display":"","ast-hfb-below-header-display":"","ast-hfb-mobile-header-display":"","site-post-title":"disabled","ast-breadcrumbs-content":"","ast-featured-img":"","footer-sml-layout":"","ast-disable-related-posts":"","theme-transparent-header-meta":"enabled","adv-header-id-meta":"","stick-header-meta":"","header-above-stick-meta":"","header-main-stick-meta":"","header-below-stick-meta":"","astra-migrate-meta-layouts":"set","ast-page-background-enabled":"default","ast-page-background-meta":{"desktop":{"background-color":"var(--ast-global-color-4)","background-image":"","background-repeat":"repeat","background-position":"center center","background-size":"auto","background-attachment":"scroll","background-type":"","background-media":"","overlay-type":"","overlay-color":"","overlay-opacity":"","overlay-gradient":""},"tablet":{"background-color":"","background-image":"","background-repeat":"repeat","background-position":"center center","background-size":"auto","background-attachment":"scroll","background-type":"","background-media":"","overlay-type":"","overlay-color":"","overlay-opacity":"","overlay-gradient":""},"mobile":{"background-color":"","background-image":"","background-repeat":"repeat","background-position":"center center","background-size":"auto","background-attachment":"scroll","background-type":"","background-media":"","overlay-type":"","overlay-color":"","overlay-opacity":"","overlay-gradient":""}},"ast-content-background-meta":{"desktop":{"background-color":"var(--ast-global-color-5)","background-image":"","background-repeat":"repeat","background-position":"center center","background-size":"auto","background-attachment":"scroll","background-type":"","background-media":"","overlay-type":"","overlay-color":"","overlay-opacity":"","overlay-gradient":""},"tablet":{"background-color":"var(--ast-global-color-5)","background-image":"","background-repeat":"repeat","background-position":"center center","background-size":"auto","background-attachment":"scroll","background-type":"","background-media":"","overlay-type":"","overlay-color":"","overlay-opacity":"","overlay-gradient":""},"mobile":{"background-color":"var(--ast-global-color-5)","background-image":"","background-repeat":"repeat","background-position":"center center","background-size":"auto","background-attachment":"scroll","background-type":"","background-media":"","overlay-type":"","overlay-color":"","overlay-opacity":"","overlay-gradient":""}},"footnotes":""},"class_list":["post-3060","page","type-page","status-publish","hentry"],"uagb_featured_image_src":{"full":false,"thumbnail":false,"medium":false,"medium_large":false,"large":false,"1536x1536":false,"2048x2048":false,"trp-custom-language-flag":false},"uagb_author_info":{"display_name":"Joe","author_link":"https:\/\/led.amasly.com\/tr\/author\/jacklin\/"},"uagb_comment_info":0,"uagb_excerpt":"The Engineering Behind Explosion Proof Fixtures: Material Science Meets Flame Arrestor Technology How Advanced Materials and Precision Engineering Define Hazardous Area Safety Introduction: The Dual Pillars of Explosion Protection Explosion proof fixtures are critical in industries like oil and gas, mining, and chemical processing, where volatile atmospheres demand fail-safe lighting solutions. These fixtures rely on&hellip;","_links":{"self":[{"href":"https:\/\/led.amasly.com\/tr\/wp-json\/wp\/v2\/pages\/3060","targetHints":{"allow":["GET"]}}],"collection":[{"href":"https:\/\/led.amasly.com\/tr\/wp-json\/wp\/v2\/pages"}],"about":[{"href":"https:\/\/led.amasly.com\/tr\/wp-json\/wp\/v2\/types\/page"}],"author":[{"embeddable":true,"href":"https:\/\/led.amasly.com\/tr\/wp-json\/wp\/v2\/users\/1"}],"replies":[{"embeddable":true,"href":"https:\/\/led.amasly.com\/tr\/wp-json\/wp\/v2\/comments?post=3060"}],"version-history":[{"count":1,"href":"https:\/\/led.amasly.com\/tr\/wp-json\/wp\/v2\/pages\/3060\/revisions"}],"predecessor-version":[{"id":3067,"href":"https:\/\/led.amasly.com\/tr\/wp-json\/wp\/v2\/pages\/3060\/revisions\/3067"}],"up":[{"embeddable":true,"href":"https:\/\/led.amasly.com\/tr\/wp-json\/wp\/v2\/pages\/2374"}],"wp:attachment":[{"href":"https:\/\/led.amasly.com\/tr\/wp-json\/wp\/v2\/media?parent=3060"}],"curies":[{"name":"wp","href":"https:\/\/api.w.org\/{rel}","templated":true}]}}