{"id":3059,"date":"2025-04-13T20:28:58","date_gmt":"2025-04-13T12:28:58","guid":{"rendered":"https:\/\/led.amasly.com\/?page_id=3059"},"modified":"2025-04-13T20:29:04","modified_gmt":"2025-04-13T12:29:04","slug":"flame-proof-lighting-myths-debunked-why-explosion-proof-isnt-always-safer","status":"publish","type":"page","link":"https:\/\/led.amasly.com\/tr\/knowledge\/explosion-proof-products-knowledge\/flame-proof-lighting-myths-debunked-why-explosion-proof-isnt-always-safer\/","title":{"rendered":"Alev Ge\u00e7irmez Ayd\u0131nlatma Efsaneleri \u00c7\u00fcr\u00fct\u00fcld\u00fc: \u201cPatlamaya Dayan\u0131kl\u0131\u201d Neden Her Zaman Daha G\u00fcvenli De\u011fildir?"},"content":{"rendered":"<div class=\"wp-block-uagb-container uagb-block-27bae773 alignfull uagb-is-root-container\"><div class=\"uagb-container-inner-blocks-wrap\"><\/div><\/div>\n\n\n\n<h2 class=\"wp-block-heading has-text-align-center\"><strong>Alev Ge\u00e7irmez Ayd\u0131nlatma Efsaneleri \u00c7\u00fcr\u00fct\u00fcld\u00fc: \u201cPatlamaya Dayan\u0131kl\u0131\u201d Neden Her Zaman Daha G\u00fcvenli De\u011fildir?<\/strong><strong><\/strong><\/h2>\n\n\n\n<div class=\"wp-block-uagb-image uagb-block-da1360b5 wp-block-uagb-image--layout-default wp-block-uagb-image--effect-static wp-block-uagb-image--align-none\"><figure class=\"wp-block-uagb-image__figure\"><a class=\"\" href=\"https:\/\/led.amasly.com\/tr\/\" target=\"\" rel=\"noopener\"><img decoding=\"async\" srcset=\"https:\/\/led.amasly.com\/wp-content\/uploads\/2025\/01\/LED-explosion-proof-flood-lights.png ,https:\/\/led.amasly.com\/wp-content\/uploads\/2025\/01\/LED-explosion-proof-flood-lights.png 780w, https:\/\/led.amasly.com\/wp-content\/uploads\/2025\/01\/LED-explosion-proof-flood-lights.png 360w\" sizes=\"auto, (max-width: 480px) 150px\" src=\"https:\/\/led.amasly.com\/wp-content\/uploads\/2025\/01\/LED-explosion-proof-flood-lights.png\" alt=\"\" class=\"uag-image-1675\" width=\"1004\" height=\"308\" title=\"LED patlamaya dayan\u0131kl\u0131 sel \u0131\u015f\u0131klar\u0131\" loading=\"lazy\" role=\"img\"><\/a><\/figure><\/div>\n\n\n\n<h2 class=\"wp-block-heading\"><strong>Tehlikeli Alan Ayd\u0131nlatmas\u0131nda Yayg\u0131n Yanl\u0131\u015f Kan\u0131lar\u0131n Maskesini D\u00fc\u015f\u00fcrmek<\/strong><strong><\/strong><\/h2>\n\n\n\n<h3 class=\"wp-block-heading\"><strong>Giri\u015f: Tehlikeli E\u015fde\u011ferlik Varsay\u0131m\u0131<\/strong><strong><\/strong><\/h3>\n\n\n\n<p>End\u00fcstriyel ayd\u0131nlatmada \u201caleve dayan\u0131kl\u0131\u201d ve \u201cpatlamaya dayan\u0131kl\u0131\u201d terimleri s\u0131kl\u0131kla birbirine kar\u0131\u015ft\u0131r\u0131lmakta, bu da maliyetli ve potansiyel olarak y\u0131k\u0131c\u0131 yanl\u0131\u015f anlamalara yol a\u00e7maktad\u0131r.<\/p>\n\n\n\n<p>Her iki sertifika da tehlikeli ortamlardaki riskleri azaltmay\u0131 ama\u00e7larken, malzeme bilimi, b\u00f6lgesel standartlar ve uygulamaya \u00f6zel gerekliliklere dayanan teknik farkl\u0131l\u0131klar\u0131 dikkatli bir inceleme gerektirmektedir.<\/p>\n\n\n\n<p>Bu makale, \u201cpatlamaya dayan\u0131kl\u0131\u201d olman\u0131n neden tek ba\u015f\u0131na t\u00fcm senaryolarda g\u00fcvenli\u011fi garanti edemeyece\u011fini a\u00e7\u0131kl\u0131\u011fa kavu\u015fturmak i\u00e7in ger\u00e7ek d\u00fcnya \u00f6rnek olaylar\u0131n\u0131 ve k\u00fcresel sertifikasyon verilerini kullanarak be\u015f yayg\u0131n efsaneyi ortadan kald\u0131rmaktad\u0131r.<\/p>\n\n\n\n<h3 class=\"wp-block-heading\"><strong>1. Efsane 1: \u201cAlev Ge\u00e7irmez ve Patlamaya Dayan\u0131kl\u0131 Birbirinin Yerine Ge\u00e7ebilir\u201d<\/strong><strong><\/strong><\/h3>\n\n\n\n<p><strong>Ger\u00e7eklik<\/strong>:<\/p>\n\n\n\n<p><strong>Patlamaya Dayan\u0131kl\u0131 (Ex d)<\/strong>: Maksimum patlay\u0131c\u0131 g\u00fcc\u00fcn \u22651,5 kat\u0131 bas\u0131nca dayanacak \u015fekilde derecelendirilmi\u015f sa\u011flam muhafazalar (\u00f6rn. d\u00f6kme al\u00fcminyum veya paslanmaz \u00e7elik) arac\u0131l\u0131\u011f\u0131yla dahili patlamalar\u0131 kontrol alt\u0131na almaya odaklan\u0131r.<\/p>\n\n\n\n<p><strong>Alev Ge\u00e7irmez (FLP)<\/strong>: Alev tutucular ve \u0131s\u0131ya dayan\u0131kl\u0131 malzemeler (\u00f6rne\u011fin, 30 saniye boyunca 800\u00b0C'ye kadar test edilen seramik kaplamalar) arac\u0131l\u0131\u011f\u0131yla harici alev yay\u0131l\u0131m\u0131n\u0131 \u00f6nlemeye \u00f6ncelik verir.<\/p>\n\n\n\n<p><strong>\u00d6rnek Olay \u0130ncelemesi<\/strong>:<br>2024 Teksas rafineri yang\u0131n\u0131, patlamaya dayan\u0131kl\u0131 LED muhafazalar\u0131n\u0131n (UL 1203 sertifikal\u0131) yak\u0131ndaki bir hidrojen s\u00fclf\u00fcr s\u0131z\u0131nt\u0131s\u0131ndan kaynaklanan d\u0131\u015f alevlere kar\u015f\u0131 koyamamas\u0131 nedeniyle meydana geldi. Olay sonras\u0131 analiz, ATEX B\u00f6lge 1 standartlar\u0131n\u0131n gerektirdi\u011fi alev geciktirici lens kaplamalar\u0131n\u0131n eksik oldu\u011funu ortaya \u00e7\u0131kard\u0131.<\/p>\n\n\n\n<h3 class=\"wp-block-heading\"><strong>2. Efsane 2: \u201cTek Belgelendirme T\u00fcm B\u00f6lgelere Uyar\u201d<\/strong><strong><\/strong><\/h3>\n\n\n\n<p><strong>B\u00f6lgesel Standartlar Da\u011f\u0131l\u0131m\u0131<\/strong>:<\/p>\n\n\n\n<p><strong>Kuzey Amerika (<a href=\"http:\/\/www.ul.com\" rel=\"nofollow noopener\" target=\"_blank\">NEC\/UL<\/a>)<\/strong>: Patlamaya dayan\u0131kl\u0131 ayd\u0131nlatma (UL 844) bask\u0131nd\u0131r, ancak B\u00f6lge 22 toz ortamlar\u0131 i\u00e7in a\u00e7\u0131k alev direnci kriterlerinden yoksundur.<\/p>\n\n\n\n<p><strong>Avrupa (ATEX)<\/strong>: B\u00f6lge 1\/21 alanlar\u0131nda ikili uyumlulu\u011fu (patlamalar i\u00e7in EN 60079-1 + alev direnci i\u00e7in EN 60332-1-2) zorunlu k\u0131lar.<\/p>\n\n\n\n<p><strong>K\u00fcresel Piyasalar<\/strong>: IECEx sertifikasyonlar\u0131 genellikle maliyet verimlili\u011fi i\u00e7in alev yay\u0131lma testlerini ihmal eder ve hibrit gaz \/ toz tesislerinde uyumsuzluk riski ta\u015f\u0131r.<\/p>\n\n\n\n<p><strong>\u00d6rnek<\/strong>:<br>GUANMN'\u0131n patlamaya dayan\u0131kl\u0131 projekt\u00f6rleri UL sertifikal\u0131 olmakla birlikte, Avrupa LNG terminallerine y\u00f6nelik ATEX standartlar\u0131n\u0131 kar\u015f\u0131lamak i\u00e7in ek seramik alev yollar\u0131 gerektirir.<\/p>\n\n\n\n<h3 class=\"wp-block-heading\"><strong>3. Efsane 3: \u201cMalzeme Se\u00e7imi Alev Direncini Etkilemez\u201d<\/strong><strong><\/strong><\/h3>\n\n\n\n<p><strong>Kritik Malzeme Farkl\u0131l\u0131klar\u0131<\/strong>:<\/p>\n\n\n\n<p><strong>D\u00f6kme Al\u00fcminyum<\/strong>: Bas\u0131n\u00e7l\u0131 muhafaza i\u00e7in idealdir ancak uzun s\u00fcre aleve maruz kald\u0131\u011f\u0131nda erimeye meyillidir (\u00f6rne\u011fin, 400\u00b0C s\u00fcrekli \u0131s\u0131 UL 1203 muhafazalar\u0131 deforme eder).<\/p>\n\n\n\n<p><strong>Seramik Kapl\u0131 Polikarbonat<\/strong>: UV radyasyonunu engeller ve alevleri 30 saniye i\u00e7inde kendi kendine s\u00f6nd\u00fcr\u00fcr (IEC 60079-0'a g\u00f6re), bu da onu etanol buhar\u0131 i\u00e7eren kimyasal tesisler i\u00e7in gerekli k\u0131lar.<\/p>\n\n\n\n<p><strong>\u0130novasyon A\u00e7\u0131\u011f\u0131<\/strong>:<br>Bir\u00e7ok \u00fcretici maliyetleri d\u00fc\u015f\u00fcrmek i\u00e7in patlama \u00f6nleme \u00f6zelli\u011fini alev direncine tercih etmekte ve her iki \u00f6zelli\u011fi de 40% ile geli\u015ftiren nano-seramik kaplamalar\u0131 g\u00f6z ard\u0131 etmektedir.<\/p>\n\n\n\n<h3 class=\"wp-block-heading\"><strong>4. Efsane 4: \u201cBak\u0131m Protokolleri Her \u0130ki Sistem \u0130\u00e7in de Ayn\u0131d\u0131r\u201d<\/strong><strong><\/strong><\/h3>\n\n\n\n<p><strong>Bak\u0131m Farkl\u0131l\u0131\u011f\u0131<\/strong>:<\/p>\n\n\n\n<p><strong>Patlama Korumal\u0131<\/strong>: Bas\u0131n\u00e7 s\u0131z\u0131nt\u0131lar\u0131n\u0131 \u00f6nlemek i\u00e7in muhafaza c\u0131vatalar\u0131nda y\u0131ll\u0131k tork kontrolleri gerektirir (ISA 60079-17 uyar\u0131nca \u00b110% tolerans).<\/p>\n\n\n\n<p><strong>Alev Ge\u00e7irmez<\/strong>: Alev geciktirici katmanlardaki delaminasyonu tespit etmek i\u00e7in \u00fc\u00e7 ayda bir k\u0131z\u0131l\u00f6tesi termografi taramalar\u0131 talep eder.<\/p>\n\n\n\n<p><strong>Ar\u0131za \u00d6rne\u011fi<\/strong>:<br>Avustralya'daki bir k\u00f6m\u00fcr madeninde, IECEx 60079-17 denetim aral\u0131klar\u0131 ihlal edilerek patlamaya dayan\u0131kl\u0131 armat\u00fcrler \u00fczerindeki alev ge\u00e7irmez kaplamalar\u0131n izlenmeyen bozunmas\u0131 nedeniyle metan tutu\u015fmas\u0131 ya\u015fand\u0131.<\/p>\n\n\n\n<h3 class=\"wp-block-heading\"><strong>5. Efsane 5: \u201cBatarya Depolama Gibi Yeni Ortaya \u00c7\u0131kan Riskler \u0130\u00e7in Patlamaya Kar\u015f\u0131 Koruma Yeterlidir\u201d<\/strong><strong><\/strong><\/h3>\n\n\n\n<p><strong>Lityum-\u0130yon Tehlikeleri<\/strong>:<\/p>\n\n\n\n<p><strong>Termal Ka\u00e7ak<\/strong>: Batarya yang\u0131nlar\u0131n\u0131 i\u00e7eren patlamaya dayan\u0131kl\u0131 muhafazalar, s\u0131cakl\u0131klar\u0131n 1.000\u00b0C'yi a\u015ft\u0131\u011f\u0131 2024 ESS yang\u0131n\u0131nda g\u00f6r\u00fcld\u00fc\u011f\u00fc gibi, genellikle d\u0131\u015f alev yay\u0131l\u0131m\u0131n\u0131 engellemekte ba\u015far\u0131s\u0131z olur.<\/p>\n\n\n\n<p><strong>\u00c7\u00f6z\u00fcm<\/strong>: Ex d muhafazalar\u0131 alev tutucu sinterlenmi\u015f bronz filtrelerle entegre eden hibrit tasar\u0131mlar, yang\u0131n yay\u0131lma risklerini 70% ile azalt\u0131r.<\/p>\n\n\n\n<h3 class=\"wp-block-heading\"><strong>Gelecek Trendleri: G\u00fcvenlik A\u00e7\u0131\u011f\u0131n\u0131n Kapat\u0131lmas\u0131<\/strong><strong><\/strong><\/h3>\n\n\n\n<p><strong>Ak\u0131ll\u0131 Sens\u00f6rler<\/strong>: Patlamaya dayan\u0131kl\u0131 LED'lerle e\u015fle\u015ftirilmi\u015f IoT \u00f6zellikli alev dedekt\u00f6rleri, petrokimya b\u00f6lgelerinde tepki s\u00fcrelerini &lt;0,5 saniyeye d\u00fc\u015f\u00fcr\u00fcr.<\/p>\n\n\n\n<p class=\"has-text-align-left\"><strong>S\u00fcrd\u00fcr\u00fclebilir Malzemeler<\/strong>: Biyo-bazl\u0131 alev geciktiriciler (\u00f6rn. lignin katk\u0131 maddeleri) toksik halojenlerin yerini alarak AB REACH y\u00f6netmeliklerine uygunluk sa\u011flar.<\/p>\n\n\n\n<div class=\"wp-block-uagb-container uagb-block-c7d898dd alignfull uagb-is-root-container\"><div class=\"uagb-container-inner-blocks-wrap\"><\/div><\/div>\n\n\n\n<h2 class=\"wp-block-heading\">\u0130lgili \u00dcr\u00fcnler<\/h2>\n\n\n\n<div class=\"wp-block-uagb-container uagb-block-66e4defc alignfull uagb-is-root-container\"><div class=\"uagb-container-inner-blocks-wrap\">\n<div class=\"wp-block-uagb-container uagb-block-a42945f9\">\n<div class=\"wp-block-uagb-image uagb-block-7296296b wp-block-uagb-image--layout-default wp-block-uagb-image--effect-static wp-block-uagb-image--align-none\"><figure class=\"wp-block-uagb-image__figure\"><a class=\"\" href=\"https:\/\/led.amasly.com\/tr\/products\/\" target=\"\" rel=\"noopener\"><img decoding=\"async\" srcset=\"https:\/\/led.amasly.com\/wp-content\/uploads\/2024\/09\/Explosion-proof-high-bay-lights.png ,https:\/\/led.amasly.com\/wp-content\/uploads\/2024\/09\/Explosion-proof-high-bay-lights.png 780w, https:\/\/led.amasly.com\/wp-content\/uploads\/2024\/09\/Explosion-proof-high-bay-lights.png 360w\" sizes=\"auto, (max-width: 480px) 150px\" src=\"https:\/\/led.amasly.com\/wp-content\/uploads\/2024\/09\/Explosion-proof-high-bay-lights.png\" alt=\"\" class=\"uag-image-1495\" width=\"300\" height=\"300\" title=\"Patlamaya dayan\u0131kl\u0131 y\u00fcksek tavan lambalar\u0131\" loading=\"lazy\" role=\"img\"><\/a><\/figure><\/div>\n<\/div>\n\n\n\n<div class=\"wp-block-uagb-container uagb-block-4d3efde5\">\n<div class=\"wp-block-uagb-image uagb-block-c9e90797 wp-block-uagb-image--layout-default wp-block-uagb-image--effect-static wp-block-uagb-image--align-none\"><figure class=\"wp-block-uagb-image__figure\"><a class=\"\" href=\"https:\/\/led.amasly.com\/tr\/products\/\" target=\"\" rel=\"noopener\"><img decoding=\"async\" srcset=\"https:\/\/led.amasly.com\/wp-content\/uploads\/2024\/07\/LED-tri-proof-lights2.png ,https:\/\/led.amasly.com\/wp-content\/uploads\/2024\/07\/LED-tri-proof-lights2.png 780w, https:\/\/led.amasly.com\/wp-content\/uploads\/2024\/07\/LED-tri-proof-lights2.png 360w\" sizes=\"auto, (max-width: 480px) 150px\" src=\"https:\/\/led.amasly.com\/wp-content\/uploads\/2024\/07\/LED-tri-proof-lights2.png\" alt=\"\" class=\"uag-image-1132\" width=\"300\" height=\"300\" title=\"LED-tri-proof-\u0131\u015f\u0131klar2\" loading=\"lazy\" role=\"img\"><\/a><\/figure><\/div>\n<\/div>\n\n\n\n<div class=\"wp-block-uagb-container uagb-block-11c2578b\">\n<div class=\"wp-block-uagb-image uagb-block-6e8883aa wp-block-uagb-image--layout-default wp-block-uagb-image--effect-static wp-block-uagb-image--align-none\"><figure class=\"wp-block-uagb-image__figure\"><a class=\"\" href=\"https:\/\/led.amasly.com\/tr\/products\/\" target=\"\" rel=\"noopener\"><img decoding=\"async\" srcset=\"https:\/\/led.amasly.com\/wp-content\/uploads\/2024\/09\/LED-Explosion-Proof-Gas-Station-Light.png ,https:\/\/led.amasly.com\/wp-content\/uploads\/2024\/09\/LED-Explosion-Proof-Gas-Station-Light.png 780w, https:\/\/led.amasly.com\/wp-content\/uploads\/2024\/09\/LED-Explosion-Proof-Gas-Station-Light.png 360w\" sizes=\"auto, (max-width: 480px) 150px\" src=\"https:\/\/led.amasly.com\/wp-content\/uploads\/2024\/09\/LED-Explosion-Proof-Gas-Station-Light.png\" alt=\"\" class=\"uag-image-1501\" width=\"300\" height=\"300\" title=\"LED Patlamaya Dayan\u0131kl\u0131 Benzin \u0130stasyonu I\u015f\u0131\u011f\u0131\" loading=\"lazy\" role=\"img\"><\/a><\/figure><\/div>\n<\/div>\n<\/div><\/div>\n\n\n\n<div class=\"wp-block-uagb-container uagb-block-548945b5 alignfull uagb-is-root-container\"><div class=\"uagb-container-inner-blocks-wrap\">\n<div class=\"wp-block-uagb-container uagb-block-967755d5\">\n<h4 class=\"wp-block-heading has-text-align-center\"><a href=\"https:\/\/led.amasly.com\/tr\/products\/\">LED Patlamaya Dayan\u0131kl\u0131 I\u015f\u0131klar<\/a><\/h4>\n<\/div>\n\n\n\n<div class=\"wp-block-uagb-container uagb-block-9bc52fc2\">\n<h4 class=\"wp-block-heading has-text-align-center\"><a href=\"https:\/\/led.amasly.com\/tr\/products\/\">LED Tri-Proof I\u015f\u0131klar<\/a><\/h4>\n<\/div>\n\n\n\n<div class=\"wp-block-uagb-container uagb-block-8ffa0a23\">\n<h4 class=\"wp-block-heading has-text-align-center\"><a href=\"https:\/\/led.amasly.com\/tr\/products\/\">Patlamaya Dayan\u0131kl\u0131 Benzin \u0130stasyonu I\u015f\u0131klar\u0131<\/a><\/h4>\n<\/div>\n<\/div><\/div>\n\n\n\n<div class=\"wp-block-uagb-container uagb-block-29499fe0 alignfull uagb-is-root-container\"><div class=\"uagb-container-inner-blocks-wrap\">\n<div class=\"wp-block-uagb-container uagb-block-777ee1c7\">\n<div class=\"wp-block-uagb-image uagb-block-2e9a1851 wp-block-uagb-image--layout-default wp-block-uagb-image--effect-static wp-block-uagb-image--align-none\"><figure class=\"wp-block-uagb-image__figure\"><a class=\"\" href=\"https:\/\/led.amasly.com\/tr\/products\/\" target=\"\" rel=\"noopener\"><img decoding=\"async\" srcset=\"https:\/\/led.amasly.com\/wp-content\/uploads\/2024\/10\/50W-100W-150W-200W-300W-LED-Flood-Light.jpg ,https:\/\/led.amasly.com\/wp-content\/uploads\/2024\/10\/50W-100W-150W-200W-300W-LED-Flood-Light.jpg 780w, https:\/\/led.amasly.com\/wp-content\/uploads\/2024\/10\/50W-100W-150W-200W-300W-LED-Flood-Light.jpg 360w\" sizes=\"auto, (max-width: 480px) 150px\" src=\"https:\/\/led.amasly.com\/wp-content\/uploads\/2024\/10\/50W-100W-150W-200W-300W-LED-Flood-Light.jpg\" alt=\"\" class=\"uag-image-1526\" width=\"300\" height=\"300\" title=\"50W 100W 150W 200W 300W LED Ta\u015fk\u0131n I\u015f\u0131k\" loading=\"lazy\" role=\"img\"><\/a><\/figure><\/div>\n<\/div>\n\n\n\n<div class=\"wp-block-uagb-container uagb-block-af8c8683\">\n<div class=\"wp-block-uagb-image uagb-block-67947854 wp-block-uagb-image--layout-default wp-block-uagb-image--effect-static wp-block-uagb-image--align-none\"><figure class=\"wp-block-uagb-image__figure\"><a class=\"\" href=\"https:\/\/led.amasly.com\/tr\/products\/\" target=\"\" rel=\"noopener\"><img decoding=\"async\" srcset=\"https:\/\/led.amasly.com\/wp-content\/uploads\/2024\/07\/led-tri-proof-light.png ,https:\/\/led.amasly.com\/wp-content\/uploads\/2024\/07\/led-tri-proof-light.png 780w, https:\/\/led.amasly.com\/wp-content\/uploads\/2024\/07\/led-tri-proof-light.png 360w\" sizes=\"auto, (max-width: 480px) 150px\" src=\"https:\/\/led.amasly.com\/wp-content\/uploads\/2024\/07\/led-tri-proof-light.png\" alt=\"\" class=\"uag-image-1130\" width=\"300\" height=\"300\" title=\"led-tri-proof-\u0131\u015f\u0131k\" loading=\"lazy\" role=\"img\"><\/a><\/figure><\/div>\n<\/div>\n\n\n\n<div class=\"wp-block-uagb-container uagb-block-0fdfdd58\">\n<div class=\"wp-block-uagb-image uagb-block-1187d32d wp-block-uagb-image--layout-default wp-block-uagb-image--effect-static wp-block-uagb-image--align-none\"><figure class=\"wp-block-uagb-image__figure\"><a class=\"\" href=\"https:\/\/led.amasly.com\/tr\/products\/\" target=\"\" rel=\"noopener\"><img decoding=\"async\" srcset=\"https:\/\/led.amasly.com\/wp-content\/uploads\/2024\/07\/LED-street-light.jpg ,https:\/\/led.amasly.com\/wp-content\/uploads\/2024\/07\/LED-street-light.jpg 780w, https:\/\/led.amasly.com\/wp-content\/uploads\/2024\/07\/LED-street-light.jpg 360w\" sizes=\"auto, (max-width: 480px) 150px\" src=\"https:\/\/led.amasly.com\/wp-content\/uploads\/2024\/07\/LED-street-light.jpg\" alt=\"\" class=\"uag-image-1145\" width=\"300\" height=\"300\" title=\"LED-sokak-\u0131\u015f\u0131\u011f\u0131\" loading=\"lazy\" role=\"img\"><\/a><\/figure><\/div>\n<\/div>\n<\/div><\/div>\n\n\n\n<div class=\"wp-block-uagb-container uagb-block-6a60882c alignfull uagb-is-root-container\"><div class=\"uagb-container-inner-blocks-wrap\">\n<div class=\"wp-block-uagb-container uagb-block-f1e91a35\">\n<h4 class=\"wp-block-heading has-text-align-center\"><a href=\"https:\/\/led.amasly.com\/tr\/products\/\">LED Sel I\u015f\u0131klar\u0131<\/a><\/h4>\n<\/div>\n\n\n\n<div class=\"wp-block-uagb-container uagb-block-165bfa58\">\n<h4 class=\"wp-block-heading has-text-align-center\"><a href=\"https:\/\/led.amasly.com\/tr\/products\/\">LED Tri-Proof T\u00fcp I\u015f\u0131klar<\/a><\/h4>\n<\/div>\n\n\n\n<div class=\"wp-block-uagb-container uagb-block-f6096e3b\">\n<h4 class=\"wp-block-heading has-text-align-center\"><a href=\"https:\/\/led.amasly.com\/tr\/products\/\">LED Sokak Lambalar\u0131<\/a><\/h4>\n<\/div>\n<\/div><\/div>\n\n\n\n<div class=\"wp-block-uagb-container uagb-block-99c0e0a5 alignfull uagb-is-root-container\"><div class=\"uagb-container-inner-blocks-wrap\"><\/div><\/div>\n\n\n\n<p><\/p>","protected":false},"excerpt":{"rendered":"<p>Flame Proof Lighting Myths Debunked: Why &#8220;Explosion Proof&#8221; Isn&#8217;t Always Safer Unmasking Common Misconceptions in Hazardous Area Illumination Introduction: The Dangerous Assumption of Equivalence The terms &#8220;flame proof&#8221; and &#8220;explosion proof&#8221; are frequently conflated in industrial lighting, leading to costly and potentially catastrophic misunderstandings. While both certifications aim to mitigate risks in hazardous environments, their [&hellip;]<\/p>\n","protected":false},"author":1,"featured_media":0,"parent":2374,"menu_order":0,"comment_status":"closed","ping_status":"closed","template":"","meta":{"_uag_custom_page_level_css":"","site-sidebar-layout":"no-sidebar","site-content-layout":"","ast-site-content-layout":"default","site-content-style":"default","site-sidebar-style":"default","ast-global-header-display":"","ast-banner-title-visibility":"","ast-main-header-display":"","ast-hfb-above-header-display":"","ast-hfb-below-header-display":"","ast-hfb-mobile-header-display":"","site-post-title":"disabled","ast-breadcrumbs-content":"","ast-featured-img":"","footer-sml-layout":"","ast-disable-related-posts":"","theme-transparent-header-meta":"enabled","adv-header-id-meta":"","stick-header-meta":"","header-above-stick-meta":"","header-main-stick-meta":"","header-below-stick-meta":"","astra-migrate-meta-layouts":"set","ast-page-background-enabled":"default","ast-page-background-meta":{"desktop":{"background-color":"var(--ast-global-color-4)","background-image":"","background-repeat":"repeat","background-position":"center center","background-size":"auto","background-attachment":"scroll","background-type":"","background-media":"","overlay-type":"","overlay-color":"","overlay-opacity":"","overlay-gradient":""},"tablet":{"background-color":"","background-image":"","background-repeat":"repeat","background-position":"center center","background-size":"auto","background-attachment":"scroll","background-type":"","background-media":"","overlay-type":"","overlay-color":"","overlay-opacity":"","overlay-gradient":""},"mobile":{"background-color":"","background-image":"","background-repeat":"repeat","background-position":"center center","background-size":"auto","background-attachment":"scroll","background-type":"","background-media":"","overlay-type":"","overlay-color":"","overlay-opacity":"","overlay-gradient":""}},"ast-content-background-meta":{"desktop":{"background-color":"var(--ast-global-color-5)","background-image":"","background-repeat":"repeat","background-position":"center center","background-size":"auto","background-attachment":"scroll","background-type":"","background-media":"","overlay-type":"","overlay-color":"","overlay-opacity":"","overlay-gradient":""},"tablet":{"background-color":"var(--ast-global-color-5)","background-image":"","background-repeat":"repeat","background-position":"center center","background-size":"auto","background-attachment":"scroll","background-type":"","background-media":"","overlay-type":"","overlay-color":"","overlay-opacity":"","overlay-gradient":""},"mobile":{"background-color":"var(--ast-global-color-5)","background-image":"","background-repeat":"repeat","background-position":"center center","background-size":"auto","background-attachment":"scroll","background-type":"","background-media":"","overlay-type":"","overlay-color":"","overlay-opacity":"","overlay-gradient":""}},"footnotes":""},"class_list":["post-3059","page","type-page","status-publish","hentry"],"uagb_featured_image_src":{"full":false,"thumbnail":false,"medium":false,"medium_large":false,"large":false,"1536x1536":false,"2048x2048":false,"trp-custom-language-flag":false},"uagb_author_info":{"display_name":"Joe","author_link":"https:\/\/led.amasly.com\/tr\/author\/jacklin\/"},"uagb_comment_info":0,"uagb_excerpt":"Flame Proof Lighting Myths Debunked: Why &#8220;Explosion Proof&#8221; Isn&#8217;t Always Safer Unmasking Common Misconceptions in Hazardous Area Illumination Introduction: The Dangerous Assumption of Equivalence The terms &#8220;flame proof&#8221; and &#8220;explosion proof&#8221; are frequently conflated in industrial lighting, leading to costly and potentially catastrophic misunderstandings. While both certifications aim to mitigate risks in hazardous environments, their&hellip;","_links":{"self":[{"href":"https:\/\/led.amasly.com\/tr\/wp-json\/wp\/v2\/pages\/3059","targetHints":{"allow":["GET"]}}],"collection":[{"href":"https:\/\/led.amasly.com\/tr\/wp-json\/wp\/v2\/pages"}],"about":[{"href":"https:\/\/led.amasly.com\/tr\/wp-json\/wp\/v2\/types\/page"}],"author":[{"embeddable":true,"href":"https:\/\/led.amasly.com\/tr\/wp-json\/wp\/v2\/users\/1"}],"replies":[{"embeddable":true,"href":"https:\/\/led.amasly.com\/tr\/wp-json\/wp\/v2\/comments?post=3059"}],"version-history":[{"count":1,"href":"https:\/\/led.amasly.com\/tr\/wp-json\/wp\/v2\/pages\/3059\/revisions"}],"predecessor-version":[{"id":3068,"href":"https:\/\/led.amasly.com\/tr\/wp-json\/wp\/v2\/pages\/3059\/revisions\/3068"}],"up":[{"embeddable":true,"href":"https:\/\/led.amasly.com\/tr\/wp-json\/wp\/v2\/pages\/2374"}],"wp:attachment":[{"href":"https:\/\/led.amasly.com\/tr\/wp-json\/wp\/v2\/media?parent=3059"}],"curies":[{"name":"wp","href":"https:\/\/api.w.org\/{rel}","templated":true}]}}