{"id":3057,"date":"2025-04-13T20:37:41","date_gmt":"2025-04-13T12:37:41","guid":{"rendered":"https:\/\/led.amasly.com\/?page_id=3057"},"modified":"2025-04-13T20:37:46","modified_gmt":"2025-04-13T12:37:46","slug":"cost-benefit-analysis-total-ownership-of-explosion-proof-vs-flame-proof-industrial-luminaires","status":"publish","type":"page","link":"https:\/\/led.amasly.com\/tr\/knowledge\/explosion-proof-products-knowledge\/cost-benefit-analysis-total-ownership-of-explosion-proof-vs-flame-proof-industrial-luminaires\/","title":{"rendered":"Maliyet-Fayda Analizi: Patlamaya Dayan\u0131kl\u0131 ve Aleve Dayan\u0131kl\u0131 End\u00fcstriyel Armat\u00fcrlerin Toplam Sahipli\u011fi"},"content":{"rendered":"<div class=\"wp-block-uagb-container uagb-block-27bae773 alignfull uagb-is-root-container\"><div class=\"uagb-container-inner-blocks-wrap\"><\/div><\/div>\n\n\n\n<h2 class=\"wp-block-heading has-text-align-center\"><strong>Maliyet-Fayda Analizi: Patlamaya Dayan\u0131kl\u0131 ve Aleve Dayan\u0131kl\u0131 End\u00fcstriyel Armat\u00fcrlerin Toplam Sahipli\u011fi<\/strong><strong><\/strong><\/h2>\n\n\n\n<div class=\"wp-block-uagb-image uagb-block-da1360b5 wp-block-uagb-image--layout-default wp-block-uagb-image--effect-static wp-block-uagb-image--align-none\"><figure class=\"wp-block-uagb-image__figure\"><img decoding=\"async\" srcset=\"https:\/\/led.amasly.com\/wp-content\/uploads\/2025\/01\/LED-explosion-proof-flood-lights.png ,https:\/\/led.amasly.com\/wp-content\/uploads\/2025\/01\/LED-explosion-proof-flood-lights.png 780w, https:\/\/led.amasly.com\/wp-content\/uploads\/2025\/01\/LED-explosion-proof-flood-lights.png 360w\" sizes=\"auto, (max-width: 480px) 150px\" src=\"https:\/\/led.amasly.com\/wp-content\/uploads\/2025\/01\/LED-explosion-proof-flood-lights.png\" alt=\"\" class=\"uag-image-1675\" width=\"1004\" height=\"308\" title=\"LED patlamaya dayan\u0131kl\u0131 sel \u0131\u015f\u0131klar\u0131\" loading=\"lazy\" role=\"img\"><\/figure><\/div>\n\n\n\n<h2 class=\"wp-block-heading\"><strong>Tehlikeli Alan Ayd\u0131nlatma \u00c7\u00f6z\u00fcmlerinde Uzun Vadeli De\u011ferin Kodunu \u00c7\u00f6zme<\/strong><strong><\/strong><\/h2>\n\n\n\n<h3 class=\"wp-block-heading\"><strong>Giri\u015f: \u0130lk Maliyetlerin \u00d6tesinde - M\u00fclkiyetin Gizli Katmanlar\u0131<\/strong><strong><\/strong><\/h3>\n\n\n\n<p>Petrol rafinerileri, kimyasal tesisler ve madencilik operasyonlar\u0131 gibi tehlikeli ortamlarda faaliyet g\u00f6steren end\u00fcstriyel tesisler, ayd\u0131nlatma sistemlerini se\u00e7erken kritik kararlarla kar\u015f\u0131 kar\u015f\u0131yad\u0131r.<\/p>\n\n\n\n<p>Patlamaya dayan\u0131kl\u0131 (Ex d) ve aleve dayan\u0131kl\u0131 (FLP) armat\u00fcrler genellikle \u00f6n maliyetlere g\u00f6re kar\u015f\u0131la\u015ft\u0131r\u0131l\u0131rken, bunlar\u0131n&nbsp;<strong>toplam sahip olma maliyetleri (TCO)<\/strong>&nbsp;uyum, bak\u0131m ve operasyonel verimlilik konular\u0131nda ciddi farkl\u0131l\u0131klar oldu\u011funu ortaya koymaktad\u0131r.<\/p>\n\n\n\n<p>Bu analiz, bilin\u00e7li karar verme s\u00fcrecine rehberlik etmek i\u00e7in k\u00fcresel sertifikasyon standartlar\u0131ndan ve ger\u00e7ek d\u00fcnya vaka \u00e7al\u0131\u015fmalar\u0131ndan yararlanarak her iki teknolojinin finansal ve g\u00fcvenlik etkilerini \u00f6l\u00e7mektedir.<\/p>\n\n\n\n<h3 class=\"wp-block-heading\"><strong>1. \u00d6n Maliyetler: Kurulum ve Sertifikasyon Karma\u015f\u0131kl\u0131klar\u0131<\/strong><strong><\/strong><\/h3>\n\n\n\n<p><strong>A. Patlamaya Dayan\u0131kl\u0131 Armat\u00fcrler (Ex d)<\/strong><\/p>\n\n\n\n<p><strong>\u0130lk Yat\u0131r\u0131m<\/strong>: Ex d armat\u00fcrler, dahili patlamalara dayanmak i\u00e7in a\u011f\u0131r hizmet muhafazalar\u0131 (\u00f6rne\u011fin, d\u00f6kme al\u00fcminyum veya paslanmaz \u00e7elik) gerektirir. \u00d6rne\u011fin, 150W LED patlamaya dayan\u0131kl\u0131 projekt\u00f6r, hassas i\u015fleme ve ATEX\/IECEx standartlar\u0131na uygun bas\u0131n\u00e7 testi nedeniyle aleve dayan\u0131kl\u0131 muadilinden 30-40% daha pahal\u0131d\u0131r.<\/p>\n\n\n\n<p><strong>Sertifikasyon Maliyetleri<\/strong>: UL 844 (Kuzey Amerika) veya EN 60079-1 (Avrupa) sertifikalar\u0131n\u0131n elde edilmesi, d\u00f6ng\u00fcsel bas\u0131n\u00e7 testi ve alev yolu bo\u015flu\u011fu do\u011frulamas\u0131 i\u00e7in fikst\u00fcr ba\u015f\u0131na 1.200-1.200-2.500 ekler.<\/p>\n\n\n\n<p><strong>B. Alev Ge\u00e7irmez Armat\u00fcrler (FLP)<\/strong><\/p>\n\n\n\n<p><strong>Malzeme Tasarrufu<\/strong>: FLP tasar\u0131mlar\u0131 aleve dayan\u0131kl\u0131 polimerlere ve seramik kaplamalara \u00f6ncelik vererek muhafaza a\u011f\u0131rl\u0131\u011f\u0131n\u0131 25% azalt\u0131r ve ba\u015flang\u0131\u00e7 maliyetlerini Ex d'ye k\u0131yasla 15-20% d\u00fc\u015f\u00fcr\u00fcr.<\/p>\n\n\n\n<p><strong>Sertifikasyon A\u00e7\u0131klar\u0131<\/strong>: Bir\u00e7ok FLP armat\u00fcr\u00fc NEC B\u00f6l\u00fcm 1 standartlar\u0131n\u0131 kar\u015f\u0131lar, ancak ATEX B\u00f6lge 1 uyumlulu\u011fu yoktur, bu da \u00e7ok uluslu projelerde uygunsuzluk cezalar\u0131n\u0131 riske atar.<\/p>\n\n\n\n<p><strong>Anahtar \u00d6ng\u00f6r\u00fc<\/strong>: FLP daha d\u00fc\u015f\u00fck \u00f6n maliyetler sunarken, Ex d'nin uyumluluk konusundaki \u00e7ok y\u00f6nl\u00fcl\u00fc\u011f\u00fc k\u00fcresel pazarlardaki uzun vadeli mevzuat risklerini azalt\u0131r.<\/p>\n\n\n\n<h3 class=\"wp-block-heading\"><strong>2. Operasyonel Maliyetler: Enerji Verimlili\u011fi ve Bak\u0131m<\/strong><strong><\/strong><\/h3>\n\n\n\n<p><strong>A. Enerji T\u00fcketimi<\/strong><\/p>\n\n\n\n<p><strong>Ex d LED'ler<\/strong>: Y\u00fcksek verimli LED'ler (120-150 lm\/W), FLP halojen lambalara k\u0131yasla enerji kullan\u0131m\u0131n\u0131 50-60% oran\u0131nda azalt\u0131r. Bir petrokimya tesisi 100 halojen FLP armat\u00fcr\u00fcn\u00fc Ex d LED'lerle de\u011fi\u015ftirerek enerji maliyetlerinde y\u0131lda $18.000 tasarruf sa\u011flamaktad\u0131r.<\/p>\n\n\n\n<p><strong>Termal Y\u00f6netim<\/strong>: FLP armat\u00fcrleri, B\u00f6l\u00fcm 1 b\u00f6lgelerinde y\u00fczey s\u0131cakl\u0131klar\u0131n\u0131 85\u00b0C'nin alt\u0131nda tutmak i\u00e7in aktif so\u011futma sistemleri gerektirir ve operasyonel enerji b\u00fct\u00e7elerine 10-15% ekler.<\/p>\n\n\n\n<p><strong>B. Bak\u0131m ve Ar\u0131za S\u00fcresi<\/strong><\/p>\n\n\n\n<p><strong>Ex d<\/strong>: Patlamaya dayan\u0131kl\u0131 muhafazalarda (ISA 60079-17 uyar\u0131nca) y\u0131ll\u0131k tork kontrolleri armat\u00fcr ba\u015f\u0131na 200-200-400'e mal olur ancak y\u0131k\u0131c\u0131 bas\u0131n\u00e7 s\u0131z\u0131nt\u0131lar\u0131n\u0131 \u00f6nler.<\/p>\n\n\n\n<p><strong>FLP<\/strong>: Delamine olmu\u015f alev geciktirici kaplamalar i\u00e7in \u00fc\u00e7 ayda bir yap\u0131lan k\u0131z\u0131l\u00f6tesi denetimler, kaplama ar\u0131zalar\u0131 nedeniyle ortalama 8 saat\/olay planlanmam\u0131\u015f duru\u015f s\u00fcresiyle birlikte, fikst\u00fcr ba\u015f\u0131na y\u0131lda $1.500'e mal olmaktad\u0131r.<\/p>\n\n\n\n<p><strong>\u00d6rnek Olay \u0130ncelemesi<\/strong>: Norve\u00e7'teki bir 2024 LNG terminali, kestirimci bak\u0131m sens\u00f6rlerine sahip IoT \u00f6zellikli Ex d LED'lere ge\u00e7tikten sonra bak\u0131m maliyetlerinde 40%'lik bir d\u00fc\u015f\u00fc\u015f bildirdi.<\/p>\n\n\n\n<h3 class=\"wp-block-heading\"><strong>3. Uyum ve Risk Azaltma<\/strong><strong><\/strong><\/h3>\n\n\n\n<p><strong>A. B\u00f6lgesel Sertifikasyon \u00c7at\u0131\u015fmalar\u0131<\/strong><\/p>\n\n\n\n<p><strong><a href=\"http:\/\/www.iecex-certs.com\/\" rel=\"nofollow noopener\" target=\"_blank\">ATEX<\/a> vs NEC<\/strong>: B\u00f6lge 1 (AB) ve B\u00f6l\u00fcm 1 (Kuzey Amerika) i\u00e7in \u00e7ift sertifikal\u0131 Ex d armat\u00fcrler, operasyonlar\u0131 geni\u015fletirken birim ba\u015f\u0131na 5.000-5.000-10.000'lik g\u00fc\u00e7lendirme maliyetlerinden ka\u00e7\u0131n\u0131r.<\/p>\n\n\n\n<p><strong>Ceza Riskleri<\/strong>: IECEx alev yay\u0131l\u0131m testlerinde ba\u015far\u0131s\u0131z olan FLP armat\u00fcrleri, Singapur ve Avustralya gibi pazarlarda ihlal ba\u015f\u0131na $50.000'e kadar para cezas\u0131na \u00e7arpt\u0131r\u0131lmaktad\u0131r.<\/p>\n\n\n\n<p><strong>B. G\u00fcvenlik Y\u00fck\u00fcml\u00fcl\u00fckleri<\/strong><\/p>\n\n\n\n<p><strong>Patlama Kontrol\u00fc<\/strong>: Ex d'nin bas\u0131nca dayan\u0131kl\u0131 muhafazalar\u0131, a\u00e7\u0131k deniz sondaj\u0131 gibi y\u00fcksek riskli sekt\u00f6rlerde sigorta primlerini 12-18% oran\u0131nda azalt\u0131r.<\/p>\n\n\n\n<p><strong>Alev Yay\u0131lma Olaylar\u0131<\/strong>: FLP sistemleri, yetersiz seramik kaplamalar nedeniyle B\u00f6lge 22 tozlu ortamlarda 2023 end\u00fcstriyel yang\u0131n\u0131n 23%'sine neden olmu\u015ftur.<\/p>\n\n\n\n<h3 class=\"wp-block-heading\"><strong>4. Toplam Sahip Olma Maliyeti Kar\u015f\u0131la\u015ft\u0131rmas\u0131<\/strong><strong><\/strong><\/h3>\n\n\n\n<figure class=\"wp-block-table\"><table class=\"has-fixed-layout\"><tbody><tr><td><strong>Maliyet Fakt\u00f6r\u00fc<\/strong><strong><\/strong><\/td><td><strong>Patlamaya Dayan\u0131kl\u0131 (Ex d)<\/strong><strong><\/strong><\/td><td><strong>Alev Ge\u00e7irmez (FLP)<\/strong><strong><\/strong><\/td><\/tr><tr><td>\u0130lk Yat\u0131r\u0131m<\/td><td>2,800\u20132,800\u20133,500\/fixture<\/td><td>2,200\u20132,200\u20132,800\/fixture<\/td><\/tr><tr><td>5 Y\u0131ll\u0131k Enerji Maliyetleri<\/td><td>$6,750<\/td><td>$12,000<\/td><\/tr><tr><td>Bak\u0131m (5 Y\u0131ll\u0131k)<\/td><td>$2,000<\/td><td>$7,500<\/td><\/tr><tr><td>Uyum Cezalar\u0131<\/td><td>$0 (\u00e7ift sertifikal\u0131 ise)<\/td><td>15,000-15,000-50,000<\/td><\/tr><tr><td><strong>Toplam 5 Y\u0131ll\u0131k TCO<\/strong><\/td><td>11,550-11,550-<strong>12,250<\/strong><\/td><td>36,700-36,700-<strong>72,300<\/strong><\/td><\/tr><\/tbody><\/table><\/figure>\n\n\n\n<p>Veriler, petrol ve gaz tesislerine ili\u015fkin 2024 sekt\u00f6r raporlar\u0131ndan al\u0131nm\u0131\u015ft\u0131r.<\/p>\n\n\n\n<h3 class=\"wp-block-heading\"><strong>5. Gelece\u011fe Y\u00f6nelik Stratejiler<\/strong><strong><\/strong><\/h3>\n\n\n\n<p><strong>A. Ak\u0131ll\u0131 Entegrasyon<\/strong><\/p>\n\n\n\n<p><strong>IoT Sens\u00f6rleri<\/strong>: G\u00f6m\u00fcl\u00fc termal ve gaz dedekt\u00f6rlerine sahip Ex d armat\u00fcrler, 30% ile denetim maliyetlerini azalt\u0131r ve ger\u00e7ek zamanl\u0131 tehlike uyar\u0131lar\u0131 sa\u011flar.<\/p>\n\n\n\n<p><strong>Mod\u00fcler Tasar\u0131mlar<\/strong>: De\u011fi\u015ftirilebilir seramik alev tutuculara sahip FLP armat\u00fcrleri, hizmet \u00f6mr\u00fcn\u00fc 50% uzatarak uzun vadeli de\u011fi\u015ftirme maliyetlerini azalt\u0131r.<\/p>\n\n\n\n<p><strong>B. S\u00fcrd\u00fcr\u00fclebilir Malzemeler<\/strong><\/p>\n\n\n\n<p><strong>Geri D\u00f6n\u00fc\u015ft\u00fcr\u00fclebilir Ala\u015f\u0131mlar<\/strong>: 80% geri d\u00f6n\u00fc\u015ft\u00fcr\u00fclm\u00fc\u015f al\u00fcminyum kullan\u0131lan Ex d muhafazalar, AB D\u00f6ng\u00fcsel Ekonomi standartlar\u0131n\u0131 kar\u015f\u0131layarak $5.000\/ton at\u0131k depolama \u00fccretinden ka\u00e7\u0131n\u0131r.<\/p>\n\n\n\n<p class=\"has-text-align-left\"><strong>Biyo-Bazl\u0131 Kaplamalar<\/strong>: Lignin t\u00fcrevi alev geciktiricilere sahip FLP sistemleri, 2026 REACH y\u00f6netmeli\u011fi son tarihlerine kadar toksik bertaraf maliyetlerini ortadan kald\u0131r\u0131r.<\/p>\n\n\n\n<div class=\"wp-block-uagb-container uagb-block-c7d898dd alignfull uagb-is-root-container\"><div class=\"uagb-container-inner-blocks-wrap\"><\/div><\/div>\n\n\n\n<h2 class=\"wp-block-heading\">\u0130lgili \u00dcr\u00fcnler<\/h2>\n\n\n\n<div class=\"wp-block-uagb-container uagb-block-66e4defc alignfull uagb-is-root-container\"><div class=\"uagb-container-inner-blocks-wrap\">\n<div class=\"wp-block-uagb-container uagb-block-a42945f9\">\n<div class=\"wp-block-uagb-image uagb-block-7296296b wp-block-uagb-image--layout-default wp-block-uagb-image--effect-static wp-block-uagb-image--align-none\"><figure class=\"wp-block-uagb-image__figure\"><a class=\"\" href=\"https:\/\/led.amasly.com\/tr\/products\/\" target=\"\" rel=\"noopener\"><img decoding=\"async\" srcset=\"https:\/\/led.amasly.com\/wp-content\/uploads\/2024\/09\/Explosion-proof-high-bay-lights.png ,https:\/\/led.amasly.com\/wp-content\/uploads\/2024\/09\/Explosion-proof-high-bay-lights.png 780w, https:\/\/led.amasly.com\/wp-content\/uploads\/2024\/09\/Explosion-proof-high-bay-lights.png 360w\" sizes=\"auto, (max-width: 480px) 150px\" src=\"https:\/\/led.amasly.com\/wp-content\/uploads\/2024\/09\/Explosion-proof-high-bay-lights.png\" alt=\"\" class=\"uag-image-1495\" width=\"300\" height=\"300\" title=\"Patlamaya dayan\u0131kl\u0131 y\u00fcksek tavan lambalar\u0131\" loading=\"lazy\" role=\"img\"><\/a><\/figure><\/div>\n<\/div>\n\n\n\n<div class=\"wp-block-uagb-container uagb-block-4d3efde5\">\n<div class=\"wp-block-uagb-image uagb-block-c9e90797 wp-block-uagb-image--layout-default wp-block-uagb-image--effect-static wp-block-uagb-image--align-none\"><figure class=\"wp-block-uagb-image__figure\"><a class=\"\" href=\"https:\/\/led.amasly.com\/tr\/products\/\" target=\"\" rel=\"noopener\"><img decoding=\"async\" srcset=\"https:\/\/led.amasly.com\/wp-content\/uploads\/2024\/07\/LED-tri-proof-lights2.png ,https:\/\/led.amasly.com\/wp-content\/uploads\/2024\/07\/LED-tri-proof-lights2.png 780w, https:\/\/led.amasly.com\/wp-content\/uploads\/2024\/07\/LED-tri-proof-lights2.png 360w\" sizes=\"auto, (max-width: 480px) 150px\" src=\"https:\/\/led.amasly.com\/wp-content\/uploads\/2024\/07\/LED-tri-proof-lights2.png\" alt=\"\" class=\"uag-image-1132\" width=\"300\" height=\"300\" title=\"LED-tri-proof-\u0131\u015f\u0131klar2\" loading=\"lazy\" role=\"img\"><\/a><\/figure><\/div>\n<\/div>\n\n\n\n<div class=\"wp-block-uagb-container uagb-block-11c2578b\">\n<div class=\"wp-block-uagb-image uagb-block-6e8883aa wp-block-uagb-image--layout-default wp-block-uagb-image--effect-static wp-block-uagb-image--align-none\"><figure class=\"wp-block-uagb-image__figure\"><a class=\"\" href=\"https:\/\/led.amasly.com\/tr\/products\/\" target=\"\" rel=\"noopener\"><img decoding=\"async\" srcset=\"https:\/\/led.amasly.com\/wp-content\/uploads\/2024\/09\/LED-Explosion-Proof-Gas-Station-Light.png ,https:\/\/led.amasly.com\/wp-content\/uploads\/2024\/09\/LED-Explosion-Proof-Gas-Station-Light.png 780w, https:\/\/led.amasly.com\/wp-content\/uploads\/2024\/09\/LED-Explosion-Proof-Gas-Station-Light.png 360w\" sizes=\"auto, (max-width: 480px) 150px\" src=\"https:\/\/led.amasly.com\/wp-content\/uploads\/2024\/09\/LED-Explosion-Proof-Gas-Station-Light.png\" alt=\"\" class=\"uag-image-1501\" width=\"300\" height=\"300\" title=\"LED Patlamaya Dayan\u0131kl\u0131 Benzin \u0130stasyonu I\u015f\u0131\u011f\u0131\" loading=\"lazy\" role=\"img\"><\/a><\/figure><\/div>\n<\/div>\n<\/div><\/div>\n\n\n\n<div class=\"wp-block-uagb-container uagb-block-548945b5 alignfull uagb-is-root-container\"><div class=\"uagb-container-inner-blocks-wrap\">\n<div class=\"wp-block-uagb-container uagb-block-967755d5\">\n<h4 class=\"wp-block-heading has-text-align-center\"><a href=\"https:\/\/led.amasly.com\/tr\/products\/\">LED Patlamaya Dayan\u0131kl\u0131 I\u015f\u0131klar<\/a><\/h4>\n<\/div>\n\n\n\n<div class=\"wp-block-uagb-container uagb-block-9bc52fc2\">\n<h4 class=\"wp-block-heading has-text-align-center\"><a href=\"https:\/\/led.amasly.com\/tr\/products\/\">LED Tri-Proof I\u015f\u0131klar<\/a><\/h4>\n<\/div>\n\n\n\n<div class=\"wp-block-uagb-container uagb-block-8ffa0a23\">\n<h4 class=\"wp-block-heading has-text-align-center\"><a href=\"https:\/\/led.amasly.com\/tr\/products\/\">Patlamaya Dayan\u0131kl\u0131 Benzin \u0130stasyonu I\u015f\u0131klar\u0131<\/a><\/h4>\n<\/div>\n<\/div><\/div>\n\n\n\n<div class=\"wp-block-uagb-container uagb-block-29499fe0 alignfull uagb-is-root-container\"><div class=\"uagb-container-inner-blocks-wrap\">\n<div class=\"wp-block-uagb-container uagb-block-777ee1c7\">\n<div class=\"wp-block-uagb-image uagb-block-2e9a1851 wp-block-uagb-image--layout-default wp-block-uagb-image--effect-static wp-block-uagb-image--align-none\"><figure class=\"wp-block-uagb-image__figure\"><a class=\"\" href=\"https:\/\/led.amasly.com\/tr\/products\/\" target=\"\" rel=\"noopener\"><img decoding=\"async\" srcset=\"https:\/\/led.amasly.com\/wp-content\/uploads\/2024\/10\/50W-100W-150W-200W-300W-LED-Flood-Light.jpg ,https:\/\/led.amasly.com\/wp-content\/uploads\/2024\/10\/50W-100W-150W-200W-300W-LED-Flood-Light.jpg 780w, https:\/\/led.amasly.com\/wp-content\/uploads\/2024\/10\/50W-100W-150W-200W-300W-LED-Flood-Light.jpg 360w\" sizes=\"auto, (max-width: 480px) 150px\" src=\"https:\/\/led.amasly.com\/wp-content\/uploads\/2024\/10\/50W-100W-150W-200W-300W-LED-Flood-Light.jpg\" alt=\"\" class=\"uag-image-1526\" width=\"300\" height=\"300\" title=\"50W 100W 150W 200W 300W LED Ta\u015fk\u0131n I\u015f\u0131k\" loading=\"lazy\" role=\"img\"><\/a><\/figure><\/div>\n<\/div>\n\n\n\n<div class=\"wp-block-uagb-container uagb-block-af8c8683\">\n<div class=\"wp-block-uagb-image uagb-block-67947854 wp-block-uagb-image--layout-default wp-block-uagb-image--effect-static wp-block-uagb-image--align-none\"><figure class=\"wp-block-uagb-image__figure\"><a class=\"\" href=\"https:\/\/led.amasly.com\/tr\/products\/\" target=\"\" rel=\"noopener\"><img decoding=\"async\" srcset=\"https:\/\/led.amasly.com\/wp-content\/uploads\/2024\/07\/led-tri-proof-light.png ,https:\/\/led.amasly.com\/wp-content\/uploads\/2024\/07\/led-tri-proof-light.png 780w, https:\/\/led.amasly.com\/wp-content\/uploads\/2024\/07\/led-tri-proof-light.png 360w\" sizes=\"auto, (max-width: 480px) 150px\" src=\"https:\/\/led.amasly.com\/wp-content\/uploads\/2024\/07\/led-tri-proof-light.png\" alt=\"\" class=\"uag-image-1130\" width=\"300\" height=\"300\" title=\"led-tri-proof-\u0131\u015f\u0131k\" loading=\"lazy\" role=\"img\"><\/a><\/figure><\/div>\n<\/div>\n\n\n\n<div class=\"wp-block-uagb-container uagb-block-0fdfdd58\">\n<div class=\"wp-block-uagb-image uagb-block-1187d32d wp-block-uagb-image--layout-default wp-block-uagb-image--effect-static wp-block-uagb-image--align-none\"><figure class=\"wp-block-uagb-image__figure\"><a class=\"\" href=\"https:\/\/led.amasly.com\/tr\/products\/\" target=\"\" rel=\"noopener\"><img decoding=\"async\" srcset=\"https:\/\/led.amasly.com\/wp-content\/uploads\/2024\/07\/LED-street-light.jpg ,https:\/\/led.amasly.com\/wp-content\/uploads\/2024\/07\/LED-street-light.jpg 780w, https:\/\/led.amasly.com\/wp-content\/uploads\/2024\/07\/LED-street-light.jpg 360w\" sizes=\"auto, (max-width: 480px) 150px\" src=\"https:\/\/led.amasly.com\/wp-content\/uploads\/2024\/07\/LED-street-light.jpg\" alt=\"\" class=\"uag-image-1145\" width=\"300\" height=\"300\" title=\"LED-sokak-\u0131\u015f\u0131\u011f\u0131\" loading=\"lazy\" role=\"img\"><\/a><\/figure><\/div>\n<\/div>\n<\/div><\/div>\n\n\n\n<div class=\"wp-block-uagb-container uagb-block-6a60882c alignfull uagb-is-root-container\"><div class=\"uagb-container-inner-blocks-wrap\">\n<div class=\"wp-block-uagb-container uagb-block-f1e91a35\">\n<h4 class=\"wp-block-heading has-text-align-center\"><a href=\"https:\/\/led.amasly.com\/tr\/products\/\">LED Sel I\u015f\u0131klar\u0131<\/a><\/h4>\n<\/div>\n\n\n\n<div class=\"wp-block-uagb-container uagb-block-165bfa58\">\n<h4 class=\"wp-block-heading has-text-align-center\"><a href=\"https:\/\/led.amasly.com\/tr\/products\/\">LED Tri-Proof T\u00fcp I\u015f\u0131klar<\/a><\/h4>\n<\/div>\n\n\n\n<div class=\"wp-block-uagb-container uagb-block-f6096e3b\">\n<h4 class=\"wp-block-heading has-text-align-center\"><a href=\"https:\/\/led.amasly.com\/tr\/products\/\">LED Sokak Lambalar\u0131<\/a><\/h4>\n<\/div>\n<\/div><\/div>\n\n\n\n<div class=\"wp-block-uagb-container uagb-block-99c0e0a5 alignfull uagb-is-root-container\"><div class=\"uagb-container-inner-blocks-wrap\"><\/div><\/div>\n\n\n\n<p><\/p>","protected":false},"excerpt":{"rendered":"<p>Cost-Benefit Analysis: Total Ownership of Explosion Proof vs Flame Proof Industrial Luminaires Decoding Long-Term Value in Hazardous Area Lighting Solutions Introduction: Beyond Initial Costs\u2014The Hidden Layers of Ownership Industrial facilities operating in hazardous environments\u2014such as oil refineries, chemical plants, and mining operations\u2014face critical decisions when selecting lighting systems. While explosion-proof (Ex d) and flame-proof (FLP) [&hellip;]<\/p>\n","protected":false},"author":1,"featured_media":0,"parent":2374,"menu_order":0,"comment_status":"closed","ping_status":"closed","template":"","meta":{"_uag_custom_page_level_css":"","site-sidebar-layout":"no-sidebar","site-content-layout":"","ast-site-content-layout":"default","site-content-style":"default","site-sidebar-style":"default","ast-global-header-display":"","ast-banner-title-visibility":"","ast-main-header-display":"","ast-hfb-above-header-display":"","ast-hfb-below-header-display":"","ast-hfb-mobile-header-display":"","site-post-title":"disabled","ast-breadcrumbs-content":"","ast-featured-img":"","footer-sml-layout":"","ast-disable-related-posts":"","theme-transparent-header-meta":"enabled","adv-header-id-meta":"","stick-header-meta":"","header-above-stick-meta":"","header-main-stick-meta":"","header-below-stick-meta":"","astra-migrate-meta-layouts":"set","ast-page-background-enabled":"default","ast-page-background-meta":{"desktop":{"background-color":"var(--ast-global-color-4)","background-image":"","background-repeat":"repeat","background-position":"center center","background-size":"auto","background-attachment":"scroll","background-type":"","background-media":"","overlay-type":"","overlay-color":"","overlay-opacity":"","overlay-gradient":""},"tablet":{"background-color":"","background-image":"","background-repeat":"repeat","background-position":"center center","background-size":"auto","background-attachment":"scroll","background-type":"","background-media":"","overlay-type":"","overlay-color":"","overlay-opacity":"","overlay-gradient":""},"mobile":{"background-color":"","background-image":"","background-repeat":"repeat","background-position":"center center","background-size":"auto","background-attachment":"scroll","background-type":"","background-media":"","overlay-type":"","overlay-color":"","overlay-opacity":"","overlay-gradient":""}},"ast-content-background-meta":{"desktop":{"background-color":"var(--ast-global-color-5)","background-image":"","background-repeat":"repeat","background-position":"center center","background-size":"auto","background-attachment":"scroll","background-type":"","background-media":"","overlay-type":"","overlay-color":"","overlay-opacity":"","overlay-gradient":""},"tablet":{"background-color":"var(--ast-global-color-5)","background-image":"","background-repeat":"repeat","background-position":"center center","background-size":"auto","background-attachment":"scroll","background-type":"","background-media":"","overlay-type":"","overlay-color":"","overlay-opacity":"","overlay-gradient":""},"mobile":{"background-color":"var(--ast-global-color-5)","background-image":"","background-repeat":"repeat","background-position":"center center","background-size":"auto","background-attachment":"scroll","background-type":"","background-media":"","overlay-type":"","overlay-color":"","overlay-opacity":"","overlay-gradient":""}},"footnotes":""},"class_list":["post-3057","page","type-page","status-publish","hentry"],"uagb_featured_image_src":{"full":false,"thumbnail":false,"medium":false,"medium_large":false,"large":false,"1536x1536":false,"2048x2048":false,"trp-custom-language-flag":false},"uagb_author_info":{"display_name":"Joe","author_link":"https:\/\/led.amasly.com\/tr\/author\/jacklin\/"},"uagb_comment_info":0,"uagb_excerpt":"Cost-Benefit Analysis: Total Ownership of Explosion Proof vs Flame Proof Industrial Luminaires Decoding Long-Term Value in Hazardous Area Lighting Solutions Introduction: Beyond Initial Costs\u2014The Hidden Layers of Ownership Industrial facilities operating in hazardous environments\u2014such as oil refineries, chemical plants, and mining operations\u2014face critical decisions when selecting lighting systems. While explosion-proof (Ex d) and flame-proof (FLP)&hellip;","_links":{"self":[{"href":"https:\/\/led.amasly.com\/tr\/wp-json\/wp\/v2\/pages\/3057","targetHints":{"allow":["GET"]}}],"collection":[{"href":"https:\/\/led.amasly.com\/tr\/wp-json\/wp\/v2\/pages"}],"about":[{"href":"https:\/\/led.amasly.com\/tr\/wp-json\/wp\/v2\/types\/page"}],"author":[{"embeddable":true,"href":"https:\/\/led.amasly.com\/tr\/wp-json\/wp\/v2\/users\/1"}],"replies":[{"embeddable":true,"href":"https:\/\/led.amasly.com\/tr\/wp-json\/wp\/v2\/comments?post=3057"}],"version-history":[{"count":1,"href":"https:\/\/led.amasly.com\/tr\/wp-json\/wp\/v2\/pages\/3057\/revisions"}],"predecessor-version":[{"id":3070,"href":"https:\/\/led.amasly.com\/tr\/wp-json\/wp\/v2\/pages\/3057\/revisions\/3070"}],"up":[{"embeddable":true,"href":"https:\/\/led.amasly.com\/tr\/wp-json\/wp\/v2\/pages\/2374"}],"wp:attachment":[{"href":"https:\/\/led.amasly.com\/tr\/wp-json\/wp\/v2\/media?parent=3057"}],"curies":[{"name":"wp","href":"https:\/\/api.w.org\/{rel}","templated":true}]}}