{"id":3037,"date":"2025-04-11T20:23:27","date_gmt":"2025-04-11T12:23:27","guid":{"rendered":"https:\/\/led.amasly.com\/?page_id=3037"},"modified":"2025-04-11T20:23:35","modified_gmt":"2025-04-11T12:23:35","slug":"why-should-lights-be-explosion-proof-critical-safety-and-compliance-insights","status":"publish","type":"page","link":"https:\/\/led.amasly.com\/tr\/knowledge\/explosion-proof-products-knowledge\/why-should-lights-be-explosion-proof-critical-safety-and-compliance-insights\/","title":{"rendered":"I\u015f\u0131klar Neden Patlamaya Dayan\u0131kl\u0131 Olmal\u0131d\u0131r? Kritik G\u00fcvenlik ve Uyumluluk Bilgileri"},"content":{"rendered":"<div class=\"wp-block-uagb-container uagb-block-27bae773 alignfull uagb-is-root-container\"><div class=\"uagb-container-inner-blocks-wrap\"><\/div><\/div>\n\n\n\n<h2 class=\"wp-block-heading has-text-align-left\"><strong>I\u015f\u0131klar Neden Olmal\u0131 <\/strong><strong>Patlama Korumal\u0131<\/strong><strong>? Kritik G\u00fcvenlik ve Uyumluluk \u00d6ng\u00f6r\u00fcleri<\/strong><strong><\/strong><\/h2>\n\n\n\n<div class=\"wp-block-uagb-image uagb-block-da1360b5 wp-block-uagb-image--layout-default wp-block-uagb-image--effect-static wp-block-uagb-image--align-none\"><figure class=\"wp-block-uagb-image__figure\"><a class=\"\" href=\"https:\/\/led.amasly.com\/tr\/products\/\" target=\"\" rel=\"noopener\"><img decoding=\"async\" srcset=\"https:\/\/led.amasly.com\/wp-content\/uploads\/2025\/01\/LED-explosion-proof-flood-lights.png ,https:\/\/led.amasly.com\/wp-content\/uploads\/2025\/01\/LED-explosion-proof-flood-lights.png 780w, https:\/\/led.amasly.com\/wp-content\/uploads\/2025\/01\/LED-explosion-proof-flood-lights.png 360w\" sizes=\"auto, (max-width: 480px) 150px\" src=\"https:\/\/led.amasly.com\/wp-content\/uploads\/2025\/01\/LED-explosion-proof-flood-lights.png\" alt=\"\" class=\"uag-image-1675\" width=\"1004\" height=\"308\" title=\"LED patlamaya dayan\u0131kl\u0131 sel \u0131\u015f\u0131klar\u0131\" loading=\"lazy\" role=\"img\"><\/a><\/figure><\/div>\n\n\n\n<p>Patlamaya dayan\u0131kl\u0131 ayd\u0131nlatma bir l\u00fcks de\u011fildir; yan\u0131c\u0131 gazlar\u0131n, buharlar\u0131n veya tozlar\u0131n g\u00fcvenli\u011fi tehdit etti\u011fi ortamlarda bir gerekliliktir. Standart ayd\u0131nlatma sistemleri ate\u015fleme kaynaklar\u0131 haline gelerek feci yang\u0131nlara veya patlamalara yol a\u00e7abilir. Bu makale, y\u00fcksek tehlike i\u00e7eren sekt\u00f6rlerde risk azaltma, mevzuata uygunluk ve operasyonel esnekli\u011fe odaklanarak Patlamaya Dayan\u0131kl\u0131 \u0131\u015f\u0131klar\u0131n kullan\u0131lmas\u0131n\u0131n tart\u0131\u015f\u0131lmaz nedenlerini ara\u015ft\u0131rmaktad\u0131r.<\/p>\n\n\n\n<p>I\u015f\u0131klar Neden Patlamaya Dayan\u0131kl\u0131 Olmal\u0131d\u0131r?<\/p>\n\n\n\n<h3 class=\"wp-block-heading\"><strong>1. Tehlikeli Ortamlarda Tutu\u015fman\u0131n \u00d6nlenmesi<\/strong><strong><\/strong><\/h3>\n\n\n\n<p>Petrol ve gaz, kimyasal \u00fcretim ve madencilik gibi sekt\u00f6rlerde u\u00e7ucu maddeler her yerde bulunur. Standart bir ayd\u0131nlatma armat\u00fcr\u00fcnden \u00e7\u0131kan tek bir k\u0131v\u0131lc\u0131m patlamalar\u0131 tetikleyebilir. Patlamaya Dayan\u0131kl\u0131 \u0131\u015f\u0131klar \u015fu \u00f6zelliklerle tasarlanm\u0131\u015ft\u0131r:<\/p>\n\n\n\n<p><strong>M\u00fch\u00fcrl\u00fc Muhafazalar<\/strong>: D\u00f6k\u00fcm al\u00fcminyum ve temperli cam gibi sa\u011flam malzemeler i\u00e7 bile\u015fenleri izole ederek k\u0131v\u0131lc\u0131m veya \u0131s\u0131n\u0131n d\u0131\u015far\u0131 \u00e7\u0131kmas\u0131n\u0131 \u00f6nler.<\/p>\n\n\n\n<p><strong>Termal Y\u00f6netim<\/strong>: Is\u0131 al\u0131c\u0131lar\u0131 ve d\u00fc\u015f\u00fck voltajl\u0131 LED sistemleri y\u00fczey s\u0131cakl\u0131klar\u0131n\u0131 en aza indirerek metan a\u00e7\u0131s\u0131ndan zengin b\u00f6lgelerde bile tutu\u015fma riskini azalt\u0131r.<\/p>\n\n\n\n<p><strong>Bas\u0131n\u00e7 Muhafazas\u0131<\/strong>: Hassas m\u00fchendislikle tasarlanm\u0131\u015f alev yolu bo\u015fluklar\u0131 ve bas\u0131n\u00e7 tahliye kanallar\u0131, armat\u00fcr\u00fc par\u00e7alamadan i\u00e7 patlamalar\u0131 g\u00fcvenli bir \u015fekilde da\u011f\u0131t\u0131r.<\/p>\n\n\n\n<p>\u00d6rne\u011fin, petrol rafinerilerinde hidrojen s\u00fclf\u00fcr gaz\u0131 260\u00b0C kadar d\u00fc\u015f\u00fck s\u0131cakl\u0131klarda tutu\u015fabilir. Patlamaya Dayan\u0131kl\u0131 LED'ler bu e\u015fi\u011fin alt\u0131nda \u00e7al\u0131\u015farak onlar\u0131 vazge\u00e7ilmez k\u0131lar.<\/p>\n\n\n\n<h3 class=\"wp-block-heading\"><strong>2. Yasal ve D\u00fczenleyici Yetkiler<\/strong><strong><\/strong><\/h3>\n\n\n\n<p>H\u00fck\u00fcmetler ve end\u00fcstri kurulu\u015flar\u0131, i\u015fyeri felaketlerini \u00f6nlemek i\u00e7in kat\u0131 standartlar uygulamaktad\u0131r. Uyumsuzluk para cezalar\u0131, kapatmalar veya cezai sorumlulukla sonu\u00e7lanabilir:<\/p>\n\n\n\n<p><strong><a href=\"http:\/\/www.iecex-certs.com\/\" rel=\"nofollow noopener\" target=\"_blank\">ATEX\/IECEx<\/a><\/strong>: AB'de ve t\u00fcm d\u00fcnyada B\u00f6lge 1 (gaz) ve B\u00f6lge 21 (toz) ortamlar\u0131 i\u00e7in gereklidir.<\/p>\n\n\n\n<p><strong>OSHA 1910.307 (ABD)<\/strong>: S\u0131n\u0131fland\u0131r\u0131lm\u0131\u015f tehlikeli alanlarda Patlama Korumal\u0131 armat\u00fcrleri zorunlu k\u0131lar ve ihlal ba\u015f\u0131na $15.000'i a\u015fan cezalar \u00f6ng\u00f6r\u00fcr.<\/p>\n\n\n\n<p><strong>MSHA (Madencilik)<\/strong>: Metan patlamalar\u0131n\u0131 \u00f6nlemek i\u00e7in k\u00f6m\u00fcr madenlerinde darbeye dayan\u0131kl\u0131, k\u0131v\u0131lc\u0131m ge\u00e7irmez ayd\u0131nlatma gerektirir.<\/p>\n\n\n\n<p>Tesisler, tehlike b\u00f6lgelerini s\u0131n\u0131fland\u0131rmak ve ayd\u0131nlatma uyumlulu\u011funu do\u011frulamak i\u00e7in DSEAR (\u0130ngiltere) veya NFPA 70E (ABD) gibi denetimlerden ge\u00e7melidir.<\/p>\n\n\n\n<h3 class=\"wp-block-heading\"><strong>3. Uyumsuzlu\u011fun Mali ve Operasyonel Riskleri<\/strong><strong><\/strong><\/h3>\n\n\n\n<p>Patlamaya Dayan\u0131kl\u0131 ayd\u0131nlatma gerekliliklerinin g\u00f6z ard\u0131 edilmesi ciddi sonu\u00e7lara yol a\u00e7ar:<\/p>\n\n\n\n<p><strong>Sigorta Redleri<\/strong>: Sigortac\u0131lar genellikle sertifikas\u0131z ekipmanlar\u0131n neden oldu\u011fu patlamalara ili\u015fkin talepleri reddederek i\u015fletmeleri b\u00fcy\u00fck kay\u0131plar\u0131 \u00fcstlenmeye zorlamaktad\u0131r.<\/p>\n\n\n\n<p><strong>Duru\u015f S\u00fcresi Maliyetleri<\/strong>: Tek bir olay operasyonlar\u0131 haftalarca durdurabilir. \u00d6rne\u011fin, hatal\u0131 ayd\u0131nlatma nedeniyle meydana gelen bir kimya tesisi patlamas\u0131, onar\u0131mlar ve verimlilik kayb\u0131 a\u00e7\u0131s\u0131ndan milyonlara mal olabilir.<\/p>\n\n\n\n<p><strong>\u0130tibar Hasar\u0131<\/strong>: G\u00fcvenlik hatalar\u0131 payda\u015flar\u0131n g\u00fcvenini sarsar ve \u00f6zellikle uyumlulu\u011fun bir sat\u0131\u015f noktas\u0131 oldu\u011fu ila\u00e7 veya enerji gibi sekt\u00f6rlerde m\u00fc\u015fterileri cayd\u0131r\u0131r.<\/p>\n\n\n\n<h3 class=\"wp-block-heading\"><strong>4. Sekt\u00f6re \u00d6zel Uygulamalar Gerektiren <\/strong><strong>Patlama Korumal\u0131<\/strong><strong>&nbsp;Ayd\u0131nlatma<\/strong><strong><\/strong><\/h3>\n\n\n\n<h4 class=\"wp-block-heading\"><strong>Petrol ve Gaz<\/strong><strong><\/strong><\/h4>\n\n\n\n<p>A\u00e7\u0131k deniz platformlar\u0131 ve rafineriler metan ve hidrojen s\u00fclf\u00fcrle \u00e7al\u0131\u015f\u0131r. Armat\u00fcrler a\u015f\u0131nd\u0131r\u0131c\u0131 tuzlu suya dayanmal\u0131 ve Exd IICT6 sertifikalar\u0131na sahip olmal\u0131d\u0131r.<\/p>\n\n\n\n<h4 class=\"wp-block-heading\"><strong>At\u0131k Su Ar\u0131tma<\/strong><strong><\/strong><\/h4>\n\n\n\n<p>Kanalizasyon tanklar\u0131nda metan birikmesi, gaz s\u0131zmas\u0131n\u0131 ve elektrik ar\u0131zalar\u0131n\u0131 \u00f6nlemek i\u00e7in IP68 s\u0131n\u0131f\u0131, su ge\u00e7irmez \u0131\u015f\u0131klar gerektirir.<\/p>\n\n\n\n<h4 class=\"wp-block-heading\"><strong>\u0130la\u00e7lar<\/strong><strong><\/strong><\/h4>\n\n\n\n<p>Toz halindeki API'lerden (Aktif \u0130la\u00e7 Bile\u015fenleri) kaynaklanan yan\u0131c\u0131 toz, B\u00f6lge 22 alanlar\u0131 i\u00e7in toz ge\u00e7irmez (IP65+) armat\u00fcrler gerektirir.<\/p>\n\n\n\n<h4 class=\"wp-block-heading\"><strong>Madencilik<\/strong><strong><\/strong><\/h4>\n\n\n\n<p>K\u00f6m\u00fcr tozu ve metan, \u00e7at\u0131 \u00e7\u00f6kmeleri ve titre\u015fimlere dayanmak i\u00e7in MSHA onayl\u0131 IK10 dereceli, darbeye dayan\u0131kl\u0131 \u0131\u015f\u0131klar gerektirir.<\/p>\n\n\n\n<h3 class=\"wp-block-heading\"><strong>5. Uzun Vadeli Faydalar\u0131 <\/strong><strong>Patlama Korumal\u0131<\/strong><strong>&nbsp;Ayd\u0131nlatma<\/strong><strong><\/strong><\/h3>\n\n\n\n<p><strong>Uzat\u0131lm\u0131\u015f Kullan\u0131m \u00d6mr\u00fc<\/strong>: Y\u00fcksek kaliteli LED'ler 50.000+ saat dayan\u0131r ve a\u00e7\u0131k deniz kuleleri gibi eri\u015filmesi zor yerlerde de\u011fi\u015ftirme maliyetlerini azalt\u0131r.<\/p>\n\n\n\n<p><strong>Enerji Verimlili\u011fi<\/strong>: LED'ler geleneksel ayd\u0131nlatmaya g\u00f6re 80%'ye kadar daha az g\u00fc\u00e7 t\u00fcketerek enerji yo\u011fun end\u00fcstrilerde i\u015fletme maliyetlerini d\u00fc\u015f\u00fcr\u00fcr.<\/p>\n\n\n\n<p class=\"has-text-align-left\"><strong>Ak\u0131ll\u0131 Entegrasyon<\/strong>: IoT \u00f6zellikli Patlamaya Dayan\u0131kl\u0131 sistemler gaz s\u0131z\u0131nt\u0131lar\u0131n\u0131 veya conta b\u00fct\u00fcnl\u00fc\u011f\u00fcn\u00fc izleyerek \u00f6ng\u00f6r\u00fcc\u00fc bak\u0131m sa\u011flar ve planlanmam\u0131\u015f ar\u0131za s\u00fcrelerini azalt\u0131r.<\/p>\n\n\n\n<div class=\"wp-block-uagb-container uagb-block-c7d898dd alignfull uagb-is-root-container\"><div class=\"uagb-container-inner-blocks-wrap\"><\/div><\/div>\n\n\n\n<h2 class=\"wp-block-heading\">\u0130lgili \u00dcr\u00fcnler<\/h2>\n\n\n\n<div class=\"wp-block-uagb-container uagb-block-66e4defc alignfull uagb-is-root-container\"><div class=\"uagb-container-inner-blocks-wrap\">\n<div class=\"wp-block-uagb-container uagb-block-a42945f9\">\n<div class=\"wp-block-uagb-image uagb-block-7296296b wp-block-uagb-image--layout-default wp-block-uagb-image--effect-static wp-block-uagb-image--align-none\"><figure class=\"wp-block-uagb-image__figure\"><a class=\"\" href=\"https:\/\/led.amasly.com\/tr\/products\/\" target=\"\" rel=\"noopener\"><img decoding=\"async\" srcset=\"https:\/\/led.amasly.com\/wp-content\/uploads\/2024\/09\/Explosion-proof-high-bay-lights.png ,https:\/\/led.amasly.com\/wp-content\/uploads\/2024\/09\/Explosion-proof-high-bay-lights.png 780w, https:\/\/led.amasly.com\/wp-content\/uploads\/2024\/09\/Explosion-proof-high-bay-lights.png 360w\" sizes=\"auto, (max-width: 480px) 150px\" src=\"https:\/\/led.amasly.com\/wp-content\/uploads\/2024\/09\/Explosion-proof-high-bay-lights.png\" alt=\"\" class=\"uag-image-1495\" width=\"300\" height=\"300\" title=\"Patlamaya dayan\u0131kl\u0131 y\u00fcksek tavan lambalar\u0131\" loading=\"lazy\" role=\"img\"><\/a><\/figure><\/div>\n<\/div>\n\n\n\n<div class=\"wp-block-uagb-container uagb-block-4d3efde5\">\n<div class=\"wp-block-uagb-image uagb-block-c9e90797 wp-block-uagb-image--layout-default wp-block-uagb-image--effect-static wp-block-uagb-image--align-none\"><figure class=\"wp-block-uagb-image__figure\"><a class=\"\" href=\"https:\/\/led.amasly.com\/tr\/products\/\" target=\"\" rel=\"noopener\"><img decoding=\"async\" srcset=\"https:\/\/led.amasly.com\/wp-content\/uploads\/2024\/07\/LED-tri-proof-lights2.png ,https:\/\/led.amasly.com\/wp-content\/uploads\/2024\/07\/LED-tri-proof-lights2.png 780w, https:\/\/led.amasly.com\/wp-content\/uploads\/2024\/07\/LED-tri-proof-lights2.png 360w\" sizes=\"auto, (max-width: 480px) 150px\" src=\"https:\/\/led.amasly.com\/wp-content\/uploads\/2024\/07\/LED-tri-proof-lights2.png\" alt=\"\" class=\"uag-image-1132\" width=\"300\" height=\"300\" title=\"LED-tri-proof-\u0131\u015f\u0131klar2\" loading=\"lazy\" role=\"img\"><\/a><\/figure><\/div>\n<\/div>\n\n\n\n<div class=\"wp-block-uagb-container uagb-block-11c2578b\">\n<div class=\"wp-block-uagb-image uagb-block-6e8883aa wp-block-uagb-image--layout-default wp-block-uagb-image--effect-static wp-block-uagb-image--align-none\"><figure class=\"wp-block-uagb-image__figure\"><a class=\"\" href=\"https:\/\/led.amasly.com\/tr\/products\/\" target=\"\" rel=\"noopener\"><img decoding=\"async\" srcset=\"https:\/\/led.amasly.com\/wp-content\/uploads\/2024\/09\/LED-Explosion-Proof-Gas-Station-Light.png ,https:\/\/led.amasly.com\/wp-content\/uploads\/2024\/09\/LED-Explosion-Proof-Gas-Station-Light.png 780w, https:\/\/led.amasly.com\/wp-content\/uploads\/2024\/09\/LED-Explosion-Proof-Gas-Station-Light.png 360w\" sizes=\"auto, (max-width: 480px) 150px\" src=\"https:\/\/led.amasly.com\/wp-content\/uploads\/2024\/09\/LED-Explosion-Proof-Gas-Station-Light.png\" alt=\"\" class=\"uag-image-1501\" width=\"300\" height=\"300\" title=\"LED Patlamaya Dayan\u0131kl\u0131 Benzin \u0130stasyonu I\u015f\u0131\u011f\u0131\" loading=\"lazy\" role=\"img\"><\/a><\/figure><\/div>\n<\/div>\n<\/div><\/div>\n\n\n\n<div class=\"wp-block-uagb-container uagb-block-548945b5 alignfull uagb-is-root-container\"><div class=\"uagb-container-inner-blocks-wrap\">\n<div class=\"wp-block-uagb-container uagb-block-967755d5\">\n<h4 class=\"wp-block-heading has-text-align-center\"><a href=\"https:\/\/led.amasly.com\/tr\/products\/\">LED Patlamaya Dayan\u0131kl\u0131 I\u015f\u0131klar<\/a><\/h4>\n<\/div>\n\n\n\n<div class=\"wp-block-uagb-container uagb-block-9bc52fc2\">\n<h4 class=\"wp-block-heading has-text-align-center\"><a href=\"https:\/\/led.amasly.com\/tr\/products\/\">LED Tri-Proof I\u015f\u0131klar<\/a><\/h4>\n<\/div>\n\n\n\n<div class=\"wp-block-uagb-container uagb-block-8ffa0a23\">\n<h4 class=\"wp-block-heading has-text-align-center\"><a href=\"https:\/\/led.amasly.com\/tr\/products\/\">Patlamaya Dayan\u0131kl\u0131 Benzin \u0130stasyonu I\u015f\u0131klar\u0131<\/a><\/h4>\n<\/div>\n<\/div><\/div>\n\n\n\n<div class=\"wp-block-uagb-container uagb-block-29499fe0 alignfull uagb-is-root-container\"><div class=\"uagb-container-inner-blocks-wrap\">\n<div class=\"wp-block-uagb-container uagb-block-777ee1c7\">\n<div class=\"wp-block-uagb-image uagb-block-2e9a1851 wp-block-uagb-image--layout-default wp-block-uagb-image--effect-static wp-block-uagb-image--align-none\"><figure class=\"wp-block-uagb-image__figure\"><a class=\"\" href=\"https:\/\/led.amasly.com\/tr\/products\/\" target=\"\" rel=\"noopener\"><img decoding=\"async\" srcset=\"https:\/\/led.amasly.com\/wp-content\/uploads\/2024\/10\/50W-100W-150W-200W-300W-LED-Flood-Light.jpg ,https:\/\/led.amasly.com\/wp-content\/uploads\/2024\/10\/50W-100W-150W-200W-300W-LED-Flood-Light.jpg 780w, https:\/\/led.amasly.com\/wp-content\/uploads\/2024\/10\/50W-100W-150W-200W-300W-LED-Flood-Light.jpg 360w\" sizes=\"auto, (max-width: 480px) 150px\" src=\"https:\/\/led.amasly.com\/wp-content\/uploads\/2024\/10\/50W-100W-150W-200W-300W-LED-Flood-Light.jpg\" alt=\"\" class=\"uag-image-1526\" width=\"300\" height=\"300\" title=\"50W 100W 150W 200W 300W LED Ta\u015fk\u0131n I\u015f\u0131k\" loading=\"lazy\" role=\"img\"><\/a><\/figure><\/div>\n<\/div>\n\n\n\n<div class=\"wp-block-uagb-container uagb-block-af8c8683\">\n<div class=\"wp-block-uagb-image uagb-block-67947854 wp-block-uagb-image--layout-default wp-block-uagb-image--effect-static wp-block-uagb-image--align-none\"><figure class=\"wp-block-uagb-image__figure\"><a class=\"\" href=\"https:\/\/led.amasly.com\/tr\/products\/\" target=\"\" rel=\"noopener\"><img decoding=\"async\" srcset=\"https:\/\/led.amasly.com\/wp-content\/uploads\/2024\/07\/led-tri-proof-light.png ,https:\/\/led.amasly.com\/wp-content\/uploads\/2024\/07\/led-tri-proof-light.png 780w, https:\/\/led.amasly.com\/wp-content\/uploads\/2024\/07\/led-tri-proof-light.png 360w\" sizes=\"auto, (max-width: 480px) 150px\" src=\"https:\/\/led.amasly.com\/wp-content\/uploads\/2024\/07\/led-tri-proof-light.png\" alt=\"\" class=\"uag-image-1130\" width=\"300\" height=\"300\" title=\"led-tri-proof-\u0131\u015f\u0131k\" loading=\"lazy\" role=\"img\"><\/a><\/figure><\/div>\n<\/div>\n\n\n\n<div class=\"wp-block-uagb-container uagb-block-0fdfdd58\">\n<div class=\"wp-block-uagb-image uagb-block-1187d32d wp-block-uagb-image--layout-default wp-block-uagb-image--effect-static wp-block-uagb-image--align-none\"><figure class=\"wp-block-uagb-image__figure\"><a class=\"\" href=\"https:\/\/led.amasly.com\/tr\/products\/\" target=\"\" rel=\"noopener\"><img decoding=\"async\" srcset=\"https:\/\/led.amasly.com\/wp-content\/uploads\/2024\/07\/LED-street-light.jpg ,https:\/\/led.amasly.com\/wp-content\/uploads\/2024\/07\/LED-street-light.jpg 780w, https:\/\/led.amasly.com\/wp-content\/uploads\/2024\/07\/LED-street-light.jpg 360w\" sizes=\"auto, (max-width: 480px) 150px\" src=\"https:\/\/led.amasly.com\/wp-content\/uploads\/2024\/07\/LED-street-light.jpg\" alt=\"\" class=\"uag-image-1145\" width=\"300\" height=\"300\" title=\"LED-sokak-\u0131\u015f\u0131\u011f\u0131\" loading=\"lazy\" role=\"img\"><\/a><\/figure><\/div>\n<\/div>\n<\/div><\/div>\n\n\n\n<div class=\"wp-block-uagb-container uagb-block-6a60882c alignfull uagb-is-root-container\"><div class=\"uagb-container-inner-blocks-wrap\">\n<div class=\"wp-block-uagb-container uagb-block-f1e91a35\">\n<h4 class=\"wp-block-heading has-text-align-center\"><a href=\"https:\/\/led.amasly.com\/tr\/products\/\">LED Sel I\u015f\u0131klar\u0131<\/a><\/h4>\n<\/div>\n\n\n\n<div class=\"wp-block-uagb-container uagb-block-165bfa58\">\n<h4 class=\"wp-block-heading has-text-align-center\"><a href=\"https:\/\/led.amasly.com\/tr\/products\/\">LED Tri-Proof T\u00fcp I\u015f\u0131klar<\/a><\/h4>\n<\/div>\n\n\n\n<div class=\"wp-block-uagb-container uagb-block-f6096e3b\">\n<h4 class=\"wp-block-heading has-text-align-center\"><a href=\"https:\/\/led.amasly.com\/tr\/products\/\">LED Sokak Lambalar\u0131<\/a><\/h4>\n<\/div>\n<\/div><\/div>\n\n\n\n<div class=\"wp-block-uagb-container uagb-block-99c0e0a5 alignfull uagb-is-root-container\"><div class=\"uagb-container-inner-blocks-wrap\"><\/div><\/div>\n\n\n\n<p><\/p>","protected":false},"excerpt":{"rendered":"<p>Why Should Lights Be Explosion Proof? Critical Safety and Compliance Insights Explosion Proof&nbsp;lighting is not a luxury\u2014it\u2019s a necessity in environments where flammable gases, vapors, or dust threaten safety. Standard lighting systems can become ignition sources, leading to catastrophic fires or explosions. This article explores the non-negotiable reasons for deploying Explosion Proof&nbsp;lights, focusing on risk [&hellip;]<\/p>\n","protected":false},"author":1,"featured_media":0,"parent":2374,"menu_order":0,"comment_status":"closed","ping_status":"closed","template":"","meta":{"_uag_custom_page_level_css":"","site-sidebar-layout":"no-sidebar","site-content-layout":"","ast-site-content-layout":"default","site-content-style":"default","site-sidebar-style":"default","ast-global-header-display":"","ast-banner-title-visibility":"","ast-main-header-display":"","ast-hfb-above-header-display":"","ast-hfb-below-header-display":"","ast-hfb-mobile-header-display":"","site-post-title":"disabled","ast-breadcrumbs-content":"","ast-featured-img":"","footer-sml-layout":"","ast-disable-related-posts":"","theme-transparent-header-meta":"enabled","adv-header-id-meta":"","stick-header-meta":"","header-above-stick-meta":"","header-main-stick-meta":"","header-below-stick-meta":"","astra-migrate-meta-layouts":"set","ast-page-background-enabled":"default","ast-page-background-meta":{"desktop":{"background-color":"var(--ast-global-color-4)","background-image":"","background-repeat":"repeat","background-position":"center center","background-size":"auto","background-attachment":"scroll","background-type":"","background-media":"","overlay-type":"","overlay-color":"","overlay-opacity":"","overlay-gradient":""},"tablet":{"background-color":"","background-image":"","background-repeat":"repeat","background-position":"center center","background-size":"auto","background-attachment":"scroll","background-type":"","background-media":"","overlay-type":"","overlay-color":"","overlay-opacity":"","overlay-gradient":""},"mobile":{"background-color":"","background-image":"","background-repeat":"repeat","background-position":"center center","background-size":"auto","background-attachment":"scroll","background-type":"","background-media":"","overlay-type":"","overlay-color":"","overlay-opacity":"","overlay-gradient":""}},"ast-content-background-meta":{"desktop":{"background-color":"var(--ast-global-color-5)","background-image":"","background-repeat":"repeat","background-position":"center center","background-size":"auto","background-attachment":"scroll","background-type":"","background-media":"","overlay-type":"","overlay-color":"","overlay-opacity":"","overlay-gradient":""},"tablet":{"background-color":"var(--ast-global-color-5)","background-image":"","background-repeat":"repeat","background-position":"center center","background-size":"auto","background-attachment":"scroll","background-type":"","background-media":"","overlay-type":"","overlay-color":"","overlay-opacity":"","overlay-gradient":""},"mobile":{"background-color":"var(--ast-global-color-5)","background-image":"","background-repeat":"repeat","background-position":"center center","background-size":"auto","background-attachment":"scroll","background-type":"","background-media":"","overlay-type":"","overlay-color":"","overlay-opacity":"","overlay-gradient":""}},"footnotes":""},"class_list":["post-3037","page","type-page","status-publish","hentry"],"uagb_featured_image_src":{"full":false,"thumbnail":false,"medium":false,"medium_large":false,"large":false,"1536x1536":false,"2048x2048":false,"trp-custom-language-flag":false},"uagb_author_info":{"display_name":"Joe","author_link":"https:\/\/led.amasly.com\/tr\/author\/jacklin\/"},"uagb_comment_info":0,"uagb_excerpt":"Why Should Lights Be Explosion Proof? Critical Safety and Compliance Insights Explosion Proof&nbsp;lighting is not a luxury\u2014it\u2019s a necessity in environments where flammable gases, vapors, or dust threaten safety. Standard lighting systems can become ignition sources, leading to catastrophic fires or explosions. This article explores the non-negotiable reasons for deploying Explosion Proof&nbsp;lights, focusing on risk&hellip;","_links":{"self":[{"href":"https:\/\/led.amasly.com\/tr\/wp-json\/wp\/v2\/pages\/3037","targetHints":{"allow":["GET"]}}],"collection":[{"href":"https:\/\/led.amasly.com\/tr\/wp-json\/wp\/v2\/pages"}],"about":[{"href":"https:\/\/led.amasly.com\/tr\/wp-json\/wp\/v2\/types\/page"}],"author":[{"embeddable":true,"href":"https:\/\/led.amasly.com\/tr\/wp-json\/wp\/v2\/users\/1"}],"replies":[{"embeddable":true,"href":"https:\/\/led.amasly.com\/tr\/wp-json\/wp\/v2\/comments?post=3037"}],"version-history":[{"count":1,"href":"https:\/\/led.amasly.com\/tr\/wp-json\/wp\/v2\/pages\/3037\/revisions"}],"predecessor-version":[{"id":3046,"href":"https:\/\/led.amasly.com\/tr\/wp-json\/wp\/v2\/pages\/3037\/revisions\/3046"}],"up":[{"embeddable":true,"href":"https:\/\/led.amasly.com\/tr\/wp-json\/wp\/v2\/pages\/2374"}],"wp:attachment":[{"href":"https:\/\/led.amasly.com\/tr\/wp-json\/wp\/v2\/media?parent=3037"}],"curies":[{"name":"wp","href":"https:\/\/api.w.org\/{rel}","templated":true}]}}