{"id":3035,"date":"2025-04-11T15:43:16","date_gmt":"2025-04-11T07:43:16","guid":{"rendered":"https:\/\/led.amasly.com\/?page_id=3035"},"modified":"2025-04-11T15:43:27","modified_gmt":"2025-04-11T07:43:27","slug":"how-to-design-and-manufacture-explosion-proof-lighting-systems-for-hazardous-environmentspe-and-installation-introduce","status":"publish","type":"page","link":"https:\/\/led.amasly.com\/tr\/knowledge\/explosion-proof-products-knowledge\/how-to-design-and-manufacture-explosion-proof-lighting-systems-for-hazardous-environmentspe-and-installation-introduce\/","title":{"rendered":"Tehlikeli Ortamlar i\u00e7in Patlamaya Dayan\u0131kl\u0131 Ayd\u0131nlatma Sistemleri Nas\u0131l Tasarlan\u0131r ve \u00dcretilirspe ve kurulum tan\u0131t\u0131m\u0131"},"content":{"rendered":"<div class=\"wp-block-uagb-container uagb-block-27bae773 alignfull uagb-is-root-container\"><div class=\"uagb-container-inner-blocks-wrap\"><\/div><\/div>\n\n\n\n<h2 class=\"wp-block-heading has-text-align-left\"><strong>Nas\u0131l Tasarlan\u0131r ve \u00dcretilir <\/strong><strong>Patlama Korumal\u0131<\/strong><strong>&nbsp;Tehlikeli Ortamlar i\u00e7in Ayd\u0131nlatma Sistemleri<\/strong><strong><\/strong><\/h2>\n\n\n\n<div class=\"wp-block-uagb-image uagb-block-da1360b5 wp-block-uagb-image--layout-default wp-block-uagb-image--effect-static wp-block-uagb-image--align-none\"><figure class=\"wp-block-uagb-image__figure\"><a class=\"\" href=\"https:\/\/led.amasly.com\/tr\/products\/explosion-proof-lights\/\" target=\"\" rel=\"noopener\"><img decoding=\"async\" srcset=\"https:\/\/led.amasly.com\/wp-content\/uploads\/2025\/01\/LED-explosion-proof-flood-lights.png ,https:\/\/led.amasly.com\/wp-content\/uploads\/2025\/01\/LED-explosion-proof-flood-lights.png 780w, https:\/\/led.amasly.com\/wp-content\/uploads\/2025\/01\/LED-explosion-proof-flood-lights.png 360w\" sizes=\"auto, (max-width: 480px) 150px\" src=\"https:\/\/led.amasly.com\/wp-content\/uploads\/2025\/01\/LED-explosion-proof-flood-lights.png\" alt=\"\" class=\"uag-image-1675\" width=\"1004\" height=\"308\" title=\"LED patlamaya dayan\u0131kl\u0131 sel \u0131\u015f\u0131klar\u0131\" loading=\"lazy\" role=\"img\"><\/a><\/figure><\/div>\n\n\n\n<p>Petrol ve gaz, kimyasal i\u015fleme ve madencilik gibi sekt\u00f6rlerde Patlamaya Dayan\u0131kl\u0131 ayd\u0131nlatma sadece yasal bir gereklilik de\u011fil, ayn\u0131 zamanda bir can simididir. Bu \u00f6zel armat\u00fcrler yan\u0131c\u0131 gazlar\u0131n, buharlar\u0131n veya tozlar\u0131n tutu\u015fmas\u0131n\u0131 \u00f6nleyerek de\u011fi\u015fken ko\u015fullarda g\u00fcvenli\u011fi sa\u011flar. Bu k\u0131lavuz, performans ve uyumluluk i\u00e7in en iyi uygulamalar\u0131 entegre ederken g\u00fcvenilir Patlamaya Dayan\u0131kl\u0131 ayd\u0131nlatma sistemleri tasarlamak i\u00e7in kritik ad\u0131mlar\u0131 ara\u015ft\u0131rmaktad\u0131r.<\/p>\n\n\n\n<h3 class=\"wp-block-heading\"><strong>1. Temel Bile\u015fenleri <\/strong><strong>Patlama Korumal\u0131<\/strong><strong>&nbsp;Ayd\u0131nlatma<\/strong><strong><\/strong><\/h3>\n\n\n\n<h4 class=\"wp-block-heading\"><strong>Dayan\u0131kl\u0131l\u0131k ve G\u00fcvenlik i\u00e7in Malzeme Se\u00e7imi<\/strong><strong><\/strong><\/h4>\n\n\n\n<p>Patlamaya dayan\u0131kl\u0131 armat\u00fcrler, a\u015f\u0131r\u0131 ko\u015fullara dayanabilen sa\u011flam malzemeler gerektirir. Al\u00fcminyum ala\u015f\u0131mlar\u0131, hafif ancak dayan\u0131kl\u0131 \u00f6zellikleri, korozyon direnci ve \u00fcst\u00fcn \u0131s\u0131 da\u011f\u0131l\u0131m\u0131 nedeniyle muhafazalar i\u00e7in yayg\u0131n olarak kullan\u0131lmaktad\u0131r12. Lens kapaklar\u0131 i\u00e7in, temperli cam veya polikarbonat k\u0131r\u0131lmaz netlik sa\u011flarken, i\u00e7 k\u0131v\u0131lc\u0131mlar\u0131 izole etmek i\u00e7in s\u0131zd\u0131rmaz bir ortam sa\u011flar.<\/p>\n\n\n\n<p>Di\u015fli ba\u011flant\u0131lar ve s\u0131k\u0131\u015ft\u0131rma contalar\u0131 gibi s\u0131zd\u0131rmazl\u0131k mekanizmalar\u0131, tehlikeli maddelerin armat\u00fcre girmesini \u00f6nler. Bu bile\u015fenler, toz ge\u00e7irmez ve suya dayan\u0131kl\u0131 performans sa\u011flamak i\u00e7in IP66 veya daha y\u00fcksek de\u011ferlere uygun olmal\u0131d\u0131r.<\/p>\n\n\n\n<h4 class=\"wp-block-heading\"><strong>Geli\u015fmi\u015f LED Teknolojisi Entegrasyonu<\/strong><strong><\/strong><\/h4>\n\n\n\n<p>LED'ler d\u00fc\u015f\u00fck \u0131s\u0131 \u00e7\u0131k\u0131\u015flar\u0131, enerji verimlilikleri ve uzun \u00f6m\u00fcrl\u00fcl\u00fckleri sayesinde Patlamaya Dayan\u0131kl\u0131 ayd\u0131nlatmaya hakimdir. Geleneksel halojen veya metal halide lambalar\u0131n aksine LED'ler gaz a\u00e7\u0131s\u0131ndan zengin ortamlarda termal riskleri azalt\u0131r ve g\u00fcvenli DC voltajlar\u0131nda (\u00f6rn. 35V) verimli bir \u015fekilde \u00e7al\u0131\u015farak k\u0131v\u0131lc\u0131m risklerini en aza indirir. Sabit ak\u0131ml\u0131 s\u00fcr\u00fcc\u00fclerle e\u015fle\u015ftirilmi\u015f y\u00fcksek kaliteli LED'ler, dalgal\u0131 g\u00fc\u00e7 ko\u015fullar\u0131nda bile istikrarl\u0131 performans sa\u011flar.<\/p>\n\n\n\n<h3 class=\"wp-block-heading\"><strong>2. Patlama Muhafazas\u0131 i\u00e7in M\u00fchendislik<\/strong><strong><\/strong><\/h3>\n\n\n\n<h4 class=\"wp-block-heading\"><strong>Tehlikeye \u00d6zel Tasar\u0131m \u0130lkeleri<\/strong><strong><\/strong><\/h4>\n\n\n\n<p>Patlamaya Dayan\u0131kl\u0131 armat\u00fcrler, herhangi bir dahili ate\u015flemeyi i\u00e7erecek ve harici tehlikeleri tetiklemesini \u00f6nleyecek \u015fekilde tasarlanm\u0131\u015ft\u0131r. Temel tasar\u0131m stratejileri \u015funlar\u0131 i\u00e7erir:<\/p>\n\n\n\n<p><strong>Alev Yolu Bo\u015fluklar\u0131<\/strong>: Ka\u00e7an gazlar\u0131 tutu\u015fma s\u0131cakl\u0131klar\u0131n\u0131n alt\u0131nda so\u011futan hassas i\u015flenmi\u015f diki\u015fler.<\/p>\n\n\n\n<p><strong>Bas\u0131n\u00e7 Tahliye Kanallar\u0131<\/strong>: Yap\u0131sal b\u00fct\u00fcnl\u00fckten \u00f6d\u00fcn vermeden i\u00e7 patlamalar\u0131 g\u00fcvenli bir \u015fekilde da\u011f\u0131t\u0131n.<\/p>\n\n\n\n<p><strong>Termal Y\u00f6netim<\/strong>: Is\u0131 emiciler ve havaland\u0131rmal\u0131 muhafazalar, LED'in uzun \u00f6m\u00fcrl\u00fc olmas\u0131nda kritik bir fakt\u00f6r olan a\u015f\u0131r\u0131 \u0131s\u0131nmay\u0131 \u00f6nler<\/p>\n\n\n\n<h4 class=\"wp-block-heading\"><strong>Sertifikasyon ve Uyumluluk<\/strong><strong><\/strong><\/h4>\n\n\n\n<p>Armat\u00fcrler, a\u015fa\u011f\u0131dakiler gibi kat\u0131 uluslararas\u0131 standartlar\u0131 kar\u015f\u0131lamal\u0131d\u0131r:<\/p>\n\n\n\n<p><strong>ATEX (AB)<\/strong>: Patlay\u0131c\u0131 ortamlarda kullan\u0131lan ekipmanlar i\u00e7in (Direktif 2014\/34\/EU).<\/p>\n\n\n\n<p><strong><a href=\"http:\/\/www.iecex-certs.com\/\" rel=\"nofollow noopener\" target=\"_blank\">IECEx<\/a><\/strong>: Patlay\u0131c\u0131 ortamlar i\u00e7in k\u00fcresel sertifikasyon.<\/p>\n\n\n\n<p><strong>NEC\/CEC (Kuzey Amerika)<\/strong>: S\u0131n\u0131f I (gazlar) ve S\u0131n\u0131f II (toz) uyumlulu\u011fu.<\/p>\n\n\n\n<p>\u00dc\u00e7\u00fcnc\u00fc taraf testleri, patlay\u0131c\u0131 kar\u0131\u015f\u0131mlara ve a\u015f\u0131r\u0131 s\u0131cakl\u0131klara maruz kalma dahil olmak \u00fczere sim\u00fcle edilmi\u015f tehlikeler alt\u0131nda dayan\u0131kl\u0131l\u0131\u011f\u0131 do\u011frular.<\/p>\n\n\n\n<h3 class=\"wp-block-heading\"><strong>3. \u00dcretim S\u00fcrecine Genel Bak\u0131\u015f<\/strong><strong><\/strong><\/h3>\n\n\n\n<h4 class=\"wp-block-heading\"><strong>Ad\u0131m 1: Prototip Olu\u015fturma ve Sim\u00fclasyon<\/strong><strong><\/strong><\/h4>\n\n\n\n<p>Dijital modelleme ara\u00e7lar\u0131 termal dinamikleri ve bas\u0131n\u00e7 direncini sim\u00fcle eder. Sonlu Elemanlar Analizi (FEA), konut tasar\u0131mlar\u0131ndaki stres noktalar\u0131n\u0131 belirleyerek yap\u0131sal esneklik sa\u011flar.<\/p>\n\n\n\n<h4 class=\"wp-block-heading\"><strong>Ad\u0131m 2: Hassas Montaj<\/strong><strong><\/strong><\/h4>\n\n\n\n<p>Bile\u015fenler, kontaminasyonu \u00f6nlemek i\u00e7in kontroll\u00fc ortamlarda monte edilir. Kritik ad\u0131mlar \u015funlar\u0131 i\u00e7erir:<\/p>\n\n\n\n<p>Contalar\u0131n ve di\u015fli ba\u011flant\u0131lar\u0131n korozyon \u00f6nleyici bile\u015fiklerle s\u0131zd\u0131rmazl\u0131\u011f\u0131n\u0131n sa\u011flanmas\u0131.<\/p>\n\n\n\n<p>LED mod\u00fcllerinin kurcalamaya dayan\u0131kl\u0131 kablolama ve a\u015f\u0131r\u0131 gerilim koruyucular\u0131 ile entegre edilmesi.<\/p>\n\n\n\n<h4 class=\"wp-block-heading\"><strong>Ad\u0131m 3: Titiz Testler<\/strong><strong><\/strong><\/h4>\n\n\n\n<p><strong>Patlama Muhafaza Testleri<\/strong>: Muhafazay\u0131 do\u011frulamak i\u00e7in armat\u00fcrleri dahili ate\u015flemelere tabi tutun.<\/p>\n\n\n\n<p><strong>\u00c7evresel Stres Testleri<\/strong>: A\u015f\u0131r\u0131 s\u0131cakl\u0131klar, nem ve titre\u015fimdeki performans\u0131 de\u011ferlendirin.<\/p>\n\n\n\n<p><strong>Fotometrik Analiz<\/strong>: Parlama veya karanl\u0131k b\u00f6lgeler olmadan e\u015fit ayd\u0131nlatma sa\u011flar.<\/p>\n\n\n\n<h3 class=\"wp-block-heading\"><strong>4. En \u0130yi Kurulum ve Bak\u0131m Uygulamalar\u0131<\/strong><strong><\/strong><\/h3>\n\n\n\n<h4 class=\"wp-block-heading\"><strong>B\u00f6lgeye \u00d6zel Da\u011f\u0131t\u0131m<\/strong><strong><\/strong><\/h4>\n\n\n\n<p>Armat\u00fcrleri tehlike b\u00f6lgeleriyle e\u015fle\u015ftirin (\u00f6rne\u011fin, aral\u0131kl\u0131 gaz varl\u0131\u011f\u0131 i\u00e7in B\u00f6lge 1, yan\u0131c\u0131 toz i\u00e7in B\u00f6lge 21). \u00d6rne\u011fin, benzin istasyonlar\u0131 buhar tutu\u015fmas\u0131n\u0131 \u00f6nlemek i\u00e7in anti-statik kaplamal\u0131 IP67 s\u0131n\u0131f\u0131 armat\u00fcrler gerektirir.<\/p>\n\n\n\n<h4 class=\"wp-block-heading\"><strong>Uzun \u00d6m\u00fcr Optimizasyonu<\/strong><strong><\/strong><\/h4>\n\n\n\n<p>LED \u0131s\u0131 stresini azaltmak i\u00e7in darbe geni\u015flik mod\u00fclasyonlu (PWM) s\u00fcr\u00fcc\u00fcler kullan\u0131n.<\/p>\n\n\n\n<p class=\"has-text-align-left\">Conta b\u00fct\u00fcnl\u00fc\u011f\u00fc ve lens netli\u011fi i\u00e7in rutin kontroller planlay\u0131n.<\/p>\n\n\n\n<div class=\"wp-block-uagb-container uagb-block-c7d898dd alignfull uagb-is-root-container\"><div class=\"uagb-container-inner-blocks-wrap\"><\/div><\/div>\n\n\n\n<h2 class=\"wp-block-heading\">\u0130lgili \u00dcr\u00fcnler<\/h2>\n\n\n\n<div class=\"wp-block-uagb-container uagb-block-66e4defc alignfull uagb-is-root-container\"><div class=\"uagb-container-inner-blocks-wrap\">\n<div class=\"wp-block-uagb-container uagb-block-a42945f9\">\n<div class=\"wp-block-uagb-image uagb-block-7296296b wp-block-uagb-image--layout-default wp-block-uagb-image--effect-static wp-block-uagb-image--align-none\"><figure class=\"wp-block-uagb-image__figure\"><a class=\"\" href=\"https:\/\/led.amasly.com\/tr\/products\/\" target=\"\" rel=\"noopener\"><img decoding=\"async\" srcset=\"https:\/\/led.amasly.com\/wp-content\/uploads\/2024\/09\/Explosion-proof-high-bay-lights.png ,https:\/\/led.amasly.com\/wp-content\/uploads\/2024\/09\/Explosion-proof-high-bay-lights.png 780w, https:\/\/led.amasly.com\/wp-content\/uploads\/2024\/09\/Explosion-proof-high-bay-lights.png 360w\" sizes=\"auto, (max-width: 480px) 150px\" src=\"https:\/\/led.amasly.com\/wp-content\/uploads\/2024\/09\/Explosion-proof-high-bay-lights.png\" alt=\"\" class=\"uag-image-1495\" width=\"300\" height=\"300\" title=\"Patlamaya dayan\u0131kl\u0131 y\u00fcksek tavan lambalar\u0131\" loading=\"lazy\" role=\"img\"><\/a><\/figure><\/div>\n<\/div>\n\n\n\n<div class=\"wp-block-uagb-container uagb-block-4d3efde5\">\n<div class=\"wp-block-uagb-image uagb-block-c9e90797 wp-block-uagb-image--layout-default wp-block-uagb-image--effect-static wp-block-uagb-image--align-none\"><figure class=\"wp-block-uagb-image__figure\"><a class=\"\" href=\"https:\/\/led.amasly.com\/tr\/products\/\" target=\"\" rel=\"noopener\"><img decoding=\"async\" srcset=\"https:\/\/led.amasly.com\/wp-content\/uploads\/2024\/07\/LED-tri-proof-lights2.png ,https:\/\/led.amasly.com\/wp-content\/uploads\/2024\/07\/LED-tri-proof-lights2.png 780w, https:\/\/led.amasly.com\/wp-content\/uploads\/2024\/07\/LED-tri-proof-lights2.png 360w\" sizes=\"auto, (max-width: 480px) 150px\" src=\"https:\/\/led.amasly.com\/wp-content\/uploads\/2024\/07\/LED-tri-proof-lights2.png\" alt=\"\" class=\"uag-image-1132\" width=\"300\" height=\"300\" title=\"LED-tri-proof-\u0131\u015f\u0131klar2\" loading=\"lazy\" role=\"img\"><\/a><\/figure><\/div>\n<\/div>\n\n\n\n<div class=\"wp-block-uagb-container uagb-block-11c2578b\">\n<div class=\"wp-block-uagb-image uagb-block-6e8883aa wp-block-uagb-image--layout-default wp-block-uagb-image--effect-static wp-block-uagb-image--align-none\"><figure class=\"wp-block-uagb-image__figure\"><a class=\"\" href=\"https:\/\/led.amasly.com\/tr\/products\/\" target=\"\" rel=\"noopener\"><img decoding=\"async\" srcset=\"https:\/\/led.amasly.com\/wp-content\/uploads\/2024\/09\/LED-Explosion-Proof-Gas-Station-Light.png ,https:\/\/led.amasly.com\/wp-content\/uploads\/2024\/09\/LED-Explosion-Proof-Gas-Station-Light.png 780w, https:\/\/led.amasly.com\/wp-content\/uploads\/2024\/09\/LED-Explosion-Proof-Gas-Station-Light.png 360w\" sizes=\"auto, (max-width: 480px) 150px\" src=\"https:\/\/led.amasly.com\/wp-content\/uploads\/2024\/09\/LED-Explosion-Proof-Gas-Station-Light.png\" alt=\"\" class=\"uag-image-1501\" width=\"300\" height=\"300\" title=\"LED Patlamaya Dayan\u0131kl\u0131 Benzin \u0130stasyonu I\u015f\u0131\u011f\u0131\" loading=\"lazy\" role=\"img\"><\/a><\/figure><\/div>\n<\/div>\n<\/div><\/div>\n\n\n\n<div class=\"wp-block-uagb-container uagb-block-548945b5 alignfull uagb-is-root-container\"><div class=\"uagb-container-inner-blocks-wrap\">\n<div class=\"wp-block-uagb-container uagb-block-967755d5\">\n<h4 class=\"wp-block-heading has-text-align-center\"><a href=\"https:\/\/led.amasly.com\/tr\/products\/\">LED Patlamaya Dayan\u0131kl\u0131 I\u015f\u0131klar<\/a><\/h4>\n<\/div>\n\n\n\n<div class=\"wp-block-uagb-container uagb-block-9bc52fc2\">\n<h4 class=\"wp-block-heading has-text-align-center\"><a href=\"https:\/\/led.amasly.com\/tr\/products\/\">LED Tri-Proof I\u015f\u0131klar<\/a><\/h4>\n<\/div>\n\n\n\n<div class=\"wp-block-uagb-container uagb-block-8ffa0a23\">\n<h4 class=\"wp-block-heading has-text-align-center\"><a href=\"https:\/\/led.amasly.com\/tr\/products\/\">Patlamaya Dayan\u0131kl\u0131 Benzin \u0130stasyonu I\u015f\u0131klar\u0131<\/a><\/h4>\n<\/div>\n<\/div><\/div>\n\n\n\n<div class=\"wp-block-uagb-container uagb-block-29499fe0 alignfull uagb-is-root-container\"><div class=\"uagb-container-inner-blocks-wrap\">\n<div class=\"wp-block-uagb-container uagb-block-777ee1c7\">\n<div class=\"wp-block-uagb-image uagb-block-2e9a1851 wp-block-uagb-image--layout-default wp-block-uagb-image--effect-static wp-block-uagb-image--align-none\"><figure class=\"wp-block-uagb-image__figure\"><a class=\"\" href=\"https:\/\/led.amasly.com\/tr\/products\/\" target=\"\" rel=\"noopener\"><img decoding=\"async\" srcset=\"https:\/\/led.amasly.com\/wp-content\/uploads\/2024\/10\/50W-100W-150W-200W-300W-LED-Flood-Light.jpg ,https:\/\/led.amasly.com\/wp-content\/uploads\/2024\/10\/50W-100W-150W-200W-300W-LED-Flood-Light.jpg 780w, https:\/\/led.amasly.com\/wp-content\/uploads\/2024\/10\/50W-100W-150W-200W-300W-LED-Flood-Light.jpg 360w\" sizes=\"auto, (max-width: 480px) 150px\" src=\"https:\/\/led.amasly.com\/wp-content\/uploads\/2024\/10\/50W-100W-150W-200W-300W-LED-Flood-Light.jpg\" alt=\"\" class=\"uag-image-1526\" width=\"300\" height=\"300\" title=\"50W 100W 150W 200W 300W LED Ta\u015fk\u0131n I\u015f\u0131k\" loading=\"lazy\" role=\"img\"><\/a><\/figure><\/div>\n<\/div>\n\n\n\n<div class=\"wp-block-uagb-container uagb-block-af8c8683\">\n<div class=\"wp-block-uagb-image uagb-block-67947854 wp-block-uagb-image--layout-default wp-block-uagb-image--effect-static wp-block-uagb-image--align-none\"><figure class=\"wp-block-uagb-image__figure\"><a class=\"\" href=\"https:\/\/led.amasly.com\/tr\/products\/\" target=\"\" rel=\"noopener\"><img decoding=\"async\" srcset=\"https:\/\/led.amasly.com\/wp-content\/uploads\/2024\/07\/led-tri-proof-light.png ,https:\/\/led.amasly.com\/wp-content\/uploads\/2024\/07\/led-tri-proof-light.png 780w, https:\/\/led.amasly.com\/wp-content\/uploads\/2024\/07\/led-tri-proof-light.png 360w\" sizes=\"auto, (max-width: 480px) 150px\" src=\"https:\/\/led.amasly.com\/wp-content\/uploads\/2024\/07\/led-tri-proof-light.png\" alt=\"\" class=\"uag-image-1130\" width=\"300\" height=\"300\" title=\"led-tri-proof-\u0131\u015f\u0131k\" loading=\"lazy\" role=\"img\"><\/a><\/figure><\/div>\n<\/div>\n\n\n\n<div class=\"wp-block-uagb-container uagb-block-0fdfdd58\">\n<div class=\"wp-block-uagb-image uagb-block-1187d32d wp-block-uagb-image--layout-default wp-block-uagb-image--effect-static wp-block-uagb-image--align-none\"><figure class=\"wp-block-uagb-image__figure\"><a class=\"\" href=\"https:\/\/led.amasly.com\/tr\/products\/\" target=\"\" rel=\"noopener\"><img decoding=\"async\" srcset=\"https:\/\/led.amasly.com\/wp-content\/uploads\/2024\/07\/LED-street-light.jpg ,https:\/\/led.amasly.com\/wp-content\/uploads\/2024\/07\/LED-street-light.jpg 780w, https:\/\/led.amasly.com\/wp-content\/uploads\/2024\/07\/LED-street-light.jpg 360w\" sizes=\"auto, (max-width: 480px) 150px\" src=\"https:\/\/led.amasly.com\/wp-content\/uploads\/2024\/07\/LED-street-light.jpg\" alt=\"\" class=\"uag-image-1145\" width=\"300\" height=\"300\" title=\"LED-sokak-\u0131\u015f\u0131\u011f\u0131\" loading=\"lazy\" role=\"img\"><\/a><\/figure><\/div>\n<\/div>\n<\/div><\/div>\n\n\n\n<div class=\"wp-block-uagb-container uagb-block-6a60882c alignfull uagb-is-root-container\"><div class=\"uagb-container-inner-blocks-wrap\">\n<div class=\"wp-block-uagb-container uagb-block-f1e91a35\">\n<h4 class=\"wp-block-heading has-text-align-center\"><a href=\"https:\/\/led.amasly.com\/tr\/products\/\">LED Sel I\u015f\u0131klar\u0131<\/a><\/h4>\n<\/div>\n\n\n\n<div class=\"wp-block-uagb-container uagb-block-165bfa58\">\n<h4 class=\"wp-block-heading has-text-align-center\"><a href=\"https:\/\/led.amasly.com\/tr\/products\/\">LED Tri-Proof T\u00fcp I\u015f\u0131klar<\/a><\/h4>\n<\/div>\n\n\n\n<div class=\"wp-block-uagb-container uagb-block-f6096e3b\">\n<h4 class=\"wp-block-heading has-text-align-center\"><a href=\"https:\/\/led.amasly.com\/tr\/products\/\">LED Sokak Lambalar\u0131<\/a><\/h4>\n<\/div>\n<\/div><\/div>\n\n\n\n<div class=\"wp-block-uagb-container uagb-block-99c0e0a5 alignfull uagb-is-root-container\"><div class=\"uagb-container-inner-blocks-wrap\"><\/div><\/div>\n\n\n\n<p><\/p>","protected":false},"excerpt":{"rendered":"<p>How to Design and Manufacture Explosion Proof&nbsp;Lighting Systems for Hazardous Environments In industries like oil and gas, chemical processing, and mining, Explosion Proof&nbsp;lighting is not just a regulatory requirement\u2014it\u2019s a lifeline. These specialized fixtures prevent ignition of flammable gases, vapors, or dust, ensuring safety in volatile conditions. This guide explores the critical steps to engineer [&hellip;]<\/p>\n","protected":false},"author":1,"featured_media":0,"parent":2374,"menu_order":0,"comment_status":"closed","ping_status":"closed","template":"","meta":{"_uag_custom_page_level_css":"","site-sidebar-layout":"no-sidebar","site-content-layout":"","ast-site-content-layout":"default","site-content-style":"default","site-sidebar-style":"default","ast-global-header-display":"","ast-banner-title-visibility":"","ast-main-header-display":"","ast-hfb-above-header-display":"","ast-hfb-below-header-display":"","ast-hfb-mobile-header-display":"","site-post-title":"disabled","ast-breadcrumbs-content":"","ast-featured-img":"","footer-sml-layout":"","ast-disable-related-posts":"","theme-transparent-header-meta":"enabled","adv-header-id-meta":"","stick-header-meta":"","header-above-stick-meta":"","header-main-stick-meta":"","header-below-stick-meta":"","astra-migrate-meta-layouts":"set","ast-page-background-enabled":"default","ast-page-background-meta":{"desktop":{"background-color":"var(--ast-global-color-4)","background-image":"","background-repeat":"repeat","background-position":"center center","background-size":"auto","background-attachment":"scroll","background-type":"","background-media":"","overlay-type":"","overlay-color":"","overlay-opacity":"","overlay-gradient":""},"tablet":{"background-color":"","background-image":"","background-repeat":"repeat","background-position":"center center","background-size":"auto","background-attachment":"scroll","background-type":"","background-media":"","overlay-type":"","overlay-color":"","overlay-opacity":"","overlay-gradient":""},"mobile":{"background-color":"","background-image":"","background-repeat":"repeat","background-position":"center center","background-size":"auto","background-attachment":"scroll","background-type":"","background-media":"","overlay-type":"","overlay-color":"","overlay-opacity":"","overlay-gradient":""}},"ast-content-background-meta":{"desktop":{"background-color":"var(--ast-global-color-5)","background-image":"","background-repeat":"repeat","background-position":"center center","background-size":"auto","background-attachment":"scroll","background-type":"","background-media":"","overlay-type":"","overlay-color":"","overlay-opacity":"","overlay-gradient":""},"tablet":{"background-color":"var(--ast-global-color-5)","background-image":"","background-repeat":"repeat","background-position":"center center","background-size":"auto","background-attachment":"scroll","background-type":"","background-media":"","overlay-type":"","overlay-color":"","overlay-opacity":"","overlay-gradient":""},"mobile":{"background-color":"var(--ast-global-color-5)","background-image":"","background-repeat":"repeat","background-position":"center center","background-size":"auto","background-attachment":"scroll","background-type":"","background-media":"","overlay-type":"","overlay-color":"","overlay-opacity":"","overlay-gradient":""}},"footnotes":""},"class_list":["post-3035","page","type-page","status-publish","hentry"],"uagb_featured_image_src":{"full":false,"thumbnail":false,"medium":false,"medium_large":false,"large":false,"1536x1536":false,"2048x2048":false,"trp-custom-language-flag":false},"uagb_author_info":{"display_name":"Joe","author_link":"https:\/\/led.amasly.com\/tr\/author\/jacklin\/"},"uagb_comment_info":0,"uagb_excerpt":"How to Design and Manufacture Explosion Proof&nbsp;Lighting Systems for Hazardous Environments In industries like oil and gas, chemical processing, and mining, Explosion Proof&nbsp;lighting is not just a regulatory requirement\u2014it\u2019s a lifeline. These specialized fixtures prevent ignition of flammable gases, vapors, or dust, ensuring safety in volatile conditions. This guide explores the critical steps to engineer&hellip;","_links":{"self":[{"href":"https:\/\/led.amasly.com\/tr\/wp-json\/wp\/v2\/pages\/3035","targetHints":{"allow":["GET"]}}],"collection":[{"href":"https:\/\/led.amasly.com\/tr\/wp-json\/wp\/v2\/pages"}],"about":[{"href":"https:\/\/led.amasly.com\/tr\/wp-json\/wp\/v2\/types\/page"}],"author":[{"embeddable":true,"href":"https:\/\/led.amasly.com\/tr\/wp-json\/wp\/v2\/users\/1"}],"replies":[{"embeddable":true,"href":"https:\/\/led.amasly.com\/tr\/wp-json\/wp\/v2\/comments?post=3035"}],"version-history":[{"count":1,"href":"https:\/\/led.amasly.com\/tr\/wp-json\/wp\/v2\/pages\/3035\/revisions"}],"predecessor-version":[{"id":3041,"href":"https:\/\/led.amasly.com\/tr\/wp-json\/wp\/v2\/pages\/3035\/revisions\/3041"}],"up":[{"embeddable":true,"href":"https:\/\/led.amasly.com\/tr\/wp-json\/wp\/v2\/pages\/2374"}],"wp:attachment":[{"href":"https:\/\/led.amasly.com\/tr\/wp-json\/wp\/v2\/media?parent=3035"}],"curies":[{"name":"wp","href":"https:\/\/api.w.org\/{rel}","templated":true}]}}