{"id":3032,"date":"2025-04-11T15:19:25","date_gmt":"2025-04-11T07:19:25","guid":{"rendered":"https:\/\/led.amasly.com\/?page_id=3032"},"modified":"2025-04-11T15:19:33","modified_gmt":"2025-04-11T07:19:33","slug":"are-led-lights-fireproof-understanding-safety-standards-and-design-features","status":"publish","type":"page","link":"https:\/\/led.amasly.com\/tr\/knowledge\/explosion-proof-products-knowledge\/are-led-lights-fireproof-understanding-safety-standards-and-design-features\/","title":{"rendered":"LED I\u015f\u0131klar Yanmaz m\u0131? G\u00fcvenlik Standartlar\u0131n\u0131 ve Tasar\u0131m \u00d6zelliklerini Anlamak"},"content":{"rendered":"<div class=\"wp-block-uagb-container uagb-block-27bae773 alignfull uagb-is-root-container\"><div class=\"uagb-container-inner-blocks-wrap\"><\/div><\/div>\n\n\n\n<h2 class=\"wp-block-heading has-text-align-left\"><strong>LED I\u015f\u0131klar Yanmaz m\u0131? G\u00fcvenlik Standartlar\u0131n\u0131 ve Tasar\u0131m \u00d6zelliklerini Anlamak<\/strong><strong><\/strong><\/h2>\n\n\n\n<div class=\"wp-block-uagb-image uagb-block-da1360b5 wp-block-uagb-image--layout-default wp-block-uagb-image--effect-static wp-block-uagb-image--align-none\"><figure class=\"wp-block-uagb-image__figure\"><a class=\"\" href=\"https:\/\/led.amasly.com\/tr\/products\/\" target=\"\" rel=\"noopener\"><img decoding=\"async\" srcset=\"https:\/\/led.amasly.com\/wp-content\/uploads\/2025\/01\/LED-explosion-proof-flood-lights.png ,https:\/\/led.amasly.com\/wp-content\/uploads\/2025\/01\/LED-explosion-proof-flood-lights.png 780w, https:\/\/led.amasly.com\/wp-content\/uploads\/2025\/01\/LED-explosion-proof-flood-lights.png 360w\" sizes=\"auto, (max-width: 480px) 150px\" src=\"https:\/\/led.amasly.com\/wp-content\/uploads\/2025\/01\/LED-explosion-proof-flood-lights.png\" alt=\"\" class=\"uag-image-1675\" width=\"1004\" height=\"308\" title=\"LED patlamaya dayan\u0131kl\u0131 sel \u0131\u015f\u0131klar\u0131\" loading=\"lazy\" role=\"img\"><\/a><\/figure><\/div>\n\n\n\n<p>LED ayd\u0131nlatma, enerji verimlili\u011fi ve uzun \u00f6m\u00fcrl\u00fcl\u00fc\u011f\u00fc ile end\u00fcstriyel ve ticari alanlarda devrim yaratm\u0131\u015ft\u0131r. Ancak, y\u00fcksek riskli ortamlarda \u00e7al\u0131\u015f\u0131rken kritik bir soru ortaya \u00e7\u0131kmaktad\u0131r:&nbsp;<strong>LED \u0131\u015f\u0131klar do\u011fas\u0131 gere\u011fi yanmaz m\u0131?<\/strong>&nbsp;Cevap teknoloji, tasar\u0131m ve sertifikasyonun etkile\u015fiminde yatmaktad\u0131r. Bu makale, yanmaz LED ayd\u0131nlatman\u0131n s\u0131k\u0131 g\u00fcvenlik taleplerini kar\u015f\u0131lamak i\u00e7in nas\u0131l tasarland\u0131\u011f\u0131n\u0131, sertifikaland\u0131r\u0131ld\u0131\u011f\u0131n\u0131 ve kullan\u0131ld\u0131\u011f\u0131n\u0131 ara\u015ft\u0131rmaktad\u0131r.<\/p>\n\n\n\n<h3 class=\"wp-block-heading\"><strong>1. LED Teknolojisi ve Yang\u0131n G\u00fcvenli\u011fi: Do\u011fal Avantajlar<\/strong><strong><\/strong><\/h3>\n\n\n\n<p>LED'ler, akkor veya halojen ampuller gibi geleneksel ayd\u0131nlatma kaynaklar\u0131na g\u00f6re do\u011fal olarak daha g\u00fcvenlidir. D\u00fc\u015f\u00fck \u0131s\u0131 \u00e7\u0131k\u0131\u015flar\u0131, elektrik yang\u0131nlar\u0131n\u0131n yayg\u0131n bir nedeni olan a\u015f\u0131r\u0131 \u0131s\u0131nma riskini azalt\u0131r. Enerjinin 90%'sini \u0131s\u0131ya d\u00f6n\u00fc\u015ft\u00fcren akkor ampullerin aksine, LED'ler \u00e7ok daha so\u011fuk s\u0131cakl\u0131klarda \u00e7al\u0131\u015farak termal tehlikeleri en aza indirir.<\/p>\n\n\n\n<p>Ancak,&nbsp;<strong>\u201cyanmaz\u201d LED'lerin varsay\u0131lan bir \u00f6zelli\u011fi de\u011fildir<\/strong>. Diyotlar\u0131n kendileri minimum \u0131s\u0131 \u00fcretirken, genel armat\u00fcr\u00fcn yang\u0131na dayan\u0131kl\u0131l\u0131\u011f\u0131 malzemelere, yap\u0131ya ve g\u00fcvenlik standartlar\u0131na uygunlu\u011fa ba\u011fl\u0131d\u0131r. \u00d6rne\u011fin, plastik g\u00f6vdelerdeki standart LED ampuller a\u015f\u0131r\u0131 s\u0131cakl\u0131klara dayanamayabilir veya dahili hatalar i\u00e7erebilir, oysa end\u00fcstriyel s\u0131n\u0131f yanmaz LED'ler bu zorluklar i\u00e7in tasarlanm\u0131\u015ft\u0131r.<\/p>\n\n\n\n<h3 class=\"wp-block-heading\"><strong>2. End\u00fcstriyel LED Ayd\u0131nlatmada Temel Yanmaz Tasar\u0131m Unsurlar\u0131<\/strong><strong><\/strong><\/h3>\n\n\n\n<h4 class=\"wp-block-heading\"><strong>Yang\u0131na Dayan\u0131kl\u0131 Malzemeler<\/strong><strong><\/strong><\/h4>\n\n\n\n<p>Ger\u00e7ek yanmaz LED armat\u00fcrler, tutu\u015fmay\u0131 \u00f6nlemek ve olas\u0131 hatalar\u0131 kontrol alt\u0131na almak i\u00e7in yanmaz malzemeler kullan\u0131r:<\/p>\n\n\n\n<p><strong>Muhafazalar<\/strong>: D\u00f6k\u00fcm al\u00fcminyum veya paslanmaz \u00e7elik korozyona kar\u015f\u0131 dayan\u0131kl\u0131d\u0131r ve \u0131s\u0131y\u0131 verimli bir \u015fekilde da\u011f\u0131t\u0131r, bu da kimyasal tesisler veya rafineriler gibi ortamlar i\u00e7in \u00e7ok \u00f6nemlidir.<\/p>\n\n\n\n<p><strong>Lensler<\/strong>: Temperli cam veya polikarbonat darbe direnci sa\u011flar ve termal stres s\u0131ras\u0131nda par\u00e7alanmay\u0131 \u00f6nler.<\/p>\n\n\n\n<p><strong>M\u00fch\u00fcrler<\/strong>: S\u0131k\u0131\u015ft\u0131rma contalar\u0131 ve epoksi s\u0131zd\u0131rmaz kablolar IP66\/IP68 de\u011ferlerine ula\u015farak toz, nem ve yan\u0131c\u0131 gazlar\u0131n armat\u00fcre girmesini engeller.<\/p>\n\n\n\n<h4 class=\"wp-block-heading\"><strong>Termal Y\u00f6netim Sistemleri<\/strong><strong><\/strong><\/h4>\n\n\n\n<p>D\u00fc\u015f\u00fck \u0131s\u0131 \u00e7\u0131k\u0131\u015f\u0131nda bile end\u00fcstriyel LED'ler, sabit s\u0131cakl\u0131klar\u0131 korumak i\u00e7in \u0131s\u0131 al\u0131c\u0131lar\u0131 ve havaland\u0131rmal\u0131 tasar\u0131mlar\u0131 entegre eder. \u00d6rne\u011fin, kanatl\u0131 al\u00fcminyum ala\u015f\u0131ml\u0131 muhafazalar hava ak\u0131\u015f\u0131n\u0131 art\u0131rarak bile\u015fenleri bozabilecek veya yak\u0131ndaki malzemeleri tutu\u015fturabilecek s\u0131cak noktalar\u0131 \u00f6nler.<\/p>\n\n\n\n<h4 class=\"wp-block-heading\"><strong>K\u0131v\u0131lc\u0131m Muhafaza M\u00fchendisli\u011fi<\/strong><strong><\/strong><\/h4>\n\n\n\n<p>Yanmaz LED'ler dahili elektrik ar\u0131zalar\u0131n\u0131 izole etmek i\u00e7in tasarlanm\u0131\u015ft\u0131r:<\/p>\n\n\n\n<p><strong>Alev Yolu Bo\u015fluklar\u0131<\/strong>: Hassas i\u015flenmi\u015f diki\u015fler ka\u00e7an gazlar\u0131 tutu\u015fma e\u015fiklerinin alt\u0131nda so\u011futur.<\/p>\n\n\n\n<p><strong>A\u015f\u0131r\u0131 Gerilim Korumas\u0131<\/strong>: Yerle\u015fik bast\u0131r\u0131c\u0131lar, elektrik yang\u0131nlar\u0131n\u0131n yayg\u0131n bir nedeni olan voltaj y\u00fckselmelerine kar\u015f\u0131 koruma sa\u011flar.<\/p>\n\n\n\n<h3 class=\"wp-block-heading\"><strong>3. Yang\u0131na Dayan\u0131kl\u0131 LED Armat\u00fcrler i\u00e7in Sertifikalar ve Testler<\/strong><strong><\/strong><\/h3>\n\n\n\n<p>Yanmaz ayd\u0131nlatma, tehlikeli b\u00f6lgelerde g\u00fcvenilirli\u011fi sa\u011flamak i\u00e7in s\u0131k\u0131 k\u00fcresel standartlara uymal\u0131d\u0131r:<\/p>\n\n\n\n<p><a href=\"http:\/\/www.iecex-certs.com\/\" rel=\"nofollow noopener\" target=\"_blank\"><strong>ATEX\/IECEx<\/strong>:<\/a> AB'de ve uluslararas\u0131 alanda patlay\u0131c\u0131 ortamlarda kullan\u0131m i\u00e7in zorunludur (\u00f6rn. gazlar i\u00e7in B\u00f6lge 1, toz i\u00e7in B\u00f6lge 21).<\/p>\n\n\n\n<p><strong><a href=\"http:\/\/www.ul.com\" rel=\"nofollow noopener\" target=\"_blank\">UL 844<\/a><\/strong>: S\u0131n\u0131f I (yan\u0131c\u0131 gazlar) ve S\u0131n\u0131f II (yan\u0131c\u0131 toz) alanlar\u0131ndaki LED'ler i\u00e7in Kuzey Amerika sertifikas\u0131.<\/p>\n\n\n\n<p><strong>IK10 De\u011ferlendirmesi<\/strong>: Madencilik veya in\u015faat sahalar\u0131nda kritik \u00f6nem ta\u015f\u0131yan mekanik darbelere kar\u015f\u0131 diren\u00e7 sa\u011flar.<\/p>\n\n\n\n<p>\u00dc\u00e7\u00fcnc\u00fc taraf testleri, armat\u00fcrlerin patlay\u0131c\u0131 metan-hava kar\u0131\u015f\u0131mlar\u0131na maruz b\u0131rak\u0131lmas\u0131 veya -40\u00b0C ila 60\u00b0C aras\u0131ndaki s\u0131cakl\u0131klarda \u00e7al\u0131\u015ft\u0131r\u0131lmas\u0131 gibi en k\u00f6t\u00fc durum senaryolar\u0131n\u0131 sim\u00fcle eder.<\/p>\n\n\n\n<h3 class=\"wp-block-heading\"><strong>4. Yanmaz LED \u00c7\u00f6z\u00fcmleri Gerektiren Uygulamalar<\/strong><strong><\/strong><\/h3>\n\n\n\n<p>Yan\u0131c\u0131 maddelerin bulundu\u011fu end\u00fcstrilerde yanmaz LED'ler tart\u0131\u015f\u0131lmazd\u0131r:<\/p>\n\n\n\n<p><strong>Petrol ve Gaz<\/strong>: A\u00e7\u0131k deniz platformlar\u0131 ve rafineriler, hidrojen s\u00fclf\u00fcr ve metan\u0131 i\u015flemek i\u00e7in korozyona dayan\u0131kl\u0131, Exd IICT6 s\u0131n\u0131f\u0131 LED'ler kullan\u0131r.<\/p>\n\n\n\n<p><strong>\u0130la\u00e7lar<\/strong>: Toz ge\u00e7irmez armat\u00fcrler (IP65+) API \u00fcretim b\u00f6lgelerindeki yan\u0131c\u0131 tozlar\u0131n tutu\u015fmas\u0131n\u0131 \u00f6nler.<\/p>\n\n\n\n<p><strong>At\u0131k Su Ar\u0131tma<\/strong>: IP68 s\u0131n\u0131f\u0131 LED'ler kanalizasyon \u00e7\u00fcr\u00fct\u00fcc\u00fclerindeki nem ve metana kar\u015f\u0131 dayan\u0131kl\u0131d\u0131r.<\/p>\n\n\n\n<p><strong>Madencilik<\/strong>: MSHA uyumlulu\u011funa sahip darbeye dayan\u0131kl\u0131 tasar\u0131mlar \u00e7at\u0131dan d\u00fc\u015fmelere ve k\u00f6m\u00fcr tozuna kar\u015f\u0131 dayan\u0131kl\u0131d\u0131r.<\/p>\n\n\n\n<h3 class=\"wp-block-heading\"><strong>5. Bak\u0131m ve Uyumluluk En \u0130yi Uygulamalar\u0131<\/strong><strong><\/strong><\/h3>\n\n\n\n<p>Yanmaz b\u00fct\u00fcnl\u00fc\u011f\u00fc s\u00fcrd\u00fcrmek i\u00e7in:<\/p>\n\n\n\n<p><strong>Rutin Denetimler<\/strong>: Contalarda, merceklerde ve kablolarda hasar olup olmad\u0131\u011f\u0131n\u0131 kontrol edin. Hasarl\u0131 contalar yan\u0131c\u0131 gazlar\u0131n i\u00e7eri s\u0131zmas\u0131na neden olabilir.<\/p>\n\n\n\n<p><strong>Sertifikasyon G\u00fcncellemeleri<\/strong>: Tehlikeli konumlar i\u00e7in gereksinimleri s\u0131k\u0131la\u015ft\u0131ran NEC 2023 gibi geli\u015fen standartlarla uyumlu kal\u0131n.<\/p>\n\n\n\n<p class=\"has-text-align-left\"><strong>Ak\u0131ll\u0131 \u0130zleme<\/strong>: IoT \u00f6zellikli LED'ler s\u0131cakl\u0131\u011f\u0131 ve s\u0131zd\u0131rmazl\u0131k b\u00fct\u00fcnl\u00fc\u011f\u00fcn\u00fc takip ederek ar\u0131zalar meydana gelmeden \u00f6nce ekipleri risklere kar\u015f\u0131 uyarabilir.<\/p>\n\n\n\n<div class=\"wp-block-uagb-container uagb-block-c7d898dd alignfull uagb-is-root-container\"><div class=\"uagb-container-inner-blocks-wrap\"><\/div><\/div>\n\n\n\n<h2 class=\"wp-block-heading\">\u0130lgili \u00dcr\u00fcnler<\/h2>\n\n\n\n<div class=\"wp-block-uagb-container uagb-block-66e4defc alignfull uagb-is-root-container\"><div class=\"uagb-container-inner-blocks-wrap\">\n<div class=\"wp-block-uagb-container uagb-block-a42945f9\">\n<div class=\"wp-block-uagb-image uagb-block-7296296b wp-block-uagb-image--layout-default wp-block-uagb-image--effect-static wp-block-uagb-image--align-none\"><figure class=\"wp-block-uagb-image__figure\"><a class=\"\" href=\"https:\/\/led.amasly.com\/tr\/products\/\" target=\"\" rel=\"noopener\"><img decoding=\"async\" srcset=\"https:\/\/led.amasly.com\/wp-content\/uploads\/2024\/09\/Explosion-proof-high-bay-lights.png ,https:\/\/led.amasly.com\/wp-content\/uploads\/2024\/09\/Explosion-proof-high-bay-lights.png 780w, https:\/\/led.amasly.com\/wp-content\/uploads\/2024\/09\/Explosion-proof-high-bay-lights.png 360w\" sizes=\"auto, (max-width: 480px) 150px\" src=\"https:\/\/led.amasly.com\/wp-content\/uploads\/2024\/09\/Explosion-proof-high-bay-lights.png\" alt=\"\" class=\"uag-image-1495\" width=\"300\" height=\"300\" title=\"Patlamaya dayan\u0131kl\u0131 y\u00fcksek tavan lambalar\u0131\" loading=\"lazy\" role=\"img\"><\/a><\/figure><\/div>\n<\/div>\n\n\n\n<div class=\"wp-block-uagb-container uagb-block-4d3efde5\">\n<div class=\"wp-block-uagb-image uagb-block-c9e90797 wp-block-uagb-image--layout-default wp-block-uagb-image--effect-static wp-block-uagb-image--align-none\"><figure class=\"wp-block-uagb-image__figure\"><a class=\"\" href=\"https:\/\/led.amasly.com\/tr\/products\/\" target=\"\" rel=\"noopener\"><img decoding=\"async\" srcset=\"https:\/\/led.amasly.com\/wp-content\/uploads\/2024\/07\/LED-tri-proof-lights2.png ,https:\/\/led.amasly.com\/wp-content\/uploads\/2024\/07\/LED-tri-proof-lights2.png 780w, https:\/\/led.amasly.com\/wp-content\/uploads\/2024\/07\/LED-tri-proof-lights2.png 360w\" sizes=\"auto, (max-width: 480px) 150px\" src=\"https:\/\/led.amasly.com\/wp-content\/uploads\/2024\/07\/LED-tri-proof-lights2.png\" alt=\"\" class=\"uag-image-1132\" width=\"300\" height=\"300\" title=\"LED-tri-proof-\u0131\u015f\u0131klar2\" loading=\"lazy\" role=\"img\"><\/a><\/figure><\/div>\n<\/div>\n\n\n\n<div class=\"wp-block-uagb-container uagb-block-11c2578b\">\n<div class=\"wp-block-uagb-image uagb-block-6e8883aa wp-block-uagb-image--layout-default wp-block-uagb-image--effect-static wp-block-uagb-image--align-none\"><figure class=\"wp-block-uagb-image__figure\"><a class=\"\" href=\"https:\/\/led.amasly.com\/tr\/products\/\" target=\"\" rel=\"noopener\"><img decoding=\"async\" srcset=\"https:\/\/led.amasly.com\/wp-content\/uploads\/2024\/09\/LED-Explosion-Proof-Gas-Station-Light.png ,https:\/\/led.amasly.com\/wp-content\/uploads\/2024\/09\/LED-Explosion-Proof-Gas-Station-Light.png 780w, https:\/\/led.amasly.com\/wp-content\/uploads\/2024\/09\/LED-Explosion-Proof-Gas-Station-Light.png 360w\" sizes=\"auto, (max-width: 480px) 150px\" src=\"https:\/\/led.amasly.com\/wp-content\/uploads\/2024\/09\/LED-Explosion-Proof-Gas-Station-Light.png\" alt=\"\" class=\"uag-image-1501\" width=\"300\" height=\"300\" title=\"LED Patlamaya Dayan\u0131kl\u0131 Benzin \u0130stasyonu I\u015f\u0131\u011f\u0131\" loading=\"lazy\" role=\"img\"><\/a><\/figure><\/div>\n<\/div>\n<\/div><\/div>\n\n\n\n<div class=\"wp-block-uagb-container uagb-block-548945b5 alignfull uagb-is-root-container\"><div class=\"uagb-container-inner-blocks-wrap\">\n<div class=\"wp-block-uagb-container uagb-block-967755d5\">\n<h4 class=\"wp-block-heading has-text-align-center\"><a href=\"https:\/\/led.amasly.com\/tr\/products\/\">LED Patlamaya Dayan\u0131kl\u0131 I\u015f\u0131klar<\/a><\/h4>\n<\/div>\n\n\n\n<div class=\"wp-block-uagb-container uagb-block-9bc52fc2\">\n<h4 class=\"wp-block-heading has-text-align-center\"><a href=\"https:\/\/led.amasly.com\/tr\/products\/\">LED Tri-Proof I\u015f\u0131klar<\/a><\/h4>\n<\/div>\n\n\n\n<div class=\"wp-block-uagb-container uagb-block-8ffa0a23\">\n<h4 class=\"wp-block-heading has-text-align-center\"><a href=\"https:\/\/led.amasly.com\/tr\/products\/\">Patlamaya Dayan\u0131kl\u0131 Benzin \u0130stasyonu I\u015f\u0131klar\u0131<\/a><\/h4>\n<\/div>\n<\/div><\/div>\n\n\n\n<div class=\"wp-block-uagb-container uagb-block-29499fe0 alignfull uagb-is-root-container\"><div class=\"uagb-container-inner-blocks-wrap\">\n<div class=\"wp-block-uagb-container uagb-block-777ee1c7\">\n<div class=\"wp-block-uagb-image uagb-block-2e9a1851 wp-block-uagb-image--layout-default wp-block-uagb-image--effect-static wp-block-uagb-image--align-none\"><figure class=\"wp-block-uagb-image__figure\"><a class=\"\" href=\"https:\/\/led.amasly.com\/tr\/products\/\" target=\"\" rel=\"noopener\"><img decoding=\"async\" srcset=\"https:\/\/led.amasly.com\/wp-content\/uploads\/2024\/10\/50W-100W-150W-200W-300W-LED-Flood-Light.jpg ,https:\/\/led.amasly.com\/wp-content\/uploads\/2024\/10\/50W-100W-150W-200W-300W-LED-Flood-Light.jpg 780w, https:\/\/led.amasly.com\/wp-content\/uploads\/2024\/10\/50W-100W-150W-200W-300W-LED-Flood-Light.jpg 360w\" sizes=\"auto, (max-width: 480px) 150px\" src=\"https:\/\/led.amasly.com\/wp-content\/uploads\/2024\/10\/50W-100W-150W-200W-300W-LED-Flood-Light.jpg\" alt=\"\" class=\"uag-image-1526\" width=\"300\" height=\"300\" title=\"50W 100W 150W 200W 300W LED Ta\u015fk\u0131n I\u015f\u0131k\" loading=\"lazy\" role=\"img\"><\/a><\/figure><\/div>\n<\/div>\n\n\n\n<div class=\"wp-block-uagb-container uagb-block-af8c8683\">\n<div class=\"wp-block-uagb-image uagb-block-67947854 wp-block-uagb-image--layout-default wp-block-uagb-image--effect-static wp-block-uagb-image--align-none\"><figure class=\"wp-block-uagb-image__figure\"><a class=\"\" href=\"https:\/\/led.amasly.com\/tr\/products\/\" target=\"\" rel=\"noopener\"><img decoding=\"async\" srcset=\"https:\/\/led.amasly.com\/wp-content\/uploads\/2024\/07\/led-tri-proof-light.png ,https:\/\/led.amasly.com\/wp-content\/uploads\/2024\/07\/led-tri-proof-light.png 780w, https:\/\/led.amasly.com\/wp-content\/uploads\/2024\/07\/led-tri-proof-light.png 360w\" sizes=\"auto, (max-width: 480px) 150px\" src=\"https:\/\/led.amasly.com\/wp-content\/uploads\/2024\/07\/led-tri-proof-light.png\" alt=\"\" class=\"uag-image-1130\" width=\"300\" height=\"300\" title=\"led-tri-proof-\u0131\u015f\u0131k\" loading=\"lazy\" role=\"img\"><\/a><\/figure><\/div>\n<\/div>\n\n\n\n<div class=\"wp-block-uagb-container uagb-block-0fdfdd58\">\n<div class=\"wp-block-uagb-image uagb-block-1187d32d wp-block-uagb-image--layout-default wp-block-uagb-image--effect-static wp-block-uagb-image--align-none\"><figure class=\"wp-block-uagb-image__figure\"><a class=\"\" href=\"https:\/\/led.amasly.com\/tr\/products\/\" target=\"\" rel=\"noopener\"><img decoding=\"async\" srcset=\"https:\/\/led.amasly.com\/wp-content\/uploads\/2024\/07\/LED-street-light.jpg ,https:\/\/led.amasly.com\/wp-content\/uploads\/2024\/07\/LED-street-light.jpg 780w, https:\/\/led.amasly.com\/wp-content\/uploads\/2024\/07\/LED-street-light.jpg 360w\" sizes=\"auto, (max-width: 480px) 150px\" src=\"https:\/\/led.amasly.com\/wp-content\/uploads\/2024\/07\/LED-street-light.jpg\" alt=\"\" class=\"uag-image-1145\" width=\"300\" height=\"300\" title=\"LED-sokak-\u0131\u015f\u0131\u011f\u0131\" loading=\"lazy\" role=\"img\"><\/a><\/figure><\/div>\n<\/div>\n<\/div><\/div>\n\n\n\n<div class=\"wp-block-uagb-container uagb-block-6a60882c alignfull uagb-is-root-container\"><div class=\"uagb-container-inner-blocks-wrap\">\n<div class=\"wp-block-uagb-container uagb-block-f1e91a35\">\n<h4 class=\"wp-block-heading has-text-align-center\"><a href=\"https:\/\/led.amasly.com\/tr\/products\/\">LED Sel I\u015f\u0131klar\u0131<\/a><\/h4>\n<\/div>\n\n\n\n<div class=\"wp-block-uagb-container uagb-block-165bfa58\">\n<h4 class=\"wp-block-heading has-text-align-center\"><a href=\"https:\/\/led.amasly.com\/tr\/products\/\">LED Tri-Proof T\u00fcp I\u015f\u0131klar<\/a><\/h4>\n<\/div>\n\n\n\n<div class=\"wp-block-uagb-container uagb-block-f6096e3b\">\n<h4 class=\"wp-block-heading has-text-align-center\"><a href=\"https:\/\/led.amasly.com\/tr\/products\/\">LED Sokak Lambalar\u0131<\/a><\/h4>\n<\/div>\n<\/div><\/div>\n\n\n\n<div class=\"wp-block-uagb-container uagb-block-99c0e0a5 alignfull uagb-is-root-container\"><div class=\"uagb-container-inner-blocks-wrap\"><\/div><\/div>\n\n\n\n<p><\/p>","protected":false},"excerpt":{"rendered":"<p>Are LED Lights Fireproof? Understanding Safety Standards and Design Features LED lighting has revolutionized industrial and commercial spaces with its energy efficiency and longevity. However, when operating in high-risk environments, a critical question arises:&nbsp;Are LED lights inherently fireproof?&nbsp;The answer lies in the interplay of technology, design, and certification. This article explores how fireproof LED lighting [&hellip;]<\/p>\n","protected":false},"author":1,"featured_media":0,"parent":2374,"menu_order":0,"comment_status":"closed","ping_status":"closed","template":"","meta":{"_uag_custom_page_level_css":"","site-sidebar-layout":"no-sidebar","site-content-layout":"","ast-site-content-layout":"default","site-content-style":"default","site-sidebar-style":"default","ast-global-header-display":"","ast-banner-title-visibility":"","ast-main-header-display":"","ast-hfb-above-header-display":"","ast-hfb-below-header-display":"","ast-hfb-mobile-header-display":"","site-post-title":"disabled","ast-breadcrumbs-content":"","ast-featured-img":"","footer-sml-layout":"","ast-disable-related-posts":"","theme-transparent-header-meta":"enabled","adv-header-id-meta":"","stick-header-meta":"","header-above-stick-meta":"","header-main-stick-meta":"","header-below-stick-meta":"","astra-migrate-meta-layouts":"set","ast-page-background-enabled":"default","ast-page-background-meta":{"desktop":{"background-color":"var(--ast-global-color-4)","background-image":"","background-repeat":"repeat","background-position":"center center","background-size":"auto","background-attachment":"scroll","background-type":"","background-media":"","overlay-type":"","overlay-color":"","overlay-opacity":"","overlay-gradient":""},"tablet":{"background-color":"","background-image":"","background-repeat":"repeat","background-position":"center center","background-size":"auto","background-attachment":"scroll","background-type":"","background-media":"","overlay-type":"","overlay-color":"","overlay-opacity":"","overlay-gradient":""},"mobile":{"background-color":"","background-image":"","background-repeat":"repeat","background-position":"center center","background-size":"auto","background-attachment":"scroll","background-type":"","background-media":"","overlay-type":"","overlay-color":"","overlay-opacity":"","overlay-gradient":""}},"ast-content-background-meta":{"desktop":{"background-color":"var(--ast-global-color-5)","background-image":"","background-repeat":"repeat","background-position":"center center","background-size":"auto","background-attachment":"scroll","background-type":"","background-media":"","overlay-type":"","overlay-color":"","overlay-opacity":"","overlay-gradient":""},"tablet":{"background-color":"var(--ast-global-color-5)","background-image":"","background-repeat":"repeat","background-position":"center center","background-size":"auto","background-attachment":"scroll","background-type":"","background-media":"","overlay-type":"","overlay-color":"","overlay-opacity":"","overlay-gradient":""},"mobile":{"background-color":"var(--ast-global-color-5)","background-image":"","background-repeat":"repeat","background-position":"center center","background-size":"auto","background-attachment":"scroll","background-type":"","background-media":"","overlay-type":"","overlay-color":"","overlay-opacity":"","overlay-gradient":""}},"footnotes":""},"class_list":["post-3032","page","type-page","status-publish","hentry"],"uagb_featured_image_src":{"full":false,"thumbnail":false,"medium":false,"medium_large":false,"large":false,"1536x1536":false,"2048x2048":false,"trp-custom-language-flag":false},"uagb_author_info":{"display_name":"Joe","author_link":"https:\/\/led.amasly.com\/tr\/author\/jacklin\/"},"uagb_comment_info":0,"uagb_excerpt":"Are LED Lights Fireproof? Understanding Safety Standards and Design Features LED lighting has revolutionized industrial and commercial spaces with its energy efficiency and longevity. However, when operating in high-risk environments, a critical question arises:&nbsp;Are LED lights inherently fireproof?&nbsp;The answer lies in the interplay of technology, design, and certification. This article explores how fireproof LED lighting&hellip;","_links":{"self":[{"href":"https:\/\/led.amasly.com\/tr\/wp-json\/wp\/v2\/pages\/3032","targetHints":{"allow":["GET"]}}],"collection":[{"href":"https:\/\/led.amasly.com\/tr\/wp-json\/wp\/v2\/pages"}],"about":[{"href":"https:\/\/led.amasly.com\/tr\/wp-json\/wp\/v2\/types\/page"}],"author":[{"embeddable":true,"href":"https:\/\/led.amasly.com\/tr\/wp-json\/wp\/v2\/users\/1"}],"replies":[{"embeddable":true,"href":"https:\/\/led.amasly.com\/tr\/wp-json\/wp\/v2\/comments?post=3032"}],"version-history":[{"count":1,"href":"https:\/\/led.amasly.com\/tr\/wp-json\/wp\/v2\/pages\/3032\/revisions"}],"predecessor-version":[{"id":3036,"href":"https:\/\/led.amasly.com\/tr\/wp-json\/wp\/v2\/pages\/3032\/revisions\/3036"}],"up":[{"embeddable":true,"href":"https:\/\/led.amasly.com\/tr\/wp-json\/wp\/v2\/pages\/2374"}],"wp:attachment":[{"href":"https:\/\/led.amasly.com\/tr\/wp-json\/wp\/v2\/media?parent=3032"}],"curies":[{"name":"wp","href":"https:\/\/api.w.org\/{rel}","templated":true}]}}