{"id":3016,"date":"2025-04-09T21:00:56","date_gmt":"2025-04-09T13:00:56","guid":{"rendered":"https:\/\/led.amasly.com\/?page_id=3016"},"modified":"2025-04-09T21:01:02","modified_gmt":"2025-04-09T13:01:02","slug":"where-is-explosion-proof-lighting-required","status":"publish","type":"page","link":"https:\/\/led.amasly.com\/tr\/knowledge\/explosion-proof-products-knowledge\/where-is-explosion-proof-lighting-required\/","title":{"rendered":"Patlamaya dayan\u0131kl\u0131 ayd\u0131nlatma nerede gereklidir?"},"content":{"rendered":"<div class=\"wp-block-uagb-container uagb-block-27bae773 alignfull uagb-is-root-container\"><div class=\"uagb-container-inner-blocks-wrap\"><\/div><\/div>\n\n\n\n<h2 class=\"wp-block-heading has-text-align-center\"><strong>Patlamaya dayan\u0131kl\u0131 ayd\u0131nlatma nerede gereklidir?<\/strong><strong><\/strong><\/h2>\n\n\n\n<div class=\"wp-block-uagb-image uagb-block-da1360b5 wp-block-uagb-image--layout-default wp-block-uagb-image--effect-static wp-block-uagb-image--align-none\"><figure class=\"wp-block-uagb-image__figure\"><img decoding=\"async\" srcset=\"https:\/\/led.amasly.com\/wp-content\/uploads\/2025\/01\/LED-explosion-proof-flood-lights.png ,https:\/\/led.amasly.com\/wp-content\/uploads\/2025\/01\/LED-explosion-proof-flood-lights.png 780w, https:\/\/led.amasly.com\/wp-content\/uploads\/2025\/01\/LED-explosion-proof-flood-lights.png 360w\" sizes=\"auto, (max-width: 480px) 150px\" src=\"https:\/\/led.amasly.com\/wp-content\/uploads\/2025\/01\/LED-explosion-proof-flood-lights.png\" alt=\"\" class=\"uag-image-1675\" width=\"1004\" height=\"308\" title=\"LED patlamaya dayan\u0131kl\u0131 sel \u0131\u015f\u0131klar\u0131\" loading=\"lazy\" role=\"img\"><\/figure><\/div>\n\n\n\n<p>Patlamaya dayan\u0131kl\u0131 lambalar ve patlamaya dayan\u0131kl\u0131 acil durum lambalar\u0131, \u00f6zel ortamlarda ayd\u0131nlatma ekipman\u0131n\u0131n g\u00fcvenli\u011fini sa\u011flamak i\u00e7in esas olarak yan\u0131c\u0131 ve patlay\u0131c\u0131 ortamlarda kullan\u0131l\u0131r. A\u015fa\u011f\u0131daki ortamlarda yayg\u0131n olarak kullan\u0131l\u0131rlar:<\/p>\n\n\n\n<h2 class=\"wp-block-heading\"><strong>1. Petrokimya end\u00fcstrisi:<\/strong><strong><\/strong><\/h2>\n\n\n\n<p>Benzin istasyonlar\u0131, petrol ve gaz sahalar\u0131, petrol rafinerileri, kimyasal \u00fcretim tesisleri vb.<\/p>\n\n\n\n<p>Patlamaya dayan\u0131kl\u0131 lambalar, ya\u011f veya gaz s\u0131z\u0131nt\u0131lar\u0131n\u0131n ya da di\u011fer yan\u0131c\u0131 gazlar\u0131n bulundu\u011fu ortamlarda k\u0131v\u0131lc\u0131m veya a\u015f\u0131r\u0131 \u0131s\u0131nma olu\u015fmamas\u0131n\u0131 sa\u011flayarak yang\u0131n veya patlama riskini azalt\u0131r.<\/p>\n\n\n\n<h2 class=\"wp-block-heading\"><strong>2. Madencilik:<\/strong><strong><\/strong><\/h2>\n\n\n\n<p>K\u00f6m\u00fcr madenleri, metal madenleri vb.<\/p>\n\n\n\n<p>K\u00f6m\u00fcr madenleri ve di\u011fer yerler yan\u0131c\u0131 gazlar\u0131n ve tozun birikmesine e\u011filimlidir, patlamaya dayan\u0131kl\u0131 \u0131\u015f\u0131klar\u0131n ve acil durum \u0131\u015f\u0131klar\u0131n\u0131n kullan\u0131lmas\u0131, elektrikli ekipmanlardan kaynaklanan k\u0131v\u0131lc\u0131mlar\u0131n neden oldu\u011fu kazalar\u0131 etkili bir \u015fekilde \u00f6nleyebilir.<\/p>\n\n\n\n<h2 class=\"wp-block-heading\"><strong>3. gemiler ve limanlar:<\/strong><strong><\/strong><\/h2>\n\n\n\n<p>Tankerler, kimyasal ta\u015f\u0131y\u0131c\u0131lar vb.<\/p>\n\n\n\n<p>Gemilerde ve limanlarda genellikle \u00e7al\u0131\u015fma alan\u0131nda yan\u0131c\u0131 ve patlay\u0131c\u0131 maddeler bulunur, bu nedenle patlamaya dayan\u0131kl\u0131 ayd\u0131nlatma ekipman\u0131 kullan\u0131lmas\u0131 gerekir.<\/p>\n\n\n\n<h2 class=\"wp-block-heading\"><strong>4. G\u00fc\u00e7 ve enerji end\u00fcstrisi:<\/strong><strong><\/strong><\/h2>\n\n\n\n<p>Enerji santralleri, trafo merkezleri, g\u00fc\u00e7 ekipman\u0131 bak\u0131m at\u00f6lyesi. Y\u00fcksek s\u0131cakl\u0131klar\u0131n, yan\u0131c\u0131 gazlar\u0131n ve kimyasallar\u0131n varl\u0131\u011f\u0131, patlamaya dayan\u0131kl\u0131 \u0131\u015f\u0131klar\u0131 temel ekipman haline getirir.<\/p>\n\n\n\n<h2 class=\"wp-block-heading\"><strong>5. \u0130la\u00e7 end\u00fcstrisi:<\/strong><strong><\/strong><\/h2>\n\n\n\n<p>\u0130la\u00e7 fabrikalar\u0131 ve laboratuvarlar\u0131 vb.<\/p>\n\n\n\n<p>Baz\u0131 kimyasallar ve gazlar yan\u0131c\u0131d\u0131r, patlamaya dayan\u0131kl\u0131 lambalar \u00e7al\u0131\u015fma ortam\u0131n\u0131n g\u00fcvenli\u011fini sa\u011flayabilir.<\/p>\n\n\n\n<h2 class=\"wp-block-heading\"><strong>6. Tehlikeli kimyasallar\u0131n depolanmas\u0131 ve ta\u015f\u0131nmas\u0131:<\/strong><strong><\/strong><\/h2>\n\n\n\n<p>Kimyasal depolar, tehlikeli madde da\u011f\u0131t\u0131m merkezleri vb.<\/p>\n\n\n\n<p>Bu yerlerde genellikle u\u00e7ucu kimyasallar veya zehirli gazlar depolan\u0131r, patlamaya dayan\u0131kl\u0131 ekipman kullan\u0131m\u0131 kritik \u00f6nem ta\u015f\u0131r.<\/p>\n\n\n\n<h2 class=\"wp-block-heading\"><strong>7. G\u0131da i\u015fleme tesisleri:<\/strong><strong><\/strong><\/h2>\n\n\n\n<p>\u00d6zellikle yan\u0131c\u0131 kat\u0131 ve s\u0131v\u0131 ya\u011flar i\u00e7eren g\u0131da i\u015fleme.<\/p>\n\n\n\n<p>Patlamaya dayan\u0131kl\u0131 lambalar, ayd\u0131nlatma ekipmanlar\u0131n\u0131n neden oldu\u011fu kazalar\u0131 \u00f6nleyebilir.<\/p>\n\n\n\n<h2 class=\"wp-block-heading\"><strong>8. askeri ve havac\u0131l\u0131k:<\/strong><strong><\/strong><\/h2>\n\n\n\n<p>Bu sahalar genellikle yan\u0131c\u0131 ve y\u00fcksek riskli malzemeler ve gazlar i\u00e7erir, patlamaya dayan\u0131kl\u0131 lambalar ayd\u0131nlatma ekipman\u0131n\u0131n g\u00fcvenli\u011fini sa\u011flayabilir.<\/p>\n\n\n\n<h2 class=\"wp-block-heading\"><strong>9. Kentsel yeralt\u0131 tesisleri:<\/strong><strong><\/strong><\/h2>\n\n\n\n<p>Metro, yeralt\u0131 al\u0131\u015fveri\u015f merkezleri, yeralt\u0131 otoparklar\u0131 vb.<\/p>\n\n\n\n<p>Kapal\u0131 ortamlarda, patlamaya dayan\u0131kl\u0131 lambalar yang\u0131n kazalar\u0131n\u0131 etkili bir \u015fekilde \u00f6nleyebilir.<\/p>\n\n\n\n<p class=\"has-text-align-left\">Bu \u00f6zel ortamlarda, patlamaya dayan\u0131kl\u0131 lambalar ve patlamaya dayan\u0131kl\u0131 acil durum lambalar\u0131, ekipman\u0131n anormal ko\u015fullar alt\u0131nda bir patlamaya veya yang\u0131na neden olmamas\u0131n\u0131 sa\u011flamak i\u00e7in patlamaya dayan\u0131kl\u0131 muhafazalar, yang\u0131n \u00f6nleme, su ge\u00e7irmezlik ve di\u011fer \u00f6zellikler dahil olmak \u00fczere kat\u0131 tasar\u0131m standartlar\u0131yla donat\u0131lm\u0131\u015ft\u0131r.<\/p>\n\n\n\n<div class=\"wp-block-uagb-container uagb-block-c7d898dd alignfull uagb-is-root-container\"><div class=\"uagb-container-inner-blocks-wrap\"><\/div><\/div>\n\n\n\n<h2 class=\"wp-block-heading\">\u0130lgili \u00dcr\u00fcnler<\/h2>\n\n\n\n<div class=\"wp-block-uagb-container uagb-block-66e4defc alignfull uagb-is-root-container\"><div class=\"uagb-container-inner-blocks-wrap\">\n<div class=\"wp-block-uagb-container uagb-block-a42945f9\">\n<div class=\"wp-block-uagb-image uagb-block-7296296b wp-block-uagb-image--layout-default wp-block-uagb-image--effect-static wp-block-uagb-image--align-none\"><figure class=\"wp-block-uagb-image__figure\"><a class=\"\" href=\"https:\/\/led.amasly.com\/tr\/products\/\" target=\"\" rel=\"noopener\"><img decoding=\"async\" srcset=\"https:\/\/led.amasly.com\/wp-content\/uploads\/2024\/09\/Explosion-proof-high-bay-lights.png ,https:\/\/led.amasly.com\/wp-content\/uploads\/2024\/09\/Explosion-proof-high-bay-lights.png 780w, https:\/\/led.amasly.com\/wp-content\/uploads\/2024\/09\/Explosion-proof-high-bay-lights.png 360w\" sizes=\"auto, (max-width: 480px) 150px\" src=\"https:\/\/led.amasly.com\/wp-content\/uploads\/2024\/09\/Explosion-proof-high-bay-lights.png\" alt=\"\" class=\"uag-image-1495\" width=\"300\" height=\"300\" title=\"Patlamaya dayan\u0131kl\u0131 y\u00fcksek tavan lambalar\u0131\" loading=\"lazy\" role=\"img\"><\/a><\/figure><\/div>\n<\/div>\n\n\n\n<div class=\"wp-block-uagb-container uagb-block-4d3efde5\">\n<div class=\"wp-block-uagb-image uagb-block-c9e90797 wp-block-uagb-image--layout-default wp-block-uagb-image--effect-static wp-block-uagb-image--align-none\"><figure class=\"wp-block-uagb-image__figure\"><a class=\"\" href=\"https:\/\/led.amasly.com\/tr\/products\/\" target=\"\" rel=\"noopener\"><img decoding=\"async\" srcset=\"https:\/\/led.amasly.com\/wp-content\/uploads\/2024\/07\/LED-tri-proof-lights2.png ,https:\/\/led.amasly.com\/wp-content\/uploads\/2024\/07\/LED-tri-proof-lights2.png 780w, https:\/\/led.amasly.com\/wp-content\/uploads\/2024\/07\/LED-tri-proof-lights2.png 360w\" sizes=\"auto, (max-width: 480px) 150px\" src=\"https:\/\/led.amasly.com\/wp-content\/uploads\/2024\/07\/LED-tri-proof-lights2.png\" alt=\"\" class=\"uag-image-1132\" width=\"300\" height=\"300\" title=\"LED-tri-proof-\u0131\u015f\u0131klar2\" loading=\"lazy\" role=\"img\"><\/a><\/figure><\/div>\n<\/div>\n\n\n\n<div class=\"wp-block-uagb-container uagb-block-11c2578b\">\n<div class=\"wp-block-uagb-image uagb-block-6e8883aa wp-block-uagb-image--layout-default wp-block-uagb-image--effect-static wp-block-uagb-image--align-none\"><figure class=\"wp-block-uagb-image__figure\"><a class=\"\" href=\"https:\/\/led.amasly.com\/tr\/products\/\" target=\"\" rel=\"noopener\"><img decoding=\"async\" srcset=\"https:\/\/led.amasly.com\/wp-content\/uploads\/2024\/09\/LED-Explosion-Proof-Gas-Station-Light.png ,https:\/\/led.amasly.com\/wp-content\/uploads\/2024\/09\/LED-Explosion-Proof-Gas-Station-Light.png 780w, https:\/\/led.amasly.com\/wp-content\/uploads\/2024\/09\/LED-Explosion-Proof-Gas-Station-Light.png 360w\" sizes=\"auto, (max-width: 480px) 150px\" src=\"https:\/\/led.amasly.com\/wp-content\/uploads\/2024\/09\/LED-Explosion-Proof-Gas-Station-Light.png\" alt=\"\" class=\"uag-image-1501\" width=\"300\" height=\"300\" title=\"LED Patlamaya Dayan\u0131kl\u0131 Benzin \u0130stasyonu I\u015f\u0131\u011f\u0131\" loading=\"lazy\" role=\"img\"><\/a><\/figure><\/div>\n<\/div>\n<\/div><\/div>\n\n\n\n<div class=\"wp-block-uagb-container uagb-block-548945b5 alignfull uagb-is-root-container\"><div class=\"uagb-container-inner-blocks-wrap\">\n<div class=\"wp-block-uagb-container uagb-block-967755d5\">\n<h4 class=\"wp-block-heading has-text-align-center\"><a href=\"https:\/\/led.amasly.com\/tr\/products\/\">LED Patlamaya Dayan\u0131kl\u0131 I\u015f\u0131klar<\/a><\/h4>\n<\/div>\n\n\n\n<div class=\"wp-block-uagb-container uagb-block-9bc52fc2\">\n<h4 class=\"wp-block-heading has-text-align-center\"><a href=\"https:\/\/led.amasly.com\/tr\/products\/\">LED Tri-Proof I\u015f\u0131klar<\/a><\/h4>\n<\/div>\n\n\n\n<div class=\"wp-block-uagb-container uagb-block-8ffa0a23\">\n<h4 class=\"wp-block-heading has-text-align-center\"><a href=\"https:\/\/led.amasly.com\/tr\/products\/\">Patlamaya Dayan\u0131kl\u0131 Benzin \u0130stasyonu I\u015f\u0131klar\u0131<\/a><\/h4>\n<\/div>\n<\/div><\/div>\n\n\n\n<div class=\"wp-block-uagb-container uagb-block-29499fe0 alignfull uagb-is-root-container\"><div class=\"uagb-container-inner-blocks-wrap\">\n<div class=\"wp-block-uagb-container uagb-block-777ee1c7\">\n<div class=\"wp-block-uagb-image uagb-block-2e9a1851 wp-block-uagb-image--layout-default wp-block-uagb-image--effect-static wp-block-uagb-image--align-none\"><figure class=\"wp-block-uagb-image__figure\"><a class=\"\" href=\"https:\/\/led.amasly.com\/tr\/products\/\" target=\"\" rel=\"noopener\"><img decoding=\"async\" srcset=\"https:\/\/led.amasly.com\/wp-content\/uploads\/2024\/10\/50W-100W-150W-200W-300W-LED-Flood-Light.jpg ,https:\/\/led.amasly.com\/wp-content\/uploads\/2024\/10\/50W-100W-150W-200W-300W-LED-Flood-Light.jpg 780w, https:\/\/led.amasly.com\/wp-content\/uploads\/2024\/10\/50W-100W-150W-200W-300W-LED-Flood-Light.jpg 360w\" sizes=\"auto, (max-width: 480px) 150px\" src=\"https:\/\/led.amasly.com\/wp-content\/uploads\/2024\/10\/50W-100W-150W-200W-300W-LED-Flood-Light.jpg\" alt=\"\" class=\"uag-image-1526\" width=\"300\" height=\"300\" title=\"50W 100W 150W 200W 300W LED Ta\u015fk\u0131n I\u015f\u0131k\" loading=\"lazy\" role=\"img\"><\/a><\/figure><\/div>\n<\/div>\n\n\n\n<div class=\"wp-block-uagb-container uagb-block-af8c8683\">\n<div class=\"wp-block-uagb-image uagb-block-67947854 wp-block-uagb-image--layout-default wp-block-uagb-image--effect-static wp-block-uagb-image--align-none\"><figure class=\"wp-block-uagb-image__figure\"><a class=\"\" href=\"https:\/\/led.amasly.com\/tr\/products\/\" target=\"\" rel=\"noopener\"><img decoding=\"async\" srcset=\"https:\/\/led.amasly.com\/wp-content\/uploads\/2024\/07\/led-tri-proof-light.png ,https:\/\/led.amasly.com\/wp-content\/uploads\/2024\/07\/led-tri-proof-light.png 780w, https:\/\/led.amasly.com\/wp-content\/uploads\/2024\/07\/led-tri-proof-light.png 360w\" sizes=\"auto, (max-width: 480px) 150px\" src=\"https:\/\/led.amasly.com\/wp-content\/uploads\/2024\/07\/led-tri-proof-light.png\" alt=\"\" class=\"uag-image-1130\" width=\"300\" height=\"300\" title=\"led-tri-proof-\u0131\u015f\u0131k\" loading=\"lazy\" role=\"img\"><\/a><\/figure><\/div>\n<\/div>\n\n\n\n<div class=\"wp-block-uagb-container uagb-block-0fdfdd58\">\n<div class=\"wp-block-uagb-image uagb-block-1187d32d wp-block-uagb-image--layout-default wp-block-uagb-image--effect-static wp-block-uagb-image--align-none\"><figure class=\"wp-block-uagb-image__figure\"><a class=\"\" href=\"https:\/\/led.amasly.com\/tr\/products\/\" target=\"\" rel=\"noopener\"><img decoding=\"async\" srcset=\"https:\/\/led.amasly.com\/wp-content\/uploads\/2024\/07\/LED-street-light.jpg ,https:\/\/led.amasly.com\/wp-content\/uploads\/2024\/07\/LED-street-light.jpg 780w, https:\/\/led.amasly.com\/wp-content\/uploads\/2024\/07\/LED-street-light.jpg 360w\" sizes=\"auto, (max-width: 480px) 150px\" src=\"https:\/\/led.amasly.com\/wp-content\/uploads\/2024\/07\/LED-street-light.jpg\" alt=\"\" class=\"uag-image-1145\" width=\"300\" height=\"300\" title=\"LED-sokak-\u0131\u015f\u0131\u011f\u0131\" loading=\"lazy\" role=\"img\"><\/a><\/figure><\/div>\n<\/div>\n<\/div><\/div>\n\n\n\n<div class=\"wp-block-uagb-container uagb-block-6a60882c alignfull uagb-is-root-container\"><div class=\"uagb-container-inner-blocks-wrap\">\n<div class=\"wp-block-uagb-container uagb-block-f1e91a35\">\n<h4 class=\"wp-block-heading has-text-align-center\"><a href=\"https:\/\/led.amasly.com\/tr\/products\/\">LED Sel I\u015f\u0131klar\u0131<\/a><\/h4>\n<\/div>\n\n\n\n<div class=\"wp-block-uagb-container uagb-block-165bfa58\">\n<h4 class=\"wp-block-heading has-text-align-center\"><a href=\"https:\/\/led.amasly.com\/tr\/products\/\">LED Tri-Proof T\u00fcp I\u015f\u0131klar<\/a><\/h4>\n<\/div>\n\n\n\n<div class=\"wp-block-uagb-container uagb-block-f6096e3b\">\n<h4 class=\"wp-block-heading has-text-align-center\"><a href=\"https:\/\/led.amasly.com\/tr\/products\/\">LED Sokak Lambalar\u0131<\/a><\/h4>\n<\/div>\n<\/div><\/div>\n\n\n\n<div class=\"wp-block-uagb-container uagb-block-99c0e0a5 alignfull uagb-is-root-container\"><div class=\"uagb-container-inner-blocks-wrap\"><\/div><\/div>\n\n\n\n<p><\/p>","protected":false},"excerpt":{"rendered":"<p>Where is explosion proof lighting required? Explosion proof lamps and explosion proof emergency lamps are mainly used in flammable and explosive environments to ensure the safety of lighting equipment in special environments. They are widely used in the following environments: 1. petrochemical industry: Gas stations, oil and gas fields, oil refineries, chemical production plants and [&hellip;]<\/p>\n","protected":false},"author":1,"featured_media":0,"parent":2374,"menu_order":0,"comment_status":"closed","ping_status":"closed","template":"","meta":{"_uag_custom_page_level_css":"","site-sidebar-layout":"no-sidebar","site-content-layout":"","ast-site-content-layout":"default","site-content-style":"default","site-sidebar-style":"default","ast-global-header-display":"","ast-banner-title-visibility":"","ast-main-header-display":"","ast-hfb-above-header-display":"","ast-hfb-below-header-display":"","ast-hfb-mobile-header-display":"","site-post-title":"disabled","ast-breadcrumbs-content":"","ast-featured-img":"","footer-sml-layout":"","ast-disable-related-posts":"","theme-transparent-header-meta":"enabled","adv-header-id-meta":"","stick-header-meta":"","header-above-stick-meta":"","header-main-stick-meta":"","header-below-stick-meta":"","astra-migrate-meta-layouts":"set","ast-page-background-enabled":"default","ast-page-background-meta":{"desktop":{"background-color":"var(--ast-global-color-4)","background-image":"","background-repeat":"repeat","background-position":"center center","background-size":"auto","background-attachment":"scroll","background-type":"","background-media":"","overlay-type":"","overlay-color":"","overlay-opacity":"","overlay-gradient":""},"tablet":{"background-color":"","background-image":"","background-repeat":"repeat","background-position":"center center","background-size":"auto","background-attachment":"scroll","background-type":"","background-media":"","overlay-type":"","overlay-color":"","overlay-opacity":"","overlay-gradient":""},"mobile":{"background-color":"","background-image":"","background-repeat":"repeat","background-position":"center center","background-size":"auto","background-attachment":"scroll","background-type":"","background-media":"","overlay-type":"","overlay-color":"","overlay-opacity":"","overlay-gradient":""}},"ast-content-background-meta":{"desktop":{"background-color":"var(--ast-global-color-5)","background-image":"","background-repeat":"repeat","background-position":"center center","background-size":"auto","background-attachment":"scroll","background-type":"","background-media":"","overlay-type":"","overlay-color":"","overlay-opacity":"","overlay-gradient":""},"tablet":{"background-color":"var(--ast-global-color-5)","background-image":"","background-repeat":"repeat","background-position":"center center","background-size":"auto","background-attachment":"scroll","background-type":"","background-media":"","overlay-type":"","overlay-color":"","overlay-opacity":"","overlay-gradient":""},"mobile":{"background-color":"var(--ast-global-color-5)","background-image":"","background-repeat":"repeat","background-position":"center center","background-size":"auto","background-attachment":"scroll","background-type":"","background-media":"","overlay-type":"","overlay-color":"","overlay-opacity":"","overlay-gradient":""}},"footnotes":""},"class_list":["post-3016","page","type-page","status-publish","hentry"],"uagb_featured_image_src":{"full":false,"thumbnail":false,"medium":false,"medium_large":false,"large":false,"1536x1536":false,"2048x2048":false,"trp-custom-language-flag":false},"uagb_author_info":{"display_name":"Joe","author_link":"https:\/\/led.amasly.com\/tr\/author\/jacklin\/"},"uagb_comment_info":0,"uagb_excerpt":"Where is explosion proof lighting required? Explosion proof lamps and explosion proof emergency lamps are mainly used in flammable and explosive environments to ensure the safety of lighting equipment in special environments. They are widely used in the following environments: 1. petrochemical industry: Gas stations, oil and gas fields, oil refineries, chemical production plants and&hellip;","_links":{"self":[{"href":"https:\/\/led.amasly.com\/tr\/wp-json\/wp\/v2\/pages\/3016","targetHints":{"allow":["GET"]}}],"collection":[{"href":"https:\/\/led.amasly.com\/tr\/wp-json\/wp\/v2\/pages"}],"about":[{"href":"https:\/\/led.amasly.com\/tr\/wp-json\/wp\/v2\/types\/page"}],"author":[{"embeddable":true,"href":"https:\/\/led.amasly.com\/tr\/wp-json\/wp\/v2\/users\/1"}],"replies":[{"embeddable":true,"href":"https:\/\/led.amasly.com\/tr\/wp-json\/wp\/v2\/comments?post=3016"}],"version-history":[{"count":1,"href":"https:\/\/led.amasly.com\/tr\/wp-json\/wp\/v2\/pages\/3016\/revisions"}],"predecessor-version":[{"id":3017,"href":"https:\/\/led.amasly.com\/tr\/wp-json\/wp\/v2\/pages\/3016\/revisions\/3017"}],"up":[{"embeddable":true,"href":"https:\/\/led.amasly.com\/tr\/wp-json\/wp\/v2\/pages\/2374"}],"wp:attachment":[{"href":"https:\/\/led.amasly.com\/tr\/wp-json\/wp\/v2\/media?parent=3016"}],"curies":[{"name":"wp","href":"https:\/\/api.w.org\/{rel}","templated":true}]}}