{"id":3013,"date":"2025-04-09T21:24:55","date_gmt":"2025-04-09T13:24:55","guid":{"rendered":"https:\/\/led.amasly.com\/?page_id=3013"},"modified":"2025-04-09T21:24:59","modified_gmt":"2025-04-09T13:24:59","slug":"what-is-an-explosion-proof-flashlight","status":"publish","type":"page","link":"https:\/\/led.amasly.com\/tr\/knowledge\/explosion-proof-products-knowledge\/what-is-an-explosion-proof-flashlight\/","title":{"rendered":"Patlamaya dayan\u0131kl\u0131 el feneri nedir?"},"content":{"rendered":"<div class=\"wp-block-uagb-container uagb-block-27bae773 alignfull uagb-is-root-container\"><div class=\"uagb-container-inner-blocks-wrap\"><\/div><\/div>\n\n\n\n<h2 class=\"wp-block-heading has-text-align-center\"><strong>Patlamaya dayan\u0131kl\u0131 el feneri nedir?<\/strong><strong><\/strong><\/h2>\n\n\n\n<div class=\"wp-block-uagb-image uagb-block-da1360b5 wp-block-uagb-image--layout-default wp-block-uagb-image--effect-static wp-block-uagb-image--align-none\"><figure class=\"wp-block-uagb-image__figure\"><a class=\"\" href=\"https:\/\/led.amasly.com\/tr\/products\/\" target=\"\" rel=\"noopener\"><img decoding=\"async\" srcset=\"https:\/\/led.amasly.com\/wp-content\/uploads\/2025\/03\/explosion-proof-flashlights-explosion-proof-mobile-work-lights.jpg ,https:\/\/led.amasly.com\/wp-content\/uploads\/2025\/03\/explosion-proof-flashlights-explosion-proof-mobile-work-lights.jpg 780w, https:\/\/led.amasly.com\/wp-content\/uploads\/2025\/03\/explosion-proof-flashlights-explosion-proof-mobile-work-lights.jpg 360w\" sizes=\"auto, (max-width: 480px) 150px\" src=\"https:\/\/led.amasly.com\/wp-content\/uploads\/2025\/03\/explosion-proof-flashlights-explosion-proof-mobile-work-lights.jpg\" alt=\"\" class=\"uag-image-2770\" width=\"1004\" height=\"308\" title=\"patlamaya dayan\u0131kl\u0131 el fenerleri patlamaya dayan\u0131kl\u0131 mobil \u00e7al\u0131\u015fma lambalar\u0131\" loading=\"lazy\" role=\"img\"><\/a><\/figure><\/div>\n\n\n\n<p>Patlamaya dayan\u0131kl\u0131 el feneri, yan\u0131c\u0131 ve patlay\u0131c\u0131 yerler i\u00e7in tasarlanm\u0131\u015f, \u00f6zellikle yang\u0131nla m\u00fccadele, elektrik enerjisi, sanayi ve maden i\u015fletmeleri ve di\u011fer yan\u0131c\u0131 ve patlay\u0131c\u0131 yerlerde mobil ayd\u0131nlatma sa\u011flamak i\u00e7in kullan\u0131lan bir t\u00fcr ayd\u0131nlatma arac\u0131d\u0131r. Yang\u0131nla m\u00fccadele, elektrik enerjisi, sanayi ve maden i\u015fletmeleri ile di\u011fer yan\u0131c\u0131 ve patlay\u0131c\u0131 yerlerde mobil ayd\u0131nlatma ekipman\u0131 sa\u011flamak i\u00e7in kullan\u0131l\u0131r.<\/p>\n\n\n\n<h2 class=\"wp-block-heading\"><strong>Patlamaya dayan\u0131kl\u0131<\/strong><strong>&nbsp;el feneri s\u0131n\u0131fland\u0131rmas\u0131:<\/strong><strong><\/strong><\/h2>\n\n\n\n<p>Patlamaya dayan\u0131kl\u0131 el feneri esas olarak Patlamaya dayan\u0131kl\u0131 ve kendinden emniyetli iki Patlamaya dayan\u0131kl\u0131 forma ayr\u0131l\u0131r; bunlardan kendinden emniyetli Patlamaya dayan\u0131kl\u0131 el feneri piyasada 90%'den fazlas\u0131n\u0131 olu\u015fturur.<\/p>\n\n\n\n<p>D\u0131\u015f ortamdan tam izolasyon sa\u011flamak i\u00e7in s\u0131zd\u0131rmaz tasar\u0131m\u0131n kabu\u011fu ve daha kal\u0131n kabuk malzemesi arac\u0131l\u0131\u011f\u0131yla patlamaya dayan\u0131kl\u0131 el feneri, anahtar genellikle tek par\u00e7a Patlamaya dayan\u0131kl\u0131 yap\u0131n\u0131n ihtiya\u00e7lar\u0131n\u0131 kar\u015f\u0131lamak i\u00e7in manyetik bir anahtar veya d\u00f6ner anahtard\u0131r.<\/p>\n\n\n\n<p>Kendinden emniyetli Patlamaya dayan\u0131kl\u0131 el feneri, g\u00fcvenlik seviyesine ula\u015fmak i\u00e7in esas olarak hat ve pil tasar\u0131m\u0131 yoluyla yap\u0131l\u0131r, kabuk esas olarak temel bir koruyucu rol oynar.<\/p>\n\n\n\n<p>Buna ek olarak, kendinden emniyetli Patlamaya dayan\u0131kl\u0131 el feneri ayr\u0131ca anti-ters ba\u011flant\u0131, a\u015f\u0131r\u0131 \u015farj korumas\u0131, a\u015f\u0131r\u0131 de\u015farj korumas\u0131, k\u0131sa devre korumas\u0131 ve pil k\u0131sa devre \u00e7ift korumas\u0131 ve di\u011fer elektriksel \u00f6zelliklere sahiptir, bu da \u00fcr\u00fcn\u00fc hem g\u00fcvenli hem de zengin \u00f6zellikli hale getirir.<\/p>\n\n\n\n<h2 class=\"wp-block-heading\"><strong>Aras\u0131ndaki fark <\/strong><strong>Patlamaya dayan\u0131kl\u0131<\/strong><strong>&nbsp;el feneri ve s\u0131radan el feneri temel olarak a\u015fa\u011f\u0131daki y\u00f6nlerden yans\u0131t\u0131l\u0131r:<\/strong><strong><\/strong><\/h2>\n\n\n\n<h3 class=\"wp-block-heading\"><strong>1. g\u00fcvenlik performans\u0131<\/strong><strong><\/strong><\/h3>\n\n\n\n<p>Patlamaya dayan\u0131kl\u0131 el feneri tasar\u0131m\u0131, yan\u0131c\u0131 ve patlay\u0131c\u0131 ortamlarda kullan\u0131m g\u00fcvenli\u011fine, k\u0131v\u0131lc\u0131m, ark veya y\u00fcksek s\u0131cakl\u0131ktaki y\u00fczeyleri \u00f6nlemek i\u00e7in i\u00e7 yap\u0131s\u0131 ve malzeme se\u00e7imine, ortamdaki patlay\u0131c\u0131 gazlar, buharlar veya tozlar\u0131n neden oldu\u011fu patlamalar\u0131 \u00f6nlemeye odaklan\u0131r.<\/p>\n\n\n\n<p>S\u0131radan el fenerleri genellikle bu Patlamaya dayan\u0131kl\u0131 \u00f6zelliklere sahip de\u011fildir.<\/p>\n\n\n\n<h3 class=\"wp-block-heading\"><strong>2. Malzeme ve yap\u0131<\/strong><strong><\/strong><\/h3>\n\n\n\n<p>Patlamaya dayan\u0131kl\u0131 el fenerleri genellikle hava ko\u015fullar\u0131na ve zorlu ortamlarda dayan\u0131kl\u0131l\u0131\u011f\u0131n\u0131 art\u0131rmak i\u00e7in patlamaya dayan\u0131kl\u0131, yanmaz, korozyona dayan\u0131kl\u0131, y\u00fcksek ve d\u00fc\u015f\u00fck s\u0131cakl\u0131\u011fa dayan\u0131kl\u0131 \u00f6zel ala\u015f\u0131ml\u0131 malzemelerden yap\u0131l\u0131r.<\/p>\n\n\n\n<p>S\u0131radan el fenerleri \u00e7e\u015fitli malzemelerden yap\u0131l\u0131r ve Patlamaya dayan\u0131kl\u0131 \u00f6zelliklere sahip de\u011fildir.<\/p>\n\n\n\n<h3 class=\"wp-block-heading\"><strong>3. Ak\u00fc ve devre<\/strong><strong><\/strong><\/h3>\n\n\n\n<p>Patlamaya dayan\u0131kl\u0131 el fenerlerinde kullan\u0131lan piller ve devreler, a\u015f\u0131r\u0131 ko\u015fullar alt\u0131nda k\u0131sa devre, yanma veya patlama gibi tehlikeli durumlar\u0131 \u00f6nlemek i\u00e7in \u00f6zel olarak tasarlanm\u0131\u015f ve i\u015flenmi\u015ftir. Ayn\u0131 zamanda batarya ve devrenin g\u00fcvenli \u00e7al\u0131\u015fmas\u0131n\u0131 sa\u011flamak i\u00e7in a\u015f\u0131r\u0131 ak\u0131m, a\u015f\u0131r\u0131 voltaj ve a\u015f\u0131r\u0131 s\u0131cakl\u0131k koruma \u00f6nlemleri ile donat\u0131lm\u0131\u015ft\u0131r.<\/p>\n\n\n\n<p>S\u0131radan el fenerlerinin pilleri ve devreleri nispeten basittir ve bu \u00f6zel g\u00fcvenlik tasar\u0131mlar\u0131na sahip de\u011fildir.<\/p>\n\n\n\n<h3 class=\"wp-block-heading\"><strong>4. Su ge\u00e7irmez ve toz ge\u00e7irmez<\/strong><strong><\/strong><\/h3>\n\n\n\n<p>Patlamaya dayan\u0131kl\u0131 fenerler daha y\u00fcksek su ve toz ge\u00e7irmezlik derecelerine sahip olma e\u011filimindedir ve IP67 veya IP68 dereceleri gibi daha zorlu ortamlarda kullan\u0131labilir, normal \u00e7al\u0131\u015fmay\u0131 s\u00fcrd\u00fcrmek i\u00e7in su alt\u0131nda veya tozlu ortamlarda olabilir.<\/p>\n\n\n\n<p>S\u0131radan el fenerlerinin net gereksinimleri yoktur ve \u00e7o\u011funun su ve toz ge\u00e7irmezlik gereksinimleri yoktur.<\/p>\n\n\n\n<h3 class=\"wp-block-heading\"><strong>5. Sertifikasyon standartlar\u0131<\/strong><strong><\/strong><\/h3>\n\n\n\n<p>Patlamaya dayan\u0131kl\u0131 el fenerlerinin, \u00c7in'in Ex sertifikas\u0131 veya uluslararas\u0131 ATEX gibi belirli Patlamaya dayan\u0131kl\u0131l\u0131k sertifikasyonunu ge\u00e7mesi gerekir, <a href=\"http:\/\/www.iecex-certs.com\/\" rel=\"nofollow noopener\" target=\"_blank\">IECEx sertifikas\u0131<\/a>, vb. belirtilen tehlikeli ortamda kullan\u0131mlar\u0131n\u0131n g\u00fcvenli oldu\u011fundan emin olmak i\u00e7in.<\/p>\n\n\n\n<p>S\u0131radan el fenerleri bu \u00f6zel sertifikalar\u0131 gerektirmez.<\/p>\n\n\n\n<h3 class=\"wp-block-heading\"><strong>6. Kullan\u0131m ortam\u0131<\/strong><strong><\/strong><\/h3>\n\n\n\n<p>Patlamaya dayan\u0131kl\u0131 el fenerleri \u00e7o\u011funlukla petrokimya, petrol depolar\u0131, k\u00f6m\u00fcr madenleri ve di\u011fer yerler gibi yan\u0131c\u0131 ve patlay\u0131c\u0131 tehlikeli ortamlarda kullan\u0131l\u0131r. Bu ortamlarda, s\u0131radan el fenerlerinin kullan\u0131m\u0131 g\u00fcvenlik kazalar\u0131na neden olabilirken, Patlamaya dayan\u0131kl\u0131 el fenerleri bu riski etkili bir \u015fekilde azaltabilir.<\/p>\n\n\n\n<p>S\u0131radan el fenerleri ise evler, ofisler, a\u00e7\u0131k hava etkinlikleri vb. gibi genel ya\u015fam ve \u00e7al\u0131\u015fma ortamlar\u0131 i\u00e7in uygundur.<\/p>\n\n\n\n<p>\u00d6zetlemek gerekirse, patlamaya dayan\u0131kl\u0131 el fenerleri daha g\u00fc\u00e7l\u00fc g\u00fcvenlik ve koruma i\u015flevlerine sahip \u00f6zel ve y\u00fcksek riskli ortamlar i\u00e7in tasarlan\u0131rken, s\u0131radan el fenerleri daha \u00e7ok genel ayd\u0131nlatma ve rahat ta\u015f\u0131ma ve di\u011fer \u00f6zelliklere odaklan\u0131r.<\/p>\n\n\n\n<p>Bir el feneri se\u00e7erken, g\u00fcvenlik ve performans sa\u011flamak i\u00e7in \u00f6zel kullan\u0131m ortam\u0131na ve ihtiya\u00e7lara g\u00f6re do\u011fru t\u00fcr\u00fc se\u00e7melisiniz.<\/p>\n\n\n\n<p>Amasly Patlamaya dayan\u0131kl\u0131 el feneri sadece su ge\u00e7irmez ve darbeye dayan\u0131kl\u0131 olmakla kalmaz, ayn\u0131 zamanda y\u00fcksek sertlikte bir ala\u015f\u0131m kabuk kullan\u0131r ve d\u00fc\u015fmeye dayan\u0131kl\u0131 bir tasar\u0131ma sahiptir. Bu, daha zorlu \u00e7evresel ko\u015fullar alt\u0131nda bile istikrarl\u0131 \u00e7al\u0131\u015fmas\u0131n\u0131 s\u00fcrd\u00fcrmesini sa\u011flar.<\/p>\n\n\n\n<p class=\"has-text-align-left\">Temel bile\u015feni LED \u0131\u015f\u0131k kayna\u011f\u0131, sadece enerji tasarrufu, uzun \u00f6m\u00fcr de\u011fil, ayn\u0131 zamanda m\u00fckemmel parlakl\u0131k performans\u0131na sahiptir. Patlamaya dayan\u0131kl\u0131 el fenerinin namlusunda veya isim plakas\u0131nda, g\u00f6ze \u00e7arpan Patlamaya dayan\u0131kl\u0131 i\u015faretini g\u00f6receksiniz, \u00f6rne\u011fin <a href=\"http:\/\/www.iecex-certs.com\/\" rel=\"nofollow noopener\" target=\"_blank\">ExdIIBT4 Gb<\/a>, Bu, \u00fcr\u00fcn\u00fcn Patlamaya dayan\u0131kl\u0131l\u0131k performans\u0131n\u0131 temsil eder. Hidrojen, asetilen, karbon dis\u00fclf\u00fcr ve di\u011fer \u00f6zel ortamlar\u0131n varl\u0131\u011f\u0131nda kullan\u0131l\u0131yorsa, g\u00fcvenli\u011fi sa\u011flamak i\u00e7in ExdIICT6 gibi daha y\u00fcksek bir Patlamaya dayan\u0131kl\u0131 i\u015faretleme seviyesi se\u00e7meniz gerekir.<\/p>\n\n\n\n<div class=\"wp-block-uagb-container uagb-block-c7d898dd alignfull uagb-is-root-container\"><div class=\"uagb-container-inner-blocks-wrap\"><\/div><\/div>\n\n\n\n<h2 class=\"wp-block-heading\">\u0130lgili \u00dcr\u00fcnler<\/h2>\n\n\n\n<div class=\"wp-block-uagb-container uagb-block-66e4defc alignfull uagb-is-root-container\"><div class=\"uagb-container-inner-blocks-wrap\">\n<div class=\"wp-block-uagb-container uagb-block-a42945f9\">\n<div class=\"wp-block-uagb-image uagb-block-7296296b wp-block-uagb-image--layout-default wp-block-uagb-image--effect-static wp-block-uagb-image--align-none\"><figure class=\"wp-block-uagb-image__figure\"><a class=\"\" href=\"https:\/\/led.amasly.com\/tr\/products\/\" target=\"\" rel=\"noopener\"><img decoding=\"async\" srcset=\"https:\/\/led.amasly.com\/wp-content\/uploads\/2024\/09\/Explosion-proof-high-bay-lights.png ,https:\/\/led.amasly.com\/wp-content\/uploads\/2024\/09\/Explosion-proof-high-bay-lights.png 780w, https:\/\/led.amasly.com\/wp-content\/uploads\/2024\/09\/Explosion-proof-high-bay-lights.png 360w\" sizes=\"auto, (max-width: 480px) 150px\" src=\"https:\/\/led.amasly.com\/wp-content\/uploads\/2024\/09\/Explosion-proof-high-bay-lights.png\" alt=\"\" class=\"uag-image-1495\" width=\"300\" height=\"300\" title=\"Patlamaya dayan\u0131kl\u0131 y\u00fcksek tavan lambalar\u0131\" loading=\"lazy\" role=\"img\"><\/a><\/figure><\/div>\n<\/div>\n\n\n\n<div class=\"wp-block-uagb-container uagb-block-4d3efde5\">\n<div class=\"wp-block-uagb-image uagb-block-c9e90797 wp-block-uagb-image--layout-default wp-block-uagb-image--effect-static wp-block-uagb-image--align-none\"><figure class=\"wp-block-uagb-image__figure\"><a class=\"\" href=\"https:\/\/led.amasly.com\/tr\/products\/\" target=\"\" rel=\"noopener\"><img decoding=\"async\" srcset=\"https:\/\/led.amasly.com\/wp-content\/uploads\/2024\/07\/LED-tri-proof-lights2.png ,https:\/\/led.amasly.com\/wp-content\/uploads\/2024\/07\/LED-tri-proof-lights2.png 780w, https:\/\/led.amasly.com\/wp-content\/uploads\/2024\/07\/LED-tri-proof-lights2.png 360w\" sizes=\"auto, (max-width: 480px) 150px\" src=\"https:\/\/led.amasly.com\/wp-content\/uploads\/2024\/07\/LED-tri-proof-lights2.png\" alt=\"\" class=\"uag-image-1132\" width=\"300\" height=\"300\" title=\"LED-tri-proof-\u0131\u015f\u0131klar2\" loading=\"lazy\" role=\"img\"><\/a><\/figure><\/div>\n<\/div>\n\n\n\n<div class=\"wp-block-uagb-container uagb-block-11c2578b\">\n<div class=\"wp-block-uagb-image uagb-block-6e8883aa wp-block-uagb-image--layout-default wp-block-uagb-image--effect-static wp-block-uagb-image--align-none\"><figure class=\"wp-block-uagb-image__figure\"><a class=\"\" href=\"https:\/\/led.amasly.com\/tr\/products\/\" target=\"\" rel=\"noopener\"><img decoding=\"async\" srcset=\"https:\/\/led.amasly.com\/wp-content\/uploads\/2024\/09\/LED-Explosion-Proof-Gas-Station-Light.png ,https:\/\/led.amasly.com\/wp-content\/uploads\/2024\/09\/LED-Explosion-Proof-Gas-Station-Light.png 780w, https:\/\/led.amasly.com\/wp-content\/uploads\/2024\/09\/LED-Explosion-Proof-Gas-Station-Light.png 360w\" sizes=\"auto, (max-width: 480px) 150px\" src=\"https:\/\/led.amasly.com\/wp-content\/uploads\/2024\/09\/LED-Explosion-Proof-Gas-Station-Light.png\" alt=\"\" class=\"uag-image-1501\" width=\"300\" height=\"300\" title=\"LED Patlamaya Dayan\u0131kl\u0131 Benzin \u0130stasyonu I\u015f\u0131\u011f\u0131\" loading=\"lazy\" role=\"img\"><\/a><\/figure><\/div>\n<\/div>\n<\/div><\/div>\n\n\n\n<div class=\"wp-block-uagb-container uagb-block-548945b5 alignfull uagb-is-root-container\"><div class=\"uagb-container-inner-blocks-wrap\">\n<div class=\"wp-block-uagb-container uagb-block-967755d5\">\n<h4 class=\"wp-block-heading has-text-align-center\"><a href=\"https:\/\/led.amasly.com\/tr\/products\/\">LED Patlamaya Dayan\u0131kl\u0131 I\u015f\u0131klar<\/a><\/h4>\n<\/div>\n\n\n\n<div class=\"wp-block-uagb-container uagb-block-9bc52fc2\">\n<h4 class=\"wp-block-heading has-text-align-center\"><a href=\"https:\/\/led.amasly.com\/tr\/products\/\">LED Tri-Proof I\u015f\u0131klar<\/a><\/h4>\n<\/div>\n\n\n\n<div class=\"wp-block-uagb-container uagb-block-8ffa0a23\">\n<h4 class=\"wp-block-heading has-text-align-center\"><a href=\"https:\/\/led.amasly.com\/tr\/products\/\">Patlamaya Dayan\u0131kl\u0131 Benzin \u0130stasyonu I\u015f\u0131klar\u0131<\/a><\/h4>\n<\/div>\n<\/div><\/div>\n\n\n\n<div class=\"wp-block-uagb-container uagb-block-29499fe0 alignfull uagb-is-root-container\"><div class=\"uagb-container-inner-blocks-wrap\">\n<div class=\"wp-block-uagb-container uagb-block-777ee1c7\">\n<div class=\"wp-block-uagb-image uagb-block-2e9a1851 wp-block-uagb-image--layout-default wp-block-uagb-image--effect-static wp-block-uagb-image--align-none\"><figure class=\"wp-block-uagb-image__figure\"><a class=\"\" href=\"https:\/\/led.amasly.com\/tr\/products\/\" target=\"\" rel=\"noopener\"><img decoding=\"async\" srcset=\"https:\/\/led.amasly.com\/wp-content\/uploads\/2024\/10\/50W-100W-150W-200W-300W-LED-Flood-Light.jpg ,https:\/\/led.amasly.com\/wp-content\/uploads\/2024\/10\/50W-100W-150W-200W-300W-LED-Flood-Light.jpg 780w, https:\/\/led.amasly.com\/wp-content\/uploads\/2024\/10\/50W-100W-150W-200W-300W-LED-Flood-Light.jpg 360w\" sizes=\"auto, (max-width: 480px) 150px\" src=\"https:\/\/led.amasly.com\/wp-content\/uploads\/2024\/10\/50W-100W-150W-200W-300W-LED-Flood-Light.jpg\" alt=\"\" class=\"uag-image-1526\" width=\"300\" height=\"300\" title=\"50W 100W 150W 200W 300W LED Ta\u015fk\u0131n I\u015f\u0131k\" loading=\"lazy\" role=\"img\"><\/a><\/figure><\/div>\n<\/div>\n\n\n\n<div class=\"wp-block-uagb-container uagb-block-af8c8683\">\n<div class=\"wp-block-uagb-image uagb-block-67947854 wp-block-uagb-image--layout-default wp-block-uagb-image--effect-static wp-block-uagb-image--align-none\"><figure class=\"wp-block-uagb-image__figure\"><a class=\"\" href=\"https:\/\/led.amasly.com\/tr\/products\/\" target=\"\" rel=\"noopener\"><img decoding=\"async\" srcset=\"https:\/\/led.amasly.com\/wp-content\/uploads\/2024\/07\/led-tri-proof-light.png ,https:\/\/led.amasly.com\/wp-content\/uploads\/2024\/07\/led-tri-proof-light.png 780w, https:\/\/led.amasly.com\/wp-content\/uploads\/2024\/07\/led-tri-proof-light.png 360w\" sizes=\"auto, (max-width: 480px) 150px\" src=\"https:\/\/led.amasly.com\/wp-content\/uploads\/2024\/07\/led-tri-proof-light.png\" alt=\"\" class=\"uag-image-1130\" width=\"300\" height=\"300\" title=\"led-tri-proof-\u0131\u015f\u0131k\" loading=\"lazy\" role=\"img\"><\/a><\/figure><\/div>\n<\/div>\n\n\n\n<div class=\"wp-block-uagb-container uagb-block-0fdfdd58\">\n<div class=\"wp-block-uagb-image uagb-block-1187d32d wp-block-uagb-image--layout-default wp-block-uagb-image--effect-static wp-block-uagb-image--align-none\"><figure class=\"wp-block-uagb-image__figure\"><a class=\"\" href=\"https:\/\/led.amasly.com\/tr\/products\/\" target=\"\" rel=\"noopener\"><img decoding=\"async\" srcset=\"https:\/\/led.amasly.com\/wp-content\/uploads\/2024\/07\/LED-street-light.jpg ,https:\/\/led.amasly.com\/wp-content\/uploads\/2024\/07\/LED-street-light.jpg 780w, https:\/\/led.amasly.com\/wp-content\/uploads\/2024\/07\/LED-street-light.jpg 360w\" sizes=\"auto, (max-width: 480px) 150px\" src=\"https:\/\/led.amasly.com\/wp-content\/uploads\/2024\/07\/LED-street-light.jpg\" alt=\"\" class=\"uag-image-1145\" width=\"300\" height=\"300\" title=\"LED-sokak-\u0131\u015f\u0131\u011f\u0131\" loading=\"lazy\" role=\"img\"><\/a><\/figure><\/div>\n<\/div>\n<\/div><\/div>\n\n\n\n<div class=\"wp-block-uagb-container uagb-block-6a60882c alignfull uagb-is-root-container\"><div class=\"uagb-container-inner-blocks-wrap\">\n<div class=\"wp-block-uagb-container uagb-block-f1e91a35\">\n<h4 class=\"wp-block-heading has-text-align-center\"><a href=\"https:\/\/led.amasly.com\/tr\/products\/\">LED Sel I\u015f\u0131klar\u0131<\/a><\/h4>\n<\/div>\n\n\n\n<div class=\"wp-block-uagb-container uagb-block-165bfa58\">\n<h4 class=\"wp-block-heading has-text-align-center\"><a href=\"https:\/\/led.amasly.com\/tr\/products\/\">LED Tri-Proof T\u00fcp I\u015f\u0131klar<\/a><\/h4>\n<\/div>\n\n\n\n<div class=\"wp-block-uagb-container uagb-block-f6096e3b\">\n<h4 class=\"wp-block-heading has-text-align-center\"><a href=\"https:\/\/led.amasly.com\/tr\/products\/\">LED Sokak Lambalar\u0131<\/a><\/h4>\n<\/div>\n<\/div><\/div>\n\n\n\n<div class=\"wp-block-uagb-container uagb-block-99c0e0a5 alignfull uagb-is-root-container\"><div class=\"uagb-container-inner-blocks-wrap\"><\/div><\/div>\n\n\n\n<p><\/p>","protected":false},"excerpt":{"rendered":"<p>What is an explosion proof flashlight? Explosion proof flashlight is a kind of lighting tool designed for flammable and explosive places, mainly used in fire fighting, electric power, industrial and mining enterprises and other flammable and explosive places to provide mobile lighting. It is used for firefighting, electric power, industrial and mining enterprises and other [&hellip;]<\/p>\n","protected":false},"author":1,"featured_media":0,"parent":2374,"menu_order":0,"comment_status":"closed","ping_status":"closed","template":"","meta":{"_uag_custom_page_level_css":"","site-sidebar-layout":"no-sidebar","site-content-layout":"","ast-site-content-layout":"default","site-content-style":"default","site-sidebar-style":"default","ast-global-header-display":"","ast-banner-title-visibility":"","ast-main-header-display":"","ast-hfb-above-header-display":"","ast-hfb-below-header-display":"","ast-hfb-mobile-header-display":"","site-post-title":"disabled","ast-breadcrumbs-content":"","ast-featured-img":"","footer-sml-layout":"","ast-disable-related-posts":"","theme-transparent-header-meta":"enabled","adv-header-id-meta":"","stick-header-meta":"","header-above-stick-meta":"","header-main-stick-meta":"","header-below-stick-meta":"","astra-migrate-meta-layouts":"set","ast-page-background-enabled":"default","ast-page-background-meta":{"desktop":{"background-color":"var(--ast-global-color-4)","background-image":"","background-repeat":"repeat","background-position":"center center","background-size":"auto","background-attachment":"scroll","background-type":"","background-media":"","overlay-type":"","overlay-color":"","overlay-opacity":"","overlay-gradient":""},"tablet":{"background-color":"","background-image":"","background-repeat":"repeat","background-position":"center center","background-size":"auto","background-attachment":"scroll","background-type":"","background-media":"","overlay-type":"","overlay-color":"","overlay-opacity":"","overlay-gradient":""},"mobile":{"background-color":"","background-image":"","background-repeat":"repeat","background-position":"center center","background-size":"auto","background-attachment":"scroll","background-type":"","background-media":"","overlay-type":"","overlay-color":"","overlay-opacity":"","overlay-gradient":""}},"ast-content-background-meta":{"desktop":{"background-color":"var(--ast-global-color-5)","background-image":"","background-repeat":"repeat","background-position":"center center","background-size":"auto","background-attachment":"scroll","background-type":"","background-media":"","overlay-type":"","overlay-color":"","overlay-opacity":"","overlay-gradient":""},"tablet":{"background-color":"var(--ast-global-color-5)","background-image":"","background-repeat":"repeat","background-position":"center center","background-size":"auto","background-attachment":"scroll","background-type":"","background-media":"","overlay-type":"","overlay-color":"","overlay-opacity":"","overlay-gradient":""},"mobile":{"background-color":"var(--ast-global-color-5)","background-image":"","background-repeat":"repeat","background-position":"center center","background-size":"auto","background-attachment":"scroll","background-type":"","background-media":"","overlay-type":"","overlay-color":"","overlay-opacity":"","overlay-gradient":""}},"footnotes":""},"class_list":["post-3013","page","type-page","status-publish","hentry"],"uagb_featured_image_src":{"full":false,"thumbnail":false,"medium":false,"medium_large":false,"large":false,"1536x1536":false,"2048x2048":false,"trp-custom-language-flag":false},"uagb_author_info":{"display_name":"Joe","author_link":"https:\/\/led.amasly.com\/tr\/author\/jacklin\/"},"uagb_comment_info":0,"uagb_excerpt":"What is an explosion proof flashlight? Explosion proof flashlight is a kind of lighting tool designed for flammable and explosive places, mainly used in fire fighting, electric power, industrial and mining enterprises and other flammable and explosive places to provide mobile lighting. It is used for firefighting, electric power, industrial and mining enterprises and other&hellip;","_links":{"self":[{"href":"https:\/\/led.amasly.com\/tr\/wp-json\/wp\/v2\/pages\/3013","targetHints":{"allow":["GET"]}}],"collection":[{"href":"https:\/\/led.amasly.com\/tr\/wp-json\/wp\/v2\/pages"}],"about":[{"href":"https:\/\/led.amasly.com\/tr\/wp-json\/wp\/v2\/types\/page"}],"author":[{"embeddable":true,"href":"https:\/\/led.amasly.com\/tr\/wp-json\/wp\/v2\/users\/1"}],"replies":[{"embeddable":true,"href":"https:\/\/led.amasly.com\/tr\/wp-json\/wp\/v2\/comments?post=3013"}],"version-history":[{"count":1,"href":"https:\/\/led.amasly.com\/tr\/wp-json\/wp\/v2\/pages\/3013\/revisions"}],"predecessor-version":[{"id":3020,"href":"https:\/\/led.amasly.com\/tr\/wp-json\/wp\/v2\/pages\/3013\/revisions\/3020"}],"up":[{"embeddable":true,"href":"https:\/\/led.amasly.com\/tr\/wp-json\/wp\/v2\/pages\/2374"}],"wp:attachment":[{"href":"https:\/\/led.amasly.com\/tr\/wp-json\/wp\/v2\/media?parent=3013"}],"curies":[{"name":"wp","href":"https:\/\/api.w.org\/{rel}","templated":true}]}}