{"id":2984,"date":"2025-04-08T22:58:28","date_gmt":"2025-04-08T14:58:28","guid":{"rendered":"https:\/\/led.amasly.com\/?page_id=2984"},"modified":"2026-01-27T22:46:45","modified_gmt":"2026-01-27T14:46:45","slug":"led-light-knowledge","status":"publish","type":"page","link":"https:\/\/led.amasly.com\/tr\/knowledge\/led-light-knowledge\/","title":{"rendered":"LED I\u015f\u0131k Bilgisi"},"content":{"rendered":"<div class=\"wp-block-columns is-layout-flex wp-container-core-columns-is-layout-28f84493 wp-block-columns-is-layout-flex\">\n<div class=\"wp-block-column is-layout-flow wp-block-column-is-layout-flow\"><\/div>\n\n\n\n<div class=\"wp-block-column is-layout-flow wp-block-column-is-layout-flow\"><\/div>\n<\/div>\n\n\n\n<div class=\"wp-block-columns is-layout-flex wp-container-core-columns-is-layout-28f84493 wp-block-columns-is-layout-flex\">\n<div class=\"wp-block-column is-layout-flow wp-block-column-is-layout-flow\" style=\"flex-basis:100%\">\n<p class=\"has-medium-font-size\">LED \u0131\u015f\u0131k, g\u00fcm\u00fc\u015f tutkal veya beyaz tutkal ile brakete kat\u0131la\u015ft\u0131r\u0131lm\u0131\u015f ve daha sonra \u00e7ip ve devre kart\u0131na g\u00fcm\u00fc\u015f veya alt\u0131n tel ile ba\u011flanm\u0131\u015f, i\u00e7 \u00e7ekirdek telini korumak i\u00e7in epoksi re\u00e7ine ile etraf\u0131 kapat\u0131lm\u0131\u015f ve son olarak kabu\u011fu tak\u0131lm\u0131\u015f bir elektrominesans yar\u0131 iletken malzeme \u00e7ipidir, bu nedenle LED \u0131\u015f\u0131k iyi sismik performansa sahiptir.<br><\/p>\n\n\n\n<p class=\"has-medium-font-size\">LED (Light Emitting Diode), \u0131\u015f\u0131k yayan diyot, elektrik enerjisini g\u00f6r\u00fcn\u00fcr \u0131\u015f\u0131\u011fa d\u00f6n\u00fc\u015ft\u00fcrebilen, elektri\u011fi do\u011frudan \u0131\u015f\u0131\u011fa d\u00f6n\u00fc\u015ft\u00fcrebilen kat\u0131 yar\u0131 iletken bir cihazd\u0131r. LED'in kalbi yar\u0131 iletken bir \u00e7iptir, \u00e7ipin bir ucu bir brakete tutturulur, bir ucu negatif bir elektrottur ve di\u011fer ucu g\u00fc\u00e7 kayna\u011f\u0131n\u0131n pozitif elektroduna ba\u011flan\u0131r, b\u00f6ylece t\u00fcm \u00e7ip epoksi re\u00e7ine ile kaps\u00fcllenir.<br><\/p>\n\n\n\n<p class=\"has-medium-font-size\">LED ayd\u0131nlatma armat\u00fcrleri iki b\u00f6l\u00fcme ayr\u0131labilir: i\u00e7 mekan ayd\u0131nlatmas\u0131 ve d\u0131\u015f mekan ayd\u0131nlatmas\u0131. Piyasadaki yayg\u0131n LED ayd\u0131nlatma armat\u00fcrleri t\u00fcrleri temel olarak a\u015fa\u011f\u0131daki \u00fcr\u00fcn t\u00fcrlerini i\u00e7erir: LED y\u00fcksek g\u00fc\u00e7 mod\u00fcl\u00fc sokak lambas\u0131, LED spot \u0131\u015f\u0131k, LED lamba kab\u0131, LED lamba tutucu, LED lamba tutucu, LED lamba \u015feridi, LED lamba t\u00fcp\u00fc, LED lamba, LED lamba \u015feridi, LED lamba dizisi, LED ampul, LED lamba boncu\u011fu, LED fitil, LED \u00e7ip, LED downlight, LED mum \u0131\u015f\u0131\u011f\u0131, LED y\u0131ld\u0131z \u0131\u015f\u0131\u011f\u0131, LE D \u0130nd\u00fcksiyon \u0131\u015f\u0131klar\u0131, d\u00fc\u015f\u00fck g\u00fc\u00e7l\u00fc LED \u0131\u015f\u0131klar, y\u00fcksek g\u00fc\u00e7l\u00fc LED \u0131\u015f\u0131klar, y\u00fcksek g\u00fc\u00e7l\u00fc LED enerji tasarruflu \u0131\u015f\u0131klar, LED meteor du\u015f \u0131\u015f\u0131klar\u0131, LED hava vitamini ar\u0131tma \u0131\u015f\u0131klar\u0131, LED ses kontroll\u00fc \u0131\u015f\u0131klar, LED d\u00fcz \u0131\u015f\u0131klar, LED dokunmatik \u0131\u015f\u0131klar, LED yar\u0131 iletken ayd\u0131nlatma, LED y\u00fcksek g\u00fc\u00e7l\u00fc g\u00f6ky\u00fcz\u00fc \u0131\u015f\u0131klar\u0131, LED patlamaya dayan\u0131kl\u0131 \u0131\u015f\u0131klar, LED t\u00fcp ekran, LED patlamaya dayan\u0131kl\u0131 korozyon \u00f6nleyici ve toz ge\u00e7irmez \u0131\u015f\u0131klar, LED kat\u0131 hal Bak\u0131m gerektirmeyen patlamaya dayan\u0131kl\u0131 lamba, LED floresan lamba lensi, LED patlamaya dayan\u0131kl\u0131 projekt\u00f6r, LED y\u00fcksek g\u00fc\u00e7l\u00fc lamba, LED floresan lamba, LED TV, LED arka \u0131\u015f\u0131k, LED araba lambas\u0131, LED dolgu \u0131\u015f\u0131\u011f\u0131, LED g\u00fc\u00e7l\u00fc el feneri, LED projekt\u00f6r, LED cesaret lambas\u0131, LED m\u0131s\u0131r lambas\u0131, LED g\u00f6m\u00fcl\u00fc \u0131\u015f\u0131k, LED dolap \u0131\u015f\u0131\u011f\u0131, LED sahne \u0131\u015f\u0131\u011f\u0131, LED t\u00fcccar Saha lambas\u0131, LED torna lambas\u0131, LED di\u015f lambas\u0131, LED maden arabas\u0131 lambas\u0131, LED patlamaya dayan\u0131kl\u0131 d\u00fcz lamba, LED t\u00fcnel lambas\u0131, di\u011fer LED s\u0131n\u0131fland\u0131rma \u00fcr\u00fcnleri.<\/p>\n<\/div>\n<\/div>\n\n\n\n<h1 class=\"wp-block-heading\">LED I\u015f\u0131k Bilgisi<\/h1>\n\n\n\n<ul class=\"wp-block-list\">\n<li class=\"has-large-font-size\"><strong><a href=\"https:\/\/led.amasly.com\/tr\/explosion-proof-products-knowledge\/how-many-hours-can-led-lights-stay-on-\uff1f\/\">LED \u0131\u015f\u0131klar ka\u00e7 saat a\u00e7\u0131k kalabilir?<\/a><\/strong><\/li>\n<\/ul>\n\n\n\n<ul class=\"wp-block-list\">\n<li class=\"has-large-font-size\"><strong><a href=\"https:\/\/led.amasly.com\/tr\/explosion-proof-products-knowledge\/is-it-ok-to-sleep-next-to-led-lights\/\">LED \u0131\u015f\u0131klar\u0131n yan\u0131nda uyumak sorun olur mu?<\/a><\/strong><\/li>\n<\/ul>\n\n\n\n<ul class=\"wp-block-list\">\n<li class=\"has-large-font-size\"><strong><a href=\"https:\/\/led.amasly.com\/tr\/explosion-proof-products-knowledge\/is-it-okay-to-use-led-light-everyday\/\">Her g\u00fcn LED \u0131\u015f\u0131k kullanmak do\u011fru mu?<\/a><\/strong><\/li>\n<\/ul>\n\n\n\n<ul class=\"wp-block-list\">\n<li class=\"has-large-font-size\"><strong><a href=\"https:\/\/led.amasly.com\/tr\/explosion-proof-products-knowledge\/do-led-lights-have-any-effect-on-human-health\/\">LED \u0131\u015f\u0131klar\u0131n insan sa\u011fl\u0131\u011f\u0131 \u00fczerinde herhangi bir etkisi var m\u0131?<\/a><\/strong><\/li>\n\n\n\n<li class=\"has-large-font-size\"><strong><a href=\"https:\/\/led.amasly.com\/tr\/led-light-knowledge\/what-is-power-factor-led-lighting-power-factor-key-information\/\">G\u00fc\u00e7 Fakt\u00f6r\u00fc Nedir? LED Ayd\u0131nlatma G\u00fc\u00e7 Fakt\u00f6r\u00fc Temel Bilgiler<\/a><\/strong><\/li>\n\n\n\n<li class=\"has-large-font-size\"><strong><a href=\"https:\/\/led.amasly.com\/tr\/led-light-knowledge\/how-much-do-street-lights-cost-factors-affecting-the-price-of-street-lights\/\">Sokak lambalar\u0131n\u0131n maliyeti nedir? Sokak lambalar\u0131n\u0131n fiyat\u0131n\u0131 etkileyen fakt\u00f6rler<\/a><\/strong><\/li>\n<\/ul>\n\n\n\n<ul class=\"wp-block-list\">\n<li class=\"has-large-font-size\"><strong><a href=\"https:\/\/led.amasly.com\/tr\/explosion-proof-products-knowledge\/is-it-safe-to-let-led-lights-on-all-night\/\">LED \u0131\u015f\u0131klar\u0131 t\u00fcm gece a\u00e7\u0131k b\u0131rakmak g\u00fcvenli midir?<\/a><\/strong><\/li>\n<\/ul>\n\n\n\n<ul class=\"wp-block-list\">\n<li class=\"has-large-font-size\"><strong><a href=\"https:\/\/led.amasly.com\/tr\/led-light-knowledge\/what-are-the-common-quality-problems-of-led-street-lights\/\">LED sokak lambalar\u0131n\u0131n yayg\u0131n kalite sorunlar\u0131 nelerdir?<\/a><\/strong><\/li>\n\n\n\n<li class=\"has-large-font-size\"><strong><a href=\"https:\/\/led.amasly.com\/tr\/led-light-knowledge\/the-critical-role-of-lighting-in-healthcare-organizationsis\/\">Sa\u011fl\u0131k Kurulu\u015flar\u0131nda Ayd\u0131nlatman\u0131n Kritik Rol\u00fc<\/a><\/strong><\/li>\n\n\n\n<li class=\"has-large-font-size\"><strong><a href=\"https:\/\/led.amasly.com\/tr\/led-light-knowledge\/which-color-led-light-is-best-for-sleeping\/\">Hangi renk LED \u0131\u015f\u0131k uyumak i\u00e7in en iyisidir?<\/a><\/strong><\/li>\n<\/ul>\n\n\n\n<ul class=\"wp-block-list\">\n<li class=\"has-large-font-size\"><strong><a href=\"https:\/\/led.amasly.com\/tr\/led-light-knowledge\/led-lights-do-not-light-up-common-causes-and-solutions\/\">LED \u0131\u015f\u0131klar yanm\u0131yor mu? Yayg\u0131n Nedenler ve \u00c7\u00f6z\u00fcmler<\/a><\/strong><\/li>\n<\/ul>\n\n\n\n<ul class=\"wp-block-list\">\n<li class=\"has-large-font-size\"><strong><a href=\"https:\/\/led.amasly.com\/tr\/led-light-knowledge\/what-is-the-difference-between-dimmable-and-non-dimmable-led-lights\/\">K\u0131s\u0131labilir ve k\u0131s\u0131lamayan LED \u0131\u015f\u0131klar aras\u0131ndaki fark nedir?<\/a><\/strong><\/li>\n\n\n\n<li class=\"has-large-font-size\"><strong><a href=\"https:\/\/led.amasly.com\/tr\/led-light-knowledge\/how-long-do-led-lights-lifespan\/\">LED \u0131\u015f\u0131klar\u0131n \u00f6mr\u00fc ne kadard\u0131r?<\/a><\/strong><\/li>\n\n\n\n<li class=\"has-large-font-size\"><strong><a href=\"https:\/\/led.amasly.com\/tr\/led-light-knowledge\/performance-of-led-lamps-and-their-requirements\/\">LED lambalar\u0131n performans\u0131 ve gereksinimleri<\/a><\/strong><\/li>\n<\/ul>\n\n\n\n<ul class=\"wp-block-list\">\n<li class=\"has-large-font-size\"><strong><a href=\"https:\/\/led.amasly.com\/tr\/led-light-knowledge\/60-watt-vs-100-watt-lamps-whats-the-difference-and-which-is-better\/\">60 watt vs. 100 watt lambalar: fark nedir ve hangisi daha iyidir?<\/a><\/strong><\/li>\n\n\n\n<li class=\"has-large-font-size\"><strong><a href=\"https:\/\/led.amasly.com\/tr\/led-light-knowledge\/what-is-led-color-temperature-how-to-choose-between-3000k-4000k-and-5000k\/\">LED Renk S\u0131cakl\u0131\u011f\u0131 Nedir? 3000K, 4000K ve 5000K Aras\u0131nda Nas\u0131l Se\u00e7im Yap\u0131l\u0131r?<\/a><\/strong><\/li>\n\n\n\n<li class=\"has-large-font-size\"><strong><strong><a href=\"https:\/\/led.amasly.com\/tr\/knowledge\/led-light-knowledge\/are-led-lights-safe-seven-common-misconceptions\/\">LED \u0131\u015f\u0131klar g\u00fcvenli midir? Yedi yayg\u0131n yanl\u0131\u015f kan\u0131<\/a><\/strong><\/strong><\/li>\n<\/ul>\n\n\n\n<div class=\"wp-block-uagb-container uagb-block-2f7a90f6 alignfull uagb-is-root-container\"><div class=\"uagb-container-inner-blocks-wrap\">\n<div class=\"wp-block-uagb-info-box uagb-block-8b5cd174 uagb-infobox__content-wrap  uagb-infobox-icon-above-title uagb-infobox-image-valign-top wp-block-uagb-info-box--has-margin\"><div class=\"uagb-infobox-margin-wrapper\"><div class=\"uagb-ifb-content\"><div class=\"uagb-ifb-title-wrap\"><\/div><\/div><\/div><\/div>\n<\/div><\/div>\n\n\n\n<h2 class=\"wp-block-heading\">\u0130lgili \u00dcr\u00fcnler<\/h2>\n\n\n\n<div class=\"wp-block-uagb-container uagb-block-492a12c6 alignfull uagb-is-root-container\"><div class=\"uagb-container-inner-blocks-wrap\">\n<div class=\"wp-block-uagb-container uagb-block-489233b8\">\n<div class=\"wp-block-uagb-image uagb-block-f86481bd wp-block-uagb-image--layout-default wp-block-uagb-image--effect-static wp-block-uagb-image--align-none\"><figure class=\"wp-block-uagb-image__figure\"><a class=\"\" href=\"https:\/\/led.amasly.com\/tr\/products\/\" target=\"\" rel=\"noopener\"><img decoding=\"async\" srcset=\"https:\/\/led.amasly.com\/wp-content\/uploads\/2024\/09\/Explosion-proof-high-bay-lights.png ,https:\/\/led.amasly.com\/wp-content\/uploads\/2024\/09\/Explosion-proof-high-bay-lights.png 780w, https:\/\/led.amasly.com\/wp-content\/uploads\/2024\/09\/Explosion-proof-high-bay-lights.png 360w\" sizes=\"auto, (max-width: 480px) 150px\" src=\"https:\/\/led.amasly.com\/wp-content\/uploads\/2024\/09\/Explosion-proof-high-bay-lights.png\" alt=\"\" class=\"uag-image-1495\" width=\"300\" height=\"300\" title=\"Patlamaya dayan\u0131kl\u0131 y\u00fcksek tavan lambalar\u0131\" loading=\"lazy\" role=\"img\"><\/a><\/figure><\/div>\n<\/div>\n\n\n\n<div class=\"wp-block-uagb-container uagb-block-41faa083\">\n<div class=\"wp-block-uagb-image uagb-block-f71a09a9 wp-block-uagb-image--layout-default wp-block-uagb-image--effect-static wp-block-uagb-image--align-none\"><figure class=\"wp-block-uagb-image__figure\"><a class=\"\" href=\"https:\/\/led.amasly.com\/tr\/products\/\" target=\"\" rel=\"noopener\"><img decoding=\"async\" srcset=\"https:\/\/led.amasly.com\/wp-content\/uploads\/2024\/08\/Explosion-proof-flood-light.png ,https:\/\/led.amasly.com\/wp-content\/uploads\/2024\/08\/Explosion-proof-flood-light.png 780w, https:\/\/led.amasly.com\/wp-content\/uploads\/2024\/08\/Explosion-proof-flood-light.png 360w\" sizes=\"auto, (max-width: 480px) 150px\" src=\"https:\/\/led.amasly.com\/wp-content\/uploads\/2024\/08\/Explosion-proof-flood-light.png\" alt=\"\" class=\"uag-image-1482\" width=\"300\" height=\"300\" title=\"Patlamaya dayan\u0131kl\u0131 projekt\u00f6r\" loading=\"lazy\" role=\"img\"><\/a><\/figure><\/div>\n<\/div>\n\n\n\n<div class=\"wp-block-uagb-container uagb-block-85cfaedc\">\n<div class=\"wp-block-uagb-image uagb-block-21b5cff7 wp-block-uagb-image--layout-default wp-block-uagb-image--effect-static wp-block-uagb-image--align-none\"><figure class=\"wp-block-uagb-image__figure\"><a class=\"\" href=\"https:\/\/led.amasly.com\/tr\/products\/\" target=\"\" rel=\"noopener\"><img decoding=\"async\" srcset=\"https:\/\/led.amasly.com\/wp-content\/uploads\/2025\/01\/1.jpg ,https:\/\/led.amasly.com\/wp-content\/uploads\/2025\/01\/1.jpg 780w, https:\/\/led.amasly.com\/wp-content\/uploads\/2025\/01\/1.jpg 360w\" sizes=\"auto, (max-width: 480px) 150px\" src=\"https:\/\/led.amasly.com\/wp-content\/uploads\/2025\/01\/1.jpg\" alt=\"\" class=\"uag-image-1686\" width=\"800\" height=\"800\" title=\"1\" loading=\"lazy\" role=\"img\"><\/a><\/figure><\/div>\n<\/div>\n\n\n\n<div class=\"wp-block-uagb-container uagb-block-26ed2c96\">\n<div class=\"wp-block-uagb-image uagb-block-74690288 wp-block-uagb-image--layout-default wp-block-uagb-image--effect-static wp-block-uagb-image--align-none\"><figure class=\"wp-block-uagb-image__figure\"><a class=\"\" href=\"https:\/\/led.amasly.com\/tr\/products\/\" target=\"\" rel=\"noopener\"><img decoding=\"async\" srcset=\"https:\/\/led.amasly.com\/wp-content\/uploads\/2024\/09\/LED-Explosion-Proof-Gas-Station-Light.png ,https:\/\/led.amasly.com\/wp-content\/uploads\/2024\/09\/LED-Explosion-Proof-Gas-Station-Light.png 780w, https:\/\/led.amasly.com\/wp-content\/uploads\/2024\/09\/LED-Explosion-Proof-Gas-Station-Light.png 360w\" sizes=\"auto, (max-width: 480px) 150px\" src=\"https:\/\/led.amasly.com\/wp-content\/uploads\/2024\/09\/LED-Explosion-Proof-Gas-Station-Light.png\" alt=\"\" class=\"uag-image-1501\" width=\"300\" height=\"300\" title=\"LED Patlamaya Dayan\u0131kl\u0131 Benzin \u0130stasyonu I\u015f\u0131\u011f\u0131\" loading=\"lazy\" role=\"img\"><\/a><\/figure><\/div>\n<\/div>\n<\/div><\/div>\n\n\n\n<div class=\"wp-block-uagb-container uagb-block-7c7b1c72 alignfull uagb-is-root-container\"><div class=\"uagb-container-inner-blocks-wrap\">\n<div class=\"wp-block-uagb-container uagb-block-de40c4b5\">\n<h5 class=\"wp-block-heading has-text-align-center\"><a href=\"https:\/\/led.amasly.com\/tr\/products\/\">Patlamaya Dayan\u0131kl\u0131 Y\u00fcksek Bay I\u015f\u0131k<\/a><\/h5>\n<\/div>\n\n\n\n<div class=\"wp-block-uagb-container uagb-block-f38acbf0\">\n<h5 class=\"wp-block-heading has-text-align-center\"><a href=\"https:\/\/led.amasly.com\/tr\/products\/\">Patlamaya Dayan\u0131kl\u0131 Sel I\u015f\u0131\u011f\u0131<\/a><\/h5>\n<\/div>\n\n\n\n<div class=\"wp-block-uagb-container uagb-block-2cdde923\">\n<h5 class=\"wp-block-heading has-text-align-center\"><a href=\"https:\/\/led.amasly.com\/tr\/products\/\">Patlamaya Dayan\u0131kl\u0131 Lineer I\u015f\u0131k<\/a><\/h5>\n<\/div>\n\n\n\n<div class=\"wp-block-uagb-container uagb-block-4786d708\">\n<h5 class=\"wp-block-heading has-text-align-center\"><a href=\"https:\/\/led.amasly.com\/tr\/products\/\">Patlamaya Dayan\u0131kl\u0131 Benzin \u0130stasyonu I\u015f\u0131\u011f\u0131<\/a><\/h5>\n<\/div>\n<\/div><\/div>\n\n\n\n<div class=\"wp-block-uagb-container uagb-block-cb024e0e alignfull uagb-is-root-container\"><div class=\"uagb-container-inner-blocks-wrap\">\n<div class=\"wp-block-uagb-container uagb-block-af459a34\">\n<div class=\"wp-block-uagb-image uagb-block-b2e8e1b3 wp-block-uagb-image--layout-default wp-block-uagb-image--effect-static wp-block-uagb-image--align-none\"><figure class=\"wp-block-uagb-image__figure\"><a class=\"\" href=\"https:\/\/led.amasly.com\/tr\/products\/\" target=\"\" rel=\"noopener\"><img decoding=\"async\" srcset=\"https:\/\/led.amasly.com\/wp-content\/uploads\/2024\/10\/50W-100W-150W-200W-300W-LED-Flood-Light.jpg ,https:\/\/led.amasly.com\/wp-content\/uploads\/2024\/10\/50W-100W-150W-200W-300W-LED-Flood-Light.jpg 780w, https:\/\/led.amasly.com\/wp-content\/uploads\/2024\/10\/50W-100W-150W-200W-300W-LED-Flood-Light.jpg 360w\" sizes=\"auto, (max-width: 480px) 150px\" src=\"https:\/\/led.amasly.com\/wp-content\/uploads\/2024\/10\/50W-100W-150W-200W-300W-LED-Flood-Light.jpg\" alt=\"\" class=\"uag-image-1526\" width=\"300\" height=\"300\" title=\"50W 100W 150W 200W 300W LED Ta\u015fk\u0131n I\u015f\u0131k\" loading=\"lazy\" role=\"img\"><\/a><\/figure><\/div>\n<\/div>\n\n\n\n<div class=\"wp-block-uagb-container uagb-block-4b67c5ea\">\n<div class=\"wp-block-uagb-image uagb-block-9e04f065 wp-block-uagb-image--layout-default wp-block-uagb-image--effect-static wp-block-uagb-image--align-none\"><figure class=\"wp-block-uagb-image__figure\"><a class=\"\" href=\"https:\/\/led.amasly.com\/tr\/products\/\" target=\"\" rel=\"noopener\"><img decoding=\"async\" srcset=\"https:\/\/led.amasly.com\/wp-content\/uploads\/2024\/08\/2000W-LED-Stadium-Light.jpg ,https:\/\/led.amasly.com\/wp-content\/uploads\/2024\/08\/2000W-LED-Stadium-Light.jpg 780w, https:\/\/led.amasly.com\/wp-content\/uploads\/2024\/08\/2000W-LED-Stadium-Light.jpg 360w\" sizes=\"auto, (max-width: 480px) 150px\" src=\"https:\/\/led.amasly.com\/wp-content\/uploads\/2024\/08\/2000W-LED-Stadium-Light.jpg\" alt=\"\" class=\"uag-image-1473\" width=\"300\" height=\"300\" title=\"2000W LED Stadyum I\u015f\u0131\u011f\u0131\" loading=\"lazy\" role=\"img\"><\/a><\/figure><\/div>\n<\/div>\n\n\n\n<div class=\"wp-block-uagb-container uagb-block-51e4eb1c\">\n<div class=\"wp-block-uagb-image uagb-block-6fd8bb55 wp-block-uagb-image--layout-default wp-block-uagb-image--effect-static wp-block-uagb-image--align-none\"><figure class=\"wp-block-uagb-image__figure\"><a class=\"\" href=\"https:\/\/led.amasly.com\/tr\/products\/\" target=\"\" rel=\"noopener\"><img decoding=\"async\" srcset=\"https:\/\/led.amasly.com\/wp-content\/uploads\/2024\/07\/high-bay-light.jpg ,https:\/\/led.amasly.com\/wp-content\/uploads\/2024\/07\/high-bay-light.jpg 780w, https:\/\/led.amasly.com\/wp-content\/uploads\/2024\/07\/high-bay-light.jpg 360w\" sizes=\"auto, (max-width: 480px) 150px\" src=\"https:\/\/led.amasly.com\/wp-content\/uploads\/2024\/07\/high-bay-light.jpg\" alt=\"\" class=\"uag-image-1134\" width=\"800\" height=\"800\" title=\"y\u00fcksek b\u00f6lme-\u0131\u015f\u0131k\" loading=\"lazy\" role=\"img\"><\/a><\/figure><\/div>\n<\/div>\n\n\n\n<div class=\"wp-block-uagb-container uagb-block-d8b9b3c2\">\n<div class=\"wp-block-uagb-image uagb-block-b794b600 wp-block-uagb-image--layout-default wp-block-uagb-image--effect-static wp-block-uagb-image--align-none\"><figure class=\"wp-block-uagb-image__figure\"><a class=\"\" href=\"https:\/\/led.amasly.com\/tr\/products\/\" target=\"\" rel=\"noopener\"><img decoding=\"async\" srcset=\"https:\/\/led.amasly.com\/wp-content\/uploads\/2024\/07\/LED-street-light.jpg ,https:\/\/led.amasly.com\/wp-content\/uploads\/2024\/07\/LED-street-light.jpg 780w, https:\/\/led.amasly.com\/wp-content\/uploads\/2024\/07\/LED-street-light.jpg 360w\" sizes=\"auto, (max-width: 480px) 150px\" src=\"https:\/\/led.amasly.com\/wp-content\/uploads\/2024\/07\/LED-street-light.jpg\" alt=\"\" class=\"uag-image-1145\" width=\"300\" height=\"300\" title=\"LED-sokak-\u0131\u015f\u0131\u011f\u0131\" loading=\"lazy\" role=\"img\"><\/a><\/figure><\/div>\n<\/div>\n<\/div><\/div>\n\n\n\n<div class=\"wp-block-uagb-container uagb-block-b852371c alignfull uagb-is-root-container\"><div class=\"uagb-container-inner-blocks-wrap\">\n<div class=\"wp-block-uagb-container uagb-block-27e46e5d\">\n<h5 class=\"wp-block-heading has-text-align-center\"><a href=\"https:\/\/led.amasly.com\/tr\/products\/\">LED Ta\u015fk\u0131n I\u015f\u0131k<\/a><\/h5>\n<\/div>\n\n\n\n<div class=\"wp-block-uagb-container uagb-block-347094b5\">\n<h5 class=\"wp-block-heading has-text-align-center\"><a href=\"https:\/\/led.amasly.com\/tr\/products\/\">LED Stadyum I\u015f\u0131\u011f\u0131<\/a><\/h5>\n<\/div>\n\n\n\n<div class=\"wp-block-uagb-container uagb-block-bbddcbbe\">\n<h5 class=\"wp-block-heading has-text-align-center\"><a href=\"https:\/\/led.amasly.com\/tr\/products\/\">LED Y\u00fcksek Bay I\u015f\u0131k<\/a><\/h5>\n<\/div>\n\n\n\n<div class=\"wp-block-uagb-container uagb-block-5eb607f2\">\n<h5 class=\"wp-block-heading has-text-align-center\"><a href=\"https:\/\/led.amasly.com\/tr\/products\/\">LED Sokak Lambas\u0131 I\u015f\u0131\u011f\u0131<\/a><\/h5>\n<\/div>\n<\/div><\/div>\n\n\n\n<div class=\"wp-block-uagb-container uagb-block-69eeacf9 alignfull uagb-is-root-container\"><div class=\"uagb-container-inner-blocks-wrap\">\n<div class=\"wp-block-uagb-info-box uagb-block-2763a303 uagb-infobox__content-wrap  uagb-infobox-icon-above-title uagb-infobox-image-valign-top wp-block-uagb-info-box--has-margin\"><div class=\"uagb-infobox-margin-wrapper\"><div class=\"uagb-ifb-content\"><div class=\"uagb-ifb-title-wrap\"><\/div><\/div><\/div><\/div>\n<\/div><\/div>","protected":false},"excerpt":{"rendered":"<p>LED light is an electroluminescent semiconductor material chip, solidified to the bracket with silver glue or white glue, and then connected to the chip and circuit board with silver or gold wire, sealed around with epoxy resin to protect the internal core wire, and finally installed the shell, so the LED light has good seismic [&hellip;]<\/p>\n","protected":false},"author":1,"featured_media":0,"parent":2370,"menu_order":0,"comment_status":"closed","ping_status":"closed","template":"","meta":{"_uag_custom_page_level_css":"","site-sidebar-layout":"no-sidebar","site-content-layout":"","ast-site-content-layout":"default","site-content-style":"default","site-sidebar-style":"default","ast-global-header-display":"","ast-banner-title-visibility":"","ast-main-header-display":"","ast-hfb-above-header-display":"","ast-hfb-below-header-display":"","ast-hfb-mobile-header-display":"","site-post-title":"disabled","ast-breadcrumbs-content":"","ast-featured-img":"","footer-sml-layout":"","ast-disable-related-posts":"","theme-transparent-header-meta":"enabled","adv-header-id-meta":"","stick-header-meta":"","header-above-stick-meta":"","header-main-stick-meta":"","header-below-stick-meta":"","astra-migrate-meta-layouts":"set","ast-page-background-enabled":"default","ast-page-background-meta":{"desktop":{"background-color":"var(--ast-global-color-4)","background-image":"","background-repeat":"repeat","background-position":"center center","background-size":"auto","background-attachment":"scroll","background-type":"","background-media":"","overlay-type":"","overlay-color":"","overlay-opacity":"","overlay-gradient":""},"tablet":{"background-color":"","background-image":"","background-repeat":"repeat","background-position":"center center","background-size":"auto","background-attachment":"scroll","background-type":"","background-media":"","overlay-type":"","overlay-color":"","overlay-opacity":"","overlay-gradient":""},"mobile":{"background-color":"","background-image":"","background-repeat":"repeat","background-position":"center center","background-size":"auto","background-attachment":"scroll","background-type":"","background-media":"","overlay-type":"","overlay-color":"","overlay-opacity":"","overlay-gradient":""}},"ast-content-background-meta":{"desktop":{"background-color":"var(--ast-global-color-5)","background-image":"","background-repeat":"repeat","background-position":"center center","background-size":"auto","background-attachment":"scroll","background-type":"","background-media":"","overlay-type":"","overlay-color":"","overlay-opacity":"","overlay-gradient":""},"tablet":{"background-color":"var(--ast-global-color-5)","background-image":"","background-repeat":"repeat","background-position":"center center","background-size":"auto","background-attachment":"scroll","background-type":"","background-media":"","overlay-type":"","overlay-color":"","overlay-opacity":"","overlay-gradient":""},"mobile":{"background-color":"var(--ast-global-color-5)","background-image":"","background-repeat":"repeat","background-position":"center center","background-size":"auto","background-attachment":"scroll","background-type":"","background-media":"","overlay-type":"","overlay-color":"","overlay-opacity":"","overlay-gradient":""}},"footnotes":""},"class_list":["post-2984","page","type-page","status-publish","hentry"],"uagb_featured_image_src":{"full":false,"thumbnail":false,"medium":false,"medium_large":false,"large":false,"1536x1536":false,"2048x2048":false,"trp-custom-language-flag":false},"uagb_author_info":{"display_name":"Joe","author_link":"https:\/\/led.amasly.com\/tr\/author\/jacklin\/"},"uagb_comment_info":0,"uagb_excerpt":"LED light is an electroluminescent semiconductor material chip, solidified to the bracket with silver glue or white glue, and then connected to the chip and circuit board with silver or gold wire, sealed around with epoxy resin to protect the internal core wire, and finally installed the shell, so the LED light has good seismic&hellip;","_links":{"self":[{"href":"https:\/\/led.amasly.com\/tr\/wp-json\/wp\/v2\/pages\/2984","targetHints":{"allow":["GET"]}}],"collection":[{"href":"https:\/\/led.amasly.com\/tr\/wp-json\/wp\/v2\/pages"}],"about":[{"href":"https:\/\/led.amasly.com\/tr\/wp-json\/wp\/v2\/types\/page"}],"author":[{"embeddable":true,"href":"https:\/\/led.amasly.com\/tr\/wp-json\/wp\/v2\/users\/1"}],"replies":[{"embeddable":true,"href":"https:\/\/led.amasly.com\/tr\/wp-json\/wp\/v2\/comments?post=2984"}],"version-history":[{"count":7,"href":"https:\/\/led.amasly.com\/tr\/wp-json\/wp\/v2\/pages\/2984\/revisions"}],"predecessor-version":[{"id":4185,"href":"https:\/\/led.amasly.com\/tr\/wp-json\/wp\/v2\/pages\/2984\/revisions\/4185"}],"up":[{"embeddable":true,"href":"https:\/\/led.amasly.com\/tr\/wp-json\/wp\/v2\/pages\/2370"}],"wp:attachment":[{"href":"https:\/\/led.amasly.com\/tr\/wp-json\/wp\/v2\/media?parent=2984"}],"curies":[{"name":"wp","href":"https:\/\/api.w.org\/{rel}","templated":true}]}}