{"id":2974,"date":"2025-04-07T21:56:34","date_gmt":"2025-04-07T13:56:34","guid":{"rendered":"https:\/\/led.amasly.com\/?page_id=2974"},"modified":"2026-01-18T14:27:47","modified_gmt":"2026-01-18T06:27:47","slug":"flood-lights-price-list","status":"publish","type":"page","link":"https:\/\/led.amasly.com\/tr\/light-price\/flood-lights-price-list\/","title":{"rendered":"Sel I\u015f\u0131klar\u0131 Fiyat Listesi"},"content":{"rendered":"<div class=\"wp-block-uagb-container uagb-block-27bae773 alignfull uagb-is-root-container\"><div class=\"uagb-container-inner-blocks-wrap\"><\/div><\/div>\n\n\n\n<h1 class=\"wp-block-heading has-text-align-center\"><strong>Amasly <\/strong><strong>Sel<\/strong><strong>&nbsp;L<\/strong><strong>\u0130ghts<\/strong><strong>&nbsp;Fiyat Listesi<\/strong><strong><\/strong><\/h1>\n\n\n\n<p><strong>Sel<\/strong><strong>&nbsp;<\/strong><strong>LED spot \u0131\u015f\u0131klar\u0131, LED projekt\u00f6r \u0131\u015f\u0131klar\u0131 olarak da bilinen \u0131\u015f\u0131klar<\/strong><strong><\/strong><\/p>\n\n\n\n<h2 class=\"wp-block-heading\"><strong>LED sel \u0131\u015f\u0131klar\u0131n\u0131n fark\u0131n\u0131 ortaya koyan nedenler <strong>fiyat<\/strong>:<\/strong><\/h2>\n\n\n\n<p>1. Marka ve \u00fcretici: Farkl\u0131 LED sel \u0131\u015f\u0131k markalar\u0131n\u0131n kalite, teknoloji, malzeme ve di\u011fer y\u00f6nlerden farkl\u0131l\u0131klar\u0131 vard\u0131r, bu nedenle fiyat farkl\u0131 olacakt\u0131r. Tan\u0131nm\u0131\u015f markalar genellikle daha y\u00fcksek bir itibara ve pazar pay\u0131na sahiptir ve \u00fcr\u00fcn\u00fcn fiyat\u0131 nispeten y\u00fcksektir.<\/p>\n\n\n\n<p>2. Model ve g\u00fc\u00e7: Farkl\u0131 modellere ve g\u00fcce sahip LED sel \u0131\u015f\u0131klar\u0131, farkl\u0131 sahnelere ve ihtiya\u00e7lara uygulanabilir, bu da fiyat farkl\u0131l\u0131klar\u0131na neden olur. \u00d6rne\u011fin, baz\u0131 y\u00fcksek g\u00fc\u00e7l\u00fc sel \u0131\u015f\u0131klar\u0131 b\u00fcy\u00fck yerleri ayd\u0131nlatmak i\u00e7in uygundur, fiyat\u0131 nispeten y\u00fcksektir.<\/p>\n\n\n\n<p>3. Performans ve teknoloji: LED sel \u0131\u015f\u0131klar\u0131n\u0131n teknik performans\u0131 da fiyat\u0131 etkileyen \u00f6nemli bir fakt\u00f6rd\u00fcr. I\u015f\u0131k kayna\u011f\u0131n\u0131n parlakl\u0131\u011f\u0131, renk \u00fcretimi, hizmet \u00f6mr\u00fc, \u0131s\u0131 yayma performans\u0131 vb. \u00dcst d\u00fczey performansa genellikle daha y\u00fcksek bir fiyat e\u015flik eder.<\/p>\n\n\n\n<h2 class=\"wp-block-heading\"><strong>LED flood fiyat\u0131n\u0131 etkileyen di\u011fer fakt\u00f6rler<\/strong><strong>&nbsp;<\/strong><strong>I\u015f\u0131klar:<\/strong><strong><\/strong><\/h2>\n\n\n\n<p>1. Piyasa talebi ve arz\u0131: LED sel \u0131\u015f\u0131klar\u0131n\u0131n piyasa talebi ve arz\u0131 da fiyat\u0131 etkileyecektir. Talebin arzdan fazla olmas\u0131 durumunda fiyat y\u00fckselebilir; tam tersi durumda ise d\u00fc\u015febilir.<\/p>\n\n\n\n<p>2. Sat\u0131n alma miktar\u0131 ve kanal\u0131: LED sel \u0131\u015f\u0131klar\u0131n\u0131n miktar\u0131 ve sat\u0131n alma kanal\u0131 da nihai fiyat \u00fczerinde etkili olacakt\u0131r. Genel olarak, toplu al\u0131mlar belirli indirimlerden yararlanabilirken, farkl\u0131 sat\u0131\u015f kanallar\u0131 da farkl\u0131 fiyatland\u0131rma stratejilerine sahip olabilir.<\/p>\n\n\n\n<p>K\u0131sacas\u0131, LED sel \u0131\u015f\u0131klar\u0131n\u0131n fiyat\u0131 bir dizi fakt\u00f6re ba\u011fl\u0131 olarak de\u011fi\u015fir. Sat\u0131n alma ihtiyac\u0131n\u0131z varsa, ger\u00e7ek ihtiya\u00e7lar\u0131n\u0131za, b\u00fct\u00e7enize ve pazar durumunuza g\u00f6re do\u011fru LED sel \u0131\u015f\u0131\u011f\u0131n\u0131 se\u00e7meniz \u00f6nerilir. Ayn\u0131 zamanda, fiyat fakt\u00f6r\u00fcne ek olarak, sat\u0131n al\u0131rken \u00fcr\u00fcn kalitesini, performans\u0131n\u0131 ve sat\u0131\u015f sonras\u0131 hizmeti ve di\u011fer fakt\u00f6rleri de g\u00f6z \u00f6n\u00fcnde bulundurmal\u0131s\u0131n\u0131z.<\/p>\n\n\n\n<h2 class=\"wp-block-heading\"><strong>Ta\u015fk\u0131n uygulama yerleri<\/strong><strong>&nbsp;<\/strong><strong>\u0131\u015f\u0131klar temel olarak \u015funlar\u0131 i\u00e7erir:<\/strong><strong><\/strong><\/h2>\n\n\n\n<p>1. bina g\u00f6r\u00fcn\u00fcm ayd\u0131nlatmas\u0131: sel \u0131\u015f\u0131klar\u0131 binan\u0131n g\u00f6r\u00fcn\u00fcm\u00fcn\u00fc vurgulayabilir, binan\u0131n farkl\u0131 b\u00f6l\u00fcmlerini vurgulayabilir ve daha dikkat \u00e7ekici hale getirebilir.<\/p>\n\n\n\n<p>2. Peyzaj ayd\u0131nlatmas\u0131: sel \u0131\u015f\u0131klar\u0131 \u015fehir meydanlar\u0131, parklar, e\u011flence parklar\u0131, hayvanat bah\u00e7eleri, bah\u00e7eler, havuzlar, f\u0131skiyeler ve sergi salonlar\u0131nda peyzaj ayd\u0131nlatmas\u0131 i\u00e7in uygundur.<\/p>\n\n\n\n<p>3. Bina i\u00e7 ayd\u0131nlatmas\u0131: projekt\u00f6rler sadece d\u0131\u015f mekan ayd\u0131nlatmas\u0131 i\u00e7in kullan\u0131lmaz, ayn\u0131 zamanda i\u00e7 mekan ayd\u0131nlatmas\u0131 i\u00e7in de uygundur. \u00d6rne\u011fin, sergi salonlar\u0131nda, m\u00fczelerde ve sanat merkezlerinde.<\/p>\n\n\n\n<p>4. Sahne ayd\u0131nlatmas\u0131: projekt\u00f6rler sahnede \u00f6nemli bir rol oynar.<\/p>\n\n\n\n<p>5. spor salonu ayd\u0131nlatmas\u0131: projekt\u00f6rler futbol stadyumlar\u0131, basketbol sahalar\u0131, tenis kortlar\u0131 ve atletizm stadyumlar\u0131 gibi spor salonlar\u0131nda \u00f6nemli bir rol oynar.<\/p>\n\n\n\n<p>LED sel \u0131\u015f\u0131klar\u0131n\u0131n fiyat\u0131 marka, model, g\u00fc\u00e7 ve performans gibi fakt\u00f6rlere ba\u011fl\u0131 olarak de\u011fi\u015fir. Genel olarak, fiyat genellikle onlarca dolar ile y\u00fczlerce dolar aras\u0131nda de\u011fi\u015fir. Spesifik fiyat\u0131n ayr\u0131ca sat\u0131n alma say\u0131s\u0131na, tedarik kanallar\u0131na ve piyasa arz ve talebine ve di\u011fer fakt\u00f6rlere g\u00f6re belirlenmesi gerekir.<\/p>\n\n\n\n<h2 class=\"wp-block-heading\"><strong>Amasly<\/strong><strong>&nbsp;<\/strong><strong>Giri\u015f<\/strong><strong><\/strong><\/h2>\n\n\n\n<p>Amasly profesyonel bir ayd\u0131nlatma \u015firketidir, \u00fcr\u00fcnlerimiz end\u00fcstriyel ayd\u0131nlatma ve d\u0131\u015f mekan ayd\u0131nlatmas\u0131na odaklanmaktad\u0131r. Ana \u00fcr\u00fcnler led patlamaya dayan\u0131kl\u0131 \u0131\u015f\u0131klar, patlamaya dayan\u0131kl\u0131 elektrikli cihaz, led y\u00fcksek defne \u0131\u015f\u0131klar\u0131, led sel \u0131\u015f\u0131klar\u0131, led sokak lambalar\u0131, led tri-proof \u0131\u015f\u0131klar ve g\u00fcne\u015f led \u0131\u015f\u0131klar\u0131d\u0131r.<\/p>\n\n\n\n<p>\u00dcr\u00fcnlerimiz Avrupa ve Amerika Birle\u015fik Devletleri gibi d\u00fcnya \u00e7ap\u0131nda 68 \u00fclkeye ihra\u00e7 edilmi\u015f ve y\u00fcksek kaliteli \u00fcr\u00fcnleriyle d\u00fcnyan\u0131n \u00f6nde gelen ayd\u0131nlatma \u00fcr\u00fcn\u00fc tedarik\u00e7ilerinin takdirini kazanm\u0131\u015ft\u0131r.<\/p>\n\n\n\n<p>Amasly, \u00e7ok \u00e7e\u015fitli sel \u0131\u015f\u0131klar\u0131, stadyum \u0131\u015f\u0131klar\u0131 ve \u00e7ok rekabet\u00e7i fiyatlarla sunmaktad\u0131r.<\/p>\n\n\n\n<h2 class=\"wp-block-heading\"><strong>Amasly LED Ta\u015fk\u0131n I\u015f\u0131k Fiyat Listesi<\/strong><strong><\/strong><\/h2>\n\n\n\n<div class=\"wp-block-uagb-image uagb-block-782176ad wp-block-uagb-image--layout-default wp-block-uagb-image--effect-static wp-block-uagb-image--align-none\"><figure class=\"wp-block-uagb-image__figure\"><img decoding=\"async\" srcset=\"https:\/\/led.amasly.com\/wp-content\/uploads\/2025\/04\/LED-Flood-Light.png ,https:\/\/led.amasly.com\/wp-content\/uploads\/2025\/04\/LED-Flood-Light.png 780w, https:\/\/led.amasly.com\/wp-content\/uploads\/2025\/04\/LED-Flood-Light.png 360w\" sizes=\"auto, (max-width: 480px) 150px\" src=\"https:\/\/led.amasly.com\/wp-content\/uploads\/2025\/04\/LED-Flood-Light.png\" alt=\"flood\u00a0lights price\" class=\"uag-image-2975\" width=\"850\" height=\"732\" title=\"LED Ta\u015fk\u0131n I\u015f\u0131k\" loading=\"lazy\" role=\"img\"\/><\/figure><\/div>\n\n\n\n<figure class=\"wp-block-table\"><table class=\"has-fixed-layout\"><tbody><tr><td>TG03-50<\/td><td>50W<\/td><td>$6.09<\/td><\/tr><tr><td>TG03-100<\/td><td>100W<\/td><td>$9.80<\/td><\/tr><tr><td>TG03-150<\/td><td>150w<\/td><td>$14.11<\/td><\/tr><tr><td>TG03-200<\/td><td>200W<\/td><td>$15.41<\/td><\/tr><tr><td>TG03-300<\/td><td>300W<\/td><td>$23.60<\/td><\/tr><\/tbody><\/table><\/figure>\n\n\n\n<div class=\"wp-block-uagb-image uagb-block-f2e6a796 wp-block-uagb-image--layout-default wp-block-uagb-image--effect-static wp-block-uagb-image--align-none\"><figure class=\"wp-block-uagb-image__figure\"><img decoding=\"async\" srcset=\"https:\/\/led.amasly.com\/wp-content\/uploads\/2025\/04\/Stadium-Light-1024x697.png ,https:\/\/led.amasly.com\/wp-content\/uploads\/2025\/04\/Stadium-Light.png 780w, https:\/\/led.amasly.com\/wp-content\/uploads\/2025\/04\/Stadium-Light.png 360w\" sizes=\"auto, (max-width: 480px) 150px\" src=\"https:\/\/led.amasly.com\/wp-content\/uploads\/2025\/04\/Stadium-Light-1024x697.png\" alt=\"\" class=\"uag-image-2976\" width=\"2329\" height=\"1586\" title=\"Stadyum I\u015f\u0131\u011f\u0131\" loading=\"lazy\" role=\"img\"><\/figure><\/div>\n\n\n\n<figure class=\"wp-block-table\"><table class=\"has-fixed-layout\"><tbody><tr><td>TG01-300<\/td><td>300<\/td><td>$39.00<\/td><\/tr><tr><td>TG01-400<\/td><td>400<\/td><td>$51.07<\/td><\/tr><tr><td>TG01-500<\/td><td>500<\/td><td>$66.49<\/td><\/tr><\/tbody><\/table><\/figure>\n\n\n\n<p class=\"has-text-align-center has-medium-font-size\"><strong>Daha fazla \u00fcr\u00fcn ve fiyat bilgisi ve veri sayfas\u0131 i\u00e7in Amasly ile ileti\u015fime ge\u00e7in.                                                                                                             E-posta: sales01@amasly.com, Whatsapp\/wechat:0086-13732643699<\/strong><\/p>\n\n\n\n<h2 class=\"wp-block-heading\"><strong>Amasly Light SSS<\/strong><\/h2>\n\n\n\n<p><strong>S1.Led \u0131\u015f\u0131k i\u00e7in \u00f6rnek bir sipari\u015f alabilir miyim?<\/strong><strong><\/strong><\/p>\n\n\n\n<p>C: Evet, kaliteyi test etmek ve kontrol etmek i\u00e7in numune sipari\u015fini memnuniyetle kar\u015f\u0131l\u0131yoruz. Kar\u0131\u015f\u0131k numuneler kabul edilebilir.<\/p>\n\n\n\n<p><strong>S2.Teslim s\u00fcresi ne olacak?<\/strong><strong><\/strong><\/p>\n\n\n\n<p>C: Numune 3-5 g\u00fcne, seri \u00fcretim s\u00fcresi 1-2 haftaya ihtiya\u00e7 duyar.<\/p>\n\n\n\n<p><strong>S3.Led \u0131\u015f\u0131k sipari\u015fi i\u00e7in herhangi bir MOQ s\u0131n\u0131r\u0131n\u0131z var m\u0131?<\/strong><strong><\/strong><\/p>\n\n\n\n<p>C: Numune kontrol\u00fc i\u00e7in d\u00fc\u015f\u00fck MOQ 1 adet mevcuttur.<\/p>\n\n\n\n<p><strong>Q4. Mallar\u0131 nas\u0131l g\u00f6nderiyorsunuz ve ula\u015fmas\u0131 ne kadar s\u00fcr\u00fcyor?<\/strong><strong><\/strong><\/p>\n\n\n\n<p>C: Genellikle \u015fu yolla g\u00f6nderiyoruz <a href=\"https:\/\/www.dhl.com\" rel=\"nofollow noopener\" target=\"_blank\">DHL<\/a>, UPS, FedEx veya TNT. Ula\u015fmas\u0131 genellikle 3-5 g\u00fcn s\u00fcrer. Hava hatt\u0131 ve deniz ta\u015f\u0131mac\u0131l\u0131\u011f\u0131 da iste\u011fe ba\u011fl\u0131d\u0131r.<\/p>\n\n\n\n<p><strong>Q5. Led \u0131\u015f\u0131k sipari\u015fine nas\u0131l devam edilir?<\/strong><strong><\/strong><\/p>\n\n\n\n<p>A:<\/p>\n\n\n\n<p>\u00d6ncelikle gereksinimlerinizi veya ba\u015fvurunuzu bize bildirin.<\/p>\n\n\n\n<p>\u0130kinci olarak, gereksinimlerinize veya \u00f6nerilerimize g\u00f6re teklif veriyoruz.<\/p>\n\n\n\n<p>\u00dc\u00e7\u00fcnc\u00fc olarak, m\u00fc\u015fteri numuneleri onaylar ve resmi sipari\u015f i\u00e7in depozito yat\u0131r\u0131r.<\/p>\n\n\n\n<p>D\u00f6rd\u00fcnc\u00fc olarak, \u00fcretimi d\u00fczenliyoruz.<\/p>\n\n\n\n<p><strong>S6.Benimkini yazd\u0131rmak sorun olur mu <\/strong><strong>LOGO<\/strong><strong>&nbsp;led \u0131\u015f\u0131k \u00fcr\u00fcn\u00fcnde?<\/strong><strong><\/strong><\/p>\n\n\n\n<p>C: Evet, l\u00fctfen \u00fcretimimizden \u00f6nce bizi resmi olarak bilgilendirin ve \u00f6ncelikle \u00f6rne\u011fimize g\u00f6re tasar\u0131m\u0131 onaylay\u0131n.<\/p>\n\n\n\n<p><strong>S7: \u00dcr\u00fcnler i\u00e7in garanti sunuyor musunuz?<\/strong><strong><\/strong><\/p>\n\n\n\n<p>C: Evet, \u00fcr\u00fcnlerimiz i\u00e7in 2-5 y\u0131l garanti sunuyoruz.<\/p>\n\n\n\n<p><strong>S8: Ar\u0131zal\u0131 \u00fcr\u00fcnle nas\u0131l ba\u015fa \u00e7\u0131k\u0131l\u0131r?<\/strong><strong><\/strong><\/p>\n\n\n\n<p>A:<\/p>\n\n\n\n<p>\u00d6ncelikle, \u00fcr\u00fcnlerimiz dinstrict kalite kontrol sistemi \u00fcretmektedir ve kusurlu oran 0.2%'den az olacakt\u0131r.<\/p>\n\n\n\n<p>\u0130kinci olarak, garanti s\u00fcresi boyunca, k\u00f6t\u00fc par\u00e7ay\u0131 de\u011fi\u015ftirmek i\u00e7in par\u00e7alar sa\u011flayaca\u011f\u0131z. Toplu sipari\u015fler i\u00e7in, savunmas\u0131z par\u00e7alar\u0131 \u00f6nceden sa\u011flayaca\u011f\u0131z veya ger\u00e7ek duruma g\u00f6re geri \u00e7a\u011f\u0131rma dahil \u00e7\u00f6z\u00fcmleri tart\u0131\u015fabiliriz.<\/p>\n\n\n\n<p><strong>S9: 12V, 24V, 36V veya 48V AC\/DC voltajlar\u0131nda d\u00fc\u015f\u00fck voltajl\u0131 patlamaya dayan\u0131kl\u0131 lambalar yapabilir miyiz? <\/strong><\/p>\n\n\n\n<p>Amasly hem d\u00fc\u015f\u00fck voltajl\u0131 hem de y\u00fcksek voltajl\u0131 patlamaya dayan\u0131kl\u0131 \u0131\u015f\u0131klar olarak kullan\u0131labilir - AC\/DC 12V, 24V, 36V, 48V, AC 85-265V, AC 380V. <\/p>\n\n\n\n<p><strong>Q10: Explosion Poof Lights acil durum pilleri eklenebilir mi? <\/strong><\/p>\n\n\n\n<p>Amasly patlamaya dayan\u0131kl\u0131 lamba acil durum lityum pilleri ile donat\u0131labilir. Acil durum s\u00fcresi 90 dakika, 120 dakika veya 180 dakikad\u0131r. <\/p>\n\n\n\n<p><strong>S11: Amasly patlamaya dayan\u0131kl\u0131 lamba bir OEM \u00fcr\u00fcn\u00fc olarak \u00f6zelle\u015ftirilebilir mi? <\/strong><\/p>\n\n\n\n<p>Amasly patlamaya dayan\u0131kl\u0131 lambalar, hem lambalar hem de ambalaj kartonlar\u0131 i\u00e7in m\u00fc\u015fteri gereksinimlerine g\u00f6re \u00f6zelle\u015ftirilebilir.<\/p>\n\n\n\n<div class=\"wp-block-uagb-container uagb-block-c7d898dd alignfull uagb-is-root-container\"><div class=\"uagb-container-inner-blocks-wrap\"><\/div><\/div>\n\n\n\n<h2 class=\"wp-block-heading\">\u0130lgili \u00dcr\u00fcnler<\/h2>\n\n\n\n<div class=\"wp-block-uagb-container uagb-block-66e4defc alignfull uagb-is-root-container\"><div class=\"uagb-container-inner-blocks-wrap\">\n<div class=\"wp-block-uagb-container uagb-block-a42945f9\">\n<div class=\"wp-block-uagb-image uagb-block-7296296b wp-block-uagb-image--layout-default wp-block-uagb-image--effect-static wp-block-uagb-image--align-none\"><figure class=\"wp-block-uagb-image__figure\"><a class=\"\" href=\"https:\/\/led.amasly.com\/tr\/products\/\" target=\"\" rel=\"noopener\"><img decoding=\"async\" srcset=\"https:\/\/led.amasly.com\/wp-content\/uploads\/2024\/09\/Explosion-proof-high-bay-lights.png ,https:\/\/led.amasly.com\/wp-content\/uploads\/2024\/09\/Explosion-proof-high-bay-lights.png 780w, https:\/\/led.amasly.com\/wp-content\/uploads\/2024\/09\/Explosion-proof-high-bay-lights.png 360w\" sizes=\"auto, (max-width: 480px) 150px\" src=\"https:\/\/led.amasly.com\/wp-content\/uploads\/2024\/09\/Explosion-proof-high-bay-lights.png\" alt=\"\" class=\"uag-image-1495\" width=\"300\" height=\"300\" title=\"Patlamaya dayan\u0131kl\u0131 y\u00fcksek tavan lambalar\u0131\" loading=\"lazy\" role=\"img\"><\/a><\/figure><\/div>\n<\/div>\n\n\n\n<div class=\"wp-block-uagb-container uagb-block-4d3efde5\">\n<div class=\"wp-block-uagb-image uagb-block-c9e90797 wp-block-uagb-image--layout-default wp-block-uagb-image--effect-static wp-block-uagb-image--align-none\"><figure class=\"wp-block-uagb-image__figure\"><a class=\"\" href=\"https:\/\/led.amasly.com\/tr\/products\/\" target=\"\" rel=\"noopener\"><img decoding=\"async\" srcset=\"https:\/\/led.amasly.com\/wp-content\/uploads\/2024\/07\/LED-tri-proof-lights2.png ,https:\/\/led.amasly.com\/wp-content\/uploads\/2024\/07\/LED-tri-proof-lights2.png 780w, https:\/\/led.amasly.com\/wp-content\/uploads\/2024\/07\/LED-tri-proof-lights2.png 360w\" sizes=\"auto, (max-width: 480px) 150px\" src=\"https:\/\/led.amasly.com\/wp-content\/uploads\/2024\/07\/LED-tri-proof-lights2.png\" alt=\"\" class=\"uag-image-1132\" width=\"300\" height=\"300\" title=\"LED-tri-proof-\u0131\u015f\u0131klar2\" loading=\"lazy\" role=\"img\"><\/a><\/figure><\/div>\n<\/div>\n\n\n\n<div class=\"wp-block-uagb-container uagb-block-11c2578b\">\n<div class=\"wp-block-uagb-image uagb-block-6e8883aa wp-block-uagb-image--layout-default wp-block-uagb-image--effect-static wp-block-uagb-image--align-none\"><figure class=\"wp-block-uagb-image__figure\"><a class=\"\" href=\"https:\/\/led.amasly.com\/tr\/products\/\" target=\"\" rel=\"noopener\"><img decoding=\"async\" srcset=\"https:\/\/led.amasly.com\/wp-content\/uploads\/2024\/09\/LED-Explosion-Proof-Gas-Station-Light.png ,https:\/\/led.amasly.com\/wp-content\/uploads\/2024\/09\/LED-Explosion-Proof-Gas-Station-Light.png 780w, https:\/\/led.amasly.com\/wp-content\/uploads\/2024\/09\/LED-Explosion-Proof-Gas-Station-Light.png 360w\" sizes=\"auto, (max-width: 480px) 150px\" src=\"https:\/\/led.amasly.com\/wp-content\/uploads\/2024\/09\/LED-Explosion-Proof-Gas-Station-Light.png\" alt=\"\" class=\"uag-image-1501\" width=\"300\" height=\"300\" title=\"LED Patlamaya Dayan\u0131kl\u0131 Benzin \u0130stasyonu I\u015f\u0131\u011f\u0131\" loading=\"lazy\" role=\"img\"><\/a><\/figure><\/div>\n<\/div>\n<\/div><\/div>\n\n\n\n<div class=\"wp-block-uagb-container uagb-block-548945b5 alignfull uagb-is-root-container\"><div class=\"uagb-container-inner-blocks-wrap\">\n<div class=\"wp-block-uagb-container uagb-block-967755d5\">\n<h4 class=\"wp-block-heading has-text-align-center\"><a href=\"https:\/\/led.amasly.com\/tr\/products\/\">LED Patlamaya Dayan\u0131kl\u0131 I\u015f\u0131klar<\/a><\/h4>\n<\/div>\n\n\n\n<div class=\"wp-block-uagb-container uagb-block-9bc52fc2\">\n<h4 class=\"wp-block-heading has-text-align-center\"><a href=\"https:\/\/led.amasly.com\/tr\/products\/\">LED Tri-Proof I\u015f\u0131klar<\/a><\/h4>\n<\/div>\n\n\n\n<div class=\"wp-block-uagb-container uagb-block-8ffa0a23\">\n<h4 class=\"wp-block-heading has-text-align-center\"><a href=\"https:\/\/led.amasly.com\/tr\/products\/\">Patlamaya Dayan\u0131kl\u0131 Benzin \u0130stasyonu I\u015f\u0131klar\u0131<\/a><\/h4>\n<\/div>\n<\/div><\/div>\n\n\n\n<div class=\"wp-block-uagb-container uagb-block-29499fe0 alignfull uagb-is-root-container\"><div class=\"uagb-container-inner-blocks-wrap\">\n<div class=\"wp-block-uagb-container uagb-block-777ee1c7\">\n<div class=\"wp-block-uagb-image uagb-block-2e9a1851 wp-block-uagb-image--layout-default wp-block-uagb-image--effect-static wp-block-uagb-image--align-none\"><figure class=\"wp-block-uagb-image__figure\"><a class=\"\" href=\"https:\/\/led.amasly.com\/tr\/products\/\" target=\"\" rel=\"noopener\"><img decoding=\"async\" srcset=\"https:\/\/led.amasly.com\/wp-content\/uploads\/2024\/10\/50W-100W-150W-200W-300W-LED-Flood-Light.jpg ,https:\/\/led.amasly.com\/wp-content\/uploads\/2024\/10\/50W-100W-150W-200W-300W-LED-Flood-Light.jpg 780w, https:\/\/led.amasly.com\/wp-content\/uploads\/2024\/10\/50W-100W-150W-200W-300W-LED-Flood-Light.jpg 360w\" sizes=\"auto, (max-width: 480px) 150px\" src=\"https:\/\/led.amasly.com\/wp-content\/uploads\/2024\/10\/50W-100W-150W-200W-300W-LED-Flood-Light.jpg\" alt=\"\" class=\"uag-image-1526\" width=\"300\" height=\"300\" title=\"50W 100W 150W 200W 300W LED Ta\u015fk\u0131n I\u015f\u0131k\" loading=\"lazy\" role=\"img\"><\/a><\/figure><\/div>\n<\/div>\n\n\n\n<div class=\"wp-block-uagb-container uagb-block-af8c8683\">\n<div class=\"wp-block-uagb-image uagb-block-67947854 wp-block-uagb-image--layout-default wp-block-uagb-image--effect-static wp-block-uagb-image--align-none\"><figure class=\"wp-block-uagb-image__figure\"><a class=\"\" href=\"https:\/\/led.amasly.com\/tr\/products\/\" target=\"\" rel=\"noopener\"><img decoding=\"async\" srcset=\"https:\/\/led.amasly.com\/wp-content\/uploads\/2024\/07\/led-tri-proof-light.png ,https:\/\/led.amasly.com\/wp-content\/uploads\/2024\/07\/led-tri-proof-light.png 780w, https:\/\/led.amasly.com\/wp-content\/uploads\/2024\/07\/led-tri-proof-light.png 360w\" sizes=\"auto, (max-width: 480px) 150px\" src=\"https:\/\/led.amasly.com\/wp-content\/uploads\/2024\/07\/led-tri-proof-light.png\" alt=\"\" class=\"uag-image-1130\" width=\"300\" height=\"300\" title=\"led-tri-proof-\u0131\u015f\u0131k\" loading=\"lazy\" role=\"img\"><\/a><\/figure><\/div>\n<\/div>\n\n\n\n<div class=\"wp-block-uagb-container uagb-block-0fdfdd58\">\n<div class=\"wp-block-uagb-image uagb-block-1187d32d wp-block-uagb-image--layout-default wp-block-uagb-image--effect-static wp-block-uagb-image--align-none\"><figure class=\"wp-block-uagb-image__figure\"><a class=\"\" href=\"https:\/\/led.amasly.com\/tr\/products\/\" target=\"\" rel=\"noopener\"><img decoding=\"async\" srcset=\"https:\/\/led.amasly.com\/wp-content\/uploads\/2024\/07\/LED-street-light.jpg ,https:\/\/led.amasly.com\/wp-content\/uploads\/2024\/07\/LED-street-light.jpg 780w, https:\/\/led.amasly.com\/wp-content\/uploads\/2024\/07\/LED-street-light.jpg 360w\" sizes=\"auto, (max-width: 480px) 150px\" src=\"https:\/\/led.amasly.com\/wp-content\/uploads\/2024\/07\/LED-street-light.jpg\" alt=\"\" class=\"uag-image-1145\" width=\"300\" height=\"300\" title=\"LED-sokak-\u0131\u015f\u0131\u011f\u0131\" loading=\"lazy\" role=\"img\"><\/a><\/figure><\/div>\n<\/div>\n<\/div><\/div>\n\n\n\n<div class=\"wp-block-uagb-container uagb-block-6a60882c alignfull uagb-is-root-container\"><div class=\"uagb-container-inner-blocks-wrap\">\n<div class=\"wp-block-uagb-container uagb-block-f1e91a35\">\n<h4 class=\"wp-block-heading has-text-align-center\"><a href=\"https:\/\/led.amasly.com\/tr\/products\/\">LED Sel I\u015f\u0131klar\u0131<\/a><\/h4>\n<\/div>\n\n\n\n<div class=\"wp-block-uagb-container uagb-block-165bfa58\">\n<h4 class=\"wp-block-heading has-text-align-center\"><a href=\"https:\/\/led.amasly.com\/tr\/products\/\">LED Tri-Proof T\u00fcp I\u015f\u0131klar<\/a><\/h4>\n<\/div>\n\n\n\n<div class=\"wp-block-uagb-container uagb-block-f6096e3b\">\n<h4 class=\"wp-block-heading has-text-align-center\"><a href=\"https:\/\/led.amasly.com\/tr\/products\/\">LED Sokak Lambalar\u0131<\/a><\/h4>\n<\/div>\n<\/div><\/div>\n\n\n\n<div class=\"wp-block-uagb-container uagb-block-99c0e0a5 alignfull uagb-is-root-container\"><div class=\"uagb-container-inner-blocks-wrap\"><\/div><\/div>\n\n\n\n<p><\/p>","protected":false},"excerpt":{"rendered":"<p>Amasly Flood&nbsp;Lights&nbsp;Price List Flood&nbsp;lights also known as LED spotlights, LED projector lights Reasons for the difference of LED flood\u00a0lights price: 1. Brand and manufacturer: Different brands of LED flood lights&nbsp;have differences in quality, technology, materials and other aspects, so the price will be different. Well-known brands usually have a higher reputation and market share, and [&hellip;]<\/p>\n","protected":false},"author":1,"featured_media":0,"parent":2869,"menu_order":0,"comment_status":"closed","ping_status":"closed","template":"","meta":{"_uag_custom_page_level_css":"","site-sidebar-layout":"no-sidebar","site-content-layout":"","ast-site-content-layout":"default","site-content-style":"default","site-sidebar-style":"default","ast-global-header-display":"","ast-banner-title-visibility":"","ast-main-header-display":"","ast-hfb-above-header-display":"","ast-hfb-below-header-display":"","ast-hfb-mobile-header-display":"","site-post-title":"disabled","ast-breadcrumbs-content":"","ast-featured-img":"","footer-sml-layout":"","ast-disable-related-posts":"","theme-transparent-header-meta":"enabled","adv-header-id-meta":"","stick-header-meta":"","header-above-stick-meta":"","header-main-stick-meta":"","header-below-stick-meta":"","astra-migrate-meta-layouts":"set","ast-page-background-enabled":"default","ast-page-background-meta":{"desktop":{"background-color":"var(--ast-global-color-4)","background-image":"","background-repeat":"repeat","background-position":"center center","background-size":"auto","background-attachment":"scroll","background-type":"","background-media":"","overlay-type":"","overlay-color":"","overlay-opacity":"","overlay-gradient":""},"tablet":{"background-color":"","background-image":"","background-repeat":"repeat","background-position":"center center","background-size":"auto","background-attachment":"scroll","background-type":"","background-media":"","overlay-type":"","overlay-color":"","overlay-opacity":"","overlay-gradient":""},"mobile":{"background-color":"","background-image":"","background-repeat":"repeat","background-position":"center center","background-size":"auto","background-attachment":"scroll","background-type":"","background-media":"","overlay-type":"","overlay-color":"","overlay-opacity":"","overlay-gradient":""}},"ast-content-background-meta":{"desktop":{"background-color":"var(--ast-global-color-5)","background-image":"","background-repeat":"repeat","background-position":"center center","background-size":"auto","background-attachment":"scroll","background-type":"","background-media":"","overlay-type":"","overlay-color":"","overlay-opacity":"","overlay-gradient":""},"tablet":{"background-color":"var(--ast-global-color-5)","background-image":"","background-repeat":"repeat","background-position":"center center","background-size":"auto","background-attachment":"scroll","background-type":"","background-media":"","overlay-type":"","overlay-color":"","overlay-opacity":"","overlay-gradient":""},"mobile":{"background-color":"var(--ast-global-color-5)","background-image":"","background-repeat":"repeat","background-position":"center center","background-size":"auto","background-attachment":"scroll","background-type":"","background-media":"","overlay-type":"","overlay-color":"","overlay-opacity":"","overlay-gradient":""}},"footnotes":""},"class_list":["post-2974","page","type-page","status-publish","hentry"],"uagb_featured_image_src":{"full":false,"thumbnail":false,"medium":false,"medium_large":false,"large":false,"1536x1536":false,"2048x2048":false,"trp-custom-language-flag":false},"uagb_author_info":{"display_name":"Joe","author_link":"https:\/\/led.amasly.com\/tr\/author\/jacklin\/"},"uagb_comment_info":0,"uagb_excerpt":"Amasly Flood&nbsp;Lights&nbsp;Price List Flood&nbsp;lights also known as LED spotlights, LED projector lights Reasons for the difference of LED flood\u00a0lights price: 1. Brand and manufacturer: Different brands of LED flood lights&nbsp;have differences in quality, technology, materials and other aspects, so the price will be different. Well-known brands usually have a higher reputation and market share, and&hellip;","_links":{"self":[{"href":"https:\/\/led.amasly.com\/tr\/wp-json\/wp\/v2\/pages\/2974","targetHints":{"allow":["GET"]}}],"collection":[{"href":"https:\/\/led.amasly.com\/tr\/wp-json\/wp\/v2\/pages"}],"about":[{"href":"https:\/\/led.amasly.com\/tr\/wp-json\/wp\/v2\/types\/page"}],"author":[{"embeddable":true,"href":"https:\/\/led.amasly.com\/tr\/wp-json\/wp\/v2\/users\/1"}],"replies":[{"embeddable":true,"href":"https:\/\/led.amasly.com\/tr\/wp-json\/wp\/v2\/comments?post=2974"}],"version-history":[{"count":2,"href":"https:\/\/led.amasly.com\/tr\/wp-json\/wp\/v2\/pages\/2974\/revisions"}],"predecessor-version":[{"id":4495,"href":"https:\/\/led.amasly.com\/tr\/wp-json\/wp\/v2\/pages\/2974\/revisions\/4495"}],"up":[{"embeddable":true,"href":"https:\/\/led.amasly.com\/tr\/wp-json\/wp\/v2\/pages\/2869"}],"wp:attachment":[{"href":"https:\/\/led.amasly.com\/tr\/wp-json\/wp\/v2\/media?parent=2974"}],"curies":[{"name":"wp","href":"https:\/\/api.w.org\/{rel}","templated":true}]}}