{"id":2910,"date":"2025-04-04T07:20:47","date_gmt":"2025-04-03T23:20:47","guid":{"rendered":"https:\/\/led.amasly.com\/?page_id=2910"},"modified":"2026-01-25T19:28:49","modified_gmt":"2026-01-25T11:28:49","slug":"atex-explosion-proof-led-light-fixture-in-the-ship-lighting-fundamental-applications-and-advantages-of-analysis","status":"publish","type":"page","link":"https:\/\/led.amasly.com\/tr\/knowledge\/explosion-proof-products-knowledge\/atex-explosion-proof-led-light-fixture-in-the-ship-lighting-fundamental-applications-and-advantages-of-analysis\/","title":{"rendered":"Gemi ayd\u0131nlatmas\u0131nda ATEX patlamaya dayan\u0131kl\u0131 led ayd\u0131nlatma armat\u00fcr\u00fc temel uygulamalar\u0131 ve analiz avantajlar\u0131"},"content":{"rendered":"\n<div class=\"wp-block-uagb-container uagb-block-27bae773 alignfull uagb-is-root-container\"><div class=\"uagb-container-inner-blocks-wrap\"><\/div><\/div>\n\n\n\n<h1 class=\"wp-block-heading has-text-align-center\"><strong>ATEX explosion proof led light fixture<\/strong><strong>&nbsp;in the ship lighting fundamental applications and advantages of analysis<\/strong><strong><\/strong><\/h1>\n\n\n\n<div class=\"wp-block-uagb-image uagb-block-da1360b5 wp-block-uagb-image--layout-default wp-block-uagb-image--effect-static wp-block-uagb-image--align-none\"><figure class=\"wp-block-uagb-image__figure\"><img decoding=\"async\" srcset=\"https:\/\/led.amasly.com\/wp-content\/uploads\/2025\/03\/400W-LED-explosion-proof-light-1.png ,https:\/\/led.amasly.com\/wp-content\/uploads\/2025\/03\/400W-LED-explosion-proof-light-1.png 780w, https:\/\/led.amasly.com\/wp-content\/uploads\/2025\/03\/400W-LED-explosion-proof-light-1.png 360w\" sizes=\"auto, (max-width: 480px) 150px\" src=\"https:\/\/led.amasly.com\/wp-content\/uploads\/2025\/03\/400W-LED-explosion-proof-light-1.png\" alt=\"Explosion proof lights fitting Price, 400W LED explosion proof light, ATEX explosion proof led light fixture\" class=\"uag-image-2495\" width=\"1004\" height=\"308\" title=\"400W LED explosion proof light\" loading=\"lazy\" role=\"img\"\/><\/figure><\/div>\n\n\n\n<h2 class=\"wp-block-heading\"><strong>Introduction<\/strong><strong><\/strong><\/h2>\n\n\n\n<p>The marine industry has very high requirements for the safety and reliability of lighting equipment, especially in flammable and explosive environments.<\/p>\n\n\n\n<p>ATEX explosion proof led light fixture&nbsp;have become the ideal choice for marine lighting due to their strict explosion-proof certification and high performance features.<\/p>\n\n\n\n<p>This article discusses ATEX explosion proof led light fixture&nbsp;in the marine field of core application scenarios, technical advantages and selection proposition, to help industry users to improve safety and energy efficiency.<\/p>\n\n\n\n<h2 class=\"wp-block-heading\"><strong>First, why the marine industry need <\/strong><strong>ATEX explosion proof led light fixture<\/strong><strong>?<\/strong><strong><\/strong><\/h2>\n\n\n\n<p>Ships often exist in the environment of oil and gas, dust and other flammable substances, traditional lighting equipment is easy to trigger the risk of explosion.<\/p>\n\n\n\n<p>ATEX explosion proof led light fixture&nbsp;are approved by the European Union ATEX directive, using sealed structure, impact-resistant materials and anti-arc design, effectively isolating sparks and high temperature, to protect the hazardous areas [such as the cabin, the cargo hold] operational safety.<\/p>\n\n\n\n<p>Its low energy consumption, long life characteristics can also reduce the cost of ship maintenance, in line with the requirements of maritime environmental protection.<\/p>\n\n\n\n<h2 class=\"wp-block-heading\"><strong>Second, Amasly <\/strong><strong>ATEX explosion proof led light fixture<\/strong><strong>&nbsp;core technology advantages<\/strong><strong><\/strong><\/h2>\n\n\n\n<p>1. Excellent explosion-proof performance approved explosion-proof [Ex d] or increased safety [Ex e] design, ATEX explosion proof led lamp fixture&nbsp;can be in Zone 1\/Zone 2 explosive gas environment stable operation, protection level up to IP66\/IP67, against humidity, salt spray corrosion. 2.<\/p>\n\n\n\n<p>2. energy efficient and long life using high luminous efficiency LED chip, energy consumption is reduced by more than 60% compared with traditional lamps and lanterns, the average life expectancy of more than 50,000 hours, to reduce the burden of frequent replacement of operation and maintenance.<\/p>\n\n\n\n<p>3. Intelligent dimming and vibration-resistant design to help stepless dimming, remote control, adapting to the needs of different working conditions on board; anti-vibration structure to ensure stable lighting in bumpy seas.<\/p>\n\n\n\n<h2 class=\"wp-block-heading\"><strong>Third, ATEX explosion proof led light fixture\u00a0in the ship typical application scenarios<\/strong><\/h2>\n\n\n\n<p>1. Cabin and pump room high humidity, oil and gas mixed environment needs explosion-proof and anti-corrosion double protection, ATEX lamps can supply uniform lighting and avoid the risk of sparks. 2.<\/p>\n\n\n\n<p>2. Cargo compartment and deck area explosion-proof LED light impact shell to adapt to the cargo handling collision, wide temperature range design [-40 \u2103 ~ 60 \u2103] to ensure that the performance of extreme cold or high temperature environment stability.<\/p>\n\n\n\n<p>3. corridor and escape channel in case of emergency, low-power emergency lighting module can work continuously for more than 2 hours to enhance the safety of crew evacuation.<\/p>\n\n\n\n<h2 class=\"wp-block-heading\"><strong>Fourth, how to choose the right ship <\/strong><strong>ATEX explosion proof led light fixture<\/strong><strong>?<\/strong><strong><\/strong><\/h2>\n\n\n\n<p>1. Certification compliance: confirm that the product complies with the ATEX 2014\/34\/EU Directive and IECEx international standards. 2.<\/p>\n\n\n\n<p>2. environmental suitability: according to the installation area [Zone classification] to choose the corresponding protection level and material [such as 316 stainless steel]. 3. energy efficiency and light parameters: energy efficiency and light parameters.<\/p>\n\n\n\n<p>3. Energy efficiency and light parameters: Priority should be given to luminous efficacy &gt; 120lm\/W and colour temperature 4000K-5000K to balance visibility and comfort.<\/p>\n\n\n\n<h2 class=\"wp-block-heading\"><strong>Fifth.<\/strong><strong>&nbsp;Future momentum: intelligent and sustainable<\/strong><strong><\/strong><\/h2>\n\n\n\n<p>Accompanied by the shipping industry to the green development, integrated sensors and the Internet of Things intelligent ATEX explosion proof led lamp  fixture&nbsp;will become mainstream.<\/p>\n\n\n\n<p>For example, the approval of the light sensor automatically adjusts the brightness, or approval of the data back to the implementation of fault warning, to further reduce energy consumption and artificial inspection costs.<\/p>\n\n\n\n<h2 class=\"wp-block-heading\"><strong>FAQ: <\/strong><strong>ATEX explosion proof led light fixture<\/strong><strong>&nbsp;on common problems<\/strong><strong><\/strong><\/h2>\n\n\n\n<p>Q1\uff1aWhat is the difference between ATEX certification and ordinary explosion-proof certification?<\/p>\n\n\n\n<p>A1: ATEX is the EU mandatory certification guidelines, requiring product approval of explosive atmospheres, rigorous testing, covering the design, production and labelling of the entire process, more comprehensive than ordinary explosion-proof certification.<\/p>\n\n\n\n<p>Q2: Is ATEX explosion proof led lamp fixture&nbsp;suitable for high salt spray environment at sea?<\/p>\n\n\n\n<p>A2: Yes. High-quality ATEX lamps and lanterns with vacuum coating or nano-coating process, can resist salt spray corrosion, suitable for ships and offshore platforms for long-term use.<\/p>\n\n\n\n<p>Q3\uff1aHow to judge whether the explosion-proof level of the luminaire matches the needs of the ship?<\/p>\n\n\n\n<p>A3: According to the International Electrotechnical Commission <a href=\"http:\/\/www.iecex-certs.com\/\" rel=\"nofollow noopener\" target=\"_blank\">[IEC]<\/a> Zone guidelines for selection, for example, Zone 1 [gas environment] need to be Ex d IIB T4 or above.<\/p>\n\n\n\n<p>Q4\uff1aWhat is the maintenance cycle of ATEX explosion proof led lamp fixture?<\/p>\n\n\n\n<p class=\"has-text-align-left\">A4\uff1aBecause of its long-life design, it is often only necessary to check the seals and circuit connections every year, and can be used for 5-8 years without any problems.<\/p>\n\n\n\n<div class=\"wp-block-uagb-container uagb-block-c7d898dd alignfull uagb-is-root-container\"><div class=\"uagb-container-inner-blocks-wrap\"><\/div><\/div>\n\n\n\n<h2 class=\"wp-block-heading\">Related Products<\/h2>\n\n\n\n<div class=\"wp-block-uagb-container uagb-block-66e4defc alignfull uagb-is-root-container\"><div class=\"uagb-container-inner-blocks-wrap\">\n<div class=\"wp-block-uagb-container uagb-block-a42945f9\">\n<div class=\"wp-block-uagb-image uagb-block-7296296b wp-block-uagb-image--layout-default wp-block-uagb-image--effect-static wp-block-uagb-image--align-none\"><figure class=\"wp-block-uagb-image__figure\"><a class=\"\" href=\"https:\/\/led.amasly.com\/products\/\" target=\"\" rel=\"noopener\"><img decoding=\"async\" srcset=\"https:\/\/led.amasly.com\/wp-content\/uploads\/2024\/09\/Explosion-proof-high-bay-lights.png ,https:\/\/led.amasly.com\/wp-content\/uploads\/2024\/09\/Explosion-proof-high-bay-lights.png 780w, https:\/\/led.amasly.com\/wp-content\/uploads\/2024\/09\/Explosion-proof-high-bay-lights.png 360w\" sizes=\"auto, (max-width: 480px) 150px\" src=\"https:\/\/led.amasly.com\/wp-content\/uploads\/2024\/09\/Explosion-proof-high-bay-lights.png\" alt=\"\" class=\"uag-image-1495\" width=\"300\" height=\"300\" title=\"Explosion proof high bay lights\" loading=\"lazy\" role=\"img\"><\/a><\/figure><\/div>\n<\/div>\n\n\n\n<div class=\"wp-block-uagb-container uagb-block-4d3efde5\">\n<div class=\"wp-block-uagb-image uagb-block-c9e90797 wp-block-uagb-image--layout-default wp-block-uagb-image--effect-static wp-block-uagb-image--align-none\"><figure class=\"wp-block-uagb-image__figure\"><a class=\"\" href=\"https:\/\/led.amasly.com\/products\/\" target=\"\" rel=\"noopener\"><img decoding=\"async\" srcset=\"https:\/\/led.amasly.com\/wp-content\/uploads\/2024\/07\/LED-tri-proof-lights2.png ,https:\/\/led.amasly.com\/wp-content\/uploads\/2024\/07\/LED-tri-proof-lights2.png 780w, https:\/\/led.amasly.com\/wp-content\/uploads\/2024\/07\/LED-tri-proof-lights2.png 360w\" sizes=\"auto, (max-width: 480px) 150px\" src=\"https:\/\/led.amasly.com\/wp-content\/uploads\/2024\/07\/LED-tri-proof-lights2.png\" alt=\"\" class=\"uag-image-1132\" width=\"300\" height=\"300\" title=\"LED-tri-proof-lights2\" loading=\"lazy\" role=\"img\"><\/a><\/figure><\/div>\n<\/div>\n\n\n\n<div class=\"wp-block-uagb-container uagb-block-11c2578b\">\n<div class=\"wp-block-uagb-image uagb-block-6e8883aa wp-block-uagb-image--layout-default wp-block-uagb-image--effect-static wp-block-uagb-image--align-none\"><figure class=\"wp-block-uagb-image__figure\"><a class=\"\" href=\"https:\/\/led.amasly.com\/products\/\" target=\"\" rel=\"noopener\"><img decoding=\"async\" srcset=\"https:\/\/led.amasly.com\/wp-content\/uploads\/2024\/09\/LED-Explosion-Proof-Gas-Station-Light.png ,https:\/\/led.amasly.com\/wp-content\/uploads\/2024\/09\/LED-Explosion-Proof-Gas-Station-Light.png 780w, https:\/\/led.amasly.com\/wp-content\/uploads\/2024\/09\/LED-Explosion-Proof-Gas-Station-Light.png 360w\" sizes=\"auto, (max-width: 480px) 150px\" src=\"https:\/\/led.amasly.com\/wp-content\/uploads\/2024\/09\/LED-Explosion-Proof-Gas-Station-Light.png\" alt=\"\" class=\"uag-image-1501\" width=\"300\" height=\"300\" title=\"LED Explosion Proof Gas Station Light\" loading=\"lazy\" role=\"img\"><\/a><\/figure><\/div>\n<\/div>\n<\/div><\/div>\n\n\n\n<div class=\"wp-block-uagb-container uagb-block-548945b5 alignfull uagb-is-root-container\"><div class=\"uagb-container-inner-blocks-wrap\">\n<div class=\"wp-block-uagb-container uagb-block-967755d5\">\n<h4 class=\"wp-block-heading has-text-align-center\"><a href=\"https:\/\/led.amasly.com\/products\/\">LED Explosion Proof Lights<\/a><\/h4>\n<\/div>\n\n\n\n<div class=\"wp-block-uagb-container uagb-block-9bc52fc2\">\n<h4 class=\"wp-block-heading has-text-align-center\"><a href=\"https:\/\/led.amasly.com\/products\/\">LED Tri-Proof Lights<\/a><\/h4>\n<\/div>\n\n\n\n<div class=\"wp-block-uagb-container uagb-block-8ffa0a23\">\n<h4 class=\"wp-block-heading has-text-align-center\"><a href=\"https:\/\/led.amasly.com\/products\/\">Explosion Proof Gas Station Lights<\/a><\/h4>\n<\/div>\n<\/div><\/div>\n\n\n\n<div class=\"wp-block-uagb-container uagb-block-29499fe0 alignfull uagb-is-root-container\"><div class=\"uagb-container-inner-blocks-wrap\">\n<div class=\"wp-block-uagb-container uagb-block-777ee1c7\">\n<div class=\"wp-block-uagb-image uagb-block-2e9a1851 wp-block-uagb-image--layout-default wp-block-uagb-image--effect-static wp-block-uagb-image--align-none\"><figure class=\"wp-block-uagb-image__figure\"><a class=\"\" href=\"https:\/\/led.amasly.com\/products\/\" target=\"\" rel=\"noopener\"><img decoding=\"async\" srcset=\"https:\/\/led.amasly.com\/wp-content\/uploads\/2024\/10\/50W-100W-150W-200W-300W-LED-Flood-Light.jpg ,https:\/\/led.amasly.com\/wp-content\/uploads\/2024\/10\/50W-100W-150W-200W-300W-LED-Flood-Light.jpg 780w, https:\/\/led.amasly.com\/wp-content\/uploads\/2024\/10\/50W-100W-150W-200W-300W-LED-Flood-Light.jpg 360w\" sizes=\"auto, (max-width: 480px) 150px\" src=\"https:\/\/led.amasly.com\/wp-content\/uploads\/2024\/10\/50W-100W-150W-200W-300W-LED-Flood-Light.jpg\" alt=\"\" class=\"uag-image-1526\" width=\"300\" height=\"300\" title=\"50W 100W 150W 200W 300W LED Flood Light\" loading=\"lazy\" role=\"img\"><\/a><\/figure><\/div>\n<\/div>\n\n\n\n<div class=\"wp-block-uagb-container uagb-block-af8c8683\">\n<div class=\"wp-block-uagb-image uagb-block-67947854 wp-block-uagb-image--layout-default wp-block-uagb-image--effect-static wp-block-uagb-image--align-none\"><figure class=\"wp-block-uagb-image__figure\"><a class=\"\" href=\"https:\/\/led.amasly.com\/products\/\" target=\"\" rel=\"noopener\"><img decoding=\"async\" srcset=\"https:\/\/led.amasly.com\/wp-content\/uploads\/2024\/07\/led-tri-proof-light.png ,https:\/\/led.amasly.com\/wp-content\/uploads\/2024\/07\/led-tri-proof-light.png 780w, https:\/\/led.amasly.com\/wp-content\/uploads\/2024\/07\/led-tri-proof-light.png 360w\" sizes=\"auto, (max-width: 480px) 150px\" src=\"https:\/\/led.amasly.com\/wp-content\/uploads\/2024\/07\/led-tri-proof-light.png\" alt=\"\" class=\"uag-image-1130\" width=\"300\" height=\"300\" title=\"led-tri-proof-light\" loading=\"lazy\" role=\"img\"><\/a><\/figure><\/div>\n<\/div>\n\n\n\n<div class=\"wp-block-uagb-container uagb-block-0fdfdd58\">\n<div class=\"wp-block-uagb-image uagb-block-1187d32d wp-block-uagb-image--layout-default wp-block-uagb-image--effect-static wp-block-uagb-image--align-none\"><figure class=\"wp-block-uagb-image__figure\"><a class=\"\" href=\"https:\/\/led.amasly.com\/products\/\" target=\"\" rel=\"noopener\"><img decoding=\"async\" srcset=\"https:\/\/led.amasly.com\/wp-content\/uploads\/2024\/07\/LED-street-light.jpg ,https:\/\/led.amasly.com\/wp-content\/uploads\/2024\/07\/LED-street-light.jpg 780w, https:\/\/led.amasly.com\/wp-content\/uploads\/2024\/07\/LED-street-light.jpg 360w\" sizes=\"auto, (max-width: 480px) 150px\" src=\"https:\/\/led.amasly.com\/wp-content\/uploads\/2024\/07\/LED-street-light.jpg\" alt=\"\" class=\"uag-image-1145\" width=\"300\" height=\"300\" title=\"LED-street-light\" loading=\"lazy\" role=\"img\"><\/a><\/figure><\/div>\n<\/div>\n<\/div><\/div>\n\n\n\n<div class=\"wp-block-uagb-container uagb-block-6a60882c alignfull uagb-is-root-container\"><div class=\"uagb-container-inner-blocks-wrap\">\n<div class=\"wp-block-uagb-container uagb-block-f1e91a35\">\n<h4 class=\"wp-block-heading has-text-align-center\"><a href=\"https:\/\/led.amasly.com\/products\/\">LED Flood Lights<\/a><\/h4>\n<\/div>\n\n\n\n<div class=\"wp-block-uagb-container uagb-block-165bfa58\">\n<h4 class=\"wp-block-heading has-text-align-center\"><a href=\"https:\/\/led.amasly.com\/products\/\">LED Tri-Proof Tube Lights<\/a><\/h4>\n<\/div>\n\n\n\n<div class=\"wp-block-uagb-container uagb-block-f6096e3b\">\n<h4 class=\"wp-block-heading has-text-align-center\"><a href=\"https:\/\/led.amasly.com\/products\/\">LED Street Lights<\/a><\/h4>\n<\/div>\n<\/div><\/div>\n\n\n\n<div class=\"wp-block-uagb-container uagb-block-99c0e0a5 alignfull uagb-is-root-container\"><div class=\"uagb-container-inner-blocks-wrap\"><\/div><\/div>\n\n\n\n<p><\/p>\n","protected":false},"excerpt":{"rendered":"<p>ATEX explosion proof led light fixture&nbsp;in the ship lighting fundamental applications and advantages of analysis Introduction The marine industry has very high requirements for the safety and reliability of lighting equipment, especially in flammable and explosive environments. ATEX explosion proof led light fixture&nbsp;have become the ideal choice for marine lighting due to their strict explosion-proof [&hellip;]<\/p>\n","protected":false},"author":1,"featured_media":0,"parent":2374,"menu_order":0,"comment_status":"closed","ping_status":"closed","template":"","meta":{"_uag_custom_page_level_css":"","site-sidebar-layout":"no-sidebar","site-content-layout":"","ast-site-content-layout":"default","site-content-style":"default","site-sidebar-style":"default","ast-global-header-display":"","ast-banner-title-visibility":"","ast-main-header-display":"","ast-hfb-above-header-display":"","ast-hfb-below-header-display":"","ast-hfb-mobile-header-display":"","site-post-title":"disabled","ast-breadcrumbs-content":"","ast-featured-img":"","footer-sml-layout":"","ast-disable-related-posts":"","theme-transparent-header-meta":"enabled","adv-header-id-meta":"","stick-header-meta":"","header-above-stick-meta":"","header-main-stick-meta":"","header-below-stick-meta":"","astra-migrate-meta-layouts":"set","ast-page-background-enabled":"default","ast-page-background-meta":{"desktop":{"background-color":"var(--ast-global-color-4)","background-image":"","background-repeat":"repeat","background-position":"center center","background-size":"auto","background-attachment":"scroll","background-type":"","background-media":"","overlay-type":"","overlay-color":"","overlay-opacity":"","overlay-gradient":""},"tablet":{"background-color":"","background-image":"","background-repeat":"repeat","background-position":"center center","background-size":"auto","background-attachment":"scroll","background-type":"","background-media":"","overlay-type":"","overlay-color":"","overlay-opacity":"","overlay-gradient":""},"mobile":{"background-color":"","background-image":"","background-repeat":"repeat","background-position":"center center","background-size":"auto","background-attachment":"scroll","background-type":"","background-media":"","overlay-type":"","overlay-color":"","overlay-opacity":"","overlay-gradient":""}},"ast-content-background-meta":{"desktop":{"background-color":"var(--ast-global-color-5)","background-image":"","background-repeat":"repeat","background-position":"center center","background-size":"auto","background-attachment":"scroll","background-type":"","background-media":"","overlay-type":"","overlay-color":"","overlay-opacity":"","overlay-gradient":""},"tablet":{"background-color":"var(--ast-global-color-5)","background-image":"","background-repeat":"repeat","background-position":"center center","background-size":"auto","background-attachment":"scroll","background-type":"","background-media":"","overlay-type":"","overlay-color":"","overlay-opacity":"","overlay-gradient":""},"mobile":{"background-color":"var(--ast-global-color-5)","background-image":"","background-repeat":"repeat","background-position":"center center","background-size":"auto","background-attachment":"scroll","background-type":"","background-media":"","overlay-type":"","overlay-color":"","overlay-opacity":"","overlay-gradient":""}},"footnotes":""},"class_list":["post-2910","page","type-page","status-publish","hentry"],"uagb_featured_image_src":{"full":false,"thumbnail":false,"medium":false,"medium_large":false,"large":false,"1536x1536":false,"2048x2048":false,"trp-custom-language-flag":false},"uagb_author_info":{"display_name":"Joe","author_link":"https:\/\/led.amasly.com\/tr\/author\/jacklin\/"},"uagb_comment_info":0,"uagb_excerpt":"ATEX explosion proof led light fixture&nbsp;in the ship lighting fundamental applications and advantages of analysis Introduction The marine industry has very high requirements for the safety and reliability of lighting equipment, especially in flammable and explosive environments. ATEX explosion proof led light fixture&nbsp;have become the ideal choice for marine lighting due to their strict explosion-proof&hellip;","_links":{"self":[{"href":"https:\/\/led.amasly.com\/tr\/wp-json\/wp\/v2\/pages\/2910","targetHints":{"allow":["GET"]}}],"collection":[{"href":"https:\/\/led.amasly.com\/tr\/wp-json\/wp\/v2\/pages"}],"about":[{"href":"https:\/\/led.amasly.com\/tr\/wp-json\/wp\/v2\/types\/page"}],"author":[{"embeddable":true,"href":"https:\/\/led.amasly.com\/tr\/wp-json\/wp\/v2\/users\/1"}],"replies":[{"embeddable":true,"href":"https:\/\/led.amasly.com\/tr\/wp-json\/wp\/v2\/comments?post=2910"}],"version-history":[{"count":3,"href":"https:\/\/led.amasly.com\/tr\/wp-json\/wp\/v2\/pages\/2910\/revisions"}],"predecessor-version":[{"id":4735,"href":"https:\/\/led.amasly.com\/tr\/wp-json\/wp\/v2\/pages\/2910\/revisions\/4735"}],"up":[{"embeddable":true,"href":"https:\/\/led.amasly.com\/tr\/wp-json\/wp\/v2\/pages\/2374"}],"wp:attachment":[{"href":"https:\/\/led.amasly.com\/tr\/wp-json\/wp\/v2\/media?parent=2910"}],"curies":[{"name":"wp","href":"https:\/\/api.w.org\/{rel}","templated":true}]}}