{"id":2869,"date":"2025-03-30T20:26:15","date_gmt":"2025-03-30T12:26:15","guid":{"rendered":"https:\/\/led.amasly.com\/?page_id=2869"},"modified":"2026-01-18T10:38:27","modified_gmt":"2026-01-18T02:38:27","slug":"light-price","status":"publish","type":"page","link":"https:\/\/led.amasly.com\/tr\/light-price\/","title":{"rendered":"Hafif Fiyat"},"content":{"rendered":"<div class=\"wp-block-uagb-container uagb-block-27bae773 alignfull uagb-is-root-container\"><div class=\"uagb-container-inner-blocks-wrap\">\n<div class=\"wp-block-uagb-info-box uagb-block-b537abb1 uagb-infobox__content-wrap  uagb-infobox-icon-above-title uagb-infobox-image-valign-top wp-block-uagb-info-box--has-margin\"><div class=\"uagb-infobox-margin-wrapper\"><div class=\"uagb-ifb-content\"><div class=\"uagb-ifb-title-wrap\"><\/div><\/div><\/div><\/div>\n<\/div><\/div>\n\n\n\n<p>Amasly Light Fiyat \u015funlar\u0131 i\u00e7erir: patlamaya dayan\u0131kl\u0131 \u0131\u015f\u0131klar fiyat\u0131, y\u00fcksek defne \u0131\u015f\u0131k fiyat\u0131, sel \u0131\u015f\u0131k fiyat\u0131, sokak lambas\u0131 fiyat\u0131, g\u00fcne\u015f \u0131\u015f\u0131\u011f\u0131 pirce ve patlamaya dayan\u0131kl\u0131 elektrikli ev aletleri Fiyat<\/p>\n\n\n\n<p><\/p>\n\n\n\n<h1 class=\"wp-block-heading\">Hafif Fiyat<\/h1>\n\n\n\n<p><\/p>\n\n\n\n<div class=\"wp-block-uagb-container uagb-block-78cb55ea alignfull uagb-is-root-container\"><div class=\"uagb-container-inner-blocks-wrap\">\n<div class=\"wp-block-uagb-container uagb-block-ae01babb\">\n<h2 class=\"wp-block-heading\"><a href=\"https:\/\/led.amasly.com\/tr\/light-price\/explosion-proof-lights-price\/\">Patlamaya Dayan\u0131kl\u0131 I\u015f\u0131klar Fiyat<\/a><\/h2>\n<\/div>\n\n\n\n<div class=\"wp-block-uagb-container uagb-block-aaa439af\">\n<div class=\"wp-block-uagb-image uagb-block-31219426 wp-block-uagb-image--layout-default wp-block-uagb-image--effect-static wp-block-uagb-image--align-none\"><figure class=\"wp-block-uagb-image__figure\"><a class=\"\" href=\"https:\/\/led.amasly.com\/tr\/light-price\/explosion-proof-lights-price\/\" target=\"\" rel=\"noopener\"><img decoding=\"async\" srcset=\"https:\/\/led.amasly.com\/wp-content\/uploads\/2025\/03\/2fca32c318e6523070fbc173de32411a_sunset-6226244_1280-1-1024x686.jpg ,https:\/\/led.amasly.com\/wp-content\/uploads\/2025\/03\/2fca32c318e6523070fbc173de32411a_sunset-6226244_1280-1.jpg 780w, https:\/\/led.amasly.com\/wp-content\/uploads\/2025\/03\/2fca32c318e6523070fbc173de32411a_sunset-6226244_1280-1.jpg 360w\" sizes=\"auto, (max-width: 480px) 150px\" src=\"https:\/\/led.amasly.com\/wp-content\/uploads\/2025\/03\/2fca32c318e6523070fbc173de32411a_sunset-6226244_1280-1-1024x686.jpg\" alt=\"\" class=\"uag-image-2371\" width=\"1024\" height=\"529\" title=\"2fca32c318e6523070fbc173de32411a_sunset-6226244_1280\" loading=\"lazy\" role=\"img\"><\/a><\/figure><\/div>\n<\/div>\n<\/div><\/div>\n\n\n\n<div class=\"wp-block-uagb-container uagb-block-e9d680de alignfull uagb-is-root-container\"><div class=\"uagb-container-inner-blocks-wrap\">\n<div class=\"wp-block-uagb-container uagb-block-3a490d67\">\n<h2 class=\"wp-block-heading\">Y\u00fcksek Bay I\u015f\u0131k Fiyat\u0131<\/h2>\n<\/div>\n\n\n\n<div class=\"wp-block-uagb-container uagb-block-1f1f7c80\">\n<div class=\"wp-block-uagb-image uagb-block-8fef6678 wp-block-uagb-image--layout-default wp-block-uagb-image--effect-static wp-block-uagb-image--align-none\"><figure class=\"wp-block-uagb-image__figure\"><img decoding=\"async\" srcset=\"https:\/\/led.amasly.com\/wp-content\/uploads\/2025\/02\/Warehouses-Intelligent-Lighting-Solutions-2-1024x576.jpg ,https:\/\/led.amasly.com\/wp-content\/uploads\/2025\/02\/Warehouses-Intelligent-Lighting-Solutions-2.jpg 780w, https:\/\/led.amasly.com\/wp-content\/uploads\/2025\/02\/Warehouses-Intelligent-Lighting-Solutions-2.jpg 360w\" sizes=\"auto, (max-width: 480px) 150px\" src=\"https:\/\/led.amasly.com\/wp-content\/uploads\/2025\/02\/Warehouses-Intelligent-Lighting-Solutions-2-1024x576.jpg\" alt=\"\" class=\"uag-image-2054\" width=\"1024\" height=\"529\" title=\"Depolar Ak\u0131ll\u0131 Ayd\u0131nlatma \u00c7\u00f6z\u00fcmleri (2)\" loading=\"lazy\" role=\"img\"><\/figure><\/div>\n<\/div>\n<\/div><\/div>\n\n\n\n<div class=\"wp-block-uagb-container uagb-block-f75c59aa alignfull uagb-is-root-container\"><div class=\"uagb-container-inner-blocks-wrap\">\n<div class=\"wp-block-uagb-container uagb-block-5104502a\">\n<h2 class=\"wp-block-heading\">D\u0131\u015f Mekan I\u015f\u0131k Pirce<\/h2>\n<\/div>\n\n\n\n<div class=\"wp-block-uagb-container uagb-block-a958d921\">\n<div class=\"wp-block-uagb-image uagb-block-d25905fa wp-block-uagb-image--layout-default wp-block-uagb-image--effect-static wp-block-uagb-image--align-none\"><figure class=\"wp-block-uagb-image__figure\"><img decoding=\"async\" srcset=\"https:\/\/led.amasly.com\/wp-content\/uploads\/2025\/02\/stadium-lighting-4-1024x682.jpg ,https:\/\/led.amasly.com\/wp-content\/uploads\/2025\/02\/stadium-lighting-4.jpg 780w, https:\/\/led.amasly.com\/wp-content\/uploads\/2025\/02\/stadium-lighting-4.jpg 360w\" sizes=\"auto, (max-width: 480px) 150px\" src=\"https:\/\/led.amasly.com\/wp-content\/uploads\/2025\/02\/stadium-lighting-4-1024x682.jpg\" alt=\"\" class=\"uag-image-1948\" width=\"1024\" height=\"529\" title=\"stadyum ayd\u0131nlatmas\u0131 (4)\" loading=\"lazy\" role=\"img\"><\/figure><\/div>\n<\/div>\n<\/div><\/div>\n\n\n\n<h2 class=\"wp-block-heading\"><strong>Amasly Light SSS<\/strong><\/h2>\n\n\n\n<p><strong>S1.Led \u0131\u015f\u0131k i\u00e7in \u00f6rnek bir sipari\u015f alabilir miyim?<\/strong><strong><\/strong><\/p>\n\n\n\n<p>C: Evet, kaliteyi test etmek ve kontrol etmek i\u00e7in numune sipari\u015fini memnuniyetle kar\u015f\u0131l\u0131yoruz. Kar\u0131\u015f\u0131k numuneler kabul edilebilir.<\/p>\n\n\n\n<p><strong>S2.Teslim s\u00fcresi ne olacak?<\/strong><strong><\/strong><\/p>\n\n\n\n<p>C: Numune 3-5 g\u00fcne, seri \u00fcretim s\u00fcresi 1-2 haftaya ihtiya\u00e7 duyar.<\/p>\n\n\n\n<p><strong>S3.Led \u0131\u015f\u0131k sipari\u015fi i\u00e7in herhangi bir MOQ s\u0131n\u0131r\u0131n\u0131z var m\u0131?<\/strong><strong><\/strong><\/p>\n\n\n\n<p>C: Numune kontrol\u00fc i\u00e7in d\u00fc\u015f\u00fck MOQ 1 adet mevcuttur.<\/p>\n\n\n\n<p><strong>Q4. Mallar\u0131 nas\u0131l g\u00f6nderiyorsunuz ve ula\u015fmas\u0131 ne kadar s\u00fcr\u00fcyor?<\/strong><strong><\/strong><\/p>\n\n\n\n<p>C: Genellikle \u015fu yolla g\u00f6nderiyoruz <a href=\"https:\/\/www.dhl.com\" rel=\"nofollow noopener\" target=\"_blank\">DHL<\/a>, UPS, FedEx veya TNT. Ula\u015fmas\u0131 genellikle 3-5 g\u00fcn s\u00fcrer. Hava hatt\u0131 ve deniz ta\u015f\u0131mac\u0131l\u0131\u011f\u0131 da iste\u011fe ba\u011fl\u0131d\u0131r.<\/p>\n\n\n\n<p><strong>Q5. Led \u0131\u015f\u0131k sipari\u015fine nas\u0131l devam edilir?<\/strong><strong><\/strong><\/p>\n\n\n\n<p>A:<\/p>\n\n\n\n<p>\u00d6ncelikle gereksinimlerinizi veya ba\u015fvurunuzu bize bildirin.<\/p>\n\n\n\n<p>\u0130kinci olarak, gereksinimlerinize veya \u00f6nerilerimize g\u00f6re teklif veriyoruz.<\/p>\n\n\n\n<p>\u00dc\u00e7\u00fcnc\u00fc olarak, m\u00fc\u015fteri numuneleri onaylar ve resmi sipari\u015f i\u00e7in depozito yat\u0131r\u0131r.<\/p>\n\n\n\n<p>D\u00f6rd\u00fcnc\u00fc olarak, \u00fcretimi d\u00fczenliyoruz.<\/p>\n\n\n\n<p><strong>S6.Benimkini yazd\u0131rmak sorun olur mu <\/strong><strong>LOGO<\/strong><strong>&nbsp;led \u0131\u015f\u0131k \u00fcr\u00fcn\u00fcnde?<\/strong><strong><\/strong><\/p>\n\n\n\n<p>C: Evet, l\u00fctfen \u00fcretimimizden \u00f6nce bizi resmi olarak bilgilendirin ve \u00f6ncelikle \u00f6rne\u011fimize g\u00f6re tasar\u0131m\u0131 onaylay\u0131n.<\/p>\n\n\n\n<p><strong>S7: \u00dcr\u00fcnler i\u00e7in garanti sunuyor musunuz?<\/strong><strong><\/strong><\/p>\n\n\n\n<p>C: Evet, \u00fcr\u00fcnlerimiz i\u00e7in 2-5 y\u0131l garanti sunuyoruz.<\/p>\n\n\n\n<p><strong>S8: Ar\u0131zal\u0131 \u00fcr\u00fcnle nas\u0131l ba\u015fa \u00e7\u0131k\u0131l\u0131r?<\/strong><strong><\/strong><\/p>\n\n\n\n<p>A:<\/p>\n\n\n\n<p>\u00d6ncelikle, \u00fcr\u00fcnlerimiz dinstrict kalite kontrol sistemi \u00fcretmektedir ve kusurlu oran 0.2%'den az olacakt\u0131r.<\/p>\n\n\n\n<p>\u0130kinci olarak, garanti s\u00fcresi boyunca, k\u00f6t\u00fc par\u00e7ay\u0131 de\u011fi\u015ftirmek i\u00e7in par\u00e7alar sa\u011flayaca\u011f\u0131z. Toplu sipari\u015fler i\u00e7in, savunmas\u0131z par\u00e7alar\u0131 \u00f6nceden sa\u011flayaca\u011f\u0131z veya ger\u00e7ek duruma g\u00f6re geri \u00e7a\u011f\u0131rma dahil \u00e7\u00f6z\u00fcmleri tart\u0131\u015fabiliriz.<\/p>\n\n\n\n<p><strong>S9: 12V, 24V, 36V veya 48V AC\/DC voltajlar\u0131nda d\u00fc\u015f\u00fck voltajl\u0131 patlamaya dayan\u0131kl\u0131 lambalar yapabilir miyiz? <\/strong><\/p>\n\n\n\n<p>Amasly hem d\u00fc\u015f\u00fck voltajl\u0131 hem de y\u00fcksek voltajl\u0131 patlamaya dayan\u0131kl\u0131 \u0131\u015f\u0131klar olarak kullan\u0131labilir - AC\/DC 12V, 24V, 36V, 48V, AC 85-265V, AC 380V. <\/p>\n\n\n\n<p><strong>Q10: Explosion Poof Lights acil durum pilleri eklenebilir mi? <\/strong><\/p>\n\n\n\n<p>Amasly patlamaya dayan\u0131kl\u0131 lamba acil durum lityum pilleri ile donat\u0131labilir. Acil durum s\u00fcresi 90 dakika, 120 dakika veya 180 dakikad\u0131r. <\/p>\n\n\n\n<p><strong>S11: Amasly patlamaya dayan\u0131kl\u0131 lamba bir OEM \u00fcr\u00fcn\u00fc olarak \u00f6zelle\u015ftirilebilir mi? <\/strong><\/p>\n\n\n\n<p>Amasly patlamaya dayan\u0131kl\u0131 lambalar, hem lambalar hem de ambalaj kartonlar\u0131 i\u00e7in m\u00fc\u015fteri gereksinimlerine g\u00f6re \u00f6zelle\u015ftirilebilir.<\/p>\n\n\n\n<div class=\"wp-block-uagb-container uagb-block-2f7a90f6 alignfull uagb-is-root-container\"><div class=\"uagb-container-inner-blocks-wrap\">\n<div class=\"wp-block-uagb-info-box uagb-block-8b5cd174 uagb-infobox__content-wrap  uagb-infobox-icon-above-title uagb-infobox-image-valign-top wp-block-uagb-info-box--has-margin\"><div class=\"uagb-infobox-margin-wrapper\"><div class=\"uagb-ifb-content\"><div class=\"uagb-ifb-title-wrap\"><\/div><\/div><\/div><\/div>\n<\/div><\/div>\n\n\n\n<h2 class=\"wp-block-heading\">\u0130lgili \u00dcr\u00fcnler<\/h2>\n\n\n\n<div class=\"wp-block-uagb-container uagb-block-492a12c6 alignfull uagb-is-root-container\"><div class=\"uagb-container-inner-blocks-wrap\">\n<div class=\"wp-block-uagb-container uagb-block-489233b8\">\n<div class=\"wp-block-uagb-image uagb-block-f86481bd wp-block-uagb-image--layout-default wp-block-uagb-image--effect-static wp-block-uagb-image--align-none\"><figure class=\"wp-block-uagb-image__figure\"><a class=\"\" href=\"https:\/\/led.amasly.com\/tr\/products\/\" target=\"\" rel=\"noopener\"><img decoding=\"async\" srcset=\"https:\/\/led.amasly.com\/wp-content\/uploads\/2024\/09\/Explosion-proof-high-bay-lights.png ,https:\/\/led.amasly.com\/wp-content\/uploads\/2024\/09\/Explosion-proof-high-bay-lights.png 780w, https:\/\/led.amasly.com\/wp-content\/uploads\/2024\/09\/Explosion-proof-high-bay-lights.png 360w\" sizes=\"auto, (max-width: 480px) 150px\" src=\"https:\/\/led.amasly.com\/wp-content\/uploads\/2024\/09\/Explosion-proof-high-bay-lights.png\" alt=\"\" class=\"uag-image-1495\" width=\"300\" height=\"300\" title=\"Patlamaya dayan\u0131kl\u0131 y\u00fcksek tavan lambalar\u0131\" loading=\"lazy\" role=\"img\"><\/a><\/figure><\/div>\n<\/div>\n\n\n\n<div class=\"wp-block-uagb-container uagb-block-41faa083\">\n<div class=\"wp-block-uagb-image uagb-block-f71a09a9 wp-block-uagb-image--layout-default wp-block-uagb-image--effect-static wp-block-uagb-image--align-none\"><figure class=\"wp-block-uagb-image__figure\"><a class=\"\" href=\"https:\/\/led.amasly.com\/tr\/products\/\" target=\"\" rel=\"noopener\"><img decoding=\"async\" srcset=\"https:\/\/led.amasly.com\/wp-content\/uploads\/2024\/08\/Explosion-proof-flood-light.png ,https:\/\/led.amasly.com\/wp-content\/uploads\/2024\/08\/Explosion-proof-flood-light.png 780w, https:\/\/led.amasly.com\/wp-content\/uploads\/2024\/08\/Explosion-proof-flood-light.png 360w\" sizes=\"auto, (max-width: 480px) 150px\" src=\"https:\/\/led.amasly.com\/wp-content\/uploads\/2024\/08\/Explosion-proof-flood-light.png\" alt=\"\" class=\"uag-image-1482\" width=\"300\" height=\"300\" title=\"Patlamaya dayan\u0131kl\u0131 projekt\u00f6r\" loading=\"lazy\" role=\"img\"><\/a><\/figure><\/div>\n<\/div>\n\n\n\n<div class=\"wp-block-uagb-container uagb-block-85cfaedc\">\n<div class=\"wp-block-uagb-image uagb-block-21b5cff7 wp-block-uagb-image--layout-default wp-block-uagb-image--effect-static wp-block-uagb-image--align-none\"><figure class=\"wp-block-uagb-image__figure\"><a class=\"\" href=\"https:\/\/led.amasly.com\/tr\/products\/\" target=\"\" rel=\"noopener\"><img decoding=\"async\" srcset=\"https:\/\/led.amasly.com\/wp-content\/uploads\/2025\/01\/1.jpg ,https:\/\/led.amasly.com\/wp-content\/uploads\/2025\/01\/1.jpg 780w, https:\/\/led.amasly.com\/wp-content\/uploads\/2025\/01\/1.jpg 360w\" sizes=\"auto, (max-width: 480px) 150px\" src=\"https:\/\/led.amasly.com\/wp-content\/uploads\/2025\/01\/1.jpg\" alt=\"\" class=\"uag-image-1686\" width=\"800\" height=\"800\" title=\"1\" loading=\"lazy\" role=\"img\"><\/a><\/figure><\/div>\n<\/div>\n\n\n\n<div class=\"wp-block-uagb-container uagb-block-26ed2c96\">\n<div class=\"wp-block-uagb-image uagb-block-74690288 wp-block-uagb-image--layout-default wp-block-uagb-image--effect-static wp-block-uagb-image--align-none\"><figure class=\"wp-block-uagb-image__figure\"><a class=\"\" href=\"https:\/\/led.amasly.com\/tr\/products\/\" target=\"\" rel=\"noopener\"><img decoding=\"async\" srcset=\"https:\/\/led.amasly.com\/wp-content\/uploads\/2024\/09\/LED-Explosion-Proof-Gas-Station-Light.png ,https:\/\/led.amasly.com\/wp-content\/uploads\/2024\/09\/LED-Explosion-Proof-Gas-Station-Light.png 780w, https:\/\/led.amasly.com\/wp-content\/uploads\/2024\/09\/LED-Explosion-Proof-Gas-Station-Light.png 360w\" sizes=\"auto, (max-width: 480px) 150px\" src=\"https:\/\/led.amasly.com\/wp-content\/uploads\/2024\/09\/LED-Explosion-Proof-Gas-Station-Light.png\" alt=\"\" class=\"uag-image-1501\" width=\"300\" height=\"300\" title=\"LED Patlamaya Dayan\u0131kl\u0131 Benzin \u0130stasyonu I\u015f\u0131\u011f\u0131\" loading=\"lazy\" role=\"img\"><\/a><\/figure><\/div>\n<\/div>\n<\/div><\/div>\n\n\n\n<div class=\"wp-block-uagb-container uagb-block-7c7b1c72 alignfull uagb-is-root-container\"><div class=\"uagb-container-inner-blocks-wrap\">\n<div class=\"wp-block-uagb-container uagb-block-de40c4b5\">\n<h5 class=\"wp-block-heading has-text-align-center\"><a href=\"https:\/\/led.amasly.com\/tr\/products\/\">Patlamaya Dayan\u0131kl\u0131 Y\u00fcksek Bay I\u015f\u0131k<\/a><\/h5>\n<\/div>\n\n\n\n<div class=\"wp-block-uagb-container uagb-block-f38acbf0\">\n<h5 class=\"wp-block-heading has-text-align-center\"><a href=\"https:\/\/led.amasly.com\/tr\/products\/\">Patlamaya Dayan\u0131kl\u0131 Sel I\u015f\u0131\u011f\u0131<\/a><\/h5>\n<\/div>\n\n\n\n<div class=\"wp-block-uagb-container uagb-block-2cdde923\">\n<h5 class=\"wp-block-heading has-text-align-center\"><a href=\"https:\/\/led.amasly.com\/tr\/products\/\">Patlamaya Dayan\u0131kl\u0131 Lineer I\u015f\u0131k<\/a><\/h5>\n<\/div>\n\n\n\n<div class=\"wp-block-uagb-container uagb-block-4786d708\">\n<h5 class=\"wp-block-heading has-text-align-center\"><a href=\"https:\/\/led.amasly.com\/tr\/products\/\">Patlamaya Dayan\u0131kl\u0131 Benzin \u0130stasyonu I\u015f\u0131\u011f\u0131<\/a><\/h5>\n<\/div>\n<\/div><\/div>\n\n\n\n<div class=\"wp-block-uagb-container uagb-block-cb024e0e alignfull uagb-is-root-container\"><div class=\"uagb-container-inner-blocks-wrap\">\n<div class=\"wp-block-uagb-container uagb-block-af459a34\">\n<div class=\"wp-block-uagb-image uagb-block-b2e8e1b3 wp-block-uagb-image--layout-default wp-block-uagb-image--effect-static wp-block-uagb-image--align-none\"><figure class=\"wp-block-uagb-image__figure\"><a class=\"\" href=\"https:\/\/led.amasly.com\/tr\/products\/\" target=\"\" rel=\"noopener\"><img decoding=\"async\" srcset=\"https:\/\/led.amasly.com\/wp-content\/uploads\/2024\/10\/50W-100W-150W-200W-300W-LED-Flood-Light.jpg ,https:\/\/led.amasly.com\/wp-content\/uploads\/2024\/10\/50W-100W-150W-200W-300W-LED-Flood-Light.jpg 780w, https:\/\/led.amasly.com\/wp-content\/uploads\/2024\/10\/50W-100W-150W-200W-300W-LED-Flood-Light.jpg 360w\" sizes=\"auto, (max-width: 480px) 150px\" src=\"https:\/\/led.amasly.com\/wp-content\/uploads\/2024\/10\/50W-100W-150W-200W-300W-LED-Flood-Light.jpg\" alt=\"\" class=\"uag-image-1526\" width=\"300\" height=\"300\" title=\"50W 100W 150W 200W 300W LED Ta\u015fk\u0131n I\u015f\u0131k\" loading=\"lazy\" role=\"img\"><\/a><\/figure><\/div>\n<\/div>\n\n\n\n<div class=\"wp-block-uagb-container uagb-block-4b67c5ea\">\n<div class=\"wp-block-uagb-image uagb-block-9e04f065 wp-block-uagb-image--layout-default wp-block-uagb-image--effect-static wp-block-uagb-image--align-none\"><figure class=\"wp-block-uagb-image__figure\"><a class=\"\" href=\"https:\/\/led.amasly.com\/tr\/products\/\" target=\"\" rel=\"noopener\"><img decoding=\"async\" srcset=\"https:\/\/led.amasly.com\/wp-content\/uploads\/2024\/08\/2000W-LED-Stadium-Light.jpg ,https:\/\/led.amasly.com\/wp-content\/uploads\/2024\/08\/2000W-LED-Stadium-Light.jpg 780w, https:\/\/led.amasly.com\/wp-content\/uploads\/2024\/08\/2000W-LED-Stadium-Light.jpg 360w\" sizes=\"auto, (max-width: 480px) 150px\" src=\"https:\/\/led.amasly.com\/wp-content\/uploads\/2024\/08\/2000W-LED-Stadium-Light.jpg\" alt=\"\" class=\"uag-image-1473\" width=\"300\" height=\"300\" title=\"2000W LED Stadyum I\u015f\u0131\u011f\u0131\" loading=\"lazy\" role=\"img\"><\/a><\/figure><\/div>\n<\/div>\n\n\n\n<div class=\"wp-block-uagb-container uagb-block-51e4eb1c\">\n<div class=\"wp-block-uagb-image uagb-block-6fd8bb55 wp-block-uagb-image--layout-default wp-block-uagb-image--effect-static wp-block-uagb-image--align-none\"><figure class=\"wp-block-uagb-image__figure\"><a class=\"\" href=\"https:\/\/led.amasly.com\/tr\/products\/\" target=\"\" rel=\"noopener\"><img decoding=\"async\" srcset=\"https:\/\/led.amasly.com\/wp-content\/uploads\/2024\/07\/high-bay-light.jpg ,https:\/\/led.amasly.com\/wp-content\/uploads\/2024\/07\/high-bay-light.jpg 780w, https:\/\/led.amasly.com\/wp-content\/uploads\/2024\/07\/high-bay-light.jpg 360w\" sizes=\"auto, (max-width: 480px) 150px\" src=\"https:\/\/led.amasly.com\/wp-content\/uploads\/2024\/07\/high-bay-light.jpg\" alt=\"\" class=\"uag-image-1134\" width=\"800\" height=\"800\" title=\"y\u00fcksek b\u00f6lme-\u0131\u015f\u0131k\" loading=\"lazy\" role=\"img\"><\/a><\/figure><\/div>\n<\/div>\n\n\n\n<div class=\"wp-block-uagb-container uagb-block-d8b9b3c2\">\n<div class=\"wp-block-uagb-image uagb-block-b794b600 wp-block-uagb-image--layout-default wp-block-uagb-image--effect-static wp-block-uagb-image--align-none\"><figure class=\"wp-block-uagb-image__figure\"><a class=\"\" href=\"https:\/\/led.amasly.com\/tr\/products\/\" target=\"\" rel=\"noopener\"><img decoding=\"async\" srcset=\"https:\/\/led.amasly.com\/wp-content\/uploads\/2024\/07\/LED-street-light.jpg ,https:\/\/led.amasly.com\/wp-content\/uploads\/2024\/07\/LED-street-light.jpg 780w, https:\/\/led.amasly.com\/wp-content\/uploads\/2024\/07\/LED-street-light.jpg 360w\" sizes=\"auto, (max-width: 480px) 150px\" src=\"https:\/\/led.amasly.com\/wp-content\/uploads\/2024\/07\/LED-street-light.jpg\" alt=\"\" class=\"uag-image-1145\" width=\"300\" height=\"300\" title=\"LED-sokak-\u0131\u015f\u0131\u011f\u0131\" loading=\"lazy\" role=\"img\"><\/a><\/figure><\/div>\n<\/div>\n<\/div><\/div>\n\n\n\n<div class=\"wp-block-uagb-container uagb-block-b852371c alignfull uagb-is-root-container\"><div class=\"uagb-container-inner-blocks-wrap\">\n<div class=\"wp-block-uagb-container uagb-block-27e46e5d\">\n<h5 class=\"wp-block-heading has-text-align-center\"><a href=\"https:\/\/led.amasly.com\/tr\/products\/\">LED Ta\u015fk\u0131n I\u015f\u0131k<\/a><\/h5>\n<\/div>\n\n\n\n<div class=\"wp-block-uagb-container uagb-block-347094b5\">\n<h5 class=\"wp-block-heading has-text-align-center\"><a href=\"https:\/\/led.amasly.com\/tr\/products\/\">LED Stadyum I\u015f\u0131\u011f\u0131<\/a><\/h5>\n<\/div>\n\n\n\n<div class=\"wp-block-uagb-container uagb-block-bbddcbbe\">\n<h5 class=\"wp-block-heading has-text-align-center\"><a href=\"https:\/\/led.amasly.com\/tr\/products\/\">LED Y\u00fcksek Bay I\u015f\u0131k<\/a><\/h5>\n<\/div>\n\n\n\n<div class=\"wp-block-uagb-container uagb-block-5eb607f2\">\n<h5 class=\"wp-block-heading has-text-align-center\"><a href=\"https:\/\/led.amasly.com\/tr\/products\/\">LED Sokak Lambas\u0131 I\u015f\u0131\u011f\u0131<\/a><\/h5>\n<\/div>\n<\/div><\/div>\n\n\n\n<div class=\"wp-block-uagb-container uagb-block-69eeacf9 alignfull uagb-is-root-container\"><div class=\"uagb-container-inner-blocks-wrap\">\n<div class=\"wp-block-uagb-info-box uagb-block-2763a303 uagb-infobox__content-wrap  uagb-infobox-icon-above-title uagb-infobox-image-valign-top wp-block-uagb-info-box--has-margin\"><div class=\"uagb-infobox-margin-wrapper\"><div class=\"uagb-ifb-content\"><div class=\"uagb-ifb-title-wrap\"><\/div><\/div><\/div><\/div>\n<\/div><\/div>","protected":false},"excerpt":{"rendered":"<p>Amasly Light Price include: explosion proof lights price, high bay light price, flood light price, street light price, solar light pirce and explosion proof electrical appliances Price Light Price Explosion Proof Lights Price High Bay Light Price Outdoor Light Pirce Related Products Explosion Proof High Bay Light Explosion Proof Flood Light Explosion Proof Linear Light [&hellip;]<\/p>\n","protected":false},"author":1,"featured_media":0,"parent":0,"menu_order":0,"comment_status":"closed","ping_status":"closed","template":"","meta":{"_uag_custom_page_level_css":"","site-sidebar-layout":"no-sidebar","site-content-layout":"","ast-site-content-layout":"default","site-content-style":"default","site-sidebar-style":"default","ast-global-header-display":"","ast-banner-title-visibility":"","ast-main-header-display":"","ast-hfb-above-header-display":"","ast-hfb-below-header-display":"","ast-hfb-mobile-header-display":"","site-post-title":"disabled","ast-breadcrumbs-content":"","ast-featured-img":"","footer-sml-layout":"","ast-disable-related-posts":"","theme-transparent-header-meta":"enabled","adv-header-id-meta":"","stick-header-meta":"","header-above-stick-meta":"","header-main-stick-meta":"","header-below-stick-meta":"","astra-migrate-meta-layouts":"set","ast-page-background-enabled":"default","ast-page-background-meta":{"desktop":{"background-color":"var(--ast-global-color-4)","background-image":"","background-repeat":"repeat","background-position":"center center","background-size":"auto","background-attachment":"scroll","background-type":"","background-media":"","overlay-type":"","overlay-color":"","overlay-opacity":"","overlay-gradient":""},"tablet":{"background-color":"","background-image":"","background-repeat":"repeat","background-position":"center center","background-size":"auto","background-attachment":"scroll","background-type":"","background-media":"","overlay-type":"","overlay-color":"","overlay-opacity":"","overlay-gradient":""},"mobile":{"background-color":"","background-image":"","background-repeat":"repeat","background-position":"center center","background-size":"auto","background-attachment":"scroll","background-type":"","background-media":"","overlay-type":"","overlay-color":"","overlay-opacity":"","overlay-gradient":""}},"ast-content-background-meta":{"desktop":{"background-color":"var(--ast-global-color-5)","background-image":"","background-repeat":"repeat","background-position":"center center","background-size":"auto","background-attachment":"scroll","background-type":"","background-media":"","overlay-type":"","overlay-color":"","overlay-opacity":"","overlay-gradient":""},"tablet":{"background-color":"var(--ast-global-color-5)","background-image":"","background-repeat":"repeat","background-position":"center center","background-size":"auto","background-attachment":"scroll","background-type":"","background-media":"","overlay-type":"","overlay-color":"","overlay-opacity":"","overlay-gradient":""},"mobile":{"background-color":"var(--ast-global-color-5)","background-image":"","background-repeat":"repeat","background-position":"center center","background-size":"auto","background-attachment":"scroll","background-type":"","background-media":"","overlay-type":"","overlay-color":"","overlay-opacity":"","overlay-gradient":""}},"footnotes":""},"class_list":["post-2869","page","type-page","status-publish","hentry"],"uagb_featured_image_src":{"full":false,"thumbnail":false,"medium":false,"medium_large":false,"large":false,"1536x1536":false,"2048x2048":false,"trp-custom-language-flag":false},"uagb_author_info":{"display_name":"Joe","author_link":"https:\/\/led.amasly.com\/tr\/author\/jacklin\/"},"uagb_comment_info":0,"uagb_excerpt":"Amasly Light Price include: explosion proof lights price, high bay light price, flood light price, street light price, solar light pirce and explosion proof electrical appliances Price Light Price Explosion Proof Lights Price High Bay Light Price Outdoor Light Pirce Related Products Explosion Proof High Bay Light Explosion Proof Flood Light Explosion Proof Linear Light&hellip;","_links":{"self":[{"href":"https:\/\/led.amasly.com\/tr\/wp-json\/wp\/v2\/pages\/2869","targetHints":{"allow":["GET"]}}],"collection":[{"href":"https:\/\/led.amasly.com\/tr\/wp-json\/wp\/v2\/pages"}],"about":[{"href":"https:\/\/led.amasly.com\/tr\/wp-json\/wp\/v2\/types\/page"}],"author":[{"embeddable":true,"href":"https:\/\/led.amasly.com\/tr\/wp-json\/wp\/v2\/users\/1"}],"replies":[{"embeddable":true,"href":"https:\/\/led.amasly.com\/tr\/wp-json\/wp\/v2\/comments?post=2869"}],"version-history":[{"count":3,"href":"https:\/\/led.amasly.com\/tr\/wp-json\/wp\/v2\/pages\/2869\/revisions"}],"predecessor-version":[{"id":4479,"href":"https:\/\/led.amasly.com\/tr\/wp-json\/wp\/v2\/pages\/2869\/revisions\/4479"}],"wp:attachment":[{"href":"https:\/\/led.amasly.com\/tr\/wp-json\/wp\/v2\/media?parent=2869"}],"curies":[{"name":"wp","href":"https:\/\/api.w.org\/{rel}","templated":true}]}}