{"id":2407,"date":"2025-03-09T19:25:01","date_gmt":"2025-03-09T11:25:01","guid":{"rendered":"https:\/\/led.amasly.com\/?page_id=2407"},"modified":"2026-01-18T20:20:42","modified_gmt":"2026-01-18T12:20:42","slug":"explosion-proof-bell-2","status":"publish","type":"page","link":"https:\/\/led.amasly.com\/tr\/products\/ex-proof-electrical-appliance\/explosion-proof-bell-2\/","title":{"rendered":"Patlamaya dayan\u0131kl\u0131 \u00e7an"},"content":{"rendered":"<h2 class=\"wp-block-heading\"><\/h2>\n\n\n\n<p><\/p>\n\n\n\n<h2 class=\"wp-block-heading\"><\/h2>\n\n\n\n<h2 class=\"wp-block-heading\"><\/h2>\n\n\n\n<p><\/p>\n\n\n\n<div class=\"wp-block-uagb-container uagb-block-e407eb08 alignfull uagb-is-root-container\"><div class=\"uagb-container-inner-blocks-wrap\">\n<div class=\"wp-block-uagb-info-box uagb-block-7c0a134c uagb-infobox__content-wrap  uagb-infobox-icon-above-title uagb-infobox-image-valign-top wp-block-uagb-info-box--has-margin\"><div class=\"uagb-infobox-margin-wrapper\"><div class=\"uagb-ifb-content\"><div class=\"uagb-ifb-title-wrap\"><\/div><\/div><\/div><\/div>\n<\/div><\/div>\n\n\n\n<p><\/p>\n\n\n\n<p><\/p>\n\n\n\n<h2 class=\"wp-block-heading\"><\/h2>\n\n\n\n<h1 class=\"wp-block-heading has-text-align-center\">Patlamaya Dayan\u0131kl\u0131 Zil Patlamaya Dayan\u0131kl\u0131 Alarm<\/h1>\n\n\n\n<figure class=\"wp-block-image aligncenter size-full\"><img decoding=\"async\" width=\"300\" height=\"300\" src=\"https:\/\/led.amasly.com\/wp-content\/uploads\/2025\/01\/Explosion-proof-bell.jpg\" alt=\"Explosion proof bell\" class=\"wp-image-1779\" title=\"\" srcset=\"https:\/\/led.amasly.com\/wp-content\/uploads\/2025\/01\/Explosion-proof-bell.jpg 300w, https:\/\/led.amasly.com\/wp-content\/uploads\/2025\/01\/Explosion-proof-bell-150x150.jpg 150w\" sizes=\"(max-width: 300px) 100vw, 300px\" \/><figcaption class=\"wp-element-caption\">Patlamaya dayan\u0131kl\u0131 \u00e7an<\/figcaption><\/figure>\n\n\n\n<div class=\"wp-block-uagb-container uagb-block-5d28ec94 default uagb-is-root-container\">\n<div class=\"wp-block-uagb-container uagb-block-462981e6\">\n<div class=\"wp-block-uagb-container uagb-block-6f08c8e4 alignfull uagb-is-root-container\"><div class=\"uagb-container-inner-blocks-wrap\">\n<div class=\"wp-block-uagb-container uagb-block-b229cb92\">\n<h3 class=\"wp-block-heading\">\u0130\u00e7erik<\/h3>\n\n\n\n<div class=\"wp-block-buttons is-layout-flex wp-container-core-buttons-is-layout-45b20515 wp-block-buttons-is-layout-flex\">\n<div class=\"wp-block-button\"><a class=\"wp-block-button__link wp-element-button\" href=\"https:\/\/led.amasly.com\/tr\/products\/explosion-proof-lights\/\">Patlamaya Dayan\u0131kl\u0131 I\u015f\u0131klar<\/a><\/div>\n\n\n\n<div class=\"wp-block-button is-style-fill\"><a class=\"wp-block-button__link wp-element-button\" href=\"https:\/\/led.amasly.com\/tr\/products\/ex-proof-electrical-appliance\/\">Ex-proof elektrikli cihaz<\/a><\/div>\n\n\n\n<div class=\"wp-block-button\"><a class=\"wp-block-button__link wp-element-button\" href=\"https:\/\/led.amasly.com\/tr\/products\/led-tri-proof-light-2\/\">LED Trip Korumal\u0131 I\u015f\u0131k<\/a><\/div>\n\n\n\n<div class=\"wp-block-button\"><a class=\"wp-block-button__link wp-element-button\" href=\"https:\/\/led.amasly.com\/tr\/products\/led-high-bay-light\/\">LED Y\u00fcksek Bay I\u015f\u0131k<\/a><\/div>\n\n\n\n<div class=\"wp-block-button\"><a class=\"wp-block-button__link wp-element-button\" href=\"https:\/\/led.amasly.com\/tr\/products\/led-flood-lights\/\">LED Ta\u015fk\u0131n I\u015f\u0131k<\/a><\/div>\n\n\n\n<div class=\"wp-block-button\"><a class=\"wp-block-button__link wp-element-button\" href=\"https:\/\/led.amasly.com\/tr\/products\/led-street-lights\/\">LED Sokak Lambas\u0131<\/a><\/div>\n\n\n\n<div class=\"wp-block-button\"><a class=\"wp-block-button__link wp-element-button\" href=\"https:\/\/led.amasly.com\/tr\/products\/solar-lights\/\">LED G\u00fcne\u015f I\u015f\u0131\u011f\u0131<\/a><\/div>\n<\/div>\n\n\n\n<h4 class=\"wp-block-heading\"><\/h4>\n\n\n\n<h4 class=\"wp-block-heading\">\u0130leti\u015fim<\/h4>\n\n\n\n<ul class=\"wp-block-list\">\n<li>E-posta: sales01@amasly.com<strong> <\/strong>      <\/li>\n\n\n\n<li>Cep telefonu:<strong> <\/strong>+86 13732643699                   <\/li>\n<\/ul>\n<\/div>\n\n\n\n<div class=\"wp-block-columns is-layout-flex wp-container-core-columns-is-layout-28f84493 wp-block-columns-is-layout-flex\">\n<div class=\"wp-block-column is-layout-flow wp-block-column-is-layout-flow\" style=\"flex-basis:100%\">\n<div class=\"wp-block-uagb-container uagb-block-064256a4\">\n<div class=\"wp-block-columns is-layout-flex wp-container-core-columns-is-layout-28f84493 wp-block-columns-is-layout-flex\">\n<div class=\"wp-block-column is-layout-flow wp-block-column-is-layout-flow\" style=\"flex-basis:100%\">\n<p>\u00dcretim sahas\u0131nda bir kaza veya yang\u0131n meydana geldi\u011finde, yang\u0131n alarm kontrol\u00f6r\u00fc taraf\u0131ndan g\u00f6nderilen kontrol sinyali alarm devresini etkinle\u015ftirecek ve alarm amac\u0131n\u0131 tamamlamak i\u00e7in akustik bir alarm sinyali g\u00f6nderecektir. Basit sesli alarm amac\u0131na ula\u015fmak i\u00e7in manuel alarm d\u00fc\u011fmesi ile birlikte de kullan\u0131labilir. Makul yap\u0131, g\u00fczel modelleme, g\u00fcvenilir performans, kurulumu kolay, yang\u0131n alarm cihaz\u0131n\u0131n son derece g\u00fcvenilir, g\u00fc\u00e7l\u00fc bir anti-parazit yetene\u011fidir.<\/p>\n\n\n\n<h2 class=\"wp-block-heading\"><strong>Patlamaya dayan\u0131kl\u0131 zil \u00dcr\u00fcn \u00f6zellikleri:<\/strong><\/h2>\n\n\n\n<p>\u25c6 B\u00f6lge 1 ve B\u00f6lge 2 tehlikeli yerler i\u00e7in ge\u00e7erlidir;<\/p>\n\n\n\n<p>IIA, IIB s\u0131n\u0131f\u0131, s\u0131cakl\u0131k grubu T1 ~ T4 patlay\u0131c\u0131 gaz ortam\u0131na uygulanabilir.<\/p>\n\n\n\n<p>Kabuk al\u00fcminyum ala\u015f\u0131ml\u0131 d\u00f6k\u00fcmden yap\u0131lm\u0131\u015ft\u0131r ve y\u00fczey y\u00fcksek bas\u0131n\u00e7l\u0131 elektrostatik p\u00fcsk\u00fcrtmedir.<\/p>\n\n\n\n<p>\u25c6 \u00c7ana\u011f\u0131n y\u00fczeyi, vuruldu\u011funda k\u0131v\u0131lc\u0131m \u00e7\u0131karmayacak berilyum bronz ile kaplanm\u0131\u015ft\u0131r;<\/p>\n\n\n\n<p>\u25c6 Kompakt yap\u0131, g\u00fczel g\u00f6r\u00fcn\u00fcm, kullan\u0131c\u0131lar i\u00e7in kolay kurulum ve bak\u0131m.<\/p>\n\n\n\n<p>\u25c6 \u00c7elik boru veya kablo tesisat\u0131.<\/p>\n\n\n\n<h2 class=\"wp-block-heading\"><strong>Patlamaya dayan\u0131kl\u0131 \u00e7an<\/strong> <strong>Teknik parametreler:<\/strong><\/h2>\n\n\n\n<p>Y\u00fcr\u00fctme standard\u0131:IEC60079<\/p>\n\n\n\n<p>Patlamaya dayan\u0131kl\u0131l\u0131k sembol\u00fc: <a href=\"http:\/\/www.iecex-certs.com\/\" rel=\"nofollow noopener\" target=\"_blank\">Ex d IIB T6 Gb<\/a><\/p>\n\n\n\n<p>Nominal gerilim: AC: 220V, 110V, 36V<\/p>\n\n\n\n<p>DC:220V,110V,36V,24V<\/p>\n\n\n\n<p>G\u00fc\u00e7: \u226420W<\/p>\n\n\n\n<p>\u00c7an kapa\u011f\u0131 \u00e7ap\u0131: 125mm<\/p>\n\n\n\n<p>Tek etkili yo\u011funluk: \u226575dB<\/p>\n\n\n\n<p>Koruma s\u0131n\u0131f\u0131: IP54<\/p>\n\n\n\n<p>Korozyon \u00f6nleyici s\u0131n\u0131f: WF1<\/p>\n\n\n\n<p>Giri\u015f \u00d6zellikleri:G3\/4\u2032<\/p>\n\n\n\n<p>Kablo \u00f6zellikleri: \u03a69mm ~ \u03a614mm<\/p>\n<\/div>\n<\/div>\n<\/div>\n<\/div>\n<\/div>\n<\/div><\/div>\n<\/div>\n<\/div>\n\n\n\n<h2 class=\"wp-block-heading\"><strong>Amasly Light SSS<\/strong><\/h2>\n\n\n\n<p><strong>S1.Led \u0131\u015f\u0131k i\u00e7in \u00f6rnek bir sipari\u015f alabilir miyim?<\/strong><strong><\/strong><\/p>\n\n\n\n<p>C: Evet, kaliteyi test etmek ve kontrol etmek i\u00e7in numune sipari\u015fini memnuniyetle kar\u015f\u0131l\u0131yoruz. Kar\u0131\u015f\u0131k numuneler kabul edilebilir.<\/p>\n\n\n\n<p><strong>S2.Teslim s\u00fcresi ne olacak?<\/strong><strong><\/strong><\/p>\n\n\n\n<p>C: Numune 3-5 g\u00fcne, seri \u00fcretim s\u00fcresi 1-2 haftaya ihtiya\u00e7 duyar.<\/p>\n\n\n\n<p><strong>S3.Led \u0131\u015f\u0131k sipari\u015fi i\u00e7in herhangi bir MOQ s\u0131n\u0131r\u0131n\u0131z var m\u0131?<\/strong><strong><\/strong><\/p>\n\n\n\n<p>C: Numune kontrol\u00fc i\u00e7in d\u00fc\u015f\u00fck MOQ 1 adet mevcuttur.<\/p>\n\n\n\n<p><strong>Q4. Mallar\u0131 nas\u0131l g\u00f6nderiyorsunuz ve ula\u015fmas\u0131 ne kadar s\u00fcr\u00fcyor?<\/strong><strong><\/strong><\/p>\n\n\n\n<p>C: Genellikle \u015fu yolla g\u00f6nderiyoruz <a href=\"https:\/\/www.dhl.com\" rel=\"nofollow noopener\" target=\"_blank\">DHL<\/a>, UPS, FedEx veya TNT. Ula\u015fmas\u0131 genellikle 3-5 g\u00fcn s\u00fcrer. Hava hatt\u0131 ve deniz ta\u015f\u0131mac\u0131l\u0131\u011f\u0131 da iste\u011fe ba\u011fl\u0131d\u0131r.<\/p>\n\n\n\n<p><strong>Q5. Led \u0131\u015f\u0131k sipari\u015fine nas\u0131l devam edilir?<\/strong><strong><\/strong><\/p>\n\n\n\n<p>A:<\/p>\n\n\n\n<p>\u00d6ncelikle gereksinimlerinizi veya ba\u015fvurunuzu bize bildirin.<\/p>\n\n\n\n<p>\u0130kinci olarak, gereksinimlerinize veya \u00f6nerilerimize g\u00f6re teklif veriyoruz.<\/p>\n\n\n\n<p>\u00dc\u00e7\u00fcnc\u00fc olarak, m\u00fc\u015fteri numuneleri onaylar ve resmi sipari\u015f i\u00e7in depozito yat\u0131r\u0131r.<\/p>\n\n\n\n<p>D\u00f6rd\u00fcnc\u00fc olarak, \u00fcretimi d\u00fczenliyoruz.<\/p>\n\n\n\n<p><strong>S6.Benimkini yazd\u0131rmak sorun olur mu <\/strong><strong>LOGO<\/strong><strong>&nbsp;led \u0131\u015f\u0131k \u00fcr\u00fcn\u00fcnde?<\/strong><strong><\/strong><\/p>\n\n\n\n<p>C: Evet, l\u00fctfen \u00fcretimimizden \u00f6nce bizi resmi olarak bilgilendirin ve \u00f6ncelikle \u00f6rne\u011fimize g\u00f6re tasar\u0131m\u0131 onaylay\u0131n.<\/p>\n\n\n\n<p><strong>S7: \u00dcr\u00fcnler i\u00e7in garanti sunuyor musunuz?<\/strong><strong><\/strong><\/p>\n\n\n\n<p>C: Evet, \u00fcr\u00fcnlerimiz i\u00e7in 2-5 y\u0131l garanti sunuyoruz.<\/p>\n\n\n\n<p><strong>S8: Ar\u0131zal\u0131 \u00fcr\u00fcnle nas\u0131l ba\u015fa \u00e7\u0131k\u0131l\u0131r?<\/strong><strong><\/strong><\/p>\n\n\n\n<p>A:<\/p>\n\n\n\n<p>\u00d6ncelikle, \u00fcr\u00fcnlerimiz dinstrict kalite kontrol sistemi \u00fcretmektedir ve kusurlu oran 0.2%'den az olacakt\u0131r.<\/p>\n\n\n\n<p>\u0130kinci olarak, garanti s\u00fcresi boyunca, k\u00f6t\u00fc par\u00e7ay\u0131 de\u011fi\u015ftirmek i\u00e7in par\u00e7alar sa\u011flayaca\u011f\u0131z. Toplu sipari\u015fler i\u00e7in, savunmas\u0131z par\u00e7alar\u0131 \u00f6nceden sa\u011flayaca\u011f\u0131z veya ger\u00e7ek duruma g\u00f6re geri \u00e7a\u011f\u0131rma dahil \u00e7\u00f6z\u00fcmleri tart\u0131\u015fabiliriz.<\/p>\n\n\n\n<p><strong>S9: 12V, 24V, 36V veya 48V AC\/DC voltajlar\u0131nda d\u00fc\u015f\u00fck voltajl\u0131 patlamaya dayan\u0131kl\u0131 lambalar yapabilir miyiz? <\/strong><\/p>\n\n\n\n<p>Amasly hem d\u00fc\u015f\u00fck voltajl\u0131 hem de y\u00fcksek voltajl\u0131 patlamaya dayan\u0131kl\u0131 \u0131\u015f\u0131klar olarak kullan\u0131labilir - AC\/DC 12V, 24V, 36V, 48V, AC 85-265V, AC 380V. <\/p>\n\n\n\n<p><strong>Q10: Explosion Poof Lights acil durum pilleri eklenebilir mi? <\/strong><\/p>\n\n\n\n<p>Amasly patlamaya dayan\u0131kl\u0131 lamba acil durum lityum pilleri ile donat\u0131labilir. Acil durum s\u00fcresi 90 dakika, 120 dakika veya 180 dakikad\u0131r. <\/p>\n\n\n\n<p><strong>S11: Amasly patlamaya dayan\u0131kl\u0131 lamba bir OEM \u00fcr\u00fcn\u00fc olarak \u00f6zelle\u015ftirilebilir mi? <\/strong><\/p>\n\n\n\n<p>Amasly patlamaya dayan\u0131kl\u0131 lambalar, hem lambalar hem de ambalaj kartonlar\u0131 i\u00e7in m\u00fc\u015fteri gereksinimlerine g\u00f6re \u00f6zelle\u015ftirilebilir.<\/p>\n\n\n\n<h2 class=\"wp-block-heading\">\u0130lgili \u00dcr\u00fcnler<\/h2>\n\n\n\n<div class=\"wp-block-uagb-container uagb-block-66e4defc alignfull uagb-is-root-container\"><div class=\"uagb-container-inner-blocks-wrap\">\n<div class=\"wp-block-uagb-container uagb-block-a42945f9\">\n<div class=\"wp-block-uagb-image uagb-block-7296296b wp-block-uagb-image--layout-default wp-block-uagb-image--effect-static wp-block-uagb-image--align-none\"><figure class=\"wp-block-uagb-image__figure\"><a class=\"\" href=\"https:\/\/led.amasly.com\/tr\/products\/explosion-proof-lights\/\" target=\"\" rel=\"noopener\"><img decoding=\"async\" srcset=\"https:\/\/led.amasly.com\/wp-content\/uploads\/2024\/09\/Explosion-proof-high-bay-lights.png ,https:\/\/led.amasly.com\/wp-content\/uploads\/2024\/09\/Explosion-proof-high-bay-lights.png 780w, https:\/\/led.amasly.com\/wp-content\/uploads\/2024\/09\/Explosion-proof-high-bay-lights.png 360w\" sizes=\"auto, (max-width: 480px) 150px\" src=\"https:\/\/led.amasly.com\/wp-content\/uploads\/2024\/09\/Explosion-proof-high-bay-lights.png\" alt=\"\" class=\"uag-image-1495\" width=\"300\" height=\"300\" title=\"Patlamaya dayan\u0131kl\u0131 y\u00fcksek tavan lambalar\u0131\" loading=\"lazy\" role=\"img\"><\/a><\/figure><\/div>\n<\/div>\n\n\n\n<div class=\"wp-block-uagb-container uagb-block-4d3efde5\">\n<div class=\"wp-block-uagb-image uagb-block-c9e90797 wp-block-uagb-image--layout-default wp-block-uagb-image--effect-static wp-block-uagb-image--align-none\"><figure class=\"wp-block-uagb-image__figure\"><a class=\"\" href=\"https:\/\/led.amasly.com\/tr\/products\/ex-proof-electrical-appliance\/\" target=\"\" rel=\"noopener\"><img decoding=\"async\" srcset=\"https:\/\/led.amasly.com\/wp-content\/uploads\/2025\/01\/Explosion-proof-axial-flow-fan.jpg ,https:\/\/led.amasly.com\/wp-content\/uploads\/2025\/01\/Explosion-proof-axial-flow-fan.jpg 780w, https:\/\/led.amasly.com\/wp-content\/uploads\/2025\/01\/Explosion-proof-axial-flow-fan.jpg 360w\" sizes=\"auto, (max-width: 480px) 150px\" src=\"https:\/\/led.amasly.com\/wp-content\/uploads\/2025\/01\/Explosion-proof-axial-flow-fan.jpg\" alt=\"Ex-Proof Electrical Appliance\" class=\"uag-image-1767\" width=\"300\" height=\"300\" title=\"Patlamaya dayan\u0131kl\u0131 eksenel ak\u0131\u015fl\u0131 fan\" loading=\"lazy\" role=\"img\"\/><\/a><\/figure><\/div>\n<\/div>\n\n\n\n<div class=\"wp-block-uagb-container uagb-block-11c2578b\">\n<div class=\"wp-block-uagb-image uagb-block-6e8883aa wp-block-uagb-image--layout-default wp-block-uagb-image--effect-static wp-block-uagb-image--align-none\"><figure class=\"wp-block-uagb-image__figure\"><a class=\"\" href=\"https:\/\/led.amasly.com\/tr\/products\/explosion-proof-lights\/\" target=\"\" rel=\"noopener\"><img decoding=\"async\" srcset=\"https:\/\/led.amasly.com\/wp-content\/uploads\/2024\/09\/LED-Explosion-Proof-Gas-Station-Light.png ,https:\/\/led.amasly.com\/wp-content\/uploads\/2024\/09\/LED-Explosion-Proof-Gas-Station-Light.png 780w, https:\/\/led.amasly.com\/wp-content\/uploads\/2024\/09\/LED-Explosion-Proof-Gas-Station-Light.png 360w\" sizes=\"auto, (max-width: 480px) 150px\" src=\"https:\/\/led.amasly.com\/wp-content\/uploads\/2024\/09\/LED-Explosion-Proof-Gas-Station-Light.png\" alt=\"\" class=\"uag-image-1501\" width=\"300\" height=\"300\" title=\"LED Patlamaya Dayan\u0131kl\u0131 Benzin \u0130stasyonu I\u015f\u0131\u011f\u0131\" loading=\"lazy\" role=\"img\"><\/a><\/figure><\/div>\n<\/div>\n<\/div><\/div>\n\n\n\n<div class=\"wp-block-uagb-container uagb-block-548945b5 alignfull uagb-is-root-container\"><div class=\"uagb-container-inner-blocks-wrap\">\n<div class=\"wp-block-uagb-container uagb-block-967755d5\">\n<h4 class=\"wp-block-heading has-text-align-center\"><a href=\"https:\/\/led.amasly.com\/tr\/products\/explosion-proof-lights\/\">LED Patlamaya Dayan\u0131kl\u0131 I\u015f\u0131klar<\/a><\/h4>\n<\/div>\n\n\n\n<div class=\"wp-block-uagb-container uagb-block-9bc52fc2\">\n<h4 class=\"wp-block-heading has-text-align-center\"><a href=\"https:\/\/led.amasly.com\/tr\/products\/ex-proof-electrical-appliance\/\">Ex-Proof Elektrikli Aletler<\/a><\/h4>\n<\/div>\n\n\n\n<div class=\"wp-block-uagb-container uagb-block-8ffa0a23\">\n<h4 class=\"wp-block-heading has-text-align-center\"><a href=\"https:\/\/led.amasly.com\/tr\/products\/explosion-proof-lights\/\">Patlamaya Dayan\u0131kl\u0131 Benzin \u0130stasyonu I\u015f\u0131klar\u0131<\/a><\/h4>\n<\/div>\n<\/div><\/div>\n\n\n\n<div class=\"wp-block-uagb-container uagb-block-29499fe0 alignfull uagb-is-root-container\"><div class=\"uagb-container-inner-blocks-wrap\">\n<div class=\"wp-block-uagb-container uagb-block-777ee1c7\">\n<div class=\"wp-block-uagb-image uagb-block-2e9a1851 wp-block-uagb-image--layout-default wp-block-uagb-image--effect-static wp-block-uagb-image--align-none\"><figure class=\"wp-block-uagb-image__figure\"><a class=\"\" href=\"https:\/\/led.amasly.com\/tr\/products\/led-flood-lights\/\" target=\"\" rel=\"noopener\"><img decoding=\"async\" srcset=\"https:\/\/led.amasly.com\/wp-content\/uploads\/2024\/10\/50W-100W-150W-200W-300W-LED-Flood-Light.jpg ,https:\/\/led.amasly.com\/wp-content\/uploads\/2024\/10\/50W-100W-150W-200W-300W-LED-Flood-Light.jpg 780w, https:\/\/led.amasly.com\/wp-content\/uploads\/2024\/10\/50W-100W-150W-200W-300W-LED-Flood-Light.jpg 360w\" sizes=\"auto, (max-width: 480px) 150px\" src=\"https:\/\/led.amasly.com\/wp-content\/uploads\/2024\/10\/50W-100W-150W-200W-300W-LED-Flood-Light.jpg\" alt=\"\" class=\"uag-image-1526\" width=\"300\" height=\"300\" title=\"50W 100W 150W 200W 300W LED Ta\u015fk\u0131n I\u015f\u0131k\" loading=\"lazy\" role=\"img\"><\/a><\/figure><\/div>\n<\/div>\n\n\n\n<div class=\"wp-block-uagb-container uagb-block-af8c8683\">\n<div class=\"wp-block-uagb-image uagb-block-67947854 wp-block-uagb-image--layout-default wp-block-uagb-image--effect-static wp-block-uagb-image--align-none\"><figure class=\"wp-block-uagb-image__figure\"><a class=\"\" href=\"https:\/\/led.amasly.com\/tr\/products\/led-high-bay-light\/\" target=\"\" rel=\"noopener\"><img decoding=\"async\" srcset=\"https:\/\/led.amasly.com\/wp-content\/uploads\/2025\/05\/high-bay-light.webp ,https:\/\/led.amasly.com\/wp-content\/uploads\/2025\/05\/high-bay-light.webp 780w, https:\/\/led.amasly.com\/wp-content\/uploads\/2025\/05\/high-bay-light.webp 360w\" sizes=\"auto, (max-width: 480px) 150px\" src=\"https:\/\/led.amasly.com\/wp-content\/uploads\/2025\/05\/high-bay-light.webp\" alt=\"\" class=\"uag-image-3954\" width=\"300\" height=\"300\" title=\"y\u00fcksek defne \u0131\u015f\u0131\u011f\u0131\" loading=\"lazy\" role=\"img\"><\/a><\/figure><\/div>\n<\/div>\n\n\n\n<div class=\"wp-block-uagb-container uagb-block-0fdfdd58\">\n<div class=\"wp-block-uagb-image uagb-block-1187d32d wp-block-uagb-image--layout-default wp-block-uagb-image--effect-static wp-block-uagb-image--align-none\"><figure class=\"wp-block-uagb-image__figure\"><a class=\"\" href=\"https:\/\/led.amasly.com\/tr\/products\/\" target=\"\" rel=\"noopener\"><img decoding=\"async\" srcset=\"https:\/\/led.amasly.com\/wp-content\/uploads\/2024\/07\/LED-street-light.jpg ,https:\/\/led.amasly.com\/wp-content\/uploads\/2024\/07\/LED-street-light.jpg 780w, https:\/\/led.amasly.com\/wp-content\/uploads\/2024\/07\/LED-street-light.jpg 360w\" sizes=\"auto, (max-width: 480px) 150px\" src=\"https:\/\/led.amasly.com\/wp-content\/uploads\/2024\/07\/LED-street-light.jpg\" alt=\"\" class=\"uag-image-1145\" width=\"300\" height=\"300\" title=\"LED-sokak-\u0131\u015f\u0131\u011f\u0131\" loading=\"lazy\" role=\"img\"><\/a><\/figure><\/div>\n<\/div>\n<\/div><\/div>\n\n\n\n<div class=\"wp-block-uagb-container uagb-block-6a60882c alignfull uagb-is-root-container\"><div class=\"uagb-container-inner-blocks-wrap\">\n<div class=\"wp-block-uagb-container uagb-block-f1e91a35\">\n<h4 class=\"wp-block-heading has-text-align-center\"><a href=\"https:\/\/led.amasly.com\/tr\/products\/led-flood-lights\/\">LED Sel I\u015f\u0131klar\u0131<\/a><\/h4>\n<\/div>\n\n\n\n<div class=\"wp-block-uagb-container uagb-block-165bfa58\">\n<h4 class=\"wp-block-heading has-text-align-center\"><a href=\"https:\/\/led.amasly.com\/tr\/products\/led-high-bay-light\/\">LED Y\u00fcksek Bay I\u015f\u0131klar<\/a><\/h4>\n<\/div>\n\n\n\n<div class=\"wp-block-uagb-container uagb-block-f6096e3b\">\n<h4 class=\"wp-block-heading has-text-align-center\"><a href=\"https:\/\/led.amasly.com\/tr\/products\/https:\/\/led.amasly.com\/products\/led-street-lights\/\">LED Sokak Lambalar\u0131<\/a><\/h4>\n<\/div>\n<\/div><\/div>\n\n\n\n<div class=\"wp-block-uagb-container uagb-block-99c0e0a5 alignfull uagb-is-root-container\"><div class=\"uagb-container-inner-blocks-wrap\"><\/div><\/div>","protected":false},"excerpt":{"rendered":"<p>Explosion Proof bell Explosion Proof Alarm Content Contact When an accident or fire occurs in the production site, the control signal sent by the fire alarm controller will activate the alarm circuit and send out an acoustic alarm signal to complete the alarm purpose. It can also be used together with manual alarm button to [&hellip;]<\/p>\n","protected":false},"author":1,"featured_media":0,"parent":1168,"menu_order":3,"comment_status":"closed","ping_status":"closed","template":"","meta":{"_uag_custom_page_level_css":"","site-sidebar-layout":"no-sidebar","site-content-layout":"","ast-site-content-layout":"default","site-content-style":"default","site-sidebar-style":"default","ast-global-header-display":"","ast-banner-title-visibility":"","ast-main-header-display":"","ast-hfb-above-header-display":"","ast-hfb-below-header-display":"","ast-hfb-mobile-header-display":"","site-post-title":"disabled","ast-breadcrumbs-content":"","ast-featured-img":"","footer-sml-layout":"","ast-disable-related-posts":"","theme-transparent-header-meta":"enabled","adv-header-id-meta":"","stick-header-meta":"","header-above-stick-meta":"","header-main-stick-meta":"","header-below-stick-meta":"","astra-migrate-meta-layouts":"set","ast-page-background-enabled":"default","ast-page-background-meta":{"desktop":{"background-color":"var(--ast-global-color-4)","background-image":"","background-repeat":"repeat","background-position":"center center","background-size":"auto","background-attachment":"scroll","background-type":"","background-media":"","overlay-type":"","overlay-color":"","overlay-opacity":"","overlay-gradient":""},"tablet":{"background-color":"","background-image":"","background-repeat":"repeat","background-position":"center center","background-size":"auto","background-attachment":"scroll","background-type":"","background-media":"","overlay-type":"","overlay-color":"","overlay-opacity":"","overlay-gradient":""},"mobile":{"background-color":"","background-image":"","background-repeat":"repeat","background-position":"center center","background-size":"auto","background-attachment":"scroll","background-type":"","background-media":"","overlay-type":"","overlay-color":"","overlay-opacity":"","overlay-gradient":""}},"ast-content-background-meta":{"desktop":{"background-color":"var(--ast-global-color-5)","background-image":"","background-repeat":"repeat","background-position":"center center","background-size":"auto","background-attachment":"scroll","background-type":"","background-media":"","overlay-type":"","overlay-color":"","overlay-opacity":"","overlay-gradient":""},"tablet":{"background-color":"var(--ast-global-color-5)","background-image":"","background-repeat":"repeat","background-position":"center center","background-size":"auto","background-attachment":"scroll","background-type":"","background-media":"","overlay-type":"","overlay-color":"","overlay-opacity":"","overlay-gradient":""},"mobile":{"background-color":"var(--ast-global-color-5)","background-image":"","background-repeat":"repeat","background-position":"center center","background-size":"auto","background-attachment":"scroll","background-type":"","background-media":"","overlay-type":"","overlay-color":"","overlay-opacity":"","overlay-gradient":""}},"footnotes":"[]"},"class_list":["post-2407","page","type-page","status-publish","hentry"],"uagb_featured_image_src":{"full":false,"thumbnail":false,"medium":false,"medium_large":false,"large":false,"1536x1536":false,"2048x2048":false,"trp-custom-language-flag":false},"uagb_author_info":{"display_name":"Joe","author_link":"https:\/\/led.amasly.com\/tr\/author\/jacklin\/"},"uagb_comment_info":0,"uagb_excerpt":"Explosion Proof bell Explosion Proof Alarm Content Contact When an accident or fire occurs in the production site, the control signal sent by the fire alarm controller will activate the alarm circuit and send out an acoustic alarm signal to complete the alarm purpose. It can also be used together with manual alarm button to&hellip;","_links":{"self":[{"href":"https:\/\/led.amasly.com\/tr\/wp-json\/wp\/v2\/pages\/2407","targetHints":{"allow":["GET"]}}],"collection":[{"href":"https:\/\/led.amasly.com\/tr\/wp-json\/wp\/v2\/pages"}],"about":[{"href":"https:\/\/led.amasly.com\/tr\/wp-json\/wp\/v2\/types\/page"}],"author":[{"embeddable":true,"href":"https:\/\/led.amasly.com\/tr\/wp-json\/wp\/v2\/users\/1"}],"replies":[{"embeddable":true,"href":"https:\/\/led.amasly.com\/tr\/wp-json\/wp\/v2\/comments?post=2407"}],"version-history":[{"count":2,"href":"https:\/\/led.amasly.com\/tr\/wp-json\/wp\/v2\/pages\/2407\/revisions"}],"predecessor-version":[{"id":4532,"href":"https:\/\/led.amasly.com\/tr\/wp-json\/wp\/v2\/pages\/2407\/revisions\/4532"}],"up":[{"embeddable":true,"href":"https:\/\/led.amasly.com\/tr\/wp-json\/wp\/v2\/pages\/1168"}],"wp:attachment":[{"href":"https:\/\/led.amasly.com\/tr\/wp-json\/wp\/v2\/media?parent=2407"}],"curies":[{"name":"wp","href":"https:\/\/api.w.org\/{rel}","templated":true}]}}