{"id":1840,"date":"2025-02-16T08:44:30","date_gmt":"2025-02-16T00:44:30","guid":{"rendered":"https:\/\/led.amasly.com\/?page_id=1840"},"modified":"2026-01-22T11:41:25","modified_gmt":"2026-01-22T03:41:25","slug":"gas-station-lighting-solution","status":"publish","type":"page","link":"https:\/\/led.amasly.com\/tr\/solutions\/gas-station-lighting-solution\/","title":{"rendered":"Benzin \u0130stasyonu Ayd\u0131nlatma \u00c7\u00f6z\u00fcm\u00fc"},"content":{"rendered":"<div class=\"wp-block-uagb-container uagb-block-27bae773 alignfull uagb-is-root-container\"><div class=\"uagb-container-inner-blocks-wrap\"><\/div><\/div>\n\n\n\n<h1 class=\"wp-block-heading has-text-align-center\">Benzin \u0130stasyonu Ayd\u0131nlatma \u00c7\u00f6z\u00fcm\u00fc<\/h1>\n\n\n\n<h2 class=\"wp-block-heading\">Benzin \u0130stasyonu Ayd\u0131nlatma \u00c7\u00f6z\u00fcm\u00fc Tan\u0131t\u0131m\u0131:<\/h2>\n\n\n\n<p class=\"has-medium-font-size\">Enerjinin stratejik yap\u0131s\u0131n\u0131n s\u00fcrekli olarak ayarlanmas\u0131 ve temiz ve d\u00fc\u015f\u00fck karbonlu enerji ve di\u011fer fakt\u00f6rlerin artan \u00e7abalar\u0131 ile \u00c7in Ulusal Petrol \u015eirketi geleneksel enerji devleri, petrol d\u0131\u015f\u0131 enerji tedarik sisteminin da\u011f\u0131t\u0131m\u0131n\u0131 ve ayarlanmas\u0131n\u0131 h\u0131zland\u0131rd\u0131 ve geleneksel benzin, dizel, alkol bazl\u0131 ara\u00e7 yak\u0131t\u0131, biyodizel ve \u015farj y\u0131\u011f\u0131nlar\u0131n\u0131 entegre eden \u00e7e\u015fitlendirilmi\u015f bir enerji tedarik sistemi olu\u015fturmak i\u00e7in kendi kaynak avantajlar\u0131na g\u00fcvenecekler. Genel g\u00f6r\u00fcn\u00fcm de yeni bir y\u00fckseltme aray\u0131\u015f\u0131nda.<\/p>\n\n\n\n<div class=\"wp-block-uagb-image uagb-block-6d9ee0c1 wp-block-uagb-image--layout-default wp-block-uagb-image--effect-static wp-block-uagb-image--align-none\"><figure class=\"wp-block-uagb-image__figure\"><img decoding=\"async\" srcset=\"https:\/\/led.amasly.com\/wp-content\/uploads\/2025\/02\/China-National-Petroleum-Corporation.jpg ,https:\/\/led.amasly.com\/wp-content\/uploads\/2025\/02\/China-National-Petroleum-Corporation.jpg 780w, https:\/\/led.amasly.com\/wp-content\/uploads\/2025\/02\/China-National-Petroleum-Corporation.jpg 360w\" sizes=\"auto, (max-width: 480px) 150px\" src=\"https:\/\/led.amasly.com\/wp-content\/uploads\/2025\/02\/China-National-Petroleum-Corporation.jpg\" alt=\"Gas Station Lighting Solution\" class=\"uag-image-1843\" width=\"917\" height=\"530\" title=\"\u00c7in Ulusal Petrol \u015eirketi\" loading=\"lazy\" role=\"img\"\/><\/figure><\/div>\n\n\n\n<p class=\"has-medium-font-size\">Ancak \u015fu anda, bir\u00e7ok benzin istasyonunun hala bir\u00e7ok sorunu var ve eski ayd\u0131nlatma d\u00f6n\u00fc\u015f\u00fcm\u00fc acil hale geldi: 1. Atmosfer \u201cgizemli g\u00f6lge\u201d ve hi\u00e7 ayd\u0131nlatma etkisi yok, bu da \u00e7al\u0131\u015fanlar\u0131n i\u015finin zorlu\u011funu art\u0131r\u0131yor; 2. Logo bir dekorasyon haline geldi, net de\u011fil ve marka bilinirli\u011fi y\u00fcksek de\u011fil; 3. Ayd\u0131nlatma b\u00f6l\u00fcnmemi\u015f, market yak\u0131t ikmali alan\u0131yla kar\u0131\u015ft\u0131r\u0131l\u0131yor ve m\u00fc\u015fteri rehberli\u011fi zay\u0131f; 4. Lambalar\u0131n kullan\u0131m\u0131 ve montaj\u0131 standart de\u011fil ve g\u00fcvenlik riskleri var. Ayd\u0131nlatma b\u00f6l\u00fcnmemi\u015f, market yak\u0131t ikmal alan\u0131 ile kar\u0131\u015ft\u0131r\u0131lm\u0131\u015f ve m\u00fc\u015fteri y\u00f6nlendirmesi zay\u0131f; 4. Lambalar\u0131n kullan\u0131m\u0131 ve montaj\u0131 standartla\u015ft\u0131r\u0131lmam\u0131\u015f ve g\u00fcvenlik riskleri var; 5. Enerji tasarrufu ve \u00e7evre koruma de\u011fil, geceleri her zaman a\u00e7\u0131k ve etkili ayd\u0131nlatma maliyeti kontrol\u00fc ve g\u00fcvenlik izleme ara\u00e7lar\u0131ndan yoksun. 6. Lambalar taraf\u0131ndan kullan\u0131lan marka da\u011f\u0131n\u0131kt\u0131r, sat\u0131\u015f sonras\u0131 garanti garanti edilemez ve yenileme in\u015faat ve bak\u0131m maliyetleri y\u00fcksektir.<\/p>\n\n\n\n<div class=\"wp-block-uagb-image uagb-block-81e9d32c wp-block-uagb-image--layout-default wp-block-uagb-image--effect-static wp-block-uagb-image--align-none\"><figure class=\"wp-block-uagb-image__figure\"><img decoding=\"async\" srcset=\"https:\/\/led.amasly.com\/wp-content\/uploads\/2025\/02\/gas-station-1024x1024.png ,https:\/\/led.amasly.com\/wp-content\/uploads\/2025\/02\/gas-station.png 780w, https:\/\/led.amasly.com\/wp-content\/uploads\/2025\/02\/gas-station.png 360w\" sizes=\"auto, (max-width: 480px) 150px\" src=\"https:\/\/led.amasly.com\/wp-content\/uploads\/2025\/02\/gas-station-1024x1024.png\" alt=\"\" class=\"uag-image-1844\" width=\"1200\" height=\"1200\" title=\"benzi\u0307n i\u0307stasyonu\" loading=\"lazy\" role=\"img\"><\/figure><\/div>\n\n\n\n<p class=\"has-medium-font-size\">Yukar\u0131daki yayg\u0131n sorunlara yan\u0131t olarak, ak\u0131ll\u0131 ayd\u0131nlatma sistemi, d\u00fc\u015f\u00fck g\u00fc\u00e7 t\u00fcketimi ve LED \u0131\u015f\u0131k kayna\u011f\u0131n\u0131n y\u00fcksek ayd\u0131nlatma \u00f6zelliklerini kullan\u0131r ve ak\u0131ll\u0131 kontrol yoluyla, benzin istasyonlar\u0131n\u0131n ikincil enerji t\u00fcketimini azaltmak, i\u015fletme maliyetlerini d\u00fc\u015f\u00fcrmek, enerji tasarrufu ve emisyon azalt\u0131m\u0131, ye\u015fil \u00e7evre koruma.<\/p>\n\n\n\n<p class=\"has-medium-font-size\">Benzin istasyonlar\u0131 i\u00e7in iyi bir ayd\u0131nlatma ortam\u0131, m\u00fc\u015fterilere g\u00fcvenli ve emin bir t\u00fcketim deneyimi sa\u011flamak i\u00e7in olumlu psikolojik ipu\u00e7lar\u0131 yaratacakt\u0131r. Bu projede, ayd\u0131nlatma iyile\u015ftirmesinin d\u00f6rt y\u00f6n\u00fc esas olarak ger\u00e7ekle\u015ftirilmi\u015ftir.<\/p>\n\n\n\n<h3 class=\"wp-block-heading\">Benzin \u0130stasyonu Ayd\u0131nlatma \u00c7\u00f6z\u00fcm\u00fc uygulamas\u0131<\/h3>\n\n\n\n<div class=\"wp-block-uagb-image uagb-block-f354a516 wp-block-uagb-image--layout-default wp-block-uagb-image--effect-static wp-block-uagb-image--align-none\"><figure class=\"wp-block-uagb-image__figure\"><img decoding=\"async\" srcset=\"https:\/\/led.amasly.com\/wp-content\/uploads\/2025\/02\/11-1024x287.jpg ,https:\/\/led.amasly.com\/wp-content\/uploads\/2025\/02\/11.jpg 780w, https:\/\/led.amasly.com\/wp-content\/uploads\/2025\/02\/11.jpg 360w\" sizes=\"auto, (max-width: 480px) 150px\" src=\"https:\/\/led.amasly.com\/wp-content\/uploads\/2025\/02\/11-1024x287.jpg\" alt=\"\" class=\"uag-image-1847\" width=\"1216\" height=\"341\" title=\"11\" loading=\"lazy\" role=\"img\"><\/figure><\/div>\n\n\n\n<h3 class=\"wp-block-heading\">Benzin \u0130stasyonu Ayd\u0131nlatma \u00c7\u00f6z\u00fcm\u00fc market ayd\u0131nlatma uygulamas\u0131<\/h3>\n\n\n\n<div class=\"wp-block-uagb-image uagb-block-2a25457a wp-block-uagb-image--layout-default wp-block-uagb-image--effect-static wp-block-uagb-image--align-none\"><figure class=\"wp-block-uagb-image__figure\"><img decoding=\"async\" srcset=\"https:\/\/led.amasly.com\/wp-content\/uploads\/2025\/02\/22-1024x324.jpg ,https:\/\/led.amasly.com\/wp-content\/uploads\/2025\/02\/22.jpg 780w, https:\/\/led.amasly.com\/wp-content\/uploads\/2025\/02\/22.jpg 360w\" sizes=\"auto, (max-width: 480px) 150px\" src=\"https:\/\/led.amasly.com\/wp-content\/uploads\/2025\/02\/22-1024x324.jpg\" alt=\"\" class=\"uag-image-1848\" width=\"1112\" height=\"352\" title=\"22\" loading=\"lazy\" role=\"img\"><\/figure><\/div>\n\n\n\n<h3 class=\"wp-block-heading\">Benzin \u0130stasyonu Ayd\u0131nlatma \u00c7\u00f6z\u00fcm\u00fc g\u00f6r\u00fcnt\u00fc tabela ayd\u0131nlatma uygulamas\u0131<\/h3>\n\n\n\n<p>1. Ekipman avantajlar\u0131: <\/p>\n\n\n\n<p>\u2460 G\u00fc\u00e7l\u00fc y\u00fck kapasitesi ile tek bir kontrol\u00f6r bir kontrol d\u00fc\u011f\u00fcm\u00fcd\u00fcr, 3200W y\u00fck ta\u015f\u0131yabilir; <\/p>\n\n\n\n<p>\u2461 4G a\u011f ileti\u015fim modu, sinyal kararl\u0131l\u0131\u011f\u0131, cep telefonu sinyali ileti\u015fim gereksinimlerini kar\u015f\u0131layabilir; <\/p>\n\n\n\n<p>\u2462 Zaman ayarl\u0131 karartma i\u015flevi ve \u0131\u015f\u0131k tamamlama sens\u00f6r\u00fc, elektrikten b\u00fcy\u00fck \u00f6l\u00e7\u00fcde tasarruf etmek ve g\u00fc\u00e7 t\u00fcketimini azaltmak i\u00e7in birlikte \u00e7al\u0131\u015f\u0131r; <\/p>\n\n\n\n<p>2. Kontrol avantajlar\u0131: <\/p>\n\n\n\n<p>Zamanlama kontrol\u00fc (gece)+ Sens\u00f6r kontrol\u00fc (g\u00fcnd\u00fcz) <\/p>\n\n\n\n<p>G\u00fcnd\u00fcz (07:00-18:00) Sens\u00f6r modu: <\/p>\n\n\n\n<p>Harici \u0131\u015f\u0131k de\u011fi\u015fti\u011finde, sens\u00f6r tutarl\u0131 \u0131\u015f\u0131k yo\u011funlu\u011funu sa\u011flamak i\u00e7in parlakl\u0131\u011f\u0131 otomatik olarak ayarlar; <\/p>\n\n\n\n<p>Ak\u015fam (ertesi g\u00fcn 18:00-07:00) Zamanlama modu: <\/p>\n\n\n\n<p>08:00-18:00, zamanlama modu, parlakl\u0131k 100% olarak korunur, <\/p>\n\n\n\n<p>18:00-00:00, zamanlama modu, parlakl\u0131k 50%'yi korur, <\/p>\n\n\n\n<p>00:00-07:00, zamanlama modu, parlakl\u0131k korunur 30%;<\/p>\n\n\n\n<div class=\"wp-block-uagb-image uagb-block-b12c5bc5 wp-block-uagb-image--layout-default wp-block-uagb-image--effect-static wp-block-uagb-image--align-none\"><figure class=\"wp-block-uagb-image__figure\"><img decoding=\"async\" srcset=\"https:\/\/led.amasly.com\/wp-content\/uploads\/2025\/02\/3.png ,https:\/\/led.amasly.com\/wp-content\/uploads\/2025\/02\/3.png 780w, https:\/\/led.amasly.com\/wp-content\/uploads\/2025\/02\/3.png 360w\" sizes=\"auto, (max-width: 480px) 150px\" src=\"https:\/\/led.amasly.com\/wp-content\/uploads\/2025\/02\/3.png\" alt=\"\" class=\"uag-image-1845\" width=\"589\" height=\"276\" title=\"3\" loading=\"lazy\" role=\"img\"><\/figure><\/div>\n\n\n\n<div class=\"wp-block-uagb-image uagb-block-3747e0f9 wp-block-uagb-image--layout-default wp-block-uagb-image--effect-static wp-block-uagb-image--align-none\"><figure class=\"wp-block-uagb-image__figure\"><img decoding=\"async\" srcset=\"https:\/\/led.amasly.com\/wp-content\/uploads\/2025\/02\/4.png ,https:\/\/led.amasly.com\/wp-content\/uploads\/2025\/02\/4.png 780w, https:\/\/led.amasly.com\/wp-content\/uploads\/2025\/02\/4.png 360w\" sizes=\"auto, (max-width: 480px) 150px\" src=\"https:\/\/led.amasly.com\/wp-content\/uploads\/2025\/02\/4.png\" alt=\"\" class=\"uag-image-1846\" width=\"593\" height=\"286\" title=\"4\" loading=\"lazy\" role=\"img\"><\/figure><\/div>\n\n\n\n<h3 class=\"wp-block-heading\">Benzin \u0130stasyonu Ayd\u0131nlatma \u00c7\u00f6z\u00fcm\u00fc yard\u0131mc\u0131 ayd\u0131nlatma ve d\u0131\u015f ayd\u0131nlatma uygulamalar\u0131<\/h3>\n\n\n\n<p class=\"has-medium-font-size\">I\u015f\u0131\u011f\u0131n bilgi aktarmak i\u00e7in bir ara\u00e7 olarak kullan\u0131lmas\u0131, yard\u0131mc\u0131 ayd\u0131nlatma ve d\u0131\u015f mekan ayd\u0131nlatmas\u0131n\u0131n \u00f6nemidir. Artan g\u00f6r\u00fcn\u00fcrl\u00fck, azalan karanl\u0131k k\u00f6\u015feler, insanlara g\u00fcvenlik hissi verebilir. A\u00e7\u0131k park alanlar\u0131n\u0131n yaln\u0131zca geceleri ayd\u0131nlat\u0131lmas\u0131 gerekir ve enerji tasarruflu \u0131\u015f\u0131k kaynaklar\u0131n\u0131n se\u00e7ilmesi enerji maliyetlerini b\u00fcy\u00fck \u00f6l\u00e7\u00fcde azaltabilir.<\/p>\n\n\n\n<div class=\"wp-block-uagb-image uagb-block-afde70e0 wp-block-uagb-image--layout-default wp-block-uagb-image--effect-static wp-block-uagb-image--align-none\"><figure class=\"wp-block-uagb-image__figure\"><img decoding=\"async\" srcset=\"https:\/\/led.amasly.com\/wp-content\/uploads\/2025\/02\/efd2b95be6925e709053e0370375b89b_v2-fe5c2510245f0812c166e9358e4e3c0d_1440w-1024x575.jpg ,https:\/\/led.amasly.com\/wp-content\/uploads\/2025\/02\/efd2b95be6925e709053e0370375b89b_v2-fe5c2510245f0812c166e9358e4e3c0d_1440w.jpg 780w, https:\/\/led.amasly.com\/wp-content\/uploads\/2025\/02\/efd2b95be6925e709053e0370375b89b_v2-fe5c2510245f0812c166e9358e4e3c0d_1440w.jpg 360w\" sizes=\"auto, (max-width: 480px) 150px\" src=\"https:\/\/led.amasly.com\/wp-content\/uploads\/2025\/02\/efd2b95be6925e709053e0370375b89b_v2-fe5c2510245f0812c166e9358e4e3c0d_1440w-1024x575.jpg\" alt=\"\" class=\"uag-image-1849\" width=\"1276\" height=\"717\" title=\"efd2b95be6925e709053e0370375b89b_v2-fe5c2510245f0812c166e9358e4e3c0d_1440w\" loading=\"lazy\" role=\"img\"><\/figure><\/div>\n\n\n\n<p class=\"has-medium-font-size\">Benzin istasyonu yan\u0131c\u0131 ve patlay\u0131c\u0131 tehlikeli bir yer oldu\u011fundan, ak\u0131ll\u0131 kontrol sistemi ayr\u0131ca ar\u0131za alarm fonksiyonunu ayarlar, \u00e7e\u015fitli sens\u00f6rler kullanmay\u0131 se\u00e7er, saha ortam\u0131nda ger\u00e7ek zamanl\u0131 hesaplama verileri y\u00fcr\u00fct\u00fcr, do\u011fru de\u011feri elde eder ve sens\u00f6r\u00fcn derecelendirmesini ayarlar. Sens\u00f6r taraf\u0131ndan \u00f6l\u00e7\u00fclen ger\u00e7ek zamanl\u0131 veriler belirli bir de\u011fere ula\u015ft\u0131\u011f\u0131nda, sistem kullan\u0131c\u0131ya SMS, e-posta ve di\u011fer erken uyar\u0131 bi\u00e7imlerini iletecektir. Benzin istasyonu y\u00f6neticisinin ar\u0131zay\u0131 zaman\u0131nda bulmas\u0131n\u0131 sa\u011flamak, mal ve hatta ki\u015fisel kay\u0131plar\u0131 \u00f6nlemek i\u00e7in.<\/p>\n\n\n\n<p class=\"has-medium-font-size\">Ak\u0131ll\u0131 kontrol sistemi, b\u00f6ylece benzin istasyonu ayd\u0131nlatmas\u0131 bilim ve teknolojiye ula\u015fmak i\u00e7in ak\u0131ll\u0131, zengin bir ayd\u0131nlatma efekti olu\u015ftururken, m\u00fc\u015fterilere en iyi yak\u0131t ikmali deneyimini sunmak, daha fazla al\u0131\u015fveri\u015f atmosferi yaratmak i\u00e7in! Ayn\u0131 zamanda, sadece benzin istasyonlar\u0131 de\u011fil, ayn\u0131 zamanda gelecekteki yeni trend i\u00e7in \u201cg\u00fc\u00e7 istasyonlar\u0131 eklemek\u201d.<\/p>\n\n\n\n<p>Standart: <a href=\"http:\/\/www.iec.com\" rel=\"nofollow noopener\" target=\"_blank\">IEC 60598 IEC60079<\/a><\/p>\n\n\n\n<div class=\"wp-block-uagb-container uagb-block-c7d898dd alignfull uagb-is-root-container\"><div class=\"uagb-container-inner-blocks-wrap\"><\/div><\/div>\n\n\n\n<h2 class=\"wp-block-heading\">\u0130lgili \u00dcr\u00fcnler<\/h2>\n\n\n\n<div class=\"wp-block-uagb-container uagb-block-66e4defc alignfull uagb-is-root-container\"><div class=\"uagb-container-inner-blocks-wrap\">\n<div class=\"wp-block-uagb-container uagb-block-a42945f9\">\n<div class=\"wp-block-uagb-image uagb-block-7296296b wp-block-uagb-image--layout-default wp-block-uagb-image--effect-static wp-block-uagb-image--align-none\"><figure class=\"wp-block-uagb-image__figure\"><a class=\"\" href=\"https:\/\/led.amasly.com\/tr\/products\/\" target=\"\" rel=\"noopener\"><img decoding=\"async\" srcset=\"https:\/\/led.amasly.com\/wp-content\/uploads\/2024\/09\/Explosion-proof-high-bay-lights.png ,https:\/\/led.amasly.com\/wp-content\/uploads\/2024\/09\/Explosion-proof-high-bay-lights.png 780w, https:\/\/led.amasly.com\/wp-content\/uploads\/2024\/09\/Explosion-proof-high-bay-lights.png 360w\" sizes=\"auto, (max-width: 480px) 150px\" src=\"https:\/\/led.amasly.com\/wp-content\/uploads\/2024\/09\/Explosion-proof-high-bay-lights.png\" alt=\"\" class=\"uag-image-1495\" width=\"300\" height=\"300\" title=\"Patlamaya dayan\u0131kl\u0131 y\u00fcksek tavan lambalar\u0131\" loading=\"lazy\" role=\"img\"><\/a><\/figure><\/div>\n<\/div>\n\n\n\n<div class=\"wp-block-uagb-container uagb-block-4d3efde5\">\n<div class=\"wp-block-uagb-image uagb-block-c9e90797 wp-block-uagb-image--layout-default wp-block-uagb-image--effect-static wp-block-uagb-image--align-none\"><figure class=\"wp-block-uagb-image__figure\"><a class=\"\" href=\"https:\/\/led.amasly.com\/tr\/products\/\" target=\"\" rel=\"noopener\"><img decoding=\"async\" srcset=\"https:\/\/led.amasly.com\/wp-content\/uploads\/2024\/07\/LED-tri-proof-lights2.png ,https:\/\/led.amasly.com\/wp-content\/uploads\/2024\/07\/LED-tri-proof-lights2.png 780w, https:\/\/led.amasly.com\/wp-content\/uploads\/2024\/07\/LED-tri-proof-lights2.png 360w\" sizes=\"auto, (max-width: 480px) 150px\" src=\"https:\/\/led.amasly.com\/wp-content\/uploads\/2024\/07\/LED-tri-proof-lights2.png\" alt=\"\" class=\"uag-image-1132\" width=\"300\" height=\"300\" title=\"LED-tri-proof-\u0131\u015f\u0131klar2\" loading=\"lazy\" role=\"img\"><\/a><\/figure><\/div>\n<\/div>\n\n\n\n<div class=\"wp-block-uagb-container uagb-block-11c2578b\">\n<div class=\"wp-block-uagb-image uagb-block-6e8883aa wp-block-uagb-image--layout-default wp-block-uagb-image--effect-static wp-block-uagb-image--align-none\"><figure class=\"wp-block-uagb-image__figure\"><a class=\"\" href=\"https:\/\/led.amasly.com\/tr\/products\/\" target=\"\" rel=\"noopener\"><img decoding=\"async\" srcset=\"https:\/\/led.amasly.com\/wp-content\/uploads\/2024\/09\/LED-Explosion-Proof-Gas-Station-Light.png ,https:\/\/led.amasly.com\/wp-content\/uploads\/2024\/09\/LED-Explosion-Proof-Gas-Station-Light.png 780w, https:\/\/led.amasly.com\/wp-content\/uploads\/2024\/09\/LED-Explosion-Proof-Gas-Station-Light.png 360w\" sizes=\"auto, (max-width: 480px) 150px\" src=\"https:\/\/led.amasly.com\/wp-content\/uploads\/2024\/09\/LED-Explosion-Proof-Gas-Station-Light.png\" alt=\"\" class=\"uag-image-1501\" width=\"300\" height=\"300\" title=\"LED Patlamaya Dayan\u0131kl\u0131 Benzin \u0130stasyonu I\u015f\u0131\u011f\u0131\" loading=\"lazy\" role=\"img\"><\/a><\/figure><\/div>\n<\/div>\n<\/div><\/div>\n\n\n\n<div class=\"wp-block-uagb-container uagb-block-548945b5 alignfull uagb-is-root-container\"><div class=\"uagb-container-inner-blocks-wrap\">\n<div class=\"wp-block-uagb-container uagb-block-967755d5\">\n<h4 class=\"wp-block-heading has-text-align-center\"><a href=\"https:\/\/led.amasly.com\/tr\/products\/\">LED Patlamaya Dayan\u0131kl\u0131 I\u015f\u0131klar<\/a><\/h4>\n<\/div>\n\n\n\n<div class=\"wp-block-uagb-container uagb-block-9bc52fc2\">\n<h4 class=\"wp-block-heading has-text-align-center\"><a href=\"https:\/\/led.amasly.com\/tr\/products\/\">LED Tri-Proof I\u015f\u0131klar<\/a><\/h4>\n<\/div>\n\n\n\n<div class=\"wp-block-uagb-container uagb-block-8ffa0a23\">\n<h4 class=\"wp-block-heading has-text-align-center\"><a href=\"https:\/\/led.amasly.com\/tr\/products\/\">Patlamaya Dayan\u0131kl\u0131 Benzin \u0130stasyonu I\u015f\u0131klar\u0131<\/a><\/h4>\n<\/div>\n<\/div><\/div>\n\n\n\n<div class=\"wp-block-uagb-container uagb-block-29499fe0 alignfull uagb-is-root-container\"><div class=\"uagb-container-inner-blocks-wrap\">\n<div class=\"wp-block-uagb-container uagb-block-777ee1c7\">\n<div class=\"wp-block-uagb-image uagb-block-2e9a1851 wp-block-uagb-image--layout-default wp-block-uagb-image--effect-static wp-block-uagb-image--align-none\"><figure class=\"wp-block-uagb-image__figure\"><a class=\"\" href=\"https:\/\/led.amasly.com\/tr\/products\/\" target=\"\" rel=\"noopener\"><img decoding=\"async\" srcset=\"https:\/\/led.amasly.com\/wp-content\/uploads\/2024\/10\/50W-100W-150W-200W-300W-LED-Flood-Light.jpg ,https:\/\/led.amasly.com\/wp-content\/uploads\/2024\/10\/50W-100W-150W-200W-300W-LED-Flood-Light.jpg 780w, https:\/\/led.amasly.com\/wp-content\/uploads\/2024\/10\/50W-100W-150W-200W-300W-LED-Flood-Light.jpg 360w\" sizes=\"auto, (max-width: 480px) 150px\" src=\"https:\/\/led.amasly.com\/wp-content\/uploads\/2024\/10\/50W-100W-150W-200W-300W-LED-Flood-Light.jpg\" alt=\"\" class=\"uag-image-1526\" width=\"300\" height=\"300\" title=\"50W 100W 150W 200W 300W LED Ta\u015fk\u0131n I\u015f\u0131k\" loading=\"lazy\" role=\"img\"><\/a><\/figure><\/div>\n<\/div>\n\n\n\n<div class=\"wp-block-uagb-container uagb-block-af8c8683\">\n<div class=\"wp-block-uagb-image uagb-block-67947854 wp-block-uagb-image--layout-default wp-block-uagb-image--effect-static wp-block-uagb-image--align-none\"><figure class=\"wp-block-uagb-image__figure\"><a class=\"\" href=\"https:\/\/led.amasly.com\/tr\/products\/\" target=\"\" rel=\"noopener\"><img decoding=\"async\" srcset=\"https:\/\/led.amasly.com\/wp-content\/uploads\/2024\/07\/led-tri-proof-light.png ,https:\/\/led.amasly.com\/wp-content\/uploads\/2024\/07\/led-tri-proof-light.png 780w, https:\/\/led.amasly.com\/wp-content\/uploads\/2024\/07\/led-tri-proof-light.png 360w\" sizes=\"auto, (max-width: 480px) 150px\" src=\"https:\/\/led.amasly.com\/wp-content\/uploads\/2024\/07\/led-tri-proof-light.png\" alt=\"\" class=\"uag-image-1130\" width=\"300\" height=\"300\" title=\"led-tri-proof-\u0131\u015f\u0131k\" loading=\"lazy\" role=\"img\"><\/a><\/figure><\/div>\n<\/div>\n\n\n\n<div class=\"wp-block-uagb-container uagb-block-0fdfdd58\">\n<div class=\"wp-block-uagb-image uagb-block-1187d32d wp-block-uagb-image--layout-default wp-block-uagb-image--effect-static wp-block-uagb-image--align-none\"><figure class=\"wp-block-uagb-image__figure\"><a class=\"\" href=\"https:\/\/led.amasly.com\/tr\/products\/\" target=\"\" rel=\"noopener\"><img decoding=\"async\" srcset=\"https:\/\/led.amasly.com\/wp-content\/uploads\/2024\/07\/LED-street-light.jpg ,https:\/\/led.amasly.com\/wp-content\/uploads\/2024\/07\/LED-street-light.jpg 780w, https:\/\/led.amasly.com\/wp-content\/uploads\/2024\/07\/LED-street-light.jpg 360w\" sizes=\"auto, (max-width: 480px) 150px\" src=\"https:\/\/led.amasly.com\/wp-content\/uploads\/2024\/07\/LED-street-light.jpg\" alt=\"\" class=\"uag-image-1145\" width=\"300\" height=\"300\" title=\"LED-sokak-\u0131\u015f\u0131\u011f\u0131\" loading=\"lazy\" role=\"img\"><\/a><\/figure><\/div>\n<\/div>\n<\/div><\/div>\n\n\n\n<div class=\"wp-block-uagb-container uagb-block-6a60882c alignfull uagb-is-root-container\"><div class=\"uagb-container-inner-blocks-wrap\">\n<div class=\"wp-block-uagb-container uagb-block-f1e91a35\">\n<h4 class=\"wp-block-heading has-text-align-center\"><a href=\"https:\/\/led.amasly.com\/tr\/products\/\">LED Sel I\u015f\u0131klar\u0131<\/a><\/h4>\n<\/div>\n\n\n\n<div class=\"wp-block-uagb-container uagb-block-165bfa58\">\n<h4 class=\"wp-block-heading has-text-align-center\"><a href=\"https:\/\/led.amasly.com\/tr\/products\/\">LED Tri-Proof T\u00fcp I\u015f\u0131klar<\/a><\/h4>\n<\/div>\n\n\n\n<div class=\"wp-block-uagb-container uagb-block-f6096e3b\">\n<h4 class=\"wp-block-heading has-text-align-center\"><a href=\"https:\/\/led.amasly.com\/tr\/products\/\">LED Sokak Lambalar\u0131<\/a><\/h4>\n<\/div>\n<\/div><\/div>\n\n\n\n<p><\/p>","protected":false},"excerpt":{"rendered":"<p>Gas Station Lighting Solution Gas Station Lighting Solution Introduce: With the continuous adjustment of the strategic structure of energy and the increasing efforts of clean and low-carbon energy and other factors, China National Petroleum Corporation traditional energy giants have accelerated the deployment and adjustment of non-oil energy supply system, and will rely on their own [&hellip;]<\/p>\n","protected":false},"author":1,"featured_media":0,"parent":1808,"menu_order":0,"comment_status":"closed","ping_status":"closed","template":"","meta":{"_uag_custom_page_level_css":"","site-sidebar-layout":"no-sidebar","site-content-layout":"","ast-site-content-layout":"default","site-content-style":"default","site-sidebar-style":"default","ast-global-header-display":"","ast-banner-title-visibility":"","ast-main-header-display":"","ast-hfb-above-header-display":"","ast-hfb-below-header-display":"","ast-hfb-mobile-header-display":"","site-post-title":"disabled","ast-breadcrumbs-content":"","ast-featured-img":"","footer-sml-layout":"","ast-disable-related-posts":"","theme-transparent-header-meta":"enabled","adv-header-id-meta":"","stick-header-meta":"","header-above-stick-meta":"","header-main-stick-meta":"","header-below-stick-meta":"","astra-migrate-meta-layouts":"set","ast-page-background-enabled":"default","ast-page-background-meta":{"desktop":{"background-color":"var(--ast-global-color-4)","background-image":"","background-repeat":"repeat","background-position":"center center","background-size":"auto","background-attachment":"scroll","background-type":"","background-media":"","overlay-type":"","overlay-color":"","overlay-opacity":"","overlay-gradient":""},"tablet":{"background-color":"","background-image":"","background-repeat":"repeat","background-position":"center center","background-size":"auto","background-attachment":"scroll","background-type":"","background-media":"","overlay-type":"","overlay-color":"","overlay-opacity":"","overlay-gradient":""},"mobile":{"background-color":"","background-image":"","background-repeat":"repeat","background-position":"center center","background-size":"auto","background-attachment":"scroll","background-type":"","background-media":"","overlay-type":"","overlay-color":"","overlay-opacity":"","overlay-gradient":""}},"ast-content-background-meta":{"desktop":{"background-color":"var(--ast-global-color-5)","background-image":"","background-repeat":"repeat","background-position":"center center","background-size":"auto","background-attachment":"scroll","background-type":"","background-media":"","overlay-type":"","overlay-color":"","overlay-opacity":"","overlay-gradient":""},"tablet":{"background-color":"var(--ast-global-color-5)","background-image":"","background-repeat":"repeat","background-position":"center center","background-size":"auto","background-attachment":"scroll","background-type":"","background-media":"","overlay-type":"","overlay-color":"","overlay-opacity":"","overlay-gradient":""},"mobile":{"background-color":"var(--ast-global-color-5)","background-image":"","background-repeat":"repeat","background-position":"center center","background-size":"auto","background-attachment":"scroll","background-type":"","background-media":"","overlay-type":"","overlay-color":"","overlay-opacity":"","overlay-gradient":""}},"footnotes":""},"class_list":["post-1840","page","type-page","status-publish","hentry"],"uagb_featured_image_src":{"full":false,"thumbnail":false,"medium":false,"medium_large":false,"large":false,"1536x1536":false,"2048x2048":false,"trp-custom-language-flag":false},"uagb_author_info":{"display_name":"Joe","author_link":"https:\/\/led.amasly.com\/tr\/author\/jacklin\/"},"uagb_comment_info":0,"uagb_excerpt":"Gas Station Lighting Solution Gas Station Lighting Solution Introduce: With the continuous adjustment of the strategic structure of energy and the increasing efforts of clean and low-carbon energy and other factors, China National Petroleum Corporation traditional energy giants have accelerated the deployment and adjustment of non-oil energy supply system, and will rely on their own&hellip;","_links":{"self":[{"href":"https:\/\/led.amasly.com\/tr\/wp-json\/wp\/v2\/pages\/1840","targetHints":{"allow":["GET"]}}],"collection":[{"href":"https:\/\/led.amasly.com\/tr\/wp-json\/wp\/v2\/pages"}],"about":[{"href":"https:\/\/led.amasly.com\/tr\/wp-json\/wp\/v2\/types\/page"}],"author":[{"embeddable":true,"href":"https:\/\/led.amasly.com\/tr\/wp-json\/wp\/v2\/users\/1"}],"replies":[{"embeddable":true,"href":"https:\/\/led.amasly.com\/tr\/wp-json\/wp\/v2\/comments?post=1840"}],"version-history":[{"count":6,"href":"https:\/\/led.amasly.com\/tr\/wp-json\/wp\/v2\/pages\/1840\/revisions"}],"predecessor-version":[{"id":4566,"href":"https:\/\/led.amasly.com\/tr\/wp-json\/wp\/v2\/pages\/1840\/revisions\/4566"}],"up":[{"embeddable":true,"href":"https:\/\/led.amasly.com\/tr\/wp-json\/wp\/v2\/pages\/1808"}],"wp:attachment":[{"href":"https:\/\/led.amasly.com\/tr\/wp-json\/wp\/v2\/media?parent=1840"}],"curies":[{"name":"wp","href":"https:\/\/api.w.org\/{rel}","templated":true}]}}