{"id":1685,"date":"2025-01-16T20:30:58","date_gmt":"2025-01-16T12:30:58","guid":{"rendered":"https:\/\/led.amasly.com\/?page_id=1685"},"modified":"2026-01-18T16:31:37","modified_gmt":"2026-01-18T08:31:37","slug":"bal56","status":"publish","type":"page","link":"https:\/\/led.amasly.com\/tr\/products\/explosion-proof-lights\/bal56\/","title":{"rendered":"BAL56 LED Patlamaya Dayan\u0131kl\u0131 \u015eerit I\u015f\u0131k"},"content":{"rendered":"<h2 class=\"wp-block-heading\"><\/h2>\n\n\n\n<p><\/p>\n\n\n\n<h2 class=\"wp-block-heading\"><\/h2>\n\n\n\n<h2 class=\"wp-block-heading\"><\/h2>\n\n\n\n<p><\/p>\n\n\n\n<div class=\"wp-block-uagb-container uagb-block-e407eb08 alignfull uagb-is-root-container\"><div class=\"uagb-container-inner-blocks-wrap\">\n<div class=\"wp-block-uagb-info-box uagb-block-7c0a134c uagb-infobox__content-wrap  uagb-infobox-icon-above-title uagb-infobox-image-valign-top wp-block-uagb-info-box--has-margin\"><div class=\"uagb-infobox-margin-wrapper\"><div class=\"uagb-ifb-content\"><div class=\"uagb-ifb-title-wrap\"><\/div><\/div><\/div><\/div>\n<\/div><\/div>\n\n\n\n<p><\/p>\n\n\n\n<p><\/p>\n\n\n\n<h2 class=\"wp-block-heading\"><\/h2>\n\n\n\n<h1 class=\"wp-block-heading has-text-align-center\">LED Patlamaya Dayan\u0131kl\u0131 \u015eerit I\u015f\u0131klar<\/h1>\n\n\n\n<div class=\"wp-block-uagb-container uagb-block-5d28ec94 default uagb-is-root-container\">\n<div class=\"wp-block-uagb-container uagb-block-462981e6\">\n<div class=\"wp-block-uagb-container uagb-block-6f08c8e4 alignfull uagb-is-root-container\"><div class=\"uagb-container-inner-blocks-wrap\">\n<div class=\"wp-block-uagb-container uagb-block-b229cb92\">\n<h3 class=\"wp-block-heading\">\u0130\u00e7erik<\/h3>\n\n\n\n<div class=\"wp-block-buttons is-layout-flex wp-container-core-buttons-is-layout-45b20515 wp-block-buttons-is-layout-flex\">\n<div class=\"wp-block-button\"><a class=\"wp-block-button__link wp-element-button\" href=\"https:\/\/led.amasly.com\/tr\/products\/explosion-proof-lights\/\">Patlamaya Dayan\u0131kl\u0131 I\u015f\u0131klar<\/a><\/div>\n\n\n\n<div class=\"wp-block-button is-style-fill\"><a class=\"wp-block-button__link wp-element-button\" href=\"https:\/\/led.amasly.com\/tr\/products\/ex-proof-electrical-appliance\/\">Ex-proof elektrikli cihaz<\/a><\/div>\n\n\n\n<div class=\"wp-block-button\"><a class=\"wp-block-button__link wp-element-button\" href=\"https:\/\/led.amasly.com\/tr\/products\/led-tri-proof-light-2\/\">LED Trip Korumal\u0131 I\u015f\u0131k<\/a><\/div>\n\n\n\n<div class=\"wp-block-button\"><a class=\"wp-block-button__link wp-element-button\" href=\"https:\/\/led.amasly.com\/tr\/products\/led-high-bay-light\/\">LED Y\u00fcksek Bay I\u015f\u0131k<\/a><\/div>\n\n\n\n<div class=\"wp-block-button\"><a class=\"wp-block-button__link wp-element-button\" href=\"https:\/\/led.amasly.com\/tr\/products\/led-flood-lights\/\">LED Ta\u015fk\u0131n I\u015f\u0131k<\/a><\/div>\n\n\n\n<div class=\"wp-block-button\"><a class=\"wp-block-button__link wp-element-button\" href=\"https:\/\/led.amasly.com\/tr\/products\/led-street-lights\/\">LED Sokak Lambas\u0131<\/a><\/div>\n\n\n\n<div class=\"wp-block-button\"><a class=\"wp-block-button__link wp-element-button\" href=\"https:\/\/led.amasly.com\/tr\/products\/solar-lights\/\">LED G\u00fcne\u015f I\u015f\u0131\u011f\u0131<\/a><\/div>\n<\/div>\n\n\n\n<h4 class=\"wp-block-heading\"><\/h4>\n\n\n\n<h4 class=\"wp-block-heading\">\u0130leti\u015fim<\/h4>\n\n\n\n<ul class=\"wp-block-list\">\n<li>E-posta: sales01@amasly.com<strong> <\/strong>      <\/li>\n\n\n\n<li>Cep telefonu: +86 13732643699                   <\/li>\n<\/ul>\n<\/div>\n\n\n\n<div class=\"wp-block-columns is-layout-flex wp-container-core-columns-is-layout-28f84493 wp-block-columns-is-layout-flex\">\n<div class=\"wp-block-column is-layout-flow wp-block-column-is-layout-flow\" style=\"flex-basis:100%\">\n<div class=\"wp-block-uagb-container uagb-block-064256a4\">\n<div class=\"wp-block-columns is-layout-flex wp-container-core-columns-is-layout-28f84493 wp-block-columns-is-layout-flex\">\n<div class=\"wp-block-column is-layout-flow wp-block-column-is-layout-flow\" style=\"flex-basis:100%\">\n<div class=\"wp-block-columns is-layout-flex wp-container-core-columns-is-layout-28f84493 wp-block-columns-is-layout-flex\">\n<div class=\"wp-block-column is-layout-flow wp-block-column-is-layout-flow\">\n<div class=\"wp-block-uagb-image uagb-block-f7623661 wp-block-uagb-image--layout-default wp-block-uagb-image--effect-static wp-block-uagb-image--align-none\"><figure class=\"wp-block-uagb-image__figure\"><img decoding=\"async\" srcset=\"https:\/\/led.amasly.com\/wp-content\/uploads\/2025\/01\/1.jpg ,https:\/\/led.amasly.com\/wp-content\/uploads\/2025\/01\/1.jpg 780w, https:\/\/led.amasly.com\/wp-content\/uploads\/2025\/01\/1.jpg 360w\" sizes=\"auto, (max-width: 480px) 150px\" src=\"https:\/\/led.amasly.com\/wp-content\/uploads\/2025\/01\/1.jpg\" alt=\"LED Explosion Proof Strip Lights\" class=\"uag-image-1686\" width=\"300\" height=\"300\" title=\"LED Patlamaya Dayan\u0131kl\u0131 \u015eerit I\u015f\u0131klar\" loading=\"lazy\" role=\"img\"\/><\/figure><\/div>\n<\/div>\n\n\n\n<div class=\"wp-block-column is-layout-flow wp-block-column-is-layout-flow\">\n<p>Uygulama kapsam\u0131<\/p>\n\n\n\n<p>1. Petrol madencili\u011fi, petrol ar\u0131tma, kimyasal, askeri ve fabrikan\u0131n di\u011fer tehlikeli \u00e7evresel yerlerinde ve yol ayd\u0131nlatmas\u0131nda yayg\u0131n olarak kullan\u0131l\u0131r<\/p>\n\n\n\n<p>2. K\u0131y\u0131, nehir ve di\u011fer r\u00fczgar bas\u0131nc\u0131, r\u00fczgar h\u0131z\u0131 ortamlar\u0131 i\u00e7in uygundur;<\/p>\n\n\n\n<p>3. B\u00f6lge 1, b\u00f6lge 2 yerlerindeki binlerce patlay\u0131c\u0131 gaz ortam\u0131 i\u00e7in uygundur;<\/p>\n\n\n\n<p>4. Binlerce yan\u0131c\u0131 toz ortam\u0131 21 b\u00f6lge, 22 b\u00f6lge yerleri i\u00e7in uygundur;<\/p>\n\n\n\n<p>5. IIA, IIB, IIC patlay\u0131c\u0131 gaz ortam\u0131 i\u00e7in uygundur. S\u0131n\u0131f I, B\u00f6l\u00fcm 2, Grup A, B, C, D.<\/p>\n<\/div>\n<\/div>\n<\/div>\n<\/div>\n\n\n\n<div class=\"wp-block-uagb-container uagb-block-201e76d4\">\n<figure class=\"wp-block-table\"><table><tbody><tr><td>Moel<\/td><td class=\"has-text-align-center\" data-align=\"center\">G\u00fc\u00e7<\/td><td>Ex Mark<\/td><td>IP Oran\u0131<\/td><td>I\u015f\u0131k Verimlili\u011fi<\/td><td>Gerilim<\/td><td>CCT<\/td><td>PF<\/td><\/tr><tr><td>BAL56<\/td><td class=\"has-text-align-center\" data-align=\"center\">20W-30W-50W-100W<\/td><td><a href=\"http:\/\/www.iecex-certs.com\/\" rel=\"nofollow noopener\" target=\"_blank\">Ex d IIC T6<\/a><\/td><td>IP66<\/td><td>130lm\/w<\/td><td>Ac85-265V<\/td><td>3000K-6500K<\/td><td>&gt;0.97<\/td><\/tr><\/tbody><\/table><\/figure>\n\n\n\n<div class=\"wp-block-uagb-image uagb-block-0867b09d wp-block-uagb-image--layout-default wp-block-uagb-image--effect-static wp-block-uagb-image--align-none\"><figure class=\"wp-block-uagb-image__figure\"><img decoding=\"async\" srcset=\"https:\/\/led.amasly.com\/wp-content\/uploads\/2025\/01\/1f08adfbf8ef0fb0f008768fe0604927_O1CN01HbWA7u2A1XsUOwjXF_979698143-0-cib-1-719x1024.jpg ,https:\/\/led.amasly.com\/wp-content\/uploads\/2025\/01\/1f08adfbf8ef0fb0f008768fe0604927_O1CN01HbWA7u2A1XsUOwjXF_979698143-0-cib-1.jpg 780w, https:\/\/led.amasly.com\/wp-content\/uploads\/2025\/01\/1f08adfbf8ef0fb0f008768fe0604927_O1CN01HbWA7u2A1XsUOwjXF_979698143-0-cib-1.jpg 360w\" sizes=\"auto, (max-width: 480px) 150px\" src=\"https:\/\/led.amasly.com\/wp-content\/uploads\/2025\/01\/1f08adfbf8ef0fb0f008768fe0604927_O1CN01HbWA7u2A1XsUOwjXF_979698143-0-cib-1-719x1024.jpg\" alt=\"\" class=\"uag-image-1689\" width=\"300\" height=\"300\" title=\"1f08adfbf8ef0fb0f008768fe0604927_O1CN01HbWA7u2A1XsUOwjXF_!!979698143-0-cib\" loading=\"lazy\" role=\"img\"><\/figure><\/div>\n\n\n\n<div class=\"wp-block-uagb-image uagb-block-88bf1330 wp-block-uagb-image--layout-default wp-block-uagb-image--effect-static wp-block-uagb-image--align-none\"><figure class=\"wp-block-uagb-image__figure\"><img decoding=\"async\" srcset=\"https:\/\/led.amasly.com\/wp-content\/uploads\/2025\/01\/\u82f1\u6587\u6837\u518ccatalog-crown-extra-2023_1-1-1024x576.png ,https:\/\/led.amasly.com\/wp-content\/uploads\/2025\/01\/\u82f1\u6587\u6837\u518ccatalog-crown-extra-2023_1-1.png 780w, https:\/\/led.amasly.com\/wp-content\/uploads\/2025\/01\/\u82f1\u6587\u6837\u518ccatalog-crown-extra-2023_1-1.png 360w\" sizes=\"auto, (max-width: 480px) 150px\" src=\"https:\/\/led.amasly.com\/wp-content\/uploads\/2025\/01\/\u82f1\u6587\u6837\u518ccatalog-crown-extra-2023_1-1-1024x576.png\" alt=\"\" class=\"uag-image-1690\" width=\"300\" height=\"300\" title=\"\u82f1\u6587\u6837\u518ccatalog crown extra 2023_1\" loading=\"lazy\" role=\"img\"><\/figure><\/div>\n<\/div>\n<\/div>\n<\/div>\n<\/div>\n<\/div><\/div>\n<\/div>\n<\/div>\n\n\n\n<h2 class=\"wp-block-heading\"><strong>Amasly LED I\u015f\u0131k <\/strong><strong>SSS<\/strong><strong><\/strong><\/h2>\n\n\n\n<p><strong>S1.Led \u0131\u015f\u0131k i\u00e7in \u00f6rnek bir sipari\u015f alabilir miyim?<\/strong><strong><\/strong><\/p>\n\n\n\n<p>C: Evet, kaliteyi test etmek ve kontrol etmek i\u00e7in numune sipari\u015fini memnuniyetle kar\u015f\u0131l\u0131yoruz. Kar\u0131\u015f\u0131k numuneler kabul edilebilir.<\/p>\n\n\n\n<p><strong>S2.Teslim s\u00fcresi ne olacak?<\/strong><strong><\/strong><\/p>\n\n\n\n<p>C: Numune 3-5 g\u00fcne, seri \u00fcretim s\u00fcresi 1-2 haftaya ihtiya\u00e7 duyar.<\/p>\n\n\n\n<p><strong>S3.Led \u0131\u015f\u0131k sipari\u015fi i\u00e7in herhangi bir MOQ s\u0131n\u0131r\u0131n\u0131z var m\u0131?<\/strong><strong><\/strong><\/p>\n\n\n\n<p>C: Numune kontrol\u00fc i\u00e7in d\u00fc\u015f\u00fck MOQ 1 adet mevcuttur.<\/p>\n\n\n\n<p><strong>Q4. Mallar\u0131 nas\u0131l g\u00f6nderiyorsunuz ve ula\u015fmas\u0131 ne kadar s\u00fcr\u00fcyor?<\/strong><strong><\/strong><\/p>\n\n\n\n<p>C: Genellikle DHL, UPS, FedEx veya TNT ile g\u00f6nderiyoruz. Ula\u015fmas\u0131 genellikle 3-5 g\u00fcn s\u00fcrer. Hava hatt\u0131 ve deniz ta\u015f\u0131mac\u0131l\u0131\u011f\u0131 da iste\u011fe ba\u011fl\u0131d\u0131r.<\/p>\n\n\n\n<p><strong>Q5. Led \u0131\u015f\u0131k sipari\u015fine nas\u0131l devam edilir?<\/strong><strong><\/strong><\/p>\n\n\n\n<p>A:<\/p>\n\n\n\n<p>\u00d6ncelikle gereksinimlerinizi veya ba\u015fvurunuzu bize bildirin.<\/p>\n\n\n\n<p>\u0130kinci olarak, gereksinimlerinize veya \u00f6nerilerimize g\u00f6re teklif veriyoruz.<\/p>\n\n\n\n<p>\u00dc\u00e7\u00fcnc\u00fc olarak, m\u00fc\u015fteri numuneleri onaylar ve resmi sipari\u015f i\u00e7in depozito yat\u0131r\u0131r.<\/p>\n\n\n\n<p>D\u00f6rd\u00fcnc\u00fc olarak, \u00fcretimi d\u00fczenliyoruz.<\/p>\n\n\n\n<p><strong>S6.Benimkini yazd\u0131rmak sorun olur mu <\/strong><strong>LOGO<\/strong><strong>&nbsp;led \u0131\u015f\u0131k \u00fcr\u00fcn\u00fcnde?<\/strong><strong><\/strong><\/p>\n\n\n\n<p>C: Evet, l\u00fctfen \u00fcretimimizden \u00f6nce bizi resmi olarak bilgilendirin ve \u00f6ncelikle \u00f6rne\u011fimize g\u00f6re tasar\u0131m\u0131 onaylay\u0131n.<\/p>\n\n\n\n<p><strong>S7: \u00dcr\u00fcnler i\u00e7in garanti sunuyor musunuz?<\/strong><strong><\/strong><\/p>\n\n\n\n<p>C: Evet, \u00fcr\u00fcnlerimiz i\u00e7in 2-5 y\u0131l garanti sunuyoruz.<\/p>\n\n\n\n<p><strong>S8: Ar\u0131zal\u0131 \u00fcr\u00fcnle nas\u0131l ba\u015fa \u00e7\u0131k\u0131l\u0131r?<\/strong><strong><\/strong><\/p>\n\n\n\n<p>A:<\/p>\n\n\n\n<p>\u00d6ncelikle, \u00fcr\u00fcnlerimiz dinstrict kalite kontrol sistemi \u00fcretmektedir ve kusurlu oran 0.2%'den az olacakt\u0131r.<\/p>\n\n\n\n<p>\u0130kinci olarak, garanti s\u00fcresi boyunca, k\u00f6t\u00fc par\u00e7ay\u0131 de\u011fi\u015ftirmek i\u00e7in par\u00e7alar sa\u011flayaca\u011f\u0131z. Toplu sipari\u015fler i\u00e7in, savunmas\u0131z par\u00e7alar\u0131 \u00f6nceden sa\u011flayaca\u011f\u0131z veya ger\u00e7ek duruma g\u00f6re geri \u00e7a\u011f\u0131rma dahil \u00e7\u00f6z\u00fcmleri tart\u0131\u015fabiliriz.<\/p>\n\n\n\n<h2 class=\"wp-block-heading\">\u0130lgili \u00dcr\u00fcnler<\/h2>\n\n\n\n<div class=\"wp-block-uagb-container uagb-block-66e4defc alignfull uagb-is-root-container\"><div class=\"uagb-container-inner-blocks-wrap\">\n<div class=\"wp-block-uagb-container uagb-block-a42945f9\">\n<div class=\"wp-block-uagb-image uagb-block-7296296b wp-block-uagb-image--layout-default wp-block-uagb-image--effect-static wp-block-uagb-image--align-none\"><figure class=\"wp-block-uagb-image__figure\"><a class=\"\" href=\"https:\/\/led.amasly.com\/tr\/products\/explosion-proof-lights\/\" target=\"\" rel=\"noopener\"><img decoding=\"async\" srcset=\"https:\/\/led.amasly.com\/wp-content\/uploads\/2024\/09\/Explosion-proof-high-bay-lights.png ,https:\/\/led.amasly.com\/wp-content\/uploads\/2024\/09\/Explosion-proof-high-bay-lights.png 780w, https:\/\/led.amasly.com\/wp-content\/uploads\/2024\/09\/Explosion-proof-high-bay-lights.png 360w\" sizes=\"auto, (max-width: 480px) 150px\" src=\"https:\/\/led.amasly.com\/wp-content\/uploads\/2024\/09\/Explosion-proof-high-bay-lights.png\" alt=\"\" class=\"uag-image-1495\" width=\"300\" height=\"300\" title=\"Patlamaya dayan\u0131kl\u0131 y\u00fcksek tavan lambalar\u0131\" loading=\"lazy\" role=\"img\"><\/a><\/figure><\/div>\n<\/div>\n\n\n\n<div class=\"wp-block-uagb-container uagb-block-4d3efde5\">\n<div class=\"wp-block-uagb-image uagb-block-c9e90797 wp-block-uagb-image--layout-default wp-block-uagb-image--effect-static wp-block-uagb-image--align-none\"><figure class=\"wp-block-uagb-image__figure\"><a class=\"\" href=\"https:\/\/led.amasly.com\/tr\/products\/ex-proof-electrical-appliance\/\" target=\"\" rel=\"noopener\"><img decoding=\"async\" srcset=\"https:\/\/led.amasly.com\/wp-content\/uploads\/2025\/01\/Explosion-proof-axial-flow-fan.jpg ,https:\/\/led.amasly.com\/wp-content\/uploads\/2025\/01\/Explosion-proof-axial-flow-fan.jpg 780w, https:\/\/led.amasly.com\/wp-content\/uploads\/2025\/01\/Explosion-proof-axial-flow-fan.jpg 360w\" sizes=\"auto, (max-width: 480px) 150px\" src=\"https:\/\/led.amasly.com\/wp-content\/uploads\/2025\/01\/Explosion-proof-axial-flow-fan.jpg\" alt=\"Ex-Proof Electrical Appliance\" class=\"uag-image-1767\" width=\"300\" height=\"300\" title=\"Patlamaya dayan\u0131kl\u0131 eksenel ak\u0131\u015fl\u0131 fan\" loading=\"lazy\" role=\"img\"\/><\/a><\/figure><\/div>\n<\/div>\n\n\n\n<div class=\"wp-block-uagb-container uagb-block-11c2578b\">\n<div class=\"wp-block-uagb-image uagb-block-6e8883aa wp-block-uagb-image--layout-default wp-block-uagb-image--effect-static wp-block-uagb-image--align-none\"><figure class=\"wp-block-uagb-image__figure\"><a class=\"\" href=\"https:\/\/led.amasly.com\/tr\/products\/explosion-proof-lights\/\" target=\"\" rel=\"noopener\"><img decoding=\"async\" srcset=\"https:\/\/led.amasly.com\/wp-content\/uploads\/2024\/09\/LED-Explosion-Proof-Gas-Station-Light.png ,https:\/\/led.amasly.com\/wp-content\/uploads\/2024\/09\/LED-Explosion-Proof-Gas-Station-Light.png 780w, https:\/\/led.amasly.com\/wp-content\/uploads\/2024\/09\/LED-Explosion-Proof-Gas-Station-Light.png 360w\" sizes=\"auto, (max-width: 480px) 150px\" src=\"https:\/\/led.amasly.com\/wp-content\/uploads\/2024\/09\/LED-Explosion-Proof-Gas-Station-Light.png\" alt=\"\" class=\"uag-image-1501\" width=\"300\" height=\"300\" title=\"LED Patlamaya Dayan\u0131kl\u0131 Benzin \u0130stasyonu I\u015f\u0131\u011f\u0131\" loading=\"lazy\" role=\"img\"><\/a><\/figure><\/div>\n<\/div>\n<\/div><\/div>\n\n\n\n<div class=\"wp-block-uagb-container uagb-block-548945b5 alignfull uagb-is-root-container\"><div class=\"uagb-container-inner-blocks-wrap\">\n<div class=\"wp-block-uagb-container uagb-block-967755d5\">\n<h4 class=\"wp-block-heading has-text-align-center\"><a href=\"https:\/\/led.amasly.com\/tr\/products\/explosion-proof-lights\/\">LED Patlamaya Dayan\u0131kl\u0131 I\u015f\u0131klar<\/a><\/h4>\n<\/div>\n\n\n\n<div class=\"wp-block-uagb-container uagb-block-9bc52fc2\">\n<h4 class=\"wp-block-heading has-text-align-center\"><a href=\"https:\/\/led.amasly.com\/tr\/products\/ex-proof-electrical-appliance\/\">Ex-Proof Elektrikli Aletler<\/a><\/h4>\n<\/div>\n\n\n\n<div class=\"wp-block-uagb-container uagb-block-8ffa0a23\">\n<h4 class=\"wp-block-heading has-text-align-center\"><a href=\"https:\/\/led.amasly.com\/tr\/products\/explosion-proof-lights\/\">Patlamaya Dayan\u0131kl\u0131 Benzin \u0130stasyonu I\u015f\u0131klar\u0131<\/a><\/h4>\n<\/div>\n<\/div><\/div>\n\n\n\n<div class=\"wp-block-uagb-container uagb-block-29499fe0 alignfull uagb-is-root-container\"><div class=\"uagb-container-inner-blocks-wrap\">\n<div class=\"wp-block-uagb-container uagb-block-777ee1c7\">\n<div class=\"wp-block-uagb-image uagb-block-2e9a1851 wp-block-uagb-image--layout-default wp-block-uagb-image--effect-static wp-block-uagb-image--align-none\"><figure class=\"wp-block-uagb-image__figure\"><a class=\"\" href=\"https:\/\/led.amasly.com\/tr\/products\/led-flood-lights\/\" target=\"\" rel=\"noopener\"><img decoding=\"async\" srcset=\"https:\/\/led.amasly.com\/wp-content\/uploads\/2024\/10\/50W-100W-150W-200W-300W-LED-Flood-Light.jpg ,https:\/\/led.amasly.com\/wp-content\/uploads\/2024\/10\/50W-100W-150W-200W-300W-LED-Flood-Light.jpg 780w, https:\/\/led.amasly.com\/wp-content\/uploads\/2024\/10\/50W-100W-150W-200W-300W-LED-Flood-Light.jpg 360w\" sizes=\"auto, (max-width: 480px) 150px\" src=\"https:\/\/led.amasly.com\/wp-content\/uploads\/2024\/10\/50W-100W-150W-200W-300W-LED-Flood-Light.jpg\" alt=\"\" class=\"uag-image-1526\" width=\"300\" height=\"300\" title=\"50W 100W 150W 200W 300W LED Ta\u015fk\u0131n I\u015f\u0131k\" loading=\"lazy\" role=\"img\"><\/a><\/figure><\/div>\n<\/div>\n\n\n\n<div class=\"wp-block-uagb-container uagb-block-af8c8683\">\n<div class=\"wp-block-uagb-image uagb-block-67947854 wp-block-uagb-image--layout-default wp-block-uagb-image--effect-static wp-block-uagb-image--align-none\"><figure class=\"wp-block-uagb-image__figure\"><a class=\"\" href=\"https:\/\/led.amasly.com\/tr\/products\/led-high-bay-light\/\" target=\"\" rel=\"noopener\"><img decoding=\"async\" srcset=\"https:\/\/led.amasly.com\/wp-content\/uploads\/2025\/05\/high-bay-light.webp ,https:\/\/led.amasly.com\/wp-content\/uploads\/2025\/05\/high-bay-light.webp 780w, https:\/\/led.amasly.com\/wp-content\/uploads\/2025\/05\/high-bay-light.webp 360w\" sizes=\"auto, (max-width: 480px) 150px\" src=\"https:\/\/led.amasly.com\/wp-content\/uploads\/2025\/05\/high-bay-light.webp\" alt=\"\" class=\"uag-image-3954\" width=\"300\" height=\"300\" title=\"y\u00fcksek defne \u0131\u015f\u0131\u011f\u0131\" loading=\"lazy\" role=\"img\"><\/a><\/figure><\/div>\n<\/div>\n\n\n\n<div class=\"wp-block-uagb-container uagb-block-0fdfdd58\">\n<div class=\"wp-block-uagb-image uagb-block-1187d32d wp-block-uagb-image--layout-default wp-block-uagb-image--effect-static wp-block-uagb-image--align-none\"><figure class=\"wp-block-uagb-image__figure\"><a class=\"\" href=\"https:\/\/led.amasly.com\/tr\/products\/\" target=\"\" rel=\"noopener\"><img decoding=\"async\" srcset=\"https:\/\/led.amasly.com\/wp-content\/uploads\/2024\/07\/LED-street-light.jpg ,https:\/\/led.amasly.com\/wp-content\/uploads\/2024\/07\/LED-street-light.jpg 780w, https:\/\/led.amasly.com\/wp-content\/uploads\/2024\/07\/LED-street-light.jpg 360w\" sizes=\"auto, (max-width: 480px) 150px\" src=\"https:\/\/led.amasly.com\/wp-content\/uploads\/2024\/07\/LED-street-light.jpg\" alt=\"\" class=\"uag-image-1145\" width=\"300\" height=\"300\" title=\"LED-sokak-\u0131\u015f\u0131\u011f\u0131\" loading=\"lazy\" role=\"img\"><\/a><\/figure><\/div>\n<\/div>\n<\/div><\/div>\n\n\n\n<div class=\"wp-block-uagb-container uagb-block-6a60882c alignfull uagb-is-root-container\"><div class=\"uagb-container-inner-blocks-wrap\">\n<div class=\"wp-block-uagb-container uagb-block-f1e91a35\">\n<h4 class=\"wp-block-heading has-text-align-center\"><a href=\"https:\/\/led.amasly.com\/tr\/products\/led-flood-lights\/\">LED Sel I\u015f\u0131klar\u0131<\/a><\/h4>\n<\/div>\n\n\n\n<div class=\"wp-block-uagb-container uagb-block-165bfa58\">\n<h4 class=\"wp-block-heading has-text-align-center\"><a href=\"https:\/\/led.amasly.com\/tr\/products\/led-high-bay-light\/\">LED Y\u00fcksek Bay I\u015f\u0131klar<\/a><\/h4>\n<\/div>\n\n\n\n<div class=\"wp-block-uagb-container uagb-block-f6096e3b\">\n<h4 class=\"wp-block-heading has-text-align-center\"><a href=\"https:\/\/led.amasly.com\/tr\/products\/https:\/\/led.amasly.com\/products\/led-street-lights\/\">LED Sokak Lambalar\u0131<\/a><\/h4>\n<\/div>\n<\/div><\/div>\n\n\n\n<div class=\"wp-block-uagb-container uagb-block-99c0e0a5 alignfull uagb-is-root-container\"><div class=\"uagb-container-inner-blocks-wrap\"><\/div><\/div>","protected":false},"excerpt":{"rendered":"<p>LED Explosion Proof Strip Lights Content Contact Scope of application 1. widely used in oil mining, oil refining, chemical, military and other dangerous environmental places of the factory and road lighting 2. suitable for coastal, river and other wind pressure, wind speed environment; 3. suitable for thousands of explosive gas environment of zone 1, zone [&hellip;]<\/p>\n","protected":false},"author":1,"featured_media":0,"parent":1156,"menu_order":2,"comment_status":"closed","ping_status":"closed","template":"","meta":{"_uag_custom_page_level_css":"","site-sidebar-layout":"no-sidebar","site-content-layout":"","ast-site-content-layout":"default","site-content-style":"default","site-sidebar-style":"default","ast-global-header-display":"","ast-banner-title-visibility":"","ast-main-header-display":"","ast-hfb-above-header-display":"","ast-hfb-below-header-display":"","ast-hfb-mobile-header-display":"","site-post-title":"disabled","ast-breadcrumbs-content":"","ast-featured-img":"","footer-sml-layout":"","ast-disable-related-posts":"","theme-transparent-header-meta":"enabled","adv-header-id-meta":"","stick-header-meta":"","header-above-stick-meta":"","header-main-stick-meta":"","header-below-stick-meta":"","astra-migrate-meta-layouts":"set","ast-page-background-enabled":"default","ast-page-background-meta":{"desktop":{"background-color":"var(--ast-global-color-4)","background-image":"","background-repeat":"repeat","background-position":"center center","background-size":"auto","background-attachment":"scroll","background-type":"","background-media":"","overlay-type":"","overlay-color":"","overlay-opacity":"","overlay-gradient":""},"tablet":{"background-color":"","background-image":"","background-repeat":"repeat","background-position":"center center","background-size":"auto","background-attachment":"scroll","background-type":"","background-media":"","overlay-type":"","overlay-color":"","overlay-opacity":"","overlay-gradient":""},"mobile":{"background-color":"","background-image":"","background-repeat":"repeat","background-position":"center center","background-size":"auto","background-attachment":"scroll","background-type":"","background-media":"","overlay-type":"","overlay-color":"","overlay-opacity":"","overlay-gradient":""}},"ast-content-background-meta":{"desktop":{"background-color":"var(--ast-global-color-5)","background-image":"","background-repeat":"repeat","background-position":"center center","background-size":"auto","background-attachment":"scroll","background-type":"","background-media":"","overlay-type":"","overlay-color":"","overlay-opacity":"","overlay-gradient":""},"tablet":{"background-color":"var(--ast-global-color-5)","background-image":"","background-repeat":"repeat","background-position":"center center","background-size":"auto","background-attachment":"scroll","background-type":"","background-media":"","overlay-type":"","overlay-color":"","overlay-opacity":"","overlay-gradient":""},"mobile":{"background-color":"var(--ast-global-color-5)","background-image":"","background-repeat":"repeat","background-position":"center center","background-size":"auto","background-attachment":"scroll","background-type":"","background-media":"","overlay-type":"","overlay-color":"","overlay-opacity":"","overlay-gradient":""}},"footnotes":"[]"},"class_list":["post-1685","page","type-page","status-publish","hentry"],"uagb_featured_image_src":{"full":false,"thumbnail":false,"medium":false,"medium_large":false,"large":false,"1536x1536":false,"2048x2048":false,"trp-custom-language-flag":false},"uagb_author_info":{"display_name":"Joe","author_link":"https:\/\/led.amasly.com\/tr\/author\/jacklin\/"},"uagb_comment_info":0,"uagb_excerpt":"LED Explosion Proof Strip Lights Content Contact Scope of application 1. widely used in oil mining, oil refining, chemical, military and other dangerous environmental places of the factory and road lighting 2. suitable for coastal, river and other wind pressure, wind speed environment; 3. suitable for thousands of explosive gas environment of zone 1, zone&hellip;","_links":{"self":[{"href":"https:\/\/led.amasly.com\/tr\/wp-json\/wp\/v2\/pages\/1685","targetHints":{"allow":["GET"]}}],"collection":[{"href":"https:\/\/led.amasly.com\/tr\/wp-json\/wp\/v2\/pages"}],"about":[{"href":"https:\/\/led.amasly.com\/tr\/wp-json\/wp\/v2\/types\/page"}],"author":[{"embeddable":true,"href":"https:\/\/led.amasly.com\/tr\/wp-json\/wp\/v2\/users\/1"}],"replies":[{"embeddable":true,"href":"https:\/\/led.amasly.com\/tr\/wp-json\/wp\/v2\/comments?post=1685"}],"version-history":[{"count":4,"href":"https:\/\/led.amasly.com\/tr\/wp-json\/wp\/v2\/pages\/1685\/revisions"}],"predecessor-version":[{"id":4517,"href":"https:\/\/led.amasly.com\/tr\/wp-json\/wp\/v2\/pages\/1685\/revisions\/4517"}],"up":[{"embeddable":true,"href":"https:\/\/led.amasly.com\/tr\/wp-json\/wp\/v2\/pages\/1156"}],"wp:attachment":[{"href":"https:\/\/led.amasly.com\/tr\/wp-json\/wp\/v2\/media?parent=1685"}],"curies":[{"name":"wp","href":"https:\/\/api.w.org\/{rel}","templated":true}]}}