{"id":4971,"date":"2026-02-05T23:13:44","date_gmt":"2026-02-05T15:13:44","guid":{"rendered":"https:\/\/led.amasly.com\/?page_id=4971"},"modified":"2026-02-05T23:13:47","modified_gmt":"2026-02-05T15:13:47","slug":"20-60w-explosion-proof-led-linear-light-analysis-selection-and-installation-guide","status":"publish","type":"page","link":"https:\/\/led.amasly.com\/sk\/knowledge\/explosion-proof-products-knowledge\/20-60w-explosion-proof-led-linear-light-analysis-selection-and-installation-guide\/","title":{"rendered":"20-60W led line\u00e1rne svetlo odoln\u00e9 proti v\u00fdbuchu Anal\u00fdza, v\u00fdber a sprievodca in\u0161tal\u00e1ciou"},"content":{"rendered":"<div class=\"wp-block-uagb-container uagb-block-27bae773 alignfull uagb-is-root-container\"><div class=\"uagb-container-inner-blocks-wrap\"><\/div><\/div>\n\n\n\n<h1 class=\"wp-block-heading has-text-align-center\"><strong>20-60w led line\u00e1rne svetlo odoln\u00e9 proti v\u00fdbuchu<\/strong><strong>&nbsp;Anal\u00fdza, v\u00fdber a in\u0161tal\u00e1cia<\/strong><strong><\/strong><\/h1>\n\n\n\n<p>Existuje mnoho <strong>20-60w LED line\u00e1rne svetlo odoln\u00e9 proti v\u00fdbuchu<\/strong>. Ako si vybra\u0165? Tento \u010dl\u00e1nok poskytuje podrobn\u00fd preh\u013ead nieko\u013ek\u00fdch be\u017en\u00fdch nev\u00fdbu\u0161n\u00fdch line\u00e1rnych LED svietidiel a pon\u00faka komplexn\u00fa anal\u00fdzu a porovnanie vlastnost\u00ed, materi\u00e1lov, \u0161pecifik\u00e1ci\u00ed, rozmerov, sp\u00f4sobov in\u0161tal\u00e1cie a prostred\u00ed pou\u017eitia. Porad\u00ed v\u00e1m, ako si vybra\u0165 spr\u00e1vne nev\u00fdbu\u0161n\u00e9 line\u00e1rne LED svietidlo:<\/p>\n\n\n\n<h2 class=\"wp-block-heading\">1.\u00a0<strong>20-60W LED line\u00e1rne svetlo odoln\u00e9 proti v\u00fdbuchu: LED \u017eiarivka odoln\u00e1 vo\u010di kor\u00f3zii, odoln\u00e1 vo\u010di v\u00fdbuchu, celoplastov\u00e1<\/strong><\/h2>\n\n\n\n<div class=\"wp-block-uagb-image uagb-block-a0378858 wp-block-uagb-image--layout-default wp-block-uagb-image--effect-static wp-block-uagb-image--align-none\"><figure class=\"wp-block-uagb-image__figure\"><img decoding=\"async\" srcset=\"https:\/\/led.amasly.com\/wp-content\/uploads\/2026\/02\/Explosion-proof-linear-fluorescence-lights.png ,https:\/\/led.amasly.com\/wp-content\/uploads\/2026\/02\/Explosion-proof-linear-fluorescence-lights.png 780w, https:\/\/led.amasly.com\/wp-content\/uploads\/2026\/02\/Explosion-proof-linear-fluorescence-lights.png 360w\" sizes=\"auto, (max-width: 480px) 150px\" src=\"https:\/\/led.amasly.com\/wp-content\/uploads\/2026\/02\/Explosion-proof-linear-fluorescence-lights.png\" alt=\"\" class=\"uag-image-4972\" width=\"300\" height=\"300\" title=\"Line\u00e1rne fluorescen\u010dn\u00e9 svetl\u00e1 odoln\u00e9 proti v\u00fdbuchu\" loading=\"lazy\" role=\"img\"><\/figure><\/div>\n\n\n\n<h3 class=\"wp-block-heading\"><strong>Vlastnosti:<\/strong><strong><\/strong><\/h3>\n\n\n\n<p>Vstrekovan\u00fd kryt z polykarbon\u00e1tovej zliatiny, ktor\u00fd sa vyzna\u010duje vysokou odolnos\u0165ou proti n\u00e1razu, odolnos\u0165ou proti vysok\u00fdm teplot\u00e1m, odolnos\u0165ou proti chladu a silnou odolnos\u0165ou proti kor\u00f3zii;<\/p>\n\n\n\n<p>Vstrekovan\u00e1 \u0161o\u0161ovka z polykarbon\u00e1tov\u00e9ho materi\u00e1lu s vysokou priepustnos\u0165ou svetla, schopn\u00e1 odola\u0165 siln\u00fdm n\u00e1razom, s rebrovan\u00fdm dizajnom \u00fa\u010dinne zabra\u0148uj\u00facim oslneniu;<\/p>\n\n\n\n<p>Modul n\u00fadzov\u00e9ho osvetlenia je k dispoz\u00edcii na po\u017eiadanie; po\u010das v\u00fdpadku pr\u00fadu sa automaticky prepne do n\u00fadzov\u00e9ho re\u017eimu;<\/p>\n\n\n\n<p>Rozmery: 0,6 m a 1,2 m<\/p>\n\n\n\n<p>V\u00fdkon: 9W, 18W, 30W, 36W, 2x9W, 2x18W, 2x30W, 2x36W<\/p>\n\n\n\n<p>Nap\u00e4tie: AC110V, AC220V<\/p>\n\n\n\n<p>Hodnotenie odolnosti proti v\u00fdbuchu: Ex db eb \u2161C T6 Gb \/ Ex tb \u2162C T80\u2103 Db *Ex db eb mb \u2161C T6 Gb \/ Ex tb \u2162C T80\u2103 Db<\/p>\n\n\n\n<p>Stupe\u0148 ochrany: IP66<\/p>\n\n\n\n<p>Sp\u00f4soby mont\u00e1\u017ee: Mont\u00e1\u017e na strop, z\u00e1vesn\u00e1 ty\u010d, mont\u00e1\u017e na stenu, zavesenie na re\u0165az, zakriven\u00e1 ty\u010d, mont\u00e1\u017e na pr\u00edrubu, mont\u00e1\u017e na ko\u013eajnicu<\/p>\n\n\n\n<p>Pou\u017eitie: V\u00fdrobok je vhodn\u00fd na pou\u017eitie v tov\u00e1r\u0148ach, na uliciach, v skladoch, diel\u0148ach a na in\u00fdch miestach.<\/p>\n\n\n\n<h2 class=\"wp-block-heading\">2.\u00a0<strong>20-60W LED line\u00e1rne svetlo odoln\u00e9 proti v\u00fdbuchu: LED di\u00f3dy: nev\u00fdbu\u0161n\u00e9 trubicov\u00e9 svetlo<\/strong><\/h2>\n\n\n\n<figure class=\"wp-block-image aligncenter size-full\"><img decoding=\"async\" width=\"300\" height=\"300\" src=\"https:\/\/led.amasly.com\/wp-content\/uploads\/2026\/02\/Explosion-proof-tube-light.jpg\" alt=\"\" class=\"wp-image-4973\" title=\"\" srcset=\"https:\/\/led.amasly.com\/wp-content\/uploads\/2026\/02\/Explosion-proof-tube-light.jpg 300w, https:\/\/led.amasly.com\/wp-content\/uploads\/2026\/02\/Explosion-proof-tube-light-150x150.jpg 150w, https:\/\/led.amasly.com\/wp-content\/uploads\/2026\/02\/Explosion-proof-tube-light-12x12.jpg 12w\" sizes=\"(max-width: 300px) 100vw, 300px\" \/><\/figure>\n\n\n\n<h3 class=\"wp-block-heading\"><strong>Vlastnosti:<\/strong><strong><\/strong><\/h3>\n\n\n\n<p>B\u00fdvanie: Sklenen\u00e9 puzdro: odliatok z hlin\u00edkovej zliatiny s tryskan\u00fdm povrchom a vysokotlakov\u00fdm elektrostatick\u00fdm pr\u00e1\u0161kov\u00fdm lakovan\u00edm;<\/p>\n\n\n\n<p>Prieh\u013eadn\u00e1 r\u00farka: Vysokopevnostn\u00e9 tvrden\u00e9 sklo;<\/p>\n\n\n\n<p>Odkryt\u00e9 spojovacie prvky: Nerezov\u00e1 oce\u013e s vysokou odolnos\u0165ou proti kor\u00f3zii;<\/p>\n\n\n\n<p>Je vybaven\u00fd mrie\u017ekou na optimaliz\u00e1ciu distrib\u00facie svetla a zn\u00ed\u017eenie oslnenia;<\/p>\n\n\n\n<p>Kryt dosahuje stupe\u0148 krytia IP66, tak\u017ee \u00fa\u010dinne odol\u00e1va siln\u00e9mu da\u017e\u010fu;<\/p>\n\n\n\n<p>Rozmery: 0,6 m a 1,2 m<\/p>\n\n\n\n<p>V\u00fdkon: 9W, 18W, 36W, 2x9W, 2x18W, 2x30W, 2x36W<\/p>\n\n\n\n<p>Nap\u00e4tie: AC110V, AC220V<\/p>\n\n\n\n<p>Hodnotenie odolnosti proti v\u00fdbuchu: Ex nRIIC T6 GcEx tb lC T80\u00b0C Db<\/p>\n\n\n\n<p>Stupe\u0148 ochrany: IP66<\/p>\n\n\n\n<p>Mo\u017enosti mont\u00e1\u017ee: Mont\u00e1\u017e na strop, na st\u013ap, na stenu, na re\u0165az, na zakriven\u00e9 rameno, na pr\u00edrubu, na z\u00e1bradlie<\/p>\n\n\n\n<p>Aplik\u00e1cie: Pou\u017eitie: \u0160irok\u00e9 pou\u017eitie na pracovn\u00e9 osvetlenie v ropn\u00fdch, chemick\u00fdch, pr\u00edstavn\u00fdch, leteck\u00fdch a vojensk\u00fdch zariadeniach;<\/p>\n\n\n\n<p>Vhodn\u00e9 do prostredia, ktor\u00e9 si vy\u017eaduje vysok\u00fa odolnos\u0165 vo\u010di vlhkosti a ochranu proti kor\u00f3zii.<\/p>\n\n\n\n<h2 class=\"wp-block-heading\">3.\u00a0<strong>20-60W LED line\u00e1rne svetlo odoln\u00e9 proti v\u00fdbuchu: Nev\u00fdbu\u0161n\u00e9 \u010dist\u00e9 \u017eiarivkov\u00e9 svetlo<\/strong><\/h2>\n\n\n\n<figure class=\"wp-block-image aligncenter size-full\"><img decoding=\"async\" width=\"300\" height=\"300\" src=\"https:\/\/led.amasly.com\/wp-content\/uploads\/2026\/02\/Explosion-proof-linear-light.png\" alt=\"\" class=\"wp-image-4974\" title=\"\" srcset=\"https:\/\/led.amasly.com\/wp-content\/uploads\/2026\/02\/Explosion-proof-linear-light.png 300w, https:\/\/led.amasly.com\/wp-content\/uploads\/2026\/02\/Explosion-proof-linear-light-150x150.png 150w, https:\/\/led.amasly.com\/wp-content\/uploads\/2026\/02\/Explosion-proof-linear-light-12x12.png 12w\" sizes=\"(max-width: 300px) 100vw, 300px\" \/><\/figure>\n\n\n\n<h3 class=\"wp-block-heading\"><strong>Vlastnosti:<\/strong><strong><\/strong><\/h3>\n\n\n\n<p>Kryt je vytvoren\u00fd oh\u00fdban\u00edm oce\u013eov\u00fdch plechov s vysokotlakovou elektrostatickou pr\u00e1\u0161kovou povrchovou \u00fapravou;<\/p>\n\n\n\n<p>Na po\u017eiadanie je k dispoz\u00edcii puzdro z nehrdzavej\u00facej ocele s le\u0161tenou povrchovou \u00fapravou;<\/p>\n\n\n\n<p>Kryt a tlakov\u00fd r\u00e1m s\u00fa spojen\u00e9 vn\u00fatorn\u00fdm re\u0165azov\u00fdm mechanizmom s v\u00fdklopn\u00fdm vn\u00fatorn\u00fdm reflektorom na pohodln\u00e9 zapojenie;<\/p>\n\n\n\n<p>Upev\u0148ovacie skrutky obsahuj\u00fa opatrenia proti vypadnutiu, \u010do zjednodu\u0161uje demont\u00e1\u017e krytu pri \u00fadr\u017ebe;<\/p>\n\n\n\n<p>Vyzna\u010duje sa jedine\u010dnou kon\u0161trukciou s dvojit\u00fdm tesnen\u00edm jazyka na dosiahnutie vynikaj\u00facej vodotesnosti a odolnosti proti prachu;<\/p>\n\n\n\n<p>Na po\u017eiadanie m\u00f4\u017ee by\u0165 vybaven\u00e9 n\u00fadzov\u00fdm zariaden\u00edm, ktor\u00e9 sa automaticky prepne do re\u017eimu n\u00fadzov\u00e9ho osvetlenia po\u010das v\u00fdpadku pr\u00fadu;<\/p>\n\n\n\n<p>Rozmery: 0,6 m a 1,2 m<\/p>\n\n\n\n<p>V\u00fdkon: 9W, 18W, 36W, 2x9W, 2x18W, 2x30W, 2x36W<\/p>\n\n\n\n<p>Nap\u00e4tie: AC110V, AC220V<\/p>\n\n\n\n<p>Hodnotenie odolnosti proti v\u00fdbuchu: Ex d e \u2161C T6 Gb \/ Ex d e mb \u2161C T4 Gb<\/p>\n\n\n\n<p>Stupe\u0148 ochrany: IP66<\/p>\n\n\n\n<p>Mo\u017enosti mont\u00e1\u017ee: Povrchov\u00e1 alebo zapusten\u00e1 mont\u00e1\u017e<\/p>\n\n\n\n<h2 class=\"wp-block-heading\">4.\u00a0<strong>20-60W LED line\u00e1rne svetlo odoln\u00e9 proti v\u00fdbuchu: Nev\u00fdbu\u0161n\u00e9 p\u00e1sov\u00e9 svetlo<\/strong><\/h2>\n\n\n\n<figure class=\"wp-block-image aligncenter size-full\"><img decoding=\"async\" width=\"710\" height=\"710\" src=\"https:\/\/led.amasly.com\/wp-content\/uploads\/2026\/02\/Explosion-proof-linear-lights.jpg\" alt=\"20-60w\u00a0Explosion proof LED Linear Light\" class=\"wp-image-4975\" title=\"\" srcset=\"https:\/\/led.amasly.com\/wp-content\/uploads\/2026\/02\/Explosion-proof-linear-lights.jpg 710w, https:\/\/led.amasly.com\/wp-content\/uploads\/2026\/02\/Explosion-proof-linear-lights-300x300.jpg 300w, https:\/\/led.amasly.com\/wp-content\/uploads\/2026\/02\/Explosion-proof-linear-lights-150x150.jpg 150w, https:\/\/led.amasly.com\/wp-content\/uploads\/2026\/02\/Explosion-proof-linear-lights-12x12.jpg 12w\" sizes=\"(max-width: 710px) 100vw, 710px\" \/><\/figure>\n\n\n\n<h3 class=\"wp-block-heading\"><strong>Vlastnosti:<\/strong><strong><\/strong><\/h3>\n\n\n\n<p>Puzdro z vysoko \u010dist\u00e9ho hlin\u00edka s eloxovanou povrchovou \u00fapravou pre vynikaj\u00facu tepeln\u00fa vodivos\u0165 a odolnos\u0165 proti kor\u00f3zii;<\/p>\n\n\n\n<p>Dif\u00fazor z prvotriedneho PC materi\u00e1lu s technol\u00f3giou rozptylu svetla zabezpe\u010duje optim\u00e1lne rozlo\u017eenie svetla, \u010d\u00edm \u00fa\u010dinne eliminuje oslnenie a zabezpe\u010duje rovnomern\u00e9 a m\u00e4kk\u00e9 osvetlenie;<\/p>\n\n\n\n<p>\u0160peci\u00e1lna kon\u0161trukcia u\u013eah\u010duje \u00fa\u010dinn\u00fd odvod tepla z prev\u00e1dzky LED di\u00f3d, \u010d\u00edm sa zachov\u00e1va st\u00e1ly v\u00fdkon sveteln\u00e9ho zdroja;<\/p>\n\n\n\n<p>Modul n\u00fadzov\u00e9ho osvetlenia je k dispoz\u00edcii na po\u017eiadanie; po\u010das v\u00fdpadku pr\u00fadu sa automaticky prepne do n\u00fadzov\u00e9ho re\u017eimu;<\/p>\n\n\n\n<p>Rozmery: 0.3m. 0,6 m, 0,9 m<\/p>\n\n\n\n<p>V\u00fdkon: 20 W, 30 W, 40 W, 50 W, 60 W<\/p>\n\n\n\n<p>Hodnotenie odolnosti proti v\u00fdbuchu: <a href=\"http:\/\/www.iecex.com\" rel=\"nofollow noopener\" target=\"_blank\">Ex d Mb II C T6 Gb<\/a><\/p>\n\n\n\n<p>Stupe\u0148 ochrany: IP66<\/p>\n\n\n\n<p>Nap\u00e4tie: STRIEDAV\u00c9 NAP\u00c4TIE 12 V, 24 V, 36 V; STRIEDAV\u00c9 NAP\u00c4TIE 110 V; STRIEDAV\u00c9 NAP\u00c4TIE 220 V<\/p>\n\n\n\n<p>Mo\u017enosti mont\u00e1\u017ee: Mont\u00e1\u017e: podh\u013ead, z\u00e1vesn\u00e1 ty\u010d, mont\u00e1\u017e na stenu, re\u0165azov\u00fd z\u00e1ves, zakriven\u00e1 ty\u010d, pr\u00edruba, z\u00e1bradlie<\/p>\n\n\n\n<p class=\"has-text-align-left\">Aplik\u00e1cie: <strong>20-60w LED line\u00e1rne svetlo odoln\u00e9 proti v\u00fdbuchu<\/strong> pre riadiace miestnosti, kancel\u00e1rie v ter\u00e9ne, miestnosti s bat\u00e9riami, z\u00f3ny s kvapaln\u00fdm amoniakom, chodn\u00edky v rafin\u00e9rskych ve\u017eiach, chodn\u00edky v skladovac\u00edch n\u00e1dr\u017eiach, chodn\u00edky na plo\u0161in\u00e1ch, kryty \u010derpadiel\/ventilov, chodby pre potrubia, chodn\u00edky v dokoch s nebezpe\u010dn\u00fdmi chemik\u00e1liami a podobn\u00e9 prostredia. Vhodn\u00e9 na miesta s vysokou vlhkos\u0165ou, ktor\u00e9 vy\u017eaduj\u00fa vynikaj\u00facu odolnos\u0165 proti kor\u00f3zii.<\/p>\n\n\n\n<p>Spolo\u010dnos\u0165 Amasly, profesion\u00e1lna zna\u010dka priemyseln\u00e9ho osvetlenia (webov\u00e9 str\u00e1nky: led.amasly.com a amasly.com), sa \u0161pecializuje na v\u00fdskum a v\u00fdvoj, v\u00fdrobu a predaj priemyseln\u00fdch svietidiel. Zameriava sa na trhy juhov\u00fdchodnej \u00c1zie a Bl\u00edzkeho v\u00fdchodu, jej v\u00fdrobky sa pred\u00e1vaj\u00fa vo viac ako 100 krajin\u00e1ch a regi\u00f3noch sveta. V\u0161etky v\u00fdrobky odoln\u00e9 vo\u010di v\u00fdbuchu sp\u013a\u0148aj\u00fa po\u017eiadavky certifik\u00e1cie ATEX. Medzi hlavn\u00e9 ponuky patria: Nev\u00fdbu\u0161n\u00e9 svietidl\u00e1, nev\u00fdbu\u0161n\u00e9 elektrick\u00e9 zariadenia, priemyseln\u00e9\/\u0165a\u017eobn\u00e9 svietidl\u00e1, reflektory, pouli\u010dn\u00e9 svietidl\u00e1, sol\u00e1rne svietidl\u00e1, <strong>20-60w LED line\u00e1rne svetlo odoln\u00e9 proti v\u00fdbuchu<\/strong> at\u010f.<\/p>\n\n\n\n<div class=\"wp-block-uagb-container uagb-block-c7d898dd alignfull uagb-is-root-container\"><div class=\"uagb-container-inner-blocks-wrap\"><\/div><\/div>\n\n\n\n<h2 class=\"wp-block-heading\">S\u00favisiace produkty<\/h2>\n\n\n\n<div class=\"wp-block-uagb-container uagb-block-66e4defc alignfull uagb-is-root-container\"><div class=\"uagb-container-inner-blocks-wrap\">\n<div class=\"wp-block-uagb-container uagb-block-a42945f9\">\n<div class=\"wp-block-uagb-image uagb-block-7296296b wp-block-uagb-image--layout-default wp-block-uagb-image--effect-static wp-block-uagb-image--align-none\"><figure class=\"wp-block-uagb-image__figure\"><a class=\"\" href=\"https:\/\/led.amasly.com\/sk\/products\/\" target=\"\" rel=\"noopener\"><img decoding=\"async\" srcset=\"https:\/\/led.amasly.com\/wp-content\/uploads\/2024\/09\/Explosion-proof-high-bay-lights.png ,https:\/\/led.amasly.com\/wp-content\/uploads\/2024\/09\/Explosion-proof-high-bay-lights.png 780w, https:\/\/led.amasly.com\/wp-content\/uploads\/2024\/09\/Explosion-proof-high-bay-lights.png 360w\" sizes=\"auto, (max-width: 480px) 150px\" src=\"https:\/\/led.amasly.com\/wp-content\/uploads\/2024\/09\/Explosion-proof-high-bay-lights.png\" alt=\"\" class=\"uag-image-1495\" width=\"300\" height=\"300\" title=\"V\u00fdbu\u0161ne odoln\u00e9 vysok\u00e9 svetl\u00e1\" loading=\"lazy\" role=\"img\"><\/a><\/figure><\/div>\n<\/div>\n\n\n\n<div class=\"wp-block-uagb-container uagb-block-4d3efde5\">\n<div class=\"wp-block-uagb-image uagb-block-c9e90797 wp-block-uagb-image--layout-default wp-block-uagb-image--effect-static wp-block-uagb-image--align-none\"><figure class=\"wp-block-uagb-image__figure\"><a class=\"\" href=\"https:\/\/led.amasly.com\/sk\/products\/\" target=\"\" rel=\"noopener\"><img decoding=\"async\" srcset=\"https:\/\/led.amasly.com\/wp-content\/uploads\/2024\/07\/LED-tri-proof-lights2.png ,https:\/\/led.amasly.com\/wp-content\/uploads\/2024\/07\/LED-tri-proof-lights2.png 780w, https:\/\/led.amasly.com\/wp-content\/uploads\/2024\/07\/LED-tri-proof-lights2.png 360w\" sizes=\"auto, (max-width: 480px) 150px\" src=\"https:\/\/led.amasly.com\/wp-content\/uploads\/2024\/07\/LED-tri-proof-lights2.png\" alt=\"\" class=\"uag-image-1132\" width=\"300\" height=\"300\" title=\"LED-tri-odoln\u00e9 svetl\u00e12\" loading=\"lazy\" role=\"img\"><\/a><\/figure><\/div>\n<\/div>\n\n\n\n<div class=\"wp-block-uagb-container uagb-block-11c2578b\">\n<div class=\"wp-block-uagb-image uagb-block-6e8883aa wp-block-uagb-image--layout-default wp-block-uagb-image--effect-static wp-block-uagb-image--align-none\"><figure class=\"wp-block-uagb-image__figure\"><a class=\"\" href=\"https:\/\/led.amasly.com\/sk\/products\/\" target=\"\" rel=\"noopener\"><img decoding=\"async\" srcset=\"https:\/\/led.amasly.com\/wp-content\/uploads\/2024\/09\/LED-Explosion-Proof-Gas-Station-Light.png ,https:\/\/led.amasly.com\/wp-content\/uploads\/2024\/09\/LED-Explosion-Proof-Gas-Station-Light.png 780w, https:\/\/led.amasly.com\/wp-content\/uploads\/2024\/09\/LED-Explosion-Proof-Gas-Station-Light.png 360w\" sizes=\"auto, (max-width: 480px) 150px\" src=\"https:\/\/led.amasly.com\/wp-content\/uploads\/2024\/09\/LED-Explosion-Proof-Gas-Station-Light.png\" alt=\"\" class=\"uag-image-1501\" width=\"300\" height=\"300\" title=\"LED svetlo na \u010derpacej stanici odoln\u00e9 proti v\u00fdbuchu\" loading=\"lazy\" role=\"img\"><\/a><\/figure><\/div>\n<\/div>\n<\/div><\/div>\n\n\n\n<div class=\"wp-block-uagb-container uagb-block-548945b5 alignfull uagb-is-root-container\"><div class=\"uagb-container-inner-blocks-wrap\">\n<div class=\"wp-block-uagb-container uagb-block-967755d5\">\n<h4 class=\"wp-block-heading has-text-align-center\"><a href=\"https:\/\/led.amasly.com\/sk\/products\/\">Svetl\u00e1 LED odoln\u00e9 proti v\u00fdbuchu<\/a><\/h4>\n<\/div>\n\n\n\n<div class=\"wp-block-uagb-container uagb-block-9bc52fc2\">\n<h4 class=\"wp-block-heading has-text-align-center\"><a href=\"https:\/\/led.amasly.com\/sk\/products\/\">Trojit\u00e9 LED osvetlenie<\/a><\/h4>\n<\/div>\n\n\n\n<div class=\"wp-block-uagb-container uagb-block-8ffa0a23\">\n<h4 class=\"wp-block-heading has-text-align-center\"><a href=\"https:\/\/led.amasly.com\/sk\/products\/\">Svetl\u00e1 \u010derpac\u00edch stan\u00edc odoln\u00e9 proti v\u00fdbuchu<\/a><\/h4>\n<\/div>\n<\/div><\/div>\n\n\n\n<div class=\"wp-block-uagb-container uagb-block-29499fe0 alignfull uagb-is-root-container\"><div class=\"uagb-container-inner-blocks-wrap\">\n<div class=\"wp-block-uagb-container uagb-block-777ee1c7\">\n<div class=\"wp-block-uagb-image uagb-block-2e9a1851 wp-block-uagb-image--layout-default wp-block-uagb-image--effect-static wp-block-uagb-image--align-none\"><figure class=\"wp-block-uagb-image__figure\"><a class=\"\" href=\"https:\/\/led.amasly.com\/sk\/products\/\" target=\"\" rel=\"noopener\"><img decoding=\"async\" srcset=\"https:\/\/led.amasly.com\/wp-content\/uploads\/2024\/10\/50W-100W-150W-200W-300W-LED-Flood-Light.jpg ,https:\/\/led.amasly.com\/wp-content\/uploads\/2024\/10\/50W-100W-150W-200W-300W-LED-Flood-Light.jpg 780w, https:\/\/led.amasly.com\/wp-content\/uploads\/2024\/10\/50W-100W-150W-200W-300W-LED-Flood-Light.jpg 360w\" sizes=\"auto, (max-width: 480px) 150px\" src=\"https:\/\/led.amasly.com\/wp-content\/uploads\/2024\/10\/50W-100W-150W-200W-300W-LED-Flood-Light.jpg\" alt=\"\" class=\"uag-image-1526\" width=\"300\" height=\"300\" title=\"50W 100W 150W 200W 300W LED povod\u0148ov\u00e9 svetlo\" loading=\"lazy\" role=\"img\"><\/a><\/figure><\/div>\n<\/div>\n\n\n\n<div class=\"wp-block-uagb-container uagb-block-af8c8683\">\n<div class=\"wp-block-uagb-image uagb-block-67947854 wp-block-uagb-image--layout-default wp-block-uagb-image--effect-static wp-block-uagb-image--align-none\"><figure class=\"wp-block-uagb-image__figure\"><a class=\"\" href=\"https:\/\/led.amasly.com\/sk\/products\/\" target=\"\" rel=\"noopener\"><img decoding=\"async\" srcset=\"https:\/\/led.amasly.com\/wp-content\/uploads\/2024\/07\/led-tri-proof-light.png ,https:\/\/led.amasly.com\/wp-content\/uploads\/2024\/07\/led-tri-proof-light.png 780w, https:\/\/led.amasly.com\/wp-content\/uploads\/2024\/07\/led-tri-proof-light.png 360w\" sizes=\"auto, (max-width: 480px) 150px\" src=\"https:\/\/led.amasly.com\/wp-content\/uploads\/2024\/07\/led-tri-proof-light.png\" alt=\"\" class=\"uag-image-1130\" width=\"300\" height=\"300\" title=\"led-tri-proof-light\" loading=\"lazy\" role=\"img\"><\/a><\/figure><\/div>\n<\/div>\n\n\n\n<div class=\"wp-block-uagb-container uagb-block-0fdfdd58\">\n<div class=\"wp-block-uagb-image uagb-block-1187d32d wp-block-uagb-image--layout-default wp-block-uagb-image--effect-static wp-block-uagb-image--align-none\"><figure class=\"wp-block-uagb-image__figure\"><a class=\"\" href=\"https:\/\/led.amasly.com\/sk\/products\/\" target=\"\" rel=\"noopener\"><img decoding=\"async\" srcset=\"https:\/\/led.amasly.com\/wp-content\/uploads\/2024\/07\/LED-street-light.jpg ,https:\/\/led.amasly.com\/wp-content\/uploads\/2024\/07\/LED-street-light.jpg 780w, https:\/\/led.amasly.com\/wp-content\/uploads\/2024\/07\/LED-street-light.jpg 360w\" sizes=\"auto, (max-width: 480px) 150px\" src=\"https:\/\/led.amasly.com\/wp-content\/uploads\/2024\/07\/LED-street-light.jpg\" alt=\"\" class=\"uag-image-1145\" width=\"300\" height=\"300\" title=\"Uli\u010dn\u00e9 osvetlenie LED\" loading=\"lazy\" role=\"img\"><\/a><\/figure><\/div>\n<\/div>\n<\/div><\/div>\n\n\n\n<div class=\"wp-block-uagb-container uagb-block-6a60882c alignfull uagb-is-root-container\"><div class=\"uagb-container-inner-blocks-wrap\">\n<div class=\"wp-block-uagb-container uagb-block-f1e91a35\">\n<h4 class=\"wp-block-heading has-text-align-center\"><a href=\"https:\/\/led.amasly.com\/sk\/products\/\">LED svetl\u00e1 na zaplavenie<\/a><\/h4>\n<\/div>\n\n\n\n<div class=\"wp-block-uagb-container uagb-block-165bfa58\">\n<h4 class=\"wp-block-heading has-text-align-center\"><a href=\"https:\/\/led.amasly.com\/sk\/products\/\">LED Tri-Proof Tube Lights<\/a><\/h4>\n<\/div>\n\n\n\n<div class=\"wp-block-uagb-container uagb-block-f6096e3b\">\n<h4 class=\"wp-block-heading has-text-align-center\"><a href=\"https:\/\/led.amasly.com\/sk\/products\/\">Pouli\u010dn\u00e9 svetl\u00e1 LED<\/a><\/h4>\n<\/div>\n<\/div><\/div>\n\n\n\n<div class=\"wp-block-uagb-container uagb-block-99c0e0a5 alignfull uagb-is-root-container\"><div class=\"uagb-container-inner-blocks-wrap\"><\/div><\/div>\n\n\n\n<p><\/p>","protected":false},"excerpt":{"rendered":"<p>20-60w explosion proof led linear light&nbsp;Analysis, Selection and Installation Guide There are numerous 20-60w\u00a0Explosion proof LED Linear Light. How should one make a selection? This article provides a detailed overview of several common explosion-proof LED linear lights, offering a comprehensive analysis and comparison across product features, materials, specifications, dimensions, installation methods, and application environments. It [&hellip;]<\/p>\n","protected":false},"author":1,"featured_media":0,"parent":2374,"menu_order":0,"comment_status":"closed","ping_status":"closed","template":"","meta":{"_uag_custom_page_level_css":"","site-sidebar-layout":"no-sidebar","site-content-layout":"","ast-site-content-layout":"default","site-content-style":"default","site-sidebar-style":"default","ast-global-header-display":"","ast-banner-title-visibility":"","ast-main-header-display":"","ast-hfb-above-header-display":"","ast-hfb-below-header-display":"","ast-hfb-mobile-header-display":"","site-post-title":"disabled","ast-breadcrumbs-content":"","ast-featured-img":"","footer-sml-layout":"","ast-disable-related-posts":"","theme-transparent-header-meta":"enabled","adv-header-id-meta":"","stick-header-meta":"","header-above-stick-meta":"","header-main-stick-meta":"","header-below-stick-meta":"","astra-migrate-meta-layouts":"set","ast-page-background-enabled":"default","ast-page-background-meta":{"desktop":{"background-color":"var(--ast-global-color-4)","background-image":"","background-repeat":"repeat","background-position":"center center","background-size":"auto","background-attachment":"scroll","background-type":"","background-media":"","overlay-type":"","overlay-color":"","overlay-opacity":"","overlay-gradient":""},"tablet":{"background-color":"","background-image":"","background-repeat":"repeat","background-position":"center center","background-size":"auto","background-attachment":"scroll","background-type":"","background-media":"","overlay-type":"","overlay-color":"","overlay-opacity":"","overlay-gradient":""},"mobile":{"background-color":"","background-image":"","background-repeat":"repeat","background-position":"center center","background-size":"auto","background-attachment":"scroll","background-type":"","background-media":"","overlay-type":"","overlay-color":"","overlay-opacity":"","overlay-gradient":""}},"ast-content-background-meta":{"desktop":{"background-color":"var(--ast-global-color-5)","background-image":"","background-repeat":"repeat","background-position":"center center","background-size":"auto","background-attachment":"scroll","background-type":"","background-media":"","overlay-type":"","overlay-color":"","overlay-opacity":"","overlay-gradient":""},"tablet":{"background-color":"var(--ast-global-color-5)","background-image":"","background-repeat":"repeat","background-position":"center center","background-size":"auto","background-attachment":"scroll","background-type":"","background-media":"","overlay-type":"","overlay-color":"","overlay-opacity":"","overlay-gradient":""},"mobile":{"background-color":"var(--ast-global-color-5)","background-image":"","background-repeat":"repeat","background-position":"center center","background-size":"auto","background-attachment":"scroll","background-type":"","background-media":"","overlay-type":"","overlay-color":"","overlay-opacity":"","overlay-gradient":""}},"footnotes":""},"class_list":["post-4971","page","type-page","status-publish","hentry"],"uagb_featured_image_src":{"full":false,"thumbnail":false,"medium":false,"medium_large":false,"large":false,"1536x1536":false,"2048x2048":false,"trp-custom-language-flag":false},"uagb_author_info":{"display_name":"Joe","author_link":"https:\/\/led.amasly.com\/sk\/author\/jacklin\/"},"uagb_comment_info":0,"uagb_excerpt":"20-60w explosion proof led linear light&nbsp;Analysis, Selection and Installation Guide There are numerous 20-60w\u00a0Explosion proof LED Linear Light. How should one make a selection? This article provides a detailed overview of several common explosion-proof LED linear lights, offering a comprehensive analysis and comparison across product features, materials, specifications, dimensions, installation methods, and application environments. It&hellip;","_links":{"self":[{"href":"https:\/\/led.amasly.com\/sk\/wp-json\/wp\/v2\/pages\/4971","targetHints":{"allow":["GET"]}}],"collection":[{"href":"https:\/\/led.amasly.com\/sk\/wp-json\/wp\/v2\/pages"}],"about":[{"href":"https:\/\/led.amasly.com\/sk\/wp-json\/wp\/v2\/types\/page"}],"author":[{"embeddable":true,"href":"https:\/\/led.amasly.com\/sk\/wp-json\/wp\/v2\/users\/1"}],"replies":[{"embeddable":true,"href":"https:\/\/led.amasly.com\/sk\/wp-json\/wp\/v2\/comments?post=4971"}],"version-history":[{"count":1,"href":"https:\/\/led.amasly.com\/sk\/wp-json\/wp\/v2\/pages\/4971\/revisions"}],"predecessor-version":[{"id":4976,"href":"https:\/\/led.amasly.com\/sk\/wp-json\/wp\/v2\/pages\/4971\/revisions\/4976"}],"up":[{"embeddable":true,"href":"https:\/\/led.amasly.com\/sk\/wp-json\/wp\/v2\/pages\/2374"}],"wp:attachment":[{"href":"https:\/\/led.amasly.com\/sk\/wp-json\/wp\/v2\/media?parent=4971"}],"curies":[{"name":"wp","href":"https:\/\/api.w.org\/{rel}","templated":true}]}}