{"id":4388,"date":"2025-12-21T13:21:32","date_gmt":"2025-12-21T05:21:32","guid":{"rendered":"https:\/\/led.amasly.com\/?page_id=4388"},"modified":"2026-01-24T21:33:11","modified_gmt":"2026-01-24T13:33:11","slug":"why-are-floodlights-the-top-choice-for-nighttime-lighting","status":"publish","type":"page","link":"https:\/\/led.amasly.com\/sk\/knowledge\/outdoor-light-knowledge\/why-are-floodlights-the-top-choice-for-nighttime-lighting\/","title":{"rendered":"Pre\u010do s\u00fa reflektory najlep\u0161ou vo\u013ebou pre no\u010dn\u00e9 osvetlenie?"},"content":{"rendered":"<div class=\"wp-block-uagb-container uagb-block-27bae773 alignfull uagb-is-root-container\"><div class=\"uagb-container-inner-blocks-wrap\"><\/div><\/div>\n\n\n\n<h1 class=\"wp-block-heading has-text-align-center\"><strong>Pre\u010do s\u00fa reflektory najlep\u0161ou vo\u013ebou pre no\u010dn\u00e9 osvetlenie? Poskytuj\u00fa dostato\u010dn\u00fd jas, s\u00fa odoln\u00e9 a \u013eahko sa in\u0161taluj\u00fa - sp\u013a\u0148aj\u00fa potreby troch k\u013e\u00fa\u010dov\u00fdch scen\u00e1rov.<\/strong><strong><\/strong><\/h1>\n\n\n\n<h2 class=\"wp-block-heading\">Svetlomety Instroduce<\/h2>\n\n\n\n<p>V ka\u017edodennom \u017eivote a v pr\u00e1ci sa mnoh\u00ed \u013eudia stret\u00e1vaj\u00fa s probl\u00e9mami no\u010dn\u00e9ho osvetlenia: maj\u00fa probl\u00e9m dobre vidie\u0165, ke\u010f v noci upratuj\u00fa neporiadok na dvore, v d\u00f4sledku slab\u00e9ho osvetlenia sa zni\u017euje n\u00e1v\u0161tevnos\u0165 obchodov alebo sa stret\u00e1vaj\u00fa s probl\u00e9mami s efektivitou a bezpe\u010dnos\u0165ou po\u010das no\u010dn\u00fdch stavebn\u00fdch projektov sp\u00f4soben\u00fdmi nedostato\u010dn\u00fdm osvetlen\u00edm. Vhodne zvolen\u00e9 svetlomety m\u00f4\u017eu v skuto\u010dnosti v\u00fdznamne prispie\u0165 k rie\u0161eniu t\u00fdchto probl\u00e9mov. Ak\u00e9 v\u00fdhody pon\u00fakaj\u00fa reflektory ako s\u00fa\u010dasn\u00e1 hlavn\u00e1 vo\u013eba no\u010dn\u00e9ho osvetlenia, v\u010faka ktor\u00fdm s\u00fa preferovanou vo\u013ebou pre to\u013eko scen\u00e1rov? Dnes sa ponor\u00edme do podrobnost\u00ed, aby sme v\u00e1m pomohli pochopi\u0165, pre\u010do sa reflektory stali \u201chlavnou silou v no\u010dnom osvetlen\u00ed\u201d.\u201d<\/p>\n\n\n\n<figure class=\"wp-block-image aligncenter size-full\"><img decoding=\"async\" width=\"300\" height=\"300\" src=\"https:\/\/led.amasly.com\/wp-content\/uploads\/2025\/12\/LED-flood-ight.jpg\" alt=\"floodlights\" class=\"wp-image-4383\" title=\"\" srcset=\"https:\/\/led.amasly.com\/wp-content\/uploads\/2025\/12\/LED-flood-ight.jpg 300w, https:\/\/led.amasly.com\/wp-content\/uploads\/2025\/12\/LED-flood-ight-150x150.jpg 150w, https:\/\/led.amasly.com\/wp-content\/uploads\/2025\/12\/LED-flood-ight-12x12.jpg 12w\" sizes=\"(max-width: 300px) 100vw, 300px\" \/><\/figure>\n\n\n\n<p>Z h\u013eadiska v\u00fdkonu osvetlenia maj\u00fa reflektory v\u00fdrazn\u00e9 v\u00fdhody, pokia\u013e ide o jas a pokrytie. Na rozdiel od be\u017en\u00fdch \u017eiaroviek, ktor\u00e9 osvet\u013euj\u00fa len mal\u00e9 plochy, reflektory s\u00fastre\u010fuj\u00fa sveteln\u00e9 l\u00fa\u010de na pokrytie ove\u013ea v\u00e4\u010d\u0161\u00edch priestorov. Na pou\u017eitie v obytn\u00fdch priestoroch dok\u00e1\u017ee reflektor s v\u00fdkonom len nieko\u013eko desiatok wattov \u013eahko osvetli\u0165 cel\u00fd mal\u00fd dvor, \u010do umo\u017e\u0148uje dobr\u00fa vidite\u013enos\u0165 pri zalievan\u00ed rastl\u00edn alebo ve\u0161an\u00ed bielizne v noci. Pri potreb\u00e1ch osvetlenia ve\u013ek\u00fdch pl\u00f4ch, ako s\u00fa stavenisk\u00e1 alebo n\u00e1mestia, vynikn\u00fa reflektory s vysok\u00fdm v\u00fdkonom e\u0161te viac. Stovky wattov dok\u00e1\u017eu dosiahnu\u0165 jas bl\u00edzky denn\u00e9mu svetlu, \u010do umo\u017e\u0148uje plynul\u00fa prev\u00e1dzku a \u010dinnosti v tmavom prostred\u00ed a eliminuje potrebu \u201cpracova\u0165 v tme\u201d.\u201d<\/p>\n\n\n\n<p>Z h\u013eadiska odolnosti sp\u013a\u0148aj\u00fa reflektory aj po\u017eiadavky zlo\u017eit\u00e9ho vonkaj\u0161ieho prostredia. Ke\u010f\u017ee sa reflektory zvy\u010dajne in\u0161taluj\u00fa vonku a s\u00fa dlhodobo vystaven\u00e9 vetru, da\u017e\u010fu a slne\u010dn\u00e9mu \u017eiareniu, odolnos\u0165 je prvorad\u00e1. Vysokokvalitn\u00e9 reflektory maj\u00fa profesion\u00e1lne vodotesn\u00e9 kon\u0161trukcie, ktor\u00e9 zabezpe\u010duj\u00fa, \u017ee vn\u00fatorn\u00e9 komponenty zostan\u00fa chr\u00e1nen\u00e9 aj po\u010das prudk\u00e9ho da\u017e\u010fa alebo siln\u00e9ho vetra. Ich kryty s\u00fa \u010dasto vyroben\u00e9 z materi\u00e1lov odoln\u00fdch vo\u010di n\u00e1razom a po\u0161kriabaniu, \u010d\u00edm sa minimalizuje po\u0161kodenie sp\u00f4soben\u00e9 n\u00e1hodn\u00fdmi n\u00e1razmi alebo tren\u00edm po\u010das ka\u017edodenn\u00e9ho pou\u017e\u00edvania. Mnoh\u00ed pou\u017e\u00edvatelia uv\u00e1dzaj\u00fa, \u017ee dobre vyroben\u00e9 reflektory m\u00f4\u017eu spo\u013eahlivo fungova\u0165 tri a\u017e p\u00e4\u0165 rokov bez poruchy, \u010d\u00edm sa eliminuje potreba \u010dastej v\u00fdmeny - \u0161etria sa tak probl\u00e9my, ako aj peniaze.<\/p>\n\n\n\n<p>Okrem toho jednoduch\u00e1 in\u0161tal\u00e1cia a obsluha zni\u017euje bari\u00e9ru pre pou\u017e\u00edvate\u013ea. \u010ci u\u017e ide o mont\u00e1\u017e na steny alebo st\u013apy, alebo o do\u010dasn\u00e9 umiestnenie na zem, nastavenie si vy\u017eaduje len nieko\u013eko jednoduch\u00fdch krokov. Nie je potrebn\u00e1 \u017eiadna profesion\u00e1lna in\u0161tal\u00e1cia - pou\u017e\u00edvatelia ju zvl\u00e1dnu sami. V\u010faka technologick\u00e9mu pokroku mnoh\u00e9 reflektory v s\u00fa\u010dasnosti obsahuj\u00fa praktick\u00e9 funkcie, ako je dia\u013ekov\u00e9 ovl\u00e1danie a \u010dasova\u010de. Svetl\u00e1 m\u00f4\u017eete zap\u00edna\u0165 alebo vyp\u00edna\u0165 z domu pomocou dia\u013ekov\u00e9ho ovl\u00e1dania, \u010d\u00edm sa eliminuje potreba chodi\u0165 v noci von. Ob\u00e1vate sa, \u017ee zabudnete vypn\u00fa\u0165 svetl\u00e1 a plytv\u00e1te elektrickou energiou? Sta\u010d\u00ed vopred nastavi\u0165 \u010dasova\u010d a svetl\u00e1 sa v ur\u010denom \u010dase automaticky vypn\u00fa, \u010do e\u0161te viac zvy\u0161uje pohodlie.<\/p>\n\n\n\n<p class=\"has-text-align-left\">Celkovo, \u010di u\u017e ide o osvetlenie obytn\u00fdch priestorov, komer\u010dn\u00e9 osvetlenie alebo potreby staveniska, reflektory \u00fa\u010dinne rie\u0161ia probl\u00e9my s no\u010dn\u00fdm osvetlen\u00edm v\u010faka svojmu vysok\u00e9mu jasu, odolnosti a pou\u017e\u00edvate\u013esky pr\u00edvetivej prev\u00e1dzke. Na\u0161e v\u00fdrobky z oblasti svetlometov siahaj\u00fa od n\u00edzkov\u00fdkonn\u00fdch modelov pre dom\u00e1cnosti a\u017e po v\u00fdkonn\u00e9 technick\u00e9 rie\u0161enia, ktor\u00e9 vyhovuj\u00fa r\u00f4znym scen\u00e1rom osvetlenia a z\u00e1rove\u0148 pon\u00fakaj\u00fa slu\u017eby in\u0161tal\u00e1cie na mieste. V pr\u00edpade ak\u00fdchko\u013evek ot\u00e1zok t\u00fdkaj\u00facich sa v\u00fdberu alebo pou\u017e\u00edvania svetlometov sa na n\u00e1s m\u00f4\u017eete kedyko\u013evek obr\u00e1ti\u0165 - nech v\u00e1s no\u010dn\u00e9 osvetlenie prestane tr\u00e1pi\u0165.<\/p>\n\n\n\n<p class=\"has-text-align-left\">\u0160tandardn\u00e9: <a href=\"http:\/\/www.iec.com\" rel=\"nofollow noopener\" target=\"_blank\">IEC60598<\/a><\/p>\n\n\n\n<div class=\"wp-block-uagb-container uagb-block-c7d898dd alignfull uagb-is-root-container\"><div class=\"uagb-container-inner-blocks-wrap\"><\/div><\/div>\n\n\n\n<h2 class=\"wp-block-heading\">S\u00favisiace produkty<\/h2>\n\n\n\n<div class=\"wp-block-uagb-container uagb-block-66e4defc alignfull uagb-is-root-container\"><div class=\"uagb-container-inner-blocks-wrap\">\n<div class=\"wp-block-uagb-container uagb-block-a42945f9\">\n<div class=\"wp-block-uagb-image uagb-block-7296296b wp-block-uagb-image--layout-default wp-block-uagb-image--effect-static wp-block-uagb-image--align-none\"><figure class=\"wp-block-uagb-image__figure\"><a class=\"\" href=\"https:\/\/led.amasly.com\/sk\/products\/\" target=\"\" rel=\"noopener\"><img decoding=\"async\" srcset=\"https:\/\/led.amasly.com\/wp-content\/uploads\/2024\/09\/Explosion-proof-high-bay-lights.png ,https:\/\/led.amasly.com\/wp-content\/uploads\/2024\/09\/Explosion-proof-high-bay-lights.png 780w, https:\/\/led.amasly.com\/wp-content\/uploads\/2024\/09\/Explosion-proof-high-bay-lights.png 360w\" sizes=\"auto, (max-width: 480px) 150px\" src=\"https:\/\/led.amasly.com\/wp-content\/uploads\/2024\/09\/Explosion-proof-high-bay-lights.png\" alt=\"\" class=\"uag-image-1495\" width=\"300\" height=\"300\" title=\"V\u00fdbu\u0161ne odoln\u00e9 vysok\u00e9 svetl\u00e1\" loading=\"lazy\" role=\"img\"><\/a><\/figure><\/div>\n<\/div>\n\n\n\n<div class=\"wp-block-uagb-container uagb-block-4d3efde5\">\n<div class=\"wp-block-uagb-image uagb-block-c9e90797 wp-block-uagb-image--layout-default wp-block-uagb-image--effect-static wp-block-uagb-image--align-none\"><figure class=\"wp-block-uagb-image__figure\"><a class=\"\" href=\"https:\/\/led.amasly.com\/sk\/products\/\" target=\"\" rel=\"noopener\"><img decoding=\"async\" srcset=\"https:\/\/led.amasly.com\/wp-content\/uploads\/2024\/07\/LED-tri-proof-lights2.png ,https:\/\/led.amasly.com\/wp-content\/uploads\/2024\/07\/LED-tri-proof-lights2.png 780w, https:\/\/led.amasly.com\/wp-content\/uploads\/2024\/07\/LED-tri-proof-lights2.png 360w\" sizes=\"auto, (max-width: 480px) 150px\" src=\"https:\/\/led.amasly.com\/wp-content\/uploads\/2024\/07\/LED-tri-proof-lights2.png\" alt=\"\" class=\"uag-image-1132\" width=\"300\" height=\"300\" title=\"LED-tri-odoln\u00e9 svetl\u00e12\" loading=\"lazy\" role=\"img\"><\/a><\/figure><\/div>\n<\/div>\n\n\n\n<div class=\"wp-block-uagb-container uagb-block-11c2578b\">\n<div class=\"wp-block-uagb-image uagb-block-6e8883aa wp-block-uagb-image--layout-default wp-block-uagb-image--effect-static wp-block-uagb-image--align-none\"><figure class=\"wp-block-uagb-image__figure\"><a class=\"\" href=\"https:\/\/led.amasly.com\/sk\/products\/\" target=\"\" rel=\"noopener\"><img decoding=\"async\" srcset=\"https:\/\/led.amasly.com\/wp-content\/uploads\/2024\/09\/LED-Explosion-Proof-Gas-Station-Light.png ,https:\/\/led.amasly.com\/wp-content\/uploads\/2024\/09\/LED-Explosion-Proof-Gas-Station-Light.png 780w, https:\/\/led.amasly.com\/wp-content\/uploads\/2024\/09\/LED-Explosion-Proof-Gas-Station-Light.png 360w\" sizes=\"auto, (max-width: 480px) 150px\" src=\"https:\/\/led.amasly.com\/wp-content\/uploads\/2024\/09\/LED-Explosion-Proof-Gas-Station-Light.png\" alt=\"\" class=\"uag-image-1501\" width=\"300\" height=\"300\" title=\"LED svetlo na \u010derpacej stanici odoln\u00e9 proti v\u00fdbuchu\" loading=\"lazy\" role=\"img\"><\/a><\/figure><\/div>\n<\/div>\n<\/div><\/div>\n\n\n\n<div class=\"wp-block-uagb-container uagb-block-548945b5 alignfull uagb-is-root-container\"><div class=\"uagb-container-inner-blocks-wrap\">\n<div class=\"wp-block-uagb-container uagb-block-967755d5\">\n<h4 class=\"wp-block-heading has-text-align-center\"><a href=\"https:\/\/led.amasly.com\/sk\/products\/\">Svetl\u00e1 LED odoln\u00e9 proti v\u00fdbuchu<\/a><\/h4>\n<\/div>\n\n\n\n<div class=\"wp-block-uagb-container uagb-block-9bc52fc2\">\n<h4 class=\"wp-block-heading has-text-align-center\"><a href=\"https:\/\/led.amasly.com\/sk\/products\/\">Trojit\u00e9 LED osvetlenie<\/a><\/h4>\n<\/div>\n\n\n\n<div class=\"wp-block-uagb-container uagb-block-8ffa0a23\">\n<h4 class=\"wp-block-heading has-text-align-center\"><a href=\"https:\/\/led.amasly.com\/sk\/products\/\">Svetl\u00e1 \u010derpac\u00edch stan\u00edc odoln\u00e9 proti v\u00fdbuchu<\/a><\/h4>\n<\/div>\n<\/div><\/div>\n\n\n\n<div class=\"wp-block-uagb-container uagb-block-29499fe0 alignfull uagb-is-root-container\"><div class=\"uagb-container-inner-blocks-wrap\">\n<div class=\"wp-block-uagb-container uagb-block-777ee1c7\">\n<div class=\"wp-block-uagb-image uagb-block-2e9a1851 wp-block-uagb-image--layout-default wp-block-uagb-image--effect-static wp-block-uagb-image--align-none\"><figure class=\"wp-block-uagb-image__figure\"><a class=\"\" href=\"https:\/\/led.amasly.com\/sk\/products\/\" target=\"\" rel=\"noopener\"><img decoding=\"async\" srcset=\"https:\/\/led.amasly.com\/wp-content\/uploads\/2024\/10\/50W-100W-150W-200W-300W-LED-Flood-Light.jpg ,https:\/\/led.amasly.com\/wp-content\/uploads\/2024\/10\/50W-100W-150W-200W-300W-LED-Flood-Light.jpg 780w, https:\/\/led.amasly.com\/wp-content\/uploads\/2024\/10\/50W-100W-150W-200W-300W-LED-Flood-Light.jpg 360w\" sizes=\"auto, (max-width: 480px) 150px\" src=\"https:\/\/led.amasly.com\/wp-content\/uploads\/2024\/10\/50W-100W-150W-200W-300W-LED-Flood-Light.jpg\" alt=\"\" class=\"uag-image-1526\" width=\"300\" height=\"300\" title=\"50W 100W 150W 200W 300W LED povod\u0148ov\u00e9 svetlo\" loading=\"lazy\" role=\"img\"><\/a><\/figure><\/div>\n<\/div>\n\n\n\n<div class=\"wp-block-uagb-container uagb-block-af8c8683\">\n<div class=\"wp-block-uagb-image uagb-block-67947854 wp-block-uagb-image--layout-default wp-block-uagb-image--effect-static wp-block-uagb-image--align-none\"><figure class=\"wp-block-uagb-image__figure\"><a class=\"\" href=\"https:\/\/led.amasly.com\/sk\/products\/\" target=\"\" rel=\"noopener\"><img decoding=\"async\" srcset=\"https:\/\/led.amasly.com\/wp-content\/uploads\/2024\/07\/led-tri-proof-light.png ,https:\/\/led.amasly.com\/wp-content\/uploads\/2024\/07\/led-tri-proof-light.png 780w, https:\/\/led.amasly.com\/wp-content\/uploads\/2024\/07\/led-tri-proof-light.png 360w\" sizes=\"auto, (max-width: 480px) 150px\" src=\"https:\/\/led.amasly.com\/wp-content\/uploads\/2024\/07\/led-tri-proof-light.png\" alt=\"\" class=\"uag-image-1130\" width=\"300\" height=\"300\" title=\"led-tri-proof-light\" loading=\"lazy\" role=\"img\"><\/a><\/figure><\/div>\n<\/div>\n\n\n\n<div class=\"wp-block-uagb-container uagb-block-0fdfdd58\">\n<div class=\"wp-block-uagb-image uagb-block-1187d32d wp-block-uagb-image--layout-default wp-block-uagb-image--effect-static wp-block-uagb-image--align-none\"><figure class=\"wp-block-uagb-image__figure\"><a class=\"\" href=\"https:\/\/led.amasly.com\/sk\/products\/\" target=\"\" rel=\"noopener\"><img decoding=\"async\" srcset=\"https:\/\/led.amasly.com\/wp-content\/uploads\/2024\/07\/LED-street-light.jpg ,https:\/\/led.amasly.com\/wp-content\/uploads\/2024\/07\/LED-street-light.jpg 780w, https:\/\/led.amasly.com\/wp-content\/uploads\/2024\/07\/LED-street-light.jpg 360w\" sizes=\"auto, (max-width: 480px) 150px\" src=\"https:\/\/led.amasly.com\/wp-content\/uploads\/2024\/07\/LED-street-light.jpg\" alt=\"\" class=\"uag-image-1145\" width=\"300\" height=\"300\" title=\"Uli\u010dn\u00e9 osvetlenie LED\" loading=\"lazy\" role=\"img\"><\/a><\/figure><\/div>\n<\/div>\n<\/div><\/div>\n\n\n\n<div class=\"wp-block-uagb-container uagb-block-6a60882c alignfull uagb-is-root-container\"><div class=\"uagb-container-inner-blocks-wrap\">\n<div class=\"wp-block-uagb-container uagb-block-f1e91a35\">\n<h4 class=\"wp-block-heading has-text-align-center\"><a href=\"https:\/\/led.amasly.com\/sk\/products\/\">LED svetl\u00e1 na zaplavenie<\/a><\/h4>\n<\/div>\n\n\n\n<div class=\"wp-block-uagb-container uagb-block-165bfa58\">\n<h4 class=\"wp-block-heading has-text-align-center\"><a href=\"https:\/\/led.amasly.com\/sk\/products\/\">LED Tri-Proof Tube Lights<\/a><\/h4>\n<\/div>\n\n\n\n<div class=\"wp-block-uagb-container uagb-block-f6096e3b\">\n<h4 class=\"wp-block-heading has-text-align-center\"><a href=\"https:\/\/led.amasly.com\/sk\/products\/\">Pouli\u010dn\u00e9 svetl\u00e1 LED<\/a><\/h4>\n<\/div>\n<\/div><\/div>\n\n\n\n<div class=\"wp-block-uagb-container uagb-block-99c0e0a5 alignfull uagb-is-root-container\"><div class=\"uagb-container-inner-blocks-wrap\"><\/div><\/div>\n\n\n\n<p><\/p>","protected":false},"excerpt":{"rendered":"<p>Why are floodlights the top choice for nighttime lighting? They deliver ample brightness, are durable, and easy to install\u2014meeting the needs of three key scenarios. Floodlights Instroduce In daily life and work, many people face challenges with nighttime lighting: struggling to see clearly while tidying up clutter in their backyard at night, experiencing reduced foot [&hellip;]<\/p>\n","protected":false},"author":1,"featured_media":0,"parent":4122,"menu_order":0,"comment_status":"closed","ping_status":"closed","template":"","meta":{"_uag_custom_page_level_css":"","site-sidebar-layout":"no-sidebar","site-content-layout":"","ast-site-content-layout":"default","site-content-style":"default","site-sidebar-style":"default","ast-global-header-display":"","ast-banner-title-visibility":"","ast-main-header-display":"","ast-hfb-above-header-display":"","ast-hfb-below-header-display":"","ast-hfb-mobile-header-display":"","site-post-title":"disabled","ast-breadcrumbs-content":"","ast-featured-img":"","footer-sml-layout":"","ast-disable-related-posts":"","theme-transparent-header-meta":"enabled","adv-header-id-meta":"","stick-header-meta":"","header-above-stick-meta":"","header-main-stick-meta":"","header-below-stick-meta":"","astra-migrate-meta-layouts":"set","ast-page-background-enabled":"default","ast-page-background-meta":{"desktop":{"background-color":"var(--ast-global-color-4)","background-image":"","background-repeat":"repeat","background-position":"center center","background-size":"auto","background-attachment":"scroll","background-type":"","background-media":"","overlay-type":"","overlay-color":"","overlay-opacity":"","overlay-gradient":""},"tablet":{"background-color":"","background-image":"","background-repeat":"repeat","background-position":"center center","background-size":"auto","background-attachment":"scroll","background-type":"","background-media":"","overlay-type":"","overlay-color":"","overlay-opacity":"","overlay-gradient":""},"mobile":{"background-color":"","background-image":"","background-repeat":"repeat","background-position":"center center","background-size":"auto","background-attachment":"scroll","background-type":"","background-media":"","overlay-type":"","overlay-color":"","overlay-opacity":"","overlay-gradient":""}},"ast-content-background-meta":{"desktop":{"background-color":"var(--ast-global-color-5)","background-image":"","background-repeat":"repeat","background-position":"center center","background-size":"auto","background-attachment":"scroll","background-type":"","background-media":"","overlay-type":"","overlay-color":"","overlay-opacity":"","overlay-gradient":""},"tablet":{"background-color":"var(--ast-global-color-5)","background-image":"","background-repeat":"repeat","background-position":"center center","background-size":"auto","background-attachment":"scroll","background-type":"","background-media":"","overlay-type":"","overlay-color":"","overlay-opacity":"","overlay-gradient":""},"mobile":{"background-color":"var(--ast-global-color-5)","background-image":"","background-repeat":"repeat","background-position":"center center","background-size":"auto","background-attachment":"scroll","background-type":"","background-media":"","overlay-type":"","overlay-color":"","overlay-opacity":"","overlay-gradient":""}},"footnotes":""},"class_list":["post-4388","page","type-page","status-publish","hentry"],"uagb_featured_image_src":{"full":false,"thumbnail":false,"medium":false,"medium_large":false,"large":false,"1536x1536":false,"2048x2048":false,"trp-custom-language-flag":false},"uagb_author_info":{"display_name":"Joe","author_link":"https:\/\/led.amasly.com\/sk\/author\/jacklin\/"},"uagb_comment_info":0,"uagb_excerpt":"Why are floodlights the top choice for nighttime lighting? They deliver ample brightness, are durable, and easy to install\u2014meeting the needs of three key scenarios. Floodlights Instroduce In daily life and work, many people face challenges with nighttime lighting: struggling to see clearly while tidying up clutter in their backyard at night, experiencing reduced foot&hellip;","_links":{"self":[{"href":"https:\/\/led.amasly.com\/sk\/wp-json\/wp\/v2\/pages\/4388","targetHints":{"allow":["GET"]}}],"collection":[{"href":"https:\/\/led.amasly.com\/sk\/wp-json\/wp\/v2\/pages"}],"about":[{"href":"https:\/\/led.amasly.com\/sk\/wp-json\/wp\/v2\/types\/page"}],"author":[{"embeddable":true,"href":"https:\/\/led.amasly.com\/sk\/wp-json\/wp\/v2\/users\/1"}],"replies":[{"embeddable":true,"href":"https:\/\/led.amasly.com\/sk\/wp-json\/wp\/v2\/comments?post=4388"}],"version-history":[{"count":2,"href":"https:\/\/led.amasly.com\/sk\/wp-json\/wp\/v2\/pages\/4388\/revisions"}],"predecessor-version":[{"id":4719,"href":"https:\/\/led.amasly.com\/sk\/wp-json\/wp\/v2\/pages\/4388\/revisions\/4719"}],"up":[{"embeddable":true,"href":"https:\/\/led.amasly.com\/sk\/wp-json\/wp\/v2\/pages\/4122"}],"wp:attachment":[{"href":"https:\/\/led.amasly.com\/sk\/wp-json\/wp\/v2\/media?parent=4388"}],"curies":[{"name":"wp","href":"https:\/\/api.w.org\/{rel}","templated":true}]}}