{"id":4002,"date":"2025-05-28T22:02:21","date_gmt":"2025-05-28T14:02:21","guid":{"rendered":"https:\/\/led.amasly.com\/?page_id=4002"},"modified":"2026-01-18T13:35:45","modified_gmt":"2026-01-18T05:35:45","slug":"vybuchu-odolne-ziarivky-cena","status":"publish","type":"page","link":"https:\/\/led.amasly.com\/sk\/cena-svetla\/vybuchu-odolne-ziarivky-cena\/","title":{"rendered":"V\u00fdbu\u0161nos\u0165 D\u00f4kaz \u017eiarivky Cena"},"content":{"rendered":"<div class=\"wp-block-uagb-container uagb-block-27bae773 alignfull uagb-is-root-container\"><div class=\"uagb-container-inner-blocks-wrap\"><\/div><\/div>\n\n\n\n<h1 class=\"wp-block-heading has-text-align-center\"><strong>V\u00fdbu\u0161nos\u0165 D\u00f4kaz \u017eiarivky Cena<\/strong><\/h1>\n\n\n\n<h2 class=\"wp-block-heading\">Amasly Explosion Proof \u017eiarivkov\u00e9 svietidl\u00e1 Vlastnosti<\/h2>\n\n\n\n<p>Vstrekovanie polykarbon\u00e1tovej zliatiny, siln\u00e1 odolnos\u0165 proti n\u00e1razu, odolnos\u0165 proti vysok\u00fdm teplot\u00e1m, odolnos\u0165 proti chladu, siln\u00e1 antikor\u00f3zna ochrana a \u010fal\u0161ie vlastnosti;<\/p>\n\n\n\n<p><br>Tienidlo zo vstrekovan\u00e9ho polykarbon\u00e1tov\u00e9ho materi\u00e1lu, vysok\u00e1 priepustnos\u0165 svetla a odolnos\u0165 vo\u010di siln\u00e9mu n\u00e1razu, p\u00e1sov\u00fd rebrovan\u00fd dizajn, \u00fa\u010dinne zabra\u0148uje oslneniu.<br>Profesion\u00e1lny optick\u00fd softv\u00e9r navrhuj\u00faci syst\u00e9m distrib\u00facie svetla, distrib\u00facia l\u00fa\u010da je primeran\u00e1, rovnomern\u00e9 osvetlenie, \u00fa\u010dinnos\u0165 odrazu, vysok\u00e1 \u00fa\u010dinnos\u0165 vyu\u017eitia.<\/p>\n\n\n\n<p><br>Konfigur\u00e1cia medzin\u00e1rodn\u00fdch zna\u010diek, ako je sveteln\u00fd zdroj Corey LED, rozumn\u00e9 usporiadanie, jednosmern\u00e9 svetlo, rovnomernos\u0165 a jemnos\u0165 svetla, vysok\u00e1 sveteln\u00e1 \u00fa\u010dinnos\u0165, <\/p>\n\n\n\n<p>sveteln\u00e1 \u00fa\u010dinnos\u0165 &gt; 140 lm \/ W, vysok\u00e9 podanie farieb, Ra&gt; 80, dlh\u00e1 \u017eivotnos\u0165, nie menej ako 100 000 hod\u00edn, sveteln\u00fd zdroj.<\/p>\n\n\n\n<p><br>Nie menej ako 100 000 hod\u00edn, sveteln\u00fd zdroj pri pou\u017e\u00edvan\u00ed 5 rokov po svetelnom toku nie je men\u0161\u00ed ako 70% po\u010diato\u010dnej hodnoty;<\/p>\n\n\n\n<p><br>Hnac\u00ed zdroj so \u0161irok\u00fdm vstupn\u00fdm nap\u00e4t\u00edm, kon\u0161tantn\u00fdm v\u00fdstupn\u00fdm v\u00fdkonom, s kon\u0161tantn\u00fdm pr\u00fadom, otvoren\u00fdm obvodom, skratom a \u010fal\u0161\u00edmi ochrann\u00fdmi funkciami, hnac\u00ed zdroj pre zna\u010dku Maoshuo.<\/p>\n\n\n\n<p><br>Pod\u013ea po\u017eiadaviek pou\u017e\u00edvate\u013ea m\u00f4\u017eu by\u0165 vybaven\u00e9 n\u00fadzov\u00fdmi zariadeniami, pri v\u00fdpadku nap\u00e1jania sa lampy a svietidl\u00e1 automaticky prepn\u00fa do stavu n\u00fadzov\u00e9ho osvetlenia.<\/p>\n\n\n\n<p><br>Kombin\u00e1cia \u010dast\u00ed v\u00fdrobku s tesn\u00fdm a spo\u013eahliv\u00fdm spojen\u00edm, s dobrou odolnos\u0165ou proti n\u00e1razom, aby sa zabezpe\u010dilo, \u017ee v\u00fdrobok spo\u013eahlivo funguje pri vysokofrekven\u010dn\u00fdch vibr\u00e1ci\u00e1ch.<\/p>\n\n\n\n<p><br>Konfigur\u00e1cia \u0161peci\u00e1lnych nev\u00fdbu\u0161n\u00fdch LED \u017eiariviek, vysok\u00e1 \u00fa\u010dinnos\u0165, \u00faspora energie, ochrana \u017eivotn\u00e9ho prostredia, dlh\u00e1 \u017eivotnos\u0165.<\/p>\n\n\n\n<p><br>Teleso \u017eiarivky a prieh\u013eadn\u00fd kryt vyu\u017e\u00edvaj\u00fa viacbodov\u00fd re\u017eim zap\u00ednania, ktor\u00fd zabezpe\u010duje rovnomern\u00e9 zatv\u00e1ranie krytu, spo\u013eahliv\u00e9 tesnenie a jednoduch\u00fa \u00fadr\u017ebu.<\/p>\n\n\n\n<p><br>\u0160krupina s dobre navrhnut\u00fdm d\u00fdchac\u00edm zariaden\u00edm, ktor\u00e9 vyrovn\u00e1va tlakov\u00fd rozdiel medzi vn\u00fatrom a vonkaj\u0161kom a \u00faplne eliminuje kondenz\u00e1ciu<\/p>\n\n\n\n<p><br>\u0160pecializovan\u00e9 tesnenie tesniaceho p\u00e1su, odolnos\u0165 proti starnutiu, dobre navrhnut\u00e1 zakriven\u00e1 tesniaca \u0161trukt\u00fara, vysok\u00e1 \u00farove\u0148 ochrany.<\/p>\n\n\n\n<p>Skryt\u00e1 kon\u0161trukcia z\u00e1vesu, rovnomernej\u0161ia sila, pohodln\u00e9 otv\u00e1ranie, jednoduch\u00e1 \u00fadr\u017eba<\/p>\n\n\n\n<h2 class=\"wp-block-heading\">Amasly \u017eiarivky odoln\u00e9 proti v\u00fdbuchu Rozsah pou\u017eitia<\/h2>\n\n\n\n<p>\u0160iroko sa pou\u017e\u00edva v \u0165a\u017ebe ropy, rafin\u00e1cii ropy, chemickom priemysle, vojenskom priemysle a in\u00fdch nebezpe\u010dn\u00fdch prostrediach na osvetlenie pr\u00e1ce a sc\u00e9ny.<br>\u0160iroko sa pou\u017e\u00edva v \u0165a\u017ebe ropy, rafin\u00e1cii ropy, chemickom priemysle, vojenskom priemysle a in\u00fdch nebezpe\u010dn\u00fdch prostrediach na osvetlenie pr\u00e1ce a sc\u00e9ny.<br>Vhodn\u00e9 pre energeticky \u00fasporn\u00e9 renova\u010dn\u00e9 projekty a miesta, kde je n\u00e1ro\u010dn\u00e1 \u00fadr\u017eba a v\u00fdmena.<br>Je vhodn\u00fd na miesta s vysok\u00fdmi po\u017eiadavkami na ochranu, vlhkos\u0165 a koroz\u00edvne plyny.<br>Je vhodn\u00fd na miesta s vysok\u00fdmi po\u017eiadavkami na ochranu, vlhkos\u0165 a koroz\u00edvne plyny.<br>Vhodn\u00e9 do prostredia s v\u00fdbu\u0161n\u00fdmi plynmi v z\u00f3ne 1 a 2 a<br>Vhodn\u00fd do prostredia s hor\u013eav\u00fdm prachom v z\u00f3ne 21 a 22.<br>Vhodn\u00fd do prostredia s v\u00fdbu\u0161n\u00fdmi plynmi \u2161A, IIB, IIC.<br>Vhodn\u00e9 pre teplotn\u00fa skupinu T1-T6.<\/p>\n\n\n\n<h2 class=\"wp-block-heading\">Amasly \u00davod<\/h2>\n\n\n\n<p>Amasly ako dod\u00e1vate\u013e nev\u00fdbu\u0161n\u00e9ho osvetlenia v \u010c\u00edne, produkty nev\u00fdbu\u0161n\u00e9ho osvetlenia zah\u0155\u0148aj\u00fa: okr\u00fahle nev\u00fdbu\u0161n\u00e9 svetl\u00e1 (nev\u00fdbu\u0161n\u00e9 svetl\u00e1 High Bay), \u0161tvorcov\u00e9 nev\u00fdbu\u0161n\u00e9 svetl\u00e1 (nev\u00fdbu\u0161n\u00e9 svetl\u00e1 Flood), line\u00e1rne nev\u00fdbu\u0161n\u00e9 svetl\u00e1, nev\u00fdbu\u0161n\u00e9 svetl\u00e1 trubice, nev\u00fdbu\u0161n\u00e9 indik\u00e1tory, nev\u00fdbu\u0161n\u00e9 n\u00fadzov\u00e9 svetl\u00e1, v\u0161etky na\u0161e nev\u00fdbu\u0161n\u00e9 svetl\u00e1 s\u00fa schv\u00e1len\u00e9 ATEX a pon\u00fakan\u00e9 za ve\u013emi konkurencieschopn\u00fa cenu.<\/p>\n\n\n\n<p>Amasly Lighting je popredn\u00e1 profesion\u00e1lna osvet\u013eovacia spolo\u010dnos\u0165, ktor\u00e1 sa venuje osvet\u013eovaniu priestorov s kreativitou, inov\u00e1ciou a udr\u017eate\u013enos\u0165ou. Zameriavame sa na kvalitu, efekt\u00edvnos\u0165 a spokojnos\u0165 z\u00e1kazn\u00edkov a pon\u00fakame komplexn\u00fd sortiment najmodernej\u0161\u00edch rie\u0161en\u00ed osvetlenia prisp\u00f4soben\u00fdch r\u00f4znorod\u00fdm potreb\u00e1m na\u0161ich klientov.<\/p>\n\n\n\n<p>Na\u0161e v\u00fdrobky boli vyvezen\u00e9 do 68 kraj\u00edn sveta, napr\u00edklad do Eur\u00f3py a Spojen\u00fdch \u0161t\u00e1tov, a v\u010faka svojej vysokej kvalite si z\u00edskali uznanie popredn\u00fdch svetov\u00fdch dod\u00e1vate\u013eov osvet\u013eovac\u00edch v\u00fdrobkov.<\/p>\n\n\n\n<h2 class=\"wp-block-heading\">Certifik\u00e1t \u017eiarivkov\u00fdch svietidiel Amasly Explosion Proof<\/h2>\n\n\n\n<p>V\u0161etky svetl\u00e1 odoln\u00e9 proti v\u00fdbuchu s\u00fa <a href=\"http:\/\/www.iecex-certs.com\/\" rel=\"nofollow noopener\" target=\"_blank\">ATEX<\/a> schv\u00e1len\u00e9 a pon\u00fakan\u00e9 za ve\u013emi konkurencieschopn\u00fa cenu \u017eiariviek odoln\u00fdch proti v\u00fdbuchu.<\/p>\n\n\n\n<h2 class=\"wp-block-heading\">Amasly \u017eiarivky s ochranou proti v\u00fdbuchu Cena<\/h2>\n\n\n\n<div class=\"wp-block-uagb-image uagb-block-b5e91b46 wp-block-uagb-image--layout-default wp-block-uagb-image--effect-static wp-block-uagb-image--align-none\"><figure class=\"wp-block-uagb-image__figure\"><img decoding=\"async\" srcset=\"https:\/\/led.amasly.com\/wp-content\/uploads\/2024\/07\/Explosion-proof-linear-fluorescence-lights.png ,https:\/\/led.amasly.com\/wp-content\/uploads\/2024\/07\/Explosion-proof-linear-fluorescence-lights.png 780w, https:\/\/led.amasly.com\/wp-content\/uploads\/2024\/07\/Explosion-proof-linear-fluorescence-lights.png 360w\" sizes=\"auto, (max-width: 480px) 150px\" src=\"https:\/\/led.amasly.com\/wp-content\/uploads\/2024\/07\/Explosion-proof-linear-fluorescence-lights.png\" alt=\"Fluorescen\u010dn\u00e9 lampy odoln\u00e9 proti v\u00fdbuchu, Fluorescen\u010dn\u00e9 lampy odoln\u00e9 proti v\u00fdbuchu Cena\" class=\"uag-image-1122\" width=\"617\" height=\"453\" title=\"Fluorescen\u010dn\u00e9 lampy odoln\u00e9 vo\u010di v\u00fdbuchu\" loading=\"lazy\" role=\"img\"\/><\/figure><\/div>\n\n\n\n<figure class=\"wp-block-table\"><table class=\"has-fixed-layout\"><tbody><tr><td>BAY<\/td><td>2*18W<\/td><td>$32.43<\/td><\/tr><\/tbody><\/table><\/figure>\n\n\n\n<h2 class=\"wp-block-heading\"><strong>\u010casto kladen\u00e9 ot\u00e1zky o Amasly Light<\/strong><\/h2>\n\n\n\n<p><strong>Q1.Can m\u00e1m vzorov\u00fa objedn\u00e1vku pre LED svetlo?<\/strong><strong><\/strong><\/p>\n\n\n\n<p>Odpove\u010f: \u00c1no, v\u00edtame objedn\u00e1vku vzorky na testovanie a kontrolu kvality. Zmie\u0161an\u00e9 vzorky s\u00fa prijate\u013en\u00e9.<\/p>\n\n\n\n<p><strong>Q2.A \u010do \u010das realiz\u00e1cie?<\/strong><strong><\/strong><\/p>\n\n\n\n<p>Odpove\u010f: Vzorka potrebuje 3-5 dn\u00ed, \u010das hromadnej v\u00fdroby potrebuje 1-2 t\u00fd\u017edne.<\/p>\n\n\n\n<p><strong>Q3.Do m\u00e1te nejak\u00fd limit MOQ pre sveteln\u00fa objedn\u00e1vku?<\/strong><strong><\/strong><\/p>\n\n\n\n<p>Odpove\u010f: K dispoz\u00edcii je n\u00edzky MOQ 1 ks na kontrolu vzorky.<\/p>\n\n\n\n<p><strong>Q4. Ako odosielate tovar a ako dlho trv\u00e1 jeho doru\u010denie?<\/strong><strong><\/strong><\/p>\n\n\n\n<p>Odpove\u010f: Zvy\u010dajne posielame <a href=\"https:\/\/www.dhl.com\" rel=\"nofollow noopener\" target=\"_blank\">DHL<\/a>, UPS, FedEx alebo TNT. Zvy\u010dajne trv\u00e1 3-5 dn\u00ed, k\u00fdm doraz\u00ed. Leteck\u00e1 a n\u00e1morn\u00e1 doprava je tie\u017e volite\u013en\u00e1.<\/p>\n\n\n\n<p><strong>Q5. Ako postupova\u0165 pri objedn\u00e1vke LED svetla?<\/strong><strong><\/strong><\/p>\n\n\n\n<p>A:<\/p>\n\n\n\n<p>Najprv n\u00e1m ozn\u00e1mte svoje po\u017eiadavky alebo \u017eiados\u0165.<\/p>\n\n\n\n<p>Po druh\u00e9, pon\u00fakame ceny pod\u013ea va\u0161ich po\u017eiadaviek alebo na\u0161ich n\u00e1vrhov.<\/p>\n\n\n\n<p>Po tretie, z\u00e1kazn\u00edk potvrd\u00ed vzorky a zlo\u017e\u00ed z\u00e1lohu na form\u00e1lnu objedn\u00e1vku.<\/p>\n\n\n\n<p>Po \u0161tvrt\u00e9, zabezpe\u010dujeme v\u00fdrobu.<\/p>\n\n\n\n<p><strong>Q6.Je v poriadku vytla\u010di\u0165 m\u00f4j <\/strong><strong>LOGO<\/strong><strong>&nbsp;na produkte led svetla ?<\/strong><strong><\/strong><\/p>\n\n\n\n<p>Odpove\u010f: \u00c1no.Pros\u00edm, informujte n\u00e1s form\u00e1lne pred na\u0161ou v\u00fdrobou a najprv potvr\u010fte dizajn na z\u00e1klade na\u0161ej vzorky.<\/p>\n\n\n\n<p><strong>Ot\u00e1zka 7: Poskytujete z\u00e1ruku na v\u00fdrobky?<\/strong><strong><\/strong><\/p>\n\n\n\n<p>Odpove\u010f: \u00c1no, na na\u0161e v\u00fdrobky poskytujeme z\u00e1ruku 2-5 rokov.<\/p>\n\n\n\n<p><strong>Ot\u00e1zka 8: Ako sa vysporiada\u0165 s chybou?<\/strong><strong><\/strong><\/p>\n\n\n\n<p>A:<\/p>\n\n\n\n<p>Po prv\u00e9, na\u0161e v\u00fdrobky s\u00fa vyr\u00e1ban\u00e9 dinstrict syst\u00e9m kontroly kvality a chybn\u00e9 miera bude men\u0161ia ako 0,2%<\/p>\n\n\n\n<p>Po druh\u00e9, po\u010das z\u00e1ru\u010dnej doby poskytneme n\u00e1hradn\u00e9 diely na v\u00fdmenu zlej \u010dasti. V pr\u00edpade hromadn\u00fdch objedn\u00e1vok poskytneme zranite\u013en\u00e9 diely vopred alebo m\u00f4\u017eeme diskutova\u0165 o rie\u0161eniach vr\u00e1tane stiahnutia z trhu na z\u00e1klade aktu\u00e1lnej situ\u00e1cie.<\/p>\n\n\n\n<p><strong>Ot\u00e1zka 9: M\u00f4\u017eeme vyrobi\u0165 n\u00edzkonap\u00e4\u0165ov\u00e9 nev\u00fdbu\u0161n\u00e9 svietidl\u00e1 s nap\u00e4t\u00edm AC\/DC 12 V, 24 V, 36 V alebo 48 V? <\/strong><\/p>\n\n\n\n<p>Amasly mo\u017eno pou\u017ei\u0165 ako n\u00edzkonap\u00e4\u0165ov\u00e9 aj vysokonap\u00e4\u0165ov\u00e9 nev\u00fdbu\u0161n\u00e9 svietidl\u00e1 - AC\/DC 12V, 24V, 36V, 48V, AC 85-265V, AC 380V. <\/p>\n\n\n\n<p><strong>Q10: Je mo\u017en\u00e9 prida\u0165 n\u00fadzov\u00e9 bat\u00e9rie Explosion Poof Lights? <\/strong><\/p>\n\n\n\n<p>Nev\u00fdbu\u0161n\u00e9 svietidlo Amasly m\u00f4\u017ee by\u0165 vybaven\u00e9 n\u00fadzov\u00fdmi l\u00edtiov\u00fdmi bat\u00e9riami. D\u013a\u017eka n\u00fadzov\u00e9ho nap\u00e1jania je 90 min\u00fat, 120 min\u00fat alebo 180 min\u00fat. <\/p>\n\n\n\n<p><strong>Q11: M\u00f4\u017ee by\u0165 v\u00fdbojka Amasly prisp\u00f4soben\u00e1 ako v\u00fdrobok OEM? <\/strong><\/p>\n\n\n\n<p>Nev\u00fdbu\u0161n\u00e9 lampy Amasly je mo\u017en\u00e9 prisp\u00f4sobi\u0165 pod\u013ea po\u017eiadaviek z\u00e1kazn\u00edka tak pre lampy, ako aj pre obalov\u00e9 kart\u00f3ny.<\/p>\n\n\n\n<div class=\"wp-block-uagb-container uagb-block-c7d898dd alignfull uagb-is-root-container\"><div class=\"uagb-container-inner-blocks-wrap\"><\/div><\/div>\n\n\n\n<h2 class=\"wp-block-heading\">S\u00favisiace produkty<\/h2>\n\n\n\n<div class=\"wp-block-uagb-container uagb-block-66e4defc alignfull uagb-is-root-container\"><div class=\"uagb-container-inner-blocks-wrap\">\n<div class=\"wp-block-uagb-container uagb-block-a42945f9\">\n<div class=\"wp-block-uagb-image uagb-block-7296296b wp-block-uagb-image--layout-default wp-block-uagb-image--effect-static wp-block-uagb-image--align-none\"><figure class=\"wp-block-uagb-image__figure\"><a class=\"\" href=\"https:\/\/led.amasly.com\/sk\/produkty\/\" target=\"\" rel=\"noopener\"><img decoding=\"async\" srcset=\"https:\/\/led.amasly.com\/wp-content\/uploads\/2024\/09\/Explosion-proof-high-bay-lights.png ,https:\/\/led.amasly.com\/wp-content\/uploads\/2024\/09\/Explosion-proof-high-bay-lights.png 780w, https:\/\/led.amasly.com\/wp-content\/uploads\/2024\/09\/Explosion-proof-high-bay-lights.png 360w\" sizes=\"auto, (max-width: 480px) 150px\" src=\"https:\/\/led.amasly.com\/wp-content\/uploads\/2024\/09\/Explosion-proof-high-bay-lights.png\" alt=\"\" class=\"uag-image-1495\" width=\"300\" height=\"300\" title=\"V\u00fdbu\u0161ne odoln\u00e9 vysok\u00e9 svetl\u00e1\" loading=\"lazy\" role=\"img\"><\/a><\/figure><\/div>\n<\/div>\n\n\n\n<div class=\"wp-block-uagb-container uagb-block-4d3efde5\">\n<div class=\"wp-block-uagb-image uagb-block-c9e90797 wp-block-uagb-image--layout-default wp-block-uagb-image--effect-static wp-block-uagb-image--align-none\"><figure class=\"wp-block-uagb-image__figure\"><a class=\"\" href=\"https:\/\/led.amasly.com\/sk\/produkty\/\" target=\"\" rel=\"noopener\"><img decoding=\"async\" srcset=\"https:\/\/led.amasly.com\/wp-content\/uploads\/2024\/07\/LED-tri-proof-lights2.png ,https:\/\/led.amasly.com\/wp-content\/uploads\/2024\/07\/LED-tri-proof-lights2.png 780w, https:\/\/led.amasly.com\/wp-content\/uploads\/2024\/07\/LED-tri-proof-lights2.png 360w\" sizes=\"auto, (max-width: 480px) 150px\" src=\"https:\/\/led.amasly.com\/wp-content\/uploads\/2024\/07\/LED-tri-proof-lights2.png\" alt=\"\" class=\"uag-image-1132\" width=\"300\" height=\"300\" title=\"LED-tri-odoln\u00e9 svetl\u00e12\" loading=\"lazy\" role=\"img\"><\/a><\/figure><\/div>\n<\/div>\n\n\n\n<div class=\"wp-block-uagb-container uagb-block-11c2578b\">\n<div class=\"wp-block-uagb-image uagb-block-6e8883aa wp-block-uagb-image--layout-default wp-block-uagb-image--effect-static wp-block-uagb-image--align-none\"><figure class=\"wp-block-uagb-image__figure\"><a class=\"\" href=\"https:\/\/led.amasly.com\/sk\/produkty\/\" target=\"\" rel=\"noopener\"><img decoding=\"async\" srcset=\"https:\/\/led.amasly.com\/wp-content\/uploads\/2024\/09\/LED-Explosion-Proof-Gas-Station-Light.png ,https:\/\/led.amasly.com\/wp-content\/uploads\/2024\/09\/LED-Explosion-Proof-Gas-Station-Light.png 780w, https:\/\/led.amasly.com\/wp-content\/uploads\/2024\/09\/LED-Explosion-Proof-Gas-Station-Light.png 360w\" sizes=\"auto, (max-width: 480px) 150px\" src=\"https:\/\/led.amasly.com\/wp-content\/uploads\/2024\/09\/LED-Explosion-Proof-Gas-Station-Light.png\" alt=\"\" class=\"uag-image-1501\" width=\"300\" height=\"300\" title=\"LED svetlo na \u010derpacej stanici odoln\u00e9 proti v\u00fdbuchu\" loading=\"lazy\" role=\"img\"><\/a><\/figure><\/div>\n<\/div>\n<\/div><\/div>\n\n\n\n<div class=\"wp-block-uagb-container uagb-block-548945b5 alignfull uagb-is-root-container\"><div class=\"uagb-container-inner-blocks-wrap\">\n<div class=\"wp-block-uagb-container uagb-block-967755d5\">\n<h4 class=\"wp-block-heading has-text-align-center\"><a href=\"https:\/\/led.amasly.com\/sk\/produkty\/\">Svetl\u00e1 LED odoln\u00e9 proti v\u00fdbuchu<\/a><\/h4>\n<\/div>\n\n\n\n<div class=\"wp-block-uagb-container uagb-block-9bc52fc2\">\n<h4 class=\"wp-block-heading has-text-align-center\"><a href=\"https:\/\/led.amasly.com\/sk\/produkty\/\">Trojit\u00e9 LED osvetlenie<\/a><\/h4>\n<\/div>\n\n\n\n<div class=\"wp-block-uagb-container uagb-block-8ffa0a23\">\n<h4 class=\"wp-block-heading has-text-align-center\"><a href=\"https:\/\/led.amasly.com\/sk\/produkty\/\">Svetl\u00e1 \u010derpac\u00edch stan\u00edc odoln\u00e9 proti v\u00fdbuchu<\/a><\/h4>\n<\/div>\n<\/div><\/div>\n\n\n\n<div class=\"wp-block-uagb-container uagb-block-29499fe0 alignfull uagb-is-root-container\"><div class=\"uagb-container-inner-blocks-wrap\">\n<div class=\"wp-block-uagb-container uagb-block-777ee1c7\">\n<div class=\"wp-block-uagb-image uagb-block-2e9a1851 wp-block-uagb-image--layout-default wp-block-uagb-image--effect-static wp-block-uagb-image--align-none\"><figure class=\"wp-block-uagb-image__figure\"><a class=\"\" href=\"https:\/\/led.amasly.com\/sk\/produkty\/\" target=\"\" rel=\"noopener\"><img decoding=\"async\" srcset=\"https:\/\/led.amasly.com\/wp-content\/uploads\/2024\/10\/50W-100W-150W-200W-300W-LED-Flood-Light.jpg ,https:\/\/led.amasly.com\/wp-content\/uploads\/2024\/10\/50W-100W-150W-200W-300W-LED-Flood-Light.jpg 780w, https:\/\/led.amasly.com\/wp-content\/uploads\/2024\/10\/50W-100W-150W-200W-300W-LED-Flood-Light.jpg 360w\" sizes=\"auto, (max-width: 480px) 150px\" src=\"https:\/\/led.amasly.com\/wp-content\/uploads\/2024\/10\/50W-100W-150W-200W-300W-LED-Flood-Light.jpg\" alt=\"\" class=\"uag-image-1526\" width=\"300\" height=\"300\" title=\"50W 100W 150W 200W 300W LED povod\u0148ov\u00e9 svetlo\" loading=\"lazy\" role=\"img\"><\/a><\/figure><\/div>\n<\/div>\n\n\n\n<div class=\"wp-block-uagb-container uagb-block-af8c8683\">\n<div class=\"wp-block-uagb-image uagb-block-67947854 wp-block-uagb-image--layout-default wp-block-uagb-image--effect-static wp-block-uagb-image--align-none\"><figure class=\"wp-block-uagb-image__figure\"><a class=\"\" href=\"https:\/\/led.amasly.com\/sk\/produkty\/\" target=\"\" rel=\"noopener\"><img decoding=\"async\" srcset=\"https:\/\/led.amasly.com\/wp-content\/uploads\/2024\/07\/led-tri-proof-light.png ,https:\/\/led.amasly.com\/wp-content\/uploads\/2024\/07\/led-tri-proof-light.png 780w, https:\/\/led.amasly.com\/wp-content\/uploads\/2024\/07\/led-tri-proof-light.png 360w\" sizes=\"auto, (max-width: 480px) 150px\" src=\"https:\/\/led.amasly.com\/wp-content\/uploads\/2024\/07\/led-tri-proof-light.png\" alt=\"\" class=\"uag-image-1130\" width=\"300\" height=\"300\" title=\"led-tri-proof-light\" loading=\"lazy\" role=\"img\"><\/a><\/figure><\/div>\n<\/div>\n\n\n\n<div class=\"wp-block-uagb-container uagb-block-0fdfdd58\">\n<div class=\"wp-block-uagb-image uagb-block-1187d32d wp-block-uagb-image--layout-default wp-block-uagb-image--effect-static wp-block-uagb-image--align-none\"><figure class=\"wp-block-uagb-image__figure\"><a class=\"\" href=\"https:\/\/led.amasly.com\/sk\/produkty\/\" target=\"\" rel=\"noopener\"><img decoding=\"async\" srcset=\"https:\/\/led.amasly.com\/wp-content\/uploads\/2024\/07\/LED-street-light.jpg ,https:\/\/led.amasly.com\/wp-content\/uploads\/2024\/07\/LED-street-light.jpg 780w, https:\/\/led.amasly.com\/wp-content\/uploads\/2024\/07\/LED-street-light.jpg 360w\" sizes=\"auto, (max-width: 480px) 150px\" src=\"https:\/\/led.amasly.com\/wp-content\/uploads\/2024\/07\/LED-street-light.jpg\" alt=\"\" class=\"uag-image-1145\" width=\"300\" height=\"300\" title=\"Uli\u010dn\u00e9 osvetlenie LED\" loading=\"lazy\" role=\"img\"><\/a><\/figure><\/div>\n<\/div>\n<\/div><\/div>\n\n\n\n<div class=\"wp-block-uagb-container uagb-block-6a60882c alignfull uagb-is-root-container\"><div class=\"uagb-container-inner-blocks-wrap\">\n<div class=\"wp-block-uagb-container uagb-block-f1e91a35\">\n<h4 class=\"wp-block-heading has-text-align-center\"><a href=\"https:\/\/led.amasly.com\/sk\/produkty\/\">LED svetl\u00e1 na zaplavenie<\/a><\/h4>\n<\/div>\n\n\n\n<div class=\"wp-block-uagb-container uagb-block-165bfa58\">\n<h4 class=\"wp-block-heading has-text-align-center\"><a href=\"https:\/\/led.amasly.com\/sk\/produkty\/\">LED Tri-Proof Tube Lights<\/a><\/h4>\n<\/div>\n\n\n\n<div class=\"wp-block-uagb-container uagb-block-f6096e3b\">\n<h4 class=\"wp-block-heading has-text-align-center\"><a href=\"https:\/\/led.amasly.com\/sk\/produkty\/\">Pouli\u010dn\u00e9 svetl\u00e1 LED<\/a><\/h4>\n<\/div>\n<\/div><\/div>\n\n\n\n<div class=\"wp-block-uagb-container uagb-block-99c0e0a5 alignfull uagb-is-root-container\"><div class=\"uagb-container-inner-blocks-wrap\"><\/div><\/div>\n\n\n\n<p><\/p>","protected":false},"excerpt":{"rendered":"<p>Explosion Proof fluorescent Lights Price Amasly Explosion Proof fluorescent Lights Features Polycarbonate alloy material injection molding shell, strong impact resistance, high temperature resistance, cold resistance, strong anti-corrosion and other characteristics; Polycarbonate material injection molding lampshade, high light transmittance, and can withstand strong impact, strip-ribbed design, can effectively prevent glare.Professional optical software design of the light [&hellip;]<\/p>\n","protected":false},"author":1,"featured_media":0,"parent":2869,"menu_order":0,"comment_status":"closed","ping_status":"closed","template":"","meta":{"_uag_custom_page_level_css":"","site-sidebar-layout":"no-sidebar","site-content-layout":"","ast-site-content-layout":"default","site-content-style":"default","site-sidebar-style":"default","ast-global-header-display":"","ast-banner-title-visibility":"","ast-main-header-display":"","ast-hfb-above-header-display":"","ast-hfb-below-header-display":"","ast-hfb-mobile-header-display":"","site-post-title":"disabled","ast-breadcrumbs-content":"","ast-featured-img":"","footer-sml-layout":"","ast-disable-related-posts":"","theme-transparent-header-meta":"enabled","adv-header-id-meta":"","stick-header-meta":"","header-above-stick-meta":"","header-main-stick-meta":"","header-below-stick-meta":"","astra-migrate-meta-layouts":"set","ast-page-background-enabled":"default","ast-page-background-meta":{"desktop":{"background-color":"var(--ast-global-color-4)","background-image":"","background-repeat":"repeat","background-position":"center center","background-size":"auto","background-attachment":"scroll","background-type":"","background-media":"","overlay-type":"","overlay-color":"","overlay-opacity":"","overlay-gradient":""},"tablet":{"background-color":"","background-image":"","background-repeat":"repeat","background-position":"center center","background-size":"auto","background-attachment":"scroll","background-type":"","background-media":"","overlay-type":"","overlay-color":"","overlay-opacity":"","overlay-gradient":""},"mobile":{"background-color":"","background-image":"","background-repeat":"repeat","background-position":"center center","background-size":"auto","background-attachment":"scroll","background-type":"","background-media":"","overlay-type":"","overlay-color":"","overlay-opacity":"","overlay-gradient":""}},"ast-content-background-meta":{"desktop":{"background-color":"var(--ast-global-color-5)","background-image":"","background-repeat":"repeat","background-position":"center center","background-size":"auto","background-attachment":"scroll","background-type":"","background-media":"","overlay-type":"","overlay-color":"","overlay-opacity":"","overlay-gradient":""},"tablet":{"background-color":"var(--ast-global-color-5)","background-image":"","background-repeat":"repeat","background-position":"center center","background-size":"auto","background-attachment":"scroll","background-type":"","background-media":"","overlay-type":"","overlay-color":"","overlay-opacity":"","overlay-gradient":""},"mobile":{"background-color":"var(--ast-global-color-5)","background-image":"","background-repeat":"repeat","background-position":"center center","background-size":"auto","background-attachment":"scroll","background-type":"","background-media":"","overlay-type":"","overlay-color":"","overlay-opacity":"","overlay-gradient":""}},"footnotes":""},"class_list":["post-4002","page","type-page","status-publish","hentry"],"uagb_featured_image_src":{"full":false,"thumbnail":false,"medium":false,"medium_large":false,"large":false,"1536x1536":false,"2048x2048":false,"trp-custom-language-flag":false},"uagb_author_info":{"display_name":"Joe","author_link":"https:\/\/led.amasly.com\/sk\/author\/jacklin\/"},"uagb_comment_info":0,"uagb_excerpt":"Explosion Proof fluorescent Lights Price Amasly Explosion Proof fluorescent Lights Features Polycarbonate alloy material injection molding shell, strong impact resistance, high temperature resistance, cold resistance, strong anti-corrosion and other characteristics; Polycarbonate material injection molding lampshade, high light transmittance, and can withstand strong impact, strip-ribbed design, can effectively prevent glare.Professional optical software design of the light&hellip;","_links":{"self":[{"href":"https:\/\/led.amasly.com\/sk\/wp-json\/wp\/v2\/pages\/4002","targetHints":{"allow":["GET"]}}],"collection":[{"href":"https:\/\/led.amasly.com\/sk\/wp-json\/wp\/v2\/pages"}],"about":[{"href":"https:\/\/led.amasly.com\/sk\/wp-json\/wp\/v2\/types\/page"}],"author":[{"embeddable":true,"href":"https:\/\/led.amasly.com\/sk\/wp-json\/wp\/v2\/users\/1"}],"replies":[{"embeddable":true,"href":"https:\/\/led.amasly.com\/sk\/wp-json\/wp\/v2\/comments?post=4002"}],"version-history":[{"count":2,"href":"https:\/\/led.amasly.com\/sk\/wp-json\/wp\/v2\/pages\/4002\/revisions"}],"predecessor-version":[{"id":4485,"href":"https:\/\/led.amasly.com\/sk\/wp-json\/wp\/v2\/pages\/4002\/revisions\/4485"}],"up":[{"embeddable":true,"href":"https:\/\/led.amasly.com\/sk\/wp-json\/wp\/v2\/pages\/2869"}],"wp:attachment":[{"href":"https:\/\/led.amasly.com\/sk\/wp-json\/wp\/v2\/media?parent=4002"}],"curies":[{"name":"wp","href":"https:\/\/api.w.org\/{rel}","templated":true}]}}