{"id":4001,"date":"2025-05-28T22:22:23","date_gmt":"2025-05-28T14:22:23","guid":{"rendered":"https:\/\/led.amasly.com\/?page_id=4001"},"modified":"2026-01-18T14:21:05","modified_gmt":"2026-01-18T06:21:05","slug":"explosion-proof-torch-lights-price","status":"publish","type":"page","link":"https:\/\/led.amasly.com\/sk\/light-price\/explosion-proof-torch-lights-price\/","title":{"rendered":"V\u00fdbu\u0161n\u00e1 hor\u00e1kov\u00e1 svietidl\u00e1 Cena"},"content":{"rendered":"<div class=\"wp-block-uagb-container uagb-block-27bae773 alignfull uagb-is-root-container\"><div class=\"uagb-container-inner-blocks-wrap\"><\/div><\/div>\n\n\n\n<h1 class=\"wp-block-heading has-text-align-center\"><strong>Amasly<\/strong> <strong>Hor\u00e1k odoln\u00fd proti v\u00fdbuchu<\/strong> <strong>svetl\u00e1 Cena<\/strong><\/h1>\n\n\n\n<h2 class=\"wp-block-heading\"><strong>Svietidl\u00e1 odoln\u00e9 proti v\u00fdbuchu Amasly<strong> <\/strong><\/strong><\/h2>\n\n\n\n<h3 class=\"wp-block-heading\"><strong>Nev\u00fdbu\u0161n\u00e9 svietidlo<\/strong> <strong>faktory ovplyv\u0148uj\u00face cenu:<\/strong><\/h3>\n\n\n\n<p>Nev\u00fdbu\u0161n\u00e9 svetl\u00e1 s\u00fa zvy\u010dajne drah\u0161ie ako be\u017en\u00e9 svetl\u00e1, preto\u017ee maj\u00fa vy\u0161\u0161ie kon\u0161truk\u010dn\u00e9 a v\u00fdrobn\u00e9 n\u00e1klady. Av\u0161ak pre t\u00fdch, ktor\u00ed musia pracova\u0165 v hor\u013eavom a v\u00fdbu\u0161nom prostred\u00ed, m\u00f4\u017ee pou\u017eitie nev\u00fdbu\u0161n\u00fdch svetiel v\u00fdrazne zn\u00ed\u017ei\u0165 riziko po\u017eiaru alebo v\u00fdbuchu.<\/p>\n\n\n\n<p>Cenu nev\u00fdbu\u0161n\u00e9ho svetla ovplyv\u0148uje cel\u00fd rad faktorov, najm\u00e4 materi\u00e1l, technol\u00f3gia, konfigur\u00e1cia a parametre, certifik\u00e1cia kvality, ponuka a dopyt na trhu, zna\u010dka a p\u00f4vod a potreby prisp\u00f4sobenia.<\/p>\n\n\n\n<h2 class=\"wp-block-heading\"><strong>Vlastnosti bateriek Amasly odoln\u00fdch vo\u010di v\u00fdbuchu<\/strong><\/h2>\n\n\n\n<p>Bezpe\u010dnos\u0165 a spo\u013eahlivos\u0165: v\u00fdrobok je odoln\u00fd proti v\u00fdbuchu, m\u00f4\u017ee pracova\u0165 na r\u00f4znych hor\u013eav\u00fdch a v\u00fdbu\u0161n\u00fdch miestach.<\/p>\n\n\n\n<p><br>Energetick\u00e1 \u00fa\u010dinnos\u0165: LED sveteln\u00fd zdroj, vysok\u00e1 sveteln\u00e1 \u00fa\u010dinnos\u0165, vysok\u00e9 podanie farieb.<\/p>\n\n\n\n<p><br>Hospod\u00e1rstvo a ochrana \u017eivotn\u00e9ho prostredia: Vysokoenergetick\u00e9 bat\u00e9rie bez pam\u00e4te, ve\u013ek\u00e1 kapacita, dlh\u00e1 \u017eivotnos\u0165, mo\u017enos\u0165 nab\u00edjania kedyko\u013evek, cyklus pou\u017e\u00edvania, n\u00edzka miera samovyb\u00edjania, n\u00edzka miera samovyb\u00edjania a mo\u017enos\u0165 pou\u017eitia kedyko\u013evek. N\u00edzka miera samovyb\u00edjania, hospod\u00e1rnos\u0165 a ochrana \u017eivotn\u00e9ho prostredia.<\/p>\n\n\n\n<p><br>Inteligentn\u00e9 ovl\u00e1danie: technol\u00f3gia pulzn\u00e9ho stmievania, siln\u00e9 svetlo a pracovn\u00e9 svetlo mo\u017eno \u013eubovo\u013ene meni\u0165; inteligentn\u00e1 nab\u00edja\u010dka s ochranou proti prebitiu a skratu.<\/p>\n\n\n\n<p><br>Inteligentn\u00e1 nab\u00edja\u010dka je vybaven\u00e1 ochranou proti nadmern\u00e9mu nab\u00edjaniu, skratu a zariaden\u00edm na zobrazenie nab\u00edjania, ktor\u00e9 m\u00f4\u017ee pred\u013a\u017ei\u0165 \u017eivotnos\u0165 lampy.<br>Inteligentn\u00e1 nab\u00edja\u010dka je vybaven\u00e1 ochranou proti prebitiu a skratu a zariaden\u00edm na zobrazenie nab\u00edjania, ktor\u00e9 m\u00f4\u017ee pred\u013a\u017ei\u0165 \u017eivotnos\u0165 svietidiel.<\/p>\n\n\n\n<p><br>Vodotesnos\u0165 a ochrana proti p\u00e1du: pl\u00e1\u0161\u0165 je vyroben\u00fd zo zliatiny, aby v\u00fdrobok odolal n\u00e1razu a zr\u00e1\u017eke; s viacer\u00fdmi<br>vodotesn\u00e1 \u0161trukt\u00fara.<\/p>\n\n\n\n<p><br>Zobrazenie nap\u00e1jania: \u0161tvorsegmentov\u00fd displej nap\u00e1jania na konci lampy, m\u00f4\u017eete kedyko\u013evek zisti\u0165 stav nap\u00e1jania lampy; \u010fal\u0161ia funkcia azimut\u00e1lneho svetla, v pr\u00edpade v\u00fdpadku nap\u00e1jania sa lampa m\u00f4\u017ee pou\u017e\u00edva\u0165 dlh\u00fd \u010das.<\/p>\n\n\n\n<p><br>Okrem funkcie orienta\u010dn\u00e9ho svetla je v otvorenom stave orienta\u010dn\u00e9 svetlo v\u017edy zapnut\u00e9 a po vypnut\u00ed svetla sa orienta\u010dn\u00e9 svetlo z\u00e1rove\u0148 vypne.<\/p>\n\n\n\n<p><br>Ke\u010f je svetlo zapnut\u00e9, orienta\u010dn\u00e9 svetlo v\u017edy svieti a ke\u010f je svetlo vypnut\u00e9, orienta\u010dn\u00e9 svetlo nesvieti.<\/p>\n\n\n\n<p><br>Odolnos\u0165 vo\u010di siln\u00e9mu ru\u0161eniu: pou\u017eitie vedeck\u00e9ho obvodu pohonu modulu, antivibra\u010dn\u00e1, anti-elektromagnetick\u00e1 interferen\u010dn\u00e1 schopnos\u0165.<\/p>\n\n\n\n<p><br>Tepeln\u00e1 izol\u00e1cia: LED \u017eiari\u010d a bat\u00e9ria s\u00fa \u00fa\u010dinne izolovan\u00e9, aby sa zlep\u0161ila stabilita lampy.<\/p>\n\n\n\n<p><br>\u013dahk\u00e9 a odoln\u00e9: lampy a svietidl\u00e1 maj\u00fa mal\u00e9 rozmery, n\u00edzku hmotnos\u0165, kompaktn\u00fa \u0161trukt\u00faru, s\u00fa \u013eahk\u00e9 a kr\u00e1sne; mo\u017eno ich dr\u017ea\u0165 v ruke, \u0161ikmo, zavesi\u0165 a nosi\u0165 in\u00fdm sp\u00f4sobom.<\/p>\n\n\n\n<p><br>M\u00f4\u017ee sa pren\u00e1\u0161a\u0165 ru\u010dne, \u0161ikmo, zavesen\u00fd at\u010f., aby sp\u013a\u0148al r\u00f4zne pracovn\u00e9 po\u017eiadavky.<\/p>\n\n\n\n<h2 class=\"wp-block-heading\">Amasly \u00davod<\/h2>\n\n\n\n<p>Amasly ako dod\u00e1vate\u013e nev\u00fdbu\u0161n\u00e9ho osvetlenia v \u010c\u00edne, produkty nev\u00fdbu\u0161n\u00e9ho osvetlenia zah\u0155\u0148aj\u00fa: okr\u00fahle nev\u00fdbu\u0161n\u00e9 svetl\u00e1 (nev\u00fdbu\u0161n\u00e9 svetl\u00e1 High Bay), \u0161tvorcov\u00e9 nev\u00fdbu\u0161n\u00e9 svetl\u00e1 (nev\u00fdbu\u0161n\u00e9 svetl\u00e1 Flood), line\u00e1rne nev\u00fdbu\u0161n\u00e9 svetl\u00e1, nev\u00fdbu\u0161n\u00e9 svetl\u00e1 trubice, nev\u00fdbu\u0161n\u00e9 indik\u00e1tory, nev\u00fdbu\u0161n\u00e9 n\u00fadzov\u00e9 svetl\u00e1, v\u0161etky na\u0161e nev\u00fdbu\u0161n\u00e9 svetl\u00e1 s\u00fa schv\u00e1len\u00e9 ATEX a pon\u00fakan\u00e9 za ve\u013emi konkurencieschopn\u00fa cenu.<\/p>\n\n\n\n<p>Amasly Lighting je popredn\u00e1 profesion\u00e1lna osvet\u013eovacia spolo\u010dnos\u0165, ktor\u00e1 sa venuje osvet\u013eovaniu priestorov s kreativitou, inov\u00e1ciou a udr\u017eate\u013enos\u0165ou. Zameriavame sa na kvalitu, efekt\u00edvnos\u0165 a spokojnos\u0165 z\u00e1kazn\u00edkov a pon\u00fakame komplexn\u00fd sortiment najmodernej\u0161\u00edch rie\u0161en\u00ed osvetlenia prisp\u00f4soben\u00fdch r\u00f4znorod\u00fdm potreb\u00e1m na\u0161ich klientov.<\/p>\n\n\n\n<p>Na\u0161e v\u00fdrobky boli vyvezen\u00e9 do 68 kraj\u00edn sveta, napr\u00edklad do Eur\u00f3py a Spojen\u00fdch \u0161t\u00e1tov, a v\u010faka svojej vysokej kvalite si z\u00edskali uznanie popredn\u00fdch svetov\u00fdch dod\u00e1vate\u013eov osvet\u013eovac\u00edch v\u00fdrobkov.<\/p>\n\n\n\n<h2 class=\"wp-block-heading\"><strong>Amasly hor\u00e1k odoln\u00fd proti v\u00fdbuchu<\/strong> <strong>svetl\u00e1<\/strong> <strong>cena<\/strong><\/h2>\n\n\n\n<div class=\"wp-block-uagb-image uagb-block-b5e91b46 wp-block-uagb-image--layout-default wp-block-uagb-image--effect-static wp-block-uagb-image--align-none\"><figure class=\"wp-block-uagb-image__figure\"><img decoding=\"async\" srcset=\"https:\/\/led.amasly.com\/wp-content\/uploads\/2024\/12\/explosion-proof-flashlights-explosion-proof-mobile-work-lights.jpg ,https:\/\/led.amasly.com\/wp-content\/uploads\/2024\/12\/explosion-proof-flashlights-explosion-proof-mobile-work-lights.jpg 780w, https:\/\/led.amasly.com\/wp-content\/uploads\/2024\/12\/explosion-proof-flashlights-explosion-proof-mobile-work-lights.jpg 360w\" sizes=\"auto, (max-width: 480px) 150px\" src=\"https:\/\/led.amasly.com\/wp-content\/uploads\/2024\/12\/explosion-proof-flashlights-explosion-proof-mobile-work-lights.jpg\" alt=\"Explosion proof torch lights Price\" class=\"uag-image-1584\" width=\"617\" height=\"453\" title=\"nev\u00fdbu\u0161n\u00e9 baterky nev\u00fdbu\u0161n\u00e9 mobiln\u00e9 pracovn\u00e9 svetl\u00e1\" loading=\"lazy\" role=\"img\"\/><\/figure><\/div>\n\n\n\n<figure class=\"wp-block-table\"><table class=\"has-fixed-layout\"><tbody><tr><td>7626<\/td><td>3W<\/td><td>$16.25<\/td><\/tr><tr><td>7210<\/td><td>3W<\/td><td>$28.67<\/td><\/tr><tr><td>7102<\/td><td>9W<\/td><td>$37.27<\/td><\/tr><tr><td>6106<\/td><td>30W<\/td><td>$183.83<\/td><\/tr><\/tbody><\/table><\/figure>\n\n\n\n<h2 class=\"wp-block-heading\"><strong>\u010casto kladen\u00e9 ot\u00e1zky o Amasly Light<\/strong><\/h2>\n\n\n\n<p><strong>Q1.Can m\u00e1m vzorov\u00fa objedn\u00e1vku pre LED svetlo?<\/strong><strong><\/strong><\/p>\n\n\n\n<p>Odpove\u010f: \u00c1no, v\u00edtame objedn\u00e1vku vzorky na testovanie a kontrolu kvality. Zmie\u0161an\u00e9 vzorky s\u00fa prijate\u013en\u00e9.<\/p>\n\n\n\n<p><strong>Q2.A \u010do \u010das realiz\u00e1cie?<\/strong><strong><\/strong><\/p>\n\n\n\n<p>Odpove\u010f: Vzorka potrebuje 3-5 dn\u00ed, \u010das hromadnej v\u00fdroby potrebuje 1-2 t\u00fd\u017edne.<\/p>\n\n\n\n<p><strong>Q3.Do m\u00e1te nejak\u00fd limit MOQ pre sveteln\u00fa objedn\u00e1vku?<\/strong><strong><\/strong><\/p>\n\n\n\n<p>Odpove\u010f: K dispoz\u00edcii je n\u00edzky MOQ 1 ks na kontrolu vzorky.<\/p>\n\n\n\n<p><strong>Q4. Ako odosielate tovar a ako dlho trv\u00e1 jeho doru\u010denie?<\/strong><strong><\/strong><\/p>\n\n\n\n<p>Odpove\u010f: Zvy\u010dajne posielame <a href=\"https:\/\/www.dhl.com\" rel=\"nofollow noopener\" target=\"_blank\">DHL<\/a>, UPS, FedEx alebo TNT. Zvy\u010dajne trv\u00e1 3-5 dn\u00ed, k\u00fdm doraz\u00ed. Leteck\u00e1 a n\u00e1morn\u00e1 doprava je tie\u017e volite\u013en\u00e1.<\/p>\n\n\n\n<p><strong>Q5. Ako postupova\u0165 pri objedn\u00e1vke LED svetla?<\/strong><strong><\/strong><\/p>\n\n\n\n<p>A:<\/p>\n\n\n\n<p>Najprv n\u00e1m ozn\u00e1mte svoje po\u017eiadavky alebo \u017eiados\u0165.<\/p>\n\n\n\n<p>Po druh\u00e9, pon\u00fakame ceny pod\u013ea va\u0161ich po\u017eiadaviek alebo na\u0161ich n\u00e1vrhov.<\/p>\n\n\n\n<p>Po tretie, z\u00e1kazn\u00edk potvrd\u00ed vzorky a zlo\u017e\u00ed z\u00e1lohu na form\u00e1lnu objedn\u00e1vku.<\/p>\n\n\n\n<p>Po \u0161tvrt\u00e9, zabezpe\u010dujeme v\u00fdrobu.<\/p>\n\n\n\n<p><strong>Q6.Je v poriadku vytla\u010di\u0165 m\u00f4j <\/strong><strong>LOGO<\/strong><strong>&nbsp;na produkte led svetla ?<\/strong><strong><\/strong><\/p>\n\n\n\n<p>Odpove\u010f: \u00c1no.Pros\u00edm, informujte n\u00e1s form\u00e1lne pred na\u0161ou v\u00fdrobou a najprv potvr\u010fte dizajn na z\u00e1klade na\u0161ej vzorky.<\/p>\n\n\n\n<p><strong>Ot\u00e1zka 7: Poskytujete z\u00e1ruku na v\u00fdrobky?<\/strong><strong><\/strong><\/p>\n\n\n\n<p>Odpove\u010f: \u00c1no, na na\u0161e v\u00fdrobky poskytujeme z\u00e1ruku 2-5 rokov.<\/p>\n\n\n\n<p><strong>Ot\u00e1zka 8: Ako sa vysporiada\u0165 s chybou?<\/strong><strong><\/strong><\/p>\n\n\n\n<p>A:<\/p>\n\n\n\n<p>Po prv\u00e9, na\u0161e v\u00fdrobky s\u00fa vyr\u00e1ban\u00e9 dinstrict syst\u00e9m kontroly kvality a chybn\u00e9 miera bude men\u0161ia ako 0,2%<\/p>\n\n\n\n<p>Po druh\u00e9, po\u010das z\u00e1ru\u010dnej doby poskytneme n\u00e1hradn\u00e9 diely na v\u00fdmenu zlej \u010dasti. V pr\u00edpade hromadn\u00fdch objedn\u00e1vok poskytneme zranite\u013en\u00e9 diely vopred alebo m\u00f4\u017eeme diskutova\u0165 o rie\u0161eniach vr\u00e1tane stiahnutia z trhu na z\u00e1klade aktu\u00e1lnej situ\u00e1cie.<\/p>\n\n\n\n<p><strong>Ot\u00e1zka 9: M\u00f4\u017eeme vyrobi\u0165 n\u00edzkonap\u00e4\u0165ov\u00e9 nev\u00fdbu\u0161n\u00e9 svietidl\u00e1 s nap\u00e4t\u00edm AC\/DC 12 V, 24 V, 36 V alebo 48 V? <\/strong><\/p>\n\n\n\n<p>Amasly mo\u017eno pou\u017ei\u0165 ako n\u00edzkonap\u00e4\u0165ov\u00e9 aj vysokonap\u00e4\u0165ov\u00e9 nev\u00fdbu\u0161n\u00e9 svietidl\u00e1 - AC\/DC 12V, 24V, 36V, 48V, AC 85-265V, AC 380V. <\/p>\n\n\n\n<p><strong>Q10: Je mo\u017en\u00e9 prida\u0165 n\u00fadzov\u00e9 bat\u00e9rie Explosion Poof Lights? <\/strong><\/p>\n\n\n\n<p>Nev\u00fdbu\u0161n\u00e9 svietidlo Amasly m\u00f4\u017ee by\u0165 vybaven\u00e9 n\u00fadzov\u00fdmi l\u00edtiov\u00fdmi bat\u00e9riami. D\u013a\u017eka n\u00fadzov\u00e9ho nap\u00e1jania je 90 min\u00fat, 120 min\u00fat alebo 180 min\u00fat. <\/p>\n\n\n\n<p><strong>Q11: M\u00f4\u017ee by\u0165 v\u00fdbojka Amasly prisp\u00f4soben\u00e1 ako v\u00fdrobok OEM? <\/strong><\/p>\n\n\n\n<p>Nev\u00fdbu\u0161n\u00e9 lampy Amasly je mo\u017en\u00e9 prisp\u00f4sobi\u0165 pod\u013ea po\u017eiadaviek z\u00e1kazn\u00edka tak pre lampy, ako aj pre obalov\u00e9 kart\u00f3ny.<\/p>\n\n\n\n<div class=\"wp-block-uagb-container uagb-block-c7d898dd alignfull uagb-is-root-container\"><div class=\"uagb-container-inner-blocks-wrap\"><\/div><\/div>\n\n\n\n<h2 class=\"wp-block-heading\">S\u00favisiace produkty<\/h2>\n\n\n\n<div class=\"wp-block-uagb-container uagb-block-66e4defc alignfull uagb-is-root-container\"><div class=\"uagb-container-inner-blocks-wrap\">\n<div class=\"wp-block-uagb-container uagb-block-a42945f9\">\n<div class=\"wp-block-uagb-image uagb-block-7296296b wp-block-uagb-image--layout-default wp-block-uagb-image--effect-static wp-block-uagb-image--align-none\"><figure class=\"wp-block-uagb-image__figure\"><a class=\"\" href=\"https:\/\/led.amasly.com\/sk\/products\/\" target=\"\" rel=\"noopener\"><img decoding=\"async\" srcset=\"https:\/\/led.amasly.com\/wp-content\/uploads\/2024\/09\/Explosion-proof-high-bay-lights.png ,https:\/\/led.amasly.com\/wp-content\/uploads\/2024\/09\/Explosion-proof-high-bay-lights.png 780w, https:\/\/led.amasly.com\/wp-content\/uploads\/2024\/09\/Explosion-proof-high-bay-lights.png 360w\" sizes=\"auto, (max-width: 480px) 150px\" src=\"https:\/\/led.amasly.com\/wp-content\/uploads\/2024\/09\/Explosion-proof-high-bay-lights.png\" alt=\"\" class=\"uag-image-1495\" width=\"300\" height=\"300\" title=\"V\u00fdbu\u0161ne odoln\u00e9 vysok\u00e9 svetl\u00e1\" loading=\"lazy\" role=\"img\"><\/a><\/figure><\/div>\n<\/div>\n\n\n\n<div class=\"wp-block-uagb-container uagb-block-4d3efde5\">\n<div class=\"wp-block-uagb-image uagb-block-c9e90797 wp-block-uagb-image--layout-default wp-block-uagb-image--effect-static wp-block-uagb-image--align-none\"><figure class=\"wp-block-uagb-image__figure\"><a class=\"\" href=\"https:\/\/led.amasly.com\/sk\/products\/\" target=\"\" rel=\"noopener\"><img decoding=\"async\" srcset=\"https:\/\/led.amasly.com\/wp-content\/uploads\/2024\/07\/LED-tri-proof-lights2.png ,https:\/\/led.amasly.com\/wp-content\/uploads\/2024\/07\/LED-tri-proof-lights2.png 780w, https:\/\/led.amasly.com\/wp-content\/uploads\/2024\/07\/LED-tri-proof-lights2.png 360w\" sizes=\"auto, (max-width: 480px) 150px\" src=\"https:\/\/led.amasly.com\/wp-content\/uploads\/2024\/07\/LED-tri-proof-lights2.png\" alt=\"\" class=\"uag-image-1132\" width=\"300\" height=\"300\" title=\"LED-tri-odoln\u00e9 svetl\u00e12\" loading=\"lazy\" role=\"img\"><\/a><\/figure><\/div>\n<\/div>\n\n\n\n<div class=\"wp-block-uagb-container uagb-block-11c2578b\">\n<div class=\"wp-block-uagb-image uagb-block-6e8883aa wp-block-uagb-image--layout-default wp-block-uagb-image--effect-static wp-block-uagb-image--align-none\"><figure class=\"wp-block-uagb-image__figure\"><a class=\"\" href=\"https:\/\/led.amasly.com\/sk\/products\/\" target=\"\" rel=\"noopener\"><img decoding=\"async\" srcset=\"https:\/\/led.amasly.com\/wp-content\/uploads\/2024\/09\/LED-Explosion-Proof-Gas-Station-Light.png ,https:\/\/led.amasly.com\/wp-content\/uploads\/2024\/09\/LED-Explosion-Proof-Gas-Station-Light.png 780w, https:\/\/led.amasly.com\/wp-content\/uploads\/2024\/09\/LED-Explosion-Proof-Gas-Station-Light.png 360w\" sizes=\"auto, (max-width: 480px) 150px\" src=\"https:\/\/led.amasly.com\/wp-content\/uploads\/2024\/09\/LED-Explosion-Proof-Gas-Station-Light.png\" alt=\"\" class=\"uag-image-1501\" width=\"300\" height=\"300\" title=\"LED svetlo na \u010derpacej stanici odoln\u00e9 proti v\u00fdbuchu\" loading=\"lazy\" role=\"img\"><\/a><\/figure><\/div>\n<\/div>\n<\/div><\/div>\n\n\n\n<div class=\"wp-block-uagb-container uagb-block-548945b5 alignfull uagb-is-root-container\"><div class=\"uagb-container-inner-blocks-wrap\">\n<div class=\"wp-block-uagb-container uagb-block-967755d5\">\n<h4 class=\"wp-block-heading has-text-align-center\"><a href=\"https:\/\/led.amasly.com\/sk\/products\/\">Svetl\u00e1 LED odoln\u00e9 proti v\u00fdbuchu<\/a><\/h4>\n<\/div>\n\n\n\n<div class=\"wp-block-uagb-container uagb-block-9bc52fc2\">\n<h4 class=\"wp-block-heading has-text-align-center\"><a href=\"https:\/\/led.amasly.com\/sk\/products\/\">Trojit\u00e9 LED osvetlenie<\/a><\/h4>\n<\/div>\n\n\n\n<div class=\"wp-block-uagb-container uagb-block-8ffa0a23\">\n<h4 class=\"wp-block-heading has-text-align-center\"><a href=\"https:\/\/led.amasly.com\/sk\/products\/\">Svetl\u00e1 \u010derpac\u00edch stan\u00edc odoln\u00e9 proti v\u00fdbuchu<\/a><\/h4>\n<\/div>\n<\/div><\/div>\n\n\n\n<div class=\"wp-block-uagb-container uagb-block-29499fe0 alignfull uagb-is-root-container\"><div class=\"uagb-container-inner-blocks-wrap\">\n<div class=\"wp-block-uagb-container uagb-block-777ee1c7\">\n<div class=\"wp-block-uagb-image uagb-block-2e9a1851 wp-block-uagb-image--layout-default wp-block-uagb-image--effect-static wp-block-uagb-image--align-none\"><figure class=\"wp-block-uagb-image__figure\"><a class=\"\" href=\"https:\/\/led.amasly.com\/sk\/products\/\" target=\"\" rel=\"noopener\"><img decoding=\"async\" srcset=\"https:\/\/led.amasly.com\/wp-content\/uploads\/2024\/10\/50W-100W-150W-200W-300W-LED-Flood-Light.jpg ,https:\/\/led.amasly.com\/wp-content\/uploads\/2024\/10\/50W-100W-150W-200W-300W-LED-Flood-Light.jpg 780w, https:\/\/led.amasly.com\/wp-content\/uploads\/2024\/10\/50W-100W-150W-200W-300W-LED-Flood-Light.jpg 360w\" sizes=\"auto, (max-width: 480px) 150px\" src=\"https:\/\/led.amasly.com\/wp-content\/uploads\/2024\/10\/50W-100W-150W-200W-300W-LED-Flood-Light.jpg\" alt=\"\" class=\"uag-image-1526\" width=\"300\" height=\"300\" title=\"50W 100W 150W 200W 300W LED povod\u0148ov\u00e9 svetlo\" loading=\"lazy\" role=\"img\"><\/a><\/figure><\/div>\n<\/div>\n\n\n\n<div class=\"wp-block-uagb-container uagb-block-af8c8683\">\n<div class=\"wp-block-uagb-image uagb-block-67947854 wp-block-uagb-image--layout-default wp-block-uagb-image--effect-static wp-block-uagb-image--align-none\"><figure class=\"wp-block-uagb-image__figure\"><a class=\"\" href=\"https:\/\/led.amasly.com\/sk\/products\/\" target=\"\" rel=\"noopener\"><img decoding=\"async\" srcset=\"https:\/\/led.amasly.com\/wp-content\/uploads\/2024\/07\/led-tri-proof-light.png ,https:\/\/led.amasly.com\/wp-content\/uploads\/2024\/07\/led-tri-proof-light.png 780w, https:\/\/led.amasly.com\/wp-content\/uploads\/2024\/07\/led-tri-proof-light.png 360w\" sizes=\"auto, (max-width: 480px) 150px\" src=\"https:\/\/led.amasly.com\/wp-content\/uploads\/2024\/07\/led-tri-proof-light.png\" alt=\"\" class=\"uag-image-1130\" width=\"300\" height=\"300\" title=\"led-tri-proof-light\" loading=\"lazy\" role=\"img\"><\/a><\/figure><\/div>\n<\/div>\n\n\n\n<div class=\"wp-block-uagb-container uagb-block-0fdfdd58\">\n<div class=\"wp-block-uagb-image uagb-block-1187d32d wp-block-uagb-image--layout-default wp-block-uagb-image--effect-static wp-block-uagb-image--align-none\"><figure class=\"wp-block-uagb-image__figure\"><a class=\"\" href=\"https:\/\/led.amasly.com\/sk\/products\/\" target=\"\" rel=\"noopener\"><img decoding=\"async\" srcset=\"https:\/\/led.amasly.com\/wp-content\/uploads\/2024\/07\/LED-street-light.jpg ,https:\/\/led.amasly.com\/wp-content\/uploads\/2024\/07\/LED-street-light.jpg 780w, https:\/\/led.amasly.com\/wp-content\/uploads\/2024\/07\/LED-street-light.jpg 360w\" sizes=\"auto, (max-width: 480px) 150px\" src=\"https:\/\/led.amasly.com\/wp-content\/uploads\/2024\/07\/LED-street-light.jpg\" alt=\"\" class=\"uag-image-1145\" width=\"300\" height=\"300\" title=\"Uli\u010dn\u00e9 osvetlenie LED\" loading=\"lazy\" role=\"img\"><\/a><\/figure><\/div>\n<\/div>\n<\/div><\/div>\n\n\n\n<div class=\"wp-block-uagb-container uagb-block-6a60882c alignfull uagb-is-root-container\"><div class=\"uagb-container-inner-blocks-wrap\">\n<div class=\"wp-block-uagb-container uagb-block-f1e91a35\">\n<h4 class=\"wp-block-heading has-text-align-center\"><a href=\"https:\/\/led.amasly.com\/sk\/products\/\">LED svetl\u00e1 na zaplavenie<\/a><\/h4>\n<\/div>\n\n\n\n<div class=\"wp-block-uagb-container uagb-block-165bfa58\">\n<h4 class=\"wp-block-heading has-text-align-center\"><a href=\"https:\/\/led.amasly.com\/sk\/products\/\">LED Tri-Proof Tube Lights<\/a><\/h4>\n<\/div>\n\n\n\n<div class=\"wp-block-uagb-container uagb-block-f6096e3b\">\n<h4 class=\"wp-block-heading has-text-align-center\"><a href=\"https:\/\/led.amasly.com\/sk\/products\/\">Pouli\u010dn\u00e9 svetl\u00e1 LED<\/a><\/h4>\n<\/div>\n<\/div><\/div>\n\n\n\n<div class=\"wp-block-uagb-container uagb-block-99c0e0a5 alignfull uagb-is-root-container\"><div class=\"uagb-container-inner-blocks-wrap\"><\/div><\/div>\n\n\n\n<p><\/p>","protected":false},"excerpt":{"rendered":"<p>Amasly Explosion proof torch lights Price Amasly explosion proof&nbsp;flashlights Explosion proof&nbsp;light&nbsp;fitting price influencing factors: explosion proof&nbsp;lights are usually more expensive than regular lights due to their higher design and production costs. However, for those who need to work in flammable and explosive environments, the use of explosion proof&nbsp;lights can greatly reduce the risk of fire [&hellip;]<\/p>\n","protected":false},"author":1,"featured_media":0,"parent":2869,"menu_order":0,"comment_status":"closed","ping_status":"closed","template":"","meta":{"_uag_custom_page_level_css":"","site-sidebar-layout":"no-sidebar","site-content-layout":"","ast-site-content-layout":"default","site-content-style":"default","site-sidebar-style":"default","ast-global-header-display":"","ast-banner-title-visibility":"","ast-main-header-display":"","ast-hfb-above-header-display":"","ast-hfb-below-header-display":"","ast-hfb-mobile-header-display":"","site-post-title":"disabled","ast-breadcrumbs-content":"","ast-featured-img":"","footer-sml-layout":"","ast-disable-related-posts":"","theme-transparent-header-meta":"enabled","adv-header-id-meta":"","stick-header-meta":"","header-above-stick-meta":"","header-main-stick-meta":"","header-below-stick-meta":"","astra-migrate-meta-layouts":"set","ast-page-background-enabled":"default","ast-page-background-meta":{"desktop":{"background-color":"var(--ast-global-color-4)","background-image":"","background-repeat":"repeat","background-position":"center center","background-size":"auto","background-attachment":"scroll","background-type":"","background-media":"","overlay-type":"","overlay-color":"","overlay-opacity":"","overlay-gradient":""},"tablet":{"background-color":"","background-image":"","background-repeat":"repeat","background-position":"center center","background-size":"auto","background-attachment":"scroll","background-type":"","background-media":"","overlay-type":"","overlay-color":"","overlay-opacity":"","overlay-gradient":""},"mobile":{"background-color":"","background-image":"","background-repeat":"repeat","background-position":"center center","background-size":"auto","background-attachment":"scroll","background-type":"","background-media":"","overlay-type":"","overlay-color":"","overlay-opacity":"","overlay-gradient":""}},"ast-content-background-meta":{"desktop":{"background-color":"var(--ast-global-color-5)","background-image":"","background-repeat":"repeat","background-position":"center center","background-size":"auto","background-attachment":"scroll","background-type":"","background-media":"","overlay-type":"","overlay-color":"","overlay-opacity":"","overlay-gradient":""},"tablet":{"background-color":"var(--ast-global-color-5)","background-image":"","background-repeat":"repeat","background-position":"center center","background-size":"auto","background-attachment":"scroll","background-type":"","background-media":"","overlay-type":"","overlay-color":"","overlay-opacity":"","overlay-gradient":""},"mobile":{"background-color":"var(--ast-global-color-5)","background-image":"","background-repeat":"repeat","background-position":"center center","background-size":"auto","background-attachment":"scroll","background-type":"","background-media":"","overlay-type":"","overlay-color":"","overlay-opacity":"","overlay-gradient":""}},"footnotes":""},"class_list":["post-4001","page","type-page","status-publish","hentry"],"uagb_featured_image_src":{"full":false,"thumbnail":false,"medium":false,"medium_large":false,"large":false,"1536x1536":false,"2048x2048":false,"trp-custom-language-flag":false},"uagb_author_info":{"display_name":"Joe","author_link":"https:\/\/led.amasly.com\/sk\/author\/jacklin\/"},"uagb_comment_info":0,"uagb_excerpt":"Amasly Explosion proof torch lights Price Amasly explosion proof&nbsp;flashlights Explosion proof&nbsp;light&nbsp;fitting price influencing factors: explosion proof&nbsp;lights are usually more expensive than regular lights due to their higher design and production costs. However, for those who need to work in flammable and explosive environments, the use of explosion proof&nbsp;lights can greatly reduce the risk of fire&hellip;","_links":{"self":[{"href":"https:\/\/led.amasly.com\/sk\/wp-json\/wp\/v2\/pages\/4001","targetHints":{"allow":["GET"]}}],"collection":[{"href":"https:\/\/led.amasly.com\/sk\/wp-json\/wp\/v2\/pages"}],"about":[{"href":"https:\/\/led.amasly.com\/sk\/wp-json\/wp\/v2\/types\/page"}],"author":[{"embeddable":true,"href":"https:\/\/led.amasly.com\/sk\/wp-json\/wp\/v2\/users\/1"}],"replies":[{"embeddable":true,"href":"https:\/\/led.amasly.com\/sk\/wp-json\/wp\/v2\/comments?post=4001"}],"version-history":[{"count":2,"href":"https:\/\/led.amasly.com\/sk\/wp-json\/wp\/v2\/pages\/4001\/revisions"}],"predecessor-version":[{"id":4493,"href":"https:\/\/led.amasly.com\/sk\/wp-json\/wp\/v2\/pages\/4001\/revisions\/4493"}],"up":[{"embeddable":true,"href":"https:\/\/led.amasly.com\/sk\/wp-json\/wp\/v2\/pages\/2869"}],"wp:attachment":[{"href":"https:\/\/led.amasly.com\/sk\/wp-json\/wp\/v2\/media?parent=4001"}],"curies":[{"name":"wp","href":"https:\/\/api.w.org\/{rel}","templated":true}]}}