{"id":3978,"date":"2025-05-24T22:25:02","date_gmt":"2025-05-24T14:25:02","guid":{"rendered":"https:\/\/led.amasly.com\/?page_id=3978"},"modified":"2026-01-18T14:08:15","modified_gmt":"2026-01-18T06:08:15","slug":"explosion-proof-linear-lights-price","status":"publish","type":"page","link":"https:\/\/led.amasly.com\/sk\/light-price\/explosion-proof-linear-lights-price\/","title":{"rendered":"Cena line\u00e1rnych svetiel s ochranou proti v\u00fdbuchu"},"content":{"rendered":"<div class=\"wp-block-uagb-container uagb-block-27bae773 alignfull uagb-is-root-container\"><div class=\"uagb-container-inner-blocks-wrap\"><\/div><\/div>\n\n\n\n<h1 class=\"wp-block-heading has-text-align-center\"><strong>Cena line\u00e1rnych svetiel odoln\u00fdch proti v\u00fdbuchu<\/strong><\/h1>\n\n\n\n<p>Amasly Explosion Proof Strip Lights sa vyv\u00e1\u017eaj\u00fa na v\u0161etky kontinenty sveta, do viac ako 60 kraj\u00edn, s kompletnou certifik\u00e1ciou v\u00fdrobkov a zabezpe\u010den\u00edm kvality.<\/p>\n\n\n\n<h2 class=\"wp-block-heading\"><strong>Amasly<\/strong> <strong><strong>Funkcie line\u00e1rnych svetiel odoln\u00fdch proti v\u00fdbuchu<\/strong><\/strong><\/h2>\n\n\n\n<p>Dlh\u00e1 \u017eivotnos\u0165, tak\u017ee fKon\u0161truk\u010dn\u00e9 \u010dasti svietidiel s\u00fa vyroben\u00e9 z antikorov\u00e9ho hlin\u00edka, povrch je eloxovan\u00fd a potom nastriekan\u00fd vonkaj\u0161\u00edm plastov\u00fdm pr\u00e1\u0161kom z \u010distej \u017eivice s antikorov\u00fdm \u00fa\u010dinkom a mont\u00e1\u017ena konzola a skrutky s\u00fa vyroben\u00e9 z nehrdzavej\u00facej ocele SUS304, ktor\u00e1 sa m\u00f4\u017ee dlhodobo pou\u017e\u00edva\u0165 v pr\u00edmorskom prostred\u00ed;<\/p>\n\n\n\n<p>Svietidl\u00e1 navrhnut\u00e9 pre integrovan\u00fa tesniacu \u0161trukt\u00faru, bez otvoren\u00e9ho \u0161vu, bez deform\u00e1cie, dlhodob\u00e9 pou\u017e\u00edvanie v drsnom vonkaj\u0161om pracovnom prostred\u00ed bez vody, hmyzu, popola;<\/p>\n\n\n\n<p>Svietidl\u00e1 navrhnut\u00e9 pre vysokopevnostn\u00fa antivibra\u010dn\u00fa \u0161trukt\u00faru, obvod pru\u017enosti proti uvo\u013eneniu, mo\u017eno dlhodobo pou\u017ei\u0165 na miestach so siln\u00fdmi vibr\u00e1ciami;<\/p>\n\n\n\n<p>Flexibiln\u00fd sveteln\u00fd v\u00fdkon, \u017eiadne oslnenie, \u017eiadne nebezpe\u010denstvo modr\u00e9ho svetla, vhodn\u00e9 najm\u00e4 na dlhodob\u00e9 osvetlenie v n\u00edzkoprofilov\u00fdch sc\u00e9nach, kde pracuj\u00fa \u013eudia;<\/p>\n\n\n\n<p>Kryt prep\u00fa\u0161\u0165aj\u00faci svetlo je vyroben\u00fd z nekovov\u00e9ho dif\u00fazneho materi\u00e1lu pre vonkaj\u0161ie pou\u017eitie, ktor\u00fd m\u00f4\u017ee by\u0165 dlhodobo vystaven\u00fd vonkaj\u0161iemu siln\u00e9mu ultrafialov\u00e9mu prostrediu bez zo\u017eltnutia, krehkosti alebo praskania;<\/p>\n\n\n\n<p>Cel\u00e9 svietidlo m\u00e1 stupe\u0148 ochrany IP67, je vhodn\u00e9 do v\u0161etk\u00fdch druhov vn\u00fatorn\u00e9ho a vonkaj\u0161ieho prostredia s pieskom, prachom, da\u017e\u010fom a hmlou, prudk\u00fdmi vlnami a kr\u00e1tkodob\u00fdm ponoren\u00edm do vody;<\/p>\n\n\n\n<p>Flexibiln\u00e9 a r\u00f4znorod\u00e9 met\u00f3dy in\u0161tal\u00e1cie a rozhrania, \u0161iroko pou\u017eite\u013en\u00e9 pre r\u00f4zne in\u0161tala\u010dn\u00e9 scen\u00e1re;<\/p>\n\n\n\n<p>Lampy a svietidl\u00e1 m\u00f4\u017eu by\u0165 prisp\u00f4soben\u00e9 najvy\u0161\u0161ej morskej antikor\u00f3znej triede, mont\u00e1\u017ena konzola a skrutky vyroben\u00e9 z materi\u00e1lu z nehrdzavej\u00facej ocele SUS316L, m\u00f4\u017eu by\u0165 pou\u017eit\u00e9 na dlhodob\u00e9 prev\u00e1dzkov\u00e9 prostredie na mori;<\/p>\n\n\n\n<p>Nez\u00e1visl\u00e1 kon\u0161trukcia rozvodnej skrinky, pohodln\u00e9 zapojenie v rovnakom \u010dase, mo\u017eno vykona\u0165 paralelne s pou\u017eit\u00edm viacer\u00fdch svietidiel, \u010do zni\u017euje n\u00e1klady na in\u0161tal\u00e1ciu rozvodn\u00fdch skriniek.<\/p>\n\n\n\n<h2 class=\"wp-block-heading\"><strong>In\u0161tal\u00e1cia<\/strong><\/h2>\n\n\n\n<p>\u0160iroko sa pou\u017e\u00edva v riadiacej miestnosti v ter\u00e9ne, v kancel\u00e1rii v ter\u00e9ne, v miestnosti s bat\u00e9riami, v oblasti kvapaln\u00e9ho amoniaku, v chodn\u00edku pre rafina\u010dn\u00e9 ve\u017ee, v chodn\u00edku pre n\u00e1dr\u017ee na skladovanie ropy, v chodn\u00edku pre plo\u0161iny, v pr\u00edstre\u0161ku pre ventily \u010derpadiel, v potrub\u00ed pozd\u013a\u017e trate, v kom\u00ednoch nebezpe\u010dn\u00fdch chemick\u00fdch termin\u00e1lov a na in\u00fdch miestach osvetlenia;<\/p>\n\n\n\n<p>Vhodn\u00e9 na miesta s vysokou \u00farov\u0148ou ochrany proti vlhkosti a kor\u00f3zii;<\/p>\n\n\n\n<p>Vhodn\u00e9 pre v\u00fdbu\u0161n\u00e9 plyny 1 z\u00f3na, 2 z\u00f3ny;<\/p>\n\n\n\n<p>Vhodn\u00e9 pre v\u00fdbu\u0161n\u00e9 plynn\u00e9 prostredie IIA, IIB, IIC;<\/p>\n\n\n\n<p>Vhodn\u00e9 pre teplotn\u00fa skupinu T1~T6.<\/p>\n\n\n\n<h2 class=\"wp-block-heading\"><strong>Amasly V\u00fdbu\u0161ne odoln\u00e9 line\u00e1rne svetl\u00e1 cena<\/strong><\/h2>\n\n\n\n<div class=\"wp-block-uagb-image uagb-block-87c4869a wp-block-uagb-image--layout-default wp-block-uagb-image--effect-static wp-block-uagb-image--align-none\"><figure class=\"wp-block-uagb-image__figure\"><img decoding=\"async\" srcset=\"https:\/\/led.amasly.com\/wp-content\/uploads\/2025\/05\/Explosion-proof-linear-lights.jpg ,https:\/\/led.amasly.com\/wp-content\/uploads\/2025\/05\/Explosion-proof-linear-lights.jpg 780w, https:\/\/led.amasly.com\/wp-content\/uploads\/2025\/05\/Explosion-proof-linear-lights.jpg 360w\" sizes=\"auto, (max-width: 480px) 150px\" src=\"https:\/\/led.amasly.com\/wp-content\/uploads\/2025\/05\/Explosion-proof-linear-lights.jpg\" alt=\"Explosion proof linear lights, Explosion proof linear lights price\" class=\"uag-image-3979\" width=\"800\" height=\"800\" title=\"Line\u00e1rne svetl\u00e1 odoln\u00e9 proti v\u00fdbuchu\" loading=\"lazy\" role=\"img\"\/><\/figure><\/div>\n\n\n\n<figure class=\"wp-block-table\"><table class=\"has-fixed-layout\"><tbody><tr><td>Model<\/td><td>Nap\u00e1janie<\/td><td>Do Cena\/USD<\/td><\/tr><tr><td>BAD61<\/td><td>20W<\/td><td>$39.19<\/td><\/tr><tr><td>BAD61<\/td><td>30W<\/td><td>$39.19<\/td><\/tr><tr><td>BAD61<\/td><td>40W<\/td><td>$56.17<\/td><\/tr><tr><td>BAD61<\/td><td>50W<\/td><td>$56.17<\/td><\/tr><\/tbody><\/table><\/figure>\n\n\n\n<h2 class=\"wp-block-heading\"><strong>\u010casto kladen\u00e9 ot\u00e1zky o Amasly Light<\/strong><\/h2>\n\n\n\n<p><strong>Q1.Can m\u00e1m vzorov\u00fa objedn\u00e1vku pre LED svetlo?<\/strong><strong><\/strong><\/p>\n\n\n\n<p>Odpove\u010f: \u00c1no, v\u00edtame objedn\u00e1vku vzorky na testovanie a kontrolu kvality. Zmie\u0161an\u00e9 vzorky s\u00fa prijate\u013en\u00e9.<\/p>\n\n\n\n<p><strong>Q2.A \u010do \u010das realiz\u00e1cie?<\/strong><strong><\/strong><\/p>\n\n\n\n<p>Odpove\u010f: Vzorka potrebuje 3-5 dn\u00ed, \u010das hromadnej v\u00fdroby potrebuje 1-2 t\u00fd\u017edne.<\/p>\n\n\n\n<p><strong>Q3.Do m\u00e1te nejak\u00fd limit MOQ pre sveteln\u00fa objedn\u00e1vku?<\/strong><strong><\/strong><\/p>\n\n\n\n<p>Odpove\u010f: K dispoz\u00edcii je n\u00edzky MOQ 1 ks na kontrolu vzorky.<\/p>\n\n\n\n<p><strong>Q4. Ako odosielate tovar a ako dlho trv\u00e1 jeho doru\u010denie?<\/strong><strong><\/strong><\/p>\n\n\n\n<p>Odpove\u010f: Zvy\u010dajne posielame <a href=\"https:\/\/www.dhl.com\" rel=\"nofollow noopener\" target=\"_blank\">DHL<\/a>, UPS, FedEx alebo TNT. Zvy\u010dajne trv\u00e1 3-5 dn\u00ed, k\u00fdm doraz\u00ed. Leteck\u00e1 a n\u00e1morn\u00e1 doprava je tie\u017e volite\u013en\u00e1.<\/p>\n\n\n\n<p><strong>Q5. Ako postupova\u0165 pri objedn\u00e1vke LED svetla?<\/strong><strong><\/strong><\/p>\n\n\n\n<p>A:<\/p>\n\n\n\n<p>Najprv n\u00e1m ozn\u00e1mte svoje po\u017eiadavky alebo \u017eiados\u0165.<\/p>\n\n\n\n<p>Po druh\u00e9, pon\u00fakame ceny pod\u013ea va\u0161ich po\u017eiadaviek alebo na\u0161ich n\u00e1vrhov.<\/p>\n\n\n\n<p>Po tretie, z\u00e1kazn\u00edk potvrd\u00ed vzorky a zlo\u017e\u00ed z\u00e1lohu na form\u00e1lnu objedn\u00e1vku.<\/p>\n\n\n\n<p>Po \u0161tvrt\u00e9, zabezpe\u010dujeme v\u00fdrobu.<\/p>\n\n\n\n<p><strong>Q6.Je v poriadku vytla\u010di\u0165 m\u00f4j <\/strong><strong>LOGO<\/strong><strong>&nbsp;na produkte led svetla ?<\/strong><strong><\/strong><\/p>\n\n\n\n<p>Odpove\u010f: \u00c1no.Pros\u00edm, informujte n\u00e1s form\u00e1lne pred na\u0161ou v\u00fdrobou a najprv potvr\u010fte dizajn na z\u00e1klade na\u0161ej vzorky.<\/p>\n\n\n\n<p><strong>Ot\u00e1zka 7: Poskytujete z\u00e1ruku na v\u00fdrobky?<\/strong><strong><\/strong><\/p>\n\n\n\n<p>Odpove\u010f: \u00c1no, na na\u0161e v\u00fdrobky poskytujeme z\u00e1ruku 2-5 rokov.<\/p>\n\n\n\n<p><strong>Ot\u00e1zka 8: Ako sa vysporiada\u0165 s chybou?<\/strong><strong><\/strong><\/p>\n\n\n\n<p>A:<\/p>\n\n\n\n<p>Po prv\u00e9, na\u0161e v\u00fdrobky s\u00fa vyr\u00e1ban\u00e9 dinstrict syst\u00e9m kontroly kvality a chybn\u00e9 miera bude men\u0161ia ako 0,2%<\/p>\n\n\n\n<p>Po druh\u00e9, po\u010das z\u00e1ru\u010dnej doby poskytneme n\u00e1hradn\u00e9 diely na v\u00fdmenu zlej \u010dasti. V pr\u00edpade hromadn\u00fdch objedn\u00e1vok poskytneme zranite\u013en\u00e9 diely vopred alebo m\u00f4\u017eeme diskutova\u0165 o rie\u0161eniach vr\u00e1tane stiahnutia z trhu na z\u00e1klade aktu\u00e1lnej situ\u00e1cie.<\/p>\n\n\n\n<p><strong>Ot\u00e1zka 9: M\u00f4\u017eeme vyrobi\u0165 n\u00edzkonap\u00e4\u0165ov\u00e9 nev\u00fdbu\u0161n\u00e9 svietidl\u00e1 s nap\u00e4t\u00edm AC\/DC 12 V, 24 V, 36 V alebo 48 V? <\/strong><\/p>\n\n\n\n<p>Amasly mo\u017eno pou\u017ei\u0165 ako n\u00edzkonap\u00e4\u0165ov\u00e9 aj vysokonap\u00e4\u0165ov\u00e9 nev\u00fdbu\u0161n\u00e9 svietidl\u00e1 - AC\/DC 12V, 24V, 36V, 48V, AC 85-265V, AC 380V. <\/p>\n\n\n\n<p><strong>Q10: Je mo\u017en\u00e9 prida\u0165 n\u00fadzov\u00e9 bat\u00e9rie Explosion Poof Lights? <\/strong><\/p>\n\n\n\n<p>Nev\u00fdbu\u0161n\u00e9 svietidlo Amasly m\u00f4\u017ee by\u0165 vybaven\u00e9 n\u00fadzov\u00fdmi l\u00edtiov\u00fdmi bat\u00e9riami. D\u013a\u017eka n\u00fadzov\u00e9ho nap\u00e1jania je 90 min\u00fat, 120 min\u00fat alebo 180 min\u00fat. <\/p>\n\n\n\n<p><strong>Q11: M\u00f4\u017ee by\u0165 v\u00fdbojka Amasly prisp\u00f4soben\u00e1 ako v\u00fdrobok OEM? <\/strong><\/p>\n\n\n\n<p>Nev\u00fdbu\u0161n\u00e9 lampy Amasly je mo\u017en\u00e9 prisp\u00f4sobi\u0165 pod\u013ea po\u017eiadaviek z\u00e1kazn\u00edka tak pre lampy, ako aj pre obalov\u00e9 kart\u00f3ny.<\/p>\n\n\n\n<div class=\"wp-block-uagb-container uagb-block-c7d898dd alignfull uagb-is-root-container\"><div class=\"uagb-container-inner-blocks-wrap\"><\/div><\/div>\n\n\n\n<h2 class=\"wp-block-heading\">S\u00favisiace produkty<\/h2>\n\n\n\n<div class=\"wp-block-uagb-container uagb-block-66e4defc alignfull uagb-is-root-container\"><div class=\"uagb-container-inner-blocks-wrap\">\n<div class=\"wp-block-uagb-container uagb-block-a42945f9\">\n<div class=\"wp-block-uagb-image uagb-block-7296296b wp-block-uagb-image--layout-default wp-block-uagb-image--effect-static wp-block-uagb-image--align-none\"><figure class=\"wp-block-uagb-image__figure\"><a class=\"\" href=\"https:\/\/led.amasly.com\/sk\/products\/\" target=\"\" rel=\"noopener\"><img decoding=\"async\" srcset=\"https:\/\/led.amasly.com\/wp-content\/uploads\/2024\/09\/Explosion-proof-high-bay-lights.png ,https:\/\/led.amasly.com\/wp-content\/uploads\/2024\/09\/Explosion-proof-high-bay-lights.png 780w, https:\/\/led.amasly.com\/wp-content\/uploads\/2024\/09\/Explosion-proof-high-bay-lights.png 360w\" sizes=\"auto, (max-width: 480px) 150px\" src=\"https:\/\/led.amasly.com\/wp-content\/uploads\/2024\/09\/Explosion-proof-high-bay-lights.png\" alt=\"\" class=\"uag-image-1495\" width=\"300\" height=\"300\" title=\"V\u00fdbu\u0161ne odoln\u00e9 vysok\u00e9 svetl\u00e1\" loading=\"lazy\" role=\"img\"><\/a><\/figure><\/div>\n<\/div>\n\n\n\n<div class=\"wp-block-uagb-container uagb-block-4d3efde5\">\n<div class=\"wp-block-uagb-image uagb-block-c9e90797 wp-block-uagb-image--layout-default wp-block-uagb-image--effect-static wp-block-uagb-image--align-none\"><figure class=\"wp-block-uagb-image__figure\"><a class=\"\" href=\"https:\/\/led.amasly.com\/sk\/products\/\" target=\"\" rel=\"noopener\"><img decoding=\"async\" srcset=\"https:\/\/led.amasly.com\/wp-content\/uploads\/2024\/07\/LED-tri-proof-lights2.png ,https:\/\/led.amasly.com\/wp-content\/uploads\/2024\/07\/LED-tri-proof-lights2.png 780w, https:\/\/led.amasly.com\/wp-content\/uploads\/2024\/07\/LED-tri-proof-lights2.png 360w\" sizes=\"auto, (max-width: 480px) 150px\" src=\"https:\/\/led.amasly.com\/wp-content\/uploads\/2024\/07\/LED-tri-proof-lights2.png\" alt=\"\" class=\"uag-image-1132\" width=\"300\" height=\"300\" title=\"LED-tri-odoln\u00e9 svetl\u00e12\" loading=\"lazy\" role=\"img\"><\/a><\/figure><\/div>\n<\/div>\n\n\n\n<div class=\"wp-block-uagb-container uagb-block-11c2578b\">\n<div class=\"wp-block-uagb-image uagb-block-6e8883aa wp-block-uagb-image--layout-default wp-block-uagb-image--effect-static wp-block-uagb-image--align-none\"><figure class=\"wp-block-uagb-image__figure\"><a class=\"\" href=\"https:\/\/led.amasly.com\/sk\/products\/\" target=\"\" rel=\"noopener\"><img decoding=\"async\" srcset=\"https:\/\/led.amasly.com\/wp-content\/uploads\/2024\/09\/LED-Explosion-Proof-Gas-Station-Light.png ,https:\/\/led.amasly.com\/wp-content\/uploads\/2024\/09\/LED-Explosion-Proof-Gas-Station-Light.png 780w, https:\/\/led.amasly.com\/wp-content\/uploads\/2024\/09\/LED-Explosion-Proof-Gas-Station-Light.png 360w\" sizes=\"auto, (max-width: 480px) 150px\" src=\"https:\/\/led.amasly.com\/wp-content\/uploads\/2024\/09\/LED-Explosion-Proof-Gas-Station-Light.png\" alt=\"\" class=\"uag-image-1501\" width=\"300\" height=\"300\" title=\"LED svetlo na \u010derpacej stanici odoln\u00e9 proti v\u00fdbuchu\" loading=\"lazy\" role=\"img\"><\/a><\/figure><\/div>\n<\/div>\n<\/div><\/div>\n\n\n\n<div class=\"wp-block-uagb-container uagb-block-548945b5 alignfull uagb-is-root-container\"><div class=\"uagb-container-inner-blocks-wrap\">\n<div class=\"wp-block-uagb-container uagb-block-967755d5\">\n<h4 class=\"wp-block-heading has-text-align-center\"><a href=\"https:\/\/led.amasly.com\/sk\/products\/\">Svetl\u00e1 LED odoln\u00e9 proti v\u00fdbuchu<\/a><\/h4>\n<\/div>\n\n\n\n<div class=\"wp-block-uagb-container uagb-block-9bc52fc2\">\n<h4 class=\"wp-block-heading has-text-align-center\"><a href=\"https:\/\/led.amasly.com\/sk\/products\/\">Trojit\u00e9 LED osvetlenie<\/a><\/h4>\n<\/div>\n\n\n\n<div class=\"wp-block-uagb-container uagb-block-8ffa0a23\">\n<h4 class=\"wp-block-heading has-text-align-center\"><a href=\"https:\/\/led.amasly.com\/sk\/products\/\">Svetl\u00e1 \u010derpac\u00edch stan\u00edc odoln\u00e9 proti v\u00fdbuchu<\/a><\/h4>\n<\/div>\n<\/div><\/div>\n\n\n\n<div class=\"wp-block-uagb-container uagb-block-29499fe0 alignfull uagb-is-root-container\"><div class=\"uagb-container-inner-blocks-wrap\">\n<div class=\"wp-block-uagb-container uagb-block-777ee1c7\">\n<div class=\"wp-block-uagb-image uagb-block-2e9a1851 wp-block-uagb-image--layout-default wp-block-uagb-image--effect-static wp-block-uagb-image--align-none\"><figure class=\"wp-block-uagb-image__figure\"><a class=\"\" href=\"https:\/\/led.amasly.com\/sk\/products\/\" target=\"\" rel=\"noopener\"><img decoding=\"async\" srcset=\"https:\/\/led.amasly.com\/wp-content\/uploads\/2024\/10\/50W-100W-150W-200W-300W-LED-Flood-Light.jpg ,https:\/\/led.amasly.com\/wp-content\/uploads\/2024\/10\/50W-100W-150W-200W-300W-LED-Flood-Light.jpg 780w, https:\/\/led.amasly.com\/wp-content\/uploads\/2024\/10\/50W-100W-150W-200W-300W-LED-Flood-Light.jpg 360w\" sizes=\"auto, (max-width: 480px) 150px\" src=\"https:\/\/led.amasly.com\/wp-content\/uploads\/2024\/10\/50W-100W-150W-200W-300W-LED-Flood-Light.jpg\" alt=\"\" class=\"uag-image-1526\" width=\"300\" height=\"300\" title=\"50W 100W 150W 200W 300W LED povod\u0148ov\u00e9 svetlo\" loading=\"lazy\" role=\"img\"><\/a><\/figure><\/div>\n<\/div>\n\n\n\n<div class=\"wp-block-uagb-container uagb-block-af8c8683\">\n<div class=\"wp-block-uagb-image uagb-block-67947854 wp-block-uagb-image--layout-default wp-block-uagb-image--effect-static wp-block-uagb-image--align-none\"><figure class=\"wp-block-uagb-image__figure\"><a class=\"\" href=\"https:\/\/led.amasly.com\/sk\/products\/\" target=\"\" rel=\"noopener\"><img decoding=\"async\" srcset=\"https:\/\/led.amasly.com\/wp-content\/uploads\/2024\/07\/led-tri-proof-light.png ,https:\/\/led.amasly.com\/wp-content\/uploads\/2024\/07\/led-tri-proof-light.png 780w, https:\/\/led.amasly.com\/wp-content\/uploads\/2024\/07\/led-tri-proof-light.png 360w\" sizes=\"auto, (max-width: 480px) 150px\" src=\"https:\/\/led.amasly.com\/wp-content\/uploads\/2024\/07\/led-tri-proof-light.png\" alt=\"\" class=\"uag-image-1130\" width=\"300\" height=\"300\" title=\"led-tri-proof-light\" loading=\"lazy\" role=\"img\"><\/a><\/figure><\/div>\n<\/div>\n\n\n\n<div class=\"wp-block-uagb-container uagb-block-0fdfdd58\">\n<div class=\"wp-block-uagb-image uagb-block-1187d32d wp-block-uagb-image--layout-default wp-block-uagb-image--effect-static wp-block-uagb-image--align-none\"><figure class=\"wp-block-uagb-image__figure\"><a class=\"\" href=\"https:\/\/led.amasly.com\/sk\/products\/\" target=\"\" rel=\"noopener\"><img decoding=\"async\" srcset=\"https:\/\/led.amasly.com\/wp-content\/uploads\/2024\/07\/LED-street-light.jpg ,https:\/\/led.amasly.com\/wp-content\/uploads\/2024\/07\/LED-street-light.jpg 780w, https:\/\/led.amasly.com\/wp-content\/uploads\/2024\/07\/LED-street-light.jpg 360w\" sizes=\"auto, (max-width: 480px) 150px\" src=\"https:\/\/led.amasly.com\/wp-content\/uploads\/2024\/07\/LED-street-light.jpg\" alt=\"\" class=\"uag-image-1145\" width=\"300\" height=\"300\" title=\"Uli\u010dn\u00e9 osvetlenie LED\" loading=\"lazy\" role=\"img\"><\/a><\/figure><\/div>\n<\/div>\n<\/div><\/div>\n\n\n\n<div class=\"wp-block-uagb-container uagb-block-6a60882c alignfull uagb-is-root-container\"><div class=\"uagb-container-inner-blocks-wrap\">\n<div class=\"wp-block-uagb-container uagb-block-f1e91a35\">\n<h4 class=\"wp-block-heading has-text-align-center\"><a href=\"https:\/\/led.amasly.com\/sk\/products\/\">LED svetl\u00e1 na zaplavenie<\/a><\/h4>\n<\/div>\n\n\n\n<div class=\"wp-block-uagb-container uagb-block-165bfa58\">\n<h4 class=\"wp-block-heading has-text-align-center\"><a href=\"https:\/\/led.amasly.com\/sk\/products\/\">LED Tri-Proof Tube Lights<\/a><\/h4>\n<\/div>\n\n\n\n<div class=\"wp-block-uagb-container uagb-block-f6096e3b\">\n<h4 class=\"wp-block-heading has-text-align-center\"><a href=\"https:\/\/led.amasly.com\/sk\/products\/\">Pouli\u010dn\u00e9 svetl\u00e1 LED<\/a><\/h4>\n<\/div>\n<\/div><\/div>\n\n\n\n<div class=\"wp-block-uagb-container uagb-block-99c0e0a5 alignfull uagb-is-root-container\"><div class=\"uagb-container-inner-blocks-wrap\"><\/div><\/div>\n\n\n\n<p><\/p>","protected":false},"excerpt":{"rendered":"<p>Explosion proof linear lights price Amasly Explosion Proof Strip Lights are exported to all continents of the world, more than 60 countries, with complete product certifications and quality assurance. Amasly Explosion proof linear lights features Long life so fThe structural parts of the lamps are made of anticorrosive aluminum, the surface is anodized and then [&hellip;]<\/p>\n","protected":false},"author":1,"featured_media":0,"parent":2869,"menu_order":0,"comment_status":"closed","ping_status":"closed","template":"","meta":{"_uag_custom_page_level_css":"","site-sidebar-layout":"no-sidebar","site-content-layout":"","ast-site-content-layout":"default","site-content-style":"default","site-sidebar-style":"default","ast-global-header-display":"","ast-banner-title-visibility":"","ast-main-header-display":"","ast-hfb-above-header-display":"","ast-hfb-below-header-display":"","ast-hfb-mobile-header-display":"","site-post-title":"disabled","ast-breadcrumbs-content":"","ast-featured-img":"","footer-sml-layout":"","ast-disable-related-posts":"","theme-transparent-header-meta":"enabled","adv-header-id-meta":"","stick-header-meta":"","header-above-stick-meta":"","header-main-stick-meta":"","header-below-stick-meta":"","astra-migrate-meta-layouts":"set","ast-page-background-enabled":"default","ast-page-background-meta":{"desktop":{"background-color":"var(--ast-global-color-4)","background-image":"","background-repeat":"repeat","background-position":"center center","background-size":"auto","background-attachment":"scroll","background-type":"","background-media":"","overlay-type":"","overlay-color":"","overlay-opacity":"","overlay-gradient":""},"tablet":{"background-color":"","background-image":"","background-repeat":"repeat","background-position":"center center","background-size":"auto","background-attachment":"scroll","background-type":"","background-media":"","overlay-type":"","overlay-color":"","overlay-opacity":"","overlay-gradient":""},"mobile":{"background-color":"","background-image":"","background-repeat":"repeat","background-position":"center center","background-size":"auto","background-attachment":"scroll","background-type":"","background-media":"","overlay-type":"","overlay-color":"","overlay-opacity":"","overlay-gradient":""}},"ast-content-background-meta":{"desktop":{"background-color":"var(--ast-global-color-5)","background-image":"","background-repeat":"repeat","background-position":"center center","background-size":"auto","background-attachment":"scroll","background-type":"","background-media":"","overlay-type":"","overlay-color":"","overlay-opacity":"","overlay-gradient":""},"tablet":{"background-color":"var(--ast-global-color-5)","background-image":"","background-repeat":"repeat","background-position":"center center","background-size":"auto","background-attachment":"scroll","background-type":"","background-media":"","overlay-type":"","overlay-color":"","overlay-opacity":"","overlay-gradient":""},"mobile":{"background-color":"var(--ast-global-color-5)","background-image":"","background-repeat":"repeat","background-position":"center center","background-size":"auto","background-attachment":"scroll","background-type":"","background-media":"","overlay-type":"","overlay-color":"","overlay-opacity":"","overlay-gradient":""}},"footnotes":""},"class_list":["post-3978","page","type-page","status-publish","hentry"],"uagb_featured_image_src":{"full":false,"thumbnail":false,"medium":false,"medium_large":false,"large":false,"1536x1536":false,"2048x2048":false,"trp-custom-language-flag":false},"uagb_author_info":{"display_name":"Joe","author_link":"https:\/\/led.amasly.com\/sk\/author\/jacklin\/"},"uagb_comment_info":0,"uagb_excerpt":"Explosion proof linear lights price Amasly Explosion Proof Strip Lights are exported to all continents of the world, more than 60 countries, with complete product certifications and quality assurance. Amasly Explosion proof linear lights features Long life so fThe structural parts of the lamps are made of anticorrosive aluminum, the surface is anodized and then&hellip;","_links":{"self":[{"href":"https:\/\/led.amasly.com\/sk\/wp-json\/wp\/v2\/pages\/3978","targetHints":{"allow":["GET"]}}],"collection":[{"href":"https:\/\/led.amasly.com\/sk\/wp-json\/wp\/v2\/pages"}],"about":[{"href":"https:\/\/led.amasly.com\/sk\/wp-json\/wp\/v2\/types\/page"}],"author":[{"embeddable":true,"href":"https:\/\/led.amasly.com\/sk\/wp-json\/wp\/v2\/users\/1"}],"replies":[{"embeddable":true,"href":"https:\/\/led.amasly.com\/sk\/wp-json\/wp\/v2\/comments?post=3978"}],"version-history":[{"count":3,"href":"https:\/\/led.amasly.com\/sk\/wp-json\/wp\/v2\/pages\/3978\/revisions"}],"predecessor-version":[{"id":4491,"href":"https:\/\/led.amasly.com\/sk\/wp-json\/wp\/v2\/pages\/3978\/revisions\/4491"}],"up":[{"embeddable":true,"href":"https:\/\/led.amasly.com\/sk\/wp-json\/wp\/v2\/pages\/2869"}],"wp:attachment":[{"href":"https:\/\/led.amasly.com\/sk\/wp-json\/wp\/v2\/media?parent=3978"}],"curies":[{"name":"wp","href":"https:\/\/api.w.org\/{rel}","templated":true}]}}