{"id":3200,"date":"2025-04-30T22:13:48","date_gmt":"2025-04-30T14:13:48","guid":{"rendered":"https:\/\/led.amasly.com\/?page_id=3200"},"modified":"2025-04-30T22:13:54","modified_gmt":"2025-04-30T14:13:54","slug":"riesenia-bezpecnostneho-osvetlenia-tepelnych-elektrarni-klucove-oblasti-navrh-osvetlenia-sprievodca-vyberom-svietidiel","status":"publish","type":"page","link":"https:\/\/led.amasly.com\/sk\/vedomosti\/znalosti-o-vyrobkoch-odolnych-proti-vybuchu\/riesenia-bezpecnostneho-osvetlenia-tepelnych-elektrarni-klucove-oblasti-navrh-osvetlenia-sprievodca-vyberom-svietidiel\/","title":{"rendered":"Rie\u0161enia bezpe\u010dnostn\u00e9ho osvetlenia tepeln\u00fdch elektr\u00e1rn\u00ed: Sprievodca v\u00fdberom k\u013e\u00fa\u010dov\u00fdch oblast\u00ed a svietidiel"},"content":{"rendered":"<div class=\"wp-block-uagb-container uagb-block-27bae773 alignfull uagb-is-root-container\"><div class=\"uagb-container-inner-blocks-wrap\"><\/div><\/div>\n\n\n\n<h1 class=\"wp-block-heading has-text-align-center\">Normy pre n\u00e1vrh priemyseln\u00e9ho osvetlenia pre tepeln\u00e9 elektr\u00e1rne<\/h1>\n\n\n\n<p>Tepeln\u00e9 elektr\u00e1rne ako z\u00e1kladn\u00e9 zariadenia na v\u00fdrobu energie si vy\u017eaduj\u00fa osvet\u013eovacie syst\u00e9my, ktor\u00e9 priamo ovplyv\u0148uj\u00fa \u00fa\u010dinnos\u0165 \u00fadr\u017eby zariaden\u00ed a bezpe\u010dnos\u0165 person\u00e1lu. Tento \u010dl\u00e1nok poskytuje podrobn\u00fa anal\u00fdzu po\u017eiadaviek na osvetlenie kritick\u00fdch oblast\u00ed v elektr\u00e1r\u0148ach spolu s profesion\u00e1lnymi rie\u0161eniami, ktor\u00e9 s\u00fa v s\u00falade s medzin\u00e1rodn\u00fdmi bezpe\u010dnostn\u00fdmi normami.<\/p>\n\n\n\n<div class=\"wp-block-uagb-image uagb-block-78e8fa3e wp-block-uagb-image--layout-default wp-block-uagb-image--effect-static wp-block-uagb-image--align-none\"><figure class=\"wp-block-uagb-image__figure\"><img decoding=\"async\" srcset=\"https:\/\/led.amasly.com\/wp-content\/uploads\/2025\/04\/Thermal-power-plant-lighting-system-case-study-1024x647.jpg ,https:\/\/led.amasly.com\/wp-content\/uploads\/2025\/04\/Thermal-power-plant-lighting-system-case-study.jpg 780w, https:\/\/led.amasly.com\/wp-content\/uploads\/2025\/04\/Thermal-power-plant-lighting-system-case-study.jpg 360w\" sizes=\"auto, (max-width: 480px) 150px\" src=\"https:\/\/led.amasly.com\/wp-content\/uploads\/2025\/04\/Thermal-power-plant-lighting-system-case-study-1024x647.jpg\" alt=\"\" class=\"uag-image-3201\" width=\"1080\" height=\"682\" title=\"Pr\u00edpadov\u00e1 \u0161t\u00fadia syst\u00e9mu osvetlenia tepelnej elektr\u00e1rne\" loading=\"lazy\" role=\"img\"><\/figure><\/div>\n\n\n\n<h2 class=\"wp-block-heading\">Z\u00e1kladn\u00e9 z\u00e1sady n\u00e1vrhu syst\u00e9mov osvetlenia tepeln\u00fdch elektr\u00e1rn\u00ed<\/h2>\n\n\n\n<ol start=\"1\" class=\"wp-block-list\">\n<li><strong>Dizajn zameran\u00fd na bezpe\u010dnos\u0165<\/strong>: V\u0161etky svietidl\u00e1 musia sp\u013a\u0148a\u0165 certifik\u00e1ty nev\u00fdbu\u0161nosti a musia obsahova\u0165 ochranu proti n\u00e1razom.<\/li>\n\n\n\n<li><strong>Prisp\u00f4sobivos\u0165 prostrediu<\/strong>: Hodnoty IP65\/WF2 odol\u00e1vaj\u00fa uho\u013en\u00e9mu prachu, vlhkosti a chemickej kor\u00f3zii.<\/li>\n\n\n\n<li><strong>Inteligentn\u00e9 riadenie energie<\/strong>: Integrovan\u00e9 sveteln\u00e9 senzory + \u010dasova\u010de na inteligentn\u00e9 riadenie spotreby energie.<\/li>\n\n\n\n<li><strong>Ergonomick\u00e1 optimaliz\u00e1cia<\/strong>: Technol\u00f3gia proti oslneniu UGR&lt;19 eliminuje riziko \u00fanavy zraku.<\/li>\n<\/ol>\n\n\n\n<h2 class=\"wp-block-heading\">Technick\u00e9 parametre pre rie\u0161enie osvetlenia k\u013e\u00fa\u010dov\u00fdch oblast\u00ed<\/h2>\n\n\n\n<figure class=\"wp-block-table\"><table class=\"has-fixed-layout\"><thead><tr><th>N\u00e1zov oblasti<\/th><th>Osvetlenie (lx)<\/th><th>Hodnotenie ochrany<\/th><th>Hodnotenie odolnosti proti v\u00fdbuchu<\/th><th>Odpor\u00fa\u010dan\u00fd typ svietidla<\/th><th>Pokyny pre in\u0161tal\u00e1ciu<\/th><\/tr><\/thead><tbody><tr><td>Podlaha turb\u00ednovej miestnosti<\/td><td>300-500<\/td><td>IP66<\/td><td>ExdIIBT4<\/td><td>Svetl\u00e1 LED High Bay<\/td><td>V\u00fd\u0161ka 5 m s 30\u00b0 n\u00e1klonom<\/td><\/tr><tr><td>Oblas\u0165 kon\u0161trukcie kotla<\/td><td>500-750<\/td><td>IP67<\/td><td>ExdIICT6<\/td><td>Reflektory odoln\u00e9 vo\u010di vibr\u00e1ci\u00e1m<\/td><td>2 m nad plo\u0161inami zariadenia<\/td><\/tr><tr><td>Syst\u00e9m prepravy uhlia<\/td><td>200-300<\/td><td>IP68<\/td><td>ExiaIICT6<\/td><td>Prachotesn\u00e9 svetl\u00e1 odoln\u00e9 proti v\u00fdbuchu<\/td><td>Symetrick\u00e1 in\u0161tal\u00e1cia pozd\u013a\u017e dopravn\u00edkov<\/td><\/tr><tr><td>Chemick\u00e1 \u00faprava vody<\/td><td>300-500<\/td><td>IP65<\/td><td>-<\/td><td>Tri-Proof odoln\u00fd vo\u010di kor\u00f3zii<\/td><td>1,8 m vodorovne od prev\u00e1dzkov\u00fdch pl\u00f4ch<\/td><\/tr><tr><td>Z\u00e1vodn\u00e9 cesty<\/td><td>20-30<\/td><td>IP65<\/td><td>-<\/td><td>Sol\u00e1rne pouli\u010dn\u00e9 osvetlenie<\/td><td>Rozstupy 15 m, obojstrann\u00e9 rozlo\u017eenie<\/td><\/tr><\/tbody><\/table><\/figure>\n\n\n\n<h3 class=\"wp-block-heading\">Aplik\u00e1cie pokro\u010dil\u00fdch osvet\u013eovac\u00edch technol\u00f3gi\u00ed<\/h3>\n\n\n\n<ol start=\"1\" class=\"wp-block-list\">\n<li><strong>Inteligentn\u00e9 syst\u00e9my stmievania<\/strong>: Digit\u00e1lne ovl\u00e1dacie prvky DALI v centr\u00e1lnych riadiacich miestnostiach na prep\u00ednanie sc\u00e9nick\u00fdch re\u017eimov.<\/li>\n\n\n\n<li><strong>Siete n\u00fadzov\u00e9ho osvetlenia<\/strong>: LED syst\u00e9my s bat\u00e9riou LiFePO4 s 90-min\u00fatovou dobou prev\u00e1dzky.<\/li>\n\n\n\n<li><strong>Integr\u00e1cia termov\u00edzie<\/strong>: Infra\u010derven\u00e9 sn\u00edma\u010de na monitorovanie teploty zariaden\u00ed v re\u00e1lnom \u010dase.<\/li>\n<\/ol>\n\n\n\n<h2 class=\"wp-block-heading\">5 kritick\u00fdch krit\u00e9ri\u00ed v\u00fdberu pr\u00edpravkov<\/h2>\n\n\n\n<ol start=\"1\" class=\"wp-block-list\">\n<li><strong>\u0160irok\u00e1 kompatibilita s nap\u00e4t\u00edm<\/strong>: Vstupn\u00fd rozsah AC85-265 V pre odolnos\u0165 vo\u010di kol\u00edsaniu nap\u00e4tia.<\/li>\n\n\n\n<li><strong>Tepeln\u00fd mana\u017ement<\/strong>: Teplota chladi\u010da \u226460 \u00b0C pre dlhodob\u00fa stabilitu.<\/li>\n\n\n\n<li><strong>Optick\u00e1 distrib\u00facia<\/strong>: Batwingove fotometrick\u00e9 krivky pre vertik\u00e1lnu rovnomernos\u0165 osvetlenia.<\/li>\n\n\n\n<li><strong>Odolnos\u0165 vo\u010di vibr\u00e1ci\u00e1m<\/strong>: Certifik\u00e1t IEC61373 triedy B pre mechanick\u00fa odolnos\u0165.<\/li>\n\n\n\n<li><strong>Jednoduch\u00e1 \u00fadr\u017eba<\/strong>: Modul\u00e1rne kon\u0161trukcie umo\u017e\u0148uj\u00face v\u00fdmenu komponentov pod nap\u00e4t\u00edm.<\/li>\n<\/ol>\n\n\n\n<h3 class=\"wp-block-heading\">\u00a0Odpor\u00fa\u010dania pre profesion\u00e1lnu in\u0161tal\u00e1ciu<\/h3>\n\n\n\n<ul class=\"wp-block-list\">\n<li>Na plo\u0161in\u00e1ch turb\u00edn pou\u017e\u00edvajte pomer v\u00fd\u0161ky a vzdialenosti 1:1,5, aby ste eliminovali tiene zariadenia.<\/li>\n\n\n\n<li>\u00dachytky dopravn\u00edka uhlia nastavte pod uhlom 15\u00b0 k smeru p\u00e1su, aby sa zabr\u00e1nilo hromadeniu prachu.<\/li>\n\n\n\n<li>Laserov\u00e9 nivela\u010dn\u00e9 pr\u00edstroje na zabezpe\u010denie chyby horizont\u00e1lneho vyrovnania \u2264 3 mm.<\/li>\n\n\n\n<li>Zavedenie redundantn\u00fdch okruhov N+1 v kritick\u00fdch z\u00f3nach.<\/li>\n<\/ul>\n\n\n\n<div class=\"wp-block-uagb-image uagb-block-67144447 wp-block-uagb-image--layout-default wp-block-uagb-image--effect-static wp-block-uagb-image--align-none\"><figure class=\"wp-block-uagb-image__figure\"><img decoding=\"async\" srcset=\"https:\/\/led.amasly.com\/wp-content\/uploads\/2025\/04\/Thermal-power-plant-lighting.jpg ,https:\/\/led.amasly.com\/wp-content\/uploads\/2025\/04\/Thermal-power-plant-lighting.jpg 780w, https:\/\/led.amasly.com\/wp-content\/uploads\/2025\/04\/Thermal-power-plant-lighting.jpg 360w\" sizes=\"auto, (max-width: 480px) 150px\" src=\"https:\/\/led.amasly.com\/wp-content\/uploads\/2025\/04\/Thermal-power-plant-lighting.jpg\" alt=\"\" class=\"uag-image-3202\" width=\"640\" height=\"434\" title=\"Osvetlenie tepelnej elektr\u00e1rne\" loading=\"lazy\" role=\"img\"><\/figure><\/div>\n\n\n\n<h2 class=\"wp-block-heading\">Dodr\u017eiavanie medzin\u00e1rodn\u00fdch noriem<\/h2>\n\n\n\n<ul class=\"wp-block-list\">\n<li>Osvetlenie: EN 12464-1 Normy pre priemyseln\u00e9 osvetlenie<\/li>\n\n\n\n<li>Bezpe\u010dnos\u0165 pri v\u00fdbuchu: <a href=\"http:\/\/www.iecex-certs.com\/\" rel=\"nofollow noopener\" target=\"_blank\">Du\u00e1lna certifik\u00e1cia ATEX\/IECEx<\/a><\/li>\n\n\n\n<li>EMC: EN 55015 Zhoda s vy\u017earovan\u00edm<\/li>\n\n\n\n<li>\u017divotn\u00e9 prostredie: Zos\u00faladenie so smernicou RoHS2.0<\/li>\n<\/ul>\n\n\n\n<h2 class=\"wp-block-heading\">Trendy v oblasti udr\u017eate\u013en\u00e9ho osvetlenia<\/h2>\n\n\n\n<ol start=\"1\" class=\"wp-block-list\">\n<li>Hybridn\u00e9 syst\u00e9my sol\u00e1rnej energie a elektrickej siete<\/li>\n\n\n\n<li>Bezdr\u00f4tov\u00e9 inteligentn\u00e9 ovl\u00e1danie LORAWAN<\/li>\n\n\n\n<li>Samo\u010distiace nanovrstvy<\/li>\n\n\n\n<li>Spr\u00e1va predikt\u00edvnej \u00fadr\u017eby osvetlenia<\/li>\n<\/ol>\n\n\n\n<h2 class=\"wp-block-heading has-text-align-left\"><strong>Z\u00e1ver:<\/strong><\/h2>\n\n\n\n<p class=\"has-text-align-left\">Vedeck\u00fd n\u00e1vrh osvetlenia zvy\u0161uje \u00fa\u010dinnos\u0165 \u00fadr\u017eby zariadenia o 30% a zni\u017euje po\u010det elektrick\u00fdch neh\u00f4d o 50%. Prijat\u00edm rie\u0161en\u00ed v s\u00falade s IEC integrovan\u00fdch s inteligentn\u00fdm riaden\u00edm m\u00f4\u017eu tepeln\u00e9 elektr\u00e1rne vybudova\u0165 bezpe\u010dnej\u0161ie, \u00fa\u010dinnej\u0161ie a energeticky \u00faspornej\u0161ie syst\u00e9my osvetlenia. D\u00f4razne sa odpor\u00fa\u010da pravideln\u00e9 hodnotenie syst\u00e9mu a moderniz\u00e1cia na energeticky \u00fa\u010dinn\u00e9 svietidl\u00e1.\u00a0<\/p>\n\n\n\n<div class=\"wp-block-uagb-container uagb-block-c7d898dd alignfull uagb-is-root-container\"><div class=\"uagb-container-inner-blocks-wrap\"><\/div><\/div>\n\n\n\n<h2 class=\"wp-block-heading\">S\u00favisiace produkty<\/h2>\n\n\n\n<div class=\"wp-block-uagb-container uagb-block-66e4defc alignfull uagb-is-root-container\"><div class=\"uagb-container-inner-blocks-wrap\">\n<div class=\"wp-block-uagb-container uagb-block-a42945f9\">\n<div class=\"wp-block-uagb-image uagb-block-7296296b wp-block-uagb-image--layout-default wp-block-uagb-image--effect-static wp-block-uagb-image--align-none\"><figure class=\"wp-block-uagb-image__figure\"><a class=\"\" href=\"https:\/\/led.amasly.com\/sk\/produkty\/\" target=\"\" rel=\"noopener\"><img decoding=\"async\" srcset=\"https:\/\/led.amasly.com\/wp-content\/uploads\/2024\/09\/Explosion-proof-high-bay-lights.png ,https:\/\/led.amasly.com\/wp-content\/uploads\/2024\/09\/Explosion-proof-high-bay-lights.png 780w, https:\/\/led.amasly.com\/wp-content\/uploads\/2024\/09\/Explosion-proof-high-bay-lights.png 360w\" sizes=\"auto, (max-width: 480px) 150px\" src=\"https:\/\/led.amasly.com\/wp-content\/uploads\/2024\/09\/Explosion-proof-high-bay-lights.png\" alt=\"\" class=\"uag-image-1495\" width=\"300\" height=\"300\" title=\"V\u00fdbu\u0161ne odoln\u00e9 vysok\u00e9 svetl\u00e1\" loading=\"lazy\" role=\"img\"><\/a><\/figure><\/div>\n<\/div>\n\n\n\n<div class=\"wp-block-uagb-container uagb-block-4d3efde5\">\n<div class=\"wp-block-uagb-image uagb-block-c9e90797 wp-block-uagb-image--layout-default wp-block-uagb-image--effect-static wp-block-uagb-image--align-none\"><figure class=\"wp-block-uagb-image__figure\"><a class=\"\" href=\"https:\/\/led.amasly.com\/sk\/produkty\/\" target=\"\" rel=\"noopener\"><img decoding=\"async\" srcset=\"https:\/\/led.amasly.com\/wp-content\/uploads\/2024\/07\/LED-tri-proof-lights2.png ,https:\/\/led.amasly.com\/wp-content\/uploads\/2024\/07\/LED-tri-proof-lights2.png 780w, https:\/\/led.amasly.com\/wp-content\/uploads\/2024\/07\/LED-tri-proof-lights2.png 360w\" sizes=\"auto, (max-width: 480px) 150px\" src=\"https:\/\/led.amasly.com\/wp-content\/uploads\/2024\/07\/LED-tri-proof-lights2.png\" alt=\"\" class=\"uag-image-1132\" width=\"300\" height=\"300\" title=\"LED-tri-odoln\u00e9 svetl\u00e12\" loading=\"lazy\" role=\"img\"><\/a><\/figure><\/div>\n<\/div>\n\n\n\n<div class=\"wp-block-uagb-container uagb-block-11c2578b\">\n<div class=\"wp-block-uagb-image uagb-block-6e8883aa wp-block-uagb-image--layout-default wp-block-uagb-image--effect-static wp-block-uagb-image--align-none\"><figure class=\"wp-block-uagb-image__figure\"><a class=\"\" href=\"https:\/\/led.amasly.com\/sk\/produkty\/\" target=\"\" rel=\"noopener\"><img decoding=\"async\" srcset=\"https:\/\/led.amasly.com\/wp-content\/uploads\/2024\/09\/LED-Explosion-Proof-Gas-Station-Light.png ,https:\/\/led.amasly.com\/wp-content\/uploads\/2024\/09\/LED-Explosion-Proof-Gas-Station-Light.png 780w, https:\/\/led.amasly.com\/wp-content\/uploads\/2024\/09\/LED-Explosion-Proof-Gas-Station-Light.png 360w\" sizes=\"auto, (max-width: 480px) 150px\" src=\"https:\/\/led.amasly.com\/wp-content\/uploads\/2024\/09\/LED-Explosion-Proof-Gas-Station-Light.png\" alt=\"\" class=\"uag-image-1501\" width=\"300\" height=\"300\" title=\"LED svetlo na \u010derpacej stanici odoln\u00e9 proti v\u00fdbuchu\" loading=\"lazy\" role=\"img\"><\/a><\/figure><\/div>\n<\/div>\n<\/div><\/div>\n\n\n\n<div class=\"wp-block-uagb-container uagb-block-548945b5 alignfull uagb-is-root-container\"><div class=\"uagb-container-inner-blocks-wrap\">\n<div class=\"wp-block-uagb-container uagb-block-967755d5\">\n<h4 class=\"wp-block-heading has-text-align-center\"><a href=\"https:\/\/led.amasly.com\/sk\/produkty\/\">Svetl\u00e1 LED odoln\u00e9 proti v\u00fdbuchu<\/a><\/h4>\n<\/div>\n\n\n\n<div class=\"wp-block-uagb-container uagb-block-9bc52fc2\">\n<h4 class=\"wp-block-heading has-text-align-center\"><a href=\"https:\/\/led.amasly.com\/sk\/produkty\/\">Trojit\u00e9 LED osvetlenie<\/a><\/h4>\n<\/div>\n\n\n\n<div class=\"wp-block-uagb-container uagb-block-8ffa0a23\">\n<h4 class=\"wp-block-heading has-text-align-center\"><a href=\"https:\/\/led.amasly.com\/sk\/produkty\/\">Svetl\u00e1 \u010derpac\u00edch stan\u00edc odoln\u00e9 proti v\u00fdbuchu<\/a><\/h4>\n<\/div>\n<\/div><\/div>\n\n\n\n<div class=\"wp-block-uagb-container uagb-block-29499fe0 alignfull uagb-is-root-container\"><div class=\"uagb-container-inner-blocks-wrap\">\n<div class=\"wp-block-uagb-container uagb-block-777ee1c7\">\n<div class=\"wp-block-uagb-image uagb-block-2e9a1851 wp-block-uagb-image--layout-default wp-block-uagb-image--effect-static wp-block-uagb-image--align-none\"><figure class=\"wp-block-uagb-image__figure\"><a class=\"\" href=\"https:\/\/led.amasly.com\/sk\/produkty\/\" target=\"\" rel=\"noopener\"><img decoding=\"async\" srcset=\"https:\/\/led.amasly.com\/wp-content\/uploads\/2024\/10\/50W-100W-150W-200W-300W-LED-Flood-Light.jpg ,https:\/\/led.amasly.com\/wp-content\/uploads\/2024\/10\/50W-100W-150W-200W-300W-LED-Flood-Light.jpg 780w, https:\/\/led.amasly.com\/wp-content\/uploads\/2024\/10\/50W-100W-150W-200W-300W-LED-Flood-Light.jpg 360w\" sizes=\"auto, (max-width: 480px) 150px\" src=\"https:\/\/led.amasly.com\/wp-content\/uploads\/2024\/10\/50W-100W-150W-200W-300W-LED-Flood-Light.jpg\" alt=\"\" class=\"uag-image-1526\" width=\"300\" height=\"300\" title=\"50W 100W 150W 200W 300W LED povod\u0148ov\u00e9 svetlo\" loading=\"lazy\" role=\"img\"><\/a><\/figure><\/div>\n<\/div>\n\n\n\n<div class=\"wp-block-uagb-container uagb-block-af8c8683\">\n<div class=\"wp-block-uagb-image uagb-block-67947854 wp-block-uagb-image--layout-default wp-block-uagb-image--effect-static wp-block-uagb-image--align-none\"><figure class=\"wp-block-uagb-image__figure\"><a class=\"\" href=\"https:\/\/led.amasly.com\/sk\/produkty\/\" target=\"\" rel=\"noopener\"><img decoding=\"async\" srcset=\"https:\/\/led.amasly.com\/wp-content\/uploads\/2024\/07\/led-tri-proof-light.png ,https:\/\/led.amasly.com\/wp-content\/uploads\/2024\/07\/led-tri-proof-light.png 780w, https:\/\/led.amasly.com\/wp-content\/uploads\/2024\/07\/led-tri-proof-light.png 360w\" sizes=\"auto, (max-width: 480px) 150px\" src=\"https:\/\/led.amasly.com\/wp-content\/uploads\/2024\/07\/led-tri-proof-light.png\" alt=\"\" class=\"uag-image-1130\" width=\"300\" height=\"300\" title=\"led-tri-proof-light\" loading=\"lazy\" role=\"img\"><\/a><\/figure><\/div>\n<\/div>\n\n\n\n<div class=\"wp-block-uagb-container uagb-block-0fdfdd58\">\n<div class=\"wp-block-uagb-image uagb-block-1187d32d wp-block-uagb-image--layout-default wp-block-uagb-image--effect-static wp-block-uagb-image--align-none\"><figure class=\"wp-block-uagb-image__figure\"><a class=\"\" href=\"https:\/\/led.amasly.com\/sk\/produkty\/\" target=\"\" rel=\"noopener\"><img decoding=\"async\" srcset=\"https:\/\/led.amasly.com\/wp-content\/uploads\/2024\/07\/LED-street-light.jpg ,https:\/\/led.amasly.com\/wp-content\/uploads\/2024\/07\/LED-street-light.jpg 780w, https:\/\/led.amasly.com\/wp-content\/uploads\/2024\/07\/LED-street-light.jpg 360w\" sizes=\"auto, (max-width: 480px) 150px\" src=\"https:\/\/led.amasly.com\/wp-content\/uploads\/2024\/07\/LED-street-light.jpg\" alt=\"\" class=\"uag-image-1145\" width=\"300\" height=\"300\" title=\"Uli\u010dn\u00e9 osvetlenie LED\" loading=\"lazy\" role=\"img\"><\/a><\/figure><\/div>\n<\/div>\n<\/div><\/div>\n\n\n\n<div class=\"wp-block-uagb-container uagb-block-6a60882c alignfull uagb-is-root-container\"><div class=\"uagb-container-inner-blocks-wrap\">\n<div class=\"wp-block-uagb-container uagb-block-f1e91a35\">\n<h4 class=\"wp-block-heading has-text-align-center\"><a href=\"https:\/\/led.amasly.com\/sk\/produkty\/\">LED svetl\u00e1 na zaplavenie<\/a><\/h4>\n<\/div>\n\n\n\n<div class=\"wp-block-uagb-container uagb-block-165bfa58\">\n<h4 class=\"wp-block-heading has-text-align-center\"><a href=\"https:\/\/led.amasly.com\/sk\/produkty\/\">LED Tri-Proof Tube Lights<\/a><\/h4>\n<\/div>\n\n\n\n<div class=\"wp-block-uagb-container uagb-block-f6096e3b\">\n<h4 class=\"wp-block-heading has-text-align-center\"><a href=\"https:\/\/led.amasly.com\/sk\/produkty\/\">Pouli\u010dn\u00e9 svetl\u00e1 LED<\/a><\/h4>\n<\/div>\n<\/div><\/div>\n\n\n\n<div class=\"wp-block-uagb-container uagb-block-99c0e0a5 alignfull uagb-is-root-container\"><div class=\"uagb-container-inner-blocks-wrap\"><\/div><\/div>\n\n\n\n<p><\/p>","protected":false},"excerpt":{"rendered":"<p>Industrial Lighting System Design Standards for Thermal Power Plants As core facilities for energy production, thermal power plants require lighting systems that directly impact equipment maintenance efficiency and personnel safety. This article provides an in-depth analysis of lighting requirements for critical areas in power plants, along with professional solutions compliant with international safety standards. Core [&hellip;]<\/p>\n","protected":false},"author":1,"featured_media":0,"parent":2374,"menu_order":0,"comment_status":"closed","ping_status":"closed","template":"","meta":{"_uag_custom_page_level_css":"","site-sidebar-layout":"no-sidebar","site-content-layout":"","ast-site-content-layout":"default","site-content-style":"default","site-sidebar-style":"default","ast-global-header-display":"","ast-banner-title-visibility":"","ast-main-header-display":"","ast-hfb-above-header-display":"","ast-hfb-below-header-display":"","ast-hfb-mobile-header-display":"","site-post-title":"disabled","ast-breadcrumbs-content":"","ast-featured-img":"","footer-sml-layout":"","ast-disable-related-posts":"","theme-transparent-header-meta":"enabled","adv-header-id-meta":"","stick-header-meta":"","header-above-stick-meta":"","header-main-stick-meta":"","header-below-stick-meta":"","astra-migrate-meta-layouts":"set","ast-page-background-enabled":"default","ast-page-background-meta":{"desktop":{"background-color":"var(--ast-global-color-4)","background-image":"","background-repeat":"repeat","background-position":"center center","background-size":"auto","background-attachment":"scroll","background-type":"","background-media":"","overlay-type":"","overlay-color":"","overlay-opacity":"","overlay-gradient":""},"tablet":{"background-color":"","background-image":"","background-repeat":"repeat","background-position":"center center","background-size":"auto","background-attachment":"scroll","background-type":"","background-media":"","overlay-type":"","overlay-color":"","overlay-opacity":"","overlay-gradient":""},"mobile":{"background-color":"","background-image":"","background-repeat":"repeat","background-position":"center center","background-size":"auto","background-attachment":"scroll","background-type":"","background-media":"","overlay-type":"","overlay-color":"","overlay-opacity":"","overlay-gradient":""}},"ast-content-background-meta":{"desktop":{"background-color":"var(--ast-global-color-5)","background-image":"","background-repeat":"repeat","background-position":"center center","background-size":"auto","background-attachment":"scroll","background-type":"","background-media":"","overlay-type":"","overlay-color":"","overlay-opacity":"","overlay-gradient":""},"tablet":{"background-color":"var(--ast-global-color-5)","background-image":"","background-repeat":"repeat","background-position":"center center","background-size":"auto","background-attachment":"scroll","background-type":"","background-media":"","overlay-type":"","overlay-color":"","overlay-opacity":"","overlay-gradient":""},"mobile":{"background-color":"var(--ast-global-color-5)","background-image":"","background-repeat":"repeat","background-position":"center center","background-size":"auto","background-attachment":"scroll","background-type":"","background-media":"","overlay-type":"","overlay-color":"","overlay-opacity":"","overlay-gradient":""}},"footnotes":""},"class_list":["post-3200","page","type-page","status-publish","hentry"],"uagb_featured_image_src":{"full":false,"thumbnail":false,"medium":false,"medium_large":false,"large":false,"1536x1536":false,"2048x2048":false,"trp-custom-language-flag":false},"uagb_author_info":{"display_name":"Joe","author_link":"https:\/\/led.amasly.com\/sk\/author\/jacklin\/"},"uagb_comment_info":0,"uagb_excerpt":"Industrial Lighting System Design Standards for Thermal Power Plants As core facilities for energy production, thermal power plants require lighting systems that directly impact equipment maintenance efficiency and personnel safety. This article provides an in-depth analysis of lighting requirements for critical areas in power plants, along with professional solutions compliant with international safety standards. Core&hellip;","_links":{"self":[{"href":"https:\/\/led.amasly.com\/sk\/wp-json\/wp\/v2\/pages\/3200","targetHints":{"allow":["GET"]}}],"collection":[{"href":"https:\/\/led.amasly.com\/sk\/wp-json\/wp\/v2\/pages"}],"about":[{"href":"https:\/\/led.amasly.com\/sk\/wp-json\/wp\/v2\/types\/page"}],"author":[{"embeddable":true,"href":"https:\/\/led.amasly.com\/sk\/wp-json\/wp\/v2\/users\/1"}],"replies":[{"embeddable":true,"href":"https:\/\/led.amasly.com\/sk\/wp-json\/wp\/v2\/comments?post=3200"}],"version-history":[{"count":1,"href":"https:\/\/led.amasly.com\/sk\/wp-json\/wp\/v2\/pages\/3200\/revisions"}],"predecessor-version":[{"id":3203,"href":"https:\/\/led.amasly.com\/sk\/wp-json\/wp\/v2\/pages\/3200\/revisions\/3203"}],"up":[{"embeddable":true,"href":"https:\/\/led.amasly.com\/sk\/wp-json\/wp\/v2\/pages\/2374"}],"wp:attachment":[{"href":"https:\/\/led.amasly.com\/sk\/wp-json\/wp\/v2\/media?parent=3200"}],"curies":[{"name":"wp","href":"https:\/\/api.w.org\/{rel}","templated":true}]}}