{"id":3174,"date":"2025-04-23T20:53:47","date_gmt":"2025-04-23T12:53:47","guid":{"rendered":"https:\/\/led.amasly.com\/?page_id=3174"},"modified":"2025-04-23T20:53:52","modified_gmt":"2025-04-23T12:53:52","slug":"nevybusne-elektricke-osvetlovacie-systemy-pre-bezpecnostne-technologie-lakovacich-liniek","status":"publish","type":"page","link":"https:\/\/led.amasly.com\/sk\/vedomosti\/znalosti-o-vyrobkoch-odolnych-proti-vybuchu\/nevybusne-elektricke-osvetlovacie-systemy-pre-bezpecnostne-technologie-lakovacich-liniek\/","title":{"rendered":"Elektrick\u00e9 osvet\u013eovacie syst\u00e9my s ochranou proti v\u00fdbuchu pre lakovacie linky: Bezpe\u010dnostn\u00e9 technol\u00f3gie"},"content":{"rendered":"<div class=\"wp-block-uagb-container uagb-block-27bae773 alignfull uagb-is-root-container\"><div class=\"uagb-container-inner-blocks-wrap\"><\/div><\/div>\n\n\n\n<h1 class=\"wp-block-heading has-text-align-center\">N\u00e1vrh a realiz\u00e1cia syst\u00e9mov elektrick\u00e9ho osvetlenia odoln\u00fdch proti v\u00fdbuchu <\/h1>\n\n\n\n<div class=\"wp-block-uagb-image uagb-block-da1360b5 wp-block-uagb-image--layout-default wp-block-uagb-image--effect-static wp-block-uagb-image--align-none\"><figure class=\"wp-block-uagb-image__figure\"><a class=\"\" href=\"https:\/\/led.amasly.com\/sk\/produkty\/\" target=\"\" rel=\"noopener\"><img decoding=\"async\" srcset=\"https:\/\/led.amasly.com\/wp-content\/uploads\/2025\/01\/LED-explosion-proof-flood-lights.png ,https:\/\/led.amasly.com\/wp-content\/uploads\/2025\/01\/LED-explosion-proof-flood-lights.png 780w, https:\/\/led.amasly.com\/wp-content\/uploads\/2025\/01\/LED-explosion-proof-flood-lights.png 360w\" sizes=\"auto, (max-width: 480px) 150px\" src=\"https:\/\/led.amasly.com\/wp-content\/uploads\/2025\/01\/LED-explosion-proof-flood-lights.png\" alt=\"\" class=\"uag-image-1675\" width=\"1004\" height=\"308\" title=\"LED svetl\u00e1 odoln\u00e9 proti v\u00fdbuchu\" loading=\"lazy\" role=\"img\"><\/a><\/figure><\/div>\n\n\n\n<h2 class=\"wp-block-heading\"><strong>Elektrick\u00e9 osvetlenie + normy pre nev\u00fdbu\u0161n\u00e9 kon\u0161trukcie<\/strong><\/h2>\n\n\n\n<p><strong>K\u013e\u00fa\u010dov\u00e9 metriky:<\/strong><\/p>\n\n\n\n<ul class=\"wp-block-list\">\n<li>Hodnota nev\u00fdbu\u0161n\u00e9ho svietidla: IP65+<\/li>\n\n\n\n<li>Osvetlenie: \u2265 300 luxov (pracovn\u00e9 plochy), \u2265 150 luxov (uli\u010dky)<\/li>\n\n\n\n<li>Trvanie n\u00fadzov\u00e9ho osvetlenia: \u226590 min\u00fat<\/li>\n<\/ul>\n\n\n\n<figure class=\"wp-block-table\"><table class=\"has-fixed-layout\"><thead><tr><th>Typ zariadenia<\/th><th>Hodnotenie odolnosti proti v\u00fdbuchu<\/th><th>Frekvencia kontrol<\/th><\/tr><\/thead><tbody><tr><td>Hlavn\u00e9 osvetlenie dielne<\/td><td><a href=\"http:\/\/www.iecex-certs.com\/\" rel=\"nofollow noopener\" target=\"_blank\">Ex d IIB T4<\/a><\/td><td>\u0160tvr\u0165ro\u010dne<\/td><\/tr><tr><td>Osvetlenie mie\u0161acej miestnosti<\/td><td>Ex de IIB T6<\/td><td>Mesa\u010dn\u00e1 vizu\u00e1lna kontrola<\/td><\/tr><tr><td>N\u00fadzov\u00e9 osvetlenie<\/td><td>IP68 + odolnos\u0165 vo\u010di vibr\u00e1ci\u00e1m<\/td><td>Polro\u010dn\u00e9 testovanie<\/td><\/tr><\/tbody><\/table><\/figure>\n\n\n\n<p><strong>Usmernenia pre implement\u00e1ciu:<\/strong><\/p>\n\n\n\n<ol start=\"1\" class=\"wp-block-list\">\n<li>Pou\u017e\u00edvajte LED svietidl\u00e1 odoln\u00e9 proti v\u00fdbuchu (\u2264100 W, teplota farieb 4000-5000 K)<\/li>\n\n\n\n<li>In\u0161tal\u00e1cia nez\u00e1visl\u00fdch chr\u00e1ni\u010dov proti \u00faniku (vyp\u00ednac\u00ed pr\u00fad \u226430 mA)<\/li>\n\n\n\n<li>Odpor uzemnenia \u22644\u03a9 pre v\u0161etky svietidl\u00e1<\/li>\n<\/ol>\n\n\n\n<h2 class=\"wp-block-heading\"><strong>Elektrick\u00e9 osvetlenie + inteligentn\u00e9 riadiace syst\u00e9my<\/strong><\/h2>\n\n\n\n<p><strong>Integrovan\u00e9 rie\u0161enia:<\/strong><\/p>\n\n\n\n<ol start=\"1\" class=\"wp-block-list\">\n<li>Automatick\u00e9 stmievanie so sn\u00edman\u00edm svetla (nastavenie jasu 30-100%)<\/li>\n\n\n\n<li>Stroboskopick\u00e9 v\u00fdstrahy spusten\u00e9 VOC (aktiv\u00e1cia pri 25% LEL)<\/li>\n\n\n\n<li>Monitorovanie v re\u00e1lnom \u010dase:\n<ul class=\"wp-block-list\">\n<li>Teplotn\u00e9 upozornenia (prah \u226460\u00b0C\/140\u00b0F)<\/li>\n\n\n\n<li>Monitorovanie za\u0165a\u017eenia obvodu (bezpe\u010dnostn\u00fd limit \u226480%)<\/li>\n<\/ul>\n<\/li>\n<\/ol>\n\n\n\n<p><strong>N\u00fadzov\u00e9 protokoly:<\/strong><\/p>\n\n\n\n<ul class=\"wp-block-list\">\n<li>Inteligentn\u00e9 odchodov\u00e9 zna\u010dky so svietivos\u0165ou \u22655 cd\/m\u00b2<\/li>\n\n\n\n<li>V\u00fdstra\u017en\u00e9 maj\u00e1ky odoln\u00e9 vo\u010di v\u00fdbuchu (\u226585 dB)<\/li>\n\n\n\n<li>\u010cas aktiv\u00e1cie n\u00fadzov\u00e9ho osvetlenia \u22640,5s<\/li>\n<\/ul>\n\n\n\n<h2 class=\"wp-block-heading\"><strong>\u0160pecifik\u00e1cie in\u0161tal\u00e1cie<\/strong><\/h2>\n\n\n\n<p><strong>Bezpe\u010dnostn\u00e9 po\u017eiadavky:<\/strong><\/p>\n\n\n\n<ol start=\"1\" class=\"wp-block-list\">\n<li>Mont\u00e1\u017ena v\u00fd\u0161ka: 2,5-3,5 m nad podlahou<\/li>\n\n\n\n<li>Meden\u00e9 nev\u00fdbu\u0161n\u00e9 rozvodn\u00e9 skrine (IP54+)<\/li>\n\n\n\n<li>Pozinkovan\u00e9 oce\u013eov\u00e9 potrubia (polomer ohybu \u22656\u00d7 priemer)<\/li>\n<\/ol>\n\n\n\n<p><strong>Kritick\u00e9 dodr\u017eiavanie predpisov:<\/strong><\/p>\n\n\n\n<ul class=\"wp-block-list\">\n<li>300 mm vzdialenos\u0165 medzi k\u00e1blami osvetlenia\/nap\u00e1jania<\/li>\n\n\n\n<li>Svorkov\u00fd kr\u00fatiaci moment: \u22640,8 N-m pre vodi\u010de 2,5 mm\u00b2<\/li>\n\n\n\n<li>Bezpe\u010dnostn\u00fd faktor zavesenia \u22655\u00d7 hmotnos\u0165 pr\u00edpravku<\/li>\n<\/ul>\n\n\n\n<h2 class=\"wp-block-heading\"><strong>Elektrick\u00e9 osvetlenie + riadenie \u00fadr\u017eby<\/strong><\/h2>\n\n\n\n<p><strong>Prevent\u00edvne strat\u00e9gie:<\/strong><\/p>\n\n\n\n<ol start=\"1\" class=\"wp-block-list\">\n<li>Mapovanie osvetlenia (testovacie body ka\u017ed\u00fdch 10 m\/33 st\u00f4p)<\/li>\n\n\n\n<li>Trojstup\u0148ov\u00fd syst\u00e9m \u00fadr\u017eby:\n<ul class=\"wp-block-list\">\n<li>Denn\u00e9 \u010distenie\/kontrola<\/li>\n\n\n\n<li>Mesa\u010dn\u00e9 funk\u010dn\u00e9 testy<\/li>\n\n\n\n<li>Ro\u010dn\u00e1 certifik\u00e1cia nev\u00fdbu\u0161nosti<\/li>\n<\/ul>\n<\/li>\n<\/ol>\n\n\n\n<p><strong>Reakcia na poruchu:<\/strong><\/p>\n\n\n\n<ol start=\"1\" class=\"wp-block-list\">\n<li>Okam\u017eite aktivujte z\u00e1lo\u017en\u00e9 osvetlenie<\/li>\n\n\n\n<li>Pou\u017e\u00edvajte 24 V svetl\u00e1 na rie\u0161enie probl\u00e9mov odoln\u00e9 proti v\u00fdbuchu<\/li>\n\n\n\n<li>Op\u00e4tovn\u00e1 certifik\u00e1cia ATEX po oprave<\/li>\n<\/ol>\n\n\n\n<h2 class=\"wp-block-heading\"><strong>Elektrick\u00e9 osvetlenie + technick\u00e9 inov\u00e1cie<\/strong><\/h2>\n\n\n\n<p><strong>Integr\u00e1cia internetu vec\u00ed:<\/strong><\/p>\n\n\n\n<ol start=\"1\" class=\"wp-block-list\">\n<li>Cloudov\u00e9 platformy inteligentn\u00e9ho osvetlenia:\n<ul class=\"wp-block-list\">\n<li>Monitorovanie energie (presnos\u0165 \u00b12%)<\/li>\n\n\n\n<li>Predikt\u00edvna \u00fadr\u017eba (d\u00e1tov\u00e9 modely 3000 hod\u00edn)<\/li>\n<\/ul>\n<\/li>\n\n\n\n<li>Iskrovo bezpe\u010dn\u00e9 bezdr\u00f4tov\u00e9 ovl\u00e1danie (dosah viac ako 50 m)<\/li>\n<\/ol>\n\n\n\n<p><strong>Pokro\u010dil\u00e9 rie\u0161enia:<\/strong><\/p>\n\n\n\n<p class=\"has-text-align-left\">Laserom nav\u00e1dzan\u00e9 n\u00fadzov\u00e9 syst\u00e9my (vidite\u013enos\u0165 viac ako 100 m)<\/p>\n\n\n\n<p>Samo\u010distiace optick\u00e9 povlaky (zv\u00fd\u0161enie prieh\u013eadnosti 15%)<\/p>\n\n\n\n<p>Graf\u00e9nov\u00e9 tepeln\u00e9 moduly (zn\u00ed\u017eenie teploty o 8-10 \u00b0C)<\/p>\n\n\n\n<div class=\"wp-block-uagb-container uagb-block-c7d898dd alignfull uagb-is-root-container\"><div class=\"uagb-container-inner-blocks-wrap\"><\/div><\/div>\n\n\n\n<h2 class=\"wp-block-heading\">S\u00favisiace produkty<\/h2>\n\n\n\n<div class=\"wp-block-uagb-container uagb-block-66e4defc alignfull uagb-is-root-container\"><div class=\"uagb-container-inner-blocks-wrap\">\n<div class=\"wp-block-uagb-container uagb-block-a42945f9\">\n<div class=\"wp-block-uagb-image uagb-block-7296296b wp-block-uagb-image--layout-default wp-block-uagb-image--effect-static wp-block-uagb-image--align-none\"><figure class=\"wp-block-uagb-image__figure\"><a class=\"\" href=\"https:\/\/led.amasly.com\/sk\/produkty\/\" target=\"\" rel=\"noopener\"><img decoding=\"async\" srcset=\"https:\/\/led.amasly.com\/wp-content\/uploads\/2024\/09\/Explosion-proof-high-bay-lights.png ,https:\/\/led.amasly.com\/wp-content\/uploads\/2024\/09\/Explosion-proof-high-bay-lights.png 780w, https:\/\/led.amasly.com\/wp-content\/uploads\/2024\/09\/Explosion-proof-high-bay-lights.png 360w\" sizes=\"auto, (max-width: 480px) 150px\" src=\"https:\/\/led.amasly.com\/wp-content\/uploads\/2024\/09\/Explosion-proof-high-bay-lights.png\" alt=\"\" class=\"uag-image-1495\" width=\"300\" height=\"300\" title=\"V\u00fdbu\u0161ne odoln\u00e9 vysok\u00e9 svetl\u00e1\" loading=\"lazy\" role=\"img\"><\/a><\/figure><\/div>\n<\/div>\n\n\n\n<div class=\"wp-block-uagb-container uagb-block-4d3efde5\">\n<div class=\"wp-block-uagb-image uagb-block-c9e90797 wp-block-uagb-image--layout-default wp-block-uagb-image--effect-static wp-block-uagb-image--align-none\"><figure class=\"wp-block-uagb-image__figure\"><a class=\"\" href=\"https:\/\/led.amasly.com\/sk\/produkty\/\" target=\"\" rel=\"noopener\"><img decoding=\"async\" srcset=\"https:\/\/led.amasly.com\/wp-content\/uploads\/2024\/07\/LED-tri-proof-lights2.png ,https:\/\/led.amasly.com\/wp-content\/uploads\/2024\/07\/LED-tri-proof-lights2.png 780w, https:\/\/led.amasly.com\/wp-content\/uploads\/2024\/07\/LED-tri-proof-lights2.png 360w\" sizes=\"auto, (max-width: 480px) 150px\" src=\"https:\/\/led.amasly.com\/wp-content\/uploads\/2024\/07\/LED-tri-proof-lights2.png\" alt=\"\" class=\"uag-image-1132\" width=\"300\" height=\"300\" title=\"LED-tri-odoln\u00e9 svetl\u00e12\" loading=\"lazy\" role=\"img\"><\/a><\/figure><\/div>\n<\/div>\n\n\n\n<div class=\"wp-block-uagb-container uagb-block-11c2578b\">\n<div class=\"wp-block-uagb-image uagb-block-6e8883aa wp-block-uagb-image--layout-default wp-block-uagb-image--effect-static wp-block-uagb-image--align-none\"><figure class=\"wp-block-uagb-image__figure\"><a class=\"\" href=\"https:\/\/led.amasly.com\/sk\/produkty\/\" target=\"\" rel=\"noopener\"><img decoding=\"async\" srcset=\"https:\/\/led.amasly.com\/wp-content\/uploads\/2024\/09\/LED-Explosion-Proof-Gas-Station-Light.png ,https:\/\/led.amasly.com\/wp-content\/uploads\/2024\/09\/LED-Explosion-Proof-Gas-Station-Light.png 780w, https:\/\/led.amasly.com\/wp-content\/uploads\/2024\/09\/LED-Explosion-Proof-Gas-Station-Light.png 360w\" sizes=\"auto, (max-width: 480px) 150px\" src=\"https:\/\/led.amasly.com\/wp-content\/uploads\/2024\/09\/LED-Explosion-Proof-Gas-Station-Light.png\" alt=\"\" class=\"uag-image-1501\" width=\"300\" height=\"300\" title=\"LED svetlo na \u010derpacej stanici odoln\u00e9 proti v\u00fdbuchu\" loading=\"lazy\" role=\"img\"><\/a><\/figure><\/div>\n<\/div>\n<\/div><\/div>\n\n\n\n<div class=\"wp-block-uagb-container uagb-block-548945b5 alignfull uagb-is-root-container\"><div class=\"uagb-container-inner-blocks-wrap\">\n<div class=\"wp-block-uagb-container uagb-block-967755d5\">\n<h4 class=\"wp-block-heading has-text-align-center\"><a href=\"https:\/\/led.amasly.com\/sk\/produkty\/\">Svetl\u00e1 LED odoln\u00e9 proti v\u00fdbuchu<\/a><\/h4>\n<\/div>\n\n\n\n<div class=\"wp-block-uagb-container uagb-block-9bc52fc2\">\n<h4 class=\"wp-block-heading has-text-align-center\"><a href=\"https:\/\/led.amasly.com\/sk\/produkty\/\">Trojit\u00e9 LED osvetlenie<\/a><\/h4>\n<\/div>\n\n\n\n<div class=\"wp-block-uagb-container uagb-block-8ffa0a23\">\n<h4 class=\"wp-block-heading has-text-align-center\"><a href=\"https:\/\/led.amasly.com\/sk\/produkty\/\">Svetl\u00e1 \u010derpac\u00edch stan\u00edc odoln\u00e9 proti v\u00fdbuchu<\/a><\/h4>\n<\/div>\n<\/div><\/div>\n\n\n\n<div class=\"wp-block-uagb-container uagb-block-29499fe0 alignfull uagb-is-root-container\"><div class=\"uagb-container-inner-blocks-wrap\">\n<div class=\"wp-block-uagb-container uagb-block-777ee1c7\">\n<div class=\"wp-block-uagb-image uagb-block-2e9a1851 wp-block-uagb-image--layout-default wp-block-uagb-image--effect-static wp-block-uagb-image--align-none\"><figure class=\"wp-block-uagb-image__figure\"><a class=\"\" href=\"https:\/\/led.amasly.com\/sk\/produkty\/\" target=\"\" rel=\"noopener\"><img decoding=\"async\" srcset=\"https:\/\/led.amasly.com\/wp-content\/uploads\/2024\/10\/50W-100W-150W-200W-300W-LED-Flood-Light.jpg ,https:\/\/led.amasly.com\/wp-content\/uploads\/2024\/10\/50W-100W-150W-200W-300W-LED-Flood-Light.jpg 780w, https:\/\/led.amasly.com\/wp-content\/uploads\/2024\/10\/50W-100W-150W-200W-300W-LED-Flood-Light.jpg 360w\" sizes=\"auto, (max-width: 480px) 150px\" src=\"https:\/\/led.amasly.com\/wp-content\/uploads\/2024\/10\/50W-100W-150W-200W-300W-LED-Flood-Light.jpg\" alt=\"\" class=\"uag-image-1526\" width=\"300\" height=\"300\" title=\"50W 100W 150W 200W 300W LED povod\u0148ov\u00e9 svetlo\" loading=\"lazy\" role=\"img\"><\/a><\/figure><\/div>\n<\/div>\n\n\n\n<div class=\"wp-block-uagb-container uagb-block-af8c8683\">\n<div class=\"wp-block-uagb-image uagb-block-67947854 wp-block-uagb-image--layout-default wp-block-uagb-image--effect-static wp-block-uagb-image--align-none\"><figure class=\"wp-block-uagb-image__figure\"><a class=\"\" href=\"https:\/\/led.amasly.com\/sk\/produkty\/\" target=\"\" rel=\"noopener\"><img decoding=\"async\" srcset=\"https:\/\/led.amasly.com\/wp-content\/uploads\/2024\/07\/led-tri-proof-light.png ,https:\/\/led.amasly.com\/wp-content\/uploads\/2024\/07\/led-tri-proof-light.png 780w, https:\/\/led.amasly.com\/wp-content\/uploads\/2024\/07\/led-tri-proof-light.png 360w\" sizes=\"auto, (max-width: 480px) 150px\" src=\"https:\/\/led.amasly.com\/wp-content\/uploads\/2024\/07\/led-tri-proof-light.png\" alt=\"\" class=\"uag-image-1130\" width=\"300\" height=\"300\" title=\"led-tri-proof-light\" loading=\"lazy\" role=\"img\"><\/a><\/figure><\/div>\n<\/div>\n\n\n\n<div class=\"wp-block-uagb-container uagb-block-0fdfdd58\">\n<div class=\"wp-block-uagb-image uagb-block-1187d32d wp-block-uagb-image--layout-default wp-block-uagb-image--effect-static wp-block-uagb-image--align-none\"><figure class=\"wp-block-uagb-image__figure\"><a class=\"\" href=\"https:\/\/led.amasly.com\/sk\/produkty\/\" target=\"\" rel=\"noopener\"><img decoding=\"async\" srcset=\"https:\/\/led.amasly.com\/wp-content\/uploads\/2024\/07\/LED-street-light.jpg ,https:\/\/led.amasly.com\/wp-content\/uploads\/2024\/07\/LED-street-light.jpg 780w, https:\/\/led.amasly.com\/wp-content\/uploads\/2024\/07\/LED-street-light.jpg 360w\" sizes=\"auto, (max-width: 480px) 150px\" src=\"https:\/\/led.amasly.com\/wp-content\/uploads\/2024\/07\/LED-street-light.jpg\" alt=\"\" class=\"uag-image-1145\" width=\"300\" height=\"300\" title=\"Uli\u010dn\u00e9 osvetlenie LED\" loading=\"lazy\" role=\"img\"><\/a><\/figure><\/div>\n<\/div>\n<\/div><\/div>\n\n\n\n<div class=\"wp-block-uagb-container uagb-block-6a60882c alignfull uagb-is-root-container\"><div class=\"uagb-container-inner-blocks-wrap\">\n<div class=\"wp-block-uagb-container uagb-block-f1e91a35\">\n<h4 class=\"wp-block-heading has-text-align-center\"><a href=\"https:\/\/led.amasly.com\/sk\/produkty\/\">LED svetl\u00e1 na zaplavenie<\/a><\/h4>\n<\/div>\n\n\n\n<div class=\"wp-block-uagb-container uagb-block-165bfa58\">\n<h4 class=\"wp-block-heading has-text-align-center\"><a href=\"https:\/\/led.amasly.com\/sk\/produkty\/\">LED Tri-Proof Tube Lights<\/a><\/h4>\n<\/div>\n\n\n\n<div class=\"wp-block-uagb-container uagb-block-f6096e3b\">\n<h4 class=\"wp-block-heading has-text-align-center\"><a href=\"https:\/\/led.amasly.com\/sk\/produkty\/\">Pouli\u010dn\u00e9 svetl\u00e1 LED<\/a><\/h4>\n<\/div>\n<\/div><\/div>\n\n\n\n<div class=\"wp-block-uagb-container uagb-block-99c0e0a5 alignfull uagb-is-root-container\"><div class=\"uagb-container-inner-blocks-wrap\"><\/div><\/div>\n\n\n\n<p><\/p>","protected":false},"excerpt":{"rendered":"<p>Design and Implementation of Explosion-Proof Electrical Lighting Systems Electrical Lighting + Explosion-Proof Design Standards Key Metrics: Equipment Type Explosion-Proof Rating Inspection Frequency Main Workshop Lights Ex d IIB T4 Quarterly Mixing Room Lighting Ex de IIB T6 Monthly Visual Check Emergency Lighting IP68 + Vibration-proof Biannual Testing Implementation Guidelines: Electrical Lighting + Smart Control Systems [&hellip;]<\/p>\n","protected":false},"author":1,"featured_media":0,"parent":2374,"menu_order":0,"comment_status":"closed","ping_status":"closed","template":"","meta":{"_uag_custom_page_level_css":"","site-sidebar-layout":"no-sidebar","site-content-layout":"","ast-site-content-layout":"default","site-content-style":"default","site-sidebar-style":"default","ast-global-header-display":"","ast-banner-title-visibility":"","ast-main-header-display":"","ast-hfb-above-header-display":"","ast-hfb-below-header-display":"","ast-hfb-mobile-header-display":"","site-post-title":"disabled","ast-breadcrumbs-content":"","ast-featured-img":"","footer-sml-layout":"","ast-disable-related-posts":"","theme-transparent-header-meta":"enabled","adv-header-id-meta":"","stick-header-meta":"","header-above-stick-meta":"","header-main-stick-meta":"","header-below-stick-meta":"","astra-migrate-meta-layouts":"set","ast-page-background-enabled":"default","ast-page-background-meta":{"desktop":{"background-color":"var(--ast-global-color-4)","background-image":"","background-repeat":"repeat","background-position":"center center","background-size":"auto","background-attachment":"scroll","background-type":"","background-media":"","overlay-type":"","overlay-color":"","overlay-opacity":"","overlay-gradient":""},"tablet":{"background-color":"","background-image":"","background-repeat":"repeat","background-position":"center center","background-size":"auto","background-attachment":"scroll","background-type":"","background-media":"","overlay-type":"","overlay-color":"","overlay-opacity":"","overlay-gradient":""},"mobile":{"background-color":"","background-image":"","background-repeat":"repeat","background-position":"center center","background-size":"auto","background-attachment":"scroll","background-type":"","background-media":"","overlay-type":"","overlay-color":"","overlay-opacity":"","overlay-gradient":""}},"ast-content-background-meta":{"desktop":{"background-color":"var(--ast-global-color-5)","background-image":"","background-repeat":"repeat","background-position":"center center","background-size":"auto","background-attachment":"scroll","background-type":"","background-media":"","overlay-type":"","overlay-color":"","overlay-opacity":"","overlay-gradient":""},"tablet":{"background-color":"var(--ast-global-color-5)","background-image":"","background-repeat":"repeat","background-position":"center center","background-size":"auto","background-attachment":"scroll","background-type":"","background-media":"","overlay-type":"","overlay-color":"","overlay-opacity":"","overlay-gradient":""},"mobile":{"background-color":"var(--ast-global-color-5)","background-image":"","background-repeat":"repeat","background-position":"center center","background-size":"auto","background-attachment":"scroll","background-type":"","background-media":"","overlay-type":"","overlay-color":"","overlay-opacity":"","overlay-gradient":""}},"footnotes":""},"class_list":["post-3174","page","type-page","status-publish","hentry"],"uagb_featured_image_src":{"full":false,"thumbnail":false,"medium":false,"medium_large":false,"large":false,"1536x1536":false,"2048x2048":false,"trp-custom-language-flag":false},"uagb_author_info":{"display_name":"Joe","author_link":"https:\/\/led.amasly.com\/sk\/author\/jacklin\/"},"uagb_comment_info":0,"uagb_excerpt":"Design and Implementation of Explosion-Proof Electrical Lighting Systems Electrical Lighting + Explosion-Proof Design Standards Key Metrics: Equipment Type Explosion-Proof Rating Inspection Frequency Main Workshop Lights Ex d IIB T4 Quarterly Mixing Room Lighting Ex de IIB T6 Monthly Visual Check Emergency Lighting IP68 + Vibration-proof Biannual Testing Implementation Guidelines: Electrical Lighting + Smart Control Systems&hellip;","_links":{"self":[{"href":"https:\/\/led.amasly.com\/sk\/wp-json\/wp\/v2\/pages\/3174","targetHints":{"allow":["GET"]}}],"collection":[{"href":"https:\/\/led.amasly.com\/sk\/wp-json\/wp\/v2\/pages"}],"about":[{"href":"https:\/\/led.amasly.com\/sk\/wp-json\/wp\/v2\/types\/page"}],"author":[{"embeddable":true,"href":"https:\/\/led.amasly.com\/sk\/wp-json\/wp\/v2\/users\/1"}],"replies":[{"embeddable":true,"href":"https:\/\/led.amasly.com\/sk\/wp-json\/wp\/v2\/comments?post=3174"}],"version-history":[{"count":1,"href":"https:\/\/led.amasly.com\/sk\/wp-json\/wp\/v2\/pages\/3174\/revisions"}],"predecessor-version":[{"id":3176,"href":"https:\/\/led.amasly.com\/sk\/wp-json\/wp\/v2\/pages\/3174\/revisions\/3176"}],"up":[{"embeddable":true,"href":"https:\/\/led.amasly.com\/sk\/wp-json\/wp\/v2\/pages\/2374"}],"wp:attachment":[{"href":"https:\/\/led.amasly.com\/sk\/wp-json\/wp\/v2\/media?parent=3174"}],"curies":[{"name":"wp","href":"https:\/\/api.w.org\/{rel}","templated":true}]}}