{"id":3140,"date":"2025-04-19T22:40:22","date_gmt":"2025-04-19T14:40:22","guid":{"rendered":"https:\/\/led.amasly.com\/?page_id=3140"},"modified":"2025-04-19T22:40:27","modified_gmt":"2025-04-19T14:40:27","slug":"stahl-nevybusne-svetla-technicke-vyhody-a-trhove-aplikacie-v-hlbkovej-analytickej-sprave","status":"publish","type":"page","link":"https:\/\/led.amasly.com\/sk\/vedomosti\/znalosti-o-vyrobkoch-odolnych-proti-vybuchu\/stahl-nevybusne-svetla-technicke-vyhody-a-trhove-aplikacie-v-hlbkovej-analytickej-sprave\/","title":{"rendered":"Technick\u00e9 v\u00fdhody a h\u013abkov\u00e1 analytick\u00e1 spr\u00e1va o trhov\u00fdch aplik\u00e1ci\u00e1ch spolo\u010dnosti Stahl"},"content":{"rendered":"<div class=\"wp-block-uagb-container uagb-block-27bae773 alignfull uagb-is-root-container\"><div class=\"uagb-container-inner-blocks-wrap\"><\/div><\/div>\n\n\n\n<h2 class=\"wp-block-heading has-text-align-center\"><strong>Stahl <\/strong><strong>odolnos\u0165 proti v\u00fdbuchu<\/strong><strong>&nbsp;<\/strong><strong>svetl\u00e1<\/strong><strong>&nbsp;technick\u00e9 v\u00fdhody a h\u013abkov\u00e1 anal\u00fdza trhov\u00fdch aplik\u00e1ci\u00ed<\/strong><strong><\/strong><\/h2>\n\n\n\n<div class=\"wp-block-uagb-image uagb-block-da1360b5 wp-block-uagb-image--layout-default wp-block-uagb-image--effect-static wp-block-uagb-image--align-none\"><figure class=\"wp-block-uagb-image__figure\"><a class=\"\" href=\"https:\/\/led.amasly.com\/sk\/produkty\/\" target=\"\" rel=\"noopener\"><img decoding=\"async\" srcset=\"https:\/\/led.amasly.com\/wp-content\/uploads\/2025\/01\/LED-explosion-proof-flood-lights.png ,https:\/\/led.amasly.com\/wp-content\/uploads\/2025\/01\/LED-explosion-proof-flood-lights.png 780w, https:\/\/led.amasly.com\/wp-content\/uploads\/2025\/01\/LED-explosion-proof-flood-lights.png 360w\" sizes=\"auto, (max-width: 480px) 150px\" src=\"https:\/\/led.amasly.com\/wp-content\/uploads\/2025\/01\/LED-explosion-proof-flood-lights.png\" alt=\"\" class=\"uag-image-1675\" width=\"1004\" height=\"308\" title=\"LED svetl\u00e1 odoln\u00e9 proti v\u00fdbuchu\" loading=\"lazy\" role=\"img\"><\/a><\/figure><\/div>\n\n\n\n<h2 class=\"wp-block-heading\"><strong>\u00davod: Z\u00e1kladn\u00e1 poz\u00edcia Stahla <\/strong><strong>odolnos\u0165 proti v\u00fdbuchu<\/strong><strong>&nbsp;<\/strong><strong>svetl\u00e1<\/strong><strong>&nbsp;v oblasti priemyseln\u00e9ho bezpe\u010dnostn\u00e9ho osvetlenia<\/strong><strong><\/strong><\/h2>\n\n\n\n<p>Svetl\u00e1 Stahl odoln\u00e9 proti v\u00fdbuchu\u00a0<a href=\"http:\/\/www.r-stahl.com\" rel=\"nofollow noopener\" target=\"_blank\">(R. STAHL <\/a>ako glob\u00e1lna referen\u010dn\u00e1 zna\u010dka v oblasti priemyseln\u00e9ho bezpe\u010dnostn\u00e9ho osvetlenia sa stala preferovan\u00fdm rie\u0161en\u00edm pre nebezpe\u010dn\u00e9 prostredia, ako je petroch\u00e9mia, energetika, letectvo a in\u00e9 nebezpe\u010dn\u00e9 prostredia, v\u010faka svojej vynikaj\u00facej nev\u00fdbu\u0161nosti, technologick\u00fdm inov\u00e1ci\u00e1m a \u0161irokej pou\u017eite\u013enosti. V tomto dokumente komplexne analyzujeme hlavn\u00fa konkurencieschopnos\u0165 nev\u00fdbu\u0161n\u00fdch svietidiel Stahl z h\u013eadiska technick\u00fdch vlastnost\u00ed, matrice v\u00fdrobkov, trhov\u00fdch trendov a potrieb pou\u017e\u00edvate\u013eov, aby sme poskytli referencie pre rozhodovanie pou\u017e\u00edvate\u013eov v priemysle.<\/p>\n\n\n\n<h2 class=\"wp-block-heading\"><strong>Po prv\u00e9, Stahl <\/strong><strong>odolnos\u0165 proti v\u00fdbuchu<\/strong><strong>&nbsp;<\/strong><strong>svetl\u00e1<\/strong><strong>&nbsp;technick\u00e9 inov\u00e1cie a v\u00fdhody produktov<\/strong><strong><\/strong><\/h2>\n\n\n\n<h3 class=\"wp-block-heading\"><strong>1. Vysok\u00e1 spo\u013eahlivos\u0165 kon\u0161trukcie a adaptabilita na drsn\u00e9 prostredie<\/strong><strong><\/strong><\/h3>\n\n\n\n<p>Nev\u00fdbu\u0161n\u00e9 svetl\u00e1 Stahl s pou\u017eit\u00edm puzdra z polyesteru vystu\u017een\u00e9ho sklenen\u00fdmi vl\u00e1knami (GRP) a komponentov z nehrdzavej\u00facej ocele, stupe\u0148 krytia a\u017e IP66\/IP67, rozsah adapt\u00edvnych tepl\u00f4t pokr\u00fdva -55 \u00b0C a\u017e +70 \u00b0C, dokonca aj v extr\u00e9mne chladnom alebo vysoko koroz\u00edvnom prostred\u00ed m\u00f4\u017ee by\u0165 stabiln\u00fd.<\/p>\n\n\n\n<p>Napr\u00edklad svietidlo radu EXLUX 6001 v\u00fdrazne zvy\u0161uje odolnos\u0165 vo\u010di n\u00e1razu (hodnotenie IK10) optimaliz\u00e1ciou tesniaceho syst\u00e9mu a kon\u0161trukcie centr\u00e1lneho uz\u00e1veru, zni\u017euje hmotnos\u0165 o 25%-30% v porovnan\u00ed s tradi\u010dn\u00fdmi v\u00fdrobkami a podporuje r\u00fdchlu demont\u00e1\u017e a \u00fadr\u017ebu, \u010d\u00edm zni\u017euje riziko prestojov.<\/p>\n\n\n\n<h3 class=\"wp-block-heading\"><strong>2. Vysoko \u00fa\u010dinn\u00e1 technol\u00f3gia LED a dlh\u00e1 \u017eivotnos\u0165<\/strong><strong><\/strong><\/h3>\n\n\n\n<p>Nev\u00fdbu\u0161n\u00e9 svetl\u00e1 Stahl komplexn\u00e9 pou\u017eitie vysoko \u00fa\u010dinn\u00e9ho sveteln\u00e9ho zdroja LED, sveteln\u00fd tok a\u017e 5800 l\u00famenov, \u00fa\u010dinnos\u0165 svetiel a svietidiel a\u017e 132 l\u00famenov \/ watt, o\u010dak\u00e1van\u00e1 \u017eivotnos\u0165 viac ako 100 000 hod\u00edn (\u0161tandard L90B50), rozpad svetla len 10%, \u010do v\u00fdrazne zni\u017euje frekvenciu v\u00fdmeny.<\/p>\n\n\n\n<p>Line\u00e1rne svietidl\u00e1 s\u00e9rie 6402 s\u00fa kompatibiln\u00e9 s inteligentn\u00fdm riadiacim syst\u00e9mom DALI, podporuj\u00fa vzdialen\u00e9 monitorovanie a funkcie stmievania, aby sp\u013a\u0148ali inteligentn\u00e9 potreby \u00e9ry priemyslu 4.0.<\/p>\n\n\n\n<h3 class=\"wp-block-heading\"><strong>3. Certifik\u00e1cia viacer\u00fdch scen\u00e1rov a dodr\u017eiavanie bezpe\u010dnosti<\/strong><strong><\/strong><\/h3>\n\n\n\n<p>V\u00fdrobky spolo\u010dnosti Stahl pr\u00edsne dodr\u017eiavaj\u00fa medzin\u00e1rodn\u00e9 nev\u00fdbu\u0161n\u00e9 normy, ako s\u00fa ATEX, IECEx, NEC\u00ae at\u010f., a boli roz\u0161\u00edren\u00e9 o region\u00e1lne certifik\u00e1ty, ako s\u00fa GOST, PESO at\u010f., ktor\u00e9 pokr\u00fdvaj\u00fa nebezpe\u010dn\u00e9 prostredia, ako s\u00fa z\u00f3ny 1\/2 a 21\/22.<\/p>\n\n\n\n<p>Napr\u00edklad blikaj\u00face svetlo FX15 pre\u0161lo viacer\u00fdmi certifik\u00e1ciami a je \u0161iroko pou\u017e\u00edvan\u00e9 na pobre\u017en\u00fdch plo\u0161in\u00e1ch a v rafin\u00e9ri\u00e1ch, s energiou z\u00e1blesku 5 joulov a svietivos\u0165ou 49 cd, \u010do zabezpe\u010duje v\u00fdstra\u017en\u00fd \u00fa\u010dinok na ve\u013ek\u00fa vzdialenos\u0165.<\/p>\n\n\n\n<h2 class=\"wp-block-heading\"><strong>Po druh\u00e9, Stahl <\/strong><strong>odolnos\u0165 proti v\u00fdbuchu<\/strong><strong>&nbsp;\u013eahk\u00e9 z\u00e1kladn\u00e9 produktov\u00e9 rady a aplika\u010dn\u00e9 scen\u00e1re<\/strong><strong><\/strong><\/h2>\n\n\n\n<h3 class=\"wp-block-heading\"><strong>1. Line\u00e1rne svietidl\u00e1: efekt\u00edvne pokrytie priemyseln\u00e9ho priestoru<\/strong><strong><\/strong><\/h3>\n\n\n\n<p>S\u00e9ria EXLUX 6002\/6402: ur\u010den\u00e1 pre z\u00f3nu 1\/21, 52W model ekvivalentn\u00fd \u00fa\u010dinnosti dvojitej 36W \u017eiarivky, podpora pre z\u00e1vesn\u00fa, n\u00e1stenn\u00fa a st\u013apov\u00fa mont\u00e1\u017e, vhodn\u00e9 pre petrochemick\u00e9 z\u00e1vody, vetern\u00e9 turb\u00edny a in\u00e9 osvetlenie ve\u013ek\u00fdch priestorov.<\/p>\n\n\n\n<p>6036 kompaktn\u00e9 LED svetl\u00e1 a svietidl\u00e1: hmotnos\u0165 len 5-9 kg, krytie IP68, vhodn\u00e9 pre ban\u00edctvo, lodn\u00e9 kab\u00edny a in\u00e9 \u00fazke priestory.<\/p>\n\n\n\n<h3 class=\"wp-block-heading\"><strong>2. \u0160peci\u00e1lne <\/strong><strong>odolnos\u0165 proti v\u00fdbuchu<\/strong><strong>&nbsp;<\/strong><strong>svetl\u00e1<\/strong><strong>: presn\u00e1 ochrana pre nebezpe\u010dn\u00e9 sc\u00e9ny<\/strong><strong><\/strong><\/h3>\n\n\n\n<p>Svetl\u00e1 na palube vrtu\u013en\u00edka odoln\u00e9 proti v\u00fdbuchu: Intenzita svetla 67 cd, stupe\u0148 ochrany IP89, ur\u010den\u00e9 pre pobre\u017en\u00e9 plo\u0161iny a pozemn\u00e9 odbavovacie plochy, na ochranu bezpe\u010dnosti letectva.<\/p>\n\n\n\n<p>prenosn\u00e9 nev\u00fdbu\u0161n\u00e9 svietidl\u00e1 s\u00e9rie 6144: vybaven\u00e9 xen\u00f3nov\u00fdmi svetlami a mikroprocesorov\u00fdm riadiacim syst\u00e9mom, podporuj\u00face plynul\u00e9 zaostrovanie, nab\u00edjac\u00ed syst\u00e9m na optimaliz\u00e1ciu \u017eivotnosti bat\u00e9rie, vhodn\u00e9 na n\u00fadzov\u00fa \u00fadr\u017ebu a mobiln\u00e9 osvetlenie.<\/p>\n\n\n\n<h3 class=\"wp-block-heading\"><strong>3. Inteligentn\u00e9 riadiace syst\u00e9my a pr\u00edslu\u0161enstvo<\/strong><strong><\/strong><\/h3>\n\n\n\n<p>Spolo\u010dnos\u0165 Stahl poskytuje z\u00e1\u0165a\u017eov\u00fd odde\u013eova\u010d 8146\/5-V11, nev\u00fdbu\u0161n\u00fa rozvodn\u00fa skri\u0148u s\u00e9rie 8146 a \u010fal\u0161ie pomocn\u00e9 zariadenia na podporu riadenia obvodov motora a\u017e do 630 A a integrovan\u00fa funkciu adresovania na realiz\u00e1ciu bezprobl\u00e9mov\u00e9ho pripojenia k verejn\u00e9mu bat\u00e9riov\u00e9mu syst\u00e9mu.<\/p>\n\n\n\n<h2 class=\"wp-block-heading\"><strong>Po tretie, Stahl <\/strong><strong>odolnos\u0165 proti v\u00fdbuchu<\/strong><strong>&nbsp;konkurencieschopnos\u0165 sveteln\u00fdch zdrojov na trhu a trendy v odvetv\u00ed<\/strong><strong><\/strong><\/h2>\n\n\n\n<h3 class=\"wp-block-heading\"><strong>1. Podiel na glob\u00e1lnom trhu a region\u00e1lne rozlo\u017eenie<\/strong><strong><\/strong><\/h3>\n\n\n\n<p>Pod\u013ea spr\u00e1vy o trhu s bari\u00e9rov\u00fdmi svietidlami odoln\u00fdmi proti v\u00fdbuchu v roku 2024 spolo\u010dnos\u0165 Stahl zauj\u00edma ved\u00face postavenie v troch hlavn\u00fdch regi\u00f3noch Severnej Ameriky, Eur\u00f3py a \u00c1zie a Tichomoria a jej severoamerick\u00e9 \u00fastredie sa nach\u00e1dza v Houstone, ktor\u00fd priamo obsluhuje oblasti s intenz\u00edvnym energetick\u00fdm priemyslom, s mierou rastu predaja 12% v roku 2023.<\/p>\n\n\n\n<h3 class=\"wp-block-heading\"><strong>2. Hnacie sily dopytu v odvetv\u00ed<\/strong><strong><\/strong><\/h3>\n\n\n\n<p>Moderniz\u00e1cia energetickej a chemickej bezpe\u010dnosti: celosvetov\u00fd n\u00e1rast projektov v oblasti skvapalnen\u00e9ho zemn\u00e9ho plynu (LNG) a vod\u00edkovej energie, \u010do zvy\u0161uje dopyt po nev\u00fdbu\u0161nom osvetlen\u00ed.<\/p>\n\n\n\n<p>Zelen\u00fd prechod a normy energetickej \u00fa\u010dinnosti: Energeticky \u00fa\u010dinn\u00e9 v\u00fdrobky spolo\u010dnosti Stahl s\u00fa v s\u00falade s cie\u013emi ESG.<\/p>\n\n\n\n<h3 class=\"wp-block-heading\"><strong>3. Konkuren\u010dn\u00e9 prostredie a strat\u00e9gia diferenci\u00e1cie<\/strong><strong><\/strong><\/h3>\n\n\n\n<p>Spolo\u010dnos\u0165 Stahl upev\u0148uje svoje v\u00fdhody prostredn\u00edctvom rie\u0161en\u00ed na mieru (napr. syst\u00e9my n\u00fadzov\u00e9ho osvetlenia, komplexn\u00e9 rie\u0161enia distrib\u00facie energie). V porovnan\u00ed s konkuren\u010dn\u00fdmi spolo\u010dnos\u0165ami Orga a Glamox je jej produktov\u00fd rad kompletnej\u0161\u00ed a jej technick\u00e1 podpora je bli\u017e\u0161ie k potreb\u00e1m z\u00e1kazn\u00edkov priamo na mieste.<\/p>\n\n\n\n<h2 class=\"wp-block-heading\"><strong>Po \u0161tvrt\u00e9, pou\u017e\u00edvate\u013e k\u00fapi\u0165 Stahl <\/strong><strong>odolnos\u0165 proti v\u00fdbuchu<\/strong><strong>&nbsp;<\/strong><strong>svetl\u00e1<\/strong><strong>&nbsp;k\u013e\u00fa\u010dov\u00e9 \u00favahy<\/strong><strong><\/strong><\/h2>\n\n\n\n<p>1. vhodnos\u0165 prostredia: pod\u013ea stup\u0148a nebezpe\u010dnosti (napr. z\u00f3na 1\/21), teplotn\u00e9ho rozsahu a po\u017eiadaviek na ochranu pri v\u00fdbere modelu. 2. energetick\u00e1 \u00fa\u010dinnos\u0165 a celkov\u00e9 n\u00e1klady na vlastn\u00edctvo.<\/p>\n\n\n\n<p>2. energetick\u00e1 \u00fa\u010dinnos\u0165 a celkov\u00e9 n\u00e1klady na vlastn\u00edctvo: uprednost\u0148ovan\u00e9 modely LED na zn\u00ed\u017eenie spotreby energie a n\u00e1kladov na \u00fadr\u017ebu. 3. Zhoda s certifik\u00e1ciou: potvrdenie, \u017ee model LED na zn\u00ed\u017eenie spotreby energie a n\u00e1kladov na \u00fadr\u017ebu.<\/p>\n\n\n\n<p>3. Dodr\u017eiavanie certifik\u00e1cie: Skontrolujte, \u010di v\u00fdrobok sp\u013a\u0148a miestne bezpe\u010dnostn\u00e9 normy (napr. severoamerick\u00fa NEC\u00ae alebo eur\u00f3psku ATEX).<\/p>\n\n\n\n<p>4. Schopnos\u0165 dod\u00e1vate\u013ea poskytova\u0165 slu\u017eby: Presk\u00famajte technick\u00fa podporu, r\u00fdchle dodanie a \u010das reakcie na prisp\u00f4soben\u00fd v\u00fdvoj.<\/p>\n\n\n\n<h2 class=\"wp-block-heading\"><strong>Z\u00e1ver<\/strong><strong><\/strong><\/h2>\n\n\n\n<p>Nev\u00fdbu\u0161n\u00e9 svietidl\u00e1 Stahl s\u00fa na\u010falej l\u00eddrom revol\u00facie v oblasti priemyseln\u00e9ho bezpe\u010dnostn\u00e9ho osvetlenia v\u010faka technologick\u00fdm inov\u00e1ci\u00e1m a hlbokej kultiv\u00e1cii sc\u00e9ny. S moderniz\u00e1ciou bezpe\u010dnostn\u00fdch noriem v glob\u00e1lnych rizikov\u00fdch odvetviach bud\u00fa jej v\u00fdrobky a rie\u0161enia vytv\u00e1ra\u0165 dlhodob\u00fa hodnotu pre pou\u017e\u00edvate\u013eov.<\/p>\n\n\n\n<p class=\"has-text-align-left\">Ak chcete z\u00edska\u0165 poradenstvo pri v\u00fdbere na mieru alebo technick\u00fa dokument\u00e1ciu, nav\u0161t\u00edvte na\u0161u webov\u00fa str\u00e1nku alebo kontaktujte n\u00e1\u0161 profesion\u00e1lny t\u00edm.<strong> <\/strong><\/p>\n\n\n\n<div class=\"wp-block-uagb-container uagb-block-c7d898dd alignfull uagb-is-root-container\"><div class=\"uagb-container-inner-blocks-wrap\"><\/div><\/div>\n\n\n\n<h2 class=\"wp-block-heading\">S\u00favisiace produkty<\/h2>\n\n\n\n<div class=\"wp-block-uagb-container uagb-block-66e4defc alignfull uagb-is-root-container\"><div class=\"uagb-container-inner-blocks-wrap\">\n<div class=\"wp-block-uagb-container uagb-block-a42945f9\">\n<div class=\"wp-block-uagb-image uagb-block-7296296b wp-block-uagb-image--layout-default wp-block-uagb-image--effect-static wp-block-uagb-image--align-none\"><figure class=\"wp-block-uagb-image__figure\"><a class=\"\" href=\"https:\/\/led.amasly.com\/sk\/produkty\/\" target=\"\" rel=\"noopener\"><img decoding=\"async\" srcset=\"https:\/\/led.amasly.com\/wp-content\/uploads\/2024\/09\/Explosion-proof-high-bay-lights.png ,https:\/\/led.amasly.com\/wp-content\/uploads\/2024\/09\/Explosion-proof-high-bay-lights.png 780w, https:\/\/led.amasly.com\/wp-content\/uploads\/2024\/09\/Explosion-proof-high-bay-lights.png 360w\" sizes=\"auto, (max-width: 480px) 150px\" src=\"https:\/\/led.amasly.com\/wp-content\/uploads\/2024\/09\/Explosion-proof-high-bay-lights.png\" alt=\"\" class=\"uag-image-1495\" width=\"300\" height=\"300\" title=\"V\u00fdbu\u0161ne odoln\u00e9 vysok\u00e9 svetl\u00e1\" loading=\"lazy\" role=\"img\"><\/a><\/figure><\/div>\n<\/div>\n\n\n\n<div class=\"wp-block-uagb-container uagb-block-4d3efde5\">\n<div class=\"wp-block-uagb-image uagb-block-c9e90797 wp-block-uagb-image--layout-default wp-block-uagb-image--effect-static wp-block-uagb-image--align-none\"><figure class=\"wp-block-uagb-image__figure\"><a class=\"\" href=\"https:\/\/led.amasly.com\/sk\/produkty\/\" target=\"\" rel=\"noopener\"><img decoding=\"async\" srcset=\"https:\/\/led.amasly.com\/wp-content\/uploads\/2024\/07\/LED-tri-proof-lights2.png ,https:\/\/led.amasly.com\/wp-content\/uploads\/2024\/07\/LED-tri-proof-lights2.png 780w, https:\/\/led.amasly.com\/wp-content\/uploads\/2024\/07\/LED-tri-proof-lights2.png 360w\" sizes=\"auto, (max-width: 480px) 150px\" src=\"https:\/\/led.amasly.com\/wp-content\/uploads\/2024\/07\/LED-tri-proof-lights2.png\" alt=\"\" class=\"uag-image-1132\" width=\"300\" height=\"300\" title=\"LED-tri-odoln\u00e9 svetl\u00e12\" loading=\"lazy\" role=\"img\"><\/a><\/figure><\/div>\n<\/div>\n\n\n\n<div class=\"wp-block-uagb-container uagb-block-11c2578b\">\n<div class=\"wp-block-uagb-image uagb-block-6e8883aa wp-block-uagb-image--layout-default wp-block-uagb-image--effect-static wp-block-uagb-image--align-none\"><figure class=\"wp-block-uagb-image__figure\"><a class=\"\" href=\"https:\/\/led.amasly.com\/sk\/produkty\/\" target=\"\" rel=\"noopener\"><img decoding=\"async\" srcset=\"https:\/\/led.amasly.com\/wp-content\/uploads\/2024\/09\/LED-Explosion-Proof-Gas-Station-Light.png ,https:\/\/led.amasly.com\/wp-content\/uploads\/2024\/09\/LED-Explosion-Proof-Gas-Station-Light.png 780w, https:\/\/led.amasly.com\/wp-content\/uploads\/2024\/09\/LED-Explosion-Proof-Gas-Station-Light.png 360w\" sizes=\"auto, (max-width: 480px) 150px\" src=\"https:\/\/led.amasly.com\/wp-content\/uploads\/2024\/09\/LED-Explosion-Proof-Gas-Station-Light.png\" alt=\"\" class=\"uag-image-1501\" width=\"300\" height=\"300\" title=\"LED svetlo na \u010derpacej stanici odoln\u00e9 proti v\u00fdbuchu\" loading=\"lazy\" role=\"img\"><\/a><\/figure><\/div>\n<\/div>\n<\/div><\/div>\n\n\n\n<div class=\"wp-block-uagb-container uagb-block-548945b5 alignfull uagb-is-root-container\"><div class=\"uagb-container-inner-blocks-wrap\">\n<div class=\"wp-block-uagb-container uagb-block-967755d5\">\n<h4 class=\"wp-block-heading has-text-align-center\"><a href=\"https:\/\/led.amasly.com\/sk\/produkty\/\">Svetl\u00e1 LED odoln\u00e9 proti v\u00fdbuchu<\/a><\/h4>\n<\/div>\n\n\n\n<div class=\"wp-block-uagb-container uagb-block-9bc52fc2\">\n<h4 class=\"wp-block-heading has-text-align-center\"><a href=\"https:\/\/led.amasly.com\/sk\/produkty\/\">Trojit\u00e9 LED osvetlenie<\/a><\/h4>\n<\/div>\n\n\n\n<div class=\"wp-block-uagb-container uagb-block-8ffa0a23\">\n<h4 class=\"wp-block-heading has-text-align-center\"><a href=\"https:\/\/led.amasly.com\/sk\/produkty\/\">Svetl\u00e1 \u010derpac\u00edch stan\u00edc odoln\u00e9 proti v\u00fdbuchu<\/a><\/h4>\n<\/div>\n<\/div><\/div>\n\n\n\n<div class=\"wp-block-uagb-container uagb-block-29499fe0 alignfull uagb-is-root-container\"><div class=\"uagb-container-inner-blocks-wrap\">\n<div class=\"wp-block-uagb-container uagb-block-777ee1c7\">\n<div class=\"wp-block-uagb-image uagb-block-2e9a1851 wp-block-uagb-image--layout-default wp-block-uagb-image--effect-static wp-block-uagb-image--align-none\"><figure class=\"wp-block-uagb-image__figure\"><a class=\"\" href=\"https:\/\/led.amasly.com\/sk\/produkty\/\" target=\"\" rel=\"noopener\"><img decoding=\"async\" srcset=\"https:\/\/led.amasly.com\/wp-content\/uploads\/2024\/10\/50W-100W-150W-200W-300W-LED-Flood-Light.jpg ,https:\/\/led.amasly.com\/wp-content\/uploads\/2024\/10\/50W-100W-150W-200W-300W-LED-Flood-Light.jpg 780w, https:\/\/led.amasly.com\/wp-content\/uploads\/2024\/10\/50W-100W-150W-200W-300W-LED-Flood-Light.jpg 360w\" sizes=\"auto, (max-width: 480px) 150px\" src=\"https:\/\/led.amasly.com\/wp-content\/uploads\/2024\/10\/50W-100W-150W-200W-300W-LED-Flood-Light.jpg\" alt=\"\" class=\"uag-image-1526\" width=\"300\" height=\"300\" title=\"50W 100W 150W 200W 300W LED povod\u0148ov\u00e9 svetlo\" loading=\"lazy\" role=\"img\"><\/a><\/figure><\/div>\n<\/div>\n\n\n\n<div class=\"wp-block-uagb-container uagb-block-af8c8683\">\n<div class=\"wp-block-uagb-image uagb-block-67947854 wp-block-uagb-image--layout-default wp-block-uagb-image--effect-static wp-block-uagb-image--align-none\"><figure class=\"wp-block-uagb-image__figure\"><a class=\"\" href=\"https:\/\/led.amasly.com\/sk\/produkty\/\" target=\"\" rel=\"noopener\"><img decoding=\"async\" srcset=\"https:\/\/led.amasly.com\/wp-content\/uploads\/2024\/07\/led-tri-proof-light.png ,https:\/\/led.amasly.com\/wp-content\/uploads\/2024\/07\/led-tri-proof-light.png 780w, https:\/\/led.amasly.com\/wp-content\/uploads\/2024\/07\/led-tri-proof-light.png 360w\" sizes=\"auto, (max-width: 480px) 150px\" src=\"https:\/\/led.amasly.com\/wp-content\/uploads\/2024\/07\/led-tri-proof-light.png\" alt=\"\" class=\"uag-image-1130\" width=\"300\" height=\"300\" title=\"led-tri-proof-light\" loading=\"lazy\" role=\"img\"><\/a><\/figure><\/div>\n<\/div>\n\n\n\n<div class=\"wp-block-uagb-container uagb-block-0fdfdd58\">\n<div class=\"wp-block-uagb-image uagb-block-1187d32d wp-block-uagb-image--layout-default wp-block-uagb-image--effect-static wp-block-uagb-image--align-none\"><figure class=\"wp-block-uagb-image__figure\"><a class=\"\" href=\"https:\/\/led.amasly.com\/sk\/produkty\/\" target=\"\" rel=\"noopener\"><img decoding=\"async\" srcset=\"https:\/\/led.amasly.com\/wp-content\/uploads\/2024\/07\/LED-street-light.jpg ,https:\/\/led.amasly.com\/wp-content\/uploads\/2024\/07\/LED-street-light.jpg 780w, https:\/\/led.amasly.com\/wp-content\/uploads\/2024\/07\/LED-street-light.jpg 360w\" sizes=\"auto, (max-width: 480px) 150px\" src=\"https:\/\/led.amasly.com\/wp-content\/uploads\/2024\/07\/LED-street-light.jpg\" alt=\"\" class=\"uag-image-1145\" width=\"300\" height=\"300\" title=\"Uli\u010dn\u00e9 osvetlenie LED\" loading=\"lazy\" role=\"img\"><\/a><\/figure><\/div>\n<\/div>\n<\/div><\/div>\n\n\n\n<div class=\"wp-block-uagb-container uagb-block-6a60882c alignfull uagb-is-root-container\"><div class=\"uagb-container-inner-blocks-wrap\">\n<div class=\"wp-block-uagb-container uagb-block-f1e91a35\">\n<h4 class=\"wp-block-heading has-text-align-center\"><a href=\"https:\/\/led.amasly.com\/sk\/produkty\/\">LED svetl\u00e1 na zaplavenie<\/a><\/h4>\n<\/div>\n\n\n\n<div class=\"wp-block-uagb-container uagb-block-165bfa58\">\n<h4 class=\"wp-block-heading has-text-align-center\"><a href=\"https:\/\/led.amasly.com\/sk\/produkty\/\">LED Tri-Proof Tube Lights<\/a><\/h4>\n<\/div>\n\n\n\n<div class=\"wp-block-uagb-container uagb-block-f6096e3b\">\n<h4 class=\"wp-block-heading has-text-align-center\"><a href=\"https:\/\/led.amasly.com\/sk\/produkty\/\">Pouli\u010dn\u00e9 svetl\u00e1 LED<\/a><\/h4>\n<\/div>\n<\/div><\/div>\n\n\n\n<div class=\"wp-block-uagb-container uagb-block-99c0e0a5 alignfull uagb-is-root-container\"><div class=\"uagb-container-inner-blocks-wrap\"><\/div><\/div>\n\n\n\n<p><\/p>","protected":false},"excerpt":{"rendered":"<p>Stahl explosion proof&nbsp;lights&nbsp;technical advantages and market applications in-depth analysis report Introduction: The core position of Stahl explosion proof&nbsp;lights&nbsp;in the field of industrial safety lighting Stahl explosion proof\u00a0lights\u00a0(R. STAHL explosion proof\u00a0lights), as a global benchmark brand in the field of industrial safety lighting, has become the preferred solution for hazardous environments such as petrochemicals, energy, aerospace [&hellip;]<\/p>\n","protected":false},"author":1,"featured_media":0,"parent":2374,"menu_order":0,"comment_status":"closed","ping_status":"closed","template":"","meta":{"_uag_custom_page_level_css":"","site-sidebar-layout":"no-sidebar","site-content-layout":"","ast-site-content-layout":"default","site-content-style":"default","site-sidebar-style":"default","ast-global-header-display":"","ast-banner-title-visibility":"","ast-main-header-display":"","ast-hfb-above-header-display":"","ast-hfb-below-header-display":"","ast-hfb-mobile-header-display":"","site-post-title":"disabled","ast-breadcrumbs-content":"","ast-featured-img":"","footer-sml-layout":"","ast-disable-related-posts":"","theme-transparent-header-meta":"enabled","adv-header-id-meta":"","stick-header-meta":"","header-above-stick-meta":"","header-main-stick-meta":"","header-below-stick-meta":"","astra-migrate-meta-layouts":"set","ast-page-background-enabled":"default","ast-page-background-meta":{"desktop":{"background-color":"var(--ast-global-color-4)","background-image":"","background-repeat":"repeat","background-position":"center center","background-size":"auto","background-attachment":"scroll","background-type":"","background-media":"","overlay-type":"","overlay-color":"","overlay-opacity":"","overlay-gradient":""},"tablet":{"background-color":"","background-image":"","background-repeat":"repeat","background-position":"center center","background-size":"auto","background-attachment":"scroll","background-type":"","background-media":"","overlay-type":"","overlay-color":"","overlay-opacity":"","overlay-gradient":""},"mobile":{"background-color":"","background-image":"","background-repeat":"repeat","background-position":"center center","background-size":"auto","background-attachment":"scroll","background-type":"","background-media":"","overlay-type":"","overlay-color":"","overlay-opacity":"","overlay-gradient":""}},"ast-content-background-meta":{"desktop":{"background-color":"var(--ast-global-color-5)","background-image":"","background-repeat":"repeat","background-position":"center center","background-size":"auto","background-attachment":"scroll","background-type":"","background-media":"","overlay-type":"","overlay-color":"","overlay-opacity":"","overlay-gradient":""},"tablet":{"background-color":"var(--ast-global-color-5)","background-image":"","background-repeat":"repeat","background-position":"center center","background-size":"auto","background-attachment":"scroll","background-type":"","background-media":"","overlay-type":"","overlay-color":"","overlay-opacity":"","overlay-gradient":""},"mobile":{"background-color":"var(--ast-global-color-5)","background-image":"","background-repeat":"repeat","background-position":"center center","background-size":"auto","background-attachment":"scroll","background-type":"","background-media":"","overlay-type":"","overlay-color":"","overlay-opacity":"","overlay-gradient":""}},"footnotes":""},"class_list":["post-3140","page","type-page","status-publish","hentry"],"uagb_featured_image_src":{"full":false,"thumbnail":false,"medium":false,"medium_large":false,"large":false,"1536x1536":false,"2048x2048":false,"trp-custom-language-flag":false},"uagb_author_info":{"display_name":"Joe","author_link":"https:\/\/led.amasly.com\/sk\/author\/jacklin\/"},"uagb_comment_info":0,"uagb_excerpt":"Stahl explosion proof&nbsp;lights&nbsp;technical advantages and market applications in-depth analysis report Introduction: The core position of Stahl explosion proof&nbsp;lights&nbsp;in the field of industrial safety lighting Stahl explosion proof\u00a0lights\u00a0(R. STAHL explosion proof\u00a0lights), as a global benchmark brand in the field of industrial safety lighting, has become the preferred solution for hazardous environments such as petrochemicals, energy, aerospace&hellip;","_links":{"self":[{"href":"https:\/\/led.amasly.com\/sk\/wp-json\/wp\/v2\/pages\/3140","targetHints":{"allow":["GET"]}}],"collection":[{"href":"https:\/\/led.amasly.com\/sk\/wp-json\/wp\/v2\/pages"}],"about":[{"href":"https:\/\/led.amasly.com\/sk\/wp-json\/wp\/v2\/types\/page"}],"author":[{"embeddable":true,"href":"https:\/\/led.amasly.com\/sk\/wp-json\/wp\/v2\/users\/1"}],"replies":[{"embeddable":true,"href":"https:\/\/led.amasly.com\/sk\/wp-json\/wp\/v2\/comments?post=3140"}],"version-history":[{"count":1,"href":"https:\/\/led.amasly.com\/sk\/wp-json\/wp\/v2\/pages\/3140\/revisions"}],"predecessor-version":[{"id":3141,"href":"https:\/\/led.amasly.com\/sk\/wp-json\/wp\/v2\/pages\/3140\/revisions\/3141"}],"up":[{"embeddable":true,"href":"https:\/\/led.amasly.com\/sk\/wp-json\/wp\/v2\/pages\/2374"}],"wp:attachment":[{"href":"https:\/\/led.amasly.com\/sk\/wp-json\/wp\/v2\/media?parent=3140"}],"curies":[{"name":"wp","href":"https:\/\/api.w.org\/{rel}","templated":true}]}}