{"id":2704,"date":"2025-03-25T22:14:18","date_gmt":"2025-03-25T14:14:18","guid":{"rendered":"https:\/\/led.amasly.com\/?page_id=2704"},"modified":"2026-01-22T20:12:59","modified_gmt":"2026-01-22T12:12:59","slug":"4-nohy-viedli-svetlo-odolne-voci-vybuchu-inovacie-bezpecnostneho-osvetlenia-cerpacich-stanic-na-opravu-programu","status":"publish","type":"page","link":"https:\/\/led.amasly.com\/sk\/vedomosti\/znalosti-o-vyrobkoch-odolnych-proti-vybuchu\/4-nohy-viedli-svetlo-odolne-voci-vybuchu-inovacie-bezpecnostneho-osvetlenia-cerpacich-stanic-na-opravu-programu\/","title":{"rendered":"4 nohy viedli svetlo odoln\u00e9 proti v\u00fdbuchu: inov\u00e1cia bezpe\u010dnostn\u00e9ho osvetlenia \u010derpacej stanice na opravu programu"},"content":{"rendered":"\n<div class=\"wp-block-uagb-container uagb-block-27bae773 alignfull uagb-is-root-container\"><div class=\"uagb-container-inner-blocks-wrap\"><\/div><\/div>\n\n\n\n<h1 class=\"wp-block-heading has-text-align-center\"><strong>4 foot led explosion proof light<\/strong><strong>: gas station safety lighting innovation to fix the program<\/strong><strong><\/strong><\/h1>\n\n\n\n<div class=\"wp-block-uagb-image uagb-block-146e2105 wp-block-uagb-image--layout-default wp-block-uagb-image--effect-static wp-block-uagb-image--align-none\"><figure class=\"wp-block-uagb-image__figure\"><img decoding=\"async\" srcset=\"https:\/\/led.amasly.com\/wp-content\/uploads\/2025\/01\/LED-explosion-proof-linear-lights.png ,https:\/\/led.amasly.com\/wp-content\/uploads\/2025\/01\/LED-explosion-proof-linear-lights.png 780w, https:\/\/led.amasly.com\/wp-content\/uploads\/2025\/01\/LED-explosion-proof-linear-lights.png 360w\" sizes=\"auto, (max-width: 480px) 150px\" src=\"https:\/\/led.amasly.com\/wp-content\/uploads\/2025\/01\/LED-explosion-proof-linear-lights.png\" alt=\"36W explosion proof light, 2x36W explosion proof fluorescent light, 4 foot explosion proof light fixture, 4 foot led explosion proof light\" class=\"uag-image-1676\" width=\"1004\" height=\"294\" title=\"36W explosion proof light\" loading=\"lazy\" role=\"img\"\/><\/figure><\/div>\n\n\n\n<p>Along with the increasingly stringent safety guidelines for gas stations around the world, 4 foot led explosion proof lights are becoming the preferred equipment for hazardous area lighting due to their professional design and innovative technology.<\/p>\n\n\n\n<p>In this paper, we will analyze the 4 foot led explosion proof light&nbsp;in the gas station scenarios in the fundamental role, to help managers build a safer, more economical lighting system.<\/p>\n\n\n\n<h2 class=\"wp-block-heading\"><strong>First, why gas stations must use <\/strong><strong>4 foot led explosion proof light<\/strong><strong><\/strong><\/h2>\n\n\n\n<h3 class=\"wp-block-heading\"><strong>1.1 Special needs of high-risk environments<\/strong><strong><\/strong><\/h3>\n\n\n\n<p>Gas station is a typical Class I Division 1 hazardous area, gasoline vapors mixed with air to form an explosive gas environment, posing serious safety hazards to ordinary lighting equipment. 4 foot led explosion proof light&nbsp;approves the following technology to implement intrinsic safety:<\/p>\n\n\n\n<p>Fully sealed aluminum housing: IP66 protection level to prevent the intrusion of combustible gases.<\/p>\n\n\n\n<p>Explosion-proof glass lens: 3mm tempered glass with silicone sealing ring<\/p>\n\n\n\n<p>Temperature control technology: the surface temperature is always lower than T6 group [\u2264 85 \u2103].<\/p>\n\n\n\n<h3 class=\"wp-block-heading\"><strong>1.2 Compulsory Requirements<\/strong><strong><\/strong><\/h3>\n\n\n\n<p>International explosion-proof certification system [ATEX 2014\/34\/EU,<a href=\"http:\/\/www.iecex-certs.com\/\" rel=\"nofollow noopener\" target=\"_blank\"> IECEx<\/a>] is clearly limited: in the explosion risk area must be used to approve the use of certified 4 foot led explosion proof light.<\/p>\n\n\n\n<p>The U.S. NFPA 70 NEC Article 500 requires that the equipment must be labeled with hazardous area level marking.<\/p>\n\n\n\n<h2 class=\"wp-block-heading\"><strong>Second, Amasly Lighting <\/strong><strong>4 foot led explosion proof light<\/strong><strong>&nbsp;four core advantages<\/strong><strong><\/strong><\/h2>\n\n\n\n<p>Adopting explosion-proof Ex d structure, when an electric arc or electric spark occurs inside:<\/p>\n\n\n\n<p>Multi-layer heat dissipation fins will direct the explosion energy to the safe area special design pressure relief channel can release the pressure at high speed internal components approved 500 hours of salt spray test.<\/p>\n\n\n\n<h3 class=\"wp-block-heading\"><strong>2.2 Significant energy saving and consumption reduction<\/strong><strong><\/strong><\/h3>\n\n\n\n<p>Comparison with traditional metal halide lamps:<\/p>\n\n\n\n<figure class=\"wp-block-table\"><table class=\"has-fixed-layout\"><tbody><tr><td>Parameter<\/td><td>Traditional 400W metal halide lamp<\/td><td>120W explosion-proof long strip light<\/td><\/tr><tr><td>Luminous efficiency<\/td><td>80lm\/W<\/td><td>130lm\/W<\/td><\/tr><tr><td>Annual power consumption<\/td><td>3500kWh<\/td><td>1050kWh<\/td><\/tr><tr><td>Maintenance cycle<\/td><td>6-8 months<\/td><td>5 years or more<\/td><\/tr><\/tbody><\/table><\/figure>\n\n\n\n<h3 class=\"wp-block-heading\"><strong>2.3 Intelligent control system<\/strong><strong><\/strong><\/h3>\n\n\n\n<p>A new generation of explosion-proof long strip light integrated:<\/p>\n\n\n\n<p>DALI dimming system [30%-100% stepless adjustment] microwave radar sensing [detection distance of 8-12 meters] emergency lighting module [3 hours of continuous power supply after power failure].<\/p>\n\n\n\n<h2 class=\"wp-block-heading\"><strong>Third, the gas station <\/strong><strong>4 foot led explosion proof light<\/strong><strong>&nbsp;selection points<\/strong><strong><\/strong><\/h2>\n\n\n\n<h3 class=\"wp-block-heading\"><strong>3.1 Certification verification<\/strong><strong><\/strong><\/h3>\n\n\n\n<p>Check the product explosion-proof certificate number [such as CNEx19.XXX] to confirm that the protection level of at least IP65 to verify that the temperature group is in line with the requirements of the T3-T6<\/p>\n\n\n\n<h3 class=\"wp-block-heading\"><strong>3.2 Optical parameter matching<\/strong><strong><\/strong><\/h3>\n\n\n\n<p>Select according to the needs of different areas of the gas station:<\/p>\n\n\n\n<p>Fueling area: color temperature 5000K, illuminance 150-200lux<\/p>\n\n\n\n<p>Tank area: anti-corrosion coating, equipped with power supply interface<\/p>\n\n\n\n<p>Convenience store: high color rendering index Ra&gt;80<\/p>\n\n\n\n<h3 class=\"wp-block-heading\"><strong>3.3 Installation specification requirements<\/strong><strong><\/strong><\/h3>\n\n\n\n<p>Refer to GB50058-2014 guidelines:<\/p>\n\n\n\n<p>Lamps and gas pumps horizontal distance \u2265 1.5m lifting height of 4-6 meters junction box must be used explosion-proof glands<\/p>\n\n\n\n<h2 class=\"wp-block-heading\"><strong>Fourth. <\/strong><strong>Typical application case analysis<\/strong><strong><\/strong><\/h2>\n\n\n\n<h3 class=\"wp-block-heading\"><strong>4.1 A multinational oil company transformation project<\/strong><strong><\/strong><\/h3>\n\n\n\n<p>Replacement of 256 sets of traditional lamps and lanterns for the LED 4 foot led explosion proof lamp&nbsp;annual electricity expenditure reduced by $ 28,000 maintenance costs reduced by 73%.<\/p>\n\n\n\n<h3 class=\"wp-block-heading\"><strong>4.2 Coastal gas station corrosion prevention program<\/strong><strong><\/strong><\/h3>\n\n\n\n<p>The use of 316L stainless steel shell nano-coating anti-salt spray technology inclined drainage structure design<\/p>\n\n\n\n<h2 class=\"wp-block-heading\"><strong>Fifth<\/strong><strong>. Future technology development momentum<\/strong><strong><\/strong><\/h2>\n\n\n\n<h3 class=\"wp-block-heading\"><strong>5.1 Internet of Things Integration<\/strong><strong><\/strong><\/h3>\n\n\n\n<p>Approval of LoRaWAN implementation of remote monitoring fault automatic warning system energy consumption data visualization and analysis<\/p>\n\n\n\n<h3 class=\"wp-block-heading\"><strong>5.2 New Energy Integration<\/strong><strong><\/strong><\/h3>\n\n\n\n<p>Photovoltaic integration explosion-proof lamps and lanterns super capacitor energy storage technology wind and solar complementary power supply system<\/p>\n\n\n\n<h2 class=\"wp-block-heading\"><strong>Call to Action<\/strong><strong><\/strong><\/h2>\n\n\n\n<p>Immediately get professional explosion-proof long strip light selection program! Our engineer team can supply:<\/p>\n\n\n\n<p>\u2705 Hazardous area rating assessment<\/p>\n\n\n\n<p>\u2705 3D lighting simulation design<\/p>\n\n\n\n<p>\u2705 Full life cycle cost analysis<\/p>\n\n\n\n<p class=\"has-text-align-left\">Click to contact a lighting consultant for a gas station explosion-proof lighting upgrade guide<\/p>\n\n\n\n<div class=\"wp-block-uagb-container uagb-block-c7d898dd alignfull uagb-is-root-container\"><div class=\"uagb-container-inner-blocks-wrap\"><\/div><\/div>\n\n\n\n<h2 class=\"wp-block-heading\">Related Products<\/h2>\n\n\n\n<div class=\"wp-block-uagb-container uagb-block-66e4defc alignfull uagb-is-root-container\"><div class=\"uagb-container-inner-blocks-wrap\">\n<div class=\"wp-block-uagb-container uagb-block-a42945f9\">\n<div class=\"wp-block-uagb-image uagb-block-7296296b wp-block-uagb-image--layout-default wp-block-uagb-image--effect-static wp-block-uagb-image--align-none\"><figure class=\"wp-block-uagb-image__figure\"><a class=\"\" href=\"https:\/\/led.amasly.com\/products\/\" target=\"\" rel=\"noopener\"><img decoding=\"async\" srcset=\"https:\/\/led.amasly.com\/wp-content\/uploads\/2024\/09\/Explosion-proof-high-bay-lights.png ,https:\/\/led.amasly.com\/wp-content\/uploads\/2024\/09\/Explosion-proof-high-bay-lights.png 780w, https:\/\/led.amasly.com\/wp-content\/uploads\/2024\/09\/Explosion-proof-high-bay-lights.png 360w\" sizes=\"auto, (max-width: 480px) 150px\" src=\"https:\/\/led.amasly.com\/wp-content\/uploads\/2024\/09\/Explosion-proof-high-bay-lights.png\" alt=\"\" class=\"uag-image-1495\" width=\"300\" height=\"300\" title=\"Explosion proof high bay lights\" loading=\"lazy\" role=\"img\"><\/a><\/figure><\/div>\n<\/div>\n\n\n\n<div class=\"wp-block-uagb-container uagb-block-4d3efde5\">\n<div class=\"wp-block-uagb-image uagb-block-c9e90797 wp-block-uagb-image--layout-default wp-block-uagb-image--effect-static wp-block-uagb-image--align-none\"><figure class=\"wp-block-uagb-image__figure\"><a class=\"\" href=\"https:\/\/led.amasly.com\/products\/\" target=\"\" rel=\"noopener\"><img decoding=\"async\" srcset=\"https:\/\/led.amasly.com\/wp-content\/uploads\/2024\/07\/LED-tri-proof-lights2.png ,https:\/\/led.amasly.com\/wp-content\/uploads\/2024\/07\/LED-tri-proof-lights2.png 780w, https:\/\/led.amasly.com\/wp-content\/uploads\/2024\/07\/LED-tri-proof-lights2.png 360w\" sizes=\"auto, (max-width: 480px) 150px\" src=\"https:\/\/led.amasly.com\/wp-content\/uploads\/2024\/07\/LED-tri-proof-lights2.png\" alt=\"\" class=\"uag-image-1132\" width=\"300\" height=\"300\" title=\"LED-tri-proof-lights2\" loading=\"lazy\" role=\"img\"><\/a><\/figure><\/div>\n<\/div>\n\n\n\n<div class=\"wp-block-uagb-container uagb-block-11c2578b\">\n<div class=\"wp-block-uagb-image uagb-block-6e8883aa wp-block-uagb-image--layout-default wp-block-uagb-image--effect-static wp-block-uagb-image--align-none\"><figure class=\"wp-block-uagb-image__figure\"><a class=\"\" href=\"https:\/\/led.amasly.com\/products\/\" target=\"\" rel=\"noopener\"><img decoding=\"async\" srcset=\"https:\/\/led.amasly.com\/wp-content\/uploads\/2024\/09\/LED-Explosion-Proof-Gas-Station-Light.png ,https:\/\/led.amasly.com\/wp-content\/uploads\/2024\/09\/LED-Explosion-Proof-Gas-Station-Light.png 780w, https:\/\/led.amasly.com\/wp-content\/uploads\/2024\/09\/LED-Explosion-Proof-Gas-Station-Light.png 360w\" sizes=\"auto, (max-width: 480px) 150px\" src=\"https:\/\/led.amasly.com\/wp-content\/uploads\/2024\/09\/LED-Explosion-Proof-Gas-Station-Light.png\" alt=\"\" class=\"uag-image-1501\" width=\"300\" height=\"300\" title=\"LED Explosion Proof Gas Station Light\" loading=\"lazy\" role=\"img\"><\/a><\/figure><\/div>\n<\/div>\n<\/div><\/div>\n\n\n\n<div class=\"wp-block-uagb-container uagb-block-548945b5 alignfull uagb-is-root-container\"><div class=\"uagb-container-inner-blocks-wrap\">\n<div class=\"wp-block-uagb-container uagb-block-967755d5\">\n<h4 class=\"wp-block-heading has-text-align-center\"><a href=\"https:\/\/led.amasly.com\/products\/\">LED Explosion Proof Lights<\/a><\/h4>\n<\/div>\n\n\n\n<div class=\"wp-block-uagb-container uagb-block-9bc52fc2\">\n<h4 class=\"wp-block-heading has-text-align-center\"><a href=\"https:\/\/led.amasly.com\/products\/\">LED Tri-Proof Lights<\/a><\/h4>\n<\/div>\n\n\n\n<div class=\"wp-block-uagb-container uagb-block-8ffa0a23\">\n<h4 class=\"wp-block-heading has-text-align-center\"><a href=\"https:\/\/led.amasly.com\/products\/\">Explosion Proof Gas Station Lights<\/a><\/h4>\n<\/div>\n<\/div><\/div>\n\n\n\n<div class=\"wp-block-uagb-container uagb-block-29499fe0 alignfull uagb-is-root-container\"><div class=\"uagb-container-inner-blocks-wrap\">\n<div class=\"wp-block-uagb-container uagb-block-777ee1c7\">\n<div class=\"wp-block-uagb-image uagb-block-2e9a1851 wp-block-uagb-image--layout-default wp-block-uagb-image--effect-static wp-block-uagb-image--align-none\"><figure class=\"wp-block-uagb-image__figure\"><a class=\"\" href=\"https:\/\/led.amasly.com\/products\/\" target=\"\" rel=\"noopener\"><img decoding=\"async\" srcset=\"https:\/\/led.amasly.com\/wp-content\/uploads\/2024\/10\/50W-100W-150W-200W-300W-LED-Flood-Light.jpg ,https:\/\/led.amasly.com\/wp-content\/uploads\/2024\/10\/50W-100W-150W-200W-300W-LED-Flood-Light.jpg 780w, https:\/\/led.amasly.com\/wp-content\/uploads\/2024\/10\/50W-100W-150W-200W-300W-LED-Flood-Light.jpg 360w\" sizes=\"auto, (max-width: 480px) 150px\" src=\"https:\/\/led.amasly.com\/wp-content\/uploads\/2024\/10\/50W-100W-150W-200W-300W-LED-Flood-Light.jpg\" alt=\"\" class=\"uag-image-1526\" width=\"300\" height=\"300\" title=\"50W 100W 150W 200W 300W LED Flood Light\" loading=\"lazy\" role=\"img\"><\/a><\/figure><\/div>\n<\/div>\n\n\n\n<div class=\"wp-block-uagb-container uagb-block-af8c8683\">\n<div class=\"wp-block-uagb-image uagb-block-67947854 wp-block-uagb-image--layout-default wp-block-uagb-image--effect-static wp-block-uagb-image--align-none\"><figure class=\"wp-block-uagb-image__figure\"><a class=\"\" href=\"https:\/\/led.amasly.com\/products\/\" target=\"\" rel=\"noopener\"><img decoding=\"async\" srcset=\"https:\/\/led.amasly.com\/wp-content\/uploads\/2024\/07\/led-tri-proof-light.png ,https:\/\/led.amasly.com\/wp-content\/uploads\/2024\/07\/led-tri-proof-light.png 780w, https:\/\/led.amasly.com\/wp-content\/uploads\/2024\/07\/led-tri-proof-light.png 360w\" sizes=\"auto, (max-width: 480px) 150px\" src=\"https:\/\/led.amasly.com\/wp-content\/uploads\/2024\/07\/led-tri-proof-light.png\" alt=\"\" class=\"uag-image-1130\" width=\"300\" height=\"300\" title=\"led-tri-proof-light\" loading=\"lazy\" role=\"img\"><\/a><\/figure><\/div>\n<\/div>\n\n\n\n<div class=\"wp-block-uagb-container uagb-block-0fdfdd58\">\n<div class=\"wp-block-uagb-image uagb-block-1187d32d wp-block-uagb-image--layout-default wp-block-uagb-image--effect-static wp-block-uagb-image--align-none\"><figure class=\"wp-block-uagb-image__figure\"><a class=\"\" href=\"https:\/\/led.amasly.com\/products\/\" target=\"\" rel=\"noopener\"><img decoding=\"async\" srcset=\"https:\/\/led.amasly.com\/wp-content\/uploads\/2024\/07\/LED-street-light.jpg ,https:\/\/led.amasly.com\/wp-content\/uploads\/2024\/07\/LED-street-light.jpg 780w, https:\/\/led.amasly.com\/wp-content\/uploads\/2024\/07\/LED-street-light.jpg 360w\" sizes=\"auto, (max-width: 480px) 150px\" src=\"https:\/\/led.amasly.com\/wp-content\/uploads\/2024\/07\/LED-street-light.jpg\" alt=\"\" class=\"uag-image-1145\" width=\"300\" height=\"300\" title=\"LED-street-light\" loading=\"lazy\" role=\"img\"><\/a><\/figure><\/div>\n<\/div>\n<\/div><\/div>\n\n\n\n<div class=\"wp-block-uagb-container uagb-block-6a60882c alignfull uagb-is-root-container\"><div class=\"uagb-container-inner-blocks-wrap\">\n<div class=\"wp-block-uagb-container uagb-block-f1e91a35\">\n<h4 class=\"wp-block-heading has-text-align-center\"><a href=\"https:\/\/led.amasly.com\/products\/\">LED Flood Lights<\/a><\/h4>\n<\/div>\n\n\n\n<div class=\"wp-block-uagb-container uagb-block-165bfa58\">\n<h4 class=\"wp-block-heading has-text-align-center\"><a href=\"https:\/\/led.amasly.com\/products\/\">LED Tri-Proof Tube Lights<\/a><\/h4>\n<\/div>\n\n\n\n<div class=\"wp-block-uagb-container uagb-block-f6096e3b\">\n<h4 class=\"wp-block-heading has-text-align-center\"><a href=\"https:\/\/led.amasly.com\/products\/\">LED Street Lights<\/a><\/h4>\n<\/div>\n<\/div><\/div>\n\n\n\n<div class=\"wp-block-uagb-container uagb-block-99c0e0a5 alignfull uagb-is-root-container\"><div class=\"uagb-container-inner-blocks-wrap\"><\/div><\/div>\n\n\n\n<p><\/p>\n","protected":false},"excerpt":{"rendered":"<p>4 foot led explosion proof light: gas station safety lighting innovation to fix the program Along with the increasingly stringent safety guidelines for gas stations around the world, 4 foot led explosion proof lights are becoming the preferred equipment for hazardous area lighting due to their professional design and innovative technology. In this paper, we [&hellip;]<\/p>\n","protected":false},"author":1,"featured_media":0,"parent":2374,"menu_order":0,"comment_status":"closed","ping_status":"closed","template":"","meta":{"_uag_custom_page_level_css":"","site-sidebar-layout":"no-sidebar","site-content-layout":"","ast-site-content-layout":"default","site-content-style":"default","site-sidebar-style":"default","ast-global-header-display":"","ast-banner-title-visibility":"","ast-main-header-display":"","ast-hfb-above-header-display":"","ast-hfb-below-header-display":"","ast-hfb-mobile-header-display":"","site-post-title":"disabled","ast-breadcrumbs-content":"","ast-featured-img":"","footer-sml-layout":"","ast-disable-related-posts":"","theme-transparent-header-meta":"enabled","adv-header-id-meta":"","stick-header-meta":"","header-above-stick-meta":"","header-main-stick-meta":"","header-below-stick-meta":"","astra-migrate-meta-layouts":"set","ast-page-background-enabled":"default","ast-page-background-meta":{"desktop":{"background-color":"var(--ast-global-color-4)","background-image":"","background-repeat":"repeat","background-position":"center center","background-size":"auto","background-attachment":"scroll","background-type":"","background-media":"","overlay-type":"","overlay-color":"","overlay-opacity":"","overlay-gradient":""},"tablet":{"background-color":"","background-image":"","background-repeat":"repeat","background-position":"center center","background-size":"auto","background-attachment":"scroll","background-type":"","background-media":"","overlay-type":"","overlay-color":"","overlay-opacity":"","overlay-gradient":""},"mobile":{"background-color":"","background-image":"","background-repeat":"repeat","background-position":"center center","background-size":"auto","background-attachment":"scroll","background-type":"","background-media":"","overlay-type":"","overlay-color":"","overlay-opacity":"","overlay-gradient":""}},"ast-content-background-meta":{"desktop":{"background-color":"var(--ast-global-color-5)","background-image":"","background-repeat":"repeat","background-position":"center center","background-size":"auto","background-attachment":"scroll","background-type":"","background-media":"","overlay-type":"","overlay-color":"","overlay-opacity":"","overlay-gradient":""},"tablet":{"background-color":"var(--ast-global-color-5)","background-image":"","background-repeat":"repeat","background-position":"center center","background-size":"auto","background-attachment":"scroll","background-type":"","background-media":"","overlay-type":"","overlay-color":"","overlay-opacity":"","overlay-gradient":""},"mobile":{"background-color":"var(--ast-global-color-5)","background-image":"","background-repeat":"repeat","background-position":"center center","background-size":"auto","background-attachment":"scroll","background-type":"","background-media":"","overlay-type":"","overlay-color":"","overlay-opacity":"","overlay-gradient":""}},"footnotes":""},"class_list":["post-2704","page","type-page","status-publish","hentry"],"uagb_featured_image_src":{"full":false,"thumbnail":false,"medium":false,"medium_large":false,"large":false,"1536x1536":false,"2048x2048":false,"trp-custom-language-flag":false},"uagb_author_info":{"display_name":"Joe","author_link":"https:\/\/led.amasly.com\/sk\/author\/jacklin\/"},"uagb_comment_info":0,"uagb_excerpt":"4 foot led explosion proof light: gas station safety lighting innovation to fix the program Along with the increasingly stringent safety guidelines for gas stations around the world, 4 foot led explosion proof lights are becoming the preferred equipment for hazardous area lighting due to their professional design and innovative technology. In this paper, we&hellip;","_links":{"self":[{"href":"https:\/\/led.amasly.com\/sk\/wp-json\/wp\/v2\/pages\/2704","targetHints":{"allow":["GET"]}}],"collection":[{"href":"https:\/\/led.amasly.com\/sk\/wp-json\/wp\/v2\/pages"}],"about":[{"href":"https:\/\/led.amasly.com\/sk\/wp-json\/wp\/v2\/types\/page"}],"author":[{"embeddable":true,"href":"https:\/\/led.amasly.com\/sk\/wp-json\/wp\/v2\/users\/1"}],"replies":[{"embeddable":true,"href":"https:\/\/led.amasly.com\/sk\/wp-json\/wp\/v2\/comments?post=2704"}],"version-history":[{"count":2,"href":"https:\/\/led.amasly.com\/sk\/wp-json\/wp\/v2\/pages\/2704\/revisions"}],"predecessor-version":[{"id":4625,"href":"https:\/\/led.amasly.com\/sk\/wp-json\/wp\/v2\/pages\/2704\/revisions\/4625"}],"up":[{"embeddable":true,"href":"https:\/\/led.amasly.com\/sk\/wp-json\/wp\/v2\/pages\/2374"}],"wp:attachment":[{"href":"https:\/\/led.amasly.com\/sk\/wp-json\/wp\/v2\/media?parent=2704"}],"curies":[{"name":"wp","href":"https:\/\/api.w.org\/{rel}","templated":true}]}}