{"id":2693,"date":"2025-03-25T20:40:54","date_gmt":"2025-03-25T12:40:54","guid":{"rendered":"https:\/\/led.amasly.com\/?page_id=2693"},"modified":"2026-01-30T21:43:44","modified_gmt":"2026-01-30T13:43:44","slug":"nevybusna-svetelna-rurka-bezpecnost-stanice-zemneho-plynu-a-efektivne-osvetlenie-jadra-na-riesenie-programu","status":"publish","type":"page","link":"https:\/\/led.amasly.com\/sk\/vedomosti\/znalosti-o-vyrobkoch-odolnych-proti-vybuchu\/nevybusna-svetelna-rurka-bezpecnost-stanice-zemneho-plynu-a-efektivne-osvetlenie-jadra-na-riesenie-programu\/","title":{"rendered":"Nev\u00fdbu\u0161n\u00e1 sveteln\u00e1 r\u00farka: bezpe\u010dnos\u0165 stanice zemn\u00e9ho plynu a efekt\u00edvne osvetlenie jadra na rie\u0161enie programu"},"content":{"rendered":"\n<div class=\"wp-block-uagb-container uagb-block-27bae773 alignfull uagb-is-root-container\"><div class=\"uagb-container-inner-blocks-wrap\"><\/div><\/div>\n\n\n\n<h1 class=\"wp-block-heading has-text-align-center\"><strong>Explosion proof light tube<\/strong><strong>: natural gas station safety and efficient lighting core to solve the program<\/strong><strong><\/strong><\/h1>\n\n\n\n<div class=\"wp-block-uagb-image uagb-block-c1930532 wp-block-uagb-image--layout-default wp-block-uagb-image--effect-static wp-block-uagb-image--align-none\"><figure class=\"wp-block-uagb-image__figure\"><img decoding=\"async\" srcset=\"https:\/\/led.amasly.com\/wp-content\/uploads\/2025\/01\/LED-explosion-proof-linear-lights.png ,https:\/\/led.amasly.com\/wp-content\/uploads\/2025\/01\/LED-explosion-proof-linear-lights.png 780w, https:\/\/led.amasly.com\/wp-content\/uploads\/2025\/01\/LED-explosion-proof-linear-lights.png 360w\" sizes=\"auto, (max-width: 480px) 150px\" src=\"https:\/\/led.amasly.com\/wp-content\/uploads\/2025\/01\/LED-explosion-proof-linear-lights.png\" alt=\"36W explosion proof light, 2x36W explosion proof fluorescent light, 4 foot explosion proof light fixture, 4 foot led explosion proof light, 4' explosion proof led lights\u00a0, 4' led explosion proof fixture, 4ft explosion proof light, 20W explosion proof light, Explosion proof tube light fittings, Explosion proof t8 light, Explosion proof\u00a0strip light, Explosion proof 4ft light, Explosion proof batten light, Explosion proof fluorescent lamp, Explosion Proof Fluorescent Lamps, Explosion proof fluorescent light 4 foot, Explosion proof fluorescent light fitting, Explosion proof fluorescent light, Explosion proof fluorescent lighting 2x36w, Explosion proof led strip light, Explosion proof led tube light, Explosion proof light tube\" class=\"uag-image-1676\" width=\"1004\" height=\"294\" title=\"36W explosion proof light\" loading=\"lazy\" role=\"img\"\/><\/figure><\/div>\n\n\n\n<p>In such high-risk industrial scenarios as natural gas station, the lighting system not only needs to meet the cornerstone operational requirements, but also bears the fundamental mission of preventing explosions and safeguarding the safety of personnel and equipment.<\/p>\n\n\n\n<p>Explosion-proof tube with its special design structure, high protection level, intelligent features, has become a natural gas storage tanks, gas pipeline corridors, loading and unloading platforms and other scenes standardized lighting equipment.<\/p>\n\n\n\n<p>In this paper, we will analyze the core value and innovative application of Explosion proof light tube&nbsp;in natural gas stations from the industry demand, technical advantages, application practice and selection strategy in four dimensions.<\/p>\n\n\n\n<h2 class=\"wp-block-heading\"><strong>First, the natural gas station lighting safety challenges and the need for explosion-proof tubes<\/strong><strong><\/strong><\/h2>\n\n\n\n<h3 class=\"wp-block-heading\"><strong>1.1 Characterization of high-risk environment<\/strong><strong><\/strong><\/h3>\n\n\n\n<p>Natural gas station operating environment in the long-term presence of methane, propane and other flammable and explosive gases, the International Energy Agency [IEA] data show that about 15% of the natural gas station safety accidents and electrical equipment directly related to explosion-proof failure.<\/p>\n\n\n\n<p>Traditional lighting fixtures due to insufficient sealing, low heat dissipation efficiency and other challenges, easy to generate sparks or surface heat, into a potential ignition source.<\/p>\n\n\n\n<h3 class=\"wp-block-heading\"><strong>1.2 <\/strong><strong>Explosion proof light tube<\/strong><strong>&nbsp;protection mechanism<\/strong><strong><\/strong><\/h3>\n\n\n\n<p>Explosion-proof tube approved triple safety design to implement intrinsic protection:<\/p>\n\n\n\n<p>Structure explosion-proof: the use of one-piece aluminum alloy shell, combined with the surface gap control within 0.1mm, in line with <a href=\"http:\/\/www.iecex-certs.com\/\" rel=\"nofollow noopener\" target=\"_blank\">IEC 60079 <\/a>guidelines, effectively isolate the internal arc leakage;<\/p>\n\n\n\n<p>Temperature control: built-in heat pipe cooling system, the surface temperature is stabilized at T6 group requirements below 85\u2103, applicable to \u2161A\/\u2161B explosive gas environment;<\/p>\n\n\n\n<p>Circuit improvement: equipped with anti-shock ballast and over-voltage care module to avoid sparks, explosion-proof grade up to Ex d IIC T6 Gb.<\/p>\n\n\n\n<h2 class=\"wp-block-heading\"><strong>Second, explosion-proof tube five technical advantages of analysis<\/strong><strong><\/strong><\/h2>\n\n\n\n<h3 class=\"wp-block-heading\"><strong>2.1 Linear lighting efficient coverage<\/strong><strong><\/strong><\/h3>\n\n\n\n<p>Compared with traditional point light sources, explosion-proof tube linear structure can be implemented continuous light distribution. A brand LTS series, for example, the length of a single lamp 1.2 meters, the irradiation range of 8 \u00d7 4 meters, eliminating the natural gas station equipment area lighting blind spot, inspection efficiency increased by 40%.<\/p>\n\n\n\n<h3 class=\"wp-block-heading\"><strong>2.2 Excellent energy-saving performance<\/strong><strong><\/strong><\/h3>\n\n\n\n<p>Adopting high-density LED module [luminous efficacy&gt;130lm\/W], compared with traditional metal halide lamps, energy saving 65%. A natural gas station renovation case shows that after replacing 200 sets of Explosion proof light tube, the annual electricity cost savings of more than 180,000 yuan.<\/p>\n\n\n\n<h3 class=\"wp-block-heading\"><strong>2.3 Ultra-long service life design<\/strong><strong><\/strong><\/h3>\n\n\n\n<p>Explosion proof light tube&nbsp;with ceramic substrate heat dissipation technology, with IP66 protection level, in the sulfur-containing natural gas environment can still maintain 50,000 hours of service life [equivalent to 5.7 years of continuous use], the maintenance cycle is extended by three times.<\/p>\n\n\n\n<h3 class=\"wp-block-heading\"><strong>2.4 Intelligent cost collection<\/strong><strong><\/strong><\/h3>\n\n\n\n<p>A new generation of Explosion proof light tube&nbsp;equipped with IoT sensors, real-time monitoring of lamps and lanterns temperature, humidity and light failure data, to help remote dimming [50-100% stepless adjustment] and fault warning, reduce the frequency of manual inspection 30%.<\/p>\n\n\n\n<h2 class=\"wp-block-heading\"><strong>Third, natural gas station typical scenes <\/strong><strong>Explosion proof light tube<\/strong><strong>&nbsp;application program<\/strong><strong><\/strong><\/h2>\n\n\n\n<h3 class=\"wp-block-heading\"><strong>3.1 Tank area lighting configuration<\/strong><strong><\/strong><\/h3>\n\n\n\n<p>Scene characteristics: high corrosivity [H2S concentration &gt; 100ppm], anti-condensation needs;<\/p>\n\n\n\n<p>Technical solutions: 316L stainless steel shell + nano hydrophobic coating, configured with automatic heating demisting module;<\/p>\n\n\n\n<p>Safety benefits: after the application of a project, the emergency response time was shortened to less than 3 minutes.<\/p>\n\n\n\n<h3 class=\"wp-block-heading\"><strong>3.2 Gas pipeline corridor<\/strong><strong><\/strong><\/h3>\n\n\n\n<p>Installation challenges: long distance [&gt;200 meters], multiple bends;<\/p>\n\n\n\n<p>Innovative design: modular splicing structure holds help 15\u00b0turn angle adjustment, luminous flux maintenance rate &gt;90%, adapted to pipeline inspection robot vision system.<\/p>\n\n\n\n<h3 class=\"wp-block-heading\"><strong>3.3 LNG loading and unloading platform<\/strong><strong><\/strong><\/h3>\n\n\n\n<p>Special requirements: -162\u2103 low-temperature working conditions and explosion-proof;<\/p>\n\n\n\n<p>Fixed program: low-temperature special phosphor coating + graphene composite radiator, surface temperature fluctuations \u2264 \u00b1 2 \u2103.<\/p>\n\n\n\n<h2 class=\"wp-block-heading\"><strong>Fourth, <\/strong><strong>Explosion proof light tube<\/strong><strong>&nbsp;selection and maintenance guidelines<\/strong><strong><\/strong><\/h2>\n\n\n\n<h3 class=\"wp-block-heading\"><strong>4.1 Fundamental selection parameters<\/strong><strong><\/strong><\/h3>\n\n\n\n<figure class=\"wp-block-table\"><table class=\"has-fixed-layout\"><tbody><tr><td>Indicator<\/td><td>Standard value<\/td><td>Natural gas station applicable requirements<\/td><\/tr><tr><td>Explosion protection class<\/td><td>&nbsp;Ex d IIC T6<\/td><td>Zone 1\/Zone 2 necessary<\/td><\/tr><tr><td>Protection class<\/td><td>IP66<\/td><td>Resistant to high-pressure water spraying<\/td><\/tr><tr><td>Vibration resistance<\/td><td>5Grms vibration test<\/td><td>Adaptation to compressor vibration environment<\/td><\/tr><tr><td>Color temperature range<\/td><td>4000-5000K<\/td><td>Improve the clarity of equipment identification<\/td><\/tr><\/tbody><\/table><\/figure>\n\n\n\n<h3 class=\"wp-block-heading\"><strong>4.2 Intelligent operation and maintenance strategy<\/strong><strong><\/strong><\/h3>\n\n\n\n<p>Predictive maintenance: Approve LoRaWAN communication module to upload operation data and warn light failure failure 30 days in advance;<\/p>\n\n\n\n<p>High-speed maintenance: Magnetic lampshade design holds help to complete light source replacement within 3 minutes, reducing downtime loss;<\/p>\n\n\n\n<p>Cleaning management: self-cleaning nano-coating technology, light transmittance decreased by only 8% in 5 years.<\/p>\n\n\n\n<h2 class=\"wp-block-heading\"><strong>Fifth<\/strong><strong>. Industry momentum and technological innovation<\/strong><strong><\/strong><\/h2>\n\n\n\n<h3 class=\"wp-block-heading\"><strong>5.1 New Energy Hybrid Power Supply<\/strong><strong><\/strong><\/h3>\n\n\n\n<p>Photovoltaic-supercapacitor system: 72-hour off-grid lighting in remote tank areas, reducing cable-laying costs by 30%; vibration energy recovery: utilizing compressor vibration to generate electricity, with an energy-saving efficiency of 12%.<\/p>\n\n\n\n<h3 class=\"wp-block-heading\"><strong>5.2 Material Technology Breakthrough<\/strong><strong><\/strong><\/h3>\n\n\n\n<p>Acid-resistant ceramic coating: extends the service life to 8 years in PH&lt;2 acid mist environment6; graphene composite heat sink: reduces the weight of lamps and lanterns by 45%, and improves the heat dissipation efficiency by 3 times.<\/p>\n\n\n\n<h3 class=\"wp-block-heading\"><strong>5.3 Intelligent System Integration<\/strong><strong><\/strong><\/h3>\n\n\n\n<p>Explosion proof light tube&nbsp;are linked with the DCS system to automatically enhance illumination and trigger emergency path navigation in the event of gas leakage, increasing the efficiency of accident disposal by 50%.<\/p>\n\n\n\n<h2 class=\"wp-block-heading\"><strong>Conclusion<\/strong><strong><\/strong><\/h2>\n\n\n\n<p>Explosion-protected fluorescent tubes are evolving from a single lighting device to a core component of an intelligent safety system for natural gas stations. Selecting ATEX\/IECEx dual-certified products with modular design can significantly reduce the whole life cycle cost.<\/p>\n\n\n\n<p class=\"has-text-align-left\">Advocate enterprises in the equipment renovation priority using Explosion proof light tube&nbsp;+ intelligent management system combination program, the implementation of safety control and energy efficiency improvements synergistic enhancement.<\/p>\n\n\n\n<div class=\"wp-block-uagb-container uagb-block-c7d898dd alignfull uagb-is-root-container\"><div class=\"uagb-container-inner-blocks-wrap\"><\/div><\/div>\n\n\n\n<h2 class=\"wp-block-heading\">Related Products<\/h2>\n\n\n\n<div class=\"wp-block-uagb-container uagb-block-66e4defc alignfull uagb-is-root-container\"><div class=\"uagb-container-inner-blocks-wrap\">\n<div class=\"wp-block-uagb-container uagb-block-a42945f9\">\n<div class=\"wp-block-uagb-image uagb-block-7296296b wp-block-uagb-image--layout-default wp-block-uagb-image--effect-static wp-block-uagb-image--align-none\"><figure class=\"wp-block-uagb-image__figure\"><a class=\"\" href=\"https:\/\/led.amasly.com\/products\/\" target=\"\" rel=\"noopener\"><img decoding=\"async\" srcset=\"https:\/\/led.amasly.com\/wp-content\/uploads\/2024\/09\/Explosion-proof-high-bay-lights.png ,https:\/\/led.amasly.com\/wp-content\/uploads\/2024\/09\/Explosion-proof-high-bay-lights.png 780w, https:\/\/led.amasly.com\/wp-content\/uploads\/2024\/09\/Explosion-proof-high-bay-lights.png 360w\" sizes=\"auto, (max-width: 480px) 150px\" src=\"https:\/\/led.amasly.com\/wp-content\/uploads\/2024\/09\/Explosion-proof-high-bay-lights.png\" alt=\"\" class=\"uag-image-1495\" width=\"300\" height=\"300\" title=\"Explosion proof high bay lights\" loading=\"lazy\" role=\"img\"><\/a><\/figure><\/div>\n<\/div>\n\n\n\n<div class=\"wp-block-uagb-container uagb-block-4d3efde5\">\n<div class=\"wp-block-uagb-image uagb-block-c9e90797 wp-block-uagb-image--layout-default wp-block-uagb-image--effect-static wp-block-uagb-image--align-none\"><figure class=\"wp-block-uagb-image__figure\"><a class=\"\" href=\"https:\/\/led.amasly.com\/products\/\" target=\"\" rel=\"noopener\"><img decoding=\"async\" srcset=\"https:\/\/led.amasly.com\/wp-content\/uploads\/2024\/07\/LED-tri-proof-lights2.png ,https:\/\/led.amasly.com\/wp-content\/uploads\/2024\/07\/LED-tri-proof-lights2.png 780w, https:\/\/led.amasly.com\/wp-content\/uploads\/2024\/07\/LED-tri-proof-lights2.png 360w\" sizes=\"auto, (max-width: 480px) 150px\" src=\"https:\/\/led.amasly.com\/wp-content\/uploads\/2024\/07\/LED-tri-proof-lights2.png\" alt=\"\" class=\"uag-image-1132\" width=\"300\" height=\"300\" title=\"LED-tri-proof-lights2\" loading=\"lazy\" role=\"img\"><\/a><\/figure><\/div>\n<\/div>\n\n\n\n<div class=\"wp-block-uagb-container uagb-block-11c2578b\">\n<div class=\"wp-block-uagb-image uagb-block-6e8883aa wp-block-uagb-image--layout-default wp-block-uagb-image--effect-static wp-block-uagb-image--align-none\"><figure class=\"wp-block-uagb-image__figure\"><a class=\"\" href=\"https:\/\/led.amasly.com\/products\/\" target=\"\" rel=\"noopener\"><img decoding=\"async\" srcset=\"https:\/\/led.amasly.com\/wp-content\/uploads\/2024\/09\/LED-Explosion-Proof-Gas-Station-Light.png ,https:\/\/led.amasly.com\/wp-content\/uploads\/2024\/09\/LED-Explosion-Proof-Gas-Station-Light.png 780w, https:\/\/led.amasly.com\/wp-content\/uploads\/2024\/09\/LED-Explosion-Proof-Gas-Station-Light.png 360w\" sizes=\"auto, (max-width: 480px) 150px\" src=\"https:\/\/led.amasly.com\/wp-content\/uploads\/2024\/09\/LED-Explosion-Proof-Gas-Station-Light.png\" alt=\"\" class=\"uag-image-1501\" width=\"300\" height=\"300\" title=\"LED Explosion Proof Gas Station Light\" loading=\"lazy\" role=\"img\"><\/a><\/figure><\/div>\n<\/div>\n<\/div><\/div>\n\n\n\n<div class=\"wp-block-uagb-container uagb-block-548945b5 alignfull uagb-is-root-container\"><div class=\"uagb-container-inner-blocks-wrap\">\n<div class=\"wp-block-uagb-container uagb-block-967755d5\">\n<h4 class=\"wp-block-heading has-text-align-center\"><a href=\"https:\/\/led.amasly.com\/products\/\">LED Explosion Proof Lights<\/a><\/h4>\n<\/div>\n\n\n\n<div class=\"wp-block-uagb-container uagb-block-9bc52fc2\">\n<h4 class=\"wp-block-heading has-text-align-center\"><a href=\"https:\/\/led.amasly.com\/products\/\">LED Tri-Proof Lights<\/a><\/h4>\n<\/div>\n\n\n\n<div class=\"wp-block-uagb-container uagb-block-8ffa0a23\">\n<h4 class=\"wp-block-heading has-text-align-center\"><a href=\"https:\/\/led.amasly.com\/products\/\">Explosion Proof Gas Station Lights<\/a><\/h4>\n<\/div>\n<\/div><\/div>\n\n\n\n<div class=\"wp-block-uagb-container uagb-block-29499fe0 alignfull uagb-is-root-container\"><div class=\"uagb-container-inner-blocks-wrap\">\n<div class=\"wp-block-uagb-container uagb-block-777ee1c7\">\n<div class=\"wp-block-uagb-image uagb-block-2e9a1851 wp-block-uagb-image--layout-default wp-block-uagb-image--effect-static wp-block-uagb-image--align-none\"><figure class=\"wp-block-uagb-image__figure\"><a class=\"\" href=\"https:\/\/led.amasly.com\/products\/\" target=\"\" rel=\"noopener\"><img decoding=\"async\" srcset=\"https:\/\/led.amasly.com\/wp-content\/uploads\/2024\/10\/50W-100W-150W-200W-300W-LED-Flood-Light.jpg ,https:\/\/led.amasly.com\/wp-content\/uploads\/2024\/10\/50W-100W-150W-200W-300W-LED-Flood-Light.jpg 780w, https:\/\/led.amasly.com\/wp-content\/uploads\/2024\/10\/50W-100W-150W-200W-300W-LED-Flood-Light.jpg 360w\" sizes=\"auto, (max-width: 480px) 150px\" src=\"https:\/\/led.amasly.com\/wp-content\/uploads\/2024\/10\/50W-100W-150W-200W-300W-LED-Flood-Light.jpg\" alt=\"\" class=\"uag-image-1526\" width=\"300\" height=\"300\" title=\"50W 100W 150W 200W 300W LED Flood Light\" loading=\"lazy\" role=\"img\"><\/a><\/figure><\/div>\n<\/div>\n\n\n\n<div class=\"wp-block-uagb-container uagb-block-af8c8683\">\n<div class=\"wp-block-uagb-image uagb-block-67947854 wp-block-uagb-image--layout-default wp-block-uagb-image--effect-static wp-block-uagb-image--align-none\"><figure class=\"wp-block-uagb-image__figure\"><a class=\"\" href=\"https:\/\/led.amasly.com\/products\/\" target=\"\" rel=\"noopener\"><img decoding=\"async\" srcset=\"https:\/\/led.amasly.com\/wp-content\/uploads\/2024\/07\/led-tri-proof-light.png ,https:\/\/led.amasly.com\/wp-content\/uploads\/2024\/07\/led-tri-proof-light.png 780w, https:\/\/led.amasly.com\/wp-content\/uploads\/2024\/07\/led-tri-proof-light.png 360w\" sizes=\"auto, (max-width: 480px) 150px\" src=\"https:\/\/led.amasly.com\/wp-content\/uploads\/2024\/07\/led-tri-proof-light.png\" alt=\"\" class=\"uag-image-1130\" width=\"300\" height=\"300\" title=\"led-tri-proof-light\" loading=\"lazy\" role=\"img\"><\/a><\/figure><\/div>\n<\/div>\n\n\n\n<div class=\"wp-block-uagb-container uagb-block-0fdfdd58\">\n<div class=\"wp-block-uagb-image uagb-block-1187d32d wp-block-uagb-image--layout-default wp-block-uagb-image--effect-static wp-block-uagb-image--align-none\"><figure class=\"wp-block-uagb-image__figure\"><a class=\"\" href=\"https:\/\/led.amasly.com\/products\/\" target=\"\" rel=\"noopener\"><img decoding=\"async\" srcset=\"https:\/\/led.amasly.com\/wp-content\/uploads\/2024\/07\/LED-street-light.jpg ,https:\/\/led.amasly.com\/wp-content\/uploads\/2024\/07\/LED-street-light.jpg 780w, https:\/\/led.amasly.com\/wp-content\/uploads\/2024\/07\/LED-street-light.jpg 360w\" sizes=\"auto, (max-width: 480px) 150px\" src=\"https:\/\/led.amasly.com\/wp-content\/uploads\/2024\/07\/LED-street-light.jpg\" alt=\"\" class=\"uag-image-1145\" width=\"300\" height=\"300\" title=\"LED-street-light\" loading=\"lazy\" role=\"img\"><\/a><\/figure><\/div>\n<\/div>\n<\/div><\/div>\n\n\n\n<div class=\"wp-block-uagb-container uagb-block-6a60882c alignfull uagb-is-root-container\"><div class=\"uagb-container-inner-blocks-wrap\">\n<div class=\"wp-block-uagb-container uagb-block-f1e91a35\">\n<h4 class=\"wp-block-heading has-text-align-center\"><a href=\"https:\/\/led.amasly.com\/products\/\">LED Flood Lights<\/a><\/h4>\n<\/div>\n\n\n\n<div class=\"wp-block-uagb-container uagb-block-165bfa58\">\n<h4 class=\"wp-block-heading has-text-align-center\"><a href=\"https:\/\/led.amasly.com\/products\/\">LED Tri-Proof Tube Lights<\/a><\/h4>\n<\/div>\n\n\n\n<div class=\"wp-block-uagb-container uagb-block-f6096e3b\">\n<h4 class=\"wp-block-heading has-text-align-center\"><a href=\"https:\/\/led.amasly.com\/products\/\">LED Street Lights<\/a><\/h4>\n<\/div>\n<\/div><\/div>\n\n\n\n<div class=\"wp-block-uagb-container uagb-block-99c0e0a5 alignfull uagb-is-root-container\"><div class=\"uagb-container-inner-blocks-wrap\"><\/div><\/div>\n\n\n\n<p><\/p>\n","protected":false},"excerpt":{"rendered":"<p>Explosion proof light tube: natural gas station safety and efficient lighting core to solve the program In such high-risk industrial scenarios as natural gas station, the lighting system not only needs to meet the cornerstone operational requirements, but also bears the fundamental mission of preventing explosions and safeguarding the safety of personnel and equipment. Explosion-proof [&hellip;]<\/p>\n","protected":false},"author":1,"featured_media":0,"parent":2374,"menu_order":0,"comment_status":"closed","ping_status":"closed","template":"","meta":{"_uag_custom_page_level_css":"","site-sidebar-layout":"no-sidebar","site-content-layout":"","ast-site-content-layout":"default","site-content-style":"default","site-sidebar-style":"default","ast-global-header-display":"","ast-banner-title-visibility":"","ast-main-header-display":"","ast-hfb-above-header-display":"","ast-hfb-below-header-display":"","ast-hfb-mobile-header-display":"","site-post-title":"disabled","ast-breadcrumbs-content":"","ast-featured-img":"","footer-sml-layout":"","ast-disable-related-posts":"","theme-transparent-header-meta":"enabled","adv-header-id-meta":"","stick-header-meta":"","header-above-stick-meta":"","header-main-stick-meta":"","header-below-stick-meta":"","astra-migrate-meta-layouts":"set","ast-page-background-enabled":"default","ast-page-background-meta":{"desktop":{"background-color":"var(--ast-global-color-4)","background-image":"","background-repeat":"repeat","background-position":"center center","background-size":"auto","background-attachment":"scroll","background-type":"","background-media":"","overlay-type":"","overlay-color":"","overlay-opacity":"","overlay-gradient":""},"tablet":{"background-color":"","background-image":"","background-repeat":"repeat","background-position":"center center","background-size":"auto","background-attachment":"scroll","background-type":"","background-media":"","overlay-type":"","overlay-color":"","overlay-opacity":"","overlay-gradient":""},"mobile":{"background-color":"","background-image":"","background-repeat":"repeat","background-position":"center center","background-size":"auto","background-attachment":"scroll","background-type":"","background-media":"","overlay-type":"","overlay-color":"","overlay-opacity":"","overlay-gradient":""}},"ast-content-background-meta":{"desktop":{"background-color":"var(--ast-global-color-5)","background-image":"","background-repeat":"repeat","background-position":"center center","background-size":"auto","background-attachment":"scroll","background-type":"","background-media":"","overlay-type":"","overlay-color":"","overlay-opacity":"","overlay-gradient":""},"tablet":{"background-color":"var(--ast-global-color-5)","background-image":"","background-repeat":"repeat","background-position":"center center","background-size":"auto","background-attachment":"scroll","background-type":"","background-media":"","overlay-type":"","overlay-color":"","overlay-opacity":"","overlay-gradient":""},"mobile":{"background-color":"var(--ast-global-color-5)","background-image":"","background-repeat":"repeat","background-position":"center center","background-size":"auto","background-attachment":"scroll","background-type":"","background-media":"","overlay-type":"","overlay-color":"","overlay-opacity":"","overlay-gradient":""}},"footnotes":""},"class_list":["post-2693","page","type-page","status-publish","hentry"],"uagb_featured_image_src":{"full":false,"thumbnail":false,"medium":false,"medium_large":false,"large":false,"1536x1536":false,"2048x2048":false,"trp-custom-language-flag":false},"uagb_author_info":{"display_name":"Joe","author_link":"https:\/\/led.amasly.com\/sk\/author\/jacklin\/"},"uagb_comment_info":0,"uagb_excerpt":"Explosion proof light tube: natural gas station safety and efficient lighting core to solve the program In such high-risk industrial scenarios as natural gas station, the lighting system not only needs to meet the cornerstone operational requirements, but also bears the fundamental mission of preventing explosions and safeguarding the safety of personnel and equipment. Explosion-proof&hellip;","_links":{"self":[{"href":"https:\/\/led.amasly.com\/sk\/wp-json\/wp\/v2\/pages\/2693","targetHints":{"allow":["GET"]}}],"collection":[{"href":"https:\/\/led.amasly.com\/sk\/wp-json\/wp\/v2\/pages"}],"about":[{"href":"https:\/\/led.amasly.com\/sk\/wp-json\/wp\/v2\/types\/page"}],"author":[{"embeddable":true,"href":"https:\/\/led.amasly.com\/sk\/wp-json\/wp\/v2\/users\/1"}],"replies":[{"embeddable":true,"href":"https:\/\/led.amasly.com\/sk\/wp-json\/wp\/v2\/comments?post=2693"}],"version-history":[{"count":2,"href":"https:\/\/led.amasly.com\/sk\/wp-json\/wp\/v2\/pages\/2693\/revisions"}],"predecessor-version":[{"id":4944,"href":"https:\/\/led.amasly.com\/sk\/wp-json\/wp\/v2\/pages\/2693\/revisions\/4944"}],"up":[{"embeddable":true,"href":"https:\/\/led.amasly.com\/sk\/wp-json\/wp\/v2\/pages\/2374"}],"wp:attachment":[{"href":"https:\/\/led.amasly.com\/sk\/wp-json\/wp\/v2\/media?parent=2693"}],"curies":[{"name":"wp","href":"https:\/\/api.w.org\/{rel}","templated":true}]}}