{"id":2609,"date":"2025-03-21T20:52:14","date_gmt":"2025-03-21T12:52:14","guid":{"rendered":"https:\/\/led.amasly.com\/?page_id=2609"},"modified":"2026-01-25T21:17:37","modified_gmt":"2026-01-25T13:17:37","slug":"ex-proof-svietidla-v-medenej-rafinerii-bezpecnostne-osvetlenie-v-zakladnych-technologickych-aplikaciach-a-programoch","status":"publish","type":"page","link":"https:\/\/led.amasly.com\/sk\/vedomosti\/znalosti-o-vyrobkoch-odolnych-proti-vybuchu\/ex-proof-svietidla-v-medenej-rafinerii-bezpecnostne-osvetlenie-v-zakladnych-technologickych-aplikaciach-a-programoch\/","title":{"rendered":"Ex proof svietidl\u00e1 v medenej rafin\u00e9rii bezpe\u010dnostn\u00e9 osvetlenie v z\u00e1kladn\u00fdch technologick\u00fdch aplik\u00e1ci\u00e1ch a programoch"},"content":{"rendered":"\n<div class=\"wp-block-uagb-container uagb-block-27bae773 alignfull uagb-is-root-container\"><div class=\"uagb-container-inner-blocks-wrap\"><\/div><\/div>\n\n\n\n<h1 class=\"wp-block-heading has-text-align-center\"><strong>Ex proof lighting fixtures<\/strong><strong>&nbsp;in the copper refinery safety lighting in the fundamental technology applications and programs<\/strong><strong><\/strong><\/h1>\n\n\n\n<div class=\"wp-block-uagb-image uagb-block-7aa75f2f wp-block-uagb-image--layout-default wp-block-uagb-image--effect-static wp-block-uagb-image--align-none\"><figure class=\"wp-block-uagb-image__figure\"><img decoding=\"async\" srcset=\"https:\/\/led.amasly.com\/wp-content\/uploads\/2025\/03\/\u56fe\u724721-1024x707.png ,https:\/\/led.amasly.com\/wp-content\/uploads\/2025\/03\/\u56fe\u724721.png 780w, https:\/\/led.amasly.com\/wp-content\/uploads\/2025\/03\/\u56fe\u724721.png 360w\" sizes=\"auto, (max-width: 480px) 150px\" src=\"https:\/\/led.amasly.com\/wp-content\/uploads\/2025\/03\/\u56fe\u724721-1024x707.png\" alt=\"Ex proof lighting fixtures\" class=\"uag-image-2149\" width=\"1024\" height=\"707\" title=\"Ex proof lighting fixtures\" loading=\"lazy\" role=\"img\"\/><\/figure><\/div>\n\n\n\n<p>How to approve explosion-proof lighting system to reduce the risk of explosion by 90% and improve production efficiency<\/p>\n\n\n\n<h2 class=\"wp-block-heading\"><strong>First, why must copper refineries use explosion-proof lights? &#8211;Rigid demand in high-risk environments<\/strong><strong><\/strong><\/h2>\n\n\n\n<p>Copper refining production process there are four major sources of explosive risk, explosion-proof lights into the core equipment to ensure safety:<\/p>\n\n\n\n<h3 class=\"wp-block-heading\"><strong>1. Explosive dust environment<\/strong><strong><\/strong><\/h3>\n\n\n\n<p>Copper concentrate crushing produces metal dust [particle size \u2264 75\u03bcm].<\/p>\n\n\n\n<p>Dust cloud minimum ignition temperature of only 430 \u2103 [ASTM E1491 guidelines].<\/p>\n\n\n\n<p>The risk of spontaneous combustion is increased by 300% when the dust layer thickness is &gt;5mm.<\/p>\n\n\n\n<h3 class=\"wp-block-heading\"><strong>2. Corrosive gas erosion<\/strong><strong><\/strong><\/h3>\n\n\n\n<p>The concentration of SO\u2082 in the melting shop can reach 2000ppm [NIOSH limit 5ppm] and the amount of chlorine escaping from the electrolysis shop is more than 15mg\/m\u00b3.<\/p>\n\n\n\n<h3 class=\"wp-block-heading\"><strong>3. High temperature working environment<\/strong><strong><\/strong><\/h3>\n\n\n\n<p>The ambient temperature in the converter area is continuously &gt;80\u2103 and the heat radiation intensity of anode copper casting surface reaches 6kW\/m\u00b2.<\/p>\n\n\n\n<h3 class=\"wp-block-heading\"><strong>4. Mechanical damage<\/strong><strong><\/strong><\/h3>\n\n\n\n<p>Risk traveling crane lifting material impact force\uff1e500kgf equipment vibration frequency range 20-200Hz<\/p>\n\n\n\n<p>Case Alert: In 2022, a copper smelter suffered $5.8 million in direct damages from a dust explosion caused by common lighting fixtures. This confirms the NFPA 497 mandatory explosion-proof requirements for lighting equipment in explosive hazardous areas.<\/p>\n\n\n\n<h2 class=\"wp-block-heading\"><strong>Second, the copper refining special <\/strong><strong>Ex proof lighting fixtures<\/strong><strong>&nbsp;technical specifications and scenarios to adapt to the program<\/strong><strong><\/strong><\/h2>\n\n\n\n<h3 class=\"wp-block-heading\"><strong>2.1 Explosion-proof grade accurate matching guide<\/strong><strong><\/strong><\/h3>\n\n\n\n<p>Concentrate warehouse: hazardous type IIIC dust, explosion-proof grade Ex tD A21 IP65 T135 \u2103, recommended lamps and lanterns type explosion-proof LED floodlights<\/p>\n\n\n\n<p>Smelting workshop: Hazardous type IIC gas + high temperature, explosion-proof grade Ex d e mb IIB T4 Gb, recommended lamps and lanterns type explosion-proof mining lamps<\/p>\n\n\n\n<p>Electrolysis workshop: Hazardous type corrosive environment, Ex ec IIC T6 IP68, recommended lamps and lanterns type anticorrosion Ex proof lighting fixtures<\/p>\n\n\n\n<p>Flue gas purification: hazardous types of mixed hazardous areas, explosion-proof grade Ex de IIC T5 Gb\/IP66, recommended lamps and lanterns type explosion-proof floodlights<\/p>\n\n\n\n<h3 class=\"wp-block-heading\"><strong>2.2 Special protection technology innovation<\/strong><strong><\/strong><\/h3>\n\n\n\n<p>Triple anti-corrosion treatment: phosphating of substrate + epoxy resin coating + fluorocarbon top coating [salt spray resistance &gt; 3000h].<\/p>\n\n\n\n<p>Efficient thermal management: Vacuum equalization plate technology [thermal conductivity&gt;8000W\/m-K].<\/p>\n\n\n\n<p>Impact resistant structure: 8mm tempered glass + 304 stainless steel protective net [impact energy&gt;10J].<\/p>\n\n\n\n<h2 class=\"wp-block-heading\"><strong>Thr<\/strong><strong>id<\/strong><strong>, intelligent explosion-proof lighting system in the copper refinery practice results<\/strong><strong><\/strong><\/h2>\n\n\n\n<h3 class=\"wp-block-heading\"><strong>3.1 Intelligent control system energy saving case<\/strong><strong><\/strong><\/h3>\n\n\n\n<p>An annual output of 400,000 tons of copper cathode enterprise deployment program:<\/p>\n\n\n\n<p>Installation of 278 sets of explosion-proof LED lights [with Zigbee intelligent control system] to implement: \u2713 Energy consumption reduced by 51% [intelligent dimming + microwave induction] \u2713 Maintenance costs reduced by 40% [self-diagnostic system] \u2713 Uniformity of illumination increased to 0.82 [EN 12464 guidelines].<\/p>\n\n\n\n<h3 class=\"wp-block-heading\"><strong>3.2 Special scenarios to deal with the program<\/strong><strong><\/strong><\/h3>\n\n\n\n<p>Converter platform: high-temperature Ex proof lighting fixtures&nbsp;[operating temperature -40 \u2103 ~ +150 \u2103] electrolysis tank area: corrosion-resistant Ex proof lighting fixtures&nbsp;[98% sulfuric acid corrosion resistance] dust collector top: anti-vibration Ex proof lighting fixtures&nbsp;[vibration-resistant frequency of 5-2000Hz] underground cable trench: intrinsically safe Ex proof lighting fixtures&nbsp;[Ex ia IIC T4].<\/p>\n\n\n\n<h2 class=\"wp-block-heading\"><strong>Fourth, the copper refinery explosion-proof lights full life cycle cost analysis<\/strong><strong><\/strong><\/h2>\n\n\n\n<p>A large copper enterprise 5 years of operation data comparison:<\/p>\n\n\n\n<p>Traditional Ex proof lighting fixtures&nbsp;initial cost $220 \/ unit, power consumption 400W, replacement cycle of 8 months, the annual maintenance cost of $ 85 \/ unit, the total cost of ownership $3,820<\/p>\n\n\n\n<p>Explosion-proof LED lights, initial cost $380\/unit, power consumption 150W, replacement cycle 5 years, annual maintenance cost $12\/unit, total holding cost $1,210<\/p>\n\n\n\n<h3 class=\"wp-block-heading\"><strong>Data Conclusion:<\/strong><strong><\/strong><\/h3>\n\n\n\n<p>Payback period &lt;11 months comprehensive energy efficiency 68% reduction in carbon emissions by 5.2 tons\/year\/100 units<\/p>\n\n\n\n<h2 class=\"wp-block-heading\"><strong>Fifth, <\/strong><strong>Ex proof lighting fixtures<\/strong><strong>&nbsp;selection of the six gold standard<\/strong><strong><\/strong><\/h2>\n\n\n\n<p>1. Certification compliance must hold ATEX\/<a href=\"http:\/\/www.iecex-certs.com\/\" rel=\"nofollow noopener\" target=\"_blank\">IECEx<\/a>\/<a href=\"http:\/\/www.ul.com\" rel=\"nofollow noopener\" target=\"_blank\">UL 844<\/a> triple certification dust explosion-proof need to comply with ISO 80079-31 guidelines<\/p>\n\n\n\n<p>2. environmental suitability of high-temperature areas to choose T4 or higher temperature group corrosive area materials need to be approved NORSOK M-501 test<\/p>\n\n\n\n<p>3. Optical performance melting area illuminance \u2265 300lx [EN 12464 requirements] color rendering index Ra&gt; 80 [accurately identify the color of copper liquid].<\/p>\n\n\n\n<p>4. Intelligent IOT support 4-20mA\/DALI dimming interface with real-time temperature\/current monitoring function and convenient maintenance.<\/p>\n\n\n\n<p>5. modular design [replace the light source without interrupting the explosion-proof structure] supply BIM model [LOD 400 + precision].<\/p>\n\n\n\n<p>6. Service guarantee warranty period \u2265 5 years [including light decay &lt;30% commitment] localized spare parts library [24-hour emergency response].<\/p>\n\n\n\n<h2 class=\"wp-block-heading\"><strong>Six<\/strong><strong>th<\/strong><strong>, cutting-edge technology empowered explosion-proof lighting upgrade<\/strong><strong><\/strong><\/h2>\n\n\n\n<p>1. self-cleaning technology nano-photocatalytic coating [decomposition efficiency&gt;92%] electrostatic dust removal module [dust adsorption rate of 85%]<\/p>\n\n\n\n<p>2. Digital twin system 3D modeling predicts lighting decay momentum AR remote guidance equipment maintenance<\/p>\n\n\n\n<p>3. Emergency power supply innovation super capacitor energy storage [0.1 second switching backup power] thermoelectric conversion module [temperature difference power generation efficiency 12%].<\/p>\n\n\n\n<p>The International Copper Association (ICA) has included intelligent explosion-proof lighting into the core index system of the Technical Guidelines for Sustainable Copper Refining.<\/p>\n\n\n\n<h2 class=\"wp-block-heading\"><strong>Seven<\/strong><strong>th<\/strong><strong>, copper refinery explosion-proof lighting transformation implementation path<\/strong><strong><\/strong><\/h2>\n\n\n\n<p>Four-step strategy:<\/p>\n\n\n\n<p>Hazardous area classification assessment (based on IEC 60079-10)<\/p>\n\n\n\n<p>Three-dimensional lighting simulation [using DIALux evo software].<\/p>\n\n\n\n<p>Step-by-step retrofit program (prioritizing Zone 0\/20)<\/p>\n\n\n\n<p>Integration of intelligent management systems [SCADA compatible].<\/p>\n\n\n\n<p class=\"has-text-align-left\">Get it for free: Contact Amasly Lighting for a white paper on explosion-proof lighting design for copper refineries.<\/p>\n\n\n\n<div class=\"wp-block-uagb-container uagb-block-c7d898dd alignfull uagb-is-root-container\"><div class=\"uagb-container-inner-blocks-wrap\"><\/div><\/div>\n\n\n\n<h2 class=\"wp-block-heading\">Related Products<\/h2>\n\n\n\n<div class=\"wp-block-uagb-container uagb-block-66e4defc alignfull uagb-is-root-container\"><div class=\"uagb-container-inner-blocks-wrap\">\n<div class=\"wp-block-uagb-container uagb-block-a42945f9\">\n<div class=\"wp-block-uagb-image uagb-block-7296296b wp-block-uagb-image--layout-default wp-block-uagb-image--effect-static wp-block-uagb-image--align-none\"><figure class=\"wp-block-uagb-image__figure\"><a class=\"\" href=\"https:\/\/led.amasly.com\/products\/\" target=\"\" rel=\"noopener\"><img decoding=\"async\" srcset=\"https:\/\/led.amasly.com\/wp-content\/uploads\/2024\/09\/Explosion-proof-high-bay-lights.png ,https:\/\/led.amasly.com\/wp-content\/uploads\/2024\/09\/Explosion-proof-high-bay-lights.png 780w, https:\/\/led.amasly.com\/wp-content\/uploads\/2024\/09\/Explosion-proof-high-bay-lights.png 360w\" sizes=\"auto, (max-width: 480px) 150px\" src=\"https:\/\/led.amasly.com\/wp-content\/uploads\/2024\/09\/Explosion-proof-high-bay-lights.png\" alt=\"\" class=\"uag-image-1495\" width=\"300\" height=\"300\" title=\"Explosion proof high bay lights\" loading=\"lazy\" role=\"img\"><\/a><\/figure><\/div>\n<\/div>\n\n\n\n<div class=\"wp-block-uagb-container uagb-block-4d3efde5\">\n<div class=\"wp-block-uagb-image uagb-block-c9e90797 wp-block-uagb-image--layout-default wp-block-uagb-image--effect-static wp-block-uagb-image--align-none\"><figure class=\"wp-block-uagb-image__figure\"><a class=\"\" href=\"https:\/\/led.amasly.com\/products\/\" target=\"\" rel=\"noopener\"><img decoding=\"async\" srcset=\"https:\/\/led.amasly.com\/wp-content\/uploads\/2024\/07\/LED-tri-proof-lights2.png ,https:\/\/led.amasly.com\/wp-content\/uploads\/2024\/07\/LED-tri-proof-lights2.png 780w, https:\/\/led.amasly.com\/wp-content\/uploads\/2024\/07\/LED-tri-proof-lights2.png 360w\" sizes=\"auto, (max-width: 480px) 150px\" src=\"https:\/\/led.amasly.com\/wp-content\/uploads\/2024\/07\/LED-tri-proof-lights2.png\" alt=\"\" class=\"uag-image-1132\" width=\"300\" height=\"300\" title=\"LED-tri-proof-lights2\" loading=\"lazy\" role=\"img\"><\/a><\/figure><\/div>\n<\/div>\n\n\n\n<div class=\"wp-block-uagb-container uagb-block-11c2578b\">\n<div class=\"wp-block-uagb-image uagb-block-6e8883aa wp-block-uagb-image--layout-default wp-block-uagb-image--effect-static wp-block-uagb-image--align-none\"><figure class=\"wp-block-uagb-image__figure\"><a class=\"\" href=\"https:\/\/led.amasly.com\/products\/\" target=\"\" rel=\"noopener\"><img decoding=\"async\" srcset=\"https:\/\/led.amasly.com\/wp-content\/uploads\/2024\/09\/LED-Explosion-Proof-Gas-Station-Light.png ,https:\/\/led.amasly.com\/wp-content\/uploads\/2024\/09\/LED-Explosion-Proof-Gas-Station-Light.png 780w, https:\/\/led.amasly.com\/wp-content\/uploads\/2024\/09\/LED-Explosion-Proof-Gas-Station-Light.png 360w\" sizes=\"auto, (max-width: 480px) 150px\" src=\"https:\/\/led.amasly.com\/wp-content\/uploads\/2024\/09\/LED-Explosion-Proof-Gas-Station-Light.png\" alt=\"\" class=\"uag-image-1501\" width=\"300\" height=\"300\" title=\"LED Explosion Proof Gas Station Light\" loading=\"lazy\" role=\"img\"><\/a><\/figure><\/div>\n<\/div>\n<\/div><\/div>\n\n\n\n<div class=\"wp-block-uagb-container uagb-block-548945b5 alignfull uagb-is-root-container\"><div class=\"uagb-container-inner-blocks-wrap\">\n<div class=\"wp-block-uagb-container uagb-block-967755d5\">\n<h4 class=\"wp-block-heading has-text-align-center\"><a href=\"https:\/\/led.amasly.com\/products\/\">LED Explosion Proof Lights<\/a><\/h4>\n<\/div>\n\n\n\n<div class=\"wp-block-uagb-container uagb-block-9bc52fc2\">\n<h4 class=\"wp-block-heading has-text-align-center\"><a href=\"https:\/\/led.amasly.com\/products\/\">LED Tri-Proof Lights<\/a><\/h4>\n<\/div>\n\n\n\n<div class=\"wp-block-uagb-container uagb-block-8ffa0a23\">\n<h4 class=\"wp-block-heading has-text-align-center\"><a href=\"https:\/\/led.amasly.com\/products\/\">Explosion Proof Gas Station Lights<\/a><\/h4>\n<\/div>\n<\/div><\/div>\n\n\n\n<div class=\"wp-block-uagb-container uagb-block-29499fe0 alignfull uagb-is-root-container\"><div class=\"uagb-container-inner-blocks-wrap\">\n<div class=\"wp-block-uagb-container uagb-block-777ee1c7\">\n<div class=\"wp-block-uagb-image uagb-block-2e9a1851 wp-block-uagb-image--layout-default wp-block-uagb-image--effect-static wp-block-uagb-image--align-none\"><figure class=\"wp-block-uagb-image__figure\"><a class=\"\" href=\"https:\/\/led.amasly.com\/products\/\" target=\"\" rel=\"noopener\"><img decoding=\"async\" srcset=\"https:\/\/led.amasly.com\/wp-content\/uploads\/2024\/10\/50W-100W-150W-200W-300W-LED-Flood-Light.jpg ,https:\/\/led.amasly.com\/wp-content\/uploads\/2024\/10\/50W-100W-150W-200W-300W-LED-Flood-Light.jpg 780w, https:\/\/led.amasly.com\/wp-content\/uploads\/2024\/10\/50W-100W-150W-200W-300W-LED-Flood-Light.jpg 360w\" sizes=\"auto, (max-width: 480px) 150px\" src=\"https:\/\/led.amasly.com\/wp-content\/uploads\/2024\/10\/50W-100W-150W-200W-300W-LED-Flood-Light.jpg\" alt=\"\" class=\"uag-image-1526\" width=\"300\" height=\"300\" title=\"50W 100W 150W 200W 300W LED Flood Light\" loading=\"lazy\" role=\"img\"><\/a><\/figure><\/div>\n<\/div>\n\n\n\n<div class=\"wp-block-uagb-container uagb-block-af8c8683\">\n<div class=\"wp-block-uagb-image uagb-block-67947854 wp-block-uagb-image--layout-default wp-block-uagb-image--effect-static wp-block-uagb-image--align-none\"><figure class=\"wp-block-uagb-image__figure\"><a class=\"\" href=\"https:\/\/led.amasly.com\/products\/\" target=\"\" rel=\"noopener\"><img decoding=\"async\" srcset=\"https:\/\/led.amasly.com\/wp-content\/uploads\/2024\/07\/led-tri-proof-light.png ,https:\/\/led.amasly.com\/wp-content\/uploads\/2024\/07\/led-tri-proof-light.png 780w, https:\/\/led.amasly.com\/wp-content\/uploads\/2024\/07\/led-tri-proof-light.png 360w\" sizes=\"auto, (max-width: 480px) 150px\" src=\"https:\/\/led.amasly.com\/wp-content\/uploads\/2024\/07\/led-tri-proof-light.png\" alt=\"\" class=\"uag-image-1130\" width=\"300\" height=\"300\" title=\"led-tri-proof-light\" loading=\"lazy\" role=\"img\"><\/a><\/figure><\/div>\n<\/div>\n\n\n\n<div class=\"wp-block-uagb-container uagb-block-0fdfdd58\">\n<div class=\"wp-block-uagb-image uagb-block-1187d32d wp-block-uagb-image--layout-default wp-block-uagb-image--effect-static wp-block-uagb-image--align-none\"><figure class=\"wp-block-uagb-image__figure\"><a class=\"\" href=\"https:\/\/led.amasly.com\/products\/\" target=\"\" rel=\"noopener\"><img decoding=\"async\" srcset=\"https:\/\/led.amasly.com\/wp-content\/uploads\/2024\/07\/LED-street-light.jpg ,https:\/\/led.amasly.com\/wp-content\/uploads\/2024\/07\/LED-street-light.jpg 780w, https:\/\/led.amasly.com\/wp-content\/uploads\/2024\/07\/LED-street-light.jpg 360w\" sizes=\"auto, (max-width: 480px) 150px\" src=\"https:\/\/led.amasly.com\/wp-content\/uploads\/2024\/07\/LED-street-light.jpg\" alt=\"\" class=\"uag-image-1145\" width=\"300\" height=\"300\" title=\"LED-street-light\" loading=\"lazy\" role=\"img\"><\/a><\/figure><\/div>\n<\/div>\n<\/div><\/div>\n\n\n\n<div class=\"wp-block-uagb-container uagb-block-6a60882c alignfull uagb-is-root-container\"><div class=\"uagb-container-inner-blocks-wrap\">\n<div class=\"wp-block-uagb-container uagb-block-f1e91a35\">\n<h4 class=\"wp-block-heading has-text-align-center\"><a href=\"https:\/\/led.amasly.com\/products\/\">LED Flood Lights<\/a><\/h4>\n<\/div>\n\n\n\n<div class=\"wp-block-uagb-container uagb-block-165bfa58\">\n<h4 class=\"wp-block-heading has-text-align-center\"><a href=\"https:\/\/led.amasly.com\/products\/\">LED Tri-Proof Tube Lights<\/a><\/h4>\n<\/div>\n\n\n\n<div class=\"wp-block-uagb-container uagb-block-f6096e3b\">\n<h4 class=\"wp-block-heading has-text-align-center\"><a href=\"https:\/\/led.amasly.com\/products\/\">LED Street Lights<\/a><\/h4>\n<\/div>\n<\/div><\/div>\n\n\n\n<div class=\"wp-block-uagb-container uagb-block-99c0e0a5 alignfull uagb-is-root-container\"><div class=\"uagb-container-inner-blocks-wrap\"><\/div><\/div>\n\n\n\n<p><\/p>\n","protected":false},"excerpt":{"rendered":"<p>Ex proof lighting fixtures&nbsp;in the copper refinery safety lighting in the fundamental technology applications and programs How to approve explosion-proof lighting system to reduce the risk of explosion by 90% and improve production efficiency First, why must copper refineries use explosion-proof lights? &#8211;Rigid demand in high-risk environments Copper refining production process there are four major [&hellip;]<\/p>\n","protected":false},"author":1,"featured_media":0,"parent":2374,"menu_order":0,"comment_status":"closed","ping_status":"closed","template":"","meta":{"_uag_custom_page_level_css":"","site-sidebar-layout":"no-sidebar","site-content-layout":"","ast-site-content-layout":"default","site-content-style":"default","site-sidebar-style":"default","ast-global-header-display":"","ast-banner-title-visibility":"","ast-main-header-display":"","ast-hfb-above-header-display":"","ast-hfb-below-header-display":"","ast-hfb-mobile-header-display":"","site-post-title":"disabled","ast-breadcrumbs-content":"","ast-featured-img":"","footer-sml-layout":"","ast-disable-related-posts":"","theme-transparent-header-meta":"enabled","adv-header-id-meta":"","stick-header-meta":"","header-above-stick-meta":"","header-main-stick-meta":"","header-below-stick-meta":"","astra-migrate-meta-layouts":"set","ast-page-background-enabled":"default","ast-page-background-meta":{"desktop":{"background-color":"var(--ast-global-color-4)","background-image":"","background-repeat":"repeat","background-position":"center center","background-size":"auto","background-attachment":"scroll","background-type":"","background-media":"","overlay-type":"","overlay-color":"","overlay-opacity":"","overlay-gradient":""},"tablet":{"background-color":"","background-image":"","background-repeat":"repeat","background-position":"center center","background-size":"auto","background-attachment":"scroll","background-type":"","background-media":"","overlay-type":"","overlay-color":"","overlay-opacity":"","overlay-gradient":""},"mobile":{"background-color":"","background-image":"","background-repeat":"repeat","background-position":"center center","background-size":"auto","background-attachment":"scroll","background-type":"","background-media":"","overlay-type":"","overlay-color":"","overlay-opacity":"","overlay-gradient":""}},"ast-content-background-meta":{"desktop":{"background-color":"var(--ast-global-color-5)","background-image":"","background-repeat":"repeat","background-position":"center center","background-size":"auto","background-attachment":"scroll","background-type":"","background-media":"","overlay-type":"","overlay-color":"","overlay-opacity":"","overlay-gradient":""},"tablet":{"background-color":"var(--ast-global-color-5)","background-image":"","background-repeat":"repeat","background-position":"center center","background-size":"auto","background-attachment":"scroll","background-type":"","background-media":"","overlay-type":"","overlay-color":"","overlay-opacity":"","overlay-gradient":""},"mobile":{"background-color":"var(--ast-global-color-5)","background-image":"","background-repeat":"repeat","background-position":"center center","background-size":"auto","background-attachment":"scroll","background-type":"","background-media":"","overlay-type":"","overlay-color":"","overlay-opacity":"","overlay-gradient":""}},"footnotes":""},"class_list":["post-2609","page","type-page","status-publish","hentry"],"uagb_featured_image_src":{"full":false,"thumbnail":false,"medium":false,"medium_large":false,"large":false,"1536x1536":false,"2048x2048":false,"trp-custom-language-flag":false},"uagb_author_info":{"display_name":"Joe","author_link":"https:\/\/led.amasly.com\/sk\/author\/jacklin\/"},"uagb_comment_info":0,"uagb_excerpt":"Ex proof lighting fixtures&nbsp;in the copper refinery safety lighting in the fundamental technology applications and programs How to approve explosion-proof lighting system to reduce the risk of explosion by 90% and improve production efficiency First, why must copper refineries use explosion-proof lights? &#8211;Rigid demand in high-risk environments Copper refining production process there are four major&hellip;","_links":{"self":[{"href":"https:\/\/led.amasly.com\/sk\/wp-json\/wp\/v2\/pages\/2609","targetHints":{"allow":["GET"]}}],"collection":[{"href":"https:\/\/led.amasly.com\/sk\/wp-json\/wp\/v2\/pages"}],"about":[{"href":"https:\/\/led.amasly.com\/sk\/wp-json\/wp\/v2\/types\/page"}],"author":[{"embeddable":true,"href":"https:\/\/led.amasly.com\/sk\/wp-json\/wp\/v2\/users\/1"}],"replies":[{"embeddable":true,"href":"https:\/\/led.amasly.com\/sk\/wp-json\/wp\/v2\/comments?post=2609"}],"version-history":[{"count":2,"href":"https:\/\/led.amasly.com\/sk\/wp-json\/wp\/v2\/pages\/2609\/revisions"}],"predecessor-version":[{"id":4785,"href":"https:\/\/led.amasly.com\/sk\/wp-json\/wp\/v2\/pages\/2609\/revisions\/4785"}],"up":[{"embeddable":true,"href":"https:\/\/led.amasly.com\/sk\/wp-json\/wp\/v2\/pages\/2374"}],"wp:attachment":[{"href":"https:\/\/led.amasly.com\/sk\/wp-json\/wp\/v2\/media?parent=2609"}],"curies":[{"name":"wp","href":"https:\/\/api.w.org\/{rel}","templated":true}]}}