{"id":2589,"date":"2025-03-20T21:09:01","date_gmt":"2025-03-20T13:09:01","guid":{"rendered":"https:\/\/led.amasly.com\/?page_id=2589"},"modified":"2026-01-29T22:14:12","modified_gmt":"2026-01-29T14:14:12","slug":"nevybusne-lampy-v-aplikaciach-bezpecnostneho-osvetlenia-rozvodni","status":"publish","type":"page","link":"https:\/\/led.amasly.com\/sk\/vedomosti\/znalosti-o-vyrobkoch-odolnych-proti-vybuchu\/nevybusne-lampy-v-aplikaciach-bezpecnostneho-osvetlenia-rozvodni\/","title":{"rendered":"Nev\u00fdbu\u0161n\u00e9 lampy v aplik\u00e1ci\u00e1ch bezpe\u010dnostn\u00e9ho osvetlenia rozvodn\u00ed"},"content":{"rendered":"\n<div class=\"wp-block-uagb-container uagb-block-27bae773 alignfull uagb-is-root-container\"><div class=\"uagb-container-inner-blocks-wrap\"><\/div><\/div>\n\n\n\n<h1 class=\"wp-block-heading has-text-align-center\"><strong>Explosion proof lampu<\/strong><strong>&nbsp;in the substation safety lighting applications<\/strong><\/h1>\n\n\n\n<h2 class=\"wp-block-heading\"><strong>First, why substations have to use Explosion proof lampu<\/strong> <strong>? &#8211;Rigid demand for high-risk environments<\/strong><\/h2>\n\n\n\n<div class=\"wp-block-uagb-image uagb-block-fb365f84 wp-block-uagb-image--layout-default wp-block-uagb-image--effect-static wp-block-uagb-image--align-none\"><figure class=\"wp-block-uagb-image__figure\"><img decoding=\"async\" srcset=\"https:\/\/led.amasly.com\/wp-content\/uploads\/2025\/01\/LED-explosion-proof-flood-lights.png ,https:\/\/led.amasly.com\/wp-content\/uploads\/2025\/01\/LED-explosion-proof-flood-lights.png 780w, https:\/\/led.amasly.com\/wp-content\/uploads\/2025\/01\/LED-explosion-proof-flood-lights.png 360w\" sizes=\"auto, (max-width: 480px) 150px\" src=\"https:\/\/led.amasly.com\/wp-content\/uploads\/2025\/01\/LED-explosion-proof-flood-lights.png\" alt=\"Explosion proof flood lights price, 12V explosion proof light, 40W explosion proof light, explosion proof led flood light\u00a0price, 140W explosion proof light, 110W explosion proof lights, 100W Flame Proof Lighting, LED Explosion proof Flood light, Explosion Proof and Flame Proof\uff0c Are led lights explosion proof?, ATEX approved flame proof light led, ATEX certified explosion proof\u00a0lamps, ATEX Explosion Proof\u00a0LED Lights, ATEX exploson proof led lamp, ATEX high bay, ATEX lamps, Ex led lights, Ex outdoor lamp led, Explosion proof\u00a0dome light, Explosion proof drop lights, Explosion proof flood lights, Explosion proof lampu\" class=\"uag-image-1675\" width=\"1004\" height=\"308\" title=\"LED explosion proof flood lights\" loading=\"lazy\" role=\"img\"\/><\/figure><\/div>\n\n\n\n<p>In the substation this kind of high-voltage power equipment, flammable insulating media [such as transformer oil] places, Explosion proof lampu&nbsp;are to protect personnel safety and equipment to stabilize the operation of the core equipment. According to the \u201cElectric Power Safety Regulations\u201d requirements, all the presence of explosive gases or dust power facilities must be equipped with <a href=\"http:\/\/www.iecex-certs.com\/\" rel=\"nofollow noopener\" target=\"_blank\">Ex d IIB T4<\/a> or more explosion-proof grade lighting equipment.<\/p>\n\n\n\n<p>Let&#8217;s say in 35kV and above oil-immersed transformer area, if the insulating oil leakage formation of oil and gas mixtures, the traditional lamps and lanterns produce 0.02 Joule spark that may trigger an explosion, and professional Explosion proof lampu&nbsp;approved triple protection mechanism to completely eliminate the hidden danger:<\/p>\n\n\n\n<p>Explosion-proof structure: 8mm thick die-cast aluminum alloy shell can withstand 15MPa explosion impact, preventing the internal spark leakage<\/p>\n\n\n\n<p>Intrinsically safe circuit: limit the circuit energy below 0.19mJ minimum ignition energy, to eliminate the generation of electric sparks<\/p>\n\n\n\n<p>Increased safety sealing: the use of silicone rubber seals and precision machining of the joint surface [tolerance \u2264 0.05mm], the protection level of IP66 or more.<\/p>\n\n\n\n<p>Actual cases show that a 500kV substation will be replaced by ordinary metal halide lamps 150W LED Explosion proof lampu, the annual failure rate from 12 times down to 0 times, maintenance costs reduced by 83%.<\/p>\n\n\n\n<h2 class=\"wp-block-heading\"><strong>Second, Explosion proof lampu in the substation core application scenarios &#8211; the entire region risk prevention and control<\/strong><\/h2>\n\n\n\n<h3 class=\"wp-block-heading\"><strong>1. high-voltage equipment area [GIS room\/circuit breaker areas<\/strong><strong><\/strong><\/h3>\n\n\n\n<p>SF6 gas leakage inside the switchgear probably form explosive mixtures, Explosion proof lampu&nbsp;need to have anti-arc characteristics. The new Explosion proof lampu&nbsp;adopts double-layer toughened glass + metal protective net design, which can withstand 20kA short-circuit current impact without rupture.<\/p>\n\n\n\n<h3 class=\"wp-block-heading\"><strong>2. Oil-immersed transformer area<\/strong><strong><\/strong><\/h3>\n\n\n\n<p>For the risk of transformer oil leakage, Explosion proof lampu&nbsp;need to be equipped with oil corrosion-resistant coating and automatic fire-extinguishing linkage device. For example, QC-FB028 Explosion proof lampu&nbsp;with integrated temperature sensor, when the ambient temperature exceeds 120 \u2103 automatically triggers the sprinkler system.<\/p>\n\n\n\n<h3 class=\"wp-block-heading\"><strong>3. Battery room and cable mezzanine<\/strong><strong><\/strong><\/h3>\n\n\n\n<p>Hydrogen accumulation area requires lamps to meet the Ex d IIC T1 explosion-proof grade, and equipped with hydrogen concentration monitoring module. A case of transformation of an extra-high voltage station shows that after the use of intelligent Explosion proof lampu, the response time for hydrogen leakage is shortened to 15 seconds.<\/p>\n\n\n\n<h3 class=\"wp-block-heading\"><strong>4. Emergency evacuation channel<\/strong><strong><\/strong><\/h3>\n\n\n\n<p>According to GB 50034-2024 guidelines, explosion-proof emergency lighting system needs to meet the 90-minute continuous power supply and ground illuminance \u2265 1lx. The latest products use lithium iron phosphate battery + super capacitor double backup power supply, can still maintain the lighting in extreme environments for 120 minutes.<\/p>\n\n\n\n<h2 class=\"wp-block-heading\"><strong>Third, substation <\/strong><strong>Explosion proof lampu<\/strong><strong>&nbsp;selection 6 technical guidelines<\/strong><strong><\/strong><\/h2>\n\n\n\n<p>1. Certification compliance must be approved CNEX explosion-proof certification [Ex d IIB T4] and the State Grid testing, give priority to IECEx\/ATEX dual-certified products. 2.<\/p>\n\n\n\n<p>2. Optical performance improvement advocating the choice of 120 \u00b0 wide-angle light distribution + Ra&gt; 90 high color rendering design, easy to identify the state of the equipment. Let&#8217;s say a model approved asymmetric light distribution technology, so that the equipment nameplate illumination uniformity of 0.8 or more.<\/p>\n\n\n\n<p>3. Environmental adaptability -40 \u00b0 C ~ +120 \u00b0 C wide temperature range work ability, humidity tolerance up to 98% RH [salt spray test \u2265 1000 hours] anti-vibration performance to meet the IEC 60068-2-6 guidelines [5Hz-150Hz, 3-axis for 30 minutes each].<\/p>\n\n\n\n<p>4. Intelligent control system with the help of DALI2.0 protocol and BMS system linkage, can save 45% energy consumption. Integrated sensors can monitor temperature, humidity, gas concentration and other parameters.<\/p>\n\n\n\n<p>5. full life cycle cost of 100W LED Explosion proof lampu, for example, 5 years total cost than the traditional lamps and lanterns to reduce 61% [including electricity, maintenance and replacement costs].<\/p>\n\n\n\n<h2 class=\"wp-block-heading\"><strong>Fourth, <\/strong><strong>Explosion proof lampu<\/strong><strong>&nbsp;installation and maintenance specifications &#8211; to avoid 90% of the accident fundamental<\/strong><strong><\/strong><\/h2>\n\n\n\n<h3 class=\"wp-block-heading\"><strong>Installation guidelines [based on GB 3836.15-2025].<\/strong><strong><\/strong><\/h3>\n\n\n\n<p>Bracket load-bearing lamps and lanterns need to reach the weight of 2.5 times the depth of expansion bolts \u2265 80mm cable introduction device needs to be used to double the sealing structure [metal glands + epoxy resin potting] grounding resistance value of \u2264 4 \u03a9, quarterly tests<\/p>\n\n\n\n<h3 class=\"wp-block-heading\"><strong>Common Maintenance Mistakes Warning<\/strong><strong><\/strong><\/h3>\n\n\n\n<p>\u00d7 Using organic solvents to clean the explosion-proof glass [special anti-static cleaner should be used].<\/p>\n\n\n\n<p>\u00d7 Unauthorized replacement of non-original power modules [damage to the integrity of the explosion-proof structure].<\/p>\n\n\n\n<p>\u00d7 Not replacing seals for more than 3 years [replace silicone seals every 18 months].<\/p>\n\n\n\n<p>A coastal substation failure analysis shows that 72% of the lamps and lanterns failure originated from seal failure resulting in internal corrosion 8.<\/p>\n\n\n\n<h2 class=\"wp-block-heading\"><strong>Fifth<\/strong><strong>. Technology frontier: <\/strong><strong>Explosion proof lampu<\/strong><strong>&nbsp;three revolutionary innovations<\/strong><strong><\/strong><\/h2>\n\n\n\n<h3 class=\"wp-block-heading\"><strong>1. Self-diagnostic system [2025 new technology].<\/strong><strong><\/strong><\/h3>\n\n\n\n<p>Approval of the built-in AI chip real-time analysis of voltage fluctuations, temperature profiles and other data, 14 days in advance to predict the failure [92% accuracy], a pilot project to make the maintenance cost down another 37%.<\/p>\n\n\n\n<h3 class=\"wp-block-heading\"><strong>2. Composite energy power supply<\/strong><strong><\/strong><\/h3>\n\n\n\n<p>Vibration power generation + photovoltaic auxiliary system, completely off-grid operation in an intelligent substation in Shanxi, saving more than 800,000 yuan in annual cable laying costs.<\/p>\n\n\n\n<h3 class=\"wp-block-heading\"><strong>3. Spectral safety monitoring<\/strong><strong><\/strong><\/h3>\n\n\n\n<p>Adopting 430nm wavelength LED Explosion proof lampu, SF6 concentration can be detected synchronously [sensitivity 0.1ppm], and linkage with gas insulated equipment to form a multi-protection network.<\/p>\n\n\n\n<p>Amasly Lighting, as a leading solution provider of explosion-proof lighting, has supplied customized services many domestic UHV stations. Our Power Ex series products are approved by 97 extreme environment tests and equipped with:<\/p>\n\n\n\n<p>Intelligent Operation and Maintenance Platform [Failure Response &lt;2 hours] Full Life Cycle Cost Simulation System Free Lighting Safety Assessment Service<\/p>\n\n\n\n<p class=\"has-text-align-left\">Contact us today for substation explosion-proof lighting upgrade solutions!<\/p>\n\n\n\n<div class=\"wp-block-uagb-container uagb-block-c7d898dd alignfull uagb-is-root-container\"><div class=\"uagb-container-inner-blocks-wrap\"><\/div><\/div>\n\n\n\n<h2 class=\"wp-block-heading\">Related Products<\/h2>\n\n\n\n<div class=\"wp-block-uagb-container uagb-block-66e4defc alignfull uagb-is-root-container\"><div class=\"uagb-container-inner-blocks-wrap\">\n<div class=\"wp-block-uagb-container uagb-block-a42945f9\">\n<div class=\"wp-block-uagb-image uagb-block-7296296b wp-block-uagb-image--layout-default wp-block-uagb-image--effect-static wp-block-uagb-image--align-none\"><figure class=\"wp-block-uagb-image__figure\"><a class=\"\" href=\"https:\/\/led.amasly.com\/products\/\" target=\"\" rel=\"noopener\"><img decoding=\"async\" srcset=\"https:\/\/led.amasly.com\/wp-content\/uploads\/2024\/09\/Explosion-proof-high-bay-lights.png ,https:\/\/led.amasly.com\/wp-content\/uploads\/2024\/09\/Explosion-proof-high-bay-lights.png 780w, https:\/\/led.amasly.com\/wp-content\/uploads\/2024\/09\/Explosion-proof-high-bay-lights.png 360w\" sizes=\"auto, (max-width: 480px) 150px\" src=\"https:\/\/led.amasly.com\/wp-content\/uploads\/2024\/09\/Explosion-proof-high-bay-lights.png\" alt=\"\" class=\"uag-image-1495\" width=\"300\" height=\"300\" title=\"Explosion proof high bay lights\" loading=\"lazy\" role=\"img\"><\/a><\/figure><\/div>\n<\/div>\n\n\n\n<div class=\"wp-block-uagb-container uagb-block-4d3efde5\">\n<div class=\"wp-block-uagb-image uagb-block-c9e90797 wp-block-uagb-image--layout-default wp-block-uagb-image--effect-static wp-block-uagb-image--align-none\"><figure class=\"wp-block-uagb-image__figure\"><a class=\"\" href=\"https:\/\/led.amasly.com\/products\/\" target=\"\" rel=\"noopener\"><img decoding=\"async\" srcset=\"https:\/\/led.amasly.com\/wp-content\/uploads\/2024\/07\/LED-tri-proof-lights2.png ,https:\/\/led.amasly.com\/wp-content\/uploads\/2024\/07\/LED-tri-proof-lights2.png 780w, https:\/\/led.amasly.com\/wp-content\/uploads\/2024\/07\/LED-tri-proof-lights2.png 360w\" sizes=\"auto, (max-width: 480px) 150px\" src=\"https:\/\/led.amasly.com\/wp-content\/uploads\/2024\/07\/LED-tri-proof-lights2.png\" alt=\"\" class=\"uag-image-1132\" width=\"300\" height=\"300\" title=\"LED-tri-proof-lights2\" loading=\"lazy\" role=\"img\"><\/a><\/figure><\/div>\n<\/div>\n\n\n\n<div class=\"wp-block-uagb-container uagb-block-11c2578b\">\n<div class=\"wp-block-uagb-image uagb-block-6e8883aa wp-block-uagb-image--layout-default wp-block-uagb-image--effect-static wp-block-uagb-image--align-none\"><figure class=\"wp-block-uagb-image__figure\"><a class=\"\" href=\"https:\/\/led.amasly.com\/products\/\" target=\"\" rel=\"noopener\"><img decoding=\"async\" srcset=\"https:\/\/led.amasly.com\/wp-content\/uploads\/2024\/09\/LED-Explosion-Proof-Gas-Station-Light.png ,https:\/\/led.amasly.com\/wp-content\/uploads\/2024\/09\/LED-Explosion-Proof-Gas-Station-Light.png 780w, https:\/\/led.amasly.com\/wp-content\/uploads\/2024\/09\/LED-Explosion-Proof-Gas-Station-Light.png 360w\" sizes=\"auto, (max-width: 480px) 150px\" src=\"https:\/\/led.amasly.com\/wp-content\/uploads\/2024\/09\/LED-Explosion-Proof-Gas-Station-Light.png\" alt=\"\" class=\"uag-image-1501\" width=\"300\" height=\"300\" title=\"LED Explosion Proof Gas Station Light\" loading=\"lazy\" role=\"img\"><\/a><\/figure><\/div>\n<\/div>\n<\/div><\/div>\n\n\n\n<div class=\"wp-block-uagb-container uagb-block-548945b5 alignfull uagb-is-root-container\"><div class=\"uagb-container-inner-blocks-wrap\">\n<div class=\"wp-block-uagb-container uagb-block-967755d5\">\n<h4 class=\"wp-block-heading has-text-align-center\"><a href=\"https:\/\/led.amasly.com\/products\/\">LED Explosion Proof Lights<\/a><\/h4>\n<\/div>\n\n\n\n<div class=\"wp-block-uagb-container uagb-block-9bc52fc2\">\n<h4 class=\"wp-block-heading has-text-align-center\"><a href=\"https:\/\/led.amasly.com\/products\/\">LED Tri-Proof Lights<\/a><\/h4>\n<\/div>\n\n\n\n<div class=\"wp-block-uagb-container uagb-block-8ffa0a23\">\n<h4 class=\"wp-block-heading has-text-align-center\"><a href=\"https:\/\/led.amasly.com\/products\/\">Explosion Proof Gas Station Lights<\/a><\/h4>\n<\/div>\n<\/div><\/div>\n\n\n\n<div class=\"wp-block-uagb-container uagb-block-29499fe0 alignfull uagb-is-root-container\"><div class=\"uagb-container-inner-blocks-wrap\">\n<div class=\"wp-block-uagb-container uagb-block-777ee1c7\">\n<div class=\"wp-block-uagb-image uagb-block-2e9a1851 wp-block-uagb-image--layout-default wp-block-uagb-image--effect-static wp-block-uagb-image--align-none\"><figure class=\"wp-block-uagb-image__figure\"><a class=\"\" href=\"https:\/\/led.amasly.com\/products\/\" target=\"\" rel=\"noopener\"><img decoding=\"async\" srcset=\"https:\/\/led.amasly.com\/wp-content\/uploads\/2024\/10\/50W-100W-150W-200W-300W-LED-Flood-Light.jpg ,https:\/\/led.amasly.com\/wp-content\/uploads\/2024\/10\/50W-100W-150W-200W-300W-LED-Flood-Light.jpg 780w, https:\/\/led.amasly.com\/wp-content\/uploads\/2024\/10\/50W-100W-150W-200W-300W-LED-Flood-Light.jpg 360w\" sizes=\"auto, (max-width: 480px) 150px\" src=\"https:\/\/led.amasly.com\/wp-content\/uploads\/2024\/10\/50W-100W-150W-200W-300W-LED-Flood-Light.jpg\" alt=\"\" class=\"uag-image-1526\" width=\"300\" height=\"300\" title=\"50W 100W 150W 200W 300W LED Flood Light\" loading=\"lazy\" role=\"img\"><\/a><\/figure><\/div>\n<\/div>\n\n\n\n<div class=\"wp-block-uagb-container uagb-block-af8c8683\">\n<div class=\"wp-block-uagb-image uagb-block-67947854 wp-block-uagb-image--layout-default wp-block-uagb-image--effect-static wp-block-uagb-image--align-none\"><figure class=\"wp-block-uagb-image__figure\"><a class=\"\" href=\"https:\/\/led.amasly.com\/products\/\" target=\"\" rel=\"noopener\"><img decoding=\"async\" srcset=\"https:\/\/led.amasly.com\/wp-content\/uploads\/2024\/07\/led-tri-proof-light.png ,https:\/\/led.amasly.com\/wp-content\/uploads\/2024\/07\/led-tri-proof-light.png 780w, https:\/\/led.amasly.com\/wp-content\/uploads\/2024\/07\/led-tri-proof-light.png 360w\" sizes=\"auto, (max-width: 480px) 150px\" src=\"https:\/\/led.amasly.com\/wp-content\/uploads\/2024\/07\/led-tri-proof-light.png\" alt=\"\" class=\"uag-image-1130\" width=\"300\" height=\"300\" title=\"led-tri-proof-light\" loading=\"lazy\" role=\"img\"><\/a><\/figure><\/div>\n<\/div>\n\n\n\n<div class=\"wp-block-uagb-container uagb-block-0fdfdd58\">\n<div class=\"wp-block-uagb-image uagb-block-1187d32d wp-block-uagb-image--layout-default wp-block-uagb-image--effect-static wp-block-uagb-image--align-none\"><figure class=\"wp-block-uagb-image__figure\"><a class=\"\" href=\"https:\/\/led.amasly.com\/products\/\" target=\"\" rel=\"noopener\"><img decoding=\"async\" srcset=\"https:\/\/led.amasly.com\/wp-content\/uploads\/2024\/07\/LED-street-light.jpg ,https:\/\/led.amasly.com\/wp-content\/uploads\/2024\/07\/LED-street-light.jpg 780w, https:\/\/led.amasly.com\/wp-content\/uploads\/2024\/07\/LED-street-light.jpg 360w\" sizes=\"auto, (max-width: 480px) 150px\" src=\"https:\/\/led.amasly.com\/wp-content\/uploads\/2024\/07\/LED-street-light.jpg\" alt=\"\" class=\"uag-image-1145\" width=\"300\" height=\"300\" title=\"LED-street-light\" loading=\"lazy\" role=\"img\"><\/a><\/figure><\/div>\n<\/div>\n<\/div><\/div>\n\n\n\n<div class=\"wp-block-uagb-container uagb-block-6a60882c alignfull uagb-is-root-container\"><div class=\"uagb-container-inner-blocks-wrap\">\n<div class=\"wp-block-uagb-container uagb-block-f1e91a35\">\n<h4 class=\"wp-block-heading has-text-align-center\"><a href=\"https:\/\/led.amasly.com\/products\/\">LED Flood Lights<\/a><\/h4>\n<\/div>\n\n\n\n<div class=\"wp-block-uagb-container uagb-block-165bfa58\">\n<h4 class=\"wp-block-heading has-text-align-center\"><a href=\"https:\/\/led.amasly.com\/products\/\">LED Tri-Proof Tube Lights<\/a><\/h4>\n<\/div>\n\n\n\n<div class=\"wp-block-uagb-container uagb-block-f6096e3b\">\n<h4 class=\"wp-block-heading has-text-align-center\"><a href=\"https:\/\/led.amasly.com\/products\/\">LED Street Lights<\/a><\/h4>\n<\/div>\n<\/div><\/div>\n\n\n\n<div class=\"wp-block-uagb-container uagb-block-99c0e0a5 alignfull uagb-is-root-container\"><div class=\"uagb-container-inner-blocks-wrap\"><\/div><\/div>\n\n\n\n<p><\/p>\n","protected":false},"excerpt":{"rendered":"<p>Explosion proof lampu&nbsp;in the substation safety lighting applications First, why substations have to use Explosion proof lampu ? &#8211;Rigid demand for high-risk environments In the substation this kind of high-voltage power equipment, flammable insulating media [such as transformer oil] places, Explosion proof lampu&nbsp;are to protect personnel safety and equipment to stabilize the operation of the [&hellip;]<\/p>\n","protected":false},"author":1,"featured_media":0,"parent":2374,"menu_order":0,"comment_status":"closed","ping_status":"closed","template":"","meta":{"_uag_custom_page_level_css":"","site-sidebar-layout":"no-sidebar","site-content-layout":"","ast-site-content-layout":"default","site-content-style":"default","site-sidebar-style":"default","ast-global-header-display":"","ast-banner-title-visibility":"","ast-main-header-display":"","ast-hfb-above-header-display":"","ast-hfb-below-header-display":"","ast-hfb-mobile-header-display":"","site-post-title":"disabled","ast-breadcrumbs-content":"","ast-featured-img":"","footer-sml-layout":"","ast-disable-related-posts":"","theme-transparent-header-meta":"enabled","adv-header-id-meta":"","stick-header-meta":"","header-above-stick-meta":"","header-main-stick-meta":"","header-below-stick-meta":"","astra-migrate-meta-layouts":"set","ast-page-background-enabled":"default","ast-page-background-meta":{"desktop":{"background-color":"var(--ast-global-color-4)","background-image":"","background-repeat":"repeat","background-position":"center center","background-size":"auto","background-attachment":"scroll","background-type":"","background-media":"","overlay-type":"","overlay-color":"","overlay-opacity":"","overlay-gradient":""},"tablet":{"background-color":"","background-image":"","background-repeat":"repeat","background-position":"center center","background-size":"auto","background-attachment":"scroll","background-type":"","background-media":"","overlay-type":"","overlay-color":"","overlay-opacity":"","overlay-gradient":""},"mobile":{"background-color":"","background-image":"","background-repeat":"repeat","background-position":"center center","background-size":"auto","background-attachment":"scroll","background-type":"","background-media":"","overlay-type":"","overlay-color":"","overlay-opacity":"","overlay-gradient":""}},"ast-content-background-meta":{"desktop":{"background-color":"var(--ast-global-color-5)","background-image":"","background-repeat":"repeat","background-position":"center center","background-size":"auto","background-attachment":"scroll","background-type":"","background-media":"","overlay-type":"","overlay-color":"","overlay-opacity":"","overlay-gradient":""},"tablet":{"background-color":"var(--ast-global-color-5)","background-image":"","background-repeat":"repeat","background-position":"center center","background-size":"auto","background-attachment":"scroll","background-type":"","background-media":"","overlay-type":"","overlay-color":"","overlay-opacity":"","overlay-gradient":""},"mobile":{"background-color":"var(--ast-global-color-5)","background-image":"","background-repeat":"repeat","background-position":"center center","background-size":"auto","background-attachment":"scroll","background-type":"","background-media":"","overlay-type":"","overlay-color":"","overlay-opacity":"","overlay-gradient":""}},"footnotes":""},"class_list":["post-2589","page","type-page","status-publish","hentry"],"uagb_featured_image_src":{"full":false,"thumbnail":false,"medium":false,"medium_large":false,"large":false,"1536x1536":false,"2048x2048":false,"trp-custom-language-flag":false},"uagb_author_info":{"display_name":"Joe","author_link":"https:\/\/led.amasly.com\/sk\/author\/jacklin\/"},"uagb_comment_info":0,"uagb_excerpt":"Explosion proof lampu&nbsp;in the substation safety lighting applications First, why substations have to use Explosion proof lampu ? &#8211;Rigid demand for high-risk environments In the substation this kind of high-voltage power equipment, flammable insulating media [such as transformer oil] places, Explosion proof lampu&nbsp;are to protect personnel safety and equipment to stabilize the operation of the&hellip;","_links":{"self":[{"href":"https:\/\/led.amasly.com\/sk\/wp-json\/wp\/v2\/pages\/2589","targetHints":{"allow":["GET"]}}],"collection":[{"href":"https:\/\/led.amasly.com\/sk\/wp-json\/wp\/v2\/pages"}],"about":[{"href":"https:\/\/led.amasly.com\/sk\/wp-json\/wp\/v2\/types\/page"}],"author":[{"embeddable":true,"href":"https:\/\/led.amasly.com\/sk\/wp-json\/wp\/v2\/users\/1"}],"replies":[{"embeddable":true,"href":"https:\/\/led.amasly.com\/sk\/wp-json\/wp\/v2\/comments?post=2589"}],"version-history":[{"count":2,"href":"https:\/\/led.amasly.com\/sk\/wp-json\/wp\/v2\/pages\/2589\/revisions"}],"predecessor-version":[{"id":4902,"href":"https:\/\/led.amasly.com\/sk\/wp-json\/wp\/v2\/pages\/2589\/revisions\/4902"}],"up":[{"embeddable":true,"href":"https:\/\/led.amasly.com\/sk\/wp-json\/wp\/v2\/pages\/2374"}],"wp:attachment":[{"href":"https:\/\/led.amasly.com\/sk\/wp-json\/wp\/v2\/media?parent=2589"}],"curies":[{"name":"wp","href":"https:\/\/api.w.org\/{rel}","templated":true}]}}