{"id":2506,"date":"2025-03-14T22:51:40","date_gmt":"2025-03-14T14:51:40","guid":{"rendered":"https:\/\/led.amasly.com\/?page_id=2506"},"modified":"2025-03-14T22:51:46","modified_gmt":"2025-03-14T14:51:46","slug":"industrial-120w-explosion-proof-light-application-guide","status":"publish","type":"page","link":"https:\/\/led.amasly.com\/sk\/knowledge\/explosion-proof-products-knowledge\/industrial-120w-explosion-proof-light-application-guide\/","title":{"rendered":"Sprievodca aplik\u00e1ciou priemyseln\u00e9ho 120W nev\u00fdbu\u0161n\u00e9ho svetla"},"content":{"rendered":"\n<div class=\"wp-block-uagb-container uagb-block-27bae773 alignfull uagb-is-root-container\"><div class=\"uagb-container-inner-blocks-wrap\"><\/div><\/div>\n\n\n\n<h2 class=\"wp-block-heading has-text-align-left\"><strong>Industrial <\/strong><strong>120W<\/strong><strong>\u00a0<\/strong><strong>explosion proof<\/strong><strong>\u00a0light application guide<\/strong><\/h2>\n\n\n\n<h2 class=\"wp-block-heading\"><strong>First, why 120W\u00a0explosion proof\u00a0lamp become the first choice for high-risk places?<\/strong><\/h2>\n\n\n\n<div class=\"wp-block-uagb-image uagb-block-69096cae wp-block-uagb-image--layout-default wp-block-uagb-image--effect-static wp-block-uagb-image--align-none\"><figure class=\"wp-block-uagb-image__figure\"><a class=\"\" href=\"https:\/\/led.amasly.com\/products\/\" target=\"\" rel=\"noopener\"><img decoding=\"async\" srcset=\"https:\/\/led.amasly.com\/wp-content\/uploads\/2024\/12\/Explosion-proof-lights.jpg ,https:\/\/led.amasly.com\/wp-content\/uploads\/2024\/12\/Explosion-proof-lights.jpg 780w, https:\/\/led.amasly.com\/wp-content\/uploads\/2024\/12\/Explosion-proof-lights.jpg 360w\" sizes=\"auto, (max-width: 480px) 150px\" src=\"https:\/\/led.amasly.com\/wp-content\/uploads\/2024\/12\/Explosion-proof-lights.jpg\" alt=\"120W explosion proof light\" class=\"uag-image-1600\" width=\"1008\" height=\"341\" title=\"120W explosion proof light\" loading=\"lazy\" role=\"img\"\/><\/a><\/figure><\/div>\n\n\n\n<h3 class=\"wp-block-heading\"><strong>1.1 <\/strong><strong>explosion proof<\/strong><strong>&nbsp;grade and the golden balance of power<\/strong><strong><\/strong><\/h3>\n\n\n\n<p>120W\u00a0explosion proof\u00a0lamp with IP66 protection grade, <a href=\"http:\/\/www.iecex-certs.com\/\" rel=\"nofollow noopener\" target=\"_blank\">Ex d IIC T6<\/a> explosion proof\u00a0certification, in the power output and safety performance to achieve a perfect balance. Compared with the traditional 80W lamps and lanterns, the brightness is increased by 37% while maintaining a compact structure, which is especially suitable for oil drilling platforms, chemical plants and other hazardous areas where there are class IIA-IIC explosive gases.<\/p>\n\n\n\n<h3 class=\"wp-block-heading\"><strong>1.2 Intelligent temperature control system technology breakthrough<\/strong><strong><\/strong><\/h3>\n\n\n\n<p>Adopting aviation-grade aluminum alloy heat sink with nano thermal conductive coating, the core temperature is 15\u2103 lower than similar products. Innovative air duct design makes the 120W&nbsp;explosion proof&nbsp;lamp still maintain stable output in the extreme environment of -40\u2103~+55\u2103, and the failure rate is reduced to 0.3%\/year.<\/p>\n\n\n\n<h2 class=\"wp-block-heading\"><strong>Second, Amasly <\/strong><strong>120W<\/strong><strong>&nbsp;<\/strong><strong>explosion proof<\/strong><strong>&nbsp;light advantages analysis<\/strong><strong><\/strong><\/h2>\n\n\n\n<h3 class=\"wp-block-heading\"><strong>2.1 Ultra-long operating life design<\/strong><strong><\/strong><\/h3>\n\n\n\n<p>Configuration of industrial-grade LED chip [L70&gt;100,000 hours] and anti-sulfuration drive power supply, effectively avoiding the traditional lamps and lanterns due to sulfide corrosion caused by premature failure. Actual cases show that the maintenance cycle of an offshore platform has been extended from 6 months to 3 years after using this product.<\/p>\n\n\n\n<h3 class=\"wp-block-heading\"><strong>2.2 Energy saving performance and cost comparison<\/strong><strong><\/strong><\/h3>\n\n\n\n<p>Measured data show that: 120W&nbsp;explosion proof&nbsp;lamp compared to 250W metal halide lamp energy saving 58%, according to the daily 18 hours of operation, a single annual savings of electricity over<\/p>\n\n\n\n<h2 class=\"wp-block-heading\"><strong>Third, the purchase guide: how to choose the appropriate <\/strong><strong>120W<\/strong><strong>&nbsp;<\/strong><strong>explosion proof<\/strong><strong>&nbsp;lamp?<\/strong><strong><\/strong><\/h2>\n\n\n\n<h3 class=\"wp-block-heading\"><strong>3.1 Environmental suitability assessment matrix<\/strong><strong><\/strong><\/h3>\n\n\n\n<h4 class=\"wp-block-heading\"><strong>Application Scenarios<\/strong><strong><\/strong><\/h4>\n\n\n\n<p>Offshore drilling platform: advocating the configuration with surge protection, 316 stainless steel shell, protection requirements IP68, anti-salt spray 2000h<\/p>\n\n\n\n<p>Grain storage: advocating the configuration of dust-proof type + explosion proof&nbsp;grade Ex tD, protection requirements of anti-dust ignition design.<\/p>\n\n\n\n<p>Chemical plant reaction area: advocating the configuration of strong acid-resistant, emergency lighting module, protection requirements T6 temperature group certification.<\/p>\n\n\n\n<h3 class=\"wp-block-heading\"><strong>3.2 Optical parameters matching formula<\/strong><strong><\/strong><\/h3>\n\n\n\n<p>Lighting area [\u33a1] = total luminous flux [lm] \u00d7 utilization factor [0.6-0.8] \u00f7 intentional illumination [lx].<\/p>\n\n\n\n<p>120W&nbsp;explosion proof&nbsp;lamp 14,000lm output, for example, can meet the 200 square meters area of 150lx national standard requirements.<\/p>\n\n\n\n<h2 class=\"wp-block-heading\"><strong>Fourth, <\/strong><strong>120W<\/strong><strong>&nbsp;<\/strong><strong>explosion proof<\/strong><strong>&nbsp;light installation and maintenance of the Golden Rule<\/strong><strong><\/strong><\/h2>\n\n\n\n<h3 class=\"wp-block-heading\"><strong>4.1 Three-stage installation quality control<\/strong><strong><\/strong><\/h3>\n\n\n\n<p>Pre-installation testing: the use of megohmmeter measurement of insulation resistance \u2265 50M\u03a9<\/p>\n\n\n\n<p>Wiring specifications: explosion proof&nbsp;flexible pipe bending radius \u2265 5 times the diameter of the pipe<\/p>\n\n\n\n<p>Gas tightness test: 0.15MPa pressure maintains no leakage for 30 minutes.<\/p>\n\n\n\n<h3 class=\"wp-block-heading\"><strong>4.2 Preventive maintenance schedule<\/strong><strong><\/strong><\/h3>\n\n\n\n<p>Monthly: clean the cooling fins, check the cable sealing sleeve<\/p>\n\n\n\n<p>Yearly: test the emergency power supply continuity, calibrate the illuminance value<\/p>\n\n\n\n<h2 class=\"wp-block-heading\"><strong>Fifth<\/strong><strong>. In-depth case: an oilfield <\/strong><strong>120W<\/strong><strong>&nbsp;<\/strong><strong>explosion proof<\/strong><strong>&nbsp;lamp transformation project full record<\/strong><strong><\/strong><\/h2>\n\n\n\n<h3 class=\"wp-block-heading\"><strong>5.1 Project background<\/strong><strong><\/strong><\/h3>\n\n\n\n<p>Original lighting problem: 250W mercury lamp stroboscopic serious, annual failure rate of 42%<\/p>\n\n\n\n<p>Transformation intention: illumination increased to 150lx, energy consumption reduced by 50%.<\/p>\n\n\n\n<h3 class=\"wp-block-heading\"><strong>5.2 Implementation Program<\/strong><strong><\/strong><\/h3>\n\n\n\n<p>Deployment program: install 218 intelligent 120W&nbsp;explosion proof&nbsp;lamps [including microwave sensor module].<\/p>\n\n\n\n<p>Intelligent system: access to SCADA system to implement remote control<\/p>\n\n\n\n<p>Emergency configuration: 30% of the lamps and lanterns equipped with 120 minutes UPS power supply<\/p>\n\n\n\n<h2 class=\"wp-block-heading\"><strong>Six<\/strong><strong>th<\/strong><strong>, 2025 <\/strong><strong>120W<\/strong><strong>&nbsp;<\/strong><strong>explosion proof<\/strong><strong>&nbsp;lamp technology momentum forward-looking<\/strong><strong><\/strong><\/h2>\n\n\n\n<h3 class=\"wp-block-heading\"><strong>6.1 Material innovation direction<\/strong><strong><\/strong><\/h3>\n\n\n\n<p>Aerospace-grade magnesium alloy applications: 40% weight reduction of lamps and lanterns<\/p>\n\n\n\n<p>Self-cleaning nano-coating: 3 times longer maintenance cycle<\/p>\n\n\n\n<h3 class=\"wp-block-heading\"><strong>6.2 Intelligent upgrade path<\/strong><strong><\/strong><\/h3>\n\n\n\n<p>5G+edge computing: implement millisecond failure warning<\/p>\n\n\n\n<p>Digital twin system: virtual scene illumination simulation<\/p>\n\n\n\n<h3 class=\"wp-block-heading\"><strong>6.3 New Energy Adaptation Program<\/strong><strong><\/strong><\/h3>\n\n\n\n<p>DC 120W&nbsp;explosion proof&nbsp;lamp: adapted to photovoltaic energy storage system<\/p>\n\n\n\n<p>Hydrogen energy explosion proof&nbsp;design: to meet the needs of new energy facilities<\/p>\n\n\n\n<h2 class=\"wp-block-heading\"><strong>Seven<\/strong><strong>th<\/strong><strong>, <\/strong><strong>120W<\/strong><strong>&nbsp;<\/strong><strong>explosion proof<\/strong><strong>&nbsp;lamp FAQ: the most concerned about the application of the eight problems<\/strong><strong><\/strong><\/h2>\n\n\n\n<p>Q1: Difference with ordinary LED lights?<\/p>\n\n\n\n<p>A: Using explosion proof&nbsp;shell + explosion proof&nbsp;seam design, the cost is 30% higher but the safety is improved by 5 times.<\/p>\n\n\n\n<p>Q2: Is the life affected by high temperature?<\/p>\n\n\n\n<p>A: High-quality products can still maintain 50,000 hours of life under the environment of -40\u2103~+60\u2103.<\/p>\n\n\n\n<p>Q3: How to determine the authenticity of explosion proof&nbsp;certification?<\/p>\n\n\n\n<p>A: Check the seal of explosion proof&nbsp;mark [such as Ex d IIB T6] and check the record number of the national explosion proof&nbsp;certification network.<\/p>\n\n\n\n<p>Q4\uff1aCan it be compatible with intelligent control system?<\/p>\n\n\n\n<p class=\"has-text-align-left\">A: Support DALI\/0-10V dimming protocol, some models can be connected to the industrial Internet of Things platform.<\/p>\n\n\n\n<div class=\"wp-block-uagb-container uagb-block-c7d898dd alignfull uagb-is-root-container\"><div class=\"uagb-container-inner-blocks-wrap\"><\/div><\/div>\n\n\n\n<h2 class=\"wp-block-heading\">Related Products<\/h2>\n\n\n\n<div class=\"wp-block-uagb-container uagb-block-66e4defc alignfull uagb-is-root-container\"><div class=\"uagb-container-inner-blocks-wrap\">\n<div class=\"wp-block-uagb-container uagb-block-a42945f9\">\n<div class=\"wp-block-uagb-image uagb-block-7296296b wp-block-uagb-image--layout-default wp-block-uagb-image--effect-static wp-block-uagb-image--align-none\"><figure class=\"wp-block-uagb-image__figure\"><a class=\"\" href=\"https:\/\/led.amasly.com\/products\/\" target=\"\" rel=\"noopener\"><img decoding=\"async\" srcset=\"https:\/\/led.amasly.com\/wp-content\/uploads\/2024\/09\/Explosion-proof-high-bay-lights.png ,https:\/\/led.amasly.com\/wp-content\/uploads\/2024\/09\/Explosion-proof-high-bay-lights.png 780w, https:\/\/led.amasly.com\/wp-content\/uploads\/2024\/09\/Explosion-proof-high-bay-lights.png 360w\" sizes=\"auto, (max-width: 480px) 150px\" src=\"https:\/\/led.amasly.com\/wp-content\/uploads\/2024\/09\/Explosion-proof-high-bay-lights.png\" alt=\"\" class=\"uag-image-1495\" width=\"300\" height=\"300\" title=\"Explosion proof high bay lights\" loading=\"lazy\" role=\"img\"><\/a><\/figure><\/div>\n<\/div>\n\n\n\n<div class=\"wp-block-uagb-container uagb-block-4d3efde5\">\n<div class=\"wp-block-uagb-image uagb-block-c9e90797 wp-block-uagb-image--layout-default wp-block-uagb-image--effect-static wp-block-uagb-image--align-none\"><figure class=\"wp-block-uagb-image__figure\"><a class=\"\" href=\"https:\/\/led.amasly.com\/products\/\" target=\"\" rel=\"noopener\"><img decoding=\"async\" srcset=\"https:\/\/led.amasly.com\/wp-content\/uploads\/2024\/07\/LED-tri-proof-lights2.png ,https:\/\/led.amasly.com\/wp-content\/uploads\/2024\/07\/LED-tri-proof-lights2.png 780w, https:\/\/led.amasly.com\/wp-content\/uploads\/2024\/07\/LED-tri-proof-lights2.png 360w\" sizes=\"auto, (max-width: 480px) 150px\" src=\"https:\/\/led.amasly.com\/wp-content\/uploads\/2024\/07\/LED-tri-proof-lights2.png\" alt=\"\" class=\"uag-image-1132\" width=\"300\" height=\"300\" title=\"LED-tri-proof-lights2\" loading=\"lazy\" role=\"img\"><\/a><\/figure><\/div>\n<\/div>\n\n\n\n<div class=\"wp-block-uagb-container uagb-block-11c2578b\">\n<div class=\"wp-block-uagb-image uagb-block-6e8883aa wp-block-uagb-image--layout-default wp-block-uagb-image--effect-static wp-block-uagb-image--align-none\"><figure class=\"wp-block-uagb-image__figure\"><a class=\"\" href=\"https:\/\/led.amasly.com\/products\/\" target=\"\" rel=\"noopener\"><img decoding=\"async\" srcset=\"https:\/\/led.amasly.com\/wp-content\/uploads\/2024\/09\/LED-Explosion-Proof-Gas-Station-Light.png ,https:\/\/led.amasly.com\/wp-content\/uploads\/2024\/09\/LED-Explosion-Proof-Gas-Station-Light.png 780w, https:\/\/led.amasly.com\/wp-content\/uploads\/2024\/09\/LED-Explosion-Proof-Gas-Station-Light.png 360w\" sizes=\"auto, (max-width: 480px) 150px\" src=\"https:\/\/led.amasly.com\/wp-content\/uploads\/2024\/09\/LED-Explosion-Proof-Gas-Station-Light.png\" alt=\"\" class=\"uag-image-1501\" width=\"300\" height=\"300\" title=\"LED Explosion Proof Gas Station Light\" loading=\"lazy\" role=\"img\"><\/a><\/figure><\/div>\n<\/div>\n<\/div><\/div>\n\n\n\n<div class=\"wp-block-uagb-container uagb-block-548945b5 alignfull uagb-is-root-container\"><div class=\"uagb-container-inner-blocks-wrap\">\n<div class=\"wp-block-uagb-container uagb-block-967755d5\">\n<h4 class=\"wp-block-heading has-text-align-center\"><a href=\"https:\/\/led.amasly.com\/products\/\">LED Explosion Proof Lights<\/a><\/h4>\n<\/div>\n\n\n\n<div class=\"wp-block-uagb-container uagb-block-9bc52fc2\">\n<h4 class=\"wp-block-heading has-text-align-center\"><a href=\"https:\/\/led.amasly.com\/products\/\">LED Tri-Proof Lights<\/a><\/h4>\n<\/div>\n\n\n\n<div class=\"wp-block-uagb-container uagb-block-8ffa0a23\">\n<h4 class=\"wp-block-heading has-text-align-center\"><a href=\"https:\/\/led.amasly.com\/products\/\">Explosion Proof Gas Station Lights<\/a><\/h4>\n<\/div>\n<\/div><\/div>\n\n\n\n<div class=\"wp-block-uagb-container uagb-block-29499fe0 alignfull uagb-is-root-container\"><div class=\"uagb-container-inner-blocks-wrap\">\n<div class=\"wp-block-uagb-container uagb-block-777ee1c7\">\n<div class=\"wp-block-uagb-image uagb-block-2e9a1851 wp-block-uagb-image--layout-default wp-block-uagb-image--effect-static wp-block-uagb-image--align-none\"><figure class=\"wp-block-uagb-image__figure\"><a class=\"\" href=\"https:\/\/led.amasly.com\/products\/\" target=\"\" rel=\"noopener\"><img decoding=\"async\" srcset=\"https:\/\/led.amasly.com\/wp-content\/uploads\/2024\/10\/50W-100W-150W-200W-300W-LED-Flood-Light.jpg ,https:\/\/led.amasly.com\/wp-content\/uploads\/2024\/10\/50W-100W-150W-200W-300W-LED-Flood-Light.jpg 780w, https:\/\/led.amasly.com\/wp-content\/uploads\/2024\/10\/50W-100W-150W-200W-300W-LED-Flood-Light.jpg 360w\" sizes=\"auto, (max-width: 480px) 150px\" src=\"https:\/\/led.amasly.com\/wp-content\/uploads\/2024\/10\/50W-100W-150W-200W-300W-LED-Flood-Light.jpg\" alt=\"\" class=\"uag-image-1526\" width=\"300\" height=\"300\" title=\"50W 100W 150W 200W 300W LED Flood Light\" loading=\"lazy\" role=\"img\"><\/a><\/figure><\/div>\n<\/div>\n\n\n\n<div class=\"wp-block-uagb-container uagb-block-af8c8683\">\n<div class=\"wp-block-uagb-image uagb-block-67947854 wp-block-uagb-image--layout-default wp-block-uagb-image--effect-static wp-block-uagb-image--align-none\"><figure class=\"wp-block-uagb-image__figure\"><a class=\"\" href=\"https:\/\/led.amasly.com\/products\/\" target=\"\" rel=\"noopener\"><img decoding=\"async\" srcset=\"https:\/\/led.amasly.com\/wp-content\/uploads\/2024\/07\/led-tri-proof-light.png ,https:\/\/led.amasly.com\/wp-content\/uploads\/2024\/07\/led-tri-proof-light.png 780w, https:\/\/led.amasly.com\/wp-content\/uploads\/2024\/07\/led-tri-proof-light.png 360w\" sizes=\"auto, (max-width: 480px) 150px\" src=\"https:\/\/led.amasly.com\/wp-content\/uploads\/2024\/07\/led-tri-proof-light.png\" alt=\"\" class=\"uag-image-1130\" width=\"300\" height=\"300\" title=\"led-tri-proof-light\" loading=\"lazy\" role=\"img\"><\/a><\/figure><\/div>\n<\/div>\n\n\n\n<div class=\"wp-block-uagb-container uagb-block-0fdfdd58\">\n<div class=\"wp-block-uagb-image uagb-block-1187d32d wp-block-uagb-image--layout-default wp-block-uagb-image--effect-static wp-block-uagb-image--align-none\"><figure class=\"wp-block-uagb-image__figure\"><a class=\"\" href=\"https:\/\/led.amasly.com\/products\/\" target=\"\" rel=\"noopener\"><img decoding=\"async\" srcset=\"https:\/\/led.amasly.com\/wp-content\/uploads\/2024\/07\/LED-street-light.jpg ,https:\/\/led.amasly.com\/wp-content\/uploads\/2024\/07\/LED-street-light.jpg 780w, https:\/\/led.amasly.com\/wp-content\/uploads\/2024\/07\/LED-street-light.jpg 360w\" sizes=\"auto, (max-width: 480px) 150px\" src=\"https:\/\/led.amasly.com\/wp-content\/uploads\/2024\/07\/LED-street-light.jpg\" alt=\"\" class=\"uag-image-1145\" width=\"300\" height=\"300\" title=\"LED-street-light\" loading=\"lazy\" role=\"img\"><\/a><\/figure><\/div>\n<\/div>\n<\/div><\/div>\n\n\n\n<div class=\"wp-block-uagb-container uagb-block-6a60882c alignfull uagb-is-root-container\"><div class=\"uagb-container-inner-blocks-wrap\">\n<div class=\"wp-block-uagb-container uagb-block-f1e91a35\">\n<h4 class=\"wp-block-heading has-text-align-center\"><a href=\"https:\/\/led.amasly.com\/products\/\">LED Flood Lights<\/a><\/h4>\n<\/div>\n\n\n\n<div class=\"wp-block-uagb-container uagb-block-165bfa58\">\n<h4 class=\"wp-block-heading has-text-align-center\"><a href=\"https:\/\/led.amasly.com\/products\/\">LED Tri-Proof Tube Lights<\/a><\/h4>\n<\/div>\n\n\n\n<div class=\"wp-block-uagb-container uagb-block-f6096e3b\">\n<h4 class=\"wp-block-heading has-text-align-center\"><a href=\"https:\/\/led.amasly.com\/products\/\">LED Street Lights<\/a><\/h4>\n<\/div>\n<\/div><\/div>\n\n\n\n<div class=\"wp-block-uagb-container uagb-block-99c0e0a5 alignfull uagb-is-root-container\"><div class=\"uagb-container-inner-blocks-wrap\"><\/div><\/div>\n\n\n\n<p><\/p>\n","protected":false},"excerpt":{"rendered":"<p>Industrial 120W\u00a0explosion proof\u00a0light application guide First, why 120W\u00a0explosion proof\u00a0lamp become the first choice for high-risk places? 1.1 explosion proof&nbsp;grade and the golden balance of power 120W\u00a0explosion proof\u00a0lamp with IP66 protection grade, Ex d IIC T6 explosion proof\u00a0certification, in the power output and safety performance to achieve a perfect balance. Compared with the traditional 80W lamps [&hellip;]<\/p>\n","protected":false},"author":1,"featured_media":0,"parent":2374,"menu_order":0,"comment_status":"closed","ping_status":"closed","template":"","meta":{"_uag_custom_page_level_css":"","site-sidebar-layout":"no-sidebar","site-content-layout":"","ast-site-content-layout":"default","site-content-style":"default","site-sidebar-style":"default","ast-global-header-display":"","ast-banner-title-visibility":"","ast-main-header-display":"","ast-hfb-above-header-display":"","ast-hfb-below-header-display":"","ast-hfb-mobile-header-display":"","site-post-title":"disabled","ast-breadcrumbs-content":"","ast-featured-img":"","footer-sml-layout":"","ast-disable-related-posts":"","theme-transparent-header-meta":"enabled","adv-header-id-meta":"","stick-header-meta":"","header-above-stick-meta":"","header-main-stick-meta":"","header-below-stick-meta":"","astra-migrate-meta-layouts":"set","ast-page-background-enabled":"default","ast-page-background-meta":{"desktop":{"background-color":"var(--ast-global-color-4)","background-image":"","background-repeat":"repeat","background-position":"center center","background-size":"auto","background-attachment":"scroll","background-type":"","background-media":"","overlay-type":"","overlay-color":"","overlay-opacity":"","overlay-gradient":""},"tablet":{"background-color":"","background-image":"","background-repeat":"repeat","background-position":"center center","background-size":"auto","background-attachment":"scroll","background-type":"","background-media":"","overlay-type":"","overlay-color":"","overlay-opacity":"","overlay-gradient":""},"mobile":{"background-color":"","background-image":"","background-repeat":"repeat","background-position":"center center","background-size":"auto","background-attachment":"scroll","background-type":"","background-media":"","overlay-type":"","overlay-color":"","overlay-opacity":"","overlay-gradient":""}},"ast-content-background-meta":{"desktop":{"background-color":"var(--ast-global-color-5)","background-image":"","background-repeat":"repeat","background-position":"center center","background-size":"auto","background-attachment":"scroll","background-type":"","background-media":"","overlay-type":"","overlay-color":"","overlay-opacity":"","overlay-gradient":""},"tablet":{"background-color":"var(--ast-global-color-5)","background-image":"","background-repeat":"repeat","background-position":"center center","background-size":"auto","background-attachment":"scroll","background-type":"","background-media":"","overlay-type":"","overlay-color":"","overlay-opacity":"","overlay-gradient":""},"mobile":{"background-color":"var(--ast-global-color-5)","background-image":"","background-repeat":"repeat","background-position":"center center","background-size":"auto","background-attachment":"scroll","background-type":"","background-media":"","overlay-type":"","overlay-color":"","overlay-opacity":"","overlay-gradient":""}},"footnotes":""},"class_list":["post-2506","page","type-page","status-publish","hentry"],"uagb_featured_image_src":{"full":false,"thumbnail":false,"medium":false,"medium_large":false,"large":false,"1536x1536":false,"2048x2048":false,"trp-custom-language-flag":false},"uagb_author_info":{"display_name":"Joe","author_link":"https:\/\/led.amasly.com\/sk\/author\/jacklin\/"},"uagb_comment_info":0,"uagb_excerpt":"Industrial 120W\u00a0explosion proof\u00a0light application guide First, why 120W\u00a0explosion proof\u00a0lamp become the first choice for high-risk places? 1.1 explosion proof&nbsp;grade and the golden balance of power 120W\u00a0explosion proof\u00a0lamp with IP66 protection grade, Ex d IIC T6 explosion proof\u00a0certification, in the power output and safety performance to achieve a perfect balance. Compared with the traditional 80W lamps&hellip;","_links":{"self":[{"href":"https:\/\/led.amasly.com\/sk\/wp-json\/wp\/v2\/pages\/2506","targetHints":{"allow":["GET"]}}],"collection":[{"href":"https:\/\/led.amasly.com\/sk\/wp-json\/wp\/v2\/pages"}],"about":[{"href":"https:\/\/led.amasly.com\/sk\/wp-json\/wp\/v2\/types\/page"}],"author":[{"embeddable":true,"href":"https:\/\/led.amasly.com\/sk\/wp-json\/wp\/v2\/users\/1"}],"replies":[{"embeddable":true,"href":"https:\/\/led.amasly.com\/sk\/wp-json\/wp\/v2\/comments?post=2506"}],"version-history":[{"count":1,"href":"https:\/\/led.amasly.com\/sk\/wp-json\/wp\/v2\/pages\/2506\/revisions"}],"predecessor-version":[{"id":2513,"href":"https:\/\/led.amasly.com\/sk\/wp-json\/wp\/v2\/pages\/2506\/revisions\/2513"}],"up":[{"embeddable":true,"href":"https:\/\/led.amasly.com\/sk\/wp-json\/wp\/v2\/pages\/2374"}],"wp:attachment":[{"href":"https:\/\/led.amasly.com\/sk\/wp-json\/wp\/v2\/media?parent=2506"}],"curies":[{"name":"wp","href":"https:\/\/api.w.org\/{rel}","templated":true}]}}