{"id":2308,"date":"2025-03-07T19:54:43","date_gmt":"2025-03-07T11:54:43","guid":{"rendered":"https:\/\/led.amasly.com\/?page_id=2308"},"modified":"2026-01-22T13:38:28","modified_gmt":"2026-01-22T05:38:28","slug":"tunnel-intelligent-lighting-solution","status":"publish","type":"page","link":"https:\/\/led.amasly.com\/sk\/solutions\/tunnel-intelligent-lighting-solution\/","title":{"rendered":"Rie\u0161enie inteligentn\u00e9ho osvetlenia tunela"},"content":{"rendered":"<div class=\"wp-block-uagb-container uagb-block-27bae773 alignfull uagb-is-root-container\"><div class=\"uagb-container-inner-blocks-wrap\"><\/div><\/div>\n\n\n\n<h1 class=\"wp-block-heading has-text-align-center\">Rie\u0161enie inteligentn\u00e9ho osvetlenia tunela<\/h1>\n\n\n\n<h2 class=\"wp-block-heading\">Rie\u0161enie inteligentn\u00e9ho osvetlenia tunela Predstavujeme:<\/h2>\n\n\n\n<p>V modernej mestskej v\u00fdstavbe s\u00fa tunely d\u00f4le\u017eit\u00fdm kan\u00e1lom sp\u00e1jaj\u00facim r\u00f4zne oblasti mesta, n\u00e1vrh a prev\u00e1dzka ich osvet\u013eovacieho syst\u00e9mu nes\u00favis\u00ed len s bezpe\u010dnos\u0165ou dopravy, ale m\u00e1 aj priamy vplyv na efekt\u00edvne vyu\u017e\u00edvanie energie a ochranu \u017eivotn\u00e9ho prostredia. S pokrokom vedy a techniky a prehlbovan\u00edm ekologickej koncepcie sa v tomto odvetv\u00ed dost\u00e1vaj\u00fa do popredia rie\u0161enia riadenia energeticky \u00fasporn\u00e9ho osvetlenia tunelov. V tomto \u010dl\u00e1nku budeme analyzova\u0165 dopyt po osvetlen\u00ed tunelov, uplat\u0148ovanie energeticky \u00fasporn\u00fdch technol\u00f3gi\u00ed, inteligentn\u00e9 strat\u00e9gie riadenia a ich \u00fa\u010dinky na implement\u00e1ciu, h\u013abkov\u00fa diskusiu o programe komplexn\u00e9ho n\u00e1vrhu a praxe energeticky \u00fasporn\u00e9ho riadenia osvetlenia tunelov.<\/p>\n\n\n\n<div class=\"wp-block-uagb-image uagb-block-3e64c453 wp-block-uagb-image--layout-default wp-block-uagb-image--effect-static wp-block-uagb-image--align-none\"><figure class=\"wp-block-uagb-image__figure\"><img decoding=\"async\" srcset=\"https:\/\/led.amasly.com\/wp-content\/uploads\/2025\/03\/tunnel-lighting1.png ,https:\/\/led.amasly.com\/wp-content\/uploads\/2025\/03\/tunnel-lighting1.png 780w, https:\/\/led.amasly.com\/wp-content\/uploads\/2025\/03\/tunnel-lighting1.png 360w\" sizes=\"auto, (max-width: 480px) 150px\" src=\"https:\/\/led.amasly.com\/wp-content\/uploads\/2025\/03\/tunnel-lighting1.png\" alt=\"Tunnel Intelligent Lighting Solution\" class=\"uag-image-2309\" width=\"760\" height=\"478\" title=\"Rie\u0161enie inteligentn\u00e9ho osvetlenia tunela\" loading=\"lazy\" role=\"img\"\/><\/figure><\/div>\n\n\n\n<h2 class=\"wp-block-heading\"><strong>Prv\u00e9 rie\u0161enie inteligentn\u00e9ho osvetlenia tunela<\/strong>: <strong>anal\u00fdza dopytu po osvetlen\u00ed tunela<\/strong><\/h2>\n\n\n\n<p>Pri n\u00e1vrhu osvetlenia tunela sa mus\u00ed v plnej miere zoh\u013eadni\u0165 bezpe\u010dnos\u0165 cestnej prem\u00e1vky a vizu\u00e1lny komfort vodi\u010da. Vo v\u0161eobecnosti mo\u017eno osvetlenie tunela rozdeli\u0165 na \u0161tyri \u010dasti: vstupn\u00fd \u00fasek, prechodov\u00fd \u00fasek, stredn\u00fd \u00fasek a v\u00fdstupn\u00fd \u00fasek, z ktor\u00fdch ka\u017ed\u00e1 m\u00e1 in\u00e9 po\u017eiadavky na osvetlenie. <\/p>\n\n\n\n<p>Vstupn\u00e1 \u010das\u0165 si vy\u017eaduje vysok\u00fd jas osvetlenia, aby sa zn\u00ed\u017eil \u201cefekt \u010diernej diery\u201d, prechodn\u00e1 \u010das\u0165 mus\u00ed postupne zni\u017eova\u0165 jas, aby sa prisp\u00f4sobila zmen\u00e1m vonkaj\u0161ieho svetla, stredn\u00e1 \u010das\u0165 si udr\u017eiava mierny jas, aby sa zabezpe\u010dila bezpe\u010dnos\u0165 jazdy, a v\u00fdstupn\u00e1 \u010das\u0165 mus\u00ed zabr\u00e1ni\u0165 \u201cefektu bielej diery\u201d n\u00e1hlej stimul\u00e1cie zraku vodi\u010da. Okrem toho existuje v\u00fdrazn\u00fd rozdiel medzi po\u017eiadavkami na no\u010dn\u00e9 a denn\u00e9 osvetlenie, ktor\u00e9 je potrebn\u00e9 flexibilne upravova\u0165 prostredn\u00edctvom inteligentn\u00e9ho riadiaceho syst\u00e9mu.<\/p>\n\n\n\n<h2 class=\"wp-block-heading\"><strong>Druh\u00fd, <strong>Rie\u0161enie inteligentn\u00e9ho osvetlenia tunela<\/strong>: uplat\u0148ovanie energeticky \u00fasporn\u00fdch technol\u00f3gi\u00ed<\/strong><\/h2>\n\n\n\n<h3 class=\"wp-block-heading\"><strong>1. Technol\u00f3gia LED osvetlenia<\/strong><strong><\/strong><\/h3>\n\n\n\n<p>&nbsp;&nbsp;&nbsp;&nbsp;LED (Light Emitting Diode - sveteln\u00e1 di\u00f3da) ako sveteln\u00fd zdroj novej gener\u00e1cie s vysokou \u00fa\u010dinnos\u0165ou, dlhou \u017eivotnos\u0165ou, ochranou \u017eivotn\u00e9ho prostredia a \u00fasporou energie sa \u0161iroko vyu\u017e\u00edva pri osvetlen\u00ed tunelov. V porovnan\u00ed s tradi\u010dn\u00fdmi vysokotlakov\u00fdmi sod\u00edkov\u00fdmi v\u00fdbojkami a halogenidov\u00fdmi v\u00fdbojkami maj\u00fa LED lampy vy\u0161\u0161iu energetick\u00fa \u00fa\u010dinnos\u0165, ni\u017e\u0161iu spotrebu energie a lep\u0161iu kvalitu svetla, \u010do m\u00f4\u017ee \u00fa\u010dinne zlep\u0161i\u0165 kvalitu osvetlenia tunelov.<\/p>\n\n\n\n<h3 class=\"wp-block-heading\"><strong>2. Inteligentn\u00e1 technol\u00f3gia stmievania<\/strong><strong><\/strong><\/h3>\n\n\n\n<p>&nbsp;&nbsp;&nbsp;&nbsp;Inteligentn\u00e1 technol\u00f3gia stmievania na z\u00e1klade sn\u00edmania intenzity svetla vo vn\u00fatri a mimo tunela, dopravn\u00e9ho toku, r\u00fdchlosti a \u010fal\u0161\u00edch inform\u00e1ci\u00ed automaticky upravuje jas osvetlenia tunela v ka\u017edej oblasti. Po\u010das riedkej prem\u00e1vky alebo mimo no\u010dnej \u0161pi\u010dky mo\u017eno jas osvetlenia primerane zn\u00ed\u017ei\u0165, aby sa dosiahla \u00faspora energie; zatia\u013e \u010do pri hustej prem\u00e1vke alebo zl\u00fdch poveternostn\u00fdch podmienkach mo\u017eno jas osvetlenia zv\u00fd\u0161i\u0165, aby sa zabezpe\u010dila bezpe\u010dnos\u0165 jazdy.<\/p>\n\n\n\n<h3 class=\"wp-block-heading\"><strong>3. Fotovoltaick\u00e9 syst\u00e9my a syst\u00e9my skladovania energie<\/strong><strong><\/strong><\/h3>\n\n\n\n<p>&nbsp;&nbsp;&nbsp;&nbsp;Ak to podmienky dovo\u013euj\u00fa, na vrchole alebo v okol\u00ed tunela sa m\u00f4\u017eu nain\u0161talova\u0165 fotovoltaick\u00e9 panely, ktor\u00e9 premie\u0148aj\u00fa slne\u010dn\u00fa energiu na elektrick\u00fa energiu a poskytuj\u00fa ekologick\u00fa energiu pre syst\u00e9m osvetlenia tunela. Z\u00e1rove\u0148 so syst\u00e9mom skladovania energie, ke\u010f svetlo nesta\u010d\u00ed na uvo\u013enenie uskladnenej elektrickej energie, realizova\u0165 efekt\u00edvne vyu\u017eitie energie a sebesta\u010dnos\u0165.<\/p>\n\n\n\n<p>Skri\u0148a na ovl\u00e1danie osvetlenia tunela vyu\u017e\u00edva inteligentn\u00fd syst\u00e9m stmievania, programov\u00fd dizajn, stabiln\u00e9 a na po\u017eiadanie realizovate\u013en\u00e9 ovl\u00e1danie, syst\u00e9m pozost\u00e1va z riadiacej skrine na stmievanie osvetlenia, inteligentn\u00e9ho pohonu, l\u00e1mp a svietidiel, syst\u00e9mov\u00e9ho softv\u00e9ru, sn\u00edma\u010da posunu svetla, rozdelen\u00e9ho na roz\u0161\u00edren\u00e9 osvetlenie, z\u00e1kladn\u00e9 osvetlenie, dva typy.<\/p>\n\n\n\n<h3 class=\"wp-block-heading\"><strong>Vlastnosti produktu.<\/strong><strong><\/strong><\/h3>\n\n\n\n<p>1, \u00fa\u010dinok \u00faspory energie je pozoruhodn\u00fd, miera \u00faspory energie 20%, \u017eivotnos\u0165 a\u017e 20 rokov alebo viac.<\/p>\n\n\n\n<p>2, navrhovan\u00fd tunelov\u00fd senzor, \u010dasov\u00e9 riadenie stmievania, zber spotreby energie, anal\u00fdza spotreby energie<\/p>\n\n\n\n<p>3\u3001V\u00fdrobky s funkciou automatick\u00e9ho bypassu, akon\u00e1hle sa vyskytne prek\u00e1\u017eka pri v\u00fdu\u010dbe, m\u00f4\u017eu by\u0165 automaticky ob\u00edden\u00e9 na nap\u00e1janie zo siete.<\/p>\n\n\n\n<p>4, vysok\u00fd stupe\u0148 inteligentn\u00e9ho ovl\u00e1dania: v\u00fdrobok m\u00e1 funkciu programov\u00e9ho ovl\u00e1dania, pou\u017e\u00edvate\u013e si m\u00f4\u017ee nastavi\u0165 vlastn\u00fd \u010das prepnutia na r\u00f4zne \u00farovne \u00faspory energie, ale aj nastavi\u0165 vlastn\u00fd \u010das zapnutia svetiel.<\/p>\n\n\n\n<p>5, dlhodob\u00e1 bez\u00fadr\u017ebovos\u0165: skrinka osvet\u013eovacej sekcie s pou\u017eit\u00edm modernej technol\u00f3gie, v\u00fdber vysokokvalitn\u00fdch zariaden\u00ed, implement\u00e1cia optimalizovan\u00fdch procesov a pr\u00edsne testovanie kvality, v\u00fdrobok m\u00f4\u017ee by\u0165 v r\u00f4znych drsn\u00fdch sie\u0165ov\u00fdch prostrediach a zlo\u017eitosti v\u00fdrobku.<\/p>\n\n\n\n<p>R\u00f4zne drsn\u00e9 prostredie siete a zlo\u017eit\u00e9 podmienky za\u0165a\u017eenia, spo\u013eahliv\u00e1 nepretr\u017eit\u00e1 a stabiln\u00e1 pr\u00e1ca, aby sa dosiahla dlhodob\u00e1 bez\u00fadr\u017ebovos\u0165.<\/p>\n\n\n\n<p>6, parametre priemyselnej riadiacej obrazovky vr\u00e1tane pr\u00fadu a nap\u00e4tia, poruchov\u00e9ho stavu a \u010fal\u0161\u00edch prev\u00e1dzkov\u00fdch parametrov.<\/p>\n\n\n\n<p>7\u3001Ochrann\u00e9 funkcie: ochrana proti skratu, nadpr\u00fadu, podp\u00e4tiu, prep\u00e4tiu, prehriatiu.<\/p>\n\n\n\n<h2 class=\"wp-block-heading\"><strong>Tretia. <strong>Rie\u0161enie inteligentn\u00e9ho osvetlenia tunela<\/strong>: Inteligentn\u00e1 strat\u00e9gia riadenia<\/strong><\/h2>\n\n\n\n<h3 class=\"wp-block-heading\"><strong>1. Centralizovan\u00e9 riadenie a decentralizovan\u00e1 implement\u00e1cia<\/strong><strong><\/strong><\/h3>\n\n\n\n<p>&nbsp;&nbsp;&nbsp;&nbsp;Inteligentn\u00e9 riadiace centrum osvetlenia tunela je zriaden\u00e9 tak, aby centr\u00e1lne zhroma\u017e\u010fovalo a analyzovalo \u00fadaje zo sn\u00edma\u010dov a formulovalo optim\u00e1lnu strat\u00e9giu osvetlenia. Z\u00e1rove\u0148 s\u00fa v ka\u017edej oblasti tunela zriaden\u00e9 decentralizovan\u00e9 v\u00fdkonn\u00e9 jednotky, ktor\u00e9 upravuj\u00fa jas osvetlenia pod\u013ea pokynov riadiaceho centra, aby sa dosiahla r\u00fdchla reakcia a presn\u00e9 riadenie.<\/p>\n\n\n\n<div class=\"wp-block-uagb-image uagb-block-49d9538e wp-block-uagb-image--layout-default wp-block-uagb-image--effect-static wp-block-uagb-image--align-none\"><figure class=\"wp-block-uagb-image__figure\"><a class=\"\" href=\"https:\/\/led.amasly.com\/sk\/products\/\" target=\"\" rel=\"noopener\"><img decoding=\"async\" srcset=\"https:\/\/led.amasly.com\/wp-content\/uploads\/2025\/03\/tunnel-lighting2.png ,https:\/\/led.amasly.com\/wp-content\/uploads\/2025\/03\/tunnel-lighting2.png 780w, https:\/\/led.amasly.com\/wp-content\/uploads\/2025\/03\/tunnel-lighting2.png 360w\" sizes=\"auto, (max-width: 480px) 150px\" src=\"https:\/\/led.amasly.com\/wp-content\/uploads\/2025\/03\/tunnel-lighting2.png\" alt=\"\" class=\"uag-image-2310\" width=\"762\" height=\"489\" title=\"osvetlenie tunela2\" loading=\"lazy\" role=\"img\"><\/a><\/figure><\/div>\n\n\n\n<h3 class=\"wp-block-heading\"><strong>2. Predikt\u00edvna \u00fadr\u017eba<\/strong><strong><\/strong><\/h3>\n\n\n\n<p>&nbsp;&nbsp;&nbsp;&nbsp;Vyu\u017e\u00edvanie technol\u00f3gie anal\u00fdzy ve\u013ek\u00fdch objemov d\u00e1t, monitorovanie v re\u00e1lnom \u010dase a predikt\u00edvna anal\u00fdza prev\u00e1dzkov\u00e9ho stavu syst\u00e9mu osvetlenia tunela, v\u010dasn\u00e9 odhalenie potenci\u00e1lnych por\u00fach a \u00fadr\u017eby, zn\u00ed\u017eenie plytvania energiou a bezpe\u010dnostn\u00fdch riz\u00edk sp\u00f4soben\u00fdch poruchou zariadenia.<\/p>\n\n\n\n<h3 class=\"wp-block-heading\"><strong>3. Pl\u00e1n n\u00fadzov\u00e9ho osvetlenia<\/strong><strong><\/strong><\/h3>\n\n\n\n<p>&nbsp;&nbsp;&nbsp;&nbsp;Komplexn\u00fd pl\u00e1n n\u00fadzov\u00e9ho osvetlenia je vypracovan\u00fd tak, aby sa zabezpe\u010dila r\u00fdchla aktiv\u00e1cia syst\u00e9mu n\u00fadzov\u00e9ho osvetlenia v pr\u00edpade n\u00fadzovej situ\u00e1cie (napr. po\u017eiar, v\u00fdpadok elektrickej energie at\u010f.), aby sa zabezpe\u010dila bezpe\u010dn\u00e1 evaku\u00e1cia os\u00f4b v tuneli.<\/p>\n\n\n\n<h2 class=\"wp-block-heading\"><strong>\u0160tvrt\u00fd. <strong>Rie\u0161enie inteligentn\u00e9ho osvetlenia tunela<\/strong>: \u00da\u010dinok implement\u00e1cie a perspekt\u00edva<\/strong><\/h2>\n\n\n\n<p>&nbsp;&nbsp;&nbsp;&nbsp;Implement\u00e1ciou programu riadenia \u00faspory energie pri osvetlen\u00ed tunela mo\u017eno nielen v\u00fdrazne zn\u00ed\u017ei\u0165 spotrebu energie pri osvetlen\u00ed tunela, zn\u00ed\u017ei\u0165 prev\u00e1dzkov\u00e9 n\u00e1klady, ale aj zlep\u0161i\u0165 kvalitu osvetlenia tunela a zv\u00fd\u0161i\u0165 bezpe\u010dnos\u0165 prem\u00e1vky. Program je z\u00e1rove\u0148 v s\u00falade s koncepciou ekologick\u00e9ho rozvoja, ktor\u00e1 pom\u00e1ha podporova\u0165 udr\u017eate\u013en\u00fd rozvoj mestskej dopravnej infra\u0161trukt\u00fary.<\/p>\n\n\n\n<p>&nbsp;&nbsp;&nbsp;&nbsp;Pri poh\u013eade do bud\u00facnosti, s neust\u00e1lym pokrokom internetu vec\u00ed, cloud computingu, umelej inteligencie a \u010fal\u0161\u00edch technol\u00f3gi\u00ed, bude riadenie \u00faspory energie osvetlenia tunela inteligentnej\u0161ie a dokonalej\u0161ie. Napr\u00edklad prostredn\u00edctvom algoritmov hlbok\u00e9ho u\u010denia na optimaliz\u00e1ciu strat\u00e9gie osvetlenia, aby sa dosiahol personalizovanej\u0161\u00ed z\u00e1\u017eitok z osvetlenia; vyu\u017eitie komunika\u010dnej technol\u00f3gie 5G na zlep\u0161enie r\u00fdchlosti prenosu \u00fadajov, aby sa dosiahlo monitorovanie na dia\u013eku v re\u00e1lnom \u010dase a r\u00fdchla reakcia. Aplik\u00e1cia t\u00fdchto technol\u00f3gi\u00ed bude \u010falej podporova\u0165 rozvoj energeticky \u00faspornej technol\u00f3gie riadenia osvetlenia tunelov, \u010d\u00edm sa prispeje k v\u00e4\u010d\u0161ej ekologickej sile v\u00fdstavby mestskej dopravy.<\/p>\n\n\n\n<p>\u0160tandardn\u00e9: <a href=\"http:\/\/www.iec.com\" rel=\"nofollow noopener\" target=\"_blank\">IEC 60598<\/a><\/p>\n\n\n\n<div class=\"wp-block-uagb-container uagb-block-c7d898dd alignfull uagb-is-root-container\"><div class=\"uagb-container-inner-blocks-wrap\"><\/div><\/div>\n\n\n\n<h2 class=\"wp-block-heading\">S\u00favisiace produkty<\/h2>\n\n\n\n<div class=\"wp-block-uagb-container uagb-block-66e4defc alignfull uagb-is-root-container\"><div class=\"uagb-container-inner-blocks-wrap\">\n<div class=\"wp-block-uagb-container uagb-block-a42945f9\">\n<div class=\"wp-block-uagb-image uagb-block-7296296b wp-block-uagb-image--layout-default wp-block-uagb-image--effect-static wp-block-uagb-image--align-none\"><figure class=\"wp-block-uagb-image__figure\"><a class=\"\" href=\"https:\/\/led.amasly.com\/sk\/products\/\" target=\"\" rel=\"noopener\"><img decoding=\"async\" srcset=\"https:\/\/led.amasly.com\/wp-content\/uploads\/2024\/09\/Explosion-proof-high-bay-lights.png ,https:\/\/led.amasly.com\/wp-content\/uploads\/2024\/09\/Explosion-proof-high-bay-lights.png 780w, https:\/\/led.amasly.com\/wp-content\/uploads\/2024\/09\/Explosion-proof-high-bay-lights.png 360w\" sizes=\"auto, (max-width: 480px) 150px\" src=\"https:\/\/led.amasly.com\/wp-content\/uploads\/2024\/09\/Explosion-proof-high-bay-lights.png\" alt=\"\" class=\"uag-image-1495\" width=\"300\" height=\"300\" title=\"V\u00fdbu\u0161ne odoln\u00e9 vysok\u00e9 svetl\u00e1\" loading=\"lazy\" role=\"img\"><\/a><\/figure><\/div>\n<\/div>\n\n\n\n<div class=\"wp-block-uagb-container uagb-block-4d3efde5\">\n<div class=\"wp-block-uagb-image uagb-block-c9e90797 wp-block-uagb-image--layout-default wp-block-uagb-image--effect-static wp-block-uagb-image--align-none\"><figure class=\"wp-block-uagb-image__figure\"><a class=\"\" href=\"https:\/\/led.amasly.com\/sk\/products\/\" target=\"\" rel=\"noopener\"><img decoding=\"async\" srcset=\"https:\/\/led.amasly.com\/wp-content\/uploads\/2024\/07\/LED-tri-proof-lights2.png ,https:\/\/led.amasly.com\/wp-content\/uploads\/2024\/07\/LED-tri-proof-lights2.png 780w, https:\/\/led.amasly.com\/wp-content\/uploads\/2024\/07\/LED-tri-proof-lights2.png 360w\" sizes=\"auto, (max-width: 480px) 150px\" src=\"https:\/\/led.amasly.com\/wp-content\/uploads\/2024\/07\/LED-tri-proof-lights2.png\" alt=\"\" class=\"uag-image-1132\" width=\"300\" height=\"300\" title=\"LED-tri-odoln\u00e9 svetl\u00e12\" loading=\"lazy\" role=\"img\"><\/a><\/figure><\/div>\n<\/div>\n\n\n\n<div class=\"wp-block-uagb-container uagb-block-11c2578b\">\n<div class=\"wp-block-uagb-image uagb-block-6e8883aa wp-block-uagb-image--layout-default wp-block-uagb-image--effect-static wp-block-uagb-image--align-none\"><figure class=\"wp-block-uagb-image__figure\"><a class=\"\" href=\"https:\/\/led.amasly.com\/sk\/products\/\" target=\"\" rel=\"noopener\"><img decoding=\"async\" srcset=\"https:\/\/led.amasly.com\/wp-content\/uploads\/2024\/09\/LED-Explosion-Proof-Gas-Station-Light.png ,https:\/\/led.amasly.com\/wp-content\/uploads\/2024\/09\/LED-Explosion-Proof-Gas-Station-Light.png 780w, https:\/\/led.amasly.com\/wp-content\/uploads\/2024\/09\/LED-Explosion-Proof-Gas-Station-Light.png 360w\" sizes=\"auto, (max-width: 480px) 150px\" src=\"https:\/\/led.amasly.com\/wp-content\/uploads\/2024\/09\/LED-Explosion-Proof-Gas-Station-Light.png\" alt=\"\" class=\"uag-image-1501\" width=\"300\" height=\"300\" title=\"LED svetlo na \u010derpacej stanici odoln\u00e9 proti v\u00fdbuchu\" loading=\"lazy\" role=\"img\"><\/a><\/figure><\/div>\n<\/div>\n<\/div><\/div>\n\n\n\n<div class=\"wp-block-uagb-container uagb-block-548945b5 alignfull uagb-is-root-container\"><div class=\"uagb-container-inner-blocks-wrap\">\n<div class=\"wp-block-uagb-container uagb-block-967755d5\">\n<h4 class=\"wp-block-heading has-text-align-center\"><a href=\"https:\/\/led.amasly.com\/sk\/products\/\">Svetl\u00e1 LED odoln\u00e9 proti v\u00fdbuchu<\/a><\/h4>\n<\/div>\n\n\n\n<div class=\"wp-block-uagb-container uagb-block-9bc52fc2\">\n<h4 class=\"wp-block-heading has-text-align-center\"><a href=\"https:\/\/led.amasly.com\/sk\/products\/\">Trojit\u00e9 LED osvetlenie<\/a><\/h4>\n<\/div>\n\n\n\n<div class=\"wp-block-uagb-container uagb-block-8ffa0a23\">\n<h4 class=\"wp-block-heading has-text-align-center\"><a href=\"https:\/\/led.amasly.com\/sk\/products\/\">Svetl\u00e1 \u010derpac\u00edch stan\u00edc odoln\u00e9 proti v\u00fdbuchu<\/a><\/h4>\n<\/div>\n<\/div><\/div>\n\n\n\n<div class=\"wp-block-uagb-container uagb-block-29499fe0 alignfull uagb-is-root-container\"><div class=\"uagb-container-inner-blocks-wrap\">\n<div class=\"wp-block-uagb-container uagb-block-777ee1c7\">\n<div class=\"wp-block-uagb-image uagb-block-2e9a1851 wp-block-uagb-image--layout-default wp-block-uagb-image--effect-static wp-block-uagb-image--align-none\"><figure class=\"wp-block-uagb-image__figure\"><a class=\"\" href=\"https:\/\/led.amasly.com\/sk\/products\/\" target=\"\" rel=\"noopener\"><img decoding=\"async\" srcset=\"https:\/\/led.amasly.com\/wp-content\/uploads\/2024\/10\/50W-100W-150W-200W-300W-LED-Flood-Light.jpg ,https:\/\/led.amasly.com\/wp-content\/uploads\/2024\/10\/50W-100W-150W-200W-300W-LED-Flood-Light.jpg 780w, https:\/\/led.amasly.com\/wp-content\/uploads\/2024\/10\/50W-100W-150W-200W-300W-LED-Flood-Light.jpg 360w\" sizes=\"auto, (max-width: 480px) 150px\" src=\"https:\/\/led.amasly.com\/wp-content\/uploads\/2024\/10\/50W-100W-150W-200W-300W-LED-Flood-Light.jpg\" alt=\"\" class=\"uag-image-1526\" width=\"300\" height=\"300\" title=\"50W 100W 150W 200W 300W LED povod\u0148ov\u00e9 svetlo\" loading=\"lazy\" role=\"img\"><\/a><\/figure><\/div>\n<\/div>\n\n\n\n<div class=\"wp-block-uagb-container uagb-block-af8c8683\">\n<div class=\"wp-block-uagb-image uagb-block-67947854 wp-block-uagb-image--layout-default wp-block-uagb-image--effect-static wp-block-uagb-image--align-none\"><figure class=\"wp-block-uagb-image__figure\"><a class=\"\" href=\"https:\/\/led.amasly.com\/sk\/products\/\" target=\"\" rel=\"noopener\"><img decoding=\"async\" srcset=\"https:\/\/led.amasly.com\/wp-content\/uploads\/2024\/07\/led-tri-proof-light.png ,https:\/\/led.amasly.com\/wp-content\/uploads\/2024\/07\/led-tri-proof-light.png 780w, https:\/\/led.amasly.com\/wp-content\/uploads\/2024\/07\/led-tri-proof-light.png 360w\" sizes=\"auto, (max-width: 480px) 150px\" src=\"https:\/\/led.amasly.com\/wp-content\/uploads\/2024\/07\/led-tri-proof-light.png\" alt=\"\" class=\"uag-image-1130\" width=\"300\" height=\"300\" title=\"led-tri-proof-light\" loading=\"lazy\" role=\"img\"><\/a><\/figure><\/div>\n<\/div>\n\n\n\n<div class=\"wp-block-uagb-container uagb-block-0fdfdd58\">\n<div class=\"wp-block-uagb-image uagb-block-1187d32d wp-block-uagb-image--layout-default wp-block-uagb-image--effect-static wp-block-uagb-image--align-none\"><figure class=\"wp-block-uagb-image__figure\"><a class=\"\" href=\"https:\/\/led.amasly.com\/sk\/products\/\" target=\"\" rel=\"noopener\"><img decoding=\"async\" srcset=\"https:\/\/led.amasly.com\/wp-content\/uploads\/2024\/07\/LED-street-light.jpg ,https:\/\/led.amasly.com\/wp-content\/uploads\/2024\/07\/LED-street-light.jpg 780w, https:\/\/led.amasly.com\/wp-content\/uploads\/2024\/07\/LED-street-light.jpg 360w\" sizes=\"auto, (max-width: 480px) 150px\" src=\"https:\/\/led.amasly.com\/wp-content\/uploads\/2024\/07\/LED-street-light.jpg\" alt=\"\" class=\"uag-image-1145\" width=\"300\" height=\"300\" title=\"Uli\u010dn\u00e9 osvetlenie LED\" loading=\"lazy\" role=\"img\"><\/a><\/figure><\/div>\n<\/div>\n<\/div><\/div>\n\n\n\n<div class=\"wp-block-uagb-container uagb-block-6a60882c alignfull uagb-is-root-container\"><div class=\"uagb-container-inner-blocks-wrap\">\n<div class=\"wp-block-uagb-container uagb-block-f1e91a35\">\n<h4 class=\"wp-block-heading has-text-align-center\"><a href=\"https:\/\/led.amasly.com\/sk\/products\/\">LED svetl\u00e1 na zaplavenie<\/a><\/h4>\n<\/div>\n\n\n\n<div class=\"wp-block-uagb-container uagb-block-165bfa58\">\n<h4 class=\"wp-block-heading has-text-align-center\"><a href=\"https:\/\/led.amasly.com\/sk\/products\/\">LED Tri-Proof Tube Lights<\/a><\/h4>\n<\/div>\n\n\n\n<div class=\"wp-block-uagb-container uagb-block-f6096e3b\">\n<h4 class=\"wp-block-heading has-text-align-center\"><a href=\"https:\/\/led.amasly.com\/sk\/products\/\">Pouli\u010dn\u00e9 svetl\u00e1 LED<\/a><\/h4>\n<\/div>\n<\/div><\/div>\n\n\n\n<div class=\"wp-block-uagb-container uagb-block-99c0e0a5 alignfull uagb-is-root-container\"><div class=\"uagb-container-inner-blocks-wrap\"><\/div><\/div>\n\n\n\n<p><\/p>","protected":false},"excerpt":{"rendered":"<p>Tunnel Intelligent Lighting Solution Tunnel Intelligent Lighting Solution Introduce: In modern urban construction, tunnels as an important channel connecting various areas of the city, the design and operation of its lighting system is not only related to traffic safety, but also has a direct impact on the effective use of energy and environmental protection. With [&hellip;]<\/p>\n","protected":false},"author":1,"featured_media":0,"parent":1808,"menu_order":0,"comment_status":"closed","ping_status":"closed","template":"","meta":{"_uag_custom_page_level_css":"","site-sidebar-layout":"no-sidebar","site-content-layout":"","ast-site-content-layout":"default","site-content-style":"default","site-sidebar-style":"default","ast-global-header-display":"","ast-banner-title-visibility":"","ast-main-header-display":"","ast-hfb-above-header-display":"","ast-hfb-below-header-display":"","ast-hfb-mobile-header-display":"","site-post-title":"disabled","ast-breadcrumbs-content":"","ast-featured-img":"","footer-sml-layout":"","ast-disable-related-posts":"","theme-transparent-header-meta":"enabled","adv-header-id-meta":"","stick-header-meta":"","header-above-stick-meta":"","header-main-stick-meta":"","header-below-stick-meta":"","astra-migrate-meta-layouts":"set","ast-page-background-enabled":"default","ast-page-background-meta":{"desktop":{"background-color":"var(--ast-global-color-4)","background-image":"","background-repeat":"repeat","background-position":"center center","background-size":"auto","background-attachment":"scroll","background-type":"","background-media":"","overlay-type":"","overlay-color":"","overlay-opacity":"","overlay-gradient":""},"tablet":{"background-color":"","background-image":"","background-repeat":"repeat","background-position":"center center","background-size":"auto","background-attachment":"scroll","background-type":"","background-media":"","overlay-type":"","overlay-color":"","overlay-opacity":"","overlay-gradient":""},"mobile":{"background-color":"","background-image":"","background-repeat":"repeat","background-position":"center center","background-size":"auto","background-attachment":"scroll","background-type":"","background-media":"","overlay-type":"","overlay-color":"","overlay-opacity":"","overlay-gradient":""}},"ast-content-background-meta":{"desktop":{"background-color":"var(--ast-global-color-5)","background-image":"","background-repeat":"repeat","background-position":"center center","background-size":"auto","background-attachment":"scroll","background-type":"","background-media":"","overlay-type":"","overlay-color":"","overlay-opacity":"","overlay-gradient":""},"tablet":{"background-color":"var(--ast-global-color-5)","background-image":"","background-repeat":"repeat","background-position":"center center","background-size":"auto","background-attachment":"scroll","background-type":"","background-media":"","overlay-type":"","overlay-color":"","overlay-opacity":"","overlay-gradient":""},"mobile":{"background-color":"var(--ast-global-color-5)","background-image":"","background-repeat":"repeat","background-position":"center center","background-size":"auto","background-attachment":"scroll","background-type":"","background-media":"","overlay-type":"","overlay-color":"","overlay-opacity":"","overlay-gradient":""}},"footnotes":""},"class_list":["post-2308","page","type-page","status-publish","hentry"],"uagb_featured_image_src":{"full":false,"thumbnail":false,"medium":false,"medium_large":false,"large":false,"1536x1536":false,"2048x2048":false,"trp-custom-language-flag":false},"uagb_author_info":{"display_name":"Joe","author_link":"https:\/\/led.amasly.com\/sk\/author\/jacklin\/"},"uagb_comment_info":0,"uagb_excerpt":"Tunnel Intelligent Lighting Solution Tunnel Intelligent Lighting Solution Introduce: In modern urban construction, tunnels as an important channel connecting various areas of the city, the design and operation of its lighting system is not only related to traffic safety, but also has a direct impact on the effective use of energy and environmental protection. With&hellip;","_links":{"self":[{"href":"https:\/\/led.amasly.com\/sk\/wp-json\/wp\/v2\/pages\/2308","targetHints":{"allow":["GET"]}}],"collection":[{"href":"https:\/\/led.amasly.com\/sk\/wp-json\/wp\/v2\/pages"}],"about":[{"href":"https:\/\/led.amasly.com\/sk\/wp-json\/wp\/v2\/types\/page"}],"author":[{"embeddable":true,"href":"https:\/\/led.amasly.com\/sk\/wp-json\/wp\/v2\/users\/1"}],"replies":[{"embeddable":true,"href":"https:\/\/led.amasly.com\/sk\/wp-json\/wp\/v2\/comments?post=2308"}],"version-history":[{"count":3,"href":"https:\/\/led.amasly.com\/sk\/wp-json\/wp\/v2\/pages\/2308\/revisions"}],"predecessor-version":[{"id":4590,"href":"https:\/\/led.amasly.com\/sk\/wp-json\/wp\/v2\/pages\/2308\/revisions\/4590"}],"up":[{"embeddable":true,"href":"https:\/\/led.amasly.com\/sk\/wp-json\/wp\/v2\/pages\/1808"}],"wp:attachment":[{"href":"https:\/\/led.amasly.com\/sk\/wp-json\/wp\/v2\/media?parent=2308"}],"curies":[{"name":"wp","href":"https:\/\/api.w.org\/{rel}","templated":true}]}}