{"id":1840,"date":"2025-02-16T08:44:30","date_gmt":"2025-02-16T00:44:30","guid":{"rendered":"https:\/\/led.amasly.com\/?page_id=1840"},"modified":"2026-01-22T11:41:25","modified_gmt":"2026-01-22T03:41:25","slug":"gas-station-lighting-solution","status":"publish","type":"page","link":"https:\/\/led.amasly.com\/sk\/solutions\/gas-station-lighting-solution\/","title":{"rendered":"Rie\u0161enie osvetlenia \u010derpac\u00edch stan\u00edc"},"content":{"rendered":"<div class=\"wp-block-uagb-container uagb-block-27bae773 alignfull uagb-is-root-container\"><div class=\"uagb-container-inner-blocks-wrap\"><\/div><\/div>\n\n\n\n<h1 class=\"wp-block-heading has-text-align-center\">Rie\u0161enie osvetlenia \u010derpac\u00edch stan\u00edc<\/h1>\n\n\n\n<h2 class=\"wp-block-heading\">Rie\u0161enie osvetlenia \u010derpac\u00edch stan\u00edc Predstavujeme:<\/h2>\n\n\n\n<p class=\"has-medium-font-size\">S neust\u00e1lou \u00fapravou strategickej \u0161trukt\u00fary energetiky a zvy\u0161uj\u00facim sa \u00fasil\u00edm o \u010dist\u00fa a n\u00edzkouhl\u00edkov\u00fa energiu a \u010fal\u0161\u00edmi faktormi tradi\u010dn\u00ed energetick\u00ed giganti China National Petroleum Corporation ur\u00fdchlili nasadenie a \u00fapravu syst\u00e9mu dod\u00e1vok energie bez ropy a bud\u00fa sa spolieha\u0165 na svoje vlastn\u00e9 v\u00fdhody zdrojov, aby vytvorili diverzifikovan\u00fd syst\u00e9m dod\u00e1vok energie integruj\u00faci tradi\u010dn\u00fd benz\u00edn, naftu, palivo pre vozidl\u00e1 na b\u00e1ze alkoholu, bionaftu a nab\u00edjacie hromady. Celkov\u00fd vzh\u013ead sa tie\u017e sna\u017e\u00ed o nov\u00fa moderniz\u00e1ciu.<\/p>\n\n\n\n<div class=\"wp-block-uagb-image uagb-block-6d9ee0c1 wp-block-uagb-image--layout-default wp-block-uagb-image--effect-static wp-block-uagb-image--align-none\"><figure class=\"wp-block-uagb-image__figure\"><img decoding=\"async\" srcset=\"https:\/\/led.amasly.com\/wp-content\/uploads\/2025\/02\/China-National-Petroleum-Corporation.jpg ,https:\/\/led.amasly.com\/wp-content\/uploads\/2025\/02\/China-National-Petroleum-Corporation.jpg 780w, https:\/\/led.amasly.com\/wp-content\/uploads\/2025\/02\/China-National-Petroleum-Corporation.jpg 360w\" sizes=\"auto, (max-width: 480px) 150px\" src=\"https:\/\/led.amasly.com\/wp-content\/uploads\/2025\/02\/China-National-Petroleum-Corporation.jpg\" alt=\"Gas Station Lighting Solution\" class=\"uag-image-1843\" width=\"917\" height=\"530\" title=\"\u010c\u00ednska n\u00e1rodn\u00e1 ropn\u00e1 spolo\u010dnos\u0165\" loading=\"lazy\" role=\"img\"\/><\/figure><\/div>\n\n\n\n<p class=\"has-medium-font-size\">V s\u00fa\u010dasnosti m\u00e1 v\u0161ak mnoho \u010derpac\u00edch stan\u00edc st\u00e1le ve\u013ea probl\u00e9mov a star\u00e1 transform\u00e1cia osvetlenia sa stala naliehavou: 1. Atmosf\u00e9ra je \u201ctajomn\u00fd tie\u0148\u201d a v\u00f4bec neexistuje \u017eiadny sveteln\u00fd efekt, \u010do zvy\u0161uje n\u00e1ro\u010dnos\u0165 pr\u00e1ce zamestnancov; 2. Logo sa stalo dekor\u00e1ciou, nie je jasn\u00e9 a rozpoznate\u013enos\u0165 zna\u010dky nie je vysok\u00e1; 3. Osvetlenie nie je rozdelen\u00e9, samoobsluha sa zamie\u0148a s priestorom na tankovanie a orient\u00e1cia z\u00e1kazn\u00edkov je slab\u00e1; 4. Pou\u017eitie a in\u0161tal\u00e1cia svietidiel nie s\u00fa \u0161tandardizovan\u00e9 a existuj\u00fa bezpe\u010dnostn\u00e9 rizik\u00e1; 5. Nie je energeticky \u00fasporn\u00e9 a chr\u00e1ni \u017eivotn\u00e9 prostredie, je st\u00e1le zapnut\u00e9 v noci a ch\u00fdbaj\u00fa \u00fa\u010dinn\u00e9 prostriedky na kontrolu n\u00e1kladov na osvetlenie a monitorovanie bezpe\u010dnosti. 6. Zna\u010dka, ktor\u00fa lampy pou\u017e\u00edvaj\u00fa, je chaotick\u00e1, popredajn\u00fa z\u00e1ruku nemo\u017eno zaru\u010di\u0165 a n\u00e1klady na v\u00fdstavbu a \u00fadr\u017ebu pri rekon\u0161trukcii s\u00fa vysok\u00e9.<\/p>\n\n\n\n<div class=\"wp-block-uagb-image uagb-block-81e9d32c wp-block-uagb-image--layout-default wp-block-uagb-image--effect-static wp-block-uagb-image--align-none\"><figure class=\"wp-block-uagb-image__figure\"><img decoding=\"async\" srcset=\"https:\/\/led.amasly.com\/wp-content\/uploads\/2025\/02\/gas-station-1024x1024.png ,https:\/\/led.amasly.com\/wp-content\/uploads\/2025\/02\/gas-station.png 780w, https:\/\/led.amasly.com\/wp-content\/uploads\/2025\/02\/gas-station.png 360w\" sizes=\"auto, (max-width: 480px) 150px\" src=\"https:\/\/led.amasly.com\/wp-content\/uploads\/2025\/02\/gas-station-1024x1024.png\" alt=\"\" class=\"uag-image-1844\" width=\"1200\" height=\"1200\" title=\"\u010derpacia stanica\" loading=\"lazy\" role=\"img\"><\/figure><\/div>\n\n\n\n<p class=\"has-medium-font-size\">V reakcii na vy\u0161\u0161ie uveden\u00e9 spolo\u010dn\u00e9 probl\u00e9my vyu\u017e\u00edva inteligentn\u00fd syst\u00e9m osvetlenia vlastnosti n\u00edzkej spotreby energie a vysok\u00e9ho osvetlenia LED sveteln\u00e9ho zdroja a prostredn\u00edctvom inteligentn\u00e9ho riadenia zni\u017euje sekund\u00e1rnu spotrebu energie \u010derpac\u00edch stan\u00edc, zni\u017euje prev\u00e1dzkov\u00e9 n\u00e1klady, \u0161etr\u00ed energiu a zni\u017euje emisie, chr\u00e1ni \u017eivotn\u00e9 prostredie.<\/p>\n\n\n\n<p class=\"has-medium-font-size\">Dobr\u00e9 osvetlenie \u010derpac\u00edch stan\u00edc vytvor\u00ed pre z\u00e1kazn\u00edkov pozit\u00edvne psychologick\u00e9 sign\u00e1ly, ktor\u00e9 im poskytn\u00fa bezpe\u010dn\u00fd a ist\u00fd z\u00e1\u017eitok zo spotreby. V tomto projekte sa realizovali najm\u00e4 \u0161tyri aspekty zlep\u0161enia osvetlenia.<\/p>\n\n\n\n<h3 class=\"wp-block-heading\">Aplik\u00e1cia rie\u0161enia osvetlenia \u010derpacej stanice<\/h3>\n\n\n\n<div class=\"wp-block-uagb-image uagb-block-f354a516 wp-block-uagb-image--layout-default wp-block-uagb-image--effect-static wp-block-uagb-image--align-none\"><figure class=\"wp-block-uagb-image__figure\"><img decoding=\"async\" srcset=\"https:\/\/led.amasly.com\/wp-content\/uploads\/2025\/02\/11-1024x287.jpg ,https:\/\/led.amasly.com\/wp-content\/uploads\/2025\/02\/11.jpg 780w, https:\/\/led.amasly.com\/wp-content\/uploads\/2025\/02\/11.jpg 360w\" sizes=\"auto, (max-width: 480px) 150px\" src=\"https:\/\/led.amasly.com\/wp-content\/uploads\/2025\/02\/11-1024x287.jpg\" alt=\"\" class=\"uag-image-1847\" width=\"1216\" height=\"341\" title=\"11\" loading=\"lazy\" role=\"img\"><\/figure><\/div>\n\n\n\n<h3 class=\"wp-block-heading\">Rie\u0161enie osvetlenia \u010derpac\u00edch stan\u00edc Aplik\u00e1cia osvetlenia predajn\u00ed<\/h3>\n\n\n\n<div class=\"wp-block-uagb-image uagb-block-2a25457a wp-block-uagb-image--layout-default wp-block-uagb-image--effect-static wp-block-uagb-image--align-none\"><figure class=\"wp-block-uagb-image__figure\"><img decoding=\"async\" srcset=\"https:\/\/led.amasly.com\/wp-content\/uploads\/2025\/02\/22-1024x324.jpg ,https:\/\/led.amasly.com\/wp-content\/uploads\/2025\/02\/22.jpg 780w, https:\/\/led.amasly.com\/wp-content\/uploads\/2025\/02\/22.jpg 360w\" sizes=\"auto, (max-width: 480px) 150px\" src=\"https:\/\/led.amasly.com\/wp-content\/uploads\/2025\/02\/22-1024x324.jpg\" alt=\"\" class=\"uag-image-1848\" width=\"1112\" height=\"352\" title=\"22\" loading=\"lazy\" role=\"img\"><\/figure><\/div>\n\n\n\n<h3 class=\"wp-block-heading\">Rie\u0161enie osvetlenia \u010derpac\u00edch stan\u00edc aplik\u00e1cia osvetlenia n\u00e1pisov<\/h3>\n\n\n\n<p>1. V\u00fdhody zariadenia: <\/p>\n\n\n\n<p>\u2460 So silnou za\u0165a\u017eite\u013enos\u0165ou je jeden regul\u00e1tor riadiacim uzlom, m\u00f4\u017ee nies\u0165 za\u0165a\u017eenie 3200 W; <\/p>\n\n\n\n<p>\u2461 Komunika\u010dn\u00fd re\u017eim siete 4G, stabilita sign\u00e1lu, sign\u00e1l mobiln\u00e9ho telef\u00f3nu m\u00f4\u017ee sp\u013a\u0148a\u0165 po\u017eiadavky na komunik\u00e1ciu; <\/p>\n\n\n\n<p>\u2462 Funkcia \u010dasov\u00e9ho stmievania a sn\u00edma\u010d doplnkov\u00e9ho svetla spolupracuj\u00fa na maxim\u00e1lnej \u00faspore elektrickej energie a zn\u00ed\u017een\u00ed spotreby energie; <\/p>\n\n\n\n<p>2. V\u00fdhody kontroly: <\/p>\n\n\n\n<p>\u010casov\u00e9 ovl\u00e1danie (noc)+ Ovl\u00e1danie senzorom (de\u0148) <\/p>\n\n\n\n<p>Denn\u00fd \u010das (07:00-18:00) Re\u017eim sn\u00edma\u010da: <\/p>\n\n\n\n<p>Pri zmene vonkaj\u0161ieho svetla sn\u00edma\u010d automaticky uprav\u00ed jas, aby sa zabezpe\u010dila st\u00e1la intenzita svetla; <\/p>\n\n\n\n<p>Ve\u010der (18:00-07:00 nasleduj\u00faceho d\u0148a) \u010casov\u00fd re\u017eim: <\/p>\n\n\n\n<p>08:00-18:00, \u010dasov\u00fd re\u017eim, udr\u017eiavan\u00fd jas 100%, <\/p>\n\n\n\n<p>18:00-00:00, re\u017eim \u010dasovania, jas udr\u017eiavan\u00fd 50%, <\/p>\n\n\n\n<p>00:00-07:00, re\u017eim \u010dasovania, jas udr\u017eiavan\u00fd 30%;<\/p>\n\n\n\n<div class=\"wp-block-uagb-image uagb-block-b12c5bc5 wp-block-uagb-image--layout-default wp-block-uagb-image--effect-static wp-block-uagb-image--align-none\"><figure class=\"wp-block-uagb-image__figure\"><img decoding=\"async\" srcset=\"https:\/\/led.amasly.com\/wp-content\/uploads\/2025\/02\/3.png ,https:\/\/led.amasly.com\/wp-content\/uploads\/2025\/02\/3.png 780w, https:\/\/led.amasly.com\/wp-content\/uploads\/2025\/02\/3.png 360w\" sizes=\"auto, (max-width: 480px) 150px\" src=\"https:\/\/led.amasly.com\/wp-content\/uploads\/2025\/02\/3.png\" alt=\"\" class=\"uag-image-1845\" width=\"589\" height=\"276\" title=\"3\" loading=\"lazy\" role=\"img\"><\/figure><\/div>\n\n\n\n<div class=\"wp-block-uagb-image uagb-block-3747e0f9 wp-block-uagb-image--layout-default wp-block-uagb-image--effect-static wp-block-uagb-image--align-none\"><figure class=\"wp-block-uagb-image__figure\"><img decoding=\"async\" srcset=\"https:\/\/led.amasly.com\/wp-content\/uploads\/2025\/02\/4.png ,https:\/\/led.amasly.com\/wp-content\/uploads\/2025\/02\/4.png 780w, https:\/\/led.amasly.com\/wp-content\/uploads\/2025\/02\/4.png 360w\" sizes=\"auto, (max-width: 480px) 150px\" src=\"https:\/\/led.amasly.com\/wp-content\/uploads\/2025\/02\/4.png\" alt=\"\" class=\"uag-image-1846\" width=\"593\" height=\"286\" title=\"4\" loading=\"lazy\" role=\"img\"><\/figure><\/div>\n\n\n\n<h3 class=\"wp-block-heading\">Rie\u0161enie osvetlenia \u010derpac\u00edch stan\u00edc Pomocn\u00e9 osvetlenie a vonkaj\u0161ie osvetlenie<\/h3>\n\n\n\n<p class=\"has-medium-font-size\">Pou\u017eitie svetla ako m\u00e9dia na prenos inform\u00e1ci\u00ed je d\u00f4le\u017eit\u00fdm prvkom pomocn\u00e9ho osvetlenia a vonkaj\u0161ieho osvetlenia. Zv\u00fd\u0161en\u00e1 vidite\u013enos\u0165, zn\u00ed\u017eenie tmav\u00fdch z\u00e1kut\u00ed, m\u00f4\u017ee \u013eu\u010fom doda\u0165 pocit bezpe\u010dia. Vonkaj\u0161ie parkovacie plochy musia by\u0165 osvetlen\u00e9 len v noci a v\u00fdber energeticky \u00fa\u010dinn\u00fdch sveteln\u00fdch zdrojov m\u00f4\u017ee v\u00fdrazne zn\u00ed\u017ei\u0165 n\u00e1klady na energiu.<\/p>\n\n\n\n<div class=\"wp-block-uagb-image uagb-block-afde70e0 wp-block-uagb-image--layout-default wp-block-uagb-image--effect-static wp-block-uagb-image--align-none\"><figure class=\"wp-block-uagb-image__figure\"><img decoding=\"async\" srcset=\"https:\/\/led.amasly.com\/wp-content\/uploads\/2025\/02\/efd2b95be6925e709053e0370375b89b_v2-fe5c2510245f0812c166e9358e4e3c0d_1440w-1024x575.jpg ,https:\/\/led.amasly.com\/wp-content\/uploads\/2025\/02\/efd2b95be6925e709053e0370375b89b_v2-fe5c2510245f0812c166e9358e4e3c0d_1440w.jpg 780w, https:\/\/led.amasly.com\/wp-content\/uploads\/2025\/02\/efd2b95be6925e709053e0370375b89b_v2-fe5c2510245f0812c166e9358e4e3c0d_1440w.jpg 360w\" sizes=\"auto, (max-width: 480px) 150px\" src=\"https:\/\/led.amasly.com\/wp-content\/uploads\/2025\/02\/efd2b95be6925e709053e0370375b89b_v2-fe5c2510245f0812c166e9358e4e3c0d_1440w-1024x575.jpg\" alt=\"\" class=\"uag-image-1849\" width=\"1276\" height=\"717\" title=\"efd2b95be6925e709053e0370375b89b_v2-fe5c2510245f0812c166e9358e4e3c0d_1440w\" loading=\"lazy\" role=\"img\"><\/figure><\/div>\n\n\n\n<p class=\"has-medium-font-size\">Ke\u010f\u017ee \u010derpacia stanica je hor\u013eav\u00fdm a v\u00fdbu\u0161n\u00fdm nebezpe\u010dn\u00fdm miestom, inteligentn\u00fd riadiaci syst\u00e9m nastavuje aj funkciu alarmu poruchy, rozhoduje sa pre pou\u017eitie r\u00f4znych sn\u00edma\u010dov, vykon\u00e1va v\u00fdpo\u010det \u00fadajov v re\u00e1lnom \u010dase o prostred\u00ed na mieste, z\u00edskava presn\u00fa hodnotu a nastavuje hodnotenie sn\u00edma\u010da. Ke\u010f \u00fadaje v re\u00e1lnom \u010dase nameran\u00e9 sn\u00edma\u010dom dosiahnu ur\u010dit\u00fa hodnotu, syst\u00e9m za\u0161le pou\u017e\u00edvate\u013eovi SMS, e-mail a in\u00e9 formy v\u010dasn\u00e9ho varovania. Aby mohol mana\u017e\u00e9r \u010derpacej stanice v\u010das n\u00e1js\u0165 poruchu a pred\u00eds\u0165 tak majetkov\u00fdm, \u010di dokonca osobn\u00fdm strat\u00e1m.<\/p>\n\n\n\n<p class=\"has-medium-font-size\">Inteligentn\u00fd riadiaci syst\u00e9m, aby osvetlenie \u010derpacej stanice dosiahlo vedu a techniku, inteligentn\u00e9, a z\u00e1rove\u0148 vytvorilo bohat\u00fd sveteln\u00fd efekt, aby z\u00e1kazn\u00edkom poskytlo najlep\u0161\u00ed z\u00e1\u017eitok z tankovania, vytvorilo viac n\u00e1kupnej atmosf\u00e9ry! Z\u00e1rove\u0148 nejde len o \u010derpacie stanice, ale aj o \u201cprid\u00e1vanie elektr\u00e1rn\u00ed\u201d pre nov\u00fd trend v bud\u00facnosti.<\/p>\n\n\n\n<p>\u0160tandardn\u00e9: <a href=\"http:\/\/www.iec.com\" rel=\"nofollow noopener\" target=\"_blank\">IEC 60598 IEC60079<\/a><\/p>\n\n\n\n<div class=\"wp-block-uagb-container uagb-block-c7d898dd alignfull uagb-is-root-container\"><div class=\"uagb-container-inner-blocks-wrap\"><\/div><\/div>\n\n\n\n<h2 class=\"wp-block-heading\">S\u00favisiace produkty<\/h2>\n\n\n\n<div class=\"wp-block-uagb-container uagb-block-66e4defc alignfull uagb-is-root-container\"><div class=\"uagb-container-inner-blocks-wrap\">\n<div class=\"wp-block-uagb-container uagb-block-a42945f9\">\n<div class=\"wp-block-uagb-image uagb-block-7296296b wp-block-uagb-image--layout-default wp-block-uagb-image--effect-static wp-block-uagb-image--align-none\"><figure class=\"wp-block-uagb-image__figure\"><a class=\"\" href=\"https:\/\/led.amasly.com\/sk\/products\/\" target=\"\" rel=\"noopener\"><img decoding=\"async\" srcset=\"https:\/\/led.amasly.com\/wp-content\/uploads\/2024\/09\/Explosion-proof-high-bay-lights.png ,https:\/\/led.amasly.com\/wp-content\/uploads\/2024\/09\/Explosion-proof-high-bay-lights.png 780w, https:\/\/led.amasly.com\/wp-content\/uploads\/2024\/09\/Explosion-proof-high-bay-lights.png 360w\" sizes=\"auto, (max-width: 480px) 150px\" src=\"https:\/\/led.amasly.com\/wp-content\/uploads\/2024\/09\/Explosion-proof-high-bay-lights.png\" alt=\"\" class=\"uag-image-1495\" width=\"300\" height=\"300\" title=\"V\u00fdbu\u0161ne odoln\u00e9 vysok\u00e9 svetl\u00e1\" loading=\"lazy\" role=\"img\"><\/a><\/figure><\/div>\n<\/div>\n\n\n\n<div class=\"wp-block-uagb-container uagb-block-4d3efde5\">\n<div class=\"wp-block-uagb-image uagb-block-c9e90797 wp-block-uagb-image--layout-default wp-block-uagb-image--effect-static wp-block-uagb-image--align-none\"><figure class=\"wp-block-uagb-image__figure\"><a class=\"\" href=\"https:\/\/led.amasly.com\/sk\/products\/\" target=\"\" rel=\"noopener\"><img decoding=\"async\" srcset=\"https:\/\/led.amasly.com\/wp-content\/uploads\/2024\/07\/LED-tri-proof-lights2.png ,https:\/\/led.amasly.com\/wp-content\/uploads\/2024\/07\/LED-tri-proof-lights2.png 780w, https:\/\/led.amasly.com\/wp-content\/uploads\/2024\/07\/LED-tri-proof-lights2.png 360w\" sizes=\"auto, (max-width: 480px) 150px\" src=\"https:\/\/led.amasly.com\/wp-content\/uploads\/2024\/07\/LED-tri-proof-lights2.png\" alt=\"\" class=\"uag-image-1132\" width=\"300\" height=\"300\" title=\"LED-tri-odoln\u00e9 svetl\u00e12\" loading=\"lazy\" role=\"img\"><\/a><\/figure><\/div>\n<\/div>\n\n\n\n<div class=\"wp-block-uagb-container uagb-block-11c2578b\">\n<div class=\"wp-block-uagb-image uagb-block-6e8883aa wp-block-uagb-image--layout-default wp-block-uagb-image--effect-static wp-block-uagb-image--align-none\"><figure class=\"wp-block-uagb-image__figure\"><a class=\"\" href=\"https:\/\/led.amasly.com\/sk\/products\/\" target=\"\" rel=\"noopener\"><img decoding=\"async\" srcset=\"https:\/\/led.amasly.com\/wp-content\/uploads\/2024\/09\/LED-Explosion-Proof-Gas-Station-Light.png ,https:\/\/led.amasly.com\/wp-content\/uploads\/2024\/09\/LED-Explosion-Proof-Gas-Station-Light.png 780w, https:\/\/led.amasly.com\/wp-content\/uploads\/2024\/09\/LED-Explosion-Proof-Gas-Station-Light.png 360w\" sizes=\"auto, (max-width: 480px) 150px\" src=\"https:\/\/led.amasly.com\/wp-content\/uploads\/2024\/09\/LED-Explosion-Proof-Gas-Station-Light.png\" alt=\"\" class=\"uag-image-1501\" width=\"300\" height=\"300\" title=\"LED svetlo na \u010derpacej stanici odoln\u00e9 proti v\u00fdbuchu\" loading=\"lazy\" role=\"img\"><\/a><\/figure><\/div>\n<\/div>\n<\/div><\/div>\n\n\n\n<div class=\"wp-block-uagb-container uagb-block-548945b5 alignfull uagb-is-root-container\"><div class=\"uagb-container-inner-blocks-wrap\">\n<div class=\"wp-block-uagb-container uagb-block-967755d5\">\n<h4 class=\"wp-block-heading has-text-align-center\"><a href=\"https:\/\/led.amasly.com\/sk\/products\/\">Svetl\u00e1 LED odoln\u00e9 proti v\u00fdbuchu<\/a><\/h4>\n<\/div>\n\n\n\n<div class=\"wp-block-uagb-container uagb-block-9bc52fc2\">\n<h4 class=\"wp-block-heading has-text-align-center\"><a href=\"https:\/\/led.amasly.com\/sk\/products\/\">Trojit\u00e9 LED osvetlenie<\/a><\/h4>\n<\/div>\n\n\n\n<div class=\"wp-block-uagb-container uagb-block-8ffa0a23\">\n<h4 class=\"wp-block-heading has-text-align-center\"><a href=\"https:\/\/led.amasly.com\/sk\/products\/\">Svetl\u00e1 \u010derpac\u00edch stan\u00edc odoln\u00e9 proti v\u00fdbuchu<\/a><\/h4>\n<\/div>\n<\/div><\/div>\n\n\n\n<div class=\"wp-block-uagb-container uagb-block-29499fe0 alignfull uagb-is-root-container\"><div class=\"uagb-container-inner-blocks-wrap\">\n<div class=\"wp-block-uagb-container uagb-block-777ee1c7\">\n<div class=\"wp-block-uagb-image uagb-block-2e9a1851 wp-block-uagb-image--layout-default wp-block-uagb-image--effect-static wp-block-uagb-image--align-none\"><figure class=\"wp-block-uagb-image__figure\"><a class=\"\" href=\"https:\/\/led.amasly.com\/sk\/products\/\" target=\"\" rel=\"noopener\"><img decoding=\"async\" srcset=\"https:\/\/led.amasly.com\/wp-content\/uploads\/2024\/10\/50W-100W-150W-200W-300W-LED-Flood-Light.jpg ,https:\/\/led.amasly.com\/wp-content\/uploads\/2024\/10\/50W-100W-150W-200W-300W-LED-Flood-Light.jpg 780w, https:\/\/led.amasly.com\/wp-content\/uploads\/2024\/10\/50W-100W-150W-200W-300W-LED-Flood-Light.jpg 360w\" sizes=\"auto, (max-width: 480px) 150px\" src=\"https:\/\/led.amasly.com\/wp-content\/uploads\/2024\/10\/50W-100W-150W-200W-300W-LED-Flood-Light.jpg\" alt=\"\" class=\"uag-image-1526\" width=\"300\" height=\"300\" title=\"50W 100W 150W 200W 300W LED povod\u0148ov\u00e9 svetlo\" loading=\"lazy\" role=\"img\"><\/a><\/figure><\/div>\n<\/div>\n\n\n\n<div class=\"wp-block-uagb-container uagb-block-af8c8683\">\n<div class=\"wp-block-uagb-image uagb-block-67947854 wp-block-uagb-image--layout-default wp-block-uagb-image--effect-static wp-block-uagb-image--align-none\"><figure class=\"wp-block-uagb-image__figure\"><a class=\"\" href=\"https:\/\/led.amasly.com\/sk\/products\/\" target=\"\" rel=\"noopener\"><img decoding=\"async\" srcset=\"https:\/\/led.amasly.com\/wp-content\/uploads\/2024\/07\/led-tri-proof-light.png ,https:\/\/led.amasly.com\/wp-content\/uploads\/2024\/07\/led-tri-proof-light.png 780w, https:\/\/led.amasly.com\/wp-content\/uploads\/2024\/07\/led-tri-proof-light.png 360w\" sizes=\"auto, (max-width: 480px) 150px\" src=\"https:\/\/led.amasly.com\/wp-content\/uploads\/2024\/07\/led-tri-proof-light.png\" alt=\"\" class=\"uag-image-1130\" width=\"300\" height=\"300\" title=\"led-tri-proof-light\" loading=\"lazy\" role=\"img\"><\/a><\/figure><\/div>\n<\/div>\n\n\n\n<div class=\"wp-block-uagb-container uagb-block-0fdfdd58\">\n<div class=\"wp-block-uagb-image uagb-block-1187d32d wp-block-uagb-image--layout-default wp-block-uagb-image--effect-static wp-block-uagb-image--align-none\"><figure class=\"wp-block-uagb-image__figure\"><a class=\"\" href=\"https:\/\/led.amasly.com\/sk\/products\/\" target=\"\" rel=\"noopener\"><img decoding=\"async\" srcset=\"https:\/\/led.amasly.com\/wp-content\/uploads\/2024\/07\/LED-street-light.jpg ,https:\/\/led.amasly.com\/wp-content\/uploads\/2024\/07\/LED-street-light.jpg 780w, https:\/\/led.amasly.com\/wp-content\/uploads\/2024\/07\/LED-street-light.jpg 360w\" sizes=\"auto, (max-width: 480px) 150px\" src=\"https:\/\/led.amasly.com\/wp-content\/uploads\/2024\/07\/LED-street-light.jpg\" alt=\"\" class=\"uag-image-1145\" width=\"300\" height=\"300\" title=\"Uli\u010dn\u00e9 osvetlenie LED\" loading=\"lazy\" role=\"img\"><\/a><\/figure><\/div>\n<\/div>\n<\/div><\/div>\n\n\n\n<div class=\"wp-block-uagb-container uagb-block-6a60882c alignfull uagb-is-root-container\"><div class=\"uagb-container-inner-blocks-wrap\">\n<div class=\"wp-block-uagb-container uagb-block-f1e91a35\">\n<h4 class=\"wp-block-heading has-text-align-center\"><a href=\"https:\/\/led.amasly.com\/sk\/products\/\">LED svetl\u00e1 na zaplavenie<\/a><\/h4>\n<\/div>\n\n\n\n<div class=\"wp-block-uagb-container uagb-block-165bfa58\">\n<h4 class=\"wp-block-heading has-text-align-center\"><a href=\"https:\/\/led.amasly.com\/sk\/products\/\">LED Tri-Proof Tube Lights<\/a><\/h4>\n<\/div>\n\n\n\n<div class=\"wp-block-uagb-container uagb-block-f6096e3b\">\n<h4 class=\"wp-block-heading has-text-align-center\"><a href=\"https:\/\/led.amasly.com\/sk\/products\/\">Pouli\u010dn\u00e9 svetl\u00e1 LED<\/a><\/h4>\n<\/div>\n<\/div><\/div>\n\n\n\n<p><\/p>","protected":false},"excerpt":{"rendered":"<p>Gas Station Lighting Solution Gas Station Lighting Solution Introduce: With the continuous adjustment of the strategic structure of energy and the increasing efforts of clean and low-carbon energy and other factors, China National Petroleum Corporation traditional energy giants have accelerated the deployment and adjustment of non-oil energy supply system, and will rely on their own [&hellip;]<\/p>\n","protected":false},"author":1,"featured_media":0,"parent":1808,"menu_order":0,"comment_status":"closed","ping_status":"closed","template":"","meta":{"_uag_custom_page_level_css":"","site-sidebar-layout":"no-sidebar","site-content-layout":"","ast-site-content-layout":"default","site-content-style":"default","site-sidebar-style":"default","ast-global-header-display":"","ast-banner-title-visibility":"","ast-main-header-display":"","ast-hfb-above-header-display":"","ast-hfb-below-header-display":"","ast-hfb-mobile-header-display":"","site-post-title":"disabled","ast-breadcrumbs-content":"","ast-featured-img":"","footer-sml-layout":"","ast-disable-related-posts":"","theme-transparent-header-meta":"enabled","adv-header-id-meta":"","stick-header-meta":"","header-above-stick-meta":"","header-main-stick-meta":"","header-below-stick-meta":"","astra-migrate-meta-layouts":"set","ast-page-background-enabled":"default","ast-page-background-meta":{"desktop":{"background-color":"var(--ast-global-color-4)","background-image":"","background-repeat":"repeat","background-position":"center center","background-size":"auto","background-attachment":"scroll","background-type":"","background-media":"","overlay-type":"","overlay-color":"","overlay-opacity":"","overlay-gradient":""},"tablet":{"background-color":"","background-image":"","background-repeat":"repeat","background-position":"center center","background-size":"auto","background-attachment":"scroll","background-type":"","background-media":"","overlay-type":"","overlay-color":"","overlay-opacity":"","overlay-gradient":""},"mobile":{"background-color":"","background-image":"","background-repeat":"repeat","background-position":"center center","background-size":"auto","background-attachment":"scroll","background-type":"","background-media":"","overlay-type":"","overlay-color":"","overlay-opacity":"","overlay-gradient":""}},"ast-content-background-meta":{"desktop":{"background-color":"var(--ast-global-color-5)","background-image":"","background-repeat":"repeat","background-position":"center center","background-size":"auto","background-attachment":"scroll","background-type":"","background-media":"","overlay-type":"","overlay-color":"","overlay-opacity":"","overlay-gradient":""},"tablet":{"background-color":"var(--ast-global-color-5)","background-image":"","background-repeat":"repeat","background-position":"center center","background-size":"auto","background-attachment":"scroll","background-type":"","background-media":"","overlay-type":"","overlay-color":"","overlay-opacity":"","overlay-gradient":""},"mobile":{"background-color":"var(--ast-global-color-5)","background-image":"","background-repeat":"repeat","background-position":"center center","background-size":"auto","background-attachment":"scroll","background-type":"","background-media":"","overlay-type":"","overlay-color":"","overlay-opacity":"","overlay-gradient":""}},"footnotes":""},"class_list":["post-1840","page","type-page","status-publish","hentry"],"uagb_featured_image_src":{"full":false,"thumbnail":false,"medium":false,"medium_large":false,"large":false,"1536x1536":false,"2048x2048":false,"trp-custom-language-flag":false},"uagb_author_info":{"display_name":"Joe","author_link":"https:\/\/led.amasly.com\/sk\/author\/jacklin\/"},"uagb_comment_info":0,"uagb_excerpt":"Gas Station Lighting Solution Gas Station Lighting Solution Introduce: With the continuous adjustment of the strategic structure of energy and the increasing efforts of clean and low-carbon energy and other factors, China National Petroleum Corporation traditional energy giants have accelerated the deployment and adjustment of non-oil energy supply system, and will rely on their own&hellip;","_links":{"self":[{"href":"https:\/\/led.amasly.com\/sk\/wp-json\/wp\/v2\/pages\/1840","targetHints":{"allow":["GET"]}}],"collection":[{"href":"https:\/\/led.amasly.com\/sk\/wp-json\/wp\/v2\/pages"}],"about":[{"href":"https:\/\/led.amasly.com\/sk\/wp-json\/wp\/v2\/types\/page"}],"author":[{"embeddable":true,"href":"https:\/\/led.amasly.com\/sk\/wp-json\/wp\/v2\/users\/1"}],"replies":[{"embeddable":true,"href":"https:\/\/led.amasly.com\/sk\/wp-json\/wp\/v2\/comments?post=1840"}],"version-history":[{"count":6,"href":"https:\/\/led.amasly.com\/sk\/wp-json\/wp\/v2\/pages\/1840\/revisions"}],"predecessor-version":[{"id":4566,"href":"https:\/\/led.amasly.com\/sk\/wp-json\/wp\/v2\/pages\/1840\/revisions\/4566"}],"up":[{"embeddable":true,"href":"https:\/\/led.amasly.com\/sk\/wp-json\/wp\/v2\/pages\/1808"}],"wp:attachment":[{"href":"https:\/\/led.amasly.com\/sk\/wp-json\/wp\/v2\/media?parent=1840"}],"curies":[{"name":"wp","href":"https:\/\/api.w.org\/{rel}","templated":true}]}}