{"id":1321,"date":"2024-07-21T15:54:32","date_gmt":"2024-07-21T07:54:32","guid":{"rendered":"https:\/\/led.amasly.com\/?page_id=1321"},"modified":"2026-01-24T20:01:45","modified_gmt":"2026-01-24T12:01:45","slug":"hbl2","status":"publish","type":"page","link":"https:\/\/led.amasly.com\/sk\/products\/led-high-bay-light\/hbl2\/","title":{"rendered":"HBL2 LED line\u00e1rne svietidl\u00e1 High Bay"},"content":{"rendered":"<h2 class=\"wp-block-heading\"><\/h2>\n\n\n\n<p><\/p>\n\n\n\n<h2 class=\"wp-block-heading\"><\/h2>\n\n\n\n<h2 class=\"wp-block-heading\"><\/h2>\n\n\n\n<p><\/p>\n\n\n\n<div class=\"wp-block-uagb-container uagb-block-e407eb08 alignfull uagb-is-root-container\"><div class=\"uagb-container-inner-blocks-wrap\">\n<div class=\"wp-block-uagb-info-box uagb-block-7c0a134c uagb-infobox__content-wrap  uagb-infobox-icon-above-title uagb-infobox-image-valign-top wp-block-uagb-info-box--has-margin\"><div class=\"uagb-infobox-margin-wrapper\"><div class=\"uagb-ifb-content\"><div class=\"uagb-ifb-title-wrap\"><\/div><\/div><\/div><\/div>\n<\/div><\/div>\n\n\n\n<p><\/p>\n\n\n\n<p><\/p>\n\n\n\n<h2 class=\"wp-block-heading\"><\/h2>\n\n\n\n<h1 class=\"wp-block-heading has-text-align-center\">Line\u00e1rne LED svietidl\u00e1 High Bay<\/h1>\n\n\n\n<div class=\"wp-block-uagb-container uagb-block-5d28ec94 default uagb-is-root-container\">\n<div class=\"wp-block-uagb-container uagb-block-462981e6\">\n<div class=\"wp-block-uagb-container uagb-block-6f08c8e4 alignfull uagb-is-root-container\"><div class=\"uagb-container-inner-blocks-wrap\">\n<div class=\"wp-block-uagb-container uagb-block-b229cb92\">\n<h3 class=\"wp-block-heading\">Obsah<\/h3>\n\n\n\n<div class=\"wp-block-buttons is-layout-flex wp-container-core-buttons-is-layout-45b20515 wp-block-buttons-is-layout-flex\">\n<div class=\"wp-block-button\"><a class=\"wp-block-button__link wp-element-button\" href=\"https:\/\/led.amasly.com\/sk\/products\/explosion-proof-lights\/\">Svetl\u00e1 odoln\u00e9 proti v\u00fdbuchu<\/a><\/div>\n\n\n\n<div class=\"wp-block-button is-style-fill\"><a class=\"wp-block-button__link wp-element-button\" href=\"https:\/\/led.amasly.com\/sk\/products\/ex-proof-electrical-appliance\/\">Elektrick\u00fd spotrebi\u010d odoln\u00fd proti v\u00fdbuchu<\/a><\/div>\n\n\n\n<div class=\"wp-block-button\"><a class=\"wp-block-button__link wp-element-button\" href=\"https:\/\/led.amasly.com\/sk\/products\/led-tri-proof-light-2\/\">LED svetlo odoln\u00e9 proti vybo\u010deniu<\/a><\/div>\n\n\n\n<div class=\"wp-block-button\"><a class=\"wp-block-button__link wp-element-button\" href=\"https:\/\/led.amasly.com\/sk\/products\/led-high-bay-light\/\">LED High Bay Light<\/a><\/div>\n\n\n\n<div class=\"wp-block-button\"><a class=\"wp-block-button__link wp-element-button\" href=\"https:\/\/led.amasly.com\/sk\/products\/led-flood-lights\/\">Svetlo LED na zaplavenie<\/a><\/div>\n\n\n\n<div class=\"wp-block-button\"><a class=\"wp-block-button__link wp-element-button\" href=\"https:\/\/led.amasly.com\/sk\/products\/led-street-lights\/\">LED pouli\u010dn\u00e9 osvetlenie<\/a><\/div>\n\n\n\n<div class=\"wp-block-button\"><a class=\"wp-block-button__link wp-element-button\" href=\"https:\/\/led.amasly.com\/sk\/products\/solar-lights\/\">LED sol\u00e1rne svetlo<\/a><\/div>\n<\/div>\n\n\n\n<h4 class=\"wp-block-heading\"><\/h4>\n\n\n\n<h4 class=\"wp-block-heading\">Kontakt<\/h4>\n\n\n\n<ul class=\"wp-block-list\">\n<li>E-mail: sales01@amasly.com<strong>       <\/strong><\/li>\n\n\n\n<li>Mobil: +86 13732643699<strong>                    <\/strong><\/li>\n<\/ul>\n<\/div>\n\n\n\n<div class=\"wp-block-columns is-layout-flex wp-container-core-columns-is-layout-28f84493 wp-block-columns-is-layout-flex\">\n<div class=\"wp-block-column is-layout-flow wp-block-column-is-layout-flow\" style=\"flex-basis:100%\">\n<div class=\"wp-block-uagb-container uagb-block-064256a4\">\n<div class=\"wp-block-columns is-layout-flex wp-container-core-columns-is-layout-28f84493 wp-block-columns-is-layout-flex\">\n<div class=\"wp-block-column is-layout-flow wp-block-column-is-layout-flow\" style=\"flex-basis:100%\">\n<div class=\"wp-block-columns is-layout-flex wp-container-core-columns-is-layout-28f84493 wp-block-columns-is-layout-flex\">\n<div class=\"wp-block-column is-layout-flow wp-block-column-is-layout-flow\">\n<div class=\"wp-block-uagb-image uagb-block-f7623661 wp-block-uagb-image--layout-default wp-block-uagb-image--effect-static wp-block-uagb-image--align-none\"><figure class=\"wp-block-uagb-image__figure\"><img decoding=\"async\" srcset=\"https:\/\/led.amasly.com\/wp-content\/uploads\/2024\/07\/LED-Linear-high-bay-lights.jpg ,https:\/\/led.amasly.com\/wp-content\/uploads\/2024\/07\/LED-Linear-high-bay-lights.jpg 780w, https:\/\/led.amasly.com\/wp-content\/uploads\/2024\/07\/LED-Linear-high-bay-lights.jpg 360w\" sizes=\"auto, (max-width: 480px) 150px\" src=\"https:\/\/led.amasly.com\/wp-content\/uploads\/2024\/07\/LED-Linear-high-bay-lights.jpg\" alt=\"LED Linear High Bay Lights\" class=\"uag-image-1322\" width=\"300\" height=\"300\" title=\"Line\u00e1rne LED svietidl\u00e1 s vysok\u00fdm v\u00fdlo\u017en\u00edkom\" loading=\"lazy\" role=\"img\"\/><\/figure><\/div>\n<\/div>\n\n\n\n<div class=\"wp-block-column is-layout-flow wp-block-column-is-layout-flow\">\n<p>Vlastnosti dizajnu v\u00fdrobku:<\/p>\n\n\n\n<p>Sveteln\u00e1 \u00fa\u010dinnos\u0165: 130 lm\/w-150lm\/w<\/p>\n\n\n\n<p>Zdroj svetla LED: LUMILEDS<\/p>\n\n\n\n<p>Uhol rozlo\u017eenia svetla: 90\u00b0<\/p>\n\n\n\n<p>Inteligentn\u00fd re\u017eim ovl\u00e1dania (volite\u013en\u00fd): Sn\u00edmanie mikrovlnnej r\u00fary \/ infra\u010derven\u00e9 sn\u00edmanie pohybu \u010dloveka \/ sn\u00edmanie ovl\u00e1dania svetla, inteligencia wifi zigbee, dali stmievanie at\u010f.<\/p>\n\n\n\n<p>Sp\u00f4sob mont\u00e1\u017ee: Mont\u00e1\u017e na povrch \/ rameno 2.chain mount 3.Pipe mount<\/p>\n\n\n\n<p>Certifik\u00e1cia v\u00fdrobku: CE, RoHS<\/p>\n\n\n\n<p>Z\u00e1ru\u010dn\u00e1 doba na v\u00fdrobok: tri roky<\/p>\n\n\n\n<p>Pou\u017eitie v\u00fdrobku:<br>Sklady, tov\u00e1rne, m\u00fdtne stanice, automobilov\u00e9 opravovne, v\u00fdrobn\u00e9 dielne, n\u00e1kupn\u00e9 centr\u00e1, supermarkety, \u0161tadi\u00f3ny, kin\u00e1, nemocnice a in\u00e9 vn\u00fatorn\u00e9 osvetlenie.<\/p>\n<\/div>\n<\/div>\n<\/div>\n<\/div>\n\n\n\n<div class=\"wp-block-uagb-container uagb-block-201e76d4\">\n<figure class=\"wp-block-table\"><table><tbody><tr><td>Moel<\/td><td>Nap\u00e1janie<\/td><td>Z\u00e1ruka<\/td><td>Diamantov\u00e9<\/td><td>\u00da\u010dinnos\u0165 svetla<\/td><td>Nap\u00e4tie<\/td><td>CCT<\/td><td>PF<\/td><\/tr><tr><td>HBR1<\/td><td>100W-400W<\/td><td>3 roky<\/td><td>volite\u013en\u00e9<\/td><td>130lm\/w<\/td><td>AC100-277V<\/td><td>3000K-6500K<\/td><td>&gt;0.97<\/td><\/tr><\/tbody><\/table><\/figure>\n\n\n\n<h2 class=\"wp-block-heading\">Line\u00e1rne LED svietidl\u00e1 High Bay Ve\u013ekosti:<\/h2>\n\n\n\n<div class=\"wp-block-uagb-image uagb-block-0867b09d wp-block-uagb-image--layout-default wp-block-uagb-image--effect-static wp-block-uagb-image--align-none\"><figure class=\"wp-block-uagb-image__figure\"><img decoding=\"async\" srcset=\"https:\/\/led.amasly.com\/wp-content\/uploads\/2024\/07\/300W-LED-Linear-High-bay-lights.avif ,https:\/\/led.amasly.com\/wp-content\/uploads\/2024\/07\/300W-LED-Linear-High-bay-lights.avif 780w, https:\/\/led.amasly.com\/wp-content\/uploads\/2024\/07\/300W-LED-Linear-High-bay-lights.avif 360w\" sizes=\"auto, (max-width: 480px) 150px\" src=\"https:\/\/led.amasly.com\/wp-content\/uploads\/2024\/07\/300W-LED-Linear-High-bay-lights.avif\" alt=\"\" class=\"uag-image-1323\" width=\"300\" height=\"300\" title=\"300W line\u00e1rne LED svietidl\u00e1 High bay\" loading=\"lazy\" role=\"img\"><\/figure><\/div>\n\n\n\n<h2 class=\"wp-block-heading\">Podrobnosti o LED line\u00e1rnych svetl\u00e1ch High Bay:<\/h2>\n\n\n\n<div class=\"wp-block-uagb-image uagb-block-aaa6c563 wp-block-uagb-image--layout-default wp-block-uagb-image--effect-static wp-block-uagb-image--align-none\"><figure class=\"wp-block-uagb-image__figure\"><img decoding=\"async\" srcset=\"https:\/\/led.amasly.com\/wp-content\/uploads\/2024\/07\/300W-LED-Linear-High-bay-lights2.avif ,https:\/\/led.amasly.com\/wp-content\/uploads\/2024\/07\/300W-LED-Linear-High-bay-lights2.avif 780w, https:\/\/led.amasly.com\/wp-content\/uploads\/2024\/07\/300W-LED-Linear-High-bay-lights2.avif 360w\" sizes=\"auto, (max-width: 480px) 150px\" src=\"https:\/\/led.amasly.com\/wp-content\/uploads\/2024\/07\/300W-LED-Linear-High-bay-lights2.avif\" alt=\"\" class=\"uag-image-1324\" width=\"300\" height=\"300\" title=\"300W line\u00e1rne LED svietidl\u00e1 High bay2\" loading=\"lazy\" role=\"img\"><\/figure><\/div>\n<\/div>\n<\/div>\n<\/div>\n<\/div>\n<\/div><\/div>\n<\/div>\n<\/div>\n\n\n\n<h2 class=\"wp-block-heading\"><strong>\u010casto kladen\u00e9 ot\u00e1zky o Amasly Light<\/strong><\/h2>\n\n\n\n<p><strong>Q1.Can m\u00e1m vzorov\u00fa objedn\u00e1vku pre LED svetlo?<\/strong><strong><\/strong><\/p>\n\n\n\n<p>Odpove\u010f: \u00c1no, v\u00edtame objedn\u00e1vku vzorky na testovanie a kontrolu kvality. Zmie\u0161an\u00e9 vzorky s\u00fa prijate\u013en\u00e9.<\/p>\n\n\n\n<p><strong>Q2.A \u010do \u010das realiz\u00e1cie?<\/strong><strong><\/strong><\/p>\n\n\n\n<p>Odpove\u010f: Vzorka potrebuje 3-5 dn\u00ed, \u010das hromadnej v\u00fdroby potrebuje 1-2 t\u00fd\u017edne.<\/p>\n\n\n\n<p><strong>Q3.Do m\u00e1te nejak\u00fd limit MOQ pre sveteln\u00fa objedn\u00e1vku?<\/strong><strong><\/strong><\/p>\n\n\n\n<p>Odpove\u010f: K dispoz\u00edcii je n\u00edzky MOQ 1 ks na kontrolu vzorky.<\/p>\n\n\n\n<p><strong>Q4. Ako odosielate tovar a ako dlho trv\u00e1 jeho doru\u010denie?<\/strong><strong><\/strong><\/p>\n\n\n\n<p>Odpove\u010f: Zvy\u010dajne posielame <a href=\"https:\/\/www.dhl.com\" rel=\"nofollow noopener\" target=\"_blank\">DHL<\/a>, UPS, FedEx alebo TNT. Zvy\u010dajne trv\u00e1 3-5 dn\u00ed, k\u00fdm doraz\u00ed. Leteck\u00e1 a n\u00e1morn\u00e1 doprava je tie\u017e volite\u013en\u00e1.<\/p>\n\n\n\n<p><strong>Q5. Ako postupova\u0165 pri objedn\u00e1vke LED svetla?<\/strong><strong><\/strong><\/p>\n\n\n\n<p>A:<\/p>\n\n\n\n<p>Najprv n\u00e1m ozn\u00e1mte svoje po\u017eiadavky alebo \u017eiados\u0165.<\/p>\n\n\n\n<p>Po druh\u00e9, pon\u00fakame ceny pod\u013ea va\u0161ich po\u017eiadaviek alebo na\u0161ich n\u00e1vrhov.<\/p>\n\n\n\n<p>Po tretie, z\u00e1kazn\u00edk potvrd\u00ed vzorky a zlo\u017e\u00ed z\u00e1lohu na form\u00e1lnu objedn\u00e1vku.<\/p>\n\n\n\n<p>Po \u0161tvrt\u00e9, zabezpe\u010dujeme v\u00fdrobu.<\/p>\n\n\n\n<p><strong>Q6.Je v poriadku vytla\u010di\u0165 m\u00f4j <\/strong><strong>LOGO<\/strong><strong>&nbsp;na produkte led svetla ?<\/strong><strong><\/strong><\/p>\n\n\n\n<p>Odpove\u010f: \u00c1no.Pros\u00edm, informujte n\u00e1s form\u00e1lne pred na\u0161ou v\u00fdrobou a najprv potvr\u010fte dizajn na z\u00e1klade na\u0161ej vzorky.<\/p>\n\n\n\n<p><strong>Ot\u00e1zka 7: Poskytujete z\u00e1ruku na v\u00fdrobky?<\/strong><strong><\/strong><\/p>\n\n\n\n<p>Odpove\u010f: \u00c1no, na na\u0161e v\u00fdrobky poskytujeme z\u00e1ruku 2-5 rokov.<\/p>\n\n\n\n<p><strong>Ot\u00e1zka 8: Ako sa vysporiada\u0165 s chybou?<\/strong><strong><\/strong><\/p>\n\n\n\n<p>A:<\/p>\n\n\n\n<p>Po prv\u00e9, na\u0161e v\u00fdrobky s\u00fa vyr\u00e1ban\u00e9 dinstrict syst\u00e9m kontroly kvality a chybn\u00e9 miera bude men\u0161ia ako 0,2%<\/p>\n\n\n\n<p>Po druh\u00e9, po\u010das z\u00e1ru\u010dnej doby poskytneme n\u00e1hradn\u00e9 diely na v\u00fdmenu zlej \u010dasti. V pr\u00edpade hromadn\u00fdch objedn\u00e1vok poskytneme zranite\u013en\u00e9 diely vopred alebo m\u00f4\u017eeme diskutova\u0165 o rie\u0161eniach vr\u00e1tane stiahnutia z trhu na z\u00e1klade aktu\u00e1lnej situ\u00e1cie.<\/p>\n\n\n\n<p><strong>Ot\u00e1zka 9: M\u00f4\u017eeme vyrobi\u0165 n\u00edzkonap\u00e4\u0165ov\u00e9 nev\u00fdbu\u0161n\u00e9 svietidl\u00e1 s nap\u00e4t\u00edm AC\/DC 12 V, 24 V, 36 V alebo 48 V? <\/strong><\/p>\n\n\n\n<p>Amasly mo\u017eno pou\u017ei\u0165 ako n\u00edzkonap\u00e4\u0165ov\u00e9 aj vysokonap\u00e4\u0165ov\u00e9 nev\u00fdbu\u0161n\u00e9 svietidl\u00e1 - AC\/DC 12V, 24V, 36V, 48V, AC 85-265V, AC 380V. <\/p>\n\n\n\n<p><strong>Q10: Je mo\u017en\u00e9 prida\u0165 n\u00fadzov\u00e9 bat\u00e9rie Explosion Poof Lights? <\/strong><\/p>\n\n\n\n<p>Nev\u00fdbu\u0161n\u00e9 svietidlo Amasly m\u00f4\u017ee by\u0165 vybaven\u00e9 n\u00fadzov\u00fdmi l\u00edtiov\u00fdmi bat\u00e9riami. D\u013a\u017eka n\u00fadzov\u00e9ho nap\u00e1jania je 90 min\u00fat, 120 min\u00fat alebo 180 min\u00fat. <\/p>\n\n\n\n<p><strong>Q11: M\u00f4\u017ee by\u0165 v\u00fdbojka Amasly prisp\u00f4soben\u00e1 ako v\u00fdrobok OEM? <\/strong><\/p>\n\n\n\n<p>Nev\u00fdbu\u0161n\u00e9 lampy Amasly je mo\u017en\u00e9 prisp\u00f4sobi\u0165 pod\u013ea po\u017eiadaviek z\u00e1kazn\u00edka tak pre lampy, ako aj pre obalov\u00e9 kart\u00f3ny.<\/p>\n\n\n\n<h2 class=\"wp-block-heading\">S\u00favisiace produkty<\/h2>\n\n\n\n<div class=\"wp-block-uagb-container uagb-block-66e4defc alignfull uagb-is-root-container\"><div class=\"uagb-container-inner-blocks-wrap\">\n<div class=\"wp-block-uagb-container uagb-block-a42945f9\">\n<div class=\"wp-block-uagb-image uagb-block-7296296b wp-block-uagb-image--layout-default wp-block-uagb-image--effect-static wp-block-uagb-image--align-none\"><figure class=\"wp-block-uagb-image__figure\"><a class=\"\" href=\"https:\/\/led.amasly.com\/sk\/products\/explosion-proof-lights\/\" target=\"\" rel=\"noopener\"><img decoding=\"async\" srcset=\"https:\/\/led.amasly.com\/wp-content\/uploads\/2024\/09\/Explosion-proof-high-bay-lights.png ,https:\/\/led.amasly.com\/wp-content\/uploads\/2024\/09\/Explosion-proof-high-bay-lights.png 780w, https:\/\/led.amasly.com\/wp-content\/uploads\/2024\/09\/Explosion-proof-high-bay-lights.png 360w\" sizes=\"auto, (max-width: 480px) 150px\" src=\"https:\/\/led.amasly.com\/wp-content\/uploads\/2024\/09\/Explosion-proof-high-bay-lights.png\" alt=\"\" class=\"uag-image-1495\" width=\"300\" height=\"300\" title=\"V\u00fdbu\u0161ne odoln\u00e9 vysok\u00e9 svetl\u00e1\" loading=\"lazy\" role=\"img\"><\/a><\/figure><\/div>\n<\/div>\n\n\n\n<div class=\"wp-block-uagb-container uagb-block-4d3efde5\">\n<div class=\"wp-block-uagb-image uagb-block-c9e90797 wp-block-uagb-image--layout-default wp-block-uagb-image--effect-static wp-block-uagb-image--align-none\"><figure class=\"wp-block-uagb-image__figure\"><a class=\"\" href=\"https:\/\/led.amasly.com\/sk\/products\/ex-proof-electrical-appliance\/\" target=\"\" rel=\"noopener\"><img decoding=\"async\" srcset=\"https:\/\/led.amasly.com\/wp-content\/uploads\/2025\/01\/Explosion-proof-axial-flow-fan.jpg ,https:\/\/led.amasly.com\/wp-content\/uploads\/2025\/01\/Explosion-proof-axial-flow-fan.jpg 780w, https:\/\/led.amasly.com\/wp-content\/uploads\/2025\/01\/Explosion-proof-axial-flow-fan.jpg 360w\" sizes=\"auto, (max-width: 480px) 150px\" src=\"https:\/\/led.amasly.com\/wp-content\/uploads\/2025\/01\/Explosion-proof-axial-flow-fan.jpg\" alt=\"Ex-Proof Electrical Appliance\" class=\"uag-image-1767\" width=\"300\" height=\"300\" title=\"Axi\u00e1lny ventil\u00e1tor odoln\u00fd proti v\u00fdbuchu\" loading=\"lazy\" role=\"img\"\/><\/a><\/figure><\/div>\n<\/div>\n\n\n\n<div class=\"wp-block-uagb-container uagb-block-11c2578b\">\n<div class=\"wp-block-uagb-image uagb-block-6e8883aa wp-block-uagb-image--layout-default wp-block-uagb-image--effect-static wp-block-uagb-image--align-none\"><figure class=\"wp-block-uagb-image__figure\"><a class=\"\" href=\"https:\/\/led.amasly.com\/sk\/products\/explosion-proof-lights\/\" target=\"\" rel=\"noopener\"><img decoding=\"async\" srcset=\"https:\/\/led.amasly.com\/wp-content\/uploads\/2024\/09\/LED-Explosion-Proof-Gas-Station-Light.png ,https:\/\/led.amasly.com\/wp-content\/uploads\/2024\/09\/LED-Explosion-Proof-Gas-Station-Light.png 780w, https:\/\/led.amasly.com\/wp-content\/uploads\/2024\/09\/LED-Explosion-Proof-Gas-Station-Light.png 360w\" sizes=\"auto, (max-width: 480px) 150px\" src=\"https:\/\/led.amasly.com\/wp-content\/uploads\/2024\/09\/LED-Explosion-Proof-Gas-Station-Light.png\" alt=\"\" class=\"uag-image-1501\" width=\"300\" height=\"300\" title=\"LED svetlo na \u010derpacej stanici odoln\u00e9 proti v\u00fdbuchu\" loading=\"lazy\" role=\"img\"><\/a><\/figure><\/div>\n<\/div>\n<\/div><\/div>\n\n\n\n<div class=\"wp-block-uagb-container uagb-block-548945b5 alignfull uagb-is-root-container\"><div class=\"uagb-container-inner-blocks-wrap\">\n<div class=\"wp-block-uagb-container uagb-block-967755d5\">\n<h4 class=\"wp-block-heading has-text-align-center\"><a href=\"https:\/\/led.amasly.com\/sk\/products\/explosion-proof-lights\/\">Svetl\u00e1 LED odoln\u00e9 proti v\u00fdbuchu<\/a><\/h4>\n<\/div>\n\n\n\n<div class=\"wp-block-uagb-container uagb-block-9bc52fc2\">\n<h4 class=\"wp-block-heading has-text-align-center\"><a href=\"https:\/\/led.amasly.com\/sk\/products\/ex-proof-electrical-appliance\/\">Elektrick\u00fd spotrebi\u010d Ex-Proof<\/a><\/h4>\n<\/div>\n\n\n\n<div class=\"wp-block-uagb-container uagb-block-8ffa0a23\">\n<h4 class=\"wp-block-heading has-text-align-center\"><a href=\"https:\/\/led.amasly.com\/sk\/products\/explosion-proof-lights\/\">Svetl\u00e1 \u010derpac\u00edch stan\u00edc odoln\u00e9 proti v\u00fdbuchu<\/a><\/h4>\n<\/div>\n<\/div><\/div>\n\n\n\n<div class=\"wp-block-uagb-container uagb-block-29499fe0 alignfull uagb-is-root-container\"><div class=\"uagb-container-inner-blocks-wrap\">\n<div class=\"wp-block-uagb-container uagb-block-777ee1c7\">\n<div class=\"wp-block-uagb-image uagb-block-2e9a1851 wp-block-uagb-image--layout-default wp-block-uagb-image--effect-static wp-block-uagb-image--align-none\"><figure class=\"wp-block-uagb-image__figure\"><a class=\"\" href=\"https:\/\/led.amasly.com\/sk\/products\/led-flood-lights\/\" target=\"\" rel=\"noopener\"><img decoding=\"async\" srcset=\"https:\/\/led.amasly.com\/wp-content\/uploads\/2024\/10\/50W-100W-150W-200W-300W-LED-Flood-Light.jpg ,https:\/\/led.amasly.com\/wp-content\/uploads\/2024\/10\/50W-100W-150W-200W-300W-LED-Flood-Light.jpg 780w, https:\/\/led.amasly.com\/wp-content\/uploads\/2024\/10\/50W-100W-150W-200W-300W-LED-Flood-Light.jpg 360w\" sizes=\"auto, (max-width: 480px) 150px\" src=\"https:\/\/led.amasly.com\/wp-content\/uploads\/2024\/10\/50W-100W-150W-200W-300W-LED-Flood-Light.jpg\" alt=\"\" class=\"uag-image-1526\" width=\"300\" height=\"300\" title=\"50W 100W 150W 200W 300W LED povod\u0148ov\u00e9 svetlo\" loading=\"lazy\" role=\"img\"><\/a><\/figure><\/div>\n<\/div>\n\n\n\n<div class=\"wp-block-uagb-container uagb-block-af8c8683\">\n<div class=\"wp-block-uagb-image uagb-block-67947854 wp-block-uagb-image--layout-default wp-block-uagb-image--effect-static wp-block-uagb-image--align-none\"><figure class=\"wp-block-uagb-image__figure\"><a class=\"\" href=\"https:\/\/led.amasly.com\/sk\/products\/led-high-bay-light\/\" target=\"\" rel=\"noopener\"><img decoding=\"async\" srcset=\"https:\/\/led.amasly.com\/wp-content\/uploads\/2025\/05\/high-bay-light.webp ,https:\/\/led.amasly.com\/wp-content\/uploads\/2025\/05\/high-bay-light.webp 780w, https:\/\/led.amasly.com\/wp-content\/uploads\/2025\/05\/high-bay-light.webp 360w\" sizes=\"auto, (max-width: 480px) 150px\" src=\"https:\/\/led.amasly.com\/wp-content\/uploads\/2025\/05\/high-bay-light.webp\" alt=\"\" class=\"uag-image-3954\" width=\"300\" height=\"300\" title=\"svetlo s vysok\u00fdm v\u00fdlo\u017en\u00edkom\" loading=\"lazy\" role=\"img\"><\/a><\/figure><\/div>\n<\/div>\n\n\n\n<div class=\"wp-block-uagb-container uagb-block-0fdfdd58\">\n<div class=\"wp-block-uagb-image uagb-block-1187d32d wp-block-uagb-image--layout-default wp-block-uagb-image--effect-static wp-block-uagb-image--align-none\"><figure class=\"wp-block-uagb-image__figure\"><a class=\"\" href=\"https:\/\/led.amasly.com\/sk\/products\/\" target=\"\" rel=\"noopener\"><img decoding=\"async\" srcset=\"https:\/\/led.amasly.com\/wp-content\/uploads\/2024\/07\/LED-street-light.jpg ,https:\/\/led.amasly.com\/wp-content\/uploads\/2024\/07\/LED-street-light.jpg 780w, https:\/\/led.amasly.com\/wp-content\/uploads\/2024\/07\/LED-street-light.jpg 360w\" sizes=\"auto, (max-width: 480px) 150px\" src=\"https:\/\/led.amasly.com\/wp-content\/uploads\/2024\/07\/LED-street-light.jpg\" alt=\"\" class=\"uag-image-1145\" width=\"300\" height=\"300\" title=\"Uli\u010dn\u00e9 osvetlenie LED\" loading=\"lazy\" role=\"img\"><\/a><\/figure><\/div>\n<\/div>\n<\/div><\/div>\n\n\n\n<div class=\"wp-block-uagb-container uagb-block-6a60882c alignfull uagb-is-root-container\"><div class=\"uagb-container-inner-blocks-wrap\">\n<div class=\"wp-block-uagb-container uagb-block-f1e91a35\">\n<h4 class=\"wp-block-heading has-text-align-center\"><a href=\"https:\/\/led.amasly.com\/sk\/products\/led-flood-lights\/\">LED svetl\u00e1 na zaplavenie<\/a><\/h4>\n<\/div>\n\n\n\n<div class=\"wp-block-uagb-container uagb-block-165bfa58\">\n<h4 class=\"wp-block-heading has-text-align-center\"><a href=\"https:\/\/led.amasly.com\/sk\/products\/led-high-bay-light\/\">Svetl\u00e1 LED High Bay<\/a><\/h4>\n<\/div>\n\n\n\n<div class=\"wp-block-uagb-container uagb-block-f6096e3b\">\n<h4 class=\"wp-block-heading has-text-align-center\"><a href=\"https:\/\/led.amasly.com\/sk\/products\/https:\/\/led.amasly.com\/products\/led-street-lights\/\">Pouli\u010dn\u00e9 svetl\u00e1 LED<\/a><\/h4>\n<\/div>\n<\/div><\/div>\n\n\n\n<div class=\"wp-block-uagb-container uagb-block-99c0e0a5 alignfull uagb-is-root-container\"><div class=\"uagb-container-inner-blocks-wrap\"><\/div><\/div>","protected":false},"excerpt":{"rendered":"<p>LED Linear High Bay Lights Content Contact Product design features: Light efficiency: 130 lm\/w-150lm\/w LED light source: LUMILEDS Light distribution Angle: 90\u00b0 Intelligent control mode (optional): Microwave sensing\/human infrared motion sensing\/light control sensing,zigbee wifi intelligence,dali dimming and so on Mounting method: 1.Surface mount\/U arm mount 2.chain mount 3.Pipe mount Product certification: CE, RoHS Product warranty [&hellip;]<\/p>\n","protected":false},"author":1,"featured_media":0,"parent":1173,"menu_order":2,"comment_status":"closed","ping_status":"closed","template":"","meta":{"_uag_custom_page_level_css":"","site-sidebar-layout":"no-sidebar","site-content-layout":"","ast-site-content-layout":"default","site-content-style":"default","site-sidebar-style":"default","ast-global-header-display":"","ast-banner-title-visibility":"","ast-main-header-display":"","ast-hfb-above-header-display":"","ast-hfb-below-header-display":"","ast-hfb-mobile-header-display":"","site-post-title":"disabled","ast-breadcrumbs-content":"","ast-featured-img":"","footer-sml-layout":"","ast-disable-related-posts":"","theme-transparent-header-meta":"enabled","adv-header-id-meta":"","stick-header-meta":"","header-above-stick-meta":"","header-main-stick-meta":"","header-below-stick-meta":"","astra-migrate-meta-layouts":"set","ast-page-background-enabled":"default","ast-page-background-meta":{"desktop":{"background-color":"var(--ast-global-color-4)","background-image":"","background-repeat":"repeat","background-position":"center center","background-size":"auto","background-attachment":"scroll","background-type":"","background-media":"","overlay-type":"","overlay-color":"","overlay-opacity":"","overlay-gradient":""},"tablet":{"background-color":"","background-image":"","background-repeat":"repeat","background-position":"center center","background-size":"auto","background-attachment":"scroll","background-type":"","background-media":"","overlay-type":"","overlay-color":"","overlay-opacity":"","overlay-gradient":""},"mobile":{"background-color":"","background-image":"","background-repeat":"repeat","background-position":"center center","background-size":"auto","background-attachment":"scroll","background-type":"","background-media":"","overlay-type":"","overlay-color":"","overlay-opacity":"","overlay-gradient":""}},"ast-content-background-meta":{"desktop":{"background-color":"var(--ast-global-color-5)","background-image":"","background-repeat":"repeat","background-position":"center center","background-size":"auto","background-attachment":"scroll","background-type":"","background-media":"","overlay-type":"","overlay-color":"","overlay-opacity":"","overlay-gradient":""},"tablet":{"background-color":"var(--ast-global-color-5)","background-image":"","background-repeat":"repeat","background-position":"center center","background-size":"auto","background-attachment":"scroll","background-type":"","background-media":"","overlay-type":"","overlay-color":"","overlay-opacity":"","overlay-gradient":""},"mobile":{"background-color":"var(--ast-global-color-5)","background-image":"","background-repeat":"repeat","background-position":"center center","background-size":"auto","background-attachment":"scroll","background-type":"","background-media":"","overlay-type":"","overlay-color":"","overlay-opacity":"","overlay-gradient":""}},"footnotes":"[]"},"class_list":["post-1321","page","type-page","status-publish","hentry"],"uagb_featured_image_src":{"full":false,"thumbnail":false,"medium":false,"medium_large":false,"large":false,"1536x1536":false,"2048x2048":false,"trp-custom-language-flag":false},"uagb_author_info":{"display_name":"Joe","author_link":"https:\/\/led.amasly.com\/sk\/author\/jacklin\/"},"uagb_comment_info":0,"uagb_excerpt":"LED Linear High Bay Lights Content Contact Product design features: Light efficiency: 130 lm\/w-150lm\/w LED light source: LUMILEDS Light distribution Angle: 90\u00b0 Intelligent control mode (optional): Microwave sensing\/human infrared motion sensing\/light control sensing,zigbee wifi intelligence,dali dimming and so on Mounting method: 1.Surface mount\/U arm mount 2.chain mount 3.Pipe mount Product certification: CE, RoHS Product warranty&hellip;","_links":{"self":[{"href":"https:\/\/led.amasly.com\/sk\/wp-json\/wp\/v2\/pages\/1321","targetHints":{"allow":["GET"]}}],"collection":[{"href":"https:\/\/led.amasly.com\/sk\/wp-json\/wp\/v2\/pages"}],"about":[{"href":"https:\/\/led.amasly.com\/sk\/wp-json\/wp\/v2\/types\/page"}],"author":[{"embeddable":true,"href":"https:\/\/led.amasly.com\/sk\/wp-json\/wp\/v2\/users\/1"}],"replies":[{"embeddable":true,"href":"https:\/\/led.amasly.com\/sk\/wp-json\/wp\/v2\/comments?post=1321"}],"version-history":[{"count":6,"href":"https:\/\/led.amasly.com\/sk\/wp-json\/wp\/v2\/pages\/1321\/revisions"}],"predecessor-version":[{"id":4697,"href":"https:\/\/led.amasly.com\/sk\/wp-json\/wp\/v2\/pages\/1321\/revisions\/4697"}],"up":[{"embeddable":true,"href":"https:\/\/led.amasly.com\/sk\/wp-json\/wp\/v2\/pages\/1173"}],"wp:attachment":[{"href":"https:\/\/led.amasly.com\/sk\/wp-json\/wp\/v2\/media?parent=1321"}],"curies":[{"name":"wp","href":"https:\/\/api.w.org\/{rel}","templated":true}]}}