{"id":1231,"date":"2024-07-16T20:54:58","date_gmt":"2024-07-16T12:54:58","guid":{"rendered":"https:\/\/led.amasly.com\/?page_id=1231"},"modified":"2026-01-18T10:05:02","modified_gmt":"2026-01-18T02:05:02","slug":"bay","status":"publish","type":"page","link":"https:\/\/led.amasly.com\/sk\/products\/explosion-proof-lights\/bay\/","title":{"rendered":"Fluorescen\u010dn\u00e9 svetl\u00e1 odoln\u00e9 proti v\u00fdbuchu"},"content":{"rendered":"<h2 class=\"wp-block-heading\"><\/h2>\n\n\n\n<p><\/p>\n\n\n\n<h2 class=\"wp-block-heading\"><\/h2>\n\n\n\n<h2 class=\"wp-block-heading\"><\/h2>\n\n\n\n<p><\/p>\n\n\n\n<div class=\"wp-block-uagb-container uagb-block-e407eb08 alignfull uagb-is-root-container\"><div class=\"uagb-container-inner-blocks-wrap\">\n<div class=\"wp-block-uagb-info-box uagb-block-7c0a134c uagb-infobox__content-wrap  uagb-infobox-icon-above-title uagb-infobox-image-valign-top wp-block-uagb-info-box--has-margin\"><div class=\"uagb-infobox-margin-wrapper\"><div class=\"uagb-ifb-content\"><div class=\"uagb-ifb-title-wrap\"><\/div><\/div><\/div><\/div>\n<\/div><\/div>\n\n\n\n<p><\/p>\n\n\n\n<p><\/p>\n\n\n\n<h2 class=\"wp-block-heading\"><\/h2>\n\n\n\n<h1 class=\"wp-block-heading has-text-align-center\">Svetl\u00e1 trubice odoln\u00e9 proti v\u00fdbuchu \/ \u017eiarivky odoln\u00e9 proti v\u00fdbuchu<\/h1>\n\n\n\n<div class=\"wp-block-uagb-container uagb-block-5d28ec94 default uagb-is-root-container\">\n<div class=\"wp-block-uagb-container uagb-block-462981e6\">\n<div class=\"wp-block-uagb-container uagb-block-6f08c8e4 alignfull uagb-is-root-container\"><div class=\"uagb-container-inner-blocks-wrap\">\n<div class=\"wp-block-uagb-container uagb-block-b229cb92\">\n<h3 class=\"wp-block-heading\">Obsah<\/h3>\n\n\n\n<div class=\"wp-block-buttons is-layout-flex wp-container-core-buttons-is-layout-45b20515 wp-block-buttons-is-layout-flex\">\n<div class=\"wp-block-button\"><a class=\"wp-block-button__link wp-element-button\" href=\"https:\/\/led.amasly.com\/sk\/products\/explosion-proof-lights\/\">Svetl\u00e1 odoln\u00e9 proti v\u00fdbuchu<\/a><\/div>\n\n\n\n<div class=\"wp-block-button is-style-fill\"><a class=\"wp-block-button__link wp-element-button\" href=\"https:\/\/led.amasly.com\/sk\/products\/ex-proof-electrical-appliance\/\">Elektrick\u00fd spotrebi\u010d odoln\u00fd proti v\u00fdbuchu<\/a><\/div>\n\n\n\n<div class=\"wp-block-button\"><a class=\"wp-block-button__link wp-element-button\" href=\"https:\/\/led.amasly.com\/sk\/products\/led-tri-proof-light-2\/\">LED svetlo odoln\u00e9 proti vybo\u010deniu<\/a><\/div>\n\n\n\n<div class=\"wp-block-button\"><a class=\"wp-block-button__link wp-element-button\" href=\"https:\/\/led.amasly.com\/sk\/products\/led-high-bay-light\/\">LED High Bay Light<\/a><\/div>\n\n\n\n<div class=\"wp-block-button\"><a class=\"wp-block-button__link wp-element-button\" href=\"https:\/\/led.amasly.com\/sk\/products\/led-flood-lights\/\">Svetlo LED na zaplavenie<\/a><\/div>\n\n\n\n<div class=\"wp-block-button\"><a class=\"wp-block-button__link wp-element-button\" href=\"https:\/\/led.amasly.com\/sk\/products\/led-street-lights\/\">LED pouli\u010dn\u00e9 osvetlenie<\/a><\/div>\n\n\n\n<div class=\"wp-block-button\"><a class=\"wp-block-button__link wp-element-button\" href=\"https:\/\/led.amasly.com\/sk\/products\/solar-lights\/\">LED sol\u00e1rne svetlo<\/a><\/div>\n<\/div>\n\n\n\n<h4 class=\"wp-block-heading\"><\/h4>\n\n\n\n<h4 class=\"wp-block-heading\">Kontakt<\/h4>\n\n\n\n<ul class=\"wp-block-list\">\n<li>E-mail: sales01@amasly.com<strong> <\/strong>      <\/li>\n\n\n\n<li>Mobiln\u00fd telef\u00f3n:<strong> <\/strong>+86 13732643699                   <\/li>\n<\/ul>\n<\/div>\n\n\n\n<div class=\"wp-block-columns is-layout-flex wp-container-core-columns-is-layout-28f84493 wp-block-columns-is-layout-flex\">\n<div class=\"wp-block-column is-layout-flow wp-block-column-is-layout-flow\" style=\"flex-basis:100%\">\n<div class=\"wp-block-uagb-container uagb-block-064256a4\">\n<div class=\"wp-block-columns is-layout-flex wp-container-core-columns-is-layout-28f84493 wp-block-columns-is-layout-flex\">\n<div class=\"wp-block-column is-layout-flow wp-block-column-is-layout-flow\" style=\"flex-basis:100%\">\n<div class=\"wp-block-columns is-layout-flex wp-container-core-columns-is-layout-28f84493 wp-block-columns-is-layout-flex\">\n<div class=\"wp-block-column is-layout-flow wp-block-column-is-layout-flow\">\n<div class=\"wp-block-uagb-image uagb-block-f7623661 wp-block-uagb-image--layout-default wp-block-uagb-image--effect-static wp-block-uagb-image--align-none\"><figure class=\"wp-block-uagb-image__figure\"><img decoding=\"async\" srcset=\"https:\/\/led.amasly.com\/wp-content\/uploads\/2024\/07\/Explosion-proof-linear-fluorescence-lights.png ,https:\/\/led.amasly.com\/wp-content\/uploads\/2024\/07\/Explosion-proof-linear-fluorescence-lights.png 780w, https:\/\/led.amasly.com\/wp-content\/uploads\/2024\/07\/Explosion-proof-linear-fluorescence-lights.png 360w\" sizes=\"auto, (max-width: 480px) 150px\" src=\"https:\/\/led.amasly.com\/wp-content\/uploads\/2024\/07\/Explosion-proof-linear-fluorescence-lights.png\" alt=\"\" class=\"uag-image-1122\" width=\"300\" height=\"300\" title=\"Nev\u00fdbu\u0161n\u00e9 line\u00e1rne fluorescen\u010dn\u00e9 svetl\u00e1\" loading=\"lazy\" role=\"img\"><\/figure><\/div>\n<\/div>\n\n\n\n<div class=\"wp-block-column is-layout-flow wp-block-column-is-layout-flow\">\n<p>Aplik\u00e1cia<\/p>\n\n\n\n<p>1. \u0161iroko pou\u017e\u00edvan\u00fd v \u0165a\u017ebe ropy, rafin\u00e1cii ropy, chemickom, vojenskom a inom nebezpe\u010dnom prostred\u00ed tov\u00e1rne a cestn\u00e9ho osvetlenia<\/p>\n\n\n\n<p>2. vhodn\u00e9 pre pobre\u017en\u00e9, rie\u010dne a in\u00e9 prostredie s tlakom vetra a r\u00fdchlos\u0165ou vetra;<\/p>\n\n\n\n<p>3. vhodn\u00e9 pre tis\u00edce v\u00fdbu\u0161n\u00fdch plynov\u00fdch prostred\u00ed z\u00f3ny 1, z\u00f3ny 2;<\/p>\n\n\n\n<p>4. vhodn\u00e9 pre tis\u00edce hor\u013eav\u00fdch prachov\u00fdch prostred\u00ed 21 z\u00f3n, 22 z\u00f3n miest;<\/p>\n\n\n\n<p>5. vhodn\u00e9 pre v\u00fdbu\u0161n\u00e9 plynn\u00e9 prostredie IIA, IIB, IIC. Trieda I, div\u00edzia 2, skupiny A, B, C, D.<\/p>\n<\/div>\n<\/div>\n<\/div>\n<\/div>\n\n\n\n<div class=\"wp-block-uagb-container uagb-block-201e76d4\">\n<h2 class=\"wp-block-heading\">Parametre:<\/h2>\n\n\n\n<figure class=\"wp-block-table\"><table><tbody><tr><td>Moel<\/td><td>Nap\u00e1janie<\/td><td>Ex Mark<\/td><td>R\u00fdchlos\u0165 IP<\/td><td>\u00da\u010dinnos\u0165 svetla<\/td><td>Nap\u00e4tie<\/td><td>CCT<\/td><td>PF<\/td><\/tr><tr><td>BAY<\/td><td>1*9W 1*18W 1*36W <br>2*9W 2*18W 2*36W<\/td><td>Ex d IIC T6<\/td><td>IP66<\/td><td>120 lm\/w<\/td><td>Ac85-265V<\/td><td>3000K-6500K<\/td><td>&gt;0.97<\/td><\/tr><\/tbody><\/table><\/figure>\n\n\n\n<h2 class=\"wp-block-heading\">\u0160tandard vykon\u00e1vania<\/h2>\n\n\n\n<p>Nev\u00fdbu\u0161n\u00e9 \u017eiarivky Norma na vyhotovenie: <a href=\"http:\/\/www.iecex-certs.com\/\" rel=\"nofollow noopener\" target=\"_blank\">EN60079-0, EN 60079-1, EN60079-28, EN 60079-31, IEC60079-0, IEC60079-1, IEC 60079-28, IEC 60079-31<\/a><\/p>\n\n\n\n<h2 class=\"wp-block-heading\">Vlastnosti:<\/h2>\n\n\n\n<p>Puzdro je vytvoren\u00e9 tlakov\u00fdm liat\u00edm SMC, vyzna\u010duj\u00face sa vysokou pevnos\u0165ou, odolnos\u0165ou proti n\u00e1razu, antikor\u00f3znym; tienidlo je vytvoren\u00e9 zranen\u00edm polykarbon\u00e1tu, s charakteristikami vysokej priepustnosti a silnej odolnosti proti n\u00e1razu.<\/p>\n\n\n\n<p>Lampa vyu\u017e\u00edva uzavret\u00fa \u0161trukt\u00faru obl\u00faka, ktor\u00e1 je odoln\u00e1 vo\u010di vode a prachu.<\/p>\n\n\n\n<p>Zabudovan\u00fd nev\u00fdbu\u0161n\u00fd z\u00e1\u0165a\u017eov\u00fd motor je \u0161peci\u00e1lne vyroben\u00fd nami, jeho v\u00fdkonov\u00fd faktor je cso 0,85.<\/p>\n\n\n\n<p>Ke\u010f je v\u00fdrobok zapnut\u00fd, zabudovan\u00fd izola\u010dn\u00fd sp\u00edna\u010d m\u00f4\u017ee automaticky odpoji\u0165 nap\u00e1janie, \u010do je u\u017eito\u010dn\u00e9 na zlep\u0161enie bezpe\u010dnosti v\u00fdrobku.<\/p>\n\n\n\n<p><br>N\u00fadzov\u00e9 zariadenie m\u00f4\u017ee by\u0165 vybaven\u00e9 na \u017eiados\u0165 u\u017e\u00edvate\u013eov, ke\u010f sa preru\u0161\u00ed n\u00fadzov\u00e9 nap\u00e1janie, svietidlo sa automaticky prepne do n\u00fadzov\u00e9ho stavu svietenia.<\/p>\n\n\n\n<p>Zapojenie k\u00e1blov alebo k\u00e1blov<\/p>\n\n\n\n<h2 class=\"wp-block-heading\">Zdroj osvetlenia:<\/h2>\n\n\n\n<p>Medzi nev\u00fdbu\u0161n\u00e9 \u017eiarivkov\u00e9 sveteln\u00e9 zdroje patria najm\u00e4 \u017eiarivky a LED trubice (trubice T5 a T8).<\/p>\n\n\n\n<h2 class=\"wp-block-heading\">Fluorescen\u010dn\u00e9 svetl\u00e1 odoln\u00e9 proti v\u00fdbuchu Materi\u00e1ly:<\/h2>\n\n\n\n<p>Vstrekovan\u00fd pl\u00e1\u0161\u0165 z polykarbon\u00e1tovej zliatiny, vstrekovan\u00e9 tienidlo z polykarbon\u00e1tu<\/p>\n\n\n\n<h2 class=\"wp-block-heading\">Fluorescen\u010dn\u00e9 svetl\u00e1 odoln\u00e9 proti v\u00fdbuchu N\u00fadzov\u00e9:<\/h2>\n\n\n\n<p>Nev\u00fdbu\u0161n\u00e9 \u017eiarivky m\u00f4\u017eu by\u0165 vybaven\u00e9 zabudovan\u00fdmi l\u00edtiov\u00fdmi bat\u00e9riami na n\u00fadzov\u00e9 nap\u00e1janie. D\u013a\u017eka n\u00fadzov\u00e9ho nap\u00e1jania m\u00f4\u017ee by\u0165 90 min\u00fat, 120 min\u00fat alebo 180 min\u00fat.<\/p>\n\n\n\n<h2 class=\"wp-block-heading\">Pou\u017eitie:<\/h2>\n\n\n\n<p>\u0160iroko sa pou\u017e\u00edva v nebezpe\u010dn\u00fdch prostrediach, ako je \u0165a\u017eba ropy, rafin\u00e1cia ropy, chemick\u00e1 v\u00fdroba, vojensk\u00fd priemysel at\u010f., na \u00fa\u010dely osvetlenia v t\u00fdchto pracovn\u00fdch a prev\u00e1dzkov\u00fdch situ\u00e1ci\u00e1ch.<\/p>\n\n\n\n<h2 class=\"wp-block-heading\">Ve\u013ekosti \u017eiariviek odoln\u00fdch proti v\u00fdbuchu<\/h2>\n\n\n\n<p>Fluorescen\u010dn\u00e9 svetl\u00e1 s ochranou proti v\u00fdbuchu Ve\u013ekosti maj\u00fa: 0,6 m\/600 mm\/2 stopy\/2\u201d a 1,2 m\/1200 mm\/4 stopy\/4\u201d<\/p>\n\n\n\n<div class=\"wp-block-uagb-image uagb-block-e3539a8a wp-block-uagb-image--layout-default wp-block-uagb-image--effect-static wp-block-uagb-image--align-none\"><figure class=\"wp-block-uagb-image__figure\"><img decoding=\"async\" srcset=\"https:\/\/led.amasly.com\/wp-content\/uploads\/2026\/01\/Explosion-Proof-Fluorescent-Lights-Sizes.png ,https:\/\/led.amasly.com\/wp-content\/uploads\/2026\/01\/Explosion-Proof-Fluorescent-Lights-Sizes.png 780w, https:\/\/led.amasly.com\/wp-content\/uploads\/2026\/01\/Explosion-Proof-Fluorescent-Lights-Sizes.png 360w\" sizes=\"auto, (max-width: 480px) 150px\" src=\"https:\/\/led.amasly.com\/wp-content\/uploads\/2026\/01\/Explosion-Proof-Fluorescent-Lights-Sizes.png\" alt=\"\" class=\"uag-image-4408\" width=\"600\" height=\"600\" title=\"Ve\u013ekosti \u017eiariviek s ochranou proti v\u00fdbuchu\" loading=\"lazy\" role=\"img\"><\/figure><\/div>\n\n\n\n<h2 class=\"wp-block-heading\">In\u0161tal\u00e1cia \u017eiariviek s ochranou proti v\u00fdbuchu:<\/h2>\n\n\n\n<p>Nev\u00fdbu\u0161n\u00e9 \u017eiarivky mo\u017eno in\u0161talova\u0165 r\u00f4znymi sp\u00f4sobmi: In\u0161tal\u00e1cia na strop, na stenu, na z\u00e1ves, na ohybn\u00fa ty\u010d, na pr\u00edrubov\u00e9 potrubie a na z\u00e1bradlie.<\/p>\n\n\n\n<div class=\"wp-block-uagb-image uagb-block-0867b09d wp-block-uagb-image--layout-default wp-block-uagb-image--effect-static wp-block-uagb-image--align-none\"><figure class=\"wp-block-uagb-image__figure\"><img decoding=\"async\" srcset=\"https:\/\/led.amasly.com\/wp-content\/uploads\/2025\/01\/9b8970c9087c2235875d53d02712c826_1684304680117777.jpg ,https:\/\/led.amasly.com\/wp-content\/uploads\/2025\/01\/9b8970c9087c2235875d53d02712c826_1684304680117777.jpg 780w, https:\/\/led.amasly.com\/wp-content\/uploads\/2025\/01\/9b8970c9087c2235875d53d02712c826_1684304680117777.jpg 360w\" sizes=\"auto, (max-width: 480px) 150px\" src=\"https:\/\/led.amasly.com\/wp-content\/uploads\/2025\/01\/9b8970c9087c2235875d53d02712c826_1684304680117777.jpg\" alt=\"\" class=\"uag-image-1702\" width=\"300\" height=\"300\" title=\"9b8970c9087c2235875d53d02712c826_1684304680117777\" loading=\"lazy\" role=\"img\"><\/figure><\/div>\n<\/div>\n<\/div>\n<\/div>\n<\/div>\n<\/div><\/div>\n<\/div>\n<\/div>\n\n\n\n<h2 class=\"wp-block-heading\">S\u00favisiace produkty<\/h2>\n\n\n\n<div class=\"wp-block-uagb-container uagb-block-66e4defc alignfull uagb-is-root-container\"><div class=\"uagb-container-inner-blocks-wrap\">\n<div class=\"wp-block-uagb-container uagb-block-a42945f9\">\n<div class=\"wp-block-uagb-image uagb-block-7296296b wp-block-uagb-image--layout-default wp-block-uagb-image--effect-static wp-block-uagb-image--align-none\"><figure class=\"wp-block-uagb-image__figure\"><a class=\"\" href=\"https:\/\/led.amasly.com\/sk\/products\/explosion-proof-lights\/\" target=\"\" rel=\"noopener\"><img decoding=\"async\" srcset=\"https:\/\/led.amasly.com\/wp-content\/uploads\/2024\/09\/Explosion-proof-high-bay-lights.png ,https:\/\/led.amasly.com\/wp-content\/uploads\/2024\/09\/Explosion-proof-high-bay-lights.png 780w, https:\/\/led.amasly.com\/wp-content\/uploads\/2024\/09\/Explosion-proof-high-bay-lights.png 360w\" sizes=\"auto, (max-width: 480px) 150px\" src=\"https:\/\/led.amasly.com\/wp-content\/uploads\/2024\/09\/Explosion-proof-high-bay-lights.png\" alt=\"\" class=\"uag-image-1495\" width=\"300\" height=\"300\" title=\"V\u00fdbu\u0161ne odoln\u00e9 vysok\u00e9 svetl\u00e1\" loading=\"lazy\" role=\"img\"><\/a><\/figure><\/div>\n<\/div>\n\n\n\n<div class=\"wp-block-uagb-container uagb-block-4d3efde5\">\n<div class=\"wp-block-uagb-image uagb-block-c9e90797 wp-block-uagb-image--layout-default wp-block-uagb-image--effect-static wp-block-uagb-image--align-none\"><figure class=\"wp-block-uagb-image__figure\"><a class=\"\" href=\"https:\/\/led.amasly.com\/sk\/products\/ex-proof-electrical-appliance\/\" target=\"\" rel=\"noopener\"><img decoding=\"async\" srcset=\"https:\/\/led.amasly.com\/wp-content\/uploads\/2025\/01\/Explosion-proof-axial-flow-fan.jpg ,https:\/\/led.amasly.com\/wp-content\/uploads\/2025\/01\/Explosion-proof-axial-flow-fan.jpg 780w, https:\/\/led.amasly.com\/wp-content\/uploads\/2025\/01\/Explosion-proof-axial-flow-fan.jpg 360w\" sizes=\"auto, (max-width: 480px) 150px\" src=\"https:\/\/led.amasly.com\/wp-content\/uploads\/2025\/01\/Explosion-proof-axial-flow-fan.jpg\" alt=\"Ex-Proof Electrical Appliance\" class=\"uag-image-1767\" width=\"300\" height=\"300\" title=\"Axi\u00e1lny ventil\u00e1tor odoln\u00fd proti v\u00fdbuchu\" loading=\"lazy\" role=\"img\"\/><\/a><\/figure><\/div>\n<\/div>\n\n\n\n<div class=\"wp-block-uagb-container uagb-block-11c2578b\">\n<div class=\"wp-block-uagb-image uagb-block-6e8883aa wp-block-uagb-image--layout-default wp-block-uagb-image--effect-static wp-block-uagb-image--align-none\"><figure class=\"wp-block-uagb-image__figure\"><a class=\"\" href=\"https:\/\/led.amasly.com\/sk\/products\/explosion-proof-lights\/\" target=\"\" rel=\"noopener\"><img decoding=\"async\" srcset=\"https:\/\/led.amasly.com\/wp-content\/uploads\/2024\/09\/LED-Explosion-Proof-Gas-Station-Light.png ,https:\/\/led.amasly.com\/wp-content\/uploads\/2024\/09\/LED-Explosion-Proof-Gas-Station-Light.png 780w, https:\/\/led.amasly.com\/wp-content\/uploads\/2024\/09\/LED-Explosion-Proof-Gas-Station-Light.png 360w\" sizes=\"auto, (max-width: 480px) 150px\" src=\"https:\/\/led.amasly.com\/wp-content\/uploads\/2024\/09\/LED-Explosion-Proof-Gas-Station-Light.png\" alt=\"\" class=\"uag-image-1501\" width=\"300\" height=\"300\" title=\"LED svetlo na \u010derpacej stanici odoln\u00e9 proti v\u00fdbuchu\" loading=\"lazy\" role=\"img\"><\/a><\/figure><\/div>\n<\/div>\n<\/div><\/div>\n\n\n\n<div class=\"wp-block-uagb-container uagb-block-548945b5 alignfull uagb-is-root-container\"><div class=\"uagb-container-inner-blocks-wrap\">\n<div class=\"wp-block-uagb-container uagb-block-967755d5\">\n<h4 class=\"wp-block-heading has-text-align-center\"><a href=\"https:\/\/led.amasly.com\/sk\/products\/explosion-proof-lights\/\">Svetl\u00e1 LED odoln\u00e9 proti v\u00fdbuchu<\/a><\/h4>\n<\/div>\n\n\n\n<div class=\"wp-block-uagb-container uagb-block-9bc52fc2\">\n<h4 class=\"wp-block-heading has-text-align-center\"><a href=\"https:\/\/led.amasly.com\/sk\/products\/ex-proof-electrical-appliance\/\">Elektrick\u00fd spotrebi\u010d Ex-Proof<\/a><\/h4>\n<\/div>\n\n\n\n<div class=\"wp-block-uagb-container uagb-block-8ffa0a23\">\n<h4 class=\"wp-block-heading has-text-align-center\"><a href=\"https:\/\/led.amasly.com\/sk\/products\/explosion-proof-lights\/\">Svetl\u00e1 \u010derpac\u00edch stan\u00edc odoln\u00e9 proti v\u00fdbuchu<\/a><\/h4>\n<\/div>\n<\/div><\/div>\n\n\n\n<div class=\"wp-block-uagb-container uagb-block-29499fe0 alignfull uagb-is-root-container\"><div class=\"uagb-container-inner-blocks-wrap\">\n<div class=\"wp-block-uagb-container uagb-block-777ee1c7\">\n<div class=\"wp-block-uagb-image uagb-block-2e9a1851 wp-block-uagb-image--layout-default wp-block-uagb-image--effect-static wp-block-uagb-image--align-none\"><figure class=\"wp-block-uagb-image__figure\"><a class=\"\" href=\"https:\/\/led.amasly.com\/sk\/products\/led-flood-lights\/\" target=\"\" rel=\"noopener\"><img decoding=\"async\" srcset=\"https:\/\/led.amasly.com\/wp-content\/uploads\/2024\/10\/50W-100W-150W-200W-300W-LED-Flood-Light.jpg ,https:\/\/led.amasly.com\/wp-content\/uploads\/2024\/10\/50W-100W-150W-200W-300W-LED-Flood-Light.jpg 780w, https:\/\/led.amasly.com\/wp-content\/uploads\/2024\/10\/50W-100W-150W-200W-300W-LED-Flood-Light.jpg 360w\" sizes=\"auto, (max-width: 480px) 150px\" src=\"https:\/\/led.amasly.com\/wp-content\/uploads\/2024\/10\/50W-100W-150W-200W-300W-LED-Flood-Light.jpg\" alt=\"\" class=\"uag-image-1526\" width=\"300\" height=\"300\" title=\"50W 100W 150W 200W 300W LED povod\u0148ov\u00e9 svetlo\" loading=\"lazy\" role=\"img\"><\/a><\/figure><\/div>\n<\/div>\n\n\n\n<div class=\"wp-block-uagb-container uagb-block-af8c8683\">\n<div class=\"wp-block-uagb-image uagb-block-67947854 wp-block-uagb-image--layout-default wp-block-uagb-image--effect-static wp-block-uagb-image--align-none\"><figure class=\"wp-block-uagb-image__figure\"><a class=\"\" href=\"https:\/\/led.amasly.com\/sk\/products\/led-high-bay-light\/\" target=\"\" rel=\"noopener\"><img decoding=\"async\" srcset=\"https:\/\/led.amasly.com\/wp-content\/uploads\/2025\/05\/high-bay-light.webp ,https:\/\/led.amasly.com\/wp-content\/uploads\/2025\/05\/high-bay-light.webp 780w, https:\/\/led.amasly.com\/wp-content\/uploads\/2025\/05\/high-bay-light.webp 360w\" sizes=\"auto, (max-width: 480px) 150px\" src=\"https:\/\/led.amasly.com\/wp-content\/uploads\/2025\/05\/high-bay-light.webp\" alt=\"\" class=\"uag-image-3954\" width=\"300\" height=\"300\" title=\"svetlo s vysok\u00fdm v\u00fdlo\u017en\u00edkom\" loading=\"lazy\" role=\"img\"><\/a><\/figure><\/div>\n<\/div>\n\n\n\n<div class=\"wp-block-uagb-container uagb-block-0fdfdd58\">\n<div class=\"wp-block-uagb-image uagb-block-1187d32d wp-block-uagb-image--layout-default wp-block-uagb-image--effect-static wp-block-uagb-image--align-none\"><figure class=\"wp-block-uagb-image__figure\"><a class=\"\" href=\"https:\/\/led.amasly.com\/sk\/products\/\" target=\"\" rel=\"noopener\"><img decoding=\"async\" srcset=\"https:\/\/led.amasly.com\/wp-content\/uploads\/2024\/07\/LED-street-light.jpg ,https:\/\/led.amasly.com\/wp-content\/uploads\/2024\/07\/LED-street-light.jpg 780w, https:\/\/led.amasly.com\/wp-content\/uploads\/2024\/07\/LED-street-light.jpg 360w\" sizes=\"auto, (max-width: 480px) 150px\" src=\"https:\/\/led.amasly.com\/wp-content\/uploads\/2024\/07\/LED-street-light.jpg\" alt=\"\" class=\"uag-image-1145\" width=\"300\" height=\"300\" title=\"Uli\u010dn\u00e9 osvetlenie LED\" loading=\"lazy\" role=\"img\"><\/a><\/figure><\/div>\n<\/div>\n<\/div><\/div>\n\n\n\n<div class=\"wp-block-uagb-container uagb-block-6a60882c alignfull uagb-is-root-container\"><div class=\"uagb-container-inner-blocks-wrap\">\n<div class=\"wp-block-uagb-container uagb-block-f1e91a35\">\n<h4 class=\"wp-block-heading has-text-align-center\"><a href=\"https:\/\/led.amasly.com\/sk\/products\/led-flood-lights\/\">LED svetl\u00e1 na zaplavenie<\/a><\/h4>\n<\/div>\n\n\n\n<div class=\"wp-block-uagb-container uagb-block-165bfa58\">\n<h4 class=\"wp-block-heading has-text-align-center\"><a href=\"https:\/\/led.amasly.com\/sk\/products\/led-high-bay-light\/\">Svetl\u00e1 LED High Bay<\/a><\/h4>\n<\/div>\n\n\n\n<div class=\"wp-block-uagb-container uagb-block-f6096e3b\">\n<h4 class=\"wp-block-heading has-text-align-center\"><a href=\"https:\/\/led.amasly.com\/sk\/products\/https:\/\/led.amasly.com\/products\/led-street-lights\/\">Pouli\u010dn\u00e9 svetl\u00e1 LED<\/a><\/h4>\n<\/div>\n<\/div><\/div>\n\n\n\n<div class=\"wp-block-uagb-container uagb-block-99c0e0a5 alignfull uagb-is-root-container\"><div class=\"uagb-container-inner-blocks-wrap\"><\/div><\/div>","protected":false},"excerpt":{"rendered":"<p>Explosion Proof Tube Lights\/Explosion Proof Fluorescent Lights Guidance Content Contact Application 1. widely used in oil mining, oil refining, chemical, military and other dangerous environmental places of the factory and road lighting 2. suitable for coastal, river and other wind pressure, wind speed environment; 3. suitable for thousands of explosive gas environment of zone 1, [&hellip;]<\/p>\n","protected":false},"author":1,"featured_media":0,"parent":1156,"menu_order":3,"comment_status":"closed","ping_status":"closed","template":"","meta":{"_uag_custom_page_level_css":"","site-sidebar-layout":"no-sidebar","site-content-layout":"","ast-site-content-layout":"default","site-content-style":"default","site-sidebar-style":"default","ast-global-header-display":"","ast-banner-title-visibility":"","ast-main-header-display":"","ast-hfb-above-header-display":"","ast-hfb-below-header-display":"","ast-hfb-mobile-header-display":"","site-post-title":"disabled","ast-breadcrumbs-content":"","ast-featured-img":"","footer-sml-layout":"","ast-disable-related-posts":"","theme-transparent-header-meta":"enabled","adv-header-id-meta":"","stick-header-meta":"","header-above-stick-meta":"","header-main-stick-meta":"","header-below-stick-meta":"","astra-migrate-meta-layouts":"set","ast-page-background-enabled":"default","ast-page-background-meta":{"desktop":{"background-color":"var(--ast-global-color-4)","background-image":"","background-repeat":"repeat","background-position":"center center","background-size":"auto","background-attachment":"scroll","background-type":"","background-media":"","overlay-type":"","overlay-color":"","overlay-opacity":"","overlay-gradient":""},"tablet":{"background-color":"","background-image":"","background-repeat":"repeat","background-position":"center center","background-size":"auto","background-attachment":"scroll","background-type":"","background-media":"","overlay-type":"","overlay-color":"","overlay-opacity":"","overlay-gradient":""},"mobile":{"background-color":"","background-image":"","background-repeat":"repeat","background-position":"center center","background-size":"auto","background-attachment":"scroll","background-type":"","background-media":"","overlay-type":"","overlay-color":"","overlay-opacity":"","overlay-gradient":""}},"ast-content-background-meta":{"desktop":{"background-color":"var(--ast-global-color-5)","background-image":"","background-repeat":"repeat","background-position":"center center","background-size":"auto","background-attachment":"scroll","background-type":"","background-media":"","overlay-type":"","overlay-color":"","overlay-opacity":"","overlay-gradient":""},"tablet":{"background-color":"var(--ast-global-color-5)","background-image":"","background-repeat":"repeat","background-position":"center center","background-size":"auto","background-attachment":"scroll","background-type":"","background-media":"","overlay-type":"","overlay-color":"","overlay-opacity":"","overlay-gradient":""},"mobile":{"background-color":"var(--ast-global-color-5)","background-image":"","background-repeat":"repeat","background-position":"center center","background-size":"auto","background-attachment":"scroll","background-type":"","background-media":"","overlay-type":"","overlay-color":"","overlay-opacity":"","overlay-gradient":""}},"footnotes":"[]"},"class_list":["post-1231","page","type-page","status-publish","hentry"],"uagb_featured_image_src":{"full":false,"thumbnail":false,"medium":false,"medium_large":false,"large":false,"1536x1536":false,"2048x2048":false,"trp-custom-language-flag":false},"uagb_author_info":{"display_name":"Joe","author_link":"https:\/\/led.amasly.com\/sk\/author\/jacklin\/"},"uagb_comment_info":0,"uagb_excerpt":"Explosion Proof Tube Lights\/Explosion Proof Fluorescent Lights Guidance Content Contact Application 1. widely used in oil mining, oil refining, chemical, military and other dangerous environmental places of the factory and road lighting 2. suitable for coastal, river and other wind pressure, wind speed environment; 3. suitable for thousands of explosive gas environment of zone 1,&hellip;","_links":{"self":[{"href":"https:\/\/led.amasly.com\/sk\/wp-json\/wp\/v2\/pages\/1231","targetHints":{"allow":["GET"]}}],"collection":[{"href":"https:\/\/led.amasly.com\/sk\/wp-json\/wp\/v2\/pages"}],"about":[{"href":"https:\/\/led.amasly.com\/sk\/wp-json\/wp\/v2\/types\/page"}],"author":[{"embeddable":true,"href":"https:\/\/led.amasly.com\/sk\/wp-json\/wp\/v2\/users\/1"}],"replies":[{"embeddable":true,"href":"https:\/\/led.amasly.com\/sk\/wp-json\/wp\/v2\/comments?post=1231"}],"version-history":[{"count":12,"href":"https:\/\/led.amasly.com\/sk\/wp-json\/wp\/v2\/pages\/1231\/revisions"}],"predecessor-version":[{"id":4468,"href":"https:\/\/led.amasly.com\/sk\/wp-json\/wp\/v2\/pages\/1231\/revisions\/4468"}],"up":[{"embeddable":true,"href":"https:\/\/led.amasly.com\/sk\/wp-json\/wp\/v2\/pages\/1156"}],"wp:attachment":[{"href":"https:\/\/led.amasly.com\/sk\/wp-json\/wp\/v2\/media?parent=1231"}],"curies":[{"name":"wp","href":"https:\/\/api.w.org\/{rel}","templated":true}]}}