{"id":1170,"date":"2024-07-16T18:03:33","date_gmt":"2024-07-16T10:03:33","guid":{"rendered":"https:\/\/led.amasly.com\/?page_id=1170"},"modified":"2026-01-18T20:32:03","modified_gmt":"2026-01-18T12:32:03","slug":"viedol-tri-dokaz-svetla-2","status":"publish","type":"page","link":"https:\/\/led.amasly.com\/sk\/produkty\/viedol-tri-dokaz-svetla-2\/","title":{"rendered":"Tri-Proof Light"},"content":{"rendered":"<h2 class=\"wp-block-heading\"><\/h2>\n\n\n\n<h2 class=\"wp-block-heading\"><\/h2>\n\n\n\n<h2 class=\"wp-block-heading\"><\/h2>\n\n\n\n<p><\/p>\n\n\n\n<div class=\"wp-block-uagb-container uagb-block-e407eb08 alignfull uagb-is-root-container\"><div class=\"uagb-container-inner-blocks-wrap\">\n<div class=\"wp-block-uagb-info-box uagb-block-7c0a134c uagb-infobox__content-wrap  uagb-infobox-icon-above-title uagb-infobox-image-valign-top wp-block-uagb-info-box--has-margin\"><div class=\"uagb-infobox-margin-wrapper\"><div class=\"uagb-ifb-content\"><div class=\"uagb-ifb-title-wrap\"><\/div><\/div><\/div><\/div>\n<\/div><\/div>\n\n\n\n<h1 class=\"wp-block-heading has-text-align-center\">LED Tri-Proof Light<\/h1>\n\n\n\n<h2 class=\"wp-block-heading\"><strong>Defin\u00edcia a pou\u017e\u00edvanie trojit\u00e9ho svetla<\/strong><\/h2>\n\n\n\n<ol class=\"wp-block-list\">\n<li>Defin\u00edcia: Tri-proof svetl\u00e1 s\u00fa zn\u00e1me svojimi vodotesn\u00fdmi, prachotesn\u00fdmi a antikor\u00f3znymi funkciami.<\/li>\n\n\n\n<li>Pou\u017eitie: Pou\u017e\u00edvaj\u00fa sa najm\u00e4 v priemyseln\u00fdch z\u00e1vodoch, skladoch, strojovniach, laborat\u00f3ri\u00e1ch, diel\u0148ach a in\u00fdch pra\u0161n\u00fdch, vodn\u00fdch par\u00e1ch a m\u00f4\u017eu ma\u0165 koroz\u00edvne l\u00e1tky v drsnom prostred\u00ed.<\/li>\n<\/ol>\n\n\n\n<h2 class=\"wp-block-heading\"><strong>Tri-proof light technick\u00e9 vlastnosti<\/strong><\/h2>\n\n\n\n<ol class=\"wp-block-list\">\n<li>Stupe\u0148 ochrany: zvy\u010dajne do IP65 alebo vy\u0161\u0161ie, m\u00f4\u017ee \u00fa\u010dinne zabr\u00e1ni\u0165 vniknutiu prachu a n\u00e1razu n\u00edzkotlakovej vody.<\/li>\n\n\n\n<li>Materi\u00e1ly a povrchov\u00e1 \u00faprava: pou\u017e\u00edvaj\u00fa sa materi\u00e1ly odoln\u00e9 vo\u010di kor\u00f3zii a \u0161peci\u00e1lna povrchov\u00e1 \u00faprava, aby sa prisp\u00f4sobili koroz\u00edvnemu prostrediu.<\/li>\n\n\n\n<li>Rozsah prev\u00e1dzkov\u00fdch tepl\u00f4t: vo v\u0161eobecnosti od -20 \u2103 do +50 \u2103, aby sa prisp\u00f4sobil be\u017en\u00fdm zmen\u00e1m teploty prostredia.<\/li>\n\n\n\n<li>Sveteln\u00fd zdroj: v\u00e4\u010d\u0161inou sa pou\u017e\u00edva LED, vysok\u00e1 sveteln\u00e1 \u00fa\u010dinnos\u0165, spravidla a\u017e 100 lm\/W alebo viac.<\/li>\n\n\n\n<li>Re\u017eim ovl\u00e1dania: m\u00f4\u017ee ma\u0165 inteligentn\u00fd syst\u00e9m ovl\u00e1dania, napr\u00edklad induk\u010dn\u00fd sp\u00edna\u010d a funkciu stmievania.<\/li>\n<\/ol>\n\n\n\n<h2 class=\"wp-block-heading\"><strong>Trojn\u00e1sobne odoln\u00e1 sveteln\u00e1 aplika\u010dn\u00e1 sc\u00e9na<\/strong><\/h2>\n\n\n\n<ol class=\"wp-block-list\">\n<li>Venujte v\u00e4\u010d\u0161iu pozornos\u0165 ochrann\u00e9mu v\u00fdkonu, ktor\u00fd je vhodn\u00fd pre dlhodob\u00fa stabiln\u00fa prev\u00e1dzku a drsn\u00e9 prostredie. Napr\u00edklad chemick\u00e9 z\u00e1vody, elektr\u00e1rne, \u017eeleziarne a oceliarne, petrochemick\u00e9 z\u00e1vody, lode, v\u00fdstavn\u00e9 haly, podzemn\u00e9 parkovisk\u00e1 at\u010f.<\/li>\n<\/ol>\n\n\n\n<h2 class=\"wp-block-heading\"><strong>\u00dadr\u017eba a \u00fadr\u017eba trojit\u00e9ho svetla<\/strong><\/h2>\n\n\n\n<ol class=\"wp-block-list\">\n<li>Pravidelne kontrolujte vzh\u013ead svietidiel a \u010distite ich od prachu a ne\u010dist\u00f4t.<\/li>\n\n\n\n<li>Skontrolujte tesniaci v\u00fdkon a inteligentn\u00fd riadiaci syst\u00e9m.<\/li>\n\n\n\n<li>Pod\u013ea prostredia a frekvencie pou\u017e\u00edvania vykon\u00e1vajte potrebn\u00fa \u00fadr\u017ebu a \u00fadr\u017ebu.<\/li>\n<\/ol>\n\n\n\n<p><\/p>\n\n\n\n<h2 class=\"wp-block-heading\"><\/h2>\n\n\n\n<div class=\"wp-block-uagb-container uagb-block-6f08c8e4 alignfull uagb-is-root-container\"><div class=\"uagb-container-inner-blocks-wrap\">\n<div class=\"wp-block-uagb-container uagb-block-b229cb92\">\n<h3 class=\"wp-block-heading\">Obsah<\/h3>\n\n\n\n<div class=\"wp-block-buttons is-layout-flex wp-container-core-buttons-is-layout-45b20515 wp-block-buttons-is-layout-flex\">\n<div class=\"wp-block-button\"><a class=\"wp-block-button__link wp-element-button\" href=\"https:\/\/led.amasly.com\/sk\/produkty\/svetla-odolne-proti-vybuchu\/\">Svetl\u00e1 odoln\u00e9 proti v\u00fdbuchu<\/a><\/div>\n\n\n\n<div class=\"wp-block-button is-style-fill\"><a class=\"wp-block-button__link wp-element-button\" href=\"https:\/\/led.amasly.com\/sk\/produkty\/ex-proof-elektricky-spotrebic\/\">Elektrick\u00fd spotrebi\u010d odoln\u00fd proti v\u00fdbuchu<\/a><\/div>\n\n\n\n<div class=\"wp-block-button\"><a class=\"wp-block-button__link wp-element-button\" href=\"https:\/\/led.amasly.com\/sk\/produkty\/viedol-tri-dokaz-svetla-2\/\">LED svetlo odoln\u00e9 proti vybo\u010deniu<\/a><\/div>\n\n\n\n<div class=\"wp-block-button\"><a class=\"wp-block-button__link wp-element-button\" href=\"https:\/\/led.amasly.com\/sk\/produkty\/viedol-vysoke-arkierove-svetlo\/\">LED High Bay Light<\/a><\/div>\n\n\n\n<div class=\"wp-block-button\"><a class=\"wp-block-button__link wp-element-button\" href=\"https:\/\/led.amasly.com\/sk\/produkty\/led-svetla-na-zaplavenie\/\">Svetlo LED na zaplavenie<\/a><\/div>\n\n\n\n<div class=\"wp-block-button\"><a class=\"wp-block-button__link wp-element-button\" href=\"https:\/\/led.amasly.com\/sk\/produkty\/led-poulicne-osvetlenie\/\">LED pouli\u010dn\u00e9 osvetlenie<\/a><\/div>\n\n\n\n<div class=\"wp-block-button\"><a class=\"wp-block-button__link wp-element-button\" href=\"https:\/\/led.amasly.com\/sk\/produkty\/solarne-svetla\/\">LED sol\u00e1rne svetlo<\/a><\/div>\n<\/div>\n\n\n\n<h4 class=\"wp-block-heading\"><\/h4>\n\n\n\n<h4 class=\"wp-block-heading\">Kontakt<\/h4>\n\n\n\n<ul class=\"wp-block-list\">\n<li>E-mail: sales01@amasly.com      <\/li>\n\n\n\n<li>Mobiln\u00fd telef\u00f3n: +86 13732643699                    <\/li>\n<\/ul>\n<\/div>\n\n\n\n<div class=\"wp-block-uagb-container uagb-block-6c5ab58c\">\n<div class=\"wp-block-uagb-image uagb-block-14a4df1b wp-block-uagb-image--layout-default wp-block-uagb-image--effect-static wp-block-uagb-image--align-none\"><figure class=\"wp-block-uagb-image__figure\"><img decoding=\"async\" srcset=\"https:\/\/led.amasly.com\/wp-content\/uploads\/2024\/07\/led-tri-proof-light.png ,https:\/\/led.amasly.com\/wp-content\/uploads\/2024\/07\/led-tri-proof-light.png 780w, https:\/\/led.amasly.com\/wp-content\/uploads\/2024\/07\/led-tri-proof-light.png 360w\" sizes=\"auto, (max-width: 480px) 150px\" src=\"https:\/\/led.amasly.com\/wp-content\/uploads\/2024\/07\/led-tri-proof-light.png\" alt=\"\" class=\"uag-image-1130\" width=\"299\" height=\"303\" title=\"led-tri-proof-light\" loading=\"lazy\" role=\"img\"><\/figure><\/div>\n\n\n\n<p>A<\/p>\n<\/div>\n\n\n\n<div class=\"wp-block-uagb-container uagb-block-d44a74cf\">\n<div class=\"wp-block-uagb-image uagb-block-61a2029c wp-block-uagb-image--layout-default wp-block-uagb-image--effect-static wp-block-uagb-image--align-none\"><figure class=\"wp-block-uagb-image__figure\"><img decoding=\"async\" srcset=\"https:\/\/led.amasly.com\/wp-content\/uploads\/2024\/07\/LED-tri-proof-lights2.png ,https:\/\/led.amasly.com\/wp-content\/uploads\/2024\/07\/LED-tri-proof-lights2.png 780w, https:\/\/led.amasly.com\/wp-content\/uploads\/2024\/07\/LED-tri-proof-lights2.png 360w\" sizes=\"auto, (max-width: 480px) 150px\" src=\"https:\/\/led.amasly.com\/wp-content\/uploads\/2024\/07\/LED-tri-proof-lights2.png\" alt=\"Tri-Proof Light\" class=\"uag-image-1132\" width=\"299\" height=\"303\" title=\"LED-tri-odoln\u00e9 svetl\u00e12\" loading=\"lazy\" role=\"img\"\/><\/figure><\/div>\n\n\n\n<p>B<\/p>\n<\/div>\n\n\n\n<div class=\"wp-block-uagb-container uagb-block-ceb98619\">\n<div class=\"wp-block-uagb-image uagb-block-c5026e55 wp-block-uagb-image--layout-default wp-block-uagb-image--effect-static wp-block-uagb-image--align-none\"><figure class=\"wp-block-uagb-image__figure\"><img decoding=\"async\" srcset=\"https:\/\/led.amasly.com\/wp-content\/uploads\/2024\/07\/Explosion-proof-linear-fluorescence-lights.png ,https:\/\/led.amasly.com\/wp-content\/uploads\/2024\/07\/Explosion-proof-linear-fluorescence-lights.png 780w, https:\/\/led.amasly.com\/wp-content\/uploads\/2024\/07\/Explosion-proof-linear-fluorescence-lights.png 360w\" sizes=\"auto, (max-width: 480px) 150px\" src=\"https:\/\/led.amasly.com\/wp-content\/uploads\/2024\/07\/Explosion-proof-linear-fluorescence-lights.png\" alt=\"\" class=\"uag-image-1122\" width=\"299\" height=\"303\" title=\"Nev\u00fdbu\u0161n\u00e9 line\u00e1rne fluorescen\u010dn\u00e9 svetl\u00e1\" loading=\"lazy\" role=\"img\"><\/figure><\/div>\n\n\n\n<p>C<\/p>\n<\/div>\n<\/div><\/div>\n\n\n\n<h2 class=\"wp-block-heading\"><strong>Amasly LED svetlo <\/strong><strong>\u010cASTO KLADEN\u00c9 OT\u00c1ZKY<\/strong><strong><\/strong><\/h2>\n\n\n\n<p><strong>Q1.Can m\u00e1m vzorov\u00fa objedn\u00e1vku pre LED svetlo?<\/strong><strong><\/strong><\/p>\n\n\n\n<p>Odpove\u010f: \u00c1no, v\u00edtame objedn\u00e1vku vzorky na testovanie a kontrolu kvality. Zmie\u0161an\u00e9 vzorky s\u00fa prijate\u013en\u00e9.<\/p>\n\n\n\n<p><strong>Q2.A \u010do \u010das realiz\u00e1cie?<\/strong><strong><\/strong><\/p>\n\n\n\n<p>Odpove\u010f: Vzorka potrebuje 3-5 dn\u00ed, \u010das hromadnej v\u00fdroby potrebuje 1-2 t\u00fd\u017edne.<\/p>\n\n\n\n<p><strong>Q3.Do m\u00e1te nejak\u00fd limit MOQ pre sveteln\u00fa objedn\u00e1vku?<\/strong><strong><\/strong><\/p>\n\n\n\n<p>Odpove\u010f: K dispoz\u00edcii je n\u00edzky MOQ 1 ks na kontrolu vzorky.<\/p>\n\n\n\n<p><strong>Q4. Ako odosielate tovar a ako dlho trv\u00e1 jeho doru\u010denie?<\/strong><strong><\/strong><\/p>\n\n\n\n<p>Odpove\u010f: Zvy\u010dajne posielame DHL, UPS, FedEx alebo TNT. Zvy\u010dajne to trv\u00e1 3-5 dn\u00ed. Leteck\u00e1 a n\u00e1morn\u00e1 doprava je tie\u017e volite\u013en\u00e1.<\/p>\n\n\n\n<p><strong>Q5. Ako postupova\u0165 pri objedn\u00e1vke LED svetla?<\/strong><strong><\/strong><\/p>\n\n\n\n<p>A:<\/p>\n\n\n\n<p>Najprv n\u00e1m ozn\u00e1mte svoje po\u017eiadavky alebo \u017eiados\u0165.<\/p>\n\n\n\n<p>Po druh\u00e9, pon\u00fakame ceny pod\u013ea va\u0161ich po\u017eiadaviek alebo na\u0161ich n\u00e1vrhov.<\/p>\n\n\n\n<p>Po tretie, z\u00e1kazn\u00edk potvrd\u00ed vzorky a zlo\u017e\u00ed z\u00e1lohu na form\u00e1lnu objedn\u00e1vku.<\/p>\n\n\n\n<p>Po \u0161tvrt\u00e9, zabezpe\u010dujeme v\u00fdrobu.<\/p>\n\n\n\n<p><strong>Q6.Je v poriadku vytla\u010di\u0165 m\u00f4j <\/strong><strong>LOGO<\/strong><strong>&nbsp;na produkte led svetla ?<\/strong><strong><\/strong><\/p>\n\n\n\n<p>Odpove\u010f: \u00c1no.Pros\u00edm, informujte n\u00e1s form\u00e1lne pred na\u0161ou v\u00fdrobou a najprv potvr\u010fte dizajn na z\u00e1klade na\u0161ej vzorky.<\/p>\n\n\n\n<p><strong>Ot\u00e1zka 7: Poskytujete z\u00e1ruku na v\u00fdrobky?<\/strong><strong><\/strong><\/p>\n\n\n\n<p>Odpove\u010f: \u00c1no, na na\u0161e v\u00fdrobky poskytujeme z\u00e1ruku 2-5 rokov.<\/p>\n\n\n\n<p><strong>Ot\u00e1zka 8: Ako sa vysporiada\u0165 s chybou?<\/strong><strong><\/strong><\/p>\n\n\n\n<p>A:<\/p>\n\n\n\n<p>Po prv\u00e9, na\u0161e v\u00fdrobky s\u00fa vyr\u00e1ban\u00e9 dinstrict syst\u00e9m kontroly kvality a chybn\u00e9 miera bude men\u0161ia ako 0,2%<\/p>\n\n\n\n<p>Po druh\u00e9, po\u010das z\u00e1ru\u010dnej doby poskytneme n\u00e1hradn\u00e9 diely na v\u00fdmenu zlej \u010dasti. V pr\u00edpade hromadn\u00fdch objedn\u00e1vok poskytneme zranite\u013en\u00e9 diely vopred alebo m\u00f4\u017eeme diskutova\u0165 o rie\u0161eniach vr\u00e1tane stiahnutia z trhu na z\u00e1klade aktu\u00e1lnej situ\u00e1cie.<\/p>\n\n\n\n<h2 class=\"wp-block-heading\">S\u00favisiace produkty<\/h2>\n\n\n\n<div class=\"wp-block-uagb-container uagb-block-66e4defc alignfull uagb-is-root-container\"><div class=\"uagb-container-inner-blocks-wrap\">\n<div class=\"wp-block-uagb-container uagb-block-a42945f9\">\n<div class=\"wp-block-uagb-image uagb-block-7296296b wp-block-uagb-image--layout-default wp-block-uagb-image--effect-static wp-block-uagb-image--align-none\"><figure class=\"wp-block-uagb-image__figure\"><a class=\"\" href=\"https:\/\/led.amasly.com\/sk\/produkty\/svetla-odolne-proti-vybuchu\/\" target=\"\" rel=\"noopener\"><img decoding=\"async\" srcset=\"https:\/\/led.amasly.com\/wp-content\/uploads\/2024\/09\/Explosion-proof-high-bay-lights.png ,https:\/\/led.amasly.com\/wp-content\/uploads\/2024\/09\/Explosion-proof-high-bay-lights.png 780w, https:\/\/led.amasly.com\/wp-content\/uploads\/2024\/09\/Explosion-proof-high-bay-lights.png 360w\" sizes=\"auto, (max-width: 480px) 150px\" src=\"https:\/\/led.amasly.com\/wp-content\/uploads\/2024\/09\/Explosion-proof-high-bay-lights.png\" alt=\"\" class=\"uag-image-1495\" width=\"300\" height=\"300\" title=\"V\u00fdbu\u0161ne odoln\u00e9 vysok\u00e9 svetl\u00e1\" loading=\"lazy\" role=\"img\"><\/a><\/figure><\/div>\n<\/div>\n\n\n\n<div class=\"wp-block-uagb-container uagb-block-4d3efde5\">\n<div class=\"wp-block-uagb-image uagb-block-c9e90797 wp-block-uagb-image--layout-default wp-block-uagb-image--effect-static wp-block-uagb-image--align-none\"><figure class=\"wp-block-uagb-image__figure\"><a class=\"\" href=\"https:\/\/led.amasly.com\/sk\/produkty\/ex-proof-elektricky-spotrebic\/\" target=\"\" rel=\"noopener\"><img decoding=\"async\" srcset=\"https:\/\/led.amasly.com\/wp-content\/uploads\/2025\/01\/Explosion-proof-axial-flow-fan.jpg ,https:\/\/led.amasly.com\/wp-content\/uploads\/2025\/01\/Explosion-proof-axial-flow-fan.jpg 780w, https:\/\/led.amasly.com\/wp-content\/uploads\/2025\/01\/Explosion-proof-axial-flow-fan.jpg 360w\" sizes=\"auto, (max-width: 480px) 150px\" src=\"https:\/\/led.amasly.com\/wp-content\/uploads\/2025\/01\/Explosion-proof-axial-flow-fan.jpg\" alt=\"Elektrick\u00fd spotrebi\u010d Ex-Proof\" class=\"uag-image-1767\" width=\"300\" height=\"300\" title=\"Axi\u00e1lny ventil\u00e1tor odoln\u00fd proti v\u00fdbuchu\" loading=\"lazy\" role=\"img\"\/><\/a><\/figure><\/div>\n<\/div>\n\n\n\n<div class=\"wp-block-uagb-container uagb-block-11c2578b\">\n<div class=\"wp-block-uagb-image uagb-block-6e8883aa wp-block-uagb-image--layout-default wp-block-uagb-image--effect-static wp-block-uagb-image--align-none\"><figure class=\"wp-block-uagb-image__figure\"><a class=\"\" href=\"https:\/\/led.amasly.com\/sk\/produkty\/svetla-odolne-proti-vybuchu\/\" target=\"\" rel=\"noopener\"><img decoding=\"async\" srcset=\"https:\/\/led.amasly.com\/wp-content\/uploads\/2024\/09\/LED-Explosion-Proof-Gas-Station-Light.png ,https:\/\/led.amasly.com\/wp-content\/uploads\/2024\/09\/LED-Explosion-Proof-Gas-Station-Light.png 780w, https:\/\/led.amasly.com\/wp-content\/uploads\/2024\/09\/LED-Explosion-Proof-Gas-Station-Light.png 360w\" sizes=\"auto, (max-width: 480px) 150px\" src=\"https:\/\/led.amasly.com\/wp-content\/uploads\/2024\/09\/LED-Explosion-Proof-Gas-Station-Light.png\" alt=\"\" class=\"uag-image-1501\" width=\"300\" height=\"300\" title=\"LED svetlo na \u010derpacej stanici odoln\u00e9 proti v\u00fdbuchu\" loading=\"lazy\" role=\"img\"><\/a><\/figure><\/div>\n<\/div>\n<\/div><\/div>\n\n\n\n<div class=\"wp-block-uagb-container uagb-block-548945b5 alignfull uagb-is-root-container\"><div class=\"uagb-container-inner-blocks-wrap\">\n<div class=\"wp-block-uagb-container uagb-block-967755d5\">\n<h4 class=\"wp-block-heading has-text-align-center\"><a href=\"https:\/\/led.amasly.com\/sk\/produkty\/svetla-odolne-proti-vybuchu\/\">Svetl\u00e1 LED odoln\u00e9 proti v\u00fdbuchu<\/a><\/h4>\n<\/div>\n\n\n\n<div class=\"wp-block-uagb-container uagb-block-9bc52fc2\">\n<h4 class=\"wp-block-heading has-text-align-center\"><a href=\"https:\/\/led.amasly.com\/sk\/produkty\/ex-proof-elektricky-spotrebic\/\">Elektrick\u00fd spotrebi\u010d Ex-Proof<\/a><\/h4>\n<\/div>\n\n\n\n<div class=\"wp-block-uagb-container uagb-block-8ffa0a23\">\n<h4 class=\"wp-block-heading has-text-align-center\"><a href=\"https:\/\/led.amasly.com\/sk\/produkty\/svetla-odolne-proti-vybuchu\/\">Svetl\u00e1 \u010derpac\u00edch stan\u00edc odoln\u00e9 proti v\u00fdbuchu<\/a><\/h4>\n<\/div>\n<\/div><\/div>\n\n\n\n<div class=\"wp-block-uagb-container uagb-block-29499fe0 alignfull uagb-is-root-container\"><div class=\"uagb-container-inner-blocks-wrap\">\n<div class=\"wp-block-uagb-container uagb-block-777ee1c7\">\n<div class=\"wp-block-uagb-image uagb-block-2e9a1851 wp-block-uagb-image--layout-default wp-block-uagb-image--effect-static wp-block-uagb-image--align-none\"><figure class=\"wp-block-uagb-image__figure\"><a class=\"\" href=\"https:\/\/led.amasly.com\/sk\/produkty\/led-svetla-na-zaplavenie\/\" target=\"\" rel=\"noopener\"><img decoding=\"async\" srcset=\"https:\/\/led.amasly.com\/wp-content\/uploads\/2024\/10\/50W-100W-150W-200W-300W-LED-Flood-Light.jpg ,https:\/\/led.amasly.com\/wp-content\/uploads\/2024\/10\/50W-100W-150W-200W-300W-LED-Flood-Light.jpg 780w, https:\/\/led.amasly.com\/wp-content\/uploads\/2024\/10\/50W-100W-150W-200W-300W-LED-Flood-Light.jpg 360w\" sizes=\"auto, (max-width: 480px) 150px\" src=\"https:\/\/led.amasly.com\/wp-content\/uploads\/2024\/10\/50W-100W-150W-200W-300W-LED-Flood-Light.jpg\" alt=\"\" class=\"uag-image-1526\" width=\"300\" height=\"300\" title=\"50W 100W 150W 200W 300W LED povod\u0148ov\u00e9 svetlo\" loading=\"lazy\" role=\"img\"><\/a><\/figure><\/div>\n<\/div>\n\n\n\n<div class=\"wp-block-uagb-container uagb-block-af8c8683\">\n<div class=\"wp-block-uagb-image uagb-block-67947854 wp-block-uagb-image--layout-default wp-block-uagb-image--effect-static wp-block-uagb-image--align-none\"><figure class=\"wp-block-uagb-image__figure\"><a class=\"\" href=\"https:\/\/led.amasly.com\/sk\/produkty\/viedol-vysoke-arkierove-svetlo\/\" target=\"\" rel=\"noopener\"><img decoding=\"async\" srcset=\"https:\/\/led.amasly.com\/wp-content\/uploads\/2025\/05\/high-bay-light.webp ,https:\/\/led.amasly.com\/wp-content\/uploads\/2025\/05\/high-bay-light.webp 780w, https:\/\/led.amasly.com\/wp-content\/uploads\/2025\/05\/high-bay-light.webp 360w\" sizes=\"auto, (max-width: 480px) 150px\" src=\"https:\/\/led.amasly.com\/wp-content\/uploads\/2025\/05\/high-bay-light.webp\" alt=\"\" class=\"uag-image-3954\" width=\"300\" height=\"300\" title=\"svetlo s vysok\u00fdm v\u00fdlo\u017en\u00edkom\" loading=\"lazy\" role=\"img\"><\/a><\/figure><\/div>\n<\/div>\n\n\n\n<div class=\"wp-block-uagb-container uagb-block-0fdfdd58\">\n<div class=\"wp-block-uagb-image uagb-block-1187d32d wp-block-uagb-image--layout-default wp-block-uagb-image--effect-static wp-block-uagb-image--align-none\"><figure class=\"wp-block-uagb-image__figure\"><a class=\"\" href=\"https:\/\/led.amasly.com\/sk\/produkty\/\" target=\"\" rel=\"noopener\"><img decoding=\"async\" srcset=\"https:\/\/led.amasly.com\/wp-content\/uploads\/2024\/07\/LED-street-light.jpg ,https:\/\/led.amasly.com\/wp-content\/uploads\/2024\/07\/LED-street-light.jpg 780w, https:\/\/led.amasly.com\/wp-content\/uploads\/2024\/07\/LED-street-light.jpg 360w\" sizes=\"auto, (max-width: 480px) 150px\" src=\"https:\/\/led.amasly.com\/wp-content\/uploads\/2024\/07\/LED-street-light.jpg\" alt=\"\" class=\"uag-image-1145\" width=\"300\" height=\"300\" title=\"Uli\u010dn\u00e9 osvetlenie LED\" loading=\"lazy\" role=\"img\"><\/a><\/figure><\/div>\n<\/div>\n<\/div><\/div>\n\n\n\n<div class=\"wp-block-uagb-container uagb-block-6a60882c alignfull uagb-is-root-container\"><div class=\"uagb-container-inner-blocks-wrap\">\n<div class=\"wp-block-uagb-container uagb-block-f1e91a35\">\n<h4 class=\"wp-block-heading has-text-align-center\"><a href=\"https:\/\/led.amasly.com\/sk\/produkty\/led-svetla-na-zaplavenie\/\">LED svetl\u00e1 na zaplavenie<\/a><\/h4>\n<\/div>\n\n\n\n<div class=\"wp-block-uagb-container uagb-block-165bfa58\">\n<h4 class=\"wp-block-heading has-text-align-center\"><a href=\"https:\/\/led.amasly.com\/sk\/produkty\/viedol-vysoke-arkierove-svetlo\/\">Svetl\u00e1 LED High Bay<\/a><\/h4>\n<\/div>\n\n\n\n<div class=\"wp-block-uagb-container uagb-block-f6096e3b\">\n<h4 class=\"wp-block-heading has-text-align-center\"><a href=\"https:\/\/led.amasly.com\/sk\/produkty\/https%3a\/\/led.amasly.com\/produkty\/led-poulicne-osvetlenie\/\">Pouli\u010dn\u00e9 svetl\u00e1 LED<\/a><\/h4>\n<\/div>\n<\/div><\/div>\n\n\n\n<div class=\"wp-block-uagb-container uagb-block-99c0e0a5 alignfull uagb-is-root-container\"><div class=\"uagb-container-inner-blocks-wrap\"><\/div><\/div>","protected":false},"excerpt":{"rendered":"<p>LED Tri-Proof Light Definition and Usage of Tri-proof Light Tri-proof\u00a0light technical characteristics Tri-proof light application scene Tri-proof light maintenance and maintenance Content Contact A B C Amasly LED Light FAQ Q1.Can I have a sample order for led light ? A: Yes, we welcome sample order to test and check quality. Mixed samples are acceptable. [&hellip;]<\/p>\n","protected":false},"author":1,"featured_media":0,"parent":1039,"menu_order":3,"comment_status":"closed","ping_status":"closed","template":"","meta":{"_uag_custom_page_level_css":"","site-sidebar-layout":"no-sidebar","site-content-layout":"","ast-site-content-layout":"default","site-content-style":"default","site-sidebar-style":"default","ast-global-header-display":"","ast-banner-title-visibility":"","ast-main-header-display":"","ast-hfb-above-header-display":"","ast-hfb-below-header-display":"","ast-hfb-mobile-header-display":"","site-post-title":"disabled","ast-breadcrumbs-content":"","ast-featured-img":"","footer-sml-layout":"","ast-disable-related-posts":"","theme-transparent-header-meta":"enabled","adv-header-id-meta":"","stick-header-meta":"","header-above-stick-meta":"","header-main-stick-meta":"","header-below-stick-meta":"","astra-migrate-meta-layouts":"set","ast-page-background-enabled":"default","ast-page-background-meta":{"desktop":{"background-color":"var(--ast-global-color-4)","background-image":"","background-repeat":"repeat","background-position":"center center","background-size":"auto","background-attachment":"scroll","background-type":"","background-media":"","overlay-type":"","overlay-color":"","overlay-opacity":"","overlay-gradient":""},"tablet":{"background-color":"","background-image":"","background-repeat":"repeat","background-position":"center center","background-size":"auto","background-attachment":"scroll","background-type":"","background-media":"","overlay-type":"","overlay-color":"","overlay-opacity":"","overlay-gradient":""},"mobile":{"background-color":"","background-image":"","background-repeat":"repeat","background-position":"center center","background-size":"auto","background-attachment":"scroll","background-type":"","background-media":"","overlay-type":"","overlay-color":"","overlay-opacity":"","overlay-gradient":""}},"ast-content-background-meta":{"desktop":{"background-color":"var(--ast-global-color-5)","background-image":"","background-repeat":"repeat","background-position":"center center","background-size":"auto","background-attachment":"scroll","background-type":"","background-media":"","overlay-type":"","overlay-color":"","overlay-opacity":"","overlay-gradient":""},"tablet":{"background-color":"var(--ast-global-color-5)","background-image":"","background-repeat":"repeat","background-position":"center center","background-size":"auto","background-attachment":"scroll","background-type":"","background-media":"","overlay-type":"","overlay-color":"","overlay-opacity":"","overlay-gradient":""},"mobile":{"background-color":"var(--ast-global-color-5)","background-image":"","background-repeat":"repeat","background-position":"center center","background-size":"auto","background-attachment":"scroll","background-type":"","background-media":"","overlay-type":"","overlay-color":"","overlay-opacity":"","overlay-gradient":""}},"footnotes":"[]"},"class_list":["post-1170","page","type-page","status-publish","hentry"],"uagb_featured_image_src":{"full":false,"thumbnail":false,"medium":false,"medium_large":false,"large":false,"1536x1536":false,"2048x2048":false,"trp-custom-language-flag":false},"uagb_author_info":{"display_name":"Joe","author_link":"https:\/\/led.amasly.com\/sk\/author\/jacklin\/"},"uagb_comment_info":0,"uagb_excerpt":"LED Tri-Proof Light Definition and Usage of Tri-proof Light Tri-proof\u00a0light technical characteristics Tri-proof light application scene Tri-proof light maintenance and maintenance Content Contact A B C Amasly LED Light FAQ Q1.Can I have a sample order for led light ? A: Yes, we welcome sample order to test and check quality. Mixed samples are acceptable.&hellip;","_links":{"self":[{"href":"https:\/\/led.amasly.com\/sk\/wp-json\/wp\/v2\/pages\/1170","targetHints":{"allow":["GET"]}}],"collection":[{"href":"https:\/\/led.amasly.com\/sk\/wp-json\/wp\/v2\/pages"}],"about":[{"href":"https:\/\/led.amasly.com\/sk\/wp-json\/wp\/v2\/types\/page"}],"author":[{"embeddable":true,"href":"https:\/\/led.amasly.com\/sk\/wp-json\/wp\/v2\/users\/1"}],"replies":[{"embeddable":true,"href":"https:\/\/led.amasly.com\/sk\/wp-json\/wp\/v2\/comments?post=1170"}],"version-history":[{"count":10,"href":"https:\/\/led.amasly.com\/sk\/wp-json\/wp\/v2\/pages\/1170\/revisions"}],"predecessor-version":[{"id":4538,"href":"https:\/\/led.amasly.com\/sk\/wp-json\/wp\/v2\/pages\/1170\/revisions\/4538"}],"up":[{"embeddable":true,"href":"https:\/\/led.amasly.com\/sk\/wp-json\/wp\/v2\/pages\/1039"}],"wp:attachment":[{"href":"https:\/\/led.amasly.com\/sk\/wp-json\/wp\/v2\/media?parent=1170"}],"curies":[{"name":"wp","href":"https:\/\/api.w.org\/{rel}","templated":true}]}}