{"id":4971,"date":"2026-02-05T23:13:44","date_gmt":"2026-02-05T15:13:44","guid":{"rendered":"https:\/\/led.amasly.com\/?page_id=4971"},"modified":"2026-02-05T23:13:47","modified_gmt":"2026-02-05T15:13:47","slug":"20-60w-explosion-proof-led-linear-light-analysis-selection-and-installation-guide","status":"publish","type":"page","link":"https:\/\/led.amasly.com\/ro\/knowledge\/explosion-proof-products-knowledge\/20-60w-explosion-proof-led-linear-light-analysis-selection-and-installation-guide\/","title":{"rendered":"20-60w dovada exploziei a condus lumina liniar\u0103 Analiza, Selec\u021bia \u0219i Ghidul de instalare"},"content":{"rendered":"<div class=\"wp-block-uagb-container uagb-block-27bae773 alignfull uagb-is-root-container\"><div class=\"uagb-container-inner-blocks-wrap\"><\/div><\/div>\n\n\n\n<h1 class=\"wp-block-heading has-text-align-center\"><strong>20-60w dovada exploziei a condus lumina liniar\u0103<\/strong><strong>&nbsp;Ghid de analiz\u0103, selec\u021bie \u0219i instalare<\/strong><strong><\/strong><\/h1>\n\n\n\n<p>Exist\u0103 numeroase <strong>20-60w Lumin\u0103 liniar\u0103 cu LED-uri rezistent\u0103 la explozii<\/strong>. Cum ar trebui f\u0103cut\u0103 o selec\u021bie? Acest articol ofer\u0103 o prezentare detaliat\u0103 a mai multor l\u0103mpi LED liniare antideflagrante comune, oferind o analiz\u0103 \u0219i o compara\u021bie cuprinz\u0103toare a caracteristicilor produselor, materialelor, specifica\u021biilor, dimensiunilor, metodelor de instalare \u0219i mediilor de aplicare. Acesta v\u0103 ghideaz\u0103 cu privire la modul de alegere a luminii liniare LED antideflagrante potrivite:<\/p>\n\n\n\n<h2 class=\"wp-block-heading\">1.\u00a0<strong>20-60w Lumin\u0103 liniar\u0103 LED rezistent\u0103 la explozii: Rezistent la coroziune, rezistent la explozii, lumin\u0103 fluorescent\u0103 LED din plastic<\/strong><\/h2>\n\n\n\n<div class=\"wp-block-uagb-image uagb-block-a0378858 wp-block-uagb-image--layout-default wp-block-uagb-image--effect-static wp-block-uagb-image--align-none\"><figure class=\"wp-block-uagb-image__figure\"><img decoding=\"async\" srcset=\"https:\/\/led.amasly.com\/wp-content\/uploads\/2026\/02\/Explosion-proof-linear-fluorescence-lights.png ,https:\/\/led.amasly.com\/wp-content\/uploads\/2026\/02\/Explosion-proof-linear-fluorescence-lights.png 780w, https:\/\/led.amasly.com\/wp-content\/uploads\/2026\/02\/Explosion-proof-linear-fluorescence-lights.png 360w\" sizes=\"auto, (max-width: 480px) 150px\" src=\"https:\/\/led.amasly.com\/wp-content\/uploads\/2026\/02\/Explosion-proof-linear-fluorescence-lights.png\" alt=\"\" class=\"uag-image-4972\" width=\"300\" height=\"300\" title=\"Lumini fluorescente liniare rezistente la explozie\" loading=\"lazy\" role=\"img\"><\/figure><\/div>\n\n\n\n<h3 class=\"wp-block-heading\"><strong>Caracteristici:<\/strong><strong><\/strong><\/h3>\n\n\n\n<p>Carcas\u0103 din aliaj de policarbonat turnat\u0103 prin injec\u021bie, cu rezisten\u021b\u0103 ridicat\u0103 la impact, rezisten\u021b\u0103 la temperaturi ridicate, rezisten\u021b\u0103 la frig \u0219i rezisten\u021b\u0103 puternic\u0103 la coroziune;<\/p>\n\n\n\n<p>Lentile turnate prin injec\u021bie din material policarbonat, transmisie ridicat\u0103 a luminii, capabile s\u0103 reziste la impacturi puternice, cu design cu nervuri care previne \u00een mod eficient str\u0103lucirea;<\/p>\n\n\n\n<p>Modul de iluminare de urgen\u021b\u0103 disponibil la cerere; comut\u0103 automat \u00een modul de urgen\u021b\u0103 \u00een timpul \u00eentreruperilor de curent;<\/p>\n\n\n\n<p>Dimensiuni: 0,6 m \u0219i 1,2 m<\/p>\n\n\n\n<p>Putere: 9W, 18W, 30W, 36W, 2x9W, 2x18W, 2x30W, 2x36W<\/p>\n\n\n\n<p>Tensiune: AC110V, AC220V<\/p>\n\n\n\n<p>Clasificare antideflagrant\u0103: Ex db eb \u2161C T6 Gb \/ Ex tb \u2162C T80\u2103 Db *Ex db eb mb \u2161C T6 Gb \/ Ex tb \u2162C T80\u2103 Db<\/p>\n\n\n\n<p>Grad de protec\u021bie: IP66<\/p>\n\n\n\n<p>Metode de montare: Plafon \u00eencastrat, Tij\u0103 suspendat\u0103, Montat pe perete, Suspensie cu lan\u021b, Tij\u0103 curbat\u0103, Montat pe flan\u0219\u0103, Montat pe \u0219in\u0103<\/p>\n\n\n\n<p>Aplicare: Produsul este potrivit pentru utilizarea \u00een fabrici, str\u0103zi, depozite, ateliere \u0219i alte loca\u021bii.<\/p>\n\n\n\n<h2 class=\"wp-block-heading\">2.\u00a0<strong>20-60w Explozie dovada LED lumina liniar\u0103: Tub de lumin\u0103 rezistent la explozii<\/strong><\/h2>\n\n\n\n<figure class=\"wp-block-image aligncenter size-full\"><img decoding=\"async\" width=\"300\" height=\"300\" src=\"https:\/\/led.amasly.com\/wp-content\/uploads\/2026\/02\/Explosion-proof-tube-light.jpg\" alt=\"\" class=\"wp-image-4973\" title=\"\" srcset=\"https:\/\/led.amasly.com\/wp-content\/uploads\/2026\/02\/Explosion-proof-tube-light.jpg 300w, https:\/\/led.amasly.com\/wp-content\/uploads\/2026\/02\/Explosion-proof-tube-light-150x150.jpg 150w, https:\/\/led.amasly.com\/wp-content\/uploads\/2026\/02\/Explosion-proof-tube-light-12x12.jpg 12w\" sizes=\"(max-width: 300px) 100vw, 300px\" \/><\/figure>\n\n\n\n<h3 class=\"wp-block-heading\"><strong>Caracteristici:<\/strong><strong><\/strong><\/h3>\n\n\n\n<p>Carcas\u0103: Aliaj de aluminiu turnat sub presiune cu suprafa\u021b\u0103 sablat\u0103 \u0219i acoperire cu pulbere electrostatic\u0103 de \u00eenalt\u0103 presiune;<\/p>\n\n\n\n<p>Tub transparent: Sticl\u0103 temperat\u0103 de \u00eenalt\u0103 rezisten\u021b\u0103;<\/p>\n\n\n\n<p>Elemente de fixare expuse: O\u021bel inoxidabil foarte rezistent la coroziune;<\/p>\n\n\n\n<p>Dispune de o gril\u0103 pentru o distribu\u021bie optimizat\u0103 a luminii \u0219i reducerea str\u0103lucirii;<\/p>\n\n\n\n<p>Carcasa atinge un grad de protec\u021bie IP66, rezist\u00e2nd eficient la ploi toren\u021biale;<\/p>\n\n\n\n<p>Dimensiuni: 0,6 m \u0219i 1,2 m<\/p>\n\n\n\n<p>Putere: 9W, 18W, 36W, 2x9W, 2x18W, 2x30W, 2x36W<\/p>\n\n\n\n<p>Tensiune: AC110V, AC220V<\/p>\n\n\n\n<p>Protec\u021bie \u00eempotriva exploziilor: Ex nRIIC T6 GcEx tb lC T80\u00b0C Db<\/p>\n\n\n\n<p>Grad de protec\u021bie: IP66<\/p>\n\n\n\n<p>Op\u021biuni de montare: Plafon \u00eencastrat, montat pe st\u00e2lp, montat pe perete, suspendat de lan\u021b, bra\u021b curbat, montat pe flan\u0219\u0103, montat pe balustrad\u0103<\/p>\n\n\n\n<p>Aplica\u021bii: Utilizat pe scar\u0103 larg\u0103 pentru iluminatul de lucru \u00een instala\u021bii petroliere, chimice, docuri, porturi, aerospa\u021biale, aviatice \u0219i militare;<\/p>\n\n\n\n<p>Potrivit pentru medii care necesit\u0103 rezisten\u021b\u0103 ridicat\u0103 la umiditate \u0219i protec\u021bie \u00eempotriva coroziunii.<\/p>\n\n\n\n<h2 class=\"wp-block-heading\">3.\u00a0<strong>20-60w Lumin\u0103 liniar\u0103 cu LED rezistent\u0103 la explozii: Lumin\u0103 fluorescent\u0103 curat\u0103 rezistent\u0103 la explozie<\/strong><\/h2>\n\n\n\n<figure class=\"wp-block-image aligncenter size-full\"><img decoding=\"async\" width=\"300\" height=\"300\" src=\"https:\/\/led.amasly.com\/wp-content\/uploads\/2026\/02\/Explosion-proof-linear-light.png\" alt=\"\" class=\"wp-image-4974\" title=\"\" srcset=\"https:\/\/led.amasly.com\/wp-content\/uploads\/2026\/02\/Explosion-proof-linear-light.png 300w, https:\/\/led.amasly.com\/wp-content\/uploads\/2026\/02\/Explosion-proof-linear-light-150x150.png 150w, https:\/\/led.amasly.com\/wp-content\/uploads\/2026\/02\/Explosion-proof-linear-light-12x12.png 12w\" sizes=\"(max-width: 300px) 100vw, 300px\" \/><\/figure>\n\n\n\n<h3 class=\"wp-block-heading\"><strong>Caracteristici:<\/strong><strong><\/strong><\/h3>\n\n\n\n<p>Carcasa este format\u0103 prin \u00eendoirea pl\u0103cilor de o\u021bel cu un finisaj de acoperire cu pulbere electrostatic\u0103 de \u00eenalt\u0103 presiune;<\/p>\n\n\n\n<p>Carcasa din o\u021bel inoxidabil cu un finisaj de suprafa\u021b\u0103 lustruit este disponibil\u0103 la cerere;<\/p>\n\n\n\n<p>Carcasa \u0219i cadrul de presiune sunt conectate printr-un mecanism de lan\u021b intern, cu un reflector intern rabatabil pentru o cablare convenabil\u0103;<\/p>\n\n\n\n<p>\u0218uruburile de fixare includ m\u0103suri anti-c\u0103dere, simplific\u00e2nd \u00eendep\u0103rtarea capacului pentru \u00eentre\u021binere;<\/p>\n\n\n\n<p>Dispune de un design unic de etan\u0219are cu limb\u0103 dubl\u0103 pentru impermeabilizare superioar\u0103 \u0219i rezisten\u021b\u0103 la praf;<\/p>\n\n\n\n<p>La cerere, poate fi echipat cu un dispozitiv de urgen\u021b\u0103, care trece automat la modul de iluminare de urgen\u021b\u0103 \u00een timpul \u00eentreruperilor de curent;<\/p>\n\n\n\n<p>Dimensiuni: 0,6 m \u0219i 1,2 m<\/p>\n\n\n\n<p>Putere: 9W, 18W, 36W, 2x9W, 2x18W, 2x30W, 2x36W<\/p>\n\n\n\n<p>Tensiune: AC110V, AC220V<\/p>\n\n\n\n<p>Clasificare antideflagrant\u0103: Ex d e \u2161C T6 Gb \/ Ex d e mb \u2161C T4 Gb<\/p>\n\n\n\n<p>Grad de protec\u021bie: IP66<\/p>\n\n\n\n<p>Op\u021biuni de montare: Montat la suprafa\u021b\u0103 sau \u00eencastrat<\/p>\n\n\n\n<h2 class=\"wp-block-heading\">4.\u00a0<strong>20-60w Explozie dovada LED lumina liniar\u0103: Explozie dovada lumina benzi<\/strong><\/h2>\n\n\n\n<figure class=\"wp-block-image aligncenter size-full\"><img decoding=\"async\" width=\"710\" height=\"710\" src=\"https:\/\/led.amasly.com\/wp-content\/uploads\/2026\/02\/Explosion-proof-linear-lights.jpg\" alt=\"20-60w\u00a0Explosion proof LED Linear Light\" class=\"wp-image-4975\" title=\"\" srcset=\"https:\/\/led.amasly.com\/wp-content\/uploads\/2026\/02\/Explosion-proof-linear-lights.jpg 710w, https:\/\/led.amasly.com\/wp-content\/uploads\/2026\/02\/Explosion-proof-linear-lights-300x300.jpg 300w, https:\/\/led.amasly.com\/wp-content\/uploads\/2026\/02\/Explosion-proof-linear-lights-150x150.jpg 150w, https:\/\/led.amasly.com\/wp-content\/uploads\/2026\/02\/Explosion-proof-linear-lights-12x12.jpg 12w\" sizes=\"(max-width: 710px) 100vw, 710px\" \/><\/figure>\n\n\n\n<h3 class=\"wp-block-heading\"><strong>Caracteristici:<\/strong><strong><\/strong><\/h3>\n\n\n\n<p>Carcas\u0103 din aluminiu extrudat de \u00eenalt\u0103 puritate cu tratament anodizat al suprafe\u021bei pentru o conductivitate termic\u0103 excelent\u0103 \u0219i rezisten\u021b\u0103 la coroziune;<\/p>\n\n\n\n<p>Difuzorul din material PC premium cu tehnologie de difuzie a luminii asigur\u0103 o distribu\u021bie optim\u0103 a luminii, elimin\u00e2nd \u00een mod eficient str\u0103lucirea pentru o iluminare uniform\u0103 \u0219i moale;<\/p>\n\n\n\n<p>Designul structural special faciliteaz\u0103 disiparea eficient\u0103 a c\u0103ldurii de la func\u021bionarea LED-urilor, men\u021bin\u00e2nd performan\u021ba constant\u0103 a sursei de lumin\u0103;<\/p>\n\n\n\n<p>Modul de iluminare de urgen\u021b\u0103 disponibil la cerere; comut\u0103 automat \u00een modul de urgen\u021b\u0103 \u00een timpul \u00eentreruperilor de curent;<\/p>\n\n\n\n<p>Dimensiuni: 0.3m. 0.6m, 0.9m<\/p>\n\n\n\n<p>Putere: 20W, 30W, 40W, 50W, 60W<\/p>\n\n\n\n<p>Clasificare antideflagrant\u0103: <a href=\"http:\/\/www.iecex.com\" rel=\"nofollow noopener\" target=\"_blank\">Ex d Mb II C T6 Gb<\/a><\/p>\n\n\n\n<p>Grad de protec\u021bie: IP66<\/p>\n\n\n\n<p>Tensiune: AC\/DC 12V, 24V, 36V; AC 110V; AC 220V<\/p>\n\n\n\n<p>Op\u021biuni de montare: Plafon \u00eencastrat, tij\u0103 suspendat\u0103, montat pe perete, suspensie cu lan\u021b, tij\u0103 curbat\u0103, flan\u0219\u0103, balustrad\u0103<\/p>\n\n\n\n<p class=\"has-text-align-left\">Aplica\u021bii: <strong>20-60w Lumin\u0103 liniar\u0103 cu LED-uri rezistent\u0103 la explozii<\/strong> pentru camere de control, birouri de teren, camere de baterii, zone cu amoniac lichid, pasarele pentru turnuri de rafin\u0103rie, pasarele pentru rezervoare de stocare, pasarele pentru platforme, incinte pentru pompe\/valve, coridoare pentru conducte, pasarele pentru docuri cu substan\u021be chimice periculoase \u0219i medii similare. Potrivit pentru loca\u021bii foarte umede care necesit\u0103 o rezisten\u021b\u0103 superioar\u0103 la coroziune.<\/p>\n\n\n\n<p>Amasly, o companie profesional\u0103 de iluminat industrial de marc\u0103 (site-uri web: led.amasly.com \u0219i amasly.com), este specializat\u0103 \u00een cercetare \u0219i dezvoltare, produc\u021bie \u0219i v\u00e2nz\u0103ri de corpuri de iluminat industrial. Concentrat\u0103 pe pie\u021bele din Asia de Sud-Est \u0219i Orientul Mijlociu, produsele sale sunt v\u00e2ndute \u00een peste 100 de \u021b\u0103ri \u0219i regiuni din \u00eentreaga lume. Toate produsele rezistente la explozii sunt conforme cu cerin\u021bele de certificare ATEX. Ofertele principale includ: Lumini rezistente la explozii, echipamente electrice rezistente la explozii, lumini industriale\/miniere, proiectoare, l\u0103mpi stradale, corpuri de iluminat solare, <strong>20-60w Lumin\u0103 liniar\u0103 cu LED-uri rezistent\u0103 la explozii<\/strong> etc.<\/p>\n\n\n\n<div class=\"wp-block-uagb-container uagb-block-c7d898dd alignfull uagb-is-root-container\"><div class=\"uagb-container-inner-blocks-wrap\"><\/div><\/div>\n\n\n\n<h2 class=\"wp-block-heading\">Produse conexe<\/h2>\n\n\n\n<div class=\"wp-block-uagb-container uagb-block-66e4defc alignfull uagb-is-root-container\"><div class=\"uagb-container-inner-blocks-wrap\">\n<div class=\"wp-block-uagb-container uagb-block-a42945f9\">\n<div class=\"wp-block-uagb-image uagb-block-7296296b wp-block-uagb-image--layout-default wp-block-uagb-image--effect-static wp-block-uagb-image--align-none\"><figure class=\"wp-block-uagb-image__figure\"><a class=\"\" href=\"https:\/\/led.amasly.com\/ro\/products\/\" target=\"\" rel=\"noopener\"><img decoding=\"async\" srcset=\"https:\/\/led.amasly.com\/wp-content\/uploads\/2024\/09\/Explosion-proof-high-bay-lights.png ,https:\/\/led.amasly.com\/wp-content\/uploads\/2024\/09\/Explosion-proof-high-bay-lights.png 780w, https:\/\/led.amasly.com\/wp-content\/uploads\/2024\/09\/Explosion-proof-high-bay-lights.png 360w\" sizes=\"auto, (max-width: 480px) 150px\" src=\"https:\/\/led.amasly.com\/wp-content\/uploads\/2024\/09\/Explosion-proof-high-bay-lights.png\" alt=\"\" class=\"uag-image-1495\" width=\"300\" height=\"300\" title=\"Lumini de \u00eenalt\u0103 rezisten\u021b\u0103 la explozie\" loading=\"lazy\" role=\"img\"><\/a><\/figure><\/div>\n<\/div>\n\n\n\n<div class=\"wp-block-uagb-container uagb-block-4d3efde5\">\n<div class=\"wp-block-uagb-image uagb-block-c9e90797 wp-block-uagb-image--layout-default wp-block-uagb-image--effect-static wp-block-uagb-image--align-none\"><figure class=\"wp-block-uagb-image__figure\"><a class=\"\" href=\"https:\/\/led.amasly.com\/ro\/products\/\" target=\"\" rel=\"noopener\"><img decoding=\"async\" srcset=\"https:\/\/led.amasly.com\/wp-content\/uploads\/2024\/07\/LED-tri-proof-lights2.png ,https:\/\/led.amasly.com\/wp-content\/uploads\/2024\/07\/LED-tri-proof-lights2.png 780w, https:\/\/led.amasly.com\/wp-content\/uploads\/2024\/07\/LED-tri-proof-lights2.png 360w\" sizes=\"auto, (max-width: 480px) 150px\" src=\"https:\/\/led.amasly.com\/wp-content\/uploads\/2024\/07\/LED-tri-proof-lights2.png\" alt=\"\" class=\"uag-image-1132\" width=\"300\" height=\"300\" title=\"LED-tri-proof-lights2\" loading=\"lazy\" role=\"img\"><\/a><\/figure><\/div>\n<\/div>\n\n\n\n<div class=\"wp-block-uagb-container uagb-block-11c2578b\">\n<div class=\"wp-block-uagb-image uagb-block-6e8883aa wp-block-uagb-image--layout-default wp-block-uagb-image--effect-static wp-block-uagb-image--align-none\"><figure class=\"wp-block-uagb-image__figure\"><a class=\"\" href=\"https:\/\/led.amasly.com\/ro\/products\/\" target=\"\" rel=\"noopener\"><img decoding=\"async\" srcset=\"https:\/\/led.amasly.com\/wp-content\/uploads\/2024\/09\/LED-Explosion-Proof-Gas-Station-Light.png ,https:\/\/led.amasly.com\/wp-content\/uploads\/2024\/09\/LED-Explosion-Proof-Gas-Station-Light.png 780w, https:\/\/led.amasly.com\/wp-content\/uploads\/2024\/09\/LED-Explosion-Proof-Gas-Station-Light.png 360w\" sizes=\"auto, (max-width: 480px) 150px\" src=\"https:\/\/led.amasly.com\/wp-content\/uploads\/2024\/09\/LED-Explosion-Proof-Gas-Station-Light.png\" alt=\"\" class=\"uag-image-1501\" width=\"300\" height=\"300\" title=\"LED lumina sta\u021biei de benzin\u0103 cu dovada exploziei\" loading=\"lazy\" role=\"img\"><\/a><\/figure><\/div>\n<\/div>\n<\/div><\/div>\n\n\n\n<div class=\"wp-block-uagb-container uagb-block-548945b5 alignfull uagb-is-root-container\"><div class=\"uagb-container-inner-blocks-wrap\">\n<div class=\"wp-block-uagb-container uagb-block-967755d5\">\n<h4 class=\"wp-block-heading has-text-align-center\"><a href=\"https:\/\/led.amasly.com\/ro\/products\/\">Lumini LED antiexplozie<\/a><\/h4>\n<\/div>\n\n\n\n<div class=\"wp-block-uagb-container uagb-block-9bc52fc2\">\n<h4 class=\"wp-block-heading has-text-align-center\"><a href=\"https:\/\/led.amasly.com\/ro\/products\/\">Lumini LED Tri-Proof<\/a><\/h4>\n<\/div>\n\n\n\n<div class=\"wp-block-uagb-container uagb-block-8ffa0a23\">\n<h4 class=\"wp-block-heading has-text-align-center\"><a href=\"https:\/\/led.amasly.com\/ro\/products\/\">Lumini de sta\u021bie de benzin\u0103 antiexplozie<\/a><\/h4>\n<\/div>\n<\/div><\/div>\n\n\n\n<div class=\"wp-block-uagb-container uagb-block-29499fe0 alignfull uagb-is-root-container\"><div class=\"uagb-container-inner-blocks-wrap\">\n<div class=\"wp-block-uagb-container uagb-block-777ee1c7\">\n<div class=\"wp-block-uagb-image uagb-block-2e9a1851 wp-block-uagb-image--layout-default wp-block-uagb-image--effect-static wp-block-uagb-image--align-none\"><figure class=\"wp-block-uagb-image__figure\"><a class=\"\" href=\"https:\/\/led.amasly.com\/ro\/products\/\" target=\"\" rel=\"noopener\"><img decoding=\"async\" srcset=\"https:\/\/led.amasly.com\/wp-content\/uploads\/2024\/10\/50W-100W-150W-200W-300W-LED-Flood-Light.jpg ,https:\/\/led.amasly.com\/wp-content\/uploads\/2024\/10\/50W-100W-150W-200W-300W-LED-Flood-Light.jpg 780w, https:\/\/led.amasly.com\/wp-content\/uploads\/2024\/10\/50W-100W-150W-200W-300W-LED-Flood-Light.jpg 360w\" sizes=\"auto, (max-width: 480px) 150px\" src=\"https:\/\/led.amasly.com\/wp-content\/uploads\/2024\/10\/50W-100W-150W-200W-300W-LED-Flood-Light.jpg\" alt=\"\" class=\"uag-image-1526\" width=\"300\" height=\"300\" title=\"50W 100W 150W 200W 300W LED lumin\u0103 de inunda\u021bie\" loading=\"lazy\" role=\"img\"><\/a><\/figure><\/div>\n<\/div>\n\n\n\n<div class=\"wp-block-uagb-container uagb-block-af8c8683\">\n<div class=\"wp-block-uagb-image uagb-block-67947854 wp-block-uagb-image--layout-default wp-block-uagb-image--effect-static wp-block-uagb-image--align-none\"><figure class=\"wp-block-uagb-image__figure\"><a class=\"\" href=\"https:\/\/led.amasly.com\/ro\/products\/\" target=\"\" rel=\"noopener\"><img decoding=\"async\" srcset=\"https:\/\/led.amasly.com\/wp-content\/uploads\/2024\/07\/led-tri-proof-light.png ,https:\/\/led.amasly.com\/wp-content\/uploads\/2024\/07\/led-tri-proof-light.png 780w, https:\/\/led.amasly.com\/wp-content\/uploads\/2024\/07\/led-tri-proof-light.png 360w\" sizes=\"auto, (max-width: 480px) 150px\" src=\"https:\/\/led.amasly.com\/wp-content\/uploads\/2024\/07\/led-tri-proof-light.png\" alt=\"\" class=\"uag-image-1130\" width=\"300\" height=\"300\" title=\"led-tri-proof-light\" loading=\"lazy\" role=\"img\"><\/a><\/figure><\/div>\n<\/div>\n\n\n\n<div class=\"wp-block-uagb-container uagb-block-0fdfdd58\">\n<div class=\"wp-block-uagb-image uagb-block-1187d32d wp-block-uagb-image--layout-default wp-block-uagb-image--effect-static wp-block-uagb-image--align-none\"><figure class=\"wp-block-uagb-image__figure\"><a class=\"\" href=\"https:\/\/led.amasly.com\/ro\/products\/\" target=\"\" rel=\"noopener\"><img decoding=\"async\" srcset=\"https:\/\/led.amasly.com\/wp-content\/uploads\/2024\/07\/LED-street-light.jpg ,https:\/\/led.amasly.com\/wp-content\/uploads\/2024\/07\/LED-street-light.jpg 780w, https:\/\/led.amasly.com\/wp-content\/uploads\/2024\/07\/LED-street-light.jpg 360w\" sizes=\"auto, (max-width: 480px) 150px\" src=\"https:\/\/led.amasly.com\/wp-content\/uploads\/2024\/07\/LED-street-light.jpg\" alt=\"\" class=\"uag-image-1145\" width=\"300\" height=\"300\" title=\"LED-street-light\" loading=\"lazy\" role=\"img\"><\/a><\/figure><\/div>\n<\/div>\n<\/div><\/div>\n\n\n\n<div class=\"wp-block-uagb-container uagb-block-6a60882c alignfull uagb-is-root-container\"><div class=\"uagb-container-inner-blocks-wrap\">\n<div class=\"wp-block-uagb-container uagb-block-f1e91a35\">\n<h4 class=\"wp-block-heading has-text-align-center\"><a href=\"https:\/\/led.amasly.com\/ro\/products\/\">Lumini de inunda\u021bie cu LED<\/a><\/h4>\n<\/div>\n\n\n\n<div class=\"wp-block-uagb-container uagb-block-165bfa58\">\n<h4 class=\"wp-block-heading has-text-align-center\"><a href=\"https:\/\/led.amasly.com\/ro\/products\/\">Lumini LED Tri-Proof Tube<\/a><\/h4>\n<\/div>\n\n\n\n<div class=\"wp-block-uagb-container uagb-block-f6096e3b\">\n<h4 class=\"wp-block-heading has-text-align-center\"><a href=\"https:\/\/led.amasly.com\/ro\/products\/\">Lumini stradale cu LED<\/a><\/h4>\n<\/div>\n<\/div><\/div>\n\n\n\n<div class=\"wp-block-uagb-container uagb-block-99c0e0a5 alignfull uagb-is-root-container\"><div class=\"uagb-container-inner-blocks-wrap\"><\/div><\/div>\n\n\n\n<p><\/p>","protected":false},"excerpt":{"rendered":"<p>20-60w explosion proof led linear light&nbsp;Analysis, Selection and Installation Guide There are numerous 20-60w\u00a0Explosion proof LED Linear Light. How should one make a selection? This article provides a detailed overview of several common explosion-proof LED linear lights, offering a comprehensive analysis and comparison across product features, materials, specifications, dimensions, installation methods, and application environments. It [&hellip;]<\/p>\n","protected":false},"author":1,"featured_media":0,"parent":2374,"menu_order":0,"comment_status":"closed","ping_status":"closed","template":"","meta":{"_uag_custom_page_level_css":"","site-sidebar-layout":"no-sidebar","site-content-layout":"","ast-site-content-layout":"default","site-content-style":"default","site-sidebar-style":"default","ast-global-header-display":"","ast-banner-title-visibility":"","ast-main-header-display":"","ast-hfb-above-header-display":"","ast-hfb-below-header-display":"","ast-hfb-mobile-header-display":"","site-post-title":"disabled","ast-breadcrumbs-content":"","ast-featured-img":"","footer-sml-layout":"","ast-disable-related-posts":"","theme-transparent-header-meta":"enabled","adv-header-id-meta":"","stick-header-meta":"","header-above-stick-meta":"","header-main-stick-meta":"","header-below-stick-meta":"","astra-migrate-meta-layouts":"set","ast-page-background-enabled":"default","ast-page-background-meta":{"desktop":{"background-color":"var(--ast-global-color-4)","background-image":"","background-repeat":"repeat","background-position":"center center","background-size":"auto","background-attachment":"scroll","background-type":"","background-media":"","overlay-type":"","overlay-color":"","overlay-opacity":"","overlay-gradient":""},"tablet":{"background-color":"","background-image":"","background-repeat":"repeat","background-position":"center center","background-size":"auto","background-attachment":"scroll","background-type":"","background-media":"","overlay-type":"","overlay-color":"","overlay-opacity":"","overlay-gradient":""},"mobile":{"background-color":"","background-image":"","background-repeat":"repeat","background-position":"center center","background-size":"auto","background-attachment":"scroll","background-type":"","background-media":"","overlay-type":"","overlay-color":"","overlay-opacity":"","overlay-gradient":""}},"ast-content-background-meta":{"desktop":{"background-color":"var(--ast-global-color-5)","background-image":"","background-repeat":"repeat","background-position":"center center","background-size":"auto","background-attachment":"scroll","background-type":"","background-media":"","overlay-type":"","overlay-color":"","overlay-opacity":"","overlay-gradient":""},"tablet":{"background-color":"var(--ast-global-color-5)","background-image":"","background-repeat":"repeat","background-position":"center center","background-size":"auto","background-attachment":"scroll","background-type":"","background-media":"","overlay-type":"","overlay-color":"","overlay-opacity":"","overlay-gradient":""},"mobile":{"background-color":"var(--ast-global-color-5)","background-image":"","background-repeat":"repeat","background-position":"center center","background-size":"auto","background-attachment":"scroll","background-type":"","background-media":"","overlay-type":"","overlay-color":"","overlay-opacity":"","overlay-gradient":""}},"footnotes":""},"class_list":["post-4971","page","type-page","status-publish","hentry"],"uagb_featured_image_src":{"full":false,"thumbnail":false,"medium":false,"medium_large":false,"large":false,"1536x1536":false,"2048x2048":false,"trp-custom-language-flag":false},"uagb_author_info":{"display_name":"Joe","author_link":"https:\/\/led.amasly.com\/ro\/author\/jacklin\/"},"uagb_comment_info":0,"uagb_excerpt":"20-60w explosion proof led linear light&nbsp;Analysis, Selection and Installation Guide There are numerous 20-60w\u00a0Explosion proof LED Linear Light. How should one make a selection? This article provides a detailed overview of several common explosion-proof LED linear lights, offering a comprehensive analysis and comparison across product features, materials, specifications, dimensions, installation methods, and application environments. It&hellip;","_links":{"self":[{"href":"https:\/\/led.amasly.com\/ro\/wp-json\/wp\/v2\/pages\/4971","targetHints":{"allow":["GET"]}}],"collection":[{"href":"https:\/\/led.amasly.com\/ro\/wp-json\/wp\/v2\/pages"}],"about":[{"href":"https:\/\/led.amasly.com\/ro\/wp-json\/wp\/v2\/types\/page"}],"author":[{"embeddable":true,"href":"https:\/\/led.amasly.com\/ro\/wp-json\/wp\/v2\/users\/1"}],"replies":[{"embeddable":true,"href":"https:\/\/led.amasly.com\/ro\/wp-json\/wp\/v2\/comments?post=4971"}],"version-history":[{"count":1,"href":"https:\/\/led.amasly.com\/ro\/wp-json\/wp\/v2\/pages\/4971\/revisions"}],"predecessor-version":[{"id":4976,"href":"https:\/\/led.amasly.com\/ro\/wp-json\/wp\/v2\/pages\/4971\/revisions\/4976"}],"up":[{"embeddable":true,"href":"https:\/\/led.amasly.com\/ro\/wp-json\/wp\/v2\/pages\/2374"}],"wp:attachment":[{"href":"https:\/\/led.amasly.com\/ro\/wp-json\/wp\/v2\/media?parent=4971"}],"curies":[{"name":"wp","href":"https:\/\/api.w.org\/{rel}","templated":true}]}}