{"id":4171,"date":"2025-07-15T21:56:31","date_gmt":"2025-07-15T13:56:31","guid":{"rendered":"https:\/\/led.amasly.com\/?page_id=4171"},"modified":"2026-01-24T21:19:04","modified_gmt":"2026-01-24T13:19:04","slug":"learn-how-to-achieve-optimal-lighting-design-for-golf-courses","status":"publish","type":"page","link":"https:\/\/led.amasly.com\/ro\/knowledge\/outdoor-light-knowledge\/learn-how-to-achieve-optimal-lighting-design-for-golf-courses\/","title":{"rendered":"Afla\u021bi cum s\u0103 ob\u021bine\u021bi un design optim pentru iluminatul terenurilor de golf"},"content":{"rendered":"<div class=\"wp-block-uagb-container uagb-block-27bae773 alignfull uagb-is-root-container\"><div class=\"uagb-container-inner-blocks-wrap\"><\/div><\/div>\n\n\n\n<h1 class=\"wp-block-heading has-text-align-center\"><strong>Afla\u021bi cum s\u0103 ob\u021bine\u021bi un design optim pentru terenul de golf<\/strong> <strong>iluminat <\/strong><\/h1>\n\n\n\n<figure class=\"wp-block-image aligncenter size-full\"><img decoding=\"async\" width=\"800\" height=\"611\" src=\"https:\/\/led.amasly.com\/wp-content\/uploads\/2025\/07\/lighting-design-for-golf-courses.png\" alt=\"Golf Course Lighting\" class=\"wp-image-4173\" title=\"\" srcset=\"https:\/\/led.amasly.com\/wp-content\/uploads\/2025\/07\/lighting-design-for-golf-courses.png 800w, https:\/\/led.amasly.com\/wp-content\/uploads\/2025\/07\/lighting-design-for-golf-courses-300x229.png 300w, https:\/\/led.amasly.com\/wp-content\/uploads\/2025\/07\/lighting-design-for-golf-courses-768x587.png 768w, https:\/\/led.amasly.com\/wp-content\/uploads\/2025\/07\/lighting-design-for-golf-courses-16x12.png 16w\" sizes=\"(max-width: 800px) 100vw, 800px\" \/><\/figure>\n\n\n\n<p>&nbsp;Terenurile de golf sunt mai mari dec\u00e2t alte loca\u021bii sportive, cu multe culoare \u0219i teren variat, ceea ce face ca proiectarea iluminatului pe terenurile de golf s\u0103 fie mai complex\u0103. Cu toate acestea, iluminatul este esen\u021bial pentru a se asigura c\u0103 juc\u0103torii au o experien\u021b\u0103 de joc excelent\u0103 pe timp de noapte. Prin urmare, ar trebui s\u0103 citi\u021bi cu siguran\u021b\u0103 acest articol pentru a afla cum s\u0103 ob\u021bine\u021bi cel mai bun design de iluminat pentru terenul dvs. de golf!<\/p>\n\n\n\n<h2 class=\"wp-block-heading\"><strong>\u00a0Cum s\u0103 instala\u021bi un st\u00e2lp de iluminat pentru un teren de golf<\/strong><\/h2>\n\n\n\n<p>&nbsp;Un teren de golf este format din trei p\u0103r\u021bi principale: <strong>tees, fairways \u0219i greens, iar fiecare zon\u0103 are cerin\u021be de iluminare diferite.<\/strong><\/p>\n\n\n\n<h3 class=\"wp-block-heading\"><strong>&nbsp;Tee<\/strong><strong><\/strong><\/h3>\n\n\n\n<p>&nbsp;Valoarea medie a ilumin\u0103rii orizontale a zonei teului principal trebuie s\u0103 fie mai mare de 150 lux (Lx); iluminarea vertical\u0103 \u00een intervalul de \u00een\u0103l\u021bime de 30 de metri al teului: a. \u00een spatele teului principal: mai mare de 100 lux (Lx); b. \u00een fa\u021ba teului: mai mare de 300 lux (Lx); c. la 200 de metri \u00een fa\u021ba teului: mai mare de 150 lux (Lx).<\/p>\n\n\n\n<h3 class=\"wp-block-heading\"><strong>&nbsp;Traseu<\/strong><strong><\/strong><\/h3>\n\n\n\n<p>Iluminarea orizontal\u0103 \u0219i vertical\u0103 trebuie s\u0103 fie standardizat\u0103 pe \u00eentreaga lungime a c\u0103ii de acces pentru a asigura condi\u021bii optime de iluminare \u00een zonele colinare. Iluminarea orizontal\u0103 medie necesar\u0103 trebuie s\u0103 fie mai mare de 120 lux (Lx), iar iluminarea vertical\u0103 medie trebuie s\u0103 fie mai mare de 50 lux (Lx).<\/p>\n\n\n\n<h3 class=\"wp-block-heading\"><strong>&nbsp;Verde\u021buri<\/strong><strong><\/strong><\/h3>\n\n\n\n<p>&nbsp;Zona greenurilor ar trebui s\u0103 fie iluminat\u0103 corespunz\u0103tor \u0219i ar trebui s\u0103 minimizeze umbrele pe corpul juc\u0103torului atunci c\u00e2nd love\u0219te mingea din mai multe direc\u021bii. Iluminarea orizontal\u0103 medie \u00een aceast\u0103 zon\u0103 trebuie s\u0103 fie mai mare de 250 Lux (Lx).<\/p>\n\n\n\n<p><br>&nbsp;Scopul proiect\u0103rii iluminatului tee-ului este de a oferi o vedere clar\u0103 a mingii \u0219i a cap\u0103tului crosei at\u00e2t pentru juc\u0103torii st\u00e2ngaci, c\u00e2t \u0219i pentru cei dreptaci. Ca corpuri de iluminat se recomand\u0103 proiectoare larg distribuite, de preferin\u021b\u0103 din ambele direc\u021bii. Acest tip de iluminare \u00eempiedic\u0103 umbrele s\u0103 cad\u0103 \u00een direc\u021bia loviturii sau pe minge.<\/p>\n\n\n\n<p>&nbsp;\u00cen mod normal, st\u00e2lpii de iluminat trebuie s\u0103 fie amplasa\u021bi la cel pu\u021bin 1,5 metri de limita din spate a teului. Pentru teurile mai mari, este necesar s\u0103 se asigure iluminarea din mai multe direc\u021bii. \u00cen\u0103l\u021bimea st\u00e2lpului de iluminat nu ar trebui s\u0103 fie mai mic\u0103 de jum\u0103tate din lungimea total\u0103 a teului \u0219i ar trebui s\u0103 fie la cel pu\u021bin 9 metri deasupra teului.<\/p>\n\n\n\n<figure class=\"wp-block-image aligncenter size-full\"><img decoding=\"async\" width=\"788\" height=\"438\" src=\"https:\/\/led.amasly.com\/wp-content\/uploads\/2025\/07\/Fairways-1.png\" alt=\"\" class=\"wp-image-4176\" title=\"\" srcset=\"https:\/\/led.amasly.com\/wp-content\/uploads\/2025\/07\/Fairways-1.png 788w, https:\/\/led.amasly.com\/wp-content\/uploads\/2025\/07\/Fairways-1-300x167.png 300w, https:\/\/led.amasly.com\/wp-content\/uploads\/2025\/07\/Fairways-1-768x427.png 768w, https:\/\/led.amasly.com\/wp-content\/uploads\/2025\/07\/Fairways-1-18x10.png 18w\" sizes=\"(max-width: 788px) 100vw, 788px\" \/><\/figure>\n\n\n\n<h4 class=\"wp-block-heading\"><strong>&nbsp;Traseu<\/strong><strong><\/strong><\/h4>\n\n\n\n<p><br>&nbsp;L\u0103\u021bimea medie a fairway-ului este de aproximativ 41 de metri, l\u0103\u021bimea exact\u0103 variind \u00een func\u021bie de nivelul de provocare recrea\u021bional\u0103. \u00cen general, l\u0103\u021bimea fairway-urilor poate varia de la 32 de metri la 55 de metri. Traseele tipice se curbeaz\u0103 \u00een toate punctele din perimetru \u0219i sunt mai late \u00een zona de cobor\u00e2re. Pentru a ob\u021bine o iluminare vertical\u0103 adecvat\u0103, lua\u021bi \u00een considerare utilizarea proiectoarelor cu distribu\u021bie \u00eengust\u0103 de pe ambele p\u0103r\u021bi ca iluminare de urm\u0103rire. Valoarea de referin\u021b\u0103 pentru iluminarea vertical\u0103 este luat\u0103 dintr-un plan perpendicular pe linia median\u0103 a c\u0103ii de acces, la o \u00een\u0103l\u021bime de aproximativ 15 metri deasupra liniei centrale a c\u0103ii de acces \u0219i la o lungime egal\u0103 cu l\u0103\u021bimea total\u0103 a c\u0103ii de acces \u00een acel loc.<\/p>\n\n\n\n<p>&nbsp;Iluminarea vertical\u0103 a fairway-ului trebuie s\u0103 fie suficient\u0103 pentru a permite juc\u0103torului s\u0103 vad\u0103 traiectoria complet\u0103 a mingii p\u00e2n\u0103 c\u00e2nd aceasta atinge solul la viteze de p\u00e2n\u0103 la 100 de kilometri pe or\u0103. \u00cen acest scop, este necesar ca primul plan vertical s\u0103 se afle la nu mai pu\u021bin de 30 de metri de st\u00e2lpii de iluminat ai tee-ului. Este de preferat amplasarea acestor lumini \u00een col\u021burile fairway-ului sau \u00een zona de drop, ceea ce reduce num\u0103rul de corpuri de iluminat. \u00cen\u0103l\u021bimea minim\u0103 de montare pentru un corp de iluminat este de 11 metri de la baza acestuia. St\u00e2lpii de iluminat sunt, de obicei, amplasa\u021bi de-a lungul c\u0103ilor pentru c\u0103rucioare de golf sau pe teren \u00eenalt pentru a minimiza efectul terenului.<\/p>\n\n\n\n<figure class=\"wp-block-image aligncenter size-full\"><img decoding=\"async\" width=\"792\" height=\"426\" src=\"https:\/\/led.amasly.com\/wp-content\/uploads\/2025\/07\/Greens.png\" alt=\"\" class=\"wp-image-4175\" title=\"\" srcset=\"https:\/\/led.amasly.com\/wp-content\/uploads\/2025\/07\/Greens.png 792w, https:\/\/led.amasly.com\/wp-content\/uploads\/2025\/07\/Greens-300x161.png 300w, https:\/\/led.amasly.com\/wp-content\/uploads\/2025\/07\/Greens-768x413.png 768w, https:\/\/led.amasly.com\/wp-content\/uploads\/2025\/07\/Greens-18x10.png 18w\" sizes=\"(max-width: 792px) 100vw, 792px\" \/><\/figure>\n\n\n\n<h4 class=\"wp-block-heading\"><strong>&nbsp;<\/strong><\/h4>\n\n\n\n<h4 class=\"wp-block-heading\"><strong>&nbsp;Verde\u021buri<\/strong><strong><\/strong><\/h4>\n\n\n\n<p><br>&nbsp;Greens-urile au cerin\u021be foarte ridicate privind iluminarea orizontal\u0103, iar raportul dintre iluminarea orizontal\u0103 maxim\u0103 \u0219i iluminarea orizontal\u0103 minim\u0103 nu trebuie s\u0103 fie mai mare de 3:1. Pe un teren de golf, juc\u0103torii pot lovi mingea \u00een orice direc\u021bie c\u0103tre gaur\u0103, astfel \u00eenc\u00e2t iluminarea trebuie asigurat\u0103 din cel pu\u021bin dou\u0103 direc\u021bii pentru a minimiza umbrele. Zona de instalare este o zon\u0103 umbrit\u0103 la 40 de grade \u00een fa\u021ba zonei verzi. Distan\u021ba maxim\u0103 dintre corpurile de iluminat este de trei ori \u00een\u0103l\u021bimea st\u00e2lpului de iluminat.<\/p>\n\n\n\n<figure class=\"wp-block-image aligncenter size-full\"><img decoding=\"async\" width=\"795\" height=\"424\" src=\"https:\/\/led.amasly.com\/wp-content\/uploads\/2025\/07\/\u56fe\u72471.png\" alt=\"\" class=\"wp-image-4177\" title=\"\" srcset=\"https:\/\/led.amasly.com\/wp-content\/uploads\/2025\/07\/\u56fe\u72471.png 795w, https:\/\/led.amasly.com\/wp-content\/uploads\/2025\/07\/\u56fe\u72471-300x160.png 300w, https:\/\/led.amasly.com\/wp-content\/uploads\/2025\/07\/\u56fe\u72471-768x410.png 768w, https:\/\/led.amasly.com\/wp-content\/uploads\/2025\/07\/\u56fe\u72471-18x10.png 18w\" sizes=\"(max-width: 795px) 100vw, 795px\" \/><\/figure>\n\n\n\n<p><strong>&nbsp;Factori de luat \u00een considerare pentru proiectarea optim\u0103 a iluminatului pe un teren de golf<\/strong><strong><br><\/strong><strong><br><\/strong><strong>&nbsp;&nbsp;&nbsp;&nbsp;<\/strong><strong>&nbsp;Reducerea str\u0103lucirii: Exist\u0103 patru tipuri de str\u0103lucire care trebuie luate \u00een considerare: str\u0103lucirea direct\u0103, str\u0103lucirea reflectat\u0103, contrastul dintre lumin\u0103 \u0219i \u00eentuneric \u0219i str\u0103lucirea cauzat\u0103 de disconfortul vizual.<\/strong>&nbsp;\u00cen cazul fairway-urilor adiacente, este probabil s\u0103 apar\u0103 str\u0103lucirea direct\u0103. Str\u0103lucirea poate fi minimizat\u0103 prin cre\u0219terea \u00een\u0103l\u021bimii sursei de str\u0103lucire atunci c\u00e2nd juc\u0103torul de golf se afl\u0103 la o anumit\u0103 distan\u021b\u0103 de sursa de lumin\u0103. Experien\u021ba a ar\u0103tat c\u0103 str\u0103lucirea poate fi controlat\u0103 mai eficient atunci c\u00e2nd \u00een\u0103l\u021bimea sursei de lumin\u0103 dep\u0103\u0219e\u0219te 11 metri.<\/p>\n\n\n\n<p><strong>&nbsp;Alege\u021bi o surs\u0103 de lumin\u0103 cu temperatur\u0103 de culoare ridicat\u0103 \u0219i indice de redare a culorilor (CRI) ridicat.<\/strong>&nbsp;Utilizarea unei surse de lumin\u0103 cu o temperatur\u0103 a culorii de 5500K sau mai mare \u0219i un indice de redare a culorii mai mare de 90 poate reda culoarea original\u0103 a obiectelor, cum ar fi peluzele \u0219i mingile.<\/p>\n\n\n\n<p><strong>&nbsp;Selectarea polului: <\/strong>Tipurile comune de st\u00e2lpi includ st\u00e2lp fix, \u00eenclinat, cu ridicare pneumatic\u0103 \u0219i cu ridicare hidraulic\u0103. \u00cen plus fa\u021b\u0103 de considerentele bugetare, alege\u021bi un st\u00e2lp de iluminat care s\u0103 reduc\u0103 la minimum deteriorarea frumuse\u021bii naturale a terenului de golf.<\/p>\n\n\n\n<figure class=\"wp-block-image aligncenter size-full\"><img decoding=\"async\" width=\"1024\" height=\"610\" src=\"https:\/\/led.amasly.com\/wp-content\/uploads\/2025\/07\/golf-course-lighting-pole.png\" alt=\"\" class=\"wp-image-4178\" title=\"\" srcset=\"https:\/\/led.amasly.com\/wp-content\/uploads\/2025\/07\/golf-course-lighting-pole.png 1024w, https:\/\/led.amasly.com\/wp-content\/uploads\/2025\/07\/golf-course-lighting-pole-300x179.png 300w, https:\/\/led.amasly.com\/wp-content\/uploads\/2025\/07\/golf-course-lighting-pole-768x458.png 768w, https:\/\/led.amasly.com\/wp-content\/uploads\/2025\/07\/golf-course-lighting-pole-18x12.png 18w\" sizes=\"(max-width: 1024px) 100vw, 1024px\" \/><\/figure>\n\n\n\n<p class=\"has-text-align-left\">&nbsp;De\u0219i terenurile de golf sunt mai mari \u0219i mai complexe dec\u00e2t alte terenuri, \u00een\u021belegerea criteriilor v\u0103 poate ajuta s\u0103 face\u021bi primii pa\u0219i \u00een proiectarea iluminatului terenurilor de golf. Apoi, lu\u00e2nd \u00een considerare caracteristicile jocului de golf \u0219i diferitele terenuri, pute\u021bi proiecta iluminatul pentru tee (TEE), fairway (FAIRWAY), green (GREEN) \u0219i alte zone.<\/p>\n\n\n\n<p class=\"has-text-align-left\">Standard: <a href=\"http:\/\/www.iec.com\" rel=\"nofollow noopener\" target=\"_blank\">IEC60598<\/a><\/p>\n\n\n\n<div class=\"wp-block-uagb-container uagb-block-c7d898dd alignfull uagb-is-root-container\"><div class=\"uagb-container-inner-blocks-wrap\"><\/div><\/div>\n\n\n\n<h2 class=\"wp-block-heading\">Produse conexe<\/h2>\n\n\n\n<div class=\"wp-block-uagb-container uagb-block-66e4defc alignfull uagb-is-root-container\"><div class=\"uagb-container-inner-blocks-wrap\">\n<div class=\"wp-block-uagb-container uagb-block-a42945f9\">\n<div class=\"wp-block-uagb-image uagb-block-7296296b wp-block-uagb-image--layout-default wp-block-uagb-image--effect-static wp-block-uagb-image--align-none\"><figure class=\"wp-block-uagb-image__figure\"><a class=\"\" href=\"https:\/\/led.amasly.com\/ro\/products\/\" target=\"\" rel=\"noopener\"><img decoding=\"async\" srcset=\"https:\/\/led.amasly.com\/wp-content\/uploads\/2024\/09\/Explosion-proof-high-bay-lights.png ,https:\/\/led.amasly.com\/wp-content\/uploads\/2024\/09\/Explosion-proof-high-bay-lights.png 780w, https:\/\/led.amasly.com\/wp-content\/uploads\/2024\/09\/Explosion-proof-high-bay-lights.png 360w\" sizes=\"auto, (max-width: 480px) 150px\" src=\"https:\/\/led.amasly.com\/wp-content\/uploads\/2024\/09\/Explosion-proof-high-bay-lights.png\" alt=\"\" class=\"uag-image-1495\" width=\"300\" height=\"300\" title=\"Lumini de \u00eenalt\u0103 rezisten\u021b\u0103 la explozie\" loading=\"lazy\" role=\"img\"><\/a><\/figure><\/div>\n<\/div>\n\n\n\n<div class=\"wp-block-uagb-container uagb-block-4d3efde5\">\n<div class=\"wp-block-uagb-image uagb-block-c9e90797 wp-block-uagb-image--layout-default wp-block-uagb-image--effect-static wp-block-uagb-image--align-none\"><figure class=\"wp-block-uagb-image__figure\"><a class=\"\" href=\"https:\/\/led.amasly.com\/ro\/products\/\" target=\"\" rel=\"noopener\"><img decoding=\"async\" srcset=\"https:\/\/led.amasly.com\/wp-content\/uploads\/2024\/07\/LED-tri-proof-lights2.png ,https:\/\/led.amasly.com\/wp-content\/uploads\/2024\/07\/LED-tri-proof-lights2.png 780w, https:\/\/led.amasly.com\/wp-content\/uploads\/2024\/07\/LED-tri-proof-lights2.png 360w\" sizes=\"auto, (max-width: 480px) 150px\" src=\"https:\/\/led.amasly.com\/wp-content\/uploads\/2024\/07\/LED-tri-proof-lights2.png\" alt=\"\" class=\"uag-image-1132\" width=\"300\" height=\"300\" title=\"LED-tri-proof-lights2\" loading=\"lazy\" role=\"img\"><\/a><\/figure><\/div>\n<\/div>\n\n\n\n<div class=\"wp-block-uagb-container uagb-block-11c2578b\">\n<div class=\"wp-block-uagb-image uagb-block-6e8883aa wp-block-uagb-image--layout-default wp-block-uagb-image--effect-static wp-block-uagb-image--align-none\"><figure class=\"wp-block-uagb-image__figure\"><a class=\"\" href=\"https:\/\/led.amasly.com\/ro\/products\/\" target=\"\" rel=\"noopener\"><img decoding=\"async\" srcset=\"https:\/\/led.amasly.com\/wp-content\/uploads\/2024\/09\/LED-Explosion-Proof-Gas-Station-Light.png ,https:\/\/led.amasly.com\/wp-content\/uploads\/2024\/09\/LED-Explosion-Proof-Gas-Station-Light.png 780w, https:\/\/led.amasly.com\/wp-content\/uploads\/2024\/09\/LED-Explosion-Proof-Gas-Station-Light.png 360w\" sizes=\"auto, (max-width: 480px) 150px\" src=\"https:\/\/led.amasly.com\/wp-content\/uploads\/2024\/09\/LED-Explosion-Proof-Gas-Station-Light.png\" alt=\"\" class=\"uag-image-1501\" width=\"300\" height=\"300\" title=\"LED lumina sta\u021biei de benzin\u0103 cu dovada exploziei\" loading=\"lazy\" role=\"img\"><\/a><\/figure><\/div>\n<\/div>\n<\/div><\/div>\n\n\n\n<div class=\"wp-block-uagb-container uagb-block-548945b5 alignfull uagb-is-root-container\"><div class=\"uagb-container-inner-blocks-wrap\">\n<div class=\"wp-block-uagb-container uagb-block-967755d5\">\n<h4 class=\"wp-block-heading has-text-align-center\"><a href=\"https:\/\/led.amasly.com\/ro\/products\/\">Lumini LED antiexplozie<\/a><\/h4>\n<\/div>\n\n\n\n<div class=\"wp-block-uagb-container uagb-block-9bc52fc2\">\n<h4 class=\"wp-block-heading has-text-align-center\"><a href=\"https:\/\/led.amasly.com\/ro\/products\/\">Lumini LED Tri-Proof<\/a><\/h4>\n<\/div>\n\n\n\n<div class=\"wp-block-uagb-container uagb-block-8ffa0a23\">\n<h4 class=\"wp-block-heading has-text-align-center\"><a href=\"https:\/\/led.amasly.com\/ro\/products\/\">Lumini de sta\u021bie de benzin\u0103 antiexplozie<\/a><\/h4>\n<\/div>\n<\/div><\/div>\n\n\n\n<div class=\"wp-block-uagb-container uagb-block-29499fe0 alignfull uagb-is-root-container\"><div class=\"uagb-container-inner-blocks-wrap\">\n<div class=\"wp-block-uagb-container uagb-block-777ee1c7\">\n<div class=\"wp-block-uagb-image uagb-block-2e9a1851 wp-block-uagb-image--layout-default wp-block-uagb-image--effect-static wp-block-uagb-image--align-none\"><figure class=\"wp-block-uagb-image__figure\"><a class=\"\" href=\"https:\/\/led.amasly.com\/ro\/products\/\" target=\"\" rel=\"noopener\"><img decoding=\"async\" srcset=\"https:\/\/led.amasly.com\/wp-content\/uploads\/2024\/10\/50W-100W-150W-200W-300W-LED-Flood-Light.jpg ,https:\/\/led.amasly.com\/wp-content\/uploads\/2024\/10\/50W-100W-150W-200W-300W-LED-Flood-Light.jpg 780w, https:\/\/led.amasly.com\/wp-content\/uploads\/2024\/10\/50W-100W-150W-200W-300W-LED-Flood-Light.jpg 360w\" sizes=\"auto, (max-width: 480px) 150px\" src=\"https:\/\/led.amasly.com\/wp-content\/uploads\/2024\/10\/50W-100W-150W-200W-300W-LED-Flood-Light.jpg\" alt=\"\" class=\"uag-image-1526\" width=\"300\" height=\"300\" title=\"50W 100W 150W 200W 300W LED lumin\u0103 de inunda\u021bie\" loading=\"lazy\" role=\"img\"><\/a><\/figure><\/div>\n<\/div>\n\n\n\n<div class=\"wp-block-uagb-container uagb-block-af8c8683\">\n<div class=\"wp-block-uagb-image uagb-block-67947854 wp-block-uagb-image--layout-default wp-block-uagb-image--effect-static wp-block-uagb-image--align-none\"><figure class=\"wp-block-uagb-image__figure\"><a class=\"\" href=\"https:\/\/led.amasly.com\/ro\/products\/\" target=\"\" rel=\"noopener\"><img decoding=\"async\" srcset=\"https:\/\/led.amasly.com\/wp-content\/uploads\/2024\/07\/led-tri-proof-light.png ,https:\/\/led.amasly.com\/wp-content\/uploads\/2024\/07\/led-tri-proof-light.png 780w, https:\/\/led.amasly.com\/wp-content\/uploads\/2024\/07\/led-tri-proof-light.png 360w\" sizes=\"auto, (max-width: 480px) 150px\" src=\"https:\/\/led.amasly.com\/wp-content\/uploads\/2024\/07\/led-tri-proof-light.png\" alt=\"\" class=\"uag-image-1130\" width=\"300\" height=\"300\" title=\"led-tri-proof-light\" loading=\"lazy\" role=\"img\"><\/a><\/figure><\/div>\n<\/div>\n\n\n\n<div class=\"wp-block-uagb-container uagb-block-0fdfdd58\">\n<div class=\"wp-block-uagb-image uagb-block-1187d32d wp-block-uagb-image--layout-default wp-block-uagb-image--effect-static wp-block-uagb-image--align-none\"><figure class=\"wp-block-uagb-image__figure\"><a class=\"\" href=\"https:\/\/led.amasly.com\/ro\/products\/\" target=\"\" rel=\"noopener\"><img decoding=\"async\" srcset=\"https:\/\/led.amasly.com\/wp-content\/uploads\/2024\/07\/LED-street-light.jpg ,https:\/\/led.amasly.com\/wp-content\/uploads\/2024\/07\/LED-street-light.jpg 780w, https:\/\/led.amasly.com\/wp-content\/uploads\/2024\/07\/LED-street-light.jpg 360w\" sizes=\"auto, (max-width: 480px) 150px\" src=\"https:\/\/led.amasly.com\/wp-content\/uploads\/2024\/07\/LED-street-light.jpg\" alt=\"\" class=\"uag-image-1145\" width=\"300\" height=\"300\" title=\"LED-street-light\" loading=\"lazy\" role=\"img\"><\/a><\/figure><\/div>\n<\/div>\n<\/div><\/div>\n\n\n\n<div class=\"wp-block-uagb-container uagb-block-6a60882c alignfull uagb-is-root-container\"><div class=\"uagb-container-inner-blocks-wrap\">\n<div class=\"wp-block-uagb-container uagb-block-f1e91a35\">\n<h4 class=\"wp-block-heading has-text-align-center\"><a href=\"https:\/\/led.amasly.com\/ro\/products\/\">Lumini de inunda\u021bie cu LED<\/a><\/h4>\n<\/div>\n\n\n\n<div class=\"wp-block-uagb-container uagb-block-165bfa58\">\n<h4 class=\"wp-block-heading has-text-align-center\"><a href=\"https:\/\/led.amasly.com\/ro\/products\/\">Lumini LED Tri-Proof Tube<\/a><\/h4>\n<\/div>\n\n\n\n<div class=\"wp-block-uagb-container uagb-block-f6096e3b\">\n<h4 class=\"wp-block-heading has-text-align-center\"><a href=\"https:\/\/led.amasly.com\/ro\/products\/\">Lumini stradale cu LED<\/a><\/h4>\n<\/div>\n<\/div><\/div>\n\n\n\n<div class=\"wp-block-uagb-container uagb-block-99c0e0a5 alignfull uagb-is-root-container\"><div class=\"uagb-container-inner-blocks-wrap\"><\/div><\/div>\n\n\n\n<p><\/p>","protected":false},"excerpt":{"rendered":"<p>Learn how to achieve optimal design for golf course lighting &nbsp;Golf courses are larger than other sports venues, with many fairways and varied terrain, making lighting design on golf courses more complex. However, lighting is key to ensuring that players have a great nighttime playing experience. Therefore, you should definitely read this article to learn [&hellip;]<\/p>\n","protected":false},"author":1,"featured_media":0,"parent":4122,"menu_order":0,"comment_status":"closed","ping_status":"closed","template":"","meta":{"_uag_custom_page_level_css":"","site-sidebar-layout":"no-sidebar","site-content-layout":"","ast-site-content-layout":"default","site-content-style":"default","site-sidebar-style":"default","ast-global-header-display":"","ast-banner-title-visibility":"","ast-main-header-display":"","ast-hfb-above-header-display":"","ast-hfb-below-header-display":"","ast-hfb-mobile-header-display":"","site-post-title":"disabled","ast-breadcrumbs-content":"","ast-featured-img":"","footer-sml-layout":"","ast-disable-related-posts":"","theme-transparent-header-meta":"enabled","adv-header-id-meta":"","stick-header-meta":"","header-above-stick-meta":"","header-main-stick-meta":"","header-below-stick-meta":"","astra-migrate-meta-layouts":"set","ast-page-background-enabled":"default","ast-page-background-meta":{"desktop":{"background-color":"var(--ast-global-color-4)","background-image":"","background-repeat":"repeat","background-position":"center center","background-size":"auto","background-attachment":"scroll","background-type":"","background-media":"","overlay-type":"","overlay-color":"","overlay-opacity":"","overlay-gradient":""},"tablet":{"background-color":"","background-image":"","background-repeat":"repeat","background-position":"center center","background-size":"auto","background-attachment":"scroll","background-type":"","background-media":"","overlay-type":"","overlay-color":"","overlay-opacity":"","overlay-gradient":""},"mobile":{"background-color":"","background-image":"","background-repeat":"repeat","background-position":"center center","background-size":"auto","background-attachment":"scroll","background-type":"","background-media":"","overlay-type":"","overlay-color":"","overlay-opacity":"","overlay-gradient":""}},"ast-content-background-meta":{"desktop":{"background-color":"var(--ast-global-color-5)","background-image":"","background-repeat":"repeat","background-position":"center center","background-size":"auto","background-attachment":"scroll","background-type":"","background-media":"","overlay-type":"","overlay-color":"","overlay-opacity":"","overlay-gradient":""},"tablet":{"background-color":"var(--ast-global-color-5)","background-image":"","background-repeat":"repeat","background-position":"center center","background-size":"auto","background-attachment":"scroll","background-type":"","background-media":"","overlay-type":"","overlay-color":"","overlay-opacity":"","overlay-gradient":""},"mobile":{"background-color":"var(--ast-global-color-5)","background-image":"","background-repeat":"repeat","background-position":"center center","background-size":"auto","background-attachment":"scroll","background-type":"","background-media":"","overlay-type":"","overlay-color":"","overlay-opacity":"","overlay-gradient":""}},"footnotes":""},"class_list":["post-4171","page","type-page","status-publish","hentry"],"uagb_featured_image_src":{"full":false,"thumbnail":false,"medium":false,"medium_large":false,"large":false,"1536x1536":false,"2048x2048":false,"trp-custom-language-flag":false},"uagb_author_info":{"display_name":"Joe","author_link":"https:\/\/led.amasly.com\/ro\/author\/jacklin\/"},"uagb_comment_info":0,"uagb_excerpt":"Learn how to achieve optimal design for golf course lighting &nbsp;Golf courses are larger than other sports venues, with many fairways and varied terrain, making lighting design on golf courses more complex. However, lighting is key to ensuring that players have a great nighttime playing experience. Therefore, you should definitely read this article to learn&hellip;","_links":{"self":[{"href":"https:\/\/led.amasly.com\/ro\/wp-json\/wp\/v2\/pages\/4171","targetHints":{"allow":["GET"]}}],"collection":[{"href":"https:\/\/led.amasly.com\/ro\/wp-json\/wp\/v2\/pages"}],"about":[{"href":"https:\/\/led.amasly.com\/ro\/wp-json\/wp\/v2\/types\/page"}],"author":[{"embeddable":true,"href":"https:\/\/led.amasly.com\/ro\/wp-json\/wp\/v2\/users\/1"}],"replies":[{"embeddable":true,"href":"https:\/\/led.amasly.com\/ro\/wp-json\/wp\/v2\/comments?post=4171"}],"version-history":[{"count":3,"href":"https:\/\/led.amasly.com\/ro\/wp-json\/wp\/v2\/pages\/4171\/revisions"}],"predecessor-version":[{"id":4713,"href":"https:\/\/led.amasly.com\/ro\/wp-json\/wp\/v2\/pages\/4171\/revisions\/4713"}],"up":[{"embeddable":true,"href":"https:\/\/led.amasly.com\/ro\/wp-json\/wp\/v2\/pages\/4122"}],"wp:attachment":[{"href":"https:\/\/led.amasly.com\/ro\/wp-json\/wp\/v2\/media?parent=4171"}],"curies":[{"name":"wp","href":"https:\/\/api.w.org\/{rel}","templated":true}]}}